{"id":24418,"date":"2024-12-09T14:00:49","date_gmt":"2024-12-09T11:00:49","guid":{"rendered":"https:\/\/estherian.com\/?page_id=24418"},"modified":"2024-12-17T09:32:26","modified_gmt":"2024-12-17T09:32:26","slug":"revision-brustvergroesserung","status":"publish","type":"page","link":"https:\/\/estherian.com\/de\/revision-brustvergroesserung\/","title":{"rendered":"Revision Brustvergr\u00f6\u00dferung"},"content":{"rendered":"\n<p>Eine Brustvergr\u00f6\u00dferung ist ein ver\u00e4ndernder Eingriff, aber manchmal entspricht das urspr\u00fcngliche Ergebnis nicht den Erwartungen oder es k\u00f6nnen Komplikationen auftreten. Ob aufgrund pers\u00f6nlicher Vorlieben oder unvorhergesehener Probleme, eine Revisions-Brustvergr\u00f6\u00dferung kann Ihnen helfen, das gew\u00fcnschte Ergebnis zu erzielen. In der T\u00fcrkei hat sich die Estherian Klinik als vertrauensw\u00fcrdige Anlaufstelle f\u00fcr diesen speziellen Eingriff etabliert, die Fachwissen, fortschrittliche Techniken und Erschwinglichkeit miteinander verbindet.<\/p>\n\n\n\n<h2 class=\"wp-block-heading\"><strong>Was ist eine Revisions-Brustvergr\u00f6\u00dferung?<\/strong><\/h2>\n\n\n\n<p>Eine Revisions-Brustvergr\u00f6\u00dferung ist ein chirurgischer Eingriff, der durchgef\u00fchrt wird, um die Ergebnisse einer fr\u00fcheren Brustoperation zu verbessern oder zu korrigieren. H\u00e4ufige Gr\u00fcnde f\u00fcr eine Revision sind:<\/p>\n\n\n\n<ul class=\"wp-block-list\">\n<li>Implantat-Probleme: Ruptur, Deflation oder Rippling von Implantaten.<\/li>\n\n\n\n<li>\u00c4sthetische Bedenken: Unzufriedenheit mit Gr\u00f6\u00dfe, Form oder Symmetrie.<\/li>\n\n\n\n<li>Kapselkontraktur: Verh\u00e4rtung des Narbengewebes um das Implantat.<\/li>\n\n\n\n<li>Implantatverschiebungen: Verschiebung oder Fehlstellung der Implantate.<\/li>\n\n\n\n<li>Alterungseffekte: Nat\u00fcrliche Ver\u00e4nderungen der Br\u00fcste im Laufe der Zeit.<\/li>\n<\/ul>\n\n\n\n<h2 class=\"wp-block-heading\"><strong>Warum die T\u00fcrkei f\u00fcr eine revidierte Brustvergr\u00f6\u00dferung w\u00e4hlen?<\/strong><\/h2>\n\n\n\n<p>Die T\u00fcrkei hat sich zu einem f\u00fchrenden Zentrum f\u00fcr Medizintourismus entwickelt und bietet Gesundheitsdienstleistungen von Weltklasse zu einem Bruchteil der Kosten im Vergleich zu vielen westlichen L\u00e4ndern. Hier erfahren Sie, warum Tausende von Patienten die T\u00fcrkei f\u00fcr eine Brustrevision w\u00e4hlen:<\/p>\n\n\n\n<ol class=\"wp-block-list\">\n<li><strong>Erschwingliche Preise:<\/strong> Die Kosten f\u00fcr eine Brustvergr\u00f6\u00dferung in der T\u00fcrkei sind deutlich niedriger als in den USA, Gro\u00dfbritannien oder Europa, ohne dass die Qualit\u00e4t darunter leidet.<\/li>\n\n\n\n<li><strong>Hochqualifizierte Chirurgen<\/strong>: Die t\u00fcrkischen Chirurgen sind weltweit f\u00fcr ihr Fachwissen und ihre Erfahrung in der \u00e4sthetischen Chirurgie anerkannt.<\/li>\n\n\n\n<li><strong>Hochmoderne Einrichtungen<\/strong>: Kliniken wie die Estherian Clinic sind mit der neuesten Technologie ausgestattet, um sichere und erfolgreiche Eingriffe zu gew\u00e4hrleisten.<\/li>\n\n\n\n<li><strong>All-inclusive-Pakete<\/strong>: Viele Kliniken bieten Pauschalangebote an, die den Eingriff, die Unterbringung, den Transport und die Nachsorge beinhalten, so dass die Behandlung f\u00fcr internationale Patienten problemlos abl\u00e4uft.<\/li>\n<\/ol>\n\n\n\n<h2 class=\"wp-block-heading\"><strong>Warum die Estherian Klinik Ihre beste Wahl ist<\/strong><\/h2>\n\n\n\n<p>In der Estherian Clinic verstehen wir die emotionalen und physischen Auswirkungen einer Brustvergr\u00f6\u00dferung. Unser Ziel ist es, eine individuelle, auf Ihre Bed\u00fcrfnisse zugeschnittene L\u00f6sung zu finden. Das ist es, was uns auszeichnet:<\/p>\n\n\n\n<ol class=\"wp-block-list\">\n<li><strong>Erfahrene Chirurgen:<\/strong> Unsere zertifizierten Chirurgen sind auf Revisionseingriffe spezialisiert und arbeiten sorgf\u00e4ltig, um nat\u00fcrliche, ausgewogene Ergebnisse zu erzielen.<\/li>\n\n\n\n<li><strong>Umfassende Beratung:<\/strong> Wir f\u00fchren ausf\u00fchrliche Beratungsgespr\u00e4che, um Ihre Anliegen zu verstehen und einen individuellen Operationsplan zu erstellen.<\/li>\n\n\n\n<li><strong>Fortschrittliche Techniken:<\/strong> Vom Implantatersatz bis zur Fetttransplantation setzen wir modernste Techniken ein, um ein optimales Ergebnis zu erzielen.<\/li>\n\n\n\n<li><strong>Patientenzentrierte Behandlung: <\/strong>Von dem Moment an, in dem Sie in Istanbul ankommen, sorgt unser engagiertes Team f\u00fcr einen reibungslosen und stressfreien Ablauf, einschlie\u00dflich privater Transfers, luxuri\u00f6ser Unterbringung und 24\/7-Support.<\/li>\n<\/ol>\n\n\n\n<h2 class=\"wp-block-heading\"><strong>Der Prozess der revidierten Brustvergr\u00f6\u00dferung<\/strong><\/h2>\n\n\n\n<ul class=\"wp-block-list\">\n<li><strong>Konsultation: <\/strong>Unsere Chirurgen beurteilen Ihre aktuellen Implantate, Ihr Brustgewebe und Ihren allgemeinen Gesundheitszustand, um die beste Vorgehensweise zu bestimmen.<\/li>\n\n\n\n<li><strong>Chirurgischer Plan: <\/strong>Je nach Ihren Bed\u00fcrfnissen kann der Eingriff den Austausch, die Anpassung oder die Entfernung von Implantaten sowie Korrekturtechniken zur Verbesserung der \u00c4sthetik umfassen.<\/li>\n\n\n\n<li><strong>Operationstag:<\/strong> Der Eingriff wird unter Vollnarkose durchgef\u00fchrt und dauert in der Regel 2-4 Stunden.<\/li>\n\n\n\n<li><strong>Erholung und Nachsorge:<\/strong> Nach dem Eingriff erhalten Sie ausf\u00fchrliche Anweisungen zur Pflege und zu Nachuntersuchungen, um eine gute Heilung zu gew\u00e4hrleisten.<\/li>\n<\/ul>\n\n\n\n<h2 class=\"wp-block-heading\"><strong>Vorteile einer revidierten Brustvergr\u00f6\u00dferung<\/strong><\/h2>\n\n\n\n<ul class=\"wp-block-list\">\n<li>Verbessertes Aussehen und Symmetrie der Brust<\/li>\n\n\n\n<li>Behebung von Komplikationen wie Kapselkontrakturen<\/li>\n\n\n\n<li>Gesteigertes Selbstvertrauen und Zufriedenheit mit Ihrem K\u00f6rper<\/li>\n\n\n\n<li>Lang anhaltende, nat\u00fcrlich aussehende Ergebnisse<\/li>\n<\/ul>\n\n\n\n<h2 class=\"wp-block-heading\"><strong>Patient Testimonials<\/strong><\/h2>\n\n\n\n<p>Viele Patientinnen, die sich f\u00fcr eine Brustvergr\u00f6\u00dferung in der Estherian Clinic entschieden haben, berichten begeistert von ihren Erfahrungen. Eine Patientin berichtete k\u00fcrzlich:<\/p>\n\n\n\n<p>&#8222;Ich war nerv\u00f6s wegen der Revisionschirurgie, aber die Estherian Clinic hat meine Erwartungen \u00fcbertroffen. Von der Beratung \u00fcber die Operation bis hin zur Nachsorge war alles nahtlos. Ich f\u00fchle mich endlich wieder selbstbewusst in meinem K\u00f6rper!&#8220;<\/p>\n\n\n\n<h2 class=\"wp-block-heading\"><strong>Beginnen Sie Ihre Reise mit Estherian Clinic<\/strong><\/h2>\n\n\n\n<p>Wenn Sie eine Brustvergr\u00f6\u00dferung in der T\u00fcrkei in Erw\u00e4gung ziehen, ist die Estherian Klinik hier, um Ihnen zu helfen, die Ergebnisse zu erzielen, die Sie sich immer gew\u00fcnscht haben. Mit unserem Expertenteam, unseren modernen Einrichtungen und unserem patientenorientierten Ansatz sind wir bestrebt, Ihnen eine transformative Erfahrung zu bieten.<\/p>\n\n\n\n<p>Setzen Sie sich noch heute mit uns in Verbindung, um einen kostenlosen Beratungstermin zu vereinbaren und den ersten Schritt zur Wiederentdeckung Ihres Selbstbewusstseins zu machen.<\/p>\n\n\n\n<p><\/p>\n","protected":false},"excerpt":{"rendered":"<p>Eine Brustvergr\u00f6\u00dferung ist ein ver\u00e4ndernder Eingriff, aber manchmal entspricht das urspr\u00fcngliche Ergebnis nicht den Erwartungen oder es k\u00f6nnen Komplikationen auftreten. Ob aufgrund pers\u00f6nlicher Vorlieben oder unvorhergesehener Probleme, eine Revisions-Brustvergr\u00f6\u00dferung kann Ihnen helfen, das gew\u00fcnschte Ergebnis zu erzielen. In der T\u00fcrkei hat sich die Estherian Klinik als vertrauensw\u00fcrdige Anlaufstelle f\u00fcr diesen speziellen Eingriff etabliert, die Fachwissen,&hellip;<\/p>\n","protected":false},"author":1,"featured_media":24413,"parent":0,"menu_order":0,"comment_status":"closed","ping_status":"closed","template":"","meta":{"footnotes":""},"class_list":["post-24418","page","type-page","status-publish","has-post-thumbnail","hentry","description-off"],"yoast_head":"<!-- This site is optimized with the Yoast SEO Premium plugin v27.3 (Yoast SEO v27.3) - https:\/\/yoast.com\/product\/yoast-seo-premium-wordpress\/ -->\n<title>Revision Brustvergr\u00f6\u00dferung | Estherian Clinic<\/title>\n<meta name=\"robots\" content=\"index, follow, max-snippet:-1, max-image-preview:large, max-video-preview:-1\" \/>\n<link rel=\"canonical\" href=\"https:\/\/estherian.com\/de\/revision-brustvergroesserung\/\" \/>\n<meta property=\"og:locale\" content=\"de_DE\" \/>\n<meta property=\"og:type\" content=\"article\" \/>\n<meta property=\"og:title\" content=\"Revision Brustvergr\u00f6\u00dferung\" \/>\n<meta property=\"og:description\" content=\"Looks better with Estherian Clinic. Plastic Surgery, Dental treatments and more beautiful services!\" \/>\n<meta property=\"og:url\" content=\"https:\/\/estherian.com\/de\/revision-brustvergroesserung\/\" \/>\n<meta property=\"og:site_name\" content=\"Estherian Clinic\" \/>\n<meta property=\"article:publisher\" content=\"https:\/\/www.facebook.com\/estherianclinic.en\" \/>\n<meta property=\"article:modified_time\" content=\"2024-12-17T09:32:26+00:00\" \/>\n<meta property=\"og:image\" content=\"https:\/\/estherian.com\/wp-content\/uploads\/revision_breast_augmentation_1920x1080.jpg\" \/>\n\t<meta property=\"og:image:width\" content=\"1920\" \/>\n\t<meta property=\"og:image:height\" content=\"1080\" \/>\n\t<meta property=\"og:image:type\" content=\"image\/jpeg\" \/>\n<meta name=\"twitter:card\" content=\"summary_large_image\" \/>\n<meta name=\"twitter:site\" content=\"@EstherianTr\" \/>\n<meta name=\"twitter:label1\" content=\"Gesch\u00e4tzte Lesezeit\" \/>\n\t<meta name=\"twitter:data1\" content=\"3\u00a0Minuten\" \/>\n<script type=\"application\/ld+json\" class=\"yoast-schema-graph\">{\"@context\":\"https:\\\/\\\/schema.org\",\"@graph\":[{\"@type\":\"Article\",\"@id\":\"https:\\\/\\\/estherian.com\\\/de\\\/revision-brustvergroesserung\\\/#article\",\"isPartOf\":{\"@id\":\"https:\\\/\\\/estherian.com\\\/de\\\/revision-brustvergroesserung\\\/\"},\"author\":{\"name\":\"ferhatk\",\"@id\":\"https:\\\/\\\/estherian.com\\\/de\\\/#\\\/schema\\\/person\\\/0b1452799c3700afbfcfd3a0f5e64732\"},\"headline\":\"Revision Brustvergr\u00f6\u00dferung\",\"datePublished\":\"2024-12-09T11:00:49+00:00\",\"dateModified\":\"2024-12-17T09:32:26+00:00\",\"mainEntityOfPage\":{\"@id\":\"https:\\\/\\\/estherian.com\\\/de\\\/revision-brustvergroesserung\\\/\"},\"wordCount\":714,\"publisher\":{\"@id\":\"https:\\\/\\\/estherian.com\\\/de\\\/#organization\"},\"image\":{\"@id\":\"https:\\\/\\\/estherian.com\\\/de\\\/revision-brustvergroesserung\\\/#primaryimage\"},\"thumbnailUrl\":\"https:\\\/\\\/estherian.com\\\/wp-content\\\/uploads\\\/revision_breast_augmentation_1920x1080.jpg\",\"inLanguage\":\"de\"},{\"@type\":\"WebPage\",\"@id\":\"https:\\\/\\\/estherian.com\\\/de\\\/revision-brustvergroesserung\\\/\",\"url\":\"https:\\\/\\\/estherian.com\\\/de\\\/revision-brustvergroesserung\\\/\",\"name\":\"Revision Brustvergr\u00f6\u00dferung | Estherian Clinic\",\"isPartOf\":{\"@id\":\"https:\\\/\\\/estherian.com\\\/de\\\/#website\"},\"primaryImageOfPage\":{\"@id\":\"https:\\\/\\\/estherian.com\\\/de\\\/revision-brustvergroesserung\\\/#primaryimage\"},\"image\":{\"@id\":\"https:\\\/\\\/estherian.com\\\/de\\\/revision-brustvergroesserung\\\/#primaryimage\"},\"thumbnailUrl\":\"https:\\\/\\\/estherian.com\\\/wp-content\\\/uploads\\\/revision_breast_augmentation_1920x1080.jpg\",\"datePublished\":\"2024-12-09T11:00:49+00:00\",\"dateModified\":\"2024-12-17T09:32:26+00:00\",\"breadcrumb\":{\"@id\":\"https:\\\/\\\/estherian.com\\\/de\\\/revision-brustvergroesserung\\\/#breadcrumb\"},\"inLanguage\":\"de\",\"potentialAction\":[{\"@type\":\"ReadAction\",\"target\":[\"https:\\\/\\\/estherian.com\\\/de\\\/revision-brustvergroesserung\\\/\"]}]},{\"@type\":\"ImageObject\",\"inLanguage\":\"de\",\"@id\":\"https:\\\/\\\/estherian.com\\\/de\\\/revision-brustvergroesserung\\\/#primaryimage\",\"url\":\"https:\\\/\\\/estherian.com\\\/wp-content\\\/uploads\\\/revision_breast_augmentation_1920x1080.jpg\",\"contentUrl\":\"https:\\\/\\\/estherian.com\\\/wp-content\\\/uploads\\\/revision_breast_augmentation_1920x1080.jpg\",\"width\":1920,\"height\":1080},{\"@type\":\"BreadcrumbList\",\"@id\":\"https:\\\/\\\/estherian.com\\\/de\\\/revision-brustvergroesserung\\\/#breadcrumb\",\"itemListElement\":[{\"@type\":\"ListItem\",\"position\":1,\"name\":\"Home\",\"item\":\"https:\\\/\\\/estherian.com\\\/de\\\/\"},{\"@type\":\"ListItem\",\"position\":2,\"name\":\"Revision Brustvergr\u00f6\u00dferung\"}]},{\"@type\":\"WebSite\",\"@id\":\"https:\\\/\\\/estherian.com\\\/de\\\/#website\",\"url\":\"https:\\\/\\\/estherian.com\\\/de\\\/\",\"name\":\"Estherian Clinic\",\"description\":\"Plastic Surgery | Dental | Hair Transplant in Turkey\",\"publisher\":{\"@id\":\"https:\\\/\\\/estherian.com\\\/de\\\/#organization\"},\"potentialAction\":[{\"@type\":\"SearchAction\",\"target\":{\"@type\":\"EntryPoint\",\"urlTemplate\":\"https:\\\/\\\/estherian.com\\\/de\\\/?s={search_term_string}\"},\"query-input\":{\"@type\":\"PropertyValueSpecification\",\"valueRequired\":true,\"valueName\":\"search_term_string\"}}],\"inLanguage\":\"de\"},{\"@type\":\"Organization\",\"@id\":\"https:\\\/\\\/estherian.com\\\/de\\\/#organization\",\"name\":\"Estherian Clinic\",\"alternateName\":\"Estherian\",\"url\":\"https:\\\/\\\/estherian.com\\\/de\\\/\",\"logo\":{\"@type\":\"ImageObject\",\"inLanguage\":\"de\",\"@id\":\"https:\\\/\\\/estherian.com\\\/de\\\/#\\\/schema\\\/logo\\\/image\\\/\",\"url\":\"https:\\\/\\\/estherian.com\\\/wp-content\\\/uploads\\\/2024\\\/10\\\/EstherianLogo.png\",\"contentUrl\":\"https:\\\/\\\/estherian.com\\\/wp-content\\\/uploads\\\/2024\\\/10\\\/EstherianLogo.png\",\"width\":882,\"height\":934,\"caption\":\"Estherian Clinic\"},\"image\":{\"@id\":\"https:\\\/\\\/estherian.com\\\/de\\\/#\\\/schema\\\/logo\\\/image\\\/\"},\"sameAs\":[\"https:\\\/\\\/www.facebook.com\\\/estherianclinic.en\",\"https:\\\/\\\/x.com\\\/EstherianTr\",\"https:\\\/\\\/www.instagram.com\\\/estherianclinic\\\/\",\"https:\\\/\\\/www.tiktok.com\\\/@estherian.clinic\",\"https:\\\/\\\/www.youtube.com\\\/estherianclinic\"],\"email\":\"hi@estherian.com\",\"telephone\":\"+90-544-169-9000\",\"legalName\":\"ESTHERIAN CLINIC SA\u011eLIK H\u0130ZMETLER\u0130 SAN. T\u0130C. LTD. \u015eT\u0130.\",\"foundingDate\":\"2020-03-09\",\"vatID\":\"TR1601485625\",\"taxID\":\"1601485625\",\"numberOfEmployees\":{\"@type\":\"QuantitativeValue\",\"minValue\":\"51\",\"maxValue\":\"200\"},\"publishingPrinciples\":\"https:\\\/\\\/estherian.com\\\/tr\\\/sartlar-ve-kosullar\\\/\",\"actionableFeedbackPolicy\":\"https:\\\/\\\/estherian.com\\\/tr\\\/gizlilik-politikasi\\\/\",\"correctionsPolicy\":\"https:\\\/\\\/estherian.com\\\/tr\\\/gizlilik-politikasi\\\/\",\"ethicsPolicy\":\"https:\\\/\\\/estherian.com\\\/tr\\\/gizlilik-politikasi\\\/\",\"diversityPolicy\":\"https:\\\/\\\/estherian.com\\\/tr\\\/gizlilik-politikasi\\\/\",\"diversityStaffingReport\":\"https:\\\/\\\/estherian.com\\\/tr\\\/gizlilik-politikasi\\\/\"},{\"@type\":\"Person\",\"@id\":\"https:\\\/\\\/estherian.com\\\/de\\\/#\\\/schema\\\/person\\\/0b1452799c3700afbfcfd3a0f5e64732\",\"name\":\"ferhatk\",\"image\":{\"@type\":\"ImageObject\",\"inLanguage\":\"de\",\"@id\":\"https:\\\/\\\/secure.gravatar.com\\\/avatar\\\/5192156a410fa37c70ea8d4f0d01782533c470a75971ae114e5cd116be51ca05?s=96&d=mm&r=g\",\"url\":\"https:\\\/\\\/secure.gravatar.com\\\/avatar\\\/5192156a410fa37c70ea8d4f0d01782533c470a75971ae114e5cd116be51ca05?s=96&d=mm&r=g\",\"contentUrl\":\"https:\\\/\\\/secure.gravatar.com\\\/avatar\\\/5192156a410fa37c70ea8d4f0d01782533c470a75971ae114e5cd116be51ca05?s=96&d=mm&r=g\",\"caption\":\"ferhatk\"},\"sameAs\":[\"https:\\\/\\\/v2.estherian.com\"]}]}<\/script>\n<!-- \/ Yoast SEO Premium plugin. -->","yoast_head_json":{"title":"Revision Brustvergr\u00f6\u00dferung | Estherian Clinic","robots":{"index":"index","follow":"follow","max-snippet":"max-snippet:-1","max-image-preview":"max-image-preview:large","max-video-preview":"max-video-preview:-1"},"canonical":"https:\/\/estherian.com\/de\/revision-brustvergroesserung\/","og_locale":"de_DE","og_type":"article","og_title":"Revision Brustvergr\u00f6\u00dferung","og_description":"Looks better with Estherian Clinic. Plastic Surgery, Dental treatments and more beautiful services!","og_url":"https:\/\/estherian.com\/de\/revision-brustvergroesserung\/","og_site_name":"Estherian Clinic","article_publisher":"https:\/\/www.facebook.com\/estherianclinic.en","article_modified_time":"2024-12-17T09:32:26+00:00","og_image":[{"width":1920,"height":1080,"url":"https:\/\/estherian.com\/wp-content\/uploads\/revision_breast_augmentation_1920x1080.jpg","type":"image\/jpeg"}],"twitter_card":"summary_large_image","twitter_site":"@EstherianTr","twitter_misc":{"Gesch\u00e4tzte Lesezeit":"3\u00a0Minuten"},"schema":{"@context":"https:\/\/schema.org","@graph":[{"@type":"Article","@id":"https:\/\/estherian.com\/de\/revision-brustvergroesserung\/#article","isPartOf":{"@id":"https:\/\/estherian.com\/de\/revision-brustvergroesserung\/"},"author":{"name":"ferhatk","@id":"https:\/\/estherian.com\/de\/#\/schema\/person\/0b1452799c3700afbfcfd3a0f5e64732"},"headline":"Revision Brustvergr\u00f6\u00dferung","datePublished":"2024-12-09T11:00:49+00:00","dateModified":"2024-12-17T09:32:26+00:00","mainEntityOfPage":{"@id":"https:\/\/estherian.com\/de\/revision-brustvergroesserung\/"},"wordCount":714,"publisher":{"@id":"https:\/\/estherian.com\/de\/#organization"},"image":{"@id":"https:\/\/estherian.com\/de\/revision-brustvergroesserung\/#primaryimage"},"thumbnailUrl":"https:\/\/estherian.com\/wp-content\/uploads\/revision_breast_augmentation_1920x1080.jpg","inLanguage":"de"},{"@type":"WebPage","@id":"https:\/\/estherian.com\/de\/revision-brustvergroesserung\/","url":"https:\/\/estherian.com\/de\/revision-brustvergroesserung\/","name":"Revision Brustvergr\u00f6\u00dferung | Estherian Clinic","isPartOf":{"@id":"https:\/\/estherian.com\/de\/#website"},"primaryImageOfPage":{"@id":"https:\/\/estherian.com\/de\/revision-brustvergroesserung\/#primaryimage"},"image":{"@id":"https:\/\/estherian.com\/de\/revision-brustvergroesserung\/#primaryimage"},"thumbnailUrl":"https:\/\/estherian.com\/wp-content\/uploads\/revision_breast_augmentation_1920x1080.jpg","datePublished":"2024-12-09T11:00:49+00:00","dateModified":"2024-12-17T09:32:26+00:00","breadcrumb":{"@id":"https:\/\/estherian.com\/de\/revision-brustvergroesserung\/#breadcrumb"},"inLanguage":"de","potentialAction":[{"@type":"ReadAction","target":["https:\/\/estherian.com\/de\/revision-brustvergroesserung\/"]}]},{"@type":"ImageObject","inLanguage":"de","@id":"https:\/\/estherian.com\/de\/revision-brustvergroesserung\/#primaryimage","url":"https:\/\/estherian.com\/wp-content\/uploads\/revision_breast_augmentation_1920x1080.jpg","contentUrl":"https:\/\/estherian.com\/wp-content\/uploads\/revision_breast_augmentation_1920x1080.jpg","width":1920,"height":1080},{"@type":"BreadcrumbList","@id":"https:\/\/estherian.com\/de\/revision-brustvergroesserung\/#breadcrumb","itemListElement":[{"@type":"ListItem","position":1,"name":"Home","item":"https:\/\/estherian.com\/de\/"},{"@type":"ListItem","position":2,"name":"Revision Brustvergr\u00f6\u00dferung"}]},{"@type":"WebSite","@id":"https:\/\/estherian.com\/de\/#website","url":"https:\/\/estherian.com\/de\/","name":"Estherian Clinic","description":"Plastic Surgery | Dental | Hair Transplant in Turkey","publisher":{"@id":"https:\/\/estherian.com\/de\/#organization"},"potentialAction":[{"@type":"SearchAction","target":{"@type":"EntryPoint","urlTemplate":"https:\/\/estherian.com\/de\/?s={search_term_string}"},"query-input":{"@type":"PropertyValueSpecification","valueRequired":true,"valueName":"search_term_string"}}],"inLanguage":"de"},{"@type":"Organization","@id":"https:\/\/estherian.com\/de\/#organization","name":"Estherian Clinic","alternateName":"Estherian","url":"https:\/\/estherian.com\/de\/","logo":{"@type":"ImageObject","inLanguage":"de","@id":"https:\/\/estherian.com\/de\/#\/schema\/logo\/image\/","url":"https:\/\/estherian.com\/wp-content\/uploads\/2024\/10\/EstherianLogo.png","contentUrl":"https:\/\/estherian.com\/wp-content\/uploads\/2024\/10\/EstherianLogo.png","width":882,"height":934,"caption":"Estherian Clinic"},"image":{"@id":"https:\/\/estherian.com\/de\/#\/schema\/logo\/image\/"},"sameAs":["https:\/\/www.facebook.com\/estherianclinic.en","https:\/\/x.com\/EstherianTr","https:\/\/www.instagram.com\/estherianclinic\/","https:\/\/www.tiktok.com\/@estherian.clinic","https:\/\/www.youtube.com\/estherianclinic"],"email":"hi@estherian.com","telephone":"+90-544-169-9000","legalName":"ESTHERIAN CLINIC SA\u011eLIK H\u0130ZMETLER\u0130 SAN. T\u0130C. LTD. \u015eT\u0130.","foundingDate":"2020-03-09","vatID":"TR1601485625","taxID":"1601485625","numberOfEmployees":{"@type":"QuantitativeValue","minValue":"51","maxValue":"200"},"publishingPrinciples":"https:\/\/estherian.com\/tr\/sartlar-ve-kosullar\/","actionableFeedbackPolicy":"https:\/\/estherian.com\/tr\/gizlilik-politikasi\/","correctionsPolicy":"https:\/\/estherian.com\/tr\/gizlilik-politikasi\/","ethicsPolicy":"https:\/\/estherian.com\/tr\/gizlilik-politikasi\/","diversityPolicy":"https:\/\/estherian.com\/tr\/gizlilik-politikasi\/","diversityStaffingReport":"https:\/\/estherian.com\/tr\/gizlilik-politikasi\/"},{"@type":"Person","@id":"https:\/\/estherian.com\/de\/#\/schema\/person\/0b1452799c3700afbfcfd3a0f5e64732","name":"ferhatk","image":{"@type":"ImageObject","inLanguage":"de","@id":"https:\/\/secure.gravatar.com\/avatar\/5192156a410fa37c70ea8d4f0d01782533c470a75971ae114e5cd116be51ca05?s=96&d=mm&r=g","url":"https:\/\/secure.gravatar.com\/avatar\/5192156a410fa37c70ea8d4f0d01782533c470a75971ae114e5cd116be51ca05?s=96&d=mm&r=g","contentUrl":"https:\/\/secure.gravatar.com\/avatar\/5192156a410fa37c70ea8d4f0d01782533c470a75971ae114e5cd116be51ca05?s=96&d=mm&r=g","caption":"ferhatk"},"sameAs":["https:\/\/v2.estherian.com"]}]}},"_links":{"self":[{"href":"https:\/\/estherian.com\/de\/wp-json\/wp\/v2\/pages\/24418","targetHints":{"allow":["GET"]}}],"collection":[{"href":"https:\/\/estherian.com\/de\/wp-json\/wp\/v2\/pages"}],"about":[{"href":"https:\/\/estherian.com\/de\/wp-json\/wp\/v2\/types\/page"}],"author":[{"embeddable":true,"href":"https:\/\/estherian.com\/de\/wp-json\/wp\/v2\/users\/1"}],"replies":[{"embeddable":true,"href":"https:\/\/estherian.com\/de\/wp-json\/wp\/v2\/comments?post=24418"}],"version-history":[{"count":0,"href":"https:\/\/estherian.com\/de\/wp-json\/wp\/v2\/pages\/24418\/revisions"}],"wp:featuredmedia":[{"embeddable":true,"href":"https:\/\/estherian.com\/de\/wp-json\/wp\/v2\/media\/24413"}],"wp:attachment":[{"href":"https:\/\/estherian.com\/de\/wp-json\/wp\/v2\/media?parent=24418"}],"curies":[{"name":"wp","href":"https:\/\/api.w.org\/{rel}","templated":true}]}}