{"id":24420,"date":"2024-11-25T13:42:21","date_gmt":"2024-11-25T10:42:21","guid":{"rendered":"https:\/\/estherian.com\/?page_id=24420"},"modified":"2025-08-26T16:11:46","modified_gmt":"2025-08-26T13:11:46","slug":"arm-lift","status":"publish","type":"page","link":"https:\/\/estherian.com\/de\/arm-lift\/","title":{"rendered":"Oberarmstraffung"},"content":{"rendered":"\n<div class=\"wp-block-columns is-layout-flex wp-container-core-columns-is-layout-9d6595d7 wp-block-columns-is-layout-flex\">\n<div class=\"wp-block-column is-layout-flow wp-block-column-is-layout-flow\">\n<figure class=\"wp-block-image size-full\"><img decoding=\"async\" width=\"1000\" height=\"994\" src=\"https:\/\/estherian.com\/wp-content\/uploads\/arm.png\" alt=\"\" class=\"wp-image-23261\" srcset=\"https:\/\/estherian.com\/wp-content\/uploads\/arm.png 1000w, https:\/\/estherian.com\/wp-content\/uploads\/arm-386x384.png 386w, https:\/\/estherian.com\/wp-content\/uploads\/arm-768x763.png 768w\" sizes=\"(max-width: 1000px) 100vw, 1000px\" \/><\/figure>\n<\/div>\n\n\n\n<div class=\"wp-block-column is-layout-flow wp-block-column-is-layout-flow\">\n<h1 class=\"wp-block-heading\">Was ist eine Armlifting-Operation?<\/h1>\n\n\n\n<p>Die Armstraffung ist ein pr\u00e4ziser Eingriff, der bei beiden Geschlechtern, sowohl bei M\u00e4nnern als auch bei Frauen, durchgef\u00fchrt wird, um die schlaffe Haut an den Oberarmen zu straffen und anzuheben.<\/p>\n\n\n\n<p>Eine Armstraffung hat drei Ziele Wenn Sie \u00fcbersch\u00fcssige, h\u00e4ngende Haut haben, k\u00f6nnen wir diese entfernen Wenn Sie lokale Fettablagerungen haben, k\u00f6nnen wir diese entfernen.<\/p>\n\n\n\n<p>Wenn Sie eine j\u00fcngere Person sind oder eine Di\u00e4t gemacht und Sport getrieben haben, haben Sie etwas Gewicht verloren und haben diese zus\u00e4tzliche h\u00e4ngende Haut.<\/p>\n\n\n\n<p>Leider kann man die Haut am rechten Unterarm nicht einfach straffen, egal wie hart man trainiert. Es gibt zwei Hauptoptionen f\u00fcr ein Armlifting und zwei Optionen f\u00fcr die Einschnitte.<\/p>\n\n\n\n<p>Der eine wird von innen unter der Mitte des Arms gesetzt, der andere unter der R\u00fcckseite des Arms. Gemeinsam mit Ihrem Chirurgen entscheiden Sie, wie viel zus\u00e4tzliche Haut Sie haben, wie viel zus\u00e4tzliches Fett Sie haben und wie viel Straffung Sie wirklich brauchen.<\/p>\n<\/div>\n<\/div>\n\n\n\n<h2 class=\"wp-block-heading\">Was ist eine Armlifting-Operation?<\/h2>\n\n\n\n<p>Bei einer Armstraffung werden \u00fcbersch\u00fcssige Haut und Fett an der Innen- oder Au\u00dfenseite der Oberschenkel entfernt. Im Allgemeinen sind Alterung, massiver Gewichtsverlust und Schwierigkeiten bei der Passform von Kleidung aufgrund von schweren Oberschenkeln die h\u00e4ufigsten Gr\u00fcnde, warum Sie eine Oberschenkelstraffung in Betracht ziehen sollten.<\/p>\n\n\n\n<div class=\"wp-block-columns is-layout-flex wp-container-core-columns-is-layout-9d6595d7 wp-block-columns-is-layout-flex\">\n<div class=\"wp-block-column is-layout-flow wp-block-column-is-layout-flow\">\n<h2 class=\"wp-block-heading\">Armlifting-Verfahren:<\/h2>\n\n\n\n<h3 class=\"wp-block-heading\">Vor der Operation<\/h3>\n\n\n\n<p>Vor der Armstraffung f\u00fchrt der Chirurg die erforderlichen Tests durch und vergewissert sich, dass Sie f\u00fcr den Eingriff geeignet sind.<\/p>\n\n\n\n<p>Er wird mit Ihnen die verf\u00fcgbaren Optionen besprechen und Ihnen helfen, die f\u00fcr Sie beste Entscheidung zu treffen.<\/p>\n\n\n\n<p>Der Chirurg wird eine Blutuntersuchung anordnen und sich vergewissern, dass Sie bei guter Gesundheit sind, und Ihnen sagen, dass Sie keine Medikamente einnehmen d\u00fcrfen, die Aspirin und entz\u00fcndungshemmende Mittel enthalten. Geben Sie das Rauchen auf, wenn Sie Raucher sind<\/p>\n<\/div>\n\n\n\n<div class=\"wp-block-column is-layout-flow wp-block-column-is-layout-flow\">\n<figure class=\"wp-block-image size-full\"><img decoding=\"async\" width=\"391\" height=\"434\" src=\"https:\/\/estherian.com\/wp-content\/uploads\/armlift.png\" alt=\"\" class=\"wp-image-22040\" srcset=\"https:\/\/estherian.com\/wp-content\/uploads\/armlift.png 391w, https:\/\/estherian.com\/wp-content\/uploads\/armlift-348x386.png 348w\" sizes=\"(max-width: 391px) 100vw, 391px\" \/><\/figure>\n<\/div>\n<\/div>\n\n\n\n<div class=\"wp-block-columns is-layout-flex wp-container-core-columns-is-layout-9d6595d7 wp-block-columns-is-layout-flex\">\n<div class=\"wp-block-column is-layout-flow wp-block-column-is-layout-flow\">\n<h3 class=\"wp-block-heading\">Nach der Operation<\/h3>\n\n\n\n<p>Nach der Operation muss der Patient ein Kompressionskleidungsst\u00fcck tragen, um die Schwellung zu lindern. Au\u00dferdem f\u00fchrt der Chirurg einen vor\u00fcbergehenden Drainageschlauch in den Arm des Patienten ein, um das Blut und die Fl\u00fcssigkeit, die sich nach der Operation gebildet haben, abzuleiten.<\/p>\n\n\n\n<p>Schlie\u00dflich erh\u00e4lt der Patient Anweisungen, wie er die Wunde pflegen muss, um ein besseres Ergebnis zu erzielen.<\/p>\n<\/div>\n\n\n\n<div class=\"wp-block-column is-layout-flow wp-block-column-is-layout-flow\">\n<figure class=\"wp-block-image size-full\"><img decoding=\"async\" width=\"391\" height=\"434\" src=\"https:\/\/estherian.com\/wp-content\/uploads\/armlift-2.png\" alt=\"\" class=\"wp-image-22044\" title=\"arm-lift-surgery2-01\" srcset=\"https:\/\/estherian.com\/wp-content\/uploads\/armlift-2.png 391w, https:\/\/estherian.com\/wp-content\/uploads\/armlift-2-348x386.png 348w\" sizes=\"(max-width: 391px) 100vw, 391px\" \/><\/figure>\n<\/div>\n<\/div>\n\n\n\n<div class=\"wp-block-columns is-layout-flex wp-container-core-columns-is-layout-9d6595d7 wp-block-columns-is-layout-flex\">\n<div class=\"wp-block-column is-layout-flow wp-block-column-is-layout-flow\">\n<figure class=\"wp-block-image size-full\"><img decoding=\"async\" width=\"600\" height=\"617\" src=\"https:\/\/estherian.com\/wp-content\/uploads\/arm-lift-estherian-1.png\" alt=\"arm lift\" class=\"wp-image-23266\" title=\"arm-lift-estherian\" srcset=\"https:\/\/estherian.com\/wp-content\/uploads\/arm-lift-estherian-1.png 600w, https:\/\/estherian.com\/wp-content\/uploads\/arm-lift-estherian-1-375x386.png 375w\" sizes=\"(max-width: 600px) 100vw, 600px\" \/><\/figure>\n<\/div>\n\n\n\n<div class=\"wp-block-column is-layout-flow wp-block-column-is-layout-flow\">\n<h2 class=\"wp-block-heading\">Wer ist ein guter Kandidat f\u00fcr ein Armlifting?<\/h2>\n\n\n\n<ol class=\"wp-block-list\">\n<li>Erwachsene mit schlaffer Haut am Oberarm<\/li>\n\n\n\n<li>Sie haben keine gesundheitlichen Probleme<\/li>\n\n\n\n<li>Nichtraucher<\/li>\n\n\n\n<li>Haben Sie realistische Erwartungen<\/li>\n<\/ol>\n<\/div>\n<\/div>\n\n\n\n<div class=\"wp-block-columns is-layout-flex wp-container-core-columns-is-layout-9d6595d7 wp-block-columns-is-layout-flex\">\n<div class=\"wp-block-column is-layout-flow wp-block-column-is-layout-flow\">\n<h2 class=\"wp-block-heading\">Armstraffung Chirurgie Risiko<\/h2>\n\n\n\n<p>Wie bei jedem medizinischen Eingriff kann es auch nach einer Fettabsaugung zu Komplikationen kommen,<\/p>\n\n\n\n<ul class=\"wp-block-list\">\n<li>Risiken der An\u00e4sthesie<\/li>\n\n\n\n<li>Bluterg\u00fcsse<\/li>\n\n\n\n<li>Eine Ver\u00e4nderung des Hautgef\u00fchls kann bestehen bleiben<\/li>\n\n\n\n<li>Fl\u00fcssigkeitsansammlungen<\/li>\n\n\n\n<li>Schw\u00e4chung der Wundheilung<\/li>\n\n\n\n<li>schlaffe Haut<\/li>\n\n\n\n<li>Schwellungen<\/li>\n\n\n\n<li>asymmetrische Pigmentierung<\/li>\n\n\n\n<li>Komplikationen in den Blutgef\u00e4\u00dfen, Nerven, der Lunge und den Unterleibsorganen<\/li>\n\n\n\n<li>Blutgerinnsel<\/li>\n\n\n\n<li>Herz-Kreislauf- und Atemprobleme<\/li>\n<\/ul>\n\n\n\n<h2 class=\"wp-block-heading\">Arm Lift Chirurgie Preis<\/h2>\n\n\n\n<p>Die Preise f\u00fcr eine Armstraffung sind von Patient zu Patient unterschiedlich, da die angewandte Technik und die abzusaugenden Bereiche eine gro\u00dfe Rolle f\u00fcr den Preis spielen, und die Preise der Operation k\u00f6nnen variieren, wenn sie mit anderen Eingriffen kombiniert werden. Es ist nicht m\u00f6glich, einen klaren Preis zu nennen, bevor Sie nicht eine \u00e4rztliche Beratung erhalten haben. Sie k\u00f6nnen uns f\u00fcr eine kostenlose Beratung kontaktieren.<\/p>\n<\/div>\n<\/div>\n\n\n\n<h2 class=\"wp-block-heading\">H\u00e4ufig gestellte Fragen zur Armlifting-Operation<\/h2>\n\n\n\n<h3 class=\"wp-block-heading\">Wie lange dauert es, sich von einer Armstraffung zu erholen?<\/h3>\n\n\n\n<p>Die meisten Patienten k\u00f6nnen innerhalb von 1-2 Wochen nach der Operation wieder leichten T\u00e4tigkeiten nachgehen. Es ist jedoch wichtig, anstrengende Aktivit\u00e4ten f\u00fcr 4-6 Wochen zu vermeiden, um eine gute Heilung zu erm\u00f6glichen.<\/p>\n\n\n\n<h3 class=\"wp-block-heading\">Wie l\u00e4uft das Verfahren ab?<\/h3>\n\n\n\n<p>W\u00e4hrend der Armlifting-Operation:<\/p>\n\n\n\n<ol class=\"wp-block-list\">\n<li>\u00dcbersch\u00fcssiges Fett und Haut werden am Oberarm entfernt.<\/li>\n\n\n\n<li>Die Schnitte k\u00f6nnen entweder an der Innenseite oder an der R\u00fcckseite des Arms gesetzt werden, je nachdem, wie viel Haut und Fett entfernt werden soll.<\/li>\n\n\n\n<li>Die verbleibende Haut wird gestrafft und vern\u00e4ht, um eine glattere Armkontur zu schaffen.<\/li>\n<\/ol>\n\n\n\n<p><\/p>\n","protected":false},"excerpt":{"rendered":"<p>Was ist eine Armlifting-Operation? Die Armstraffung ist ein pr\u00e4ziser Eingriff, der bei beiden Geschlechtern, sowohl bei M\u00e4nnern als auch bei Frauen, durchgef\u00fchrt wird, um die schlaffe Haut an den Oberarmen zu straffen und anzuheben. Eine Armstraffung hat drei Ziele Wenn Sie \u00fcbersch\u00fcssige, h\u00e4ngende Haut haben, k\u00f6nnen wir diese entfernen Wenn Sie lokale Fettablagerungen haben, k\u00f6nnen&hellip;<\/p>\n","protected":false},"author":1,"featured_media":25264,"parent":0,"menu_order":10,"comment_status":"closed","ping_status":"closed","template":"","meta":{"footnotes":""},"class_list":["post-24420","page","type-page","status-publish","has-post-thumbnail","hentry","description-off"],"yoast_head":"<!-- This site is optimized with the Yoast SEO Premium plugin v27.3 (Yoast SEO v27.3) - https:\/\/yoast.com\/product\/yoast-seo-premium-wordpress\/ -->\n<title>Oberarmstraffung | Estherian Clinic<\/title>\n<meta name=\"robots\" content=\"index, follow, max-snippet:-1, max-image-preview:large, max-video-preview:-1\" \/>\n<link rel=\"canonical\" href=\"https:\/\/estherian.com\/de\/arm-lift\/\" \/>\n<meta property=\"og:locale\" content=\"de_DE\" \/>\n<meta property=\"og:type\" content=\"article\" \/>\n<meta property=\"og:title\" content=\"Oberarmstraffung\" \/>\n<meta property=\"og:description\" content=\"Looks better with Estherian Clinic. Plastic Surgery, Dental treatments and more beautiful services!\" \/>\n<meta property=\"og:url\" content=\"https:\/\/estherian.com\/de\/arm-lift\/\" \/>\n<meta property=\"og:site_name\" content=\"Estherian Clinic\" \/>\n<meta property=\"article:publisher\" content=\"https:\/\/www.facebook.com\/estherianclinic.en\" \/>\n<meta property=\"article:modified_time\" content=\"2025-08-26T13:11:46+00:00\" \/>\n<meta property=\"og:image\" content=\"https:\/\/estherian.com\/wp-content\/uploads\/armlift_turkey1920x1080.jpg\" \/>\n\t<meta property=\"og:image:width\" content=\"1920\" \/>\n\t<meta property=\"og:image:height\" content=\"1080\" \/>\n\t<meta property=\"og:image:type\" content=\"image\/jpeg\" \/>\n<meta name=\"twitter:card\" content=\"summary_large_image\" \/>\n<meta name=\"twitter:site\" content=\"@EstherianTr\" \/>\n<meta name=\"twitter:label1\" content=\"Gesch\u00e4tzte Lesezeit\" \/>\n\t<meta name=\"twitter:data1\" content=\"4\u00a0Minuten\" \/>\n<script type=\"application\/ld+json\" class=\"yoast-schema-graph\">{\"@context\":\"https:\\\/\\\/schema.org\",\"@graph\":[{\"@type\":\"Article\",\"@id\":\"https:\\\/\\\/estherian.com\\\/de\\\/arm-lift\\\/#article\",\"isPartOf\":{\"@id\":\"https:\\\/\\\/estherian.com\\\/de\\\/arm-lift\\\/\"},\"author\":{\"name\":\"ferhatk\",\"@id\":\"https:\\\/\\\/estherian.com\\\/de\\\/#\\\/schema\\\/person\\\/0b1452799c3700afbfcfd3a0f5e64732\"},\"headline\":\"Oberarmstraffung\",\"datePublished\":\"2024-11-25T10:42:21+00:00\",\"dateModified\":\"2025-08-26T13:11:46+00:00\",\"mainEntityOfPage\":{\"@id\":\"https:\\\/\\\/estherian.com\\\/de\\\/arm-lift\\\/\"},\"wordCount\":651,\"publisher\":{\"@id\":\"https:\\\/\\\/estherian.com\\\/de\\\/#organization\"},\"image\":{\"@id\":\"https:\\\/\\\/estherian.com\\\/de\\\/arm-lift\\\/#primaryimage\"},\"thumbnailUrl\":\"https:\\\/\\\/estherian.com\\\/wp-content\\\/uploads\\\/armlift_turkey1920x1080.jpg\",\"inLanguage\":\"de\"},{\"@type\":\"WebPage\",\"@id\":\"https:\\\/\\\/estherian.com\\\/de\\\/arm-lift\\\/\",\"url\":\"https:\\\/\\\/estherian.com\\\/de\\\/arm-lift\\\/\",\"name\":\"Oberarmstraffung | Estherian Clinic\",\"isPartOf\":{\"@id\":\"https:\\\/\\\/estherian.com\\\/de\\\/#website\"},\"primaryImageOfPage\":{\"@id\":\"https:\\\/\\\/estherian.com\\\/de\\\/arm-lift\\\/#primaryimage\"},\"image\":{\"@id\":\"https:\\\/\\\/estherian.com\\\/de\\\/arm-lift\\\/#primaryimage\"},\"thumbnailUrl\":\"https:\\\/\\\/estherian.com\\\/wp-content\\\/uploads\\\/armlift_turkey1920x1080.jpg\",\"datePublished\":\"2024-11-25T10:42:21+00:00\",\"dateModified\":\"2025-08-26T13:11:46+00:00\",\"breadcrumb\":{\"@id\":\"https:\\\/\\\/estherian.com\\\/de\\\/arm-lift\\\/#breadcrumb\"},\"inLanguage\":\"de\",\"potentialAction\":[{\"@type\":\"ReadAction\",\"target\":[\"https:\\\/\\\/estherian.com\\\/de\\\/arm-lift\\\/\"]}]},{\"@type\":\"ImageObject\",\"inLanguage\":\"de\",\"@id\":\"https:\\\/\\\/estherian.com\\\/de\\\/arm-lift\\\/#primaryimage\",\"url\":\"https:\\\/\\\/estherian.com\\\/wp-content\\\/uploads\\\/armlift_turkey1920x1080.jpg\",\"contentUrl\":\"https:\\\/\\\/estherian.com\\\/wp-content\\\/uploads\\\/armlift_turkey1920x1080.jpg\",\"width\":1920,\"height\":1080},{\"@type\":\"BreadcrumbList\",\"@id\":\"https:\\\/\\\/estherian.com\\\/de\\\/arm-lift\\\/#breadcrumb\",\"itemListElement\":[{\"@type\":\"ListItem\",\"position\":1,\"name\":\"Home\",\"item\":\"https:\\\/\\\/estherian.com\\\/de\\\/\"},{\"@type\":\"ListItem\",\"position\":2,\"name\":\"Oberarmstraffung\"}]},{\"@type\":\"WebSite\",\"@id\":\"https:\\\/\\\/estherian.com\\\/de\\\/#website\",\"url\":\"https:\\\/\\\/estherian.com\\\/de\\\/\",\"name\":\"Estherian Clinic\",\"description\":\"Plastic Surgery | Dental | Hair Transplant in Turkey\",\"publisher\":{\"@id\":\"https:\\\/\\\/estherian.com\\\/de\\\/#organization\"},\"potentialAction\":[{\"@type\":\"SearchAction\",\"target\":{\"@type\":\"EntryPoint\",\"urlTemplate\":\"https:\\\/\\\/estherian.com\\\/de\\\/?s={search_term_string}\"},\"query-input\":{\"@type\":\"PropertyValueSpecification\",\"valueRequired\":true,\"valueName\":\"search_term_string\"}}],\"inLanguage\":\"de\"},{\"@type\":\"Organization\",\"@id\":\"https:\\\/\\\/estherian.com\\\/de\\\/#organization\",\"name\":\"Estherian Clinic\",\"alternateName\":\"Estherian\",\"url\":\"https:\\\/\\\/estherian.com\\\/de\\\/\",\"logo\":{\"@type\":\"ImageObject\",\"inLanguage\":\"de\",\"@id\":\"https:\\\/\\\/estherian.com\\\/de\\\/#\\\/schema\\\/logo\\\/image\\\/\",\"url\":\"https:\\\/\\\/estherian.com\\\/wp-content\\\/uploads\\\/2024\\\/10\\\/EstherianLogo.png\",\"contentUrl\":\"https:\\\/\\\/estherian.com\\\/wp-content\\\/uploads\\\/2024\\\/10\\\/EstherianLogo.png\",\"width\":882,\"height\":934,\"caption\":\"Estherian Clinic\"},\"image\":{\"@id\":\"https:\\\/\\\/estherian.com\\\/de\\\/#\\\/schema\\\/logo\\\/image\\\/\"},\"sameAs\":[\"https:\\\/\\\/www.facebook.com\\\/estherianclinic.en\",\"https:\\\/\\\/x.com\\\/EstherianTr\",\"https:\\\/\\\/www.instagram.com\\\/estherianclinic\\\/\",\"https:\\\/\\\/www.tiktok.com\\\/@estherian.clinic\",\"https:\\\/\\\/www.youtube.com\\\/estherianclinic\"],\"email\":\"hi@estherian.com\",\"telephone\":\"+90-544-169-9000\",\"legalName\":\"ESTHERIAN CLINIC SA\u011eLIK H\u0130ZMETLER\u0130 SAN. T\u0130C. LTD. \u015eT\u0130.\",\"foundingDate\":\"2020-03-09\",\"vatID\":\"TR1601485625\",\"taxID\":\"1601485625\",\"numberOfEmployees\":{\"@type\":\"QuantitativeValue\",\"minValue\":\"51\",\"maxValue\":\"200\"},\"publishingPrinciples\":\"https:\\\/\\\/estherian.com\\\/tr\\\/sartlar-ve-kosullar\\\/\",\"actionableFeedbackPolicy\":\"https:\\\/\\\/estherian.com\\\/tr\\\/gizlilik-politikasi\\\/\",\"correctionsPolicy\":\"https:\\\/\\\/estherian.com\\\/tr\\\/gizlilik-politikasi\\\/\",\"ethicsPolicy\":\"https:\\\/\\\/estherian.com\\\/tr\\\/gizlilik-politikasi\\\/\",\"diversityPolicy\":\"https:\\\/\\\/estherian.com\\\/tr\\\/gizlilik-politikasi\\\/\",\"diversityStaffingReport\":\"https:\\\/\\\/estherian.com\\\/tr\\\/gizlilik-politikasi\\\/\"},{\"@type\":\"Person\",\"@id\":\"https:\\\/\\\/estherian.com\\\/de\\\/#\\\/schema\\\/person\\\/0b1452799c3700afbfcfd3a0f5e64732\",\"name\":\"ferhatk\",\"image\":{\"@type\":\"ImageObject\",\"inLanguage\":\"de\",\"@id\":\"https:\\\/\\\/secure.gravatar.com\\\/avatar\\\/5192156a410fa37c70ea8d4f0d01782533c470a75971ae114e5cd116be51ca05?s=96&d=mm&r=g\",\"url\":\"https:\\\/\\\/secure.gravatar.com\\\/avatar\\\/5192156a410fa37c70ea8d4f0d01782533c470a75971ae114e5cd116be51ca05?s=96&d=mm&r=g\",\"contentUrl\":\"https:\\\/\\\/secure.gravatar.com\\\/avatar\\\/5192156a410fa37c70ea8d4f0d01782533c470a75971ae114e5cd116be51ca05?s=96&d=mm&r=g\",\"caption\":\"ferhatk\"},\"sameAs\":[\"https:\\\/\\\/v2.estherian.com\"]}]}<\/script>\n<!-- \/ Yoast SEO Premium plugin. -->","yoast_head_json":{"title":"Oberarmstraffung | Estherian Clinic","robots":{"index":"index","follow":"follow","max-snippet":"max-snippet:-1","max-image-preview":"max-image-preview:large","max-video-preview":"max-video-preview:-1"},"canonical":"https:\/\/estherian.com\/de\/arm-lift\/","og_locale":"de_DE","og_type":"article","og_title":"Oberarmstraffung","og_description":"Looks better with Estherian Clinic. Plastic Surgery, Dental treatments and more beautiful services!","og_url":"https:\/\/estherian.com\/de\/arm-lift\/","og_site_name":"Estherian Clinic","article_publisher":"https:\/\/www.facebook.com\/estherianclinic.en","article_modified_time":"2025-08-26T13:11:46+00:00","og_image":[{"width":1920,"height":1080,"url":"https:\/\/estherian.com\/wp-content\/uploads\/armlift_turkey1920x1080.jpg","type":"image\/jpeg"}],"twitter_card":"summary_large_image","twitter_site":"@EstherianTr","twitter_misc":{"Gesch\u00e4tzte Lesezeit":"4\u00a0Minuten"},"schema":{"@context":"https:\/\/schema.org","@graph":[{"@type":"Article","@id":"https:\/\/estherian.com\/de\/arm-lift\/#article","isPartOf":{"@id":"https:\/\/estherian.com\/de\/arm-lift\/"},"author":{"name":"ferhatk","@id":"https:\/\/estherian.com\/de\/#\/schema\/person\/0b1452799c3700afbfcfd3a0f5e64732"},"headline":"Oberarmstraffung","datePublished":"2024-11-25T10:42:21+00:00","dateModified":"2025-08-26T13:11:46+00:00","mainEntityOfPage":{"@id":"https:\/\/estherian.com\/de\/arm-lift\/"},"wordCount":651,"publisher":{"@id":"https:\/\/estherian.com\/de\/#organization"},"image":{"@id":"https:\/\/estherian.com\/de\/arm-lift\/#primaryimage"},"thumbnailUrl":"https:\/\/estherian.com\/wp-content\/uploads\/armlift_turkey1920x1080.jpg","inLanguage":"de"},{"@type":"WebPage","@id":"https:\/\/estherian.com\/de\/arm-lift\/","url":"https:\/\/estherian.com\/de\/arm-lift\/","name":"Oberarmstraffung | Estherian Clinic","isPartOf":{"@id":"https:\/\/estherian.com\/de\/#website"},"primaryImageOfPage":{"@id":"https:\/\/estherian.com\/de\/arm-lift\/#primaryimage"},"image":{"@id":"https:\/\/estherian.com\/de\/arm-lift\/#primaryimage"},"thumbnailUrl":"https:\/\/estherian.com\/wp-content\/uploads\/armlift_turkey1920x1080.jpg","datePublished":"2024-11-25T10:42:21+00:00","dateModified":"2025-08-26T13:11:46+00:00","breadcrumb":{"@id":"https:\/\/estherian.com\/de\/arm-lift\/#breadcrumb"},"inLanguage":"de","potentialAction":[{"@type":"ReadAction","target":["https:\/\/estherian.com\/de\/arm-lift\/"]}]},{"@type":"ImageObject","inLanguage":"de","@id":"https:\/\/estherian.com\/de\/arm-lift\/#primaryimage","url":"https:\/\/estherian.com\/wp-content\/uploads\/armlift_turkey1920x1080.jpg","contentUrl":"https:\/\/estherian.com\/wp-content\/uploads\/armlift_turkey1920x1080.jpg","width":1920,"height":1080},{"@type":"BreadcrumbList","@id":"https:\/\/estherian.com\/de\/arm-lift\/#breadcrumb","itemListElement":[{"@type":"ListItem","position":1,"name":"Home","item":"https:\/\/estherian.com\/de\/"},{"@type":"ListItem","position":2,"name":"Oberarmstraffung"}]},{"@type":"WebSite","@id":"https:\/\/estherian.com\/de\/#website","url":"https:\/\/estherian.com\/de\/","name":"Estherian Clinic","description":"Plastic Surgery | Dental | Hair Transplant in Turkey","publisher":{"@id":"https:\/\/estherian.com\/de\/#organization"},"potentialAction":[{"@type":"SearchAction","target":{"@type":"EntryPoint","urlTemplate":"https:\/\/estherian.com\/de\/?s={search_term_string}"},"query-input":{"@type":"PropertyValueSpecification","valueRequired":true,"valueName":"search_term_string"}}],"inLanguage":"de"},{"@type":"Organization","@id":"https:\/\/estherian.com\/de\/#organization","name":"Estherian Clinic","alternateName":"Estherian","url":"https:\/\/estherian.com\/de\/","logo":{"@type":"ImageObject","inLanguage":"de","@id":"https:\/\/estherian.com\/de\/#\/schema\/logo\/image\/","url":"https:\/\/estherian.com\/wp-content\/uploads\/2024\/10\/EstherianLogo.png","contentUrl":"https:\/\/estherian.com\/wp-content\/uploads\/2024\/10\/EstherianLogo.png","width":882,"height":934,"caption":"Estherian Clinic"},"image":{"@id":"https:\/\/estherian.com\/de\/#\/schema\/logo\/image\/"},"sameAs":["https:\/\/www.facebook.com\/estherianclinic.en","https:\/\/x.com\/EstherianTr","https:\/\/www.instagram.com\/estherianclinic\/","https:\/\/www.tiktok.com\/@estherian.clinic","https:\/\/www.youtube.com\/estherianclinic"],"email":"hi@estherian.com","telephone":"+90-544-169-9000","legalName":"ESTHERIAN CLINIC SA\u011eLIK H\u0130ZMETLER\u0130 SAN. T\u0130C. LTD. \u015eT\u0130.","foundingDate":"2020-03-09","vatID":"TR1601485625","taxID":"1601485625","numberOfEmployees":{"@type":"QuantitativeValue","minValue":"51","maxValue":"200"},"publishingPrinciples":"https:\/\/estherian.com\/tr\/sartlar-ve-kosullar\/","actionableFeedbackPolicy":"https:\/\/estherian.com\/tr\/gizlilik-politikasi\/","correctionsPolicy":"https:\/\/estherian.com\/tr\/gizlilik-politikasi\/","ethicsPolicy":"https:\/\/estherian.com\/tr\/gizlilik-politikasi\/","diversityPolicy":"https:\/\/estherian.com\/tr\/gizlilik-politikasi\/","diversityStaffingReport":"https:\/\/estherian.com\/tr\/gizlilik-politikasi\/"},{"@type":"Person","@id":"https:\/\/estherian.com\/de\/#\/schema\/person\/0b1452799c3700afbfcfd3a0f5e64732","name":"ferhatk","image":{"@type":"ImageObject","inLanguage":"de","@id":"https:\/\/secure.gravatar.com\/avatar\/5192156a410fa37c70ea8d4f0d01782533c470a75971ae114e5cd116be51ca05?s=96&d=mm&r=g","url":"https:\/\/secure.gravatar.com\/avatar\/5192156a410fa37c70ea8d4f0d01782533c470a75971ae114e5cd116be51ca05?s=96&d=mm&r=g","contentUrl":"https:\/\/secure.gravatar.com\/avatar\/5192156a410fa37c70ea8d4f0d01782533c470a75971ae114e5cd116be51ca05?s=96&d=mm&r=g","caption":"ferhatk"},"sameAs":["https:\/\/v2.estherian.com"]}]}},"_links":{"self":[{"href":"https:\/\/estherian.com\/de\/wp-json\/wp\/v2\/pages\/24420","targetHints":{"allow":["GET"]}}],"collection":[{"href":"https:\/\/estherian.com\/de\/wp-json\/wp\/v2\/pages"}],"about":[{"href":"https:\/\/estherian.com\/de\/wp-json\/wp\/v2\/types\/page"}],"author":[{"embeddable":true,"href":"https:\/\/estherian.com\/de\/wp-json\/wp\/v2\/users\/1"}],"replies":[{"embeddable":true,"href":"https:\/\/estherian.com\/de\/wp-json\/wp\/v2\/comments?post=24420"}],"version-history":[{"count":0,"href":"https:\/\/estherian.com\/de\/wp-json\/wp\/v2\/pages\/24420\/revisions"}],"wp:featuredmedia":[{"embeddable":true,"href":"https:\/\/estherian.com\/de\/wp-json\/wp\/v2\/media\/25264"}],"wp:attachment":[{"href":"https:\/\/estherian.com\/de\/wp-json\/wp\/v2\/media?parent=24420"}],"curies":[{"name":"wp","href":"https:\/\/api.w.org\/{rel}","templated":true}]}}