{"id":24430,"date":"2024-11-25T09:41:19","date_gmt":"2024-11-25T06:41:19","guid":{"rendered":"https:\/\/estherian.com\/?page_id=24430"},"modified":"2025-12-03T14:17:17","modified_gmt":"2025-12-03T11:17:17","slug":"bbl","status":"publish","type":"page","link":"https:\/\/estherian.com\/de\/bbl\/","title":{"rendered":"BBL in der T\u00fcrkei"},"content":{"rendered":"\n<h2 class=\"wp-block-heading\" id=\"h-was-ist-eine-brazilian-butt-lift-bbl-operation\">Was ist eine Brazilian Butt Lift (BBL) Operation?<\/h2>\n\n\n\n<p>Das brasilianische Po-Lifting ist eine kosmetische Operation, bei der das Ges\u00e4\u00df durch Fetttransfer f\u00fclliger gemacht wird. BBL wird verwendet, um dem Ges\u00e4\u00df ein abgerundetes Aussehen zu verleihen, indem \u00fcbersch\u00fcssiges Fett aus anderen K\u00f6rperregionen entfernt wird, dann wird das entfernte Fett gereinigt und in das Ges\u00e4\u00df injiziert.<\/p>\n\n\n\n<div class=\"wp-block-columns is-layout-flex wp-container-core-columns-is-layout-9d6595d7 wp-block-columns-is-layout-flex\">\n<div class=\"wp-block-column is-layout-flow wp-block-column-is-layout-flow\">\n<h2 class=\"wp-block-heading\" id=\"h-bbl-verfahren-turkei\">BBL-Verfahren T\u00fcrkei<\/h2>\n\n\n\n<div class=\"wp-block-estherian-youtube-player\"><div style=\"max-width:850px;width:100%;margin:50px auto\"><div class=\"estherian-youtube-player\" data-video-id=\"tJIJpLpONb8\" data-no-lazy=\"1\" style=\"position:relative;cursor:pointer;max-width:100%;overflow:hidden\"><img decoding=\"async\" src=\"https:\/\/estherian.com\/wp-content\/uploads\/2025\/06\/annick-butt-lifting.jpg\" alt=\"YouTube Thumbnail\" data-no-lazy=\"1\" loading=\"eager\" style=\"width:100%;height:auto;display:block\"\/><div class=\"estherian-youtube-play-button\" style=\"position:absolute;top:50%;left:50%;transform:translate(-50%, -50%);width:68px;height:48px;z-index:5\"><svg xmlns=\"http:\/\/www.w3.org\/2000\/svg\" viewBox=\"0 0 68 48\" style=\"width:100%;height:100%\"><path d=\"M66.52,7.74c-0.78-2.93-2.49-5.41-5.42-6.19C55.79,.13,34,0,34,0S12.21,.13,6.9,1.55 C3.97,2.33,2.27,4.81,1.48,7.74C0.06,13.05,0,24,0,24s0.06,10.95,1.48,16.26c0.78,2.93,2.49,5.41,5.42,6.19 C12.21,47.87,34,48,34,48s21.79-0.13,27.1-1.55c2.93-0.78,4.64-3.26,5.42-6.19C67.94,34.95,68,24,68,24S67.94,13.05,66.52,7.74z\" fill=\"#b3863d\"><\/path><path d=\"M 45,24 27,14 27,34\" fill=\"#fff\"><\/path><\/svg><\/div><\/div><\/div><\/div>\n\n<script type=\"application\/ld+json\">{\"@context\":\"https:\/\/schema.org\",\"@type\":\"VideoObject\",\"name\":\"BBL in der T\u00fcrkei\",\"description\":\"BBL in der T\u00fcrkei\",\"embedUrl\":\"https:\/\/www.youtube-nocookie.com\/embed\/tJIJpLpONb8\",\"contentUrl\":\"https:\/\/www.youtube.com\/watch?v=tJIJpLpONb8\",\"thumbnailUrl\":\"https:\/\/estherian.com\/wp-content\/uploads\/2025\/06\/annick-butt-lifting.jpg\",\"uploadDate\":\"2024-11-25T09:41:19+03:00\",\"creditText\":\"Estherian Clinic\",\"copyrightNotice\":\"\u00a9 2026 Estherian Clinic\"}<\/script>\n\n\n<h3 class=\"wp-block-heading\" id=\"h-vor-der-operation\">VOR DER OPERATION<\/h3>\n\n\n\n<p>Vor der Operation findet ein Gespr\u00e4ch mit dem Chirurgen \u00fcber die Operation und die f\u00fcr Sie geeignete Technik statt.<br>Hier sind die 3 besten Techniken f\u00fcr BBL:<\/p>\n\n\n\n<ul class=\"wp-block-list\">\n<li>Ges\u00e4\u00dfstraffung mit Implantaten<\/li>\n\n\n\n<li>BBL mit Vaser-Fettabsaugung<\/li>\n\n\n\n<li>BBL mit Fetttransfer<\/li>\n\n\n\n<li>BBL mit Vaser-Fettabsaugung<\/li>\n<\/ul>\n\n\n\n<h3 class=\"wp-block-heading\" id=\"h-wahrend-des-betriebs\">W\u00c4HREND DES BETRIEBS<\/h3>\n\n\n\n<p>Der Eingriff wird je nach Entscheidung des Arztes unter Vollnarkose oder \u00f6rtlicher Bet\u00e4ubung durchgef\u00fchrt.<\/p>\n\n\n\n<p>Der Chirurg saugt das Fett ab und entfernt es mit einem Schlauch aus anderen K\u00f6rperregionen des Patienten. Anschlie\u00dfend wird das entnommene Fett mit speziellen Techniken gereinigt, so dass es f\u00fcr die Injektion zu Beginn der Ges\u00e4\u00dfstraffung bereit ist.<\/p>\n\n\n\n<p>Im Allgemeinen kann Ihr Chirurg bis zu dreimal so viel Fett absaugen, wie tats\u00e4chlich in das Ges\u00e4\u00df injiziert werden soll.<\/p>\n\n\n\n<p>Der Chirurg setzt an bestimmten Stellen des Ges\u00e4\u00dfes Einschnitte, durch die er das Fett injiziert.<\/p>\n\n\n\n<p>Die Spritzen werden dann an eine spezielle Kan\u00fcle angeschlossen.<\/p>\n\n\n\n<p>Mit dieser Kan\u00fcle wird der Chirurg das Fett durch kleine Injektionen in den gesamten Po einbringen.<\/p>\n\n\n\n<p>Die Einschnitte werden dann mit N\u00e4hten verschlossen, und der Chirurg \u00fcbt eine Kompression auf den operierten Bereich aus, um die Blutung zu stillen.<\/p>\n\n\n\n<p>Diese Operation wird unter Vollnarkose durchgef\u00fchrt.<\/p>\n\n\n\n<p>Dieses Verfahren f\u00fchrt zu nat\u00fcrlichen Ergebnissen und einem runderen Aussehen des Ges\u00e4\u00dfes.<\/p>\n\n\n\n<h3 class=\"wp-block-heading\" id=\"h-nach-der-operation\">NACH DER OPERATION<\/h3>\n\n\n\n<p>Die Ergebnisse einer Ges\u00e4\u00dfvergr\u00f6\u00dferung sind sofort sichtbar, das endg\u00fcltige Ergebnis werden Sie jedoch erst ein Jahr nach dem Eingriff sehen.<\/p>\n\n\n\n<p>Der Chirurg wird Ihnen raten, nicht direkt auf dem Ges\u00e4\u00df zu sitzen und auch nicht auf dem R\u00fccken zu schlafen. Die ideale L\u00f6sung ist das Schlafen auf der Seite oder auf dem Bauch.<\/p>\n\n\n\n<p>Falls Sie keine andere M\u00f6glichkeit haben, als auf dem Ges\u00e4\u00df zu sitzen, sollten Sie ein aufblasbares Kissen oder ein Donut-Kissen verwenden. Au\u00dferdem sollten Sie auf anstrengende Sportarten oder Aktivit\u00e4ten verzichten.<\/p>\n\n\n\n<p>Die Ergebnisse der BBL-Behandlung halten viele Jahre lang an, und das an anderen K\u00f6rperstellen entfernte Fett kommt nie wieder zum Vorschein.<\/p>\n\n\n\n<div class=\"wp-block-estherian-gallery\"><div id=\"estherian-gallery-rad5jq2\" class=\"estherian-gallery elastic-width\" data-slides-to-show=\"3\" data-mobile-slides-to-show=\"1\" data-autoplay=\"false\" data-autoplay-speed=\"3000\" data-show-arrows=\"true\" data-show-dots=\"true\" data-border-radius=\"20\" data-elastic-width=\"true\" data-fixed-height=\"500\" data-bottom-crop=\"0\"><div class=\"gallery-container\"><div class=\"gallery-slide\"><img decoding=\"async\" src=\"https:\/\/estherian.com\/wp-content\/uploads\/2025\/06\/annick-butt-lifting-results1.jpg\" alt=\"\" style=\"border-radius:20px;height:500px;width:auto\"\/><\/div><div class=\"gallery-slide\"><img decoding=\"async\" src=\"https:\/\/estherian.com\/wp-content\/uploads\/2025\/06\/annick-butt-lifting-results2.jpg\" alt=\"\" style=\"border-radius:20px;height:500px;width:auto\"\/><\/div><div class=\"gallery-slide\"><img decoding=\"async\" src=\"https:\/\/estherian.com\/wp-content\/uploads\/2025\/06\/annick-butt-lifting-results3.jpg\" alt=\"\" style=\"border-radius:20px;height:500px;width:auto\"\/><\/div><\/div><div class=\"gallery-dots\"><span class=\"dot active\"><\/span><span class=\"dot\"><\/span><span class=\"dot\"><\/span><\/div><\/div><\/div>\n<\/div>\n<\/div>\n\n\n\n<div class=\"wp-block-columns is-layout-flex wp-container-core-columns-is-layout-9d6595d7 wp-block-columns-is-layout-flex\">\n<div class=\"wp-block-column is-layout-flow wp-block-column-is-layout-flow\">\n<h2 class=\"wp-block-heading\" id=\"h-was-sind-die-risiken-einer-brasilianischen-gesassstraffung\">Was sind die Risiken einer brasilianischen Ges\u00e4\u00dfstraffung?<\/h2>\n\n\n\n<ol class=\"wp-block-list\">\n<li>Risiken der An\u00e4sthesie<\/li>\n\n\n\n<li>Bluterg\u00fcsse<\/li>\n\n\n\n<li>Eine Ver\u00e4nderung des Hautgef\u00fchls kann bestehen bleiben<\/li>\n\n\n\n<li>Fl\u00fcssigkeitsansammlungen<\/li>\n\n\n\n<li>Schw\u00e4chung der Wundheilung<\/li>\n\n\n\n<li>schlaffe Haut<\/li>\n\n\n\n<li>Schwellungen<\/li>\n\n\n\n<li>asymmetrische Pigmentierung<\/li>\n\n\n\n<li>Komplikationen in den Blutgef\u00e4\u00dfen, Nerven, der Lunge und den Unterleibsorganen<\/li>\n\n\n\n<li>Blutgerinnsel<\/li>\n\n\n\n<li>Herz-Kreislauf- und Atemprobleme<\/li>\n<\/ol>\n<\/div>\n\n\n\n<div class=\"wp-block-column is-layout-flow wp-block-column-is-layout-flow\">\n<figure class=\"wp-block-image size-full\"><img decoding=\"async\" width=\"560\" height=\"550\" src=\"https:\/\/estherian.com\/wp-content\/uploads\/bbl-service-1.png\" alt=\"\" class=\"wp-image-21896\" srcset=\"https:\/\/estherian.com\/wp-content\/uploads\/bbl-service-1.png 560w, https:\/\/estherian.com\/wp-content\/uploads\/bbl-service-1-386x379.png 386w\" sizes=\"(max-width: 560px) 100vw, 560px\" \/><\/figure>\n<\/div>\n<\/div>\n\n\n\n<div class=\"wp-block-columns is-layout-flex wp-container-core-columns-is-layout-9d6595d7 wp-block-columns-is-layout-flex\">\n<div class=\"wp-block-column is-layout-flow wp-block-column-is-layout-flow\" style=\"flex-basis:33.33%\">\n<figure class=\"wp-block-image size-full\"><img decoding=\"async\" width=\"533\" height=\"800\" src=\"https:\/\/estherian.com\/wp-content\/uploads\/woman-with-long-hair-walks-white-beach.png\" alt=\"\" class=\"wp-image-21900\" srcset=\"https:\/\/estherian.com\/wp-content\/uploads\/woman-with-long-hair-walks-white-beach.png 533w, https:\/\/estherian.com\/wp-content\/uploads\/woman-with-long-hair-walks-white-beach-257x386.png 257w\" sizes=\"(max-width: 533px) 100vw, 533px\" \/><\/figure>\n<\/div>\n\n\n\n<div class=\"wp-block-column is-layout-flow wp-block-column-is-layout-flow\" style=\"flex-basis:66.66%\">\n<h2 class=\"wp-block-heading\" id=\"h-wie-lange-dauert-es-sich-von-einer-bbl-zu-erholen\">Wie lange dauert es, sich von einer BBL zu erholen?<\/h2>\n\n\n\n<h4 class=\"wp-block-heading\" id=\"h-die-heilung-ist-in-zwei-phasen-unterteilt\">Die Heilung ist in zwei Phasen unterteilt:<\/h4>\n\n\n\n<ol class=\"wp-block-list\">\n<li>In den ersten 3 Wochen nach der Operation tragen Sie ein Kompressionskleidungsst\u00fcck, das Ihnen hilft, sich zu erholen, Schwellungen zu reduzieren und die Haut schrumpfen zu lassen.<\/li>\n\n\n\n<li>Von 4 bis 8 Wochen wird empfohlen, jede k\u00f6rperliche Aktivit\u00e4t zu vermeiden, die zu Stress f\u00fchrt. Nach 4 Wochen nach der Operation k\u00f6nnen Sie wieder mit dem Sport beginnen.<\/li>\n<\/ol>\n\n\n\n<p>Hier in der Estherian Clinic bieten wir Ihnen ein Paket kostenloser Dienstleistungen an, in dem Sie nach der Operation enge Kleidung und ein chirurgisches Kissen zum Draufsetzen nach der Operation sowie ein Schmerzmittel und eine Hautcreme zur Unterst\u00fctzung der Heilung erhalten.<\/p>\n<\/div>\n<\/div>\n\n\n\n<h2 class=\"wp-block-heading\" id=\"h-\"><br><br><\/h2>\n\n\n\n<h2 class=\"wp-block-heading\" id=\"h-bbl-turkei-kosten\">BBL T\u00fcrkei Kosten<\/h2>\n\n\n\n<p>Die Preise f\u00fcr eine Ges\u00e4\u00dfvergr\u00f6\u00dferung sind von Patientin zu Patientin unterschiedlich, da die angewandte Technik und die abzusaugenden Bereiche eine gro\u00dfe Rolle f\u00fcr den Preis spielen und die Preise der Operation in Kombination mit anderen Eingriffen variieren k\u00f6nnen.<\/p>\n\n\n\n<p>Eine genaue Preisangabe ist erst nach einem \u00e4rztlichen Beratungsgespr\u00e4ch m\u00f6glich. Sie k\u00f6nnen uns f\u00fcr eine kostenlose Beratung kontaktieren.<\/p>\n\n\n\n<h2 class=\"wp-block-heading\" id=\"h-haufig-gestellte-fragen-faqs-zum-brazilian-butt-lift-bbl\">H\u00e4ufig gestellte Fragen (FAQs) zum Brazilian Butt Lift (BBL)<\/h2>\n\n\n\n<h3 class=\"wp-block-heading\" id=\"h-wie-lange-dauert-ein-bbl-verfahren\">Wie lange dauert ein BBL-Verfahren?<\/h3>\n\n\n\n<p>Der Eingriff dauert in der Regel 2-4 Stunden, je nach der Menge des zu entnehmenden und zu \u00fcbertragenden Fetts.<\/p>\n\n\n\n<h3 class=\"wp-block-heading\" id=\"h-bin-ich-ein-guter-kandidat-fur-eine-bbl\">Bin ich ein guter Kandidat f\u00fcr eine BBL?<\/h3>\n\n\n\n<p>Sie k\u00f6nnten ein guter Kandidat sein, wenn:<\/p>\n\n\n\n<ul class=\"wp-block-list\">\n<li>Sie haben an anderen Stellen gen\u00fcgend Fett f\u00fcr den Transfer.<\/li>\n\n\n\n<li>Sie befinden sich in einem guten Gesundheitszustand und haben ein stabiles Gewicht.<\/li>\n\n\n\n<li>Sie rauchen nicht, da Rauchen die Heilung beeintr\u00e4chtigen kann.<\/li>\n\n\n\n<li>Sie m\u00f6chten die Form und das Volumen Ihres Ges\u00e4\u00dfes ohne Implantate verbessern.<\/li>\n<\/ul>\n\n\n\n<h2 class=\"wp-block-heading\" id=\"h-wie-lange-halten-die-bbl-ergebnisse-an\">Wie lange halten die BBL-Ergebnisse an?<\/h2>\n\n\n\n<p>BBL-Ergebnisse k\u00f6nnen bei richtiger Pflege viele Jahre halten. Ein stabiles Gewicht und ein gesunder Lebensstil tragen dazu bei, das Ergebnis zu erhalten, da erhebliche Gewichtsver\u00e4nderungen die Fettverteilung beeinflussen k\u00f6nnen.<\/p>\n\n\n\n<p><\/p>\n","protected":false},"excerpt":{"rendered":"<p>Was ist eine Brazilian Butt Lift (BBL) Operation? Das brasilianische Po-Lifting ist eine kosmetische Operation, bei der das Ges\u00e4\u00df durch Fetttransfer f\u00fclliger gemacht wird. BBL wird verwendet, um dem Ges\u00e4\u00df ein abgerundetes Aussehen zu verleihen, indem \u00fcbersch\u00fcssiges Fett aus anderen K\u00f6rperregionen entfernt wird, dann wird das entfernte Fett gereinigt und in das Ges\u00e4\u00df injiziert. BBL-Verfahren&hellip;<\/p>\n","protected":false},"author":1,"featured_media":26720,"parent":0,"menu_order":10,"comment_status":"closed","ping_status":"closed","template":"","meta":{"footnotes":""},"class_list":["post-24430","page","type-page","status-publish","has-post-thumbnail","hentry","description-off"],"yoast_head":"<!-- This site is optimized with the Yoast SEO Premium plugin v27.3 (Yoast SEO v27.3) - https:\/\/yoast.com\/product\/yoast-seo-premium-wordpress\/ -->\n<title>BBL in der T\u00fcrkei | Estherian Clinic<\/title>\n<meta name=\"robots\" content=\"index, follow, max-snippet:-1, max-image-preview:large, max-video-preview:-1\" \/>\n<link rel=\"canonical\" href=\"https:\/\/estherian.com\/de\/bbl\/\" \/>\n<meta property=\"og:locale\" content=\"de_DE\" \/>\n<meta property=\"og:type\" content=\"article\" \/>\n<meta property=\"og:title\" content=\"BBL in der T\u00fcrkei\" \/>\n<meta property=\"og:description\" content=\"Looks better with Estherian Clinic. Plastic Surgery, Dental treatments and more beautiful services!\" \/>\n<meta property=\"og:url\" content=\"https:\/\/estherian.com\/de\/bbl\/\" \/>\n<meta property=\"og:site_name\" content=\"Estherian Clinic\" \/>\n<meta property=\"article:publisher\" content=\"https:\/\/www.facebook.com\/estherianclinic.en\" \/>\n<meta property=\"article:modified_time\" content=\"2025-12-03T11:17:17+00:00\" \/>\n<meta property=\"og:image\" content=\"https:\/\/estherian.com\/wp-content\/uploads\/BBL_turkey_1920x1080.jpg\" \/>\n\t<meta property=\"og:image:width\" content=\"1920\" \/>\n\t<meta property=\"og:image:height\" content=\"1080\" \/>\n\t<meta property=\"og:image:type\" content=\"image\/jpeg\" \/>\n<meta name=\"twitter:card\" content=\"summary_large_image\" \/>\n<meta name=\"twitter:site\" content=\"@EstherianTr\" \/>\n<meta name=\"twitter:label1\" content=\"Gesch\u00e4tzte Lesezeit\" \/>\n\t<meta name=\"twitter:data1\" content=\"5\u00a0Minuten\" \/>\n<script type=\"application\/ld+json\" class=\"yoast-schema-graph\">{\"@context\":\"https:\\\/\\\/schema.org\",\"@graph\":[{\"@type\":\"Article\",\"@id\":\"https:\\\/\\\/estherian.com\\\/de\\\/bbl\\\/#article\",\"isPartOf\":{\"@id\":\"https:\\\/\\\/estherian.com\\\/de\\\/bbl\\\/\"},\"author\":{\"name\":\"ferhatk\",\"@id\":\"https:\\\/\\\/estherian.com\\\/de\\\/#\\\/schema\\\/person\\\/0b1452799c3700afbfcfd3a0f5e64732\"},\"headline\":\"BBL in der T\u00fcrkei\",\"datePublished\":\"2024-11-25T06:41:19+00:00\",\"dateModified\":\"2025-12-03T11:17:17+00:00\",\"mainEntityOfPage\":{\"@id\":\"https:\\\/\\\/estherian.com\\\/de\\\/bbl\\\/\"},\"wordCount\":770,\"publisher\":{\"@id\":\"https:\\\/\\\/estherian.com\\\/de\\\/#organization\"},\"image\":{\"@id\":\"https:\\\/\\\/estherian.com\\\/de\\\/bbl\\\/#primaryimage\"},\"thumbnailUrl\":\"https:\\\/\\\/estherian.com\\\/wp-content\\\/uploads\\\/BBL_turkey_1920x1080.jpg\",\"inLanguage\":\"de\"},{\"@type\":\"WebPage\",\"@id\":\"https:\\\/\\\/estherian.com\\\/de\\\/bbl\\\/\",\"url\":\"https:\\\/\\\/estherian.com\\\/de\\\/bbl\\\/\",\"name\":\"BBL in der T\u00fcrkei | Estherian Clinic\",\"isPartOf\":{\"@id\":\"https:\\\/\\\/estherian.com\\\/de\\\/#website\"},\"primaryImageOfPage\":{\"@id\":\"https:\\\/\\\/estherian.com\\\/de\\\/bbl\\\/#primaryimage\"},\"image\":{\"@id\":\"https:\\\/\\\/estherian.com\\\/de\\\/bbl\\\/#primaryimage\"},\"thumbnailUrl\":\"https:\\\/\\\/estherian.com\\\/wp-content\\\/uploads\\\/BBL_turkey_1920x1080.jpg\",\"datePublished\":\"2024-11-25T06:41:19+00:00\",\"dateModified\":\"2025-12-03T11:17:17+00:00\",\"breadcrumb\":{\"@id\":\"https:\\\/\\\/estherian.com\\\/de\\\/bbl\\\/#breadcrumb\"},\"inLanguage\":\"de\",\"potentialAction\":[{\"@type\":\"ReadAction\",\"target\":[\"https:\\\/\\\/estherian.com\\\/de\\\/bbl\\\/\"]}]},{\"@type\":\"ImageObject\",\"inLanguage\":\"de\",\"@id\":\"https:\\\/\\\/estherian.com\\\/de\\\/bbl\\\/#primaryimage\",\"url\":\"https:\\\/\\\/estherian.com\\\/wp-content\\\/uploads\\\/BBL_turkey_1920x1080.jpg\",\"contentUrl\":\"https:\\\/\\\/estherian.com\\\/wp-content\\\/uploads\\\/BBL_turkey_1920x1080.jpg\",\"width\":1920,\"height\":1080},{\"@type\":\"BreadcrumbList\",\"@id\":\"https:\\\/\\\/estherian.com\\\/de\\\/bbl\\\/#breadcrumb\",\"itemListElement\":[{\"@type\":\"ListItem\",\"position\":1,\"name\":\"Home\",\"item\":\"https:\\\/\\\/estherian.com\\\/de\\\/\"},{\"@type\":\"ListItem\",\"position\":2,\"name\":\"BBL in der T\u00fcrkei\"}]},{\"@type\":\"WebSite\",\"@id\":\"https:\\\/\\\/estherian.com\\\/de\\\/#website\",\"url\":\"https:\\\/\\\/estherian.com\\\/de\\\/\",\"name\":\"Estherian Clinic\",\"description\":\"Plastic Surgery | Dental | Hair Transplant in Turkey\",\"publisher\":{\"@id\":\"https:\\\/\\\/estherian.com\\\/de\\\/#organization\"},\"potentialAction\":[{\"@type\":\"SearchAction\",\"target\":{\"@type\":\"EntryPoint\",\"urlTemplate\":\"https:\\\/\\\/estherian.com\\\/de\\\/?s={search_term_string}\"},\"query-input\":{\"@type\":\"PropertyValueSpecification\",\"valueRequired\":true,\"valueName\":\"search_term_string\"}}],\"inLanguage\":\"de\"},{\"@type\":\"Organization\",\"@id\":\"https:\\\/\\\/estherian.com\\\/de\\\/#organization\",\"name\":\"Estherian Clinic\",\"alternateName\":\"Estherian\",\"url\":\"https:\\\/\\\/estherian.com\\\/de\\\/\",\"logo\":{\"@type\":\"ImageObject\",\"inLanguage\":\"de\",\"@id\":\"https:\\\/\\\/estherian.com\\\/de\\\/#\\\/schema\\\/logo\\\/image\\\/\",\"url\":\"https:\\\/\\\/estherian.com\\\/wp-content\\\/uploads\\\/2024\\\/10\\\/EstherianLogo.png\",\"contentUrl\":\"https:\\\/\\\/estherian.com\\\/wp-content\\\/uploads\\\/2024\\\/10\\\/EstherianLogo.png\",\"width\":882,\"height\":934,\"caption\":\"Estherian Clinic\"},\"image\":{\"@id\":\"https:\\\/\\\/estherian.com\\\/de\\\/#\\\/schema\\\/logo\\\/image\\\/\"},\"sameAs\":[\"https:\\\/\\\/www.facebook.com\\\/estherianclinic.en\",\"https:\\\/\\\/x.com\\\/EstherianTr\",\"https:\\\/\\\/www.instagram.com\\\/estherianclinic\\\/\",\"https:\\\/\\\/www.tiktok.com\\\/@estherian.clinic\",\"https:\\\/\\\/www.youtube.com\\\/estherianclinic\"],\"email\":\"hi@estherian.com\",\"telephone\":\"+90-544-169-9000\",\"legalName\":\"ESTHERIAN CLINIC SA\u011eLIK H\u0130ZMETLER\u0130 SAN. T\u0130C. LTD. \u015eT\u0130.\",\"foundingDate\":\"2020-03-09\",\"vatID\":\"TR1601485625\",\"taxID\":\"1601485625\",\"numberOfEmployees\":{\"@type\":\"QuantitativeValue\",\"minValue\":\"51\",\"maxValue\":\"200\"},\"publishingPrinciples\":\"https:\\\/\\\/estherian.com\\\/tr\\\/sartlar-ve-kosullar\\\/\",\"actionableFeedbackPolicy\":\"https:\\\/\\\/estherian.com\\\/tr\\\/gizlilik-politikasi\\\/\",\"correctionsPolicy\":\"https:\\\/\\\/estherian.com\\\/tr\\\/gizlilik-politikasi\\\/\",\"ethicsPolicy\":\"https:\\\/\\\/estherian.com\\\/tr\\\/gizlilik-politikasi\\\/\",\"diversityPolicy\":\"https:\\\/\\\/estherian.com\\\/tr\\\/gizlilik-politikasi\\\/\",\"diversityStaffingReport\":\"https:\\\/\\\/estherian.com\\\/tr\\\/gizlilik-politikasi\\\/\"},{\"@type\":\"Person\",\"@id\":\"https:\\\/\\\/estherian.com\\\/de\\\/#\\\/schema\\\/person\\\/0b1452799c3700afbfcfd3a0f5e64732\",\"name\":\"ferhatk\",\"image\":{\"@type\":\"ImageObject\",\"inLanguage\":\"de\",\"@id\":\"https:\\\/\\\/secure.gravatar.com\\\/avatar\\\/5192156a410fa37c70ea8d4f0d01782533c470a75971ae114e5cd116be51ca05?s=96&d=mm&r=g\",\"url\":\"https:\\\/\\\/secure.gravatar.com\\\/avatar\\\/5192156a410fa37c70ea8d4f0d01782533c470a75971ae114e5cd116be51ca05?s=96&d=mm&r=g\",\"contentUrl\":\"https:\\\/\\\/secure.gravatar.com\\\/avatar\\\/5192156a410fa37c70ea8d4f0d01782533c470a75971ae114e5cd116be51ca05?s=96&d=mm&r=g\",\"caption\":\"ferhatk\"},\"sameAs\":[\"https:\\\/\\\/v2.estherian.com\"]}]}<\/script>\n<!-- \/ Yoast SEO Premium plugin. -->","yoast_head_json":{"title":"BBL in der T\u00fcrkei | Estherian Clinic","robots":{"index":"index","follow":"follow","max-snippet":"max-snippet:-1","max-image-preview":"max-image-preview:large","max-video-preview":"max-video-preview:-1"},"canonical":"https:\/\/estherian.com\/de\/bbl\/","og_locale":"de_DE","og_type":"article","og_title":"BBL in der T\u00fcrkei","og_description":"Looks better with Estherian Clinic. Plastic Surgery, Dental treatments and more beautiful services!","og_url":"https:\/\/estherian.com\/de\/bbl\/","og_site_name":"Estherian Clinic","article_publisher":"https:\/\/www.facebook.com\/estherianclinic.en","article_modified_time":"2025-12-03T11:17:17+00:00","og_image":[{"width":1920,"height":1080,"url":"https:\/\/estherian.com\/wp-content\/uploads\/BBL_turkey_1920x1080.jpg","type":"image\/jpeg"}],"twitter_card":"summary_large_image","twitter_site":"@EstherianTr","twitter_misc":{"Gesch\u00e4tzte Lesezeit":"5\u00a0Minuten"},"schema":{"@context":"https:\/\/schema.org","@graph":[{"@type":"Article","@id":"https:\/\/estherian.com\/de\/bbl\/#article","isPartOf":{"@id":"https:\/\/estherian.com\/de\/bbl\/"},"author":{"name":"ferhatk","@id":"https:\/\/estherian.com\/de\/#\/schema\/person\/0b1452799c3700afbfcfd3a0f5e64732"},"headline":"BBL in der T\u00fcrkei","datePublished":"2024-11-25T06:41:19+00:00","dateModified":"2025-12-03T11:17:17+00:00","mainEntityOfPage":{"@id":"https:\/\/estherian.com\/de\/bbl\/"},"wordCount":770,"publisher":{"@id":"https:\/\/estherian.com\/de\/#organization"},"image":{"@id":"https:\/\/estherian.com\/de\/bbl\/#primaryimage"},"thumbnailUrl":"https:\/\/estherian.com\/wp-content\/uploads\/BBL_turkey_1920x1080.jpg","inLanguage":"de"},{"@type":"WebPage","@id":"https:\/\/estherian.com\/de\/bbl\/","url":"https:\/\/estherian.com\/de\/bbl\/","name":"BBL in der T\u00fcrkei | Estherian Clinic","isPartOf":{"@id":"https:\/\/estherian.com\/de\/#website"},"primaryImageOfPage":{"@id":"https:\/\/estherian.com\/de\/bbl\/#primaryimage"},"image":{"@id":"https:\/\/estherian.com\/de\/bbl\/#primaryimage"},"thumbnailUrl":"https:\/\/estherian.com\/wp-content\/uploads\/BBL_turkey_1920x1080.jpg","datePublished":"2024-11-25T06:41:19+00:00","dateModified":"2025-12-03T11:17:17+00:00","breadcrumb":{"@id":"https:\/\/estherian.com\/de\/bbl\/#breadcrumb"},"inLanguage":"de","potentialAction":[{"@type":"ReadAction","target":["https:\/\/estherian.com\/de\/bbl\/"]}]},{"@type":"ImageObject","inLanguage":"de","@id":"https:\/\/estherian.com\/de\/bbl\/#primaryimage","url":"https:\/\/estherian.com\/wp-content\/uploads\/BBL_turkey_1920x1080.jpg","contentUrl":"https:\/\/estherian.com\/wp-content\/uploads\/BBL_turkey_1920x1080.jpg","width":1920,"height":1080},{"@type":"BreadcrumbList","@id":"https:\/\/estherian.com\/de\/bbl\/#breadcrumb","itemListElement":[{"@type":"ListItem","position":1,"name":"Home","item":"https:\/\/estherian.com\/de\/"},{"@type":"ListItem","position":2,"name":"BBL in der T\u00fcrkei"}]},{"@type":"WebSite","@id":"https:\/\/estherian.com\/de\/#website","url":"https:\/\/estherian.com\/de\/","name":"Estherian Clinic","description":"Plastic Surgery | Dental | Hair Transplant in Turkey","publisher":{"@id":"https:\/\/estherian.com\/de\/#organization"},"potentialAction":[{"@type":"SearchAction","target":{"@type":"EntryPoint","urlTemplate":"https:\/\/estherian.com\/de\/?s={search_term_string}"},"query-input":{"@type":"PropertyValueSpecification","valueRequired":true,"valueName":"search_term_string"}}],"inLanguage":"de"},{"@type":"Organization","@id":"https:\/\/estherian.com\/de\/#organization","name":"Estherian Clinic","alternateName":"Estherian","url":"https:\/\/estherian.com\/de\/","logo":{"@type":"ImageObject","inLanguage":"de","@id":"https:\/\/estherian.com\/de\/#\/schema\/logo\/image\/","url":"https:\/\/estherian.com\/wp-content\/uploads\/2024\/10\/EstherianLogo.png","contentUrl":"https:\/\/estherian.com\/wp-content\/uploads\/2024\/10\/EstherianLogo.png","width":882,"height":934,"caption":"Estherian Clinic"},"image":{"@id":"https:\/\/estherian.com\/de\/#\/schema\/logo\/image\/"},"sameAs":["https:\/\/www.facebook.com\/estherianclinic.en","https:\/\/x.com\/EstherianTr","https:\/\/www.instagram.com\/estherianclinic\/","https:\/\/www.tiktok.com\/@estherian.clinic","https:\/\/www.youtube.com\/estherianclinic"],"email":"hi@estherian.com","telephone":"+90-544-169-9000","legalName":"ESTHERIAN CLINIC SA\u011eLIK H\u0130ZMETLER\u0130 SAN. T\u0130C. LTD. \u015eT\u0130.","foundingDate":"2020-03-09","vatID":"TR1601485625","taxID":"1601485625","numberOfEmployees":{"@type":"QuantitativeValue","minValue":"51","maxValue":"200"},"publishingPrinciples":"https:\/\/estherian.com\/tr\/sartlar-ve-kosullar\/","actionableFeedbackPolicy":"https:\/\/estherian.com\/tr\/gizlilik-politikasi\/","correctionsPolicy":"https:\/\/estherian.com\/tr\/gizlilik-politikasi\/","ethicsPolicy":"https:\/\/estherian.com\/tr\/gizlilik-politikasi\/","diversityPolicy":"https:\/\/estherian.com\/tr\/gizlilik-politikasi\/","diversityStaffingReport":"https:\/\/estherian.com\/tr\/gizlilik-politikasi\/"},{"@type":"Person","@id":"https:\/\/estherian.com\/de\/#\/schema\/person\/0b1452799c3700afbfcfd3a0f5e64732","name":"ferhatk","image":{"@type":"ImageObject","inLanguage":"de","@id":"https:\/\/secure.gravatar.com\/avatar\/5192156a410fa37c70ea8d4f0d01782533c470a75971ae114e5cd116be51ca05?s=96&d=mm&r=g","url":"https:\/\/secure.gravatar.com\/avatar\/5192156a410fa37c70ea8d4f0d01782533c470a75971ae114e5cd116be51ca05?s=96&d=mm&r=g","contentUrl":"https:\/\/secure.gravatar.com\/avatar\/5192156a410fa37c70ea8d4f0d01782533c470a75971ae114e5cd116be51ca05?s=96&d=mm&r=g","caption":"ferhatk"},"sameAs":["https:\/\/v2.estherian.com"]}]}},"_links":{"self":[{"href":"https:\/\/estherian.com\/de\/wp-json\/wp\/v2\/pages\/24430","targetHints":{"allow":["GET"]}}],"collection":[{"href":"https:\/\/estherian.com\/de\/wp-json\/wp\/v2\/pages"}],"about":[{"href":"https:\/\/estherian.com\/de\/wp-json\/wp\/v2\/types\/page"}],"author":[{"embeddable":true,"href":"https:\/\/estherian.com\/de\/wp-json\/wp\/v2\/users\/1"}],"replies":[{"embeddable":true,"href":"https:\/\/estherian.com\/de\/wp-json\/wp\/v2\/comments?post=24430"}],"version-history":[{"count":2,"href":"https:\/\/estherian.com\/de\/wp-json\/wp\/v2\/pages\/24430\/revisions"}],"predecessor-version":[{"id":40867,"href":"https:\/\/estherian.com\/de\/wp-json\/wp\/v2\/pages\/24430\/revisions\/40867"}],"wp:featuredmedia":[{"embeddable":true,"href":"https:\/\/estherian.com\/de\/wp-json\/wp\/v2\/media\/26720"}],"wp:attachment":[{"href":"https:\/\/estherian.com\/de\/wp-json\/wp\/v2\/media?parent=24430"}],"curies":[{"name":"wp","href":"https:\/\/api.w.org\/{rel}","templated":true}]}}