{"id":24434,"date":"2024-11-27T08:27:29","date_gmt":"2024-11-27T05:27:29","guid":{"rendered":"https:\/\/estherian.com\/?page_id=24434"},"modified":"2024-12-26T06:40:52","modified_gmt":"2024-12-26T06:40:52","slug":"barttransplantation","status":"publish","type":"page","link":"https:\/\/estherian.com\/de\/barttransplantation\/","title":{"rendered":"Barttransplantation in der T\u00fcrkei"},"content":{"rendered":"\n<h2 class=\"wp-block-heading\">What Is Beard Transplant<\/h2>\n\n\n\n<p>Hair is taken from one part of the body and implanted in the jawline, wherever you want to grow your beard. It is rather simple, but it is a complicated process.<\/p>\n\n\n\n<div class=\"wp-block-columns is-layout-flex wp-container-core-columns-is-layout-9d6595d7 wp-block-columns-is-layout-flex\">\n<div class=\"wp-block-column is-layout-flow wp-block-column-is-layout-flow\">\n<h2 class=\"wp-block-heading\">Techniken der Barttransplantation<\/h2>\n\n\n\n<h3 class=\"wp-block-heading\">FUE Technik<\/h3>\n\n\n\n<p>Bei der Follikelextraktion (FUE) handelt es sich um eine Haartransplantation, bei der die gesunden und widerstandsf\u00e4higeren Haarfollikel aus den Kopfhautbereichen, in denen sie wachsen, entnommen und in einen anderen Bereich verpflanzt werden, in dem das Haar d\u00fcnner ist oder fehlt.Der Chirurg implantiert diese Follikel in zuvor ge\u00f6ffnete Kan\u00e4le oder Einschnitte in der Kopfhaut. Diese Technik f\u00fchrt sowohl bei der Entnahme als auch bei der Transplantation zu keiner sichtbaren Narbenbildung.<\/p>\n\n\n\n<h3 class=\"wp-block-heading\">DHI Technik<\/h3>\n\n\n\n<p>Die DHI-Methode unterscheidet sich von der FUE-Technik. Sie kann durchgef\u00fchrt werden, ohne den Sch\u00e4del zu rasieren, nur der Spenderbereich wird f\u00fcr den Extraktionsprozess beschnitten. durch die Verwendung des Mikromotor-Tools und zweitens die Implantation, wobei die Choi-Stifte verwendet werden, um jedes Transplantat direkt zu implantieren, ohne vorherige Erstellung von Kan\u00e4len zur Kontrolle des Winkels der Richtung jedes Transplantats.Die Choi-Stifte sind pr\u00e4ziser und in verschiedenen Gr\u00f6\u00dfen erh\u00e4ltlich, um ein nat\u00fcrlicheres Aussehen zu erzielen. Die Haardichte wird berechnet, indem die Haare gez\u00e4hlt werden, die in jedem Zentimeterquadrat auf der Kopfhaut wachsen.Diese Technik f\u00f6rdert auch eine schnellere Heilung, die im Vergleich zu anderen Techniken minimal ist.<\/p>\n<\/div>\n\n\n\n<div class=\"wp-block-column is-layout-flow wp-block-column-is-layout-flow\">\n<figure class=\"wp-block-gallery has-nested-images columns-default is-cropped wp-block-gallery-1 is-layout-flex wp-block-gallery-is-layout-flex\">\n<figure class=\"wp-block-image size-large\"><img decoding=\"async\" width=\"300\" height=\"700\" data-id=\"23287\" src=\"https:\/\/estherian.com\/wp-content\/uploads\/beard-transplant-1-1.png\" alt=\"\" class=\"wp-image-23287\" srcset=\"https:\/\/estherian.com\/wp-content\/uploads\/beard-transplant-1-1.png 300w, https:\/\/estherian.com\/wp-content\/uploads\/beard-transplant-1-1-165x386.png 165w\" sizes=\"(max-width: 300px) 100vw, 300px\" \/><\/figure>\n<\/figure>\n<\/div>\n<\/div>\n\n\n\n<div class=\"wp-block-columns is-layout-flex wp-container-core-columns-is-layout-9d6595d7 wp-block-columns-is-layout-flex\">\n<div class=\"wp-block-column is-layout-flow wp-block-column-is-layout-flow\">\n<figure class=\"wp-block-image size-full\"><img decoding=\"async\" width=\"579\" height=\"800\" src=\"https:\/\/estherian.com\/wp-content\/uploads\/beard-transplant-men-1.png\" alt=\"beard transplant in turkey\" class=\"wp-image-23283\" title=\"beard-transplant\" srcset=\"https:\/\/estherian.com\/wp-content\/uploads\/beard-transplant-men-1.png 579w, https:\/\/estherian.com\/wp-content\/uploads\/beard-transplant-men-1-279x386.png 279w\" sizes=\"(max-width: 579px) 100vw, 579px\" \/><\/figure>\n<\/div>\n\n\n\n<div class=\"wp-block-column is-layout-flow wp-block-column-is-layout-flow\">\n<h2 class=\"wp-block-heading\">Wie wird die Bart- und Schnurrbarttransplantation durchgef\u00fchrt?<\/h2>\n\n\n\n<h3 class=\"wp-block-heading\">VOR DER OPERATION<\/h3>\n\n\n\n<p>Der Arzt untersucht den Patienten, um festzustellen, ob er f\u00fcr die Operation geeignet ist.<\/p>\n\n\n\n<p>Der Arzt muss den nat\u00fcrlichen Wuchs Ihres Bartes sehen, deshalb sollten Sie sich vor der Untersuchung nicht rasieren.<\/p>\n\n\n\n<p>Wenn Sie die Anweisungen Ihres Arztes genau befolgen, erzielen Sie die besten Ergebnisse.<\/p>\n\n\n\n<h3 class=\"wp-block-heading\">W\u00c4HREND DES BETRIEBS<\/h3>\n\n\n\n<p>Das chirurgische Verfahren der Barttransplantation \u00e4hnelt dem der Haartransplantation in Bezug auf die verwendeten Techniken.<\/p>\n\n\n\n<p>Der spezialisierte Chirurg bestimmt die geeignete Methode.<\/p>\n\n\n\n<h3 class=\"wp-block-heading\">NACH DER OPERATION<\/h3>\n\n\n\n<p>Wenn der Patient die Anweisungen des Chirurgen sorgf\u00e4ltig und gewissenhaft befolgt, hat er die M\u00f6glichkeit, das gew\u00fcnschte Ergebnis der Barttransplantation zu erzielen.<\/p>\n<\/div>\n<\/div>\n\n\n\n<h2 class=\"wp-block-heading\">FAQ&#8217;s \u00fcber Barttransplantation<\/h2>\n\n\n\n<h3 class=\"wp-block-heading\">Ist eine Barttransplantation dauerhaft?<\/h3>\n\n\n\n<p>Barttransplantationen gelten als dauerhaft, da die transplantierten Haarfollikel ein Leben lang an der neuen Stelle weiterwachsen.<\/p>\n\n\n\n<h3 class=\"wp-block-heading\">Sieht eine Barttransplantation nat\u00fcrlich aus?<\/h3>\n\n\n\n<p>Moderne Techniken wie DHI und FUE sorgen f\u00fcr ein nat\u00fcrliches Aussehen, indem sie jedes Follikel sorgf\u00e4ltig im richtigen Winkel und mit der richtigen Dichte platzieren.<\/p>\n\n\n\n<h3 class=\"wp-block-heading\">Wie lange dauert die Genesung nach einer Barttransplantation?<\/h3>\n\n\n\n<p>Die meisten Patienten k\u00f6nnen ihre normalen Aktivit\u00e4ten innerhalb von 2 bis 3 Tagen wieder aufnehmen, doch kann es bis zu einer Woche dauern, bis leichte R\u00f6tungen und Schwellungen im behandelten Bereich abklingen.<\/p>\n\n\n\n<h3 class=\"wp-block-heading\"><br>Kann ich die Form meines Bartes w\u00e4hlen?<\/h3>\n\n\n\n<p>Ja, der Chirurg arbeitet mit Ihnen zusammen, um die gew\u00fcnschte Bartform zu entwerfen und sie an Ihr Gesicht und Ihre Vorlieben anzupassen.<\/p>\n\n\n\n<h3 class=\"wp-block-heading\">Kann eine Barttransplantation mit anderen Eingriffen kombiniert werden?<\/h3>\n\n\n\n<p>Ja, eine Barttransplantation kann mit anderen Verfahren wie der Haartransplantation f\u00fcr eine umfassende Wiederherstellung der Gesichtsbehaarung kombiniert werden.<\/p>\n\n\n\n<p><br><\/p>\n","protected":false},"excerpt":{"rendered":"<p>What Is Beard Transplant Hair is taken from one part of the body and implanted in the jawline, wherever you want to grow your beard. It is rather simple, but it is a complicated process. Techniken der Barttransplantation FUE Technik Bei der Follikelextraktion (FUE) handelt es sich um eine Haartransplantation, bei der die gesunden und&hellip;<\/p>\n","protected":false},"author":1,"featured_media":26623,"parent":0,"menu_order":10,"comment_status":"closed","ping_status":"closed","template":"","meta":{"footnotes":""},"class_list":["post-24434","page","type-page","status-publish","has-post-thumbnail","hentry","description-off"],"yoast_head":"<!-- This site is optimized with the Yoast SEO Premium plugin v27.3 (Yoast SEO v27.3) - https:\/\/yoast.com\/product\/yoast-seo-premium-wordpress\/ -->\n<title>Barttransplantation in der T\u00fcrkei | Estherian Clinic<\/title>\n<meta name=\"robots\" content=\"index, follow, max-snippet:-1, max-image-preview:large, max-video-preview:-1\" \/>\n<link rel=\"canonical\" href=\"https:\/\/estherian.com\/de\/barttransplantation\/\" \/>\n<meta property=\"og:locale\" content=\"de_DE\" \/>\n<meta property=\"og:type\" content=\"article\" \/>\n<meta property=\"og:title\" content=\"Barttransplantation in der T\u00fcrkei\" \/>\n<meta property=\"og:description\" content=\"Looks better with Estherian Clinic. Plastic Surgery, Dental treatments and more beautiful services!\" \/>\n<meta property=\"og:url\" content=\"https:\/\/estherian.com\/de\/barttransplantation\/\" \/>\n<meta property=\"og:site_name\" content=\"Estherian Clinic\" \/>\n<meta property=\"article:publisher\" content=\"https:\/\/www.facebook.com\/estherianclinic.en\" \/>\n<meta property=\"article:modified_time\" content=\"2024-12-26T06:40:52+00:00\" \/>\n<meta property=\"og:image\" content=\"https:\/\/estherian.com\/wp-content\/uploads\/beard-transplant-1-1.png\" \/>\n\t<meta property=\"og:image:width\" content=\"300\" \/>\n\t<meta property=\"og:image:height\" content=\"700\" \/>\n\t<meta property=\"og:image:type\" content=\"image\/png\" \/>\n<meta name=\"twitter:card\" content=\"summary_large_image\" \/>\n<meta name=\"twitter:site\" content=\"@EstherianTr\" \/>\n<meta name=\"twitter:label1\" content=\"Gesch\u00e4tzte Lesezeit\" \/>\n\t<meta name=\"twitter:data1\" content=\"3\u00a0Minuten\" \/>\n<script type=\"application\/ld+json\" class=\"yoast-schema-graph\">{\"@context\":\"https:\\\/\\\/schema.org\",\"@graph\":[{\"@type\":\"Article\",\"@id\":\"https:\\\/\\\/estherian.com\\\/de\\\/barttransplantation\\\/#article\",\"isPartOf\":{\"@id\":\"https:\\\/\\\/estherian.com\\\/de\\\/barttransplantation\\\/\"},\"author\":{\"name\":\"ferhatk\",\"@id\":\"https:\\\/\\\/estherian.com\\\/de\\\/#\\\/schema\\\/person\\\/0b1452799c3700afbfcfd3a0f5e64732\"},\"headline\":\"Barttransplantation in der T\u00fcrkei\",\"datePublished\":\"2024-11-27T05:27:29+00:00\",\"dateModified\":\"2024-12-26T06:40:52+00:00\",\"mainEntityOfPage\":{\"@id\":\"https:\\\/\\\/estherian.com\\\/de\\\/barttransplantation\\\/\"},\"wordCount\":505,\"publisher\":{\"@id\":\"https:\\\/\\\/estherian.com\\\/de\\\/#organization\"},\"image\":{\"@id\":\"https:\\\/\\\/estherian.com\\\/de\\\/barttransplantation\\\/#primaryimage\"},\"thumbnailUrl\":\"https:\\\/\\\/estherian.com\\\/wp-content\\\/uploads\\\/beard_transplant_in_turkey_1920x1080.jpg\",\"inLanguage\":\"de\"},{\"@type\":\"WebPage\",\"@id\":\"https:\\\/\\\/estherian.com\\\/de\\\/barttransplantation\\\/\",\"url\":\"https:\\\/\\\/estherian.com\\\/de\\\/barttransplantation\\\/\",\"name\":\"Barttransplantation in der T\u00fcrkei | Estherian Clinic\",\"isPartOf\":{\"@id\":\"https:\\\/\\\/estherian.com\\\/de\\\/#website\"},\"primaryImageOfPage\":{\"@id\":\"https:\\\/\\\/estherian.com\\\/de\\\/barttransplantation\\\/#primaryimage\"},\"image\":{\"@id\":\"https:\\\/\\\/estherian.com\\\/de\\\/barttransplantation\\\/#primaryimage\"},\"thumbnailUrl\":\"https:\\\/\\\/estherian.com\\\/wp-content\\\/uploads\\\/beard_transplant_in_turkey_1920x1080.jpg\",\"datePublished\":\"2024-11-27T05:27:29+00:00\",\"dateModified\":\"2024-12-26T06:40:52+00:00\",\"breadcrumb\":{\"@id\":\"https:\\\/\\\/estherian.com\\\/de\\\/barttransplantation\\\/#breadcrumb\"},\"inLanguage\":\"de\",\"potentialAction\":[{\"@type\":\"ReadAction\",\"target\":[\"https:\\\/\\\/estherian.com\\\/de\\\/barttransplantation\\\/\"]}]},{\"@type\":\"ImageObject\",\"inLanguage\":\"de\",\"@id\":\"https:\\\/\\\/estherian.com\\\/de\\\/barttransplantation\\\/#primaryimage\",\"url\":\"https:\\\/\\\/estherian.com\\\/wp-content\\\/uploads\\\/beard_transplant_in_turkey_1920x1080.jpg\",\"contentUrl\":\"https:\\\/\\\/estherian.com\\\/wp-content\\\/uploads\\\/beard_transplant_in_turkey_1920x1080.jpg\",\"width\":1920,\"height\":1080},{\"@type\":\"BreadcrumbList\",\"@id\":\"https:\\\/\\\/estherian.com\\\/de\\\/barttransplantation\\\/#breadcrumb\",\"itemListElement\":[{\"@type\":\"ListItem\",\"position\":1,\"name\":\"Home\",\"item\":\"https:\\\/\\\/estherian.com\\\/de\\\/\"},{\"@type\":\"ListItem\",\"position\":2,\"name\":\"Barttransplantation in der T\u00fcrkei\"}]},{\"@type\":\"WebSite\",\"@id\":\"https:\\\/\\\/estherian.com\\\/de\\\/#website\",\"url\":\"https:\\\/\\\/estherian.com\\\/de\\\/\",\"name\":\"Estherian Clinic\",\"description\":\"Plastic Surgery | Dental | Hair Transplant in Turkey\",\"publisher\":{\"@id\":\"https:\\\/\\\/estherian.com\\\/de\\\/#organization\"},\"potentialAction\":[{\"@type\":\"SearchAction\",\"target\":{\"@type\":\"EntryPoint\",\"urlTemplate\":\"https:\\\/\\\/estherian.com\\\/de\\\/?s={search_term_string}\"},\"query-input\":{\"@type\":\"PropertyValueSpecification\",\"valueRequired\":true,\"valueName\":\"search_term_string\"}}],\"inLanguage\":\"de\"},{\"@type\":\"Organization\",\"@id\":\"https:\\\/\\\/estherian.com\\\/de\\\/#organization\",\"name\":\"Estherian Clinic\",\"alternateName\":\"Estherian\",\"url\":\"https:\\\/\\\/estherian.com\\\/de\\\/\",\"logo\":{\"@type\":\"ImageObject\",\"inLanguage\":\"de\",\"@id\":\"https:\\\/\\\/estherian.com\\\/de\\\/#\\\/schema\\\/logo\\\/image\\\/\",\"url\":\"https:\\\/\\\/estherian.com\\\/wp-content\\\/uploads\\\/2024\\\/10\\\/EstherianLogo.png\",\"contentUrl\":\"https:\\\/\\\/estherian.com\\\/wp-content\\\/uploads\\\/2024\\\/10\\\/EstherianLogo.png\",\"width\":882,\"height\":934,\"caption\":\"Estherian Clinic\"},\"image\":{\"@id\":\"https:\\\/\\\/estherian.com\\\/de\\\/#\\\/schema\\\/logo\\\/image\\\/\"},\"sameAs\":[\"https:\\\/\\\/www.facebook.com\\\/estherianclinic.en\",\"https:\\\/\\\/x.com\\\/EstherianTr\",\"https:\\\/\\\/www.instagram.com\\\/estherianclinic\\\/\",\"https:\\\/\\\/www.tiktok.com\\\/@estherian.clinic\",\"https:\\\/\\\/www.youtube.com\\\/estherianclinic\"],\"email\":\"hi@estherian.com\",\"telephone\":\"+90-544-169-9000\",\"legalName\":\"ESTHERIAN CLINIC SA\u011eLIK H\u0130ZMETLER\u0130 SAN. T\u0130C. LTD. \u015eT\u0130.\",\"foundingDate\":\"2020-03-09\",\"vatID\":\"TR1601485625\",\"taxID\":\"1601485625\",\"numberOfEmployees\":{\"@type\":\"QuantitativeValue\",\"minValue\":\"51\",\"maxValue\":\"200\"},\"publishingPrinciples\":\"https:\\\/\\\/estherian.com\\\/tr\\\/sartlar-ve-kosullar\\\/\",\"actionableFeedbackPolicy\":\"https:\\\/\\\/estherian.com\\\/tr\\\/gizlilik-politikasi\\\/\",\"correctionsPolicy\":\"https:\\\/\\\/estherian.com\\\/tr\\\/gizlilik-politikasi\\\/\",\"ethicsPolicy\":\"https:\\\/\\\/estherian.com\\\/tr\\\/gizlilik-politikasi\\\/\",\"diversityPolicy\":\"https:\\\/\\\/estherian.com\\\/tr\\\/gizlilik-politikasi\\\/\",\"diversityStaffingReport\":\"https:\\\/\\\/estherian.com\\\/tr\\\/gizlilik-politikasi\\\/\"},{\"@type\":\"Person\",\"@id\":\"https:\\\/\\\/estherian.com\\\/de\\\/#\\\/schema\\\/person\\\/0b1452799c3700afbfcfd3a0f5e64732\",\"name\":\"ferhatk\",\"image\":{\"@type\":\"ImageObject\",\"inLanguage\":\"de\",\"@id\":\"https:\\\/\\\/secure.gravatar.com\\\/avatar\\\/5192156a410fa37c70ea8d4f0d01782533c470a75971ae114e5cd116be51ca05?s=96&d=mm&r=g\",\"url\":\"https:\\\/\\\/secure.gravatar.com\\\/avatar\\\/5192156a410fa37c70ea8d4f0d01782533c470a75971ae114e5cd116be51ca05?s=96&d=mm&r=g\",\"contentUrl\":\"https:\\\/\\\/secure.gravatar.com\\\/avatar\\\/5192156a410fa37c70ea8d4f0d01782533c470a75971ae114e5cd116be51ca05?s=96&d=mm&r=g\",\"caption\":\"ferhatk\"},\"sameAs\":[\"https:\\\/\\\/v2.estherian.com\"]}]}<\/script>\n<!-- \/ Yoast SEO Premium plugin. -->","yoast_head_json":{"title":"Barttransplantation in der T\u00fcrkei | Estherian Clinic","robots":{"index":"index","follow":"follow","max-snippet":"max-snippet:-1","max-image-preview":"max-image-preview:large","max-video-preview":"max-video-preview:-1"},"canonical":"https:\/\/estherian.com\/de\/barttransplantation\/","og_locale":"de_DE","og_type":"article","og_title":"Barttransplantation in der T\u00fcrkei","og_description":"Looks better with Estherian Clinic. Plastic Surgery, Dental treatments and more beautiful services!","og_url":"https:\/\/estherian.com\/de\/barttransplantation\/","og_site_name":"Estherian Clinic","article_publisher":"https:\/\/www.facebook.com\/estherianclinic.en","article_modified_time":"2024-12-26T06:40:52+00:00","og_image":[{"width":300,"height":700,"url":"https:\/\/estherian.com\/wp-content\/uploads\/beard-transplant-1-1.png","type":"image\/png"}],"twitter_card":"summary_large_image","twitter_site":"@EstherianTr","twitter_misc":{"Gesch\u00e4tzte Lesezeit":"3\u00a0Minuten"},"schema":{"@context":"https:\/\/schema.org","@graph":[{"@type":"Article","@id":"https:\/\/estherian.com\/de\/barttransplantation\/#article","isPartOf":{"@id":"https:\/\/estherian.com\/de\/barttransplantation\/"},"author":{"name":"ferhatk","@id":"https:\/\/estherian.com\/de\/#\/schema\/person\/0b1452799c3700afbfcfd3a0f5e64732"},"headline":"Barttransplantation in der T\u00fcrkei","datePublished":"2024-11-27T05:27:29+00:00","dateModified":"2024-12-26T06:40:52+00:00","mainEntityOfPage":{"@id":"https:\/\/estherian.com\/de\/barttransplantation\/"},"wordCount":505,"publisher":{"@id":"https:\/\/estherian.com\/de\/#organization"},"image":{"@id":"https:\/\/estherian.com\/de\/barttransplantation\/#primaryimage"},"thumbnailUrl":"https:\/\/estherian.com\/wp-content\/uploads\/beard_transplant_in_turkey_1920x1080.jpg","inLanguage":"de"},{"@type":"WebPage","@id":"https:\/\/estherian.com\/de\/barttransplantation\/","url":"https:\/\/estherian.com\/de\/barttransplantation\/","name":"Barttransplantation in der T\u00fcrkei | Estherian Clinic","isPartOf":{"@id":"https:\/\/estherian.com\/de\/#website"},"primaryImageOfPage":{"@id":"https:\/\/estherian.com\/de\/barttransplantation\/#primaryimage"},"image":{"@id":"https:\/\/estherian.com\/de\/barttransplantation\/#primaryimage"},"thumbnailUrl":"https:\/\/estherian.com\/wp-content\/uploads\/beard_transplant_in_turkey_1920x1080.jpg","datePublished":"2024-11-27T05:27:29+00:00","dateModified":"2024-12-26T06:40:52+00:00","breadcrumb":{"@id":"https:\/\/estherian.com\/de\/barttransplantation\/#breadcrumb"},"inLanguage":"de","potentialAction":[{"@type":"ReadAction","target":["https:\/\/estherian.com\/de\/barttransplantation\/"]}]},{"@type":"ImageObject","inLanguage":"de","@id":"https:\/\/estherian.com\/de\/barttransplantation\/#primaryimage","url":"https:\/\/estherian.com\/wp-content\/uploads\/beard_transplant_in_turkey_1920x1080.jpg","contentUrl":"https:\/\/estherian.com\/wp-content\/uploads\/beard_transplant_in_turkey_1920x1080.jpg","width":1920,"height":1080},{"@type":"BreadcrumbList","@id":"https:\/\/estherian.com\/de\/barttransplantation\/#breadcrumb","itemListElement":[{"@type":"ListItem","position":1,"name":"Home","item":"https:\/\/estherian.com\/de\/"},{"@type":"ListItem","position":2,"name":"Barttransplantation in der T\u00fcrkei"}]},{"@type":"WebSite","@id":"https:\/\/estherian.com\/de\/#website","url":"https:\/\/estherian.com\/de\/","name":"Estherian Clinic","description":"Plastic Surgery | Dental | Hair Transplant in Turkey","publisher":{"@id":"https:\/\/estherian.com\/de\/#organization"},"potentialAction":[{"@type":"SearchAction","target":{"@type":"EntryPoint","urlTemplate":"https:\/\/estherian.com\/de\/?s={search_term_string}"},"query-input":{"@type":"PropertyValueSpecification","valueRequired":true,"valueName":"search_term_string"}}],"inLanguage":"de"},{"@type":"Organization","@id":"https:\/\/estherian.com\/de\/#organization","name":"Estherian Clinic","alternateName":"Estherian","url":"https:\/\/estherian.com\/de\/","logo":{"@type":"ImageObject","inLanguage":"de","@id":"https:\/\/estherian.com\/de\/#\/schema\/logo\/image\/","url":"https:\/\/estherian.com\/wp-content\/uploads\/2024\/10\/EstherianLogo.png","contentUrl":"https:\/\/estherian.com\/wp-content\/uploads\/2024\/10\/EstherianLogo.png","width":882,"height":934,"caption":"Estherian Clinic"},"image":{"@id":"https:\/\/estherian.com\/de\/#\/schema\/logo\/image\/"},"sameAs":["https:\/\/www.facebook.com\/estherianclinic.en","https:\/\/x.com\/EstherianTr","https:\/\/www.instagram.com\/estherianclinic\/","https:\/\/www.tiktok.com\/@estherian.clinic","https:\/\/www.youtube.com\/estherianclinic"],"email":"hi@estherian.com","telephone":"+90-544-169-9000","legalName":"ESTHERIAN CLINIC SA\u011eLIK H\u0130ZMETLER\u0130 SAN. T\u0130C. LTD. \u015eT\u0130.","foundingDate":"2020-03-09","vatID":"TR1601485625","taxID":"1601485625","numberOfEmployees":{"@type":"QuantitativeValue","minValue":"51","maxValue":"200"},"publishingPrinciples":"https:\/\/estherian.com\/tr\/sartlar-ve-kosullar\/","actionableFeedbackPolicy":"https:\/\/estherian.com\/tr\/gizlilik-politikasi\/","correctionsPolicy":"https:\/\/estherian.com\/tr\/gizlilik-politikasi\/","ethicsPolicy":"https:\/\/estherian.com\/tr\/gizlilik-politikasi\/","diversityPolicy":"https:\/\/estherian.com\/tr\/gizlilik-politikasi\/","diversityStaffingReport":"https:\/\/estherian.com\/tr\/gizlilik-politikasi\/"},{"@type":"Person","@id":"https:\/\/estherian.com\/de\/#\/schema\/person\/0b1452799c3700afbfcfd3a0f5e64732","name":"ferhatk","image":{"@type":"ImageObject","inLanguage":"de","@id":"https:\/\/secure.gravatar.com\/avatar\/5192156a410fa37c70ea8d4f0d01782533c470a75971ae114e5cd116be51ca05?s=96&d=mm&r=g","url":"https:\/\/secure.gravatar.com\/avatar\/5192156a410fa37c70ea8d4f0d01782533c470a75971ae114e5cd116be51ca05?s=96&d=mm&r=g","contentUrl":"https:\/\/secure.gravatar.com\/avatar\/5192156a410fa37c70ea8d4f0d01782533c470a75971ae114e5cd116be51ca05?s=96&d=mm&r=g","caption":"ferhatk"},"sameAs":["https:\/\/v2.estherian.com"]}]}},"_links":{"self":[{"href":"https:\/\/estherian.com\/de\/wp-json\/wp\/v2\/pages\/24434","targetHints":{"allow":["GET"]}}],"collection":[{"href":"https:\/\/estherian.com\/de\/wp-json\/wp\/v2\/pages"}],"about":[{"href":"https:\/\/estherian.com\/de\/wp-json\/wp\/v2\/types\/page"}],"author":[{"embeddable":true,"href":"https:\/\/estherian.com\/de\/wp-json\/wp\/v2\/users\/1"}],"replies":[{"embeddable":true,"href":"https:\/\/estherian.com\/de\/wp-json\/wp\/v2\/comments?post=24434"}],"version-history":[{"count":0,"href":"https:\/\/estherian.com\/de\/wp-json\/wp\/v2\/pages\/24434\/revisions"}],"wp:featuredmedia":[{"embeddable":true,"href":"https:\/\/estherian.com\/de\/wp-json\/wp\/v2\/media\/26623"}],"wp:attachment":[{"href":"https:\/\/estherian.com\/de\/wp-json\/wp\/v2\/media?parent=24434"}],"curies":[{"name":"wp","href":"https:\/\/api.w.org\/{rel}","templated":true}]}}