{"id":24476,"date":"2024-11-22T12:00:34","date_gmt":"2024-11-22T09:00:34","guid":{"rendered":"https:\/\/estherian.com\/?page_id=24476"},"modified":"2025-01-04T10:54:20","modified_gmt":"2025-01-04T10:54:20","slug":"kinnvergroesserung","status":"publish","type":"page","link":"https:\/\/estherian.com\/de\/kinnvergroesserung\/","title":{"rendered":"Kinnvergr\u00f6\u00dferung"},"content":{"rendered":"\n<p>Bei der Kinnvergr\u00f6\u00dferung handelt es sich um einen Eingriff, der das Erscheinungsbild eines schwachen Kinns verbessert und ein besseres Gleichgewicht zwischen den Gesichtsz\u00fcgen schafft. Dies kann entweder mit einem Implantat oder mit dem eigenen Kieferknochen des Patienten erreicht werden. Die Kinnvergr\u00f6\u00dferung tr\u00e4gt dazu bei, die Gesamtharmonie des Gesichts zu verbessern, indem ein zu klein oder zur\u00fcckliegend erscheinendes Kinn korrigiert wird.<\/p>\n\n\n\n<figure class=\"wp-block-image size-full is-resized\"><img decoding=\"async\" width=\"1920\" height=\"1080\" src=\"https:\/\/estherian.com\/wp-content\/uploads\/chin-implant-before-afrer.png\" alt=\"\" class=\"wp-image-27107\" style=\"width:600px\" srcset=\"https:\/\/estherian.com\/wp-content\/uploads\/chin-implant-before-afrer.png 1920w, https:\/\/estherian.com\/wp-content\/uploads\/chin-implant-before-afrer-440x248.png 440w, https:\/\/estherian.com\/wp-content\/uploads\/chin-implant-before-afrer-393x221.png 393w, https:\/\/estherian.com\/wp-content\/uploads\/chin-implant-before-afrer-768x432.png 768w, https:\/\/estherian.com\/wp-content\/uploads\/chin-implant-before-afrer-1536x864.png 1536w\" sizes=\"(max-width: 1920px) 100vw, 1920px\" \/><\/figure>\n\n\n\n<div class=\"wp-block-columns is-layout-flex wp-container-core-columns-is-layout-9d6595d7 wp-block-columns-is-layout-flex\">\n<div class=\"wp-block-column is-layout-flow wp-block-column-is-layout-flow\">\n<h2 class=\"wp-block-heading\">Chin Augmentation Surgery<\/h2>\n\n\n\n<h3 class=\"wp-block-heading\">Vor der Operation<\/h3>\n\n\n\n<p>Zun\u00e4chst wird der Chirurg eine \u00e4rztliche Untersuchung durchf\u00fchren, um sicherzustellen, dass Sie gesund sind, und er wird Ihnen raten, rechtzeitig vor dem Eingriff mit dem Rauchen aufzuh\u00f6ren. Es ist auch wichtig, dass Sie kein Aspirin und einige entz\u00fcndungshemmende Medikamente einnehmen, da diese das Risiko von Blutungen w\u00e4hrend des Eingriffs erh\u00f6hen k\u00f6nnen.<\/p>\n\n\n\n<h3 class=\"wp-block-heading\">W\u00c4HREND DES BETRIEBS<\/h3>\n\n\n\n<p>Je nach der gew\u00e4hlten Technik setzt der Chirurg kleine Schnitte. Einige Chirurgen ziehen es vor, den Eingriff \u00fcber einen Schnitt im Mund durchzuf\u00fchren, w\u00e4hrend andere sich f\u00fcr einen Schnitt unter dem Kinn entscheiden. Welche Methode gew\u00e4hlt wird, h\u00e4ngt von dem gew\u00fcnschten Ergebnis und Ihrem speziellen Fall ab.<\/p>\n\n\n\n<h3 class=\"wp-block-heading\">Nach der Operation<\/h3>\n\n\n\n<p>Es ist wichtig, die Anweisungen des Arztes genau zu befolgen, insbesondere in Bezug auf die Mundpflege. Schwellungen und Bluterg\u00fcsse sind \u00fcblich und in der ersten Woche der Genesung normal. Die meisten Patienten k\u00f6nnen innerhalb einer Woche zu ihrem Alltag zur\u00fcckkehren, da die Erholungsphase in der Regel kurz ist.<\/p>\n<\/div>\n<\/div>\n\n\n\n<div class=\"wp-block-columns is-layout-flex wp-container-core-columns-is-layout-9d6595d7 wp-block-columns-is-layout-flex\">\n<div class=\"wp-block-column is-layout-flow wp-block-column-is-layout-flow\">\n<figure class=\"wp-block-image size-full is-resized\"><img decoding=\"async\" width=\"801\" height=\"801\" src=\"https:\/\/estherian.com\/wp-content\/uploads\/chin-lipo-01-1.png\" alt=\"\" class=\"wp-image-23421\" style=\"width:458px;height:auto\" title=\"chin-estherian\" srcset=\"https:\/\/estherian.com\/wp-content\/uploads\/chin-lipo-01-1.png 801w, https:\/\/estherian.com\/wp-content\/uploads\/chin-lipo-01-1-386x386.png 386w, https:\/\/estherian.com\/wp-content\/uploads\/chin-lipo-01-1-275x275.png 275w, https:\/\/estherian.com\/wp-content\/uploads\/chin-lipo-01-1-768x768.png 768w\" sizes=\"(max-width: 801px) 100vw, 801px\" \/><\/figure>\n<\/div>\n\n\n\n<div class=\"wp-block-column is-layout-flow wp-block-column-is-layout-flow\">\n<h2 class=\"wp-block-heading\">Wer ist ein guter Kandidat f\u00fcr eine Kinnoperation?<\/h2>\n\n\n\n<ul class=\"wp-block-list\">\n<li>gesund<\/li>\n\n\n\n<li>Nichtraucher<\/li>\n\n\n\n<li>Genervt vom Aussehen Ihres Kinns<\/li>\n\n\n\n<li>Sie haben ein zu kurzes Kinn oder ein zu wenig ausgepr\u00e4gtes Kinn<\/li>\n<\/ul>\n<\/div>\n<\/div>\n\n\n\n<h2 class=\"wp-block-heading\">Kinn Augmentation Kosten<\/h2>\n\n\n\n<p><br>Die Kosten f\u00fcr eine Kinnvergr\u00f6\u00dferung k\u00f6nnen von Patient zu Patient variieren. Faktoren wie die angewandte Technik, die betroffenen Bereiche und die Kombination mit anderen Eingriffen spielen eine wichtige Rolle bei der Bestimmung des Preises. Die Preise k\u00f6nnen je nach den spezifischen Bed\u00fcrfnissen und Zielen des Eingriffs variieren.<\/p>\n\n\n\n<h2 class=\"wp-block-heading\">H\u00e4ufig gestellte Fragen (FAQs)<\/h2>\n\n\n\n<h3 class=\"wp-block-heading\">Wie lange halten die Ergebnisse einer Kinnvergr\u00f6\u00dferung an?<\/h3>\n\n\n\n<p>Die Ergebnisse einer Kinnvergr\u00f6\u00dferung sind in der Regel von langer Dauer. Wenn Implantate verwendet werden, k\u00f6nnen sie viele Jahre lang an ihrem Platz bleiben. In einigen F\u00e4llen kann es zu einer Fettabsorption oder -verschiebung kommen, aber das Gesamtergebnis sollte ein ausgewogeneres und \u00e4sthetisch ansprechendes Kinn ergeben.<\/p>\n\n\n\n<h3 class=\"wp-block-heading\">Was sind die Risiken einer Kinnoperation?<\/h3>\n\n\n\n<p>Wie bei jedem chirurgischen Eingriff gibt es auch bei der Kinnvergr\u00f6\u00dferung Risiken. Dazu geh\u00f6ren Verschiebung des Kinnimplantats, Asymmetrie, An\u00e4sthesierisiken, Blutungen, H\u00e4matome, Infektionen und Klumpenbildung. Es ist wichtig, dass Sie diese potenziellen Risiken mit Ihrem Chirurgen besprechen, bevor Sie den Eingriff vornehmen.<\/p>\n\n\n\n<h3 class=\"wp-block-heading\">Wer ist ein guter Kandidat f\u00fcr eine Kinnoperation?<\/h3>\n\n\n\n<p>Ideale Kandidaten f\u00fcr eine Kinnvergr\u00f6\u00dferung sind Menschen, die gesund sind, nicht rauchen und sich an ihrem Kinn st\u00f6ren. Dieses Verfahren ist vor allem f\u00fcr Personen geeignet, deren Kinn zu kurz ist oder zu wenig vorsteht.<\/p>\n\n\n\n<p><\/p>\n","protected":false},"excerpt":{"rendered":"<p>Bei der Kinnvergr\u00f6\u00dferung handelt es sich um einen Eingriff, der das Erscheinungsbild eines schwachen Kinns verbessert und ein besseres Gleichgewicht zwischen den Gesichtsz\u00fcgen schafft. Dies kann entweder mit einem Implantat oder mit dem eigenen Kieferknochen des Patienten erreicht werden. Die Kinnvergr\u00f6\u00dferung tr\u00e4gt dazu bei, die Gesamtharmonie des Gesichts zu verbessern, indem ein zu klein oder&hellip;<\/p>\n","protected":false},"author":1,"featured_media":27057,"parent":0,"menu_order":10,"comment_status":"closed","ping_status":"closed","template":"","meta":{"footnotes":""},"class_list":["post-24476","page","type-page","status-publish","has-post-thumbnail","hentry","description-off"],"yoast_head":"<!-- This site is optimized with the Yoast SEO Premium plugin v27.3 (Yoast SEO v27.3) - https:\/\/yoast.com\/product\/yoast-seo-premium-wordpress\/ -->\n<title>Kinnvergr\u00f6\u00dferung | Estherian Clinic<\/title>\n<meta name=\"robots\" content=\"index, follow, max-snippet:-1, max-image-preview:large, max-video-preview:-1\" \/>\n<link rel=\"canonical\" href=\"https:\/\/estherian.com\/de\/kinnvergroesserung\/\" \/>\n<meta property=\"og:locale\" content=\"de_DE\" \/>\n<meta property=\"og:type\" content=\"article\" \/>\n<meta property=\"og:title\" content=\"Kinnvergr\u00f6\u00dferung\" \/>\n<meta property=\"og:description\" content=\"Looks better with Estherian Clinic. Plastic Surgery, Dental treatments and more beautiful services!\" \/>\n<meta property=\"og:url\" content=\"https:\/\/estherian.com\/de\/kinnvergroesserung\/\" \/>\n<meta property=\"og:site_name\" content=\"Estherian Clinic\" \/>\n<meta property=\"article:publisher\" content=\"https:\/\/www.facebook.com\/estherianclinic.en\" \/>\n<meta property=\"article:modified_time\" content=\"2025-01-04T10:54:20+00:00\" \/>\n<meta property=\"og:image\" content=\"https:\/\/estherian.com\/wp-content\/uploads\/chin_implants_turkey_1920x1080.jpg\" \/>\n\t<meta property=\"og:image:width\" content=\"1920\" \/>\n\t<meta property=\"og:image:height\" content=\"1080\" \/>\n\t<meta property=\"og:image:type\" content=\"image\/jpeg\" \/>\n<meta name=\"twitter:card\" content=\"summary_large_image\" \/>\n<meta name=\"twitter:site\" content=\"@EstherianTr\" \/>\n<meta name=\"twitter:label1\" content=\"Gesch\u00e4tzte Lesezeit\" \/>\n\t<meta name=\"twitter:data1\" content=\"3\u00a0Minuten\" \/>\n<script type=\"application\/ld+json\" class=\"yoast-schema-graph\">{\"@context\":\"https:\\\/\\\/schema.org\",\"@graph\":[{\"@type\":\"Article\",\"@id\":\"https:\\\/\\\/estherian.com\\\/de\\\/kinnvergroesserung\\\/#article\",\"isPartOf\":{\"@id\":\"https:\\\/\\\/estherian.com\\\/de\\\/kinnvergroesserung\\\/\"},\"author\":{\"name\":\"ferhatk\",\"@id\":\"https:\\\/\\\/estherian.com\\\/de\\\/#\\\/schema\\\/person\\\/0b1452799c3700afbfcfd3a0f5e64732\"},\"headline\":\"Kinnvergr\u00f6\u00dferung\",\"datePublished\":\"2024-11-22T09:00:34+00:00\",\"dateModified\":\"2025-01-04T10:54:20+00:00\",\"mainEntityOfPage\":{\"@id\":\"https:\\\/\\\/estherian.com\\\/de\\\/kinnvergroesserung\\\/\"},\"wordCount\":489,\"publisher\":{\"@id\":\"https:\\\/\\\/estherian.com\\\/de\\\/#organization\"},\"image\":{\"@id\":\"https:\\\/\\\/estherian.com\\\/de\\\/kinnvergroesserung\\\/#primaryimage\"},\"thumbnailUrl\":\"https:\\\/\\\/estherian.com\\\/wp-content\\\/uploads\\\/chin_implants_turkey_1920x1080.jpg\",\"inLanguage\":\"de\"},{\"@type\":\"WebPage\",\"@id\":\"https:\\\/\\\/estherian.com\\\/de\\\/kinnvergroesserung\\\/\",\"url\":\"https:\\\/\\\/estherian.com\\\/de\\\/kinnvergroesserung\\\/\",\"name\":\"Kinnvergr\u00f6\u00dferung | Estherian Clinic\",\"isPartOf\":{\"@id\":\"https:\\\/\\\/estherian.com\\\/de\\\/#website\"},\"primaryImageOfPage\":{\"@id\":\"https:\\\/\\\/estherian.com\\\/de\\\/kinnvergroesserung\\\/#primaryimage\"},\"image\":{\"@id\":\"https:\\\/\\\/estherian.com\\\/de\\\/kinnvergroesserung\\\/#primaryimage\"},\"thumbnailUrl\":\"https:\\\/\\\/estherian.com\\\/wp-content\\\/uploads\\\/chin_implants_turkey_1920x1080.jpg\",\"datePublished\":\"2024-11-22T09:00:34+00:00\",\"dateModified\":\"2025-01-04T10:54:20+00:00\",\"breadcrumb\":{\"@id\":\"https:\\\/\\\/estherian.com\\\/de\\\/kinnvergroesserung\\\/#breadcrumb\"},\"inLanguage\":\"de\",\"potentialAction\":[{\"@type\":\"ReadAction\",\"target\":[\"https:\\\/\\\/estherian.com\\\/de\\\/kinnvergroesserung\\\/\"]}]},{\"@type\":\"ImageObject\",\"inLanguage\":\"de\",\"@id\":\"https:\\\/\\\/estherian.com\\\/de\\\/kinnvergroesserung\\\/#primaryimage\",\"url\":\"https:\\\/\\\/estherian.com\\\/wp-content\\\/uploads\\\/chin_implants_turkey_1920x1080.jpg\",\"contentUrl\":\"https:\\\/\\\/estherian.com\\\/wp-content\\\/uploads\\\/chin_implants_turkey_1920x1080.jpg\",\"width\":1920,\"height\":1080},{\"@type\":\"BreadcrumbList\",\"@id\":\"https:\\\/\\\/estherian.com\\\/de\\\/kinnvergroesserung\\\/#breadcrumb\",\"itemListElement\":[{\"@type\":\"ListItem\",\"position\":1,\"name\":\"Home\",\"item\":\"https:\\\/\\\/estherian.com\\\/de\\\/\"},{\"@type\":\"ListItem\",\"position\":2,\"name\":\"Kinnvergr\u00f6\u00dferung\"}]},{\"@type\":\"WebSite\",\"@id\":\"https:\\\/\\\/estherian.com\\\/de\\\/#website\",\"url\":\"https:\\\/\\\/estherian.com\\\/de\\\/\",\"name\":\"Estherian Clinic\",\"description\":\"Plastic Surgery | Dental | Hair Transplant in Turkey\",\"publisher\":{\"@id\":\"https:\\\/\\\/estherian.com\\\/de\\\/#organization\"},\"potentialAction\":[{\"@type\":\"SearchAction\",\"target\":{\"@type\":\"EntryPoint\",\"urlTemplate\":\"https:\\\/\\\/estherian.com\\\/de\\\/?s={search_term_string}\"},\"query-input\":{\"@type\":\"PropertyValueSpecification\",\"valueRequired\":true,\"valueName\":\"search_term_string\"}}],\"inLanguage\":\"de\"},{\"@type\":\"Organization\",\"@id\":\"https:\\\/\\\/estherian.com\\\/de\\\/#organization\",\"name\":\"Estherian Clinic\",\"alternateName\":\"Estherian\",\"url\":\"https:\\\/\\\/estherian.com\\\/de\\\/\",\"logo\":{\"@type\":\"ImageObject\",\"inLanguage\":\"de\",\"@id\":\"https:\\\/\\\/estherian.com\\\/de\\\/#\\\/schema\\\/logo\\\/image\\\/\",\"url\":\"https:\\\/\\\/estherian.com\\\/wp-content\\\/uploads\\\/2024\\\/10\\\/EstherianLogo.png\",\"contentUrl\":\"https:\\\/\\\/estherian.com\\\/wp-content\\\/uploads\\\/2024\\\/10\\\/EstherianLogo.png\",\"width\":882,\"height\":934,\"caption\":\"Estherian Clinic\"},\"image\":{\"@id\":\"https:\\\/\\\/estherian.com\\\/de\\\/#\\\/schema\\\/logo\\\/image\\\/\"},\"sameAs\":[\"https:\\\/\\\/www.facebook.com\\\/estherianclinic.en\",\"https:\\\/\\\/x.com\\\/EstherianTr\",\"https:\\\/\\\/www.instagram.com\\\/estherianclinic\\\/\",\"https:\\\/\\\/www.tiktok.com\\\/@estherian.clinic\",\"https:\\\/\\\/www.youtube.com\\\/estherianclinic\"],\"email\":\"hi@estherian.com\",\"telephone\":\"+90-544-169-9000\",\"legalName\":\"ESTHERIAN CLINIC SA\u011eLIK H\u0130ZMETLER\u0130 SAN. T\u0130C. LTD. \u015eT\u0130.\",\"foundingDate\":\"2020-03-09\",\"vatID\":\"TR1601485625\",\"taxID\":\"1601485625\",\"numberOfEmployees\":{\"@type\":\"QuantitativeValue\",\"minValue\":\"51\",\"maxValue\":\"200\"},\"publishingPrinciples\":\"https:\\\/\\\/estherian.com\\\/tr\\\/sartlar-ve-kosullar\\\/\",\"actionableFeedbackPolicy\":\"https:\\\/\\\/estherian.com\\\/tr\\\/gizlilik-politikasi\\\/\",\"correctionsPolicy\":\"https:\\\/\\\/estherian.com\\\/tr\\\/gizlilik-politikasi\\\/\",\"ethicsPolicy\":\"https:\\\/\\\/estherian.com\\\/tr\\\/gizlilik-politikasi\\\/\",\"diversityPolicy\":\"https:\\\/\\\/estherian.com\\\/tr\\\/gizlilik-politikasi\\\/\",\"diversityStaffingReport\":\"https:\\\/\\\/estherian.com\\\/tr\\\/gizlilik-politikasi\\\/\"},{\"@type\":\"Person\",\"@id\":\"https:\\\/\\\/estherian.com\\\/de\\\/#\\\/schema\\\/person\\\/0b1452799c3700afbfcfd3a0f5e64732\",\"name\":\"ferhatk\",\"image\":{\"@type\":\"ImageObject\",\"inLanguage\":\"de\",\"@id\":\"https:\\\/\\\/secure.gravatar.com\\\/avatar\\\/5192156a410fa37c70ea8d4f0d01782533c470a75971ae114e5cd116be51ca05?s=96&d=mm&r=g\",\"url\":\"https:\\\/\\\/secure.gravatar.com\\\/avatar\\\/5192156a410fa37c70ea8d4f0d01782533c470a75971ae114e5cd116be51ca05?s=96&d=mm&r=g\",\"contentUrl\":\"https:\\\/\\\/secure.gravatar.com\\\/avatar\\\/5192156a410fa37c70ea8d4f0d01782533c470a75971ae114e5cd116be51ca05?s=96&d=mm&r=g\",\"caption\":\"ferhatk\"},\"sameAs\":[\"https:\\\/\\\/v2.estherian.com\"]}]}<\/script>\n<!-- \/ Yoast SEO Premium plugin. -->","yoast_head_json":{"title":"Kinnvergr\u00f6\u00dferung | Estherian Clinic","robots":{"index":"index","follow":"follow","max-snippet":"max-snippet:-1","max-image-preview":"max-image-preview:large","max-video-preview":"max-video-preview:-1"},"canonical":"https:\/\/estherian.com\/de\/kinnvergroesserung\/","og_locale":"de_DE","og_type":"article","og_title":"Kinnvergr\u00f6\u00dferung","og_description":"Looks better with Estherian Clinic. Plastic Surgery, Dental treatments and more beautiful services!","og_url":"https:\/\/estherian.com\/de\/kinnvergroesserung\/","og_site_name":"Estherian Clinic","article_publisher":"https:\/\/www.facebook.com\/estherianclinic.en","article_modified_time":"2025-01-04T10:54:20+00:00","og_image":[{"width":1920,"height":1080,"url":"https:\/\/estherian.com\/wp-content\/uploads\/chin_implants_turkey_1920x1080.jpg","type":"image\/jpeg"}],"twitter_card":"summary_large_image","twitter_site":"@EstherianTr","twitter_misc":{"Gesch\u00e4tzte Lesezeit":"3\u00a0Minuten"},"schema":{"@context":"https:\/\/schema.org","@graph":[{"@type":"Article","@id":"https:\/\/estherian.com\/de\/kinnvergroesserung\/#article","isPartOf":{"@id":"https:\/\/estherian.com\/de\/kinnvergroesserung\/"},"author":{"name":"ferhatk","@id":"https:\/\/estherian.com\/de\/#\/schema\/person\/0b1452799c3700afbfcfd3a0f5e64732"},"headline":"Kinnvergr\u00f6\u00dferung","datePublished":"2024-11-22T09:00:34+00:00","dateModified":"2025-01-04T10:54:20+00:00","mainEntityOfPage":{"@id":"https:\/\/estherian.com\/de\/kinnvergroesserung\/"},"wordCount":489,"publisher":{"@id":"https:\/\/estherian.com\/de\/#organization"},"image":{"@id":"https:\/\/estherian.com\/de\/kinnvergroesserung\/#primaryimage"},"thumbnailUrl":"https:\/\/estherian.com\/wp-content\/uploads\/chin_implants_turkey_1920x1080.jpg","inLanguage":"de"},{"@type":"WebPage","@id":"https:\/\/estherian.com\/de\/kinnvergroesserung\/","url":"https:\/\/estherian.com\/de\/kinnvergroesserung\/","name":"Kinnvergr\u00f6\u00dferung | Estherian Clinic","isPartOf":{"@id":"https:\/\/estherian.com\/de\/#website"},"primaryImageOfPage":{"@id":"https:\/\/estherian.com\/de\/kinnvergroesserung\/#primaryimage"},"image":{"@id":"https:\/\/estherian.com\/de\/kinnvergroesserung\/#primaryimage"},"thumbnailUrl":"https:\/\/estherian.com\/wp-content\/uploads\/chin_implants_turkey_1920x1080.jpg","datePublished":"2024-11-22T09:00:34+00:00","dateModified":"2025-01-04T10:54:20+00:00","breadcrumb":{"@id":"https:\/\/estherian.com\/de\/kinnvergroesserung\/#breadcrumb"},"inLanguage":"de","potentialAction":[{"@type":"ReadAction","target":["https:\/\/estherian.com\/de\/kinnvergroesserung\/"]}]},{"@type":"ImageObject","inLanguage":"de","@id":"https:\/\/estherian.com\/de\/kinnvergroesserung\/#primaryimage","url":"https:\/\/estherian.com\/wp-content\/uploads\/chin_implants_turkey_1920x1080.jpg","contentUrl":"https:\/\/estherian.com\/wp-content\/uploads\/chin_implants_turkey_1920x1080.jpg","width":1920,"height":1080},{"@type":"BreadcrumbList","@id":"https:\/\/estherian.com\/de\/kinnvergroesserung\/#breadcrumb","itemListElement":[{"@type":"ListItem","position":1,"name":"Home","item":"https:\/\/estherian.com\/de\/"},{"@type":"ListItem","position":2,"name":"Kinnvergr\u00f6\u00dferung"}]},{"@type":"WebSite","@id":"https:\/\/estherian.com\/de\/#website","url":"https:\/\/estherian.com\/de\/","name":"Estherian Clinic","description":"Plastic Surgery | Dental | Hair Transplant in Turkey","publisher":{"@id":"https:\/\/estherian.com\/de\/#organization"},"potentialAction":[{"@type":"SearchAction","target":{"@type":"EntryPoint","urlTemplate":"https:\/\/estherian.com\/de\/?s={search_term_string}"},"query-input":{"@type":"PropertyValueSpecification","valueRequired":true,"valueName":"search_term_string"}}],"inLanguage":"de"},{"@type":"Organization","@id":"https:\/\/estherian.com\/de\/#organization","name":"Estherian Clinic","alternateName":"Estherian","url":"https:\/\/estherian.com\/de\/","logo":{"@type":"ImageObject","inLanguage":"de","@id":"https:\/\/estherian.com\/de\/#\/schema\/logo\/image\/","url":"https:\/\/estherian.com\/wp-content\/uploads\/2024\/10\/EstherianLogo.png","contentUrl":"https:\/\/estherian.com\/wp-content\/uploads\/2024\/10\/EstherianLogo.png","width":882,"height":934,"caption":"Estherian Clinic"},"image":{"@id":"https:\/\/estherian.com\/de\/#\/schema\/logo\/image\/"},"sameAs":["https:\/\/www.facebook.com\/estherianclinic.en","https:\/\/x.com\/EstherianTr","https:\/\/www.instagram.com\/estherianclinic\/","https:\/\/www.tiktok.com\/@estherian.clinic","https:\/\/www.youtube.com\/estherianclinic"],"email":"hi@estherian.com","telephone":"+90-544-169-9000","legalName":"ESTHERIAN CLINIC SA\u011eLIK H\u0130ZMETLER\u0130 SAN. T\u0130C. LTD. \u015eT\u0130.","foundingDate":"2020-03-09","vatID":"TR1601485625","taxID":"1601485625","numberOfEmployees":{"@type":"QuantitativeValue","minValue":"51","maxValue":"200"},"publishingPrinciples":"https:\/\/estherian.com\/tr\/sartlar-ve-kosullar\/","actionableFeedbackPolicy":"https:\/\/estherian.com\/tr\/gizlilik-politikasi\/","correctionsPolicy":"https:\/\/estherian.com\/tr\/gizlilik-politikasi\/","ethicsPolicy":"https:\/\/estherian.com\/tr\/gizlilik-politikasi\/","diversityPolicy":"https:\/\/estherian.com\/tr\/gizlilik-politikasi\/","diversityStaffingReport":"https:\/\/estherian.com\/tr\/gizlilik-politikasi\/"},{"@type":"Person","@id":"https:\/\/estherian.com\/de\/#\/schema\/person\/0b1452799c3700afbfcfd3a0f5e64732","name":"ferhatk","image":{"@type":"ImageObject","inLanguage":"de","@id":"https:\/\/secure.gravatar.com\/avatar\/5192156a410fa37c70ea8d4f0d01782533c470a75971ae114e5cd116be51ca05?s=96&d=mm&r=g","url":"https:\/\/secure.gravatar.com\/avatar\/5192156a410fa37c70ea8d4f0d01782533c470a75971ae114e5cd116be51ca05?s=96&d=mm&r=g","contentUrl":"https:\/\/secure.gravatar.com\/avatar\/5192156a410fa37c70ea8d4f0d01782533c470a75971ae114e5cd116be51ca05?s=96&d=mm&r=g","caption":"ferhatk"},"sameAs":["https:\/\/v2.estherian.com"]}]}},"_links":{"self":[{"href":"https:\/\/estherian.com\/de\/wp-json\/wp\/v2\/pages\/24476","targetHints":{"allow":["GET"]}}],"collection":[{"href":"https:\/\/estherian.com\/de\/wp-json\/wp\/v2\/pages"}],"about":[{"href":"https:\/\/estherian.com\/de\/wp-json\/wp\/v2\/types\/page"}],"author":[{"embeddable":true,"href":"https:\/\/estherian.com\/de\/wp-json\/wp\/v2\/users\/1"}],"replies":[{"embeddable":true,"href":"https:\/\/estherian.com\/de\/wp-json\/wp\/v2\/comments?post=24476"}],"version-history":[{"count":0,"href":"https:\/\/estherian.com\/de\/wp-json\/wp\/v2\/pages\/24476\/revisions"}],"wp:featuredmedia":[{"embeddable":true,"href":"https:\/\/estherian.com\/de\/wp-json\/wp\/v2\/media\/27057"}],"wp:attachment":[{"href":"https:\/\/estherian.com\/de\/wp-json\/wp\/v2\/media?parent=24476"}],"curies":[{"name":"wp","href":"https:\/\/api.w.org\/{rel}","templated":true}]}}