{"id":24484,"date":"2024-11-27T06:56:32","date_gmt":"2024-11-27T03:56:32","guid":{"rendered":"https:\/\/estherian.com\/?page_id=24484"},"modified":"2026-04-03T12:19:27","modified_gmt":"2026-04-03T09:19:27","slug":"zahnimplantate","status":"publish","type":"page","link":"https:\/\/estherian.com\/de\/zahnimplantate\/","title":{"rendered":"Zahnimplantate in der T\u00fcrkei"},"content":{"rendered":"\n<p>Zahnimplantate sind eine dauerhafte und wirksame Alternative zu Prothesen oder Br\u00fccken, insbesondere f\u00fcr Patienten, denen die nat\u00fcrlichen Zahnwurzeln fehlen, die f\u00fcr traditionellen Zahnersatz erforderlich sind. Sie sehen aus, f\u00fchlen sich an und funktionieren wie echte Z\u00e4hne und stellen sowohl das Aussehen als auch die Mundgesundheit wieder her.<\/p>\n\n\n\n<div class=\"wp-block-columns is-layout-flex wp-container-core-columns-is-layout-9d6595d7 wp-block-columns-is-layout-flex\">\n<div class=\"wp-block-column is-layout-flow wp-block-column-is-layout-flow\">\n<figure class=\"wp-block-image size-large\"><img decoding=\"async\" width=\"949\" height=\"1024\" src=\"https:\/\/estherian.com\/wp-content\/uploads\/dental-implant-estherian-1-949x1024.png\" alt=\"\" class=\"wp-image-22105\" srcset=\"https:\/\/estherian.com\/wp-content\/uploads\/dental-implant-estherian-1-949x1024.png 949w, https:\/\/estherian.com\/wp-content\/uploads\/dental-implant-estherian-1-358x386.png 358w, https:\/\/estherian.com\/wp-content\/uploads\/dental-implant-estherian-1-768x828.png 768w, https:\/\/estherian.com\/wp-content\/uploads\/dental-implant-estherian-1.png 993w\" sizes=\"(max-width: 949px) 100vw, 949px\" \/><\/figure>\n<\/div>\n\n\n\n<div class=\"wp-block-column is-layout-flow wp-block-column-is-layout-flow\">\n<h2 class=\"wp-block-heading\" id=\"h-was-sind-zahnimplantate\">Was sind Zahnimplantate?<\/h2>\n\n\n\n<p>Zahnimplantate sind chirurgische Eingriffe, bei denen Zahnwurzeln durch schraubenf\u00f6rmige Metallpfosten ersetzt werden. Diese Implantate dienen als Grundlage f\u00fcr k\u00fcnstliche Z\u00e4hne, die sowohl in Aussehen als auch in Funktion den nat\u00fcrlichen Z\u00e4hnen nachempfunden sind.<\/p>\n<\/div>\n<\/div>\n\n\n\n<div class=\"wp-block-columns is-layout-flex wp-container-core-columns-is-layout-9d6595d7 wp-block-columns-is-layout-flex\">\n<div class=\"wp-block-column is-layout-flow wp-block-column-is-layout-flow\">\n<h2 class=\"wp-block-heading\" id=\"h-zahnimplantat-verfahren\">Zahnimplantat-Verfahren<\/h2>\n\n\n\n<h3 class=\"wp-block-heading\" id=\"h-vor-der-behandlung\">Vor der Behandlung<\/h3>\n\n\n\n<ol class=\"wp-block-list\">\n<li><strong>Umfassende zahn\u00e4rztliche Untersuchung<\/strong>\n<ul class=\"wp-block-list\">\n<li>Dazu geh\u00f6ren zahn\u00e4rztliche R\u00f6ntgenaufnahmen, 3D-Bildgebung und Modelle Ihrer Z\u00e4hne und Ihres Kiefers.<\/li>\n\n\n\n<li><strong>\u00dcberpr\u00fcfung der Krankengeschichte<\/strong>\n<ul class=\"wp-block-list\">\n<li>Informieren Sie Ihren Arzt \u00fcber alle Erkrankungen und Medikamente, einschlie\u00dflich verschreibungspflichtiger und rezeptfreier Arzneimittel sowie Nahrungserg\u00e4nzungsmittel.<\/li>\n\n\n\n<li>Bei bestimmten Herzerkrankungen oder orthop\u00e4dischen Implantaten k\u00f6nnen Antibiotika verschrieben werden, um eine Infektion zu verhindern.<\/li>\n<\/ul>\n<\/li>\n\n\n\n<li><strong>Personalisierter Behandlungsplan<\/strong>\n<ul class=\"wp-block-list\">\n<li>Der Plan ber\u00fccksichtigt Faktoren wie:\n<ul class=\"wp-block-list\">\n<li>Anzahl der zu ersetzenden Z\u00e4hne.<\/li>\n\n\n\n<li>Zustand des Kieferknochens.<\/li>\n<\/ul>\n<\/li>\n<\/ul>\n<\/li>\n<\/ul>\n<\/li>\n<\/ol>\n<\/div>\n\n\n\n<div class=\"wp-block-column is-layout-flow wp-block-column-is-layout-flow\">\n<figure class=\"wp-block-image size-full\"><img decoding=\"async\" width=\"451\" height=\"371\" src=\"https:\/\/estherian.com\/wp-content\/uploads\/dental-implant1-01.png\" alt=\"\" class=\"wp-image-22109\" srcset=\"https:\/\/estherian.com\/wp-content\/uploads\/dental-implant1-01.png 451w, https:\/\/estherian.com\/wp-content\/uploads\/dental-implant1-01-386x318.png 386w\" sizes=\"(max-width: 451px) 100vw, 451px\" \/><\/figure>\n<\/div>\n<\/div>\n\n\n\n<div class=\"wp-block-columns is-layout-flex wp-container-core-columns-is-layout-9d6595d7 wp-block-columns-is-layout-flex\">\n<div class=\"wp-block-column is-layout-flow wp-block-column-is-layout-flow\">\n<h2 class=\"wp-block-heading\" id=\"h-wahrend-der-behandlung\">W\u00e4hrend der Behandlung<\/h2>\n\n\n\n<h4 class=\"wp-block-heading\" id=\"h-wahrend-der-behandlung-0\">W\u00e4hrend der Behandlung<\/h4>\n\n\n\n<h3 class=\"wp-block-heading\" id=\"h-schritt-1-einsetzen-der-titanwurzel\">Schritt 1: Einsetzen der Titanwurzel<\/h3>\n\n\n\n<p>Der Zahnarzt schafft ein kleines Loch in Ihrem Kieferknochen, um eine Titanwurzel einzusetzen, die als festes Fundament f\u00fcr den k\u00fcnstlichen Zahn dient. Ein provisorischer Zahn wird \u00fcber die Wurzel gesetzt, um die L\u00fccke bis zur n\u00e4chsten Sitzung zu schlie\u00dfen.<\/p>\n\n\n\n<h3 class=\"wp-block-heading\" id=\"h-schritt-2-knochenwachstum-und-heilung\">Schritt 2: Knochenwachstum und Heilung<\/h3>\n\n\n\n<ul class=\"wp-block-list\">\n<li>Der Kieferknochen beginnt, um die Titanwurzel herum zu wachsen und bildet so ein starkes Fundament.<\/li>\n\n\n\n<li>Dieser Prozess, der Osseointegration genannt wird, kann mehrere Wochen oder Monate dauern, um eine sichere Basis f\u00fcr die endg\u00fcltige Krone zu gew\u00e4hrleisten.<\/li>\n<\/ul>\n\n\n\n<h3 class=\"wp-block-heading\" id=\"h-schritt-3-einsetzen-der-schnapp-kupplung\">Schritt 3: Einsetzen der Schnapp-Kupplung<\/h3>\n\n\n\n<ul class=\"wp-block-list\">\n<li>Sobald der Knochen verheilt ist, wird ein zweiter Eingriff unter \u00f6rtlicher Bet\u00e4ubung durchgef\u00fchrt, um die Schnapp-Kupplung einzusetzen.<\/li>\n\n\n\n<li>Das Abutment dient als Verbindungsst\u00fcck zwischen der Titanwurzel und der Zahnkrone.<\/li>\n<\/ul>\n<\/div>\n\n\n\n<div class=\"wp-block-column is-layout-flow wp-block-column-is-layout-flow\">\n<figure class=\"wp-block-image size-full\"><img decoding=\"async\" width=\"451\" height=\"371\" src=\"https:\/\/estherian.com\/wp-content\/uploads\/dental-implant2-01.png\" alt=\"\" class=\"wp-image-22113\" srcset=\"https:\/\/estherian.com\/wp-content\/uploads\/dental-implant2-01.png 451w, https:\/\/estherian.com\/wp-content\/uploads\/dental-implant2-01-386x318.png 386w\" sizes=\"(max-width: 451px) 100vw, 451px\" \/><\/figure>\n<\/div>\n<\/div>\n\n\n\n<div class=\"wp-block-columns is-layout-flex wp-container-core-columns-is-layout-9d6595d7 wp-block-columns-is-layout-flex\">\n<div class=\"wp-block-column is-layout-flow wp-block-column-is-layout-flow\">\n<h3 class=\"wp-block-heading\" id=\"h-fur-kronen-verwendete-materialien\">F\u00fcr Kronen verwendete Materialien<\/h3>\n\n\n\n<ul class=\"wp-block-list\">\n<li>Porzellan: Langlebig und bissfest, daher eine ausgezeichnete Wahl f\u00fcr nat\u00fcrlich aussehende Kronen.<\/li>\n\n\n\n<li>Metall: Wird manchmal f\u00fcr zus\u00e4tzliche Festigkeit und Haltbarkeit verwendet, insbesondere f\u00fcr Backenz\u00e4hne.<\/li>\n<\/ul>\n\n\n\n<h3 class=\"wp-block-heading\" id=\"h-risiken-von-zahnimplantaten\">Risiken von Zahnimplantaten<\/h3>\n\n\n\n<p>Obwohl Zahnimplantate im Allgemeinen sicher sind, gibt es einige potenzielle Risiken, die jedoch selten sind und behandelt werden k\u00f6nnen:<\/p>\n\n\n\n<ul class=\"wp-block-list\">\n<li>Infektion an der Implantatstelle.<\/li>\n\n\n\n<li>Besch\u00e4digung der umliegenden Z\u00e4hne oder Strukturen.<\/li>\n\n\n\n<li>Nervensch\u00e4den, die Schmerzen oder Taubheit verursachen.<\/li>\n\n\n\n<li>Probleme mit den Nasennebenh\u00f6hlen, wenn das Implantat zu nahe an der Nasennebenh\u00f6hle platziert wird.<\/li>\n<\/ul>\n\n\n\n<h3 class=\"wp-block-heading\" id=\"h-tipps-zur-vermeidung-von-komplikationen\">Tipps zur Vermeidung von Komplikationen<\/h3>\n\n\n\n<p>Mit der richtigen Pflege lassen sich die meisten postoperativen Probleme vermeiden:<\/p>\n\n\n\n<ol class=\"wp-block-list\">\n<li>Achten Sie auf eine gute Mundhygiene durch t\u00e4gliches Z\u00e4hneputzen und Verwendung von Zahnseide.<\/li>\n\n\n\n<li>Sp\u00fclen Sie regelm\u00e4\u00dfig mit einer antiseptischen Mundsp\u00fclung.<\/li>\n\n\n\n<li>Vermeiden Sie Rauchen und Alkohol, da dies die Heilung verz\u00f6gern kann.<\/li>\n\n\n\n<li>Beschr\u00e4nken Sie den Konsum von zuckerhaltigen Lebensmitteln und Getr\u00e4nken, um das Infektionsrisiko zu verringern.<\/li>\n<\/ol>\n<\/div>\n<\/div>\n\n\n\n<p>Zahnimplantate stellen nicht nur Ihr L\u00e4cheln wieder her, sondern verbessern auch Ihre allgemeine Mundgesundheit. Wenden Sie sich f\u00fcr einen ma\u00dfgeschneiderten Behandlungsplan und eine professionelle Versorgung noch heute an eine erfahrene Zahnklinik!<\/p>\n\n\n\n<p><strong>Wenn Sie aufgrund von Knochenschwund nicht f\u00fcr herk\u00f6mmliche Implantate in Frage kommen, bieten wir auch <a href=\"https:\/\/estherian.com\/de\/jochbein-vs-herkoemmliche-implantate\/\">Jochbeinimplantate <\/a>an, die sich sicher im Wangenknochen verankern.<a href=\"https:\/\/estherian.com\/de\/jochbein-vs-herkoemmliche-implantate\/\"> Lesen Sie hier mehr dar\u00fcber, wie diese speziellen Implantate Ihnen helfen k\u00f6nnen, zu einem stabilen L\u00e4cheln zur\u00fcckzufinden.<\/a><\/strong><\/p>\n\n\n\n<p><\/p>\n","protected":false},"excerpt":{"rendered":"<p>Zahnimplantate sind eine dauerhafte und wirksame Alternative zu Prothesen oder Br\u00fccken, insbesondere f\u00fcr Patienten, denen die nat\u00fcrlichen Zahnwurzeln fehlen, die f\u00fcr traditionellen Zahnersatz erforderlich sind. Sie sehen aus, f\u00fchlen sich an und funktionieren wie echte Z\u00e4hne und stellen sowohl das Aussehen als auch die Mundgesundheit wieder her. Was sind Zahnimplantate? Zahnimplantate sind chirurgische Eingriffe, bei&hellip;<\/p>\n","protected":false},"author":1,"featured_media":26643,"parent":0,"menu_order":10,"comment_status":"closed","ping_status":"closed","template":"","meta":{"footnotes":""},"class_list":["post-24484","page","type-page","status-publish","has-post-thumbnail","hentry","description-off"],"yoast_head":"<!-- This site is optimized with the Yoast SEO Premium plugin v27.3 (Yoast SEO v27.3) - https:\/\/yoast.com\/product\/yoast-seo-premium-wordpress\/ -->\n<title>Zahnimplantate in der T\u00fcrkei | Estherian Clinic<\/title>\n<meta name=\"robots\" content=\"index, follow, max-snippet:-1, max-image-preview:large, max-video-preview:-1\" \/>\n<link rel=\"canonical\" href=\"https:\/\/estherian.com\/de\/zahnimplantate\/\" \/>\n<meta property=\"og:locale\" content=\"de_DE\" \/>\n<meta property=\"og:type\" content=\"article\" \/>\n<meta property=\"og:title\" content=\"Zahnimplantate in der T\u00fcrkei\" \/>\n<meta property=\"og:description\" content=\"Looks better with Estherian Clinic. Plastic Surgery, Dental treatments and more beautiful services!\" \/>\n<meta property=\"og:url\" content=\"https:\/\/estherian.com\/de\/zahnimplantate\/\" \/>\n<meta property=\"og:site_name\" content=\"Estherian Clinic\" \/>\n<meta property=\"article:publisher\" content=\"https:\/\/www.facebook.com\/estherianclinic.en\" \/>\n<meta property=\"article:modified_time\" content=\"2026-04-03T09:19:27+00:00\" \/>\n<meta property=\"og:image\" content=\"https:\/\/estherian.com\/wp-content\/uploads\/dental_implant_turkey_1920x1080-1.jpg\" \/>\n\t<meta property=\"og:image:width\" content=\"1920\" \/>\n\t<meta property=\"og:image:height\" content=\"1080\" \/>\n\t<meta property=\"og:image:type\" content=\"image\/jpeg\" \/>\n<meta name=\"twitter:card\" content=\"summary_large_image\" \/>\n<meta name=\"twitter:site\" content=\"@EstherianTr\" \/>\n<meta name=\"twitter:label1\" content=\"Gesch\u00e4tzte Lesezeit\" \/>\n\t<meta name=\"twitter:data1\" content=\"4\u00a0Minuten\" \/>\n<script type=\"application\/ld+json\" class=\"yoast-schema-graph\">{\"@context\":\"https:\\\/\\\/schema.org\",\"@graph\":[{\"@type\":\"Article\",\"@id\":\"https:\\\/\\\/estherian.com\\\/de\\\/zahnimplantate\\\/#article\",\"isPartOf\":{\"@id\":\"https:\\\/\\\/estherian.com\\\/de\\\/zahnimplantate\\\/\"},\"author\":{\"name\":\"ferhatk\",\"@id\":\"https:\\\/\\\/estherian.com\\\/de\\\/#\\\/schema\\\/person\\\/0b1452799c3700afbfcfd3a0f5e64732\"},\"headline\":\"Zahnimplantate in der T\u00fcrkei\",\"datePublished\":\"2024-11-27T03:56:32+00:00\",\"dateModified\":\"2026-04-03T09:19:27+00:00\",\"mainEntityOfPage\":{\"@id\":\"https:\\\/\\\/estherian.com\\\/de\\\/zahnimplantate\\\/\"},\"wordCount\":557,\"publisher\":{\"@id\":\"https:\\\/\\\/estherian.com\\\/de\\\/#organization\"},\"image\":{\"@id\":\"https:\\\/\\\/estherian.com\\\/de\\\/zahnimplantate\\\/#primaryimage\"},\"thumbnailUrl\":\"https:\\\/\\\/estherian.com\\\/wp-content\\\/uploads\\\/dental_implant_turkey_1920x1080-1.jpg\",\"inLanguage\":\"de\"},{\"@type\":\"WebPage\",\"@id\":\"https:\\\/\\\/estherian.com\\\/de\\\/zahnimplantate\\\/\",\"url\":\"https:\\\/\\\/estherian.com\\\/de\\\/zahnimplantate\\\/\",\"name\":\"Zahnimplantate in der T\u00fcrkei | Estherian Clinic\",\"isPartOf\":{\"@id\":\"https:\\\/\\\/estherian.com\\\/de\\\/#website\"},\"primaryImageOfPage\":{\"@id\":\"https:\\\/\\\/estherian.com\\\/de\\\/zahnimplantate\\\/#primaryimage\"},\"image\":{\"@id\":\"https:\\\/\\\/estherian.com\\\/de\\\/zahnimplantate\\\/#primaryimage\"},\"thumbnailUrl\":\"https:\\\/\\\/estherian.com\\\/wp-content\\\/uploads\\\/dental_implant_turkey_1920x1080-1.jpg\",\"datePublished\":\"2024-11-27T03:56:32+00:00\",\"dateModified\":\"2026-04-03T09:19:27+00:00\",\"breadcrumb\":{\"@id\":\"https:\\\/\\\/estherian.com\\\/de\\\/zahnimplantate\\\/#breadcrumb\"},\"inLanguage\":\"de\",\"potentialAction\":[{\"@type\":\"ReadAction\",\"target\":[\"https:\\\/\\\/estherian.com\\\/de\\\/zahnimplantate\\\/\"]}]},{\"@type\":\"ImageObject\",\"inLanguage\":\"de\",\"@id\":\"https:\\\/\\\/estherian.com\\\/de\\\/zahnimplantate\\\/#primaryimage\",\"url\":\"https:\\\/\\\/estherian.com\\\/wp-content\\\/uploads\\\/dental_implant_turkey_1920x1080-1.jpg\",\"contentUrl\":\"https:\\\/\\\/estherian.com\\\/wp-content\\\/uploads\\\/dental_implant_turkey_1920x1080-1.jpg\",\"width\":1920,\"height\":1080},{\"@type\":\"BreadcrumbList\",\"@id\":\"https:\\\/\\\/estherian.com\\\/de\\\/zahnimplantate\\\/#breadcrumb\",\"itemListElement\":[{\"@type\":\"ListItem\",\"position\":1,\"name\":\"Home\",\"item\":\"https:\\\/\\\/estherian.com\\\/de\\\/\"},{\"@type\":\"ListItem\",\"position\":2,\"name\":\"Zahnimplantate in der T\u00fcrkei\"}]},{\"@type\":\"WebSite\",\"@id\":\"https:\\\/\\\/estherian.com\\\/de\\\/#website\",\"url\":\"https:\\\/\\\/estherian.com\\\/de\\\/\",\"name\":\"Estherian Clinic\",\"description\":\"Plastic Surgery | Dental | Hair Transplant in Turkey\",\"publisher\":{\"@id\":\"https:\\\/\\\/estherian.com\\\/de\\\/#organization\"},\"potentialAction\":[{\"@type\":\"SearchAction\",\"target\":{\"@type\":\"EntryPoint\",\"urlTemplate\":\"https:\\\/\\\/estherian.com\\\/de\\\/?s={search_term_string}\"},\"query-input\":{\"@type\":\"PropertyValueSpecification\",\"valueRequired\":true,\"valueName\":\"search_term_string\"}}],\"inLanguage\":\"de\"},{\"@type\":\"Organization\",\"@id\":\"https:\\\/\\\/estherian.com\\\/de\\\/#organization\",\"name\":\"Estherian Clinic\",\"alternateName\":\"Estherian\",\"url\":\"https:\\\/\\\/estherian.com\\\/de\\\/\",\"logo\":{\"@type\":\"ImageObject\",\"inLanguage\":\"de\",\"@id\":\"https:\\\/\\\/estherian.com\\\/de\\\/#\\\/schema\\\/logo\\\/image\\\/\",\"url\":\"https:\\\/\\\/estherian.com\\\/wp-content\\\/uploads\\\/2024\\\/10\\\/EstherianLogo.png\",\"contentUrl\":\"https:\\\/\\\/estherian.com\\\/wp-content\\\/uploads\\\/2024\\\/10\\\/EstherianLogo.png\",\"width\":882,\"height\":934,\"caption\":\"Estherian Clinic\"},\"image\":{\"@id\":\"https:\\\/\\\/estherian.com\\\/de\\\/#\\\/schema\\\/logo\\\/image\\\/\"},\"sameAs\":[\"https:\\\/\\\/www.facebook.com\\\/estherianclinic.en\",\"https:\\\/\\\/x.com\\\/EstherianTr\",\"https:\\\/\\\/www.instagram.com\\\/estherianclinic\\\/\",\"https:\\\/\\\/www.tiktok.com\\\/@estherian.clinic\",\"https:\\\/\\\/www.youtube.com\\\/estherianclinic\"],\"email\":\"hi@estherian.com\",\"telephone\":\"+90-544-169-9000\",\"legalName\":\"ESTHERIAN CLINIC SA\u011eLIK H\u0130ZMETLER\u0130 SAN. T\u0130C. LTD. \u015eT\u0130.\",\"foundingDate\":\"2020-03-09\",\"vatID\":\"TR1601485625\",\"taxID\":\"1601485625\",\"numberOfEmployees\":{\"@type\":\"QuantitativeValue\",\"minValue\":\"51\",\"maxValue\":\"200\"},\"publishingPrinciples\":\"https:\\\/\\\/estherian.com\\\/tr\\\/sartlar-ve-kosullar\\\/\",\"actionableFeedbackPolicy\":\"https:\\\/\\\/estherian.com\\\/tr\\\/gizlilik-politikasi\\\/\",\"correctionsPolicy\":\"https:\\\/\\\/estherian.com\\\/tr\\\/gizlilik-politikasi\\\/\",\"ethicsPolicy\":\"https:\\\/\\\/estherian.com\\\/tr\\\/gizlilik-politikasi\\\/\",\"diversityPolicy\":\"https:\\\/\\\/estherian.com\\\/tr\\\/gizlilik-politikasi\\\/\",\"diversityStaffingReport\":\"https:\\\/\\\/estherian.com\\\/tr\\\/gizlilik-politikasi\\\/\"},{\"@type\":\"Person\",\"@id\":\"https:\\\/\\\/estherian.com\\\/de\\\/#\\\/schema\\\/person\\\/0b1452799c3700afbfcfd3a0f5e64732\",\"name\":\"ferhatk\",\"image\":{\"@type\":\"ImageObject\",\"inLanguage\":\"de\",\"@id\":\"https:\\\/\\\/secure.gravatar.com\\\/avatar\\\/5192156a410fa37c70ea8d4f0d01782533c470a75971ae114e5cd116be51ca05?s=96&d=mm&r=g\",\"url\":\"https:\\\/\\\/secure.gravatar.com\\\/avatar\\\/5192156a410fa37c70ea8d4f0d01782533c470a75971ae114e5cd116be51ca05?s=96&d=mm&r=g\",\"contentUrl\":\"https:\\\/\\\/secure.gravatar.com\\\/avatar\\\/5192156a410fa37c70ea8d4f0d01782533c470a75971ae114e5cd116be51ca05?s=96&d=mm&r=g\",\"caption\":\"ferhatk\"},\"sameAs\":[\"https:\\\/\\\/v2.estherian.com\"]}]}<\/script>\n<!-- \/ Yoast SEO Premium plugin. -->","yoast_head_json":{"title":"Zahnimplantate in der T\u00fcrkei | Estherian Clinic","robots":{"index":"index","follow":"follow","max-snippet":"max-snippet:-1","max-image-preview":"max-image-preview:large","max-video-preview":"max-video-preview:-1"},"canonical":"https:\/\/estherian.com\/de\/zahnimplantate\/","og_locale":"de_DE","og_type":"article","og_title":"Zahnimplantate in der T\u00fcrkei","og_description":"Looks better with Estherian Clinic. Plastic Surgery, Dental treatments and more beautiful services!","og_url":"https:\/\/estherian.com\/de\/zahnimplantate\/","og_site_name":"Estherian Clinic","article_publisher":"https:\/\/www.facebook.com\/estherianclinic.en","article_modified_time":"2026-04-03T09:19:27+00:00","og_image":[{"width":1920,"height":1080,"url":"https:\/\/estherian.com\/wp-content\/uploads\/dental_implant_turkey_1920x1080-1.jpg","type":"image\/jpeg"}],"twitter_card":"summary_large_image","twitter_site":"@EstherianTr","twitter_misc":{"Gesch\u00e4tzte Lesezeit":"4\u00a0Minuten"},"schema":{"@context":"https:\/\/schema.org","@graph":[{"@type":"Article","@id":"https:\/\/estherian.com\/de\/zahnimplantate\/#article","isPartOf":{"@id":"https:\/\/estherian.com\/de\/zahnimplantate\/"},"author":{"name":"ferhatk","@id":"https:\/\/estherian.com\/de\/#\/schema\/person\/0b1452799c3700afbfcfd3a0f5e64732"},"headline":"Zahnimplantate in der T\u00fcrkei","datePublished":"2024-11-27T03:56:32+00:00","dateModified":"2026-04-03T09:19:27+00:00","mainEntityOfPage":{"@id":"https:\/\/estherian.com\/de\/zahnimplantate\/"},"wordCount":557,"publisher":{"@id":"https:\/\/estherian.com\/de\/#organization"},"image":{"@id":"https:\/\/estherian.com\/de\/zahnimplantate\/#primaryimage"},"thumbnailUrl":"https:\/\/estherian.com\/wp-content\/uploads\/dental_implant_turkey_1920x1080-1.jpg","inLanguage":"de"},{"@type":"WebPage","@id":"https:\/\/estherian.com\/de\/zahnimplantate\/","url":"https:\/\/estherian.com\/de\/zahnimplantate\/","name":"Zahnimplantate in der T\u00fcrkei | Estherian Clinic","isPartOf":{"@id":"https:\/\/estherian.com\/de\/#website"},"primaryImageOfPage":{"@id":"https:\/\/estherian.com\/de\/zahnimplantate\/#primaryimage"},"image":{"@id":"https:\/\/estherian.com\/de\/zahnimplantate\/#primaryimage"},"thumbnailUrl":"https:\/\/estherian.com\/wp-content\/uploads\/dental_implant_turkey_1920x1080-1.jpg","datePublished":"2024-11-27T03:56:32+00:00","dateModified":"2026-04-03T09:19:27+00:00","breadcrumb":{"@id":"https:\/\/estherian.com\/de\/zahnimplantate\/#breadcrumb"},"inLanguage":"de","potentialAction":[{"@type":"ReadAction","target":["https:\/\/estherian.com\/de\/zahnimplantate\/"]}]},{"@type":"ImageObject","inLanguage":"de","@id":"https:\/\/estherian.com\/de\/zahnimplantate\/#primaryimage","url":"https:\/\/estherian.com\/wp-content\/uploads\/dental_implant_turkey_1920x1080-1.jpg","contentUrl":"https:\/\/estherian.com\/wp-content\/uploads\/dental_implant_turkey_1920x1080-1.jpg","width":1920,"height":1080},{"@type":"BreadcrumbList","@id":"https:\/\/estherian.com\/de\/zahnimplantate\/#breadcrumb","itemListElement":[{"@type":"ListItem","position":1,"name":"Home","item":"https:\/\/estherian.com\/de\/"},{"@type":"ListItem","position":2,"name":"Zahnimplantate in der T\u00fcrkei"}]},{"@type":"WebSite","@id":"https:\/\/estherian.com\/de\/#website","url":"https:\/\/estherian.com\/de\/","name":"Estherian Clinic","description":"Plastic Surgery | Dental | Hair Transplant in Turkey","publisher":{"@id":"https:\/\/estherian.com\/de\/#organization"},"potentialAction":[{"@type":"SearchAction","target":{"@type":"EntryPoint","urlTemplate":"https:\/\/estherian.com\/de\/?s={search_term_string}"},"query-input":{"@type":"PropertyValueSpecification","valueRequired":true,"valueName":"search_term_string"}}],"inLanguage":"de"},{"@type":"Organization","@id":"https:\/\/estherian.com\/de\/#organization","name":"Estherian Clinic","alternateName":"Estherian","url":"https:\/\/estherian.com\/de\/","logo":{"@type":"ImageObject","inLanguage":"de","@id":"https:\/\/estherian.com\/de\/#\/schema\/logo\/image\/","url":"https:\/\/estherian.com\/wp-content\/uploads\/2024\/10\/EstherianLogo.png","contentUrl":"https:\/\/estherian.com\/wp-content\/uploads\/2024\/10\/EstherianLogo.png","width":882,"height":934,"caption":"Estherian Clinic"},"image":{"@id":"https:\/\/estherian.com\/de\/#\/schema\/logo\/image\/"},"sameAs":["https:\/\/www.facebook.com\/estherianclinic.en","https:\/\/x.com\/EstherianTr","https:\/\/www.instagram.com\/estherianclinic\/","https:\/\/www.tiktok.com\/@estherian.clinic","https:\/\/www.youtube.com\/estherianclinic"],"email":"hi@estherian.com","telephone":"+90-544-169-9000","legalName":"ESTHERIAN CLINIC SA\u011eLIK H\u0130ZMETLER\u0130 SAN. T\u0130C. LTD. \u015eT\u0130.","foundingDate":"2020-03-09","vatID":"TR1601485625","taxID":"1601485625","numberOfEmployees":{"@type":"QuantitativeValue","minValue":"51","maxValue":"200"},"publishingPrinciples":"https:\/\/estherian.com\/tr\/sartlar-ve-kosullar\/","actionableFeedbackPolicy":"https:\/\/estherian.com\/tr\/gizlilik-politikasi\/","correctionsPolicy":"https:\/\/estherian.com\/tr\/gizlilik-politikasi\/","ethicsPolicy":"https:\/\/estherian.com\/tr\/gizlilik-politikasi\/","diversityPolicy":"https:\/\/estherian.com\/tr\/gizlilik-politikasi\/","diversityStaffingReport":"https:\/\/estherian.com\/tr\/gizlilik-politikasi\/"},{"@type":"Person","@id":"https:\/\/estherian.com\/de\/#\/schema\/person\/0b1452799c3700afbfcfd3a0f5e64732","name":"ferhatk","image":{"@type":"ImageObject","inLanguage":"de","@id":"https:\/\/secure.gravatar.com\/avatar\/5192156a410fa37c70ea8d4f0d01782533c470a75971ae114e5cd116be51ca05?s=96&d=mm&r=g","url":"https:\/\/secure.gravatar.com\/avatar\/5192156a410fa37c70ea8d4f0d01782533c470a75971ae114e5cd116be51ca05?s=96&d=mm&r=g","contentUrl":"https:\/\/secure.gravatar.com\/avatar\/5192156a410fa37c70ea8d4f0d01782533c470a75971ae114e5cd116be51ca05?s=96&d=mm&r=g","caption":"ferhatk"},"sameAs":["https:\/\/v2.estherian.com"]}]}},"_links":{"self":[{"href":"https:\/\/estherian.com\/de\/wp-json\/wp\/v2\/pages\/24484","targetHints":{"allow":["GET"]}}],"collection":[{"href":"https:\/\/estherian.com\/de\/wp-json\/wp\/v2\/pages"}],"about":[{"href":"https:\/\/estherian.com\/de\/wp-json\/wp\/v2\/types\/page"}],"author":[{"embeddable":true,"href":"https:\/\/estherian.com\/de\/wp-json\/wp\/v2\/users\/1"}],"replies":[{"embeddable":true,"href":"https:\/\/estherian.com\/de\/wp-json\/wp\/v2\/comments?post=24484"}],"version-history":[{"count":2,"href":"https:\/\/estherian.com\/de\/wp-json\/wp\/v2\/pages\/24484\/revisions"}],"predecessor-version":[{"id":43431,"href":"https:\/\/estherian.com\/de\/wp-json\/wp\/v2\/pages\/24484\/revisions\/43431"}],"wp:featuredmedia":[{"embeddable":true,"href":"https:\/\/estherian.com\/de\/wp-json\/wp\/v2\/media\/26643"}],"wp:attachment":[{"href":"https:\/\/estherian.com\/de\/wp-json\/wp\/v2\/media?parent=24484"}],"curies":[{"name":"wp","href":"https:\/\/api.w.org\/{rel}","templated":true}]}}