{"id":24490,"date":"2024-11-22T12:21:16","date_gmt":"2024-11-22T09:21:16","guid":{"rendered":"https:\/\/estherian.com\/?page_id=24490"},"modified":"2025-10-20T10:46:47","modified_gmt":"2025-10-20T07:46:47","slug":"doppelkinn-liposuktion","status":"publish","type":"page","link":"https:\/\/estherian.com\/de\/doppelkinn-liposuktion\/","title":{"rendered":"Doppelkinn-Liposuktion"},"content":{"rendered":"\n<h2 class=\"wp-block-heading\" id=\"h-was-ist-eine-doppelkinn-liposuktion\">Was ist eine Doppelkinn-Liposuktion?<\/h2>\n\n\n\n<p>Die \u00c4sthetik des Doppelkinns durch Vaser-Liposuktion, auch bekannt als submentale Liposuktion, ist die effektivste Methode zur Umformung des Doppelkinns. Diese Technik nutzt Ultraschallenergie, um Fettzellen sanft aufzubrechen, bevor sie absorbiert und aus dem K\u00f6rper entfernt werden, was zu einer vollst\u00e4ndigen Entfernung der Fettzellen im Zielbereich f\u00fchrt.<\/p>\n\n\n\n<div class=\"wp-block-columns is-layout-flex wp-container-core-columns-is-layout-9d6595d7 wp-block-columns-is-layout-flex\">\n<div class=\"wp-block-column is-layout-flow wp-block-column-is-layout-flow\">\n<figure class=\"wp-block-image size-full\"><img decoding=\"async\" width=\"801\" height=\"801\" src=\"https:\/\/estherian.com\/wp-content\/uploads\/chin-lipo-01-2.png\" alt=\"\" class=\"wp-image-23437\" title=\"chin-lipo-01\" srcset=\"https:\/\/estherian.com\/wp-content\/uploads\/chin-lipo-01-2.png 801w, https:\/\/estherian.com\/wp-content\/uploads\/chin-lipo-01-2-386x386.png 386w, https:\/\/estherian.com\/wp-content\/uploads\/chin-lipo-01-2-275x275.png 275w, https:\/\/estherian.com\/wp-content\/uploads\/chin-lipo-01-2-768x768.png 768w\" sizes=\"(max-width: 801px) 100vw, 801px\" \/><\/figure>\n<\/div>\n\n\n\n<div class=\"wp-block-column is-layout-flow wp-block-column-is-layout-flow\">\n<h2 class=\"wp-block-heading\" id=\"h-doppelkinn-liposuktion-verfahren\">Doppelkinn-Liposuktion Verfahren<\/h2>\n\n\n\n<h3 class=\"wp-block-heading\" id=\"h-vor-der-operation\">Vor der Operation<\/h3>\n\n\n\n<p>Der Chirurg wird den Zustand des Patienten sorgf\u00e4ltig beurteilen und alle erforderlichen medizinischen Untersuchungen durchf\u00fchren, zu denen auch R\u00f6ntgenaufnahmen geh\u00f6ren k\u00f6nnen. Au\u00dferdem wird der Chirurg den Patienten anweisen, keine Aspirin-haltigen Medikamente mehr einzunehmen und das Rauchen aufzugeben, insbesondere bei Rauchern.<\/p>\n\n\n\n<h3 class=\"wp-block-heading\" id=\"h-wahrend-der-operation\">W\u00e4hrend der Operation<\/h3>\n\n\n\n<p>Der Eingriff wird unter \u00f6rtlicher Bet\u00e4ubung durchgef\u00fchrt und dauert in der Regel etwa eine Stunde. Der Chirurg setzt einen kleinen Schnitt unter dem Kinn und l\u00f6st dann mit der Vaser-Technik das Fett unter der Haut mit Ultraschallenergie auf. Die Fettzellen werden dann entfernt, und unter dem Kinn wird ein Verband angelegt.<\/p>\n\n\n\n<h3 class=\"wp-block-heading\" id=\"h-nach-der-operation\">Nach der Operation<\/h3>\n\n\n\n<p>Der Patient kann das Krankenhaus in der Regel noch am Tag des Eingriffs verlassen. Die Genesung verl\u00e4uft im Allgemeinen schnell, und der Patient kann innerhalb einer Woche zu seinem gewohnten Tagesablauf zur\u00fcckkehren. Nach einer Woche entfernt der Arzt die chirurgischen N\u00e4hte, und es bleiben keine sichtbaren Narben zur\u00fcck.<\/p>\n<\/div>\n<\/div>\n\n\n\n<div class=\"wp-block-columns is-layout-flex wp-container-core-columns-is-layout-9d6595d7 wp-block-columns-is-layout-flex\">\n<div class=\"wp-block-column is-layout-flow wp-block-column-is-layout-flow\">\n<h2 class=\"wp-block-heading\" id=\"h-arten-der-doppelkinn-operation\">Arten der Doppelkinn-Operation<\/h2>\n\n\n\n<p><strong>Fettabsaugung am Kinn:<\/strong> Hierbei wird \u00fcbersch\u00fcssiges Fett unter der Haut entfernt.<\/p>\n\n\n\n<p><strong>Submentoplastik:<\/strong> beinhaltet eine Fettabsaugung und kleine Schnitte unter dem Kinn, um die Muskeln zu straffen.<\/p>\n\n\n\n<h2 class=\"wp-block-heading\" id=\"h-wer-ist-ein-guter-kandidat-fur-eine-doppelkinnoperation\">Wer ist ein guter Kandidat f\u00fcr eine Doppelkinnoperation?<\/h2>\n\n\n\n<p><br>Ideale Kandidaten sind gesunde Nichtraucher, die realistische Erwartungen an den Eingriff und sein Ergebnis haben.<\/p>\n\n\n\n<h2 class=\"wp-block-heading\" id=\"h-risiken-der-doppelkinnchirurgie\">Risiken der Doppelkinnchirurgie<\/h2>\n\n\n\n<p>Wie bei jedem chirurgischen Eingriff gibt es auch hier Risiken, darunter seltene Nervenverletzungen, die zu einer Schw\u00e4che der Unterlippe f\u00fchren k\u00f6nnen, An\u00e4sthesierisiken, Blutungen, Gesichtsasymmetrien, Infektionen, anhaltende Schmerzen und ung\u00fcnstige Narbenbildung.<\/p>\n<\/div>\n\n\n\n<div class=\"wp-block-column is-layout-flow wp-block-column-is-layout-flow\">\n<figure class=\"wp-block-image size-full\"><img decoding=\"async\" width=\"616\" height=\"648\" src=\"https:\/\/estherian.com\/wp-content\/uploads\/chin-aesthetics.png\" alt=\"\" class=\"wp-image-23441\" title=\"chin-aesthetics\" srcset=\"https:\/\/estherian.com\/wp-content\/uploads\/chin-aesthetics.png 616w, https:\/\/estherian.com\/wp-content\/uploads\/chin-aesthetics-367x386.png 367w\" sizes=\"(max-width: 616px) 100vw, 616px\" \/><\/figure>\n<\/div>\n<\/div>\n\n\n\n<div class=\"wp-block-columns is-layout-flex wp-container-core-columns-is-layout-9d6595d7 wp-block-columns-is-layout-flex\">\n<div class=\"wp-block-column is-layout-flow wp-block-column-is-layout-flow\">\n<figure class=\"wp-block-image size-full\"><img decoding=\"async\" width=\"1000\" height=\"550\" src=\"https:\/\/estherian.com\/wp-content\/uploads\/chin.png\" alt=\"\" class=\"wp-image-23446\" title=\"chin\" srcset=\"https:\/\/estherian.com\/wp-content\/uploads\/chin.png 1000w, https:\/\/estherian.com\/wp-content\/uploads\/chin-386x212.png 386w, https:\/\/estherian.com\/wp-content\/uploads\/chin-768x422.png 768w\" sizes=\"(max-width: 1000px) 100vw, 1000px\" \/><\/figure>\n<\/div>\n\n\n\n<div class=\"wp-block-column is-layout-flow wp-block-column-is-layout-flow\">\n<h2 class=\"wp-block-heading\" id=\"h-wie-wahle-ich-einen-plastischen-chirurgen-fur-eine-doppelkinnoperation-aus\">Wie w\u00e4hle ich einen plastischen Chirurgen f\u00fcr eine Doppelkinnoperation aus?<\/h2>\n\n\n\n<p>It is essential to choose a surgeon with at least <strong>6 years of experience<\/strong> after medical school and one who has graduated from an <strong>accredited medical college<\/strong>. <\/p>\n<\/div>\n<\/div>\n\n\n\n<h2 class=\"wp-block-heading\" id=\"h-wie-viel-kostet-eine-doppelkinnoperation\">Wie viel kostet eine Doppelkinnoperation?<\/h2>\n\n\n\n<p>Die Kosten f\u00fcr eine Doppelkinnoperation k\u00f6nnen je nach der angewandten Technik und den abzusaugenden Bereichen erheblich variieren. Die Preise k\u00f6nnen auch variieren, wenn die Operation mit anderen Verfahren kombiniert wird.<\/p>\n\n\n\n<h2 class=\"wp-block-heading\" id=\"h-haufig-gestellte-fragen-faqs\">H\u00e4ufig gestellte Fragen (FAQs)<\/h2>\n\n\n\n<h3 class=\"wp-block-heading\" id=\"h-wie-lange-dauert-es-sich-von-einer-doppelkinn-liposuktion-zu-erholen\">Wie lange dauert es, sich von einer Doppelkinn-Liposuktion zu erholen?<\/h3>\n\n\n\n<p>Die Genesungszeit ist in der Regel kurz, und die meisten Patienten k\u00f6nnen innerhalb einer Woche zu ihren normalen Aktivit\u00e4ten zur\u00fcckkehren. Es ist jedoch wichtig, die postoperativen Pflegeanweisungen zu befolgen, um eine reibungslose Genesung zu gew\u00e4hrleisten.<\/p>\n\n\n\n<h3 class=\"wp-block-heading\" id=\"h-ist-die-fettabsaugung-des-doppelkinns-ein-schmerzhafter-eingriff\">Ist die Fettabsaugung des Doppelkinns ein schmerzhafter Eingriff?<\/h3>\n\n\n\n<p>Der Eingriff wird unter \u00f6rtlicher Bet\u00e4ubung durchgef\u00fchrt, so dass die Patienten in der Regel w\u00e4hrend des Eingriffs keine Schmerzen versp\u00fcren. Nach dem Eingriff k\u00f6nnen leichte Schwellungen und Beschwerden auftreten, die jedoch in der Regel innerhalb weniger Tage abklingen.<\/p>\n\n\n\n<h3 class=\"wp-block-heading\" id=\"h-wie-lange-halten-die-ergebnisse-einer-doppelkinn-liposuktion-an\">Wie lange halten die Ergebnisse einer Doppelkinn-Liposuktion an?<\/h3>\n\n\n\n<p>Die Ergebnisse einer Fettabsaugung des Doppelkinns sind von Dauer. Da die Fettzellen dauerhaft aus dem behandelten Bereich entfernt werden, regenerieren sie sich nicht. Allerdings ist es wichtig, einen gesunden Lebensstil beizubehalten, um die Ansammlung von Fett in anderen Bereichen des Gesichts oder des K\u00f6rpers zu vermeiden.<\/p>\n\n\n\n<p><\/p>\n","protected":false},"excerpt":{"rendered":"<p>Was ist eine Doppelkinn-Liposuktion? Die \u00c4sthetik des Doppelkinns durch Vaser-Liposuktion, auch bekannt als submentale Liposuktion, ist die effektivste Methode zur Umformung des Doppelkinns. Diese Technik nutzt Ultraschallenergie, um Fettzellen sanft aufzubrechen, bevor sie absorbiert und aus dem K\u00f6rper entfernt werden, was zu einer vollst\u00e4ndigen Entfernung der Fettzellen im Zielbereich f\u00fchrt. Doppelkinn-Liposuktion Verfahren Vor der Operation&hellip;<\/p>\n","protected":false},"author":1,"featured_media":26831,"parent":0,"menu_order":10,"comment_status":"closed","ping_status":"closed","template":"","meta":{"footnotes":""},"class_list":["post-24490","page","type-page","status-publish","has-post-thumbnail","hentry","description-off"],"yoast_head":"<!-- This site is optimized with the Yoast SEO Premium plugin v27.3 (Yoast SEO v27.3) - https:\/\/yoast.com\/product\/yoast-seo-premium-wordpress\/ -->\n<title>Doppelkinn-Liposuktion | Estherian Clinic<\/title>\n<meta name=\"robots\" content=\"index, follow, max-snippet:-1, max-image-preview:large, max-video-preview:-1\" \/>\n<link rel=\"canonical\" href=\"https:\/\/estherian.com\/de\/doppelkinn-liposuktion\/\" \/>\n<meta property=\"og:locale\" content=\"de_DE\" \/>\n<meta property=\"og:type\" content=\"article\" \/>\n<meta property=\"og:title\" content=\"Doppelkinn-Liposuktion\" \/>\n<meta property=\"og:description\" content=\"Looks better with Estherian Clinic. Plastic Surgery, Dental treatments and more beautiful services!\" \/>\n<meta property=\"og:url\" content=\"https:\/\/estherian.com\/de\/doppelkinn-liposuktion\/\" \/>\n<meta property=\"og:site_name\" content=\"Estherian Clinic\" \/>\n<meta property=\"article:publisher\" content=\"https:\/\/www.facebook.com\/estherianclinic.en\" \/>\n<meta property=\"article:modified_time\" content=\"2025-10-20T07:46:47+00:00\" \/>\n<meta property=\"og:image\" content=\"https:\/\/estherian.com\/wp-content\/uploads\/chin_neck_liposuction_1920x1080.jpg\" \/>\n\t<meta property=\"og:image:width\" content=\"1920\" \/>\n\t<meta property=\"og:image:height\" content=\"1080\" \/>\n\t<meta property=\"og:image:type\" content=\"image\/jpeg\" \/>\n<meta name=\"twitter:card\" content=\"summary_large_image\" \/>\n<meta name=\"twitter:site\" content=\"@EstherianTr\" \/>\n<meta name=\"twitter:label1\" content=\"Gesch\u00e4tzte Lesezeit\" \/>\n\t<meta name=\"twitter:data1\" content=\"4\u00a0Minuten\" \/>\n<script type=\"application\/ld+json\" class=\"yoast-schema-graph\">{\"@context\":\"https:\\\/\\\/schema.org\",\"@graph\":[{\"@type\":\"Article\",\"@id\":\"https:\\\/\\\/estherian.com\\\/de\\\/doppelkinn-liposuktion\\\/#article\",\"isPartOf\":{\"@id\":\"https:\\\/\\\/estherian.com\\\/de\\\/doppelkinn-liposuktion\\\/\"},\"author\":{\"name\":\"ferhatk\",\"@id\":\"https:\\\/\\\/estherian.com\\\/de\\\/#\\\/schema\\\/person\\\/0b1452799c3700afbfcfd3a0f5e64732\"},\"headline\":\"Doppelkinn-Liposuktion\",\"datePublished\":\"2024-11-22T09:21:16+00:00\",\"dateModified\":\"2025-10-20T07:46:47+00:00\",\"mainEntityOfPage\":{\"@id\":\"https:\\\/\\\/estherian.com\\\/de\\\/doppelkinn-liposuktion\\\/\"},\"wordCount\":546,\"publisher\":{\"@id\":\"https:\\\/\\\/estherian.com\\\/de\\\/#organization\"},\"image\":{\"@id\":\"https:\\\/\\\/estherian.com\\\/de\\\/doppelkinn-liposuktion\\\/#primaryimage\"},\"thumbnailUrl\":\"https:\\\/\\\/estherian.com\\\/wp-content\\\/uploads\\\/chin_neck_liposuction_1920x1080.jpg\",\"inLanguage\":\"de\"},{\"@type\":\"WebPage\",\"@id\":\"https:\\\/\\\/estherian.com\\\/de\\\/doppelkinn-liposuktion\\\/\",\"url\":\"https:\\\/\\\/estherian.com\\\/de\\\/doppelkinn-liposuktion\\\/\",\"name\":\"Doppelkinn-Liposuktion | Estherian Clinic\",\"isPartOf\":{\"@id\":\"https:\\\/\\\/estherian.com\\\/de\\\/#website\"},\"primaryImageOfPage\":{\"@id\":\"https:\\\/\\\/estherian.com\\\/de\\\/doppelkinn-liposuktion\\\/#primaryimage\"},\"image\":{\"@id\":\"https:\\\/\\\/estherian.com\\\/de\\\/doppelkinn-liposuktion\\\/#primaryimage\"},\"thumbnailUrl\":\"https:\\\/\\\/estherian.com\\\/wp-content\\\/uploads\\\/chin_neck_liposuction_1920x1080.jpg\",\"datePublished\":\"2024-11-22T09:21:16+00:00\",\"dateModified\":\"2025-10-20T07:46:47+00:00\",\"breadcrumb\":{\"@id\":\"https:\\\/\\\/estherian.com\\\/de\\\/doppelkinn-liposuktion\\\/#breadcrumb\"},\"inLanguage\":\"de\",\"potentialAction\":[{\"@type\":\"ReadAction\",\"target\":[\"https:\\\/\\\/estherian.com\\\/de\\\/doppelkinn-liposuktion\\\/\"]}]},{\"@type\":\"ImageObject\",\"inLanguage\":\"de\",\"@id\":\"https:\\\/\\\/estherian.com\\\/de\\\/doppelkinn-liposuktion\\\/#primaryimage\",\"url\":\"https:\\\/\\\/estherian.com\\\/wp-content\\\/uploads\\\/chin_neck_liposuction_1920x1080.jpg\",\"contentUrl\":\"https:\\\/\\\/estherian.com\\\/wp-content\\\/uploads\\\/chin_neck_liposuction_1920x1080.jpg\",\"width\":1920,\"height\":1080},{\"@type\":\"BreadcrumbList\",\"@id\":\"https:\\\/\\\/estherian.com\\\/de\\\/doppelkinn-liposuktion\\\/#breadcrumb\",\"itemListElement\":[{\"@type\":\"ListItem\",\"position\":1,\"name\":\"Home\",\"item\":\"https:\\\/\\\/estherian.com\\\/de\\\/\"},{\"@type\":\"ListItem\",\"position\":2,\"name\":\"Doppelkinn-Liposuktion\"}]},{\"@type\":\"WebSite\",\"@id\":\"https:\\\/\\\/estherian.com\\\/de\\\/#website\",\"url\":\"https:\\\/\\\/estherian.com\\\/de\\\/\",\"name\":\"Estherian Clinic\",\"description\":\"Plastic Surgery | Dental | Hair Transplant in Turkey\",\"publisher\":{\"@id\":\"https:\\\/\\\/estherian.com\\\/de\\\/#organization\"},\"potentialAction\":[{\"@type\":\"SearchAction\",\"target\":{\"@type\":\"EntryPoint\",\"urlTemplate\":\"https:\\\/\\\/estherian.com\\\/de\\\/?s={search_term_string}\"},\"query-input\":{\"@type\":\"PropertyValueSpecification\",\"valueRequired\":true,\"valueName\":\"search_term_string\"}}],\"inLanguage\":\"de\"},{\"@type\":\"Organization\",\"@id\":\"https:\\\/\\\/estherian.com\\\/de\\\/#organization\",\"name\":\"Estherian Clinic\",\"alternateName\":\"Estherian\",\"url\":\"https:\\\/\\\/estherian.com\\\/de\\\/\",\"logo\":{\"@type\":\"ImageObject\",\"inLanguage\":\"de\",\"@id\":\"https:\\\/\\\/estherian.com\\\/de\\\/#\\\/schema\\\/logo\\\/image\\\/\",\"url\":\"https:\\\/\\\/estherian.com\\\/wp-content\\\/uploads\\\/2024\\\/10\\\/EstherianLogo.png\",\"contentUrl\":\"https:\\\/\\\/estherian.com\\\/wp-content\\\/uploads\\\/2024\\\/10\\\/EstherianLogo.png\",\"width\":882,\"height\":934,\"caption\":\"Estherian Clinic\"},\"image\":{\"@id\":\"https:\\\/\\\/estherian.com\\\/de\\\/#\\\/schema\\\/logo\\\/image\\\/\"},\"sameAs\":[\"https:\\\/\\\/www.facebook.com\\\/estherianclinic.en\",\"https:\\\/\\\/x.com\\\/EstherianTr\",\"https:\\\/\\\/www.instagram.com\\\/estherianclinic\\\/\",\"https:\\\/\\\/www.tiktok.com\\\/@estherian.clinic\",\"https:\\\/\\\/www.youtube.com\\\/estherianclinic\"],\"email\":\"hi@estherian.com\",\"telephone\":\"+90-544-169-9000\",\"legalName\":\"ESTHERIAN CLINIC SA\u011eLIK H\u0130ZMETLER\u0130 SAN. T\u0130C. LTD. \u015eT\u0130.\",\"foundingDate\":\"2020-03-09\",\"vatID\":\"TR1601485625\",\"taxID\":\"1601485625\",\"numberOfEmployees\":{\"@type\":\"QuantitativeValue\",\"minValue\":\"51\",\"maxValue\":\"200\"},\"publishingPrinciples\":\"https:\\\/\\\/estherian.com\\\/tr\\\/sartlar-ve-kosullar\\\/\",\"actionableFeedbackPolicy\":\"https:\\\/\\\/estherian.com\\\/tr\\\/gizlilik-politikasi\\\/\",\"correctionsPolicy\":\"https:\\\/\\\/estherian.com\\\/tr\\\/gizlilik-politikasi\\\/\",\"ethicsPolicy\":\"https:\\\/\\\/estherian.com\\\/tr\\\/gizlilik-politikasi\\\/\",\"diversityPolicy\":\"https:\\\/\\\/estherian.com\\\/tr\\\/gizlilik-politikasi\\\/\",\"diversityStaffingReport\":\"https:\\\/\\\/estherian.com\\\/tr\\\/gizlilik-politikasi\\\/\"},{\"@type\":\"Person\",\"@id\":\"https:\\\/\\\/estherian.com\\\/de\\\/#\\\/schema\\\/person\\\/0b1452799c3700afbfcfd3a0f5e64732\",\"name\":\"ferhatk\",\"image\":{\"@type\":\"ImageObject\",\"inLanguage\":\"de\",\"@id\":\"https:\\\/\\\/secure.gravatar.com\\\/avatar\\\/5192156a410fa37c70ea8d4f0d01782533c470a75971ae114e5cd116be51ca05?s=96&d=mm&r=g\",\"url\":\"https:\\\/\\\/secure.gravatar.com\\\/avatar\\\/5192156a410fa37c70ea8d4f0d01782533c470a75971ae114e5cd116be51ca05?s=96&d=mm&r=g\",\"contentUrl\":\"https:\\\/\\\/secure.gravatar.com\\\/avatar\\\/5192156a410fa37c70ea8d4f0d01782533c470a75971ae114e5cd116be51ca05?s=96&d=mm&r=g\",\"caption\":\"ferhatk\"},\"sameAs\":[\"https:\\\/\\\/v2.estherian.com\"]}]}<\/script>\n<!-- \/ Yoast SEO Premium plugin. -->","yoast_head_json":{"title":"Doppelkinn-Liposuktion | Estherian Clinic","robots":{"index":"index","follow":"follow","max-snippet":"max-snippet:-1","max-image-preview":"max-image-preview:large","max-video-preview":"max-video-preview:-1"},"canonical":"https:\/\/estherian.com\/de\/doppelkinn-liposuktion\/","og_locale":"de_DE","og_type":"article","og_title":"Doppelkinn-Liposuktion","og_description":"Looks better with Estherian Clinic. Plastic Surgery, Dental treatments and more beautiful services!","og_url":"https:\/\/estherian.com\/de\/doppelkinn-liposuktion\/","og_site_name":"Estherian Clinic","article_publisher":"https:\/\/www.facebook.com\/estherianclinic.en","article_modified_time":"2025-10-20T07:46:47+00:00","og_image":[{"width":1920,"height":1080,"url":"https:\/\/estherian.com\/wp-content\/uploads\/chin_neck_liposuction_1920x1080.jpg","type":"image\/jpeg"}],"twitter_card":"summary_large_image","twitter_site":"@EstherianTr","twitter_misc":{"Gesch\u00e4tzte Lesezeit":"4\u00a0Minuten"},"schema":{"@context":"https:\/\/schema.org","@graph":[{"@type":"Article","@id":"https:\/\/estherian.com\/de\/doppelkinn-liposuktion\/#article","isPartOf":{"@id":"https:\/\/estherian.com\/de\/doppelkinn-liposuktion\/"},"author":{"name":"ferhatk","@id":"https:\/\/estherian.com\/de\/#\/schema\/person\/0b1452799c3700afbfcfd3a0f5e64732"},"headline":"Doppelkinn-Liposuktion","datePublished":"2024-11-22T09:21:16+00:00","dateModified":"2025-10-20T07:46:47+00:00","mainEntityOfPage":{"@id":"https:\/\/estherian.com\/de\/doppelkinn-liposuktion\/"},"wordCount":546,"publisher":{"@id":"https:\/\/estherian.com\/de\/#organization"},"image":{"@id":"https:\/\/estherian.com\/de\/doppelkinn-liposuktion\/#primaryimage"},"thumbnailUrl":"https:\/\/estherian.com\/wp-content\/uploads\/chin_neck_liposuction_1920x1080.jpg","inLanguage":"de"},{"@type":"WebPage","@id":"https:\/\/estherian.com\/de\/doppelkinn-liposuktion\/","url":"https:\/\/estherian.com\/de\/doppelkinn-liposuktion\/","name":"Doppelkinn-Liposuktion | Estherian Clinic","isPartOf":{"@id":"https:\/\/estherian.com\/de\/#website"},"primaryImageOfPage":{"@id":"https:\/\/estherian.com\/de\/doppelkinn-liposuktion\/#primaryimage"},"image":{"@id":"https:\/\/estherian.com\/de\/doppelkinn-liposuktion\/#primaryimage"},"thumbnailUrl":"https:\/\/estherian.com\/wp-content\/uploads\/chin_neck_liposuction_1920x1080.jpg","datePublished":"2024-11-22T09:21:16+00:00","dateModified":"2025-10-20T07:46:47+00:00","breadcrumb":{"@id":"https:\/\/estherian.com\/de\/doppelkinn-liposuktion\/#breadcrumb"},"inLanguage":"de","potentialAction":[{"@type":"ReadAction","target":["https:\/\/estherian.com\/de\/doppelkinn-liposuktion\/"]}]},{"@type":"ImageObject","inLanguage":"de","@id":"https:\/\/estherian.com\/de\/doppelkinn-liposuktion\/#primaryimage","url":"https:\/\/estherian.com\/wp-content\/uploads\/chin_neck_liposuction_1920x1080.jpg","contentUrl":"https:\/\/estherian.com\/wp-content\/uploads\/chin_neck_liposuction_1920x1080.jpg","width":1920,"height":1080},{"@type":"BreadcrumbList","@id":"https:\/\/estherian.com\/de\/doppelkinn-liposuktion\/#breadcrumb","itemListElement":[{"@type":"ListItem","position":1,"name":"Home","item":"https:\/\/estherian.com\/de\/"},{"@type":"ListItem","position":2,"name":"Doppelkinn-Liposuktion"}]},{"@type":"WebSite","@id":"https:\/\/estherian.com\/de\/#website","url":"https:\/\/estherian.com\/de\/","name":"Estherian Clinic","description":"Plastic Surgery | Dental | Hair Transplant in Turkey","publisher":{"@id":"https:\/\/estherian.com\/de\/#organization"},"potentialAction":[{"@type":"SearchAction","target":{"@type":"EntryPoint","urlTemplate":"https:\/\/estherian.com\/de\/?s={search_term_string}"},"query-input":{"@type":"PropertyValueSpecification","valueRequired":true,"valueName":"search_term_string"}}],"inLanguage":"de"},{"@type":"Organization","@id":"https:\/\/estherian.com\/de\/#organization","name":"Estherian Clinic","alternateName":"Estherian","url":"https:\/\/estherian.com\/de\/","logo":{"@type":"ImageObject","inLanguage":"de","@id":"https:\/\/estherian.com\/de\/#\/schema\/logo\/image\/","url":"https:\/\/estherian.com\/wp-content\/uploads\/2024\/10\/EstherianLogo.png","contentUrl":"https:\/\/estherian.com\/wp-content\/uploads\/2024\/10\/EstherianLogo.png","width":882,"height":934,"caption":"Estherian Clinic"},"image":{"@id":"https:\/\/estherian.com\/de\/#\/schema\/logo\/image\/"},"sameAs":["https:\/\/www.facebook.com\/estherianclinic.en","https:\/\/x.com\/EstherianTr","https:\/\/www.instagram.com\/estherianclinic\/","https:\/\/www.tiktok.com\/@estherian.clinic","https:\/\/www.youtube.com\/estherianclinic"],"email":"hi@estherian.com","telephone":"+90-544-169-9000","legalName":"ESTHERIAN CLINIC SA\u011eLIK H\u0130ZMETLER\u0130 SAN. T\u0130C. LTD. \u015eT\u0130.","foundingDate":"2020-03-09","vatID":"TR1601485625","taxID":"1601485625","numberOfEmployees":{"@type":"QuantitativeValue","minValue":"51","maxValue":"200"},"publishingPrinciples":"https:\/\/estherian.com\/tr\/sartlar-ve-kosullar\/","actionableFeedbackPolicy":"https:\/\/estherian.com\/tr\/gizlilik-politikasi\/","correctionsPolicy":"https:\/\/estherian.com\/tr\/gizlilik-politikasi\/","ethicsPolicy":"https:\/\/estherian.com\/tr\/gizlilik-politikasi\/","diversityPolicy":"https:\/\/estherian.com\/tr\/gizlilik-politikasi\/","diversityStaffingReport":"https:\/\/estherian.com\/tr\/gizlilik-politikasi\/"},{"@type":"Person","@id":"https:\/\/estherian.com\/de\/#\/schema\/person\/0b1452799c3700afbfcfd3a0f5e64732","name":"ferhatk","image":{"@type":"ImageObject","inLanguage":"de","@id":"https:\/\/secure.gravatar.com\/avatar\/5192156a410fa37c70ea8d4f0d01782533c470a75971ae114e5cd116be51ca05?s=96&d=mm&r=g","url":"https:\/\/secure.gravatar.com\/avatar\/5192156a410fa37c70ea8d4f0d01782533c470a75971ae114e5cd116be51ca05?s=96&d=mm&r=g","contentUrl":"https:\/\/secure.gravatar.com\/avatar\/5192156a410fa37c70ea8d4f0d01782533c470a75971ae114e5cd116be51ca05?s=96&d=mm&r=g","caption":"ferhatk"},"sameAs":["https:\/\/v2.estherian.com"]}]}},"_links":{"self":[{"href":"https:\/\/estherian.com\/de\/wp-json\/wp\/v2\/pages\/24490","targetHints":{"allow":["GET"]}}],"collection":[{"href":"https:\/\/estherian.com\/de\/wp-json\/wp\/v2\/pages"}],"about":[{"href":"https:\/\/estherian.com\/de\/wp-json\/wp\/v2\/types\/page"}],"author":[{"embeddable":true,"href":"https:\/\/estherian.com\/de\/wp-json\/wp\/v2\/users\/1"}],"replies":[{"embeddable":true,"href":"https:\/\/estherian.com\/de\/wp-json\/wp\/v2\/comments?post=24490"}],"version-history":[{"count":0,"href":"https:\/\/estherian.com\/de\/wp-json\/wp\/v2\/pages\/24490\/revisions"}],"wp:featuredmedia":[{"embeddable":true,"href":"https:\/\/estherian.com\/de\/wp-json\/wp\/v2\/media\/26831"}],"wp:attachment":[{"href":"https:\/\/estherian.com\/de\/wp-json\/wp\/v2\/media?parent=24490"}],"curies":[{"name":"wp","href":"https:\/\/api.w.org\/{rel}","templated":true}]}}