{"id":24495,"date":"2024-11-22T11:16:32","date_gmt":"2024-11-22T08:16:32","guid":{"rendered":"https:\/\/estherian.com\/?page_id=24495"},"modified":"2025-01-02T07:48:48","modified_gmt":"2025-01-02T07:48:48","slug":"augenbrauen-lift","status":"publish","type":"page","link":"https:\/\/estherian.com\/de\/augenbrauen-lift\/","title":{"rendered":"Augenbrauen Lift"},"content":{"rendered":"\n<h2 class=\"wp-block-heading\"><br><\/h2>\n\n\n\n<div class=\"wp-block-columns is-layout-flex wp-container-core-columns-is-layout-9d6595d7 wp-block-columns-is-layout-flex\">\n<div class=\"wp-block-column is-layout-flow wp-block-column-is-layout-flow\">\n<h2 class=\"wp-block-heading\">Was ist ein Augenbrauenlifting?<\/h2>\n\n\n\n<p>Ein Augenbrauenlifting, auch Stirnlifting genannt, ist ein chirurgischer Eingriff zur Anhebung der Brauen. Mit zunehmendem Alter beginnen die Haut und die Muskeln um die Augen herum zu erschlaffen, was zu einem schlaffen, m\u00fcden und oft traurigen Aussehen f\u00fchrt. Das Augenbrauenlifting zielt auf die Stirn, die Brauen und die Augenpartie ab, indem das weiche Gewebe und die Haut der Stirn und der Brauen angehoben werden. Dieses Verfahren ist ideal, wenn Sie unter niedrigen, h\u00e4ngenden Brauen, einer Asymmetrie der Brauen oder Zornesfalten leiden, die ein trauriges oder m\u00fcdes Aussehen verursachen. Ein Augenbrauenlifting kann in Kombination mit anderen Eingriffen im Gesicht durchgef\u00fchrt werden, z. B. mit einer Augenlidoperation oder einem Facelifting, so dass Sie ein frischeres, jugendlicheres und attraktiveres Aussehen erhalten.<\/p>\n<\/div>\n<\/div>\n\n\n\n<hr class=\"wp-block-separator has-alpha-channel-opacity\"\/>\n\n\n\n<div class=\"wp-block-columns is-layout-flex wp-container-core-columns-is-layout-9d6595d7 wp-block-columns-is-layout-flex\">\n<div class=\"wp-block-column is-layout-flow wp-block-column-is-layout-flow\">\n<figure class=\"wp-block-image size-full\"><img decoding=\"async\" width=\"391\" height=\"300\" src=\"https:\/\/estherian.com\/wp-content\/uploads\/eyebrow-before.png\" alt=\"\" class=\"wp-image-21978\" srcset=\"https:\/\/estherian.com\/wp-content\/uploads\/eyebrow-before.png 391w, https:\/\/estherian.com\/wp-content\/uploads\/eyebrow-before-386x296.png 386w\" sizes=\"(max-width: 391px) 100vw, 391px\" \/><\/figure>\n\n\n\n<figure class=\"wp-block-image size-full\"><img decoding=\"async\" width=\"391\" height=\"300\" src=\"https:\/\/estherian.com\/wp-content\/uploads\/eyelid-surgery1-01-3.png\" alt=\"\" class=\"wp-image-21982\" srcset=\"https:\/\/estherian.com\/wp-content\/uploads\/eyelid-surgery1-01-3.png 391w, https:\/\/estherian.com\/wp-content\/uploads\/eyelid-surgery1-01-3-386x296.png 386w\" sizes=\"(max-width: 391px) 100vw, 391px\" \/><\/figure>\n<\/div>\n\n\n\n<div class=\"wp-block-column is-layout-flow wp-block-column-is-layout-flow\">\n<h2 class=\"wp-block-heading\">Verfahren zum Augenbrauenlifting<\/h2>\n\n\n\n<h3 class=\"wp-block-heading\">Vor der Operation<\/h3>\n\n\n\n<p>Bevor Sie sich einem Augenbrauenlifting unterziehen, wird Ihr Chirurg Ihnen spezielle Anweisungen zur Vorbereitung auf den Eingriff geben. Dazu kann geh\u00f6ren, dass Sie mit dem Rauchen aufh\u00f6ren, sich einer \u00e4rztlichen Untersuchung unterziehen, Ihre aktuellen Medikamente anpassen und vor der Operation auf Aspirin verzichten.<\/p>\n\n\n\n<p>Bei Patienten, die sich einer Unterlidkorrektur unterziehen, kann ein Einschnitt direkt unterhalb des unteren Wimpernkranzes vorgenommen werden. Hier wird \u00fcbersch\u00fcssiges Fett entweder neu positioniert oder entfernt und die Schnitte werden mit N\u00e4hten oder Hautkleber verschlossen. Die F\u00e4den werden in der Regel nach einer Woche entfernt.<\/p>\n\n\n\n<h3 class=\"wp-block-heading\">Nach der Operation<\/h3>\n\n\n\n<p>W\u00e4hrend der Genesung wird empfohlen, feuchtigkeitsspendende Salben und kalte Kompressen zu verwenden, um Schwellungen und Beschwerden zu verringern. Ihr Chirurg wird Ihnen genaue Anweisungen zur Pflege der Einschnittstellen geben und Medikamente empfehlen, die die Heilung f\u00f6rdern.<\/p>\n\n\n\n<p>Es ist normal, dass in der ersten Woche nach dem Eingriff Schwellungen, Bluterg\u00fcsse und trockene Augen auftreten. Diese Nebenwirkungen klingen normalerweise mit der Heilung ab.<\/p>\n<\/div>\n<\/div>\n\n\n\n<h2 class=\"wp-block-heading\">Techniken f\u00fcr das Augenbrauenlifting<\/h2>\n\n\n\n<p>Es gibt verschiedene Techniken f\u00fcr das Augenbrauenlifting, und der Chirurg w\u00e4hlt diejenige aus, die Ihren Bed\u00fcrfnissen am besten entspricht:<\/p>\n\n\n\n<ul class=\"wp-block-list\">\n<li>Endoskopisches Brauenlifting: Bei dieser Methode werden mehrere kleine Schnitte hinter dem Haaransatz gesetzt. Durch einen der Einschnitte wird ein d\u00fcnner Schlauch mit Licht und Kamera eingef\u00fchrt, mit dem der Chirurg das Stirngewebe anheben und mit chirurgischen N\u00e4hten befestigen kann. Die Einschnitte werden dann mit N\u00e4hten oder kleinen Clips verschlossen.<\/li>\n\n\n\n<li>Koronales Brauenlifting: Bei dieser Technik wird ein Schnitt hinter dem Haaransatz gesetzt, der von Ohr zu Ohr verl\u00e4uft. Die Stirn wird angehoben, \u00fcbersch\u00fcssige Kopfhaut wird entfernt und die verbleibende Haut wird zusammengen\u00e4ht. Diese Methode wird nicht empfohlen f\u00fcr Personen mit hohem Haaransatz, d\u00fcnnem Haar oder Personen, die zu Haarausfall neigen.<\/li>\n\n\n\n<li>Haaransatz-Brauenlift: Bei dieser Methode wird ein Schnitt entlang der Stirn knapp oberhalb des Haaransatzes gesetzt. Eine kleine Menge Haut und Gewebe wird entfernt, um die Stirn anzuheben, ohne die Kopfhaut zu beeintr\u00e4chtigen. Bei dieser Technik wird der Haaransatz nicht zur\u00fcckgezogen.<\/li>\n<\/ul>\n\n\n\n<h2 class=\"wp-block-heading\">FAQ&#8217;S<\/h2>\n\n\n\n<h3 class=\"wp-block-heading\">Wer ist ein guter Kandidat f\u00fcr ein Augenbrauenlifting?<\/h3>\n\n\n\n<p>Die idealen Kandidaten f\u00fcr ein Augenbrauenlifting sind Personen, die:<\/p>\n\n\n\n<ul class=\"wp-block-list\">\n<li>Gesund und in guter k\u00f6rperlicher Verfassung<\/li>\n\n\n\n<li>Nichtraucher, um die Heilung zu f\u00f6rdern<\/li>\n\n\n\n<li>Haben Sie realistische Erwartungen an die Ergebnisse<\/li>\n\n\n\n<li>Sie haben keine schweren Augenkrankheiten, die den Eingriff komplizieren k\u00f6nnten<\/li>\n<\/ul>\n\n\n\n<h3 class=\"wp-block-heading\">Kosten f\u00fcr das Augenbrauenlifting<\/h3>\n\n\n\n<p>Die Kosten f\u00fcr ein Augenbrauenlifting variieren je nach der verwendeten Technik und den spezifischen Bereichen, die w\u00e4hrend des Eingriffs behandelt werden. Der Preis kann auch von Patient zu Patient variieren und h\u00e4ngt von der Komplexit\u00e4t des Eingriffs und der Erfahrung des Chirurgen ab. Wird das Augenbrauenlifting mit anderen Eingriffen kombiniert, z. B. mit einer Augenlidoperation oder einem Facelifting, k\u00f6nnen die Kosten aufgrund des kombinierten Aufwands f\u00fcr mehrere Behandlungen h\u00f6her sein.<\/p>\n\n\n\n<p>Bei der Betrachtung der Kosten ist zu bedenken, dass die Preise zwar variieren, die wichtigsten Faktoren aber die gew\u00e4hlte Operationstechnik und die Anzahl der behandelten Bereiche sind. Die individuellen Bed\u00fcrfnisse und das gew\u00fcnschte Ergebnis spielen bei der Festlegung des Endpreises eine Rolle. Au\u00dferdem sollten die Patienten die Erfahrung des Chirurgen und die Qualit\u00e4t der Betreuung w\u00e4hrend der Genesungsphase ber\u00fccksichtigen.<\/p>\n\n\n\n<p>In der T\u00fcrkei ist die Augenbrauenlifting-Operation im Vergleich zu vielen anderen L\u00e4ndern oft eine erschwinglichere Option, ohne dass dabei Abstriche bei der Qualit\u00e4t der Behandlung oder der chirurgischen Kompetenz gemacht werden. Allerdings ist es wichtig, sich zu informieren und einen zertifizierten, erfahrenen Chirurgen zu w\u00e4hlen, um einen sicheren und erfolgreichen Eingriff zu gew\u00e4hrleisten.<\/p>\n\n\n\n<h3 class=\"wp-block-heading\">Gibt es Risiken im Zusammenhang mit einer Augenbrauenlifting-Operation?<\/h3>\n\n\n\n<p>Wie jeder chirurgische Eingriff birgt auch das Augenbrauenlifting einige Risiken. Dazu geh\u00f6ren Infektionen, Narbenbildung, Asymmetrien, Nervenverletzungen und vor\u00fcbergehender Haarausfall in der N\u00e4he der Einschnittstellen. Komplikationen sind jedoch selten, wenn sie von einem qualifizierten, erfahrenen Chirurgen durchgef\u00fchrt werden. Ihr Chirurg wird alle m\u00f6glichen Risiken vor dem Eingriff mit Ihnen besprechen.<\/p>\n\n\n\n<h3 class=\"wp-block-heading\">Werde ich nach dem Eingriff sichtbare Narben haben?<\/h3>\n\n\n\n<p>Die Narbenbildung ist in der Regel minimal und gut versteckt, insbesondere bei Techniken wie dem endoskopischen Stirnlifting. In den meisten F\u00e4llen werden die Schnitte an Stellen gesetzt, an denen die Narben weniger auff\u00e4llig sind, z. B. hinter dem Haaransatz oder entlang nat\u00fcrlicher Falten. Je nach der angewandten Technik kann es jedoch zu einer gewissen Narbenbildung kommen, und der Chirurg wird daf\u00fcr sorgen, dass die Schnitte strategisch so platziert werden, dass das Ergebnis m\u00f6glichst wenig auff\u00e4llt.<\/p>\n\n\n\n<p><\/p>\n","protected":false},"excerpt":{"rendered":"<p>Was ist ein Augenbrauenlifting? Ein Augenbrauenlifting, auch Stirnlifting genannt, ist ein chirurgischer Eingriff zur Anhebung der Brauen. Mit zunehmendem Alter beginnen die Haut und die Muskeln um die Augen herum zu erschlaffen, was zu einem schlaffen, m\u00fcden und oft traurigen Aussehen f\u00fchrt. Das Augenbrauenlifting zielt auf die Stirn, die Brauen und die Augenpartie ab, indem&hellip;<\/p>\n","protected":false},"author":1,"featured_media":26770,"parent":0,"menu_order":10,"comment_status":"closed","ping_status":"closed","template":"","meta":{"footnotes":""},"class_list":["post-24495","page","type-page","status-publish","has-post-thumbnail","hentry","description-off"],"yoast_head":"<!-- This site is optimized with the Yoast SEO Premium plugin v27.3 (Yoast SEO v27.3) - https:\/\/yoast.com\/product\/yoast-seo-premium-wordpress\/ -->\n<title>Augenbrauen Lift | Estherian Clinic<\/title>\n<meta name=\"robots\" content=\"index, follow, max-snippet:-1, max-image-preview:large, max-video-preview:-1\" \/>\n<link rel=\"canonical\" href=\"https:\/\/estherian.com\/de\/augenbrauen-lift\/\" \/>\n<meta property=\"og:locale\" content=\"de_DE\" \/>\n<meta property=\"og:type\" content=\"article\" \/>\n<meta property=\"og:title\" content=\"Augenbrauen Lift\" \/>\n<meta property=\"og:description\" content=\"Looks better with Estherian Clinic. Plastic Surgery, Dental treatments and more beautiful services!\" \/>\n<meta property=\"og:url\" content=\"https:\/\/estherian.com\/de\/augenbrauen-lift\/\" \/>\n<meta property=\"og:site_name\" content=\"Estherian Clinic\" \/>\n<meta property=\"article:publisher\" content=\"https:\/\/www.facebook.com\/estherianclinic.en\" \/>\n<meta property=\"article:modified_time\" content=\"2025-01-02T07:48:48+00:00\" \/>\n<meta property=\"og:image\" content=\"https:\/\/estherian.com\/wp-content\/uploads\/eyebrow_lift_turkey_v2_1920x1080.jpg\" \/>\n\t<meta property=\"og:image:width\" content=\"1920\" \/>\n\t<meta property=\"og:image:height\" content=\"1080\" \/>\n\t<meta property=\"og:image:type\" content=\"image\/jpeg\" \/>\n<meta name=\"twitter:card\" content=\"summary_large_image\" \/>\n<meta name=\"twitter:site\" content=\"@EstherianTr\" \/>\n<meta name=\"twitter:label1\" content=\"Gesch\u00e4tzte Lesezeit\" \/>\n\t<meta name=\"twitter:data1\" content=\"5\u00a0Minuten\" \/>\n<script type=\"application\/ld+json\" class=\"yoast-schema-graph\">{\"@context\":\"https:\\\/\\\/schema.org\",\"@graph\":[{\"@type\":\"Article\",\"@id\":\"https:\\\/\\\/estherian.com\\\/de\\\/augenbrauen-lift\\\/#article\",\"isPartOf\":{\"@id\":\"https:\\\/\\\/estherian.com\\\/de\\\/augenbrauen-lift\\\/\"},\"author\":{\"name\":\"ferhatk\",\"@id\":\"https:\\\/\\\/estherian.com\\\/de\\\/#\\\/schema\\\/person\\\/0b1452799c3700afbfcfd3a0f5e64732\"},\"headline\":\"Augenbrauen Lift\",\"datePublished\":\"2024-11-22T08:16:32+00:00\",\"dateModified\":\"2025-01-02T07:48:48+00:00\",\"mainEntityOfPage\":{\"@id\":\"https:\\\/\\\/estherian.com\\\/de\\\/augenbrauen-lift\\\/\"},\"wordCount\":882,\"publisher\":{\"@id\":\"https:\\\/\\\/estherian.com\\\/de\\\/#organization\"},\"image\":{\"@id\":\"https:\\\/\\\/estherian.com\\\/de\\\/augenbrauen-lift\\\/#primaryimage\"},\"thumbnailUrl\":\"https:\\\/\\\/estherian.com\\\/wp-content\\\/uploads\\\/eyebrow_lift_turkey_v2_1920x1080.jpg\",\"inLanguage\":\"de\"},{\"@type\":\"WebPage\",\"@id\":\"https:\\\/\\\/estherian.com\\\/de\\\/augenbrauen-lift\\\/\",\"url\":\"https:\\\/\\\/estherian.com\\\/de\\\/augenbrauen-lift\\\/\",\"name\":\"Augenbrauen Lift | Estherian Clinic\",\"isPartOf\":{\"@id\":\"https:\\\/\\\/estherian.com\\\/de\\\/#website\"},\"primaryImageOfPage\":{\"@id\":\"https:\\\/\\\/estherian.com\\\/de\\\/augenbrauen-lift\\\/#primaryimage\"},\"image\":{\"@id\":\"https:\\\/\\\/estherian.com\\\/de\\\/augenbrauen-lift\\\/#primaryimage\"},\"thumbnailUrl\":\"https:\\\/\\\/estherian.com\\\/wp-content\\\/uploads\\\/eyebrow_lift_turkey_v2_1920x1080.jpg\",\"datePublished\":\"2024-11-22T08:16:32+00:00\",\"dateModified\":\"2025-01-02T07:48:48+00:00\",\"breadcrumb\":{\"@id\":\"https:\\\/\\\/estherian.com\\\/de\\\/augenbrauen-lift\\\/#breadcrumb\"},\"inLanguage\":\"de\",\"potentialAction\":[{\"@type\":\"ReadAction\",\"target\":[\"https:\\\/\\\/estherian.com\\\/de\\\/augenbrauen-lift\\\/\"]}]},{\"@type\":\"ImageObject\",\"inLanguage\":\"de\",\"@id\":\"https:\\\/\\\/estherian.com\\\/de\\\/augenbrauen-lift\\\/#primaryimage\",\"url\":\"https:\\\/\\\/estherian.com\\\/wp-content\\\/uploads\\\/eyebrow_lift_turkey_v2_1920x1080.jpg\",\"contentUrl\":\"https:\\\/\\\/estherian.com\\\/wp-content\\\/uploads\\\/eyebrow_lift_turkey_v2_1920x1080.jpg\",\"width\":1920,\"height\":1080},{\"@type\":\"BreadcrumbList\",\"@id\":\"https:\\\/\\\/estherian.com\\\/de\\\/augenbrauen-lift\\\/#breadcrumb\",\"itemListElement\":[{\"@type\":\"ListItem\",\"position\":1,\"name\":\"Home\",\"item\":\"https:\\\/\\\/estherian.com\\\/de\\\/\"},{\"@type\":\"ListItem\",\"position\":2,\"name\":\"Augenbrauen Lift\"}]},{\"@type\":\"WebSite\",\"@id\":\"https:\\\/\\\/estherian.com\\\/de\\\/#website\",\"url\":\"https:\\\/\\\/estherian.com\\\/de\\\/\",\"name\":\"Estherian Clinic\",\"description\":\"Plastic Surgery | Dental | Hair Transplant in Turkey\",\"publisher\":{\"@id\":\"https:\\\/\\\/estherian.com\\\/de\\\/#organization\"},\"potentialAction\":[{\"@type\":\"SearchAction\",\"target\":{\"@type\":\"EntryPoint\",\"urlTemplate\":\"https:\\\/\\\/estherian.com\\\/de\\\/?s={search_term_string}\"},\"query-input\":{\"@type\":\"PropertyValueSpecification\",\"valueRequired\":true,\"valueName\":\"search_term_string\"}}],\"inLanguage\":\"de\"},{\"@type\":\"Organization\",\"@id\":\"https:\\\/\\\/estherian.com\\\/de\\\/#organization\",\"name\":\"Estherian Clinic\",\"alternateName\":\"Estherian\",\"url\":\"https:\\\/\\\/estherian.com\\\/de\\\/\",\"logo\":{\"@type\":\"ImageObject\",\"inLanguage\":\"de\",\"@id\":\"https:\\\/\\\/estherian.com\\\/de\\\/#\\\/schema\\\/logo\\\/image\\\/\",\"url\":\"https:\\\/\\\/estherian.com\\\/wp-content\\\/uploads\\\/2024\\\/10\\\/EstherianLogo.png\",\"contentUrl\":\"https:\\\/\\\/estherian.com\\\/wp-content\\\/uploads\\\/2024\\\/10\\\/EstherianLogo.png\",\"width\":882,\"height\":934,\"caption\":\"Estherian Clinic\"},\"image\":{\"@id\":\"https:\\\/\\\/estherian.com\\\/de\\\/#\\\/schema\\\/logo\\\/image\\\/\"},\"sameAs\":[\"https:\\\/\\\/www.facebook.com\\\/estherianclinic.en\",\"https:\\\/\\\/x.com\\\/EstherianTr\",\"https:\\\/\\\/www.instagram.com\\\/estherianclinic\\\/\",\"https:\\\/\\\/www.tiktok.com\\\/@estherian.clinic\",\"https:\\\/\\\/www.youtube.com\\\/estherianclinic\"],\"email\":\"hi@estherian.com\",\"telephone\":\"+90-544-169-9000\",\"legalName\":\"ESTHERIAN CLINIC SA\u011eLIK H\u0130ZMETLER\u0130 SAN. T\u0130C. LTD. \u015eT\u0130.\",\"foundingDate\":\"2020-03-09\",\"vatID\":\"TR1601485625\",\"taxID\":\"1601485625\",\"numberOfEmployees\":{\"@type\":\"QuantitativeValue\",\"minValue\":\"51\",\"maxValue\":\"200\"},\"publishingPrinciples\":\"https:\\\/\\\/estherian.com\\\/tr\\\/sartlar-ve-kosullar\\\/\",\"actionableFeedbackPolicy\":\"https:\\\/\\\/estherian.com\\\/tr\\\/gizlilik-politikasi\\\/\",\"correctionsPolicy\":\"https:\\\/\\\/estherian.com\\\/tr\\\/gizlilik-politikasi\\\/\",\"ethicsPolicy\":\"https:\\\/\\\/estherian.com\\\/tr\\\/gizlilik-politikasi\\\/\",\"diversityPolicy\":\"https:\\\/\\\/estherian.com\\\/tr\\\/gizlilik-politikasi\\\/\",\"diversityStaffingReport\":\"https:\\\/\\\/estherian.com\\\/tr\\\/gizlilik-politikasi\\\/\"},{\"@type\":\"Person\",\"@id\":\"https:\\\/\\\/estherian.com\\\/de\\\/#\\\/schema\\\/person\\\/0b1452799c3700afbfcfd3a0f5e64732\",\"name\":\"ferhatk\",\"image\":{\"@type\":\"ImageObject\",\"inLanguage\":\"de\",\"@id\":\"https:\\\/\\\/secure.gravatar.com\\\/avatar\\\/5192156a410fa37c70ea8d4f0d01782533c470a75971ae114e5cd116be51ca05?s=96&d=mm&r=g\",\"url\":\"https:\\\/\\\/secure.gravatar.com\\\/avatar\\\/5192156a410fa37c70ea8d4f0d01782533c470a75971ae114e5cd116be51ca05?s=96&d=mm&r=g\",\"contentUrl\":\"https:\\\/\\\/secure.gravatar.com\\\/avatar\\\/5192156a410fa37c70ea8d4f0d01782533c470a75971ae114e5cd116be51ca05?s=96&d=mm&r=g\",\"caption\":\"ferhatk\"},\"sameAs\":[\"https:\\\/\\\/v2.estherian.com\"]}]}<\/script>\n<!-- \/ Yoast SEO Premium plugin. -->","yoast_head_json":{"title":"Augenbrauen Lift | Estherian Clinic","robots":{"index":"index","follow":"follow","max-snippet":"max-snippet:-1","max-image-preview":"max-image-preview:large","max-video-preview":"max-video-preview:-1"},"canonical":"https:\/\/estherian.com\/de\/augenbrauen-lift\/","og_locale":"de_DE","og_type":"article","og_title":"Augenbrauen Lift","og_description":"Looks better with Estherian Clinic. Plastic Surgery, Dental treatments and more beautiful services!","og_url":"https:\/\/estherian.com\/de\/augenbrauen-lift\/","og_site_name":"Estherian Clinic","article_publisher":"https:\/\/www.facebook.com\/estherianclinic.en","article_modified_time":"2025-01-02T07:48:48+00:00","og_image":[{"width":1920,"height":1080,"url":"https:\/\/estherian.com\/wp-content\/uploads\/eyebrow_lift_turkey_v2_1920x1080.jpg","type":"image\/jpeg"}],"twitter_card":"summary_large_image","twitter_site":"@EstherianTr","twitter_misc":{"Gesch\u00e4tzte Lesezeit":"5\u00a0Minuten"},"schema":{"@context":"https:\/\/schema.org","@graph":[{"@type":"Article","@id":"https:\/\/estherian.com\/de\/augenbrauen-lift\/#article","isPartOf":{"@id":"https:\/\/estherian.com\/de\/augenbrauen-lift\/"},"author":{"name":"ferhatk","@id":"https:\/\/estherian.com\/de\/#\/schema\/person\/0b1452799c3700afbfcfd3a0f5e64732"},"headline":"Augenbrauen Lift","datePublished":"2024-11-22T08:16:32+00:00","dateModified":"2025-01-02T07:48:48+00:00","mainEntityOfPage":{"@id":"https:\/\/estherian.com\/de\/augenbrauen-lift\/"},"wordCount":882,"publisher":{"@id":"https:\/\/estherian.com\/de\/#organization"},"image":{"@id":"https:\/\/estherian.com\/de\/augenbrauen-lift\/#primaryimage"},"thumbnailUrl":"https:\/\/estherian.com\/wp-content\/uploads\/eyebrow_lift_turkey_v2_1920x1080.jpg","inLanguage":"de"},{"@type":"WebPage","@id":"https:\/\/estherian.com\/de\/augenbrauen-lift\/","url":"https:\/\/estherian.com\/de\/augenbrauen-lift\/","name":"Augenbrauen Lift | Estherian Clinic","isPartOf":{"@id":"https:\/\/estherian.com\/de\/#website"},"primaryImageOfPage":{"@id":"https:\/\/estherian.com\/de\/augenbrauen-lift\/#primaryimage"},"image":{"@id":"https:\/\/estherian.com\/de\/augenbrauen-lift\/#primaryimage"},"thumbnailUrl":"https:\/\/estherian.com\/wp-content\/uploads\/eyebrow_lift_turkey_v2_1920x1080.jpg","datePublished":"2024-11-22T08:16:32+00:00","dateModified":"2025-01-02T07:48:48+00:00","breadcrumb":{"@id":"https:\/\/estherian.com\/de\/augenbrauen-lift\/#breadcrumb"},"inLanguage":"de","potentialAction":[{"@type":"ReadAction","target":["https:\/\/estherian.com\/de\/augenbrauen-lift\/"]}]},{"@type":"ImageObject","inLanguage":"de","@id":"https:\/\/estherian.com\/de\/augenbrauen-lift\/#primaryimage","url":"https:\/\/estherian.com\/wp-content\/uploads\/eyebrow_lift_turkey_v2_1920x1080.jpg","contentUrl":"https:\/\/estherian.com\/wp-content\/uploads\/eyebrow_lift_turkey_v2_1920x1080.jpg","width":1920,"height":1080},{"@type":"BreadcrumbList","@id":"https:\/\/estherian.com\/de\/augenbrauen-lift\/#breadcrumb","itemListElement":[{"@type":"ListItem","position":1,"name":"Home","item":"https:\/\/estherian.com\/de\/"},{"@type":"ListItem","position":2,"name":"Augenbrauen Lift"}]},{"@type":"WebSite","@id":"https:\/\/estherian.com\/de\/#website","url":"https:\/\/estherian.com\/de\/","name":"Estherian Clinic","description":"Plastic Surgery | Dental | Hair Transplant in Turkey","publisher":{"@id":"https:\/\/estherian.com\/de\/#organization"},"potentialAction":[{"@type":"SearchAction","target":{"@type":"EntryPoint","urlTemplate":"https:\/\/estherian.com\/de\/?s={search_term_string}"},"query-input":{"@type":"PropertyValueSpecification","valueRequired":true,"valueName":"search_term_string"}}],"inLanguage":"de"},{"@type":"Organization","@id":"https:\/\/estherian.com\/de\/#organization","name":"Estherian Clinic","alternateName":"Estherian","url":"https:\/\/estherian.com\/de\/","logo":{"@type":"ImageObject","inLanguage":"de","@id":"https:\/\/estherian.com\/de\/#\/schema\/logo\/image\/","url":"https:\/\/estherian.com\/wp-content\/uploads\/2024\/10\/EstherianLogo.png","contentUrl":"https:\/\/estherian.com\/wp-content\/uploads\/2024\/10\/EstherianLogo.png","width":882,"height":934,"caption":"Estherian Clinic"},"image":{"@id":"https:\/\/estherian.com\/de\/#\/schema\/logo\/image\/"},"sameAs":["https:\/\/www.facebook.com\/estherianclinic.en","https:\/\/x.com\/EstherianTr","https:\/\/www.instagram.com\/estherianclinic\/","https:\/\/www.tiktok.com\/@estherian.clinic","https:\/\/www.youtube.com\/estherianclinic"],"email":"hi@estherian.com","telephone":"+90-544-169-9000","legalName":"ESTHERIAN CLINIC SA\u011eLIK H\u0130ZMETLER\u0130 SAN. T\u0130C. LTD. \u015eT\u0130.","foundingDate":"2020-03-09","vatID":"TR1601485625","taxID":"1601485625","numberOfEmployees":{"@type":"QuantitativeValue","minValue":"51","maxValue":"200"},"publishingPrinciples":"https:\/\/estherian.com\/tr\/sartlar-ve-kosullar\/","actionableFeedbackPolicy":"https:\/\/estherian.com\/tr\/gizlilik-politikasi\/","correctionsPolicy":"https:\/\/estherian.com\/tr\/gizlilik-politikasi\/","ethicsPolicy":"https:\/\/estherian.com\/tr\/gizlilik-politikasi\/","diversityPolicy":"https:\/\/estherian.com\/tr\/gizlilik-politikasi\/","diversityStaffingReport":"https:\/\/estherian.com\/tr\/gizlilik-politikasi\/"},{"@type":"Person","@id":"https:\/\/estherian.com\/de\/#\/schema\/person\/0b1452799c3700afbfcfd3a0f5e64732","name":"ferhatk","image":{"@type":"ImageObject","inLanguage":"de","@id":"https:\/\/secure.gravatar.com\/avatar\/5192156a410fa37c70ea8d4f0d01782533c470a75971ae114e5cd116be51ca05?s=96&d=mm&r=g","url":"https:\/\/secure.gravatar.com\/avatar\/5192156a410fa37c70ea8d4f0d01782533c470a75971ae114e5cd116be51ca05?s=96&d=mm&r=g","contentUrl":"https:\/\/secure.gravatar.com\/avatar\/5192156a410fa37c70ea8d4f0d01782533c470a75971ae114e5cd116be51ca05?s=96&d=mm&r=g","caption":"ferhatk"},"sameAs":["https:\/\/v2.estherian.com"]}]}},"_links":{"self":[{"href":"https:\/\/estherian.com\/de\/wp-json\/wp\/v2\/pages\/24495","targetHints":{"allow":["GET"]}}],"collection":[{"href":"https:\/\/estherian.com\/de\/wp-json\/wp\/v2\/pages"}],"about":[{"href":"https:\/\/estherian.com\/de\/wp-json\/wp\/v2\/types\/page"}],"author":[{"embeddable":true,"href":"https:\/\/estherian.com\/de\/wp-json\/wp\/v2\/users\/1"}],"replies":[{"embeddable":true,"href":"https:\/\/estherian.com\/de\/wp-json\/wp\/v2\/comments?post=24495"}],"version-history":[{"count":0,"href":"https:\/\/estherian.com\/de\/wp-json\/wp\/v2\/pages\/24495\/revisions"}],"wp:featuredmedia":[{"embeddable":true,"href":"https:\/\/estherian.com\/de\/wp-json\/wp\/v2\/media\/26770"}],"wp:attachment":[{"href":"https:\/\/estherian.com\/de\/wp-json\/wp\/v2\/media?parent=24495"}],"curies":[{"name":"wp","href":"https:\/\/api.w.org\/{rel}","templated":true}]}}