{"id":24501,"date":"2024-11-29T07:38:59","date_gmt":"2024-11-29T04:38:59","guid":{"rendered":"https:\/\/estherian.com\/?page_id=24501"},"modified":"2024-12-17T13:46:29","modified_gmt":"2024-12-17T13:46:29","slug":"augenbrauentransplantation","status":"publish","type":"page","link":"https:\/\/estherian.com\/de\/augenbrauentransplantation\/","title":{"rendered":"Augenbrauentransplantation"},"content":{"rendered":"\n<div class=\"wp-block-columns is-layout-flex wp-container-core-columns-is-layout-9d6595d7 wp-block-columns-is-layout-flex\">\n<div class=\"wp-block-column is-layout-flow wp-block-column-is-layout-flow\">\n<h2 class=\"wp-block-heading\">Was ist eine Augenbrauentransplantation?<\/h2>\n\n\n\n<p>Augenbrauen geh\u00f6ren zu den ausdrucksst\u00e4rksten Merkmalen des Gesichts. Sie verleihen den Augen eine einzigartige Sch\u00f6nheit und spielen eine entscheidende Rolle f\u00fcr das gesamte Erscheinungsbild. Der Verlust, die Ausd\u00fcnnung oder die Unregelm\u00e4\u00dfigkeit der Augenbrauen kann eine Quelle der Unzufriedenheit und der Sorge sein, insbesondere f\u00fcr Frauen. Sp\u00e4rliche Augenbrauen beeintr\u00e4chtigen oft das Selbstwertgef\u00fchl, da sie die \u00c4sthetik des Gesichts erheblich beeinflussen.<\/p>\n<\/div>\n<\/div>\n\n\n\n<h2 class=\"wp-block-heading\">Ursachen f\u00fcr Haarausfall an den Augenbrauen<\/h2>\n\n\n\n<p>Das Ausd\u00fcnnen oder der Verlust der Augenbrauen kann verschiedene Ursachen haben, z. B. Alopezie der Augenbrauen, Autoimmunerkrankungen, Chemotherapie, dermatologische Erkrankungen, psychischer Stress oder nat\u00fcrliche Alterung. Jeder dieser Faktoren kann die Dichte und Gesundheit der Augenbrauenhaare beeintr\u00e4chtigen. Wenn andere Behandlungen versagen, bietet eine Augenbrauentransplantation die zuverl\u00e4ssigste und wirksamste L\u00f6sung.<\/p>\n\n\n\n<div class=\"wp-block-columns is-layout-flex wp-container-core-columns-is-layout-9d6595d7 wp-block-columns-is-layout-flex\">\n<div class=\"wp-block-column is-layout-flow wp-block-column-is-layout-flow\">\n<figure class=\"wp-block-image size-full\"><img decoding=\"async\" width=\"328\" height=\"371\" src=\"https:\/\/estherian.com\/wp-content\/uploads\/s3-1.png\" alt=\"\" class=\"wp-image-22388\"\/><\/figure>\n<\/div>\n\n\n\n<div class=\"wp-block-column is-layout-flow wp-block-column-is-layout-flow\">\n<h2 class=\"wp-block-heading\">Der Prozess der Augenbrauentransplantation<\/h2>\n\n\n\n<h2 class=\"wp-block-heading\">Vor der Operation<\/h2>\n\n\n\n<p>Der Arzt stellt sicher, dass der Patient gut \u00fcber das Verfahren informiert ist, beantwortet alle Fragen und erl\u00e4utert die Erwartungen. Die Augenbrauen werden sorgf\u00e4ltig an die Gesichtsz\u00fcge des Patienten angepasst, um ein nat\u00fcrliches und \u00e4sthetisch ansprechendes Ergebnis zu gew\u00e4hrleisten. Der Eingriff erfolgt unter \u00f6rtlicher Bet\u00e4ubung und ist somit schmerzfrei und wird in einer einzigen Sitzung durchgef\u00fchrt. Die Patienten m\u00fcssen die Anweisungen des Chirurgen vor dem Eingriff befolgen, da der empfindliche Bereich der Augenbrauen besondere Sorgfalt erfordert.<\/p>\n<\/div>\n<\/div>\n\n\n\n<div class=\"wp-block-columns is-layout-flex wp-container-core-columns-is-layout-9d6595d7 wp-block-columns-is-layout-flex\">\n<div class=\"wp-block-column is-layout-flow wp-block-column-is-layout-flow\">\n<figure class=\"wp-block-image size-full\"><img decoding=\"async\" width=\"272\" height=\"329\" src=\"https:\/\/estherian.com\/wp-content\/uploads\/s2.png\" alt=\"\" class=\"wp-image-22374\"\/><\/figure>\n<\/div>\n\n\n\n<div class=\"wp-block-column is-layout-flow wp-block-column-is-layout-flow\">\n<h2 class=\"wp-block-heading\">W\u00e4hrend des Verfahrens<\/h2>\n\n\n\n<p>Der Chirurg setzt kleine Schnitte im Spenderbereich und an den Transplantationsstellen der Augenbrauen. Die Haarfollikel werden einzeln entnommen und eingepflanzt, wobei sorgf\u00e4ltig auf die Richtung und den Winkel der Follikel geachtet wird. Diese Pr\u00e4zision gew\u00e4hrleistet, dass sich die neu transplantierten Haare nahtlos in das nat\u00fcrliche Augenbrauenhaar einf\u00fcgen. Der Eingriff selbst dauert etwa zwei bis drei Stunden.<\/p>\n<\/div>\n<\/div>\n\n\n\n<div class=\"wp-block-columns is-layout-flex wp-container-core-columns-is-layout-9d6595d7 wp-block-columns-is-layout-flex\">\n<div class=\"wp-block-column is-layout-flow wp-block-column-is-layout-flow\">\n<figure class=\"wp-block-image size-full\"><img decoding=\"async\" width=\"328\" height=\"371\" src=\"https:\/\/estherian.com\/wp-content\/uploads\/s1-1.png\" alt=\"\" class=\"wp-image-22384\"\/><\/figure>\n<\/div>\n\n\n\n<div class=\"wp-block-column is-layout-flow wp-block-column-is-layout-flow\">\n<h2 class=\"wp-block-heading\">Nach der Operation<\/h2>\n\n\n\n<p>Die Patienten k\u00f6nnen innerhalb von 48 Stunden zu ihrem gewohnten Tagesablauf zur\u00fcckkehren. Leichte Unannehmlichkeiten und leichte Schorfbildung um die transplantierte Stelle sind normal, klingen aber schnell ab. Das transplantierte Haar f\u00e4llt in der Regel innerhalb von drei bis f\u00fcnf Wochen aus, was Teil des nat\u00fcrlichen Wachstumszyklus ist, und beginnt nach zwei Monaten wieder zu wachsen. Die strikte Einhaltung der Nachsorgeanweisungen des Chirurgen ist unerl\u00e4sslich, um die gew\u00fcnschten Ergebnisse zu erzielen.<\/p>\n<\/div>\n<\/div>\n\n\n\n<h2 class=\"wp-block-heading\">Nat\u00fcrliche und langanhaltende Ergebnisse erzielen<\/h2>\n\n\n\n<p>Bei einer Augenbrauentransplantation geht es nicht nur darum, verlorenes Haar wiederherzustellen, sondern auch darum, das Selbstvertrauen und das Selbstbild zu st\u00e4rken. Mit der richtigen Pflege sind die Ergebnisse nat\u00fcrlich, dauerhaft und transformativ. Die fachm\u00e4nnisch gestalteten und transplantierten Augenbrauen f\u00fcgen sich nahtlos in das Gesicht des Patienten ein und verleihen ihm ein ausgewogenes und jugendliches Aussehen.<\/p>\n\n\n\n<p>Wenn Sie Ihre Gesichts\u00e4sthetik weiter verbessern m\u00f6chten, erfahren Sie mehr \u00fcber andere Verfahren wie die Augenlidchirurgie, die Ihr neues Aussehen vervollst\u00e4ndigen.<\/p>\n\n\n\n<h2 class=\"wp-block-heading\">H\u00e4ufig gestellte Fragen (FAQ) zur Augenbrauentransplantation<\/h2>\n\n\n\n<h3 class=\"wp-block-heading\">Wer ist ein idealer Kandidat f\u00fcr eine Augenbrauentransplantation?<\/h3>\n\n\n\n<p>Jeder, der unter d\u00fcnner werdenden Augenbrauen, Haarausfall oder unregelm\u00e4\u00dfigem Wachstum aufgrund genetischer Faktoren, medizinischer Behandlungen oder des Alterns leidet, kann ein Kandidat sein. Wichtig ist, dass der allgemeine Gesundheitszustand gut ist und man realistische Erwartungen an das Ergebnis hat.<\/p>\n\n\n\n<h3 class=\"wp-block-heading\">Hinterl\u00e4sst das Verfahren Narben?<\/h3>\n\n\n\n<p>Durch den Einsatz fortschrittlicher mikrochirurgischer Instrumente wird das Risiko einer sichtbaren Narbenbildung minimiert. Leichte Narben im Spender- oder Transplantationsbereich sind nach der Heilung in der Regel nicht mehr wahrnehmbar.<\/p>\n\n\n\n<h3 class=\"wp-block-heading\">Wie viel Ausfallzeit ist nach der Operation erforderlich?<\/h3>\n\n\n\n<p>Die meisten Patienten nehmen ihre normalen Aktivit\u00e4ten innerhalb von 48 Stunden wieder auf. Allerdings sollten anstrengende Aktivit\u00e4ten, Schwimmen und direkte Sonneneinstrahlung f\u00fcr mindestens zwei Wochen vermieden werden.<\/p>\n\n\n\n<h3 class=\"wp-block-heading\">Kann ich die Form und Dicke meiner neuen Augenbrauen selbst bestimmen?<\/h3>\n\n\n\n<p>Ja, der Chirurg arbeitet mit Ihnen zusammen, um eine Form und Dicke zu entwerfen, die am besten zu Ihrem Gesicht und Ihren \u00e4sthetischen Vorlieben passt. Das Ziel ist es, ein nat\u00fcrliches und harmonisches Aussehen zu erreichen.<\/p>\n\n\n\n<p><\/p>\n","protected":false},"excerpt":{"rendered":"<p>Was ist eine Augenbrauentransplantation? Augenbrauen geh\u00f6ren zu den ausdrucksst\u00e4rksten Merkmalen des Gesichts. Sie verleihen den Augen eine einzigartige Sch\u00f6nheit und spielen eine entscheidende Rolle f\u00fcr das gesamte Erscheinungsbild. Der Verlust, die Ausd\u00fcnnung oder die Unregelm\u00e4\u00dfigkeit der Augenbrauen kann eine Quelle der Unzufriedenheit und der Sorge sein, insbesondere f\u00fcr Frauen. Sp\u00e4rliche Augenbrauen beeintr\u00e4chtigen oft das Selbstwertgef\u00fchl,&hellip;<\/p>\n","protected":false},"author":1,"featured_media":0,"parent":0,"menu_order":10,"comment_status":"closed","ping_status":"closed","template":"","meta":{"footnotes":""},"class_list":["post-24501","page","type-page","status-publish","hentry","description-off"],"yoast_head":"<!-- This site is optimized with the Yoast SEO Premium plugin v27.3 (Yoast SEO v27.3) - https:\/\/yoast.com\/product\/yoast-seo-premium-wordpress\/ -->\n<title>Augenbrauentransplantation | Estherian Clinic<\/title>\n<meta name=\"robots\" content=\"index, follow, max-snippet:-1, max-image-preview:large, max-video-preview:-1\" \/>\n<link rel=\"canonical\" href=\"https:\/\/estherian.com\/de\/augenbrauentransplantation\/\" \/>\n<meta property=\"og:locale\" content=\"de_DE\" \/>\n<meta property=\"og:type\" content=\"article\" \/>\n<meta property=\"og:title\" content=\"Augenbrauentransplantation\" \/>\n<meta property=\"og:description\" content=\"Looks better with Estherian Clinic. Plastic Surgery, Dental treatments and more beautiful services!\" \/>\n<meta property=\"og:url\" content=\"https:\/\/estherian.com\/de\/augenbrauentransplantation\/\" \/>\n<meta property=\"og:site_name\" content=\"Estherian Clinic\" \/>\n<meta property=\"article:publisher\" content=\"https:\/\/www.facebook.com\/estherianclinic.en\" \/>\n<meta property=\"article:modified_time\" content=\"2024-12-17T13:46:29+00:00\" \/>\n<meta property=\"og:image\" content=\"https:\/\/estherian.com\/wp-content\/uploads\/s3-1.png\" \/>\n\t<meta property=\"og:image:width\" content=\"328\" \/>\n\t<meta property=\"og:image:height\" content=\"371\" \/>\n\t<meta property=\"og:image:type\" content=\"image\/png\" \/>\n<meta name=\"twitter:card\" content=\"summary_large_image\" \/>\n<meta name=\"twitter:site\" content=\"@EstherianTr\" \/>\n<meta name=\"twitter:label1\" content=\"Gesch\u00e4tzte Lesezeit\" \/>\n\t<meta name=\"twitter:data1\" content=\"4\u00a0Minuten\" \/>\n<script type=\"application\/ld+json\" class=\"yoast-schema-graph\">{\"@context\":\"https:\\\/\\\/schema.org\",\"@graph\":[{\"@type\":\"Article\",\"@id\":\"https:\\\/\\\/estherian.com\\\/de\\\/augenbrauentransplantation\\\/#article\",\"isPartOf\":{\"@id\":\"https:\\\/\\\/estherian.com\\\/de\\\/augenbrauentransplantation\\\/\"},\"author\":{\"name\":\"ferhatk\",\"@id\":\"https:\\\/\\\/estherian.com\\\/de\\\/#\\\/schema\\\/person\\\/0b1452799c3700afbfcfd3a0f5e64732\"},\"headline\":\"Augenbrauentransplantation\",\"datePublished\":\"2024-11-29T04:38:59+00:00\",\"dateModified\":\"2024-12-17T13:46:29+00:00\",\"mainEntityOfPage\":{\"@id\":\"https:\\\/\\\/estherian.com\\\/de\\\/augenbrauentransplantation\\\/\"},\"wordCount\":634,\"publisher\":{\"@id\":\"https:\\\/\\\/estherian.com\\\/de\\\/#organization\"},\"image\":{\"@id\":\"https:\\\/\\\/estherian.com\\\/de\\\/augenbrauentransplantation\\\/#primaryimage\"},\"thumbnailUrl\":\"https:\\\/\\\/estherian.com\\\/wp-content\\\/uploads\\\/s3-1.png\",\"inLanguage\":\"de\"},{\"@type\":\"WebPage\",\"@id\":\"https:\\\/\\\/estherian.com\\\/de\\\/augenbrauentransplantation\\\/\",\"url\":\"https:\\\/\\\/estherian.com\\\/de\\\/augenbrauentransplantation\\\/\",\"name\":\"Augenbrauentransplantation | Estherian Clinic\",\"isPartOf\":{\"@id\":\"https:\\\/\\\/estherian.com\\\/de\\\/#website\"},\"primaryImageOfPage\":{\"@id\":\"https:\\\/\\\/estherian.com\\\/de\\\/augenbrauentransplantation\\\/#primaryimage\"},\"image\":{\"@id\":\"https:\\\/\\\/estherian.com\\\/de\\\/augenbrauentransplantation\\\/#primaryimage\"},\"thumbnailUrl\":\"https:\\\/\\\/estherian.com\\\/wp-content\\\/uploads\\\/s3-1.png\",\"datePublished\":\"2024-11-29T04:38:59+00:00\",\"dateModified\":\"2024-12-17T13:46:29+00:00\",\"breadcrumb\":{\"@id\":\"https:\\\/\\\/estherian.com\\\/de\\\/augenbrauentransplantation\\\/#breadcrumb\"},\"inLanguage\":\"de\",\"potentialAction\":[{\"@type\":\"ReadAction\",\"target\":[\"https:\\\/\\\/estherian.com\\\/de\\\/augenbrauentransplantation\\\/\"]}]},{\"@type\":\"ImageObject\",\"inLanguage\":\"de\",\"@id\":\"https:\\\/\\\/estherian.com\\\/de\\\/augenbrauentransplantation\\\/#primaryimage\",\"url\":\"https:\\\/\\\/estherian.com\\\/wp-content\\\/uploads\\\/s3-1.png\",\"contentUrl\":\"https:\\\/\\\/estherian.com\\\/wp-content\\\/uploads\\\/s3-1.png\"},{\"@type\":\"BreadcrumbList\",\"@id\":\"https:\\\/\\\/estherian.com\\\/de\\\/augenbrauentransplantation\\\/#breadcrumb\",\"itemListElement\":[{\"@type\":\"ListItem\",\"position\":1,\"name\":\"Home\",\"item\":\"https:\\\/\\\/estherian.com\\\/de\\\/\"},{\"@type\":\"ListItem\",\"position\":2,\"name\":\"Augenbrauentransplantation\"}]},{\"@type\":\"WebSite\",\"@id\":\"https:\\\/\\\/estherian.com\\\/de\\\/#website\",\"url\":\"https:\\\/\\\/estherian.com\\\/de\\\/\",\"name\":\"Estherian Clinic\",\"description\":\"Plastic Surgery | Dental | Hair Transplant in Turkey\",\"publisher\":{\"@id\":\"https:\\\/\\\/estherian.com\\\/de\\\/#organization\"},\"potentialAction\":[{\"@type\":\"SearchAction\",\"target\":{\"@type\":\"EntryPoint\",\"urlTemplate\":\"https:\\\/\\\/estherian.com\\\/de\\\/?s={search_term_string}\"},\"query-input\":{\"@type\":\"PropertyValueSpecification\",\"valueRequired\":true,\"valueName\":\"search_term_string\"}}],\"inLanguage\":\"de\"},{\"@type\":\"Organization\",\"@id\":\"https:\\\/\\\/estherian.com\\\/de\\\/#organization\",\"name\":\"Estherian Clinic\",\"alternateName\":\"Estherian\",\"url\":\"https:\\\/\\\/estherian.com\\\/de\\\/\",\"logo\":{\"@type\":\"ImageObject\",\"inLanguage\":\"de\",\"@id\":\"https:\\\/\\\/estherian.com\\\/de\\\/#\\\/schema\\\/logo\\\/image\\\/\",\"url\":\"https:\\\/\\\/estherian.com\\\/wp-content\\\/uploads\\\/2024\\\/10\\\/EstherianLogo.png\",\"contentUrl\":\"https:\\\/\\\/estherian.com\\\/wp-content\\\/uploads\\\/2024\\\/10\\\/EstherianLogo.png\",\"width\":882,\"height\":934,\"caption\":\"Estherian Clinic\"},\"image\":{\"@id\":\"https:\\\/\\\/estherian.com\\\/de\\\/#\\\/schema\\\/logo\\\/image\\\/\"},\"sameAs\":[\"https:\\\/\\\/www.facebook.com\\\/estherianclinic.en\",\"https:\\\/\\\/x.com\\\/EstherianTr\",\"https:\\\/\\\/www.instagram.com\\\/estherianclinic\\\/\",\"https:\\\/\\\/www.tiktok.com\\\/@estherian.clinic\",\"https:\\\/\\\/www.youtube.com\\\/estherianclinic\"],\"email\":\"hi@estherian.com\",\"telephone\":\"+90-544-169-9000\",\"legalName\":\"ESTHERIAN CLINIC SA\u011eLIK H\u0130ZMETLER\u0130 SAN. T\u0130C. LTD. \u015eT\u0130.\",\"foundingDate\":\"2020-03-09\",\"vatID\":\"TR1601485625\",\"taxID\":\"1601485625\",\"numberOfEmployees\":{\"@type\":\"QuantitativeValue\",\"minValue\":\"51\",\"maxValue\":\"200\"},\"publishingPrinciples\":\"https:\\\/\\\/estherian.com\\\/tr\\\/sartlar-ve-kosullar\\\/\",\"actionableFeedbackPolicy\":\"https:\\\/\\\/estherian.com\\\/tr\\\/gizlilik-politikasi\\\/\",\"correctionsPolicy\":\"https:\\\/\\\/estherian.com\\\/tr\\\/gizlilik-politikasi\\\/\",\"ethicsPolicy\":\"https:\\\/\\\/estherian.com\\\/tr\\\/gizlilik-politikasi\\\/\",\"diversityPolicy\":\"https:\\\/\\\/estherian.com\\\/tr\\\/gizlilik-politikasi\\\/\",\"diversityStaffingReport\":\"https:\\\/\\\/estherian.com\\\/tr\\\/gizlilik-politikasi\\\/\"},{\"@type\":\"Person\",\"@id\":\"https:\\\/\\\/estherian.com\\\/de\\\/#\\\/schema\\\/person\\\/0b1452799c3700afbfcfd3a0f5e64732\",\"name\":\"ferhatk\",\"image\":{\"@type\":\"ImageObject\",\"inLanguage\":\"de\",\"@id\":\"https:\\\/\\\/secure.gravatar.com\\\/avatar\\\/5192156a410fa37c70ea8d4f0d01782533c470a75971ae114e5cd116be51ca05?s=96&d=mm&r=g\",\"url\":\"https:\\\/\\\/secure.gravatar.com\\\/avatar\\\/5192156a410fa37c70ea8d4f0d01782533c470a75971ae114e5cd116be51ca05?s=96&d=mm&r=g\",\"contentUrl\":\"https:\\\/\\\/secure.gravatar.com\\\/avatar\\\/5192156a410fa37c70ea8d4f0d01782533c470a75971ae114e5cd116be51ca05?s=96&d=mm&r=g\",\"caption\":\"ferhatk\"},\"sameAs\":[\"https:\\\/\\\/v2.estherian.com\"]}]}<\/script>\n<!-- \/ Yoast SEO Premium plugin. -->","yoast_head_json":{"title":"Augenbrauentransplantation | Estherian Clinic","robots":{"index":"index","follow":"follow","max-snippet":"max-snippet:-1","max-image-preview":"max-image-preview:large","max-video-preview":"max-video-preview:-1"},"canonical":"https:\/\/estherian.com\/de\/augenbrauentransplantation\/","og_locale":"de_DE","og_type":"article","og_title":"Augenbrauentransplantation","og_description":"Looks better with Estherian Clinic. Plastic Surgery, Dental treatments and more beautiful services!","og_url":"https:\/\/estherian.com\/de\/augenbrauentransplantation\/","og_site_name":"Estherian Clinic","article_publisher":"https:\/\/www.facebook.com\/estherianclinic.en","article_modified_time":"2024-12-17T13:46:29+00:00","og_image":[{"width":328,"height":371,"url":"https:\/\/estherian.com\/wp-content\/uploads\/s3-1.png","type":"image\/png"}],"twitter_card":"summary_large_image","twitter_site":"@EstherianTr","twitter_misc":{"Gesch\u00e4tzte Lesezeit":"4\u00a0Minuten"},"schema":{"@context":"https:\/\/schema.org","@graph":[{"@type":"Article","@id":"https:\/\/estherian.com\/de\/augenbrauentransplantation\/#article","isPartOf":{"@id":"https:\/\/estherian.com\/de\/augenbrauentransplantation\/"},"author":{"name":"ferhatk","@id":"https:\/\/estherian.com\/de\/#\/schema\/person\/0b1452799c3700afbfcfd3a0f5e64732"},"headline":"Augenbrauentransplantation","datePublished":"2024-11-29T04:38:59+00:00","dateModified":"2024-12-17T13:46:29+00:00","mainEntityOfPage":{"@id":"https:\/\/estherian.com\/de\/augenbrauentransplantation\/"},"wordCount":634,"publisher":{"@id":"https:\/\/estherian.com\/de\/#organization"},"image":{"@id":"https:\/\/estherian.com\/de\/augenbrauentransplantation\/#primaryimage"},"thumbnailUrl":"https:\/\/estherian.com\/wp-content\/uploads\/s3-1.png","inLanguage":"de"},{"@type":"WebPage","@id":"https:\/\/estherian.com\/de\/augenbrauentransplantation\/","url":"https:\/\/estherian.com\/de\/augenbrauentransplantation\/","name":"Augenbrauentransplantation | Estherian Clinic","isPartOf":{"@id":"https:\/\/estherian.com\/de\/#website"},"primaryImageOfPage":{"@id":"https:\/\/estherian.com\/de\/augenbrauentransplantation\/#primaryimage"},"image":{"@id":"https:\/\/estherian.com\/de\/augenbrauentransplantation\/#primaryimage"},"thumbnailUrl":"https:\/\/estherian.com\/wp-content\/uploads\/s3-1.png","datePublished":"2024-11-29T04:38:59+00:00","dateModified":"2024-12-17T13:46:29+00:00","breadcrumb":{"@id":"https:\/\/estherian.com\/de\/augenbrauentransplantation\/#breadcrumb"},"inLanguage":"de","potentialAction":[{"@type":"ReadAction","target":["https:\/\/estherian.com\/de\/augenbrauentransplantation\/"]}]},{"@type":"ImageObject","inLanguage":"de","@id":"https:\/\/estherian.com\/de\/augenbrauentransplantation\/#primaryimage","url":"https:\/\/estherian.com\/wp-content\/uploads\/s3-1.png","contentUrl":"https:\/\/estherian.com\/wp-content\/uploads\/s3-1.png"},{"@type":"BreadcrumbList","@id":"https:\/\/estherian.com\/de\/augenbrauentransplantation\/#breadcrumb","itemListElement":[{"@type":"ListItem","position":1,"name":"Home","item":"https:\/\/estherian.com\/de\/"},{"@type":"ListItem","position":2,"name":"Augenbrauentransplantation"}]},{"@type":"WebSite","@id":"https:\/\/estherian.com\/de\/#website","url":"https:\/\/estherian.com\/de\/","name":"Estherian Clinic","description":"Plastic Surgery | Dental | Hair Transplant in Turkey","publisher":{"@id":"https:\/\/estherian.com\/de\/#organization"},"potentialAction":[{"@type":"SearchAction","target":{"@type":"EntryPoint","urlTemplate":"https:\/\/estherian.com\/de\/?s={search_term_string}"},"query-input":{"@type":"PropertyValueSpecification","valueRequired":true,"valueName":"search_term_string"}}],"inLanguage":"de"},{"@type":"Organization","@id":"https:\/\/estherian.com\/de\/#organization","name":"Estherian Clinic","alternateName":"Estherian","url":"https:\/\/estherian.com\/de\/","logo":{"@type":"ImageObject","inLanguage":"de","@id":"https:\/\/estherian.com\/de\/#\/schema\/logo\/image\/","url":"https:\/\/estherian.com\/wp-content\/uploads\/2024\/10\/EstherianLogo.png","contentUrl":"https:\/\/estherian.com\/wp-content\/uploads\/2024\/10\/EstherianLogo.png","width":882,"height":934,"caption":"Estherian Clinic"},"image":{"@id":"https:\/\/estherian.com\/de\/#\/schema\/logo\/image\/"},"sameAs":["https:\/\/www.facebook.com\/estherianclinic.en","https:\/\/x.com\/EstherianTr","https:\/\/www.instagram.com\/estherianclinic\/","https:\/\/www.tiktok.com\/@estherian.clinic","https:\/\/www.youtube.com\/estherianclinic"],"email":"hi@estherian.com","telephone":"+90-544-169-9000","legalName":"ESTHERIAN CLINIC SA\u011eLIK H\u0130ZMETLER\u0130 SAN. T\u0130C. LTD. \u015eT\u0130.","foundingDate":"2020-03-09","vatID":"TR1601485625","taxID":"1601485625","numberOfEmployees":{"@type":"QuantitativeValue","minValue":"51","maxValue":"200"},"publishingPrinciples":"https:\/\/estherian.com\/tr\/sartlar-ve-kosullar\/","actionableFeedbackPolicy":"https:\/\/estherian.com\/tr\/gizlilik-politikasi\/","correctionsPolicy":"https:\/\/estherian.com\/tr\/gizlilik-politikasi\/","ethicsPolicy":"https:\/\/estherian.com\/tr\/gizlilik-politikasi\/","diversityPolicy":"https:\/\/estherian.com\/tr\/gizlilik-politikasi\/","diversityStaffingReport":"https:\/\/estherian.com\/tr\/gizlilik-politikasi\/"},{"@type":"Person","@id":"https:\/\/estherian.com\/de\/#\/schema\/person\/0b1452799c3700afbfcfd3a0f5e64732","name":"ferhatk","image":{"@type":"ImageObject","inLanguage":"de","@id":"https:\/\/secure.gravatar.com\/avatar\/5192156a410fa37c70ea8d4f0d01782533c470a75971ae114e5cd116be51ca05?s=96&d=mm&r=g","url":"https:\/\/secure.gravatar.com\/avatar\/5192156a410fa37c70ea8d4f0d01782533c470a75971ae114e5cd116be51ca05?s=96&d=mm&r=g","contentUrl":"https:\/\/secure.gravatar.com\/avatar\/5192156a410fa37c70ea8d4f0d01782533c470a75971ae114e5cd116be51ca05?s=96&d=mm&r=g","caption":"ferhatk"},"sameAs":["https:\/\/v2.estherian.com"]}]}},"_links":{"self":[{"href":"https:\/\/estherian.com\/de\/wp-json\/wp\/v2\/pages\/24501","targetHints":{"allow":["GET"]}}],"collection":[{"href":"https:\/\/estherian.com\/de\/wp-json\/wp\/v2\/pages"}],"about":[{"href":"https:\/\/estherian.com\/de\/wp-json\/wp\/v2\/types\/page"}],"author":[{"embeddable":true,"href":"https:\/\/estherian.com\/de\/wp-json\/wp\/v2\/users\/1"}],"replies":[{"embeddable":true,"href":"https:\/\/estherian.com\/de\/wp-json\/wp\/v2\/comments?post=24501"}],"version-history":[{"count":0,"href":"https:\/\/estherian.com\/de\/wp-json\/wp\/v2\/pages\/24501\/revisions"}],"wp:attachment":[{"href":"https:\/\/estherian.com\/de\/wp-json\/wp\/v2\/media?parent=24501"}],"curies":[{"name":"wp","href":"https:\/\/api.w.org\/{rel}","templated":true}]}}