{"id":24508,"date":"2024-11-22T09:52:46","date_gmt":"2024-11-22T06:52:46","guid":{"rendered":"https:\/\/estherian.com\/?page_id=24508"},"modified":"2025-04-11T09:19:43","modified_gmt":"2025-04-11T09:19:43","slug":"operation-der-augenlider","status":"publish","type":"page","link":"https:\/\/estherian.com\/de\/operation-der-augenlider\/","title":{"rendered":"Operation der Augenlider"},"content":{"rendered":"\n<h2 class=\"wp-block-heading\" id=\"h-was-ist-eine-augenlidoperation\"><strong>Was ist eine Augenlidoperation?<\/strong><\/h2>\n\n\n\n<p>Die Augenlidchirurgie, auch Blepharoplastik genannt, ist ein kosmetischer Eingriff zur Verbesserung des Aussehens der Augenlider. Dabei wird \u00fcbersch\u00fcssige Haut oder Fett entfernt, um Probleme wie Schlupflider, Tr\u00e4nens\u00e4cke oder Schwellungen zu behandeln. Mit der Augenlidchirurgie k\u00f6nnen schlaffe oder h\u00e4ngende Haut, Falten am oberen und unteren Augenlid, Fettablagerungen, die zu Schwellungen beitragen, und feine Falten am unteren Augenlid behandelt werden. Dieser Eingriff verhilft den Augen zu einem jugendlicheren und erfrischteren Aussehen.<\/p>\n\n\n\n<div class=\"wp-block-columns is-layout-flex wp-container-core-columns-is-layout-9d6595d7 wp-block-columns-is-layout-flex\">\n<div class=\"wp-block-column is-layout-flow wp-block-column-is-layout-flow\">\n<h2 class=\"wp-block-heading\" id=\"h-verfahren-der-augenlidchirurgie\"><strong>Verfahren der Augenlidchirurgie<\/strong><\/h2>\n\n\n\n<h3 class=\"wp-block-heading\" id=\"h-vor-der-operation\">Vor der Operation<\/h3>\n\n\n\n<p>Vor dem Eingriff f\u00fchrt Ihr Chirurg eine gr\u00fcndliche Untersuchung durch, zu der auch ein Sehtest geh\u00f6rt, um sicherzustellen, dass der Eingriff f\u00fcr Sie sicher ist. Au\u00dferdem werden Ihre Augen aus verschiedenen Blickwinkeln fotografiert, um den Eingriff zu planen und sowohl die unmittelbaren als auch die langfristigen Auswirkungen zu beurteilen. Es ist wichtig, dass Sie Ihre Erwartungen und Ziele f\u00fcr den Eingriff mit Ihrem Arzt besprechen, um sicherzustellen, dass Sie ein realistisches Ergebnis im Auge haben. Au\u00dferdem wird Ihnen geraten, einige Wochen vor dem Eingriff mit dem Rauchen aufzuh\u00f6ren, um eine optimale Heilung zu f\u00f6rdern.<\/p>\n<\/div>\n\n\n\n<div class=\"wp-block-column is-layout-flow wp-block-column-is-layout-flow\">\n<figure class=\"wp-block-image size-full\"><img decoding=\"async\" width=\"391\" height=\"300\" src=\"https:\/\/estherian.com\/wp-content\/uploads\/eyelid-surgery1-01-1.png\" alt=\"\" class=\"wp-image-21956\" srcset=\"https:\/\/estherian.com\/wp-content\/uploads\/eyelid-surgery1-01-1.png 391w, https:\/\/estherian.com\/wp-content\/uploads\/eyelid-surgery1-01-1-386x296.png 386w\" sizes=\"(max-width: 391px) 100vw, 391px\" \/><\/figure>\n<\/div>\n<\/div>\n\n\n\n<div class=\"wp-block-columns is-layout-flex wp-container-core-columns-is-layout-9d6595d7 wp-block-columns-is-layout-flex\">\n<div class=\"wp-block-column is-layout-flow wp-block-column-is-layout-flow\">\n<h3 class=\"wp-block-heading\" id=\"h-wahrend-der-operation\"><strong>W\u00e4hrend der Operation<\/strong><\/h3>\n\n\n\n<p>Die Blepharoplastik kann unter \u00f6rtlicher Bet\u00e4ubung durchgef\u00fchrt werden. Bei den oberen Augenlidern dauert der Eingriff in der Regel etwa eine Stunde. Der Chirurg macht einen Schnitt entlang der nat\u00fcrlichen Lidfalte, entfernt \u00fcbersch\u00fcssige Haut, Fett oder Muskeln und verschlie\u00dft dann den Schnitt. Die Narbe dieses Eingriffs wird normalerweise in der nat\u00fcrlichen Lidfalte verborgen. Bei den unteren Augenlidern dauert der Eingriff in der Regel bis zu zwei Stunden. Der Schnitt kann entweder direkt unter den unteren Wimpern oder an der Innenseite des unteren Augenlids erfolgen. Fett kann umgelagert oder von den Tr\u00e4nens\u00e4cken entfernt werden, und in manchen F\u00e4llen wird auch eine kleine Menge Haut entfernt. Der Chirurg kann auch die Augenlidmuskeln und -sehnen st\u00fctzen, falls erforderlich, bevor er den Schnitt schlie\u00dft. Nach der Operation werden d\u00fcnne, klebrige Streifen, so genannte Nahtstreifen, zur St\u00fctzung der Augenlider angebracht, die in der Regel innerhalb einer Woche entfernt werden.<\/p>\n<\/div>\n\n\n\n<div class=\"wp-block-column is-layout-flow wp-block-column-is-layout-flow\"><\/div>\n<\/div>\n\n\n\n<div class=\"wp-block-columns is-layout-flex wp-container-core-columns-is-layout-9d6595d7 wp-block-columns-is-layout-flex\">\n<div class=\"wp-block-column is-layout-flow wp-block-column-is-layout-flow\">\n<h2 class=\"wp-block-heading\" id=\"h-nach-der-operation\"><strong>Nach der Operation<\/strong><\/h2>\n\n\n\n<p>Die meisten Patienten k\u00f6nnen noch am Tag des Eingriffs nach Hause gehen. Die Genesung nach einer Augenlidoperation dauert im Allgemeinen etwa eine Woche. Bluterg\u00fcsse, Schwellungen und R\u00f6tungen k\u00f6nnen jedoch mehrere Wochen lang bestehen bleiben. Um die Schwellung zu reduzieren, empfiehlt es sich, eine kalte Kompresse auf die Augen zu legen. Ihr Arzt wird Ihnen Augentropfen oder -salbe zur Verf\u00fcgung stellen, um den Bereich zu beruhigen und die Heilung zu unterst\u00fctzen. Um Komplikationen zu vermeiden und die Heilung zu beschleunigen, sollten Sie w\u00e4hrend der Genesungsphase unbedingt auf Rauchen, Schwimmen und anstrengende Aktivit\u00e4ten verzichten.<\/p>\n<\/div>\n\n\n\n<div class=\"wp-block-column is-layout-flow wp-block-column-is-layout-flow\">\n<figure class=\"wp-block-image size-full\"><img decoding=\"async\" width=\"391\" height=\"300\" src=\"https:\/\/estherian.com\/wp-content\/uploads\/eyelid-surgery3-01-1.png\" alt=\"\" class=\"wp-image-21961\" srcset=\"https:\/\/estherian.com\/wp-content\/uploads\/eyelid-surgery3-01-1.png 391w, https:\/\/estherian.com\/wp-content\/uploads\/eyelid-surgery3-01-1-386x296.png 386w\" sizes=\"(max-width: 391px) 100vw, 391px\" \/><\/figure>\n<\/div>\n<\/div>\n\n\n\n<h2 class=\"wp-block-heading\" id=\"h-wann-wird-eine-augenlidoperation-empfohlen\"><strong>Wann wird eine Augenlidoperation empfohlen?<\/strong><\/h2>\n\n\n\n<p>Eine Augenlidoperation kann sowohl bei \u00e4sthetischen als auch bei funktionellen Problemen empfohlen werden. Sie wird in der Regel f\u00fcr Personen in Betracht gezogen, die unter den folgenden Bedingungen leiden:<\/p>\n\n\n\n<ul class=\"wp-block-list\">\n<li>Erschlaffte obere Augenlider: Mit der Zeit verliert die Haut ihre Elastizit\u00e4t und die Muskeln k\u00f6nnen schw\u00e4cher werden, wodurch die Oberlider erschlaffen. Dies kann die Augen m\u00fcde und gealtert erscheinen lassen, und in einigen F\u00e4llen k\u00f6nnen erschlaffte Augenlider sogar die Sicht behindern, indem sie das Blickfeld einengen.<\/li>\n\n\n\n<li>Tr\u00e4nens\u00e4cke unter den Augen: Tr\u00e4nens\u00e4cke k\u00f6nnen altersbedingt oder genetisch bedingt entstehen. Diese Tr\u00e4nens\u00e4cke k\u00f6nnen die Betroffenen \u00e4lter und m\u00fcder aussehen lassen. Abgesehen von \u00e4sthetischen Bedenken k\u00f6nnen Tr\u00e4nens\u00e4cke auch die Sicht behindern und die Augen geschwollen oder m\u00fcde erscheinen lassen.<\/li>\n\n\n\n<li>Falten und Erschlaffung mit zunehmendem Alter: Mit zunehmendem Alter verliert die Haut um die Augen an Elastizit\u00e4t, was zu feinen F\u00e4ltchen und schlaffer Haut f\u00fchrt. Dies tr\u00e4gt zu einem \u00e4lteren Erscheinungsbild bei und kann bei Menschen, die sich ihres Aussehens nicht bewusst sind, Unbehagen hervorrufen.<\/li>\n\n\n\n<li>Ptosis (h\u00e4ngende Augenlider): Manche Menschen leiden unter Ptose, d. h. sie haben entweder angeborene oder altersbedingte Schlupflider. Dieser Zustand kann zu einer eingeschr\u00e4nkten Augen\u00f6ffnung f\u00fchren, was wiederum Sehprobleme und Schwierigkeiten beim Offenhalten der Augen zur Folge haben kann.<\/li>\n\n\n\n<li>\u00c4sthetische Bedenken: Alterserscheinungen um die Augen k\u00f6nnen zu einem Verlust des Selbstbewusstseins f\u00fchren. Menschen, die um ihr Aussehen besorgt sind und ein jugendlicheres und frischeres Aussehen wiedererlangen m\u00f6chten, k\u00f6nnen sich f\u00fcr eine Augenlidoperation entscheiden, um diese \u00e4sthetischen Bedenken zu beseitigen.<\/li>\n<\/ul>\n\n\n\n<p>Die Augenlidchirurgie kann nicht nur das Aussehen verbessern, sondern auch bestimmte funktionelle Probleme beheben, die das Sehen beeintr\u00e4chtigen. Allerdings ist sie f\u00fcr Personen mit schweren Augenerkrankungen oder gesundheitlichen Risiken nicht geeignet. Daher ist es wichtig, sich von einem Spezialisten beraten zu lassen, um die beste Vorgehensweise unter Ber\u00fccksichtigung \u00e4sthetischer und gesundheitlicher Faktoren zu bestimmen.<\/p>\n\n\n\n<h2 class=\"wp-block-heading\" id=\"h-faq-s\">FAQ&#8217;S<\/h2>\n\n\n\n<h3 class=\"wp-block-heading\" id=\"h-was-erwartet-mich-bei-der-konsultation-fur-eine-augenlidoperation\"><strong>Was erwartet mich bei der Konsultation f\u00fcr eine Augenlidoperation?<\/strong><\/h3>\n\n\n\n<p>W\u00e4hrend Ihres Beratungsgespr\u00e4chs besprechen Sie mit Ihrem Chirurgen Ihre chirurgischen Ziele, Ihre Krankengeschichte und m\u00f6gliche Bedenken. Dazu geh\u00f6ren Informationen \u00fcber Ihren allgemeinen Gesundheitszustand, eventuelle Allergien gegen Medikamente, fr\u00fchere medizinische Behandlungen und fr\u00fchere Operationen. Eine offene Kommunikation mit Ihrem Arzt gew\u00e4hrleistet, dass der Eingriff auf Ihre Bed\u00fcrfnisse und Erwartungen zugeschnitten ist.<\/p>\n\n\n\n<h3 class=\"wp-block-heading\" id=\"h-wie-sollte-ich-mich-auf-eine-augenlidoperation-vorbereiten\"><strong>Wie sollte ich mich auf eine Augenlidoperation vorbereiten?<\/strong><\/h3>\n\n\n\n<p>Zur richtigen Vorbereitung auf eine Augenlidoperation geh\u00f6rt, dass Sie mit dem Rauchen aufh\u00f6ren, Ihre derzeitigen Medikamente anpassen und auf Aspirin verzichten, um das Blutungsrisiko zu minimieren. Au\u00dferdem m\u00fcssen Sie sich einer \u00e4rztlichen Untersuchung unterziehen, um festzustellen, ob Sie f\u00fcr eine Operation in Frage kommen.<\/p>\n\n\n\n<h3 class=\"wp-block-heading\" id=\"h-wer-ist-ein-guter-kandidat-fur-eine-augenlidoperation\"><strong>Wer ist ein guter Kandidat f\u00fcr eine Augenlidoperation?<\/strong><\/h3>\n\n\n\n<p>Die idealen Kandidaten f\u00fcr eine Augenlidoperation sind gesunde Personen, die nicht rauchen. Sie sollten realistische Erwartungen an den Eingriff haben und keine schweren Augenerkrankungen haben, die den Eingriff komplizieren k\u00f6nnten.<\/p>\n\n\n\n<h3 class=\"wp-block-heading\" id=\"h-was-sind-die-risiken-einer-augenlidoperation\"><strong>Was sind die Risiken einer Augenlidoperation?<\/strong><\/h3>\n\n\n\n<p>Wie jeder chirurgische Eingriff birgt auch die Augenlidoperation potenzielle Risiken, darunter Infektionen, Schwierigkeiten beim Schlie\u00dfen der Augen, anhaltende Schmerzen, ung\u00fcnstige Narbenbildung sowie Schwellungen oder Bluterg\u00fcsse. Diese Komplikationen sind jedoch selten und k\u00f6nnen oft mit einer angemessenen Nachbehandlung und Nachsorgeterminen in den Griff bekommen werden.<\/p>\n\n\n\n<p><\/p>\n","protected":false},"excerpt":{"rendered":"<p>Was ist eine Augenlidoperation? Die Augenlidchirurgie, auch Blepharoplastik genannt, ist ein kosmetischer Eingriff zur Verbesserung des Aussehens der Augenlider. Dabei wird \u00fcbersch\u00fcssige Haut oder Fett entfernt, um Probleme wie Schlupflider, Tr\u00e4nens\u00e4cke oder Schwellungen zu behandeln. Mit der Augenlidchirurgie k\u00f6nnen schlaffe oder h\u00e4ngende Haut, Falten am oberen und unteren Augenlid, Fettablagerungen, die zu Schwellungen beitragen, und&hellip;<\/p>\n","protected":false},"author":1,"featured_media":26818,"parent":0,"menu_order":10,"comment_status":"closed","ping_status":"closed","template":"","meta":{"footnotes":""},"class_list":["post-24508","page","type-page","status-publish","has-post-thumbnail","hentry","description-off"],"yoast_head":"<!-- This site is optimized with the Yoast SEO Premium plugin v27.3 (Yoast SEO v27.3) - https:\/\/yoast.com\/product\/yoast-seo-premium-wordpress\/ -->\n<title>Operation der Augenlider | Estherian Clinic<\/title>\n<meta name=\"robots\" content=\"index, follow, max-snippet:-1, max-image-preview:large, max-video-preview:-1\" \/>\n<link rel=\"canonical\" href=\"https:\/\/estherian.com\/de\/operation-der-augenlider\/\" \/>\n<meta property=\"og:locale\" content=\"de_DE\" \/>\n<meta property=\"og:type\" content=\"article\" \/>\n<meta property=\"og:title\" content=\"Operation der Augenlider\" \/>\n<meta property=\"og:description\" content=\"Looks better with Estherian Clinic. Plastic Surgery, Dental treatments and more beautiful services!\" \/>\n<meta property=\"og:url\" content=\"https:\/\/estherian.com\/de\/operation-der-augenlider\/\" \/>\n<meta property=\"og:site_name\" content=\"Estherian Clinic\" \/>\n<meta property=\"article:publisher\" content=\"https:\/\/www.facebook.com\/estherianclinic.en\" \/>\n<meta property=\"article:modified_time\" content=\"2025-04-11T09:19:43+00:00\" \/>\n<meta property=\"og:image\" content=\"https:\/\/estherian.com\/wp-content\/uploads\/eyelid_surgery_turkey_1920x1080.jpg\" \/>\n\t<meta property=\"og:image:width\" content=\"1920\" \/>\n\t<meta property=\"og:image:height\" content=\"1080\" \/>\n\t<meta property=\"og:image:type\" content=\"image\/jpeg\" \/>\n<meta name=\"twitter:card\" content=\"summary_large_image\" \/>\n<meta name=\"twitter:site\" content=\"@EstherianTr\" \/>\n<meta name=\"twitter:label1\" content=\"Gesch\u00e4tzte Lesezeit\" \/>\n\t<meta name=\"twitter:data1\" content=\"5\u00a0Minuten\" \/>\n<script type=\"application\/ld+json\" class=\"yoast-schema-graph\">{\"@context\":\"https:\\\/\\\/schema.org\",\"@graph\":[{\"@type\":\"Article\",\"@id\":\"https:\\\/\\\/estherian.com\\\/de\\\/operation-der-augenlider\\\/#article\",\"isPartOf\":{\"@id\":\"https:\\\/\\\/estherian.com\\\/de\\\/operation-der-augenlider\\\/\"},\"author\":{\"name\":\"ferhatk\",\"@id\":\"https:\\\/\\\/estherian.com\\\/de\\\/#\\\/schema\\\/person\\\/0b1452799c3700afbfcfd3a0f5e64732\"},\"headline\":\"Operation der Augenlider\",\"datePublished\":\"2024-11-22T06:52:46+00:00\",\"dateModified\":\"2025-04-11T09:19:43+00:00\",\"mainEntityOfPage\":{\"@id\":\"https:\\\/\\\/estherian.com\\\/de\\\/operation-der-augenlider\\\/\"},\"wordCount\":1007,\"publisher\":{\"@id\":\"https:\\\/\\\/estherian.com\\\/de\\\/#organization\"},\"image\":{\"@id\":\"https:\\\/\\\/estherian.com\\\/de\\\/operation-der-augenlider\\\/#primaryimage\"},\"thumbnailUrl\":\"https:\\\/\\\/estherian.com\\\/wp-content\\\/uploads\\\/eyelid_surgery_turkey_1920x1080.jpg\",\"inLanguage\":\"de\"},{\"@type\":\"WebPage\",\"@id\":\"https:\\\/\\\/estherian.com\\\/de\\\/operation-der-augenlider\\\/\",\"url\":\"https:\\\/\\\/estherian.com\\\/de\\\/operation-der-augenlider\\\/\",\"name\":\"Operation der Augenlider | Estherian Clinic\",\"isPartOf\":{\"@id\":\"https:\\\/\\\/estherian.com\\\/de\\\/#website\"},\"primaryImageOfPage\":{\"@id\":\"https:\\\/\\\/estherian.com\\\/de\\\/operation-der-augenlider\\\/#primaryimage\"},\"image\":{\"@id\":\"https:\\\/\\\/estherian.com\\\/de\\\/operation-der-augenlider\\\/#primaryimage\"},\"thumbnailUrl\":\"https:\\\/\\\/estherian.com\\\/wp-content\\\/uploads\\\/eyelid_surgery_turkey_1920x1080.jpg\",\"datePublished\":\"2024-11-22T06:52:46+00:00\",\"dateModified\":\"2025-04-11T09:19:43+00:00\",\"breadcrumb\":{\"@id\":\"https:\\\/\\\/estherian.com\\\/de\\\/operation-der-augenlider\\\/#breadcrumb\"},\"inLanguage\":\"de\",\"potentialAction\":[{\"@type\":\"ReadAction\",\"target\":[\"https:\\\/\\\/estherian.com\\\/de\\\/operation-der-augenlider\\\/\"]}]},{\"@type\":\"ImageObject\",\"inLanguage\":\"de\",\"@id\":\"https:\\\/\\\/estherian.com\\\/de\\\/operation-der-augenlider\\\/#primaryimage\",\"url\":\"https:\\\/\\\/estherian.com\\\/wp-content\\\/uploads\\\/eyelid_surgery_turkey_1920x1080.jpg\",\"contentUrl\":\"https:\\\/\\\/estherian.com\\\/wp-content\\\/uploads\\\/eyelid_surgery_turkey_1920x1080.jpg\",\"width\":1920,\"height\":1080},{\"@type\":\"BreadcrumbList\",\"@id\":\"https:\\\/\\\/estherian.com\\\/de\\\/operation-der-augenlider\\\/#breadcrumb\",\"itemListElement\":[{\"@type\":\"ListItem\",\"position\":1,\"name\":\"Home\",\"item\":\"https:\\\/\\\/estherian.com\\\/de\\\/\"},{\"@type\":\"ListItem\",\"position\":2,\"name\":\"Operation der Augenlider\"}]},{\"@type\":\"WebSite\",\"@id\":\"https:\\\/\\\/estherian.com\\\/de\\\/#website\",\"url\":\"https:\\\/\\\/estherian.com\\\/de\\\/\",\"name\":\"Estherian Clinic\",\"description\":\"Plastic Surgery | Dental | Hair Transplant in Turkey\",\"publisher\":{\"@id\":\"https:\\\/\\\/estherian.com\\\/de\\\/#organization\"},\"potentialAction\":[{\"@type\":\"SearchAction\",\"target\":{\"@type\":\"EntryPoint\",\"urlTemplate\":\"https:\\\/\\\/estherian.com\\\/de\\\/?s={search_term_string}\"},\"query-input\":{\"@type\":\"PropertyValueSpecification\",\"valueRequired\":true,\"valueName\":\"search_term_string\"}}],\"inLanguage\":\"de\"},{\"@type\":\"Organization\",\"@id\":\"https:\\\/\\\/estherian.com\\\/de\\\/#organization\",\"name\":\"Estherian Clinic\",\"alternateName\":\"Estherian\",\"url\":\"https:\\\/\\\/estherian.com\\\/de\\\/\",\"logo\":{\"@type\":\"ImageObject\",\"inLanguage\":\"de\",\"@id\":\"https:\\\/\\\/estherian.com\\\/de\\\/#\\\/schema\\\/logo\\\/image\\\/\",\"url\":\"https:\\\/\\\/estherian.com\\\/wp-content\\\/uploads\\\/2024\\\/10\\\/EstherianLogo.png\",\"contentUrl\":\"https:\\\/\\\/estherian.com\\\/wp-content\\\/uploads\\\/2024\\\/10\\\/EstherianLogo.png\",\"width\":882,\"height\":934,\"caption\":\"Estherian Clinic\"},\"image\":{\"@id\":\"https:\\\/\\\/estherian.com\\\/de\\\/#\\\/schema\\\/logo\\\/image\\\/\"},\"sameAs\":[\"https:\\\/\\\/www.facebook.com\\\/estherianclinic.en\",\"https:\\\/\\\/x.com\\\/EstherianTr\",\"https:\\\/\\\/www.instagram.com\\\/estherianclinic\\\/\",\"https:\\\/\\\/www.tiktok.com\\\/@estherian.clinic\",\"https:\\\/\\\/www.youtube.com\\\/estherianclinic\"],\"email\":\"hi@estherian.com\",\"telephone\":\"+90-544-169-9000\",\"legalName\":\"ESTHERIAN CLINIC SA\u011eLIK H\u0130ZMETLER\u0130 SAN. T\u0130C. LTD. \u015eT\u0130.\",\"foundingDate\":\"2020-03-09\",\"vatID\":\"TR1601485625\",\"taxID\":\"1601485625\",\"numberOfEmployees\":{\"@type\":\"QuantitativeValue\",\"minValue\":\"51\",\"maxValue\":\"200\"},\"publishingPrinciples\":\"https:\\\/\\\/estherian.com\\\/tr\\\/sartlar-ve-kosullar\\\/\",\"actionableFeedbackPolicy\":\"https:\\\/\\\/estherian.com\\\/tr\\\/gizlilik-politikasi\\\/\",\"correctionsPolicy\":\"https:\\\/\\\/estherian.com\\\/tr\\\/gizlilik-politikasi\\\/\",\"ethicsPolicy\":\"https:\\\/\\\/estherian.com\\\/tr\\\/gizlilik-politikasi\\\/\",\"diversityPolicy\":\"https:\\\/\\\/estherian.com\\\/tr\\\/gizlilik-politikasi\\\/\",\"diversityStaffingReport\":\"https:\\\/\\\/estherian.com\\\/tr\\\/gizlilik-politikasi\\\/\"},{\"@type\":\"Person\",\"@id\":\"https:\\\/\\\/estherian.com\\\/de\\\/#\\\/schema\\\/person\\\/0b1452799c3700afbfcfd3a0f5e64732\",\"name\":\"ferhatk\",\"image\":{\"@type\":\"ImageObject\",\"inLanguage\":\"de\",\"@id\":\"https:\\\/\\\/secure.gravatar.com\\\/avatar\\\/5192156a410fa37c70ea8d4f0d01782533c470a75971ae114e5cd116be51ca05?s=96&d=mm&r=g\",\"url\":\"https:\\\/\\\/secure.gravatar.com\\\/avatar\\\/5192156a410fa37c70ea8d4f0d01782533c470a75971ae114e5cd116be51ca05?s=96&d=mm&r=g\",\"contentUrl\":\"https:\\\/\\\/secure.gravatar.com\\\/avatar\\\/5192156a410fa37c70ea8d4f0d01782533c470a75971ae114e5cd116be51ca05?s=96&d=mm&r=g\",\"caption\":\"ferhatk\"},\"sameAs\":[\"https:\\\/\\\/v2.estherian.com\"]}]}<\/script>\n<!-- \/ Yoast SEO Premium plugin. -->","yoast_head_json":{"title":"Operation der Augenlider | Estherian Clinic","robots":{"index":"index","follow":"follow","max-snippet":"max-snippet:-1","max-image-preview":"max-image-preview:large","max-video-preview":"max-video-preview:-1"},"canonical":"https:\/\/estherian.com\/de\/operation-der-augenlider\/","og_locale":"de_DE","og_type":"article","og_title":"Operation der Augenlider","og_description":"Looks better with Estherian Clinic. Plastic Surgery, Dental treatments and more beautiful services!","og_url":"https:\/\/estherian.com\/de\/operation-der-augenlider\/","og_site_name":"Estherian Clinic","article_publisher":"https:\/\/www.facebook.com\/estherianclinic.en","article_modified_time":"2025-04-11T09:19:43+00:00","og_image":[{"width":1920,"height":1080,"url":"https:\/\/estherian.com\/wp-content\/uploads\/eyelid_surgery_turkey_1920x1080.jpg","type":"image\/jpeg"}],"twitter_card":"summary_large_image","twitter_site":"@EstherianTr","twitter_misc":{"Gesch\u00e4tzte Lesezeit":"5\u00a0Minuten"},"schema":{"@context":"https:\/\/schema.org","@graph":[{"@type":"Article","@id":"https:\/\/estherian.com\/de\/operation-der-augenlider\/#article","isPartOf":{"@id":"https:\/\/estherian.com\/de\/operation-der-augenlider\/"},"author":{"name":"ferhatk","@id":"https:\/\/estherian.com\/de\/#\/schema\/person\/0b1452799c3700afbfcfd3a0f5e64732"},"headline":"Operation der Augenlider","datePublished":"2024-11-22T06:52:46+00:00","dateModified":"2025-04-11T09:19:43+00:00","mainEntityOfPage":{"@id":"https:\/\/estherian.com\/de\/operation-der-augenlider\/"},"wordCount":1007,"publisher":{"@id":"https:\/\/estherian.com\/de\/#organization"},"image":{"@id":"https:\/\/estherian.com\/de\/operation-der-augenlider\/#primaryimage"},"thumbnailUrl":"https:\/\/estherian.com\/wp-content\/uploads\/eyelid_surgery_turkey_1920x1080.jpg","inLanguage":"de"},{"@type":"WebPage","@id":"https:\/\/estherian.com\/de\/operation-der-augenlider\/","url":"https:\/\/estherian.com\/de\/operation-der-augenlider\/","name":"Operation der Augenlider | Estherian Clinic","isPartOf":{"@id":"https:\/\/estherian.com\/de\/#website"},"primaryImageOfPage":{"@id":"https:\/\/estherian.com\/de\/operation-der-augenlider\/#primaryimage"},"image":{"@id":"https:\/\/estherian.com\/de\/operation-der-augenlider\/#primaryimage"},"thumbnailUrl":"https:\/\/estherian.com\/wp-content\/uploads\/eyelid_surgery_turkey_1920x1080.jpg","datePublished":"2024-11-22T06:52:46+00:00","dateModified":"2025-04-11T09:19:43+00:00","breadcrumb":{"@id":"https:\/\/estherian.com\/de\/operation-der-augenlider\/#breadcrumb"},"inLanguage":"de","potentialAction":[{"@type":"ReadAction","target":["https:\/\/estherian.com\/de\/operation-der-augenlider\/"]}]},{"@type":"ImageObject","inLanguage":"de","@id":"https:\/\/estherian.com\/de\/operation-der-augenlider\/#primaryimage","url":"https:\/\/estherian.com\/wp-content\/uploads\/eyelid_surgery_turkey_1920x1080.jpg","contentUrl":"https:\/\/estherian.com\/wp-content\/uploads\/eyelid_surgery_turkey_1920x1080.jpg","width":1920,"height":1080},{"@type":"BreadcrumbList","@id":"https:\/\/estherian.com\/de\/operation-der-augenlider\/#breadcrumb","itemListElement":[{"@type":"ListItem","position":1,"name":"Home","item":"https:\/\/estherian.com\/de\/"},{"@type":"ListItem","position":2,"name":"Operation der Augenlider"}]},{"@type":"WebSite","@id":"https:\/\/estherian.com\/de\/#website","url":"https:\/\/estherian.com\/de\/","name":"Estherian Clinic","description":"Plastic Surgery | Dental | Hair Transplant in Turkey","publisher":{"@id":"https:\/\/estherian.com\/de\/#organization"},"potentialAction":[{"@type":"SearchAction","target":{"@type":"EntryPoint","urlTemplate":"https:\/\/estherian.com\/de\/?s={search_term_string}"},"query-input":{"@type":"PropertyValueSpecification","valueRequired":true,"valueName":"search_term_string"}}],"inLanguage":"de"},{"@type":"Organization","@id":"https:\/\/estherian.com\/de\/#organization","name":"Estherian Clinic","alternateName":"Estherian","url":"https:\/\/estherian.com\/de\/","logo":{"@type":"ImageObject","inLanguage":"de","@id":"https:\/\/estherian.com\/de\/#\/schema\/logo\/image\/","url":"https:\/\/estherian.com\/wp-content\/uploads\/2024\/10\/EstherianLogo.png","contentUrl":"https:\/\/estherian.com\/wp-content\/uploads\/2024\/10\/EstherianLogo.png","width":882,"height":934,"caption":"Estherian Clinic"},"image":{"@id":"https:\/\/estherian.com\/de\/#\/schema\/logo\/image\/"},"sameAs":["https:\/\/www.facebook.com\/estherianclinic.en","https:\/\/x.com\/EstherianTr","https:\/\/www.instagram.com\/estherianclinic\/","https:\/\/www.tiktok.com\/@estherian.clinic","https:\/\/www.youtube.com\/estherianclinic"],"email":"hi@estherian.com","telephone":"+90-544-169-9000","legalName":"ESTHERIAN CLINIC SA\u011eLIK H\u0130ZMETLER\u0130 SAN. T\u0130C. LTD. \u015eT\u0130.","foundingDate":"2020-03-09","vatID":"TR1601485625","taxID":"1601485625","numberOfEmployees":{"@type":"QuantitativeValue","minValue":"51","maxValue":"200"},"publishingPrinciples":"https:\/\/estherian.com\/tr\/sartlar-ve-kosullar\/","actionableFeedbackPolicy":"https:\/\/estherian.com\/tr\/gizlilik-politikasi\/","correctionsPolicy":"https:\/\/estherian.com\/tr\/gizlilik-politikasi\/","ethicsPolicy":"https:\/\/estherian.com\/tr\/gizlilik-politikasi\/","diversityPolicy":"https:\/\/estherian.com\/tr\/gizlilik-politikasi\/","diversityStaffingReport":"https:\/\/estherian.com\/tr\/gizlilik-politikasi\/"},{"@type":"Person","@id":"https:\/\/estherian.com\/de\/#\/schema\/person\/0b1452799c3700afbfcfd3a0f5e64732","name":"ferhatk","image":{"@type":"ImageObject","inLanguage":"de","@id":"https:\/\/secure.gravatar.com\/avatar\/5192156a410fa37c70ea8d4f0d01782533c470a75971ae114e5cd116be51ca05?s=96&d=mm&r=g","url":"https:\/\/secure.gravatar.com\/avatar\/5192156a410fa37c70ea8d4f0d01782533c470a75971ae114e5cd116be51ca05?s=96&d=mm&r=g","contentUrl":"https:\/\/secure.gravatar.com\/avatar\/5192156a410fa37c70ea8d4f0d01782533c470a75971ae114e5cd116be51ca05?s=96&d=mm&r=g","caption":"ferhatk"},"sameAs":["https:\/\/v2.estherian.com"]}]}},"_links":{"self":[{"href":"https:\/\/estherian.com\/de\/wp-json\/wp\/v2\/pages\/24508","targetHints":{"allow":["GET"]}}],"collection":[{"href":"https:\/\/estherian.com\/de\/wp-json\/wp\/v2\/pages"}],"about":[{"href":"https:\/\/estherian.com\/de\/wp-json\/wp\/v2\/types\/page"}],"author":[{"embeddable":true,"href":"https:\/\/estherian.com\/de\/wp-json\/wp\/v2\/users\/1"}],"replies":[{"embeddable":true,"href":"https:\/\/estherian.com\/de\/wp-json\/wp\/v2\/comments?post=24508"}],"version-history":[{"count":0,"href":"https:\/\/estherian.com\/de\/wp-json\/wp\/v2\/pages\/24508\/revisions"}],"wp:featuredmedia":[{"embeddable":true,"href":"https:\/\/estherian.com\/de\/wp-json\/wp\/v2\/media\/26818"}],"wp:attachment":[{"href":"https:\/\/estherian.com\/de\/wp-json\/wp\/v2\/media?parent=24508"}],"curies":[{"name":"wp","href":"https:\/\/api.w.org\/{rel}","templated":true}]}}