{"id":24516,"date":"2024-11-22T11:49:20","date_gmt":"2024-11-22T08:49:20","guid":{"rendered":"https:\/\/estherian.com\/?page_id=24516"},"modified":"2025-01-08T06:47:13","modified_gmt":"2025-01-08T06:47:13","slug":"gesichtsfettunterspritzung","status":"publish","type":"page","link":"https:\/\/estherian.com\/de\/gesichtsfettunterspritzung\/","title":{"rendered":"Gesichtsfettunterspritzung In Der T\u00fcrkei"},"content":{"rendered":"\n<div class=\"wp-block-columns is-layout-flex wp-container-core-columns-is-layout-9d6595d7 wp-block-columns-is-layout-flex\">\n<div class=\"wp-block-column is-layout-flow wp-block-column-is-layout-flow\">\n<h2 class=\"wp-block-heading\">Was sind Gesichtsfett-Injektionen?<\/h2>\n\n\n\n<p>Die Gesichtsfettunterspritzung ist ein Verfahren, bei dem Fett als nat\u00fcrlicher F\u00fcllstoff verwendet wird, um das Aussehen des Gesichts zu verbessern. Es ist eines der beliebtesten Verfahren in der plastischen Chirurgie, weil es als nat\u00fcrliche, sicherere, wirksamere und langfristige Alternative zu herk\u00f6mmlichen F\u00fcllstoffen gilt. Im Gegensatz zu F\u00fcllstoffinjektionen, die alle 6-13 Monate wiederholt werden m\u00fcssen, k\u00f6nnen Fettinjektionen \u00fcber viele Jahre hinweg durchgef\u00fchrt werden.<\/p>\n<\/div>\n\n\n\n<div class=\"wp-block-column is-layout-flow wp-block-column-is-layout-flow\">\n<figure class=\"wp-block-image size-full is-resized\"><img decoding=\"async\" width=\"602\" height=\"670\" src=\"https:\/\/estherian.com\/wp-content\/uploads\/face-fat-estherian-1.png\" alt=\"\" class=\"wp-image-23454\" style=\"width:513px;height:auto\" title=\"face-fat-estherian\" srcset=\"https:\/\/estherian.com\/wp-content\/uploads\/face-fat-estherian-1.png 602w, https:\/\/estherian.com\/wp-content\/uploads\/face-fat-estherian-1-347x386.png 347w\" sizes=\"(max-width: 602px) 100vw, 602px\" \/><\/figure>\n<\/div>\n<\/div>\n\n\n\n<p>Die Hauptursache f\u00fcr altersbedingte Gesichtsver\u00e4nderungen ist der Verlust von Fettgewebe. Daher sind Fettinjektionen eine ideale Option, um das verlorene Volumen wieder aufzuf\u00fcllen und die F\u00fclle wiederherzustellen, insbesondere in Bereichen wie Schl\u00e4fen, Augen, Augenlider, Nasenlinie, Mund, Wangen und Kieferlinie.<\/p>\n\n\n\n<p>Gesichtsfettinjektionen verbessern Ihr gesamtes Erscheinungsbild und sorgen f\u00fcr ein runderes, j\u00fcnger aussehendes Gesicht und eine glattere Haut. Dar\u00fcber hinaus helfen sie, trockene Haut mit Feuchtigkeit zu versorgen, feine Falten zu reduzieren und Pigmentierungsprobleme im Gesicht zu verringern.<\/p>\n\n\n\n<div class=\"wp-block-columns is-layout-flex wp-container-core-columns-is-layout-9d6595d7 wp-block-columns-is-layout-flex\">\n<div class=\"wp-block-column is-layout-flow wp-block-column-is-layout-flow\">\n<figure class=\"wp-block-image size-full is-resized\"><img decoding=\"async\" width=\"398\" height=\"398\" src=\"https:\/\/estherian.com\/wp-content\/uploads\/injection-fat1-01.png\" alt=\"\" class=\"wp-image-23459\" style=\"width:409px;height:auto\" title=\"injection-fat1-01\" srcset=\"https:\/\/estherian.com\/wp-content\/uploads\/injection-fat1-01.png 398w, https:\/\/estherian.com\/wp-content\/uploads\/injection-fat1-01-386x386.png 386w, https:\/\/estherian.com\/wp-content\/uploads\/injection-fat1-01-275x275.png 275w\" sizes=\"(max-width: 398px) 100vw, 398px\" \/><\/figure>\n\n\n\n<figure class=\"wp-block-image size-full is-resized\"><img decoding=\"async\" width=\"398\" height=\"398\" src=\"https:\/\/estherian.com\/wp-content\/uploads\/injection-fat2-01.png\" alt=\"\" class=\"wp-image-23463\" style=\"width:454px;height:auto\" title=\"injection-fat2-01\" srcset=\"https:\/\/estherian.com\/wp-content\/uploads\/injection-fat2-01.png 398w, https:\/\/estherian.com\/wp-content\/uploads\/injection-fat2-01-386x386.png 386w, https:\/\/estherian.com\/wp-content\/uploads\/injection-fat2-01-275x275.png 275w\" sizes=\"(max-width: 398px) 100vw, 398px\" \/><\/figure>\n<\/div>\n\n\n\n<div class=\"wp-block-column is-layout-flow wp-block-column-is-layout-flow\">\n<h2 class=\"wp-block-heading\">Gesicht Fett Injektionen Verfahren<\/h2>\n\n\n\n<h3 class=\"wp-block-heading\">Vor der Operation<\/h3>\n\n\n\n<p>Vor der Operation f\u00fchrt der Chirurg eine gr\u00fcndliche medizinische Untersuchung durch, um sicherzustellen, dass Sie bei guter Gesundheit sind. Au\u00dferdem werden Sie aufgefordert, das Rauchen rechtzeitig vor dem Eingriff einzustellen. Vermeiden Sie die Einnahme von Aspirin oder bestimmten entz\u00fcndungshemmenden Medikamenten, da diese das Risiko von Blutungen erh\u00f6hen k\u00f6nnen.<\/p>\n\n\n\n<h3 class=\"wp-block-heading\">W\u00e4hrend des Betriebs<\/h3>\n\n\n\n<p>Der Eingriff wird in der Regel unter \u00f6rtlicher Bet\u00e4ubung durchgef\u00fchrt und dauert in der Regel etwa eine Stunde. Das Fett wird mit einer Kan\u00fcle aus bestimmten K\u00f6rperregionen, wie den H\u00fcften und Oberschenkeln, abgesaugt. Dieses Fett wird dann gereinigt, bevor es mit feinen Nadeln wieder in das Gesicht injiziert wird. Das Verfahren ist minimalinvasiv, und die meisten Patienten k\u00f6nnen das Krankenhaus bereits am Tag nach dem Eingriff wieder verlassen.<\/p>\n<\/div>\n<\/div>\n\n\n\n<h3 class=\"wp-block-heading\">Nach der Operation<\/h3>\n\n\n\n<p>Um Schwellungen und Bluterg\u00fcsse zu reduzieren, sollten in den ersten beiden Tagen nach dem Eingriff Eispackungen aufgelegt werden. Die Schwellung geht in der Regel ab dem dritten Tag zur\u00fcck und verbessert sich im Laufe der n\u00e4chsten Woche weiter. Die meisten Nebenwirkungen sollten innerhalb von drei Wochen nach dem Eingriff vollst\u00e4ndig abklingen.<\/p>\n\n\n\n<div class=\"wp-block-columns is-layout-flex wp-container-core-columns-is-layout-9d6595d7 wp-block-columns-is-layout-flex\">\n<div class=\"wp-block-column is-layout-flow wp-block-column-is-layout-flow\">\n<h2 class=\"wp-block-heading\">Wer ist ein guter Kandidat f\u00fcr eine Gesichtsfettunterspritzung?<\/h2>\n\n\n\n<p>Ideale Kandidaten f\u00fcr eine Fettunterspritzung im Gesicht sind Personen, die gesund sind, nicht rauchen und auf eine gute Hautgesundheit achten. Au\u00dferdem sollten die Kandidaten realistische Erwartungen an die Ergebnisse des Verfahrens haben.<\/p>\n<\/div>\n\n\n\n<div class=\"wp-block-column is-layout-flow wp-block-column-is-layout-flow\">\n<figure class=\"wp-block-image size-full is-resized\"><img decoding=\"async\" width=\"712\" height=\"658\" src=\"https:\/\/estherian.com\/wp-content\/uploads\/face-fat-injection-estherian-712x658-1.png\" alt=\"\" class=\"wp-image-23471\" style=\"width:496px;height:auto\" srcset=\"https:\/\/estherian.com\/wp-content\/uploads\/face-fat-injection-estherian-712x658-1.png 712w, https:\/\/estherian.com\/wp-content\/uploads\/face-fat-injection-estherian-712x658-1-386x357.png 386w\" sizes=\"(max-width: 712px) 100vw, 712px\" \/><\/figure>\n<\/div>\n<\/div>\n\n\n\n<h2 class=\"wp-block-heading\">Welche Risiken birgt die Injektion von Gesichtsfett?<\/h2>\n\n\n\n<p>As with any procedure, face fat injections come with certain risks, including:<\/p>\n\n\n\n<ul class=\"wp-block-list\">\n<li>Hautausschlag mit Juckreiz<\/li>\n\n\n\n<li>R\u00f6tung der Haut<\/li>\n\n\n\n<li>Schwellungen<\/li>\n\n\n\n<li>Risiken der An\u00e4sthesie<\/li>\n<\/ul>\n\n\n\n<p>Obwohl Komplikationen selten sind, ist es wichtig, alle Bedenken vorher mit Ihrem Chirurgen zu besprechen.<\/p>\n\n\n\n<h2 class=\"wp-block-heading\">Wie viel kosten Fettinjektionen ins Gesicht?<\/h2>\n\n\n\n<p>Die Kosten f\u00fcr eine Gesichtsfettunterspritzung k\u00f6nnen stark variieren und h\u00e4ngen von verschiedenen Faktoren ab, wie z. B. von der verwendeten Technik, den Bereichen, aus denen das Fett abgesaugt wird, und davon, ob der Eingriff in Kombination mit anderen Verfahren durchgef\u00fchrt wird. Die Preise sind in der Regel von Patient zu Patient unterschiedlich, und die Kombination mehrerer Eingriffe kann die Gesamtkosten beeinflussen.<\/p>\n\n\n\n<h2 class=\"wp-block-heading\">H\u00e4ufig gestellte Fragen<\/h2>\n\n\n\n<h3 class=\"wp-block-heading\">Was sind Gesichtsfettinjektionen?<\/h3>\n\n\n\n<p>Die Fettunterspritzung des Gesichts ist ein kosmetisches Verfahren, bei dem Fett aus anderen K\u00f6rperregionen (z. B. den H\u00fcften oder Oberschenkeln) verwendet wird, um das Volumen wiederherzustellen und das Aussehen des Gesichts zu verbessern. Das Fett wird gereinigt und dann in Bereiche des Gesichts injiziert, die aufgrund von Alterung oder anderen Faktoren an F\u00fclle verloren haben.<\/p>\n\n\n\n<h3 class=\"wp-block-heading\">Wie lange dauern die Fettinjektionen im Gesicht?<\/h3>\n\n\n\n<p>Fettunterspritzungen im Gesicht k\u00f6nnen viele Jahre lang halten. Im Gegensatz zu herk\u00f6mmlichen F\u00fcllstoffen, die alle 6-13 Monate wiederholt werden m\u00fcssen, k\u00f6nnen Fettinjektionen l\u00e4ngerfristige Ergebnisse liefern. Die Langlebigkeit der Ergebnisse kann jedoch von Patient zu Patient variieren.<\/p>\n\n\n\n<h3 class=\"wp-block-heading\">Was muss ich w\u00e4hrend des Erholungsprozesses erwarten?<\/h3>\n\n\n\n<p>Nach dem Eingriff sind Schwellungen und Bluterg\u00fcsse zu erwarten, die innerhalb weniger Tage abklingen sollten. Es wird empfohlen, in den ersten zwei Tagen Eispackungen zu verwenden, um die Schwellung zu reduzieren. Ab dem dritten Tag gehen die Schwellungen zur\u00fcck, und die meisten Nebenwirkungen sollten innerhalb von drei Wochen verschwunden sein.<\/p>\n\n\n\n<p><\/p>\n","protected":false},"excerpt":{"rendered":"<p>Was sind Gesichtsfett-Injektionen? Die Gesichtsfettunterspritzung ist ein Verfahren, bei dem Fett als nat\u00fcrlicher F\u00fcllstoff verwendet wird, um das Aussehen des Gesichts zu verbessern. Es ist eines der beliebtesten Verfahren in der plastischen Chirurgie, weil es als nat\u00fcrliche, sicherere, wirksamere und langfristige Alternative zu herk\u00f6mmlichen F\u00fcllstoffen gilt. Im Gegensatz zu F\u00fcllstoffinjektionen, die alle 6-13 Monate wiederholt&hellip;<\/p>\n","protected":false},"author":1,"featured_media":0,"parent":0,"menu_order":10,"comment_status":"closed","ping_status":"closed","template":"","meta":{"footnotes":""},"class_list":["post-24516","page","type-page","status-publish","hentry","description-off"],"yoast_head":"<!-- This site is optimized with the Yoast SEO Premium plugin v27.3 (Yoast SEO v27.3) - https:\/\/yoast.com\/product\/yoast-seo-premium-wordpress\/ -->\n<title>Gesichtsfettunterspritzung In Der T\u00fcrkei | Estherian Clinic<\/title>\n<meta name=\"robots\" content=\"index, follow, max-snippet:-1, max-image-preview:large, max-video-preview:-1\" \/>\n<link rel=\"canonical\" href=\"https:\/\/estherian.com\/de\/gesichtsfettunterspritzung\/\" \/>\n<meta property=\"og:locale\" content=\"de_DE\" \/>\n<meta property=\"og:type\" content=\"article\" \/>\n<meta property=\"og:title\" content=\"Gesichtsfettunterspritzung In Der T\u00fcrkei\" \/>\n<meta property=\"og:description\" content=\"Looks better with Estherian Clinic. Plastic Surgery, Dental treatments and more beautiful services!\" \/>\n<meta property=\"og:url\" content=\"https:\/\/estherian.com\/de\/gesichtsfettunterspritzung\/\" \/>\n<meta property=\"og:site_name\" content=\"Estherian Clinic\" \/>\n<meta property=\"article:publisher\" content=\"https:\/\/www.facebook.com\/estherianclinic.en\" \/>\n<meta property=\"article:modified_time\" content=\"2025-01-08T06:47:13+00:00\" \/>\n<meta property=\"og:image\" content=\"https:\/\/estherian.com\/wp-content\/uploads\/face-fat-estherian-1.png\" \/>\n\t<meta property=\"og:image:width\" content=\"602\" \/>\n\t<meta property=\"og:image:height\" content=\"670\" \/>\n\t<meta property=\"og:image:type\" content=\"image\/png\" \/>\n<meta name=\"twitter:card\" content=\"summary_large_image\" \/>\n<meta name=\"twitter:site\" content=\"@EstherianTr\" \/>\n<meta name=\"twitter:label1\" content=\"Gesch\u00e4tzte Lesezeit\" \/>\n\t<meta name=\"twitter:data1\" content=\"4\u00a0Minuten\" \/>\n<script type=\"application\/ld+json\" class=\"yoast-schema-graph\">{\"@context\":\"https:\\\/\\\/schema.org\",\"@graph\":[{\"@type\":\"Article\",\"@id\":\"https:\\\/\\\/estherian.com\\\/de\\\/gesichtsfettunterspritzung\\\/#article\",\"isPartOf\":{\"@id\":\"https:\\\/\\\/estherian.com\\\/de\\\/gesichtsfettunterspritzung\\\/\"},\"author\":{\"name\":\"ferhatk\",\"@id\":\"https:\\\/\\\/estherian.com\\\/de\\\/#\\\/schema\\\/person\\\/0b1452799c3700afbfcfd3a0f5e64732\"},\"headline\":\"Gesichtsfettunterspritzung In Der T\u00fcrkei\",\"datePublished\":\"2024-11-22T08:49:20+00:00\",\"dateModified\":\"2025-01-08T06:47:13+00:00\",\"mainEntityOfPage\":{\"@id\":\"https:\\\/\\\/estherian.com\\\/de\\\/gesichtsfettunterspritzung\\\/\"},\"wordCount\":693,\"publisher\":{\"@id\":\"https:\\\/\\\/estherian.com\\\/de\\\/#organization\"},\"image\":{\"@id\":\"https:\\\/\\\/estherian.com\\\/de\\\/gesichtsfettunterspritzung\\\/#primaryimage\"},\"thumbnailUrl\":\"https:\\\/\\\/estherian.com\\\/wp-content\\\/uploads\\\/face-fat-estherian-1.png\",\"inLanguage\":\"de\"},{\"@type\":\"WebPage\",\"@id\":\"https:\\\/\\\/estherian.com\\\/de\\\/gesichtsfettunterspritzung\\\/\",\"url\":\"https:\\\/\\\/estherian.com\\\/de\\\/gesichtsfettunterspritzung\\\/\",\"name\":\"Gesichtsfettunterspritzung In Der T\u00fcrkei | Estherian Clinic\",\"isPartOf\":{\"@id\":\"https:\\\/\\\/estherian.com\\\/de\\\/#website\"},\"primaryImageOfPage\":{\"@id\":\"https:\\\/\\\/estherian.com\\\/de\\\/gesichtsfettunterspritzung\\\/#primaryimage\"},\"image\":{\"@id\":\"https:\\\/\\\/estherian.com\\\/de\\\/gesichtsfettunterspritzung\\\/#primaryimage\"},\"thumbnailUrl\":\"https:\\\/\\\/estherian.com\\\/wp-content\\\/uploads\\\/face-fat-estherian-1.png\",\"datePublished\":\"2024-11-22T08:49:20+00:00\",\"dateModified\":\"2025-01-08T06:47:13+00:00\",\"breadcrumb\":{\"@id\":\"https:\\\/\\\/estherian.com\\\/de\\\/gesichtsfettunterspritzung\\\/#breadcrumb\"},\"inLanguage\":\"de\",\"potentialAction\":[{\"@type\":\"ReadAction\",\"target\":[\"https:\\\/\\\/estherian.com\\\/de\\\/gesichtsfettunterspritzung\\\/\"]}]},{\"@type\":\"ImageObject\",\"inLanguage\":\"de\",\"@id\":\"https:\\\/\\\/estherian.com\\\/de\\\/gesichtsfettunterspritzung\\\/#primaryimage\",\"url\":\"https:\\\/\\\/estherian.com\\\/wp-content\\\/uploads\\\/face-fat-estherian-1.png\",\"contentUrl\":\"https:\\\/\\\/estherian.com\\\/wp-content\\\/uploads\\\/face-fat-estherian-1.png\"},{\"@type\":\"BreadcrumbList\",\"@id\":\"https:\\\/\\\/estherian.com\\\/de\\\/gesichtsfettunterspritzung\\\/#breadcrumb\",\"itemListElement\":[{\"@type\":\"ListItem\",\"position\":1,\"name\":\"Home\",\"item\":\"https:\\\/\\\/estherian.com\\\/de\\\/\"},{\"@type\":\"ListItem\",\"position\":2,\"name\":\"Gesichtsfettunterspritzung In Der T\u00fcrkei\"}]},{\"@type\":\"WebSite\",\"@id\":\"https:\\\/\\\/estherian.com\\\/de\\\/#website\",\"url\":\"https:\\\/\\\/estherian.com\\\/de\\\/\",\"name\":\"Estherian Clinic\",\"description\":\"Plastic Surgery | Dental | Hair Transplant in Turkey\",\"publisher\":{\"@id\":\"https:\\\/\\\/estherian.com\\\/de\\\/#organization\"},\"potentialAction\":[{\"@type\":\"SearchAction\",\"target\":{\"@type\":\"EntryPoint\",\"urlTemplate\":\"https:\\\/\\\/estherian.com\\\/de\\\/?s={search_term_string}\"},\"query-input\":{\"@type\":\"PropertyValueSpecification\",\"valueRequired\":true,\"valueName\":\"search_term_string\"}}],\"inLanguage\":\"de\"},{\"@type\":\"Organization\",\"@id\":\"https:\\\/\\\/estherian.com\\\/de\\\/#organization\",\"name\":\"Estherian Clinic\",\"alternateName\":\"Estherian\",\"url\":\"https:\\\/\\\/estherian.com\\\/de\\\/\",\"logo\":{\"@type\":\"ImageObject\",\"inLanguage\":\"de\",\"@id\":\"https:\\\/\\\/estherian.com\\\/de\\\/#\\\/schema\\\/logo\\\/image\\\/\",\"url\":\"https:\\\/\\\/estherian.com\\\/wp-content\\\/uploads\\\/2024\\\/10\\\/EstherianLogo.png\",\"contentUrl\":\"https:\\\/\\\/estherian.com\\\/wp-content\\\/uploads\\\/2024\\\/10\\\/EstherianLogo.png\",\"width\":882,\"height\":934,\"caption\":\"Estherian Clinic\"},\"image\":{\"@id\":\"https:\\\/\\\/estherian.com\\\/de\\\/#\\\/schema\\\/logo\\\/image\\\/\"},\"sameAs\":[\"https:\\\/\\\/www.facebook.com\\\/estherianclinic.en\",\"https:\\\/\\\/x.com\\\/EstherianTr\",\"https:\\\/\\\/www.instagram.com\\\/estherianclinic\\\/\",\"https:\\\/\\\/www.tiktok.com\\\/@estherian.clinic\",\"https:\\\/\\\/www.youtube.com\\\/estherianclinic\"],\"email\":\"hi@estherian.com\",\"telephone\":\"+90-544-169-9000\",\"legalName\":\"ESTHERIAN CLINIC SA\u011eLIK H\u0130ZMETLER\u0130 SAN. T\u0130C. LTD. \u015eT\u0130.\",\"foundingDate\":\"2020-03-09\",\"vatID\":\"TR1601485625\",\"taxID\":\"1601485625\",\"numberOfEmployees\":{\"@type\":\"QuantitativeValue\",\"minValue\":\"51\",\"maxValue\":\"200\"},\"publishingPrinciples\":\"https:\\\/\\\/estherian.com\\\/tr\\\/sartlar-ve-kosullar\\\/\",\"actionableFeedbackPolicy\":\"https:\\\/\\\/estherian.com\\\/tr\\\/gizlilik-politikasi\\\/\",\"correctionsPolicy\":\"https:\\\/\\\/estherian.com\\\/tr\\\/gizlilik-politikasi\\\/\",\"ethicsPolicy\":\"https:\\\/\\\/estherian.com\\\/tr\\\/gizlilik-politikasi\\\/\",\"diversityPolicy\":\"https:\\\/\\\/estherian.com\\\/tr\\\/gizlilik-politikasi\\\/\",\"diversityStaffingReport\":\"https:\\\/\\\/estherian.com\\\/tr\\\/gizlilik-politikasi\\\/\"},{\"@type\":\"Person\",\"@id\":\"https:\\\/\\\/estherian.com\\\/de\\\/#\\\/schema\\\/person\\\/0b1452799c3700afbfcfd3a0f5e64732\",\"name\":\"ferhatk\",\"image\":{\"@type\":\"ImageObject\",\"inLanguage\":\"de\",\"@id\":\"https:\\\/\\\/secure.gravatar.com\\\/avatar\\\/5192156a410fa37c70ea8d4f0d01782533c470a75971ae114e5cd116be51ca05?s=96&d=mm&r=g\",\"url\":\"https:\\\/\\\/secure.gravatar.com\\\/avatar\\\/5192156a410fa37c70ea8d4f0d01782533c470a75971ae114e5cd116be51ca05?s=96&d=mm&r=g\",\"contentUrl\":\"https:\\\/\\\/secure.gravatar.com\\\/avatar\\\/5192156a410fa37c70ea8d4f0d01782533c470a75971ae114e5cd116be51ca05?s=96&d=mm&r=g\",\"caption\":\"ferhatk\"},\"sameAs\":[\"https:\\\/\\\/v2.estherian.com\"]}]}<\/script>\n<!-- \/ Yoast SEO Premium plugin. -->","yoast_head_json":{"title":"Gesichtsfettunterspritzung In Der T\u00fcrkei | Estherian Clinic","robots":{"index":"index","follow":"follow","max-snippet":"max-snippet:-1","max-image-preview":"max-image-preview:large","max-video-preview":"max-video-preview:-1"},"canonical":"https:\/\/estherian.com\/de\/gesichtsfettunterspritzung\/","og_locale":"de_DE","og_type":"article","og_title":"Gesichtsfettunterspritzung In Der T\u00fcrkei","og_description":"Looks better with Estherian Clinic. Plastic Surgery, Dental treatments and more beautiful services!","og_url":"https:\/\/estherian.com\/de\/gesichtsfettunterspritzung\/","og_site_name":"Estherian Clinic","article_publisher":"https:\/\/www.facebook.com\/estherianclinic.en","article_modified_time":"2025-01-08T06:47:13+00:00","og_image":[{"width":602,"height":670,"url":"https:\/\/estherian.com\/wp-content\/uploads\/face-fat-estherian-1.png","type":"image\/png"}],"twitter_card":"summary_large_image","twitter_site":"@EstherianTr","twitter_misc":{"Gesch\u00e4tzte Lesezeit":"4\u00a0Minuten"},"schema":{"@context":"https:\/\/schema.org","@graph":[{"@type":"Article","@id":"https:\/\/estherian.com\/de\/gesichtsfettunterspritzung\/#article","isPartOf":{"@id":"https:\/\/estherian.com\/de\/gesichtsfettunterspritzung\/"},"author":{"name":"ferhatk","@id":"https:\/\/estherian.com\/de\/#\/schema\/person\/0b1452799c3700afbfcfd3a0f5e64732"},"headline":"Gesichtsfettunterspritzung In Der T\u00fcrkei","datePublished":"2024-11-22T08:49:20+00:00","dateModified":"2025-01-08T06:47:13+00:00","mainEntityOfPage":{"@id":"https:\/\/estherian.com\/de\/gesichtsfettunterspritzung\/"},"wordCount":693,"publisher":{"@id":"https:\/\/estherian.com\/de\/#organization"},"image":{"@id":"https:\/\/estherian.com\/de\/gesichtsfettunterspritzung\/#primaryimage"},"thumbnailUrl":"https:\/\/estherian.com\/wp-content\/uploads\/face-fat-estherian-1.png","inLanguage":"de"},{"@type":"WebPage","@id":"https:\/\/estherian.com\/de\/gesichtsfettunterspritzung\/","url":"https:\/\/estherian.com\/de\/gesichtsfettunterspritzung\/","name":"Gesichtsfettunterspritzung In Der T\u00fcrkei | Estherian Clinic","isPartOf":{"@id":"https:\/\/estherian.com\/de\/#website"},"primaryImageOfPage":{"@id":"https:\/\/estherian.com\/de\/gesichtsfettunterspritzung\/#primaryimage"},"image":{"@id":"https:\/\/estherian.com\/de\/gesichtsfettunterspritzung\/#primaryimage"},"thumbnailUrl":"https:\/\/estherian.com\/wp-content\/uploads\/face-fat-estherian-1.png","datePublished":"2024-11-22T08:49:20+00:00","dateModified":"2025-01-08T06:47:13+00:00","breadcrumb":{"@id":"https:\/\/estherian.com\/de\/gesichtsfettunterspritzung\/#breadcrumb"},"inLanguage":"de","potentialAction":[{"@type":"ReadAction","target":["https:\/\/estherian.com\/de\/gesichtsfettunterspritzung\/"]}]},{"@type":"ImageObject","inLanguage":"de","@id":"https:\/\/estherian.com\/de\/gesichtsfettunterspritzung\/#primaryimage","url":"https:\/\/estherian.com\/wp-content\/uploads\/face-fat-estherian-1.png","contentUrl":"https:\/\/estherian.com\/wp-content\/uploads\/face-fat-estherian-1.png"},{"@type":"BreadcrumbList","@id":"https:\/\/estherian.com\/de\/gesichtsfettunterspritzung\/#breadcrumb","itemListElement":[{"@type":"ListItem","position":1,"name":"Home","item":"https:\/\/estherian.com\/de\/"},{"@type":"ListItem","position":2,"name":"Gesichtsfettunterspritzung In Der T\u00fcrkei"}]},{"@type":"WebSite","@id":"https:\/\/estherian.com\/de\/#website","url":"https:\/\/estherian.com\/de\/","name":"Estherian Clinic","description":"Plastic Surgery | Dental | Hair Transplant in Turkey","publisher":{"@id":"https:\/\/estherian.com\/de\/#organization"},"potentialAction":[{"@type":"SearchAction","target":{"@type":"EntryPoint","urlTemplate":"https:\/\/estherian.com\/de\/?s={search_term_string}"},"query-input":{"@type":"PropertyValueSpecification","valueRequired":true,"valueName":"search_term_string"}}],"inLanguage":"de"},{"@type":"Organization","@id":"https:\/\/estherian.com\/de\/#organization","name":"Estherian Clinic","alternateName":"Estherian","url":"https:\/\/estherian.com\/de\/","logo":{"@type":"ImageObject","inLanguage":"de","@id":"https:\/\/estherian.com\/de\/#\/schema\/logo\/image\/","url":"https:\/\/estherian.com\/wp-content\/uploads\/2024\/10\/EstherianLogo.png","contentUrl":"https:\/\/estherian.com\/wp-content\/uploads\/2024\/10\/EstherianLogo.png","width":882,"height":934,"caption":"Estherian Clinic"},"image":{"@id":"https:\/\/estherian.com\/de\/#\/schema\/logo\/image\/"},"sameAs":["https:\/\/www.facebook.com\/estherianclinic.en","https:\/\/x.com\/EstherianTr","https:\/\/www.instagram.com\/estherianclinic\/","https:\/\/www.tiktok.com\/@estherian.clinic","https:\/\/www.youtube.com\/estherianclinic"],"email":"hi@estherian.com","telephone":"+90-544-169-9000","legalName":"ESTHERIAN CLINIC SA\u011eLIK H\u0130ZMETLER\u0130 SAN. T\u0130C. LTD. \u015eT\u0130.","foundingDate":"2020-03-09","vatID":"TR1601485625","taxID":"1601485625","numberOfEmployees":{"@type":"QuantitativeValue","minValue":"51","maxValue":"200"},"publishingPrinciples":"https:\/\/estherian.com\/tr\/sartlar-ve-kosullar\/","actionableFeedbackPolicy":"https:\/\/estherian.com\/tr\/gizlilik-politikasi\/","correctionsPolicy":"https:\/\/estherian.com\/tr\/gizlilik-politikasi\/","ethicsPolicy":"https:\/\/estherian.com\/tr\/gizlilik-politikasi\/","diversityPolicy":"https:\/\/estherian.com\/tr\/gizlilik-politikasi\/","diversityStaffingReport":"https:\/\/estherian.com\/tr\/gizlilik-politikasi\/"},{"@type":"Person","@id":"https:\/\/estherian.com\/de\/#\/schema\/person\/0b1452799c3700afbfcfd3a0f5e64732","name":"ferhatk","image":{"@type":"ImageObject","inLanguage":"de","@id":"https:\/\/secure.gravatar.com\/avatar\/5192156a410fa37c70ea8d4f0d01782533c470a75971ae114e5cd116be51ca05?s=96&d=mm&r=g","url":"https:\/\/secure.gravatar.com\/avatar\/5192156a410fa37c70ea8d4f0d01782533c470a75971ae114e5cd116be51ca05?s=96&d=mm&r=g","contentUrl":"https:\/\/secure.gravatar.com\/avatar\/5192156a410fa37c70ea8d4f0d01782533c470a75971ae114e5cd116be51ca05?s=96&d=mm&r=g","caption":"ferhatk"},"sameAs":["https:\/\/v2.estherian.com"]}]}},"_links":{"self":[{"href":"https:\/\/estherian.com\/de\/wp-json\/wp\/v2\/pages\/24516","targetHints":{"allow":["GET"]}}],"collection":[{"href":"https:\/\/estherian.com\/de\/wp-json\/wp\/v2\/pages"}],"about":[{"href":"https:\/\/estherian.com\/de\/wp-json\/wp\/v2\/types\/page"}],"author":[{"embeddable":true,"href":"https:\/\/estherian.com\/de\/wp-json\/wp\/v2\/users\/1"}],"replies":[{"embeddable":true,"href":"https:\/\/estherian.com\/de\/wp-json\/wp\/v2\/comments?post=24516"}],"version-history":[{"count":0,"href":"https:\/\/estherian.com\/de\/wp-json\/wp\/v2\/pages\/24516\/revisions"}],"wp:attachment":[{"href":"https:\/\/estherian.com\/de\/wp-json\/wp\/v2\/media?parent=24516"}],"curies":[{"name":"wp","href":"https:\/\/api.w.org\/{rel}","templated":true}]}}