{"id":24523,"date":"2024-11-29T08:10:37","date_gmt":"2024-11-29T05:10:37","guid":{"rendered":"https:\/\/estherian.com\/?page_id=24523"},"modified":"2024-12-17T13:51:51","modified_gmt":"2024-12-17T13:51:51","slug":"fue-haartransplantation","status":"publish","type":"page","link":"https:\/\/estherian.com\/de\/fue-haartransplantation\/","title":{"rendered":"FUE-Haartransplantation"},"content":{"rendered":"\n<h2 class=\"wp-block-heading\">Was ist eine FUE-Haartransplantation?<\/h2>\n\n\n\n<p>Die Haartransplantation ist ein \u00e4u\u00dferst erfolgreiches Verfahren. Die Haartransplantationstechnologie hat seit dem ersten Tag ihrer Anwendung einen langen Weg zur\u00fcckgelegt und mit der FUE-Haartransplantation den neuesten Stand der Technik erreicht, da diese Technik eine dauerhafte L\u00f6sung f\u00fcr das Problem der Kahlheit bietet. Bei dem transplantierten Haar handelt es sich um den eigenen Haarfollikel des Patienten, der aus dem Spenderbereich entnommen und in den Empf\u00e4ngerbereich eingesetzt wird.<\/p>\n\n\n\n<div class=\"wp-block-columns is-layout-flex wp-container-core-columns-is-layout-9d6595d7 wp-block-columns-is-layout-flex\">\n<div class=\"wp-block-column is-layout-flow wp-block-column-is-layout-flow\">\n<p>Die Follicular Unit Extraction (FUE), auch bekannt als Follikeltransfer (FT), ist eine der f\u00fchrenden Techniken der neuen Generation. Die Erfolgsquote der Behandlung mit dieser Technik ist sehr hoch, und die Erholungszeit ist ebenso kurz. Diese Technik wurde in den letzten Jahren von \u00c4rzten und Patienten gleicherma\u00dfen bevorzugt.<\/p>\n\n\n\n<p>Dabei werden einzelne Follikeleinheiten entnommen, in der Regel aus dem Nacken, dem Spenderbereich, und in die offenen Mikrokan\u00e4le des Empf\u00e4ngerbereichs (des kahlen Bereichs) eingesetzt.<\/p>\n<\/div>\n\n\n\n<div class=\"wp-block-column is-layout-flow wp-block-column-is-layout-flow\">\n<figure class=\"wp-block-image size-full\"><img decoding=\"async\" width=\"1000\" height=\"667\" src=\"https:\/\/estherian.com\/wp-content\/uploads\/fue-procedure.png\" alt=\"\" class=\"wp-image-23481\" title=\"fue-procedure\" srcset=\"https:\/\/estherian.com\/wp-content\/uploads\/fue-procedure.png 1000w, https:\/\/estherian.com\/wp-content\/uploads\/fue-procedure-386x257.png 386w, https:\/\/estherian.com\/wp-content\/uploads\/fue-procedure-768x512.png 768w\" sizes=\"(max-width: 1000px) 100vw, 1000px\" \/><\/figure>\n<\/div>\n<\/div>\n\n\n\n<div class=\"wp-block-columns is-layout-flex wp-container-core-columns-is-layout-9d6595d7 wp-block-columns-is-layout-flex\">\n<div class=\"wp-block-column is-layout-flow wp-block-column-is-layout-flow\">\n<figure class=\"wp-block-image size-full\"><img decoding=\"async\" width=\"801\" height=\"801\" src=\"https:\/\/estherian.com\/wp-content\/uploads\/hair4-01.png\" alt=\"\" class=\"wp-image-23486\" srcset=\"https:\/\/estherian.com\/wp-content\/uploads\/hair4-01.png 801w, https:\/\/estherian.com\/wp-content\/uploads\/hair4-01-386x386.png 386w, https:\/\/estherian.com\/wp-content\/uploads\/hair4-01-275x275.png 275w, https:\/\/estherian.com\/wp-content\/uploads\/hair4-01-768x768.png 768w\" sizes=\"(max-width: 801px) 100vw, 801px\" \/><\/figure>\n<\/div>\n\n\n\n<div class=\"wp-block-column is-layout-flow wp-block-column-is-layout-flow\">\n<h2 class=\"wp-block-heading\">Etappen der Haartransplantation<\/h2>\n\n\n\n<h3 class=\"wp-block-heading\">Das Verfahren umfasst drei Abschnitte:<\/h3>\n\n\n\n<p>Analyse des Empf\u00e4nger- und des Spenderbereichs, bei der der Arzt eine Haarlinie zieht und ein Lokalan\u00e4sthetikum injiziert.<br>Der Arzt entnimmt die Follikel einen nach dem anderen.<br>Der Arzt transplantiert follikul\u00e4re Einheiten in den Empf\u00e4ngerbereich.<\/p>\n\n\n\n<p>Das gesamte Verfahren dauert etwa 5\/7 Stunden.<\/p>\n<\/div>\n<\/div>\n\n\n\n<div class=\"wp-block-columns is-layout-flex wp-container-core-columns-is-layout-9d6595d7 wp-block-columns-is-layout-flex\">\n<div class=\"wp-block-column is-layout-flow wp-block-column-is-layout-flow\">\n<h2 class=\"wp-block-heading\">Wer ist ein guter Kandidat f\u00fcr eine FUE-Haartransplantation?<\/h2>\n\n\n\n<ol class=\"wp-block-list\">\n<li>gesund<\/li>\n\n\n\n<li>Sie leiden nicht an androgenetischer Alopezie oder Verbrennungen<\/li>\n\n\n\n<li>das Spendergebiet ist geeignet und dicht<\/li>\n<\/ol>\n<\/div>\n\n\n\n<div class=\"wp-block-column is-layout-flow wp-block-column-is-layout-flow\">\n<figure class=\"wp-block-image size-full\"><img decoding=\"async\" width=\"750\" height=\"499\" src=\"https:\/\/estherian.com\/wp-content\/uploads\/portrait-sexy-goodlooking-attractive-stylish-bearded-man-brown-1.png\" alt=\"\" class=\"wp-image-23490\" title=\"portrait-sexy-goodlooking-attractive-stylish-bearded-man-brown\" srcset=\"https:\/\/estherian.com\/wp-content\/uploads\/portrait-sexy-goodlooking-attractive-stylish-bearded-man-brown-1.png 750w, https:\/\/estherian.com\/wp-content\/uploads\/portrait-sexy-goodlooking-attractive-stylish-bearded-man-brown-1-386x257.png 386w\" sizes=\"(max-width: 750px) 100vw, 750px\" \/><\/figure>\n<\/div>\n<\/div>\n\n\n\n<h2 class=\"wp-block-heading\">Was sind die Vorteile der FUE-Haartransplantation?<\/h2>\n\n\n\n<p>Die FUE-Haartransplantationstechnik bietet viele Vorteile. Es entstehen keine Narben, da die aus dem Spenderbereich entnommenen Follikel sofort in den kahlen Bereich verpflanzt werden. Nach der Operation verl\u00e4uft der Heilungsprozess viel schneller als bei anderen Methoden.<\/p>\n\n\n\n<p>Nach 6 Monaten beginnen die transplantierten Haare zu wachsen, und zwar mit einer Wachstumsrate von \u00fcber 90 %, was einer der gr\u00f6\u00dften Vorteile der FUE-Haartransplantation ist.<\/p>\n\n\n\n<h2 class=\"wp-block-heading\">Was sind die Risiken einer FUE-Haartransplantation?<\/h2>\n\n\n\n<p>Wie bei jedem anderen chirurgischen Eingriff gibt es Risiken, die Sie in Betracht ziehen m\u00fcssen.<\/p>\n\n\n\n<p>Wir haben eine Liste mit den 8 wichtigsten Risiken zusammengestellt:<\/p>\n\n\n\n<ul class=\"wp-block-list\">\n<li>Unbehagen<\/li>\n\n\n\n<li>Irritation<\/li>\n\n\n\n<li>Infektionen<\/li>\n\n\n\n<li>Schluckauf<\/li>\n\n\n\n<li>Schw\u00e4che<\/li>\n\n\n\n<li>Schwellungen<\/li>\n\n\n\n<li>\u00dcberm\u00e4\u00dfiger Blutverlust<\/li>\n\n\n\n<li>Verlorene Transplantate<\/li>\n<\/ul>\n\n\n\n<h2 class=\"wp-block-heading\">Ist es schmerzhaft?<\/h2>\n\n\n\n<p>Die FUE-Haartransplantation wird unter \u00f6rtlicher Bet\u00e4ubung durchgef\u00fchrt, d. h. die Kopfhaut ist bet\u00e4ubt und Sie sp\u00fcren nichts. Eine Vollnarkose ist m\u00f6glich, wird aber wegen der Risiken und Nebenwirkungen nicht empfohlen.<\/p>\n\n\n\n<p><\/p>\n","protected":false},"excerpt":{"rendered":"<p>Was ist eine FUE-Haartransplantation? Die Haartransplantation ist ein \u00e4u\u00dferst erfolgreiches Verfahren. Die Haartransplantationstechnologie hat seit dem ersten Tag ihrer Anwendung einen langen Weg zur\u00fcckgelegt und mit der FUE-Haartransplantation den neuesten Stand der Technik erreicht, da diese Technik eine dauerhafte L\u00f6sung f\u00fcr das Problem der Kahlheit bietet. Bei dem transplantierten Haar handelt es sich um den&hellip;<\/p>\n","protected":false},"author":1,"featured_media":26618,"parent":0,"menu_order":10,"comment_status":"closed","ping_status":"closed","template":"","meta":{"footnotes":""},"class_list":["post-24523","page","type-page","status-publish","has-post-thumbnail","hentry","description-off"],"yoast_head":"<!-- This site is optimized with the Yoast SEO Premium plugin v27.3 (Yoast SEO v27.3) - https:\/\/yoast.com\/product\/yoast-seo-premium-wordpress\/ -->\n<title>FUE-Haartransplantation | Estherian Clinic<\/title>\n<meta name=\"robots\" content=\"index, follow, max-snippet:-1, max-image-preview:large, max-video-preview:-1\" \/>\n<link rel=\"canonical\" href=\"https:\/\/estherian.com\/de\/fue-haartransplantation\/\" \/>\n<meta property=\"og:locale\" content=\"de_DE\" \/>\n<meta property=\"og:type\" content=\"article\" \/>\n<meta property=\"og:title\" content=\"FUE-Haartransplantation\" \/>\n<meta property=\"og:description\" content=\"Looks better with Estherian Clinic. Plastic Surgery, Dental treatments and more beautiful services!\" \/>\n<meta property=\"og:url\" content=\"https:\/\/estherian.com\/de\/fue-haartransplantation\/\" \/>\n<meta property=\"og:site_name\" content=\"Estherian Clinic\" \/>\n<meta property=\"article:publisher\" content=\"https:\/\/www.facebook.com\/estherianclinic.en\" \/>\n<meta property=\"article:modified_time\" content=\"2024-12-17T13:51:51+00:00\" \/>\n<meta property=\"og:image\" content=\"https:\/\/estherian.com\/wp-content\/uploads\/fue-procedure.png\" \/>\n\t<meta property=\"og:image:width\" content=\"1000\" \/>\n\t<meta property=\"og:image:height\" content=\"667\" \/>\n\t<meta property=\"og:image:type\" content=\"image\/png\" \/>\n<meta name=\"twitter:card\" content=\"summary_large_image\" \/>\n<meta name=\"twitter:site\" content=\"@EstherianTr\" \/>\n<meta name=\"twitter:label1\" content=\"Gesch\u00e4tzte Lesezeit\" \/>\n\t<meta name=\"twitter:data1\" content=\"3\u00a0Minuten\" \/>\n<script type=\"application\/ld+json\" class=\"yoast-schema-graph\">{\"@context\":\"https:\\\/\\\/schema.org\",\"@graph\":[{\"@type\":\"Article\",\"@id\":\"https:\\\/\\\/estherian.com\\\/de\\\/fue-haartransplantation\\\/#article\",\"isPartOf\":{\"@id\":\"https:\\\/\\\/estherian.com\\\/de\\\/fue-haartransplantation\\\/\"},\"author\":{\"name\":\"ferhatk\",\"@id\":\"https:\\\/\\\/estherian.com\\\/de\\\/#\\\/schema\\\/person\\\/0b1452799c3700afbfcfd3a0f5e64732\"},\"headline\":\"FUE-Haartransplantation\",\"datePublished\":\"2024-11-29T05:10:37+00:00\",\"dateModified\":\"2024-12-17T13:51:51+00:00\",\"mainEntityOfPage\":{\"@id\":\"https:\\\/\\\/estherian.com\\\/de\\\/fue-haartransplantation\\\/\"},\"wordCount\":374,\"publisher\":{\"@id\":\"https:\\\/\\\/estherian.com\\\/de\\\/#organization\"},\"image\":{\"@id\":\"https:\\\/\\\/estherian.com\\\/de\\\/fue-haartransplantation\\\/#primaryimage\"},\"thumbnailUrl\":\"https:\\\/\\\/estherian.com\\\/wp-content\\\/uploads\\\/fue_hair_transplant_1920x1080.jpg\",\"inLanguage\":\"de\"},{\"@type\":\"WebPage\",\"@id\":\"https:\\\/\\\/estherian.com\\\/de\\\/fue-haartransplantation\\\/\",\"url\":\"https:\\\/\\\/estherian.com\\\/de\\\/fue-haartransplantation\\\/\",\"name\":\"FUE-Haartransplantation | Estherian Clinic\",\"isPartOf\":{\"@id\":\"https:\\\/\\\/estherian.com\\\/de\\\/#website\"},\"primaryImageOfPage\":{\"@id\":\"https:\\\/\\\/estherian.com\\\/de\\\/fue-haartransplantation\\\/#primaryimage\"},\"image\":{\"@id\":\"https:\\\/\\\/estherian.com\\\/de\\\/fue-haartransplantation\\\/#primaryimage\"},\"thumbnailUrl\":\"https:\\\/\\\/estherian.com\\\/wp-content\\\/uploads\\\/fue_hair_transplant_1920x1080.jpg\",\"datePublished\":\"2024-11-29T05:10:37+00:00\",\"dateModified\":\"2024-12-17T13:51:51+00:00\",\"breadcrumb\":{\"@id\":\"https:\\\/\\\/estherian.com\\\/de\\\/fue-haartransplantation\\\/#breadcrumb\"},\"inLanguage\":\"de\",\"potentialAction\":[{\"@type\":\"ReadAction\",\"target\":[\"https:\\\/\\\/estherian.com\\\/de\\\/fue-haartransplantation\\\/\"]}]},{\"@type\":\"ImageObject\",\"inLanguage\":\"de\",\"@id\":\"https:\\\/\\\/estherian.com\\\/de\\\/fue-haartransplantation\\\/#primaryimage\",\"url\":\"https:\\\/\\\/estherian.com\\\/wp-content\\\/uploads\\\/fue_hair_transplant_1920x1080.jpg\",\"contentUrl\":\"https:\\\/\\\/estherian.com\\\/wp-content\\\/uploads\\\/fue_hair_transplant_1920x1080.jpg\",\"width\":1920,\"height\":1080},{\"@type\":\"BreadcrumbList\",\"@id\":\"https:\\\/\\\/estherian.com\\\/de\\\/fue-haartransplantation\\\/#breadcrumb\",\"itemListElement\":[{\"@type\":\"ListItem\",\"position\":1,\"name\":\"Home\",\"item\":\"https:\\\/\\\/estherian.com\\\/de\\\/\"},{\"@type\":\"ListItem\",\"position\":2,\"name\":\"FUE-Haartransplantation\"}]},{\"@type\":\"WebSite\",\"@id\":\"https:\\\/\\\/estherian.com\\\/de\\\/#website\",\"url\":\"https:\\\/\\\/estherian.com\\\/de\\\/\",\"name\":\"Estherian Clinic\",\"description\":\"Plastic Surgery | Dental | Hair Transplant in Turkey\",\"publisher\":{\"@id\":\"https:\\\/\\\/estherian.com\\\/de\\\/#organization\"},\"potentialAction\":[{\"@type\":\"SearchAction\",\"target\":{\"@type\":\"EntryPoint\",\"urlTemplate\":\"https:\\\/\\\/estherian.com\\\/de\\\/?s={search_term_string}\"},\"query-input\":{\"@type\":\"PropertyValueSpecification\",\"valueRequired\":true,\"valueName\":\"search_term_string\"}}],\"inLanguage\":\"de\"},{\"@type\":\"Organization\",\"@id\":\"https:\\\/\\\/estherian.com\\\/de\\\/#organization\",\"name\":\"Estherian Clinic\",\"alternateName\":\"Estherian\",\"url\":\"https:\\\/\\\/estherian.com\\\/de\\\/\",\"logo\":{\"@type\":\"ImageObject\",\"inLanguage\":\"de\",\"@id\":\"https:\\\/\\\/estherian.com\\\/de\\\/#\\\/schema\\\/logo\\\/image\\\/\",\"url\":\"https:\\\/\\\/estherian.com\\\/wp-content\\\/uploads\\\/2024\\\/10\\\/EstherianLogo.png\",\"contentUrl\":\"https:\\\/\\\/estherian.com\\\/wp-content\\\/uploads\\\/2024\\\/10\\\/EstherianLogo.png\",\"width\":882,\"height\":934,\"caption\":\"Estherian Clinic\"},\"image\":{\"@id\":\"https:\\\/\\\/estherian.com\\\/de\\\/#\\\/schema\\\/logo\\\/image\\\/\"},\"sameAs\":[\"https:\\\/\\\/www.facebook.com\\\/estherianclinic.en\",\"https:\\\/\\\/x.com\\\/EstherianTr\",\"https:\\\/\\\/www.instagram.com\\\/estherianclinic\\\/\",\"https:\\\/\\\/www.tiktok.com\\\/@estherian.clinic\",\"https:\\\/\\\/www.youtube.com\\\/estherianclinic\"],\"email\":\"hi@estherian.com\",\"telephone\":\"+90-544-169-9000\",\"legalName\":\"ESTHERIAN CLINIC SA\u011eLIK H\u0130ZMETLER\u0130 SAN. T\u0130C. LTD. \u015eT\u0130.\",\"foundingDate\":\"2020-03-09\",\"vatID\":\"TR1601485625\",\"taxID\":\"1601485625\",\"numberOfEmployees\":{\"@type\":\"QuantitativeValue\",\"minValue\":\"51\",\"maxValue\":\"200\"},\"publishingPrinciples\":\"https:\\\/\\\/estherian.com\\\/tr\\\/sartlar-ve-kosullar\\\/\",\"actionableFeedbackPolicy\":\"https:\\\/\\\/estherian.com\\\/tr\\\/gizlilik-politikasi\\\/\",\"correctionsPolicy\":\"https:\\\/\\\/estherian.com\\\/tr\\\/gizlilik-politikasi\\\/\",\"ethicsPolicy\":\"https:\\\/\\\/estherian.com\\\/tr\\\/gizlilik-politikasi\\\/\",\"diversityPolicy\":\"https:\\\/\\\/estherian.com\\\/tr\\\/gizlilik-politikasi\\\/\",\"diversityStaffingReport\":\"https:\\\/\\\/estherian.com\\\/tr\\\/gizlilik-politikasi\\\/\"},{\"@type\":\"Person\",\"@id\":\"https:\\\/\\\/estherian.com\\\/de\\\/#\\\/schema\\\/person\\\/0b1452799c3700afbfcfd3a0f5e64732\",\"name\":\"ferhatk\",\"image\":{\"@type\":\"ImageObject\",\"inLanguage\":\"de\",\"@id\":\"https:\\\/\\\/secure.gravatar.com\\\/avatar\\\/5192156a410fa37c70ea8d4f0d01782533c470a75971ae114e5cd116be51ca05?s=96&d=mm&r=g\",\"url\":\"https:\\\/\\\/secure.gravatar.com\\\/avatar\\\/5192156a410fa37c70ea8d4f0d01782533c470a75971ae114e5cd116be51ca05?s=96&d=mm&r=g\",\"contentUrl\":\"https:\\\/\\\/secure.gravatar.com\\\/avatar\\\/5192156a410fa37c70ea8d4f0d01782533c470a75971ae114e5cd116be51ca05?s=96&d=mm&r=g\",\"caption\":\"ferhatk\"},\"sameAs\":[\"https:\\\/\\\/v2.estherian.com\"]}]}<\/script>\n<!-- \/ Yoast SEO Premium plugin. -->","yoast_head_json":{"title":"FUE-Haartransplantation | Estherian Clinic","robots":{"index":"index","follow":"follow","max-snippet":"max-snippet:-1","max-image-preview":"max-image-preview:large","max-video-preview":"max-video-preview:-1"},"canonical":"https:\/\/estherian.com\/de\/fue-haartransplantation\/","og_locale":"de_DE","og_type":"article","og_title":"FUE-Haartransplantation","og_description":"Looks better with Estherian Clinic. Plastic Surgery, Dental treatments and more beautiful services!","og_url":"https:\/\/estherian.com\/de\/fue-haartransplantation\/","og_site_name":"Estherian Clinic","article_publisher":"https:\/\/www.facebook.com\/estherianclinic.en","article_modified_time":"2024-12-17T13:51:51+00:00","og_image":[{"width":1000,"height":667,"url":"https:\/\/estherian.com\/wp-content\/uploads\/fue-procedure.png","type":"image\/png"}],"twitter_card":"summary_large_image","twitter_site":"@EstherianTr","twitter_misc":{"Gesch\u00e4tzte Lesezeit":"3\u00a0Minuten"},"schema":{"@context":"https:\/\/schema.org","@graph":[{"@type":"Article","@id":"https:\/\/estherian.com\/de\/fue-haartransplantation\/#article","isPartOf":{"@id":"https:\/\/estherian.com\/de\/fue-haartransplantation\/"},"author":{"name":"ferhatk","@id":"https:\/\/estherian.com\/de\/#\/schema\/person\/0b1452799c3700afbfcfd3a0f5e64732"},"headline":"FUE-Haartransplantation","datePublished":"2024-11-29T05:10:37+00:00","dateModified":"2024-12-17T13:51:51+00:00","mainEntityOfPage":{"@id":"https:\/\/estherian.com\/de\/fue-haartransplantation\/"},"wordCount":374,"publisher":{"@id":"https:\/\/estherian.com\/de\/#organization"},"image":{"@id":"https:\/\/estherian.com\/de\/fue-haartransplantation\/#primaryimage"},"thumbnailUrl":"https:\/\/estherian.com\/wp-content\/uploads\/fue_hair_transplant_1920x1080.jpg","inLanguage":"de"},{"@type":"WebPage","@id":"https:\/\/estherian.com\/de\/fue-haartransplantation\/","url":"https:\/\/estherian.com\/de\/fue-haartransplantation\/","name":"FUE-Haartransplantation | Estherian Clinic","isPartOf":{"@id":"https:\/\/estherian.com\/de\/#website"},"primaryImageOfPage":{"@id":"https:\/\/estherian.com\/de\/fue-haartransplantation\/#primaryimage"},"image":{"@id":"https:\/\/estherian.com\/de\/fue-haartransplantation\/#primaryimage"},"thumbnailUrl":"https:\/\/estherian.com\/wp-content\/uploads\/fue_hair_transplant_1920x1080.jpg","datePublished":"2024-11-29T05:10:37+00:00","dateModified":"2024-12-17T13:51:51+00:00","breadcrumb":{"@id":"https:\/\/estherian.com\/de\/fue-haartransplantation\/#breadcrumb"},"inLanguage":"de","potentialAction":[{"@type":"ReadAction","target":["https:\/\/estherian.com\/de\/fue-haartransplantation\/"]}]},{"@type":"ImageObject","inLanguage":"de","@id":"https:\/\/estherian.com\/de\/fue-haartransplantation\/#primaryimage","url":"https:\/\/estherian.com\/wp-content\/uploads\/fue_hair_transplant_1920x1080.jpg","contentUrl":"https:\/\/estherian.com\/wp-content\/uploads\/fue_hair_transplant_1920x1080.jpg","width":1920,"height":1080},{"@type":"BreadcrumbList","@id":"https:\/\/estherian.com\/de\/fue-haartransplantation\/#breadcrumb","itemListElement":[{"@type":"ListItem","position":1,"name":"Home","item":"https:\/\/estherian.com\/de\/"},{"@type":"ListItem","position":2,"name":"FUE-Haartransplantation"}]},{"@type":"WebSite","@id":"https:\/\/estherian.com\/de\/#website","url":"https:\/\/estherian.com\/de\/","name":"Estherian Clinic","description":"Plastic Surgery | Dental | Hair Transplant in Turkey","publisher":{"@id":"https:\/\/estherian.com\/de\/#organization"},"potentialAction":[{"@type":"SearchAction","target":{"@type":"EntryPoint","urlTemplate":"https:\/\/estherian.com\/de\/?s={search_term_string}"},"query-input":{"@type":"PropertyValueSpecification","valueRequired":true,"valueName":"search_term_string"}}],"inLanguage":"de"},{"@type":"Organization","@id":"https:\/\/estherian.com\/de\/#organization","name":"Estherian Clinic","alternateName":"Estherian","url":"https:\/\/estherian.com\/de\/","logo":{"@type":"ImageObject","inLanguage":"de","@id":"https:\/\/estherian.com\/de\/#\/schema\/logo\/image\/","url":"https:\/\/estherian.com\/wp-content\/uploads\/2024\/10\/EstherianLogo.png","contentUrl":"https:\/\/estherian.com\/wp-content\/uploads\/2024\/10\/EstherianLogo.png","width":882,"height":934,"caption":"Estherian Clinic"},"image":{"@id":"https:\/\/estherian.com\/de\/#\/schema\/logo\/image\/"},"sameAs":["https:\/\/www.facebook.com\/estherianclinic.en","https:\/\/x.com\/EstherianTr","https:\/\/www.instagram.com\/estherianclinic\/","https:\/\/www.tiktok.com\/@estherian.clinic","https:\/\/www.youtube.com\/estherianclinic"],"email":"hi@estherian.com","telephone":"+90-544-169-9000","legalName":"ESTHERIAN CLINIC SA\u011eLIK H\u0130ZMETLER\u0130 SAN. T\u0130C. LTD. \u015eT\u0130.","foundingDate":"2020-03-09","vatID":"TR1601485625","taxID":"1601485625","numberOfEmployees":{"@type":"QuantitativeValue","minValue":"51","maxValue":"200"},"publishingPrinciples":"https:\/\/estherian.com\/tr\/sartlar-ve-kosullar\/","actionableFeedbackPolicy":"https:\/\/estherian.com\/tr\/gizlilik-politikasi\/","correctionsPolicy":"https:\/\/estherian.com\/tr\/gizlilik-politikasi\/","ethicsPolicy":"https:\/\/estherian.com\/tr\/gizlilik-politikasi\/","diversityPolicy":"https:\/\/estherian.com\/tr\/gizlilik-politikasi\/","diversityStaffingReport":"https:\/\/estherian.com\/tr\/gizlilik-politikasi\/"},{"@type":"Person","@id":"https:\/\/estherian.com\/de\/#\/schema\/person\/0b1452799c3700afbfcfd3a0f5e64732","name":"ferhatk","image":{"@type":"ImageObject","inLanguage":"de","@id":"https:\/\/secure.gravatar.com\/avatar\/5192156a410fa37c70ea8d4f0d01782533c470a75971ae114e5cd116be51ca05?s=96&d=mm&r=g","url":"https:\/\/secure.gravatar.com\/avatar\/5192156a410fa37c70ea8d4f0d01782533c470a75971ae114e5cd116be51ca05?s=96&d=mm&r=g","contentUrl":"https:\/\/secure.gravatar.com\/avatar\/5192156a410fa37c70ea8d4f0d01782533c470a75971ae114e5cd116be51ca05?s=96&d=mm&r=g","caption":"ferhatk"},"sameAs":["https:\/\/v2.estherian.com"]}]}},"_links":{"self":[{"href":"https:\/\/estherian.com\/de\/wp-json\/wp\/v2\/pages\/24523","targetHints":{"allow":["GET"]}}],"collection":[{"href":"https:\/\/estherian.com\/de\/wp-json\/wp\/v2\/pages"}],"about":[{"href":"https:\/\/estherian.com\/de\/wp-json\/wp\/v2\/types\/page"}],"author":[{"embeddable":true,"href":"https:\/\/estherian.com\/de\/wp-json\/wp\/v2\/users\/1"}],"replies":[{"embeddable":true,"href":"https:\/\/estherian.com\/de\/wp-json\/wp\/v2\/comments?post=24523"}],"version-history":[{"count":0,"href":"https:\/\/estherian.com\/de\/wp-json\/wp\/v2\/pages\/24523\/revisions"}],"wp:featuredmedia":[{"embeddable":true,"href":"https:\/\/estherian.com\/de\/wp-json\/wp\/v2\/media\/26618"}],"wp:attachment":[{"href":"https:\/\/estherian.com\/de\/wp-json\/wp\/v2\/media?parent=24523"}],"curies":[{"name":"wp","href":"https:\/\/api.w.org\/{rel}","templated":true}]}}