{"id":24536,"date":"2024-11-27T07:33:13","date_gmt":"2024-11-27T04:33:13","guid":{"rendered":"https:\/\/estherian.com\/?page_id=24536"},"modified":"2025-09-12T12:07:55","modified_gmt":"2025-09-12T09:07:55","slug":"haartransplantation","status":"publish","type":"page","link":"https:\/\/estherian.com\/de\/haartransplantation\/","title":{"rendered":"Haartransplantation in der T\u00fcrkei"},"content":{"rendered":"\n<div class=\"wp-block-columns is-layout-flex wp-container-core-columns-is-layout-9d6595d7 wp-block-columns-is-layout-flex\">\n<div class=\"wp-block-column is-layout-flow wp-block-column-is-layout-flow\">\n<figure class=\"wp-block-image size-large is-resized\"><img decoding=\"async\" width=\"225\" height=\"1024\" src=\"https:\/\/estherian.com\/wp-content\/uploads\/hair-transplant-procedure-225x1024.png\" alt=\"\" class=\"wp-image-23525\" style=\"width:221px;height:auto\" title=\"hair-transplant-procedure\" srcset=\"https:\/\/estherian.com\/wp-content\/uploads\/hair-transplant-procedure-225x1024.png 225w, https:\/\/estherian.com\/wp-content\/uploads\/hair-transplant-procedure-85x386.png 85w, https:\/\/estherian.com\/wp-content\/uploads\/hair-transplant-procedure-450x2048.png 450w, https:\/\/estherian.com\/wp-content\/uploads\/hair-transplant-procedure.png 453w\" sizes=\"(max-width: 225px) 100vw, 225px\" \/><\/figure>\n<\/div>\n\n\n\n<div class=\"wp-block-column is-layout-flow wp-block-column-is-layout-flow\">\n<h2 class=\"wp-block-heading\" id=\"h-hair-transplant-techniques\">Hair Transplant Techniques<\/h2>\n\n\n\n<figure class=\"wp-block-embed is-type-video is-provider-youtube wp-block-embed-youtube wp-embed-aspect-16-9 wp-has-aspect-ratio\"><div class=\"wp-block-embed__wrapper\">\n<iframe title=\"See how we transplant hair with DHI Techique and benefits of the DHI| ESTHERIAN CLINIC\" width=\"1200\" height=\"675\" src=\"https:\/\/www.youtube.com\/embed\/U0C9jHushsY?feature=oembed\" frameborder=\"0\" allow=\"accelerometer; autoplay; clipboard-write; encrypted-media; gyroscope; picture-in-picture; web-share\" referrerpolicy=\"strict-origin-when-cross-origin\" allowfullscreen><\/iframe>\n<\/div><\/figure>\n\n\n\n<h3 class=\"wp-block-heading\" id=\"h-fue-technik\">FUE Technik<\/h3>\n\n\n\n<p>Die Follikularextraktion (FUE) ist eine Art der Haartransplantation, bei der die gesunden und widerstandsf\u00e4higeren Haarfollikel aus den Kopfhautbereichen, in denen sie wachsen, entnommen und in einen anderen Bereich verpflanzt werden, in dem das Haar d\u00fcnner ist oder fehlt.<\/p>\n\n\n\n<p>Der Chirurg implantiert diese Follikel in zuvor ge\u00f6ffnete Kan\u00e4le oder Schnitte in der Kopfhaut. Diese Technik f\u00fchrt zu keiner sichtbaren Narbenbildung sowohl bei der Entnahme als auch bei der Transplantation.<\/p>\n\n\n\n<h3 class=\"wp-block-heading\" id=\"h-dhi-technik\">DHI Technik<\/h3>\n\n\n\n<p>Die DHI-Methode unterscheidet sich von der FUE-Technik. Sie kann durchgef\u00fchrt werden, ohne den Sch\u00e4del zu rasieren, nur der Spenderbereich wird f\u00fcr den Extraktionsprozess beschnitten. durch die Verwendung eines Mikromotor-Werkzeugs und zweitens durch die Implantation, wobei die Choi-Stifte verwendet werden, um jedes Transplantat direkt zu implantieren, ohne dass zuvor Kan\u00e4lchen angelegt werden, um den Winkel der Richtung jedes Transplantats zu kontrollieren.<\/p>\n\n\n\n<p>Choi-Stifte sind genauer und in verschiedenen Gr\u00f6\u00dfen erh\u00e4ltlich, um ein nat\u00fcrlicheres Aussehen zu erzielen. Die Haardichte wird berechnet, indem die Haare gez\u00e4hlt werden, die in jedem Zentimeter-Quadrat auf der Kopfhaut wachsen.<\/p>\n\n\n\n<h3 class=\"wp-block-heading\" id=\"h-fue-s-technik\">FUE \/ S Technik<\/h3>\n\n\n\n<p>Diese Technik \u00e4hnelt der FUE, unterscheidet sich aber durch die Klinge, die bei dem Verfahren verwendet wird.Bei der Sapphire-FUE werden Klingen aus Saphir verwendet, einem haltbaren, wertvollen Edelstein. Der V-f\u00f6rmige Stift bietet mehr Feinheiten als der normale U-f\u00f6rmige Stift mit Stahlklingen, um Einschnitte f\u00fcr die Haartransplantation vorzunehmen.<\/p>\n<\/div>\n<\/div>\n\n\n\n<div class=\"wp-block-columns is-layout-flex wp-container-core-columns-is-layout-9d6595d7 wp-block-columns-is-layout-flex\">\n<div class=\"wp-block-column is-layout-flow wp-block-column-is-layout-flow\">\n<h2 class=\"wp-block-heading\" id=\"h-wer-ist-ein-guter-kandidat-fur-eine-haartransplantation\">Wer ist ein guter Kandidat f\u00fcr eine Haartransplantation?<\/h2>\n\n\n\n<p>M\u00e4nner, die seit mehr als f\u00fcnf Jahren an Haarausfall leiden oder die auf der Norwood-Skala die Klasse 3 oder h\u00f6her erreicht haben.<\/p>\n\n\n\n<h2 class=\"wp-block-heading\" id=\"h-wie-bereite-ich-mich-auf-eine-haartransplantation-vor\">Wie bereite ich mich auf eine Haartransplantation vor?<\/h2>\n\n\n\n<p>Die Haare des Patienten werden vollst\u00e4ndig rasiert, manchmal kann der Eingriff auch ohne Rasur durchgef\u00fchrt werden. Anschlie\u00dfend wird die Kopfhaut mit einer sterilen L\u00f6sung gewaschen und ein Lokalan\u00e4sthetikum injiziert.<\/p>\n\n\n\n<h2 class=\"wp-block-heading\" id=\"h-wie-lange-dauert-eine-haartransplantation\">Wie lange dauert eine Haartransplantation?<\/h2>\n<\/div>\n\n\n\n<div class=\"wp-block-column is-layout-flow wp-block-column-is-layout-flow\">\n<figure class=\"wp-block-image size-large is-resized\"><img decoding=\"async\" width=\"944\" height=\"1024\" src=\"https:\/\/estherian.com\/wp-content\/uploads\/estherian-hair-transplant-944x1024.png\" alt=\"\" class=\"wp-image-23529\" style=\"width:518px;height:auto\" title=\"estherian-hair-transplant\" srcset=\"https:\/\/estherian.com\/wp-content\/uploads\/estherian-hair-transplant-944x1024.png 944w, https:\/\/estherian.com\/wp-content\/uploads\/estherian-hair-transplant-356x386.png 356w, https:\/\/estherian.com\/wp-content\/uploads\/estherian-hair-transplant-768x833.png 768w, https:\/\/estherian.com\/wp-content\/uploads\/estherian-hair-transplant.png 1000w\" sizes=\"(max-width: 944px) 100vw, 944px\" \/><\/figure>\n<\/div>\n<\/div>\n\n\n\n<p>Die Haartransplantation dauert in der Regel zwischen 3 und 6 Stunden, zwischen denen sich der Patient ausruhen muss, und es kann mehr als eine Sitzung erforderlich sein, um die f\u00fcr die Haartransplantation ben\u00f6tigte Fl\u00e4che abzudecken.<\/p>\n\n\n\n<h2 class=\"wp-block-heading\" id=\"h-faqs-uber-haartransplantationstechniken\">FAQs \u00fcber Haartransplantationstechniken<\/h2>\n\n\n\n<h3 class=\"wp-block-heading\" id=\"h-konnen-haartransplantationen-auch-bei-frauen-durchgefuhrt-werden\">K\u00f6nnen Haartransplantationen auch bei Frauen durchgef\u00fchrt werden?<\/h3>\n\n\n\n<p>Ja, Haartransplantationen sind f\u00fcr Frauen geeignet, die unter d\u00fcnner werdendem Haar oder bestimmten Formen von Haarausfall leiden. Techniken wie die DHI, bei denen der Kopf nicht komplett rasiert werden muss, sind bei Frauen besonders beliebt.<\/p>\n\n\n\n<h3 class=\"wp-block-heading\" id=\"h-kann-ich-nach-einer-haartransplantation-sport-treiben\">Kann ich nach einer Haartransplantation Sport treiben?<\/h3>\n\n\n\n<p>Leichte T\u00e4tigkeiten k\u00f6nnen innerhalb einer Woche wieder aufgenommen werden, aber intensive sportliche Bet\u00e4tigung und Aktivit\u00e4ten, bei denen man schwitzt, sollten zwei Wochen lang vermieden werden, um Komplikationen zu vermeiden.<\/p>\n\n\n\n<h3 class=\"wp-block-heading\" id=\"h-konnen-haartransplantationen-scheitern\">K\u00f6nnen Haartransplantationen scheitern?<\/h3>\n\n\n\n<p>While success rates are high, poor aftercare or certain health conditions can affect results. Following post-procedure guidelines is crucial for success.<\/p>\n\n\n\n<h3 class=\"wp-block-heading\" id=\"h-was-sind-die-haufigsten-nebenwirkungen-nach-einer-haartransplantation\">Was sind die h\u00e4ufigsten Nebenwirkungen nach einer Haartransplantation?<\/h3>\n\n\n\n<p>Leichte Schwellungen, R\u00f6tungen, Juckreiz oder Schorfbildung k\u00f6nnen im Bereich des Spenders und des Empf\u00e4ngers auftreten, aber diese Nebenwirkungen klingen normalerweise innerhalb einer Woche ab.<\/p>\n\n\n\n<h3 class=\"wp-block-heading\" id=\"h-was-sollte-ich-vor-und-nach-dem-eingriff-meiden\">Was sollte ich vor und nach dem Eingriff meiden?<\/h3>\n\n\n\n<p>Vor dem Eingriff sollten Sie nicht rauchen, keinen Alkohol trinken und keine blutverd\u00fcnnenden Medikamente einnehmen. Nach dem Eingriff sollten Sie sich einen Monat lang nicht der Sonne aussetzen, Schwimmb\u00e4der meiden und nicht in die Sauna gehen.<\/p>\n\n\n\n<h2 class=\"wp-block-heading\" id=\"h-haartransplantation-vorher-und-nachher-fotos\">Haartransplantation Vorher- und Nachher-Fotos<\/h2>\n\n\n\n<div class=\"wp-block-estherian-gallery\"><div id=\"estherian-gallery-0ujdfvj\" class=\"estherian-gallery elastic-width\" data-slides-to-show=\"3\" data-mobile-slides-to-show=\"1\" data-autoplay=\"false\" data-autoplay-speed=\"3000\" data-show-arrows=\"true\" data-show-dots=\"true\" data-border-radius=\"20\" data-elastic-width=\"true\" data-fixed-height=\"362\" data-bottom-crop=\"0\"><div class=\"gallery-container\"><div class=\"gallery-slide\"><img decoding=\"async\" src=\"https:\/\/estherian.com\/wp-content\/uploads\/2025\/09\/ALY-RAGY-RAMZY-.jpg\" alt=\"\" style=\"border-radius:20px;height:362px;width:auto\"\/><\/div><div class=\"gallery-slide\"><img decoding=\"async\" src=\"https:\/\/estherian.com\/wp-content\/uploads\/2025\/09\/EBRAHIM-EHRAHIMI.jpg\" alt=\"\" style=\"border-radius:20px;height:362px;width:auto\"\/><\/div><div class=\"gallery-slide\"><img decoding=\"async\" src=\"https:\/\/estherian.com\/wp-content\/uploads\/2025\/09\/Photo-13.06.2025-22-01-00.png\" alt=\"\" style=\"border-radius:20px;height:362px;width:auto\"\/><\/div><div class=\"gallery-slide\"><img decoding=\"async\" src=\"https:\/\/estherian.com\/wp-content\/uploads\/2025\/09\/Photo-13.06.2025-22-01-00-8.jpg\" alt=\"\" style=\"border-radius:20px;height:362px;width:auto\"\/><\/div><div class=\"gallery-slide\"><img decoding=\"async\" src=\"https:\/\/estherian.com\/wp-content\/uploads\/2025\/09\/Photo-13.06.2025-22-01-00-3.jpg\" alt=\"\" style=\"border-radius:20px;height:362px;width:auto\"\/><\/div><\/div><div class=\"gallery-nav\"><button class=\"prev\" aria-label=\"Previous\">\u276e<\/button><button class=\"next\" aria-label=\"Next\">\u276f<\/button><\/div><div class=\"gallery-dots\"><span class=\"dot active\"><\/span><span class=\"dot\"><\/span><span class=\"dot\"><\/span><span class=\"dot\"><\/span><span class=\"dot\"><\/span><\/div><\/div><\/div>\n","protected":false},"excerpt":{"rendered":"<p>Hair Transplant Techniques FUE Technik Die Follikularextraktion (FUE) ist eine Art der Haartransplantation, bei der die gesunden und widerstandsf\u00e4higeren Haarfollikel aus den Kopfhautbereichen, in denen sie wachsen, entnommen und in einen anderen Bereich verpflanzt werden, in dem das Haar d\u00fcnner ist oder fehlt. Der Chirurg implantiert diese Follikel in zuvor ge\u00f6ffnete Kan\u00e4le oder Schnitte in&hellip;<\/p>\n","protected":false},"author":1,"featured_media":26715,"parent":0,"menu_order":10,"comment_status":"closed","ping_status":"closed","template":"","meta":{"footnotes":""},"class_list":["post-24536","page","type-page","status-publish","has-post-thumbnail","hentry","description-off"],"yoast_head":"<!-- This site is optimized with the Yoast SEO Premium plugin v27.3 (Yoast SEO v27.3) - https:\/\/yoast.com\/product\/yoast-seo-premium-wordpress\/ -->\n<title>Haartransplantation in der T\u00fcrkei | Estherian Clinic<\/title>\n<meta name=\"robots\" content=\"index, follow, max-snippet:-1, max-image-preview:large, max-video-preview:-1\" \/>\n<link rel=\"canonical\" href=\"https:\/\/estherian.com\/de\/haartransplantation\/\" \/>\n<meta property=\"og:locale\" content=\"de_DE\" \/>\n<meta property=\"og:type\" content=\"article\" \/>\n<meta property=\"og:title\" content=\"Haartransplantation in der T\u00fcrkei\" \/>\n<meta property=\"og:description\" content=\"Looks better with Estherian Clinic. Plastic Surgery, Dental treatments and more beautiful services!\" \/>\n<meta property=\"og:url\" content=\"https:\/\/estherian.com\/de\/haartransplantation\/\" \/>\n<meta property=\"og:site_name\" content=\"Estherian Clinic\" \/>\n<meta property=\"article:publisher\" content=\"https:\/\/www.facebook.com\/estherianclinic.en\" \/>\n<meta property=\"article:modified_time\" content=\"2025-09-12T09:07:55+00:00\" \/>\n<meta property=\"og:image\" content=\"https:\/\/estherian.com\/wp-content\/uploads\/hair_transplant_2nd_1920x1080.jpg\" \/>\n\t<meta property=\"og:image:width\" content=\"1920\" \/>\n\t<meta property=\"og:image:height\" content=\"1080\" \/>\n\t<meta property=\"og:image:type\" content=\"image\/jpeg\" \/>\n<meta name=\"twitter:card\" content=\"summary_large_image\" \/>\n<meta name=\"twitter:site\" content=\"@EstherianTr\" \/>\n<meta name=\"twitter:label1\" content=\"Gesch\u00e4tzte Lesezeit\" \/>\n\t<meta name=\"twitter:data1\" content=\"4\u00a0Minuten\" \/>\n<script type=\"application\/ld+json\" class=\"yoast-schema-graph\">{\"@context\":\"https:\\\/\\\/schema.org\",\"@graph\":[{\"@type\":\"Article\",\"@id\":\"https:\\\/\\\/estherian.com\\\/de\\\/haartransplantation\\\/#article\",\"isPartOf\":{\"@id\":\"https:\\\/\\\/estherian.com\\\/de\\\/haartransplantation\\\/\"},\"author\":{\"name\":\"ferhatk\",\"@id\":\"https:\\\/\\\/estherian.com\\\/de\\\/#\\\/schema\\\/person\\\/0b1452799c3700afbfcfd3a0f5e64732\"},\"headline\":\"Haartransplantation in der T\u00fcrkei\",\"datePublished\":\"2024-11-27T04:33:13+00:00\",\"dateModified\":\"2025-09-12T09:07:55+00:00\",\"mainEntityOfPage\":{\"@id\":\"https:\\\/\\\/estherian.com\\\/de\\\/haartransplantation\\\/\"},\"wordCount\":564,\"publisher\":{\"@id\":\"https:\\\/\\\/estherian.com\\\/de\\\/#organization\"},\"image\":{\"@id\":\"https:\\\/\\\/estherian.com\\\/de\\\/haartransplantation\\\/#primaryimage\"},\"thumbnailUrl\":\"https:\\\/\\\/estherian.com\\\/wp-content\\\/uploads\\\/hair_transplant_2nd_1920x1080.jpg\",\"inLanguage\":\"de\"},{\"@type\":\"WebPage\",\"@id\":\"https:\\\/\\\/estherian.com\\\/de\\\/haartransplantation\\\/\",\"url\":\"https:\\\/\\\/estherian.com\\\/de\\\/haartransplantation\\\/\",\"name\":\"Haartransplantation in der T\u00fcrkei | Estherian Clinic\",\"isPartOf\":{\"@id\":\"https:\\\/\\\/estherian.com\\\/de\\\/#website\"},\"primaryImageOfPage\":{\"@id\":\"https:\\\/\\\/estherian.com\\\/de\\\/haartransplantation\\\/#primaryimage\"},\"image\":{\"@id\":\"https:\\\/\\\/estherian.com\\\/de\\\/haartransplantation\\\/#primaryimage\"},\"thumbnailUrl\":\"https:\\\/\\\/estherian.com\\\/wp-content\\\/uploads\\\/hair_transplant_2nd_1920x1080.jpg\",\"datePublished\":\"2024-11-27T04:33:13+00:00\",\"dateModified\":\"2025-09-12T09:07:55+00:00\",\"breadcrumb\":{\"@id\":\"https:\\\/\\\/estherian.com\\\/de\\\/haartransplantation\\\/#breadcrumb\"},\"inLanguage\":\"de\",\"potentialAction\":[{\"@type\":\"ReadAction\",\"target\":[\"https:\\\/\\\/estherian.com\\\/de\\\/haartransplantation\\\/\"]}]},{\"@type\":\"ImageObject\",\"inLanguage\":\"de\",\"@id\":\"https:\\\/\\\/estherian.com\\\/de\\\/haartransplantation\\\/#primaryimage\",\"url\":\"https:\\\/\\\/estherian.com\\\/wp-content\\\/uploads\\\/hair_transplant_2nd_1920x1080.jpg\",\"contentUrl\":\"https:\\\/\\\/estherian.com\\\/wp-content\\\/uploads\\\/hair_transplant_2nd_1920x1080.jpg\",\"width\":1920,\"height\":1080},{\"@type\":\"BreadcrumbList\",\"@id\":\"https:\\\/\\\/estherian.com\\\/de\\\/haartransplantation\\\/#breadcrumb\",\"itemListElement\":[{\"@type\":\"ListItem\",\"position\":1,\"name\":\"Home\",\"item\":\"https:\\\/\\\/estherian.com\\\/de\\\/\"},{\"@type\":\"ListItem\",\"position\":2,\"name\":\"Haartransplantation in der T\u00fcrkei\"}]},{\"@type\":\"WebSite\",\"@id\":\"https:\\\/\\\/estherian.com\\\/de\\\/#website\",\"url\":\"https:\\\/\\\/estherian.com\\\/de\\\/\",\"name\":\"Estherian Clinic\",\"description\":\"Plastic Surgery | Dental | Hair Transplant in Turkey\",\"publisher\":{\"@id\":\"https:\\\/\\\/estherian.com\\\/de\\\/#organization\"},\"potentialAction\":[{\"@type\":\"SearchAction\",\"target\":{\"@type\":\"EntryPoint\",\"urlTemplate\":\"https:\\\/\\\/estherian.com\\\/de\\\/?s={search_term_string}\"},\"query-input\":{\"@type\":\"PropertyValueSpecification\",\"valueRequired\":true,\"valueName\":\"search_term_string\"}}],\"inLanguage\":\"de\"},{\"@type\":\"Organization\",\"@id\":\"https:\\\/\\\/estherian.com\\\/de\\\/#organization\",\"name\":\"Estherian Clinic\",\"alternateName\":\"Estherian\",\"url\":\"https:\\\/\\\/estherian.com\\\/de\\\/\",\"logo\":{\"@type\":\"ImageObject\",\"inLanguage\":\"de\",\"@id\":\"https:\\\/\\\/estherian.com\\\/de\\\/#\\\/schema\\\/logo\\\/image\\\/\",\"url\":\"https:\\\/\\\/estherian.com\\\/wp-content\\\/uploads\\\/2024\\\/10\\\/EstherianLogo.png\",\"contentUrl\":\"https:\\\/\\\/estherian.com\\\/wp-content\\\/uploads\\\/2024\\\/10\\\/EstherianLogo.png\",\"width\":882,\"height\":934,\"caption\":\"Estherian Clinic\"},\"image\":{\"@id\":\"https:\\\/\\\/estherian.com\\\/de\\\/#\\\/schema\\\/logo\\\/image\\\/\"},\"sameAs\":[\"https:\\\/\\\/www.facebook.com\\\/estherianclinic.en\",\"https:\\\/\\\/x.com\\\/EstherianTr\",\"https:\\\/\\\/www.instagram.com\\\/estherianclinic\\\/\",\"https:\\\/\\\/www.tiktok.com\\\/@estherian.clinic\",\"https:\\\/\\\/www.youtube.com\\\/estherianclinic\"],\"email\":\"hi@estherian.com\",\"telephone\":\"+90-544-169-9000\",\"legalName\":\"ESTHERIAN CLINIC SA\u011eLIK H\u0130ZMETLER\u0130 SAN. T\u0130C. LTD. \u015eT\u0130.\",\"foundingDate\":\"2020-03-09\",\"vatID\":\"TR1601485625\",\"taxID\":\"1601485625\",\"numberOfEmployees\":{\"@type\":\"QuantitativeValue\",\"minValue\":\"51\",\"maxValue\":\"200\"},\"publishingPrinciples\":\"https:\\\/\\\/estherian.com\\\/tr\\\/sartlar-ve-kosullar\\\/\",\"actionableFeedbackPolicy\":\"https:\\\/\\\/estherian.com\\\/tr\\\/gizlilik-politikasi\\\/\",\"correctionsPolicy\":\"https:\\\/\\\/estherian.com\\\/tr\\\/gizlilik-politikasi\\\/\",\"ethicsPolicy\":\"https:\\\/\\\/estherian.com\\\/tr\\\/gizlilik-politikasi\\\/\",\"diversityPolicy\":\"https:\\\/\\\/estherian.com\\\/tr\\\/gizlilik-politikasi\\\/\",\"diversityStaffingReport\":\"https:\\\/\\\/estherian.com\\\/tr\\\/gizlilik-politikasi\\\/\"},{\"@type\":\"Person\",\"@id\":\"https:\\\/\\\/estherian.com\\\/de\\\/#\\\/schema\\\/person\\\/0b1452799c3700afbfcfd3a0f5e64732\",\"name\":\"ferhatk\",\"image\":{\"@type\":\"ImageObject\",\"inLanguage\":\"de\",\"@id\":\"https:\\\/\\\/secure.gravatar.com\\\/avatar\\\/5192156a410fa37c70ea8d4f0d01782533c470a75971ae114e5cd116be51ca05?s=96&d=mm&r=g\",\"url\":\"https:\\\/\\\/secure.gravatar.com\\\/avatar\\\/5192156a410fa37c70ea8d4f0d01782533c470a75971ae114e5cd116be51ca05?s=96&d=mm&r=g\",\"contentUrl\":\"https:\\\/\\\/secure.gravatar.com\\\/avatar\\\/5192156a410fa37c70ea8d4f0d01782533c470a75971ae114e5cd116be51ca05?s=96&d=mm&r=g\",\"caption\":\"ferhatk\"},\"sameAs\":[\"https:\\\/\\\/v2.estherian.com\"]}]}<\/script>\n<!-- \/ Yoast SEO Premium plugin. -->","yoast_head_json":{"title":"Haartransplantation in der T\u00fcrkei | Estherian Clinic","robots":{"index":"index","follow":"follow","max-snippet":"max-snippet:-1","max-image-preview":"max-image-preview:large","max-video-preview":"max-video-preview:-1"},"canonical":"https:\/\/estherian.com\/de\/haartransplantation\/","og_locale":"de_DE","og_type":"article","og_title":"Haartransplantation in der T\u00fcrkei","og_description":"Looks better with Estherian Clinic. Plastic Surgery, Dental treatments and more beautiful services!","og_url":"https:\/\/estherian.com\/de\/haartransplantation\/","og_site_name":"Estherian Clinic","article_publisher":"https:\/\/www.facebook.com\/estherianclinic.en","article_modified_time":"2025-09-12T09:07:55+00:00","og_image":[{"width":1920,"height":1080,"url":"https:\/\/estherian.com\/wp-content\/uploads\/hair_transplant_2nd_1920x1080.jpg","type":"image\/jpeg"}],"twitter_card":"summary_large_image","twitter_site":"@EstherianTr","twitter_misc":{"Gesch\u00e4tzte Lesezeit":"4\u00a0Minuten"},"schema":{"@context":"https:\/\/schema.org","@graph":[{"@type":"Article","@id":"https:\/\/estherian.com\/de\/haartransplantation\/#article","isPartOf":{"@id":"https:\/\/estherian.com\/de\/haartransplantation\/"},"author":{"name":"ferhatk","@id":"https:\/\/estherian.com\/de\/#\/schema\/person\/0b1452799c3700afbfcfd3a0f5e64732"},"headline":"Haartransplantation in der T\u00fcrkei","datePublished":"2024-11-27T04:33:13+00:00","dateModified":"2025-09-12T09:07:55+00:00","mainEntityOfPage":{"@id":"https:\/\/estherian.com\/de\/haartransplantation\/"},"wordCount":564,"publisher":{"@id":"https:\/\/estherian.com\/de\/#organization"},"image":{"@id":"https:\/\/estherian.com\/de\/haartransplantation\/#primaryimage"},"thumbnailUrl":"https:\/\/estherian.com\/wp-content\/uploads\/hair_transplant_2nd_1920x1080.jpg","inLanguage":"de"},{"@type":"WebPage","@id":"https:\/\/estherian.com\/de\/haartransplantation\/","url":"https:\/\/estherian.com\/de\/haartransplantation\/","name":"Haartransplantation in der T\u00fcrkei | Estherian Clinic","isPartOf":{"@id":"https:\/\/estherian.com\/de\/#website"},"primaryImageOfPage":{"@id":"https:\/\/estherian.com\/de\/haartransplantation\/#primaryimage"},"image":{"@id":"https:\/\/estherian.com\/de\/haartransplantation\/#primaryimage"},"thumbnailUrl":"https:\/\/estherian.com\/wp-content\/uploads\/hair_transplant_2nd_1920x1080.jpg","datePublished":"2024-11-27T04:33:13+00:00","dateModified":"2025-09-12T09:07:55+00:00","breadcrumb":{"@id":"https:\/\/estherian.com\/de\/haartransplantation\/#breadcrumb"},"inLanguage":"de","potentialAction":[{"@type":"ReadAction","target":["https:\/\/estherian.com\/de\/haartransplantation\/"]}]},{"@type":"ImageObject","inLanguage":"de","@id":"https:\/\/estherian.com\/de\/haartransplantation\/#primaryimage","url":"https:\/\/estherian.com\/wp-content\/uploads\/hair_transplant_2nd_1920x1080.jpg","contentUrl":"https:\/\/estherian.com\/wp-content\/uploads\/hair_transplant_2nd_1920x1080.jpg","width":1920,"height":1080},{"@type":"BreadcrumbList","@id":"https:\/\/estherian.com\/de\/haartransplantation\/#breadcrumb","itemListElement":[{"@type":"ListItem","position":1,"name":"Home","item":"https:\/\/estherian.com\/de\/"},{"@type":"ListItem","position":2,"name":"Haartransplantation in der T\u00fcrkei"}]},{"@type":"WebSite","@id":"https:\/\/estherian.com\/de\/#website","url":"https:\/\/estherian.com\/de\/","name":"Estherian Clinic","description":"Plastic Surgery | Dental | Hair Transplant in Turkey","publisher":{"@id":"https:\/\/estherian.com\/de\/#organization"},"potentialAction":[{"@type":"SearchAction","target":{"@type":"EntryPoint","urlTemplate":"https:\/\/estherian.com\/de\/?s={search_term_string}"},"query-input":{"@type":"PropertyValueSpecification","valueRequired":true,"valueName":"search_term_string"}}],"inLanguage":"de"},{"@type":"Organization","@id":"https:\/\/estherian.com\/de\/#organization","name":"Estherian Clinic","alternateName":"Estherian","url":"https:\/\/estherian.com\/de\/","logo":{"@type":"ImageObject","inLanguage":"de","@id":"https:\/\/estherian.com\/de\/#\/schema\/logo\/image\/","url":"https:\/\/estherian.com\/wp-content\/uploads\/2024\/10\/EstherianLogo.png","contentUrl":"https:\/\/estherian.com\/wp-content\/uploads\/2024\/10\/EstherianLogo.png","width":882,"height":934,"caption":"Estherian Clinic"},"image":{"@id":"https:\/\/estherian.com\/de\/#\/schema\/logo\/image\/"},"sameAs":["https:\/\/www.facebook.com\/estherianclinic.en","https:\/\/x.com\/EstherianTr","https:\/\/www.instagram.com\/estherianclinic\/","https:\/\/www.tiktok.com\/@estherian.clinic","https:\/\/www.youtube.com\/estherianclinic"],"email":"hi@estherian.com","telephone":"+90-544-169-9000","legalName":"ESTHERIAN CLINIC SA\u011eLIK H\u0130ZMETLER\u0130 SAN. T\u0130C. LTD. \u015eT\u0130.","foundingDate":"2020-03-09","vatID":"TR1601485625","taxID":"1601485625","numberOfEmployees":{"@type":"QuantitativeValue","minValue":"51","maxValue":"200"},"publishingPrinciples":"https:\/\/estherian.com\/tr\/sartlar-ve-kosullar\/","actionableFeedbackPolicy":"https:\/\/estherian.com\/tr\/gizlilik-politikasi\/","correctionsPolicy":"https:\/\/estherian.com\/tr\/gizlilik-politikasi\/","ethicsPolicy":"https:\/\/estherian.com\/tr\/gizlilik-politikasi\/","diversityPolicy":"https:\/\/estherian.com\/tr\/gizlilik-politikasi\/","diversityStaffingReport":"https:\/\/estherian.com\/tr\/gizlilik-politikasi\/"},{"@type":"Person","@id":"https:\/\/estherian.com\/de\/#\/schema\/person\/0b1452799c3700afbfcfd3a0f5e64732","name":"ferhatk","image":{"@type":"ImageObject","inLanguage":"de","@id":"https:\/\/secure.gravatar.com\/avatar\/5192156a410fa37c70ea8d4f0d01782533c470a75971ae114e5cd116be51ca05?s=96&d=mm&r=g","url":"https:\/\/secure.gravatar.com\/avatar\/5192156a410fa37c70ea8d4f0d01782533c470a75971ae114e5cd116be51ca05?s=96&d=mm&r=g","contentUrl":"https:\/\/secure.gravatar.com\/avatar\/5192156a410fa37c70ea8d4f0d01782533c470a75971ae114e5cd116be51ca05?s=96&d=mm&r=g","caption":"ferhatk"},"sameAs":["https:\/\/v2.estherian.com"]}]}},"_links":{"self":[{"href":"https:\/\/estherian.com\/de\/wp-json\/wp\/v2\/pages\/24536","targetHints":{"allow":["GET"]}}],"collection":[{"href":"https:\/\/estherian.com\/de\/wp-json\/wp\/v2\/pages"}],"about":[{"href":"https:\/\/estherian.com\/de\/wp-json\/wp\/v2\/types\/page"}],"author":[{"embeddable":true,"href":"https:\/\/estherian.com\/de\/wp-json\/wp\/v2\/users\/1"}],"replies":[{"embeddable":true,"href":"https:\/\/estherian.com\/de\/wp-json\/wp\/v2\/comments?post=24536"}],"version-history":[{"count":0,"href":"https:\/\/estherian.com\/de\/wp-json\/wp\/v2\/pages\/24536\/revisions"}],"wp:featuredmedia":[{"embeddable":true,"href":"https:\/\/estherian.com\/de\/wp-json\/wp\/v2\/media\/26715"}],"wp:attachment":[{"href":"https:\/\/estherian.com\/de\/wp-json\/wp\/v2\/media?parent=24536"}],"curies":[{"name":"wp","href":"https:\/\/api.w.org\/{rel}","templated":true}]}}