{"id":24568,"date":"2024-11-29T07:09:58","date_gmt":"2024-11-29T04:09:58","guid":{"rendered":"https:\/\/estherian.com\/?page_id=24568"},"modified":"2026-04-17T14:25:24","modified_gmt":"2026-04-17T11:25:24","slug":"otoplastik","status":"publish","type":"page","link":"https:\/\/estherian.com\/de\/otoplastik\/","title":{"rendered":"Otoplastik"},"content":{"rendered":"\n<h2 class=\"wp-block-heading\" id=\"h-was-ist-otoplastik\">Was ist Otoplastik?<\/h2>\n\n\n\n<p>Bei der Otoplastik handelt es sich um einen chirurgischen Eingriff zur Verbesserung des Aussehens der Ohrmuschel durch Korrektur ihrer Position, Gr\u00f6\u00dfe oder Form. Diese Operation wird h\u00e4ufig von Personen in Anspruch genommen, die sich wegen abstehender, asymmetrischer oder unf\u00f6rmiger Ohren unsicher f\u00fchlen. Durch die Umformung des Ohrknorpels kann die Otoplastik f\u00fcr ein ausgewogeneres und \u00e4sthetischeres Aussehen sorgen und das Selbstvertrauen des Patienten deutlich st\u00e4rken.<\/p>\n\n\n\n<div class=\"wp-block-columns is-layout-flex wp-container-core-columns-is-layout-9d6595d7 wp-block-columns-is-layout-flex\">\n<div class=\"wp-block-column is-layout-flow wp-block-column-is-layout-flow\">\n<h2 class=\"wp-block-heading\" id=\"h-das-verfahren-der-otoplastik\">Das Verfahren der Otoplastik<\/h2>\n\n\n\n<h3 class=\"wp-block-heading\" id=\"h-vor-der-operation\">Vor der Operation<\/h3>\n\n\n\n<p>Vor dem Eingriff f\u00fchrt der Chirurg eine gr\u00fcndliche medizinische Untersuchung durch, um sicherzustellen, dass der Patient gesund ist und sich dem Eingriff sicher unterziehen kann. Vom Rauchen wird vor dem Eingriff dringend abgeraten, da es die Heilung beeintr\u00e4chtigen kann. Au\u00dferdem wird den Patienten geraten, auf Aspirin und entz\u00fcndungshemmende Medikamente zu verzichten, da diese die Blutung w\u00e4hrend und nach dem Eingriff verst\u00e4rken k\u00f6nnen.<\/p>\n<\/div>\n\n\n\n<div class=\"wp-block-column is-layout-flow wp-block-column-is-layout-flow\">\n<figure class=\"wp-block-image size-full\"><img decoding=\"async\" width=\"398\" height=\"398\" src=\"https:\/\/estherian.com\/wp-content\/uploads\/otoplasty1-01.png\" alt=\"\" class=\"wp-image-23621\" title=\"otoplasty1-01\" srcset=\"https:\/\/estherian.com\/wp-content\/uploads\/otoplasty1-01.png 398w, https:\/\/estherian.com\/wp-content\/uploads\/otoplasty1-01-386x386.png 386w, https:\/\/estherian.com\/wp-content\/uploads\/otoplasty1-01-275x275.png 275w\" sizes=\"(max-width: 398px) 100vw, 398px\" \/><\/figure>\n<\/div>\n<\/div>\n\n\n\n<h3 class=\"wp-block-heading\" id=\"h-wahrend-der-operation\">W\u00e4hrend der Operation<\/h3>\n\n\n\n<p>W\u00e4hrend des Eingriffs wird die An\u00e4sthesie je nach den Bed\u00fcrfnissen des Patienten verabreicht. Zu den Optionen geh\u00f6ren Lokalan\u00e4sthesie, intraven\u00f6se Sedierung oder Vollnarkose, wobei der Chirurg den Patienten bei der Wahl der am besten geeigneten Option unterst\u00fctzt. Die Schnitte werden in der Regel auf der R\u00fcckseite des Ohrs gesetzt, um die sichtbare Narbenbildung zu minimieren. Wenn Schnitte an der Vorderseite des Ohrs erforderlich sind, werden sie diskret in den nat\u00fcrlichen Falten platziert und bleiben so verborgen. Der Ohrknorpel wird neu geformt und mit internen, nicht entfernbaren N\u00e4hten befestigt, wodurch eine nat\u00fcrliche und symmetrische Kontur entsteht.<\/p>\n\n\n\n<h3 class=\"wp-block-heading\" id=\"h-nach-der-operation\">Nach der Operation<\/h3>\n\n\n\n<p>Die Pflege ist f\u00fcr eine reibungslose Genesung unerl\u00e4sslich. Den Patienten wird empfohlen, mit erh\u00f6htem Kopf zu ruhen, um Schwellungen und \u00d6deme zu reduzieren. In der Regel wird ein Schutzverband angelegt, um die neue Form zu erhalten und die Ohren w\u00e4hrend des Heilungsprozesses zu sch\u00fctzen.<\/p>\n\n\n\n<div class=\"wp-block-columns is-layout-flex wp-container-core-columns-is-layout-9d6595d7 wp-block-columns-is-layout-flex\">\n<div class=\"wp-block-column is-layout-flow wp-block-column-is-layout-flow\">\n<figure class=\"wp-block-image size-full\"><img decoding=\"async\" width=\"850\" height=\"702\" src=\"https:\/\/estherian.com\/wp-content\/uploads\/child-otoplasty.png\" alt=\"\" class=\"wp-image-23625\" title=\"child-otoplasty\" srcset=\"https:\/\/estherian.com\/wp-content\/uploads\/child-otoplasty.png 850w, https:\/\/estherian.com\/wp-content\/uploads\/child-otoplasty-386x319.png 386w, https:\/\/estherian.com\/wp-content\/uploads\/child-otoplasty-768x634.png 768w\" sizes=\"(max-width: 850px) 100vw, 850px\" \/><\/figure>\n<\/div>\n\n\n\n<div class=\"wp-block-column is-layout-flow wp-block-column-is-layout-flow\">\n<h2 class=\"wp-block-heading\" id=\"h-ideale-kandidaten-fur-eine-otoplastik\">Ideale Kandidaten f\u00fcr eine Otoplastik<\/h2>\n\n\n\n<p>Nicht jeder ist ein geeigneter Kandidat f\u00fcr eine Otoplastik. Dieses Verfahren ist am effektivsten f\u00fcr Personen, die sich in einem guten Gesundheitszustand befinden und realistische Erwartungen an das Ergebnis haben. Bereits Kinder im Alter von f\u00fcnf Jahren k\u00f6nnen sich einer Otoplastik unterziehen, da ihr Ohrknorpel in diesem Alter normalerweise stabil genug f\u00fcr eine Korrektur ist. Nichtraucher haben in der Regel bessere Heilungsergebnisse und sind daher besser f\u00fcr den Eingriff geeignet. Au\u00dferdem sollten die Kandidaten in der Lage sein, ihre Gef\u00fchle bez\u00fcglich des Eingriffs klar darzulegen und ihre Bereitschaft zu zeigen, sich der Operation zu unterziehen.<\/p>\n<\/div>\n<\/div>\n\n\n\n<h2 class=\"wp-block-heading\" id=\"h-mogliche-risiken-der-otoplastik\">M\u00f6gliche Risiken der Otoplastik<\/h2>\n\n\n\n<p>Wie jeder chirurgische Eingriff birgt auch die Otoplastik einige Risiken. Dazu geh\u00f6ren Komplikationen im Zusammenhang mit der An\u00e4sthesie, Asymmetrie zwischen den Ohren, Blutungen und die Bildung von Blutgerinnseln. Bei einigen Patienten kann es w\u00e4hrend der Erholungsphase zu Ver\u00e4nderungen des Hautgef\u00fchls oder zu Infektionen kommen. Vor\u00fcbergehende Hautverf\u00e4rbungen oder Schwellungen um die Ohren sind ebenfalls m\u00f6glich. In seltenen F\u00e4llen kann es zu einer ung\u00fcnstigen Narbenbildung oder zu einem \u00e4sthetisch unvorteilhaften Ergebnis kommen. Diese Risiken k\u00f6nnen jedoch durch die Auswahl eines qualifizierten und erfahrenen Chirurgen minimiert werden.<\/p>\n\n\n\n<h2 class=\"wp-block-heading\" id=\"h-kosten-der-otoplastik\">Kosten der Otoplastik<\/h2>\n\n\n\n<p>Die Kosten f\u00fcr eine Otoplastik sind sehr unterschiedlich und h\u00e4ngen von der Komplexit\u00e4t des Verfahrens, der angewandten Technik und dem Fachwissen des Chirurgen ab. Auch die Einbeziehung zus\u00e4tzlicher Verfahren, wenn diese mit einer Otoplastik kombiniert werden, kann die Gesamtkosten beeinflussen. Auch wenn die Preise schwanken k\u00f6nnen, bringt die Investition oft erhebliche psychologische und emotionale Vorteile mit sich, insbesondere f\u00fcr Menschen, die sich ihrer Ohren lange nicht bewusst waren.<\/p>\n\n\n\n<h2 class=\"wp-block-heading\" id=\"h-haufig-gestellte-fragen-faq-zur-otoplastik\">H\u00e4ufig gestellte Fragen (FAQ) zur Otoplastik<\/h2>\n\n\n\n<h3 class=\"wp-block-heading\" id=\"h-wie-lange-dauert-der-eingriff-der-otoplastik\">Wie lange dauert der Eingriff der Otoplastik?<\/h3>\n\n\n\n<p>Die Dauer des Eingriffs betr\u00e4gt in der Regel zwischen 1 und 3 Stunden, je nach Komplexit\u00e4t der erforderlichen Korrekturen.<\/p>\n\n\n\n<h3 class=\"wp-block-heading\" id=\"h-werde-ich-wahrend-oder-nach-der-operation-schmerzen-haben\">Werde ich w\u00e4hrend oder nach der Operation Schmerzen haben?<\/h3>\n\n\n\n<p>W\u00e4hrend des Eingriffs sorgt die An\u00e4sthesie daf\u00fcr, dass Sie keine Schmerzen versp\u00fcren. Nach dem Eingriff sind leichte Beschwerden oder Schmerzen um die Ohren herum normal, aber sie k\u00f6nnen mit verschriebenen Schmerzmitteln wirksam behandelt werden.<\/p>\n\n\n\n<h3 class=\"wp-block-heading\" id=\"h-wie-lange-dauert-es-sich-von-einer-otoplastik-zu-erholen\">Wie lange dauert es, sich von einer Otoplastik zu erholen?<\/h3>\n\n\n\n<p>Die meisten Patienten kehren innerhalb einer Woche zu ihren normalen t\u00e4glichen Aktivit\u00e4ten zur\u00fcck. Die vollst\u00e4ndige Genesung, einschlie\u00dflich des Abklingens von Schwellungen und Bluterg\u00fcssen, kann jedoch bis zu 4-6 Wochen dauern.<\/p>\n\n\n\n<h3 class=\"wp-block-heading\" id=\"h-in-welchem-alter-wird-eine-otoplastik-bei-kindern-empfohlen\">In welchem Alter wird eine Otoplastik bei Kindern empfohlen?<\/h3>\n\n\n\n<p>Eine Otoplastik kann bereits bei Kindern im Alter von f\u00fcnf Jahren durchgef\u00fchrt werden, da der Ohrknorpel in diesem Alter in der Regel bereits ausgereift ist.<\/p>\n\n\n\n<h3 class=\"wp-block-heading\" id=\"h-was-passiert-wenn-ich-mit-dem-ergebnis-nicht-zufrieden-bin\">Was passiert, wenn ich mit dem Ergebnis nicht zufrieden bin?<\/h3>\n\n\n\n<p>In seltenen F\u00e4llen kann eine Revisionsoperation eine Option sein, wenn das Ergebnis nicht Ihren Erwartungen entspricht. Besprechen Sie alle Bedenken mit Ihrem Chirurgen, um die beste Vorgehensweise zu bestimmen.<\/p>\n\n\n\n<h2 class=\"wp-block-heading\" id=\"h-echte-otoplastik-transformationen-vorher-und-nachher\">Echte Otoplastik-Transformationen \u2013 Vorher und Nachher<\/h2>\n\n\n\n<p><\/p>\n\n\n\n<div class=\"wp-block-estherian-gallery\"><div id=\"estherian-gallery-clfzkfz\" class=\"estherian-gallery elastic-width\" data-slides-to-show=\"3\" data-mobile-slides-to-show=\"1\" data-autoplay=\"false\" data-autoplay-speed=\"3000\" data-show-arrows=\"true\" data-show-dots=\"true\" data-border-radius=\"20\" data-elastic-width=\"true\" data-fixed-height=\"359\" data-bottom-crop=\"0\"><div class=\"gallery-container\"><div class=\"gallery-slide\"><img decoding=\"async\" src=\"https:\/\/estherian.com\/wp-content\/uploads\/2025\/09\/OTOPLASTY-otoplasty-5.jpg\" alt=\"Otoplasty before and after - ear surgery results\" style=\"border-radius:20px;height:359px;width:auto\"\/><\/div><div class=\"gallery-slide\"><img decoding=\"async\" src=\"https:\/\/estherian.com\/wp-content\/uploads\/2025\/09\/OTOPLASTY-otoplasty-6.jpg\" alt=\"\" style=\"border-radius:20px;height:359px;width:auto\"\/><\/div><div class=\"gallery-slide\"><img decoding=\"async\" src=\"https:\/\/estherian.com\/wp-content\/uploads\/2025\/09\/OTOPLASTY-otoplasty-7.jpg\" alt=\"\" style=\"border-radius:20px;height:359px;width:auto\"\/><\/div><div class=\"gallery-slide\"><img decoding=\"async\" src=\"https:\/\/estherian.com\/wp-content\/uploads\/2025\/09\/OTOPLASTY-otoplasty-8.jpg\" alt=\"\" style=\"border-radius:20px;height:359px;width:auto\"\/><\/div><div class=\"gallery-slide\"><img decoding=\"async\" src=\"https:\/\/estherian.com\/wp-content\/uploads\/2025\/09\/OTOPLASTY-otoplasty-9.jpg\" alt=\"\" style=\"border-radius:20px;height:359px;width:auto\"\/><\/div><div class=\"gallery-slide\"><img decoding=\"async\" src=\"https:\/\/estherian.com\/wp-content\/uploads\/2025\/09\/OTOPLASTY-otoplasty-1.jpg\" alt=\"\" style=\"border-radius:20px;height:359px;width:auto\"\/><\/div><div class=\"gallery-slide\"><img decoding=\"async\" src=\"https:\/\/estherian.com\/wp-content\/uploads\/2025\/09\/OTOPLASTY-Otoplasty-2.jpg\" alt=\"\" style=\"border-radius:20px;height:359px;width:auto\"\/><\/div><\/div><div class=\"gallery-nav\"><button class=\"prev\" aria-label=\"Previous\">\u276e<\/button><button class=\"next\" aria-label=\"Next\">\u276f<\/button><\/div><div class=\"gallery-dots\"><span class=\"dot active\"><\/span><span class=\"dot\"><\/span><span class=\"dot\"><\/span><span class=\"dot\"><\/span><span class=\"dot\"><\/span><span class=\"dot\"><\/span><span class=\"dot\"><\/span><\/div><\/div><\/div>\n","protected":false},"excerpt":{"rendered":"<p>Was ist Otoplastik? Bei der Otoplastik handelt es sich um einen chirurgischen Eingriff zur Verbesserung des Aussehens der Ohrmuschel durch Korrektur ihrer Position, Gr\u00f6\u00dfe oder Form. Diese Operation wird h\u00e4ufig von Personen in Anspruch genommen, die sich wegen abstehender, asymmetrischer oder unf\u00f6rmiger Ohren unsicher f\u00fchlen. Durch die Umformung des Ohrknorpels kann die Otoplastik f\u00fcr ein&hellip;<\/p>\n","protected":false},"author":1,"featured_media":27759,"parent":0,"menu_order":10,"comment_status":"closed","ping_status":"closed","template":"","meta":{"footnotes":""},"class_list":["post-24568","page","type-page","status-publish","has-post-thumbnail","hentry","description-off"],"yoast_head":"<!-- This site is optimized with the Yoast SEO Premium plugin v27.3 (Yoast SEO v27.3) - https:\/\/yoast.com\/product\/yoast-seo-premium-wordpress\/ -->\n<title>Otoplastik | Estherian Clinic<\/title>\n<meta name=\"robots\" content=\"index, follow, max-snippet:-1, max-image-preview:large, max-video-preview:-1\" \/>\n<link rel=\"canonical\" href=\"https:\/\/estherian.com\/de\/otoplastik\/\" \/>\n<meta property=\"og:locale\" content=\"de_DE\" \/>\n<meta property=\"og:type\" content=\"article\" \/>\n<meta property=\"og:title\" content=\"Otoplastik\" \/>\n<meta property=\"og:description\" content=\"Looks better with Estherian Clinic. Plastic Surgery, Dental treatments and more beautiful services!\" \/>\n<meta property=\"og:url\" content=\"https:\/\/estherian.com\/de\/otoplastik\/\" \/>\n<meta property=\"og:site_name\" content=\"Estherian Clinic\" \/>\n<meta property=\"article:publisher\" content=\"https:\/\/www.facebook.com\/estherianclinic.en\" \/>\n<meta property=\"article:modified_time\" content=\"2026-04-17T11:25:24+00:00\" \/>\n<meta property=\"og:image\" content=\"https:\/\/estherian.com\/wp-content\/uploads\/otoplasty_turkey_1920x1080.jpg\" \/>\n\t<meta property=\"og:image:width\" content=\"1920\" \/>\n\t<meta property=\"og:image:height\" content=\"1080\" \/>\n\t<meta property=\"og:image:type\" content=\"image\/jpeg\" \/>\n<meta name=\"twitter:card\" content=\"summary_large_image\" \/>\n<meta name=\"twitter:site\" content=\"@EstherianTr\" \/>\n<meta name=\"twitter:label1\" content=\"Gesch\u00e4tzte Lesezeit\" \/>\n\t<meta name=\"twitter:data1\" content=\"6\u00a0Minuten\" \/>\n<script type=\"application\/ld+json\" class=\"yoast-schema-graph\">{\"@context\":\"https:\\\/\\\/schema.org\",\"@graph\":[{\"@type\":\"Article\",\"@id\":\"https:\\\/\\\/estherian.com\\\/de\\\/otoplastik\\\/#article\",\"isPartOf\":{\"@id\":\"https:\\\/\\\/estherian.com\\\/de\\\/otoplastik\\\/\"},\"author\":{\"name\":\"ferhatk\",\"@id\":\"https:\\\/\\\/estherian.com\\\/de\\\/#\\\/schema\\\/person\\\/0b1452799c3700afbfcfd3a0f5e64732\"},\"headline\":\"Otoplastik\",\"datePublished\":\"2024-11-29T04:09:58+00:00\",\"dateModified\":\"2026-04-17T11:25:24+00:00\",\"mainEntityOfPage\":{\"@id\":\"https:\\\/\\\/estherian.com\\\/de\\\/otoplastik\\\/\"},\"wordCount\":808,\"publisher\":{\"@id\":\"https:\\\/\\\/estherian.com\\\/de\\\/#organization\"},\"image\":{\"@id\":\"https:\\\/\\\/estherian.com\\\/de\\\/otoplastik\\\/#primaryimage\"},\"thumbnailUrl\":\"https:\\\/\\\/estherian.com\\\/wp-content\\\/uploads\\\/otoplasty_turkey_1920x1080.jpg\",\"inLanguage\":\"de\"},{\"@type\":\"WebPage\",\"@id\":\"https:\\\/\\\/estherian.com\\\/de\\\/otoplastik\\\/\",\"url\":\"https:\\\/\\\/estherian.com\\\/de\\\/otoplastik\\\/\",\"name\":\"Otoplastik | Estherian Clinic\",\"isPartOf\":{\"@id\":\"https:\\\/\\\/estherian.com\\\/de\\\/#website\"},\"primaryImageOfPage\":{\"@id\":\"https:\\\/\\\/estherian.com\\\/de\\\/otoplastik\\\/#primaryimage\"},\"image\":{\"@id\":\"https:\\\/\\\/estherian.com\\\/de\\\/otoplastik\\\/#primaryimage\"},\"thumbnailUrl\":\"https:\\\/\\\/estherian.com\\\/wp-content\\\/uploads\\\/otoplasty_turkey_1920x1080.jpg\",\"datePublished\":\"2024-11-29T04:09:58+00:00\",\"dateModified\":\"2026-04-17T11:25:24+00:00\",\"breadcrumb\":{\"@id\":\"https:\\\/\\\/estherian.com\\\/de\\\/otoplastik\\\/#breadcrumb\"},\"inLanguage\":\"de\",\"potentialAction\":[{\"@type\":\"ReadAction\",\"target\":[\"https:\\\/\\\/estherian.com\\\/de\\\/otoplastik\\\/\"]}]},{\"@type\":\"ImageObject\",\"inLanguage\":\"de\",\"@id\":\"https:\\\/\\\/estherian.com\\\/de\\\/otoplastik\\\/#primaryimage\",\"url\":\"https:\\\/\\\/estherian.com\\\/wp-content\\\/uploads\\\/otoplasty_turkey_1920x1080.jpg\",\"contentUrl\":\"https:\\\/\\\/estherian.com\\\/wp-content\\\/uploads\\\/otoplasty_turkey_1920x1080.jpg\",\"width\":1920,\"height\":1080},{\"@type\":\"BreadcrumbList\",\"@id\":\"https:\\\/\\\/estherian.com\\\/de\\\/otoplastik\\\/#breadcrumb\",\"itemListElement\":[{\"@type\":\"ListItem\",\"position\":1,\"name\":\"Home\",\"item\":\"https:\\\/\\\/estherian.com\\\/de\\\/\"},{\"@type\":\"ListItem\",\"position\":2,\"name\":\"Otoplastik\"}]},{\"@type\":\"WebSite\",\"@id\":\"https:\\\/\\\/estherian.com\\\/de\\\/#website\",\"url\":\"https:\\\/\\\/estherian.com\\\/de\\\/\",\"name\":\"Estherian Clinic\",\"description\":\"Plastic Surgery | Dental | Hair Transplant in Turkey\",\"publisher\":{\"@id\":\"https:\\\/\\\/estherian.com\\\/de\\\/#organization\"},\"potentialAction\":[{\"@type\":\"SearchAction\",\"target\":{\"@type\":\"EntryPoint\",\"urlTemplate\":\"https:\\\/\\\/estherian.com\\\/de\\\/?s={search_term_string}\"},\"query-input\":{\"@type\":\"PropertyValueSpecification\",\"valueRequired\":true,\"valueName\":\"search_term_string\"}}],\"inLanguage\":\"de\"},{\"@type\":\"Organization\",\"@id\":\"https:\\\/\\\/estherian.com\\\/de\\\/#organization\",\"name\":\"Estherian Clinic\",\"alternateName\":\"Estherian\",\"url\":\"https:\\\/\\\/estherian.com\\\/de\\\/\",\"logo\":{\"@type\":\"ImageObject\",\"inLanguage\":\"de\",\"@id\":\"https:\\\/\\\/estherian.com\\\/de\\\/#\\\/schema\\\/logo\\\/image\\\/\",\"url\":\"https:\\\/\\\/estherian.com\\\/wp-content\\\/uploads\\\/2024\\\/10\\\/EstherianLogo.png\",\"contentUrl\":\"https:\\\/\\\/estherian.com\\\/wp-content\\\/uploads\\\/2024\\\/10\\\/EstherianLogo.png\",\"width\":882,\"height\":934,\"caption\":\"Estherian Clinic\"},\"image\":{\"@id\":\"https:\\\/\\\/estherian.com\\\/de\\\/#\\\/schema\\\/logo\\\/image\\\/\"},\"sameAs\":[\"https:\\\/\\\/www.facebook.com\\\/estherianclinic.en\",\"https:\\\/\\\/x.com\\\/EstherianTr\",\"https:\\\/\\\/www.instagram.com\\\/estherianclinic\\\/\",\"https:\\\/\\\/www.tiktok.com\\\/@estherian.clinic\",\"https:\\\/\\\/www.youtube.com\\\/estherianclinic\"],\"email\":\"hi@estherian.com\",\"telephone\":\"+90-544-169-9000\",\"legalName\":\"ESTHERIAN CLINIC SA\u011eLIK H\u0130ZMETLER\u0130 SAN. T\u0130C. LTD. \u015eT\u0130.\",\"foundingDate\":\"2020-03-09\",\"vatID\":\"TR1601485625\",\"taxID\":\"1601485625\",\"numberOfEmployees\":{\"@type\":\"QuantitativeValue\",\"minValue\":\"51\",\"maxValue\":\"200\"},\"publishingPrinciples\":\"https:\\\/\\\/estherian.com\\\/tr\\\/sartlar-ve-kosullar\\\/\",\"actionableFeedbackPolicy\":\"https:\\\/\\\/estherian.com\\\/tr\\\/gizlilik-politikasi\\\/\",\"correctionsPolicy\":\"https:\\\/\\\/estherian.com\\\/tr\\\/gizlilik-politikasi\\\/\",\"ethicsPolicy\":\"https:\\\/\\\/estherian.com\\\/tr\\\/gizlilik-politikasi\\\/\",\"diversityPolicy\":\"https:\\\/\\\/estherian.com\\\/tr\\\/gizlilik-politikasi\\\/\",\"diversityStaffingReport\":\"https:\\\/\\\/estherian.com\\\/tr\\\/gizlilik-politikasi\\\/\"},{\"@type\":\"Person\",\"@id\":\"https:\\\/\\\/estherian.com\\\/de\\\/#\\\/schema\\\/person\\\/0b1452799c3700afbfcfd3a0f5e64732\",\"name\":\"ferhatk\",\"image\":{\"@type\":\"ImageObject\",\"inLanguage\":\"de\",\"@id\":\"https:\\\/\\\/secure.gravatar.com\\\/avatar\\\/5192156a410fa37c70ea8d4f0d01782533c470a75971ae114e5cd116be51ca05?s=96&d=mm&r=g\",\"url\":\"https:\\\/\\\/secure.gravatar.com\\\/avatar\\\/5192156a410fa37c70ea8d4f0d01782533c470a75971ae114e5cd116be51ca05?s=96&d=mm&r=g\",\"contentUrl\":\"https:\\\/\\\/secure.gravatar.com\\\/avatar\\\/5192156a410fa37c70ea8d4f0d01782533c470a75971ae114e5cd116be51ca05?s=96&d=mm&r=g\",\"caption\":\"ferhatk\"},\"sameAs\":[\"https:\\\/\\\/v2.estherian.com\"]}]}<\/script>\n<!-- \/ Yoast SEO Premium plugin. -->","yoast_head_json":{"title":"Otoplastik | Estherian Clinic","robots":{"index":"index","follow":"follow","max-snippet":"max-snippet:-1","max-image-preview":"max-image-preview:large","max-video-preview":"max-video-preview:-1"},"canonical":"https:\/\/estherian.com\/de\/otoplastik\/","og_locale":"de_DE","og_type":"article","og_title":"Otoplastik","og_description":"Looks better with Estherian Clinic. Plastic Surgery, Dental treatments and more beautiful services!","og_url":"https:\/\/estherian.com\/de\/otoplastik\/","og_site_name":"Estherian Clinic","article_publisher":"https:\/\/www.facebook.com\/estherianclinic.en","article_modified_time":"2026-04-17T11:25:24+00:00","og_image":[{"width":1920,"height":1080,"url":"https:\/\/estherian.com\/wp-content\/uploads\/otoplasty_turkey_1920x1080.jpg","type":"image\/jpeg"}],"twitter_card":"summary_large_image","twitter_site":"@EstherianTr","twitter_misc":{"Gesch\u00e4tzte Lesezeit":"6\u00a0Minuten"},"schema":{"@context":"https:\/\/schema.org","@graph":[{"@type":"Article","@id":"https:\/\/estherian.com\/de\/otoplastik\/#article","isPartOf":{"@id":"https:\/\/estherian.com\/de\/otoplastik\/"},"author":{"name":"ferhatk","@id":"https:\/\/estherian.com\/de\/#\/schema\/person\/0b1452799c3700afbfcfd3a0f5e64732"},"headline":"Otoplastik","datePublished":"2024-11-29T04:09:58+00:00","dateModified":"2026-04-17T11:25:24+00:00","mainEntityOfPage":{"@id":"https:\/\/estherian.com\/de\/otoplastik\/"},"wordCount":808,"publisher":{"@id":"https:\/\/estherian.com\/de\/#organization"},"image":{"@id":"https:\/\/estherian.com\/de\/otoplastik\/#primaryimage"},"thumbnailUrl":"https:\/\/estherian.com\/wp-content\/uploads\/otoplasty_turkey_1920x1080.jpg","inLanguage":"de"},{"@type":"WebPage","@id":"https:\/\/estherian.com\/de\/otoplastik\/","url":"https:\/\/estherian.com\/de\/otoplastik\/","name":"Otoplastik | Estherian Clinic","isPartOf":{"@id":"https:\/\/estherian.com\/de\/#website"},"primaryImageOfPage":{"@id":"https:\/\/estherian.com\/de\/otoplastik\/#primaryimage"},"image":{"@id":"https:\/\/estherian.com\/de\/otoplastik\/#primaryimage"},"thumbnailUrl":"https:\/\/estherian.com\/wp-content\/uploads\/otoplasty_turkey_1920x1080.jpg","datePublished":"2024-11-29T04:09:58+00:00","dateModified":"2026-04-17T11:25:24+00:00","breadcrumb":{"@id":"https:\/\/estherian.com\/de\/otoplastik\/#breadcrumb"},"inLanguage":"de","potentialAction":[{"@type":"ReadAction","target":["https:\/\/estherian.com\/de\/otoplastik\/"]}]},{"@type":"ImageObject","inLanguage":"de","@id":"https:\/\/estherian.com\/de\/otoplastik\/#primaryimage","url":"https:\/\/estherian.com\/wp-content\/uploads\/otoplasty_turkey_1920x1080.jpg","contentUrl":"https:\/\/estherian.com\/wp-content\/uploads\/otoplasty_turkey_1920x1080.jpg","width":1920,"height":1080},{"@type":"BreadcrumbList","@id":"https:\/\/estherian.com\/de\/otoplastik\/#breadcrumb","itemListElement":[{"@type":"ListItem","position":1,"name":"Home","item":"https:\/\/estherian.com\/de\/"},{"@type":"ListItem","position":2,"name":"Otoplastik"}]},{"@type":"WebSite","@id":"https:\/\/estherian.com\/de\/#website","url":"https:\/\/estherian.com\/de\/","name":"Estherian Clinic","description":"Plastic Surgery | Dental | Hair Transplant in Turkey","publisher":{"@id":"https:\/\/estherian.com\/de\/#organization"},"potentialAction":[{"@type":"SearchAction","target":{"@type":"EntryPoint","urlTemplate":"https:\/\/estherian.com\/de\/?s={search_term_string}"},"query-input":{"@type":"PropertyValueSpecification","valueRequired":true,"valueName":"search_term_string"}}],"inLanguage":"de"},{"@type":"Organization","@id":"https:\/\/estherian.com\/de\/#organization","name":"Estherian Clinic","alternateName":"Estherian","url":"https:\/\/estherian.com\/de\/","logo":{"@type":"ImageObject","inLanguage":"de","@id":"https:\/\/estherian.com\/de\/#\/schema\/logo\/image\/","url":"https:\/\/estherian.com\/wp-content\/uploads\/2024\/10\/EstherianLogo.png","contentUrl":"https:\/\/estherian.com\/wp-content\/uploads\/2024\/10\/EstherianLogo.png","width":882,"height":934,"caption":"Estherian Clinic"},"image":{"@id":"https:\/\/estherian.com\/de\/#\/schema\/logo\/image\/"},"sameAs":["https:\/\/www.facebook.com\/estherianclinic.en","https:\/\/x.com\/EstherianTr","https:\/\/www.instagram.com\/estherianclinic\/","https:\/\/www.tiktok.com\/@estherian.clinic","https:\/\/www.youtube.com\/estherianclinic"],"email":"hi@estherian.com","telephone":"+90-544-169-9000","legalName":"ESTHERIAN CLINIC SA\u011eLIK H\u0130ZMETLER\u0130 SAN. T\u0130C. LTD. \u015eT\u0130.","foundingDate":"2020-03-09","vatID":"TR1601485625","taxID":"1601485625","numberOfEmployees":{"@type":"QuantitativeValue","minValue":"51","maxValue":"200"},"publishingPrinciples":"https:\/\/estherian.com\/tr\/sartlar-ve-kosullar\/","actionableFeedbackPolicy":"https:\/\/estherian.com\/tr\/gizlilik-politikasi\/","correctionsPolicy":"https:\/\/estherian.com\/tr\/gizlilik-politikasi\/","ethicsPolicy":"https:\/\/estherian.com\/tr\/gizlilik-politikasi\/","diversityPolicy":"https:\/\/estherian.com\/tr\/gizlilik-politikasi\/","diversityStaffingReport":"https:\/\/estherian.com\/tr\/gizlilik-politikasi\/"},{"@type":"Person","@id":"https:\/\/estherian.com\/de\/#\/schema\/person\/0b1452799c3700afbfcfd3a0f5e64732","name":"ferhatk","image":{"@type":"ImageObject","inLanguage":"de","@id":"https:\/\/secure.gravatar.com\/avatar\/5192156a410fa37c70ea8d4f0d01782533c470a75971ae114e5cd116be51ca05?s=96&d=mm&r=g","url":"https:\/\/secure.gravatar.com\/avatar\/5192156a410fa37c70ea8d4f0d01782533c470a75971ae114e5cd116be51ca05?s=96&d=mm&r=g","contentUrl":"https:\/\/secure.gravatar.com\/avatar\/5192156a410fa37c70ea8d4f0d01782533c470a75971ae114e5cd116be51ca05?s=96&d=mm&r=g","caption":"ferhatk"},"sameAs":["https:\/\/v2.estherian.com"]}]}},"_links":{"self":[{"href":"https:\/\/estherian.com\/de\/wp-json\/wp\/v2\/pages\/24568","targetHints":{"allow":["GET"]}}],"collection":[{"href":"https:\/\/estherian.com\/de\/wp-json\/wp\/v2\/pages"}],"about":[{"href":"https:\/\/estherian.com\/de\/wp-json\/wp\/v2\/types\/page"}],"author":[{"embeddable":true,"href":"https:\/\/estherian.com\/de\/wp-json\/wp\/v2\/users\/1"}],"replies":[{"embeddable":true,"href":"https:\/\/estherian.com\/de\/wp-json\/wp\/v2\/comments?post=24568"}],"version-history":[{"count":2,"href":"https:\/\/estherian.com\/de\/wp-json\/wp\/v2\/pages\/24568\/revisions"}],"predecessor-version":[{"id":44044,"href":"https:\/\/estherian.com\/de\/wp-json\/wp\/v2\/pages\/24568\/revisions\/44044"}],"wp:featuredmedia":[{"embeddable":true,"href":"https:\/\/estherian.com\/de\/wp-json\/wp\/v2\/media\/27759"}],"wp:attachment":[{"href":"https:\/\/estherian.com\/de\/wp-json\/wp\/v2\/media?parent=24568"}],"curies":[{"name":"wp","href":"https:\/\/api.w.org\/{rel}","templated":true}]}}