{"id":24578,"date":"2024-11-25T09:53:04","date_gmt":"2024-11-25T06:53:04","guid":{"rendered":"https:\/\/estherian.com\/?page_id=24578"},"modified":"2025-10-20T10:48:56","modified_gmt":"2025-10-20T07:48:56","slug":"sixpack","status":"publish","type":"page","link":"https:\/\/estherian.com\/de\/sixpack\/","title":{"rendered":"Sixpack in der T\u00fcrkei"},"content":{"rendered":"\n<h2 class=\"wp-block-heading\" id=\"h-sixpack-fettabsaugung-chirurgie\">Sixpack Fettabsaugung Chirurgie<\/h2>\n\n\n\n<p>Die Sixpack-Operation ist ein Prozess, bei dem \u00fcbersch\u00fcssiges Fett entfernt, der Bauchbereich neu geformt und die Bauchmuskeln gest\u00e4rkt werden, was durch Di\u00e4t und Sport allein nur schwer zu erreichen w\u00e4re.<\/p>\n\n\n\n<div class=\"wp-block-columns is-layout-flex wp-container-core-columns-is-layout-9d6595d7 wp-block-columns-is-layout-flex\">\n<div class=\"wp-block-column is-layout-flow wp-block-column-is-layout-flow\">\n<h2 class=\"wp-block-heading\" id=\"h-sixpack-verfahren\">Sixpack-Verfahren:<\/h2>\n\n\n\n<h3 class=\"wp-block-heading\" id=\"h-vor-der-operation\">VOR DER OPERATION<\/h3>\n\n\n\n<p>Vor der Operation f\u00fchrt der Arzt Tests durch, um sicherzustellen, dass der Patient f\u00fcr die Operation geeignet ist. Der Chirurg wird Ihnen Anweisungen geben und alle Ihre Fragen beantworten. 2 Wochen vor der Operation m\u00fcssen Sie mit dem Rauchen aufh\u00f6ren. Au\u00dferdem d\u00fcrfen keine blutverd\u00fcnnenden Medikamente wie Aspirin eingenommen werden.<\/p>\n<\/div>\n\n\n\n<div class=\"wp-block-column is-layout-flow wp-block-column-is-layout-flow\">\n<figure class=\"wp-block-image size-full\"><img decoding=\"async\" width=\"480\" height=\"486\" src=\"https:\/\/estherian.com\/wp-content\/uploads\/six-pack-procedure-01.png\" alt=\"\" class=\"wp-image-21997\" srcset=\"https:\/\/estherian.com\/wp-content\/uploads\/six-pack-procedure-01.png 480w, https:\/\/estherian.com\/wp-content\/uploads\/six-pack-procedure-01-381x386.png 381w\" sizes=\"(max-width: 480px) 100vw, 480px\" \/><\/figure>\n<\/div>\n<\/div>\n\n\n\n<h3 class=\"wp-block-heading\" id=\"h-wahrend-des-betriebs\">W\u00c4HREND DES BETRIEBS<\/h3>\n\n\n\n<p>Die Six-Pack-Operation wird unter Vollnarkose durchgef\u00fchrt. Sie dauert etwa eine Stunde. Die Bauchstraffung wird mit einer speziellen Tumeszenz-Liposuktionstechnik durchgef\u00fchrt. Bei diesem Verfahren wird das unter der Haut liegende Fettgewebe entfernt und modelliert. Vor dem Eingriff werden detaillierte Markierungen von den gebeugten Bauchmuskeln des Patienten angefertigt. W\u00e4hrend des Eingriffs werden kleine Schnitte innerhalb der nat\u00fcrlichen Konturen des Bauches gesetzt. Dies tr\u00e4gt dazu bei, die Narbenbildung zu minimieren. Durch diese Einschnitte wird das Fett in einigen Bereichen entfernt, in anderen ausged\u00fcnnt und neu angeordnet, um die Bauchmuskeln (Rectus) und die Linea Alba (die Linie, die in der Mitte des Bauches verl\u00e4uft) zu betonen. Der Heilungsprozess ist dank der Mikrol\u00f6cher sehr angenehm.<\/p>\n\n\n\n<h3 class=\"wp-block-heading\" id=\"h-nach-der-operation\">NACH DER OPERATION<\/h3>\n\n\n\n<p>Es kommt zu Schwellungen und Bluterg\u00fcssen im Bauchbereich, so dass der Patient 3-6 Wochen lang Kompressionskleidung tragen sollte, um den Tumor und das Risiko der Serombildung zu verringern.Die normale Arbeit kann nach einer Woche wieder aufgenommen werden, Sport kann nach 3 Wochen wieder aufgenommen werden. Die endg\u00fcltigen Ergebnisse sind nach 6 Monaten sichtbar.<\/p>\n\n\n\n<div class=\"wp-block-columns is-layout-flex wp-container-core-columns-is-layout-9d6595d7 wp-block-columns-is-layout-flex\">\n<div class=\"wp-block-column is-layout-flow wp-block-column-is-layout-flow\">\n<h3 class=\"wp-block-heading\" id=\"h-wer-ist-ein-guter-kandidat-fur-die-sixpack-chirurgie\">Wer ist ein guter Kandidat f\u00fcr die Sixpack-Chirurgie?<\/h3>\n\n\n\n<ul class=\"wp-block-list\">\n<li>Sie k\u00f6nnen Ihr Fettgewebe nicht loswerden<\/li>\n\n\n\n<li>Sie haben realistische Erwartungen<\/li>\n\n\n\n<li>gesund<\/li>\n\n\n\n<li>Nichtraucher<\/li>\n\n\n\n<li>Sie haben einen BMI von 30% oder mehr<\/li>\n<\/ul>\n\n\n\n<h3 class=\"wp-block-heading\" id=\"h-six-pack-kinn-risiken\">Six-Pack-Kinn-Risiken<\/h3>\n\n\n\n<ol class=\"wp-block-list\">\n<li>Risiken der An\u00e4sthesie<\/li>\n\n\n\n<li>Bluterg\u00fcsse<\/li>\n\n\n\n<li>Fl\u00fcssigkeitsansammlungen<\/li>\n\n\n\n<li>Infektion<\/li>\n\n\n\n<li>Schwellung<\/li>\n\n\n\n<li>schlechte Wundheilung<\/li>\n\n\n\n<li>Empfindlichkeit der Haut<\/li>\n<\/ol>\n<\/div>\n\n\n\n<div class=\"wp-block-column is-layout-flow wp-block-column-is-layout-flow\">\n<figure class=\"wp-block-image size-full\"><img decoding=\"async\" width=\"768\" height=\"734\" src=\"https:\/\/estherian.com\/wp-content\/uploads\/six-pack-estherian-768x734-1.png\" alt=\"\" class=\"wp-image-21921\" srcset=\"https:\/\/estherian.com\/wp-content\/uploads\/six-pack-estherian-768x734-1.png 768w, https:\/\/estherian.com\/wp-content\/uploads\/six-pack-estherian-768x734-1-386x369.png 386w\" sizes=\"(max-width: 768px) 100vw, 768px\" \/><\/figure>\n<\/div>\n<\/div>\n\n\n\n<h2 class=\"wp-block-heading\" id=\"h-wie-wahle-ich-einen-plastischen-chirurgen-fur-eine-sixpack-operation\">Wie w\u00e4hle ich einen plastischen Chirurgen f\u00fcr eine Sixpack-Operation?<\/h2>\n\n\n\n<p>Vergewissern Sie sich, dass der Chirurg mindestens 6 Jahre Erfahrung nach dem Medizinstudium hat und dass er einen Abschluss an einer anerkannten medizinischen Hochschule gemacht hat.<\/p>\n\n\n\n<h2 class=\"wp-block-heading\" id=\"h-wie-viel-kostet-eine-six-pack-operation\">Wie viel kostet eine Six-Pack-Operation?<\/h2>\n\n\n\n<p>Die Preise f\u00fcr eine Six-Pack-Operation sind von Patient zu Patient unterschiedlich, da die angewandte Technik und die abzusaugenden Bereiche eine gro\u00dfe Rolle f\u00fcr den Preis spielen, und die Preise f\u00fcr die Operation k\u00f6nnen variieren, wenn sie mit anderen Eingriffen kombiniert werden.<\/p>\n\n\n\n<h2 class=\"wp-block-heading\" id=\"h-faqs-zur-fettabsaugung-des-sixpacks\">FAQs zur Fettabsaugung des Sixpacks<\/h2>\n\n\n\n<h3 class=\"wp-block-heading\" id=\"h-was-ist-eine-fettabsaugung-des-sixpacks\">Was ist eine Fettabsaugung des Sixpacks?<\/h3>\n\n\n\n<p>Bei der Fettabsaugung des Sixpacks handelt es sich um einen Eingriff, mit dem \u00fcbersch\u00fcssiges Fett entfernt, der Bauchbereich neu geformt und die Bauchmuskeln definiert werden. Dies ist ideal f\u00fcr Personen, die durch Di\u00e4t und Sport allein keinen straffen Bauch erreichen k\u00f6nnen.<\/p>\n\n\n\n<h3 class=\"wp-block-heading\" id=\"h-wie-sollte-ich-mich-auf-eine-sixpack-liposuktion-vorbereiten\">Wie sollte ich mich auf eine Sixpack-Liposuktion vorbereiten?<\/h3>\n\n\n\n<ul class=\"wp-block-list\">\n<li>H\u00f6ren Sie mindestens 2 Wochen vor dem Eingriff mit dem Rauchen auf, um die Heilung zu verbessern.<\/li>\n\n\n\n<li>Vermeiden Sie vor dem Eingriff blutverd\u00fcnnende Medikamente, wie z. B. Aspirin.<\/li>\n\n\n\n<li>Der Arzt wird vor dem Eingriff Tests durchf\u00fchren, um sicherzustellen, dass Sie f\u00fcr den Eingriff geeignet sind.<\/li>\n<\/ul>\n\n\n\n<h3 class=\"wp-block-heading\" id=\"h-wie-lang-ist-die-erholungsphase\">Wie lang ist die Erholungsphase?<\/h3>\n\n\n\n<ul class=\"wp-block-list\">\n<li>Nach der Operation kommt es zu Schwellungen und Bluterg\u00fcssen im Bauchbereich.<\/li>\n\n\n\n<li>Sie sollten 3-6 Wochen lang Kompressionskleidung tragen, um die Schwellung zu reduzieren und das Risiko der Bildung von Seromen zu verringern.<\/li>\n\n\n\n<li>Nach etwa 1 Woche k\u00f6nnen Sie wieder Ihrer normalen Arbeit nachgehen, sollten aber 3 Wochen lang auf Sport verzichten.<\/li>\n\n\n\n<li>Das endg\u00fcltige Ergebnis wird nach etwa 6 Monaten sichtbar sein.<\/li>\n<\/ul>\n\n\n\n<p><\/p>\n","protected":false},"excerpt":{"rendered":"<p>Sixpack Fettabsaugung Chirurgie Die Sixpack-Operation ist ein Prozess, bei dem \u00fcbersch\u00fcssiges Fett entfernt, der Bauchbereich neu geformt und die Bauchmuskeln gest\u00e4rkt werden, was durch Di\u00e4t und Sport allein nur schwer zu erreichen w\u00e4re. Sixpack-Verfahren: VOR DER OPERATION Vor der Operation f\u00fchrt der Arzt Tests durch, um sicherzustellen, dass der Patient f\u00fcr die Operation geeignet ist.&hellip;<\/p>\n","protected":false},"author":1,"featured_media":28580,"parent":0,"menu_order":10,"comment_status":"closed","ping_status":"closed","template":"","meta":{"footnotes":""},"class_list":["post-24578","page","type-page","status-publish","has-post-thumbnail","hentry","description-off"],"yoast_head":"<!-- This site is optimized with the Yoast SEO Premium plugin v27.3 (Yoast SEO v27.3) - https:\/\/yoast.com\/product\/yoast-seo-premium-wordpress\/ -->\n<title>Sixpack in der T\u00fcrkei | Estherian Clinic<\/title>\n<meta name=\"robots\" content=\"index, follow, max-snippet:-1, max-image-preview:large, max-video-preview:-1\" \/>\n<link rel=\"canonical\" href=\"https:\/\/estherian.com\/de\/sixpack\/\" \/>\n<meta property=\"og:locale\" content=\"de_DE\" \/>\n<meta property=\"og:type\" content=\"article\" \/>\n<meta property=\"og:title\" content=\"Sixpack in der T\u00fcrkei\" \/>\n<meta property=\"og:description\" content=\"Looks better with Estherian Clinic. Plastic Surgery, Dental treatments and more beautiful services!\" \/>\n<meta property=\"og:url\" content=\"https:\/\/estherian.com\/de\/sixpack\/\" \/>\n<meta property=\"og:site_name\" content=\"Estherian Clinic\" \/>\n<meta property=\"article:publisher\" content=\"https:\/\/www.facebook.com\/estherianclinic.en\" \/>\n<meta property=\"article:modified_time\" content=\"2025-10-20T07:48:56+00:00\" \/>\n<meta property=\"og:image\" content=\"https:\/\/estherian.com\/wp-content\/uploads\/six_pack_in_turkey_1920x1080-1.jpg\" \/>\n\t<meta property=\"og:image:width\" content=\"1920\" \/>\n\t<meta property=\"og:image:height\" content=\"1080\" \/>\n\t<meta property=\"og:image:type\" content=\"image\/jpeg\" \/>\n<meta name=\"twitter:card\" content=\"summary_large_image\" \/>\n<meta name=\"twitter:site\" content=\"@EstherianTr\" \/>\n<meta name=\"twitter:label1\" content=\"Gesch\u00e4tzte Lesezeit\" \/>\n\t<meta name=\"twitter:data1\" content=\"3\u00a0Minuten\" \/>\n<script type=\"application\/ld+json\" class=\"yoast-schema-graph\">{\"@context\":\"https:\\\/\\\/schema.org\",\"@graph\":[{\"@type\":\"Article\",\"@id\":\"https:\\\/\\\/estherian.com\\\/de\\\/sixpack\\\/#article\",\"isPartOf\":{\"@id\":\"https:\\\/\\\/estherian.com\\\/de\\\/sixpack\\\/\"},\"author\":{\"name\":\"ferhatk\",\"@id\":\"https:\\\/\\\/estherian.com\\\/de\\\/#\\\/schema\\\/person\\\/0b1452799c3700afbfcfd3a0f5e64732\"},\"headline\":\"Sixpack in der T\u00fcrkei\",\"datePublished\":\"2024-11-25T06:53:04+00:00\",\"dateModified\":\"2025-10-20T07:48:56+00:00\",\"mainEntityOfPage\":{\"@id\":\"https:\\\/\\\/estherian.com\\\/de\\\/sixpack\\\/\"},\"wordCount\":589,\"publisher\":{\"@id\":\"https:\\\/\\\/estherian.com\\\/de\\\/#organization\"},\"image\":{\"@id\":\"https:\\\/\\\/estherian.com\\\/de\\\/sixpack\\\/#primaryimage\"},\"thumbnailUrl\":\"https:\\\/\\\/estherian.com\\\/wp-content\\\/uploads\\\/six_pack_in_turkey_1920x1080-1.jpg\",\"inLanguage\":\"de\"},{\"@type\":\"WebPage\",\"@id\":\"https:\\\/\\\/estherian.com\\\/de\\\/sixpack\\\/\",\"url\":\"https:\\\/\\\/estherian.com\\\/de\\\/sixpack\\\/\",\"name\":\"Sixpack in der T\u00fcrkei | Estherian Clinic\",\"isPartOf\":{\"@id\":\"https:\\\/\\\/estherian.com\\\/de\\\/#website\"},\"primaryImageOfPage\":{\"@id\":\"https:\\\/\\\/estherian.com\\\/de\\\/sixpack\\\/#primaryimage\"},\"image\":{\"@id\":\"https:\\\/\\\/estherian.com\\\/de\\\/sixpack\\\/#primaryimage\"},\"thumbnailUrl\":\"https:\\\/\\\/estherian.com\\\/wp-content\\\/uploads\\\/six_pack_in_turkey_1920x1080-1.jpg\",\"datePublished\":\"2024-11-25T06:53:04+00:00\",\"dateModified\":\"2025-10-20T07:48:56+00:00\",\"breadcrumb\":{\"@id\":\"https:\\\/\\\/estherian.com\\\/de\\\/sixpack\\\/#breadcrumb\"},\"inLanguage\":\"de\",\"potentialAction\":[{\"@type\":\"ReadAction\",\"target\":[\"https:\\\/\\\/estherian.com\\\/de\\\/sixpack\\\/\"]}]},{\"@type\":\"ImageObject\",\"inLanguage\":\"de\",\"@id\":\"https:\\\/\\\/estherian.com\\\/de\\\/sixpack\\\/#primaryimage\",\"url\":\"https:\\\/\\\/estherian.com\\\/wp-content\\\/uploads\\\/six_pack_in_turkey_1920x1080-1.jpg\",\"contentUrl\":\"https:\\\/\\\/estherian.com\\\/wp-content\\\/uploads\\\/six_pack_in_turkey_1920x1080-1.jpg\",\"width\":1920,\"height\":1080},{\"@type\":\"BreadcrumbList\",\"@id\":\"https:\\\/\\\/estherian.com\\\/de\\\/sixpack\\\/#breadcrumb\",\"itemListElement\":[{\"@type\":\"ListItem\",\"position\":1,\"name\":\"Home\",\"item\":\"https:\\\/\\\/estherian.com\\\/de\\\/\"},{\"@type\":\"ListItem\",\"position\":2,\"name\":\"Sixpack in der T\u00fcrkei\"}]},{\"@type\":\"WebSite\",\"@id\":\"https:\\\/\\\/estherian.com\\\/de\\\/#website\",\"url\":\"https:\\\/\\\/estherian.com\\\/de\\\/\",\"name\":\"Estherian Clinic\",\"description\":\"Plastic Surgery | Dental | Hair Transplant in Turkey\",\"publisher\":{\"@id\":\"https:\\\/\\\/estherian.com\\\/de\\\/#organization\"},\"potentialAction\":[{\"@type\":\"SearchAction\",\"target\":{\"@type\":\"EntryPoint\",\"urlTemplate\":\"https:\\\/\\\/estherian.com\\\/de\\\/?s={search_term_string}\"},\"query-input\":{\"@type\":\"PropertyValueSpecification\",\"valueRequired\":true,\"valueName\":\"search_term_string\"}}],\"inLanguage\":\"de\"},{\"@type\":\"Organization\",\"@id\":\"https:\\\/\\\/estherian.com\\\/de\\\/#organization\",\"name\":\"Estherian Clinic\",\"alternateName\":\"Estherian\",\"url\":\"https:\\\/\\\/estherian.com\\\/de\\\/\",\"logo\":{\"@type\":\"ImageObject\",\"inLanguage\":\"de\",\"@id\":\"https:\\\/\\\/estherian.com\\\/de\\\/#\\\/schema\\\/logo\\\/image\\\/\",\"url\":\"https:\\\/\\\/estherian.com\\\/wp-content\\\/uploads\\\/2024\\\/10\\\/EstherianLogo.png\",\"contentUrl\":\"https:\\\/\\\/estherian.com\\\/wp-content\\\/uploads\\\/2024\\\/10\\\/EstherianLogo.png\",\"width\":882,\"height\":934,\"caption\":\"Estherian Clinic\"},\"image\":{\"@id\":\"https:\\\/\\\/estherian.com\\\/de\\\/#\\\/schema\\\/logo\\\/image\\\/\"},\"sameAs\":[\"https:\\\/\\\/www.facebook.com\\\/estherianclinic.en\",\"https:\\\/\\\/x.com\\\/EstherianTr\",\"https:\\\/\\\/www.instagram.com\\\/estherianclinic\\\/\",\"https:\\\/\\\/www.tiktok.com\\\/@estherian.clinic\",\"https:\\\/\\\/www.youtube.com\\\/estherianclinic\"],\"email\":\"hi@estherian.com\",\"telephone\":\"+90-544-169-9000\",\"legalName\":\"ESTHERIAN CLINIC SA\u011eLIK H\u0130ZMETLER\u0130 SAN. T\u0130C. LTD. \u015eT\u0130.\",\"foundingDate\":\"2020-03-09\",\"vatID\":\"TR1601485625\",\"taxID\":\"1601485625\",\"numberOfEmployees\":{\"@type\":\"QuantitativeValue\",\"minValue\":\"51\",\"maxValue\":\"200\"},\"publishingPrinciples\":\"https:\\\/\\\/estherian.com\\\/tr\\\/sartlar-ve-kosullar\\\/\",\"actionableFeedbackPolicy\":\"https:\\\/\\\/estherian.com\\\/tr\\\/gizlilik-politikasi\\\/\",\"correctionsPolicy\":\"https:\\\/\\\/estherian.com\\\/tr\\\/gizlilik-politikasi\\\/\",\"ethicsPolicy\":\"https:\\\/\\\/estherian.com\\\/tr\\\/gizlilik-politikasi\\\/\",\"diversityPolicy\":\"https:\\\/\\\/estherian.com\\\/tr\\\/gizlilik-politikasi\\\/\",\"diversityStaffingReport\":\"https:\\\/\\\/estherian.com\\\/tr\\\/gizlilik-politikasi\\\/\"},{\"@type\":\"Person\",\"@id\":\"https:\\\/\\\/estherian.com\\\/de\\\/#\\\/schema\\\/person\\\/0b1452799c3700afbfcfd3a0f5e64732\",\"name\":\"ferhatk\",\"image\":{\"@type\":\"ImageObject\",\"inLanguage\":\"de\",\"@id\":\"https:\\\/\\\/secure.gravatar.com\\\/avatar\\\/5192156a410fa37c70ea8d4f0d01782533c470a75971ae114e5cd116be51ca05?s=96&d=mm&r=g\",\"url\":\"https:\\\/\\\/secure.gravatar.com\\\/avatar\\\/5192156a410fa37c70ea8d4f0d01782533c470a75971ae114e5cd116be51ca05?s=96&d=mm&r=g\",\"contentUrl\":\"https:\\\/\\\/secure.gravatar.com\\\/avatar\\\/5192156a410fa37c70ea8d4f0d01782533c470a75971ae114e5cd116be51ca05?s=96&d=mm&r=g\",\"caption\":\"ferhatk\"},\"sameAs\":[\"https:\\\/\\\/v2.estherian.com\"]}]}<\/script>\n<!-- \/ Yoast SEO Premium plugin. -->","yoast_head_json":{"title":"Sixpack in der T\u00fcrkei | Estherian Clinic","robots":{"index":"index","follow":"follow","max-snippet":"max-snippet:-1","max-image-preview":"max-image-preview:large","max-video-preview":"max-video-preview:-1"},"canonical":"https:\/\/estherian.com\/de\/sixpack\/","og_locale":"de_DE","og_type":"article","og_title":"Sixpack in der T\u00fcrkei","og_description":"Looks better with Estherian Clinic. Plastic Surgery, Dental treatments and more beautiful services!","og_url":"https:\/\/estherian.com\/de\/sixpack\/","og_site_name":"Estherian Clinic","article_publisher":"https:\/\/www.facebook.com\/estherianclinic.en","article_modified_time":"2025-10-20T07:48:56+00:00","og_image":[{"width":1920,"height":1080,"url":"https:\/\/estherian.com\/wp-content\/uploads\/six_pack_in_turkey_1920x1080-1.jpg","type":"image\/jpeg"}],"twitter_card":"summary_large_image","twitter_site":"@EstherianTr","twitter_misc":{"Gesch\u00e4tzte Lesezeit":"3\u00a0Minuten"},"schema":{"@context":"https:\/\/schema.org","@graph":[{"@type":"Article","@id":"https:\/\/estherian.com\/de\/sixpack\/#article","isPartOf":{"@id":"https:\/\/estherian.com\/de\/sixpack\/"},"author":{"name":"ferhatk","@id":"https:\/\/estherian.com\/de\/#\/schema\/person\/0b1452799c3700afbfcfd3a0f5e64732"},"headline":"Sixpack in der T\u00fcrkei","datePublished":"2024-11-25T06:53:04+00:00","dateModified":"2025-10-20T07:48:56+00:00","mainEntityOfPage":{"@id":"https:\/\/estherian.com\/de\/sixpack\/"},"wordCount":589,"publisher":{"@id":"https:\/\/estherian.com\/de\/#organization"},"image":{"@id":"https:\/\/estherian.com\/de\/sixpack\/#primaryimage"},"thumbnailUrl":"https:\/\/estherian.com\/wp-content\/uploads\/six_pack_in_turkey_1920x1080-1.jpg","inLanguage":"de"},{"@type":"WebPage","@id":"https:\/\/estherian.com\/de\/sixpack\/","url":"https:\/\/estherian.com\/de\/sixpack\/","name":"Sixpack in der T\u00fcrkei | Estherian Clinic","isPartOf":{"@id":"https:\/\/estherian.com\/de\/#website"},"primaryImageOfPage":{"@id":"https:\/\/estherian.com\/de\/sixpack\/#primaryimage"},"image":{"@id":"https:\/\/estherian.com\/de\/sixpack\/#primaryimage"},"thumbnailUrl":"https:\/\/estherian.com\/wp-content\/uploads\/six_pack_in_turkey_1920x1080-1.jpg","datePublished":"2024-11-25T06:53:04+00:00","dateModified":"2025-10-20T07:48:56+00:00","breadcrumb":{"@id":"https:\/\/estherian.com\/de\/sixpack\/#breadcrumb"},"inLanguage":"de","potentialAction":[{"@type":"ReadAction","target":["https:\/\/estherian.com\/de\/sixpack\/"]}]},{"@type":"ImageObject","inLanguage":"de","@id":"https:\/\/estherian.com\/de\/sixpack\/#primaryimage","url":"https:\/\/estherian.com\/wp-content\/uploads\/six_pack_in_turkey_1920x1080-1.jpg","contentUrl":"https:\/\/estherian.com\/wp-content\/uploads\/six_pack_in_turkey_1920x1080-1.jpg","width":1920,"height":1080},{"@type":"BreadcrumbList","@id":"https:\/\/estherian.com\/de\/sixpack\/#breadcrumb","itemListElement":[{"@type":"ListItem","position":1,"name":"Home","item":"https:\/\/estherian.com\/de\/"},{"@type":"ListItem","position":2,"name":"Sixpack in der T\u00fcrkei"}]},{"@type":"WebSite","@id":"https:\/\/estherian.com\/de\/#website","url":"https:\/\/estherian.com\/de\/","name":"Estherian Clinic","description":"Plastic Surgery | Dental | Hair Transplant in Turkey","publisher":{"@id":"https:\/\/estherian.com\/de\/#organization"},"potentialAction":[{"@type":"SearchAction","target":{"@type":"EntryPoint","urlTemplate":"https:\/\/estherian.com\/de\/?s={search_term_string}"},"query-input":{"@type":"PropertyValueSpecification","valueRequired":true,"valueName":"search_term_string"}}],"inLanguage":"de"},{"@type":"Organization","@id":"https:\/\/estherian.com\/de\/#organization","name":"Estherian Clinic","alternateName":"Estherian","url":"https:\/\/estherian.com\/de\/","logo":{"@type":"ImageObject","inLanguage":"de","@id":"https:\/\/estherian.com\/de\/#\/schema\/logo\/image\/","url":"https:\/\/estherian.com\/wp-content\/uploads\/2024\/10\/EstherianLogo.png","contentUrl":"https:\/\/estherian.com\/wp-content\/uploads\/2024\/10\/EstherianLogo.png","width":882,"height":934,"caption":"Estherian Clinic"},"image":{"@id":"https:\/\/estherian.com\/de\/#\/schema\/logo\/image\/"},"sameAs":["https:\/\/www.facebook.com\/estherianclinic.en","https:\/\/x.com\/EstherianTr","https:\/\/www.instagram.com\/estherianclinic\/","https:\/\/www.tiktok.com\/@estherian.clinic","https:\/\/www.youtube.com\/estherianclinic"],"email":"hi@estherian.com","telephone":"+90-544-169-9000","legalName":"ESTHERIAN CLINIC SA\u011eLIK H\u0130ZMETLER\u0130 SAN. T\u0130C. LTD. \u015eT\u0130.","foundingDate":"2020-03-09","vatID":"TR1601485625","taxID":"1601485625","numberOfEmployees":{"@type":"QuantitativeValue","minValue":"51","maxValue":"200"},"publishingPrinciples":"https:\/\/estherian.com\/tr\/sartlar-ve-kosullar\/","actionableFeedbackPolicy":"https:\/\/estherian.com\/tr\/gizlilik-politikasi\/","correctionsPolicy":"https:\/\/estherian.com\/tr\/gizlilik-politikasi\/","ethicsPolicy":"https:\/\/estherian.com\/tr\/gizlilik-politikasi\/","diversityPolicy":"https:\/\/estherian.com\/tr\/gizlilik-politikasi\/","diversityStaffingReport":"https:\/\/estherian.com\/tr\/gizlilik-politikasi\/"},{"@type":"Person","@id":"https:\/\/estherian.com\/de\/#\/schema\/person\/0b1452799c3700afbfcfd3a0f5e64732","name":"ferhatk","image":{"@type":"ImageObject","inLanguage":"de","@id":"https:\/\/secure.gravatar.com\/avatar\/5192156a410fa37c70ea8d4f0d01782533c470a75971ae114e5cd116be51ca05?s=96&d=mm&r=g","url":"https:\/\/secure.gravatar.com\/avatar\/5192156a410fa37c70ea8d4f0d01782533c470a75971ae114e5cd116be51ca05?s=96&d=mm&r=g","contentUrl":"https:\/\/secure.gravatar.com\/avatar\/5192156a410fa37c70ea8d4f0d01782533c470a75971ae114e5cd116be51ca05?s=96&d=mm&r=g","caption":"ferhatk"},"sameAs":["https:\/\/v2.estherian.com"]}]}},"_links":{"self":[{"href":"https:\/\/estherian.com\/de\/wp-json\/wp\/v2\/pages\/24578","targetHints":{"allow":["GET"]}}],"collection":[{"href":"https:\/\/estherian.com\/de\/wp-json\/wp\/v2\/pages"}],"about":[{"href":"https:\/\/estherian.com\/de\/wp-json\/wp\/v2\/types\/page"}],"author":[{"embeddable":true,"href":"https:\/\/estherian.com\/de\/wp-json\/wp\/v2\/users\/1"}],"replies":[{"embeddable":true,"href":"https:\/\/estherian.com\/de\/wp-json\/wp\/v2\/comments?post=24578"}],"version-history":[{"count":0,"href":"https:\/\/estherian.com\/de\/wp-json\/wp\/v2\/pages\/24578\/revisions"}],"wp:featuredmedia":[{"embeddable":true,"href":"https:\/\/estherian.com\/de\/wp-json\/wp\/v2\/media\/28580"}],"wp:attachment":[{"href":"https:\/\/estherian.com\/de\/wp-json\/wp\/v2\/media?parent=24578"}],"curies":[{"name":"wp","href":"https:\/\/api.w.org\/{rel}","templated":true}]}}