{"id":24584,"date":"2024-11-25T13:15:01","date_gmt":"2024-11-25T10:15:01","guid":{"rendered":"https:\/\/estherian.com\/?page_id=24584"},"modified":"2025-10-20T10:43:57","modified_gmt":"2025-10-20T07:43:57","slug":"oberschenkelstraffung","status":"publish","type":"page","link":"https:\/\/estherian.com\/de\/oberschenkelstraffung\/","title":{"rendered":"Oberschenkelstraffung"},"content":{"rendered":"\n<h2 class=\"wp-block-heading\" id=\"h-was-ist-eine-operation-zur-oberschenkelstraffung\">Was ist eine Operation zur Oberschenkelstraffung?<\/h2>\n\n\n\n<p>Bei einer Oberschenkelstraffung werden \u00fcbersch\u00fcssige Haut und Fett an der Innen- oder Au\u00dfenseite der Oberschenkel entfernt. Im Allgemeinen sind Alterung, massiver Gewichtsverlust und Schwierigkeiten beim Tragen von Kleidung aufgrund schwerer Oberschenkel die h\u00e4ufigsten Gr\u00fcnde, warum Sie eine Oberschenkelstraffung in Betracht ziehen sollten.<\/p>\n\n\n\n<div class=\"wp-block-columns is-layout-flex wp-container-core-columns-is-layout-9d6595d7 wp-block-columns-is-layout-flex\">\n<div class=\"wp-block-column is-layout-flow wp-block-column-is-layout-flow\">\n<figure class=\"wp-block-image size-full\"><img decoding=\"async\" width=\"410\" height=\"415\" src=\"https:\/\/estherian.com\/wp-content\/uploads\/icon-thigh-lift-01.png\" alt=\"\" class=\"wp-image-22014\" srcset=\"https:\/\/estherian.com\/wp-content\/uploads\/icon-thigh-lift-01.png 410w, https:\/\/estherian.com\/wp-content\/uploads\/icon-thigh-lift-01-381x386.png 381w\" sizes=\"(max-width: 410px) 100vw, 410px\" \/><\/figure>\n<\/div>\n\n\n\n<div class=\"wp-block-column is-layout-flow wp-block-column-is-layout-flow\">\n<h2 class=\"wp-block-heading\" id=\"h-verfahren-zur-oberschenkelstraffung\">Verfahren zur Oberschenkelstraffung<\/h2>\n\n\n\n<h3 class=\"wp-block-heading\" id=\"h-vor-der-operation\">VOR DER OPERATION<\/h3>\n\n\n\n<p>Vor der Operation f\u00fchrt der Arzt Tests durch, um sicherzustellen, dass der Patient f\u00fcr die Operation geeignet ist.<\/p>\n\n\n\n<p>Der Chirurg wird Ihnen Anweisungen geben und alle Ihre Fragen beantworten.<\/p>\n<\/div>\n<\/div>\n\n\n\n<div class=\"wp-block-columns is-layout-flex wp-container-core-columns-is-layout-9d6595d7 wp-block-columns-is-layout-flex\">\n<div class=\"wp-block-column is-layout-flow wp-block-column-is-layout-flow\">\n<figure class=\"wp-block-image size-full\"><img decoding=\"async\" width=\"429\" height=\"496\" src=\"https:\/\/estherian.com\/wp-content\/uploads\/icon-thigh-lift-front.png\" alt=\"\" class=\"wp-image-22018\" srcset=\"https:\/\/estherian.com\/wp-content\/uploads\/icon-thigh-lift-front.png 429w, https:\/\/estherian.com\/wp-content\/uploads\/icon-thigh-lift-front-334x386.png 334w\" sizes=\"(max-width: 429px) 100vw, 429px\" \/><\/figure>\n<\/div>\n\n\n\n<div class=\"wp-block-column is-layout-flow wp-block-column-is-layout-flow\">\n<h3 class=\"wp-block-heading\" id=\"h-wahrend-des-betriebs\">W\u00c4HREND DES BETRIEBS<\/h3>\n\n\n\n<p>Wenn der Patient \u00fcbersch\u00fcssiges Fett an den Oberschenkeln hat, wird der Chirurg zun\u00e4chst das \u00fcbersch\u00fcssige Fett entfernen.<\/p>\n\n\n\n<p>Dann werden erschlaffte Hautpartien identifiziert und Einschnitte vorgenommen, um die \u00fcbersch\u00fcssige Haut zu entfernen.<\/p>\n\n\n\n<p>Schlie\u00dflich werden beide Seiten der Haut vern\u00e4ht und geschlossen, um den Eingriff abzuschlie\u00dfen.<\/p>\n\n\n\n<h3 class=\"wp-block-heading\" id=\"h-nach-der-operation\">NACH DER OPERATION<\/h3>\n\n\n\n<p>Die Erholungsphase dauert etwa zwei bis drei Wochen, und die Ergebnisse sind sofort sichtbar.<\/p>\n\n\n\n<p>Eine signifikante Ver\u00e4nderung ist beim Umfang der Beine festzustellen.<\/p>\n\n\n\n<p>Die endg\u00fcltigen Ergebnisse erscheinen, nachdem der Tumor vollst\u00e4ndig zur\u00fcckgegangen ist.<\/p>\n<\/div>\n<\/div>\n\n\n\n<div class=\"wp-block-columns is-layout-flex wp-container-core-columns-is-layout-9d6595d7 wp-block-columns-is-layout-flex\">\n<div class=\"wp-block-column is-layout-flow wp-block-column-is-layout-flow\">\n<h2 class=\"wp-block-heading\" id=\"h-wer-ist-ein-guter-kandidat-fur-eine-oberschenkelstraffung\">Wer ist ein guter Kandidat f\u00fcr eine Oberschenkelstraffung?<\/h2>\n\n\n\n<ul class=\"wp-block-list\">\n<li>BMI von mehr als 30%<\/li>\n\n\n\n<li>gesund<\/li>\n\n\n\n<li>Nichtraucher<\/li>\n\n\n\n<li>\u00dcbersch\u00fcssiges Fettgewebe im Bereich der inneren, medialen oder lateralen Oberschenkel<\/li>\n<\/ul>\n\n\n\n<h3 class=\"wp-block-heading\" id=\"h-wie-wahle-ich-einen-plastischen-chirurgen-fur-eine-oberschenkelstraffung-aus\">Wie w\u00e4hle ich einen plastischen Chirurgen f\u00fcr eine Oberschenkelstraffung aus?<\/h3>\n\n\n\n<p>Vergewissern Sie sich, dass der Chirurg \u00fcber mindestens 6 Jahre Erfahrung nach dem Medizinstudium verf\u00fcgt und<\/p>\n\n\n\n<h3 class=\"wp-block-heading\" id=\"h-risiken-einer-operation-zur-oberschenkelstraffung\">Risiken einer Operation zur Oberschenkelstraffung<\/h3>\n\n\n\n<ol class=\"wp-block-list\">\n<li>Risiken bei der An\u00e4sthesie<\/li>\n\n\n\n<li>Bluterg\u00fcsse<\/li>\n\n\n\n<li>Fl\u00fcssigkeitsansammlungen<\/li>\n\n\n\n<li>Infektion<\/li>\n\n\n\n<li>Schwellung<\/li>\n\n\n\n<li>schlechte Wundheilung<\/li>\n\n\n\n<li>Empfindlichkeit der Haut<\/li>\n<\/ol>\n<\/div>\n\n\n\n<div class=\"wp-block-column is-layout-flow wp-block-column-is-layout-flow\">\n<figure class=\"wp-block-image size-full\"><img decoding=\"async\" width=\"800\" height=\"786\" src=\"https:\/\/estherian.com\/wp-content\/uploads\/thigh-lift-1.png\" alt=\"\" class=\"wp-image-23633\" srcset=\"https:\/\/estherian.com\/wp-content\/uploads\/thigh-lift-1.png 800w, https:\/\/estherian.com\/wp-content\/uploads\/thigh-lift-1-386x379.png 386w, https:\/\/estherian.com\/wp-content\/uploads\/thigh-lift-1-768x755.png 768w\" sizes=\"(max-width: 800px) 100vw, 800px\" \/><\/figure>\n<\/div>\n<\/div>\n\n\n\n<div class=\"wp-block-columns is-layout-flex wp-container-core-columns-is-layout-9d6595d7 wp-block-columns-is-layout-flex\">\n<div class=\"wp-block-column is-layout-flow wp-block-column-is-layout-flow\">\n<figure class=\"wp-block-image size-full\"><img decoding=\"async\" width=\"602\" height=\"1000\" src=\"https:\/\/estherian.com\/wp-content\/uploads\/thigh-lift-estherian-3.png\" alt=\"\" class=\"wp-image-22022\" srcset=\"https:\/\/estherian.com\/wp-content\/uploads\/thigh-lift-estherian-3.png 602w, https:\/\/estherian.com\/wp-content\/uploads\/thigh-lift-estherian-3-232x386.png 232w\" sizes=\"(max-width: 602px) 100vw, 602px\" \/><\/figure>\n<\/div>\n\n\n\n<div class=\"wp-block-column is-layout-flow wp-block-column-is-layout-flow\">\n<h3 class=\"wp-block-heading\" id=\"h-erholungszeit-oberschenkelstraffung\">Erholungszeit Oberschenkelstraffung<\/h3>\n\n\n\n<p>Sie werden spezifische Anweisungen erhalten, die Folgendes beinhalten k\u00f6nnen<\/p>\n\n\n\n<ul class=\"wp-block-list\">\n<li>Wie die Operationsstelle(n) zu pflegen ist\/sind<\/li>\n\n\n\n<li>Medikamente, die Sie oral einnehmen werden<\/li>\n\n\n\n<li>Spezifische Probleme, auf die Sie an der Operationsstelle oder bei Ihrem allgemeinen Gesundheitszustand achten sollten<\/li>\n\n\n\n<li>Wann Sie sich bei Ihrem plastischen Chirurgen melden m\u00fcssen<\/li>\n<\/ul>\n\n\n\n<h4 class=\"wp-block-heading\" id=\"h-wie-viel-kostet-eine-operation-zur-oberschenkelstraffung\">Wie viel kostet eine Operation zur Oberschenkelstraffung?<\/h4>\n\n\n\n<p>Die Preise f\u00fcr eine Oberschenkelstraffung sind von Patient zu Patient unterschiedlich, da die Technik<\/p>\n\n\n\n<p>Der Preis h\u00e4ngt in hohem Ma\u00dfe von den verwendeten Methoden und den abzusaugenden Bereichen ab, und die Preise der Operation k\u00f6nnen variieren, wenn sie mit anderen Eingriffen kombiniert werden.<\/p>\n<\/div>\n<\/div>\n\n\n\n<h2 class=\"wp-block-heading\" id=\"h-faqs-zur-oberschenkelstraffung\">FAQs zur Oberschenkelstraffung<\/h2>\n\n\n\n<h3 class=\"wp-block-heading\" id=\"h-was-ist-eine-operation-zur-oberschenkelstraffung-0\">Was ist eine Operation zur Oberschenkelstraffung?<\/h3>\n\n\n\n<p>Bei der Oberschenkelstraffung handelt es sich um einen kosmetischen Eingriff, bei dem \u00fcbersch\u00fcssige Haut und Fett an der Innen- oder Au\u00dfenseite der Oberschenkel entfernt werden. Dieser Eingriff wird h\u00e4ufig aufgrund des Alterns, einer erheblichen Gewichtsabnahme oder aufgrund von Schwierigkeiten beim Tragen von Kleidung wegen schwerer Oberschenkel durchgef\u00fchrt.<\/p>\n\n\n\n<h3 class=\"wp-block-heading\" id=\"h-wer-ist-ein-guter-kandidat-fur-eine-oberschenkelstraffung-0\">Wer ist ein guter Kandidat f\u00fcr eine Oberschenkelstraffung?<\/h3>\n\n\n\n<ul class=\"wp-block-list\">\n<li>Personen mit einem BMI von mehr als 30%<\/li>\n\n\n\n<li><strong>Gesunde, Nichtraucher<\/strong><\/li>\n\n\n\n<li>Menschen mit \u00fcbersch\u00fcssigem Fettgewebe im inneren, medialen oder seitlichen Oberschenkelbereich<\/li>\n\n\n\n<li>Diejenigen mit realistischen Erwartungen an die Ergebnisse<\/li>\n<\/ul>\n\n\n\n<h3 class=\"wp-block-heading\" id=\"h-wie-viel-kostet-eine-operation-zur-oberschenkelstraffung-0\">Wie viel kostet eine Operation zur Oberschenkelstraffung?<\/h3>\n\n\n\n<ul class=\"wp-block-list\">\n<li>Die Kosten h\u00e4ngen von der angewandten Technik, dem Umfang des Eingriffs und davon ab, ob die Oberschenkelstraffung mit anderen Eingriffen kombiniert wird. Wenden Sie sich an Ihren Chirurgen, um einen detaillierten Kostenvoranschlag zu erhalten.<\/li>\n<\/ul>\n\n\n\n<p><\/p>\n","protected":false},"excerpt":{"rendered":"<p>Was ist eine Operation zur Oberschenkelstraffung? Bei einer Oberschenkelstraffung werden \u00fcbersch\u00fcssige Haut und Fett an der Innen- oder Au\u00dfenseite der Oberschenkel entfernt. Im Allgemeinen sind Alterung, massiver Gewichtsverlust und Schwierigkeiten beim Tragen von Kleidung aufgrund schwerer Oberschenkel die h\u00e4ufigsten Gr\u00fcnde, warum Sie eine Oberschenkelstraffung in Betracht ziehen sollten. Verfahren zur Oberschenkelstraffung VOR DER OPERATION Vor&hellip;<\/p>\n","protected":false},"author":1,"featured_media":29206,"parent":0,"menu_order":10,"comment_status":"closed","ping_status":"closed","template":"","meta":{"footnotes":""},"class_list":["post-24584","page","type-page","status-publish","has-post-thumbnail","hentry","description-off"],"yoast_head":"<!-- This site is optimized with the Yoast SEO Premium plugin v27.3 (Yoast SEO v27.3) - https:\/\/yoast.com\/product\/yoast-seo-premium-wordpress\/ -->\n<title>Oberschenkelstraffung | Estherian Clinic<\/title>\n<meta name=\"robots\" content=\"index, follow, max-snippet:-1, max-image-preview:large, max-video-preview:-1\" \/>\n<link rel=\"canonical\" href=\"https:\/\/estherian.com\/de\/oberschenkelstraffung\/\" \/>\n<meta property=\"og:locale\" content=\"de_DE\" \/>\n<meta property=\"og:type\" content=\"article\" \/>\n<meta property=\"og:title\" content=\"Oberschenkelstraffung\" \/>\n<meta property=\"og:description\" content=\"Looks better with Estherian Clinic. Plastic Surgery, Dental treatments and more beautiful services!\" \/>\n<meta property=\"og:url\" content=\"https:\/\/estherian.com\/de\/oberschenkelstraffung\/\" \/>\n<meta property=\"og:site_name\" content=\"Estherian Clinic\" \/>\n<meta property=\"article:publisher\" content=\"https:\/\/www.facebook.com\/estherianclinic.en\" \/>\n<meta property=\"article:modified_time\" content=\"2025-10-20T07:43:57+00:00\" \/>\n<meta property=\"og:image\" content=\"https:\/\/estherian.com\/wp-content\/uploads\/thigh_lift_turkey_1920x1080.jpg\" \/>\n\t<meta property=\"og:image:width\" content=\"1920\" \/>\n\t<meta property=\"og:image:height\" content=\"1080\" \/>\n\t<meta property=\"og:image:type\" content=\"image\/jpeg\" \/>\n<meta name=\"twitter:card\" content=\"summary_large_image\" \/>\n<meta name=\"twitter:site\" content=\"@EstherianTr\" \/>\n<meta name=\"twitter:label1\" content=\"Gesch\u00e4tzte Lesezeit\" \/>\n\t<meta name=\"twitter:data1\" content=\"4\u00a0Minuten\" \/>\n<script type=\"application\/ld+json\" class=\"yoast-schema-graph\">{\"@context\":\"https:\\\/\\\/schema.org\",\"@graph\":[{\"@type\":\"Article\",\"@id\":\"https:\\\/\\\/estherian.com\\\/de\\\/oberschenkelstraffung\\\/#article\",\"isPartOf\":{\"@id\":\"https:\\\/\\\/estherian.com\\\/de\\\/oberschenkelstraffung\\\/\"},\"author\":{\"name\":\"ferhatk\",\"@id\":\"https:\\\/\\\/estherian.com\\\/de\\\/#\\\/schema\\\/person\\\/0b1452799c3700afbfcfd3a0f5e64732\"},\"headline\":\"Oberschenkelstraffung\",\"datePublished\":\"2024-11-25T10:15:01+00:00\",\"dateModified\":\"2025-10-20T07:43:57+00:00\",\"mainEntityOfPage\":{\"@id\":\"https:\\\/\\\/estherian.com\\\/de\\\/oberschenkelstraffung\\\/\"},\"wordCount\":503,\"publisher\":{\"@id\":\"https:\\\/\\\/estherian.com\\\/de\\\/#organization\"},\"image\":{\"@id\":\"https:\\\/\\\/estherian.com\\\/de\\\/oberschenkelstraffung\\\/#primaryimage\"},\"thumbnailUrl\":\"https:\\\/\\\/estherian.com\\\/wp-content\\\/uploads\\\/thigh_lift_turkey_1920x1080.jpg\",\"inLanguage\":\"de\"},{\"@type\":\"WebPage\",\"@id\":\"https:\\\/\\\/estherian.com\\\/de\\\/oberschenkelstraffung\\\/\",\"url\":\"https:\\\/\\\/estherian.com\\\/de\\\/oberschenkelstraffung\\\/\",\"name\":\"Oberschenkelstraffung | Estherian Clinic\",\"isPartOf\":{\"@id\":\"https:\\\/\\\/estherian.com\\\/de\\\/#website\"},\"primaryImageOfPage\":{\"@id\":\"https:\\\/\\\/estherian.com\\\/de\\\/oberschenkelstraffung\\\/#primaryimage\"},\"image\":{\"@id\":\"https:\\\/\\\/estherian.com\\\/de\\\/oberschenkelstraffung\\\/#primaryimage\"},\"thumbnailUrl\":\"https:\\\/\\\/estherian.com\\\/wp-content\\\/uploads\\\/thigh_lift_turkey_1920x1080.jpg\",\"datePublished\":\"2024-11-25T10:15:01+00:00\",\"dateModified\":\"2025-10-20T07:43:57+00:00\",\"breadcrumb\":{\"@id\":\"https:\\\/\\\/estherian.com\\\/de\\\/oberschenkelstraffung\\\/#breadcrumb\"},\"inLanguage\":\"de\",\"potentialAction\":[{\"@type\":\"ReadAction\",\"target\":[\"https:\\\/\\\/estherian.com\\\/de\\\/oberschenkelstraffung\\\/\"]}]},{\"@type\":\"ImageObject\",\"inLanguage\":\"de\",\"@id\":\"https:\\\/\\\/estherian.com\\\/de\\\/oberschenkelstraffung\\\/#primaryimage\",\"url\":\"https:\\\/\\\/estherian.com\\\/wp-content\\\/uploads\\\/thigh_lift_turkey_1920x1080.jpg\",\"contentUrl\":\"https:\\\/\\\/estherian.com\\\/wp-content\\\/uploads\\\/thigh_lift_turkey_1920x1080.jpg\",\"width\":1920,\"height\":1080},{\"@type\":\"BreadcrumbList\",\"@id\":\"https:\\\/\\\/estherian.com\\\/de\\\/oberschenkelstraffung\\\/#breadcrumb\",\"itemListElement\":[{\"@type\":\"ListItem\",\"position\":1,\"name\":\"Home\",\"item\":\"https:\\\/\\\/estherian.com\\\/de\\\/\"},{\"@type\":\"ListItem\",\"position\":2,\"name\":\"Oberschenkelstraffung\"}]},{\"@type\":\"WebSite\",\"@id\":\"https:\\\/\\\/estherian.com\\\/de\\\/#website\",\"url\":\"https:\\\/\\\/estherian.com\\\/de\\\/\",\"name\":\"Estherian Clinic\",\"description\":\"Plastic Surgery | Dental | Hair Transplant in Turkey\",\"publisher\":{\"@id\":\"https:\\\/\\\/estherian.com\\\/de\\\/#organization\"},\"potentialAction\":[{\"@type\":\"SearchAction\",\"target\":{\"@type\":\"EntryPoint\",\"urlTemplate\":\"https:\\\/\\\/estherian.com\\\/de\\\/?s={search_term_string}\"},\"query-input\":{\"@type\":\"PropertyValueSpecification\",\"valueRequired\":true,\"valueName\":\"search_term_string\"}}],\"inLanguage\":\"de\"},{\"@type\":\"Organization\",\"@id\":\"https:\\\/\\\/estherian.com\\\/de\\\/#organization\",\"name\":\"Estherian Clinic\",\"alternateName\":\"Estherian\",\"url\":\"https:\\\/\\\/estherian.com\\\/de\\\/\",\"logo\":{\"@type\":\"ImageObject\",\"inLanguage\":\"de\",\"@id\":\"https:\\\/\\\/estherian.com\\\/de\\\/#\\\/schema\\\/logo\\\/image\\\/\",\"url\":\"https:\\\/\\\/estherian.com\\\/wp-content\\\/uploads\\\/2024\\\/10\\\/EstherianLogo.png\",\"contentUrl\":\"https:\\\/\\\/estherian.com\\\/wp-content\\\/uploads\\\/2024\\\/10\\\/EstherianLogo.png\",\"width\":882,\"height\":934,\"caption\":\"Estherian Clinic\"},\"image\":{\"@id\":\"https:\\\/\\\/estherian.com\\\/de\\\/#\\\/schema\\\/logo\\\/image\\\/\"},\"sameAs\":[\"https:\\\/\\\/www.facebook.com\\\/estherianclinic.en\",\"https:\\\/\\\/x.com\\\/EstherianTr\",\"https:\\\/\\\/www.instagram.com\\\/estherianclinic\\\/\",\"https:\\\/\\\/www.tiktok.com\\\/@estherian.clinic\",\"https:\\\/\\\/www.youtube.com\\\/estherianclinic\"],\"email\":\"hi@estherian.com\",\"telephone\":\"+90-544-169-9000\",\"legalName\":\"ESTHERIAN CLINIC SA\u011eLIK H\u0130ZMETLER\u0130 SAN. T\u0130C. LTD. \u015eT\u0130.\",\"foundingDate\":\"2020-03-09\",\"vatID\":\"TR1601485625\",\"taxID\":\"1601485625\",\"numberOfEmployees\":{\"@type\":\"QuantitativeValue\",\"minValue\":\"51\",\"maxValue\":\"200\"},\"publishingPrinciples\":\"https:\\\/\\\/estherian.com\\\/tr\\\/sartlar-ve-kosullar\\\/\",\"actionableFeedbackPolicy\":\"https:\\\/\\\/estherian.com\\\/tr\\\/gizlilik-politikasi\\\/\",\"correctionsPolicy\":\"https:\\\/\\\/estherian.com\\\/tr\\\/gizlilik-politikasi\\\/\",\"ethicsPolicy\":\"https:\\\/\\\/estherian.com\\\/tr\\\/gizlilik-politikasi\\\/\",\"diversityPolicy\":\"https:\\\/\\\/estherian.com\\\/tr\\\/gizlilik-politikasi\\\/\",\"diversityStaffingReport\":\"https:\\\/\\\/estherian.com\\\/tr\\\/gizlilik-politikasi\\\/\"},{\"@type\":\"Person\",\"@id\":\"https:\\\/\\\/estherian.com\\\/de\\\/#\\\/schema\\\/person\\\/0b1452799c3700afbfcfd3a0f5e64732\",\"name\":\"ferhatk\",\"image\":{\"@type\":\"ImageObject\",\"inLanguage\":\"de\",\"@id\":\"https:\\\/\\\/secure.gravatar.com\\\/avatar\\\/5192156a410fa37c70ea8d4f0d01782533c470a75971ae114e5cd116be51ca05?s=96&d=mm&r=g\",\"url\":\"https:\\\/\\\/secure.gravatar.com\\\/avatar\\\/5192156a410fa37c70ea8d4f0d01782533c470a75971ae114e5cd116be51ca05?s=96&d=mm&r=g\",\"contentUrl\":\"https:\\\/\\\/secure.gravatar.com\\\/avatar\\\/5192156a410fa37c70ea8d4f0d01782533c470a75971ae114e5cd116be51ca05?s=96&d=mm&r=g\",\"caption\":\"ferhatk\"},\"sameAs\":[\"https:\\\/\\\/v2.estherian.com\"]}]}<\/script>\n<!-- \/ Yoast SEO Premium plugin. -->","yoast_head_json":{"title":"Oberschenkelstraffung | Estherian Clinic","robots":{"index":"index","follow":"follow","max-snippet":"max-snippet:-1","max-image-preview":"max-image-preview:large","max-video-preview":"max-video-preview:-1"},"canonical":"https:\/\/estherian.com\/de\/oberschenkelstraffung\/","og_locale":"de_DE","og_type":"article","og_title":"Oberschenkelstraffung","og_description":"Looks better with Estherian Clinic. Plastic Surgery, Dental treatments and more beautiful services!","og_url":"https:\/\/estherian.com\/de\/oberschenkelstraffung\/","og_site_name":"Estherian Clinic","article_publisher":"https:\/\/www.facebook.com\/estherianclinic.en","article_modified_time":"2025-10-20T07:43:57+00:00","og_image":[{"width":1920,"height":1080,"url":"https:\/\/estherian.com\/wp-content\/uploads\/thigh_lift_turkey_1920x1080.jpg","type":"image\/jpeg"}],"twitter_card":"summary_large_image","twitter_site":"@EstherianTr","twitter_misc":{"Gesch\u00e4tzte Lesezeit":"4\u00a0Minuten"},"schema":{"@context":"https:\/\/schema.org","@graph":[{"@type":"Article","@id":"https:\/\/estherian.com\/de\/oberschenkelstraffung\/#article","isPartOf":{"@id":"https:\/\/estherian.com\/de\/oberschenkelstraffung\/"},"author":{"name":"ferhatk","@id":"https:\/\/estherian.com\/de\/#\/schema\/person\/0b1452799c3700afbfcfd3a0f5e64732"},"headline":"Oberschenkelstraffung","datePublished":"2024-11-25T10:15:01+00:00","dateModified":"2025-10-20T07:43:57+00:00","mainEntityOfPage":{"@id":"https:\/\/estherian.com\/de\/oberschenkelstraffung\/"},"wordCount":503,"publisher":{"@id":"https:\/\/estherian.com\/de\/#organization"},"image":{"@id":"https:\/\/estherian.com\/de\/oberschenkelstraffung\/#primaryimage"},"thumbnailUrl":"https:\/\/estherian.com\/wp-content\/uploads\/thigh_lift_turkey_1920x1080.jpg","inLanguage":"de"},{"@type":"WebPage","@id":"https:\/\/estherian.com\/de\/oberschenkelstraffung\/","url":"https:\/\/estherian.com\/de\/oberschenkelstraffung\/","name":"Oberschenkelstraffung | Estherian Clinic","isPartOf":{"@id":"https:\/\/estherian.com\/de\/#website"},"primaryImageOfPage":{"@id":"https:\/\/estherian.com\/de\/oberschenkelstraffung\/#primaryimage"},"image":{"@id":"https:\/\/estherian.com\/de\/oberschenkelstraffung\/#primaryimage"},"thumbnailUrl":"https:\/\/estherian.com\/wp-content\/uploads\/thigh_lift_turkey_1920x1080.jpg","datePublished":"2024-11-25T10:15:01+00:00","dateModified":"2025-10-20T07:43:57+00:00","breadcrumb":{"@id":"https:\/\/estherian.com\/de\/oberschenkelstraffung\/#breadcrumb"},"inLanguage":"de","potentialAction":[{"@type":"ReadAction","target":["https:\/\/estherian.com\/de\/oberschenkelstraffung\/"]}]},{"@type":"ImageObject","inLanguage":"de","@id":"https:\/\/estherian.com\/de\/oberschenkelstraffung\/#primaryimage","url":"https:\/\/estherian.com\/wp-content\/uploads\/thigh_lift_turkey_1920x1080.jpg","contentUrl":"https:\/\/estherian.com\/wp-content\/uploads\/thigh_lift_turkey_1920x1080.jpg","width":1920,"height":1080},{"@type":"BreadcrumbList","@id":"https:\/\/estherian.com\/de\/oberschenkelstraffung\/#breadcrumb","itemListElement":[{"@type":"ListItem","position":1,"name":"Home","item":"https:\/\/estherian.com\/de\/"},{"@type":"ListItem","position":2,"name":"Oberschenkelstraffung"}]},{"@type":"WebSite","@id":"https:\/\/estherian.com\/de\/#website","url":"https:\/\/estherian.com\/de\/","name":"Estherian Clinic","description":"Plastic Surgery | Dental | Hair Transplant in Turkey","publisher":{"@id":"https:\/\/estherian.com\/de\/#organization"},"potentialAction":[{"@type":"SearchAction","target":{"@type":"EntryPoint","urlTemplate":"https:\/\/estherian.com\/de\/?s={search_term_string}"},"query-input":{"@type":"PropertyValueSpecification","valueRequired":true,"valueName":"search_term_string"}}],"inLanguage":"de"},{"@type":"Organization","@id":"https:\/\/estherian.com\/de\/#organization","name":"Estherian Clinic","alternateName":"Estherian","url":"https:\/\/estherian.com\/de\/","logo":{"@type":"ImageObject","inLanguage":"de","@id":"https:\/\/estherian.com\/de\/#\/schema\/logo\/image\/","url":"https:\/\/estherian.com\/wp-content\/uploads\/2024\/10\/EstherianLogo.png","contentUrl":"https:\/\/estherian.com\/wp-content\/uploads\/2024\/10\/EstherianLogo.png","width":882,"height":934,"caption":"Estherian Clinic"},"image":{"@id":"https:\/\/estherian.com\/de\/#\/schema\/logo\/image\/"},"sameAs":["https:\/\/www.facebook.com\/estherianclinic.en","https:\/\/x.com\/EstherianTr","https:\/\/www.instagram.com\/estherianclinic\/","https:\/\/www.tiktok.com\/@estherian.clinic","https:\/\/www.youtube.com\/estherianclinic"],"email":"hi@estherian.com","telephone":"+90-544-169-9000","legalName":"ESTHERIAN CLINIC SA\u011eLIK H\u0130ZMETLER\u0130 SAN. T\u0130C. LTD. \u015eT\u0130.","foundingDate":"2020-03-09","vatID":"TR1601485625","taxID":"1601485625","numberOfEmployees":{"@type":"QuantitativeValue","minValue":"51","maxValue":"200"},"publishingPrinciples":"https:\/\/estherian.com\/tr\/sartlar-ve-kosullar\/","actionableFeedbackPolicy":"https:\/\/estherian.com\/tr\/gizlilik-politikasi\/","correctionsPolicy":"https:\/\/estherian.com\/tr\/gizlilik-politikasi\/","ethicsPolicy":"https:\/\/estherian.com\/tr\/gizlilik-politikasi\/","diversityPolicy":"https:\/\/estherian.com\/tr\/gizlilik-politikasi\/","diversityStaffingReport":"https:\/\/estherian.com\/tr\/gizlilik-politikasi\/"},{"@type":"Person","@id":"https:\/\/estherian.com\/de\/#\/schema\/person\/0b1452799c3700afbfcfd3a0f5e64732","name":"ferhatk","image":{"@type":"ImageObject","inLanguage":"de","@id":"https:\/\/secure.gravatar.com\/avatar\/5192156a410fa37c70ea8d4f0d01782533c470a75971ae114e5cd116be51ca05?s=96&d=mm&r=g","url":"https:\/\/secure.gravatar.com\/avatar\/5192156a410fa37c70ea8d4f0d01782533c470a75971ae114e5cd116be51ca05?s=96&d=mm&r=g","contentUrl":"https:\/\/secure.gravatar.com\/avatar\/5192156a410fa37c70ea8d4f0d01782533c470a75971ae114e5cd116be51ca05?s=96&d=mm&r=g","caption":"ferhatk"},"sameAs":["https:\/\/v2.estherian.com"]}]}},"_links":{"self":[{"href":"https:\/\/estherian.com\/de\/wp-json\/wp\/v2\/pages\/24584","targetHints":{"allow":["GET"]}}],"collection":[{"href":"https:\/\/estherian.com\/de\/wp-json\/wp\/v2\/pages"}],"about":[{"href":"https:\/\/estherian.com\/de\/wp-json\/wp\/v2\/types\/page"}],"author":[{"embeddable":true,"href":"https:\/\/estherian.com\/de\/wp-json\/wp\/v2\/users\/1"}],"replies":[{"embeddable":true,"href":"https:\/\/estherian.com\/de\/wp-json\/wp\/v2\/comments?post=24584"}],"version-history":[{"count":0,"href":"https:\/\/estherian.com\/de\/wp-json\/wp\/v2\/pages\/24584\/revisions"}],"wp:featuredmedia":[{"embeddable":true,"href":"https:\/\/estherian.com\/de\/wp-json\/wp\/v2\/media\/29206"}],"wp:attachment":[{"href":"https:\/\/estherian.com\/de\/wp-json\/wp\/v2\/media?parent=24584"}],"curies":[{"name":"wp","href":"https:\/\/api.w.org\/{rel}","templated":true}]}}