{"id":22238,"date":"2024-11-22T09:52:46","date_gmt":"2024-11-22T06:52:46","guid":{"rendered":"https:\/\/v2.estherian.com\/?page_id=22238"},"modified":"2025-04-11T09:19:48","modified_gmt":"2025-04-11T09:19:48","slug":"lifting-des-sourcils","status":"publish","type":"page","link":"https:\/\/estherian.com\/fr\/lifting-des-sourcils\/","title":{"rendered":"lifting des sourcils en Turquie"},"content":{"rendered":"\n<h2 class=\"wp-block-heading\" id=\"h-qu-est-ce-que-l-operation-des-paupieres\"><strong>Qu&rsquo;est-ce que l&rsquo;op\u00e9ration des paupi\u00e8res ?<\/strong><\/h2>\n\n\n\n<p>La chirurgie des paupi\u00e8res, \u00e9galement appel\u00e9e bl\u00e9pharoplastie, est une intervention esth\u00e9tique visant \u00e0 am\u00e9liorer l&rsquo;apparence des paupi\u00e8res. Elle consiste \u00e0 retirer l&rsquo;exc\u00e8s de peau ou de graisse pour traiter des probl\u00e8mes tels que les paupi\u00e8res tombantes ou en capuchon, les poches sous les yeux ou les gonflements. La chirurgie des paupi\u00e8res peut traiter la peau l\u00e2che ou rel\u00e2ch\u00e9e, les rides sur les paupi\u00e8res sup\u00e9rieures et inf\u00e9rieures, les d\u00e9p\u00f4ts de graisse qui contribuent aux poches et les fines rides sur la paupi\u00e8re inf\u00e9rieure. Cette intervention permet de redonner aux yeux un aspect plus jeune et plus frais.<\/p>\n\n\n\n<div class=\"wp-block-columns is-layout-flex wp-container-core-columns-is-layout-9d6595d7 wp-block-columns-is-layout-flex\">\n<div class=\"wp-block-column is-layout-flow wp-block-column-is-layout-flow\">\n<h2 class=\"wp-block-heading\" id=\"h-procedure-de-chirurgie-des-paupieres\"><strong>Proc\u00e9dure de chirurgie des paupi\u00e8res<\/strong><\/h2>\n\n\n\n<h3 class=\"wp-block-heading\" id=\"h-avant-l-operation\">Avant l&rsquo;op\u00e9ration<\/h3>\n\n\n\n<p>Avant l&rsquo;op\u00e9ration, votre chirurgien proc\u00e9dera \u00e0 un examen approfondi, qui comprendra un test de vision afin de s&rsquo;assurer que l&rsquo;intervention est sans danger pour vous. Vos yeux seront \u00e9galement photographi\u00e9s sous diff\u00e9rents angles, ce qui permettra de planifier l&rsquo;intervention et d&rsquo;\u00e9valuer les effets imm\u00e9diats et \u00e0 long terme. Il est important que vous discutiez avec votre m\u00e9decin de vos attentes et de vos objectifs pour l&rsquo;intervention, afin de vous assurer que vous avez des r\u00e9sultats r\u00e9alistes en t\u00eate. En outre, il vous sera conseill\u00e9 d&rsquo;arr\u00eater de fumer plusieurs semaines avant l&rsquo;intervention afin de favoriser une cicatrisation optimale.<\/p>\n<\/div>\n\n\n\n<div class=\"wp-block-column is-layout-flow wp-block-column-is-layout-flow\">\n<figure class=\"wp-block-image size-full\"><img decoding=\"async\" width=\"391\" height=\"300\" src=\"https:\/\/estherian.com\/wp-content\/uploads\/eyelid-surgery1-01-1.png\" alt=\"\" class=\"wp-image-21956\" srcset=\"https:\/\/estherian.com\/wp-content\/uploads\/eyelid-surgery1-01-1.png 391w, https:\/\/estherian.com\/wp-content\/uploads\/eyelid-surgery1-01-1-386x296.png 386w\" sizes=\"(max-width: 391px) 100vw, 391px\" \/><\/figure>\n<\/div>\n<\/div>\n\n\n\n<div class=\"wp-block-columns is-layout-flex wp-container-core-columns-is-layout-9d6595d7 wp-block-columns-is-layout-flex\">\n<div class=\"wp-block-column is-layout-flow wp-block-column-is-layout-flow\">\n<h3 class=\"wp-block-heading\" id=\"h-pendant-l-operation\"><strong>Pendant l&rsquo;op\u00e9ration<\/strong><\/h3>\n\n\n\n<p>La bl\u00e9pharoplastie peut \u00eatre r\u00e9alis\u00e9e sous anesth\u00e9sie locale. Pour les paupi\u00e8res sup\u00e9rieures, l&rsquo;intervention dure g\u00e9n\u00e9ralement une heure. Le chirurgien pratique une incision le long du pli naturel de la paupi\u00e8re, enl\u00e8ve l&rsquo;exc\u00e8s de peau, de graisse ou de muscle, puis referme l&rsquo;incision. La cicatrice de cette intervention est g\u00e9n\u00e9ralement dissimul\u00e9e dans le pli naturel de la paupi\u00e8re. Pour les paupi\u00e8res inf\u00e9rieures, l&rsquo;intervention dure g\u00e9n\u00e9ralement jusqu&rsquo;\u00e0 deux heures. L&rsquo;incision peut \u00eatre pratiqu\u00e9e soit juste en dessous des cils inf\u00e9rieurs, soit \u00e0 l&rsquo;int\u00e9rieur de la paupi\u00e8re inf\u00e9rieure. La graisse peut \u00eatre repositionn\u00e9e ou retir\u00e9e des poches sous les yeux et, dans certains cas, une petite quantit\u00e9 de peau est retir\u00e9e. Le chirurgien peut \u00e9galement soutenir les muscles et les tendons de la paupi\u00e8re si n\u00e9cessaire avant de refermer l&rsquo;incision. Apr\u00e8s l&rsquo;op\u00e9ration, des bandes fines et collantes, appel\u00e9es bandes de suture, sont appliqu\u00e9es pour soutenir les paupi\u00e8res et sont g\u00e9n\u00e9ralement retir\u00e9es au bout d&rsquo;une semaine.<\/p>\n<\/div>\n\n\n\n<div class=\"wp-block-column is-layout-flow wp-block-column-is-layout-flow\"><\/div>\n<\/div>\n\n\n\n<div class=\"wp-block-columns is-layout-flex wp-container-core-columns-is-layout-9d6595d7 wp-block-columns-is-layout-flex\">\n<div class=\"wp-block-column is-layout-flow wp-block-column-is-layout-flow\">\n<h2 class=\"wp-block-heading\" id=\"h-apres-l-operation\"><strong>Apr\u00e8s l&rsquo;op\u00e9ration<\/strong><\/h2>\n\n\n\n<p>La plupart des patients peuvent rentrer chez eux le jour m\u00eame de l&rsquo;intervention. Le r\u00e9tablissement apr\u00e8s une op\u00e9ration des paupi\u00e8res prend g\u00e9n\u00e9ralement une semaine. Toutefois, des ecchymoses, des gonflements et des rougeurs peuvent persister pendant plusieurs semaines. Pour r\u00e9duire le gonflement, il est recommand\u00e9 d&rsquo;appliquer une compresse froide sur les yeux. Votre m\u00e9decin vous fournira des gouttes ou une pommade pour les yeux afin d&rsquo;apaiser la zone et de faciliter la cicatrisation. Il est essentiel d&rsquo;\u00e9viter de fumer, de nager et de pratiquer des activit\u00e9s intenses pendant la p\u00e9riode de convalescence afin de pr\u00e9venir les complications et de favoriser une gu\u00e9rison plus rapide.<\/p>\n<\/div>\n\n\n\n<div class=\"wp-block-column is-layout-flow wp-block-column-is-layout-flow\">\n<figure class=\"wp-block-image size-full\"><img decoding=\"async\" width=\"391\" height=\"300\" src=\"https:\/\/estherian.com\/wp-content\/uploads\/eyelid-surgery3-01-1.png\" alt=\"\" class=\"wp-image-21961\" srcset=\"https:\/\/estherian.com\/wp-content\/uploads\/eyelid-surgery3-01-1.png 391w, https:\/\/estherian.com\/wp-content\/uploads\/eyelid-surgery3-01-1-386x296.png 386w\" sizes=\"(max-width: 391px) 100vw, 391px\" \/><\/figure>\n<\/div>\n<\/div>\n\n\n\n<h2 class=\"wp-block-heading\" id=\"h-quand-la-chirurgie-des-paupieres-est-elle-recommandee\"><strong>Quand la chirurgie des paupi\u00e8res est-elle recommand\u00e9e ?<\/strong><\/h2>\n\n\n\n<p>La chirurgie des paupi\u00e8res peut \u00eatre recommand\u00e9e pour des raisons esth\u00e9tiques et fonctionnelles. Elle est g\u00e9n\u00e9ralement envisag\u00e9e pour les personnes souffrant des affections suivantes :<\/p>\n\n\n\n<ul class=\"wp-block-list\">\n<li><strong>Affaissement des paupi\u00e8res sup\u00e9rieures : <\/strong>Avec le temps, la peau perd de son \u00e9lasticit\u00e9 et les muscles peuvent s&rsquo;affaiblir, ce qui entra\u00eene un affaissement des paupi\u00e8res sup\u00e9rieures. Les yeux peuvent alors para\u00eetre fatigu\u00e9s et vieillis et, dans certains cas, l&rsquo;affaissement des paupi\u00e8res peut m\u00eame g\u00eaner la vision en r\u00e9tr\u00e9cissant le champ de vision.<\/li>\n\n\n\n<li><strong>Les poches sous les yeux :<\/strong> Les poches sous les yeux peuvent appara\u00eetre en raison du vieillissement ou de la g\u00e9n\u00e9tique. Ces poches peuvent donner l&rsquo;impression que la personne est plus \u00e2g\u00e9e et plus fatigu\u00e9e. Au-del\u00e0 des probl\u00e8mes esth\u00e9tiques, les poches sous les yeux peuvent \u00e9galement entra\u00eener une obstruction de la vision, en donnant l&rsquo;impression que les yeux sont gonfl\u00e9s ou fatigu\u00e9s.<\/li>\n\n\n\n<li><strong>Rides et rel\u00e2chement de la peau avec l&rsquo;\u00e2ge : <\/strong>Avec l&rsquo;\u00e2ge, la peau du contour des yeux perd de son \u00e9lasticit\u00e9, ce qui entra\u00eene l&rsquo;apparition de fines rides et d&rsquo;un rel\u00e2chement de la peau. Cela contribue \u00e0 donner une apparence plus \u00e2g\u00e9e et peut \u00eatre source de g\u00eane pour les personnes qui se sentent g\u00ean\u00e9es par leur apparence.<\/li>\n\n\n\n<li><strong>Ptosis (paupi\u00e8res tombantes) : <\/strong>Certaines personnes souffrent de ptosis, c&rsquo;est-\u00e0-dire que les paupi\u00e8res tombent, soit de mani\u00e8re cong\u00e9nitale, soit en raison de l&rsquo;\u00e2ge. Cette condition peut limiter l&rsquo;ouverture des yeux, ce qui peut entra\u00eener des probl\u00e8mes de vision et des difficult\u00e9s \u00e0 garder les yeux ouverts.<\/li>\n\n\n\n<li><strong>Probl\u00e8mes esth\u00e9tiques :<\/strong> Les signes de vieillissement autour des yeux peuvent entra\u00eener une perte de confiance en soi. Les personnes soucieuses de leur apparence et d\u00e9sireuses de retrouver un aspect plus jeune et plus frais peuvent opter pour la chirurgie des paupi\u00e8res afin de rem\u00e9dier \u00e0 ces probl\u00e8mes esth\u00e9tiques.<\/li>\n<\/ul>\n\n\n\n<p>La chirurgie des paupi\u00e8res peut non seulement am\u00e9liorer l&rsquo;apparence, mais aussi r\u00e9soudre certains probl\u00e8mes fonctionnels qui affectent la vision. Toutefois, elle peut ne pas convenir aux personnes souffrant de graves troubles oculaires ou de risques de sant\u00e9 sous-jacents. Il est donc important de consulter un sp\u00e9cialiste pour d\u00e9terminer le meilleur plan d&rsquo;action en fonction des facteurs esth\u00e9tiques et de sant\u00e9.<\/p>\n\n\n\n<h2 class=\"wp-block-heading\" id=\"h-faq-s\">FAQ&rsquo;S<\/h2>\n\n\n\n<h3 class=\"wp-block-heading\" id=\"h-a-quoi-dois-je-m-attendre-lors-d-une-consultation-pour-une-chirurgie-des-paupieres\"><strong>\u00c0 quoi dois-je m&rsquo;attendre lors d&rsquo;une consultation pour une chirurgie des paupi\u00e8res ?<\/strong><\/h3>\n\n\n\n<p>Lors de la consultation, vous discuterez avec votre chirurgien de vos objectifs chirurgicaux, de vos ant\u00e9c\u00e9dents m\u00e9dicaux et de tout probl\u00e8me potentiel. Il s&rsquo;agit notamment d&rsquo;informations sur votre \u00e9tat de sant\u00e9 g\u00e9n\u00e9ral, vos \u00e9ventuelles allergies aux m\u00e9dicaments, vos traitements m\u00e9dicaux ant\u00e9rieurs et vos interventions chirurgicales pass\u00e9es. Une communication ouverte avec votre m\u00e9decin garantit que la proc\u00e9dure est adapt\u00e9e \u00e0 vos besoins et \u00e0 vos attentes.<\/p>\n\n\n\n<h3 class=\"wp-block-heading\" id=\"h-comment-dois-je-me-preparer-a-la-chirurgie-des-paupieres\"><strong>Comment dois-je me pr\u00e9parer \u00e0 la chirurgie des paupi\u00e8res ?<\/strong><\/h3>\n\n\n\n<p>Une bonne pr\u00e9paration \u00e0 la chirurgie des paupi\u00e8res implique l&rsquo;arr\u00eat du tabac, l&rsquo;adaptation de vos m\u00e9dicaments actuels et l&rsquo;\u00e9vitement de l&rsquo;aspirine pour minimiser le risque de saignement. En outre, vous devrez passer un examen m\u00e9dical pour confirmer votre \u00e9ligibilit\u00e9 \u00e0 l&rsquo;op\u00e9ration.<\/p>\n\n\n\n<h3 class=\"wp-block-heading\" id=\"h-qui-est-un-bon-candidat-pour-la-chirurgie-des-paupieres\"><strong>Qui est un bon candidat pour la chirurgie des paupi\u00e8res ?<\/strong><\/h3>\n\n\n\n<p>Les candidats id\u00e9aux pour la chirurgie des paupi\u00e8res sont des personnes en bonne sant\u00e9 qui ne fument pas. Ils doivent avoir des attentes r\u00e9alistes quant \u00e0 l&rsquo;intervention et ne pas souffrir d&rsquo;une affection oculaire grave qui pourrait compliquer l&rsquo;op\u00e9ration.<\/p>\n\n\n\n<h3 class=\"wp-block-heading\" id=\"h-quels-sont-les-risques-de-la-chirurgie-des-paupieres\"><strong>Quels sont les risques de la chirurgie des paupi\u00e8res ?<\/strong><\/h3>\n\n\n\n<p>Comme toute intervention chirurgicale, la chirurgie des paupi\u00e8res comporte des risques potentiels, notamment une infection, une difficult\u00e9 \u00e0 fermer les yeux, une douleur persistante, une cicatrice d\u00e9favorable et un gonflement ou des ecchymoses. Toutefois, ces complications sont rares et peuvent souvent \u00eatre g\u00e9r\u00e9es gr\u00e2ce \u00e0 des soins et des rendez-vous de suivi appropri\u00e9s.<\/p>\n\n\n\n<p><\/p>\n","protected":false},"excerpt":{"rendered":"<p>Qu&rsquo;est-ce que l&rsquo;op\u00e9ration des paupi\u00e8res ? La chirurgie des paupi\u00e8res, \u00e9galement appel\u00e9e bl\u00e9pharoplastie, est une intervention esth\u00e9tique visant \u00e0 am\u00e9liorer l&rsquo;apparence des paupi\u00e8res. Elle consiste \u00e0 retirer l&rsquo;exc\u00e8s de peau ou de graisse pour traiter des probl\u00e8mes tels que les paupi\u00e8res tombantes ou en capuchon, les poches sous les yeux ou les gonflements. La chirurgie&hellip;<\/p>\n","protected":false},"author":1,"featured_media":26817,"parent":0,"menu_order":10,"comment_status":"closed","ping_status":"closed","template":"","meta":{"footnotes":""},"class_list":["post-22238","page","type-page","status-publish","has-post-thumbnail","hentry","description-off"],"yoast_head":"<!-- This site is optimized with the Yoast SEO Premium plugin v27.3 (Yoast SEO v27.3) - https:\/\/yoast.com\/product\/yoast-seo-premium-wordpress\/ -->\n<title>lifting des sourcils en Turquie | Estherian Clinic<\/title>\n<meta name=\"robots\" content=\"index, follow, max-snippet:-1, max-image-preview:large, max-video-preview:-1\" \/>\n<link rel=\"canonical\" href=\"https:\/\/estherian.com\/fr\/lifting-des-sourcils\/\" \/>\n<meta property=\"og:locale\" content=\"fr_FR\" \/>\n<meta property=\"og:type\" content=\"article\" \/>\n<meta property=\"og:title\" content=\"lifting des sourcils en Turquie\" \/>\n<meta property=\"og:description\" content=\"Looks better with Estherian Clinic. Plastic Surgery, Dental treatments and more beautiful services!\" \/>\n<meta property=\"og:url\" content=\"https:\/\/estherian.com\/fr\/lifting-des-sourcils\/\" \/>\n<meta property=\"og:site_name\" content=\"Estherian Clinic\" \/>\n<meta property=\"article:publisher\" content=\"https:\/\/www.facebook.com\/estherianclinic.en\" \/>\n<meta property=\"article:modified_time\" content=\"2025-04-11T09:19:48+00:00\" \/>\n<meta property=\"og:image\" content=\"https:\/\/estherian.com\/wp-content\/uploads\/eyelid_surgery_turkey_1920x1080.jpg\" \/>\n\t<meta property=\"og:image:width\" content=\"1920\" \/>\n\t<meta property=\"og:image:height\" content=\"1080\" \/>\n\t<meta property=\"og:image:type\" content=\"image\/jpeg\" \/>\n<meta name=\"twitter:card\" content=\"summary_large_image\" \/>\n<meta name=\"twitter:site\" content=\"@EstherianTr\" \/>\n<meta name=\"twitter:label1\" content=\"Dur\u00e9e de lecture estim\u00e9e\" \/>\n\t<meta name=\"twitter:data1\" content=\"6 minutes\" \/>\n<script type=\"application\/ld+json\" class=\"yoast-schema-graph\">{\"@context\":\"https:\\\/\\\/schema.org\",\"@graph\":[{\"@type\":\"Article\",\"@id\":\"https:\\\/\\\/estherian.com\\\/fr\\\/lifting-des-sourcils\\\/#article\",\"isPartOf\":{\"@id\":\"https:\\\/\\\/estherian.com\\\/fr\\\/lifting-des-sourcils\\\/\"},\"author\":{\"name\":\"ferhatk\",\"@id\":\"https:\\\/\\\/estherian.com\\\/fr\\\/#\\\/schema\\\/person\\\/0b1452799c3700afbfcfd3a0f5e64732\"},\"headline\":\"lifting des sourcils en Turquie\",\"datePublished\":\"2024-11-22T06:52:46+00:00\",\"dateModified\":\"2025-04-11T09:19:48+00:00\",\"mainEntityOfPage\":{\"@id\":\"https:\\\/\\\/estherian.com\\\/fr\\\/lifting-des-sourcils\\\/\"},\"wordCount\":1281,\"publisher\":{\"@id\":\"https:\\\/\\\/estherian.com\\\/fr\\\/#organization\"},\"image\":{\"@id\":\"https:\\\/\\\/estherian.com\\\/fr\\\/lifting-des-sourcils\\\/#primaryimage\"},\"thumbnailUrl\":\"https:\\\/\\\/estherian.com\\\/wp-content\\\/uploads\\\/eyelid_surgery_turkey_1920x1080.jpg\",\"inLanguage\":\"fr-FR\"},{\"@type\":\"WebPage\",\"@id\":\"https:\\\/\\\/estherian.com\\\/fr\\\/lifting-des-sourcils\\\/\",\"url\":\"https:\\\/\\\/estherian.com\\\/fr\\\/lifting-des-sourcils\\\/\",\"name\":\"lifting des sourcils en Turquie | Estherian Clinic\",\"isPartOf\":{\"@id\":\"https:\\\/\\\/estherian.com\\\/fr\\\/#website\"},\"primaryImageOfPage\":{\"@id\":\"https:\\\/\\\/estherian.com\\\/fr\\\/lifting-des-sourcils\\\/#primaryimage\"},\"image\":{\"@id\":\"https:\\\/\\\/estherian.com\\\/fr\\\/lifting-des-sourcils\\\/#primaryimage\"},\"thumbnailUrl\":\"https:\\\/\\\/estherian.com\\\/wp-content\\\/uploads\\\/eyelid_surgery_turkey_1920x1080.jpg\",\"datePublished\":\"2024-11-22T06:52:46+00:00\",\"dateModified\":\"2025-04-11T09:19:48+00:00\",\"breadcrumb\":{\"@id\":\"https:\\\/\\\/estherian.com\\\/fr\\\/lifting-des-sourcils\\\/#breadcrumb\"},\"inLanguage\":\"fr-FR\",\"potentialAction\":[{\"@type\":\"ReadAction\",\"target\":[\"https:\\\/\\\/estherian.com\\\/fr\\\/lifting-des-sourcils\\\/\"]}]},{\"@type\":\"ImageObject\",\"inLanguage\":\"fr-FR\",\"@id\":\"https:\\\/\\\/estherian.com\\\/fr\\\/lifting-des-sourcils\\\/#primaryimage\",\"url\":\"https:\\\/\\\/estherian.com\\\/wp-content\\\/uploads\\\/eyelid_surgery_turkey_1920x1080.jpg\",\"contentUrl\":\"https:\\\/\\\/estherian.com\\\/wp-content\\\/uploads\\\/eyelid_surgery_turkey_1920x1080.jpg\",\"width\":1920,\"height\":1080},{\"@type\":\"BreadcrumbList\",\"@id\":\"https:\\\/\\\/estherian.com\\\/fr\\\/lifting-des-sourcils\\\/#breadcrumb\",\"itemListElement\":[{\"@type\":\"ListItem\",\"position\":1,\"name\":\"Home\",\"item\":\"https:\\\/\\\/estherian.com\\\/fr\\\/\"},{\"@type\":\"ListItem\",\"position\":2,\"name\":\"lifting des sourcils en Turquie\"}]},{\"@type\":\"WebSite\",\"@id\":\"https:\\\/\\\/estherian.com\\\/fr\\\/#website\",\"url\":\"https:\\\/\\\/estherian.com\\\/fr\\\/\",\"name\":\"Estherian Clinic\",\"description\":\"Plastic Surgery | Dental | Hair Transplant in Turkey\",\"publisher\":{\"@id\":\"https:\\\/\\\/estherian.com\\\/fr\\\/#organization\"},\"potentialAction\":[{\"@type\":\"SearchAction\",\"target\":{\"@type\":\"EntryPoint\",\"urlTemplate\":\"https:\\\/\\\/estherian.com\\\/fr\\\/?s={search_term_string}\"},\"query-input\":{\"@type\":\"PropertyValueSpecification\",\"valueRequired\":true,\"valueName\":\"search_term_string\"}}],\"inLanguage\":\"fr-FR\"},{\"@type\":\"Organization\",\"@id\":\"https:\\\/\\\/estherian.com\\\/fr\\\/#organization\",\"name\":\"Estherian Clinic\",\"alternateName\":\"Estherian\",\"url\":\"https:\\\/\\\/estherian.com\\\/fr\\\/\",\"logo\":{\"@type\":\"ImageObject\",\"inLanguage\":\"fr-FR\",\"@id\":\"https:\\\/\\\/estherian.com\\\/fr\\\/#\\\/schema\\\/logo\\\/image\\\/\",\"url\":\"https:\\\/\\\/estherian.com\\\/wp-content\\\/uploads\\\/2024\\\/10\\\/EstherianLogo.png\",\"contentUrl\":\"https:\\\/\\\/estherian.com\\\/wp-content\\\/uploads\\\/2024\\\/10\\\/EstherianLogo.png\",\"width\":882,\"height\":934,\"caption\":\"Estherian Clinic\"},\"image\":{\"@id\":\"https:\\\/\\\/estherian.com\\\/fr\\\/#\\\/schema\\\/logo\\\/image\\\/\"},\"sameAs\":[\"https:\\\/\\\/www.facebook.com\\\/estherianclinic.en\",\"https:\\\/\\\/x.com\\\/EstherianTr\",\"https:\\\/\\\/www.instagram.com\\\/estherianclinic\\\/\",\"https:\\\/\\\/www.tiktok.com\\\/@estherian.clinic\",\"https:\\\/\\\/www.youtube.com\\\/estherianclinic\"],\"email\":\"hi@estherian.com\",\"telephone\":\"+90-544-169-9000\",\"legalName\":\"ESTHERIAN CLINIC SA\u011eLIK H\u0130ZMETLER\u0130 SAN. T\u0130C. LTD. \u015eT\u0130.\",\"foundingDate\":\"2020-03-09\",\"vatID\":\"TR1601485625\",\"taxID\":\"1601485625\",\"numberOfEmployees\":{\"@type\":\"QuantitativeValue\",\"minValue\":\"51\",\"maxValue\":\"200\"},\"publishingPrinciples\":\"https:\\\/\\\/estherian.com\\\/tr\\\/sartlar-ve-kosullar\\\/\",\"actionableFeedbackPolicy\":\"https:\\\/\\\/estherian.com\\\/tr\\\/gizlilik-politikasi\\\/\",\"correctionsPolicy\":\"https:\\\/\\\/estherian.com\\\/tr\\\/gizlilik-politikasi\\\/\",\"ethicsPolicy\":\"https:\\\/\\\/estherian.com\\\/tr\\\/gizlilik-politikasi\\\/\",\"diversityPolicy\":\"https:\\\/\\\/estherian.com\\\/tr\\\/gizlilik-politikasi\\\/\",\"diversityStaffingReport\":\"https:\\\/\\\/estherian.com\\\/tr\\\/gizlilik-politikasi\\\/\"},{\"@type\":\"Person\",\"@id\":\"https:\\\/\\\/estherian.com\\\/fr\\\/#\\\/schema\\\/person\\\/0b1452799c3700afbfcfd3a0f5e64732\",\"name\":\"ferhatk\",\"image\":{\"@type\":\"ImageObject\",\"inLanguage\":\"fr-FR\",\"@id\":\"https:\\\/\\\/secure.gravatar.com\\\/avatar\\\/5192156a410fa37c70ea8d4f0d01782533c470a75971ae114e5cd116be51ca05?s=96&d=mm&r=g\",\"url\":\"https:\\\/\\\/secure.gravatar.com\\\/avatar\\\/5192156a410fa37c70ea8d4f0d01782533c470a75971ae114e5cd116be51ca05?s=96&d=mm&r=g\",\"contentUrl\":\"https:\\\/\\\/secure.gravatar.com\\\/avatar\\\/5192156a410fa37c70ea8d4f0d01782533c470a75971ae114e5cd116be51ca05?s=96&d=mm&r=g\",\"caption\":\"ferhatk\"},\"sameAs\":[\"https:\\\/\\\/v2.estherian.com\"]}]}<\/script>\n<!-- \/ Yoast SEO Premium plugin. -->","yoast_head_json":{"title":"lifting des sourcils en Turquie | Estherian Clinic","robots":{"index":"index","follow":"follow","max-snippet":"max-snippet:-1","max-image-preview":"max-image-preview:large","max-video-preview":"max-video-preview:-1"},"canonical":"https:\/\/estherian.com\/fr\/lifting-des-sourcils\/","og_locale":"fr_FR","og_type":"article","og_title":"lifting des sourcils en Turquie","og_description":"Looks better with Estherian Clinic. Plastic Surgery, Dental treatments and more beautiful services!","og_url":"https:\/\/estherian.com\/fr\/lifting-des-sourcils\/","og_site_name":"Estherian Clinic","article_publisher":"https:\/\/www.facebook.com\/estherianclinic.en","article_modified_time":"2025-04-11T09:19:48+00:00","og_image":[{"width":1920,"height":1080,"url":"https:\/\/estherian.com\/wp-content\/uploads\/eyelid_surgery_turkey_1920x1080.jpg","type":"image\/jpeg"}],"twitter_card":"summary_large_image","twitter_site":"@EstherianTr","twitter_misc":{"Dur\u00e9e de lecture estim\u00e9e":"6 minutes"},"schema":{"@context":"https:\/\/schema.org","@graph":[{"@type":"Article","@id":"https:\/\/estherian.com\/fr\/lifting-des-sourcils\/#article","isPartOf":{"@id":"https:\/\/estherian.com\/fr\/lifting-des-sourcils\/"},"author":{"name":"ferhatk","@id":"https:\/\/estherian.com\/fr\/#\/schema\/person\/0b1452799c3700afbfcfd3a0f5e64732"},"headline":"lifting des sourcils en Turquie","datePublished":"2024-11-22T06:52:46+00:00","dateModified":"2025-04-11T09:19:48+00:00","mainEntityOfPage":{"@id":"https:\/\/estherian.com\/fr\/lifting-des-sourcils\/"},"wordCount":1281,"publisher":{"@id":"https:\/\/estherian.com\/fr\/#organization"},"image":{"@id":"https:\/\/estherian.com\/fr\/lifting-des-sourcils\/#primaryimage"},"thumbnailUrl":"https:\/\/estherian.com\/wp-content\/uploads\/eyelid_surgery_turkey_1920x1080.jpg","inLanguage":"fr-FR"},{"@type":"WebPage","@id":"https:\/\/estherian.com\/fr\/lifting-des-sourcils\/","url":"https:\/\/estherian.com\/fr\/lifting-des-sourcils\/","name":"lifting des sourcils en Turquie | Estherian Clinic","isPartOf":{"@id":"https:\/\/estherian.com\/fr\/#website"},"primaryImageOfPage":{"@id":"https:\/\/estherian.com\/fr\/lifting-des-sourcils\/#primaryimage"},"image":{"@id":"https:\/\/estherian.com\/fr\/lifting-des-sourcils\/#primaryimage"},"thumbnailUrl":"https:\/\/estherian.com\/wp-content\/uploads\/eyelid_surgery_turkey_1920x1080.jpg","datePublished":"2024-11-22T06:52:46+00:00","dateModified":"2025-04-11T09:19:48+00:00","breadcrumb":{"@id":"https:\/\/estherian.com\/fr\/lifting-des-sourcils\/#breadcrumb"},"inLanguage":"fr-FR","potentialAction":[{"@type":"ReadAction","target":["https:\/\/estherian.com\/fr\/lifting-des-sourcils\/"]}]},{"@type":"ImageObject","inLanguage":"fr-FR","@id":"https:\/\/estherian.com\/fr\/lifting-des-sourcils\/#primaryimage","url":"https:\/\/estherian.com\/wp-content\/uploads\/eyelid_surgery_turkey_1920x1080.jpg","contentUrl":"https:\/\/estherian.com\/wp-content\/uploads\/eyelid_surgery_turkey_1920x1080.jpg","width":1920,"height":1080},{"@type":"BreadcrumbList","@id":"https:\/\/estherian.com\/fr\/lifting-des-sourcils\/#breadcrumb","itemListElement":[{"@type":"ListItem","position":1,"name":"Home","item":"https:\/\/estherian.com\/fr\/"},{"@type":"ListItem","position":2,"name":"lifting des sourcils en Turquie"}]},{"@type":"WebSite","@id":"https:\/\/estherian.com\/fr\/#website","url":"https:\/\/estherian.com\/fr\/","name":"Estherian Clinic","description":"Plastic Surgery | Dental | Hair Transplant in Turkey","publisher":{"@id":"https:\/\/estherian.com\/fr\/#organization"},"potentialAction":[{"@type":"SearchAction","target":{"@type":"EntryPoint","urlTemplate":"https:\/\/estherian.com\/fr\/?s={search_term_string}"},"query-input":{"@type":"PropertyValueSpecification","valueRequired":true,"valueName":"search_term_string"}}],"inLanguage":"fr-FR"},{"@type":"Organization","@id":"https:\/\/estherian.com\/fr\/#organization","name":"Estherian Clinic","alternateName":"Estherian","url":"https:\/\/estherian.com\/fr\/","logo":{"@type":"ImageObject","inLanguage":"fr-FR","@id":"https:\/\/estherian.com\/fr\/#\/schema\/logo\/image\/","url":"https:\/\/estherian.com\/wp-content\/uploads\/2024\/10\/EstherianLogo.png","contentUrl":"https:\/\/estherian.com\/wp-content\/uploads\/2024\/10\/EstherianLogo.png","width":882,"height":934,"caption":"Estherian Clinic"},"image":{"@id":"https:\/\/estherian.com\/fr\/#\/schema\/logo\/image\/"},"sameAs":["https:\/\/www.facebook.com\/estherianclinic.en","https:\/\/x.com\/EstherianTr","https:\/\/www.instagram.com\/estherianclinic\/","https:\/\/www.tiktok.com\/@estherian.clinic","https:\/\/www.youtube.com\/estherianclinic"],"email":"hi@estherian.com","telephone":"+90-544-169-9000","legalName":"ESTHERIAN CLINIC SA\u011eLIK H\u0130ZMETLER\u0130 SAN. T\u0130C. LTD. \u015eT\u0130.","foundingDate":"2020-03-09","vatID":"TR1601485625","taxID":"1601485625","numberOfEmployees":{"@type":"QuantitativeValue","minValue":"51","maxValue":"200"},"publishingPrinciples":"https:\/\/estherian.com\/tr\/sartlar-ve-kosullar\/","actionableFeedbackPolicy":"https:\/\/estherian.com\/tr\/gizlilik-politikasi\/","correctionsPolicy":"https:\/\/estherian.com\/tr\/gizlilik-politikasi\/","ethicsPolicy":"https:\/\/estherian.com\/tr\/gizlilik-politikasi\/","diversityPolicy":"https:\/\/estherian.com\/tr\/gizlilik-politikasi\/","diversityStaffingReport":"https:\/\/estherian.com\/tr\/gizlilik-politikasi\/"},{"@type":"Person","@id":"https:\/\/estherian.com\/fr\/#\/schema\/person\/0b1452799c3700afbfcfd3a0f5e64732","name":"ferhatk","image":{"@type":"ImageObject","inLanguage":"fr-FR","@id":"https:\/\/secure.gravatar.com\/avatar\/5192156a410fa37c70ea8d4f0d01782533c470a75971ae114e5cd116be51ca05?s=96&d=mm&r=g","url":"https:\/\/secure.gravatar.com\/avatar\/5192156a410fa37c70ea8d4f0d01782533c470a75971ae114e5cd116be51ca05?s=96&d=mm&r=g","contentUrl":"https:\/\/secure.gravatar.com\/avatar\/5192156a410fa37c70ea8d4f0d01782533c470a75971ae114e5cd116be51ca05?s=96&d=mm&r=g","caption":"ferhatk"},"sameAs":["https:\/\/v2.estherian.com"]}]}},"_links":{"self":[{"href":"https:\/\/estherian.com\/fr\/wp-json\/wp\/v2\/pages\/22238","targetHints":{"allow":["GET"]}}],"collection":[{"href":"https:\/\/estherian.com\/fr\/wp-json\/wp\/v2\/pages"}],"about":[{"href":"https:\/\/estherian.com\/fr\/wp-json\/wp\/v2\/types\/page"}],"author":[{"embeddable":true,"href":"https:\/\/estherian.com\/fr\/wp-json\/wp\/v2\/users\/1"}],"replies":[{"embeddable":true,"href":"https:\/\/estherian.com\/fr\/wp-json\/wp\/v2\/comments?post=22238"}],"version-history":[{"count":0,"href":"https:\/\/estherian.com\/fr\/wp-json\/wp\/v2\/pages\/22238\/revisions"}],"wp:featuredmedia":[{"embeddable":true,"href":"https:\/\/estherian.com\/fr\/wp-json\/wp\/v2\/media\/26817"}],"wp:attachment":[{"href":"https:\/\/estherian.com\/fr\/wp-json\/wp\/v2\/media?parent=22238"}],"curies":[{"name":"wp","href":"https:\/\/api.w.org\/{rel}","templated":true}]}}