{"id":22242,"date":"2024-11-22T12:21:16","date_gmt":"2024-11-22T09:21:16","guid":{"rendered":"https:\/\/v2.estherian.com\/?page_id=22242"},"modified":"2025-10-20T10:46:38","modified_gmt":"2025-10-20T07:46:38","slug":"liposuccion-du-double-menton","status":"publish","type":"page","link":"https:\/\/estherian.com\/fr\/liposuccion-du-double-menton\/","title":{"rendered":"Liposuccion du double menton"},"content":{"rendered":"\n<h2 class=\"wp-block-heading\" id=\"h-qu-est-ce-que-la-liposuccion-du-double-menton\">Qu&rsquo;est-ce que la liposuccion du double menton ?<\/h2>\n\n\n\n<p>L&rsquo;esth\u00e9tique du double menton par liposuccion Vaser, \u00e9galement connue sous le nom de lipo sous-mentonni\u00e8re, est la m\u00e9thode la plus efficace pour remodeler le double menton. Cette technique utilise l&rsquo;\u00e9nergie des ultrasons pour d\u00e9composer d\u00e9licatement les cellules graisseuses avant qu&rsquo;elles ne soient absorb\u00e9es et \u00e9limin\u00e9es du corps, ce qui permet d&rsquo;\u00e9liminer compl\u00e8tement les cellules graisseuses dans la zone cibl\u00e9e.<\/p>\n\n\n\n<div class=\"wp-block-columns is-layout-flex wp-container-core-columns-is-layout-9d6595d7 wp-block-columns-is-layout-flex\">\n<div class=\"wp-block-column is-layout-flow wp-block-column-is-layout-flow\">\n<figure class=\"wp-block-image size-full\"><img decoding=\"async\" src=\"https:\/\/estherian.com\/wp-content\/uploads\/chin-lipo-01-1.png\" alt=\"\" class=\"wp-image-23423\" title=\"chin-lipo-01\"\/><\/figure>\n<\/div>\n\n\n\n<div class=\"wp-block-column is-layout-flow wp-block-column-is-layout-flow\">\n<h2 class=\"wp-block-heading\" id=\"h-procedure-de-liposuccion-du-double-menton\">Proc\u00e9dure de liposuccion du double menton<\/h2>\n\n\n\n<h3 class=\"wp-block-heading\" id=\"h-avant-l-operation\">Avant l&rsquo;op\u00e9ration<\/h3>\n\n\n\n<p>Le chirurgien \u00e9value soigneusement l&rsquo;\u00e9tat de sant\u00e9 du patient et proc\u00e8de \u00e0 tous les examens m\u00e9dicaux n\u00e9cessaires, y compris des radiographies. En outre, le chirurgien demandera au patient d&rsquo;arr\u00eater de prendre tout m\u00e9dicament contenant de l&rsquo;aspirine et d&rsquo;arr\u00eater de fumer, en particulier pour les fumeurs.<\/p>\n\n\n\n<h3 class=\"wp-block-heading\" id=\"h-pendant-l-operation\">Pendant l&rsquo;op\u00e9ration<\/h3>\n\n\n\n<p><strong>Le chirurgien pratique<\/strong> une petite incision sous le menton, puis utilise la technique Vaser pour dissoudre la graisse sous la peau \u00e0 l&rsquo;aide d&rsquo;une \u00e9nergie ultrasonique. Les cellules graisseuses sont ensuite retir\u00e9es et un pansement est appliqu\u00e9 sous le menton.<\/p>\n\n\n\n<h3 class=\"wp-block-heading\" id=\"h-after-the-operation\">After The Operation<\/h3>\n\n\n\n<p>Le patient peut g\u00e9n\u00e9ralement quitter l&rsquo;h\u00f4pital le jour m\u00eame de l&rsquo;intervention. Le r\u00e9tablissement est g\u00e9n\u00e9ralement rapide et le patient peut reprendre ses activit\u00e9s quotidiennes habituelles au bout d&rsquo;une semaine. Au bout d&rsquo;une semaine, le m\u00e9decin retirera les sutures chirurgicales et il n&rsquo;y aura plus de cicatrices visibles.<\/p>\n<\/div>\n<\/div>\n\n\n\n<div class=\"wp-block-columns is-layout-flex wp-container-core-columns-is-layout-9d6595d7 wp-block-columns-is-layout-flex\">\n<div class=\"wp-block-column is-layout-flow wp-block-column-is-layout-flow\">\n<h2 class=\"wp-block-heading\" id=\"h-types-d-operations-du-double-menton\">Types d&rsquo;op\u00e9rations du double menton<\/h2>\n\n\n\n<p><strong>Liposuccion du menton :<\/strong> consiste \u00e0 enlever l&rsquo;exc\u00e8s de graisse sous la peau.<\/p>\n\n\n\n<p><strong>Sous-mentoplastie : <\/strong>comprend l&rsquo;aspiration de la graisse et de petites incisions pratiqu\u00e9es sous le menton pour resserrer les muscles.<\/p>\n\n\n\n<h2 class=\"wp-block-heading\" id=\"h-qui-est-un-bon-candidat-pour-la-chirurgie-du-double-menton\">Qui est un bon candidat pour la chirurgie du double menton ?<\/h2>\n\n\n\n<p><br>Les candidats id\u00e9aux sont ceux qui sont en bonne sant\u00e9, qui ne fument pas et qui ont des attentes r\u00e9alistes quant \u00e0 l&rsquo;op\u00e9ration et \u00e0 ses r\u00e9sultats.<\/p>\n\n\n\n<h2 class=\"wp-block-heading\" id=\"h-risques-lies-a-la-chirurgie-du-double-menton\">Risques li\u00e9s \u00e0 la chirurgie du double menton<\/h2>\n\n\n\n<p>Comme pour toute intervention chirurgicale, il existe des risques, notamment une l\u00e9sion nerveuse rare pouvant entra\u00eener une faiblesse de la l\u00e8vre inf\u00e9rieure, des risques li\u00e9s \u00e0 l&rsquo;anesth\u00e9sie, des saignements, une asym\u00e9trie faciale, une infection, une douleur persistante et une cicatrisation d\u00e9favorable.<\/p>\n<\/div>\n\n\n\n<div class=\"wp-block-column is-layout-flow wp-block-column-is-layout-flow\">\n<figure class=\"wp-block-image size-full\"><img decoding=\"async\" src=\"https:\/\/estherian.com\/wp-content\/uploads\/chin-aesthetics.png\" alt=\"\" class=\"wp-image-23443\" title=\"chin-aesthetics\"\/><\/figure>\n<\/div>\n<\/div>\n\n\n\n<div class=\"wp-block-columns is-layout-flex wp-container-core-columns-is-layout-9d6595d7 wp-block-columns-is-layout-flex\">\n<div class=\"wp-block-column is-layout-flow wp-block-column-is-layout-flow\">\n<figure class=\"wp-block-image size-full\"><img decoding=\"async\" src=\"https:\/\/estherian.com\/wp-content\/uploads\/chin.png\" alt=\"\" class=\"wp-image-23448\" title=\"chin\"\/><\/figure>\n<\/div>\n\n\n\n<div class=\"wp-block-column is-layout-flow wp-block-column-is-layout-flow\">\n<h2 class=\"wp-block-heading\" id=\"h-comment-choisir-un-chirurgien-plasticien-pour-une-chirurgie-du-double-menton\">Comment choisir un chirurgien plasticien pour une chirurgie du double menton ?<\/h2>\n\n\n\n<p>Il est essentiel de choisir un chirurgien qui a au moins six ans d&rsquo;exp\u00e9rience apr\u00e8s ses \u00e9tudes de m\u00e9decine et qui est dipl\u00f4m\u00e9 d&rsquo;une \u00e9cole de m\u00e9decine agr\u00e9\u00e9e. <\/p>\n<\/div>\n<\/div>\n\n\n\n<h2 class=\"wp-block-heading\" id=\"h-combien-coute-la-chirurgie-du-double-menton\">Combien co\u00fbte la chirurgie du double menton ?<\/h2>\n\n\n\n<p><br>Le co\u00fbt de la chirurgie du double menton peut varier consid\u00e9rablement en fonction de la technique utilis\u00e9e et des zones cibl\u00e9es par l&rsquo;aspiration. Les prix peuvent \u00e9galement varier si l&rsquo;intervention est combin\u00e9e \u00e0 d&rsquo;autres proc\u00e9dures.<\/p>\n\n\n\n<h2 class=\"wp-block-heading\" id=\"h-foire-aux-questions-faq\">Foire aux questions (FAQ)<\/h2>\n\n\n\n<h3 class=\"wp-block-heading\" id=\"h-combien-de-temps-faut-il-pour-se-remettre-d-une-liposuccion-du-double-menton\">Combien de temps faut-il pour se remettre d&rsquo;une liposuccion du double menton ?<\/h3>\n\n\n\n<p>Le temps de r\u00e9cup\u00e9ration est g\u00e9n\u00e9ralement rapide et la plupart des patients peuvent reprendre leurs activit\u00e9s normales au bout d&rsquo;une semaine. Toutefois, il est important de suivre les instructions de soins postop\u00e9ratoires pour garantir un r\u00e9tablissement en douceur.<\/p>\n\n\n\n<h3 class=\"wp-block-heading\" id=\"h-la-liposuccion-du-double-menton-est-elle-une-procedure-douloureuse\">La liposuccion du double menton est-elle une proc\u00e9dure douloureuse ?<\/h3>\n\n\n\n<p>L&rsquo;intervention est r\u00e9alis\u00e9e sous anesth\u00e9sie locale, de sorte que les patients ne ressentent g\u00e9n\u00e9ralement pas de douleur pendant l&rsquo;op\u00e9ration. Apr\u00e8s l&rsquo;intervention, un l\u00e9ger gonflement et une g\u00eane peuvent appara\u00eetre, mais ces sympt\u00f4mes disparaissent g\u00e9n\u00e9ralement au bout de quelques jours.<\/p>\n\n\n\n<h3 class=\"wp-block-heading\" id=\"h-quelle-est-la-duree-des-resultats-de-la-liposuccion-du-double-menton\">Quelle est la dur\u00e9e des r\u00e9sultats de la liposuccion du double menton ?<\/h3>\n\n\n\n<p>Les r\u00e9sultats de la liposuccion du double menton sont durables. Les cellules graisseuses \u00e9tant d\u00e9finitivement \u00e9limin\u00e9es de la zone trait\u00e9e, elles ne se r\u00e9g\u00e9n\u00e8rent pas. Toutefois, il est important de maintenir un mode de vie sain pour \u00e9viter l&rsquo;accumulation de graisse dans d&rsquo;autres zones du visage ou du corps.<\/p>\n\n\n\n<p><\/p>\n","protected":false},"excerpt":{"rendered":"<p>Qu&rsquo;est-ce que la liposuccion du double menton ? L&rsquo;esth\u00e9tique du double menton par liposuccion Vaser, \u00e9galement connue sous le nom de lipo sous-mentonni\u00e8re, est la m\u00e9thode la plus efficace pour remodeler le double menton. Cette technique utilise l&rsquo;\u00e9nergie des ultrasons pour d\u00e9composer d\u00e9licatement les cellules graisseuses avant qu&rsquo;elles ne soient absorb\u00e9es et \u00e9limin\u00e9es du corps,&hellip;<\/p>\n","protected":false},"author":1,"featured_media":26830,"parent":0,"menu_order":10,"comment_status":"closed","ping_status":"closed","template":"","meta":{"footnotes":""},"class_list":["post-22242","page","type-page","status-publish","has-post-thumbnail","hentry","description-off"],"yoast_head":"<!-- This site is optimized with the Yoast SEO Premium plugin v27.3 (Yoast SEO v27.3) - https:\/\/yoast.com\/product\/yoast-seo-premium-wordpress\/ -->\n<title>Liposuccion du double menton | Estherian Clinic<\/title>\n<meta name=\"robots\" content=\"index, follow, max-snippet:-1, max-image-preview:large, max-video-preview:-1\" \/>\n<link rel=\"canonical\" href=\"https:\/\/estherian.com\/fr\/liposuccion-du-double-menton\/\" \/>\n<meta property=\"og:locale\" content=\"fr_FR\" \/>\n<meta property=\"og:type\" content=\"article\" \/>\n<meta property=\"og:title\" content=\"Liposuccion du double menton\" \/>\n<meta property=\"og:description\" content=\"Looks better with Estherian Clinic. Plastic Surgery, Dental treatments and more beautiful services!\" \/>\n<meta property=\"og:url\" content=\"https:\/\/estherian.com\/fr\/liposuccion-du-double-menton\/\" \/>\n<meta property=\"og:site_name\" content=\"Estherian Clinic\" \/>\n<meta property=\"article:publisher\" content=\"https:\/\/www.facebook.com\/estherianclinic.en\" \/>\n<meta property=\"article:modified_time\" content=\"2025-10-20T07:46:38+00:00\" \/>\n<meta property=\"og:image\" content=\"https:\/\/estherian.com\/wp-content\/uploads\/chin_neck_liposuction_1920x1080.jpg\" \/>\n\t<meta property=\"og:image:width\" content=\"1920\" \/>\n\t<meta property=\"og:image:height\" content=\"1080\" \/>\n\t<meta property=\"og:image:type\" content=\"image\/jpeg\" \/>\n<meta name=\"twitter:card\" content=\"summary_large_image\" \/>\n<meta name=\"twitter:site\" content=\"@EstherianTr\" \/>\n<meta name=\"twitter:label1\" content=\"Dur\u00e9e de lecture estim\u00e9e\" \/>\n\t<meta name=\"twitter:data1\" content=\"4 minutes\" \/>\n<script type=\"application\/ld+json\" class=\"yoast-schema-graph\">{\"@context\":\"https:\\\/\\\/schema.org\",\"@graph\":[{\"@type\":\"Article\",\"@id\":\"https:\\\/\\\/estherian.com\\\/fr\\\/liposuccion-du-double-menton\\\/#article\",\"isPartOf\":{\"@id\":\"https:\\\/\\\/estherian.com\\\/fr\\\/liposuccion-du-double-menton\\\/\"},\"author\":{\"name\":\"ferhatk\",\"@id\":\"https:\\\/\\\/estherian.com\\\/fr\\\/#\\\/schema\\\/person\\\/0b1452799c3700afbfcfd3a0f5e64732\"},\"headline\":\"Liposuccion du double menton\",\"datePublished\":\"2024-11-22T09:21:16+00:00\",\"dateModified\":\"2025-10-20T07:46:38+00:00\",\"mainEntityOfPage\":{\"@id\":\"https:\\\/\\\/estherian.com\\\/fr\\\/liposuccion-du-double-menton\\\/\"},\"wordCount\":695,\"publisher\":{\"@id\":\"https:\\\/\\\/estherian.com\\\/fr\\\/#organization\"},\"image\":{\"@id\":\"https:\\\/\\\/estherian.com\\\/fr\\\/liposuccion-du-double-menton\\\/#primaryimage\"},\"thumbnailUrl\":\"https:\\\/\\\/estherian.com\\\/wp-content\\\/uploads\\\/chin_neck_liposuction_1920x1080.jpg\",\"inLanguage\":\"fr-FR\"},{\"@type\":\"WebPage\",\"@id\":\"https:\\\/\\\/estherian.com\\\/fr\\\/liposuccion-du-double-menton\\\/\",\"url\":\"https:\\\/\\\/estherian.com\\\/fr\\\/liposuccion-du-double-menton\\\/\",\"name\":\"Liposuccion du double menton | Estherian Clinic\",\"isPartOf\":{\"@id\":\"https:\\\/\\\/estherian.com\\\/fr\\\/#website\"},\"primaryImageOfPage\":{\"@id\":\"https:\\\/\\\/estherian.com\\\/fr\\\/liposuccion-du-double-menton\\\/#primaryimage\"},\"image\":{\"@id\":\"https:\\\/\\\/estherian.com\\\/fr\\\/liposuccion-du-double-menton\\\/#primaryimage\"},\"thumbnailUrl\":\"https:\\\/\\\/estherian.com\\\/wp-content\\\/uploads\\\/chin_neck_liposuction_1920x1080.jpg\",\"datePublished\":\"2024-11-22T09:21:16+00:00\",\"dateModified\":\"2025-10-20T07:46:38+00:00\",\"breadcrumb\":{\"@id\":\"https:\\\/\\\/estherian.com\\\/fr\\\/liposuccion-du-double-menton\\\/#breadcrumb\"},\"inLanguage\":\"fr-FR\",\"potentialAction\":[{\"@type\":\"ReadAction\",\"target\":[\"https:\\\/\\\/estherian.com\\\/fr\\\/liposuccion-du-double-menton\\\/\"]}]},{\"@type\":\"ImageObject\",\"inLanguage\":\"fr-FR\",\"@id\":\"https:\\\/\\\/estherian.com\\\/fr\\\/liposuccion-du-double-menton\\\/#primaryimage\",\"url\":\"https:\\\/\\\/estherian.com\\\/wp-content\\\/uploads\\\/chin_neck_liposuction_1920x1080.jpg\",\"contentUrl\":\"https:\\\/\\\/estherian.com\\\/wp-content\\\/uploads\\\/chin_neck_liposuction_1920x1080.jpg\",\"width\":1920,\"height\":1080},{\"@type\":\"BreadcrumbList\",\"@id\":\"https:\\\/\\\/estherian.com\\\/fr\\\/liposuccion-du-double-menton\\\/#breadcrumb\",\"itemListElement\":[{\"@type\":\"ListItem\",\"position\":1,\"name\":\"Home\",\"item\":\"https:\\\/\\\/estherian.com\\\/fr\\\/\"},{\"@type\":\"ListItem\",\"position\":2,\"name\":\"Liposuccion du double menton\"}]},{\"@type\":\"WebSite\",\"@id\":\"https:\\\/\\\/estherian.com\\\/fr\\\/#website\",\"url\":\"https:\\\/\\\/estherian.com\\\/fr\\\/\",\"name\":\"Estherian Clinic\",\"description\":\"Plastic Surgery | Dental | Hair Transplant in Turkey\",\"publisher\":{\"@id\":\"https:\\\/\\\/estherian.com\\\/fr\\\/#organization\"},\"potentialAction\":[{\"@type\":\"SearchAction\",\"target\":{\"@type\":\"EntryPoint\",\"urlTemplate\":\"https:\\\/\\\/estherian.com\\\/fr\\\/?s={search_term_string}\"},\"query-input\":{\"@type\":\"PropertyValueSpecification\",\"valueRequired\":true,\"valueName\":\"search_term_string\"}}],\"inLanguage\":\"fr-FR\"},{\"@type\":\"Organization\",\"@id\":\"https:\\\/\\\/estherian.com\\\/fr\\\/#organization\",\"name\":\"Estherian Clinic\",\"alternateName\":\"Estherian\",\"url\":\"https:\\\/\\\/estherian.com\\\/fr\\\/\",\"logo\":{\"@type\":\"ImageObject\",\"inLanguage\":\"fr-FR\",\"@id\":\"https:\\\/\\\/estherian.com\\\/fr\\\/#\\\/schema\\\/logo\\\/image\\\/\",\"url\":\"https:\\\/\\\/estherian.com\\\/wp-content\\\/uploads\\\/2024\\\/10\\\/EstherianLogo.png\",\"contentUrl\":\"https:\\\/\\\/estherian.com\\\/wp-content\\\/uploads\\\/2024\\\/10\\\/EstherianLogo.png\",\"width\":882,\"height\":934,\"caption\":\"Estherian Clinic\"},\"image\":{\"@id\":\"https:\\\/\\\/estherian.com\\\/fr\\\/#\\\/schema\\\/logo\\\/image\\\/\"},\"sameAs\":[\"https:\\\/\\\/www.facebook.com\\\/estherianclinic.en\",\"https:\\\/\\\/x.com\\\/EstherianTr\",\"https:\\\/\\\/www.instagram.com\\\/estherianclinic\\\/\",\"https:\\\/\\\/www.tiktok.com\\\/@estherian.clinic\",\"https:\\\/\\\/www.youtube.com\\\/estherianclinic\"],\"email\":\"hi@estherian.com\",\"telephone\":\"+90-544-169-9000\",\"legalName\":\"ESTHERIAN CLINIC SA\u011eLIK H\u0130ZMETLER\u0130 SAN. T\u0130C. LTD. \u015eT\u0130.\",\"foundingDate\":\"2020-03-09\",\"vatID\":\"TR1601485625\",\"taxID\":\"1601485625\",\"numberOfEmployees\":{\"@type\":\"QuantitativeValue\",\"minValue\":\"51\",\"maxValue\":\"200\"},\"publishingPrinciples\":\"https:\\\/\\\/estherian.com\\\/tr\\\/sartlar-ve-kosullar\\\/\",\"actionableFeedbackPolicy\":\"https:\\\/\\\/estherian.com\\\/tr\\\/gizlilik-politikasi\\\/\",\"correctionsPolicy\":\"https:\\\/\\\/estherian.com\\\/tr\\\/gizlilik-politikasi\\\/\",\"ethicsPolicy\":\"https:\\\/\\\/estherian.com\\\/tr\\\/gizlilik-politikasi\\\/\",\"diversityPolicy\":\"https:\\\/\\\/estherian.com\\\/tr\\\/gizlilik-politikasi\\\/\",\"diversityStaffingReport\":\"https:\\\/\\\/estherian.com\\\/tr\\\/gizlilik-politikasi\\\/\"},{\"@type\":\"Person\",\"@id\":\"https:\\\/\\\/estherian.com\\\/fr\\\/#\\\/schema\\\/person\\\/0b1452799c3700afbfcfd3a0f5e64732\",\"name\":\"ferhatk\",\"image\":{\"@type\":\"ImageObject\",\"inLanguage\":\"fr-FR\",\"@id\":\"https:\\\/\\\/secure.gravatar.com\\\/avatar\\\/5192156a410fa37c70ea8d4f0d01782533c470a75971ae114e5cd116be51ca05?s=96&d=mm&r=g\",\"url\":\"https:\\\/\\\/secure.gravatar.com\\\/avatar\\\/5192156a410fa37c70ea8d4f0d01782533c470a75971ae114e5cd116be51ca05?s=96&d=mm&r=g\",\"contentUrl\":\"https:\\\/\\\/secure.gravatar.com\\\/avatar\\\/5192156a410fa37c70ea8d4f0d01782533c470a75971ae114e5cd116be51ca05?s=96&d=mm&r=g\",\"caption\":\"ferhatk\"},\"sameAs\":[\"https:\\\/\\\/v2.estherian.com\"]}]}<\/script>\n<!-- \/ Yoast SEO Premium plugin. -->","yoast_head_json":{"title":"Liposuccion du double menton | Estherian Clinic","robots":{"index":"index","follow":"follow","max-snippet":"max-snippet:-1","max-image-preview":"max-image-preview:large","max-video-preview":"max-video-preview:-1"},"canonical":"https:\/\/estherian.com\/fr\/liposuccion-du-double-menton\/","og_locale":"fr_FR","og_type":"article","og_title":"Liposuccion du double menton","og_description":"Looks better with Estherian Clinic. Plastic Surgery, Dental treatments and more beautiful services!","og_url":"https:\/\/estherian.com\/fr\/liposuccion-du-double-menton\/","og_site_name":"Estherian Clinic","article_publisher":"https:\/\/www.facebook.com\/estherianclinic.en","article_modified_time":"2025-10-20T07:46:38+00:00","og_image":[{"width":1920,"height":1080,"url":"https:\/\/estherian.com\/wp-content\/uploads\/chin_neck_liposuction_1920x1080.jpg","type":"image\/jpeg"}],"twitter_card":"summary_large_image","twitter_site":"@EstherianTr","twitter_misc":{"Dur\u00e9e de lecture estim\u00e9e":"4 minutes"},"schema":{"@context":"https:\/\/schema.org","@graph":[{"@type":"Article","@id":"https:\/\/estherian.com\/fr\/liposuccion-du-double-menton\/#article","isPartOf":{"@id":"https:\/\/estherian.com\/fr\/liposuccion-du-double-menton\/"},"author":{"name":"ferhatk","@id":"https:\/\/estherian.com\/fr\/#\/schema\/person\/0b1452799c3700afbfcfd3a0f5e64732"},"headline":"Liposuccion du double menton","datePublished":"2024-11-22T09:21:16+00:00","dateModified":"2025-10-20T07:46:38+00:00","mainEntityOfPage":{"@id":"https:\/\/estherian.com\/fr\/liposuccion-du-double-menton\/"},"wordCount":695,"publisher":{"@id":"https:\/\/estherian.com\/fr\/#organization"},"image":{"@id":"https:\/\/estherian.com\/fr\/liposuccion-du-double-menton\/#primaryimage"},"thumbnailUrl":"https:\/\/estherian.com\/wp-content\/uploads\/chin_neck_liposuction_1920x1080.jpg","inLanguage":"fr-FR"},{"@type":"WebPage","@id":"https:\/\/estherian.com\/fr\/liposuccion-du-double-menton\/","url":"https:\/\/estherian.com\/fr\/liposuccion-du-double-menton\/","name":"Liposuccion du double menton | Estherian Clinic","isPartOf":{"@id":"https:\/\/estherian.com\/fr\/#website"},"primaryImageOfPage":{"@id":"https:\/\/estherian.com\/fr\/liposuccion-du-double-menton\/#primaryimage"},"image":{"@id":"https:\/\/estherian.com\/fr\/liposuccion-du-double-menton\/#primaryimage"},"thumbnailUrl":"https:\/\/estherian.com\/wp-content\/uploads\/chin_neck_liposuction_1920x1080.jpg","datePublished":"2024-11-22T09:21:16+00:00","dateModified":"2025-10-20T07:46:38+00:00","breadcrumb":{"@id":"https:\/\/estherian.com\/fr\/liposuccion-du-double-menton\/#breadcrumb"},"inLanguage":"fr-FR","potentialAction":[{"@type":"ReadAction","target":["https:\/\/estherian.com\/fr\/liposuccion-du-double-menton\/"]}]},{"@type":"ImageObject","inLanguage":"fr-FR","@id":"https:\/\/estherian.com\/fr\/liposuccion-du-double-menton\/#primaryimage","url":"https:\/\/estherian.com\/wp-content\/uploads\/chin_neck_liposuction_1920x1080.jpg","contentUrl":"https:\/\/estherian.com\/wp-content\/uploads\/chin_neck_liposuction_1920x1080.jpg","width":1920,"height":1080},{"@type":"BreadcrumbList","@id":"https:\/\/estherian.com\/fr\/liposuccion-du-double-menton\/#breadcrumb","itemListElement":[{"@type":"ListItem","position":1,"name":"Home","item":"https:\/\/estherian.com\/fr\/"},{"@type":"ListItem","position":2,"name":"Liposuccion du double menton"}]},{"@type":"WebSite","@id":"https:\/\/estherian.com\/fr\/#website","url":"https:\/\/estherian.com\/fr\/","name":"Estherian Clinic","description":"Plastic Surgery | Dental | Hair Transplant in Turkey","publisher":{"@id":"https:\/\/estherian.com\/fr\/#organization"},"potentialAction":[{"@type":"SearchAction","target":{"@type":"EntryPoint","urlTemplate":"https:\/\/estherian.com\/fr\/?s={search_term_string}"},"query-input":{"@type":"PropertyValueSpecification","valueRequired":true,"valueName":"search_term_string"}}],"inLanguage":"fr-FR"},{"@type":"Organization","@id":"https:\/\/estherian.com\/fr\/#organization","name":"Estherian Clinic","alternateName":"Estherian","url":"https:\/\/estherian.com\/fr\/","logo":{"@type":"ImageObject","inLanguage":"fr-FR","@id":"https:\/\/estherian.com\/fr\/#\/schema\/logo\/image\/","url":"https:\/\/estherian.com\/wp-content\/uploads\/2024\/10\/EstherianLogo.png","contentUrl":"https:\/\/estherian.com\/wp-content\/uploads\/2024\/10\/EstherianLogo.png","width":882,"height":934,"caption":"Estherian Clinic"},"image":{"@id":"https:\/\/estherian.com\/fr\/#\/schema\/logo\/image\/"},"sameAs":["https:\/\/www.facebook.com\/estherianclinic.en","https:\/\/x.com\/EstherianTr","https:\/\/www.instagram.com\/estherianclinic\/","https:\/\/www.tiktok.com\/@estherian.clinic","https:\/\/www.youtube.com\/estherianclinic"],"email":"hi@estherian.com","telephone":"+90-544-169-9000","legalName":"ESTHERIAN CLINIC SA\u011eLIK H\u0130ZMETLER\u0130 SAN. T\u0130C. LTD. \u015eT\u0130.","foundingDate":"2020-03-09","vatID":"TR1601485625","taxID":"1601485625","numberOfEmployees":{"@type":"QuantitativeValue","minValue":"51","maxValue":"200"},"publishingPrinciples":"https:\/\/estherian.com\/tr\/sartlar-ve-kosullar\/","actionableFeedbackPolicy":"https:\/\/estherian.com\/tr\/gizlilik-politikasi\/","correctionsPolicy":"https:\/\/estherian.com\/tr\/gizlilik-politikasi\/","ethicsPolicy":"https:\/\/estherian.com\/tr\/gizlilik-politikasi\/","diversityPolicy":"https:\/\/estherian.com\/tr\/gizlilik-politikasi\/","diversityStaffingReport":"https:\/\/estherian.com\/tr\/gizlilik-politikasi\/"},{"@type":"Person","@id":"https:\/\/estherian.com\/fr\/#\/schema\/person\/0b1452799c3700afbfcfd3a0f5e64732","name":"ferhatk","image":{"@type":"ImageObject","inLanguage":"fr-FR","@id":"https:\/\/secure.gravatar.com\/avatar\/5192156a410fa37c70ea8d4f0d01782533c470a75971ae114e5cd116be51ca05?s=96&d=mm&r=g","url":"https:\/\/secure.gravatar.com\/avatar\/5192156a410fa37c70ea8d4f0d01782533c470a75971ae114e5cd116be51ca05?s=96&d=mm&r=g","contentUrl":"https:\/\/secure.gravatar.com\/avatar\/5192156a410fa37c70ea8d4f0d01782533c470a75971ae114e5cd116be51ca05?s=96&d=mm&r=g","caption":"ferhatk"},"sameAs":["https:\/\/v2.estherian.com"]}]}},"_links":{"self":[{"href":"https:\/\/estherian.com\/fr\/wp-json\/wp\/v2\/pages\/22242","targetHints":{"allow":["GET"]}}],"collection":[{"href":"https:\/\/estherian.com\/fr\/wp-json\/wp\/v2\/pages"}],"about":[{"href":"https:\/\/estherian.com\/fr\/wp-json\/wp\/v2\/types\/page"}],"author":[{"embeddable":true,"href":"https:\/\/estherian.com\/fr\/wp-json\/wp\/v2\/users\/1"}],"replies":[{"embeddable":true,"href":"https:\/\/estherian.com\/fr\/wp-json\/wp\/v2\/comments?post=22242"}],"version-history":[{"count":0,"href":"https:\/\/estherian.com\/fr\/wp-json\/wp\/v2\/pages\/22242\/revisions"}],"wp:featuredmedia":[{"embeddable":true,"href":"https:\/\/estherian.com\/fr\/wp-json\/wp\/v2\/media\/26830"}],"wp:attachment":[{"href":"https:\/\/estherian.com\/fr\/wp-json\/wp\/v2\/media?parent=22242"}],"curies":[{"name":"wp","href":"https:\/\/api.w.org\/{rel}","templated":true}]}}