{"id":22255,"date":"2024-11-22T11:49:20","date_gmt":"2024-11-22T08:49:20","guid":{"rendered":"https:\/\/v2.estherian.com\/?page_id=22255"},"modified":"2024-12-05T08:09:56","modified_gmt":"2024-12-05T08:09:56","slug":"injections-de-graisse-dans-le-visage-en-turquie","status":"publish","type":"page","link":"https:\/\/estherian.com\/fr\/injections-de-graisse-dans-le-visage-en-turquie\/","title":{"rendered":"Injections de graisse dans le visage en Turquie"},"content":{"rendered":"\n<div class=\"wp-block-columns is-layout-flex wp-container-core-columns-is-layout-9d6595d7 wp-block-columns-is-layout-flex\">\n<div class=\"wp-block-column is-layout-flow wp-block-column-is-layout-flow\">\n<h2 class=\"wp-block-heading\">Qu&rsquo;est-ce que les injections de graisse dans le visage ?<\/h2>\n\n\n\n<p>L&rsquo;injection de graisse dans le visage est une proc\u00e9dure qui utilise la graisse comme produit de comblement naturel pour am\u00e9liorer l&rsquo;apparence du visage. C&rsquo;est l&rsquo;une des proc\u00e9dures les plus populaires en chirurgie plastique car elle est consid\u00e9r\u00e9e comme une alternative naturelle, plus s\u00fbre, plus efficace et \u00e0 plus long terme que les produits de comblement traditionnels. Contrairement aux injections de produits de comblement, qui doivent \u00eatre r\u00e9p\u00e9t\u00e9es tous les 6 \u00e0 13 mois, les injections de graisse peuvent durer plusieurs ann\u00e9es.<\/p>\n<\/div>\n\n\n\n<div class=\"wp-block-column is-layout-flow wp-block-column-is-layout-flow\">\n<figure class=\"wp-block-image size-full\"><img decoding=\"async\" width=\"602\" height=\"670\" src=\"https:\/\/estherian.com\/wp-content\/uploads\/face-fat-estherian-1.png\" alt=\"\" class=\"wp-image-23456\" title=\"face-fat-estherian\" srcset=\"https:\/\/estherian.com\/wp-content\/uploads\/face-fat-estherian-1.png 602w, https:\/\/estherian.com\/wp-content\/uploads\/face-fat-estherian-1-347x386.png 347w\" sizes=\"(max-width: 602px) 100vw, 602px\" \/><\/figure>\n<\/div>\n<\/div>\n\n\n\n<p>Les injections de graisse sont donc l&rsquo;option id\u00e9ale pour reconstituer le volume perdu et restaurer la pl\u00e9nitude, en particulier dans des zones telles que les tempes, les yeux, les paupi\u00e8res, la ligne du nez, la bouche, les joues et la ligne de la m\u00e2choire.<\/p>\n\n\n\n<p>Les injections de graisse dans le visage am\u00e9liorent votre apparence g\u00e9n\u00e9rale, en vous donnant un visage plus rond et plus jeune et une peau plus lisse. En outre, elles permettent d&rsquo;hydrater la peau s\u00e8che, de r\u00e9duire les rides fines et d&rsquo;att\u00e9nuer les probl\u00e8mes de pigmentation du visage.<\/p>\n\n\n\n<div class=\"wp-block-columns is-layout-flex wp-container-core-columns-is-layout-9d6595d7 wp-block-columns-is-layout-flex\">\n<div class=\"wp-block-column is-layout-flow wp-block-column-is-layout-flow\">\n<figure class=\"wp-block-image size-full is-resized\"><img decoding=\"async\" width=\"398\" height=\"398\" src=\"https:\/\/estherian.com\/wp-content\/uploads\/injection-fat1-01.png\" alt=\"\" class=\"wp-image-23461\" style=\"width:399px;height:auto\" title=\"injection-fat1-01\" srcset=\"https:\/\/estherian.com\/wp-content\/uploads\/injection-fat1-01.png 398w, https:\/\/estherian.com\/wp-content\/uploads\/injection-fat1-01-386x386.png 386w, https:\/\/estherian.com\/wp-content\/uploads\/injection-fat1-01-275x275.png 275w\" sizes=\"(max-width: 398px) 100vw, 398px\" \/><\/figure>\n\n\n\n<figure class=\"wp-block-image size-full is-resized\"><img decoding=\"async\" width=\"398\" height=\"398\" src=\"https:\/\/estherian.com\/wp-content\/uploads\/injection-fat2-01.png\" alt=\"\" class=\"wp-image-23465\" style=\"width:433px;height:auto\" title=\"injection-fat2-01\" srcset=\"https:\/\/estherian.com\/wp-content\/uploads\/injection-fat2-01.png 398w, https:\/\/estherian.com\/wp-content\/uploads\/injection-fat2-01-386x386.png 386w, https:\/\/estherian.com\/wp-content\/uploads\/injection-fat2-01-275x275.png 275w\" sizes=\"(max-width: 398px) 100vw, 398px\" \/><\/figure>\n<\/div>\n\n\n\n<div class=\"wp-block-column is-layout-flow wp-block-column-is-layout-flow\">\n<h2 class=\"wp-block-heading\">Proc\u00e9dures d&rsquo;injection de graisse dans le visage<\/h2>\n\n\n\n<h3 class=\"wp-block-heading\">Avant l&rsquo;op\u00e9ration<\/h3>\n\n\n\n<p>Avant l&rsquo;intervention, le chirurgien proc\u00e9dera \u00e0 un examen m\u00e9dical complet pour s&rsquo;assurer que vous \u00eates en bonne sant\u00e9. Il vous demandera \u00e9galement d&rsquo;arr\u00eater de fumer bien avant l&rsquo;intervention. \u00c9vitez de prendre de l&rsquo;aspirine ou certains anti-inflammatoires, car ils peuvent augmenter le risque de saignement.<\/p>\n\n\n\n<h3 class=\"wp-block-heading\">Pendant le fonctionnement<\/h3>\n\n\n\n<p>L&rsquo;intervention se d\u00e9roule g\u00e9n\u00e9ralement sous anesth\u00e9sie locale et dure environ une heure. La graisse est aspir\u00e9e \u00e0 partir de zones sp\u00e9cifiques du corps, telles que les hanches et les cuisses, \u00e0 l&rsquo;aide d&rsquo;une canule. Cette graisse est ensuite purifi\u00e9e avant d&rsquo;\u00eatre r\u00e9inject\u00e9e dans le visage \u00e0 l&rsquo;aide de fines aiguilles. L&rsquo;intervention est peu invasive et la plupart des patients peuvent quitter l&rsquo;h\u00f4pital le lendemain de l&rsquo;op\u00e9ration.<\/p>\n<\/div>\n<\/div>\n\n\n\n<h3 class=\"wp-block-heading\">Apr\u00e8s l&rsquo;op\u00e9ration<\/h3>\n\n\n\n<p>Pour r\u00e9duire le gonflement et les ecchymoses, des poches de glace doivent \u00eatre appliqu\u00e9es pendant les deux premiers jours suivant l&rsquo;op\u00e9ration. Le gonflement diminue g\u00e9n\u00e9ralement \u00e0 partir du troisi\u00e8me jour et continue \u00e0 s&rsquo;am\u00e9liorer au cours de la semaine suivante. La plupart des effets secondaires devraient dispara\u00eetre compl\u00e8tement dans les trois semaines suivant l&rsquo;intervention.<\/p>\n\n\n\n<div class=\"wp-block-columns is-layout-flex wp-container-core-columns-is-layout-9d6595d7 wp-block-columns-is-layout-flex\">\n<div class=\"wp-block-column is-layout-flow wp-block-column-is-layout-flow\">\n<h2 class=\"wp-block-heading\">Qui est un bon candidat pour les injections de graisse dans le visage ?<\/h2>\n\n\n\n<p>Les candidats id\u00e9aux pour les injections de graisse dans le visage sont des personnes en bonne sant\u00e9, non fumeuses et soucieuses de pr\u00e9server la sant\u00e9 de leur peau. En outre, les candidats doivent avoir des attentes r\u00e9alistes quant aux r\u00e9sultats de l&rsquo;intervention.<\/p>\n<\/div>\n\n\n\n<div class=\"wp-block-column is-layout-flow wp-block-column-is-layout-flow\">\n<figure class=\"wp-block-image size-full\"><img decoding=\"async\" width=\"712\" height=\"658\" src=\"https:\/\/estherian.com\/wp-content\/uploads\/face-fat-injection-estherian-712x658-1.png\" alt=\"\" class=\"wp-image-23473\" title=\"face-fat-injection-estherian\" srcset=\"https:\/\/estherian.com\/wp-content\/uploads\/face-fat-injection-estherian-712x658-1.png 712w, https:\/\/estherian.com\/wp-content\/uploads\/face-fat-injection-estherian-712x658-1-386x357.png 386w\" sizes=\"(max-width: 712px) 100vw, 712px\" \/><\/figure>\n<\/div>\n<\/div>\n\n\n\n<h2 class=\"wp-block-heading\">Quels sont les risques des injections de graisse dans le visage ?<\/h2>\n\n\n\n<p>Comme toute proc\u00e9dure, les injections de graisse dans le visage comportent certains risques, notamment<\/p>\n\n\n\n<ul class=\"wp-block-list\">\n<li>\u00c9ruption cutan\u00e9e avec d\u00e9mangeaisons<\/li>\n\n\n\n<li>Rougeur de la peau<\/li>\n\n\n\n<li>Gonflement<\/li>\n\n\n\n<li>Risques li\u00e9s \u00e0 l&rsquo;anesth\u00e9sie<\/li>\n<\/ul>\n\n\n\n<p>Bien que les complications soient rares, il est important d&rsquo;en parler au pr\u00e9alable avec votre chirurgien.<\/p>\n\n\n\n<h2 class=\"wp-block-heading\">Combien co\u00fbtent les injections de graisse dans le visage ?<\/h2>\n\n\n\n<p>Le co\u00fbt des injections de graisse dans le visage peut varier consid\u00e9rablement en fonction de plusieurs facteurs, notamment la technique utilis\u00e9e, les zones dans lesquelles la graisse est aspir\u00e9e et le fait que l&rsquo;intervention soit ou non combin\u00e9e \u00e0 d&rsquo;autres proc\u00e9dures. Les prix varient g\u00e9n\u00e9ralement d&rsquo;un patient \u00e0 l&rsquo;autre et la combinaison de plusieurs interventions peut influencer le co\u00fbt total.<\/p>\n\n\n\n<h2 class=\"wp-block-heading\">Questions fr\u00e9quemment pos\u00e9es<\/h2>\n\n\n\n<h3 class=\"wp-block-heading\">Que sont les injections de graisse dans le visage ?<\/h3>\n\n\n\n<p>Les injections de graisse dans le visage sont une proc\u00e9dure cosm\u00e9tique qui consiste \u00e0 utiliser de la graisse pr\u00e9lev\u00e9e dans d&rsquo;autres parties du corps (comme les hanches ou les cuisses) pour restaurer le volume et am\u00e9liorer l&rsquo;apparence du visage. La graisse est purifi\u00e9e puis inject\u00e9e dans les zones du visage qui ont perdu de leur volume en raison du vieillissement ou d&rsquo;autres facteurs.<\/p>\n\n\n\n<h3 class=\"wp-block-heading\">Quelle est la dur\u00e9e des injections de graisse dans le visage ?<\/h3>\n\n\n\n<p>Les injections de graisse dans le visage peuvent durer plusieurs ann\u00e9es. Contrairement aux produits de comblement traditionnels, qui doivent \u00eatre r\u00e9p\u00e9t\u00e9s tous les 6 \u00e0 13 mois, les injections de graisse permettent d&rsquo;obtenir des r\u00e9sultats \u00e0 plus long terme. Toutefois, la long\u00e9vit\u00e9 des r\u00e9sultats peut varier d&rsquo;un patient \u00e0 l&rsquo;autre.<\/p>\n\n\n\n<h3 class=\"wp-block-heading\">\u00c0 quoi dois-je m&rsquo;attendre pendant le processus de r\u00e9tablissement ?<\/h3>\n\n\n\n<p>Apr\u00e8s l&rsquo;intervention, vous pouvez vous attendre \u00e0 un gonflement et \u00e0 des ecchymoses, qui devraient commencer \u00e0 dispara\u00eetre au bout de quelques jours. Il est recommand\u00e9 d&rsquo;utiliser des poches de glace pendant les deux premiers jours pour r\u00e9duire l&rsquo;enflure. Au troisi\u00e8me jour, le gonflement commencera \u00e0 diminuer et la plupart des effets secondaires dispara\u00eetront au bout de trois semaines.<\/p>\n\n\n\n<p><\/p>\n","protected":false},"excerpt":{"rendered":"<p>Qu&rsquo;est-ce que les injections de graisse dans le visage ? L&rsquo;injection de graisse dans le visage est une proc\u00e9dure qui utilise la graisse comme produit de comblement naturel pour am\u00e9liorer l&rsquo;apparence du visage. C&rsquo;est l&rsquo;une des proc\u00e9dures les plus populaires en chirurgie plastique car elle est consid\u00e9r\u00e9e comme une alternative naturelle, plus s\u00fbre, plus efficace&hellip;<\/p>\n","protected":false},"author":1,"featured_media":0,"parent":0,"menu_order":10,"comment_status":"closed","ping_status":"closed","template":"","meta":{"footnotes":""},"class_list":["post-22255","page","type-page","status-publish","hentry","description-off"],"yoast_head":"<!-- This site is optimized with the Yoast SEO Premium plugin v27.3 (Yoast SEO v27.3) - https:\/\/yoast.com\/product\/yoast-seo-premium-wordpress\/ -->\n<title>Injections de graisse dans le visage en Turquie | Estherian Clinic<\/title>\n<meta name=\"robots\" content=\"index, follow, max-snippet:-1, max-image-preview:large, max-video-preview:-1\" \/>\n<link rel=\"canonical\" href=\"https:\/\/estherian.com\/fr\/injections-de-graisse-dans-le-visage-en-turquie\/\" \/>\n<meta property=\"og:locale\" content=\"fr_FR\" \/>\n<meta property=\"og:type\" content=\"article\" \/>\n<meta property=\"og:title\" content=\"Injections de graisse dans le visage en Turquie\" \/>\n<meta property=\"og:description\" content=\"Looks better with Estherian Clinic. Plastic Surgery, Dental treatments and more beautiful services!\" \/>\n<meta property=\"og:url\" content=\"https:\/\/estherian.com\/fr\/injections-de-graisse-dans-le-visage-en-turquie\/\" \/>\n<meta property=\"og:site_name\" content=\"Estherian Clinic\" \/>\n<meta property=\"article:publisher\" content=\"https:\/\/www.facebook.com\/estherianclinic.en\" \/>\n<meta property=\"article:modified_time\" content=\"2024-12-05T08:09:56+00:00\" \/>\n<meta property=\"og:image\" content=\"https:\/\/estherian.com\/wp-content\/uploads\/face-fat-estherian-1.png\" \/>\n\t<meta property=\"og:image:width\" content=\"602\" \/>\n\t<meta property=\"og:image:height\" content=\"670\" \/>\n\t<meta property=\"og:image:type\" content=\"image\/png\" \/>\n<meta name=\"twitter:card\" content=\"summary_large_image\" \/>\n<meta name=\"twitter:site\" content=\"@EstherianTr\" \/>\n<meta name=\"twitter:label1\" content=\"Dur\u00e9e de lecture estim\u00e9e\" \/>\n\t<meta name=\"twitter:data1\" content=\"4 minutes\" \/>\n<script type=\"application\/ld+json\" class=\"yoast-schema-graph\">{\"@context\":\"https:\\\/\\\/schema.org\",\"@graph\":[{\"@type\":\"Article\",\"@id\":\"https:\\\/\\\/estherian.com\\\/fr\\\/injections-de-graisse-dans-le-visage-en-turquie\\\/#article\",\"isPartOf\":{\"@id\":\"https:\\\/\\\/estherian.com\\\/fr\\\/injections-de-graisse-dans-le-visage-en-turquie\\\/\"},\"author\":{\"name\":\"ferhatk\",\"@id\":\"https:\\\/\\\/estherian.com\\\/fr\\\/#\\\/schema\\\/person\\\/0b1452799c3700afbfcfd3a0f5e64732\"},\"headline\":\"Injections de graisse dans le visage en Turquie\",\"datePublished\":\"2024-11-22T08:49:20+00:00\",\"dateModified\":\"2024-12-05T08:09:56+00:00\",\"mainEntityOfPage\":{\"@id\":\"https:\\\/\\\/estherian.com\\\/fr\\\/injections-de-graisse-dans-le-visage-en-turquie\\\/\"},\"wordCount\":860,\"publisher\":{\"@id\":\"https:\\\/\\\/estherian.com\\\/fr\\\/#organization\"},\"image\":{\"@id\":\"https:\\\/\\\/estherian.com\\\/fr\\\/injections-de-graisse-dans-le-visage-en-turquie\\\/#primaryimage\"},\"thumbnailUrl\":\"https:\\\/\\\/estherian.com\\\/wp-content\\\/uploads\\\/face-fat-estherian-1.png\",\"inLanguage\":\"fr-FR\"},{\"@type\":\"WebPage\",\"@id\":\"https:\\\/\\\/estherian.com\\\/fr\\\/injections-de-graisse-dans-le-visage-en-turquie\\\/\",\"url\":\"https:\\\/\\\/estherian.com\\\/fr\\\/injections-de-graisse-dans-le-visage-en-turquie\\\/\",\"name\":\"Injections de graisse dans le visage en Turquie | Estherian Clinic\",\"isPartOf\":{\"@id\":\"https:\\\/\\\/estherian.com\\\/fr\\\/#website\"},\"primaryImageOfPage\":{\"@id\":\"https:\\\/\\\/estherian.com\\\/fr\\\/injections-de-graisse-dans-le-visage-en-turquie\\\/#primaryimage\"},\"image\":{\"@id\":\"https:\\\/\\\/estherian.com\\\/fr\\\/injections-de-graisse-dans-le-visage-en-turquie\\\/#primaryimage\"},\"thumbnailUrl\":\"https:\\\/\\\/estherian.com\\\/wp-content\\\/uploads\\\/face-fat-estherian-1.png\",\"datePublished\":\"2024-11-22T08:49:20+00:00\",\"dateModified\":\"2024-12-05T08:09:56+00:00\",\"breadcrumb\":{\"@id\":\"https:\\\/\\\/estherian.com\\\/fr\\\/injections-de-graisse-dans-le-visage-en-turquie\\\/#breadcrumb\"},\"inLanguage\":\"fr-FR\",\"potentialAction\":[{\"@type\":\"ReadAction\",\"target\":[\"https:\\\/\\\/estherian.com\\\/fr\\\/injections-de-graisse-dans-le-visage-en-turquie\\\/\"]}]},{\"@type\":\"ImageObject\",\"inLanguage\":\"fr-FR\",\"@id\":\"https:\\\/\\\/estherian.com\\\/fr\\\/injections-de-graisse-dans-le-visage-en-turquie\\\/#primaryimage\",\"url\":\"https:\\\/\\\/estherian.com\\\/wp-content\\\/uploads\\\/face-fat-estherian-1.png\",\"contentUrl\":\"https:\\\/\\\/estherian.com\\\/wp-content\\\/uploads\\\/face-fat-estherian-1.png\"},{\"@type\":\"BreadcrumbList\",\"@id\":\"https:\\\/\\\/estherian.com\\\/fr\\\/injections-de-graisse-dans-le-visage-en-turquie\\\/#breadcrumb\",\"itemListElement\":[{\"@type\":\"ListItem\",\"position\":1,\"name\":\"Home\",\"item\":\"https:\\\/\\\/estherian.com\\\/fr\\\/\"},{\"@type\":\"ListItem\",\"position\":2,\"name\":\"Injections de graisse dans le visage en Turquie\"}]},{\"@type\":\"WebSite\",\"@id\":\"https:\\\/\\\/estherian.com\\\/fr\\\/#website\",\"url\":\"https:\\\/\\\/estherian.com\\\/fr\\\/\",\"name\":\"Estherian Clinic\",\"description\":\"Plastic Surgery | Dental | Hair Transplant in Turkey\",\"publisher\":{\"@id\":\"https:\\\/\\\/estherian.com\\\/fr\\\/#organization\"},\"potentialAction\":[{\"@type\":\"SearchAction\",\"target\":{\"@type\":\"EntryPoint\",\"urlTemplate\":\"https:\\\/\\\/estherian.com\\\/fr\\\/?s={search_term_string}\"},\"query-input\":{\"@type\":\"PropertyValueSpecification\",\"valueRequired\":true,\"valueName\":\"search_term_string\"}}],\"inLanguage\":\"fr-FR\"},{\"@type\":\"Organization\",\"@id\":\"https:\\\/\\\/estherian.com\\\/fr\\\/#organization\",\"name\":\"Estherian Clinic\",\"alternateName\":\"Estherian\",\"url\":\"https:\\\/\\\/estherian.com\\\/fr\\\/\",\"logo\":{\"@type\":\"ImageObject\",\"inLanguage\":\"fr-FR\",\"@id\":\"https:\\\/\\\/estherian.com\\\/fr\\\/#\\\/schema\\\/logo\\\/image\\\/\",\"url\":\"https:\\\/\\\/estherian.com\\\/wp-content\\\/uploads\\\/2024\\\/10\\\/EstherianLogo.png\",\"contentUrl\":\"https:\\\/\\\/estherian.com\\\/wp-content\\\/uploads\\\/2024\\\/10\\\/EstherianLogo.png\",\"width\":882,\"height\":934,\"caption\":\"Estherian Clinic\"},\"image\":{\"@id\":\"https:\\\/\\\/estherian.com\\\/fr\\\/#\\\/schema\\\/logo\\\/image\\\/\"},\"sameAs\":[\"https:\\\/\\\/www.facebook.com\\\/estherianclinic.en\",\"https:\\\/\\\/x.com\\\/EstherianTr\",\"https:\\\/\\\/www.instagram.com\\\/estherianclinic\\\/\",\"https:\\\/\\\/www.tiktok.com\\\/@estherian.clinic\",\"https:\\\/\\\/www.youtube.com\\\/estherianclinic\"],\"email\":\"hi@estherian.com\",\"telephone\":\"+90-544-169-9000\",\"legalName\":\"ESTHERIAN CLINIC SA\u011eLIK H\u0130ZMETLER\u0130 SAN. T\u0130C. LTD. \u015eT\u0130.\",\"foundingDate\":\"2020-03-09\",\"vatID\":\"TR1601485625\",\"taxID\":\"1601485625\",\"numberOfEmployees\":{\"@type\":\"QuantitativeValue\",\"minValue\":\"51\",\"maxValue\":\"200\"},\"publishingPrinciples\":\"https:\\\/\\\/estherian.com\\\/tr\\\/sartlar-ve-kosullar\\\/\",\"actionableFeedbackPolicy\":\"https:\\\/\\\/estherian.com\\\/tr\\\/gizlilik-politikasi\\\/\",\"correctionsPolicy\":\"https:\\\/\\\/estherian.com\\\/tr\\\/gizlilik-politikasi\\\/\",\"ethicsPolicy\":\"https:\\\/\\\/estherian.com\\\/tr\\\/gizlilik-politikasi\\\/\",\"diversityPolicy\":\"https:\\\/\\\/estherian.com\\\/tr\\\/gizlilik-politikasi\\\/\",\"diversityStaffingReport\":\"https:\\\/\\\/estherian.com\\\/tr\\\/gizlilik-politikasi\\\/\"},{\"@type\":\"Person\",\"@id\":\"https:\\\/\\\/estherian.com\\\/fr\\\/#\\\/schema\\\/person\\\/0b1452799c3700afbfcfd3a0f5e64732\",\"name\":\"ferhatk\",\"image\":{\"@type\":\"ImageObject\",\"inLanguage\":\"fr-FR\",\"@id\":\"https:\\\/\\\/secure.gravatar.com\\\/avatar\\\/5192156a410fa37c70ea8d4f0d01782533c470a75971ae114e5cd116be51ca05?s=96&d=mm&r=g\",\"url\":\"https:\\\/\\\/secure.gravatar.com\\\/avatar\\\/5192156a410fa37c70ea8d4f0d01782533c470a75971ae114e5cd116be51ca05?s=96&d=mm&r=g\",\"contentUrl\":\"https:\\\/\\\/secure.gravatar.com\\\/avatar\\\/5192156a410fa37c70ea8d4f0d01782533c470a75971ae114e5cd116be51ca05?s=96&d=mm&r=g\",\"caption\":\"ferhatk\"},\"sameAs\":[\"https:\\\/\\\/v2.estherian.com\"]}]}<\/script>\n<!-- \/ Yoast SEO Premium plugin. -->","yoast_head_json":{"title":"Injections de graisse dans le visage en Turquie | Estherian Clinic","robots":{"index":"index","follow":"follow","max-snippet":"max-snippet:-1","max-image-preview":"max-image-preview:large","max-video-preview":"max-video-preview:-1"},"canonical":"https:\/\/estherian.com\/fr\/injections-de-graisse-dans-le-visage-en-turquie\/","og_locale":"fr_FR","og_type":"article","og_title":"Injections de graisse dans le visage en Turquie","og_description":"Looks better with Estherian Clinic. Plastic Surgery, Dental treatments and more beautiful services!","og_url":"https:\/\/estherian.com\/fr\/injections-de-graisse-dans-le-visage-en-turquie\/","og_site_name":"Estherian Clinic","article_publisher":"https:\/\/www.facebook.com\/estherianclinic.en","article_modified_time":"2024-12-05T08:09:56+00:00","og_image":[{"width":602,"height":670,"url":"https:\/\/estherian.com\/wp-content\/uploads\/face-fat-estherian-1.png","type":"image\/png"}],"twitter_card":"summary_large_image","twitter_site":"@EstherianTr","twitter_misc":{"Dur\u00e9e de lecture estim\u00e9e":"4 minutes"},"schema":{"@context":"https:\/\/schema.org","@graph":[{"@type":"Article","@id":"https:\/\/estherian.com\/fr\/injections-de-graisse-dans-le-visage-en-turquie\/#article","isPartOf":{"@id":"https:\/\/estherian.com\/fr\/injections-de-graisse-dans-le-visage-en-turquie\/"},"author":{"name":"ferhatk","@id":"https:\/\/estherian.com\/fr\/#\/schema\/person\/0b1452799c3700afbfcfd3a0f5e64732"},"headline":"Injections de graisse dans le visage en Turquie","datePublished":"2024-11-22T08:49:20+00:00","dateModified":"2024-12-05T08:09:56+00:00","mainEntityOfPage":{"@id":"https:\/\/estherian.com\/fr\/injections-de-graisse-dans-le-visage-en-turquie\/"},"wordCount":860,"publisher":{"@id":"https:\/\/estherian.com\/fr\/#organization"},"image":{"@id":"https:\/\/estherian.com\/fr\/injections-de-graisse-dans-le-visage-en-turquie\/#primaryimage"},"thumbnailUrl":"https:\/\/estherian.com\/wp-content\/uploads\/face-fat-estherian-1.png","inLanguage":"fr-FR"},{"@type":"WebPage","@id":"https:\/\/estherian.com\/fr\/injections-de-graisse-dans-le-visage-en-turquie\/","url":"https:\/\/estherian.com\/fr\/injections-de-graisse-dans-le-visage-en-turquie\/","name":"Injections de graisse dans le visage en Turquie | Estherian Clinic","isPartOf":{"@id":"https:\/\/estherian.com\/fr\/#website"},"primaryImageOfPage":{"@id":"https:\/\/estherian.com\/fr\/injections-de-graisse-dans-le-visage-en-turquie\/#primaryimage"},"image":{"@id":"https:\/\/estherian.com\/fr\/injections-de-graisse-dans-le-visage-en-turquie\/#primaryimage"},"thumbnailUrl":"https:\/\/estherian.com\/wp-content\/uploads\/face-fat-estherian-1.png","datePublished":"2024-11-22T08:49:20+00:00","dateModified":"2024-12-05T08:09:56+00:00","breadcrumb":{"@id":"https:\/\/estherian.com\/fr\/injections-de-graisse-dans-le-visage-en-turquie\/#breadcrumb"},"inLanguage":"fr-FR","potentialAction":[{"@type":"ReadAction","target":["https:\/\/estherian.com\/fr\/injections-de-graisse-dans-le-visage-en-turquie\/"]}]},{"@type":"ImageObject","inLanguage":"fr-FR","@id":"https:\/\/estherian.com\/fr\/injections-de-graisse-dans-le-visage-en-turquie\/#primaryimage","url":"https:\/\/estherian.com\/wp-content\/uploads\/face-fat-estherian-1.png","contentUrl":"https:\/\/estherian.com\/wp-content\/uploads\/face-fat-estherian-1.png"},{"@type":"BreadcrumbList","@id":"https:\/\/estherian.com\/fr\/injections-de-graisse-dans-le-visage-en-turquie\/#breadcrumb","itemListElement":[{"@type":"ListItem","position":1,"name":"Home","item":"https:\/\/estherian.com\/fr\/"},{"@type":"ListItem","position":2,"name":"Injections de graisse dans le visage en Turquie"}]},{"@type":"WebSite","@id":"https:\/\/estherian.com\/fr\/#website","url":"https:\/\/estherian.com\/fr\/","name":"Estherian Clinic","description":"Plastic Surgery | Dental | Hair Transplant in Turkey","publisher":{"@id":"https:\/\/estherian.com\/fr\/#organization"},"potentialAction":[{"@type":"SearchAction","target":{"@type":"EntryPoint","urlTemplate":"https:\/\/estherian.com\/fr\/?s={search_term_string}"},"query-input":{"@type":"PropertyValueSpecification","valueRequired":true,"valueName":"search_term_string"}}],"inLanguage":"fr-FR"},{"@type":"Organization","@id":"https:\/\/estherian.com\/fr\/#organization","name":"Estherian Clinic","alternateName":"Estherian","url":"https:\/\/estherian.com\/fr\/","logo":{"@type":"ImageObject","inLanguage":"fr-FR","@id":"https:\/\/estherian.com\/fr\/#\/schema\/logo\/image\/","url":"https:\/\/estherian.com\/wp-content\/uploads\/2024\/10\/EstherianLogo.png","contentUrl":"https:\/\/estherian.com\/wp-content\/uploads\/2024\/10\/EstherianLogo.png","width":882,"height":934,"caption":"Estherian Clinic"},"image":{"@id":"https:\/\/estherian.com\/fr\/#\/schema\/logo\/image\/"},"sameAs":["https:\/\/www.facebook.com\/estherianclinic.en","https:\/\/x.com\/EstherianTr","https:\/\/www.instagram.com\/estherianclinic\/","https:\/\/www.tiktok.com\/@estherian.clinic","https:\/\/www.youtube.com\/estherianclinic"],"email":"hi@estherian.com","telephone":"+90-544-169-9000","legalName":"ESTHERIAN CLINIC SA\u011eLIK H\u0130ZMETLER\u0130 SAN. T\u0130C. LTD. \u015eT\u0130.","foundingDate":"2020-03-09","vatID":"TR1601485625","taxID":"1601485625","numberOfEmployees":{"@type":"QuantitativeValue","minValue":"51","maxValue":"200"},"publishingPrinciples":"https:\/\/estherian.com\/tr\/sartlar-ve-kosullar\/","actionableFeedbackPolicy":"https:\/\/estherian.com\/tr\/gizlilik-politikasi\/","correctionsPolicy":"https:\/\/estherian.com\/tr\/gizlilik-politikasi\/","ethicsPolicy":"https:\/\/estherian.com\/tr\/gizlilik-politikasi\/","diversityPolicy":"https:\/\/estherian.com\/tr\/gizlilik-politikasi\/","diversityStaffingReport":"https:\/\/estherian.com\/tr\/gizlilik-politikasi\/"},{"@type":"Person","@id":"https:\/\/estherian.com\/fr\/#\/schema\/person\/0b1452799c3700afbfcfd3a0f5e64732","name":"ferhatk","image":{"@type":"ImageObject","inLanguage":"fr-FR","@id":"https:\/\/secure.gravatar.com\/avatar\/5192156a410fa37c70ea8d4f0d01782533c470a75971ae114e5cd116be51ca05?s=96&d=mm&r=g","url":"https:\/\/secure.gravatar.com\/avatar\/5192156a410fa37c70ea8d4f0d01782533c470a75971ae114e5cd116be51ca05?s=96&d=mm&r=g","contentUrl":"https:\/\/secure.gravatar.com\/avatar\/5192156a410fa37c70ea8d4f0d01782533c470a75971ae114e5cd116be51ca05?s=96&d=mm&r=g","caption":"ferhatk"},"sameAs":["https:\/\/v2.estherian.com"]}]}},"_links":{"self":[{"href":"https:\/\/estherian.com\/fr\/wp-json\/wp\/v2\/pages\/22255","targetHints":{"allow":["GET"]}}],"collection":[{"href":"https:\/\/estherian.com\/fr\/wp-json\/wp\/v2\/pages"}],"about":[{"href":"https:\/\/estherian.com\/fr\/wp-json\/wp\/v2\/types\/page"}],"author":[{"embeddable":true,"href":"https:\/\/estherian.com\/fr\/wp-json\/wp\/v2\/users\/1"}],"replies":[{"embeddable":true,"href":"https:\/\/estherian.com\/fr\/wp-json\/wp\/v2\/comments?post=22255"}],"version-history":[{"count":0,"href":"https:\/\/estherian.com\/fr\/wp-json\/wp\/v2\/pages\/22255\/revisions"}],"wp:attachment":[{"href":"https:\/\/estherian.com\/fr\/wp-json\/wp\/v2\/media?parent=22255"}],"curies":[{"name":"wp","href":"https:\/\/api.w.org\/{rel}","templated":true}]}}