{"id":22270,"date":"2024-11-22T13:58:44","date_gmt":"2024-11-22T10:58:44","guid":{"rendered":"https:\/\/v2.estherian.com\/?page_id=22270"},"modified":"2025-06-18T10:05:02","modified_gmt":"2025-06-18T07:05:02","slug":"reduction-mammaire","status":"publish","type":"page","link":"https:\/\/estherian.com\/fr\/reduction-mammaire\/","title":{"rendered":"R\u00e9duction Mammaire en Turquie"},"content":{"rendered":"\n<h2 class=\"wp-block-heading\">Qu&rsquo;est-ce que la chirurgie de r\u00e9duction mammaire ?<\/h2>\n\n\n\n<p>La chirurgie de r\u00e9duction mammaire, \u00e9galement connue sous le nom de mammoplastie de r\u00e9duction, est une intervention destin\u00e9e \u00e0 r\u00e9duire la taille des seins en retirant l&rsquo;exc\u00e8s de graisse, de tissu glandulaire et de peau. Elle est souvent choisie pour att\u00e9nuer les d\u00e9sagr\u00e9ments caus\u00e9s par des seins trop volumineux, tels que les maux de dos, les tensions dans le cou et les probl\u00e8mes de posture, tout en permettant d&rsquo;obtenir une apparence plus proportionn\u00e9e.<\/p>\n\n\n\n<div class=\"wp-block-columns is-layout-flex wp-container-core-columns-is-layout-9d6595d7 wp-block-columns-is-layout-flex\">\n<div class=\"wp-block-column is-layout-flow wp-block-column-is-layout-flow\">\n<h3 class=\"wp-block-heading\">AVANT L&rsquo;OP\u00c9RATION :<\/h3>\n\n\n\n<p>Avant l&rsquo;op\u00e9ration, votre chirurgien discutera avec vous de vos ant\u00e9c\u00e9dents m\u00e9dicaux, notamment si vous avez d\u00e9j\u00e0 subi une ablation d&rsquo;une grosseur au sein ou si vous souffrez d&rsquo;une autre maladie affectant vos seins. Il vous interrogera \u00e9galement sur les ant\u00e9c\u00e9dents m\u00e9dicaux de votre famille.<\/p>\n\n\n\n<p>Le chirurgien vous fera passer une radiographie du thorax et les examinera avant l&rsquo;op\u00e9ration.<\/p>\n\n\n\n<p>Le chirurgien peut prendre des photos de vos seins, les mesurer et discuter avec vous de votre perception du r\u00e9sultat de l&rsquo;op\u00e9ration.<\/p>\n\n\n\n<p>Votre m\u00e9decin vous demandera d&rsquo;arr\u00eater de fumer pendant une certaine p\u00e9riode avant et apr\u00e8s l&rsquo;op\u00e9ration et d&rsquo;arr\u00eater de prendre certains m\u00e9dicaments tels que l&rsquo;aspirine et les anti-inflammatoires.<\/p>\n\n\n\n<h3 class=\"wp-block-heading\">PENDANT LE FONCTIONNEMENT<\/h3>\n\n\n\n<p>Le chirurgien pratique d&rsquo;abord de petites incisions dans la peau et ins\u00e8re un tube fin pour aspirer la graisse des seins. Il pratique ensuite une incision autour des ar\u00e9oles et au milieu de chaque sein. Dans ce cas, les ar\u00e9oles et le mamelon restent attach\u00e9s aux seins, puis ils sont repositionn\u00e9s lorsque les tissus mammaires et les graisses exc\u00e9dentaires sont retir\u00e9s.<\/p>\n\n\n\n<p>Si les seins sont tr\u00e8s volumineux, les ar\u00e9oles sont enlev\u00e9es et rattach\u00e9es plus haut par une greffe de peau.<\/p>\n\n\n\n<p>Pendant l&rsquo;op\u00e9ration, le chirurgien accorde toute son attention aux canaux lactif\u00e8res<\/p>\n\n\n\n<p>Votre chirurgien remod\u00e8le les seins et s&rsquo;assure des proportions de sym\u00e9trie entre eux, puis recoud les plaies.<\/p>\n\n\n\n<p>Une fois la r\u00e9duction mammaire termin\u00e9e, le chirurgien enveloppe les seins dans des bandages et les maintient en place \u00e0 l&rsquo;aide d&rsquo;un soutien-gorge de maintien chirurgical. Il fa\u00e7onne les seins et s&rsquo;assure de leur sym\u00e9trie avant de refermer les incisions. Les canaux lactif\u00e8res sont pr\u00e9serv\u00e9s dans la mesure du possible afin de maintenir la capacit\u00e9 d&rsquo;allaitement.<\/p>\n<\/div>\n\n\n\n<div class=\"wp-block-column is-layout-flow wp-block-column-is-layout-flow\">\n<figure class=\"wp-block-image size-full\"><img decoding=\"async\" width=\"398\" height=\"398\" src=\"https:\/\/estherian.com\/wp-content\/uploads\/breast-reduction1-01.png\" alt=\"breast reduction\" class=\"wp-image-23362\" title=\"breast-reduction1-01\" srcset=\"https:\/\/estherian.com\/wp-content\/uploads\/breast-reduction1-01.png 398w, https:\/\/estherian.com\/wp-content\/uploads\/breast-reduction1-01-386x386.png 386w, https:\/\/estherian.com\/wp-content\/uploads\/breast-reduction1-01-275x275.png 275w\" sizes=\"(max-width: 398px) 100vw, 398px\" \/><\/figure>\n\n\n\n<figure class=\"wp-block-image size-full\"><img decoding=\"async\" width=\"398\" height=\"398\" src=\"https:\/\/estherian.com\/wp-content\/uploads\/breast-reduction2-01.png\" alt=\"\" class=\"wp-image-23366\" title=\"breast-reduction2-01\" srcset=\"https:\/\/estherian.com\/wp-content\/uploads\/breast-reduction2-01.png 398w, https:\/\/estherian.com\/wp-content\/uploads\/breast-reduction2-01-386x386.png 386w, https:\/\/estherian.com\/wp-content\/uploads\/breast-reduction2-01-275x275.png 275w\" sizes=\"(max-width: 398px) 100vw, 398px\" \/><\/figure>\n<\/div>\n<\/div>\n\n\n\n<div class=\"wp-block-columns is-layout-flex wp-container-core-columns-is-layout-9d6595d7 wp-block-columns-is-layout-flex\">\n<div class=\"wp-block-column is-layout-flow wp-block-column-is-layout-flow\"><\/div>\n<\/div>\n\n\n\n<h2 class=\"wp-block-heading\">Apr\u00e8s l&rsquo;op\u00e9ration<\/h2>\n\n\n\n<p>Les seins sont envelopp\u00e9s dans des bandages et soutenus par un soutien-gorge chirurgical. La convalescence peut durer jusqu&rsquo;\u00e0 deux semaines et il convient d&rsquo;\u00e9viter toute activit\u00e9 intense ou tout soul\u00e8vement de charges lourdes pendant au moins un mois. La douleur, le gonflement et les ecchymoses sont normaux et des m\u00e9dicaments anti-douleur seront administr\u00e9s.<\/p>\n\n\n\n<h2 class=\"wp-block-heading\">Temps de r\u00e9cup\u00e9ration de la r\u00e9duction mammaire<\/h2>\n\n\n\n<p>Une douleur l\u00e9g\u00e8re \u00e0 mod\u00e9r\u00e9e est attendue apr\u00e8s l&rsquo;op\u00e9ration. Votre chirurgien vous donnera des instructions d\u00e9taill\u00e9es sur les soins postop\u00e9ratoires afin de minimiser les risques d&rsquo;infection et de favoriser une bonne cicatrisation.<\/p>\n\n\n\n<h2 class=\"wp-block-heading\">La chirurgie de r\u00e9duction mammaire est-elle douloureuse ?<\/h2>\n\n\n\n<p>L&rsquo;intervention est r\u00e9alis\u00e9e sous anesth\u00e9sie g\u00e9n\u00e9rale, ce qui garantit l&rsquo;absence de douleur pendant l&rsquo;op\u00e9ration. L&rsquo;inconfort postop\u00e9ratoire est g\u00e9rable gr\u00e2ce aux m\u00e9dicaments prescrits.<\/p>\n\n\n\n<div class=\"wp-block-columns is-layout-flex wp-container-core-columns-is-layout-9d6595d7 wp-block-columns-is-layout-flex\">\n<div class=\"wp-block-column is-layout-flow wp-block-column-is-layout-flow\">\n<h2 class=\"wp-block-heading\">Breast Reduction Risks<\/h2>\n\n\n\n<ul class=\"wp-block-list\">\n<li>Asym\u00e9trie des seins<\/li>\n\n\n\n<li>Changements de forme ou de circonf\u00e9rence<\/li>\n\n\n\n<li>Fermet\u00e9 excessive du sein<\/li>\n\n\n\n<li>Accumulation de liquide<\/li>\n\n\n\n<li>Incapacit\u00e9 d&rsquo;allaiter<\/li>\n\n\n\n<li>D\u00e9coloration permanente de la peau<\/li>\n<\/ul>\n\n\n\n<h2 class=\"wp-block-heading\">Combien co\u00fbte l&rsquo;op\u00e9ration de r\u00e9duction mammaire ?<\/h2>\n\n\n\n<p>Le co\u00fbt de la chirurgie de r\u00e9duction mammaire varie en fonction de facteurs tels que la technique utilis\u00e9e et la combinaison \u00e9ventuelle avec d&rsquo;autres interventions. Un prix pr\u00e9cis ne peut \u00eatre d\u00e9termin\u00e9 qu&rsquo;apr\u00e8s une consultation m\u00e9dicale. Contactez-nous pour une consultation gratuite afin d&rsquo;en savoir plus sur les possibilit\u00e9s qui s&rsquo;offrent \u00e0 vous.<\/p>\n<\/div>\n\n\n\n<div class=\"wp-block-column is-layout-flow wp-block-column-is-layout-flow\">\n<figure class=\"wp-block-image size-full\"><img decoding=\"async\" width=\"370\" height=\"277\" src=\"https:\/\/estherian.com\/wp-content\/uploads\/breast-reduction-surgery-370x277-1.png\" alt=\"\" class=\"wp-image-23371\" title=\"b1\"\/><\/figure>\n<\/div>\n<\/div>\n\n\n\n<h2 class=\"wp-block-heading\">Questions fr\u00e9quemment pos\u00e9es (FAQ) sur la chirurgie de r\u00e9duction mammaire<\/h2>\n\n\n\n<h3 class=\"wp-block-heading\">La chirurgie de r\u00e9duction mammaire est-elle douloureuse ?<\/h3>\n\n\n\n<p>The surgery is performed under general anesthesia, so you won\u2019t feel pain during the procedure. Post-operative pain is manageable with medications prescribed by your surgeon.<\/p>\n\n\n\n<h3 class=\"wp-block-heading\">Combien co\u00fbte une chirurgie de r\u00e9duction mammaire en Turquie ?<\/h3>\n\n\n\n<p>Les co\u00fbts varient en fonction de la technique, du chirurgien et des proc\u00e9dures suppl\u00e9mentaires \u00e9ventuelles. Un devis pr\u00e9cis peut \u00eatre \u00e9tabli apr\u00e8s une consultation m\u00e9dicale. Contactez-nous pour une consultation gratuite afin de discuter de vos besoins.<\/p>\n\n\n\n<h2 class=\"wp-block-heading\">Les r\u00e9sultats sont-ils permanents ?<\/h2>\n\n\n\n<p>La chirurgie de r\u00e9duction mammaire donne des r\u00e9sultats durables, mais les changements de poids, la grossesse ou le vieillissement peuvent modifier la taille et la forme des seins au fil du temps.<\/p>\n\n\n\n<p><\/p>\n","protected":false},"excerpt":{"rendered":"<p>Qu&rsquo;est-ce que la chirurgie de r\u00e9duction mammaire ? La chirurgie de r\u00e9duction mammaire, \u00e9galement connue sous le nom de mammoplastie de r\u00e9duction, est une intervention destin\u00e9e \u00e0 r\u00e9duire la taille des seins en retirant l&rsquo;exc\u00e8s de graisse, de tissu glandulaire et de peau. Elle est souvent choisie pour att\u00e9nuer les d\u00e9sagr\u00e9ments caus\u00e9s par des seins&hellip;<\/p>\n","protected":false},"author":1,"featured_media":27763,"parent":0,"menu_order":10,"comment_status":"closed","ping_status":"closed","template":"","meta":{"footnotes":""},"class_list":["post-22270","page","type-page","status-publish","has-post-thumbnail","hentry","description-off"],"yoast_head":"<!-- This site is optimized with the Yoast SEO Premium plugin v27.3 (Yoast SEO v27.3) - https:\/\/yoast.com\/product\/yoast-seo-premium-wordpress\/ -->\n<title>R\u00e9duction Mammaire en Turquie | Estherian Clinic<\/title>\n<meta name=\"robots\" content=\"index, follow, max-snippet:-1, max-image-preview:large, max-video-preview:-1\" \/>\n<link rel=\"canonical\" href=\"https:\/\/estherian.com\/fr\/reduction-mammaire\/\" \/>\n<meta property=\"og:locale\" content=\"fr_FR\" \/>\n<meta property=\"og:type\" content=\"article\" \/>\n<meta property=\"og:title\" content=\"R\u00e9duction Mammaire en Turquie\" \/>\n<meta property=\"og:description\" content=\"Looks better with Estherian Clinic. Plastic Surgery, Dental treatments and more beautiful services!\" \/>\n<meta property=\"og:url\" content=\"https:\/\/estherian.com\/fr\/reduction-mammaire\/\" \/>\n<meta property=\"og:site_name\" content=\"Estherian Clinic\" \/>\n<meta property=\"article:publisher\" content=\"https:\/\/www.facebook.com\/estherianclinic.en\" \/>\n<meta property=\"article:modified_time\" content=\"2025-06-18T07:05:02+00:00\" \/>\n<meta property=\"og:image\" content=\"https:\/\/estherian.com\/wp-content\/uploads\/breast_reduction_turkey_1920x1080.jpg\" \/>\n\t<meta property=\"og:image:width\" content=\"1920\" \/>\n\t<meta property=\"og:image:height\" content=\"1080\" \/>\n\t<meta property=\"og:image:type\" content=\"image\/jpeg\" \/>\n<meta name=\"twitter:card\" content=\"summary_large_image\" \/>\n<meta name=\"twitter:site\" content=\"@EstherianTr\" \/>\n<meta name=\"twitter:label1\" content=\"Dur\u00e9e de lecture estim\u00e9e\" \/>\n\t<meta name=\"twitter:data1\" content=\"4 minutes\" \/>\n<script type=\"application\/ld+json\" class=\"yoast-schema-graph\">{\"@context\":\"https:\\\/\\\/schema.org\",\"@graph\":[{\"@type\":\"Article\",\"@id\":\"https:\\\/\\\/estherian.com\\\/fr\\\/reduction-mammaire\\\/#article\",\"isPartOf\":{\"@id\":\"https:\\\/\\\/estherian.com\\\/fr\\\/reduction-mammaire\\\/\"},\"author\":{\"name\":\"ferhatk\",\"@id\":\"https:\\\/\\\/estherian.com\\\/fr\\\/#\\\/schema\\\/person\\\/0b1452799c3700afbfcfd3a0f5e64732\"},\"headline\":\"R\u00e9duction Mammaire en Turquie\",\"datePublished\":\"2024-11-22T10:58:44+00:00\",\"dateModified\":\"2025-06-18T07:05:02+00:00\",\"mainEntityOfPage\":{\"@id\":\"https:\\\/\\\/estherian.com\\\/fr\\\/reduction-mammaire\\\/\"},\"wordCount\":833,\"publisher\":{\"@id\":\"https:\\\/\\\/estherian.com\\\/fr\\\/#organization\"},\"image\":{\"@id\":\"https:\\\/\\\/estherian.com\\\/fr\\\/reduction-mammaire\\\/#primaryimage\"},\"thumbnailUrl\":\"https:\\\/\\\/estherian.com\\\/wp-content\\\/uploads\\\/breast_reduction_turkey_1920x1080.jpg\",\"inLanguage\":\"fr-FR\"},{\"@type\":\"WebPage\",\"@id\":\"https:\\\/\\\/estherian.com\\\/fr\\\/reduction-mammaire\\\/\",\"url\":\"https:\\\/\\\/estherian.com\\\/fr\\\/reduction-mammaire\\\/\",\"name\":\"R\u00e9duction Mammaire en Turquie | Estherian Clinic\",\"isPartOf\":{\"@id\":\"https:\\\/\\\/estherian.com\\\/fr\\\/#website\"},\"primaryImageOfPage\":{\"@id\":\"https:\\\/\\\/estherian.com\\\/fr\\\/reduction-mammaire\\\/#primaryimage\"},\"image\":{\"@id\":\"https:\\\/\\\/estherian.com\\\/fr\\\/reduction-mammaire\\\/#primaryimage\"},\"thumbnailUrl\":\"https:\\\/\\\/estherian.com\\\/wp-content\\\/uploads\\\/breast_reduction_turkey_1920x1080.jpg\",\"datePublished\":\"2024-11-22T10:58:44+00:00\",\"dateModified\":\"2025-06-18T07:05:02+00:00\",\"breadcrumb\":{\"@id\":\"https:\\\/\\\/estherian.com\\\/fr\\\/reduction-mammaire\\\/#breadcrumb\"},\"inLanguage\":\"fr-FR\",\"potentialAction\":[{\"@type\":\"ReadAction\",\"target\":[\"https:\\\/\\\/estherian.com\\\/fr\\\/reduction-mammaire\\\/\"]}]},{\"@type\":\"ImageObject\",\"inLanguage\":\"fr-FR\",\"@id\":\"https:\\\/\\\/estherian.com\\\/fr\\\/reduction-mammaire\\\/#primaryimage\",\"url\":\"https:\\\/\\\/estherian.com\\\/wp-content\\\/uploads\\\/breast_reduction_turkey_1920x1080.jpg\",\"contentUrl\":\"https:\\\/\\\/estherian.com\\\/wp-content\\\/uploads\\\/breast_reduction_turkey_1920x1080.jpg\",\"width\":1920,\"height\":1080},{\"@type\":\"BreadcrumbList\",\"@id\":\"https:\\\/\\\/estherian.com\\\/fr\\\/reduction-mammaire\\\/#breadcrumb\",\"itemListElement\":[{\"@type\":\"ListItem\",\"position\":1,\"name\":\"Home\",\"item\":\"https:\\\/\\\/estherian.com\\\/fr\\\/\"},{\"@type\":\"ListItem\",\"position\":2,\"name\":\"R\u00e9duction Mammaire en Turquie\"}]},{\"@type\":\"WebSite\",\"@id\":\"https:\\\/\\\/estherian.com\\\/fr\\\/#website\",\"url\":\"https:\\\/\\\/estherian.com\\\/fr\\\/\",\"name\":\"Estherian Clinic\",\"description\":\"Plastic Surgery | Dental | Hair Transplant in Turkey\",\"publisher\":{\"@id\":\"https:\\\/\\\/estherian.com\\\/fr\\\/#organization\"},\"potentialAction\":[{\"@type\":\"SearchAction\",\"target\":{\"@type\":\"EntryPoint\",\"urlTemplate\":\"https:\\\/\\\/estherian.com\\\/fr\\\/?s={search_term_string}\"},\"query-input\":{\"@type\":\"PropertyValueSpecification\",\"valueRequired\":true,\"valueName\":\"search_term_string\"}}],\"inLanguage\":\"fr-FR\"},{\"@type\":\"Organization\",\"@id\":\"https:\\\/\\\/estherian.com\\\/fr\\\/#organization\",\"name\":\"Estherian Clinic\",\"alternateName\":\"Estherian\",\"url\":\"https:\\\/\\\/estherian.com\\\/fr\\\/\",\"logo\":{\"@type\":\"ImageObject\",\"inLanguage\":\"fr-FR\",\"@id\":\"https:\\\/\\\/estherian.com\\\/fr\\\/#\\\/schema\\\/logo\\\/image\\\/\",\"url\":\"https:\\\/\\\/estherian.com\\\/wp-content\\\/uploads\\\/2024\\\/10\\\/EstherianLogo.png\",\"contentUrl\":\"https:\\\/\\\/estherian.com\\\/wp-content\\\/uploads\\\/2024\\\/10\\\/EstherianLogo.png\",\"width\":882,\"height\":934,\"caption\":\"Estherian Clinic\"},\"image\":{\"@id\":\"https:\\\/\\\/estherian.com\\\/fr\\\/#\\\/schema\\\/logo\\\/image\\\/\"},\"sameAs\":[\"https:\\\/\\\/www.facebook.com\\\/estherianclinic.en\",\"https:\\\/\\\/x.com\\\/EstherianTr\",\"https:\\\/\\\/www.instagram.com\\\/estherianclinic\\\/\",\"https:\\\/\\\/www.tiktok.com\\\/@estherian.clinic\",\"https:\\\/\\\/www.youtube.com\\\/estherianclinic\"],\"email\":\"hi@estherian.com\",\"telephone\":\"+90-544-169-9000\",\"legalName\":\"ESTHERIAN CLINIC SA\u011eLIK H\u0130ZMETLER\u0130 SAN. T\u0130C. LTD. \u015eT\u0130.\",\"foundingDate\":\"2020-03-09\",\"vatID\":\"TR1601485625\",\"taxID\":\"1601485625\",\"numberOfEmployees\":{\"@type\":\"QuantitativeValue\",\"minValue\":\"51\",\"maxValue\":\"200\"},\"publishingPrinciples\":\"https:\\\/\\\/estherian.com\\\/tr\\\/sartlar-ve-kosullar\\\/\",\"actionableFeedbackPolicy\":\"https:\\\/\\\/estherian.com\\\/tr\\\/gizlilik-politikasi\\\/\",\"correctionsPolicy\":\"https:\\\/\\\/estherian.com\\\/tr\\\/gizlilik-politikasi\\\/\",\"ethicsPolicy\":\"https:\\\/\\\/estherian.com\\\/tr\\\/gizlilik-politikasi\\\/\",\"diversityPolicy\":\"https:\\\/\\\/estherian.com\\\/tr\\\/gizlilik-politikasi\\\/\",\"diversityStaffingReport\":\"https:\\\/\\\/estherian.com\\\/tr\\\/gizlilik-politikasi\\\/\"},{\"@type\":\"Person\",\"@id\":\"https:\\\/\\\/estherian.com\\\/fr\\\/#\\\/schema\\\/person\\\/0b1452799c3700afbfcfd3a0f5e64732\",\"name\":\"ferhatk\",\"image\":{\"@type\":\"ImageObject\",\"inLanguage\":\"fr-FR\",\"@id\":\"https:\\\/\\\/secure.gravatar.com\\\/avatar\\\/5192156a410fa37c70ea8d4f0d01782533c470a75971ae114e5cd116be51ca05?s=96&d=mm&r=g\",\"url\":\"https:\\\/\\\/secure.gravatar.com\\\/avatar\\\/5192156a410fa37c70ea8d4f0d01782533c470a75971ae114e5cd116be51ca05?s=96&d=mm&r=g\",\"contentUrl\":\"https:\\\/\\\/secure.gravatar.com\\\/avatar\\\/5192156a410fa37c70ea8d4f0d01782533c470a75971ae114e5cd116be51ca05?s=96&d=mm&r=g\",\"caption\":\"ferhatk\"},\"sameAs\":[\"https:\\\/\\\/v2.estherian.com\"]}]}<\/script>\n<!-- \/ Yoast SEO Premium plugin. -->","yoast_head_json":{"title":"R\u00e9duction Mammaire en Turquie | Estherian Clinic","robots":{"index":"index","follow":"follow","max-snippet":"max-snippet:-1","max-image-preview":"max-image-preview:large","max-video-preview":"max-video-preview:-1"},"canonical":"https:\/\/estherian.com\/fr\/reduction-mammaire\/","og_locale":"fr_FR","og_type":"article","og_title":"R\u00e9duction Mammaire en Turquie","og_description":"Looks better with Estherian Clinic. Plastic Surgery, Dental treatments and more beautiful services!","og_url":"https:\/\/estherian.com\/fr\/reduction-mammaire\/","og_site_name":"Estherian Clinic","article_publisher":"https:\/\/www.facebook.com\/estherianclinic.en","article_modified_time":"2025-06-18T07:05:02+00:00","og_image":[{"width":1920,"height":1080,"url":"https:\/\/estherian.com\/wp-content\/uploads\/breast_reduction_turkey_1920x1080.jpg","type":"image\/jpeg"}],"twitter_card":"summary_large_image","twitter_site":"@EstherianTr","twitter_misc":{"Dur\u00e9e de lecture estim\u00e9e":"4 minutes"},"schema":{"@context":"https:\/\/schema.org","@graph":[{"@type":"Article","@id":"https:\/\/estherian.com\/fr\/reduction-mammaire\/#article","isPartOf":{"@id":"https:\/\/estherian.com\/fr\/reduction-mammaire\/"},"author":{"name":"ferhatk","@id":"https:\/\/estherian.com\/fr\/#\/schema\/person\/0b1452799c3700afbfcfd3a0f5e64732"},"headline":"R\u00e9duction Mammaire en Turquie","datePublished":"2024-11-22T10:58:44+00:00","dateModified":"2025-06-18T07:05:02+00:00","mainEntityOfPage":{"@id":"https:\/\/estherian.com\/fr\/reduction-mammaire\/"},"wordCount":833,"publisher":{"@id":"https:\/\/estherian.com\/fr\/#organization"},"image":{"@id":"https:\/\/estherian.com\/fr\/reduction-mammaire\/#primaryimage"},"thumbnailUrl":"https:\/\/estherian.com\/wp-content\/uploads\/breast_reduction_turkey_1920x1080.jpg","inLanguage":"fr-FR"},{"@type":"WebPage","@id":"https:\/\/estherian.com\/fr\/reduction-mammaire\/","url":"https:\/\/estherian.com\/fr\/reduction-mammaire\/","name":"R\u00e9duction Mammaire en Turquie | Estherian Clinic","isPartOf":{"@id":"https:\/\/estherian.com\/fr\/#website"},"primaryImageOfPage":{"@id":"https:\/\/estherian.com\/fr\/reduction-mammaire\/#primaryimage"},"image":{"@id":"https:\/\/estherian.com\/fr\/reduction-mammaire\/#primaryimage"},"thumbnailUrl":"https:\/\/estherian.com\/wp-content\/uploads\/breast_reduction_turkey_1920x1080.jpg","datePublished":"2024-11-22T10:58:44+00:00","dateModified":"2025-06-18T07:05:02+00:00","breadcrumb":{"@id":"https:\/\/estherian.com\/fr\/reduction-mammaire\/#breadcrumb"},"inLanguage":"fr-FR","potentialAction":[{"@type":"ReadAction","target":["https:\/\/estherian.com\/fr\/reduction-mammaire\/"]}]},{"@type":"ImageObject","inLanguage":"fr-FR","@id":"https:\/\/estherian.com\/fr\/reduction-mammaire\/#primaryimage","url":"https:\/\/estherian.com\/wp-content\/uploads\/breast_reduction_turkey_1920x1080.jpg","contentUrl":"https:\/\/estherian.com\/wp-content\/uploads\/breast_reduction_turkey_1920x1080.jpg","width":1920,"height":1080},{"@type":"BreadcrumbList","@id":"https:\/\/estherian.com\/fr\/reduction-mammaire\/#breadcrumb","itemListElement":[{"@type":"ListItem","position":1,"name":"Home","item":"https:\/\/estherian.com\/fr\/"},{"@type":"ListItem","position":2,"name":"R\u00e9duction Mammaire en Turquie"}]},{"@type":"WebSite","@id":"https:\/\/estherian.com\/fr\/#website","url":"https:\/\/estherian.com\/fr\/","name":"Estherian Clinic","description":"Plastic Surgery | Dental | Hair Transplant in Turkey","publisher":{"@id":"https:\/\/estherian.com\/fr\/#organization"},"potentialAction":[{"@type":"SearchAction","target":{"@type":"EntryPoint","urlTemplate":"https:\/\/estherian.com\/fr\/?s={search_term_string}"},"query-input":{"@type":"PropertyValueSpecification","valueRequired":true,"valueName":"search_term_string"}}],"inLanguage":"fr-FR"},{"@type":"Organization","@id":"https:\/\/estherian.com\/fr\/#organization","name":"Estherian Clinic","alternateName":"Estherian","url":"https:\/\/estherian.com\/fr\/","logo":{"@type":"ImageObject","inLanguage":"fr-FR","@id":"https:\/\/estherian.com\/fr\/#\/schema\/logo\/image\/","url":"https:\/\/estherian.com\/wp-content\/uploads\/2024\/10\/EstherianLogo.png","contentUrl":"https:\/\/estherian.com\/wp-content\/uploads\/2024\/10\/EstherianLogo.png","width":882,"height":934,"caption":"Estherian Clinic"},"image":{"@id":"https:\/\/estherian.com\/fr\/#\/schema\/logo\/image\/"},"sameAs":["https:\/\/www.facebook.com\/estherianclinic.en","https:\/\/x.com\/EstherianTr","https:\/\/www.instagram.com\/estherianclinic\/","https:\/\/www.tiktok.com\/@estherian.clinic","https:\/\/www.youtube.com\/estherianclinic"],"email":"hi@estherian.com","telephone":"+90-544-169-9000","legalName":"ESTHERIAN CLINIC SA\u011eLIK H\u0130ZMETLER\u0130 SAN. T\u0130C. LTD. \u015eT\u0130.","foundingDate":"2020-03-09","vatID":"TR1601485625","taxID":"1601485625","numberOfEmployees":{"@type":"QuantitativeValue","minValue":"51","maxValue":"200"},"publishingPrinciples":"https:\/\/estherian.com\/tr\/sartlar-ve-kosullar\/","actionableFeedbackPolicy":"https:\/\/estherian.com\/tr\/gizlilik-politikasi\/","correctionsPolicy":"https:\/\/estherian.com\/tr\/gizlilik-politikasi\/","ethicsPolicy":"https:\/\/estherian.com\/tr\/gizlilik-politikasi\/","diversityPolicy":"https:\/\/estherian.com\/tr\/gizlilik-politikasi\/","diversityStaffingReport":"https:\/\/estherian.com\/tr\/gizlilik-politikasi\/"},{"@type":"Person","@id":"https:\/\/estherian.com\/fr\/#\/schema\/person\/0b1452799c3700afbfcfd3a0f5e64732","name":"ferhatk","image":{"@type":"ImageObject","inLanguage":"fr-FR","@id":"https:\/\/secure.gravatar.com\/avatar\/5192156a410fa37c70ea8d4f0d01782533c470a75971ae114e5cd116be51ca05?s=96&d=mm&r=g","url":"https:\/\/secure.gravatar.com\/avatar\/5192156a410fa37c70ea8d4f0d01782533c470a75971ae114e5cd116be51ca05?s=96&d=mm&r=g","contentUrl":"https:\/\/secure.gravatar.com\/avatar\/5192156a410fa37c70ea8d4f0d01782533c470a75971ae114e5cd116be51ca05?s=96&d=mm&r=g","caption":"ferhatk"},"sameAs":["https:\/\/v2.estherian.com"]}]}},"_links":{"self":[{"href":"https:\/\/estherian.com\/fr\/wp-json\/wp\/v2\/pages\/22270","targetHints":{"allow":["GET"]}}],"collection":[{"href":"https:\/\/estherian.com\/fr\/wp-json\/wp\/v2\/pages"}],"about":[{"href":"https:\/\/estherian.com\/fr\/wp-json\/wp\/v2\/types\/page"}],"author":[{"embeddable":true,"href":"https:\/\/estherian.com\/fr\/wp-json\/wp\/v2\/users\/1"}],"replies":[{"embeddable":true,"href":"https:\/\/estherian.com\/fr\/wp-json\/wp\/v2\/comments?post=22270"}],"version-history":[{"count":0,"href":"https:\/\/estherian.com\/fr\/wp-json\/wp\/v2\/pages\/22270\/revisions"}],"wp:featuredmedia":[{"embeddable":true,"href":"https:\/\/estherian.com\/fr\/wp-json\/wp\/v2\/media\/27763"}],"wp:attachment":[{"href":"https:\/\/estherian.com\/fr\/wp-json\/wp\/v2\/media?parent=22270"}],"curies":[{"name":"wp","href":"https:\/\/api.w.org\/{rel}","templated":true}]}}