{"id":22296,"date":"2024-11-25T09:53:04","date_gmt":"2024-11-25T06:53:04","guid":{"rendered":"https:\/\/v2.estherian.com\/?page_id=22296"},"modified":"2025-10-20T10:48:47","modified_gmt":"2025-10-20T07:48:47","slug":"six-packs","status":"publish","type":"page","link":"https:\/\/estherian.com\/fr\/six-packs\/","title":{"rendered":"Six Packs"},"content":{"rendered":"\n<h2 class=\"wp-block-heading\" id=\"h-chirurgie-de-liposuccion-des-six-packs\"><strong>Chirurgie de liposuccion des six-packs<\/strong><\/h2>\n\n\n\n<p>L&rsquo;op\u00e9ration \u00ab\u00a0six-packs\u00a0\u00bb consiste \u00e0 \u00e9liminer les graisses exc\u00e9dentaires, \u00e0 remodeler la zone abdominale et \u00e0 renforcer les muscles abdominaux, ce qu&rsquo;il serait difficile d&rsquo;obtenir par le seul biais d&rsquo;un r\u00e9gime alimentaire et de l&rsquo;exercice physique.<\/p>\n\n\n\n<div class=\"wp-block-columns is-layout-flex wp-container-core-columns-is-layout-9d6595d7 wp-block-columns-is-layout-flex\">\n<div class=\"wp-block-column is-layout-flow wp-block-column-is-layout-flow\">\n<h2 class=\"wp-block-heading\" id=\"h-procedure-sixpack\"><strong>Proc\u00e9dure Sixpack :<\/strong><\/h2>\n\n\n\n<h3 class=\"wp-block-heading\" id=\"h-avant-l-operation\">AVANT L&rsquo;OP\u00c9RATION<\/h3>\n\n\n\n<p>Avant l&rsquo;op\u00e9ration, le m\u00e9decin fait passer des tests au patient pour s&rsquo;assurer qu&rsquo;il est apte \u00e0 subir l&rsquo;op\u00e9ration. Le chirurgien vous donnera des instructions et r\u00e9pondra \u00e0 toutes vos questions. Vous devez arr\u00eater de fumer 2 semaines avant l&rsquo;op\u00e9ration. En outre, les m\u00e9dicaments qui agissent comme des diluants sanguins, tels que l&rsquo;aspirine, ne doivent pas \u00eatre utilis\u00e9s.<\/p>\n<\/div>\n\n\n\n<div class=\"wp-block-column is-layout-flow wp-block-column-is-layout-flow\">\n<figure class=\"wp-block-image size-full\"><img decoding=\"async\" width=\"480\" height=\"486\" src=\"https:\/\/estherian.com\/wp-content\/uploads\/six-pack-procedure-01.png\" alt=\"\" class=\"wp-image-21997\" srcset=\"https:\/\/estherian.com\/wp-content\/uploads\/six-pack-procedure-01.png 480w, https:\/\/estherian.com\/wp-content\/uploads\/six-pack-procedure-01-381x386.png 381w\" sizes=\"(max-width: 480px) 100vw, 480px\" \/><\/figure>\n<\/div>\n<\/div>\n\n\n\n<h3 class=\"wp-block-heading\" id=\"h-pendant-le-fonctionnement\">PENDANT LE FONCTIONNEMENT<\/h3>\n\n\n\n<p>La chirurgie des six-packs est r\u00e9alis\u00e9e sous anesth\u00e9sie g\u00e9n\u00e9rale. Elle dure environ une heure. La gravure abdominale est r\u00e9alis\u00e9e \u00e0 l&rsquo;aide d&rsquo;une technique sp\u00e9ciale de liposuccion tumescente. Cette proc\u00e9dure permet d&rsquo;enlever et de sculpter le tissu adipeux qui se trouve sous la peau. Avant l&rsquo;intervention, des marques d\u00e9taill\u00e9es sont faites sur les abdominaux fl\u00e9chis du patient. Pendant l&rsquo;intervention, de petites incisions sont pratiqu\u00e9es dans les contours naturels de l&rsquo;abdomen. Cela permet de minimiser les cicatrices. Par ces incisions, la graisse est retir\u00e9e dans certaines zones, amincie dans d&rsquo;autres et r\u00e9organis\u00e9e pour accentuer les muscles de l&rsquo;abdomen (rectus) et la ligne blanche (la ligne qui court au centre de l&rsquo;abdomen). La cicatrisation est tr\u00e8s confortable gr\u00e2ce aux micro-trous.<\/p>\n\n\n\n<h3 class=\"wp-block-heading\" id=\"h-apres-l-operation\">APR\u00c8S L&rsquo;OP\u00c9RATION<\/h3>\n\n\n\n<p>Il y aura un gonflement et des ecchymoses dans l&rsquo;abdomen, le patient devra donc porter des v\u00eatements de compression pour r\u00e9duire la tumeur et le risque de d\u00e9velopper des s\u00e9romes pendant 3 \u00e0 6 semaines.Le travail peut \u00eatre repris au bout d&rsquo;une semaine et l&rsquo;exercice physique au bout de trois semaines. Les r\u00e9sultats d\u00e9finitifs apparaissent apr\u00e8s 6 mois.<\/p>\n\n\n\n<div class=\"wp-block-columns is-layout-flex wp-container-core-columns-is-layout-9d6595d7 wp-block-columns-is-layout-flex\">\n<div class=\"wp-block-column is-layout-flow wp-block-column-is-layout-flow\">\n<h3 class=\"wp-block-heading\" id=\"h-qui-est-un-bon-candidat-pour-la-chirurgie-sixpack\">Qui est un bon candidat pour la chirurgie Sixpack ?<\/h3>\n\n\n\n<ul class=\"wp-block-list\">\n<li>Vous ne pouvez pas vous d\u00e9barrasser de vos tissus adipeux<\/li>\n\n\n\n<li>Vous avez des attentes r\u00e9alistes<\/li>\n\n\n\n<li>en bonne sant\u00e9<\/li>\n\n\n\n<li>non-fumeur<\/li>\n\n\n\n<li>Vous avez un IMC de 30 % ou plus<\/li>\n<\/ul>\n\n\n\n<h3 class=\"wp-block-heading\" id=\"h-risques-lies-au-menton-six-pack\">Risques li\u00e9s au menton six-pack<\/h3>\n\n\n\n<ol class=\"wp-block-list\">\n<li>Risques li\u00e9s \u00e0 l&rsquo;anesth\u00e9sie<\/li>\n\n\n\n<li>ecchymoses<\/li>\n\n\n\n<li>accumulation de liquide<\/li>\n\n\n\n<li>infection<\/li>\n\n\n\n<li>gonflement<\/li>\n\n\n\n<li>mauvaise cicatrisation de la plaie<\/li>\n\n\n\n<li>Sensibilit\u00e9 de la peau<\/li>\n<\/ol>\n<\/div>\n\n\n\n<div class=\"wp-block-column is-layout-flow wp-block-column-is-layout-flow\">\n<figure class=\"wp-block-image size-full\"><img decoding=\"async\" width=\"768\" height=\"734\" src=\"https:\/\/estherian.com\/wp-content\/uploads\/six-pack-estherian-768x734-1.png\" alt=\"\" class=\"wp-image-21921\" srcset=\"https:\/\/estherian.com\/wp-content\/uploads\/six-pack-estherian-768x734-1.png 768w, https:\/\/estherian.com\/wp-content\/uploads\/six-pack-estherian-768x734-1-386x369.png 386w\" sizes=\"(max-width: 768px) 100vw, 768px\" \/><\/figure>\n<\/div>\n<\/div>\n\n\n\n<h2 class=\"wp-block-heading\" id=\"h-comment-choisir-un-chirurgien-plasticien-pour-l-operation-sixpack\"><strong>Comment choisir un chirurgien plasticien pour l&rsquo;op\u00e9ration Sixpack ?<\/strong><\/h2>\n\n\n\n<p>Assurez-vous que le chirurgien a une exp\u00e9rience d&rsquo;au moins 6 ans apr\u00e8s l&rsquo;\u00e9cole de m\u00e9decine et qu&rsquo;il est dipl\u00f4m\u00e9 d&rsquo;une \u00e9cole de m\u00e9decine accr\u00e9dit\u00e9e.<\/p>\n\n\n\n<h2 class=\"wp-block-heading\" id=\"h-quel-est-le-cout-d-une-chirurgie-des-six-points\"><strong>Quel est le co\u00fbt d&rsquo;une chirurgie des six-points ?<\/strong><\/h2>\n\n\n\n<p>Les prix de la chirurgie des abdominaux varient d&rsquo;un patient \u00e0 l&rsquo;autre, car la technique utilis\u00e9e et les zones \u00e0 aspirer jouent un r\u00f4le important dans le prix, et les prix de la chirurgie peuvent varier si elle est combin\u00e9e \u00e0 d&rsquo;autres interventions chirurgicales.<\/p>\n\n\n\n<h2 class=\"wp-block-heading\" id=\"h-faq-sur-la-liposuccion-des-six-packs\"><strong>FAQ sur la liposuccion des six-packs<\/strong><\/h2>\n\n\n\n<h3 class=\"wp-block-heading\" id=\"h-qu-est-ce-que-la-liposuccion-des-six-packs\">Qu&rsquo;est-ce que la liposuccion des six-packs ?<\/h3>\n\n\n\n<p>La liposuccion des abdominaux est une intervention destin\u00e9e \u00e0 \u00e9liminer l&rsquo;exc\u00e8s de graisse, \u00e0 remodeler la zone abdominale et \u00e0 d\u00e9finir les muscles abdominaux. Elle est id\u00e9ale pour les personnes qui ont du mal \u00e0 obtenir un ventre tonique en suivant un r\u00e9gime et en faisant de l&rsquo;exercice.<\/p>\n\n\n\n<h3 class=\"wp-block-heading\" id=\"h-comment-dois-je-me-preparer-a-la-liposuccion-des-six-packs\">Comment dois-je me pr\u00e9parer \u00e0 la liposuccion des six-packs ?<\/h3>\n\n\n\n<ul class=\"wp-block-list\">\n<li>Arr\u00eatez de fumer au moins 2 semaines avant l&rsquo;intervention pour am\u00e9liorer la cicatrisation.<\/li>\n\n\n\n<li>\u00c9vitez les m\u00e9dicaments anticoagulants, tels que l&rsquo;aspirine, avant l&rsquo;intervention.<\/li>\n\n\n\n<li>Le m\u00e9decin effectuera des tests pr\u00e9op\u00e9ratoires pour s&rsquo;assurer que vous \u00eates apte \u00e0 subir l&rsquo;intervention.<\/li>\n<\/ul>\n\n\n\n<h3 class=\"wp-block-heading\" id=\"h-quelle-est-la-duree-de-la-periode-de-recuperation\">Quelle est la dur\u00e9e de la p\u00e9riode de r\u00e9cup\u00e9ration ?<\/h3>\n\n\n\n<ul class=\"wp-block-list\">\n<li>Apr\u00e8s l&rsquo;op\u00e9ration, l&rsquo;abdomen pr\u00e9sentera un gonflement et des ecchymoses.<\/li>\n\n\n\n<li>Des v\u00eatements de compression doivent \u00eatre port\u00e9s pendant 3 \u00e0 6 semaines pour r\u00e9duire le gonflement et le risque de d\u00e9velopper des s\u00e9romes.<\/li>\n\n\n\n<li>Vous pourrez reprendre vos activit\u00e9s professionnelles habituelles au bout d&rsquo;une semaine environ, mais vous devrez \u00e9viter de faire de l&rsquo;exercice pendant trois semaines.<\/li>\n\n\n\n<li>Les r\u00e9sultats d\u00e9finitifs seront visibles apr\u00e8s environ 6 mois.<\/li>\n<\/ul>\n\n\n\n<p><\/p>\n","protected":false},"excerpt":{"rendered":"<p>Chirurgie de liposuccion des six-packs L&rsquo;op\u00e9ration \u00ab\u00a0six-packs\u00a0\u00bb consiste \u00e0 \u00e9liminer les graisses exc\u00e9dentaires, \u00e0 remodeler la zone abdominale et \u00e0 renforcer les muscles abdominaux, ce qu&rsquo;il serait difficile d&rsquo;obtenir par le seul biais d&rsquo;un r\u00e9gime alimentaire et de l&rsquo;exercice physique. Proc\u00e9dure Sixpack : AVANT L&rsquo;OP\u00c9RATION Avant l&rsquo;op\u00e9ration, le m\u00e9decin fait passer des tests au patient&hellip;<\/p>\n","protected":false},"author":1,"featured_media":28579,"parent":0,"menu_order":10,"comment_status":"closed","ping_status":"closed","template":"","meta":{"footnotes":""},"class_list":["post-22296","page","type-page","status-publish","has-post-thumbnail","hentry","description-off"],"yoast_head":"<!-- This site is optimized with the Yoast SEO Premium plugin v27.3 (Yoast SEO v27.3) - https:\/\/yoast.com\/product\/yoast-seo-premium-wordpress\/ -->\n<title>Six Packs | Estherian Clinic<\/title>\n<meta name=\"robots\" content=\"index, follow, max-snippet:-1, max-image-preview:large, max-video-preview:-1\" \/>\n<link rel=\"canonical\" href=\"https:\/\/estherian.com\/fr\/six-packs\/\" \/>\n<meta property=\"og:locale\" content=\"fr_FR\" \/>\n<meta property=\"og:type\" content=\"article\" \/>\n<meta property=\"og:title\" content=\"Six Packs\" \/>\n<meta property=\"og:description\" content=\"Looks better with Estherian Clinic. Plastic Surgery, Dental treatments and more beautiful services!\" \/>\n<meta property=\"og:url\" content=\"https:\/\/estherian.com\/fr\/six-packs\/\" \/>\n<meta property=\"og:site_name\" content=\"Estherian Clinic\" \/>\n<meta property=\"article:publisher\" content=\"https:\/\/www.facebook.com\/estherianclinic.en\" \/>\n<meta property=\"article:modified_time\" content=\"2025-10-20T07:48:47+00:00\" \/>\n<meta property=\"og:image\" content=\"https:\/\/estherian.com\/wp-content\/uploads\/six_pack_in_turkey_1920x1080-1.jpg\" \/>\n\t<meta property=\"og:image:width\" content=\"1920\" \/>\n\t<meta property=\"og:image:height\" content=\"1080\" \/>\n\t<meta property=\"og:image:type\" content=\"image\/jpeg\" \/>\n<meta name=\"twitter:card\" content=\"summary_large_image\" \/>\n<meta name=\"twitter:site\" content=\"@EstherianTr\" \/>\n<meta name=\"twitter:label1\" content=\"Dur\u00e9e de lecture estim\u00e9e\" \/>\n\t<meta name=\"twitter:data1\" content=\"4 minutes\" \/>\n<script type=\"application\/ld+json\" class=\"yoast-schema-graph\">{\"@context\":\"https:\\\/\\\/schema.org\",\"@graph\":[{\"@type\":\"Article\",\"@id\":\"https:\\\/\\\/estherian.com\\\/fr\\\/six-packs\\\/#article\",\"isPartOf\":{\"@id\":\"https:\\\/\\\/estherian.com\\\/fr\\\/six-packs\\\/\"},\"author\":{\"name\":\"ferhatk\",\"@id\":\"https:\\\/\\\/estherian.com\\\/fr\\\/#\\\/schema\\\/person\\\/0b1452799c3700afbfcfd3a0f5e64732\"},\"headline\":\"Six Packs\",\"datePublished\":\"2024-11-25T06:53:04+00:00\",\"dateModified\":\"2025-10-20T07:48:47+00:00\",\"mainEntityOfPage\":{\"@id\":\"https:\\\/\\\/estherian.com\\\/fr\\\/six-packs\\\/\"},\"wordCount\":711,\"publisher\":{\"@id\":\"https:\\\/\\\/estherian.com\\\/fr\\\/#organization\"},\"image\":{\"@id\":\"https:\\\/\\\/estherian.com\\\/fr\\\/six-packs\\\/#primaryimage\"},\"thumbnailUrl\":\"https:\\\/\\\/estherian.com\\\/wp-content\\\/uploads\\\/six_pack_in_turkey_1920x1080-1.jpg\",\"inLanguage\":\"fr-FR\"},{\"@type\":\"WebPage\",\"@id\":\"https:\\\/\\\/estherian.com\\\/fr\\\/six-packs\\\/\",\"url\":\"https:\\\/\\\/estherian.com\\\/fr\\\/six-packs\\\/\",\"name\":\"Six Packs | Estherian Clinic\",\"isPartOf\":{\"@id\":\"https:\\\/\\\/estherian.com\\\/fr\\\/#website\"},\"primaryImageOfPage\":{\"@id\":\"https:\\\/\\\/estherian.com\\\/fr\\\/six-packs\\\/#primaryimage\"},\"image\":{\"@id\":\"https:\\\/\\\/estherian.com\\\/fr\\\/six-packs\\\/#primaryimage\"},\"thumbnailUrl\":\"https:\\\/\\\/estherian.com\\\/wp-content\\\/uploads\\\/six_pack_in_turkey_1920x1080-1.jpg\",\"datePublished\":\"2024-11-25T06:53:04+00:00\",\"dateModified\":\"2025-10-20T07:48:47+00:00\",\"breadcrumb\":{\"@id\":\"https:\\\/\\\/estherian.com\\\/fr\\\/six-packs\\\/#breadcrumb\"},\"inLanguage\":\"fr-FR\",\"potentialAction\":[{\"@type\":\"ReadAction\",\"target\":[\"https:\\\/\\\/estherian.com\\\/fr\\\/six-packs\\\/\"]}]},{\"@type\":\"ImageObject\",\"inLanguage\":\"fr-FR\",\"@id\":\"https:\\\/\\\/estherian.com\\\/fr\\\/six-packs\\\/#primaryimage\",\"url\":\"https:\\\/\\\/estherian.com\\\/wp-content\\\/uploads\\\/six_pack_in_turkey_1920x1080-1.jpg\",\"contentUrl\":\"https:\\\/\\\/estherian.com\\\/wp-content\\\/uploads\\\/six_pack_in_turkey_1920x1080-1.jpg\",\"width\":1920,\"height\":1080},{\"@type\":\"BreadcrumbList\",\"@id\":\"https:\\\/\\\/estherian.com\\\/fr\\\/six-packs\\\/#breadcrumb\",\"itemListElement\":[{\"@type\":\"ListItem\",\"position\":1,\"name\":\"Home\",\"item\":\"https:\\\/\\\/estherian.com\\\/fr\\\/\"},{\"@type\":\"ListItem\",\"position\":2,\"name\":\"Six Packs\"}]},{\"@type\":\"WebSite\",\"@id\":\"https:\\\/\\\/estherian.com\\\/fr\\\/#website\",\"url\":\"https:\\\/\\\/estherian.com\\\/fr\\\/\",\"name\":\"Estherian Clinic\",\"description\":\"Plastic Surgery | Dental | Hair Transplant in Turkey\",\"publisher\":{\"@id\":\"https:\\\/\\\/estherian.com\\\/fr\\\/#organization\"},\"potentialAction\":[{\"@type\":\"SearchAction\",\"target\":{\"@type\":\"EntryPoint\",\"urlTemplate\":\"https:\\\/\\\/estherian.com\\\/fr\\\/?s={search_term_string}\"},\"query-input\":{\"@type\":\"PropertyValueSpecification\",\"valueRequired\":true,\"valueName\":\"search_term_string\"}}],\"inLanguage\":\"fr-FR\"},{\"@type\":\"Organization\",\"@id\":\"https:\\\/\\\/estherian.com\\\/fr\\\/#organization\",\"name\":\"Estherian Clinic\",\"alternateName\":\"Estherian\",\"url\":\"https:\\\/\\\/estherian.com\\\/fr\\\/\",\"logo\":{\"@type\":\"ImageObject\",\"inLanguage\":\"fr-FR\",\"@id\":\"https:\\\/\\\/estherian.com\\\/fr\\\/#\\\/schema\\\/logo\\\/image\\\/\",\"url\":\"https:\\\/\\\/estherian.com\\\/wp-content\\\/uploads\\\/2024\\\/10\\\/EstherianLogo.png\",\"contentUrl\":\"https:\\\/\\\/estherian.com\\\/wp-content\\\/uploads\\\/2024\\\/10\\\/EstherianLogo.png\",\"width\":882,\"height\":934,\"caption\":\"Estherian Clinic\"},\"image\":{\"@id\":\"https:\\\/\\\/estherian.com\\\/fr\\\/#\\\/schema\\\/logo\\\/image\\\/\"},\"sameAs\":[\"https:\\\/\\\/www.facebook.com\\\/estherianclinic.en\",\"https:\\\/\\\/x.com\\\/EstherianTr\",\"https:\\\/\\\/www.instagram.com\\\/estherianclinic\\\/\",\"https:\\\/\\\/www.tiktok.com\\\/@estherian.clinic\",\"https:\\\/\\\/www.youtube.com\\\/estherianclinic\"],\"email\":\"hi@estherian.com\",\"telephone\":\"+90-544-169-9000\",\"legalName\":\"ESTHERIAN CLINIC SA\u011eLIK H\u0130ZMETLER\u0130 SAN. T\u0130C. LTD. \u015eT\u0130.\",\"foundingDate\":\"2020-03-09\",\"vatID\":\"TR1601485625\",\"taxID\":\"1601485625\",\"numberOfEmployees\":{\"@type\":\"QuantitativeValue\",\"minValue\":\"51\",\"maxValue\":\"200\"},\"publishingPrinciples\":\"https:\\\/\\\/estherian.com\\\/tr\\\/sartlar-ve-kosullar\\\/\",\"actionableFeedbackPolicy\":\"https:\\\/\\\/estherian.com\\\/tr\\\/gizlilik-politikasi\\\/\",\"correctionsPolicy\":\"https:\\\/\\\/estherian.com\\\/tr\\\/gizlilik-politikasi\\\/\",\"ethicsPolicy\":\"https:\\\/\\\/estherian.com\\\/tr\\\/gizlilik-politikasi\\\/\",\"diversityPolicy\":\"https:\\\/\\\/estherian.com\\\/tr\\\/gizlilik-politikasi\\\/\",\"diversityStaffingReport\":\"https:\\\/\\\/estherian.com\\\/tr\\\/gizlilik-politikasi\\\/\"},{\"@type\":\"Person\",\"@id\":\"https:\\\/\\\/estherian.com\\\/fr\\\/#\\\/schema\\\/person\\\/0b1452799c3700afbfcfd3a0f5e64732\",\"name\":\"ferhatk\",\"image\":{\"@type\":\"ImageObject\",\"inLanguage\":\"fr-FR\",\"@id\":\"https:\\\/\\\/secure.gravatar.com\\\/avatar\\\/5192156a410fa37c70ea8d4f0d01782533c470a75971ae114e5cd116be51ca05?s=96&d=mm&r=g\",\"url\":\"https:\\\/\\\/secure.gravatar.com\\\/avatar\\\/5192156a410fa37c70ea8d4f0d01782533c470a75971ae114e5cd116be51ca05?s=96&d=mm&r=g\",\"contentUrl\":\"https:\\\/\\\/secure.gravatar.com\\\/avatar\\\/5192156a410fa37c70ea8d4f0d01782533c470a75971ae114e5cd116be51ca05?s=96&d=mm&r=g\",\"caption\":\"ferhatk\"},\"sameAs\":[\"https:\\\/\\\/v2.estherian.com\"]}]}<\/script>\n<!-- \/ Yoast SEO Premium plugin. -->","yoast_head_json":{"title":"Six Packs | Estherian Clinic","robots":{"index":"index","follow":"follow","max-snippet":"max-snippet:-1","max-image-preview":"max-image-preview:large","max-video-preview":"max-video-preview:-1"},"canonical":"https:\/\/estherian.com\/fr\/six-packs\/","og_locale":"fr_FR","og_type":"article","og_title":"Six Packs","og_description":"Looks better with Estherian Clinic. Plastic Surgery, Dental treatments and more beautiful services!","og_url":"https:\/\/estherian.com\/fr\/six-packs\/","og_site_name":"Estherian Clinic","article_publisher":"https:\/\/www.facebook.com\/estherianclinic.en","article_modified_time":"2025-10-20T07:48:47+00:00","og_image":[{"width":1920,"height":1080,"url":"https:\/\/estherian.com\/wp-content\/uploads\/six_pack_in_turkey_1920x1080-1.jpg","type":"image\/jpeg"}],"twitter_card":"summary_large_image","twitter_site":"@EstherianTr","twitter_misc":{"Dur\u00e9e de lecture estim\u00e9e":"4 minutes"},"schema":{"@context":"https:\/\/schema.org","@graph":[{"@type":"Article","@id":"https:\/\/estherian.com\/fr\/six-packs\/#article","isPartOf":{"@id":"https:\/\/estherian.com\/fr\/six-packs\/"},"author":{"name":"ferhatk","@id":"https:\/\/estherian.com\/fr\/#\/schema\/person\/0b1452799c3700afbfcfd3a0f5e64732"},"headline":"Six Packs","datePublished":"2024-11-25T06:53:04+00:00","dateModified":"2025-10-20T07:48:47+00:00","mainEntityOfPage":{"@id":"https:\/\/estherian.com\/fr\/six-packs\/"},"wordCount":711,"publisher":{"@id":"https:\/\/estherian.com\/fr\/#organization"},"image":{"@id":"https:\/\/estherian.com\/fr\/six-packs\/#primaryimage"},"thumbnailUrl":"https:\/\/estherian.com\/wp-content\/uploads\/six_pack_in_turkey_1920x1080-1.jpg","inLanguage":"fr-FR"},{"@type":"WebPage","@id":"https:\/\/estherian.com\/fr\/six-packs\/","url":"https:\/\/estherian.com\/fr\/six-packs\/","name":"Six Packs | Estherian Clinic","isPartOf":{"@id":"https:\/\/estherian.com\/fr\/#website"},"primaryImageOfPage":{"@id":"https:\/\/estherian.com\/fr\/six-packs\/#primaryimage"},"image":{"@id":"https:\/\/estherian.com\/fr\/six-packs\/#primaryimage"},"thumbnailUrl":"https:\/\/estherian.com\/wp-content\/uploads\/six_pack_in_turkey_1920x1080-1.jpg","datePublished":"2024-11-25T06:53:04+00:00","dateModified":"2025-10-20T07:48:47+00:00","breadcrumb":{"@id":"https:\/\/estherian.com\/fr\/six-packs\/#breadcrumb"},"inLanguage":"fr-FR","potentialAction":[{"@type":"ReadAction","target":["https:\/\/estherian.com\/fr\/six-packs\/"]}]},{"@type":"ImageObject","inLanguage":"fr-FR","@id":"https:\/\/estherian.com\/fr\/six-packs\/#primaryimage","url":"https:\/\/estherian.com\/wp-content\/uploads\/six_pack_in_turkey_1920x1080-1.jpg","contentUrl":"https:\/\/estherian.com\/wp-content\/uploads\/six_pack_in_turkey_1920x1080-1.jpg","width":1920,"height":1080},{"@type":"BreadcrumbList","@id":"https:\/\/estherian.com\/fr\/six-packs\/#breadcrumb","itemListElement":[{"@type":"ListItem","position":1,"name":"Home","item":"https:\/\/estherian.com\/fr\/"},{"@type":"ListItem","position":2,"name":"Six Packs"}]},{"@type":"WebSite","@id":"https:\/\/estherian.com\/fr\/#website","url":"https:\/\/estherian.com\/fr\/","name":"Estherian Clinic","description":"Plastic Surgery | Dental | Hair Transplant in Turkey","publisher":{"@id":"https:\/\/estherian.com\/fr\/#organization"},"potentialAction":[{"@type":"SearchAction","target":{"@type":"EntryPoint","urlTemplate":"https:\/\/estherian.com\/fr\/?s={search_term_string}"},"query-input":{"@type":"PropertyValueSpecification","valueRequired":true,"valueName":"search_term_string"}}],"inLanguage":"fr-FR"},{"@type":"Organization","@id":"https:\/\/estherian.com\/fr\/#organization","name":"Estherian Clinic","alternateName":"Estherian","url":"https:\/\/estherian.com\/fr\/","logo":{"@type":"ImageObject","inLanguage":"fr-FR","@id":"https:\/\/estherian.com\/fr\/#\/schema\/logo\/image\/","url":"https:\/\/estherian.com\/wp-content\/uploads\/2024\/10\/EstherianLogo.png","contentUrl":"https:\/\/estherian.com\/wp-content\/uploads\/2024\/10\/EstherianLogo.png","width":882,"height":934,"caption":"Estherian Clinic"},"image":{"@id":"https:\/\/estherian.com\/fr\/#\/schema\/logo\/image\/"},"sameAs":["https:\/\/www.facebook.com\/estherianclinic.en","https:\/\/x.com\/EstherianTr","https:\/\/www.instagram.com\/estherianclinic\/","https:\/\/www.tiktok.com\/@estherian.clinic","https:\/\/www.youtube.com\/estherianclinic"],"email":"hi@estherian.com","telephone":"+90-544-169-9000","legalName":"ESTHERIAN CLINIC SA\u011eLIK H\u0130ZMETLER\u0130 SAN. T\u0130C. LTD. \u015eT\u0130.","foundingDate":"2020-03-09","vatID":"TR1601485625","taxID":"1601485625","numberOfEmployees":{"@type":"QuantitativeValue","minValue":"51","maxValue":"200"},"publishingPrinciples":"https:\/\/estherian.com\/tr\/sartlar-ve-kosullar\/","actionableFeedbackPolicy":"https:\/\/estherian.com\/tr\/gizlilik-politikasi\/","correctionsPolicy":"https:\/\/estherian.com\/tr\/gizlilik-politikasi\/","ethicsPolicy":"https:\/\/estherian.com\/tr\/gizlilik-politikasi\/","diversityPolicy":"https:\/\/estherian.com\/tr\/gizlilik-politikasi\/","diversityStaffingReport":"https:\/\/estherian.com\/tr\/gizlilik-politikasi\/"},{"@type":"Person","@id":"https:\/\/estherian.com\/fr\/#\/schema\/person\/0b1452799c3700afbfcfd3a0f5e64732","name":"ferhatk","image":{"@type":"ImageObject","inLanguage":"fr-FR","@id":"https:\/\/secure.gravatar.com\/avatar\/5192156a410fa37c70ea8d4f0d01782533c470a75971ae114e5cd116be51ca05?s=96&d=mm&r=g","url":"https:\/\/secure.gravatar.com\/avatar\/5192156a410fa37c70ea8d4f0d01782533c470a75971ae114e5cd116be51ca05?s=96&d=mm&r=g","contentUrl":"https:\/\/secure.gravatar.com\/avatar\/5192156a410fa37c70ea8d4f0d01782533c470a75971ae114e5cd116be51ca05?s=96&d=mm&r=g","caption":"ferhatk"},"sameAs":["https:\/\/v2.estherian.com"]}]}},"_links":{"self":[{"href":"https:\/\/estherian.com\/fr\/wp-json\/wp\/v2\/pages\/22296","targetHints":{"allow":["GET"]}}],"collection":[{"href":"https:\/\/estherian.com\/fr\/wp-json\/wp\/v2\/pages"}],"about":[{"href":"https:\/\/estherian.com\/fr\/wp-json\/wp\/v2\/types\/page"}],"author":[{"embeddable":true,"href":"https:\/\/estherian.com\/fr\/wp-json\/wp\/v2\/users\/1"}],"replies":[{"embeddable":true,"href":"https:\/\/estherian.com\/fr\/wp-json\/wp\/v2\/comments?post=22296"}],"version-history":[{"count":0,"href":"https:\/\/estherian.com\/fr\/wp-json\/wp\/v2\/pages\/22296\/revisions"}],"wp:featuredmedia":[{"embeddable":true,"href":"https:\/\/estherian.com\/fr\/wp-json\/wp\/v2\/media\/28579"}],"wp:attachment":[{"href":"https:\/\/estherian.com\/fr\/wp-json\/wp\/v2\/media?parent=22296"}],"curies":[{"name":"wp","href":"https:\/\/api.w.org\/{rel}","templated":true}]}}