{"id":22300,"date":"2024-11-25T13:15:01","date_gmt":"2024-11-25T10:15:01","guid":{"rendered":"https:\/\/v2.estherian.com\/?page_id=22300"},"modified":"2025-10-20T10:43:52","modified_gmt":"2025-10-20T07:43:52","slug":"lifting-des-cuisses","status":"publish","type":"page","link":"https:\/\/estherian.com\/fr\/lifting-des-cuisses\/","title":{"rendered":"Lifting Des Cuisses"},"content":{"rendered":"\n<h2 class=\"wp-block-heading\" id=\"h-qu-est-ce-que-la-chirurgie-de-lifting-des-cuisses\">Qu&rsquo;est-ce que la chirurgie de lifting des cuisses ?<\/h2>\n\n\n\n<p>Le lifting des cuisses est une intervention qui consiste \u00e0 retirer l&rsquo;exc\u00e8s de peau et de graisse \u00e0 l&rsquo;int\u00e9rieur ou \u00e0 l&rsquo;ext\u00e9rieur des cuisses. En g\u00e9n\u00e9ral, le vieillissement, une perte de poids importante et la difficult\u00e9 \u00e0 s&rsquo;habiller en raison de cuisses lourdes sont les raisons les plus courantes pour lesquelles vous devriez envisager un lifting des cuisses.<\/p>\n\n\n\n<div class=\"wp-block-columns is-layout-flex wp-container-core-columns-is-layout-9d6595d7 wp-block-columns-is-layout-flex\">\n<div class=\"wp-block-column is-layout-flow wp-block-column-is-layout-flow\">\n<figure class=\"wp-block-image size-full\"><img decoding=\"async\" width=\"410\" height=\"415\" src=\"https:\/\/estherian.com\/wp-content\/uploads\/icon-thigh-lift-01.png\" alt=\"\" class=\"wp-image-22014\" srcset=\"https:\/\/estherian.com\/wp-content\/uploads\/icon-thigh-lift-01.png 410w, https:\/\/estherian.com\/wp-content\/uploads\/icon-thigh-lift-01-381x386.png 381w\" sizes=\"(max-width: 410px) 100vw, 410px\" \/><\/figure>\n<\/div>\n\n\n\n<div class=\"wp-block-column is-layout-flow wp-block-column-is-layout-flow\">\n<h2 class=\"wp-block-heading\" id=\"h-lifting-des-cuisses\">Lifting Des Cuisses<\/h2>\n\n\n\n<h3 class=\"wp-block-heading\" id=\"h-avant-l-operation\">AVANT L&rsquo;OP\u00c9RATION<\/h3>\n\n\n\n<p>Avant l&rsquo;op\u00e9ration, le m\u00e9decin fait passer des tests au patient pour s&rsquo;assurer qu&rsquo;il est apte \u00e0 subir l&rsquo;op\u00e9ration.<\/p>\n\n\n\n<p>Le chirurgien vous donnera des instructions et r\u00e9pondra \u00e0 toutes vos questions.<\/p>\n<\/div>\n<\/div>\n\n\n\n<div class=\"wp-block-columns is-layout-flex wp-container-core-columns-is-layout-9d6595d7 wp-block-columns-is-layout-flex\">\n<div class=\"wp-block-column is-layout-flow wp-block-column-is-layout-flow\">\n<figure class=\"wp-block-image size-full\"><img decoding=\"async\" width=\"429\" height=\"496\" src=\"https:\/\/estherian.com\/wp-content\/uploads\/icon-thigh-lift-front.png\" alt=\"\" class=\"wp-image-22018\" srcset=\"https:\/\/estherian.com\/wp-content\/uploads\/icon-thigh-lift-front.png 429w, https:\/\/estherian.com\/wp-content\/uploads\/icon-thigh-lift-front-334x386.png 334w\" sizes=\"(max-width: 429px) 100vw, 429px\" \/><\/figure>\n<\/div>\n\n\n\n<div class=\"wp-block-column is-layout-flow wp-block-column-is-layout-flow\">\n<h3 class=\"wp-block-heading\" id=\"h-pendant-le-fonctionnement\">PENDANT LE FONCTIONNEMENT<\/h3>\n\n\n\n<p>Le chirurgien commence par retirer l&rsquo;exc\u00e8s de graisse si le patient pr\u00e9sente un exc\u00e8s de graisse au niveau des cuisses.<\/p>\n\n\n\n<p>Ensuite, les zones de peau rel\u00e2ch\u00e9e sont identifi\u00e9es et des incisions sont pratiqu\u00e9es pour retirer l&rsquo;exc\u00e8s de peau.<\/p>\n\n\n\n<p>Enfin, les deux c\u00f4t\u00e9s de la peau sont sutur\u00e9s et ferm\u00e9s pour terminer l&rsquo;op\u00e9ration.<\/p>\n\n\n\n<h3 class=\"wp-block-heading\" id=\"h-apres-l-operation\">APR\u00c8S L&rsquo;OP\u00c9RATION<\/h3>\n\n\n\n<p>La p\u00e9riode de r\u00e9cup\u00e9ration dure environ deux ou trois semaines et les r\u00e9sultats sont instantan\u00e9s.<\/p>\n\n\n\n<p>Un changement significatif est constat\u00e9 au niveau de la circonf\u00e9rence des jambes.<\/p>\n\n\n\n<p>Les r\u00e9sultats d\u00e9finitifs apparaissent apr\u00e8s la diminution compl\u00e8te de la tumeur.<\/p>\n<\/div>\n<\/div>\n\n\n\n<div class=\"wp-block-columns is-layout-flex wp-container-core-columns-is-layout-9d6595d7 wp-block-columns-is-layout-flex\">\n<div class=\"wp-block-column is-layout-flow wp-block-column-is-layout-flow\">\n<h2 class=\"wp-block-heading\" id=\"h-qui-est-un-bon-candidat-pour-un-lifting-des-cuisses\">Qui est un bon candidat pour un lifting des cuisses ?<\/h2>\n\n\n\n<ul class=\"wp-block-list\">\n<li>IMC sup\u00e9rieur \u00e0 30<\/li>\n\n\n\n<li>en bonne sant\u00e9<\/li>\n\n\n\n<li>non fumeur<\/li>\n\n\n\n<li>Exc\u00e8s de tissu adipeux dans la r\u00e9gion interne, m\u00e9diane ou lat\u00e9rale de la cuisse<\/li>\n<\/ul>\n\n\n\n<h3 class=\"wp-block-heading\" id=\"h-comment-choisir-un-chirurgien-plasticien-pour-un-lifting-des-cuisses\">Comment choisir un chirurgien plasticien pour un lifting des cuisses ?<\/h3>\n\n\n\n<p>Assurez-vous que le chirurgien dispose d&rsquo;une exp\u00e9rience d&rsquo;au moins 6 ans apr\u00e8s la fin de ses \u00e9tudes de m\u00e9decine et qu&rsquo;il est en mesure d&rsquo;effectuer les t\u00e2ches suivantes<\/p>\n\n\n\n<h3 class=\"wp-block-heading\" id=\"h-risques-de-l-operation-de-lifting-des-cuisses\">Risques De L&rsquo;op\u00e9ration De Lifting Des Cuisses<\/h3>\n\n\n\n<ol class=\"wp-block-list\">\n<li>Risques li\u00e9s \u00e0 l&rsquo;anesth\u00e9sie<\/li>\n\n\n\n<li>ecchymoses<\/li>\n\n\n\n<li>accumulation de liquide<\/li>\n\n\n\n<li>infection<\/li>\n\n\n\n<li>gonflement<\/li>\n\n\n\n<li>mauvaise cicatrisation de la plaie<\/li>\n\n\n\n<li>Sensibilit\u00e9 de la peau<\/li>\n<\/ol>\n<\/div>\n\n\n\n<div class=\"wp-block-column is-layout-flow wp-block-column-is-layout-flow\">\n<figure class=\"wp-block-image size-full\"><img decoding=\"async\" src=\"https:\/\/estherian.com\/wp-content\/uploads\/thigh-lift-1.png\" alt=\"\" class=\"wp-image-23635\"\/><\/figure>\n<\/div>\n<\/div>\n\n\n\n<div class=\"wp-block-columns is-layout-flex wp-container-core-columns-is-layout-9d6595d7 wp-block-columns-is-layout-flex\">\n<div class=\"wp-block-column is-layout-flow wp-block-column-is-layout-flow\">\n<figure class=\"wp-block-image size-full\"><img decoding=\"async\" width=\"602\" height=\"1000\" src=\"https:\/\/estherian.com\/wp-content\/uploads\/thigh-lift-estherian-3.png\" alt=\"\" class=\"wp-image-22022\" srcset=\"https:\/\/estherian.com\/wp-content\/uploads\/thigh-lift-estherian-3.png 602w, https:\/\/estherian.com\/wp-content\/uploads\/thigh-lift-estherian-3-232x386.png 232w\" sizes=\"(max-width: 602px) 100vw, 602px\" \/><\/figure>\n<\/div>\n\n\n\n<div class=\"wp-block-column is-layout-flow wp-block-column-is-layout-flow\">\n<h3 class=\"wp-block-heading\" id=\"h-temps-de-recuperation-du-lifting-des-cuisses\">Temps de r\u00e9cup\u00e9ration du lifting des cuisses<\/h3>\n\n\n\n<p>Vous recevrez des instructions sp\u00e9cifiques qui peuvent inclure<\/p>\n\n\n\n<ul class=\"wp-block-list\">\n<li>Comment soigner le(s) site(s) chirurgical(aux)<\/li>\n\n\n\n<li>Les m\u00e9dicaments que vous prendrez par voie orale<\/li>\n\n\n\n<li>Pr\u00e9occupations sp\u00e9cifiques \u00e0 surveiller au niveau du site chirurgical ou de votre \u00e9tat de sant\u00e9 g\u00e9n\u00e9ral<\/li>\n\n\n\n<li>Quand consulter votre chirurgien plasticien ?<\/li>\n<\/ul>\n\n\n\n<h4 class=\"wp-block-heading\" id=\"h-quel-est-le-cout-d-un-lifting-des-cuisses\">Quel est le co\u00fbt d&rsquo;un lifting des cuisses ?<\/h4>\n\n\n\n<p>Les prix du lifting des cuisses diff\u00e8rent d&rsquo;une patiente \u00e0 l&rsquo;autre, car la technique est diff\u00e9rente.<\/p>\n\n\n\n<p>L&rsquo;utilisation et les zones \u00e0 aspirer jouent un r\u00f4le important dans le prix, et le prix de la chirurgie peut varier si elle est combin\u00e9e \u00e0 d&rsquo;autres chirurgies.<\/p>\n<\/div>\n<\/div>\n\n\n\n<h2 class=\"wp-block-heading\" id=\"h-faq-sur-la-chirurgie-du-lifting-des-cuisses\">FAQ sur la chirurgie du lifting des cuisses<\/h2>\n\n\n\n<h3 class=\"wp-block-heading\" id=\"h-qu-est-ce-que-la-chirurgie-de-lifting-des-cuisses-0\">Qu&rsquo;est-ce que la chirurgie de lifting des cuisses ?<\/h3>\n\n\n\n<p>Le lifting des cuisses est une intervention esth\u00e9tique destin\u00e9e \u00e0 \u00e9liminer l&rsquo;exc\u00e8s de peau et de graisse \u00e0 l&rsquo;int\u00e9rieur ou \u00e0 l&rsquo;ext\u00e9rieur des cuisses. Elle est g\u00e9n\u00e9ralement pratiqu\u00e9e en raison du vieillissement, d&rsquo;une perte de poids importante ou de la difficult\u00e9 \u00e0 s&rsquo;adapter aux v\u00eatements en raison de la lourdeur des cuisses.<\/p>\n\n\n\n<h3 class=\"wp-block-heading\" id=\"h-qui-est-un-bon-candidat-pour-une-chirurgie-de-lifting-des-cuisses\">Qui est un bon candidat pour une chirurgie de lifting des cuisses ?<\/h3>\n\n\n\n<ul class=\"wp-block-list\">\n<li>Personnes dont l&rsquo;IMC est sup\u00e9rieur \u00e0 30 %.<\/li>\n\n\n\n<li>Les personnes en bonne sant\u00e9 et non fumeuses<\/li>\n\n\n\n<li>Personnes pr\u00e9sentant un exc\u00e8s de tissu adipeux dans la zone interne, m\u00e9diane ou lat\u00e9rale de la cuisse<\/li>\n\n\n\n<li>Les personnes ayant des attentes r\u00e9alistes quant aux r\u00e9sultats<\/li>\n<\/ul>\n\n\n\n<h3 class=\"wp-block-heading\" id=\"h-combien-coute-l-operation-de-lifting-des-cuisses\">Combien co\u00fbte l&rsquo;op\u00e9ration de lifting des cuisses ?<\/h3>\n\n\n\n<ul class=\"wp-block-list\">\n<li>Le co\u00fbt varie en fonction de la technique utilis\u00e9e, de l&rsquo;ampleur de l&rsquo;intervention et de la combinaison \u00e9ventuelle du lifting des cuisses avec d&rsquo;autres interventions chirurgicales. Consultez votre chirurgien pour obtenir une estimation d\u00e9taill\u00e9e des co\u00fbts.<\/li>\n<\/ul>\n\n\n\n<p><\/p>\n","protected":false},"excerpt":{"rendered":"<p>Qu&rsquo;est-ce que la chirurgie de lifting des cuisses ? Le lifting des cuisses est une intervention qui consiste \u00e0 retirer l&rsquo;exc\u00e8s de peau et de graisse \u00e0 l&rsquo;int\u00e9rieur ou \u00e0 l&rsquo;ext\u00e9rieur des cuisses. En g\u00e9n\u00e9ral, le vieillissement, une perte de poids importante et la difficult\u00e9 \u00e0 s&rsquo;habiller en raison de cuisses lourdes sont les raisons&hellip;<\/p>\n","protected":false},"author":1,"featured_media":29205,"parent":0,"menu_order":10,"comment_status":"closed","ping_status":"closed","template":"","meta":{"footnotes":""},"class_list":["post-22300","page","type-page","status-publish","has-post-thumbnail","hentry","description-off"],"yoast_head":"<!-- This site is optimized with the Yoast SEO Premium plugin v27.3 (Yoast SEO v27.3) - https:\/\/yoast.com\/product\/yoast-seo-premium-wordpress\/ -->\n<title>Lifting Des Cuisses | Estherian Clinic<\/title>\n<meta name=\"robots\" content=\"index, follow, max-snippet:-1, max-image-preview:large, max-video-preview:-1\" \/>\n<link rel=\"canonical\" href=\"https:\/\/estherian.com\/fr\/lifting-des-cuisses\/\" \/>\n<meta property=\"og:locale\" content=\"fr_FR\" \/>\n<meta property=\"og:type\" content=\"article\" \/>\n<meta property=\"og:title\" content=\"Lifting Des Cuisses\" \/>\n<meta property=\"og:description\" content=\"Looks better with Estherian Clinic. Plastic Surgery, Dental treatments and more beautiful services!\" \/>\n<meta property=\"og:url\" content=\"https:\/\/estherian.com\/fr\/lifting-des-cuisses\/\" \/>\n<meta property=\"og:site_name\" content=\"Estherian Clinic\" \/>\n<meta property=\"article:publisher\" content=\"https:\/\/www.facebook.com\/estherianclinic.en\" \/>\n<meta property=\"article:modified_time\" content=\"2025-10-20T07:43:52+00:00\" \/>\n<meta property=\"og:image\" content=\"https:\/\/estherian.com\/wp-content\/uploads\/thigh_lift_turkey_1920x1080.jpg\" \/>\n\t<meta property=\"og:image:width\" content=\"1920\" \/>\n\t<meta property=\"og:image:height\" content=\"1080\" \/>\n\t<meta property=\"og:image:type\" content=\"image\/jpeg\" \/>\n<meta name=\"twitter:card\" content=\"summary_large_image\" \/>\n<meta name=\"twitter:site\" content=\"@EstherianTr\" \/>\n<meta name=\"twitter:label1\" content=\"Dur\u00e9e de lecture estim\u00e9e\" \/>\n\t<meta name=\"twitter:data1\" content=\"4 minutes\" \/>\n<script type=\"application\/ld+json\" class=\"yoast-schema-graph\">{\"@context\":\"https:\\\/\\\/schema.org\",\"@graph\":[{\"@type\":\"Article\",\"@id\":\"https:\\\/\\\/estherian.com\\\/fr\\\/lifting-des-cuisses\\\/#article\",\"isPartOf\":{\"@id\":\"https:\\\/\\\/estherian.com\\\/fr\\\/lifting-des-cuisses\\\/\"},\"author\":{\"name\":\"ferhatk\",\"@id\":\"https:\\\/\\\/estherian.com\\\/fr\\\/#\\\/schema\\\/person\\\/0b1452799c3700afbfcfd3a0f5e64732\"},\"headline\":\"Lifting Des Cuisses\",\"datePublished\":\"2024-11-25T10:15:01+00:00\",\"dateModified\":\"2025-10-20T07:43:52+00:00\",\"mainEntityOfPage\":{\"@id\":\"https:\\\/\\\/estherian.com\\\/fr\\\/lifting-des-cuisses\\\/\"},\"wordCount\":663,\"publisher\":{\"@id\":\"https:\\\/\\\/estherian.com\\\/fr\\\/#organization\"},\"image\":{\"@id\":\"https:\\\/\\\/estherian.com\\\/fr\\\/lifting-des-cuisses\\\/#primaryimage\"},\"thumbnailUrl\":\"https:\\\/\\\/estherian.com\\\/wp-content\\\/uploads\\\/thigh_lift_turkey_1920x1080.jpg\",\"inLanguage\":\"fr-FR\"},{\"@type\":\"WebPage\",\"@id\":\"https:\\\/\\\/estherian.com\\\/fr\\\/lifting-des-cuisses\\\/\",\"url\":\"https:\\\/\\\/estherian.com\\\/fr\\\/lifting-des-cuisses\\\/\",\"name\":\"Lifting Des Cuisses | Estherian Clinic\",\"isPartOf\":{\"@id\":\"https:\\\/\\\/estherian.com\\\/fr\\\/#website\"},\"primaryImageOfPage\":{\"@id\":\"https:\\\/\\\/estherian.com\\\/fr\\\/lifting-des-cuisses\\\/#primaryimage\"},\"image\":{\"@id\":\"https:\\\/\\\/estherian.com\\\/fr\\\/lifting-des-cuisses\\\/#primaryimage\"},\"thumbnailUrl\":\"https:\\\/\\\/estherian.com\\\/wp-content\\\/uploads\\\/thigh_lift_turkey_1920x1080.jpg\",\"datePublished\":\"2024-11-25T10:15:01+00:00\",\"dateModified\":\"2025-10-20T07:43:52+00:00\",\"breadcrumb\":{\"@id\":\"https:\\\/\\\/estherian.com\\\/fr\\\/lifting-des-cuisses\\\/#breadcrumb\"},\"inLanguage\":\"fr-FR\",\"potentialAction\":[{\"@type\":\"ReadAction\",\"target\":[\"https:\\\/\\\/estherian.com\\\/fr\\\/lifting-des-cuisses\\\/\"]}]},{\"@type\":\"ImageObject\",\"inLanguage\":\"fr-FR\",\"@id\":\"https:\\\/\\\/estherian.com\\\/fr\\\/lifting-des-cuisses\\\/#primaryimage\",\"url\":\"https:\\\/\\\/estherian.com\\\/wp-content\\\/uploads\\\/thigh_lift_turkey_1920x1080.jpg\",\"contentUrl\":\"https:\\\/\\\/estherian.com\\\/wp-content\\\/uploads\\\/thigh_lift_turkey_1920x1080.jpg\",\"width\":1920,\"height\":1080},{\"@type\":\"BreadcrumbList\",\"@id\":\"https:\\\/\\\/estherian.com\\\/fr\\\/lifting-des-cuisses\\\/#breadcrumb\",\"itemListElement\":[{\"@type\":\"ListItem\",\"position\":1,\"name\":\"Home\",\"item\":\"https:\\\/\\\/estherian.com\\\/fr\\\/\"},{\"@type\":\"ListItem\",\"position\":2,\"name\":\"Lifting Des Cuisses\"}]},{\"@type\":\"WebSite\",\"@id\":\"https:\\\/\\\/estherian.com\\\/fr\\\/#website\",\"url\":\"https:\\\/\\\/estherian.com\\\/fr\\\/\",\"name\":\"Estherian Clinic\",\"description\":\"Plastic Surgery | Dental | Hair Transplant in Turkey\",\"publisher\":{\"@id\":\"https:\\\/\\\/estherian.com\\\/fr\\\/#organization\"},\"potentialAction\":[{\"@type\":\"SearchAction\",\"target\":{\"@type\":\"EntryPoint\",\"urlTemplate\":\"https:\\\/\\\/estherian.com\\\/fr\\\/?s={search_term_string}\"},\"query-input\":{\"@type\":\"PropertyValueSpecification\",\"valueRequired\":true,\"valueName\":\"search_term_string\"}}],\"inLanguage\":\"fr-FR\"},{\"@type\":\"Organization\",\"@id\":\"https:\\\/\\\/estherian.com\\\/fr\\\/#organization\",\"name\":\"Estherian Clinic\",\"alternateName\":\"Estherian\",\"url\":\"https:\\\/\\\/estherian.com\\\/fr\\\/\",\"logo\":{\"@type\":\"ImageObject\",\"inLanguage\":\"fr-FR\",\"@id\":\"https:\\\/\\\/estherian.com\\\/fr\\\/#\\\/schema\\\/logo\\\/image\\\/\",\"url\":\"https:\\\/\\\/estherian.com\\\/wp-content\\\/uploads\\\/2024\\\/10\\\/EstherianLogo.png\",\"contentUrl\":\"https:\\\/\\\/estherian.com\\\/wp-content\\\/uploads\\\/2024\\\/10\\\/EstherianLogo.png\",\"width\":882,\"height\":934,\"caption\":\"Estherian Clinic\"},\"image\":{\"@id\":\"https:\\\/\\\/estherian.com\\\/fr\\\/#\\\/schema\\\/logo\\\/image\\\/\"},\"sameAs\":[\"https:\\\/\\\/www.facebook.com\\\/estherianclinic.en\",\"https:\\\/\\\/x.com\\\/EstherianTr\",\"https:\\\/\\\/www.instagram.com\\\/estherianclinic\\\/\",\"https:\\\/\\\/www.tiktok.com\\\/@estherian.clinic\",\"https:\\\/\\\/www.youtube.com\\\/estherianclinic\"],\"email\":\"hi@estherian.com\",\"telephone\":\"+90-544-169-9000\",\"legalName\":\"ESTHERIAN CLINIC SA\u011eLIK H\u0130ZMETLER\u0130 SAN. T\u0130C. LTD. \u015eT\u0130.\",\"foundingDate\":\"2020-03-09\",\"vatID\":\"TR1601485625\",\"taxID\":\"1601485625\",\"numberOfEmployees\":{\"@type\":\"QuantitativeValue\",\"minValue\":\"51\",\"maxValue\":\"200\"},\"publishingPrinciples\":\"https:\\\/\\\/estherian.com\\\/tr\\\/sartlar-ve-kosullar\\\/\",\"actionableFeedbackPolicy\":\"https:\\\/\\\/estherian.com\\\/tr\\\/gizlilik-politikasi\\\/\",\"correctionsPolicy\":\"https:\\\/\\\/estherian.com\\\/tr\\\/gizlilik-politikasi\\\/\",\"ethicsPolicy\":\"https:\\\/\\\/estherian.com\\\/tr\\\/gizlilik-politikasi\\\/\",\"diversityPolicy\":\"https:\\\/\\\/estherian.com\\\/tr\\\/gizlilik-politikasi\\\/\",\"diversityStaffingReport\":\"https:\\\/\\\/estherian.com\\\/tr\\\/gizlilik-politikasi\\\/\"},{\"@type\":\"Person\",\"@id\":\"https:\\\/\\\/estherian.com\\\/fr\\\/#\\\/schema\\\/person\\\/0b1452799c3700afbfcfd3a0f5e64732\",\"name\":\"ferhatk\",\"image\":{\"@type\":\"ImageObject\",\"inLanguage\":\"fr-FR\",\"@id\":\"https:\\\/\\\/secure.gravatar.com\\\/avatar\\\/5192156a410fa37c70ea8d4f0d01782533c470a75971ae114e5cd116be51ca05?s=96&d=mm&r=g\",\"url\":\"https:\\\/\\\/secure.gravatar.com\\\/avatar\\\/5192156a410fa37c70ea8d4f0d01782533c470a75971ae114e5cd116be51ca05?s=96&d=mm&r=g\",\"contentUrl\":\"https:\\\/\\\/secure.gravatar.com\\\/avatar\\\/5192156a410fa37c70ea8d4f0d01782533c470a75971ae114e5cd116be51ca05?s=96&d=mm&r=g\",\"caption\":\"ferhatk\"},\"sameAs\":[\"https:\\\/\\\/v2.estherian.com\"]}]}<\/script>\n<!-- \/ Yoast SEO Premium plugin. -->","yoast_head_json":{"title":"Lifting Des Cuisses | Estherian Clinic","robots":{"index":"index","follow":"follow","max-snippet":"max-snippet:-1","max-image-preview":"max-image-preview:large","max-video-preview":"max-video-preview:-1"},"canonical":"https:\/\/estherian.com\/fr\/lifting-des-cuisses\/","og_locale":"fr_FR","og_type":"article","og_title":"Lifting Des Cuisses","og_description":"Looks better with Estherian Clinic. Plastic Surgery, Dental treatments and more beautiful services!","og_url":"https:\/\/estherian.com\/fr\/lifting-des-cuisses\/","og_site_name":"Estherian Clinic","article_publisher":"https:\/\/www.facebook.com\/estherianclinic.en","article_modified_time":"2025-10-20T07:43:52+00:00","og_image":[{"width":1920,"height":1080,"url":"https:\/\/estherian.com\/wp-content\/uploads\/thigh_lift_turkey_1920x1080.jpg","type":"image\/jpeg"}],"twitter_card":"summary_large_image","twitter_site":"@EstherianTr","twitter_misc":{"Dur\u00e9e de lecture estim\u00e9e":"4 minutes"},"schema":{"@context":"https:\/\/schema.org","@graph":[{"@type":"Article","@id":"https:\/\/estherian.com\/fr\/lifting-des-cuisses\/#article","isPartOf":{"@id":"https:\/\/estherian.com\/fr\/lifting-des-cuisses\/"},"author":{"name":"ferhatk","@id":"https:\/\/estherian.com\/fr\/#\/schema\/person\/0b1452799c3700afbfcfd3a0f5e64732"},"headline":"Lifting Des Cuisses","datePublished":"2024-11-25T10:15:01+00:00","dateModified":"2025-10-20T07:43:52+00:00","mainEntityOfPage":{"@id":"https:\/\/estherian.com\/fr\/lifting-des-cuisses\/"},"wordCount":663,"publisher":{"@id":"https:\/\/estherian.com\/fr\/#organization"},"image":{"@id":"https:\/\/estherian.com\/fr\/lifting-des-cuisses\/#primaryimage"},"thumbnailUrl":"https:\/\/estherian.com\/wp-content\/uploads\/thigh_lift_turkey_1920x1080.jpg","inLanguage":"fr-FR"},{"@type":"WebPage","@id":"https:\/\/estherian.com\/fr\/lifting-des-cuisses\/","url":"https:\/\/estherian.com\/fr\/lifting-des-cuisses\/","name":"Lifting Des Cuisses | Estherian Clinic","isPartOf":{"@id":"https:\/\/estherian.com\/fr\/#website"},"primaryImageOfPage":{"@id":"https:\/\/estherian.com\/fr\/lifting-des-cuisses\/#primaryimage"},"image":{"@id":"https:\/\/estherian.com\/fr\/lifting-des-cuisses\/#primaryimage"},"thumbnailUrl":"https:\/\/estherian.com\/wp-content\/uploads\/thigh_lift_turkey_1920x1080.jpg","datePublished":"2024-11-25T10:15:01+00:00","dateModified":"2025-10-20T07:43:52+00:00","breadcrumb":{"@id":"https:\/\/estherian.com\/fr\/lifting-des-cuisses\/#breadcrumb"},"inLanguage":"fr-FR","potentialAction":[{"@type":"ReadAction","target":["https:\/\/estherian.com\/fr\/lifting-des-cuisses\/"]}]},{"@type":"ImageObject","inLanguage":"fr-FR","@id":"https:\/\/estherian.com\/fr\/lifting-des-cuisses\/#primaryimage","url":"https:\/\/estherian.com\/wp-content\/uploads\/thigh_lift_turkey_1920x1080.jpg","contentUrl":"https:\/\/estherian.com\/wp-content\/uploads\/thigh_lift_turkey_1920x1080.jpg","width":1920,"height":1080},{"@type":"BreadcrumbList","@id":"https:\/\/estherian.com\/fr\/lifting-des-cuisses\/#breadcrumb","itemListElement":[{"@type":"ListItem","position":1,"name":"Home","item":"https:\/\/estherian.com\/fr\/"},{"@type":"ListItem","position":2,"name":"Lifting Des Cuisses"}]},{"@type":"WebSite","@id":"https:\/\/estherian.com\/fr\/#website","url":"https:\/\/estherian.com\/fr\/","name":"Estherian Clinic","description":"Plastic Surgery | Dental | Hair Transplant in Turkey","publisher":{"@id":"https:\/\/estherian.com\/fr\/#organization"},"potentialAction":[{"@type":"SearchAction","target":{"@type":"EntryPoint","urlTemplate":"https:\/\/estherian.com\/fr\/?s={search_term_string}"},"query-input":{"@type":"PropertyValueSpecification","valueRequired":true,"valueName":"search_term_string"}}],"inLanguage":"fr-FR"},{"@type":"Organization","@id":"https:\/\/estherian.com\/fr\/#organization","name":"Estherian Clinic","alternateName":"Estherian","url":"https:\/\/estherian.com\/fr\/","logo":{"@type":"ImageObject","inLanguage":"fr-FR","@id":"https:\/\/estherian.com\/fr\/#\/schema\/logo\/image\/","url":"https:\/\/estherian.com\/wp-content\/uploads\/2024\/10\/EstherianLogo.png","contentUrl":"https:\/\/estherian.com\/wp-content\/uploads\/2024\/10\/EstherianLogo.png","width":882,"height":934,"caption":"Estherian Clinic"},"image":{"@id":"https:\/\/estherian.com\/fr\/#\/schema\/logo\/image\/"},"sameAs":["https:\/\/www.facebook.com\/estherianclinic.en","https:\/\/x.com\/EstherianTr","https:\/\/www.instagram.com\/estherianclinic\/","https:\/\/www.tiktok.com\/@estherian.clinic","https:\/\/www.youtube.com\/estherianclinic"],"email":"hi@estherian.com","telephone":"+90-544-169-9000","legalName":"ESTHERIAN CLINIC SA\u011eLIK H\u0130ZMETLER\u0130 SAN. T\u0130C. LTD. \u015eT\u0130.","foundingDate":"2020-03-09","vatID":"TR1601485625","taxID":"1601485625","numberOfEmployees":{"@type":"QuantitativeValue","minValue":"51","maxValue":"200"},"publishingPrinciples":"https:\/\/estherian.com\/tr\/sartlar-ve-kosullar\/","actionableFeedbackPolicy":"https:\/\/estherian.com\/tr\/gizlilik-politikasi\/","correctionsPolicy":"https:\/\/estherian.com\/tr\/gizlilik-politikasi\/","ethicsPolicy":"https:\/\/estherian.com\/tr\/gizlilik-politikasi\/","diversityPolicy":"https:\/\/estherian.com\/tr\/gizlilik-politikasi\/","diversityStaffingReport":"https:\/\/estherian.com\/tr\/gizlilik-politikasi\/"},{"@type":"Person","@id":"https:\/\/estherian.com\/fr\/#\/schema\/person\/0b1452799c3700afbfcfd3a0f5e64732","name":"ferhatk","image":{"@type":"ImageObject","inLanguage":"fr-FR","@id":"https:\/\/secure.gravatar.com\/avatar\/5192156a410fa37c70ea8d4f0d01782533c470a75971ae114e5cd116be51ca05?s=96&d=mm&r=g","url":"https:\/\/secure.gravatar.com\/avatar\/5192156a410fa37c70ea8d4f0d01782533c470a75971ae114e5cd116be51ca05?s=96&d=mm&r=g","contentUrl":"https:\/\/secure.gravatar.com\/avatar\/5192156a410fa37c70ea8d4f0d01782533c470a75971ae114e5cd116be51ca05?s=96&d=mm&r=g","caption":"ferhatk"},"sameAs":["https:\/\/v2.estherian.com"]}]}},"_links":{"self":[{"href":"https:\/\/estherian.com\/fr\/wp-json\/wp\/v2\/pages\/22300","targetHints":{"allow":["GET"]}}],"collection":[{"href":"https:\/\/estherian.com\/fr\/wp-json\/wp\/v2\/pages"}],"about":[{"href":"https:\/\/estherian.com\/fr\/wp-json\/wp\/v2\/types\/page"}],"author":[{"embeddable":true,"href":"https:\/\/estherian.com\/fr\/wp-json\/wp\/v2\/users\/1"}],"replies":[{"embeddable":true,"href":"https:\/\/estherian.com\/fr\/wp-json\/wp\/v2\/comments?post=22300"}],"version-history":[{"count":0,"href":"https:\/\/estherian.com\/fr\/wp-json\/wp\/v2\/pages\/22300\/revisions"}],"wp:featuredmedia":[{"embeddable":true,"href":"https:\/\/estherian.com\/fr\/wp-json\/wp\/v2\/media\/29205"}],"wp:attachment":[{"href":"https:\/\/estherian.com\/fr\/wp-json\/wp\/v2\/media?parent=22300"}],"curies":[{"name":"wp","href":"https:\/\/api.w.org\/{rel}","templated":true}]}}