{"id":22304,"date":"2024-11-25T13:42:21","date_gmt":"2024-11-25T10:42:21","guid":{"rendered":"https:\/\/v2.estherian.com\/?page_id=22304"},"modified":"2024-12-05T11:03:13","modified_gmt":"2024-12-05T11:03:13","slug":"levee-de-bras","status":"publish","type":"page","link":"https:\/\/estherian.com\/fr\/levee-de-bras\/","title":{"rendered":"Lev\u00e9e de Bras"},"content":{"rendered":"\n<div class=\"wp-block-columns is-layout-flex wp-container-core-columns-is-layout-9d6595d7 wp-block-columns-is-layout-flex\">\n<div class=\"wp-block-column is-layout-flow wp-block-column-is-layout-flow\">\n<figure class=\"wp-block-gallery has-nested-images columns-default is-cropped wp-block-gallery-1 is-layout-flex wp-block-gallery-is-layout-flex\">\n<figure class=\"wp-block-image size-large\"><img decoding=\"async\" width=\"1000\" height=\"994\" data-id=\"23274\" src=\"https:\/\/estherian.com\/wp-content\/uploads\/arm-1.png\" alt=\"\" class=\"wp-image-23274\" title=\"arm\" srcset=\"https:\/\/estherian.com\/wp-content\/uploads\/arm-1.png 1000w, https:\/\/estherian.com\/wp-content\/uploads\/arm-1-386x384.png 386w, https:\/\/estherian.com\/wp-content\/uploads\/arm-1-768x763.png 768w\" sizes=\"(max-width: 1000px) 100vw, 1000px\" \/><\/figure>\n<\/figure>\n<\/div>\n\n\n\n<div class=\"wp-block-column is-layout-flow wp-block-column-is-layout-flow\">\n<h1 class=\"wp-block-heading\">Qu&rsquo;est-ce que la chirurgie de lifting des bras ?<\/h1>\n\n\n\n<p>Le lifting des bras est une intervention pr\u00e9cise pratiqu\u00e9e chez les hommes et les femmes pour retendre et soulever la peau rel\u00e2ch\u00e9e de la partie sup\u00e9rieure des bras.<\/p>\n\n\n\n<p>Un lifting des bras est con\u00e7u pour faire l&rsquo;une des trois choses suivantes Si vous avez un exc\u00e8s de peau tombante, nous pouvons l&rsquo;enlever S&rsquo;il y a des d\u00e9p\u00f4ts graisseux localis\u00e9s, nous pouvons les enlever.<\/p>\n\n\n\n<p>Si vous \u00eates plus jeune ou si vous avez suivi un r\u00e9gime et fait de l&rsquo;exercice, vous avez perdu du poids et la peau s&rsquo;est affaiss\u00e9e.<\/p>\n\n\n\n<p>Malheureusement, m\u00eame si vous faites beaucoup d&rsquo;exercice, vous ne pouvez pas simplement retendre la peau de l&rsquo;avant-bras droit d&rsquo;une personne. Il existe deux options principales pour effectuer un lifting des bras, et deux options pour les incisions.<\/p>\n\n\n\n<p>L&rsquo;une d&rsquo;elles sera pratiqu\u00e9e sous le milieu du bras, de l&rsquo;int\u00e9rieur, l&rsquo;autre sous l&rsquo;arri\u00e8re du bras. Ensemble, vous et votre chirurgien d\u00e9ciderez de la quantit\u00e9 de peau exc\u00e9dentaire que vous avez, de la quantit\u00e9 de graisse exc\u00e9dentaire que vous avez, et de l&rsquo;ampleur du resserrement dont vous avez r\u00e9ellement besoin.<\/p>\n<\/div>\n<\/div>\n\n\n\n<h2 class=\"wp-block-heading\">Qu&rsquo;est-ce que la chirurgie de lifting des cuisses ?<\/h2>\n\n\n\n<p>Le lifting des cuisses est une intervention qui consiste \u00e0 retirer l&rsquo;exc\u00e8s de peau et de graisse \u00e0 l&rsquo;int\u00e9rieur ou \u00e0 l&rsquo;ext\u00e9rieur des cuisses. En g\u00e9n\u00e9ral, le vieillissement, une perte de poids importante et la difficult\u00e9 \u00e0 s&rsquo;habiller en raison de cuisses lourdes sont les raisons les plus courantes pour lesquelles vous devriez envisager un lifting des cuisses.<\/p>\n\n\n\n<div class=\"wp-block-columns is-layout-flex wp-container-core-columns-is-layout-9d6595d7 wp-block-columns-is-layout-flex\">\n<div class=\"wp-block-column is-layout-flow wp-block-column-is-layout-flow\">\n<h2 class=\"wp-block-heading\">Proc\u00e9dures de lifting des bras :<\/h2>\n\n\n\n<h3 class=\"wp-block-heading\">Avant l&rsquo;op\u00e9ration<\/h3>\n\n\n\n<p>Avant l&rsquo;op\u00e9ration de lifting des bras, le chirurgien effectuera les tests n\u00e9cessaires et s&rsquo;assurera que vous \u00eates apte \u00e0 subir l&rsquo;op\u00e9ration.<\/p>\n\n\n\n<p>Il discutera avec vous des options disponibles et vous aidera \u00e0 prendre la meilleure d\u00e9cision pour vous.<\/p>\n\n\n\n<p>Le chirurgien vous demandera de faire une analyse de sang et s&rsquo;assurera que vous \u00eates en bonne sant\u00e9. Il vous demandera \u00e9galement de ne pas prendre de m\u00e9dicaments contenant de l&rsquo;aspirine ou des anti-inflammatoires. Arr\u00eatez de fumer si vous \u00eates fumeur<\/p>\n<\/div>\n\n\n\n<div class=\"wp-block-column is-layout-flow wp-block-column-is-layout-flow\">\n<figure class=\"wp-block-image size-full\"><img decoding=\"async\" width=\"391\" height=\"434\" src=\"https:\/\/estherian.com\/wp-content\/uploads\/armlift.png\" alt=\"\" class=\"wp-image-22040\" srcset=\"https:\/\/estherian.com\/wp-content\/uploads\/armlift.png 391w, https:\/\/estherian.com\/wp-content\/uploads\/armlift-348x386.png 348w\" sizes=\"(max-width: 391px) 100vw, 391px\" \/><\/figure>\n<\/div>\n<\/div>\n\n\n\n<div class=\"wp-block-columns is-layout-flex wp-container-core-columns-is-layout-9d6595d7 wp-block-columns-is-layout-flex\">\n<div class=\"wp-block-column is-layout-flow wp-block-column-is-layout-flow\">\n<h3 class=\"wp-block-heading\">Apr\u00e8s l&rsquo;op\u00e9ration<\/h3>\n\n\n\n<p>Apr\u00e8s l&rsquo;op\u00e9ration, le patient doit porter un v\u00eatement de compression pour faire face \u00e0 l&rsquo;enflure. Le chirurgien ins\u00e8re \u00e9galement un tube de drainage temporaire dans le bras du patient pour \u00e9vacuer le sang et les liquides form\u00e9s apr\u00e8s l&rsquo;op\u00e9ration.<\/p>\n\n\n\n<p>Enfin, le patient re\u00e7oit des instructions \u00e0 suivre pour soigner la plaie et obtenir de meilleurs r\u00e9sultats.<\/p>\n<\/div>\n\n\n\n<div class=\"wp-block-column is-layout-flow wp-block-column-is-layout-flow\">\n<figure class=\"wp-block-image size-full\"><img decoding=\"async\" width=\"391\" height=\"434\" src=\"https:\/\/estherian.com\/wp-content\/uploads\/armlift-2.png\" alt=\"\" class=\"wp-image-22044\" title=\"arm-lift-surgery2-01\" srcset=\"https:\/\/estherian.com\/wp-content\/uploads\/armlift-2.png 391w, https:\/\/estherian.com\/wp-content\/uploads\/armlift-2-348x386.png 348w\" sizes=\"(max-width: 391px) 100vw, 391px\" \/><\/figure>\n<\/div>\n<\/div>\n\n\n\n<div class=\"wp-block-columns is-layout-flex wp-container-core-columns-is-layout-9d6595d7 wp-block-columns-is-layout-flex\">\n<div class=\"wp-block-column is-layout-flow wp-block-column-is-layout-flow\">\n<figure class=\"wp-block-image size-full\"><img decoding=\"async\" width=\"600\" height=\"617\" src=\"https:\/\/estherian.com\/wp-content\/uploads\/arm-lift-estherian-1.png\" alt=\"arm lift\" class=\"wp-image-23268\" title=\"arm-lift-estherian\" srcset=\"https:\/\/estherian.com\/wp-content\/uploads\/arm-lift-estherian-1.png 600w, https:\/\/estherian.com\/wp-content\/uploads\/arm-lift-estherian-1-375x386.png 375w\" sizes=\"(max-width: 600px) 100vw, 600px\" \/><\/figure>\n<\/div>\n\n\n\n<div class=\"wp-block-column is-layout-flow wp-block-column-is-layout-flow\">\n<h2 class=\"wp-block-heading\">Qui est un bon candidat pour un lifting des bras ?<\/h2>\n\n\n\n<ol class=\"wp-block-list\">\n<li>Adultes pr\u00e9sentant un rel\u00e2chement de la peau sur la partie sup\u00e9rieure du bras<\/li>\n\n\n\n<li>Vous n&rsquo;avez pas de probl\u00e8mes de sant\u00e9<\/li>\n\n\n\n<li>non fumeur<\/li>\n\n\n\n<li>Vos attentes sont r\u00e9alistes<\/li>\n<\/ol>\n<\/div>\n<\/div>\n\n\n\n<div class=\"wp-block-columns is-layout-flex wp-container-core-columns-is-layout-9d6595d7 wp-block-columns-is-layout-flex\">\n<div class=\"wp-block-column is-layout-flow wp-block-column-is-layout-flow\">\n<h2 class=\"wp-block-heading\">Risques li\u00e9s \u00e0 la chirurgie de lifting des bras<\/h2>\n\n\n\n<p>Comme toute proc\u00e9dure m\u00e9dicale, il existe des complications apr\u00e8s une liposuccion,<\/p>\n\n\n\n<p>qui sont<\/p>\n\n\n\n<ul class=\"wp-block-list\">\n<li>Risques li\u00e9s \u00e0 l&rsquo;anesth\u00e9sie<\/li>\n\n\n\n<li>ecchymoses<\/li>\n\n\n\n<li>Une modification de la sensation cutan\u00e9e peut persister<\/li>\n\n\n\n<li>accumulation de liquide<\/li>\n\n\n\n<li>Faiblesse dans la cicatrisation des plaies<\/li>\n\n\n\n<li>rel\u00e2chement de la peau<\/li>\n\n\n\n<li>gonflement<\/li>\n\n\n\n<li>pigmentation asym\u00e9trique<\/li>\n\n\n\n<li>Complications au niveau des vaisseaux sanguins, des nerfs, des poumons et des organes abdominaux<\/li>\n\n\n\n<li>caillots sanguins<\/li>\n\n\n\n<li>Probl\u00e8mes cardiovasculaires et respiratoires<\/li>\n<\/ul>\n\n\n\n<h2 class=\"wp-block-heading\">Prix de la chirurgie de lifting des bras<\/h2>\n\n\n\n<p>Les prix du lifting des bras diff\u00e8rent d&rsquo;un patient \u00e0 l&rsquo;autre, car la technique utilis\u00e9e et les zones \u00e0 aspirer jouent un r\u00f4le important dans le prix, et les prix de la chirurgie peuvent varier si elle est combin\u00e9e \u00e0 d&rsquo;autres chirurgies. Il n&rsquo;est pas possible de donner un prix pr\u00e9cis avant une consultation m\u00e9dicale, vous pouvez nous contacter pour une consultation gratuite.<\/p>\n<\/div>\n<\/div>\n\n\n\n<h2 class=\"wp-block-heading\">FAQ sur la chirurgie de lifting des bras<\/h2>\n\n\n\n<h3 class=\"wp-block-heading\">Combien de temps faut-il pour se remettre d&rsquo;un lifting des bras ?<\/h3>\n\n\n\n<p>La plupart des patients peuvent reprendre des activit\u00e9s l\u00e9g\u00e8res dans un d\u00e9lai de 1 \u00e0 2 semaines apr\u00e8s l&rsquo;op\u00e9ration. Toutefois, il est important d&rsquo;\u00e9viter les activit\u00e9s intenses pendant 4 \u00e0 6 semaines pour permettre une bonne cicatrisation.<\/p>\n\n\n\n<h3 class=\"wp-block-heading\">En quoi consiste la proc\u00e9dure ?<\/h3>\n\n\n\n<p>Lors d&rsquo;une op\u00e9ration de lifting des bras :<\/p>\n\n\n\n<ul class=\"wp-block-list\">\n<li>L&rsquo;exc\u00e8s de graisse et de peau est retir\u00e9 de la partie sup\u00e9rieure du bras.<\/li>\n\n\n\n<li>Les incisions peuvent \u00eatre pratiqu\u00e9es sur la face interne ou la face arri\u00e8re du bras, en fonction de la quantit\u00e9 de peau et de graisse \u00e0 retirer.<\/li>\n\n\n\n<li>La peau restante est tendue et sutur\u00e9e pour cr\u00e9er un contour de bras plus lisse.<\/li>\n<\/ul>\n\n\n\n<p><\/p>\n","protected":false},"excerpt":{"rendered":"<p>Qu&rsquo;est-ce que la chirurgie de lifting des bras ? Le lifting des bras est une intervention pr\u00e9cise pratiqu\u00e9e chez les hommes et les femmes pour retendre et soulever la peau rel\u00e2ch\u00e9e de la partie sup\u00e9rieure des bras. Un lifting des bras est con\u00e7u pour faire l&rsquo;une des trois choses suivantes Si vous avez un exc\u00e8s&hellip;<\/p>\n","protected":false},"author":1,"featured_media":25263,"parent":0,"menu_order":10,"comment_status":"closed","ping_status":"closed","template":"","meta":{"footnotes":""},"class_list":["post-22304","page","type-page","status-publish","has-post-thumbnail","hentry","description-off"],"yoast_head":"<!-- This site is optimized with the Yoast SEO Premium plugin v27.3 (Yoast SEO v27.3) - https:\/\/yoast.com\/product\/yoast-seo-premium-wordpress\/ -->\n<title>Lev\u00e9e de Bras | Estherian Clinic<\/title>\n<meta name=\"robots\" content=\"index, follow, max-snippet:-1, max-image-preview:large, max-video-preview:-1\" \/>\n<link rel=\"canonical\" href=\"https:\/\/estherian.com\/fr\/levee-de-bras\/\" \/>\n<meta property=\"og:locale\" content=\"fr_FR\" \/>\n<meta property=\"og:type\" content=\"article\" \/>\n<meta property=\"og:title\" content=\"Lev\u00e9e de Bras\" \/>\n<meta property=\"og:description\" content=\"Looks better with Estherian Clinic. Plastic Surgery, Dental treatments and more beautiful services!\" \/>\n<meta property=\"og:url\" content=\"https:\/\/estherian.com\/fr\/levee-de-bras\/\" \/>\n<meta property=\"og:site_name\" content=\"Estherian Clinic\" \/>\n<meta property=\"article:publisher\" content=\"https:\/\/www.facebook.com\/estherianclinic.en\" \/>\n<meta property=\"article:modified_time\" content=\"2024-12-05T11:03:13+00:00\" \/>\n<meta property=\"og:image\" content=\"https:\/\/estherian.com\/wp-content\/uploads\/arm-1.png\" \/>\n\t<meta property=\"og:image:width\" content=\"1000\" \/>\n\t<meta property=\"og:image:height\" content=\"994\" \/>\n\t<meta property=\"og:image:type\" content=\"image\/png\" \/>\n<meta name=\"twitter:card\" content=\"summary_large_image\" \/>\n<meta name=\"twitter:site\" content=\"@EstherianTr\" \/>\n<meta name=\"twitter:label1\" content=\"Dur\u00e9e de lecture estim\u00e9e\" \/>\n\t<meta name=\"twitter:data1\" content=\"4 minutes\" \/>\n<script type=\"application\/ld+json\" class=\"yoast-schema-graph\">{\"@context\":\"https:\\\/\\\/schema.org\",\"@graph\":[{\"@type\":\"Article\",\"@id\":\"https:\\\/\\\/estherian.com\\\/fr\\\/levee-de-bras\\\/#article\",\"isPartOf\":{\"@id\":\"https:\\\/\\\/estherian.com\\\/fr\\\/levee-de-bras\\\/\"},\"author\":{\"name\":\"ferhatk\",\"@id\":\"https:\\\/\\\/estherian.com\\\/fr\\\/#\\\/schema\\\/person\\\/0b1452799c3700afbfcfd3a0f5e64732\"},\"headline\":\"Lev\u00e9e de Bras\",\"datePublished\":\"2024-11-25T10:42:21+00:00\",\"dateModified\":\"2024-12-05T11:03:13+00:00\",\"mainEntityOfPage\":{\"@id\":\"https:\\\/\\\/estherian.com\\\/fr\\\/levee-de-bras\\\/\"},\"wordCount\":801,\"publisher\":{\"@id\":\"https:\\\/\\\/estherian.com\\\/fr\\\/#organization\"},\"image\":{\"@id\":\"https:\\\/\\\/estherian.com\\\/fr\\\/levee-de-bras\\\/#primaryimage\"},\"thumbnailUrl\":\"https:\\\/\\\/estherian.com\\\/wp-content\\\/uploads\\\/armlift_turkey1920x1080.jpg\",\"inLanguage\":\"fr-FR\"},{\"@type\":\"WebPage\",\"@id\":\"https:\\\/\\\/estherian.com\\\/fr\\\/levee-de-bras\\\/\",\"url\":\"https:\\\/\\\/estherian.com\\\/fr\\\/levee-de-bras\\\/\",\"name\":\"Lev\u00e9e de Bras | Estherian Clinic\",\"isPartOf\":{\"@id\":\"https:\\\/\\\/estherian.com\\\/fr\\\/#website\"},\"primaryImageOfPage\":{\"@id\":\"https:\\\/\\\/estherian.com\\\/fr\\\/levee-de-bras\\\/#primaryimage\"},\"image\":{\"@id\":\"https:\\\/\\\/estherian.com\\\/fr\\\/levee-de-bras\\\/#primaryimage\"},\"thumbnailUrl\":\"https:\\\/\\\/estherian.com\\\/wp-content\\\/uploads\\\/armlift_turkey1920x1080.jpg\",\"datePublished\":\"2024-11-25T10:42:21+00:00\",\"dateModified\":\"2024-12-05T11:03:13+00:00\",\"breadcrumb\":{\"@id\":\"https:\\\/\\\/estherian.com\\\/fr\\\/levee-de-bras\\\/#breadcrumb\"},\"inLanguage\":\"fr-FR\",\"potentialAction\":[{\"@type\":\"ReadAction\",\"target\":[\"https:\\\/\\\/estherian.com\\\/fr\\\/levee-de-bras\\\/\"]}]},{\"@type\":\"ImageObject\",\"inLanguage\":\"fr-FR\",\"@id\":\"https:\\\/\\\/estherian.com\\\/fr\\\/levee-de-bras\\\/#primaryimage\",\"url\":\"https:\\\/\\\/estherian.com\\\/wp-content\\\/uploads\\\/armlift_turkey1920x1080.jpg\",\"contentUrl\":\"https:\\\/\\\/estherian.com\\\/wp-content\\\/uploads\\\/armlift_turkey1920x1080.jpg\",\"width\":1920,\"height\":1080},{\"@type\":\"BreadcrumbList\",\"@id\":\"https:\\\/\\\/estherian.com\\\/fr\\\/levee-de-bras\\\/#breadcrumb\",\"itemListElement\":[{\"@type\":\"ListItem\",\"position\":1,\"name\":\"Home\",\"item\":\"https:\\\/\\\/estherian.com\\\/fr\\\/\"},{\"@type\":\"ListItem\",\"position\":2,\"name\":\"Lev\u00e9e de Bras\"}]},{\"@type\":\"WebSite\",\"@id\":\"https:\\\/\\\/estherian.com\\\/fr\\\/#website\",\"url\":\"https:\\\/\\\/estherian.com\\\/fr\\\/\",\"name\":\"Estherian Clinic\",\"description\":\"Plastic Surgery | Dental | Hair Transplant in Turkey\",\"publisher\":{\"@id\":\"https:\\\/\\\/estherian.com\\\/fr\\\/#organization\"},\"potentialAction\":[{\"@type\":\"SearchAction\",\"target\":{\"@type\":\"EntryPoint\",\"urlTemplate\":\"https:\\\/\\\/estherian.com\\\/fr\\\/?s={search_term_string}\"},\"query-input\":{\"@type\":\"PropertyValueSpecification\",\"valueRequired\":true,\"valueName\":\"search_term_string\"}}],\"inLanguage\":\"fr-FR\"},{\"@type\":\"Organization\",\"@id\":\"https:\\\/\\\/estherian.com\\\/fr\\\/#organization\",\"name\":\"Estherian Clinic\",\"alternateName\":\"Estherian\",\"url\":\"https:\\\/\\\/estherian.com\\\/fr\\\/\",\"logo\":{\"@type\":\"ImageObject\",\"inLanguage\":\"fr-FR\",\"@id\":\"https:\\\/\\\/estherian.com\\\/fr\\\/#\\\/schema\\\/logo\\\/image\\\/\",\"url\":\"https:\\\/\\\/estherian.com\\\/wp-content\\\/uploads\\\/2024\\\/10\\\/EstherianLogo.png\",\"contentUrl\":\"https:\\\/\\\/estherian.com\\\/wp-content\\\/uploads\\\/2024\\\/10\\\/EstherianLogo.png\",\"width\":882,\"height\":934,\"caption\":\"Estherian Clinic\"},\"image\":{\"@id\":\"https:\\\/\\\/estherian.com\\\/fr\\\/#\\\/schema\\\/logo\\\/image\\\/\"},\"sameAs\":[\"https:\\\/\\\/www.facebook.com\\\/estherianclinic.en\",\"https:\\\/\\\/x.com\\\/EstherianTr\",\"https:\\\/\\\/www.instagram.com\\\/estherianclinic\\\/\",\"https:\\\/\\\/www.tiktok.com\\\/@estherian.clinic\",\"https:\\\/\\\/www.youtube.com\\\/estherianclinic\"],\"email\":\"hi@estherian.com\",\"telephone\":\"+90-544-169-9000\",\"legalName\":\"ESTHERIAN CLINIC SA\u011eLIK H\u0130ZMETLER\u0130 SAN. T\u0130C. LTD. \u015eT\u0130.\",\"foundingDate\":\"2020-03-09\",\"vatID\":\"TR1601485625\",\"taxID\":\"1601485625\",\"numberOfEmployees\":{\"@type\":\"QuantitativeValue\",\"minValue\":\"51\",\"maxValue\":\"200\"},\"publishingPrinciples\":\"https:\\\/\\\/estherian.com\\\/tr\\\/sartlar-ve-kosullar\\\/\",\"actionableFeedbackPolicy\":\"https:\\\/\\\/estherian.com\\\/tr\\\/gizlilik-politikasi\\\/\",\"correctionsPolicy\":\"https:\\\/\\\/estherian.com\\\/tr\\\/gizlilik-politikasi\\\/\",\"ethicsPolicy\":\"https:\\\/\\\/estherian.com\\\/tr\\\/gizlilik-politikasi\\\/\",\"diversityPolicy\":\"https:\\\/\\\/estherian.com\\\/tr\\\/gizlilik-politikasi\\\/\",\"diversityStaffingReport\":\"https:\\\/\\\/estherian.com\\\/tr\\\/gizlilik-politikasi\\\/\"},{\"@type\":\"Person\",\"@id\":\"https:\\\/\\\/estherian.com\\\/fr\\\/#\\\/schema\\\/person\\\/0b1452799c3700afbfcfd3a0f5e64732\",\"name\":\"ferhatk\",\"image\":{\"@type\":\"ImageObject\",\"inLanguage\":\"fr-FR\",\"@id\":\"https:\\\/\\\/secure.gravatar.com\\\/avatar\\\/5192156a410fa37c70ea8d4f0d01782533c470a75971ae114e5cd116be51ca05?s=96&d=mm&r=g\",\"url\":\"https:\\\/\\\/secure.gravatar.com\\\/avatar\\\/5192156a410fa37c70ea8d4f0d01782533c470a75971ae114e5cd116be51ca05?s=96&d=mm&r=g\",\"contentUrl\":\"https:\\\/\\\/secure.gravatar.com\\\/avatar\\\/5192156a410fa37c70ea8d4f0d01782533c470a75971ae114e5cd116be51ca05?s=96&d=mm&r=g\",\"caption\":\"ferhatk\"},\"sameAs\":[\"https:\\\/\\\/v2.estherian.com\"]}]}<\/script>\n<!-- \/ Yoast SEO Premium plugin. -->","yoast_head_json":{"title":"Lev\u00e9e de Bras | Estherian Clinic","robots":{"index":"index","follow":"follow","max-snippet":"max-snippet:-1","max-image-preview":"max-image-preview:large","max-video-preview":"max-video-preview:-1"},"canonical":"https:\/\/estherian.com\/fr\/levee-de-bras\/","og_locale":"fr_FR","og_type":"article","og_title":"Lev\u00e9e de Bras","og_description":"Looks better with Estherian Clinic. Plastic Surgery, Dental treatments and more beautiful services!","og_url":"https:\/\/estherian.com\/fr\/levee-de-bras\/","og_site_name":"Estherian Clinic","article_publisher":"https:\/\/www.facebook.com\/estherianclinic.en","article_modified_time":"2024-12-05T11:03:13+00:00","og_image":[{"width":1000,"height":994,"url":"https:\/\/estherian.com\/wp-content\/uploads\/arm-1.png","type":"image\/png"}],"twitter_card":"summary_large_image","twitter_site":"@EstherianTr","twitter_misc":{"Dur\u00e9e de lecture estim\u00e9e":"4 minutes"},"schema":{"@context":"https:\/\/schema.org","@graph":[{"@type":"Article","@id":"https:\/\/estherian.com\/fr\/levee-de-bras\/#article","isPartOf":{"@id":"https:\/\/estherian.com\/fr\/levee-de-bras\/"},"author":{"name":"ferhatk","@id":"https:\/\/estherian.com\/fr\/#\/schema\/person\/0b1452799c3700afbfcfd3a0f5e64732"},"headline":"Lev\u00e9e de Bras","datePublished":"2024-11-25T10:42:21+00:00","dateModified":"2024-12-05T11:03:13+00:00","mainEntityOfPage":{"@id":"https:\/\/estherian.com\/fr\/levee-de-bras\/"},"wordCount":801,"publisher":{"@id":"https:\/\/estherian.com\/fr\/#organization"},"image":{"@id":"https:\/\/estherian.com\/fr\/levee-de-bras\/#primaryimage"},"thumbnailUrl":"https:\/\/estherian.com\/wp-content\/uploads\/armlift_turkey1920x1080.jpg","inLanguage":"fr-FR"},{"@type":"WebPage","@id":"https:\/\/estherian.com\/fr\/levee-de-bras\/","url":"https:\/\/estherian.com\/fr\/levee-de-bras\/","name":"Lev\u00e9e de Bras | Estherian Clinic","isPartOf":{"@id":"https:\/\/estherian.com\/fr\/#website"},"primaryImageOfPage":{"@id":"https:\/\/estherian.com\/fr\/levee-de-bras\/#primaryimage"},"image":{"@id":"https:\/\/estherian.com\/fr\/levee-de-bras\/#primaryimage"},"thumbnailUrl":"https:\/\/estherian.com\/wp-content\/uploads\/armlift_turkey1920x1080.jpg","datePublished":"2024-11-25T10:42:21+00:00","dateModified":"2024-12-05T11:03:13+00:00","breadcrumb":{"@id":"https:\/\/estherian.com\/fr\/levee-de-bras\/#breadcrumb"},"inLanguage":"fr-FR","potentialAction":[{"@type":"ReadAction","target":["https:\/\/estherian.com\/fr\/levee-de-bras\/"]}]},{"@type":"ImageObject","inLanguage":"fr-FR","@id":"https:\/\/estherian.com\/fr\/levee-de-bras\/#primaryimage","url":"https:\/\/estherian.com\/wp-content\/uploads\/armlift_turkey1920x1080.jpg","contentUrl":"https:\/\/estherian.com\/wp-content\/uploads\/armlift_turkey1920x1080.jpg","width":1920,"height":1080},{"@type":"BreadcrumbList","@id":"https:\/\/estherian.com\/fr\/levee-de-bras\/#breadcrumb","itemListElement":[{"@type":"ListItem","position":1,"name":"Home","item":"https:\/\/estherian.com\/fr\/"},{"@type":"ListItem","position":2,"name":"Lev\u00e9e de Bras"}]},{"@type":"WebSite","@id":"https:\/\/estherian.com\/fr\/#website","url":"https:\/\/estherian.com\/fr\/","name":"Estherian Clinic","description":"Plastic Surgery | Dental | Hair Transplant in Turkey","publisher":{"@id":"https:\/\/estherian.com\/fr\/#organization"},"potentialAction":[{"@type":"SearchAction","target":{"@type":"EntryPoint","urlTemplate":"https:\/\/estherian.com\/fr\/?s={search_term_string}"},"query-input":{"@type":"PropertyValueSpecification","valueRequired":true,"valueName":"search_term_string"}}],"inLanguage":"fr-FR"},{"@type":"Organization","@id":"https:\/\/estherian.com\/fr\/#organization","name":"Estherian Clinic","alternateName":"Estherian","url":"https:\/\/estherian.com\/fr\/","logo":{"@type":"ImageObject","inLanguage":"fr-FR","@id":"https:\/\/estherian.com\/fr\/#\/schema\/logo\/image\/","url":"https:\/\/estherian.com\/wp-content\/uploads\/2024\/10\/EstherianLogo.png","contentUrl":"https:\/\/estherian.com\/wp-content\/uploads\/2024\/10\/EstherianLogo.png","width":882,"height":934,"caption":"Estherian Clinic"},"image":{"@id":"https:\/\/estherian.com\/fr\/#\/schema\/logo\/image\/"},"sameAs":["https:\/\/www.facebook.com\/estherianclinic.en","https:\/\/x.com\/EstherianTr","https:\/\/www.instagram.com\/estherianclinic\/","https:\/\/www.tiktok.com\/@estherian.clinic","https:\/\/www.youtube.com\/estherianclinic"],"email":"hi@estherian.com","telephone":"+90-544-169-9000","legalName":"ESTHERIAN CLINIC SA\u011eLIK H\u0130ZMETLER\u0130 SAN. T\u0130C. LTD. \u015eT\u0130.","foundingDate":"2020-03-09","vatID":"TR1601485625","taxID":"1601485625","numberOfEmployees":{"@type":"QuantitativeValue","minValue":"51","maxValue":"200"},"publishingPrinciples":"https:\/\/estherian.com\/tr\/sartlar-ve-kosullar\/","actionableFeedbackPolicy":"https:\/\/estherian.com\/tr\/gizlilik-politikasi\/","correctionsPolicy":"https:\/\/estherian.com\/tr\/gizlilik-politikasi\/","ethicsPolicy":"https:\/\/estherian.com\/tr\/gizlilik-politikasi\/","diversityPolicy":"https:\/\/estherian.com\/tr\/gizlilik-politikasi\/","diversityStaffingReport":"https:\/\/estherian.com\/tr\/gizlilik-politikasi\/"},{"@type":"Person","@id":"https:\/\/estherian.com\/fr\/#\/schema\/person\/0b1452799c3700afbfcfd3a0f5e64732","name":"ferhatk","image":{"@type":"ImageObject","inLanguage":"fr-FR","@id":"https:\/\/secure.gravatar.com\/avatar\/5192156a410fa37c70ea8d4f0d01782533c470a75971ae114e5cd116be51ca05?s=96&d=mm&r=g","url":"https:\/\/secure.gravatar.com\/avatar\/5192156a410fa37c70ea8d4f0d01782533c470a75971ae114e5cd116be51ca05?s=96&d=mm&r=g","contentUrl":"https:\/\/secure.gravatar.com\/avatar\/5192156a410fa37c70ea8d4f0d01782533c470a75971ae114e5cd116be51ca05?s=96&d=mm&r=g","caption":"ferhatk"},"sameAs":["https:\/\/v2.estherian.com"]}]}},"_links":{"self":[{"href":"https:\/\/estherian.com\/fr\/wp-json\/wp\/v2\/pages\/22304","targetHints":{"allow":["GET"]}}],"collection":[{"href":"https:\/\/estherian.com\/fr\/wp-json\/wp\/v2\/pages"}],"about":[{"href":"https:\/\/estherian.com\/fr\/wp-json\/wp\/v2\/types\/page"}],"author":[{"embeddable":true,"href":"https:\/\/estherian.com\/fr\/wp-json\/wp\/v2\/users\/1"}],"replies":[{"embeddable":true,"href":"https:\/\/estherian.com\/fr\/wp-json\/wp\/v2\/comments?post=22304"}],"version-history":[{"count":0,"href":"https:\/\/estherian.com\/fr\/wp-json\/wp\/v2\/pages\/22304\/revisions"}],"wp:featuredmedia":[{"embeddable":true,"href":"https:\/\/estherian.com\/fr\/wp-json\/wp\/v2\/media\/25263"}],"wp:attachment":[{"href":"https:\/\/estherian.com\/fr\/wp-json\/wp\/v2\/media?parent=22304"}],"curies":[{"name":"wp","href":"https:\/\/api.w.org\/{rel}","templated":true}]}}