{"id":22320,"date":"2024-11-27T06:56:32","date_gmt":"2024-11-27T03:56:32","guid":{"rendered":"https:\/\/v2.estherian.com\/?page_id=22320"},"modified":"2026-04-03T12:23:26","modified_gmt":"2026-04-03T09:23:26","slug":"implants-dentaires","status":"publish","type":"page","link":"https:\/\/estherian.com\/fr\/implants-dentaires\/","title":{"rendered":"Implants Dentaires"},"content":{"rendered":"\n<p>Les implants dentaires constituent une alternative durable et efficace aux proth\u00e8ses dentaires ou aux bridges, en particulier pour les patients qui n&rsquo;ont pas les racines des dents naturelles requises pour les remplacements dentaires traditionnels. Ils sont con\u00e7us pour ressembler \u00e0 de vraies dents, les toucher et les faire fonctionner, restaurant ainsi l&rsquo;apparence et la sant\u00e9 bucco-dentaire.<\/p>\n\n\n\n<div class=\"wp-block-columns is-layout-flex wp-container-core-columns-is-layout-9d6595d7 wp-block-columns-is-layout-flex\">\n<div class=\"wp-block-column is-layout-flow wp-block-column-is-layout-flow\">\n<figure class=\"wp-block-image size-large\"><img decoding=\"async\" width=\"949\" height=\"1024\" src=\"https:\/\/estherian.com\/wp-content\/uploads\/dental-implant-estherian-1-949x1024.png\" alt=\"\" class=\"wp-image-22105\" srcset=\"https:\/\/estherian.com\/wp-content\/uploads\/dental-implant-estherian-1-949x1024.png 949w, https:\/\/estherian.com\/wp-content\/uploads\/dental-implant-estherian-1-358x386.png 358w, https:\/\/estherian.com\/wp-content\/uploads\/dental-implant-estherian-1-768x828.png 768w, https:\/\/estherian.com\/wp-content\/uploads\/dental-implant-estherian-1.png 993w\" sizes=\"(max-width: 949px) 100vw, 949px\" \/><\/figure>\n<\/div>\n\n\n\n<div class=\"wp-block-column is-layout-flow wp-block-column-is-layout-flow\">\n<h2 class=\"wp-block-heading\" id=\"h-qu-est-ce-qu-un-implant-dentaire\">Qu&rsquo;est-ce qu&rsquo;un implant dentaire ?<\/h2>\n\n\n\n<p>Les implants dentaires sont des proc\u00e9dures chirurgicales qui remplacent les racines des dents par des piliers m\u00e9talliques ressemblant \u00e0 des vis. Ces implants servent de base \u00e0 des dents artificielles qui imitent les dents naturelles, tant du point de vue de l&rsquo;apparence que de la fonction.<\/p>\n<\/div>\n<\/div>\n\n\n\n<div class=\"wp-block-columns is-layout-flex wp-container-core-columns-is-layout-9d6595d7 wp-block-columns-is-layout-flex\">\n<div class=\"wp-block-column is-layout-flow wp-block-column-is-layout-flow\">\n<h2 class=\"wp-block-heading\" id=\"h-procedure-d-implantation-dentaire\">Proc\u00e9dure d&rsquo;implantation dentaire<\/h2>\n\n\n\n<h3 class=\"wp-block-heading\" id=\"h-avant-le-traitement\">Avant le traitement<\/h3>\n\n\n\n<ol class=\"wp-block-list\">\n<li><strong>Examen dentaire complet<\/strong>\n<ul class=\"wp-block-list\">\n<li>Comprend des radiographies dentaires, l&rsquo;imagerie 3D et des mod\u00e8les de vos dents et de votre m\u00e2choire.<\/li>\n\n\n\n<li><strong>Examen des ant\u00e9c\u00e9dents m\u00e9dicaux<\/strong>\n<ul class=\"wp-block-list\">\n<li>Informez votre m\u00e9decin de toute condition m\u00e9dicale et de tout m\u00e9dicament, y compris les prescriptions, les m\u00e9dicaments en vente libre et les suppl\u00e9ments.<\/li>\n\n\n\n<li>Si vous souffrez de certaines affections cardiaques ou d&rsquo;implants orthop\u00e9diques, des antibiotiques peuvent \u00eatre prescrits pour pr\u00e9venir l&rsquo;infection.<\/li>\n<\/ul>\n<\/li>\n\n\n\n<li><strong>Plan de traitement personnalis\u00e9<\/strong>\n<ul class=\"wp-block-list\">\n<li>Le plan prend en compte des facteurs tels que\n<ul class=\"wp-block-list\">\n<li>Nombre de dents \u00e0 remplacer.<\/li>\n\n\n\n<li>\u00c9tat de la m\u00e2choire.<\/li>\n<\/ul>\n<\/li>\n<\/ul>\n<\/li>\n<\/ul>\n<\/li>\n<\/ol>\n<\/div>\n\n\n\n<div class=\"wp-block-column is-layout-flow wp-block-column-is-layout-flow\">\n<figure class=\"wp-block-image size-full\"><img decoding=\"async\" width=\"451\" height=\"371\" src=\"https:\/\/estherian.com\/wp-content\/uploads\/dental-implant1-01.png\" alt=\"\" class=\"wp-image-22109\" srcset=\"https:\/\/estherian.com\/wp-content\/uploads\/dental-implant1-01.png 451w, https:\/\/estherian.com\/wp-content\/uploads\/dental-implant1-01-386x318.png 386w\" sizes=\"(max-width: 451px) 100vw, 451px\" \/><\/figure>\n<\/div>\n<\/div>\n\n\n\n<div class=\"wp-block-columns is-layout-flex wp-container-core-columns-is-layout-9d6595d7 wp-block-columns-is-layout-flex\">\n<div class=\"wp-block-column is-layout-flow wp-block-column-is-layout-flow\">\n<h2 class=\"wp-block-heading\" id=\"h-pendant-le-traitement\">Pendant le traitement<\/h2>\n\n\n\n<h4 class=\"wp-block-heading\" id=\"h-pendant-le-traitement-0\">Pendant le traitement<\/h4>\n\n\n\n<h3 class=\"wp-block-heading\" id=\"h-etape-1-mise-en-place-de-la-racine-en-titane\">\u00c9tape 1 : Mise en place de la racine en titane<\/h3>\n\n\n\n<p>Le dentiste cr\u00e9e un petit trou dans l&rsquo;os de la m\u00e2choire pour y ins\u00e9rer une racine en titane, qui sert de base fixe \u00e0 la dent artificielle. Une dent temporaire est plac\u00e9e sur la racine pour combler l&rsquo;espace jusqu&rsquo;\u00e0 la prochaine s\u00e9ance.<\/p>\n\n\n\n<h3 class=\"wp-block-heading\" id=\"h-etape-2-croissance-et-cicatrisation-des-os\">\u00c9tape 2 : Croissance et cicatrisation des os<\/h3>\n\n\n\n<ul class=\"wp-block-list\">\n<li>L&rsquo;os de la m\u00e2choire commence \u00e0 se d\u00e9velopper autour de la racine en titane, cr\u00e9ant ainsi une base solide.<\/li>\n\n\n\n<li>Ce processus, appel\u00e9 ost\u00e9oint\u00e9gration, peut prendre plusieurs semaines ou mois pour assurer une base solide \u00e0 la couronne finale.<\/li>\n<\/ul>\n\n\n\n<h3 class=\"wp-block-heading\" id=\"h-etape-3-mise-en-place-du-pilier\">\u00c9tape 3 : Mise en place du pilier<\/h3>\n\n\n\n<ul class=\"wp-block-list\">\n<li>Une fois l&rsquo;os cicatris\u00e9, une deuxi\u00e8me intervention est r\u00e9alis\u00e9e sous anesth\u00e9sie locale pour mettre en place le pilier.<\/li>\n\n\n\n<li>Le pilier sert de connecteur entre la racine en titane et la couronne dentaire.<\/li>\n<\/ul>\n<\/div>\n\n\n\n<div class=\"wp-block-column is-layout-flow wp-block-column-is-layout-flow\">\n<figure class=\"wp-block-image size-full\"><img decoding=\"async\" width=\"451\" height=\"371\" src=\"https:\/\/estherian.com\/wp-content\/uploads\/dental-implant2-01.png\" alt=\"\" class=\"wp-image-22113\" srcset=\"https:\/\/estherian.com\/wp-content\/uploads\/dental-implant2-01.png 451w, https:\/\/estherian.com\/wp-content\/uploads\/dental-implant2-01-386x318.png 386w\" sizes=\"(max-width: 451px) 100vw, 451px\" \/><\/figure>\n<\/div>\n<\/div>\n\n\n\n<div class=\"wp-block-columns is-layout-flex wp-container-core-columns-is-layout-9d6595d7 wp-block-columns-is-layout-flex\">\n<div class=\"wp-block-column is-layout-flow wp-block-column-is-layout-flow\">\n<h3 class=\"wp-block-heading\" id=\"h-materiaux-utilises-pour-les-couronnes\">Mat\u00e9riaux utilis\u00e9s pour les couronnes<\/h3>\n\n\n\n<ul class=\"wp-block-list\">\n<li><strong>Porcelaine :<\/strong> Durable et r\u00e9sistante \u00e0 la pression de la morsure, elle constitue un excellent choix pour les couronnes d&rsquo;aspect naturel.<\/li>\n\n\n\n<li><strong>M\u00e9tal <\/strong>: Parfois utilis\u00e9 pour plus de solidit\u00e9 et de durabilit\u00e9, en particulier pour les dents du fond.<\/li>\n<\/ul>\n\n\n\n<h3 class=\"wp-block-heading\" id=\"h-risques-lies-aux-implants-dentaires\">Risques li\u00e9s aux implants dentaires<\/h3>\n\n\n\n<p>Bien que les implants dentaires soient g\u00e9n\u00e9ralement s\u00fbrs, il existe certains risques potentiels, bien qu&rsquo;ils soient rares et traitables :<\/p>\n\n\n\n<ul class=\"wp-block-list\">\n<li><strong>Infection <\/strong>au niveau du site de l&rsquo;implant.<\/li>\n\n\n\n<li>Dommages aux dents ou structures environnantes.<\/li>\n\n\n\n<li>L\u00e9sion du nerf, entra\u00eenant une douleur ou un engourdissement.<\/li>\n\n\n\n<li><strong>Probl\u00e8mes de sinus <\/strong>si l&rsquo;implant est plac\u00e9 trop pr\u00e8s de la cavit\u00e9 sinusale.<\/li>\n<\/ul>\n\n\n\n<h3 class=\"wp-block-heading\" id=\"h-conseils-pour-eviter-les-complications\">Conseils pour \u00e9viter les complications<\/h3>\n\n\n\n<p>Des soins appropri\u00e9s permettent d&rsquo;\u00e9viter la plupart des probl\u00e8mes postop\u00e9ratoires :<\/p>\n\n\n\n<ol class=\"wp-block-list\">\n<li>Maintenez une bonne hygi\u00e8ne bucco-dentaire en vous brossant les dents et en utilisant du fil dentaire tous les jours.<\/li>\n\n\n\n<li>Rincez-vous r\u00e9guli\u00e8rement la bouche avec un bain de bouche antiseptique.<\/li>\n\n\n\n<li>\u00c9vitez le tabac et l&rsquo;alcool, qui peuvent retarder la cicatrisation.<\/li>\n\n\n\n<li>Limitez la consommation d&rsquo;aliments et de boissons sucr\u00e9s pour r\u00e9duire le risque d&rsquo;infection.<\/li>\n<\/ol>\n<\/div>\n<\/div>\n\n\n\n<p>Les implants dentaires permettent non seulement de retrouver le sourire, mais aussi d&rsquo;am\u00e9liorer la sant\u00e9 bucco-dentaire en g\u00e9n\u00e9ral. Pour un plan de traitement sur mesure et des soins professionnels, consultez une clinique dentaire exp\u00e9riment\u00e9e d\u00e8s aujourd&rsquo;hui !<\/p>\n\n\n\n<p><strong>Si vous n&rsquo;\u00eates pas \u00e9ligible aux implants traditionnels en raison d&rsquo;une perte osseuse, nous proposons \u00e9galement les<a href=\"https:\/\/estherian.com\/fr\/zygomatique-vs-implants-traditionnels\/\"> implants zygomatiques<\/a>, qui se fixent solidement dans l&rsquo;os de la joue.<a href=\"https:\/\/estherian.com\/fr\/zygomatique-vs-implants-traditionnels\/\"> Lisez ici comment ces implants sp\u00e9cialis\u00e9s peuvent vous aider \u00e0 retrouver un sourire stable.<\/a><br><\/strong><\/p>\n\n\n\n<p><\/p>\n","protected":false},"excerpt":{"rendered":"<p>Les implants dentaires constituent une alternative durable et efficace aux proth\u00e8ses dentaires ou aux bridges, en particulier pour les patients qui n&rsquo;ont pas les racines des dents naturelles requises pour les remplacements dentaires traditionnels. Ils sont con\u00e7us pour ressembler \u00e0 de vraies dents, les toucher et les faire fonctionner, restaurant ainsi l&rsquo;apparence et la sant\u00e9&hellip;<\/p>\n","protected":false},"author":1,"featured_media":26642,"parent":0,"menu_order":10,"comment_status":"closed","ping_status":"closed","template":"","meta":{"footnotes":""},"class_list":["post-22320","page","type-page","status-publish","has-post-thumbnail","hentry","description-off"],"yoast_head":"<!-- This site is optimized with the Yoast SEO Premium plugin v27.3 (Yoast SEO v27.3) - https:\/\/yoast.com\/product\/yoast-seo-premium-wordpress\/ -->\n<title>Implants Dentaires | Estherian Clinic<\/title>\n<meta name=\"robots\" content=\"index, follow, max-snippet:-1, max-image-preview:large, max-video-preview:-1\" \/>\n<link rel=\"canonical\" href=\"https:\/\/estherian.com\/fr\/implants-dentaires\/\" \/>\n<meta property=\"og:locale\" content=\"fr_FR\" \/>\n<meta property=\"og:type\" content=\"article\" \/>\n<meta property=\"og:title\" content=\"Implants Dentaires\" \/>\n<meta property=\"og:description\" content=\"Looks better with Estherian Clinic. Plastic Surgery, Dental treatments and more beautiful services!\" \/>\n<meta property=\"og:url\" content=\"https:\/\/estherian.com\/fr\/implants-dentaires\/\" \/>\n<meta property=\"og:site_name\" content=\"Estherian Clinic\" \/>\n<meta property=\"article:publisher\" content=\"https:\/\/www.facebook.com\/estherianclinic.en\" \/>\n<meta property=\"article:modified_time\" content=\"2026-04-03T09:23:26+00:00\" \/>\n<meta property=\"og:image\" content=\"https:\/\/estherian.com\/wp-content\/uploads\/dental_implant_turkey_1920x1080-1.jpg\" \/>\n\t<meta property=\"og:image:width\" content=\"1920\" \/>\n\t<meta property=\"og:image:height\" content=\"1080\" \/>\n\t<meta property=\"og:image:type\" content=\"image\/jpeg\" \/>\n<meta name=\"twitter:card\" content=\"summary_large_image\" \/>\n<meta name=\"twitter:site\" content=\"@EstherianTr\" \/>\n<meta name=\"twitter:label1\" content=\"Dur\u00e9e de lecture estim\u00e9e\" \/>\n\t<meta name=\"twitter:data1\" content=\"4 minutes\" \/>\n<script type=\"application\/ld+json\" class=\"yoast-schema-graph\">{\"@context\":\"https:\\\/\\\/schema.org\",\"@graph\":[{\"@type\":\"Article\",\"@id\":\"https:\\\/\\\/estherian.com\\\/fr\\\/implants-dentaires\\\/#article\",\"isPartOf\":{\"@id\":\"https:\\\/\\\/estherian.com\\\/fr\\\/implants-dentaires\\\/\"},\"author\":{\"name\":\"ferhatk\",\"@id\":\"https:\\\/\\\/estherian.com\\\/fr\\\/#\\\/schema\\\/person\\\/0b1452799c3700afbfcfd3a0f5e64732\"},\"headline\":\"Implants Dentaires\",\"datePublished\":\"2024-11-27T03:56:32+00:00\",\"dateModified\":\"2026-04-03T09:23:26+00:00\",\"mainEntityOfPage\":{\"@id\":\"https:\\\/\\\/estherian.com\\\/fr\\\/implants-dentaires\\\/\"},\"wordCount\":662,\"publisher\":{\"@id\":\"https:\\\/\\\/estherian.com\\\/fr\\\/#organization\"},\"image\":{\"@id\":\"https:\\\/\\\/estherian.com\\\/fr\\\/implants-dentaires\\\/#primaryimage\"},\"thumbnailUrl\":\"https:\\\/\\\/estherian.com\\\/wp-content\\\/uploads\\\/dental_implant_turkey_1920x1080-1.jpg\",\"inLanguage\":\"fr-FR\"},{\"@type\":\"WebPage\",\"@id\":\"https:\\\/\\\/estherian.com\\\/fr\\\/implants-dentaires\\\/\",\"url\":\"https:\\\/\\\/estherian.com\\\/fr\\\/implants-dentaires\\\/\",\"name\":\"Implants Dentaires | Estherian Clinic\",\"isPartOf\":{\"@id\":\"https:\\\/\\\/estherian.com\\\/fr\\\/#website\"},\"primaryImageOfPage\":{\"@id\":\"https:\\\/\\\/estherian.com\\\/fr\\\/implants-dentaires\\\/#primaryimage\"},\"image\":{\"@id\":\"https:\\\/\\\/estherian.com\\\/fr\\\/implants-dentaires\\\/#primaryimage\"},\"thumbnailUrl\":\"https:\\\/\\\/estherian.com\\\/wp-content\\\/uploads\\\/dental_implant_turkey_1920x1080-1.jpg\",\"datePublished\":\"2024-11-27T03:56:32+00:00\",\"dateModified\":\"2026-04-03T09:23:26+00:00\",\"breadcrumb\":{\"@id\":\"https:\\\/\\\/estherian.com\\\/fr\\\/implants-dentaires\\\/#breadcrumb\"},\"inLanguage\":\"fr-FR\",\"potentialAction\":[{\"@type\":\"ReadAction\",\"target\":[\"https:\\\/\\\/estherian.com\\\/fr\\\/implants-dentaires\\\/\"]}]},{\"@type\":\"ImageObject\",\"inLanguage\":\"fr-FR\",\"@id\":\"https:\\\/\\\/estherian.com\\\/fr\\\/implants-dentaires\\\/#primaryimage\",\"url\":\"https:\\\/\\\/estherian.com\\\/wp-content\\\/uploads\\\/dental_implant_turkey_1920x1080-1.jpg\",\"contentUrl\":\"https:\\\/\\\/estherian.com\\\/wp-content\\\/uploads\\\/dental_implant_turkey_1920x1080-1.jpg\",\"width\":1920,\"height\":1080},{\"@type\":\"BreadcrumbList\",\"@id\":\"https:\\\/\\\/estherian.com\\\/fr\\\/implants-dentaires\\\/#breadcrumb\",\"itemListElement\":[{\"@type\":\"ListItem\",\"position\":1,\"name\":\"Home\",\"item\":\"https:\\\/\\\/estherian.com\\\/fr\\\/\"},{\"@type\":\"ListItem\",\"position\":2,\"name\":\"Implants Dentaires\"}]},{\"@type\":\"WebSite\",\"@id\":\"https:\\\/\\\/estherian.com\\\/fr\\\/#website\",\"url\":\"https:\\\/\\\/estherian.com\\\/fr\\\/\",\"name\":\"Estherian Clinic\",\"description\":\"Plastic Surgery | Dental | Hair Transplant in Turkey\",\"publisher\":{\"@id\":\"https:\\\/\\\/estherian.com\\\/fr\\\/#organization\"},\"potentialAction\":[{\"@type\":\"SearchAction\",\"target\":{\"@type\":\"EntryPoint\",\"urlTemplate\":\"https:\\\/\\\/estherian.com\\\/fr\\\/?s={search_term_string}\"},\"query-input\":{\"@type\":\"PropertyValueSpecification\",\"valueRequired\":true,\"valueName\":\"search_term_string\"}}],\"inLanguage\":\"fr-FR\"},{\"@type\":\"Organization\",\"@id\":\"https:\\\/\\\/estherian.com\\\/fr\\\/#organization\",\"name\":\"Estherian Clinic\",\"alternateName\":\"Estherian\",\"url\":\"https:\\\/\\\/estherian.com\\\/fr\\\/\",\"logo\":{\"@type\":\"ImageObject\",\"inLanguage\":\"fr-FR\",\"@id\":\"https:\\\/\\\/estherian.com\\\/fr\\\/#\\\/schema\\\/logo\\\/image\\\/\",\"url\":\"https:\\\/\\\/estherian.com\\\/wp-content\\\/uploads\\\/2024\\\/10\\\/EstherianLogo.png\",\"contentUrl\":\"https:\\\/\\\/estherian.com\\\/wp-content\\\/uploads\\\/2024\\\/10\\\/EstherianLogo.png\",\"width\":882,\"height\":934,\"caption\":\"Estherian Clinic\"},\"image\":{\"@id\":\"https:\\\/\\\/estherian.com\\\/fr\\\/#\\\/schema\\\/logo\\\/image\\\/\"},\"sameAs\":[\"https:\\\/\\\/www.facebook.com\\\/estherianclinic.en\",\"https:\\\/\\\/x.com\\\/EstherianTr\",\"https:\\\/\\\/www.instagram.com\\\/estherianclinic\\\/\",\"https:\\\/\\\/www.tiktok.com\\\/@estherian.clinic\",\"https:\\\/\\\/www.youtube.com\\\/estherianclinic\"],\"email\":\"hi@estherian.com\",\"telephone\":\"+90-544-169-9000\",\"legalName\":\"ESTHERIAN CLINIC SA\u011eLIK H\u0130ZMETLER\u0130 SAN. T\u0130C. LTD. \u015eT\u0130.\",\"foundingDate\":\"2020-03-09\",\"vatID\":\"TR1601485625\",\"taxID\":\"1601485625\",\"numberOfEmployees\":{\"@type\":\"QuantitativeValue\",\"minValue\":\"51\",\"maxValue\":\"200\"},\"publishingPrinciples\":\"https:\\\/\\\/estherian.com\\\/tr\\\/sartlar-ve-kosullar\\\/\",\"actionableFeedbackPolicy\":\"https:\\\/\\\/estherian.com\\\/tr\\\/gizlilik-politikasi\\\/\",\"correctionsPolicy\":\"https:\\\/\\\/estherian.com\\\/tr\\\/gizlilik-politikasi\\\/\",\"ethicsPolicy\":\"https:\\\/\\\/estherian.com\\\/tr\\\/gizlilik-politikasi\\\/\",\"diversityPolicy\":\"https:\\\/\\\/estherian.com\\\/tr\\\/gizlilik-politikasi\\\/\",\"diversityStaffingReport\":\"https:\\\/\\\/estherian.com\\\/tr\\\/gizlilik-politikasi\\\/\"},{\"@type\":\"Person\",\"@id\":\"https:\\\/\\\/estherian.com\\\/fr\\\/#\\\/schema\\\/person\\\/0b1452799c3700afbfcfd3a0f5e64732\",\"name\":\"ferhatk\",\"image\":{\"@type\":\"ImageObject\",\"inLanguage\":\"fr-FR\",\"@id\":\"https:\\\/\\\/secure.gravatar.com\\\/avatar\\\/5192156a410fa37c70ea8d4f0d01782533c470a75971ae114e5cd116be51ca05?s=96&d=mm&r=g\",\"url\":\"https:\\\/\\\/secure.gravatar.com\\\/avatar\\\/5192156a410fa37c70ea8d4f0d01782533c470a75971ae114e5cd116be51ca05?s=96&d=mm&r=g\",\"contentUrl\":\"https:\\\/\\\/secure.gravatar.com\\\/avatar\\\/5192156a410fa37c70ea8d4f0d01782533c470a75971ae114e5cd116be51ca05?s=96&d=mm&r=g\",\"caption\":\"ferhatk\"},\"sameAs\":[\"https:\\\/\\\/v2.estherian.com\"]}]}<\/script>\n<!-- \/ Yoast SEO Premium plugin. -->","yoast_head_json":{"title":"Implants Dentaires | Estherian Clinic","robots":{"index":"index","follow":"follow","max-snippet":"max-snippet:-1","max-image-preview":"max-image-preview:large","max-video-preview":"max-video-preview:-1"},"canonical":"https:\/\/estherian.com\/fr\/implants-dentaires\/","og_locale":"fr_FR","og_type":"article","og_title":"Implants Dentaires","og_description":"Looks better with Estherian Clinic. Plastic Surgery, Dental treatments and more beautiful services!","og_url":"https:\/\/estherian.com\/fr\/implants-dentaires\/","og_site_name":"Estherian Clinic","article_publisher":"https:\/\/www.facebook.com\/estherianclinic.en","article_modified_time":"2026-04-03T09:23:26+00:00","og_image":[{"width":1920,"height":1080,"url":"https:\/\/estherian.com\/wp-content\/uploads\/dental_implant_turkey_1920x1080-1.jpg","type":"image\/jpeg"}],"twitter_card":"summary_large_image","twitter_site":"@EstherianTr","twitter_misc":{"Dur\u00e9e de lecture estim\u00e9e":"4 minutes"},"schema":{"@context":"https:\/\/schema.org","@graph":[{"@type":"Article","@id":"https:\/\/estherian.com\/fr\/implants-dentaires\/#article","isPartOf":{"@id":"https:\/\/estherian.com\/fr\/implants-dentaires\/"},"author":{"name":"ferhatk","@id":"https:\/\/estherian.com\/fr\/#\/schema\/person\/0b1452799c3700afbfcfd3a0f5e64732"},"headline":"Implants Dentaires","datePublished":"2024-11-27T03:56:32+00:00","dateModified":"2026-04-03T09:23:26+00:00","mainEntityOfPage":{"@id":"https:\/\/estherian.com\/fr\/implants-dentaires\/"},"wordCount":662,"publisher":{"@id":"https:\/\/estherian.com\/fr\/#organization"},"image":{"@id":"https:\/\/estherian.com\/fr\/implants-dentaires\/#primaryimage"},"thumbnailUrl":"https:\/\/estherian.com\/wp-content\/uploads\/dental_implant_turkey_1920x1080-1.jpg","inLanguage":"fr-FR"},{"@type":"WebPage","@id":"https:\/\/estherian.com\/fr\/implants-dentaires\/","url":"https:\/\/estherian.com\/fr\/implants-dentaires\/","name":"Implants Dentaires | Estherian Clinic","isPartOf":{"@id":"https:\/\/estherian.com\/fr\/#website"},"primaryImageOfPage":{"@id":"https:\/\/estherian.com\/fr\/implants-dentaires\/#primaryimage"},"image":{"@id":"https:\/\/estherian.com\/fr\/implants-dentaires\/#primaryimage"},"thumbnailUrl":"https:\/\/estherian.com\/wp-content\/uploads\/dental_implant_turkey_1920x1080-1.jpg","datePublished":"2024-11-27T03:56:32+00:00","dateModified":"2026-04-03T09:23:26+00:00","breadcrumb":{"@id":"https:\/\/estherian.com\/fr\/implants-dentaires\/#breadcrumb"},"inLanguage":"fr-FR","potentialAction":[{"@type":"ReadAction","target":["https:\/\/estherian.com\/fr\/implants-dentaires\/"]}]},{"@type":"ImageObject","inLanguage":"fr-FR","@id":"https:\/\/estherian.com\/fr\/implants-dentaires\/#primaryimage","url":"https:\/\/estherian.com\/wp-content\/uploads\/dental_implant_turkey_1920x1080-1.jpg","contentUrl":"https:\/\/estherian.com\/wp-content\/uploads\/dental_implant_turkey_1920x1080-1.jpg","width":1920,"height":1080},{"@type":"BreadcrumbList","@id":"https:\/\/estherian.com\/fr\/implants-dentaires\/#breadcrumb","itemListElement":[{"@type":"ListItem","position":1,"name":"Home","item":"https:\/\/estherian.com\/fr\/"},{"@type":"ListItem","position":2,"name":"Implants Dentaires"}]},{"@type":"WebSite","@id":"https:\/\/estherian.com\/fr\/#website","url":"https:\/\/estherian.com\/fr\/","name":"Estherian Clinic","description":"Plastic Surgery | Dental | Hair Transplant in Turkey","publisher":{"@id":"https:\/\/estherian.com\/fr\/#organization"},"potentialAction":[{"@type":"SearchAction","target":{"@type":"EntryPoint","urlTemplate":"https:\/\/estherian.com\/fr\/?s={search_term_string}"},"query-input":{"@type":"PropertyValueSpecification","valueRequired":true,"valueName":"search_term_string"}}],"inLanguage":"fr-FR"},{"@type":"Organization","@id":"https:\/\/estherian.com\/fr\/#organization","name":"Estherian Clinic","alternateName":"Estherian","url":"https:\/\/estherian.com\/fr\/","logo":{"@type":"ImageObject","inLanguage":"fr-FR","@id":"https:\/\/estherian.com\/fr\/#\/schema\/logo\/image\/","url":"https:\/\/estherian.com\/wp-content\/uploads\/2024\/10\/EstherianLogo.png","contentUrl":"https:\/\/estherian.com\/wp-content\/uploads\/2024\/10\/EstherianLogo.png","width":882,"height":934,"caption":"Estherian Clinic"},"image":{"@id":"https:\/\/estherian.com\/fr\/#\/schema\/logo\/image\/"},"sameAs":["https:\/\/www.facebook.com\/estherianclinic.en","https:\/\/x.com\/EstherianTr","https:\/\/www.instagram.com\/estherianclinic\/","https:\/\/www.tiktok.com\/@estherian.clinic","https:\/\/www.youtube.com\/estherianclinic"],"email":"hi@estherian.com","telephone":"+90-544-169-9000","legalName":"ESTHERIAN CLINIC SA\u011eLIK H\u0130ZMETLER\u0130 SAN. T\u0130C. LTD. \u015eT\u0130.","foundingDate":"2020-03-09","vatID":"TR1601485625","taxID":"1601485625","numberOfEmployees":{"@type":"QuantitativeValue","minValue":"51","maxValue":"200"},"publishingPrinciples":"https:\/\/estherian.com\/tr\/sartlar-ve-kosullar\/","actionableFeedbackPolicy":"https:\/\/estherian.com\/tr\/gizlilik-politikasi\/","correctionsPolicy":"https:\/\/estherian.com\/tr\/gizlilik-politikasi\/","ethicsPolicy":"https:\/\/estherian.com\/tr\/gizlilik-politikasi\/","diversityPolicy":"https:\/\/estherian.com\/tr\/gizlilik-politikasi\/","diversityStaffingReport":"https:\/\/estherian.com\/tr\/gizlilik-politikasi\/"},{"@type":"Person","@id":"https:\/\/estherian.com\/fr\/#\/schema\/person\/0b1452799c3700afbfcfd3a0f5e64732","name":"ferhatk","image":{"@type":"ImageObject","inLanguage":"fr-FR","@id":"https:\/\/secure.gravatar.com\/avatar\/5192156a410fa37c70ea8d4f0d01782533c470a75971ae114e5cd116be51ca05?s=96&d=mm&r=g","url":"https:\/\/secure.gravatar.com\/avatar\/5192156a410fa37c70ea8d4f0d01782533c470a75971ae114e5cd116be51ca05?s=96&d=mm&r=g","contentUrl":"https:\/\/secure.gravatar.com\/avatar\/5192156a410fa37c70ea8d4f0d01782533c470a75971ae114e5cd116be51ca05?s=96&d=mm&r=g","caption":"ferhatk"},"sameAs":["https:\/\/v2.estherian.com"]}]}},"_links":{"self":[{"href":"https:\/\/estherian.com\/fr\/wp-json\/wp\/v2\/pages\/22320","targetHints":{"allow":["GET"]}}],"collection":[{"href":"https:\/\/estherian.com\/fr\/wp-json\/wp\/v2\/pages"}],"about":[{"href":"https:\/\/estherian.com\/fr\/wp-json\/wp\/v2\/types\/page"}],"author":[{"embeddable":true,"href":"https:\/\/estherian.com\/fr\/wp-json\/wp\/v2\/users\/1"}],"replies":[{"embeddable":true,"href":"https:\/\/estherian.com\/fr\/wp-json\/wp\/v2\/comments?post=22320"}],"version-history":[{"count":3,"href":"https:\/\/estherian.com\/fr\/wp-json\/wp\/v2\/pages\/22320\/revisions"}],"predecessor-version":[{"id":43438,"href":"https:\/\/estherian.com\/fr\/wp-json\/wp\/v2\/pages\/22320\/revisions\/43438"}],"wp:featuredmedia":[{"embeddable":true,"href":"https:\/\/estherian.com\/fr\/wp-json\/wp\/v2\/media\/26642"}],"wp:attachment":[{"href":"https:\/\/estherian.com\/fr\/wp-json\/wp\/v2\/media?parent=22320"}],"curies":[{"name":"wp","href":"https:\/\/api.w.org\/{rel}","templated":true}]}}