{"id":22325,"date":"2024-11-27T07:33:13","date_gmt":"2024-11-27T04:33:13","guid":{"rendered":"https:\/\/v2.estherian.com\/?page_id=22325"},"modified":"2025-09-12T12:06:29","modified_gmt":"2025-09-12T09:06:29","slug":"greffe-de-cheveux","status":"publish","type":"page","link":"https:\/\/estherian.com\/fr\/greffe-de-cheveux\/","title":{"rendered":"Greffe de cheveux"},"content":{"rendered":"\n<div class=\"wp-block-columns is-layout-flex wp-container-core-columns-is-layout-9d6595d7 wp-block-columns-is-layout-flex\">\n<div class=\"wp-block-column is-layout-flow wp-block-column-is-layout-flow\">\n<figure class=\"wp-block-image size-large is-resized\"><img decoding=\"async\" src=\"https:\/\/estherian.com\/wp-content\/uploads\/hair-transplant-procedure-225x1024.png\" alt=\"\" class=\"wp-image-23527\" style=\"width:221px;height:auto\" title=\"hair-transplant-procedure\"\/><\/figure>\n<\/div>\n\n\n\n<div class=\"wp-block-column is-layout-flow wp-block-column-is-layout-flow\">\n<h2 class=\"wp-block-heading\" id=\"h-hair-transplant-techniques\">Hair Transplant Techniques<\/h2>\n\n\n\n<figure class=\"wp-block-embed is-type-video is-provider-youtube wp-block-embed-youtube wp-embed-aspect-16-9 wp-has-aspect-ratio\"><div class=\"wp-block-embed__wrapper\">\n<iframe title=\"See how we transplant hair with DHI Techique and benefits of the DHI| ESTHERIAN CLINIC\" width=\"1200\" height=\"675\" src=\"https:\/\/www.youtube.com\/embed\/U0C9jHushsY?feature=oembed\" frameborder=\"0\" allow=\"accelerometer; autoplay; clipboard-write; encrypted-media; gyroscope; picture-in-picture; web-share\" referrerpolicy=\"strict-origin-when-cross-origin\" allowfullscreen><\/iframe>\n<\/div><\/figure>\n\n\n\n<h3 class=\"wp-block-heading\" id=\"h-fue-technique\">FUE Technique<\/h3>\n\n\n\n<p>L&rsquo;extraction d&rsquo;unit\u00e9s folliculaires (FUE) est un type de greffe de cheveux qui consiste \u00e0 extraire les follicules pileux sains et durables des parties du cuir chevelu o\u00f9 ils poussent et \u00e0 les d\u00e9placer vers une autre partie o\u00f9 les cheveux sont plus fins ou absents.<\/p>\n\n\n\n<p>Le chirurgien implante ces follicules dans des canaux ou des incisions pr\u00e9alablement ouverts dans le cuir chevelu. Cette technique ne laisse aucune cicatrice visible lors de l&rsquo;extraction et de la transplantation.<\/p>\n\n\n\n<h3 class=\"wp-block-heading\" id=\"h-dhi-technique\">DHI Technique<\/h3>\n\n\n\n<p>La m\u00e9thode DHI diff\u00e8re de la technique FUE. Elle peut \u00eatre r\u00e9alis\u00e9e sans raser le cr\u00e2ne, seule la zone donneuse sera taill\u00e9e pour le processus d&rsquo;extraction. par l&rsquo;utilisation d&rsquo;un outil micro-moteur et deuxi\u00e8mement l&rsquo;implantation, avec les stylos Choi utilis\u00e9s pour implanter chaque greffon directement sans cr\u00e9ation pr\u00e9alable de canolas pour contr\u00f4ler l&rsquo;angle de la direction de chaque greffon.<\/p>\n\n\n\n<p>Les stylos Choi sont plus pr\u00e9cis et existent en diff\u00e9rentes tailles pour un aspect plus naturel. La densit\u00e9 des cheveux est calcul\u00e9e en comptant les cheveux qui poussent dans chaque centim\u00e8tre carr\u00e9 du cuir chevelu.<\/p>\n\n\n\n<h3 class=\"wp-block-heading\" id=\"h-fue-s\">FUE\/S<\/h3>\n\n\n\n<p>Cette technique est similaire \u00e0 la FUE mais diff\u00e8re par la lame utilis\u00e9e dans la proc\u00e9dure.L&rsquo;outil Sapphire FUE utilise des lames en saphir, une pierre pr\u00e9cieuse et durable. La broche en forme de V offre une plus grande complexit\u00e9 que la broche en forme de U des lames d&rsquo;acier pour faire des incisions pour la proc\u00e9dure de greffe de cheveux.<\/p>\n<\/div>\n<\/div>\n\n\n\n<div class=\"wp-block-columns is-layout-flex wp-container-core-columns-is-layout-9d6595d7 wp-block-columns-is-layout-flex\">\n<div class=\"wp-block-column is-layout-flow wp-block-column-is-layout-flow\">\n<h2 class=\"wp-block-heading\" id=\"h-qui-est-un-bon-candidat-pour-une-greffe-de-cheveux\">Qui est un bon candidat pour une greffe de cheveux ?<\/h2>\n\n\n\n<p>Les hommes qui perdent leurs cheveux en raison d&rsquo;une calvitie masculine depuis plus de cinq ans ou qui sont pass\u00e9s \u00e0 la classe 3 ou plus sur l&rsquo;\u00e9chelle de Norwood.<\/p>\n\n\n\n<h2 class=\"wp-block-heading\" id=\"h-comment-se-preparer-a-une-greffe-de-cheveux\">Comment se pr\u00e9parer \u00e0 une greffe de cheveux ?<\/h2>\n\n\n\n<p>Les cheveux du patient seront compl\u00e8tement ras\u00e9s, et parfois l&rsquo;op\u00e9ration peut \u00eatre r\u00e9alis\u00e9e sans rasage, puis le cuir chevelu est lav\u00e9 avec une solution st\u00e9rile, et le cuir chevelu est inject\u00e9 avec un anesth\u00e9sique local.<\/p>\n\n\n\n<h2 class=\"wp-block-heading\" id=\"h-combien-de-temps-dure-une-greffe-de-cheveux\">Combien de temps dure une greffe de cheveux ?<\/h2>\n<\/div>\n\n\n\n<div class=\"wp-block-column is-layout-flow wp-block-column-is-layout-flow\">\n<figure class=\"wp-block-image size-large\"><img decoding=\"async\" src=\"https:\/\/estherian.com\/wp-content\/uploads\/estherian-hair-transplant-944x1024.png\" alt=\"\" class=\"wp-image-23531\" title=\"estherian-hair-transplant\"\/><\/figure>\n<\/div>\n<\/div>\n\n\n\n<p>La greffe de cheveux dure g\u00e9n\u00e9ralement entre 3 et 6 heures, entrecoup\u00e9es d&rsquo;une p\u00e9riode de repos pour le patient, et peut n\u00e9cessiter plus d&rsquo;une s\u00e9ance pour couvrir la zone \u00e0 greffer.<\/p>\n\n\n\n<h2 class=\"wp-block-heading\" id=\"h-faq-sur-les-techniques-de-greffe-de-cheveux\">FAQ sur les techniques de greffe de cheveux<\/h2>\n\n\n\n<h3 class=\"wp-block-heading\" id=\"h-les-femmes-peuvent-elles-beneficier-d-une-greffe-de-cheveux\">Les femmes peuvent-elles b\u00e9n\u00e9ficier d&rsquo;une greffe de cheveux ?<\/h3>\n\n\n\n<p>Oui, les greffes de cheveux conviennent aux femmes dont les cheveux sont clairsem\u00e9s ou qui pr\u00e9sentent des sch\u00e9mas sp\u00e9cifiques de perte de cheveux. Les techniques comme la DHI, qui ne n\u00e9cessitent pas le rasage complet de la t\u00eate, sont particuli\u00e8rement populaires aupr\u00e8s des femmes.<\/p>\n\n\n\n<h3 class=\"wp-block-heading\" id=\"h-puis-je-faire-de-l-exercice-apres-une-greffe-de-cheveux\">Puis-je faire de l&rsquo;exercice apr\u00e8s une greffe de cheveux ?<\/h3>\n\n\n\n<p>Les activit\u00e9s l\u00e9g\u00e8res peuvent \u00eatre reprises au bout d&rsquo;une semaine, mais les exercices intenses et les activit\u00e9s qui font transpirer doivent \u00eatre \u00e9vit\u00e9s pendant deux semaines pour \u00e9viter les complications.<\/p>\n\n\n\n<h3 class=\"wp-block-heading\" id=\"h-les-greffes-de-cheveux-peuvent-elles-echouer\">Les greffes de cheveux peuvent-elles \u00e9chouer ?<\/h3>\n\n\n\n<p>Bien que les taux de r\u00e9ussite soient \u00e9lev\u00e9s, un mauvais suivi ou certaines conditions de sant\u00e9 peuvent affecter les r\u00e9sultats. Le respect des directives post-proc\u00e9dure est essentiel pour la r\u00e9ussite de l&rsquo;op\u00e9ration.<\/p>\n\n\n\n<h3 class=\"wp-block-heading\" id=\"h-quels-sont-les-effets-secondaires-les-plus-courants-apres-une-greffe-de-cheveux\">Quels sont les effets secondaires les plus courants apr\u00e8s une greffe de cheveux ?<\/h3>\n\n\n\n<p>Un l\u00e9ger gonflement, des rougeurs, des d\u00e9mangeaisons ou des cro\u00fbtes peuvent appara\u00eetre dans les zones donneuses et receveuses, mais ces effets secondaires disparaissent g\u00e9n\u00e9ralement au bout d&rsquo;une semaine.<\/p>\n\n\n\n<h3 class=\"wp-block-heading\" id=\"h-que-dois-je-eviter-avant-et-apres-l-intervention\">Que dois-je \u00e9viter avant et apr\u00e8s l&rsquo;intervention ?<\/h3>\n\n\n\n<p>Avant l&rsquo;intervention, il convient d&rsquo;\u00e9viter de fumer, de boire de l&rsquo;alcool et de prendre des m\u00e9dicaments anticoagulants. Apr\u00e8s l&rsquo;intervention, il convient de limiter l&rsquo;exposition au soleil, d&rsquo;\u00e9viter les piscines et les saunas pendant un mois.<\/p>\n\n\n\n<h2 class=\"wp-block-heading\" id=\"h-greffe-de-cheveux-avant-et-apres\">Greffe de Cheveux Avant et Apr\u00e8s<\/h2>\n\n\n\n<div class=\"wp-block-estherian-gallery\"><div id=\"estherian-gallery-0ujdfvj\" class=\"estherian-gallery elastic-width\" data-slides-to-show=\"3\" data-mobile-slides-to-show=\"1\" data-autoplay=\"false\" data-autoplay-speed=\"3000\" data-show-arrows=\"true\" data-show-dots=\"true\" data-border-radius=\"20\" data-elastic-width=\"true\" data-fixed-height=\"362\" data-bottom-crop=\"0\"><div class=\"gallery-container\"><div class=\"gallery-slide\"><img decoding=\"async\" src=\"https:\/\/estherian.com\/wp-content\/uploads\/2025\/09\/ALY-RAGY-RAMZY-.jpg\" alt=\"\" style=\"border-radius:20px;height:362px;width:auto\"\/><\/div><div class=\"gallery-slide\"><img decoding=\"async\" src=\"https:\/\/estherian.com\/wp-content\/uploads\/2025\/09\/EBRAHIM-EHRAHIMI.jpg\" alt=\"\" style=\"border-radius:20px;height:362px;width:auto\"\/><\/div><div class=\"gallery-slide\"><img decoding=\"async\" src=\"https:\/\/estherian.com\/wp-content\/uploads\/2025\/09\/Photo-13.06.2025-22-01-00.png\" alt=\"\" style=\"border-radius:20px;height:362px;width:auto\"\/><\/div><div class=\"gallery-slide\"><img decoding=\"async\" src=\"https:\/\/estherian.com\/wp-content\/uploads\/2025\/09\/Photo-13.06.2025-22-01-00-8.jpg\" alt=\"\" style=\"border-radius:20px;height:362px;width:auto\"\/><\/div><div class=\"gallery-slide\"><img decoding=\"async\" src=\"https:\/\/estherian.com\/wp-content\/uploads\/2025\/09\/Photo-13.06.2025-22-01-00-3.jpg\" alt=\"\" style=\"border-radius:20px;height:362px;width:auto\"\/><\/div><\/div><div class=\"gallery-nav\"><button class=\"prev\" aria-label=\"Previous\">\u276e<\/button><button class=\"next\" aria-label=\"Next\">\u276f<\/button><\/div><div class=\"gallery-dots\"><span class=\"dot active\"><\/span><span class=\"dot\"><\/span><span class=\"dot\"><\/span><span class=\"dot\"><\/span><span class=\"dot\"><\/span><\/div><\/div><\/div>\n","protected":false},"excerpt":{"rendered":"<p>Hair Transplant Techniques FUE Technique L&rsquo;extraction d&rsquo;unit\u00e9s folliculaires (FUE) est un type de greffe de cheveux qui consiste \u00e0 extraire les follicules pileux sains et durables des parties du cuir chevelu o\u00f9 ils poussent et \u00e0 les d\u00e9placer vers une autre partie o\u00f9 les cheveux sont plus fins ou absents. Le chirurgien implante ces follicules&hellip;<\/p>\n","protected":false},"author":1,"featured_media":26714,"parent":0,"menu_order":10,"comment_status":"closed","ping_status":"closed","template":"","meta":{"footnotes":""},"class_list":["post-22325","page","type-page","status-publish","has-post-thumbnail","hentry","description-off"],"yoast_head":"<!-- This site is optimized with the Yoast SEO Premium plugin v27.3 (Yoast SEO v27.3) - https:\/\/yoast.com\/product\/yoast-seo-premium-wordpress\/ -->\n<title>Greffe de cheveux | Estherian Clinic<\/title>\n<meta name=\"robots\" content=\"index, follow, max-snippet:-1, max-image-preview:large, max-video-preview:-1\" \/>\n<link rel=\"canonical\" href=\"https:\/\/estherian.com\/fr\/greffe-de-cheveux\/\" \/>\n<meta property=\"og:locale\" content=\"fr_FR\" \/>\n<meta property=\"og:type\" content=\"article\" \/>\n<meta property=\"og:title\" content=\"Greffe de cheveux\" \/>\n<meta property=\"og:description\" content=\"Looks better with Estherian Clinic. Plastic Surgery, Dental treatments and more beautiful services!\" \/>\n<meta property=\"og:url\" content=\"https:\/\/estherian.com\/fr\/greffe-de-cheveux\/\" \/>\n<meta property=\"og:site_name\" content=\"Estherian Clinic\" \/>\n<meta property=\"article:publisher\" content=\"https:\/\/www.facebook.com\/estherianclinic.en\" \/>\n<meta property=\"article:modified_time\" content=\"2025-09-12T09:06:29+00:00\" \/>\n<meta property=\"og:image\" content=\"https:\/\/estherian.com\/wp-content\/uploads\/hair_transplant_2nd_1920x1080.jpg\" \/>\n\t<meta property=\"og:image:width\" content=\"1920\" \/>\n\t<meta property=\"og:image:height\" content=\"1080\" \/>\n\t<meta property=\"og:image:type\" content=\"image\/jpeg\" \/>\n<meta name=\"twitter:card\" content=\"summary_large_image\" \/>\n<meta name=\"twitter:site\" content=\"@EstherianTr\" \/>\n<meta name=\"twitter:label1\" content=\"Dur\u00e9e de lecture estim\u00e9e\" \/>\n\t<meta name=\"twitter:data1\" content=\"5 minutes\" \/>\n<script type=\"application\/ld+json\" class=\"yoast-schema-graph\">{\"@context\":\"https:\\\/\\\/schema.org\",\"@graph\":[{\"@type\":\"Article\",\"@id\":\"https:\\\/\\\/estherian.com\\\/fr\\\/greffe-de-cheveux\\\/#article\",\"isPartOf\":{\"@id\":\"https:\\\/\\\/estherian.com\\\/fr\\\/greffe-de-cheveux\\\/\"},\"author\":{\"name\":\"ferhatk\",\"@id\":\"https:\\\/\\\/estherian.com\\\/fr\\\/#\\\/schema\\\/person\\\/0b1452799c3700afbfcfd3a0f5e64732\"},\"headline\":\"Greffe de cheveux\",\"datePublished\":\"2024-11-27T04:33:13+00:00\",\"dateModified\":\"2025-09-12T09:06:29+00:00\",\"mainEntityOfPage\":{\"@id\":\"https:\\\/\\\/estherian.com\\\/fr\\\/greffe-de-cheveux\\\/\"},\"wordCount\":688,\"publisher\":{\"@id\":\"https:\\\/\\\/estherian.com\\\/fr\\\/#organization\"},\"image\":{\"@id\":\"https:\\\/\\\/estherian.com\\\/fr\\\/greffe-de-cheveux\\\/#primaryimage\"},\"thumbnailUrl\":\"https:\\\/\\\/estherian.com\\\/wp-content\\\/uploads\\\/hair_transplant_2nd_1920x1080.jpg\",\"inLanguage\":\"fr-FR\"},{\"@type\":\"WebPage\",\"@id\":\"https:\\\/\\\/estherian.com\\\/fr\\\/greffe-de-cheveux\\\/\",\"url\":\"https:\\\/\\\/estherian.com\\\/fr\\\/greffe-de-cheveux\\\/\",\"name\":\"Greffe de cheveux | Estherian Clinic\",\"isPartOf\":{\"@id\":\"https:\\\/\\\/estherian.com\\\/fr\\\/#website\"},\"primaryImageOfPage\":{\"@id\":\"https:\\\/\\\/estherian.com\\\/fr\\\/greffe-de-cheveux\\\/#primaryimage\"},\"image\":{\"@id\":\"https:\\\/\\\/estherian.com\\\/fr\\\/greffe-de-cheveux\\\/#primaryimage\"},\"thumbnailUrl\":\"https:\\\/\\\/estherian.com\\\/wp-content\\\/uploads\\\/hair_transplant_2nd_1920x1080.jpg\",\"datePublished\":\"2024-11-27T04:33:13+00:00\",\"dateModified\":\"2025-09-12T09:06:29+00:00\",\"breadcrumb\":{\"@id\":\"https:\\\/\\\/estherian.com\\\/fr\\\/greffe-de-cheveux\\\/#breadcrumb\"},\"inLanguage\":\"fr-FR\",\"potentialAction\":[{\"@type\":\"ReadAction\",\"target\":[\"https:\\\/\\\/estherian.com\\\/fr\\\/greffe-de-cheveux\\\/\"]}]},{\"@type\":\"ImageObject\",\"inLanguage\":\"fr-FR\",\"@id\":\"https:\\\/\\\/estherian.com\\\/fr\\\/greffe-de-cheveux\\\/#primaryimage\",\"url\":\"https:\\\/\\\/estherian.com\\\/wp-content\\\/uploads\\\/hair_transplant_2nd_1920x1080.jpg\",\"contentUrl\":\"https:\\\/\\\/estherian.com\\\/wp-content\\\/uploads\\\/hair_transplant_2nd_1920x1080.jpg\",\"width\":1920,\"height\":1080},{\"@type\":\"BreadcrumbList\",\"@id\":\"https:\\\/\\\/estherian.com\\\/fr\\\/greffe-de-cheveux\\\/#breadcrumb\",\"itemListElement\":[{\"@type\":\"ListItem\",\"position\":1,\"name\":\"Home\",\"item\":\"https:\\\/\\\/estherian.com\\\/fr\\\/\"},{\"@type\":\"ListItem\",\"position\":2,\"name\":\"Greffe de cheveux\"}]},{\"@type\":\"WebSite\",\"@id\":\"https:\\\/\\\/estherian.com\\\/fr\\\/#website\",\"url\":\"https:\\\/\\\/estherian.com\\\/fr\\\/\",\"name\":\"Estherian Clinic\",\"description\":\"Plastic Surgery | Dental | Hair Transplant in Turkey\",\"publisher\":{\"@id\":\"https:\\\/\\\/estherian.com\\\/fr\\\/#organization\"},\"potentialAction\":[{\"@type\":\"SearchAction\",\"target\":{\"@type\":\"EntryPoint\",\"urlTemplate\":\"https:\\\/\\\/estherian.com\\\/fr\\\/?s={search_term_string}\"},\"query-input\":{\"@type\":\"PropertyValueSpecification\",\"valueRequired\":true,\"valueName\":\"search_term_string\"}}],\"inLanguage\":\"fr-FR\"},{\"@type\":\"Organization\",\"@id\":\"https:\\\/\\\/estherian.com\\\/fr\\\/#organization\",\"name\":\"Estherian Clinic\",\"alternateName\":\"Estherian\",\"url\":\"https:\\\/\\\/estherian.com\\\/fr\\\/\",\"logo\":{\"@type\":\"ImageObject\",\"inLanguage\":\"fr-FR\",\"@id\":\"https:\\\/\\\/estherian.com\\\/fr\\\/#\\\/schema\\\/logo\\\/image\\\/\",\"url\":\"https:\\\/\\\/estherian.com\\\/wp-content\\\/uploads\\\/2024\\\/10\\\/EstherianLogo.png\",\"contentUrl\":\"https:\\\/\\\/estherian.com\\\/wp-content\\\/uploads\\\/2024\\\/10\\\/EstherianLogo.png\",\"width\":882,\"height\":934,\"caption\":\"Estherian Clinic\"},\"image\":{\"@id\":\"https:\\\/\\\/estherian.com\\\/fr\\\/#\\\/schema\\\/logo\\\/image\\\/\"},\"sameAs\":[\"https:\\\/\\\/www.facebook.com\\\/estherianclinic.en\",\"https:\\\/\\\/x.com\\\/EstherianTr\",\"https:\\\/\\\/www.instagram.com\\\/estherianclinic\\\/\",\"https:\\\/\\\/www.tiktok.com\\\/@estherian.clinic\",\"https:\\\/\\\/www.youtube.com\\\/estherianclinic\"],\"email\":\"hi@estherian.com\",\"telephone\":\"+90-544-169-9000\",\"legalName\":\"ESTHERIAN CLINIC SA\u011eLIK H\u0130ZMETLER\u0130 SAN. T\u0130C. LTD. \u015eT\u0130.\",\"foundingDate\":\"2020-03-09\",\"vatID\":\"TR1601485625\",\"taxID\":\"1601485625\",\"numberOfEmployees\":{\"@type\":\"QuantitativeValue\",\"minValue\":\"51\",\"maxValue\":\"200\"},\"publishingPrinciples\":\"https:\\\/\\\/estherian.com\\\/tr\\\/sartlar-ve-kosullar\\\/\",\"actionableFeedbackPolicy\":\"https:\\\/\\\/estherian.com\\\/tr\\\/gizlilik-politikasi\\\/\",\"correctionsPolicy\":\"https:\\\/\\\/estherian.com\\\/tr\\\/gizlilik-politikasi\\\/\",\"ethicsPolicy\":\"https:\\\/\\\/estherian.com\\\/tr\\\/gizlilik-politikasi\\\/\",\"diversityPolicy\":\"https:\\\/\\\/estherian.com\\\/tr\\\/gizlilik-politikasi\\\/\",\"diversityStaffingReport\":\"https:\\\/\\\/estherian.com\\\/tr\\\/gizlilik-politikasi\\\/\"},{\"@type\":\"Person\",\"@id\":\"https:\\\/\\\/estherian.com\\\/fr\\\/#\\\/schema\\\/person\\\/0b1452799c3700afbfcfd3a0f5e64732\",\"name\":\"ferhatk\",\"image\":{\"@type\":\"ImageObject\",\"inLanguage\":\"fr-FR\",\"@id\":\"https:\\\/\\\/secure.gravatar.com\\\/avatar\\\/5192156a410fa37c70ea8d4f0d01782533c470a75971ae114e5cd116be51ca05?s=96&d=mm&r=g\",\"url\":\"https:\\\/\\\/secure.gravatar.com\\\/avatar\\\/5192156a410fa37c70ea8d4f0d01782533c470a75971ae114e5cd116be51ca05?s=96&d=mm&r=g\",\"contentUrl\":\"https:\\\/\\\/secure.gravatar.com\\\/avatar\\\/5192156a410fa37c70ea8d4f0d01782533c470a75971ae114e5cd116be51ca05?s=96&d=mm&r=g\",\"caption\":\"ferhatk\"},\"sameAs\":[\"https:\\\/\\\/v2.estherian.com\"]}]}<\/script>\n<!-- \/ Yoast SEO Premium plugin. -->","yoast_head_json":{"title":"Greffe de cheveux | Estherian Clinic","robots":{"index":"index","follow":"follow","max-snippet":"max-snippet:-1","max-image-preview":"max-image-preview:large","max-video-preview":"max-video-preview:-1"},"canonical":"https:\/\/estherian.com\/fr\/greffe-de-cheveux\/","og_locale":"fr_FR","og_type":"article","og_title":"Greffe de cheveux","og_description":"Looks better with Estherian Clinic. Plastic Surgery, Dental treatments and more beautiful services!","og_url":"https:\/\/estherian.com\/fr\/greffe-de-cheveux\/","og_site_name":"Estherian Clinic","article_publisher":"https:\/\/www.facebook.com\/estherianclinic.en","article_modified_time":"2025-09-12T09:06:29+00:00","og_image":[{"width":1920,"height":1080,"url":"https:\/\/estherian.com\/wp-content\/uploads\/hair_transplant_2nd_1920x1080.jpg","type":"image\/jpeg"}],"twitter_card":"summary_large_image","twitter_site":"@EstherianTr","twitter_misc":{"Dur\u00e9e de lecture estim\u00e9e":"5 minutes"},"schema":{"@context":"https:\/\/schema.org","@graph":[{"@type":"Article","@id":"https:\/\/estherian.com\/fr\/greffe-de-cheveux\/#article","isPartOf":{"@id":"https:\/\/estherian.com\/fr\/greffe-de-cheveux\/"},"author":{"name":"ferhatk","@id":"https:\/\/estherian.com\/fr\/#\/schema\/person\/0b1452799c3700afbfcfd3a0f5e64732"},"headline":"Greffe de cheveux","datePublished":"2024-11-27T04:33:13+00:00","dateModified":"2025-09-12T09:06:29+00:00","mainEntityOfPage":{"@id":"https:\/\/estherian.com\/fr\/greffe-de-cheveux\/"},"wordCount":688,"publisher":{"@id":"https:\/\/estherian.com\/fr\/#organization"},"image":{"@id":"https:\/\/estherian.com\/fr\/greffe-de-cheveux\/#primaryimage"},"thumbnailUrl":"https:\/\/estherian.com\/wp-content\/uploads\/hair_transplant_2nd_1920x1080.jpg","inLanguage":"fr-FR"},{"@type":"WebPage","@id":"https:\/\/estherian.com\/fr\/greffe-de-cheveux\/","url":"https:\/\/estherian.com\/fr\/greffe-de-cheveux\/","name":"Greffe de cheveux | Estherian Clinic","isPartOf":{"@id":"https:\/\/estherian.com\/fr\/#website"},"primaryImageOfPage":{"@id":"https:\/\/estherian.com\/fr\/greffe-de-cheveux\/#primaryimage"},"image":{"@id":"https:\/\/estherian.com\/fr\/greffe-de-cheveux\/#primaryimage"},"thumbnailUrl":"https:\/\/estherian.com\/wp-content\/uploads\/hair_transplant_2nd_1920x1080.jpg","datePublished":"2024-11-27T04:33:13+00:00","dateModified":"2025-09-12T09:06:29+00:00","breadcrumb":{"@id":"https:\/\/estherian.com\/fr\/greffe-de-cheveux\/#breadcrumb"},"inLanguage":"fr-FR","potentialAction":[{"@type":"ReadAction","target":["https:\/\/estherian.com\/fr\/greffe-de-cheveux\/"]}]},{"@type":"ImageObject","inLanguage":"fr-FR","@id":"https:\/\/estherian.com\/fr\/greffe-de-cheveux\/#primaryimage","url":"https:\/\/estherian.com\/wp-content\/uploads\/hair_transplant_2nd_1920x1080.jpg","contentUrl":"https:\/\/estherian.com\/wp-content\/uploads\/hair_transplant_2nd_1920x1080.jpg","width":1920,"height":1080},{"@type":"BreadcrumbList","@id":"https:\/\/estherian.com\/fr\/greffe-de-cheveux\/#breadcrumb","itemListElement":[{"@type":"ListItem","position":1,"name":"Home","item":"https:\/\/estherian.com\/fr\/"},{"@type":"ListItem","position":2,"name":"Greffe de cheveux"}]},{"@type":"WebSite","@id":"https:\/\/estherian.com\/fr\/#website","url":"https:\/\/estherian.com\/fr\/","name":"Estherian Clinic","description":"Plastic Surgery | Dental | Hair Transplant in Turkey","publisher":{"@id":"https:\/\/estherian.com\/fr\/#organization"},"potentialAction":[{"@type":"SearchAction","target":{"@type":"EntryPoint","urlTemplate":"https:\/\/estherian.com\/fr\/?s={search_term_string}"},"query-input":{"@type":"PropertyValueSpecification","valueRequired":true,"valueName":"search_term_string"}}],"inLanguage":"fr-FR"},{"@type":"Organization","@id":"https:\/\/estherian.com\/fr\/#organization","name":"Estherian Clinic","alternateName":"Estherian","url":"https:\/\/estherian.com\/fr\/","logo":{"@type":"ImageObject","inLanguage":"fr-FR","@id":"https:\/\/estherian.com\/fr\/#\/schema\/logo\/image\/","url":"https:\/\/estherian.com\/wp-content\/uploads\/2024\/10\/EstherianLogo.png","contentUrl":"https:\/\/estherian.com\/wp-content\/uploads\/2024\/10\/EstherianLogo.png","width":882,"height":934,"caption":"Estherian Clinic"},"image":{"@id":"https:\/\/estherian.com\/fr\/#\/schema\/logo\/image\/"},"sameAs":["https:\/\/www.facebook.com\/estherianclinic.en","https:\/\/x.com\/EstherianTr","https:\/\/www.instagram.com\/estherianclinic\/","https:\/\/www.tiktok.com\/@estherian.clinic","https:\/\/www.youtube.com\/estherianclinic"],"email":"hi@estherian.com","telephone":"+90-544-169-9000","legalName":"ESTHERIAN CLINIC SA\u011eLIK H\u0130ZMETLER\u0130 SAN. T\u0130C. LTD. \u015eT\u0130.","foundingDate":"2020-03-09","vatID":"TR1601485625","taxID":"1601485625","numberOfEmployees":{"@type":"QuantitativeValue","minValue":"51","maxValue":"200"},"publishingPrinciples":"https:\/\/estherian.com\/tr\/sartlar-ve-kosullar\/","actionableFeedbackPolicy":"https:\/\/estherian.com\/tr\/gizlilik-politikasi\/","correctionsPolicy":"https:\/\/estherian.com\/tr\/gizlilik-politikasi\/","ethicsPolicy":"https:\/\/estherian.com\/tr\/gizlilik-politikasi\/","diversityPolicy":"https:\/\/estherian.com\/tr\/gizlilik-politikasi\/","diversityStaffingReport":"https:\/\/estherian.com\/tr\/gizlilik-politikasi\/"},{"@type":"Person","@id":"https:\/\/estherian.com\/fr\/#\/schema\/person\/0b1452799c3700afbfcfd3a0f5e64732","name":"ferhatk","image":{"@type":"ImageObject","inLanguage":"fr-FR","@id":"https:\/\/secure.gravatar.com\/avatar\/5192156a410fa37c70ea8d4f0d01782533c470a75971ae114e5cd116be51ca05?s=96&d=mm&r=g","url":"https:\/\/secure.gravatar.com\/avatar\/5192156a410fa37c70ea8d4f0d01782533c470a75971ae114e5cd116be51ca05?s=96&d=mm&r=g","contentUrl":"https:\/\/secure.gravatar.com\/avatar\/5192156a410fa37c70ea8d4f0d01782533c470a75971ae114e5cd116be51ca05?s=96&d=mm&r=g","caption":"ferhatk"},"sameAs":["https:\/\/v2.estherian.com"]}]}},"_links":{"self":[{"href":"https:\/\/estherian.com\/fr\/wp-json\/wp\/v2\/pages\/22325","targetHints":{"allow":["GET"]}}],"collection":[{"href":"https:\/\/estherian.com\/fr\/wp-json\/wp\/v2\/pages"}],"about":[{"href":"https:\/\/estherian.com\/fr\/wp-json\/wp\/v2\/types\/page"}],"author":[{"embeddable":true,"href":"https:\/\/estherian.com\/fr\/wp-json\/wp\/v2\/users\/1"}],"replies":[{"embeddable":true,"href":"https:\/\/estherian.com\/fr\/wp-json\/wp\/v2\/comments?post=22325"}],"version-history":[{"count":0,"href":"https:\/\/estherian.com\/fr\/wp-json\/wp\/v2\/pages\/22325\/revisions"}],"wp:featuredmedia":[{"embeddable":true,"href":"https:\/\/estherian.com\/fr\/wp-json\/wp\/v2\/media\/26714"}],"wp:attachment":[{"href":"https:\/\/estherian.com\/fr\/wp-json\/wp\/v2\/media?parent=22325"}],"curies":[{"name":"wp","href":"https:\/\/api.w.org\/{rel}","templated":true}]}}