{"id":22330,"date":"2024-11-27T08:27:29","date_gmt":"2024-11-27T05:27:29","guid":{"rendered":"https:\/\/v2.estherian.com\/?page_id=22330"},"modified":"2024-12-30T08:02:29","modified_gmt":"2024-12-30T08:02:29","slug":"greffe-de-barbe","status":"publish","type":"page","link":"https:\/\/estherian.com\/fr\/greffe-de-barbe\/","title":{"rendered":"Greffe De Barbe"},"content":{"rendered":"\n<p>Qu&rsquo;est-ce que la greffe de barbe ?<\/p>\n\n\n\n<p>Les cheveux sont pr\u00e9lev\u00e9s sur une partie du corps et implant\u00e9s au niveau de la m\u00e2choire, \u00e0 l&rsquo;endroit o\u00f9 vous souhaitez faire pousser votre barbe. C&rsquo;est assez simple, mais c&rsquo;est un processus compliqu\u00e9.<\/p>\n\n\n\n<div class=\"wp-block-columns is-layout-flex wp-container-core-columns-is-layout-9d6595d7 wp-block-columns-is-layout-flex\">\n<div class=\"wp-block-column is-layout-flow wp-block-column-is-layout-flow\">\n<h2 class=\"wp-block-heading\">Techniques de greffe de barbe<\/h2>\n\n\n\n<h3 class=\"wp-block-heading\">FUE Technique<\/h3>\n\n\n\n<p>L&rsquo;extraction d&rsquo;unit\u00e9s folliculaires (FUE) est un type de greffe de cheveux qui consiste \u00e0 extraire les follicules pileux sains et durables des parties du cuir chevelu o\u00f9 ils poussent et \u00e0 les d\u00e9placer vers une autre partie o\u00f9 les cheveux sont plus fins ou absents.Le chirurgien implante ces follicules dans des canaux ou des incisions pr\u00e9alablement ouverts dans le cuir chevelu. Cette technique ne laisse aucune cicatrice visible lors de l&rsquo;extraction et de la transplantation.<\/p>\n\n\n\n<h3 class=\"wp-block-heading\">Technique DHI<\/h3>\n\n\n\n<p>La m\u00e9thode DHI diff\u00e8re de la technique FUE. Elle peut \u00eatre r\u00e9alis\u00e9e sans raser le cr\u00e2ne, seule la zone donneuse sera taill\u00e9e pour le processus d&rsquo;extraction, gr\u00e2ce \u00e0 l&rsquo;utilisation de l&rsquo;outil micro-moteur et, deuxi\u00e8mement, l&rsquo;implantation, avec les stylos Choi utilis\u00e9s pour implanter chaque greffon directement sans cr\u00e9ation pr\u00e9alable de canolas pour contr\u00f4ler l&rsquo;angle de la direction de chaque greffon.Les stylos Choi sont plus pr\u00e9cis et existent en diff\u00e9rentes tailles pour un aspect plus naturel. La densit\u00e9 capillaire est calcul\u00e9e en comptant les cheveux qui poussent dans chaque centim\u00e8tre carr\u00e9 du cuir chevelu.Cette technique permet \u00e9galement d&rsquo;acc\u00e9l\u00e9rer le temps de cicatrisation, qui est minime par rapport \u00e0 toute autre technique.<\/p>\n<\/div>\n\n\n\n<div class=\"wp-block-column is-layout-flow wp-block-column-is-layout-flow\">\n<figure class=\"wp-block-image size-full\"><img decoding=\"async\" src=\"https:\/\/estherian.com\/wp-content\/uploads\/beard-transplant-1-1.png\" alt=\"\" class=\"wp-image-23289\" title=\"beard-transplant\"\/><\/figure>\n<\/div>\n<\/div>\n\n\n\n<div class=\"wp-block-columns is-layout-flex wp-container-core-columns-is-layout-9d6595d7 wp-block-columns-is-layout-flex\">\n<div class=\"wp-block-column is-layout-flow wp-block-column-is-layout-flow\">\n<figure class=\"wp-block-image size-full\"><img decoding=\"async\" src=\"https:\/\/estherian.com\/wp-content\/uploads\/beard-transplant-men-1.png\" alt=\"beard transplant in turkey\" class=\"wp-image-23285\" title=\"beard-transplant-men\"\/><\/figure>\n<\/div>\n\n\n\n<div class=\"wp-block-column is-layout-flow wp-block-column-is-layout-flow\">\n<h2 class=\"wp-block-heading\">Comment se d\u00e9roule l&rsquo;op\u00e9ration de transplantation de barbe et de moustache ?<\/h2>\n\n\n\n<h3 class=\"wp-block-heading\">AVANT L&rsquo;OP\u00c9RATION<\/h3>\n\n\n\n<p>Le m\u00e9decin examine le patient pour d\u00e9terminer s&rsquo;il est apte \u00e0 subir l&rsquo;op\u00e9ration.<\/p>\n\n\n\n<p>Le m\u00e9decin a besoin de voir la croissance naturelle de votre barbe, vous ne devez donc pas vous raser avant l&rsquo;examen.<\/p>\n\n\n\n<p>En suivant scrupuleusement les instructions de votre m\u00e9decin, vous obtiendrez les meilleurs r\u00e9sultats.<\/p>\n\n\n\n<h3 class=\"wp-block-heading\">PENDANT LE FONCTIONNEMENT<\/h3>\n\n\n\n<p>La proc\u00e9dure chirurgicale pour la transplantation de barbe est similaire \u00e0 la proc\u00e9dure chirurgicale pour la transplantation de cheveux en termes de techniques utilis\u00e9es.<\/p>\n\n\n\n<p>Le chirurgien sp\u00e9cialis\u00e9 d\u00e9termine la m\u00e9thode appropri\u00e9e.<\/p>\n\n\n\n<h3 class=\"wp-block-heading\">APR\u00c8S L&rsquo;OP\u00c9RATION<\/h3>\n\n\n\n<p>Le suivi m\u00e9ticuleux et attentif des instructions du chirurgien par le patient lui donne la possibilit\u00e9 d&rsquo;obtenir le r\u00e9sultat souhait\u00e9 de la transplantation de barbe.<\/p>\n<\/div>\n<\/div>\n\n\n\n<h2 class=\"wp-block-heading\">FAQ sur la greffe de barbe<\/h2>\n\n\n\n<h3 class=\"wp-block-heading\">La greffe de barbe est-elle permanente ?<\/h3>\n\n\n\n<p>Les greffes de barbe sont consid\u00e9r\u00e9es comme permanentes car les follicules pileux transplant\u00e9s continuent \u00e0 pousser dans la nouvelle zone pendant toute la vie.<\/p>\n\n\n\n<h3 class=\"wp-block-heading\">Une greffe de barbe a-t-elle l&rsquo;air naturelle ?<\/h3>\n\n\n\n<p>Les techniques modernes telles que DHI et FUE garantissent un aspect naturel en pla\u00e7ant soigneusement chaque follicule \u00e0 l&rsquo;angle et \u00e0 la densit\u00e9 appropri\u00e9s.<\/p>\n\n\n\n<h3 class=\"wp-block-heading\">Quel est le temps de r\u00e9cup\u00e9ration pour une greffe de barbe ?<\/h3>\n\n\n\n<p>La plupart des patients peuvent reprendre leurs activit\u00e9s normales au bout de 2 \u00e0 3 jours, mais une rougeur et un gonflement mineurs de la zone trait\u00e9e peuvent prendre jusqu&rsquo;\u00e0 une semaine pour dispara\u00eetre.<\/p>\n\n\n\n<h3 class=\"wp-block-heading\"><br>Puis-je choisir la forme de ma barbe ?<\/h3>\n\n\n\n<p>Oui, le chirurgien travaille avec vous pour concevoir la forme de barbe souhait\u00e9e, en l&rsquo;adaptant \u00e0 votre visage et \u00e0 vos pr\u00e9f\u00e9rences.<\/p>\n\n\n\n<h3 class=\"wp-block-heading\">La greffe de barbe peut-elle \u00eatre combin\u00e9e \u00e0 d&rsquo;autres interventions ?<\/h3>\n\n\n\n<p>Oui, une greffe de barbe peut \u00eatre combin\u00e9e \u00e0 d&rsquo;autres proc\u00e9dures telles que la greffe de cheveux pour une restauration compl\u00e8te de la pilosit\u00e9 faciale.<\/p>\n\n\n\n<p><br><\/p>\n","protected":false},"excerpt":{"rendered":"<p>Qu&rsquo;est-ce que la greffe de barbe ? Les cheveux sont pr\u00e9lev\u00e9s sur une partie du corps et implant\u00e9s au niveau de la m\u00e2choire, \u00e0 l&rsquo;endroit o\u00f9 vous souhaitez faire pousser votre barbe. C&rsquo;est assez simple, mais c&rsquo;est un processus compliqu\u00e9. Techniques de greffe de barbe FUE Technique L&rsquo;extraction d&rsquo;unit\u00e9s folliculaires (FUE) est un type de&hellip;<\/p>\n","protected":false},"author":1,"featured_media":26622,"parent":0,"menu_order":10,"comment_status":"closed","ping_status":"closed","template":"","meta":{"footnotes":""},"class_list":["post-22330","page","type-page","status-publish","has-post-thumbnail","hentry","description-off"],"yoast_head":"<!-- This site is optimized with the Yoast SEO Premium plugin v27.3 (Yoast SEO v27.3) - https:\/\/yoast.com\/product\/yoast-seo-premium-wordpress\/ -->\n<title>Greffe De Barbe | Estherian Clinic<\/title>\n<meta name=\"robots\" content=\"index, follow, max-snippet:-1, max-image-preview:large, max-video-preview:-1\" \/>\n<link rel=\"canonical\" href=\"https:\/\/estherian.com\/fr\/greffe-de-barbe\/\" \/>\n<meta property=\"og:locale\" content=\"fr_FR\" \/>\n<meta property=\"og:type\" content=\"article\" \/>\n<meta property=\"og:title\" content=\"Greffe De Barbe\" \/>\n<meta property=\"og:description\" content=\"Looks better with Estherian Clinic. Plastic Surgery, Dental treatments and more beautiful services!\" \/>\n<meta property=\"og:url\" content=\"https:\/\/estherian.com\/fr\/greffe-de-barbe\/\" \/>\n<meta property=\"og:site_name\" content=\"Estherian Clinic\" \/>\n<meta property=\"article:publisher\" content=\"https:\/\/www.facebook.com\/estherianclinic.en\" \/>\n<meta property=\"article:modified_time\" content=\"2024-12-30T08:02:29+00:00\" \/>\n<meta property=\"og:image\" content=\"https:\/\/estherian.com\/wp-content\/uploads\/edchole-1-1.jpg\" \/>\n\t<meta property=\"og:image:width\" content=\"1920\" \/>\n\t<meta property=\"og:image:height\" content=\"1080\" \/>\n\t<meta property=\"og:image:type\" content=\"image\/jpeg\" \/>\n<meta name=\"twitter:card\" content=\"summary_large_image\" \/>\n<meta name=\"twitter:site\" content=\"@EstherianTr\" \/>\n<meta name=\"twitter:label1\" content=\"Dur\u00e9e de lecture estim\u00e9e\" \/>\n\t<meta name=\"twitter:data1\" content=\"3 minutes\" \/>\n<script type=\"application\/ld+json\" class=\"yoast-schema-graph\">{\"@context\":\"https:\\\/\\\/schema.org\",\"@graph\":[{\"@type\":\"Article\",\"@id\":\"https:\\\/\\\/estherian.com\\\/fr\\\/greffe-de-barbe\\\/#article\",\"isPartOf\":{\"@id\":\"https:\\\/\\\/estherian.com\\\/fr\\\/greffe-de-barbe\\\/\"},\"author\":{\"name\":\"ferhatk\",\"@id\":\"https:\\\/\\\/estherian.com\\\/fr\\\/#\\\/schema\\\/person\\\/0b1452799c3700afbfcfd3a0f5e64732\"},\"headline\":\"Greffe De Barbe\",\"datePublished\":\"2024-11-27T05:27:29+00:00\",\"dateModified\":\"2024-12-30T08:02:29+00:00\",\"mainEntityOfPage\":{\"@id\":\"https:\\\/\\\/estherian.com\\\/fr\\\/greffe-de-barbe\\\/\"},\"wordCount\":605,\"publisher\":{\"@id\":\"https:\\\/\\\/estherian.com\\\/fr\\\/#organization\"},\"image\":{\"@id\":\"https:\\\/\\\/estherian.com\\\/fr\\\/greffe-de-barbe\\\/#primaryimage\"},\"thumbnailUrl\":\"https:\\\/\\\/estherian.com\\\/wp-content\\\/uploads\\\/beard_transplant_in_turkey_1920x1080.jpg\",\"inLanguage\":\"fr-FR\"},{\"@type\":\"WebPage\",\"@id\":\"https:\\\/\\\/estherian.com\\\/fr\\\/greffe-de-barbe\\\/\",\"url\":\"https:\\\/\\\/estherian.com\\\/fr\\\/greffe-de-barbe\\\/\",\"name\":\"Greffe De Barbe | Estherian Clinic\",\"isPartOf\":{\"@id\":\"https:\\\/\\\/estherian.com\\\/fr\\\/#website\"},\"primaryImageOfPage\":{\"@id\":\"https:\\\/\\\/estherian.com\\\/fr\\\/greffe-de-barbe\\\/#primaryimage\"},\"image\":{\"@id\":\"https:\\\/\\\/estherian.com\\\/fr\\\/greffe-de-barbe\\\/#primaryimage\"},\"thumbnailUrl\":\"https:\\\/\\\/estherian.com\\\/wp-content\\\/uploads\\\/beard_transplant_in_turkey_1920x1080.jpg\",\"datePublished\":\"2024-11-27T05:27:29+00:00\",\"dateModified\":\"2024-12-30T08:02:29+00:00\",\"breadcrumb\":{\"@id\":\"https:\\\/\\\/estherian.com\\\/fr\\\/greffe-de-barbe\\\/#breadcrumb\"},\"inLanguage\":\"fr-FR\",\"potentialAction\":[{\"@type\":\"ReadAction\",\"target\":[\"https:\\\/\\\/estherian.com\\\/fr\\\/greffe-de-barbe\\\/\"]}]},{\"@type\":\"ImageObject\",\"inLanguage\":\"fr-FR\",\"@id\":\"https:\\\/\\\/estherian.com\\\/fr\\\/greffe-de-barbe\\\/#primaryimage\",\"url\":\"https:\\\/\\\/estherian.com\\\/wp-content\\\/uploads\\\/beard_transplant_in_turkey_1920x1080.jpg\",\"contentUrl\":\"https:\\\/\\\/estherian.com\\\/wp-content\\\/uploads\\\/beard_transplant_in_turkey_1920x1080.jpg\",\"width\":1920,\"height\":1080},{\"@type\":\"BreadcrumbList\",\"@id\":\"https:\\\/\\\/estherian.com\\\/fr\\\/greffe-de-barbe\\\/#breadcrumb\",\"itemListElement\":[{\"@type\":\"ListItem\",\"position\":1,\"name\":\"Home\",\"item\":\"https:\\\/\\\/estherian.com\\\/fr\\\/\"},{\"@type\":\"ListItem\",\"position\":2,\"name\":\"Greffe De Barbe\"}]},{\"@type\":\"WebSite\",\"@id\":\"https:\\\/\\\/estherian.com\\\/fr\\\/#website\",\"url\":\"https:\\\/\\\/estherian.com\\\/fr\\\/\",\"name\":\"Estherian Clinic\",\"description\":\"Plastic Surgery | Dental | Hair Transplant in Turkey\",\"publisher\":{\"@id\":\"https:\\\/\\\/estherian.com\\\/fr\\\/#organization\"},\"potentialAction\":[{\"@type\":\"SearchAction\",\"target\":{\"@type\":\"EntryPoint\",\"urlTemplate\":\"https:\\\/\\\/estherian.com\\\/fr\\\/?s={search_term_string}\"},\"query-input\":{\"@type\":\"PropertyValueSpecification\",\"valueRequired\":true,\"valueName\":\"search_term_string\"}}],\"inLanguage\":\"fr-FR\"},{\"@type\":\"Organization\",\"@id\":\"https:\\\/\\\/estherian.com\\\/fr\\\/#organization\",\"name\":\"Estherian Clinic\",\"alternateName\":\"Estherian\",\"url\":\"https:\\\/\\\/estherian.com\\\/fr\\\/\",\"logo\":{\"@type\":\"ImageObject\",\"inLanguage\":\"fr-FR\",\"@id\":\"https:\\\/\\\/estherian.com\\\/fr\\\/#\\\/schema\\\/logo\\\/image\\\/\",\"url\":\"https:\\\/\\\/estherian.com\\\/wp-content\\\/uploads\\\/2024\\\/10\\\/EstherianLogo.png\",\"contentUrl\":\"https:\\\/\\\/estherian.com\\\/wp-content\\\/uploads\\\/2024\\\/10\\\/EstherianLogo.png\",\"width\":882,\"height\":934,\"caption\":\"Estherian Clinic\"},\"image\":{\"@id\":\"https:\\\/\\\/estherian.com\\\/fr\\\/#\\\/schema\\\/logo\\\/image\\\/\"},\"sameAs\":[\"https:\\\/\\\/www.facebook.com\\\/estherianclinic.en\",\"https:\\\/\\\/x.com\\\/EstherianTr\",\"https:\\\/\\\/www.instagram.com\\\/estherianclinic\\\/\",\"https:\\\/\\\/www.tiktok.com\\\/@estherian.clinic\",\"https:\\\/\\\/www.youtube.com\\\/estherianclinic\"],\"email\":\"hi@estherian.com\",\"telephone\":\"+90-544-169-9000\",\"legalName\":\"ESTHERIAN CLINIC SA\u011eLIK H\u0130ZMETLER\u0130 SAN. T\u0130C. LTD. \u015eT\u0130.\",\"foundingDate\":\"2020-03-09\",\"vatID\":\"TR1601485625\",\"taxID\":\"1601485625\",\"numberOfEmployees\":{\"@type\":\"QuantitativeValue\",\"minValue\":\"51\",\"maxValue\":\"200\"},\"publishingPrinciples\":\"https:\\\/\\\/estherian.com\\\/tr\\\/sartlar-ve-kosullar\\\/\",\"actionableFeedbackPolicy\":\"https:\\\/\\\/estherian.com\\\/tr\\\/gizlilik-politikasi\\\/\",\"correctionsPolicy\":\"https:\\\/\\\/estherian.com\\\/tr\\\/gizlilik-politikasi\\\/\",\"ethicsPolicy\":\"https:\\\/\\\/estherian.com\\\/tr\\\/gizlilik-politikasi\\\/\",\"diversityPolicy\":\"https:\\\/\\\/estherian.com\\\/tr\\\/gizlilik-politikasi\\\/\",\"diversityStaffingReport\":\"https:\\\/\\\/estherian.com\\\/tr\\\/gizlilik-politikasi\\\/\"},{\"@type\":\"Person\",\"@id\":\"https:\\\/\\\/estherian.com\\\/fr\\\/#\\\/schema\\\/person\\\/0b1452799c3700afbfcfd3a0f5e64732\",\"name\":\"ferhatk\",\"image\":{\"@type\":\"ImageObject\",\"inLanguage\":\"fr-FR\",\"@id\":\"https:\\\/\\\/secure.gravatar.com\\\/avatar\\\/5192156a410fa37c70ea8d4f0d01782533c470a75971ae114e5cd116be51ca05?s=96&d=mm&r=g\",\"url\":\"https:\\\/\\\/secure.gravatar.com\\\/avatar\\\/5192156a410fa37c70ea8d4f0d01782533c470a75971ae114e5cd116be51ca05?s=96&d=mm&r=g\",\"contentUrl\":\"https:\\\/\\\/secure.gravatar.com\\\/avatar\\\/5192156a410fa37c70ea8d4f0d01782533c470a75971ae114e5cd116be51ca05?s=96&d=mm&r=g\",\"caption\":\"ferhatk\"},\"sameAs\":[\"https:\\\/\\\/v2.estherian.com\"]}]}<\/script>\n<!-- \/ Yoast SEO Premium plugin. -->","yoast_head_json":{"title":"Greffe De Barbe | Estherian Clinic","robots":{"index":"index","follow":"follow","max-snippet":"max-snippet:-1","max-image-preview":"max-image-preview:large","max-video-preview":"max-video-preview:-1"},"canonical":"https:\/\/estherian.com\/fr\/greffe-de-barbe\/","og_locale":"fr_FR","og_type":"article","og_title":"Greffe De Barbe","og_description":"Looks better with Estherian Clinic. Plastic Surgery, Dental treatments and more beautiful services!","og_url":"https:\/\/estherian.com\/fr\/greffe-de-barbe\/","og_site_name":"Estherian Clinic","article_publisher":"https:\/\/www.facebook.com\/estherianclinic.en","article_modified_time":"2024-12-30T08:02:29+00:00","og_image":[{"width":1920,"height":1080,"url":"https:\/\/estherian.com\/wp-content\/uploads\/edchole-1-1.jpg","type":"image\/jpeg"}],"twitter_card":"summary_large_image","twitter_site":"@EstherianTr","twitter_misc":{"Dur\u00e9e de lecture estim\u00e9e":"3 minutes"},"schema":{"@context":"https:\/\/schema.org","@graph":[{"@type":"Article","@id":"https:\/\/estherian.com\/fr\/greffe-de-barbe\/#article","isPartOf":{"@id":"https:\/\/estherian.com\/fr\/greffe-de-barbe\/"},"author":{"name":"ferhatk","@id":"https:\/\/estherian.com\/fr\/#\/schema\/person\/0b1452799c3700afbfcfd3a0f5e64732"},"headline":"Greffe De Barbe","datePublished":"2024-11-27T05:27:29+00:00","dateModified":"2024-12-30T08:02:29+00:00","mainEntityOfPage":{"@id":"https:\/\/estherian.com\/fr\/greffe-de-barbe\/"},"wordCount":605,"publisher":{"@id":"https:\/\/estherian.com\/fr\/#organization"},"image":{"@id":"https:\/\/estherian.com\/fr\/greffe-de-barbe\/#primaryimage"},"thumbnailUrl":"https:\/\/estherian.com\/wp-content\/uploads\/beard_transplant_in_turkey_1920x1080.jpg","inLanguage":"fr-FR"},{"@type":"WebPage","@id":"https:\/\/estherian.com\/fr\/greffe-de-barbe\/","url":"https:\/\/estherian.com\/fr\/greffe-de-barbe\/","name":"Greffe De Barbe | Estherian Clinic","isPartOf":{"@id":"https:\/\/estherian.com\/fr\/#website"},"primaryImageOfPage":{"@id":"https:\/\/estherian.com\/fr\/greffe-de-barbe\/#primaryimage"},"image":{"@id":"https:\/\/estherian.com\/fr\/greffe-de-barbe\/#primaryimage"},"thumbnailUrl":"https:\/\/estherian.com\/wp-content\/uploads\/beard_transplant_in_turkey_1920x1080.jpg","datePublished":"2024-11-27T05:27:29+00:00","dateModified":"2024-12-30T08:02:29+00:00","breadcrumb":{"@id":"https:\/\/estherian.com\/fr\/greffe-de-barbe\/#breadcrumb"},"inLanguage":"fr-FR","potentialAction":[{"@type":"ReadAction","target":["https:\/\/estherian.com\/fr\/greffe-de-barbe\/"]}]},{"@type":"ImageObject","inLanguage":"fr-FR","@id":"https:\/\/estherian.com\/fr\/greffe-de-barbe\/#primaryimage","url":"https:\/\/estherian.com\/wp-content\/uploads\/beard_transplant_in_turkey_1920x1080.jpg","contentUrl":"https:\/\/estherian.com\/wp-content\/uploads\/beard_transplant_in_turkey_1920x1080.jpg","width":1920,"height":1080},{"@type":"BreadcrumbList","@id":"https:\/\/estherian.com\/fr\/greffe-de-barbe\/#breadcrumb","itemListElement":[{"@type":"ListItem","position":1,"name":"Home","item":"https:\/\/estherian.com\/fr\/"},{"@type":"ListItem","position":2,"name":"Greffe De Barbe"}]},{"@type":"WebSite","@id":"https:\/\/estherian.com\/fr\/#website","url":"https:\/\/estherian.com\/fr\/","name":"Estherian Clinic","description":"Plastic Surgery | Dental | Hair Transplant in Turkey","publisher":{"@id":"https:\/\/estherian.com\/fr\/#organization"},"potentialAction":[{"@type":"SearchAction","target":{"@type":"EntryPoint","urlTemplate":"https:\/\/estherian.com\/fr\/?s={search_term_string}"},"query-input":{"@type":"PropertyValueSpecification","valueRequired":true,"valueName":"search_term_string"}}],"inLanguage":"fr-FR"},{"@type":"Organization","@id":"https:\/\/estherian.com\/fr\/#organization","name":"Estherian Clinic","alternateName":"Estherian","url":"https:\/\/estherian.com\/fr\/","logo":{"@type":"ImageObject","inLanguage":"fr-FR","@id":"https:\/\/estherian.com\/fr\/#\/schema\/logo\/image\/","url":"https:\/\/estherian.com\/wp-content\/uploads\/2024\/10\/EstherianLogo.png","contentUrl":"https:\/\/estherian.com\/wp-content\/uploads\/2024\/10\/EstherianLogo.png","width":882,"height":934,"caption":"Estherian Clinic"},"image":{"@id":"https:\/\/estherian.com\/fr\/#\/schema\/logo\/image\/"},"sameAs":["https:\/\/www.facebook.com\/estherianclinic.en","https:\/\/x.com\/EstherianTr","https:\/\/www.instagram.com\/estherianclinic\/","https:\/\/www.tiktok.com\/@estherian.clinic","https:\/\/www.youtube.com\/estherianclinic"],"email":"hi@estherian.com","telephone":"+90-544-169-9000","legalName":"ESTHERIAN CLINIC SA\u011eLIK H\u0130ZMETLER\u0130 SAN. T\u0130C. LTD. \u015eT\u0130.","foundingDate":"2020-03-09","vatID":"TR1601485625","taxID":"1601485625","numberOfEmployees":{"@type":"QuantitativeValue","minValue":"51","maxValue":"200"},"publishingPrinciples":"https:\/\/estherian.com\/tr\/sartlar-ve-kosullar\/","actionableFeedbackPolicy":"https:\/\/estherian.com\/tr\/gizlilik-politikasi\/","correctionsPolicy":"https:\/\/estherian.com\/tr\/gizlilik-politikasi\/","ethicsPolicy":"https:\/\/estherian.com\/tr\/gizlilik-politikasi\/","diversityPolicy":"https:\/\/estherian.com\/tr\/gizlilik-politikasi\/","diversityStaffingReport":"https:\/\/estherian.com\/tr\/gizlilik-politikasi\/"},{"@type":"Person","@id":"https:\/\/estherian.com\/fr\/#\/schema\/person\/0b1452799c3700afbfcfd3a0f5e64732","name":"ferhatk","image":{"@type":"ImageObject","inLanguage":"fr-FR","@id":"https:\/\/secure.gravatar.com\/avatar\/5192156a410fa37c70ea8d4f0d01782533c470a75971ae114e5cd116be51ca05?s=96&d=mm&r=g","url":"https:\/\/secure.gravatar.com\/avatar\/5192156a410fa37c70ea8d4f0d01782533c470a75971ae114e5cd116be51ca05?s=96&d=mm&r=g","contentUrl":"https:\/\/secure.gravatar.com\/avatar\/5192156a410fa37c70ea8d4f0d01782533c470a75971ae114e5cd116be51ca05?s=96&d=mm&r=g","caption":"ferhatk"},"sameAs":["https:\/\/v2.estherian.com"]}]}},"_links":{"self":[{"href":"https:\/\/estherian.com\/fr\/wp-json\/wp\/v2\/pages\/22330","targetHints":{"allow":["GET"]}}],"collection":[{"href":"https:\/\/estherian.com\/fr\/wp-json\/wp\/v2\/pages"}],"about":[{"href":"https:\/\/estherian.com\/fr\/wp-json\/wp\/v2\/types\/page"}],"author":[{"embeddable":true,"href":"https:\/\/estherian.com\/fr\/wp-json\/wp\/v2\/users\/1"}],"replies":[{"embeddable":true,"href":"https:\/\/estherian.com\/fr\/wp-json\/wp\/v2\/comments?post=22330"}],"version-history":[{"count":0,"href":"https:\/\/estherian.com\/fr\/wp-json\/wp\/v2\/pages\/22330\/revisions"}],"wp:featuredmedia":[{"embeddable":true,"href":"https:\/\/estherian.com\/fr\/wp-json\/wp\/v2\/media\/26622"}],"wp:attachment":[{"href":"https:\/\/estherian.com\/fr\/wp-json\/wp\/v2\/media?parent=22330"}],"curies":[{"name":"wp","href":"https:\/\/api.w.org\/{rel}","templated":true}]}}