{"id":22341,"date":"2024-11-28T13:38:58","date_gmt":"2024-11-28T10:38:58","guid":{"rendered":"https:\/\/v2.estherian.com\/?page_id=22341"},"modified":"2026-03-12T14:29:07","modified_gmt":"2026-03-12T11:29:07","slug":"gynecomastie","status":"publish","type":"page","link":"https:\/\/estherian.com\/fr\/gynecomastie\/","title":{"rendered":"Gyn\u00e9comastie"},"content":{"rendered":"\n<div class=\"wp-block-estherian-youtube-player\"><div style=\"max-width:850px;width:100%;margin:50px auto\"><div class=\"estherian-youtube-player\" data-video-id=\"BBDwyeT851E\" data-no-lazy=\"1\" style=\"position:relative;cursor:pointer;max-width:100%;overflow:hidden\"><img decoding=\"async\" src=\"https:\/\/estherian.com\/wp-content\/uploads\/2025\/06\/youtube-thumbnail-BBDwyeT851E.jpg\" alt=\"YouTube Thumbnail\" data-no-lazy=\"1\" loading=\"eager\" style=\"width:100%;height:auto;display:block\"\/><div class=\"estherian-youtube-play-button\" style=\"position:absolute;top:50%;left:50%;transform:translate(-50%, -50%);width:68px;height:48px;z-index:5\"><svg xmlns=\"http:\/\/www.w3.org\/2000\/svg\" viewBox=\"0 0 68 48\" style=\"width:100%;height:100%\"><path d=\"M66.52,7.74c-0.78-2.93-2.49-5.41-5.42-6.19C55.79,.13,34,0,34,0S12.21,.13,6.9,1.55 C3.97,2.33,2.27,4.81,1.48,7.74C0.06,13.05,0,24,0,24s0.06,10.95,1.48,16.26c0.78,2.93,2.49,5.41,5.42,6.19 C12.21,47.87,34,48,34,48s21.79-0.13,27.1-1.55c2.93-0.78,4.64-3.26,5.42-6.19C67.94,34.95,68,24,68,24S67.94,13.05,66.52,7.74z\" fill=\"#b3863d\"><\/path><path d=\"M 45,24 27,14 27,34\" fill=\"#fff\"><\/path><\/svg><\/div><\/div><\/div><\/div>\n\n<script type=\"application\/ld+json\">{\"@context\":\"https:\/\/schema.org\",\"@type\":\"VideoObject\",\"name\":\"Gyn\u00e9comastie\",\"description\":\"Gyn\u00e9comastie\",\"embedUrl\":\"https:\/\/www.youtube-nocookie.com\/embed\/BBDwyeT851E\",\"contentUrl\":\"https:\/\/www.youtube.com\/watch?v=BBDwyeT851E\",\"thumbnailUrl\":\"https:\/\/estherian.com\/wp-content\/uploads\/2025\/06\/youtube-thumbnail-BBDwyeT851E.jpg\",\"uploadDate\":\"2024-11-28T13:38:58+03:00\",\"creditText\":\"Estherian Clinic\",\"copyrightNotice\":\"\u00a9 2026 Estherian Clinic\"}<\/script>\n\n\n<div class=\"wp-block-columns is-layout-flex wp-container-core-columns-is-layout-9d6595d7 wp-block-columns-is-layout-flex\">\n<div class=\"wp-block-column is-layout-flow wp-block-column-is-layout-flow\">\n<h2 class=\"wp-block-heading\" id=\"h-qu-est-ce-que-la-chirurgie-de-la-gynecomastie\">Qu&rsquo;est-ce que la chirurgie de la gyn\u00e9comastie ?<\/h2>\n\n\n\n<p>La gyn\u00e9comastie est une augmentation de la taille des seins chez l&rsquo;homme, qui peut survenir \u00e0 tout moment de la vie.<br>Cette condition est souvent caus\u00e9e par des changements hormonaux, la g\u00e9n\u00e9tique, l&rsquo;ob\u00e9sit\u00e9 ou l&rsquo;utilisation de certains m\u00e9dicaments.d<\/p>\n\n\n\n<p>Dans la plupart des cas, l&rsquo;hypertrophie mammaire peut dispara\u00eetre quelques mois ou deux ans apr\u00e8s la pubert\u00e9 gr\u00e2ce \u00e0 des ajustements hormonaux. Toutefois, la chirurgie de la gyn\u00e9comastie permet d&rsquo;\u00e9liminer l&rsquo;exc\u00e8s de peau et de graisse dans le tissu mammaire, cr\u00e9ant ainsi le contour id\u00e9al de la poitrine masculine.<\/p>\n<\/div>\n\n\n\n<div class=\"wp-block-column is-layout-flow wp-block-column-is-layout-flow\">\n<figure class=\"wp-block-image size-full\"><img decoding=\"async\" src=\"https:\/\/estherian.com\/wp-content\/uploads\/gynecomastia-estherian.png\" alt=\"\" class=\"wp-image-23500\" title=\"gynecomastia-estherian\"\/><\/figure>\n<\/div>\n<\/div>\n\n\n\n<h2 class=\"wp-block-heading\" id=\"h-procedure-de-chirurgie-de-la-gynecomastie\">Proc\u00e9dure de chirurgie de la gyn\u00e9comastie<\/h2>\n\n\n\n<div class=\"wp-block-columns is-layout-flex wp-container-core-columns-is-layout-9d6595d7 wp-block-columns-is-layout-flex\">\n<div class=\"wp-block-column is-layout-flow wp-block-column-is-layout-flow\">\n<figure class=\"wp-block-image size-full\"><img decoding=\"async\" src=\"https:\/\/estherian.com\/wp-content\/uploads\/gynecomestia1-01.png\" alt=\"\" class=\"wp-image-23505\" title=\"gynecomestia1-01\"\/><\/figure>\n<\/div>\n\n\n\n<div class=\"wp-block-column is-layout-flow wp-block-column-is-layout-flow\">\n<h3 class=\"wp-block-heading\" id=\"h-avant-l-operation\">Avant l&rsquo;op\u00e9ration<\/h3>\n\n\n\n<p>Avant l&rsquo;intervention, le m\u00e9decin effectue des tests pour s&rsquo;assurer que le patient est apte \u00e0 subir l&rsquo;op\u00e9ration.<br>Dans les cas o\u00f9 la gyn\u00e9comastie est principalement caus\u00e9e par un exc\u00e8s de tissu adipeux, la liposuccion peut \u00eatre utilis\u00e9e comme traitement.L&rsquo;intervention est r\u00e9alis\u00e9e soit par liposuccion, soit par excision.<\/p>\n\n\n\n<p><strong>Le chirurgien vous conseillera d&rsquo;arr\u00eater de prendre tout m\u00e9dicament contenant de l&rsquo;aspirine et d&rsquo;arr\u00eater de fumer si vous \u00eates fumeur.<\/strong><\/p>\n<\/div>\n<\/div>\n\n\n\n<div class=\"wp-block-columns is-layout-flex wp-container-core-columns-is-layout-9d6595d7 wp-block-columns-is-layout-flex\">\n<div class=\"wp-block-column is-layout-flow wp-block-column-is-layout-flow\">\n<figure class=\"wp-block-image size-full\"><img decoding=\"async\" src=\"https:\/\/estherian.com\/wp-content\/uploads\/gynecomestia2-01.png\" alt=\"\" class=\"wp-image-23509\" title=\"gynecomestia2-01\"\/><\/figure>\n<\/div>\n\n\n\n<div class=\"wp-block-column is-layout-flow wp-block-column-is-layout-flow\">\n<h3 class=\"wp-block-heading\" id=\"h-pendant-l-operation\">Pendant l&rsquo;op\u00e9ration<\/h3>\n\n\n\n<p>La proc\u00e9dure est r\u00e9alis\u00e9e sous anesth\u00e9sie.<\/p>\n\n\n\n<p>Le chirurgien retire l&rsquo;exc\u00e8s de graisse et de tissu du sein, en pratiquant de petites incisions et en ins\u00e9rant un tube de liposuccion pour extraire les cellules graisseuses.<\/p>\n\n\n\n<h3 class=\"wp-block-heading\" id=\"h-apres-l-operation\">Apr\u00e8s l&rsquo;op\u00e9ration<\/h3>\n\n\n\n<p>Apr\u00e8s l&rsquo;op\u00e9ration, le patient peut rentrer chez lui imm\u00e9diatement, en portant un bandage de compression pour r\u00e9duire l&rsquo;enflure et soutenir la poitrine.<\/p>\n\n\n\n<p>Les activit\u00e9s quotidiennes peuvent \u00eatre reprises deux semaines apr\u00e8s l&rsquo;op\u00e9ration, mais les activit\u00e9s physiques intenses doivent \u00eatre \u00e9vit\u00e9es pendant six semaines.<br>Les r\u00e9sultats sont imm\u00e9diats et permanents, la poitrine prenant sa nouvelle forme en quelques semaines.<\/p>\n\n\n\n<p>Les cicatrices s&rsquo;estompent avec le temps. Pour conserver des r\u00e9sultats optimaux, les patients doivent maintenir un poids stable et pratiquer une activit\u00e9 physique r\u00e9guli\u00e8re.<\/p>\n<\/div>\n<\/div>\n\n\n\n<div class=\"wp-block-columns is-layout-flex wp-container-core-columns-is-layout-9d6595d7 wp-block-columns-is-layout-flex\">\n<div class=\"wp-block-column is-layout-flow wp-block-column-is-layout-flow\">\n<h2 class=\"wp-block-heading\" id=\"h-qui-est-un-bon-candidat-pour-la-chirurgie-de-la-gynecomastie\">Qui est un bon candidat pour la chirurgie de la gyn\u00e9comastie ?<\/h2>\n\n\n\n<ul class=\"wp-block-list\">\n<li>Les hommes qui se sentent g\u00ean\u00e9s d&rsquo;avoir des seins trop volumineux.<\/li>\n\n\n\n<li>Les hommes en bonne sant\u00e9 et ayant un poids relativement normal.<\/li>\n\n\n\n<li>Les hommes qui ont des attentes r\u00e9alistes.<\/li>\n\n\n\n<li>Les non-fumeurs.<\/li>\n<\/ul>\n\n\n\n<h2 class=\"wp-block-heading\" id=\"h-risks-of-gynecomastia-surgery\">Risks of Gynecomastia Surgery<\/h2>\n\n\n\n<p>Comme pour toute intervention chirurgicale, il existe des risques :<\/p>\n\n\n\n<ul class=\"wp-block-list\">\n<li>Risques li\u00e9s \u00e0 l&rsquo;anesth\u00e9sie<\/li>\n\n\n\n<li>Asym\u00e9trie mammaire<\/li>\n\n\n\n<li>Infection<\/li>\n\n\n\n<li>Douleur persistante<\/li>\n\n\n\n<li>Cicatrice ind\u00e9sirable<\/li>\n\n\n\n<li>Accumulation de liquide (s\u00e9rome)<\/li>\n<\/ul>\n<\/div>\n\n\n\n<div class=\"wp-block-column is-layout-flow wp-block-column-is-layout-flow\">\n<figure class=\"wp-block-image size-full\"><img decoding=\"async\" src=\"https:\/\/estherian.com\/wp-content\/uploads\/gyneco-surgery.png\" alt=\"\" class=\"wp-image-23513\" title=\"gyneco-surgery\"\/><\/figure>\n<\/div>\n<\/div>\n\n\n\n<div class=\"wp-block-columns is-layout-flex wp-container-core-columns-is-layout-9d6595d7 wp-block-columns-is-layout-flex\">\n<div class=\"wp-block-column is-layout-flow wp-block-column-is-layout-flow\">\n<figure class=\"wp-block-image size-full\"><img decoding=\"async\" src=\"https:\/\/estherian.com\/wp-content\/uploads\/portrait-gyn.png\" alt=\"\" class=\"wp-image-23517\" title=\"portrait-gyn\"\/><\/figure>\n<\/div>\n\n\n\n<div class=\"wp-block-column is-layout-flow wp-block-column-is-layout-flow\">\n<h2 class=\"wp-block-heading\" id=\"h-comment-choisir-un-chirurgien-plasticien-pour-une-chirurgie-de-la-gynecomastie\">Comment choisir un chirurgien plasticien pour une chirurgie de la gyn\u00e9comastie ?<\/h2>\n\n\n\n<p>S&rsquo;assurer que le chirurgien a :<\/p>\n\n\n\n<ul class=\"wp-block-list\">\n<li>Au moins six ans d&rsquo;exp\u00e9rience apr\u00e8s l&rsquo;\u00e9cole de m\u00e9decine.<\/li>\n\n\n\n<li>Un dipl\u00f4me d&rsquo;une institution m\u00e9dicale accr\u00e9dit\u00e9e.<\/li>\n<\/ul>\n<\/div>\n<\/div>\n\n\n\n<h2 class=\"wp-block-heading\" id=\"h-combien-coute-la-chirurgie-de-la-gynecomastie\">Combien Co\u00fbte La Chirurgie De La Gyn\u00e9comastie ?<\/h2>\n\n\n\n<p>Les prix de la chirurgie de la gyn\u00e9comastie varient en fonction :<\/p>\n\n\n\n<ul class=\"wp-block-list\">\n<li>La technique utilis\u00e9e<\/li>\n\n\n\n<li>Les zones n\u00e9cessitant un pr\u00e9l\u00e8vement de graisse<\/li>\n\n\n\n<li>Les co\u00fbts peuvent \u00e9galement augmenter en cas de combinaison avec d&rsquo;autres interventions chirurgicales.<\/li>\n<\/ul>\n\n\n\n<h2 class=\"wp-block-heading\" id=\"h-faq-sur-la-chirurgie-de-la-gynecomastie\"><br>FAQ sur la chirurgie de la gyn\u00e9comastie<\/h2>\n\n\n\n<h3 class=\"wp-block-heading\" id=\"h-quelles-sont-les-causes-de-la-gynecomastie\">Quelles sont les causes de la gyn\u00e9comastie ?<\/h3>\n\n\n\n<p>La gyn\u00e9comastie est g\u00e9n\u00e9ralement caus\u00e9e par des d\u00e9s\u00e9quilibres hormonaux, la g\u00e9n\u00e9tique, l&rsquo;ob\u00e9sit\u00e9 ou l&rsquo;utilisation de certains m\u00e9dicaments. Elle peut \u00e9galement survenir naturellement pendant la pubert\u00e9.<\/p>\n\n\n\n<h3 class=\"wp-block-heading\" id=\"h-la-gynecomastie-peut-elle-disparaitre-sans-chirurgie\">La gyn\u00e9comastie peut-elle dispara\u00eetre sans chirurgie ?<\/h3>\n\n\n\n<p>Oui, dans certains cas, en particulier pendant la pubert\u00e9, la gyn\u00e9comastie peut dispara\u00eetre d&rsquo;elle-m\u00eame en quelques mois ou deux ans. Toutefois, les cas persistants n\u00e9cessitent souvent une intervention chirurgicale.<\/p>\n\n\n\n<h3 class=\"wp-block-heading\" id=\"h-combien-de-temps-dure-l-operation\">Combien de temps dure l&rsquo;op\u00e9ration ?<\/h3>\n\n\n\n<p>La chirurgie de la gyn\u00e9comastie dure g\u00e9n\u00e9ralement 1 \u00e0 2 heures, en fonction de la complexit\u00e9 et de la technique utilis\u00e9e.<\/p>\n\n\n\n<h3 class=\"wp-block-heading\" id=\"h-aurai-je-besoin-d-une-anesthesie-generale-pour-l-operation\">Aurai-je besoin d&rsquo;une anesth\u00e9sie g\u00e9n\u00e9rale pour l&rsquo;op\u00e9ration ?<\/h3>\n\n\n\n<p>Oui, la chirurgie de la gyn\u00e9comastie est g\u00e9n\u00e9ralement pratiqu\u00e9e sous anesth\u00e9sie g\u00e9n\u00e9rale afin d&rsquo;assurer le confort et la s\u00e9curit\u00e9 du patient.<\/p>\n\n\n\n<h3 class=\"wp-block-heading\" id=\"h-les-resultats-sont-ils-permanents\">Les r\u00e9sultats sont-ils permanents ?<\/h3>\n\n\n\n<p>Oui, les r\u00e9sultats de la chirurgie de la gyn\u00e9comastie sont permanents. Toutefois, une prise de poids importante, des d\u00e9s\u00e9quilibres hormonaux ou certains m\u00e9dicaments peuvent potentiellement provoquer une nouvelle croissance du tissu mammaire.<\/p>\n\n\n\n<h3 class=\"wp-block-heading\" id=\"h-quel-est-le-delai-de-retablissement\">Quel est le d\u00e9lai de r\u00e9tablissement ?<\/h3>\n\n\n\n<ul class=\"wp-block-list\">\n<li>Premiers jours :Gonflement et l\u00e9g\u00e8re g\u00eane, g\u00e9r\u00e9s par des m\u00e9dicaments.<\/li>\n\n\n\n<li>Deux premi\u00e8res semaines :Reprise des activit\u00e9s quotidiennes, mais \u00e9vitez les efforts physiques intenses.<\/li>\n\n\n\n<li>6 semaines :R\u00e9tablissement complet, y compris la reprise d&rsquo;activit\u00e9s intenses.<\/li>\n<\/ul>\n\n\n\n<p><\/p>\n","protected":false},"excerpt":{"rendered":"<p>Qu&rsquo;est-ce que la chirurgie de la gyn\u00e9comastie ? La gyn\u00e9comastie est une augmentation de la taille des seins chez l&rsquo;homme, qui peut survenir \u00e0 tout moment de la vie.Cette condition est souvent caus\u00e9e par des changements hormonaux, la g\u00e9n\u00e9tique, l&rsquo;ob\u00e9sit\u00e9 ou l&rsquo;utilisation de certains m\u00e9dicaments.d Dans la plupart des cas, l&rsquo;hypertrophie mammaire peut dispara\u00eetre quelques&hellip;<\/p>\n","protected":false},"author":1,"featured_media":27808,"parent":0,"menu_order":10,"comment_status":"closed","ping_status":"closed","template":"","meta":{"footnotes":""},"class_list":["post-22341","page","type-page","status-publish","has-post-thumbnail","hentry","description-off"],"yoast_head":"<!-- This site is optimized with the Yoast SEO Premium plugin v27.3 (Yoast SEO v27.3) - https:\/\/yoast.com\/product\/yoast-seo-premium-wordpress\/ -->\n<title>Gyn\u00e9comastie | Estherian Clinic<\/title>\n<meta name=\"robots\" content=\"index, follow, max-snippet:-1, max-image-preview:large, max-video-preview:-1\" \/>\n<link rel=\"canonical\" href=\"https:\/\/estherian.com\/fr\/gynecomastie\/\" \/>\n<meta property=\"og:locale\" content=\"fr_FR\" \/>\n<meta property=\"og:type\" content=\"article\" \/>\n<meta property=\"og:title\" content=\"Gyn\u00e9comastie\" \/>\n<meta property=\"og:description\" content=\"Looks better with Estherian Clinic. Plastic Surgery, Dental treatments and more beautiful services!\" \/>\n<meta property=\"og:url\" content=\"https:\/\/estherian.com\/fr\/gynecomastie\/\" \/>\n<meta property=\"og:site_name\" content=\"Estherian Clinic\" \/>\n<meta property=\"article:publisher\" content=\"https:\/\/www.facebook.com\/estherianclinic.en\" \/>\n<meta property=\"article:modified_time\" content=\"2026-03-12T11:29:07+00:00\" \/>\n<meta property=\"og:image\" content=\"https:\/\/estherian.com\/wp-content\/uploads\/male_breast_reduction_turkey_1920x1080.jpg\" \/>\n\t<meta property=\"og:image:width\" content=\"1920\" \/>\n\t<meta property=\"og:image:height\" content=\"1080\" \/>\n\t<meta property=\"og:image:type\" content=\"image\/jpeg\" \/>\n<meta name=\"twitter:card\" content=\"summary_large_image\" \/>\n<meta name=\"twitter:site\" content=\"@EstherianTr\" \/>\n<meta name=\"twitter:label1\" content=\"Dur\u00e9e de lecture estim\u00e9e\" \/>\n\t<meta name=\"twitter:data1\" content=\"5 minutes\" \/>\n<script type=\"application\/ld+json\" class=\"yoast-schema-graph\">{\"@context\":\"https:\\\/\\\/schema.org\",\"@graph\":[{\"@type\":\"Article\",\"@id\":\"https:\\\/\\\/estherian.com\\\/fr\\\/gynecomastie\\\/#article\",\"isPartOf\":{\"@id\":\"https:\\\/\\\/estherian.com\\\/fr\\\/gynecomastie\\\/\"},\"author\":{\"name\":\"ferhatk\",\"@id\":\"https:\\\/\\\/estherian.com\\\/fr\\\/#\\\/schema\\\/person\\\/0b1452799c3700afbfcfd3a0f5e64732\"},\"headline\":\"Gyn\u00e9comastie\",\"datePublished\":\"2024-11-28T10:38:58+00:00\",\"dateModified\":\"2026-03-12T11:29:07+00:00\",\"mainEntityOfPage\":{\"@id\":\"https:\\\/\\\/estherian.com\\\/fr\\\/gynecomastie\\\/\"},\"wordCount\":796,\"publisher\":{\"@id\":\"https:\\\/\\\/estherian.com\\\/fr\\\/#organization\"},\"image\":{\"@id\":\"https:\\\/\\\/estherian.com\\\/fr\\\/gynecomastie\\\/#primaryimage\"},\"thumbnailUrl\":\"https:\\\/\\\/estherian.com\\\/wp-content\\\/uploads\\\/male_breast_reduction_turkey_1920x1080.jpg\",\"inLanguage\":\"fr-FR\"},{\"@type\":\"WebPage\",\"@id\":\"https:\\\/\\\/estherian.com\\\/fr\\\/gynecomastie\\\/\",\"url\":\"https:\\\/\\\/estherian.com\\\/fr\\\/gynecomastie\\\/\",\"name\":\"Gyn\u00e9comastie | Estherian Clinic\",\"isPartOf\":{\"@id\":\"https:\\\/\\\/estherian.com\\\/fr\\\/#website\"},\"primaryImageOfPage\":{\"@id\":\"https:\\\/\\\/estherian.com\\\/fr\\\/gynecomastie\\\/#primaryimage\"},\"image\":{\"@id\":\"https:\\\/\\\/estherian.com\\\/fr\\\/gynecomastie\\\/#primaryimage\"},\"thumbnailUrl\":\"https:\\\/\\\/estherian.com\\\/wp-content\\\/uploads\\\/male_breast_reduction_turkey_1920x1080.jpg\",\"datePublished\":\"2024-11-28T10:38:58+00:00\",\"dateModified\":\"2026-03-12T11:29:07+00:00\",\"breadcrumb\":{\"@id\":\"https:\\\/\\\/estherian.com\\\/fr\\\/gynecomastie\\\/#breadcrumb\"},\"inLanguage\":\"fr-FR\",\"potentialAction\":[{\"@type\":\"ReadAction\",\"target\":[\"https:\\\/\\\/estherian.com\\\/fr\\\/gynecomastie\\\/\"]}]},{\"@type\":\"ImageObject\",\"inLanguage\":\"fr-FR\",\"@id\":\"https:\\\/\\\/estherian.com\\\/fr\\\/gynecomastie\\\/#primaryimage\",\"url\":\"https:\\\/\\\/estherian.com\\\/wp-content\\\/uploads\\\/male_breast_reduction_turkey_1920x1080.jpg\",\"contentUrl\":\"https:\\\/\\\/estherian.com\\\/wp-content\\\/uploads\\\/male_breast_reduction_turkey_1920x1080.jpg\",\"width\":1920,\"height\":1080},{\"@type\":\"BreadcrumbList\",\"@id\":\"https:\\\/\\\/estherian.com\\\/fr\\\/gynecomastie\\\/#breadcrumb\",\"itemListElement\":[{\"@type\":\"ListItem\",\"position\":1,\"name\":\"Home\",\"item\":\"https:\\\/\\\/estherian.com\\\/fr\\\/\"},{\"@type\":\"ListItem\",\"position\":2,\"name\":\"Gyn\u00e9comastie\"}]},{\"@type\":\"WebSite\",\"@id\":\"https:\\\/\\\/estherian.com\\\/fr\\\/#website\",\"url\":\"https:\\\/\\\/estherian.com\\\/fr\\\/\",\"name\":\"Estherian Clinic\",\"description\":\"Plastic Surgery | Dental | Hair Transplant in Turkey\",\"publisher\":{\"@id\":\"https:\\\/\\\/estherian.com\\\/fr\\\/#organization\"},\"potentialAction\":[{\"@type\":\"SearchAction\",\"target\":{\"@type\":\"EntryPoint\",\"urlTemplate\":\"https:\\\/\\\/estherian.com\\\/fr\\\/?s={search_term_string}\"},\"query-input\":{\"@type\":\"PropertyValueSpecification\",\"valueRequired\":true,\"valueName\":\"search_term_string\"}}],\"inLanguage\":\"fr-FR\"},{\"@type\":\"Organization\",\"@id\":\"https:\\\/\\\/estherian.com\\\/fr\\\/#organization\",\"name\":\"Estherian Clinic\",\"alternateName\":\"Estherian\",\"url\":\"https:\\\/\\\/estherian.com\\\/fr\\\/\",\"logo\":{\"@type\":\"ImageObject\",\"inLanguage\":\"fr-FR\",\"@id\":\"https:\\\/\\\/estherian.com\\\/fr\\\/#\\\/schema\\\/logo\\\/image\\\/\",\"url\":\"https:\\\/\\\/estherian.com\\\/wp-content\\\/uploads\\\/2024\\\/10\\\/EstherianLogo.png\",\"contentUrl\":\"https:\\\/\\\/estherian.com\\\/wp-content\\\/uploads\\\/2024\\\/10\\\/EstherianLogo.png\",\"width\":882,\"height\":934,\"caption\":\"Estherian Clinic\"},\"image\":{\"@id\":\"https:\\\/\\\/estherian.com\\\/fr\\\/#\\\/schema\\\/logo\\\/image\\\/\"},\"sameAs\":[\"https:\\\/\\\/www.facebook.com\\\/estherianclinic.en\",\"https:\\\/\\\/x.com\\\/EstherianTr\",\"https:\\\/\\\/www.instagram.com\\\/estherianclinic\\\/\",\"https:\\\/\\\/www.tiktok.com\\\/@estherian.clinic\",\"https:\\\/\\\/www.youtube.com\\\/estherianclinic\"],\"email\":\"hi@estherian.com\",\"telephone\":\"+90-544-169-9000\",\"legalName\":\"ESTHERIAN CLINIC SA\u011eLIK H\u0130ZMETLER\u0130 SAN. T\u0130C. LTD. \u015eT\u0130.\",\"foundingDate\":\"2020-03-09\",\"vatID\":\"TR1601485625\",\"taxID\":\"1601485625\",\"numberOfEmployees\":{\"@type\":\"QuantitativeValue\",\"minValue\":\"51\",\"maxValue\":\"200\"},\"publishingPrinciples\":\"https:\\\/\\\/estherian.com\\\/tr\\\/sartlar-ve-kosullar\\\/\",\"actionableFeedbackPolicy\":\"https:\\\/\\\/estherian.com\\\/tr\\\/gizlilik-politikasi\\\/\",\"correctionsPolicy\":\"https:\\\/\\\/estherian.com\\\/tr\\\/gizlilik-politikasi\\\/\",\"ethicsPolicy\":\"https:\\\/\\\/estherian.com\\\/tr\\\/gizlilik-politikasi\\\/\",\"diversityPolicy\":\"https:\\\/\\\/estherian.com\\\/tr\\\/gizlilik-politikasi\\\/\",\"diversityStaffingReport\":\"https:\\\/\\\/estherian.com\\\/tr\\\/gizlilik-politikasi\\\/\"},{\"@type\":\"Person\",\"@id\":\"https:\\\/\\\/estherian.com\\\/fr\\\/#\\\/schema\\\/person\\\/0b1452799c3700afbfcfd3a0f5e64732\",\"name\":\"ferhatk\",\"image\":{\"@type\":\"ImageObject\",\"inLanguage\":\"fr-FR\",\"@id\":\"https:\\\/\\\/secure.gravatar.com\\\/avatar\\\/5192156a410fa37c70ea8d4f0d01782533c470a75971ae114e5cd116be51ca05?s=96&d=mm&r=g\",\"url\":\"https:\\\/\\\/secure.gravatar.com\\\/avatar\\\/5192156a410fa37c70ea8d4f0d01782533c470a75971ae114e5cd116be51ca05?s=96&d=mm&r=g\",\"contentUrl\":\"https:\\\/\\\/secure.gravatar.com\\\/avatar\\\/5192156a410fa37c70ea8d4f0d01782533c470a75971ae114e5cd116be51ca05?s=96&d=mm&r=g\",\"caption\":\"ferhatk\"},\"sameAs\":[\"https:\\\/\\\/v2.estherian.com\"]}]}<\/script>\n<!-- \/ Yoast SEO Premium plugin. -->","yoast_head_json":{"title":"Gyn\u00e9comastie | Estherian Clinic","robots":{"index":"index","follow":"follow","max-snippet":"max-snippet:-1","max-image-preview":"max-image-preview:large","max-video-preview":"max-video-preview:-1"},"canonical":"https:\/\/estherian.com\/fr\/gynecomastie\/","og_locale":"fr_FR","og_type":"article","og_title":"Gyn\u00e9comastie","og_description":"Looks better with Estherian Clinic. Plastic Surgery, Dental treatments and more beautiful services!","og_url":"https:\/\/estherian.com\/fr\/gynecomastie\/","og_site_name":"Estherian Clinic","article_publisher":"https:\/\/www.facebook.com\/estherianclinic.en","article_modified_time":"2026-03-12T11:29:07+00:00","og_image":[{"width":1920,"height":1080,"url":"https:\/\/estherian.com\/wp-content\/uploads\/male_breast_reduction_turkey_1920x1080.jpg","type":"image\/jpeg"}],"twitter_card":"summary_large_image","twitter_site":"@EstherianTr","twitter_misc":{"Dur\u00e9e de lecture estim\u00e9e":"5 minutes"},"schema":{"@context":"https:\/\/schema.org","@graph":[{"@type":"Article","@id":"https:\/\/estherian.com\/fr\/gynecomastie\/#article","isPartOf":{"@id":"https:\/\/estherian.com\/fr\/gynecomastie\/"},"author":{"name":"ferhatk","@id":"https:\/\/estherian.com\/fr\/#\/schema\/person\/0b1452799c3700afbfcfd3a0f5e64732"},"headline":"Gyn\u00e9comastie","datePublished":"2024-11-28T10:38:58+00:00","dateModified":"2026-03-12T11:29:07+00:00","mainEntityOfPage":{"@id":"https:\/\/estherian.com\/fr\/gynecomastie\/"},"wordCount":796,"publisher":{"@id":"https:\/\/estherian.com\/fr\/#organization"},"image":{"@id":"https:\/\/estherian.com\/fr\/gynecomastie\/#primaryimage"},"thumbnailUrl":"https:\/\/estherian.com\/wp-content\/uploads\/male_breast_reduction_turkey_1920x1080.jpg","inLanguage":"fr-FR"},{"@type":"WebPage","@id":"https:\/\/estherian.com\/fr\/gynecomastie\/","url":"https:\/\/estherian.com\/fr\/gynecomastie\/","name":"Gyn\u00e9comastie | Estherian Clinic","isPartOf":{"@id":"https:\/\/estherian.com\/fr\/#website"},"primaryImageOfPage":{"@id":"https:\/\/estherian.com\/fr\/gynecomastie\/#primaryimage"},"image":{"@id":"https:\/\/estherian.com\/fr\/gynecomastie\/#primaryimage"},"thumbnailUrl":"https:\/\/estherian.com\/wp-content\/uploads\/male_breast_reduction_turkey_1920x1080.jpg","datePublished":"2024-11-28T10:38:58+00:00","dateModified":"2026-03-12T11:29:07+00:00","breadcrumb":{"@id":"https:\/\/estherian.com\/fr\/gynecomastie\/#breadcrumb"},"inLanguage":"fr-FR","potentialAction":[{"@type":"ReadAction","target":["https:\/\/estherian.com\/fr\/gynecomastie\/"]}]},{"@type":"ImageObject","inLanguage":"fr-FR","@id":"https:\/\/estherian.com\/fr\/gynecomastie\/#primaryimage","url":"https:\/\/estherian.com\/wp-content\/uploads\/male_breast_reduction_turkey_1920x1080.jpg","contentUrl":"https:\/\/estherian.com\/wp-content\/uploads\/male_breast_reduction_turkey_1920x1080.jpg","width":1920,"height":1080},{"@type":"BreadcrumbList","@id":"https:\/\/estherian.com\/fr\/gynecomastie\/#breadcrumb","itemListElement":[{"@type":"ListItem","position":1,"name":"Home","item":"https:\/\/estherian.com\/fr\/"},{"@type":"ListItem","position":2,"name":"Gyn\u00e9comastie"}]},{"@type":"WebSite","@id":"https:\/\/estherian.com\/fr\/#website","url":"https:\/\/estherian.com\/fr\/","name":"Estherian Clinic","description":"Plastic Surgery | Dental | Hair Transplant in Turkey","publisher":{"@id":"https:\/\/estherian.com\/fr\/#organization"},"potentialAction":[{"@type":"SearchAction","target":{"@type":"EntryPoint","urlTemplate":"https:\/\/estherian.com\/fr\/?s={search_term_string}"},"query-input":{"@type":"PropertyValueSpecification","valueRequired":true,"valueName":"search_term_string"}}],"inLanguage":"fr-FR"},{"@type":"Organization","@id":"https:\/\/estherian.com\/fr\/#organization","name":"Estherian Clinic","alternateName":"Estherian","url":"https:\/\/estherian.com\/fr\/","logo":{"@type":"ImageObject","inLanguage":"fr-FR","@id":"https:\/\/estherian.com\/fr\/#\/schema\/logo\/image\/","url":"https:\/\/estherian.com\/wp-content\/uploads\/2024\/10\/EstherianLogo.png","contentUrl":"https:\/\/estherian.com\/wp-content\/uploads\/2024\/10\/EstherianLogo.png","width":882,"height":934,"caption":"Estherian Clinic"},"image":{"@id":"https:\/\/estherian.com\/fr\/#\/schema\/logo\/image\/"},"sameAs":["https:\/\/www.facebook.com\/estherianclinic.en","https:\/\/x.com\/EstherianTr","https:\/\/www.instagram.com\/estherianclinic\/","https:\/\/www.tiktok.com\/@estherian.clinic","https:\/\/www.youtube.com\/estherianclinic"],"email":"hi@estherian.com","telephone":"+90-544-169-9000","legalName":"ESTHERIAN CLINIC SA\u011eLIK H\u0130ZMETLER\u0130 SAN. T\u0130C. LTD. \u015eT\u0130.","foundingDate":"2020-03-09","vatID":"TR1601485625","taxID":"1601485625","numberOfEmployees":{"@type":"QuantitativeValue","minValue":"51","maxValue":"200"},"publishingPrinciples":"https:\/\/estherian.com\/tr\/sartlar-ve-kosullar\/","actionableFeedbackPolicy":"https:\/\/estherian.com\/tr\/gizlilik-politikasi\/","correctionsPolicy":"https:\/\/estherian.com\/tr\/gizlilik-politikasi\/","ethicsPolicy":"https:\/\/estherian.com\/tr\/gizlilik-politikasi\/","diversityPolicy":"https:\/\/estherian.com\/tr\/gizlilik-politikasi\/","diversityStaffingReport":"https:\/\/estherian.com\/tr\/gizlilik-politikasi\/"},{"@type":"Person","@id":"https:\/\/estherian.com\/fr\/#\/schema\/person\/0b1452799c3700afbfcfd3a0f5e64732","name":"ferhatk","image":{"@type":"ImageObject","inLanguage":"fr-FR","@id":"https:\/\/secure.gravatar.com\/avatar\/5192156a410fa37c70ea8d4f0d01782533c470a75971ae114e5cd116be51ca05?s=96&d=mm&r=g","url":"https:\/\/secure.gravatar.com\/avatar\/5192156a410fa37c70ea8d4f0d01782533c470a75971ae114e5cd116be51ca05?s=96&d=mm&r=g","contentUrl":"https:\/\/secure.gravatar.com\/avatar\/5192156a410fa37c70ea8d4f0d01782533c470a75971ae114e5cd116be51ca05?s=96&d=mm&r=g","caption":"ferhatk"},"sameAs":["https:\/\/v2.estherian.com"]}]}},"_links":{"self":[{"href":"https:\/\/estherian.com\/fr\/wp-json\/wp\/v2\/pages\/22341","targetHints":{"allow":["GET"]}}],"collection":[{"href":"https:\/\/estherian.com\/fr\/wp-json\/wp\/v2\/pages"}],"about":[{"href":"https:\/\/estherian.com\/fr\/wp-json\/wp\/v2\/types\/page"}],"author":[{"embeddable":true,"href":"https:\/\/estherian.com\/fr\/wp-json\/wp\/v2\/users\/1"}],"replies":[{"embeddable":true,"href":"https:\/\/estherian.com\/fr\/wp-json\/wp\/v2\/comments?post=22341"}],"version-history":[{"count":0,"href":"https:\/\/estherian.com\/fr\/wp-json\/wp\/v2\/pages\/22341\/revisions"}],"wp:featuredmedia":[{"embeddable":true,"href":"https:\/\/estherian.com\/fr\/wp-json\/wp\/v2\/media\/27808"}],"wp:attachment":[{"href":"https:\/\/estherian.com\/fr\/wp-json\/wp\/v2\/media?parent=22341"}],"curies":[{"name":"wp","href":"https:\/\/api.w.org\/{rel}","templated":true}]}}