{"id":22358,"date":"2024-11-29T07:09:58","date_gmt":"2024-11-29T04:09:58","guid":{"rendered":"https:\/\/v2.estherian.com\/?page_id=22358"},"modified":"2025-09-12T12:31:20","modified_gmt":"2025-09-12T09:31:20","slug":"otoplastie","status":"publish","type":"page","link":"https:\/\/estherian.com\/fr\/otoplastie\/","title":{"rendered":"Otoplastie"},"content":{"rendered":"\n<h2 class=\"wp-block-heading\" id=\"h-qu-est-ce-que-l-otoplastie\">Qu&rsquo;est-ce que l&rsquo;otoplastie ?<\/h2>\n\n\n\n<p>L&rsquo;otoplastie est une intervention chirurgicale destin\u00e9e \u00e0 am\u00e9liorer l&rsquo;apparence de l&rsquo;oreille externe en corrigeant sa position, sa taille ou sa forme. Cette op\u00e9ration est souvent demand\u00e9e par des personnes qui se sentent g\u00ean\u00e9es par des oreilles pro\u00e9minentes, asym\u00e9triques ou mal form\u00e9es. En remodelant le cartilage de l&rsquo;oreille, l&rsquo;otoplastie permet d&rsquo;obtenir une apparence plus \u00e9quilibr\u00e9e et plus esth\u00e9tique et d&rsquo;am\u00e9liorer consid\u00e9rablement la confiance du patient.<\/p>\n\n\n\n<div class=\"wp-block-columns is-layout-flex wp-container-core-columns-is-layout-9d6595d7 wp-block-columns-is-layout-flex\">\n<div class=\"wp-block-column is-layout-flow wp-block-column-is-layout-flow\">\n<h2 class=\"wp-block-heading\" id=\"h-procedure-d-otoplastie\">Proc\u00e9dure d&rsquo;otoplastie<\/h2>\n\n\n\n<h3 class=\"wp-block-heading\" id=\"h-avant-l-operation\">Avant l&rsquo;op\u00e9ration<\/h3>\n\n\n\n<p>Avant l&rsquo;op\u00e9ration, le chirurgien proc\u00e8de \u00e0 un examen m\u00e9dical approfondi pour s&rsquo;assurer que le patient est en bonne sant\u00e9 et qu&rsquo;il peut subir l&rsquo;op\u00e9ration en toute s\u00e9curit\u00e9. Il est fortement d\u00e9conseill\u00e9 de fumer avant l&rsquo;intervention, car cela peut nuire \u00e0 la cicatrisation. Il est \u00e9galement conseill\u00e9 aux patients d&rsquo;\u00e9viter l&rsquo;aspirine et les anti-inflammatoires qui peuvent augmenter les saignements pendant et apr\u00e8s l&rsquo;op\u00e9ration.<\/p>\n<\/div>\n\n\n\n<div class=\"wp-block-column is-layout-flow wp-block-column-is-layout-flow\">\n<figure class=\"wp-block-image size-full\"><img decoding=\"async\" width=\"398\" height=\"398\" src=\"https:\/\/estherian.com\/wp-content\/uploads\/otoplasty1-01.png\" alt=\"\" class=\"wp-image-23623\" title=\"otoplasty1-01\" srcset=\"https:\/\/estherian.com\/wp-content\/uploads\/otoplasty1-01.png 398w, https:\/\/estherian.com\/wp-content\/uploads\/otoplasty1-01-386x386.png 386w, https:\/\/estherian.com\/wp-content\/uploads\/otoplasty1-01-275x275.png 275w\" sizes=\"(max-width: 398px) 100vw, 398px\" \/><\/figure>\n<\/div>\n<\/div>\n\n\n\n<h3 class=\"wp-block-heading\" id=\"h-pendant-le-fonctionnement\">Pendant le fonctionnement<\/h3>\n\n\n\n<p>Pendant l&rsquo;op\u00e9ration, l&rsquo;anesth\u00e9sie est administr\u00e9e en fonction des besoins du patient. Les options comprennent l&rsquo;anesth\u00e9sie locale, la s\u00e9dation intraveineuse ou l&rsquo;anesth\u00e9sie g\u00e9n\u00e9rale, et le chirurgien guide le patient dans le choix de l&rsquo;option la plus appropri\u00e9e. Les incisions sont g\u00e9n\u00e9ralement pratiqu\u00e9es sur la face post\u00e9rieure de l&rsquo;oreille afin de minimiser les cicatrices visibles. Lorsque des incisions sont n\u00e9cessaires sur le devant de l&rsquo;oreille, elles sont soigneusement plac\u00e9es \u00e0 l&rsquo;int\u00e9rieur des plis naturels afin de les dissimuler. Le cartilage de l&rsquo;oreille est remodel\u00e9 et fix\u00e9 \u00e0 l&rsquo;int\u00e9rieur \u00e0 l&rsquo;aide de sutures inamovibles, cr\u00e9ant ainsi un contour naturel et sym\u00e9trique.<\/p>\n\n\n\n<h3 class=\"wp-block-heading\" id=\"h-apres-la-chirurgie\">Apr\u00e8s la chirurgie<\/h3>\n\n\n\n<p>Les soins sont essentiels pour assurer un r\u00e9tablissement en douceur. Il est conseill\u00e9 aux patients de se reposer avec la t\u00eate sur\u00e9lev\u00e9e pour r\u00e9duire le gonflement et l&rsquo;\u0153d\u00e8me. Un pansement protecteur est g\u00e9n\u00e9ralement appliqu\u00e9 pour maintenir la nouvelle forme et prot\u00e9ger les oreilles pendant le processus de cicatrisation.<\/p>\n\n\n\n<div class=\"wp-block-columns is-layout-flex wp-container-core-columns-is-layout-9d6595d7 wp-block-columns-is-layout-flex\">\n<div class=\"wp-block-column is-layout-flow wp-block-column-is-layout-flow\">\n<figure class=\"wp-block-image size-full\"><img decoding=\"async\" width=\"850\" height=\"702\" src=\"https:\/\/estherian.com\/wp-content\/uploads\/child-otoplasty.png\" alt=\"\" class=\"wp-image-23627\" title=\"child-otoplasty\" srcset=\"https:\/\/estherian.com\/wp-content\/uploads\/child-otoplasty.png 850w, https:\/\/estherian.com\/wp-content\/uploads\/child-otoplasty-386x319.png 386w, https:\/\/estherian.com\/wp-content\/uploads\/child-otoplasty-768x634.png 768w\" sizes=\"(max-width: 850px) 100vw, 850px\" \/><\/figure>\n<\/div>\n\n\n\n<div class=\"wp-block-column is-layout-flow wp-block-column-is-layout-flow\">\n<h2 class=\"wp-block-heading\" id=\"h-candidats-ideaux-pour-l-otoplastie\">Candidats id\u00e9aux pour l&rsquo;otoplastie<\/h2>\n\n\n\n<p>Tout le monde n&rsquo;est pas un bon candidat \u00e0 l&rsquo;otoplastie. Cette proc\u00e9dure est plus efficace pour les personnes en bonne sant\u00e9 et qui ont des attentes r\u00e9alistes quant au r\u00e9sultat. Les enfants de cinq ans peuvent subir une otoplastie car le cartilage de leur oreille est g\u00e9n\u00e9ralement assez stable pour \u00eatre corrig\u00e9 \u00e0 cet \u00e2ge. Les non-fumeurs ont tendance \u00e0 mieux cicatriser, ce qui les rend plus aptes \u00e0 subir une intervention chirurgicale. En outre, les candidats doivent \u00eatre en mesure d&rsquo;exprimer clairement leurs sentiments \u00e0 l&rsquo;\u00e9gard de l&rsquo;intervention et de montrer qu&rsquo;ils sont pr\u00eats \u00e0 la subir.<\/p>\n<\/div>\n<\/div>\n\n\n\n<h2 class=\"wp-block-heading\" id=\"h-risques-potentiels-de-l-otoplastie\">Risques potentiels de l&rsquo;otoplastie<\/h2>\n\n\n\n<p>Comme toute intervention chirurgicale, l&rsquo;otoplastie comporte certains risques. Il s&rsquo;agit notamment de complications li\u00e9es \u00e0 l&rsquo;anesth\u00e9sie, d&rsquo;une asym\u00e9trie entre les oreilles, de saignements et de la formation de caillots sanguins. Certains patients peuvent ressentir des changements dans la sensation de la peau ou d\u00e9velopper une infection pendant la p\u00e9riode de convalescence. Une d\u00e9coloration temporaire de la peau ou un gonflement autour de l&rsquo;oreille sont \u00e9galement possibles. Dans de rares cas, une cicatrice d\u00e9favorable ou un r\u00e9sultat esth\u00e9tique moins que souhaitable peuvent se produire. Toutefois, ces risques peuvent \u00eatre minimis\u00e9s en choisissant un chirurgien qualifi\u00e9 et exp\u00e9riment\u00e9.<\/p>\n\n\n\n<h2 class=\"wp-block-heading\" id=\"h-cout-de-l-otoplastie\">Co\u00fbt de l&rsquo;otoplastie<\/h2>\n\n\n\n<p>Le co\u00fbt de l&rsquo;otoplastie varie consid\u00e9rablement en fonction de la complexit\u00e9 de l&rsquo;intervention, de la technique utilis\u00e9e et de l&rsquo;expertise du chirurgien. L&rsquo;inclusion d&rsquo;autres proc\u00e9dures dans le cadre d&rsquo;une otoplastie peut \u00e9galement avoir une incidence sur le co\u00fbt total. Bien que les prix fluctuent, l&rsquo;investissement apporte souvent des avantages psychologiques et \u00e9motionnels significatifs, en particulier pour les personnes qui ont longtemps \u00e9t\u00e9 g\u00ean\u00e9es par leurs oreilles.<\/p>\n\n\n\n<h2 class=\"wp-block-heading\" id=\"h-foire-aux-questions-faq-sur-l-otoplastie\">Foire aux questions (FAQ) sur l&rsquo;otoplastie<\/h2>\n\n\n\n<h3 class=\"wp-block-heading\" id=\"h-combien-de-temps-dure-l-operation-d-otoplastie\">Combien de temps dure l&rsquo;op\u00e9ration d&rsquo;otoplastie ?<\/h3>\n\n\n\n<p>La dur\u00e9e de l&rsquo;op\u00e9ration varie g\u00e9n\u00e9ralement de 1 \u00e0 3 heures, en fonction de la complexit\u00e9 des corrections n\u00e9cessaires.<\/p>\n\n\n\n<h3 class=\"wp-block-heading\" id=\"h-vais-je-ressentir-des-douleurs-pendant-ou-apres-l-operation\">Vais-je ressentir des douleurs pendant ou apr\u00e8s l&rsquo;op\u00e9ration ?<\/h3>\n\n\n\n<p>L&rsquo;anesth\u00e9sie permet de ne pas ressentir de douleur pendant l&rsquo;intervention. Une l\u00e9g\u00e8re g\u00eane ou une douleur autour de l&rsquo;oreille apr\u00e8s l&rsquo;op\u00e9ration est normale, mais peut \u00eatre g\u00e9r\u00e9e efficacement avec des analg\u00e9siques prescrits.<\/p>\n\n\n\n<h3 class=\"wp-block-heading\" id=\"h-combien-de-temps-faut-il-pour-se-remettre-d-une-otoplastie\">Combien de temps faut-il pour se remettre d&rsquo;une otoplastie ?<\/h3>\n\n\n\n<p>La plupart des patients reprennent leurs activit\u00e9s quotidiennes normales en l&rsquo;espace d&rsquo;une semaine. Cependant, le r\u00e9tablissement complet, y compris la r\u00e9duction de l&rsquo;enflure et des ecchymoses, peut prendre jusqu&rsquo;\u00e0 4 \u00e0 6 semaines.<\/p>\n\n\n\n<h3 class=\"wp-block-heading\" id=\"h-a-quel-age-l-otoplastie-est-elle-recommandee-pour-les-enfants\">A quel \u00e2ge l&rsquo;otoplastie est-elle recommand\u00e9e pour les enfants ?<\/h3>\n\n\n\n<p>L&rsquo;otoplastie peut \u00eatre pratiqu\u00e9e chez les enfants d\u00e8s l&rsquo;\u00e2ge de cinq ans, car le cartilage de l&rsquo;oreille est g\u00e9n\u00e9ralement suffisamment mature \u00e0 cet \u00e2ge.<\/p>\n\n\n\n<h3 class=\"wp-block-heading\" id=\"h-que-se-passe-t-il-si-je-ne-suis-pas-satisfait-des-resultats\">Que se passe-t-il si je ne suis pas satisfait des r\u00e9sultats ?<\/h3>\n\n\n\n<p>Dans de rares cas, une reprise chirurgicale peut \u00eatre envisag\u00e9e si les r\u00e9sultats ne r\u00e9pondent pas \u00e0 vos attentes. Discutez de vos pr\u00e9occupations avec votre chirurgien pour d\u00e9terminer le meilleur plan d&rsquo;action.<\/p>\n\n\n\n<h2 class=\"wp-block-heading\" id=\"h-vraies-transformations-d-otoplastie-avant-et-apres\">Vraies Transformations d\u2019Otoplastie \u2013 Avant et Apr\u00e8s<\/h2>\n\n\n\n<div class=\"wp-block-estherian-gallery\"><div id=\"estherian-gallery-clfzkfz\" class=\"estherian-gallery elastic-width\" data-slides-to-show=\"3\" data-mobile-slides-to-show=\"1\" data-autoplay=\"false\" data-autoplay-speed=\"3000\" data-show-arrows=\"true\" data-show-dots=\"true\" data-border-radius=\"20\" data-elastic-width=\"true\" data-fixed-height=\"359\" data-bottom-crop=\"0\"><div class=\"gallery-container\"><div class=\"gallery-slide\"><img decoding=\"async\" src=\"https:\/\/estherian.com\/wp-content\/uploads\/2025\/09\/OTOPLASTY-otoplasty-5.jpg\" alt=\"\" style=\"border-radius:20px;height:359px;width:auto\"\/><\/div><div class=\"gallery-slide\"><img decoding=\"async\" src=\"https:\/\/estherian.com\/wp-content\/uploads\/2025\/09\/OTOPLASTY-otoplasty-6.jpg\" alt=\"\" style=\"border-radius:20px;height:359px;width:auto\"\/><\/div><div class=\"gallery-slide\"><img decoding=\"async\" src=\"https:\/\/estherian.com\/wp-content\/uploads\/2025\/09\/OTOPLASTY-otoplasty-7.jpg\" alt=\"\" style=\"border-radius:20px;height:359px;width:auto\"\/><\/div><div class=\"gallery-slide\"><img decoding=\"async\" src=\"https:\/\/estherian.com\/wp-content\/uploads\/2025\/09\/OTOPLASTY-otoplasty-8.jpg\" alt=\"\" style=\"border-radius:20px;height:359px;width:auto\"\/><\/div><div class=\"gallery-slide\"><img decoding=\"async\" src=\"https:\/\/estherian.com\/wp-content\/uploads\/2025\/09\/OTOPLASTY-otoplasty-9.jpg\" alt=\"\" style=\"border-radius:20px;height:359px;width:auto\"\/><\/div><div class=\"gallery-slide\"><img decoding=\"async\" src=\"https:\/\/estherian.com\/wp-content\/uploads\/2025\/09\/OTOPLASTY-otoplasty-1.jpg\" alt=\"\" style=\"border-radius:20px;height:359px;width:auto\"\/><\/div><div class=\"gallery-slide\"><img decoding=\"async\" src=\"https:\/\/estherian.com\/wp-content\/uploads\/2025\/09\/OTOPLASTY-Otoplasty-2.jpg\" alt=\"\" style=\"border-radius:20px;height:359px;width:auto\"\/><\/div><\/div><div class=\"gallery-nav\"><button class=\"prev\" aria-label=\"Previous\">\u276e<\/button><button class=\"next\" aria-label=\"Next\">\u276f<\/button><\/div><div class=\"gallery-dots\"><span class=\"dot active\"><\/span><span class=\"dot\"><\/span><span class=\"dot\"><\/span><span class=\"dot\"><\/span><span class=\"dot\"><\/span><span class=\"dot\"><\/span><span class=\"dot\"><\/span><\/div><\/div><\/div>\n","protected":false},"excerpt":{"rendered":"<p>Qu&rsquo;est-ce que l&rsquo;otoplastie ? L&rsquo;otoplastie est une intervention chirurgicale destin\u00e9e \u00e0 am\u00e9liorer l&rsquo;apparence de l&rsquo;oreille externe en corrigeant sa position, sa taille ou sa forme. Cette op\u00e9ration est souvent demand\u00e9e par des personnes qui se sentent g\u00ean\u00e9es par des oreilles pro\u00e9minentes, asym\u00e9triques ou mal form\u00e9es. En remodelant le cartilage de l&rsquo;oreille, l&rsquo;otoplastie permet d&rsquo;obtenir une&hellip;<\/p>\n","protected":false},"author":1,"featured_media":27758,"parent":0,"menu_order":10,"comment_status":"closed","ping_status":"closed","template":"","meta":{"footnotes":""},"class_list":["post-22358","page","type-page","status-publish","has-post-thumbnail","hentry","description-off"],"yoast_head":"<!-- This site is optimized with the Yoast SEO Premium plugin v27.3 (Yoast SEO v27.3) - https:\/\/yoast.com\/product\/yoast-seo-premium-wordpress\/ -->\n<title>Otoplastie | Estherian Clinic<\/title>\n<meta name=\"robots\" content=\"index, follow, max-snippet:-1, max-image-preview:large, max-video-preview:-1\" \/>\n<link rel=\"canonical\" href=\"https:\/\/estherian.com\/fr\/otoplastie\/\" \/>\n<meta property=\"og:locale\" content=\"fr_FR\" \/>\n<meta property=\"og:type\" content=\"article\" \/>\n<meta property=\"og:title\" content=\"Otoplastie\" \/>\n<meta property=\"og:description\" content=\"Looks better with Estherian Clinic. Plastic Surgery, Dental treatments and more beautiful services!\" \/>\n<meta property=\"og:url\" content=\"https:\/\/estherian.com\/fr\/otoplastie\/\" \/>\n<meta property=\"og:site_name\" content=\"Estherian Clinic\" \/>\n<meta property=\"article:publisher\" content=\"https:\/\/www.facebook.com\/estherianclinic.en\" \/>\n<meta property=\"article:modified_time\" content=\"2025-09-12T09:31:20+00:00\" \/>\n<meta property=\"og:image\" content=\"https:\/\/estherian.com\/wp-content\/uploads\/otoplasty_turkey_1920x1080.jpg\" \/>\n\t<meta property=\"og:image:width\" content=\"1920\" \/>\n\t<meta property=\"og:image:height\" content=\"1080\" \/>\n\t<meta property=\"og:image:type\" content=\"image\/jpeg\" \/>\n<meta name=\"twitter:card\" content=\"summary_large_image\" \/>\n<meta name=\"twitter:site\" content=\"@EstherianTr\" \/>\n<meta name=\"twitter:label1\" content=\"Dur\u00e9e de lecture estim\u00e9e\" \/>\n\t<meta name=\"twitter:data1\" content=\"6 minutes\" \/>\n<script type=\"application\/ld+json\" class=\"yoast-schema-graph\">{\"@context\":\"https:\\\/\\\/schema.org\",\"@graph\":[{\"@type\":\"Article\",\"@id\":\"https:\\\/\\\/estherian.com\\\/fr\\\/otoplastie\\\/#article\",\"isPartOf\":{\"@id\":\"https:\\\/\\\/estherian.com\\\/fr\\\/otoplastie\\\/\"},\"author\":{\"name\":\"ferhatk\",\"@id\":\"https:\\\/\\\/estherian.com\\\/fr\\\/#\\\/schema\\\/person\\\/0b1452799c3700afbfcfd3a0f5e64732\"},\"headline\":\"Otoplastie\",\"datePublished\":\"2024-11-29T04:09:58+00:00\",\"dateModified\":\"2025-09-12T09:31:20+00:00\",\"mainEntityOfPage\":{\"@id\":\"https:\\\/\\\/estherian.com\\\/fr\\\/otoplastie\\\/\"},\"wordCount\":912,\"publisher\":{\"@id\":\"https:\\\/\\\/estherian.com\\\/fr\\\/#organization\"},\"image\":{\"@id\":\"https:\\\/\\\/estherian.com\\\/fr\\\/otoplastie\\\/#primaryimage\"},\"thumbnailUrl\":\"https:\\\/\\\/estherian.com\\\/wp-content\\\/uploads\\\/otoplasty_turkey_1920x1080.jpg\",\"inLanguage\":\"fr-FR\"},{\"@type\":\"WebPage\",\"@id\":\"https:\\\/\\\/estherian.com\\\/fr\\\/otoplastie\\\/\",\"url\":\"https:\\\/\\\/estherian.com\\\/fr\\\/otoplastie\\\/\",\"name\":\"Otoplastie | Estherian Clinic\",\"isPartOf\":{\"@id\":\"https:\\\/\\\/estherian.com\\\/fr\\\/#website\"},\"primaryImageOfPage\":{\"@id\":\"https:\\\/\\\/estherian.com\\\/fr\\\/otoplastie\\\/#primaryimage\"},\"image\":{\"@id\":\"https:\\\/\\\/estherian.com\\\/fr\\\/otoplastie\\\/#primaryimage\"},\"thumbnailUrl\":\"https:\\\/\\\/estherian.com\\\/wp-content\\\/uploads\\\/otoplasty_turkey_1920x1080.jpg\",\"datePublished\":\"2024-11-29T04:09:58+00:00\",\"dateModified\":\"2025-09-12T09:31:20+00:00\",\"breadcrumb\":{\"@id\":\"https:\\\/\\\/estherian.com\\\/fr\\\/otoplastie\\\/#breadcrumb\"},\"inLanguage\":\"fr-FR\",\"potentialAction\":[{\"@type\":\"ReadAction\",\"target\":[\"https:\\\/\\\/estherian.com\\\/fr\\\/otoplastie\\\/\"]}]},{\"@type\":\"ImageObject\",\"inLanguage\":\"fr-FR\",\"@id\":\"https:\\\/\\\/estherian.com\\\/fr\\\/otoplastie\\\/#primaryimage\",\"url\":\"https:\\\/\\\/estherian.com\\\/wp-content\\\/uploads\\\/otoplasty_turkey_1920x1080.jpg\",\"contentUrl\":\"https:\\\/\\\/estherian.com\\\/wp-content\\\/uploads\\\/otoplasty_turkey_1920x1080.jpg\",\"width\":1920,\"height\":1080},{\"@type\":\"BreadcrumbList\",\"@id\":\"https:\\\/\\\/estherian.com\\\/fr\\\/otoplastie\\\/#breadcrumb\",\"itemListElement\":[{\"@type\":\"ListItem\",\"position\":1,\"name\":\"Home\",\"item\":\"https:\\\/\\\/estherian.com\\\/fr\\\/\"},{\"@type\":\"ListItem\",\"position\":2,\"name\":\"Otoplastie\"}]},{\"@type\":\"WebSite\",\"@id\":\"https:\\\/\\\/estherian.com\\\/fr\\\/#website\",\"url\":\"https:\\\/\\\/estherian.com\\\/fr\\\/\",\"name\":\"Estherian Clinic\",\"description\":\"Plastic Surgery | Dental | Hair Transplant in Turkey\",\"publisher\":{\"@id\":\"https:\\\/\\\/estherian.com\\\/fr\\\/#organization\"},\"potentialAction\":[{\"@type\":\"SearchAction\",\"target\":{\"@type\":\"EntryPoint\",\"urlTemplate\":\"https:\\\/\\\/estherian.com\\\/fr\\\/?s={search_term_string}\"},\"query-input\":{\"@type\":\"PropertyValueSpecification\",\"valueRequired\":true,\"valueName\":\"search_term_string\"}}],\"inLanguage\":\"fr-FR\"},{\"@type\":\"Organization\",\"@id\":\"https:\\\/\\\/estherian.com\\\/fr\\\/#organization\",\"name\":\"Estherian Clinic\",\"alternateName\":\"Estherian\",\"url\":\"https:\\\/\\\/estherian.com\\\/fr\\\/\",\"logo\":{\"@type\":\"ImageObject\",\"inLanguage\":\"fr-FR\",\"@id\":\"https:\\\/\\\/estherian.com\\\/fr\\\/#\\\/schema\\\/logo\\\/image\\\/\",\"url\":\"https:\\\/\\\/estherian.com\\\/wp-content\\\/uploads\\\/2024\\\/10\\\/EstherianLogo.png\",\"contentUrl\":\"https:\\\/\\\/estherian.com\\\/wp-content\\\/uploads\\\/2024\\\/10\\\/EstherianLogo.png\",\"width\":882,\"height\":934,\"caption\":\"Estherian Clinic\"},\"image\":{\"@id\":\"https:\\\/\\\/estherian.com\\\/fr\\\/#\\\/schema\\\/logo\\\/image\\\/\"},\"sameAs\":[\"https:\\\/\\\/www.facebook.com\\\/estherianclinic.en\",\"https:\\\/\\\/x.com\\\/EstherianTr\",\"https:\\\/\\\/www.instagram.com\\\/estherianclinic\\\/\",\"https:\\\/\\\/www.tiktok.com\\\/@estherian.clinic\",\"https:\\\/\\\/www.youtube.com\\\/estherianclinic\"],\"email\":\"hi@estherian.com\",\"telephone\":\"+90-544-169-9000\",\"legalName\":\"ESTHERIAN CLINIC SA\u011eLIK H\u0130ZMETLER\u0130 SAN. T\u0130C. LTD. \u015eT\u0130.\",\"foundingDate\":\"2020-03-09\",\"vatID\":\"TR1601485625\",\"taxID\":\"1601485625\",\"numberOfEmployees\":{\"@type\":\"QuantitativeValue\",\"minValue\":\"51\",\"maxValue\":\"200\"},\"publishingPrinciples\":\"https:\\\/\\\/estherian.com\\\/tr\\\/sartlar-ve-kosullar\\\/\",\"actionableFeedbackPolicy\":\"https:\\\/\\\/estherian.com\\\/tr\\\/gizlilik-politikasi\\\/\",\"correctionsPolicy\":\"https:\\\/\\\/estherian.com\\\/tr\\\/gizlilik-politikasi\\\/\",\"ethicsPolicy\":\"https:\\\/\\\/estherian.com\\\/tr\\\/gizlilik-politikasi\\\/\",\"diversityPolicy\":\"https:\\\/\\\/estherian.com\\\/tr\\\/gizlilik-politikasi\\\/\",\"diversityStaffingReport\":\"https:\\\/\\\/estherian.com\\\/tr\\\/gizlilik-politikasi\\\/\"},{\"@type\":\"Person\",\"@id\":\"https:\\\/\\\/estherian.com\\\/fr\\\/#\\\/schema\\\/person\\\/0b1452799c3700afbfcfd3a0f5e64732\",\"name\":\"ferhatk\",\"image\":{\"@type\":\"ImageObject\",\"inLanguage\":\"fr-FR\",\"@id\":\"https:\\\/\\\/secure.gravatar.com\\\/avatar\\\/5192156a410fa37c70ea8d4f0d01782533c470a75971ae114e5cd116be51ca05?s=96&d=mm&r=g\",\"url\":\"https:\\\/\\\/secure.gravatar.com\\\/avatar\\\/5192156a410fa37c70ea8d4f0d01782533c470a75971ae114e5cd116be51ca05?s=96&d=mm&r=g\",\"contentUrl\":\"https:\\\/\\\/secure.gravatar.com\\\/avatar\\\/5192156a410fa37c70ea8d4f0d01782533c470a75971ae114e5cd116be51ca05?s=96&d=mm&r=g\",\"caption\":\"ferhatk\"},\"sameAs\":[\"https:\\\/\\\/v2.estherian.com\"]}]}<\/script>\n<!-- \/ Yoast SEO Premium plugin. -->","yoast_head_json":{"title":"Otoplastie | Estherian Clinic","robots":{"index":"index","follow":"follow","max-snippet":"max-snippet:-1","max-image-preview":"max-image-preview:large","max-video-preview":"max-video-preview:-1"},"canonical":"https:\/\/estherian.com\/fr\/otoplastie\/","og_locale":"fr_FR","og_type":"article","og_title":"Otoplastie","og_description":"Looks better with Estherian Clinic. Plastic Surgery, Dental treatments and more beautiful services!","og_url":"https:\/\/estherian.com\/fr\/otoplastie\/","og_site_name":"Estherian Clinic","article_publisher":"https:\/\/www.facebook.com\/estherianclinic.en","article_modified_time":"2025-09-12T09:31:20+00:00","og_image":[{"width":1920,"height":1080,"url":"https:\/\/estherian.com\/wp-content\/uploads\/otoplasty_turkey_1920x1080.jpg","type":"image\/jpeg"}],"twitter_card":"summary_large_image","twitter_site":"@EstherianTr","twitter_misc":{"Dur\u00e9e de lecture estim\u00e9e":"6 minutes"},"schema":{"@context":"https:\/\/schema.org","@graph":[{"@type":"Article","@id":"https:\/\/estherian.com\/fr\/otoplastie\/#article","isPartOf":{"@id":"https:\/\/estherian.com\/fr\/otoplastie\/"},"author":{"name":"ferhatk","@id":"https:\/\/estherian.com\/fr\/#\/schema\/person\/0b1452799c3700afbfcfd3a0f5e64732"},"headline":"Otoplastie","datePublished":"2024-11-29T04:09:58+00:00","dateModified":"2025-09-12T09:31:20+00:00","mainEntityOfPage":{"@id":"https:\/\/estherian.com\/fr\/otoplastie\/"},"wordCount":912,"publisher":{"@id":"https:\/\/estherian.com\/fr\/#organization"},"image":{"@id":"https:\/\/estherian.com\/fr\/otoplastie\/#primaryimage"},"thumbnailUrl":"https:\/\/estherian.com\/wp-content\/uploads\/otoplasty_turkey_1920x1080.jpg","inLanguage":"fr-FR"},{"@type":"WebPage","@id":"https:\/\/estherian.com\/fr\/otoplastie\/","url":"https:\/\/estherian.com\/fr\/otoplastie\/","name":"Otoplastie | Estherian Clinic","isPartOf":{"@id":"https:\/\/estherian.com\/fr\/#website"},"primaryImageOfPage":{"@id":"https:\/\/estherian.com\/fr\/otoplastie\/#primaryimage"},"image":{"@id":"https:\/\/estherian.com\/fr\/otoplastie\/#primaryimage"},"thumbnailUrl":"https:\/\/estherian.com\/wp-content\/uploads\/otoplasty_turkey_1920x1080.jpg","datePublished":"2024-11-29T04:09:58+00:00","dateModified":"2025-09-12T09:31:20+00:00","breadcrumb":{"@id":"https:\/\/estherian.com\/fr\/otoplastie\/#breadcrumb"},"inLanguage":"fr-FR","potentialAction":[{"@type":"ReadAction","target":["https:\/\/estherian.com\/fr\/otoplastie\/"]}]},{"@type":"ImageObject","inLanguage":"fr-FR","@id":"https:\/\/estherian.com\/fr\/otoplastie\/#primaryimage","url":"https:\/\/estherian.com\/wp-content\/uploads\/otoplasty_turkey_1920x1080.jpg","contentUrl":"https:\/\/estherian.com\/wp-content\/uploads\/otoplasty_turkey_1920x1080.jpg","width":1920,"height":1080},{"@type":"BreadcrumbList","@id":"https:\/\/estherian.com\/fr\/otoplastie\/#breadcrumb","itemListElement":[{"@type":"ListItem","position":1,"name":"Home","item":"https:\/\/estherian.com\/fr\/"},{"@type":"ListItem","position":2,"name":"Otoplastie"}]},{"@type":"WebSite","@id":"https:\/\/estherian.com\/fr\/#website","url":"https:\/\/estherian.com\/fr\/","name":"Estherian Clinic","description":"Plastic Surgery | Dental | Hair Transplant in Turkey","publisher":{"@id":"https:\/\/estherian.com\/fr\/#organization"},"potentialAction":[{"@type":"SearchAction","target":{"@type":"EntryPoint","urlTemplate":"https:\/\/estherian.com\/fr\/?s={search_term_string}"},"query-input":{"@type":"PropertyValueSpecification","valueRequired":true,"valueName":"search_term_string"}}],"inLanguage":"fr-FR"},{"@type":"Organization","@id":"https:\/\/estherian.com\/fr\/#organization","name":"Estherian Clinic","alternateName":"Estherian","url":"https:\/\/estherian.com\/fr\/","logo":{"@type":"ImageObject","inLanguage":"fr-FR","@id":"https:\/\/estherian.com\/fr\/#\/schema\/logo\/image\/","url":"https:\/\/estherian.com\/wp-content\/uploads\/2024\/10\/EstherianLogo.png","contentUrl":"https:\/\/estherian.com\/wp-content\/uploads\/2024\/10\/EstherianLogo.png","width":882,"height":934,"caption":"Estherian Clinic"},"image":{"@id":"https:\/\/estherian.com\/fr\/#\/schema\/logo\/image\/"},"sameAs":["https:\/\/www.facebook.com\/estherianclinic.en","https:\/\/x.com\/EstherianTr","https:\/\/www.instagram.com\/estherianclinic\/","https:\/\/www.tiktok.com\/@estherian.clinic","https:\/\/www.youtube.com\/estherianclinic"],"email":"hi@estherian.com","telephone":"+90-544-169-9000","legalName":"ESTHERIAN CLINIC SA\u011eLIK H\u0130ZMETLER\u0130 SAN. T\u0130C. LTD. \u015eT\u0130.","foundingDate":"2020-03-09","vatID":"TR1601485625","taxID":"1601485625","numberOfEmployees":{"@type":"QuantitativeValue","minValue":"51","maxValue":"200"},"publishingPrinciples":"https:\/\/estherian.com\/tr\/sartlar-ve-kosullar\/","actionableFeedbackPolicy":"https:\/\/estherian.com\/tr\/gizlilik-politikasi\/","correctionsPolicy":"https:\/\/estherian.com\/tr\/gizlilik-politikasi\/","ethicsPolicy":"https:\/\/estherian.com\/tr\/gizlilik-politikasi\/","diversityPolicy":"https:\/\/estherian.com\/tr\/gizlilik-politikasi\/","diversityStaffingReport":"https:\/\/estherian.com\/tr\/gizlilik-politikasi\/"},{"@type":"Person","@id":"https:\/\/estherian.com\/fr\/#\/schema\/person\/0b1452799c3700afbfcfd3a0f5e64732","name":"ferhatk","image":{"@type":"ImageObject","inLanguage":"fr-FR","@id":"https:\/\/secure.gravatar.com\/avatar\/5192156a410fa37c70ea8d4f0d01782533c470a75971ae114e5cd116be51ca05?s=96&d=mm&r=g","url":"https:\/\/secure.gravatar.com\/avatar\/5192156a410fa37c70ea8d4f0d01782533c470a75971ae114e5cd116be51ca05?s=96&d=mm&r=g","contentUrl":"https:\/\/secure.gravatar.com\/avatar\/5192156a410fa37c70ea8d4f0d01782533c470a75971ae114e5cd116be51ca05?s=96&d=mm&r=g","caption":"ferhatk"},"sameAs":["https:\/\/v2.estherian.com"]}]}},"_links":{"self":[{"href":"https:\/\/estherian.com\/fr\/wp-json\/wp\/v2\/pages\/22358","targetHints":{"allow":["GET"]}}],"collection":[{"href":"https:\/\/estherian.com\/fr\/wp-json\/wp\/v2\/pages"}],"about":[{"href":"https:\/\/estherian.com\/fr\/wp-json\/wp\/v2\/types\/page"}],"author":[{"embeddable":true,"href":"https:\/\/estherian.com\/fr\/wp-json\/wp\/v2\/users\/1"}],"replies":[{"embeddable":true,"href":"https:\/\/estherian.com\/fr\/wp-json\/wp\/v2\/comments?post=22358"}],"version-history":[{"count":0,"href":"https:\/\/estherian.com\/fr\/wp-json\/wp\/v2\/pages\/22358\/revisions"}],"wp:featuredmedia":[{"embeddable":true,"href":"https:\/\/estherian.com\/fr\/wp-json\/wp\/v2\/media\/27758"}],"wp:attachment":[{"href":"https:\/\/estherian.com\/fr\/wp-json\/wp\/v2\/media?parent=22358"}],"curies":[{"name":"wp","href":"https:\/\/api.w.org\/{rel}","templated":true}]}}