{"id":22395,"date":"2024-11-29T07:38:59","date_gmt":"2024-11-29T04:38:59","guid":{"rendered":"https:\/\/v2.estherian.com\/?page_id=22395"},"modified":"2024-12-05T11:34:31","modified_gmt":"2024-12-05T11:34:31","slug":"greffe-de-sourcils","status":"publish","type":"page","link":"https:\/\/estherian.com\/fr\/greffe-de-sourcils\/","title":{"rendered":"Greffe de Sourcils"},"content":{"rendered":"\n<div class=\"wp-block-columns is-layout-flex wp-container-core-columns-is-layout-9d6595d7 wp-block-columns-is-layout-flex\">\n<div class=\"wp-block-column is-layout-flow wp-block-column-is-layout-flow\">\n<h2 class=\"wp-block-heading\">Qu&rsquo;est-ce qu&rsquo;une greffe de sourcils ?<\/h2>\n\n\n\n<p>Les sourcils sont l&rsquo;une des caract\u00e9ristiques les plus expressives du visage, ajoutant une beaut\u00e9 unique aux yeux et jouant un r\u00f4le important dans l&rsquo;apparence g\u00e9n\u00e9rale. Des sourcils manquants, clairsem\u00e9s ou irr\u00e9guliers peuvent \u00eatre une source d&rsquo;insatisfaction et d&rsquo;anxi\u00e9t\u00e9, en particulier pour les femmes. Les sourcils clairsem\u00e9s affectent souvent l&rsquo;estime de soi, car ils ont un impact significatif sur l&rsquo;esth\u00e9tique du visage.<\/p>\n<\/div>\n<\/div>\n\n\n\n<h2 class=\"wp-block-heading\">Causes de la perte des sourcils<\/h2>\n\n\n\n<p>L&rsquo;amincissement ou la perte des sourcils peut survenir pour diverses raisons, notamment l&rsquo;alop\u00e9cie des sourcils, les troubles auto-immuns, la chimioth\u00e9rapie, les affections dermatologiques, le stress psychologique ou le vieillissement naturel. Chacun de ces facteurs peut affecter la densit\u00e9 et la sant\u00e9 des poils des sourcils. Lorsque les autres traitements \u00e9chouent, la greffe de sourcils offre la solution la plus fiable et la plus efficace.<\/p>\n\n\n\n<div class=\"wp-block-columns is-layout-flex wp-container-core-columns-is-layout-9d6595d7 wp-block-columns-is-layout-flex\">\n<div class=\"wp-block-column is-layout-flow wp-block-column-is-layout-flow\">\n<figure class=\"wp-block-image size-full\"><img decoding=\"async\" width=\"328\" height=\"371\" src=\"https:\/\/estherian.com\/wp-content\/uploads\/s3-1.png\" alt=\"\" class=\"wp-image-22388\"\/><\/figure>\n<\/div>\n\n\n\n<div class=\"wp-block-column is-layout-flow wp-block-column-is-layout-flow\">\n<h2 class=\"wp-block-heading\">Processus de Greffe de Sourcils<\/h2>\n\n\n\n<h2 class=\"wp-block-heading\">Avant l&rsquo;op\u00e9ration<\/h2>\n\n\n\n<p>Le m\u00e9decin s&rsquo;assure que le patient est bien inform\u00e9 de l&rsquo;intervention, r\u00e9pond \u00e0 toutes ses questions et pr\u00e9cise ses attentes. Les sourcils sont soigneusement dessin\u00e9s pour s&rsquo;adapter aux contours du visage du patient, ce qui permet d&rsquo;obtenir un r\u00e9sultat naturel et esth\u00e9tique. L&rsquo;anesth\u00e9sie locale est utilis\u00e9e pour rendre la proc\u00e9dure indolore et l&rsquo;op\u00e9ration est r\u00e9alis\u00e9e en une seule s\u00e9ance. La structure d\u00e9licate de la zone des sourcils n\u00e9cessitant une attention particuli\u00e8re, les patients doivent suivre les instructions pr\u00e9op\u00e9ratoires du chirurgien.<\/p>\n<\/div>\n<\/div>\n\n\n\n<div class=\"wp-block-columns is-layout-flex wp-container-core-columns-is-layout-9d6595d7 wp-block-columns-is-layout-flex\">\n<div class=\"wp-block-column is-layout-flow wp-block-column-is-layout-flow\">\n<figure class=\"wp-block-image size-full\"><img decoding=\"async\" width=\"272\" height=\"329\" src=\"https:\/\/estherian.com\/wp-content\/uploads\/s2.png\" alt=\"\" class=\"wp-image-22374\"\/><\/figure>\n<\/div>\n\n\n\n<div class=\"wp-block-column is-layout-flow wp-block-column-is-layout-flow\">\n<h2 class=\"wp-block-heading\">Pendant la proc\u00e9dure<\/h2>\n\n\n\n<p>Le chirurgien pratique de petites incisions dans la zone donneuse et dans les sites de transplantation sur les sourcils. Les follicules pileux sont extraits et implant\u00e9s un par un, en accordant une attention m\u00e9ticuleuse \u00e0 la direction et \u00e0 l&rsquo;angle des follicules. Cette pr\u00e9cision permet de s&rsquo;assurer que les nouveaux cheveux transplant\u00e9s se fondent parfaitement dans les poils naturels des sourcils. L&rsquo;intervention proprement dite dure environ deux \u00e0 trois heures.<\/p>\n<\/div>\n<\/div>\n\n\n\n<div class=\"wp-block-columns is-layout-flex wp-container-core-columns-is-layout-9d6595d7 wp-block-columns-is-layout-flex\">\n<div class=\"wp-block-column is-layout-flow wp-block-column-is-layout-flow\">\n<figure class=\"wp-block-image size-full\"><img decoding=\"async\" width=\"328\" height=\"371\" src=\"https:\/\/estherian.com\/wp-content\/uploads\/s1-1.png\" alt=\"\" class=\"wp-image-22384\"\/><\/figure>\n<\/div>\n\n\n\n<div class=\"wp-block-column is-layout-flow wp-block-column-is-layout-flow\">\n<h2 class=\"wp-block-heading\">Apr\u00e8s la chirurgie<\/h2>\n\n\n\n<p>Les patients peuvent reprendre leurs activit\u00e9s quotidiennes dans les 48 heures. Une l\u00e9g\u00e8re g\u00eane et une l\u00e9g\u00e8re cro\u00fbte autour de la zone transplant\u00e9e sont normales et disparaissent rapidement. Les cheveux transplant\u00e9s tombent g\u00e9n\u00e9ralement au bout de trois \u00e0 cinq semaines, ce qui fait partie du cycle de croissance naturel, et commencent \u00e0 repousser au bout de deux mois. Pour obtenir les r\u00e9sultats souhait\u00e9s, il est essentiel de respecter scrupuleusement les instructions du chirurgien en mati\u00e8re de soins postop\u00e9ratoires.<\/p>\n<\/div>\n<\/div>\n\n\n\n<h2 class=\"wp-block-heading\">Des r\u00e9sultats naturels et durables<\/h2>\n\n\n\n<p>La greffe de sourcils ne consiste pas seulement \u00e0 restaurer les cheveux perdus, mais aussi \u00e0 am\u00e9liorer la confiance en soi et l&rsquo;image personnelle. Avec des soins appropri\u00e9s, les r\u00e9sultats sont naturels, durables et transformateurs. Les sourcils, con\u00e7us et transplant\u00e9s par des experts, s&rsquo;int\u00e8grent parfaitement au visage du patient, cr\u00e9ant une apparence \u00e9quilibr\u00e9e et jeune. Pour am\u00e9liorer encore l&rsquo;esth\u00e9tique de votre visage, renseignez-vous sur d&rsquo;autres interventions, comme la chirurgie des paupi\u00e8res, qui viendront compl\u00e9ter votre nouvelle apparence.<\/p>\n\n\n\n<h2 class=\"wp-block-heading\">Questions fr\u00e9quemment pos\u00e9es (FAQ) sur la transplantation de sourcils<\/h2>\n\n\n\n<h3 class=\"wp-block-heading\">Qui est le candidat id\u00e9al pour une greffe de sourcils ?<\/h3>\n\n\n\n<p>Toute personne pr\u00e9sentant un amincissement des sourcils, une perte de cheveux ou une croissance in\u00e9gale due \u00e0 des facteurs g\u00e9n\u00e9tiques, \u00e0 des traitements m\u00e9dicaux ou au vieillissement peut \u00eatre candidate. Il est important d&rsquo;\u00eatre en bonne sant\u00e9 et d&rsquo;avoir des attentes r\u00e9alistes quant aux r\u00e9sultats.<\/p>\n\n\n\n<h3 class=\"wp-block-heading\">La proc\u00e9dure laisse-t-elle des cicatrices ?<\/h3>\n\n\n\n<p>L&rsquo;utilisation d&rsquo;instruments de microchirurgie avanc\u00e9s minimise le risque de cicatrices visibles. Les petites cicatrices laiss\u00e9es sur le site du donneur ou de la greffe ne sont g\u00e9n\u00e9ralement pas visibles apr\u00e8s la gu\u00e9rison.<\/p>\n\n\n\n<h3 class=\"wp-block-heading\">Quelle est la dur\u00e9e d&rsquo;immobilisation n\u00e9cessaire apr\u00e8s l&rsquo;op\u00e9ration ?<\/h3>\n\n\n\n<p>La plupart des patients reprennent leurs activit\u00e9s normales dans les 48 heures. Toutefois, les activit\u00e9s intenses, la natation et l&rsquo;exposition directe au soleil doivent \u00eatre \u00e9vit\u00e9es pendant au moins deux semaines.<\/p>\n\n\n\n<h3 class=\"wp-block-heading\">Puis-je choisir la forme et l&rsquo;\u00e9paisseur de mes nouveaux sourcils ?<\/h3>\n\n\n\n<p>Oui, le chirurgien collabore avec vous pour concevoir la forme et l&rsquo;\u00e9paisseur qui conviennent le mieux \u00e0 votre visage et \u00e0 vos pr\u00e9f\u00e9rences esth\u00e9tiques. L&rsquo;objectif est d&rsquo;obtenir une apparence naturelle et harmonieuse.<\/p>\n\n\n\n<p><\/p>\n","protected":false},"excerpt":{"rendered":"<p>Qu&rsquo;est-ce qu&rsquo;une greffe de sourcils ? Les sourcils sont l&rsquo;une des caract\u00e9ristiques les plus expressives du visage, ajoutant une beaut\u00e9 unique aux yeux et jouant un r\u00f4le important dans l&rsquo;apparence g\u00e9n\u00e9rale. Des sourcils manquants, clairsem\u00e9s ou irr\u00e9guliers peuvent \u00eatre une source d&rsquo;insatisfaction et d&rsquo;anxi\u00e9t\u00e9, en particulier pour les femmes. Les sourcils clairsem\u00e9s affectent souvent l&rsquo;estime&hellip;<\/p>\n","protected":false},"author":1,"featured_media":0,"parent":0,"menu_order":10,"comment_status":"closed","ping_status":"closed","template":"","meta":{"footnotes":""},"class_list":["post-22395","page","type-page","status-publish","hentry","description-off"],"yoast_head":"<!-- This site is optimized with the Yoast SEO Premium plugin v27.3 (Yoast SEO v27.3) - https:\/\/yoast.com\/product\/yoast-seo-premium-wordpress\/ -->\n<title>Greffe de Sourcils | Estherian Clinic<\/title>\n<meta name=\"robots\" content=\"index, follow, max-snippet:-1, max-image-preview:large, max-video-preview:-1\" \/>\n<link rel=\"canonical\" href=\"https:\/\/estherian.com\/fr\/greffe-de-sourcils\/\" \/>\n<meta property=\"og:locale\" content=\"fr_FR\" \/>\n<meta property=\"og:type\" content=\"article\" \/>\n<meta property=\"og:title\" content=\"Greffe de Sourcils\" \/>\n<meta property=\"og:description\" content=\"Looks better with Estherian Clinic. Plastic Surgery, Dental treatments and more beautiful services!\" \/>\n<meta property=\"og:url\" content=\"https:\/\/estherian.com\/fr\/greffe-de-sourcils\/\" \/>\n<meta property=\"og:site_name\" content=\"Estherian Clinic\" \/>\n<meta property=\"article:publisher\" content=\"https:\/\/www.facebook.com\/estherianclinic.en\" \/>\n<meta property=\"article:modified_time\" content=\"2024-12-05T11:34:31+00:00\" \/>\n<meta property=\"og:image\" content=\"https:\/\/estherian.com\/wp-content\/uploads\/s3-1.png\" \/>\n\t<meta property=\"og:image:width\" content=\"328\" \/>\n\t<meta property=\"og:image:height\" content=\"371\" \/>\n\t<meta property=\"og:image:type\" content=\"image\/png\" \/>\n<meta name=\"twitter:card\" content=\"summary_large_image\" \/>\n<meta name=\"twitter:site\" content=\"@EstherianTr\" \/>\n<meta name=\"twitter:label1\" content=\"Dur\u00e9e de lecture estim\u00e9e\" \/>\n\t<meta name=\"twitter:data1\" content=\"4 minutes\" \/>\n<script type=\"application\/ld+json\" class=\"yoast-schema-graph\">{\"@context\":\"https:\\\/\\\/schema.org\",\"@graph\":[{\"@type\":\"Article\",\"@id\":\"https:\\\/\\\/estherian.com\\\/fr\\\/greffe-de-sourcils\\\/#article\",\"isPartOf\":{\"@id\":\"https:\\\/\\\/estherian.com\\\/fr\\\/greffe-de-sourcils\\\/\"},\"author\":{\"name\":\"ferhatk\",\"@id\":\"https:\\\/\\\/estherian.com\\\/fr\\\/#\\\/schema\\\/person\\\/0b1452799c3700afbfcfd3a0f5e64732\"},\"headline\":\"Greffe de Sourcils\",\"datePublished\":\"2024-11-29T04:38:59+00:00\",\"dateModified\":\"2024-12-05T11:34:31+00:00\",\"mainEntityOfPage\":{\"@id\":\"https:\\\/\\\/estherian.com\\\/fr\\\/greffe-de-sourcils\\\/\"},\"wordCount\":756,\"publisher\":{\"@id\":\"https:\\\/\\\/estherian.com\\\/fr\\\/#organization\"},\"image\":{\"@id\":\"https:\\\/\\\/estherian.com\\\/fr\\\/greffe-de-sourcils\\\/#primaryimage\"},\"thumbnailUrl\":\"https:\\\/\\\/estherian.com\\\/wp-content\\\/uploads\\\/s3-1.png\",\"inLanguage\":\"fr-FR\"},{\"@type\":\"WebPage\",\"@id\":\"https:\\\/\\\/estherian.com\\\/fr\\\/greffe-de-sourcils\\\/\",\"url\":\"https:\\\/\\\/estherian.com\\\/fr\\\/greffe-de-sourcils\\\/\",\"name\":\"Greffe de Sourcils | Estherian Clinic\",\"isPartOf\":{\"@id\":\"https:\\\/\\\/estherian.com\\\/fr\\\/#website\"},\"primaryImageOfPage\":{\"@id\":\"https:\\\/\\\/estherian.com\\\/fr\\\/greffe-de-sourcils\\\/#primaryimage\"},\"image\":{\"@id\":\"https:\\\/\\\/estherian.com\\\/fr\\\/greffe-de-sourcils\\\/#primaryimage\"},\"thumbnailUrl\":\"https:\\\/\\\/estherian.com\\\/wp-content\\\/uploads\\\/s3-1.png\",\"datePublished\":\"2024-11-29T04:38:59+00:00\",\"dateModified\":\"2024-12-05T11:34:31+00:00\",\"breadcrumb\":{\"@id\":\"https:\\\/\\\/estherian.com\\\/fr\\\/greffe-de-sourcils\\\/#breadcrumb\"},\"inLanguage\":\"fr-FR\",\"potentialAction\":[{\"@type\":\"ReadAction\",\"target\":[\"https:\\\/\\\/estherian.com\\\/fr\\\/greffe-de-sourcils\\\/\"]}]},{\"@type\":\"ImageObject\",\"inLanguage\":\"fr-FR\",\"@id\":\"https:\\\/\\\/estherian.com\\\/fr\\\/greffe-de-sourcils\\\/#primaryimage\",\"url\":\"https:\\\/\\\/estherian.com\\\/wp-content\\\/uploads\\\/s3-1.png\",\"contentUrl\":\"https:\\\/\\\/estherian.com\\\/wp-content\\\/uploads\\\/s3-1.png\"},{\"@type\":\"BreadcrumbList\",\"@id\":\"https:\\\/\\\/estherian.com\\\/fr\\\/greffe-de-sourcils\\\/#breadcrumb\",\"itemListElement\":[{\"@type\":\"ListItem\",\"position\":1,\"name\":\"Home\",\"item\":\"https:\\\/\\\/estherian.com\\\/fr\\\/\"},{\"@type\":\"ListItem\",\"position\":2,\"name\":\"Greffe de Sourcils\"}]},{\"@type\":\"WebSite\",\"@id\":\"https:\\\/\\\/estherian.com\\\/fr\\\/#website\",\"url\":\"https:\\\/\\\/estherian.com\\\/fr\\\/\",\"name\":\"Estherian Clinic\",\"description\":\"Plastic Surgery | Dental | Hair Transplant in Turkey\",\"publisher\":{\"@id\":\"https:\\\/\\\/estherian.com\\\/fr\\\/#organization\"},\"potentialAction\":[{\"@type\":\"SearchAction\",\"target\":{\"@type\":\"EntryPoint\",\"urlTemplate\":\"https:\\\/\\\/estherian.com\\\/fr\\\/?s={search_term_string}\"},\"query-input\":{\"@type\":\"PropertyValueSpecification\",\"valueRequired\":true,\"valueName\":\"search_term_string\"}}],\"inLanguage\":\"fr-FR\"},{\"@type\":\"Organization\",\"@id\":\"https:\\\/\\\/estherian.com\\\/fr\\\/#organization\",\"name\":\"Estherian Clinic\",\"alternateName\":\"Estherian\",\"url\":\"https:\\\/\\\/estherian.com\\\/fr\\\/\",\"logo\":{\"@type\":\"ImageObject\",\"inLanguage\":\"fr-FR\",\"@id\":\"https:\\\/\\\/estherian.com\\\/fr\\\/#\\\/schema\\\/logo\\\/image\\\/\",\"url\":\"https:\\\/\\\/estherian.com\\\/wp-content\\\/uploads\\\/2024\\\/10\\\/EstherianLogo.png\",\"contentUrl\":\"https:\\\/\\\/estherian.com\\\/wp-content\\\/uploads\\\/2024\\\/10\\\/EstherianLogo.png\",\"width\":882,\"height\":934,\"caption\":\"Estherian Clinic\"},\"image\":{\"@id\":\"https:\\\/\\\/estherian.com\\\/fr\\\/#\\\/schema\\\/logo\\\/image\\\/\"},\"sameAs\":[\"https:\\\/\\\/www.facebook.com\\\/estherianclinic.en\",\"https:\\\/\\\/x.com\\\/EstherianTr\",\"https:\\\/\\\/www.instagram.com\\\/estherianclinic\\\/\",\"https:\\\/\\\/www.tiktok.com\\\/@estherian.clinic\",\"https:\\\/\\\/www.youtube.com\\\/estherianclinic\"],\"email\":\"hi@estherian.com\",\"telephone\":\"+90-544-169-9000\",\"legalName\":\"ESTHERIAN CLINIC SA\u011eLIK H\u0130ZMETLER\u0130 SAN. T\u0130C. LTD. \u015eT\u0130.\",\"foundingDate\":\"2020-03-09\",\"vatID\":\"TR1601485625\",\"taxID\":\"1601485625\",\"numberOfEmployees\":{\"@type\":\"QuantitativeValue\",\"minValue\":\"51\",\"maxValue\":\"200\"},\"publishingPrinciples\":\"https:\\\/\\\/estherian.com\\\/tr\\\/sartlar-ve-kosullar\\\/\",\"actionableFeedbackPolicy\":\"https:\\\/\\\/estherian.com\\\/tr\\\/gizlilik-politikasi\\\/\",\"correctionsPolicy\":\"https:\\\/\\\/estherian.com\\\/tr\\\/gizlilik-politikasi\\\/\",\"ethicsPolicy\":\"https:\\\/\\\/estherian.com\\\/tr\\\/gizlilik-politikasi\\\/\",\"diversityPolicy\":\"https:\\\/\\\/estherian.com\\\/tr\\\/gizlilik-politikasi\\\/\",\"diversityStaffingReport\":\"https:\\\/\\\/estherian.com\\\/tr\\\/gizlilik-politikasi\\\/\"},{\"@type\":\"Person\",\"@id\":\"https:\\\/\\\/estherian.com\\\/fr\\\/#\\\/schema\\\/person\\\/0b1452799c3700afbfcfd3a0f5e64732\",\"name\":\"ferhatk\",\"image\":{\"@type\":\"ImageObject\",\"inLanguage\":\"fr-FR\",\"@id\":\"https:\\\/\\\/secure.gravatar.com\\\/avatar\\\/5192156a410fa37c70ea8d4f0d01782533c470a75971ae114e5cd116be51ca05?s=96&d=mm&r=g\",\"url\":\"https:\\\/\\\/secure.gravatar.com\\\/avatar\\\/5192156a410fa37c70ea8d4f0d01782533c470a75971ae114e5cd116be51ca05?s=96&d=mm&r=g\",\"contentUrl\":\"https:\\\/\\\/secure.gravatar.com\\\/avatar\\\/5192156a410fa37c70ea8d4f0d01782533c470a75971ae114e5cd116be51ca05?s=96&d=mm&r=g\",\"caption\":\"ferhatk\"},\"sameAs\":[\"https:\\\/\\\/v2.estherian.com\"]}]}<\/script>\n<!-- \/ Yoast SEO Premium plugin. -->","yoast_head_json":{"title":"Greffe de Sourcils | Estherian Clinic","robots":{"index":"index","follow":"follow","max-snippet":"max-snippet:-1","max-image-preview":"max-image-preview:large","max-video-preview":"max-video-preview:-1"},"canonical":"https:\/\/estherian.com\/fr\/greffe-de-sourcils\/","og_locale":"fr_FR","og_type":"article","og_title":"Greffe de Sourcils","og_description":"Looks better with Estherian Clinic. Plastic Surgery, Dental treatments and more beautiful services!","og_url":"https:\/\/estherian.com\/fr\/greffe-de-sourcils\/","og_site_name":"Estherian Clinic","article_publisher":"https:\/\/www.facebook.com\/estherianclinic.en","article_modified_time":"2024-12-05T11:34:31+00:00","og_image":[{"width":328,"height":371,"url":"https:\/\/estherian.com\/wp-content\/uploads\/s3-1.png","type":"image\/png"}],"twitter_card":"summary_large_image","twitter_site":"@EstherianTr","twitter_misc":{"Dur\u00e9e de lecture estim\u00e9e":"4 minutes"},"schema":{"@context":"https:\/\/schema.org","@graph":[{"@type":"Article","@id":"https:\/\/estherian.com\/fr\/greffe-de-sourcils\/#article","isPartOf":{"@id":"https:\/\/estherian.com\/fr\/greffe-de-sourcils\/"},"author":{"name":"ferhatk","@id":"https:\/\/estherian.com\/fr\/#\/schema\/person\/0b1452799c3700afbfcfd3a0f5e64732"},"headline":"Greffe de Sourcils","datePublished":"2024-11-29T04:38:59+00:00","dateModified":"2024-12-05T11:34:31+00:00","mainEntityOfPage":{"@id":"https:\/\/estherian.com\/fr\/greffe-de-sourcils\/"},"wordCount":756,"publisher":{"@id":"https:\/\/estherian.com\/fr\/#organization"},"image":{"@id":"https:\/\/estherian.com\/fr\/greffe-de-sourcils\/#primaryimage"},"thumbnailUrl":"https:\/\/estherian.com\/wp-content\/uploads\/s3-1.png","inLanguage":"fr-FR"},{"@type":"WebPage","@id":"https:\/\/estherian.com\/fr\/greffe-de-sourcils\/","url":"https:\/\/estherian.com\/fr\/greffe-de-sourcils\/","name":"Greffe de Sourcils | Estherian Clinic","isPartOf":{"@id":"https:\/\/estherian.com\/fr\/#website"},"primaryImageOfPage":{"@id":"https:\/\/estherian.com\/fr\/greffe-de-sourcils\/#primaryimage"},"image":{"@id":"https:\/\/estherian.com\/fr\/greffe-de-sourcils\/#primaryimage"},"thumbnailUrl":"https:\/\/estherian.com\/wp-content\/uploads\/s3-1.png","datePublished":"2024-11-29T04:38:59+00:00","dateModified":"2024-12-05T11:34:31+00:00","breadcrumb":{"@id":"https:\/\/estherian.com\/fr\/greffe-de-sourcils\/#breadcrumb"},"inLanguage":"fr-FR","potentialAction":[{"@type":"ReadAction","target":["https:\/\/estherian.com\/fr\/greffe-de-sourcils\/"]}]},{"@type":"ImageObject","inLanguage":"fr-FR","@id":"https:\/\/estherian.com\/fr\/greffe-de-sourcils\/#primaryimage","url":"https:\/\/estherian.com\/wp-content\/uploads\/s3-1.png","contentUrl":"https:\/\/estherian.com\/wp-content\/uploads\/s3-1.png"},{"@type":"BreadcrumbList","@id":"https:\/\/estherian.com\/fr\/greffe-de-sourcils\/#breadcrumb","itemListElement":[{"@type":"ListItem","position":1,"name":"Home","item":"https:\/\/estherian.com\/fr\/"},{"@type":"ListItem","position":2,"name":"Greffe de Sourcils"}]},{"@type":"WebSite","@id":"https:\/\/estherian.com\/fr\/#website","url":"https:\/\/estherian.com\/fr\/","name":"Estherian Clinic","description":"Plastic Surgery | Dental | Hair Transplant in Turkey","publisher":{"@id":"https:\/\/estherian.com\/fr\/#organization"},"potentialAction":[{"@type":"SearchAction","target":{"@type":"EntryPoint","urlTemplate":"https:\/\/estherian.com\/fr\/?s={search_term_string}"},"query-input":{"@type":"PropertyValueSpecification","valueRequired":true,"valueName":"search_term_string"}}],"inLanguage":"fr-FR"},{"@type":"Organization","@id":"https:\/\/estherian.com\/fr\/#organization","name":"Estherian Clinic","alternateName":"Estherian","url":"https:\/\/estherian.com\/fr\/","logo":{"@type":"ImageObject","inLanguage":"fr-FR","@id":"https:\/\/estherian.com\/fr\/#\/schema\/logo\/image\/","url":"https:\/\/estherian.com\/wp-content\/uploads\/2024\/10\/EstherianLogo.png","contentUrl":"https:\/\/estherian.com\/wp-content\/uploads\/2024\/10\/EstherianLogo.png","width":882,"height":934,"caption":"Estherian Clinic"},"image":{"@id":"https:\/\/estherian.com\/fr\/#\/schema\/logo\/image\/"},"sameAs":["https:\/\/www.facebook.com\/estherianclinic.en","https:\/\/x.com\/EstherianTr","https:\/\/www.instagram.com\/estherianclinic\/","https:\/\/www.tiktok.com\/@estherian.clinic","https:\/\/www.youtube.com\/estherianclinic"],"email":"hi@estherian.com","telephone":"+90-544-169-9000","legalName":"ESTHERIAN CLINIC SA\u011eLIK H\u0130ZMETLER\u0130 SAN. T\u0130C. LTD. \u015eT\u0130.","foundingDate":"2020-03-09","vatID":"TR1601485625","taxID":"1601485625","numberOfEmployees":{"@type":"QuantitativeValue","minValue":"51","maxValue":"200"},"publishingPrinciples":"https:\/\/estherian.com\/tr\/sartlar-ve-kosullar\/","actionableFeedbackPolicy":"https:\/\/estherian.com\/tr\/gizlilik-politikasi\/","correctionsPolicy":"https:\/\/estherian.com\/tr\/gizlilik-politikasi\/","ethicsPolicy":"https:\/\/estherian.com\/tr\/gizlilik-politikasi\/","diversityPolicy":"https:\/\/estherian.com\/tr\/gizlilik-politikasi\/","diversityStaffingReport":"https:\/\/estherian.com\/tr\/gizlilik-politikasi\/"},{"@type":"Person","@id":"https:\/\/estherian.com\/fr\/#\/schema\/person\/0b1452799c3700afbfcfd3a0f5e64732","name":"ferhatk","image":{"@type":"ImageObject","inLanguage":"fr-FR","@id":"https:\/\/secure.gravatar.com\/avatar\/5192156a410fa37c70ea8d4f0d01782533c470a75971ae114e5cd116be51ca05?s=96&d=mm&r=g","url":"https:\/\/secure.gravatar.com\/avatar\/5192156a410fa37c70ea8d4f0d01782533c470a75971ae114e5cd116be51ca05?s=96&d=mm&r=g","contentUrl":"https:\/\/secure.gravatar.com\/avatar\/5192156a410fa37c70ea8d4f0d01782533c470a75971ae114e5cd116be51ca05?s=96&d=mm&r=g","caption":"ferhatk"},"sameAs":["https:\/\/v2.estherian.com"]}]}},"_links":{"self":[{"href":"https:\/\/estherian.com\/fr\/wp-json\/wp\/v2\/pages\/22395","targetHints":{"allow":["GET"]}}],"collection":[{"href":"https:\/\/estherian.com\/fr\/wp-json\/wp\/v2\/pages"}],"about":[{"href":"https:\/\/estherian.com\/fr\/wp-json\/wp\/v2\/types\/page"}],"author":[{"embeddable":true,"href":"https:\/\/estherian.com\/fr\/wp-json\/wp\/v2\/users\/1"}],"replies":[{"embeddable":true,"href":"https:\/\/estherian.com\/fr\/wp-json\/wp\/v2\/comments?post=22395"}],"version-history":[{"count":0,"href":"https:\/\/estherian.com\/fr\/wp-json\/wp\/v2\/pages\/22395\/revisions"}],"wp:attachment":[{"href":"https:\/\/estherian.com\/fr\/wp-json\/wp\/v2\/media?parent=22395"}],"curies":[{"name":"wp","href":"https:\/\/api.w.org\/{rel}","templated":true}]}}