{"id":22403,"date":"2024-11-29T08:10:37","date_gmt":"2024-11-29T05:10:37","guid":{"rendered":"https:\/\/v2.estherian.com\/?page_id=22403"},"modified":"2024-12-31T09:35:55","modified_gmt":"2024-12-31T09:35:55","slug":"greffe-de-cheveux-fue","status":"publish","type":"page","link":"https:\/\/estherian.com\/fr\/greffe-de-cheveux-fue\/","title":{"rendered":"Greffe De Cheveux FUE"},"content":{"rendered":"\n<h2 class=\"wp-block-heading\"><strong>Qu&rsquo;est-ce que la transplantation capillaire FUE ?<\/strong><\/h2>\n\n\n\n<p>La transplantation de cheveux est un processus tr\u00e8s r\u00e9ussi. La technologie de la greffe de cheveux a beaucoup \u00e9volu\u00e9 depuis le jour o\u00f9 elle a \u00e9t\u00e9 appliqu\u00e9e pour la premi\u00e8re fois, et elle a atteint l&rsquo;\u00e9tat le plus avanc\u00e9 de la technique avec la greffe de cheveux FUE, car cette technique apporte une solution permanente au probl\u00e8me de la calvitie. Le cheveu transplant\u00e9 est le propre follicule pileux du patient, extrait de la zone donneuse et plac\u00e9 dans la zone receveuse.<\/p>\n\n\n\n<div class=\"wp-block-columns is-layout-flex wp-container-core-columns-is-layout-9d6595d7 wp-block-columns-is-layout-flex\">\n<div class=\"wp-block-column is-layout-flow wp-block-column-is-layout-flow\">\n<p>L&rsquo;extraction d&rsquo;unit\u00e9s folliculaires (FUE), \u00e9galement connue sous le nom de transfert folliculaire (FT), est l&rsquo;une des techniques de pointe de la nouvelle g\u00e9n\u00e9ration. Le taux de r\u00e9ussite du traitement par cette technique est tr\u00e8s \u00e9lev\u00e9 et la p\u00e9riode de r\u00e9cup\u00e9ration est \u00e9galement courte. Il s&rsquo;agit d&rsquo;une technique pl\u00e9biscit\u00e9e par les m\u00e9decins et les patients ces derni\u00e8res ann\u00e9es.<\/p>\n\n\n\n<p>consiste \u00e0 extraire des unit\u00e9s folliculaires individuelles, g\u00e9n\u00e9ralement de la nuque, la zone donneuse, et \u00e0 les ins\u00e9rer dans les micro-canaux ouverts de la zone receveuse (la zone d\u00e9garnie).<\/p>\n<\/div>\n\n\n\n<div class=\"wp-block-column is-layout-flow wp-block-column-is-layout-flow\">\n<figure class=\"wp-block-image size-full\"><img decoding=\"async\" width=\"1000\" height=\"667\" src=\"https:\/\/estherian.com\/wp-content\/uploads\/fue-procedure.png\" alt=\"\" class=\"wp-image-23483\" title=\"fue-procedure\" srcset=\"https:\/\/estherian.com\/wp-content\/uploads\/fue-procedure.png 1000w, https:\/\/estherian.com\/wp-content\/uploads\/fue-procedure-386x257.png 386w, https:\/\/estherian.com\/wp-content\/uploads\/fue-procedure-768x512.png 768w\" sizes=\"(max-width: 1000px) 100vw, 1000px\" \/><\/figure>\n<\/div>\n<\/div>\n\n\n\n<div class=\"wp-block-columns is-layout-flex wp-container-core-columns-is-layout-9d6595d7 wp-block-columns-is-layout-flex\">\n<div class=\"wp-block-column is-layout-flow wp-block-column-is-layout-flow\">\n<figure class=\"wp-block-image size-full\"><img decoding=\"async\" width=\"801\" height=\"801\" src=\"https:\/\/estherian.com\/wp-content\/uploads\/hair4-01.png\" alt=\"\" class=\"wp-image-23488\" title=\"hair4-01\" srcset=\"https:\/\/estherian.com\/wp-content\/uploads\/hair4-01.png 801w, https:\/\/estherian.com\/wp-content\/uploads\/hair4-01-386x386.png 386w, https:\/\/estherian.com\/wp-content\/uploads\/hair4-01-275x275.png 275w, https:\/\/estherian.com\/wp-content\/uploads\/hair4-01-768x768.png 768w\" sizes=\"(max-width: 801px) 100vw, 801px\" \/><\/figure>\n<\/div>\n\n\n\n<div class=\"wp-block-column is-layout-flow wp-block-column-is-layout-flow\">\n<h2 class=\"wp-block-heading\"><strong>Les \u00e9tapes de la transplantation capillaire<\/strong><\/h2>\n\n\n\n<h3 class=\"wp-block-heading\">Le processus comprend trois sections :<\/h3>\n\n\n\n<p>l&rsquo;analyse de la zone receveuse et de la zone donneuse, o\u00f9 le m\u00e9decin dessine une ligne de d\u00e9marcation des cheveux et injecte un anesth\u00e9sique local.<br>Le m\u00e9decin extrait les follicules un par un.<br>le m\u00e9decin greffe des unit\u00e9s folliculaires dans la zone receveuse.<\/p>\n\n\n\n<p>L&rsquo;ensemble du processus dure environ 5\/7 heures.<\/p>\n<\/div>\n<\/div>\n\n\n\n<div class=\"wp-block-columns is-layout-flex wp-container-core-columns-is-layout-9d6595d7 wp-block-columns-is-layout-flex\">\n<div class=\"wp-block-column is-layout-flow wp-block-column-is-layout-flow\">\n<h2 class=\"wp-block-heading\"><strong>Qui est un bon candidat pour une greffe de cheveux FUE ?<\/strong><\/h2>\n\n\n\n<ol class=\"wp-block-list\">\n<li>en bonne sant\u00e9<\/li>\n\n\n\n<li>vous ne souffrez pas d&rsquo;alop\u00e9cie androg\u00e9n\u00e9tique ou de br\u00fblures<\/li>\n\n\n\n<li>la zone donneuse est appropri\u00e9e et dense<\/li>\n<\/ol>\n<\/div>\n\n\n\n<div class=\"wp-block-column is-layout-flow wp-block-column-is-layout-flow\">\n<figure class=\"wp-block-image size-full\"><img decoding=\"async\" width=\"750\" height=\"499\" src=\"https:\/\/estherian.com\/wp-content\/uploads\/portrait-sexy-goodlooking-attractive-stylish-bearded-man-brown-1.png\" alt=\"\" class=\"wp-image-23492\" title=\"portrait-sexy-goodlooking-attractive-stylish-bearded-man-brown\" srcset=\"https:\/\/estherian.com\/wp-content\/uploads\/portrait-sexy-goodlooking-attractive-stylish-bearded-man-brown-1.png 750w, https:\/\/estherian.com\/wp-content\/uploads\/portrait-sexy-goodlooking-attractive-stylish-bearded-man-brown-1-386x257.png 386w\" sizes=\"(max-width: 750px) 100vw, 750px\" \/><\/figure>\n<\/div>\n<\/div>\n\n\n\n<h2 class=\"wp-block-heading\"><strong>Quels sont les avantages de la greffe de cheveux FUE ?<\/strong><\/h2>\n\n\n\n<p>La technique de greffe de cheveux FUE pr\u00e9sente de nombreux avantages. Il n&rsquo;y a pas de cicatrice, car les follicules pr\u00e9lev\u00e9s dans la zone donneuse sont imm\u00e9diatement transplant\u00e9s dans la zone chauve. Apr\u00e8s l&rsquo;op\u00e9ration, le processus de gu\u00e9rison sera beaucoup plus rapide qu&rsquo;avec d&rsquo;autres m\u00e9thodes.<\/p>\n\n\n\n<p>Apr\u00e8s 6 mois, les cheveux transplant\u00e9s commencent \u00e0 pousser, avec un taux de croissance de plus de 90 %, ce qui constitue l&rsquo;un des plus grands avantages de la transplantation capillaire FUE.<\/p>\n\n\n\n<h2 class=\"wp-block-heading\"><strong>Quels sont les risques de la greffe de cheveux FUE ?<\/strong><\/h2>\n\n\n\n<p>Comme pour toute autre intervention chirurgicale, il existe des risques que vous devez prendre en consid\u00e9ration.<\/p>\n\n\n\n<p>Nous avons dress\u00e9 une liste des 8 risques les plus importants :<\/p>\n\n\n\n<ul class=\"wp-block-list\">\n<li>Malaise<\/li>\n\n\n\n<li>Irritation<\/li>\n\n\n\n<li>Infections<\/li>\n\n\n\n<li>Hoquet<\/li>\n\n\n\n<li>Faiblesse<\/li>\n\n\n\n<li>Gonflement<\/li>\n\n\n\n<li>Perte de sang excessive<\/li>\n\n\n\n<li>Perte de greffons<\/li>\n<\/ul>\n\n\n\n<h2 class=\"wp-block-heading\"><strong>Est-ce douloureux ?<\/strong><\/h2>\n\n\n\n<p>La greffe de cheveux FUE est r\u00e9alis\u00e9e sous anesth\u00e9sie locale, ce qui signifie que le cuir chevelu est engourdi et que vous ne ressentez rien. L&rsquo;anesth\u00e9sie g\u00e9n\u00e9rale peut \u00eatre utilis\u00e9e, mais elle n&rsquo;est pas recommand\u00e9e en raison des risques et des effets secondaires qu&rsquo;elle comporte.<\/p>\n\n\n\n<p><\/p>\n","protected":false},"excerpt":{"rendered":"<p>Qu&rsquo;est-ce que la transplantation capillaire FUE ? La transplantation de cheveux est un processus tr\u00e8s r\u00e9ussi. La technologie de la greffe de cheveux a beaucoup \u00e9volu\u00e9 depuis le jour o\u00f9 elle a \u00e9t\u00e9 appliqu\u00e9e pour la premi\u00e8re fois, et elle a atteint l&rsquo;\u00e9tat le plus avanc\u00e9 de la technique avec la greffe de cheveux FUE,&hellip;<\/p>\n","protected":false},"author":1,"featured_media":26617,"parent":0,"menu_order":10,"comment_status":"closed","ping_status":"closed","template":"","meta":{"footnotes":""},"class_list":["post-22403","page","type-page","status-publish","has-post-thumbnail","hentry","description-off"],"yoast_head":"<!-- This site is optimized with the Yoast SEO Premium plugin v27.3 (Yoast SEO v27.3) - https:\/\/yoast.com\/product\/yoast-seo-premium-wordpress\/ -->\n<title>Greffe De Cheveux FUE | Estherian Clinic<\/title>\n<meta name=\"robots\" content=\"index, follow, max-snippet:-1, max-image-preview:large, max-video-preview:-1\" \/>\n<link rel=\"canonical\" href=\"https:\/\/estherian.com\/fr\/greffe-de-cheveux-fue\/\" \/>\n<meta property=\"og:locale\" content=\"fr_FR\" \/>\n<meta property=\"og:type\" content=\"article\" \/>\n<meta property=\"og:title\" content=\"Greffe De Cheveux FUE\" \/>\n<meta property=\"og:description\" content=\"Looks better with Estherian Clinic. Plastic Surgery, Dental treatments and more beautiful services!\" \/>\n<meta property=\"og:url\" content=\"https:\/\/estherian.com\/fr\/greffe-de-cheveux-fue\/\" \/>\n<meta property=\"og:site_name\" content=\"Estherian Clinic\" \/>\n<meta property=\"article:publisher\" content=\"https:\/\/www.facebook.com\/estherianclinic.en\" \/>\n<meta property=\"article:modified_time\" content=\"2024-12-31T09:35:55+00:00\" \/>\n<meta property=\"og:image\" content=\"https:\/\/estherian.com\/wp-content\/uploads\/fue_hair_transplant_1920x1080.jpg\" \/>\n\t<meta property=\"og:image:width\" content=\"1920\" \/>\n\t<meta property=\"og:image:height\" content=\"1080\" \/>\n\t<meta property=\"og:image:type\" content=\"image\/jpeg\" \/>\n<meta name=\"twitter:card\" content=\"summary_large_image\" \/>\n<meta name=\"twitter:site\" content=\"@EstherianTr\" \/>\n<meta name=\"twitter:label1\" content=\"Dur\u00e9e de lecture estim\u00e9e\" \/>\n\t<meta name=\"twitter:data1\" content=\"3 minutes\" \/>\n<script type=\"application\/ld+json\" class=\"yoast-schema-graph\">{\"@context\":\"https:\\\/\\\/schema.org\",\"@graph\":[{\"@type\":\"Article\",\"@id\":\"https:\\\/\\\/estherian.com\\\/fr\\\/greffe-de-cheveux-fue\\\/#article\",\"isPartOf\":{\"@id\":\"https:\\\/\\\/estherian.com\\\/fr\\\/greffe-de-cheveux-fue\\\/\"},\"author\":{\"name\":\"ferhatk\",\"@id\":\"https:\\\/\\\/estherian.com\\\/fr\\\/#\\\/schema\\\/person\\\/0b1452799c3700afbfcfd3a0f5e64732\"},\"headline\":\"Greffe De Cheveux FUE\",\"datePublished\":\"2024-11-29T05:10:37+00:00\",\"dateModified\":\"2024-12-31T09:35:55+00:00\",\"mainEntityOfPage\":{\"@id\":\"https:\\\/\\\/estherian.com\\\/fr\\\/greffe-de-cheveux-fue\\\/\"},\"wordCount\":516,\"publisher\":{\"@id\":\"https:\\\/\\\/estherian.com\\\/fr\\\/#organization\"},\"image\":{\"@id\":\"https:\\\/\\\/estherian.com\\\/fr\\\/greffe-de-cheveux-fue\\\/#primaryimage\"},\"thumbnailUrl\":\"https:\\\/\\\/estherian.com\\\/wp-content\\\/uploads\\\/fue_hair_transplant_1920x1080.jpg\",\"inLanguage\":\"fr-FR\"},{\"@type\":\"WebPage\",\"@id\":\"https:\\\/\\\/estherian.com\\\/fr\\\/greffe-de-cheveux-fue\\\/\",\"url\":\"https:\\\/\\\/estherian.com\\\/fr\\\/greffe-de-cheveux-fue\\\/\",\"name\":\"Greffe De Cheveux FUE | Estherian Clinic\",\"isPartOf\":{\"@id\":\"https:\\\/\\\/estherian.com\\\/fr\\\/#website\"},\"primaryImageOfPage\":{\"@id\":\"https:\\\/\\\/estherian.com\\\/fr\\\/greffe-de-cheveux-fue\\\/#primaryimage\"},\"image\":{\"@id\":\"https:\\\/\\\/estherian.com\\\/fr\\\/greffe-de-cheveux-fue\\\/#primaryimage\"},\"thumbnailUrl\":\"https:\\\/\\\/estherian.com\\\/wp-content\\\/uploads\\\/fue_hair_transplant_1920x1080.jpg\",\"datePublished\":\"2024-11-29T05:10:37+00:00\",\"dateModified\":\"2024-12-31T09:35:55+00:00\",\"breadcrumb\":{\"@id\":\"https:\\\/\\\/estherian.com\\\/fr\\\/greffe-de-cheveux-fue\\\/#breadcrumb\"},\"inLanguage\":\"fr-FR\",\"potentialAction\":[{\"@type\":\"ReadAction\",\"target\":[\"https:\\\/\\\/estherian.com\\\/fr\\\/greffe-de-cheveux-fue\\\/\"]}]},{\"@type\":\"ImageObject\",\"inLanguage\":\"fr-FR\",\"@id\":\"https:\\\/\\\/estherian.com\\\/fr\\\/greffe-de-cheveux-fue\\\/#primaryimage\",\"url\":\"https:\\\/\\\/estherian.com\\\/wp-content\\\/uploads\\\/fue_hair_transplant_1920x1080.jpg\",\"contentUrl\":\"https:\\\/\\\/estherian.com\\\/wp-content\\\/uploads\\\/fue_hair_transplant_1920x1080.jpg\",\"width\":1920,\"height\":1080},{\"@type\":\"BreadcrumbList\",\"@id\":\"https:\\\/\\\/estherian.com\\\/fr\\\/greffe-de-cheveux-fue\\\/#breadcrumb\",\"itemListElement\":[{\"@type\":\"ListItem\",\"position\":1,\"name\":\"Home\",\"item\":\"https:\\\/\\\/estherian.com\\\/fr\\\/\"},{\"@type\":\"ListItem\",\"position\":2,\"name\":\"Greffe De Cheveux FUE\"}]},{\"@type\":\"WebSite\",\"@id\":\"https:\\\/\\\/estherian.com\\\/fr\\\/#website\",\"url\":\"https:\\\/\\\/estherian.com\\\/fr\\\/\",\"name\":\"Estherian Clinic\",\"description\":\"Plastic Surgery | Dental | Hair Transplant in Turkey\",\"publisher\":{\"@id\":\"https:\\\/\\\/estherian.com\\\/fr\\\/#organization\"},\"potentialAction\":[{\"@type\":\"SearchAction\",\"target\":{\"@type\":\"EntryPoint\",\"urlTemplate\":\"https:\\\/\\\/estherian.com\\\/fr\\\/?s={search_term_string}\"},\"query-input\":{\"@type\":\"PropertyValueSpecification\",\"valueRequired\":true,\"valueName\":\"search_term_string\"}}],\"inLanguage\":\"fr-FR\"},{\"@type\":\"Organization\",\"@id\":\"https:\\\/\\\/estherian.com\\\/fr\\\/#organization\",\"name\":\"Estherian Clinic\",\"alternateName\":\"Estherian\",\"url\":\"https:\\\/\\\/estherian.com\\\/fr\\\/\",\"logo\":{\"@type\":\"ImageObject\",\"inLanguage\":\"fr-FR\",\"@id\":\"https:\\\/\\\/estherian.com\\\/fr\\\/#\\\/schema\\\/logo\\\/image\\\/\",\"url\":\"https:\\\/\\\/estherian.com\\\/wp-content\\\/uploads\\\/2024\\\/10\\\/EstherianLogo.png\",\"contentUrl\":\"https:\\\/\\\/estherian.com\\\/wp-content\\\/uploads\\\/2024\\\/10\\\/EstherianLogo.png\",\"width\":882,\"height\":934,\"caption\":\"Estherian Clinic\"},\"image\":{\"@id\":\"https:\\\/\\\/estherian.com\\\/fr\\\/#\\\/schema\\\/logo\\\/image\\\/\"},\"sameAs\":[\"https:\\\/\\\/www.facebook.com\\\/estherianclinic.en\",\"https:\\\/\\\/x.com\\\/EstherianTr\",\"https:\\\/\\\/www.instagram.com\\\/estherianclinic\\\/\",\"https:\\\/\\\/www.tiktok.com\\\/@estherian.clinic\",\"https:\\\/\\\/www.youtube.com\\\/estherianclinic\"],\"email\":\"hi@estherian.com\",\"telephone\":\"+90-544-169-9000\",\"legalName\":\"ESTHERIAN CLINIC SA\u011eLIK H\u0130ZMETLER\u0130 SAN. T\u0130C. LTD. \u015eT\u0130.\",\"foundingDate\":\"2020-03-09\",\"vatID\":\"TR1601485625\",\"taxID\":\"1601485625\",\"numberOfEmployees\":{\"@type\":\"QuantitativeValue\",\"minValue\":\"51\",\"maxValue\":\"200\"},\"publishingPrinciples\":\"https:\\\/\\\/estherian.com\\\/tr\\\/sartlar-ve-kosullar\\\/\",\"actionableFeedbackPolicy\":\"https:\\\/\\\/estherian.com\\\/tr\\\/gizlilik-politikasi\\\/\",\"correctionsPolicy\":\"https:\\\/\\\/estherian.com\\\/tr\\\/gizlilik-politikasi\\\/\",\"ethicsPolicy\":\"https:\\\/\\\/estherian.com\\\/tr\\\/gizlilik-politikasi\\\/\",\"diversityPolicy\":\"https:\\\/\\\/estherian.com\\\/tr\\\/gizlilik-politikasi\\\/\",\"diversityStaffingReport\":\"https:\\\/\\\/estherian.com\\\/tr\\\/gizlilik-politikasi\\\/\"},{\"@type\":\"Person\",\"@id\":\"https:\\\/\\\/estherian.com\\\/fr\\\/#\\\/schema\\\/person\\\/0b1452799c3700afbfcfd3a0f5e64732\",\"name\":\"ferhatk\",\"image\":{\"@type\":\"ImageObject\",\"inLanguage\":\"fr-FR\",\"@id\":\"https:\\\/\\\/secure.gravatar.com\\\/avatar\\\/5192156a410fa37c70ea8d4f0d01782533c470a75971ae114e5cd116be51ca05?s=96&d=mm&r=g\",\"url\":\"https:\\\/\\\/secure.gravatar.com\\\/avatar\\\/5192156a410fa37c70ea8d4f0d01782533c470a75971ae114e5cd116be51ca05?s=96&d=mm&r=g\",\"contentUrl\":\"https:\\\/\\\/secure.gravatar.com\\\/avatar\\\/5192156a410fa37c70ea8d4f0d01782533c470a75971ae114e5cd116be51ca05?s=96&d=mm&r=g\",\"caption\":\"ferhatk\"},\"sameAs\":[\"https:\\\/\\\/v2.estherian.com\"]}]}<\/script>\n<!-- \/ Yoast SEO Premium plugin. -->","yoast_head_json":{"title":"Greffe De Cheveux FUE | Estherian Clinic","robots":{"index":"index","follow":"follow","max-snippet":"max-snippet:-1","max-image-preview":"max-image-preview:large","max-video-preview":"max-video-preview:-1"},"canonical":"https:\/\/estherian.com\/fr\/greffe-de-cheveux-fue\/","og_locale":"fr_FR","og_type":"article","og_title":"Greffe De Cheveux FUE","og_description":"Looks better with Estherian Clinic. Plastic Surgery, Dental treatments and more beautiful services!","og_url":"https:\/\/estherian.com\/fr\/greffe-de-cheveux-fue\/","og_site_name":"Estherian Clinic","article_publisher":"https:\/\/www.facebook.com\/estherianclinic.en","article_modified_time":"2024-12-31T09:35:55+00:00","og_image":[{"width":1920,"height":1080,"url":"https:\/\/estherian.com\/wp-content\/uploads\/fue_hair_transplant_1920x1080.jpg","type":"image\/jpeg"}],"twitter_card":"summary_large_image","twitter_site":"@EstherianTr","twitter_misc":{"Dur\u00e9e de lecture estim\u00e9e":"3 minutes"},"schema":{"@context":"https:\/\/schema.org","@graph":[{"@type":"Article","@id":"https:\/\/estherian.com\/fr\/greffe-de-cheveux-fue\/#article","isPartOf":{"@id":"https:\/\/estherian.com\/fr\/greffe-de-cheveux-fue\/"},"author":{"name":"ferhatk","@id":"https:\/\/estherian.com\/fr\/#\/schema\/person\/0b1452799c3700afbfcfd3a0f5e64732"},"headline":"Greffe De Cheveux FUE","datePublished":"2024-11-29T05:10:37+00:00","dateModified":"2024-12-31T09:35:55+00:00","mainEntityOfPage":{"@id":"https:\/\/estherian.com\/fr\/greffe-de-cheveux-fue\/"},"wordCount":516,"publisher":{"@id":"https:\/\/estherian.com\/fr\/#organization"},"image":{"@id":"https:\/\/estherian.com\/fr\/greffe-de-cheveux-fue\/#primaryimage"},"thumbnailUrl":"https:\/\/estherian.com\/wp-content\/uploads\/fue_hair_transplant_1920x1080.jpg","inLanguage":"fr-FR"},{"@type":"WebPage","@id":"https:\/\/estherian.com\/fr\/greffe-de-cheveux-fue\/","url":"https:\/\/estherian.com\/fr\/greffe-de-cheveux-fue\/","name":"Greffe De Cheveux FUE | Estherian Clinic","isPartOf":{"@id":"https:\/\/estherian.com\/fr\/#website"},"primaryImageOfPage":{"@id":"https:\/\/estherian.com\/fr\/greffe-de-cheveux-fue\/#primaryimage"},"image":{"@id":"https:\/\/estherian.com\/fr\/greffe-de-cheveux-fue\/#primaryimage"},"thumbnailUrl":"https:\/\/estherian.com\/wp-content\/uploads\/fue_hair_transplant_1920x1080.jpg","datePublished":"2024-11-29T05:10:37+00:00","dateModified":"2024-12-31T09:35:55+00:00","breadcrumb":{"@id":"https:\/\/estherian.com\/fr\/greffe-de-cheveux-fue\/#breadcrumb"},"inLanguage":"fr-FR","potentialAction":[{"@type":"ReadAction","target":["https:\/\/estherian.com\/fr\/greffe-de-cheveux-fue\/"]}]},{"@type":"ImageObject","inLanguage":"fr-FR","@id":"https:\/\/estherian.com\/fr\/greffe-de-cheveux-fue\/#primaryimage","url":"https:\/\/estherian.com\/wp-content\/uploads\/fue_hair_transplant_1920x1080.jpg","contentUrl":"https:\/\/estherian.com\/wp-content\/uploads\/fue_hair_transplant_1920x1080.jpg","width":1920,"height":1080},{"@type":"BreadcrumbList","@id":"https:\/\/estherian.com\/fr\/greffe-de-cheveux-fue\/#breadcrumb","itemListElement":[{"@type":"ListItem","position":1,"name":"Home","item":"https:\/\/estherian.com\/fr\/"},{"@type":"ListItem","position":2,"name":"Greffe De Cheveux FUE"}]},{"@type":"WebSite","@id":"https:\/\/estherian.com\/fr\/#website","url":"https:\/\/estherian.com\/fr\/","name":"Estherian Clinic","description":"Plastic Surgery | Dental | Hair Transplant in Turkey","publisher":{"@id":"https:\/\/estherian.com\/fr\/#organization"},"potentialAction":[{"@type":"SearchAction","target":{"@type":"EntryPoint","urlTemplate":"https:\/\/estherian.com\/fr\/?s={search_term_string}"},"query-input":{"@type":"PropertyValueSpecification","valueRequired":true,"valueName":"search_term_string"}}],"inLanguage":"fr-FR"},{"@type":"Organization","@id":"https:\/\/estherian.com\/fr\/#organization","name":"Estherian Clinic","alternateName":"Estherian","url":"https:\/\/estherian.com\/fr\/","logo":{"@type":"ImageObject","inLanguage":"fr-FR","@id":"https:\/\/estherian.com\/fr\/#\/schema\/logo\/image\/","url":"https:\/\/estherian.com\/wp-content\/uploads\/2024\/10\/EstherianLogo.png","contentUrl":"https:\/\/estherian.com\/wp-content\/uploads\/2024\/10\/EstherianLogo.png","width":882,"height":934,"caption":"Estherian Clinic"},"image":{"@id":"https:\/\/estherian.com\/fr\/#\/schema\/logo\/image\/"},"sameAs":["https:\/\/www.facebook.com\/estherianclinic.en","https:\/\/x.com\/EstherianTr","https:\/\/www.instagram.com\/estherianclinic\/","https:\/\/www.tiktok.com\/@estherian.clinic","https:\/\/www.youtube.com\/estherianclinic"],"email":"hi@estherian.com","telephone":"+90-544-169-9000","legalName":"ESTHERIAN CLINIC SA\u011eLIK H\u0130ZMETLER\u0130 SAN. T\u0130C. LTD. \u015eT\u0130.","foundingDate":"2020-03-09","vatID":"TR1601485625","taxID":"1601485625","numberOfEmployees":{"@type":"QuantitativeValue","minValue":"51","maxValue":"200"},"publishingPrinciples":"https:\/\/estherian.com\/tr\/sartlar-ve-kosullar\/","actionableFeedbackPolicy":"https:\/\/estherian.com\/tr\/gizlilik-politikasi\/","correctionsPolicy":"https:\/\/estherian.com\/tr\/gizlilik-politikasi\/","ethicsPolicy":"https:\/\/estherian.com\/tr\/gizlilik-politikasi\/","diversityPolicy":"https:\/\/estherian.com\/tr\/gizlilik-politikasi\/","diversityStaffingReport":"https:\/\/estherian.com\/tr\/gizlilik-politikasi\/"},{"@type":"Person","@id":"https:\/\/estherian.com\/fr\/#\/schema\/person\/0b1452799c3700afbfcfd3a0f5e64732","name":"ferhatk","image":{"@type":"ImageObject","inLanguage":"fr-FR","@id":"https:\/\/secure.gravatar.com\/avatar\/5192156a410fa37c70ea8d4f0d01782533c470a75971ae114e5cd116be51ca05?s=96&d=mm&r=g","url":"https:\/\/secure.gravatar.com\/avatar\/5192156a410fa37c70ea8d4f0d01782533c470a75971ae114e5cd116be51ca05?s=96&d=mm&r=g","contentUrl":"https:\/\/secure.gravatar.com\/avatar\/5192156a410fa37c70ea8d4f0d01782533c470a75971ae114e5cd116be51ca05?s=96&d=mm&r=g","caption":"ferhatk"},"sameAs":["https:\/\/v2.estherian.com"]}]}},"_links":{"self":[{"href":"https:\/\/estherian.com\/fr\/wp-json\/wp\/v2\/pages\/22403","targetHints":{"allow":["GET"]}}],"collection":[{"href":"https:\/\/estherian.com\/fr\/wp-json\/wp\/v2\/pages"}],"about":[{"href":"https:\/\/estherian.com\/fr\/wp-json\/wp\/v2\/types\/page"}],"author":[{"embeddable":true,"href":"https:\/\/estherian.com\/fr\/wp-json\/wp\/v2\/users\/1"}],"replies":[{"embeddable":true,"href":"https:\/\/estherian.com\/fr\/wp-json\/wp\/v2\/comments?post=22403"}],"version-history":[{"count":0,"href":"https:\/\/estherian.com\/fr\/wp-json\/wp\/v2\/pages\/22403\/revisions"}],"wp:featuredmedia":[{"embeddable":true,"href":"https:\/\/estherian.com\/fr\/wp-json\/wp\/v2\/media\/26617"}],"wp:attachment":[{"href":"https:\/\/estherian.com\/fr\/wp-json\/wp\/v2\/media?parent=22403"}],"curies":[{"name":"wp","href":"https:\/\/api.w.org\/{rel}","templated":true}]}}