{"id":28878,"date":"2025-01-20T13:49:12","date_gmt":"2025-01-20T10:49:12","guid":{"rendered":"https:\/\/estherian.com\/?page_id=28878"},"modified":"2025-01-20T14:05:48","modified_gmt":"2025-01-20T14:05:48","slug":"certifications-de-qualite","status":"publish","type":"page","link":"https:\/\/estherian.com\/fr\/certifications-de-qualite\/","title":{"rendered":"Certifications de qualit\u00e9"},"content":{"rendered":"\t\t<div data-elementor-type=\"wp-page\" data-elementor-id=\"28878\" class=\"elementor elementor-28878 elementor-28851\" data-elementor-post-type=\"page\">\n\t\t\t\t<div class=\"elementor-element elementor-element-4c17a88 e-grid e-con-full e-con e-parent\" data-id=\"4c17a88\" data-element_type=\"container\" data-e-type=\"container\">\n\t\t\t\t<div class=\"elementor-element elementor-element-efe6dab elementor-widget elementor-widget-image\" data-id=\"efe6dab\" data-element_type=\"widget\" data-e-type=\"widget\" data-widget_type=\"image.default\">\n\t\t\t\t<div class=\"elementor-widget-container\">\n\t\t\t\t\t\t\t\t\t\t\t\t\t\t\t<img decoding=\"async\" src=\"https:\/\/estherian.com\/wp-content\/uploads\/6-seyahatacentesi.jpg\" title=\"\" alt=\"\" loading=\"lazy\" \/>\t\t\t\t\t\t\t\t\t\t\t\t\t\t\t<\/div>\n\t\t\t\t<\/div>\n\t\t\t\t<div class=\"elementor-element elementor-element-9b2341c elementor-widget elementor-widget-text-editor\" data-id=\"9b2341c\" data-element_type=\"widget\" data-e-type=\"widget\" data-widget_type=\"text-editor.default\">\n\t\t\t\t<div class=\"elementor-widget-container\">\n\t\t\t\t\t\t\t\t\t<div class=\"elementor-element elementor-element-67444a81 e-flex e-con-boxed e-con e-child\" data-id=\"67444a81\" data-element_type=\"container\"><div class=\"e-con-inner\"><div class=\"elementor-element elementor-element-5b347215 elementor-widget elementor-widget-theme-post-content\" data-id=\"5b347215\" data-element_type=\"widget\" data-widget_type=\"theme-post-content.default\"><div class=\"elementor-widget-container\"><div class=\"wp-block-columns is-layout-flex wp-container-core-columns-is-layout-3 wp-block-columns-is-layout-flex\"><div class=\"wp-block-column is-layout-flow wp-block-column-is-layout-flow\"><p data-sourcepos=\"3:1-3:404\"><strong>Ce certificat est une \u00ab Licence d&rsquo;Exploitation d&rsquo;Agence de Voyages \u00bb (Seyahat Acentas\u0131 \u0130\u015fletme Belgesi) d\u00e9livr\u00e9e par le Minist\u00e8re turc de la Culture et du Tourisme (T.C. K\u00fclt\u00fcr ve Turizm Bakanl\u0131\u011f\u0131). Il signifie que le titulaire, Estherian Clinic Sa\u011fl\u0131k Hizmetleri San. ve Tic. Ltd. \u015eti., a \u00e9t\u00e9 officiellement reconnu et autoris\u00e9 \u00e0 exercer en tant qu&rsquo;agence de voyages dans la cat\u00e9gorie de licence A.<\/strong><\/p><p data-sourcepos=\"5:1-5:80\"><strong>Les principales informations figurant sur le certificat sont les suivantes :<\/strong><\/p><ul data-sourcepos=\"7:1-11:0\"><li data-sourcepos=\"7:1-7:33\"><strong>Num\u00e9ro de certificat:<\/strong> 11931<\/li><li data-sourcepos=\"8:1-8:36\"><strong>Date de d\u00e9livrance:<\/strong> 14\/06\/2022<\/li><li data-sourcepos=\"9:1-9:111\"><strong>Lieu:<\/strong> L&rsquo;entreprise exerce ses activit\u00e9s \u00e0 une adresse sp\u00e9cifique, \u00e9galement mentionn\u00e9e sur le certificat.<\/li><li data-sourcepos=\"10:1-11:0\"><strong>Signature de l&rsquo;autorit\u00e9:<\/strong> Le certificat est valid\u00e9 par un repr\u00e9sentant autoris\u00e9 du Minist\u00e8re, garantissant le respect de la r\u00e9glementation nationale en mati\u00e8re de tourisme et de services de voyage.<\/li><\/ul><p data-sourcepos=\"12:1-12:205\">Ce document refl\u00e8te le respect par Estherian Clinic des normes l\u00e9gales et professionnelles dans la fourniture de services de tourisme de sant\u00e9 et de voyage, assurant qualit\u00e9 et confiance \u00e0 ses clients.<\/p><\/div><\/div><\/div><\/div><\/div><\/div>\t\t\t\t\t\t\t\t<\/div>\n\t\t\t\t<\/div>\n\t\t\t\t<\/div>\n\t\t<div class=\"elementor-element elementor-element-d799433 e-grid e-con-full e-con e-parent\" data-id=\"d799433\" data-element_type=\"container\" data-e-type=\"container\">\n\t\t\t\t<div class=\"elementor-element elementor-element-28b2d16 elementor-widget elementor-widget-image\" data-id=\"28b2d16\" data-element_type=\"widget\" data-e-type=\"widget\" data-widget_type=\"image.default\">\n\t\t\t\t<div class=\"elementor-widget-container\">\n\t\t\t\t\t\t\t\t\t\t\t\t\t\t\t<img decoding=\"async\" src=\"https:\/\/estherian.com\/wp-content\/uploads\/5-saglikturizmibelgesi.jpg\" title=\"\" alt=\"\" loading=\"lazy\" \/>\t\t\t\t\t\t\t\t\t\t\t\t\t\t\t<\/div>\n\t\t\t\t<\/div>\n\t\t\t\t<div class=\"elementor-element elementor-element-3acee98 elementor-widget elementor-widget-text-editor\" data-id=\"3acee98\" data-element_type=\"widget\" data-e-type=\"widget\" data-widget_type=\"text-editor.default\">\n\t\t\t\t<div class=\"elementor-widget-container\">\n\t\t\t\t\t\t\t\t\t<div class=\"elementor-element elementor-element-67444a81 e-flex e-con-boxed e-con e-child\" data-id=\"67444a81\" data-element_type=\"container\"><div class=\"e-con-inner\"><div class=\"elementor-element elementor-element-5b347215 elementor-widget elementor-widget-theme-post-content\" data-id=\"5b347215\" data-element_type=\"widget\" data-widget_type=\"theme-post-content.default\"><div class=\"elementor-widget-container\"><div class=\"wp-block-columns is-layout-flex wp-container-core-columns-is-layout-3 wp-block-columns-is-layout-flex\"><div class=\"wp-block-column is-layout-flow wp-block-column-is-layout-flow\"><p data-sourcepos=\"3:1-3:613\"><strong>Certificat d&rsquo;Autorisation de Tourisme de Sant\u00e9 International\u00a0\u00bb (Uluslararas\u0131 Sa\u011fl\u0131k Turizmi Yetki Belgesi) d\u00e9livr\u00e9 par le Minist\u00e8re de la Sant\u00e9 turc (T\u00fcrkiye Cumhuriyeti Sa\u011fl\u0131k Bakanl\u0131\u011f\u0131).<\/strong> Il signifie que le titulaire, Estherian Clinic Sa\u011fl\u0131k Hizmetleri San. ve Tic. Ltd. \u015eti., a \u00e9t\u00e9 officiellement reconnu et autoris\u00e9 \u00e0 exercer dans le domaine du tourisme de sant\u00e9 international dans le cadre du R\u00e8glement sur le tourisme de sant\u00e9 international et la sant\u00e9 des touristes, conform\u00e9ment aux exigences des institutions facilitatrices du tourisme de sant\u00e9 international et aux principes g\u00e9n\u00e9raux du R\u00e8glement.<\/p><p data-sourcepos=\"5:1-5:79\"><strong>Les principales informations figurant sur le certificat sont les suivantes:<\/strong><\/p><ul data-sourcepos=\"7:1-9:0\"><li data-sourcepos=\"7:1-7:35\"><strong>Num\u00e9ro de certificat:<\/strong> AK-0307<\/li><li data-sourcepos=\"8:1-9:0\"><strong>Autorit\u00e9 d\u00e9livrante:<\/strong> Prof. Dr. Sabahattin AYDIN, Ministre adjoint<\/li><\/ul><p data-sourcepos=\"10:1-10:201\">Ce document refl\u00e8te le respect par Estherian Clinic des normes l\u00e9gales et professionnelles dans la fourniture de services de tourisme de sant\u00e9, garantissant la qualit\u00e9 et la confiance pour ses clients.<\/p><p data-sourcepos=\"5:1-5:43\"><strong>Key details on the certificate include:<\/strong><\/p><ul data-sourcepos=\"7:1-9:0\"><li data-sourcepos=\"7:1-7:33\"><strong>Certificate Number:<\/strong> AK-0307<\/li><li data-sourcepos=\"8:1-9:0\"><strong>Issuing Authority:<\/strong> Prof. Dr. Sabahattin AYDIN, Deputy Minister<\/li><\/ul><p data-sourcepos=\"10:1-10:173\">This document reflects Estherian Clinic&rsquo;s adherence to legal and professional standards in providing health tourism services, ensuring quality and trust for its clients.<\/p><\/div><\/div><\/div><\/div><\/div><\/div>\t\t\t\t\t\t\t\t<\/div>\n\t\t\t\t<\/div>\n\t\t\t\t<\/div>\n\t\t<div class=\"elementor-element elementor-element-7eccb11 e-grid e-con-full e-con e-parent\" data-id=\"7eccb11\" data-element_type=\"container\" data-e-type=\"container\">\n\t\t\t\t<div class=\"elementor-element elementor-element-ee9fda1 elementor-widget elementor-widget-image\" data-id=\"ee9fda1\" data-element_type=\"widget\" data-e-type=\"widget\" data-widget_type=\"image.default\">\n\t\t\t\t<div class=\"elementor-widget-container\">\n\t\t\t\t\t\t\t\t\t\t\t\t\t\t\t<img decoding=\"async\" width=\"1200\" height=\"788\" src=\"https:\/\/estherian.com\/wp-content\/uploads\/tursab-golden-plate.jpg\" class=\"attachment-large size-large wp-image-28731\" alt=\"\" srcset=\"https:\/\/estherian.com\/wp-content\/uploads\/tursab-golden-plate.jpg 1583w, https:\/\/estherian.com\/wp-content\/uploads\/tursab-golden-plate-440x289.jpg 440w, https:\/\/estherian.com\/wp-content\/uploads\/tursab-golden-plate-768x505.jpg 768w, https:\/\/estherian.com\/wp-content\/uploads\/tursab-golden-plate-1536x1009.jpg 1536w\" sizes=\"(max-width: 1200px) 100vw, 1200px\" \/>\t\t\t\t\t\t\t\t\t\t\t\t\t\t\t<\/div>\n\t\t\t\t<\/div>\n\t\t\t\t<div class=\"elementor-element elementor-element-e892baf elementor-widget elementor-widget-text-editor\" data-id=\"e892baf\" data-element_type=\"widget\" data-e-type=\"widget\" data-widget_type=\"text-editor.default\">\n\t\t\t\t<div class=\"elementor-widget-container\">\n\t\t\t\t\t\t\t\t\t<div class=\"elementor-element elementor-element-67444a81 e-flex e-con-boxed e-con e-child\" data-id=\"67444a81\" data-element_type=\"container\"><div class=\"e-con-inner\"><div class=\"elementor-element elementor-element-5b347215 elementor-widget elementor-widget-theme-post-content\" data-id=\"5b347215\" data-element_type=\"widget\" data-widget_type=\"theme-post-content.default\"><div class=\"elementor-widget-container\"><div class=\"wp-block-columns is-layout-flex wp-container-core-columns-is-layout-3 wp-block-columns-is-layout-flex\"><div class=\"wp-block-column is-layout-flow wp-block-column-is-layout-flow\"><p data-sourcepos=\"3:1-3:345\"><strong>Licence d&rsquo;exploitation d&rsquo;agence de voyages\u00a0\u00bb (Seyahat Acentas\u0131 \u0130\u015fletme Belgesi) d\u00e9livr\u00e9e par le Minist\u00e8re turc de la Culture et du Tourisme (T.C. K\u00fclt\u00fcr ve Turizm Bakanl\u0131\u011f\u0131).<\/strong> Cela signifie que le titulaire, <strong>Estherian Clinic Sa\u011fl\u0131k Turizmi Seyahat Acantas\u0131<\/strong>, a \u00e9t\u00e9 officiellement reconnu et autoris\u00e9 \u00e0 exercer en tant qu&rsquo;agence de voyages.<\/p><p data-sourcepos=\"5:1-5:79\"><strong>Les principales informations figurant sur le certificat sont les suivantes:<\/strong><\/p><ul data-sourcepos=\"7:1-8:0\"><li data-sourcepos=\"7:1-8:0\"><strong>Num\u00e9ro de certificat:<\/strong> 13378<\/li><\/ul><p data-sourcepos=\"9:1-9:213\">Ce document refl\u00e8te le respect par Estherian Clinic Sa\u011fl\u0131k Turizmi Seyahat Acantas\u0131 des normes l\u00e9gales et professionnelles dans la fourniture de services de voyage, assurant qualit\u00e9 et confiance \u00e0 ses clients.<\/p><p data-sourcepos=\"5:1-5:43\"><strong>Key details on the certificate include:<\/strong><\/p><ul data-sourcepos=\"7:1-8:0\"><li data-sourcepos=\"7:1-8:0\"><strong>Certificate Number:<\/strong> 13378<\/li><\/ul><p data-sourcepos=\"9:1-9:197\">This document reflects Estherian Clinic Sa\u011fl\u0131k Turizmi Seyahat Acantas\u0131\u2019s adherence to legal and professional standards in providing travel services, ensuring quality and trust for its clients.<\/p><\/div><\/div><\/div><\/div><\/div><\/div>\t\t\t\t\t\t\t\t<\/div>\n\t\t\t\t<\/div>\n\t\t\t\t<\/div>\n\t\t\t\t<\/div>\n\t\t","protected":false},"excerpt":{"rendered":"<p>Ce certificat est une \u00ab Licence d&rsquo;Exploitation d&rsquo;Agence de Voyages \u00bb (Seyahat Acentas\u0131 \u0130\u015fletme Belgesi) d\u00e9livr\u00e9e par le Minist\u00e8re turc de la Culture et du Tourisme (T.C. K\u00fclt\u00fcr ve Turizm Bakanl\u0131\u011f\u0131). Il signifie que le titulaire, Estherian Clinic Sa\u011fl\u0131k Hizmetleri San. ve Tic. Ltd. \u015eti., a \u00e9t\u00e9 officiellement reconnu et autoris\u00e9 \u00e0 exercer en tant&hellip;<\/p>\n","protected":false},"author":1,"featured_media":28862,"parent":0,"menu_order":0,"comment_status":"closed","ping_status":"closed","template":"","meta":{"footnotes":""},"class_list":["post-28878","page","type-page","status-publish","has-post-thumbnail","hentry"],"yoast_head":"<!-- This site is optimized with the Yoast SEO Premium plugin v27.3 (Yoast SEO v27.3) - https:\/\/yoast.com\/product\/yoast-seo-premium-wordpress\/ -->\n<title>Certifications de qualit\u00e9 | Estherian Clinic<\/title>\n<meta name=\"robots\" content=\"index, follow, max-snippet:-1, max-image-preview:large, max-video-preview:-1\" \/>\n<link rel=\"canonical\" href=\"https:\/\/estherian.com\/fr\/certifications-de-qualite\/\" \/>\n<meta property=\"og:locale\" content=\"fr_FR\" \/>\n<meta property=\"og:type\" content=\"article\" \/>\n<meta property=\"og:title\" content=\"Certifications de qualit\u00e9\" \/>\n<meta property=\"og:description\" content=\"Looks better with Estherian Clinic. Plastic Surgery, Dental treatments and more beautiful services!\" \/>\n<meta property=\"og:url\" content=\"https:\/\/estherian.com\/fr\/certifications-de-qualite\/\" \/>\n<meta property=\"og:site_name\" content=\"Estherian Clinic\" \/>\n<meta property=\"article:publisher\" content=\"https:\/\/www.facebook.com\/estherianclinic.en\" \/>\n<meta property=\"article:modified_time\" content=\"2025-01-20T14:05:48+00:00\" \/>\n<meta property=\"og:image\" content=\"https:\/\/estherian.com\/wp-content\/uploads\/quality_certifications_1920x1080-1.jpg\" \/>\n\t<meta property=\"og:image:width\" content=\"1920\" \/>\n\t<meta property=\"og:image:height\" content=\"1080\" \/>\n\t<meta property=\"og:image:type\" content=\"image\/jpeg\" \/>\n<meta name=\"twitter:card\" content=\"summary_large_image\" \/>\n<meta name=\"twitter:site\" content=\"@EstherianTr\" \/>\n<meta name=\"twitter:label1\" content=\"Dur\u00e9e de lecture estim\u00e9e\" \/>\n\t<meta name=\"twitter:data1\" content=\"6 minutes\" \/>\n<script type=\"application\/ld+json\" class=\"yoast-schema-graph\">{\"@context\":\"https:\\\/\\\/schema.org\",\"@graph\":[{\"@type\":\"Article\",\"@id\":\"https:\\\/\\\/estherian.com\\\/fr\\\/certifications-de-qualite\\\/#article\",\"isPartOf\":{\"@id\":\"https:\\\/\\\/estherian.com\\\/fr\\\/certifications-de-qualite\\\/\"},\"author\":{\"name\":\"ferhatk\",\"@id\":\"https:\\\/\\\/estherian.com\\\/fr\\\/#\\\/schema\\\/person\\\/0b1452799c3700afbfcfd3a0f5e64732\"},\"headline\":\"Certifications de qualit\u00e9\",\"datePublished\":\"2025-01-20T10:49:12+00:00\",\"dateModified\":\"2025-01-20T14:05:48+00:00\",\"mainEntityOfPage\":{\"@id\":\"https:\\\/\\\/estherian.com\\\/fr\\\/certifications-de-qualite\\\/\"},\"wordCount\":521,\"publisher\":{\"@id\":\"https:\\\/\\\/estherian.com\\\/fr\\\/#organization\"},\"image\":{\"@id\":\"https:\\\/\\\/estherian.com\\\/fr\\\/certifications-de-qualite\\\/#primaryimage\"},\"thumbnailUrl\":\"https:\\\/\\\/estherian.com\\\/wp-content\\\/uploads\\\/quality_certifications_1920x1080-1.jpg\",\"inLanguage\":\"fr-FR\"},{\"@type\":\"WebPage\",\"@id\":\"https:\\\/\\\/estherian.com\\\/fr\\\/certifications-de-qualite\\\/\",\"url\":\"https:\\\/\\\/estherian.com\\\/fr\\\/certifications-de-qualite\\\/\",\"name\":\"Certifications de qualit\u00e9 | Estherian Clinic\",\"isPartOf\":{\"@id\":\"https:\\\/\\\/estherian.com\\\/fr\\\/#website\"},\"primaryImageOfPage\":{\"@id\":\"https:\\\/\\\/estherian.com\\\/fr\\\/certifications-de-qualite\\\/#primaryimage\"},\"image\":{\"@id\":\"https:\\\/\\\/estherian.com\\\/fr\\\/certifications-de-qualite\\\/#primaryimage\"},\"thumbnailUrl\":\"https:\\\/\\\/estherian.com\\\/wp-content\\\/uploads\\\/quality_certifications_1920x1080-1.jpg\",\"datePublished\":\"2025-01-20T10:49:12+00:00\",\"dateModified\":\"2025-01-20T14:05:48+00:00\",\"breadcrumb\":{\"@id\":\"https:\\\/\\\/estherian.com\\\/fr\\\/certifications-de-qualite\\\/#breadcrumb\"},\"inLanguage\":\"fr-FR\",\"potentialAction\":[{\"@type\":\"ReadAction\",\"target\":[\"https:\\\/\\\/estherian.com\\\/fr\\\/certifications-de-qualite\\\/\"]}]},{\"@type\":\"ImageObject\",\"inLanguage\":\"fr-FR\",\"@id\":\"https:\\\/\\\/estherian.com\\\/fr\\\/certifications-de-qualite\\\/#primaryimage\",\"url\":\"https:\\\/\\\/estherian.com\\\/wp-content\\\/uploads\\\/quality_certifications_1920x1080-1.jpg\",\"contentUrl\":\"https:\\\/\\\/estherian.com\\\/wp-content\\\/uploads\\\/quality_certifications_1920x1080-1.jpg\",\"width\":1920,\"height\":1080},{\"@type\":\"BreadcrumbList\",\"@id\":\"https:\\\/\\\/estherian.com\\\/fr\\\/certifications-de-qualite\\\/#breadcrumb\",\"itemListElement\":[{\"@type\":\"ListItem\",\"position\":1,\"name\":\"Home\",\"item\":\"https:\\\/\\\/estherian.com\\\/fr\\\/\"},{\"@type\":\"ListItem\",\"position\":2,\"name\":\"Certifications de qualit\u00e9\"}]},{\"@type\":\"WebSite\",\"@id\":\"https:\\\/\\\/estherian.com\\\/fr\\\/#website\",\"url\":\"https:\\\/\\\/estherian.com\\\/fr\\\/\",\"name\":\"Estherian Clinic\",\"description\":\"Plastic Surgery | Dental | Hair Transplant in Turkey\",\"publisher\":{\"@id\":\"https:\\\/\\\/estherian.com\\\/fr\\\/#organization\"},\"potentialAction\":[{\"@type\":\"SearchAction\",\"target\":{\"@type\":\"EntryPoint\",\"urlTemplate\":\"https:\\\/\\\/estherian.com\\\/fr\\\/?s={search_term_string}\"},\"query-input\":{\"@type\":\"PropertyValueSpecification\",\"valueRequired\":true,\"valueName\":\"search_term_string\"}}],\"inLanguage\":\"fr-FR\"},{\"@type\":\"Organization\",\"@id\":\"https:\\\/\\\/estherian.com\\\/fr\\\/#organization\",\"name\":\"Estherian Clinic\",\"alternateName\":\"Estherian\",\"url\":\"https:\\\/\\\/estherian.com\\\/fr\\\/\",\"logo\":{\"@type\":\"ImageObject\",\"inLanguage\":\"fr-FR\",\"@id\":\"https:\\\/\\\/estherian.com\\\/fr\\\/#\\\/schema\\\/logo\\\/image\\\/\",\"url\":\"https:\\\/\\\/estherian.com\\\/wp-content\\\/uploads\\\/2024\\\/10\\\/EstherianLogo.png\",\"contentUrl\":\"https:\\\/\\\/estherian.com\\\/wp-content\\\/uploads\\\/2024\\\/10\\\/EstherianLogo.png\",\"width\":882,\"height\":934,\"caption\":\"Estherian Clinic\"},\"image\":{\"@id\":\"https:\\\/\\\/estherian.com\\\/fr\\\/#\\\/schema\\\/logo\\\/image\\\/\"},\"sameAs\":[\"https:\\\/\\\/www.facebook.com\\\/estherianclinic.en\",\"https:\\\/\\\/x.com\\\/EstherianTr\",\"https:\\\/\\\/www.instagram.com\\\/estherianclinic\\\/\",\"https:\\\/\\\/www.tiktok.com\\\/@estherian.clinic\",\"https:\\\/\\\/www.youtube.com\\\/estherianclinic\"],\"email\":\"hi@estherian.com\",\"telephone\":\"+90-544-169-9000\",\"legalName\":\"ESTHERIAN CLINIC SA\u011eLIK H\u0130ZMETLER\u0130 SAN. T\u0130C. LTD. \u015eT\u0130.\",\"foundingDate\":\"2020-03-09\",\"vatID\":\"TR1601485625\",\"taxID\":\"1601485625\",\"numberOfEmployees\":{\"@type\":\"QuantitativeValue\",\"minValue\":\"51\",\"maxValue\":\"200\"},\"publishingPrinciples\":\"https:\\\/\\\/estherian.com\\\/tr\\\/sartlar-ve-kosullar\\\/\",\"actionableFeedbackPolicy\":\"https:\\\/\\\/estherian.com\\\/tr\\\/gizlilik-politikasi\\\/\",\"correctionsPolicy\":\"https:\\\/\\\/estherian.com\\\/tr\\\/gizlilik-politikasi\\\/\",\"ethicsPolicy\":\"https:\\\/\\\/estherian.com\\\/tr\\\/gizlilik-politikasi\\\/\",\"diversityPolicy\":\"https:\\\/\\\/estherian.com\\\/tr\\\/gizlilik-politikasi\\\/\",\"diversityStaffingReport\":\"https:\\\/\\\/estherian.com\\\/tr\\\/gizlilik-politikasi\\\/\"},{\"@type\":\"Person\",\"@id\":\"https:\\\/\\\/estherian.com\\\/fr\\\/#\\\/schema\\\/person\\\/0b1452799c3700afbfcfd3a0f5e64732\",\"name\":\"ferhatk\",\"image\":{\"@type\":\"ImageObject\",\"inLanguage\":\"fr-FR\",\"@id\":\"https:\\\/\\\/secure.gravatar.com\\\/avatar\\\/5192156a410fa37c70ea8d4f0d01782533c470a75971ae114e5cd116be51ca05?s=96&d=mm&r=g\",\"url\":\"https:\\\/\\\/secure.gravatar.com\\\/avatar\\\/5192156a410fa37c70ea8d4f0d01782533c470a75971ae114e5cd116be51ca05?s=96&d=mm&r=g\",\"contentUrl\":\"https:\\\/\\\/secure.gravatar.com\\\/avatar\\\/5192156a410fa37c70ea8d4f0d01782533c470a75971ae114e5cd116be51ca05?s=96&d=mm&r=g\",\"caption\":\"ferhatk\"},\"sameAs\":[\"https:\\\/\\\/v2.estherian.com\"]}]}<\/script>\n<!-- \/ Yoast SEO Premium plugin. -->","yoast_head_json":{"title":"Certifications de qualit\u00e9 | Estherian Clinic","robots":{"index":"index","follow":"follow","max-snippet":"max-snippet:-1","max-image-preview":"max-image-preview:large","max-video-preview":"max-video-preview:-1"},"canonical":"https:\/\/estherian.com\/fr\/certifications-de-qualite\/","og_locale":"fr_FR","og_type":"article","og_title":"Certifications de qualit\u00e9","og_description":"Looks better with Estherian Clinic. Plastic Surgery, Dental treatments and more beautiful services!","og_url":"https:\/\/estherian.com\/fr\/certifications-de-qualite\/","og_site_name":"Estherian Clinic","article_publisher":"https:\/\/www.facebook.com\/estherianclinic.en","article_modified_time":"2025-01-20T14:05:48+00:00","og_image":[{"width":1920,"height":1080,"url":"https:\/\/estherian.com\/wp-content\/uploads\/quality_certifications_1920x1080-1.jpg","type":"image\/jpeg"}],"twitter_card":"summary_large_image","twitter_site":"@EstherianTr","twitter_misc":{"Dur\u00e9e de lecture estim\u00e9e":"6 minutes"},"schema":{"@context":"https:\/\/schema.org","@graph":[{"@type":"Article","@id":"https:\/\/estherian.com\/fr\/certifications-de-qualite\/#article","isPartOf":{"@id":"https:\/\/estherian.com\/fr\/certifications-de-qualite\/"},"author":{"name":"ferhatk","@id":"https:\/\/estherian.com\/fr\/#\/schema\/person\/0b1452799c3700afbfcfd3a0f5e64732"},"headline":"Certifications de qualit\u00e9","datePublished":"2025-01-20T10:49:12+00:00","dateModified":"2025-01-20T14:05:48+00:00","mainEntityOfPage":{"@id":"https:\/\/estherian.com\/fr\/certifications-de-qualite\/"},"wordCount":521,"publisher":{"@id":"https:\/\/estherian.com\/fr\/#organization"},"image":{"@id":"https:\/\/estherian.com\/fr\/certifications-de-qualite\/#primaryimage"},"thumbnailUrl":"https:\/\/estherian.com\/wp-content\/uploads\/quality_certifications_1920x1080-1.jpg","inLanguage":"fr-FR"},{"@type":"WebPage","@id":"https:\/\/estherian.com\/fr\/certifications-de-qualite\/","url":"https:\/\/estherian.com\/fr\/certifications-de-qualite\/","name":"Certifications de qualit\u00e9 | Estherian Clinic","isPartOf":{"@id":"https:\/\/estherian.com\/fr\/#website"},"primaryImageOfPage":{"@id":"https:\/\/estherian.com\/fr\/certifications-de-qualite\/#primaryimage"},"image":{"@id":"https:\/\/estherian.com\/fr\/certifications-de-qualite\/#primaryimage"},"thumbnailUrl":"https:\/\/estherian.com\/wp-content\/uploads\/quality_certifications_1920x1080-1.jpg","datePublished":"2025-01-20T10:49:12+00:00","dateModified":"2025-01-20T14:05:48+00:00","breadcrumb":{"@id":"https:\/\/estherian.com\/fr\/certifications-de-qualite\/#breadcrumb"},"inLanguage":"fr-FR","potentialAction":[{"@type":"ReadAction","target":["https:\/\/estherian.com\/fr\/certifications-de-qualite\/"]}]},{"@type":"ImageObject","inLanguage":"fr-FR","@id":"https:\/\/estherian.com\/fr\/certifications-de-qualite\/#primaryimage","url":"https:\/\/estherian.com\/wp-content\/uploads\/quality_certifications_1920x1080-1.jpg","contentUrl":"https:\/\/estherian.com\/wp-content\/uploads\/quality_certifications_1920x1080-1.jpg","width":1920,"height":1080},{"@type":"BreadcrumbList","@id":"https:\/\/estherian.com\/fr\/certifications-de-qualite\/#breadcrumb","itemListElement":[{"@type":"ListItem","position":1,"name":"Home","item":"https:\/\/estherian.com\/fr\/"},{"@type":"ListItem","position":2,"name":"Certifications de qualit\u00e9"}]},{"@type":"WebSite","@id":"https:\/\/estherian.com\/fr\/#website","url":"https:\/\/estherian.com\/fr\/","name":"Estherian Clinic","description":"Plastic Surgery | Dental | Hair Transplant in Turkey","publisher":{"@id":"https:\/\/estherian.com\/fr\/#organization"},"potentialAction":[{"@type":"SearchAction","target":{"@type":"EntryPoint","urlTemplate":"https:\/\/estherian.com\/fr\/?s={search_term_string}"},"query-input":{"@type":"PropertyValueSpecification","valueRequired":true,"valueName":"search_term_string"}}],"inLanguage":"fr-FR"},{"@type":"Organization","@id":"https:\/\/estherian.com\/fr\/#organization","name":"Estherian Clinic","alternateName":"Estherian","url":"https:\/\/estherian.com\/fr\/","logo":{"@type":"ImageObject","inLanguage":"fr-FR","@id":"https:\/\/estherian.com\/fr\/#\/schema\/logo\/image\/","url":"https:\/\/estherian.com\/wp-content\/uploads\/2024\/10\/EstherianLogo.png","contentUrl":"https:\/\/estherian.com\/wp-content\/uploads\/2024\/10\/EstherianLogo.png","width":882,"height":934,"caption":"Estherian Clinic"},"image":{"@id":"https:\/\/estherian.com\/fr\/#\/schema\/logo\/image\/"},"sameAs":["https:\/\/www.facebook.com\/estherianclinic.en","https:\/\/x.com\/EstherianTr","https:\/\/www.instagram.com\/estherianclinic\/","https:\/\/www.tiktok.com\/@estherian.clinic","https:\/\/www.youtube.com\/estherianclinic"],"email":"hi@estherian.com","telephone":"+90-544-169-9000","legalName":"ESTHERIAN CLINIC SA\u011eLIK H\u0130ZMETLER\u0130 SAN. T\u0130C. LTD. \u015eT\u0130.","foundingDate":"2020-03-09","vatID":"TR1601485625","taxID":"1601485625","numberOfEmployees":{"@type":"QuantitativeValue","minValue":"51","maxValue":"200"},"publishingPrinciples":"https:\/\/estherian.com\/tr\/sartlar-ve-kosullar\/","actionableFeedbackPolicy":"https:\/\/estherian.com\/tr\/gizlilik-politikasi\/","correctionsPolicy":"https:\/\/estherian.com\/tr\/gizlilik-politikasi\/","ethicsPolicy":"https:\/\/estherian.com\/tr\/gizlilik-politikasi\/","diversityPolicy":"https:\/\/estherian.com\/tr\/gizlilik-politikasi\/","diversityStaffingReport":"https:\/\/estherian.com\/tr\/gizlilik-politikasi\/"},{"@type":"Person","@id":"https:\/\/estherian.com\/fr\/#\/schema\/person\/0b1452799c3700afbfcfd3a0f5e64732","name":"ferhatk","image":{"@type":"ImageObject","inLanguage":"fr-FR","@id":"https:\/\/secure.gravatar.com\/avatar\/5192156a410fa37c70ea8d4f0d01782533c470a75971ae114e5cd116be51ca05?s=96&d=mm&r=g","url":"https:\/\/secure.gravatar.com\/avatar\/5192156a410fa37c70ea8d4f0d01782533c470a75971ae114e5cd116be51ca05?s=96&d=mm&r=g","contentUrl":"https:\/\/secure.gravatar.com\/avatar\/5192156a410fa37c70ea8d4f0d01782533c470a75971ae114e5cd116be51ca05?s=96&d=mm&r=g","caption":"ferhatk"},"sameAs":["https:\/\/v2.estherian.com"]}]}},"_links":{"self":[{"href":"https:\/\/estherian.com\/fr\/wp-json\/wp\/v2\/pages\/28878","targetHints":{"allow":["GET"]}}],"collection":[{"href":"https:\/\/estherian.com\/fr\/wp-json\/wp\/v2\/pages"}],"about":[{"href":"https:\/\/estherian.com\/fr\/wp-json\/wp\/v2\/types\/page"}],"author":[{"embeddable":true,"href":"https:\/\/estherian.com\/fr\/wp-json\/wp\/v2\/users\/1"}],"replies":[{"embeddable":true,"href":"https:\/\/estherian.com\/fr\/wp-json\/wp\/v2\/comments?post=28878"}],"version-history":[{"count":0,"href":"https:\/\/estherian.com\/fr\/wp-json\/wp\/v2\/pages\/28878\/revisions"}],"wp:featuredmedia":[{"embeddable":true,"href":"https:\/\/estherian.com\/fr\/wp-json\/wp\/v2\/media\/28862"}],"wp:attachment":[{"href":"https:\/\/estherian.com\/fr\/wp-json\/wp\/v2\/media?parent=28878"}],"curies":[{"name":"wp","href":"https:\/\/api.w.org\/{rel}","templated":true}]}}