{"id":31,"date":"2024-10-08T09:38:13","date_gmt":"2024-10-08T06:38:13","guid":{"rendered":"https:\/\/v2.estherian.com\/?page_id=31"},"modified":"2024-10-10T06:28:58","modified_gmt":"2024-10-10T06:28:58","slug":"termes-et-conditions","status":"publish","type":"page","link":"https:\/\/estherian.com\/fr\/termes-et-conditions\/","title":{"rendered":"Termes et conditions"},"content":{"rendered":"\n<p>Bienvenue sur estherian.com !<\/p>\n\n\n\n<p>Ces conditions d&rsquo;utilisation d\u00e9finissent les r\u00e8gles et r\u00e9glementations pour l&rsquo;utilisation du site Web de la Clinique Estherian, situ\u00e9 sur https:\/\/www.estherian.com.<\/p>\n\n\n\n<p>En acc\u00e9dant \u00e0 ce site Web, nous supposons que vous acceptez ces conditions d&rsquo;utilisation. Ne continuez pas \u00e0 utiliser estherian.com si vous n&rsquo;acceptez pas l&rsquo;ensemble des conditions \u00e9nonc\u00e9es sur cette page.<\/p>\n\n\n\n<p>La terminologie suivante s&rsquo;applique \u00e0 ces conditions d&rsquo;utilisation, \u00e0 la d\u00e9claration de confidentialit\u00e9 et \u00e0 l&rsquo;avis de non-responsabilit\u00e9 : \u00ab\u00a0Client\u00a0\u00bb, \u00ab\u00a0Vous\u00a0\u00bb et \u00ab\u00a0Votre\u00a0\u00bb fait r\u00e9f\u00e9rence \u00e0 vous, la personne qui se connecte sur ce site Web et qui se conforme aux conditions g\u00e9n\u00e9rales de l&rsquo;entreprise. \u00ab\u00a0La Soci\u00e9t\u00e9\u00a0\u00bb, \u00ab\u00a0Nous-m\u00eames\u00a0\u00bb, \u00ab\u00a0Nous\u00a0\u00bb et \u00ab\u00a0Notre\u00a0\u00bb, fait r\u00e9f\u00e9rence \u00e0 notre entreprise. \u00ab\u00a0Partie\u00a0\u00bb, \u00ab\u00a0Parties\u00a0\u00bb ou \u00ab\u00a0Nous\u00a0\u00bb fait r\u00e9f\u00e9rence au Client et \u00e0 nous-m\u00eames. Tous les termes font r\u00e9f\u00e9rence \u00e0 l&rsquo;offre, \u00e0 l&rsquo;acceptation et \u00e0 la contrepartie du paiement n\u00e9cessaire pour entreprendre le processus de notre assistance au Client de la mani\u00e8re la plus appropri\u00e9e pour r\u00e9pondre aux besoins du Client, conform\u00e9ment \u00e0 la loi en vigueur aux Pays-Bas. Toute utilisation de la terminologie ci-dessus ou d&rsquo;autres mots au singulier, au pluriel, \u00e0 la majuscule et\/ou \u00e0 la forme masculine\/f\u00e9minine sont consid\u00e9r\u00e9s comme interchangeables et donc comme se r\u00e9f\u00e9rant au m\u00eame.<\/p>\n\n\n\n<p>Cookies<br>Nous utilisons des cookies. En acc\u00e9dant \u00e0 estherian.com, vous avez accept\u00e9 l&rsquo;utilisation de cookies conform\u00e9ment \u00e0 la politique de confidentialit\u00e9 de la Clinique Estherian.<\/p>\n\n\n\n<p>La plupart des sites Web interactifs utilisent des cookies pour nous permettre de r\u00e9cup\u00e9rer les d\u00e9tails de l&rsquo;utilisateur \u00e0 chaque visite. Les cookies sont utilis\u00e9s par notre site Web pour permettre le fonctionnement de certaines zones afin de faciliter la visite de notre site Web. Certains de nos partenaires affili\u00e9s\/publicitaires peuvent \u00e9galement utiliser des cookies.<\/p>\n\n\n\n<p>Licence<br>Sauf mention contraire, la Clinique Estherian et\/ou ses conc\u00e9dants de licence sont propri\u00e9taires des droits de propri\u00e9t\u00e9 intellectuelle de tout le contenu sur estherian.com. Tous les droits de propri\u00e9t\u00e9 intellectuelle sont r\u00e9serv\u00e9s. Vous pouvez acc\u00e9der \u00e0 ce contenu sur estherian.com pour votre usage personnel, sous r\u00e9serve des restrictions \u00e9nonc\u00e9es dans ces conditions d&rsquo;utilisation.<\/p>\n\n\n\n<p>Vous ne devez pas :<\/p>\n\n\n\n<p>Republier du contenu provenant d&rsquo;estherian.com<br>Vendre, louer ou sous-licencier du contenu provenant d&rsquo;estherian.com<br>Reproduire, dupliquer ou copier du contenu provenant d&rsquo;estherian.com<br>Redistribuer du contenu provenant d&rsquo;estherian.com<br>Cet accord entrera en vigueur \u00e0 la date des pr\u00e9sentes. Nos conditions d&rsquo;utilisation ont \u00e9t\u00e9 cr\u00e9\u00e9es \u00e0 l&rsquo;aide du g\u00e9n\u00e9rateur de conditions d&rsquo;utilisation.<\/p>\n\n\n\n<p>Des parties de ce site Web offrent aux utilisateurs la possibilit\u00e9 de publier et d&rsquo;\u00e9changer des opinions et des informations dans certaines zones du site Web. La Clinique Estherian ne filtre, ne modifie, ne publie ni ne r\u00e9vise les commentaires avant leur publication sur le site Web. Les commentaires ne refl\u00e8tent pas les points de vue et opinions de la Clinique Estherian, de ses agents et\/ou affili\u00e9s. Les commentaires refl\u00e8tent les points de vue et opinions de la personne qui les publie. Dans la mesure permise par les lois applicables, la Clinique Estherian ne sera pas responsable des commentaires ou de toute responsabilit\u00e9, dommages ou d\u00e9penses caus\u00e9s et\/ou subis \u00e0 la suite de l&rsquo;utilisation et\/ou de la publication et\/ou de l&rsquo;apparition des commentaires sur ce site Web.<\/p>\n\n\n\n<p>La Clinique Estherian se r\u00e9serve le droit de surveiller tous les commentaires et de supprimer tous les commentaires qui peuvent \u00eatre consid\u00e9r\u00e9s comme inappropri\u00e9s, offensants ou enfreignant ces conditions d&rsquo;utilisation.<\/p>\n\n\n\n<p>Vous garantissez et d\u00e9clarez que :<\/p>\n\n\n\n<p>Vous avez le droit de publier les commentaires sur notre site Web et que vous disposez de toutes les licences et autorisations n\u00e9cessaires pour le faire ;<br>Les commentaires n&rsquo;enfreignent aucun droit de propri\u00e9t\u00e9 intellectuelle, y compris, sans s&rsquo;y limiter, le droit d&rsquo;auteur, le brevet ou la marque d\u00e9pos\u00e9e d&rsquo;un tiers ;<br>Les commentaires ne contiennent aucun contenu diffamatoire, diffamatoire, offensant, ind\u00e9cent ou ill\u00e9gal, qui constitue une atteinte \u00e0 la vie priv\u00e9e ;<br>Les commentaires ne seront pas utilis\u00e9s pour solliciter ou promouvoir une activit\u00e9 commerciale ou une activit\u00e9 ill\u00e9gale.<br>Vous accordez par la pr\u00e9sente \u00e0 la Clinique Estherian une licence non exclusive d&rsquo;utiliser, de reproduire, de modifier et d&rsquo;autoriser d&rsquo;autres personnes \u00e0 utiliser, reproduire et modifier n&rsquo;importe lequel de vos commentaires sous toute forme, format ou support.<\/p>\n\n\n\n<p>Hyperliens vers notre contenu<br>Les organisations suivantes peuvent \u00e9tablir des liens vers notre site Web sans autorisation \u00e9crite pr\u00e9alable :<\/p>\n\n\n\n<p>Agences gouvernementales ;<br>Moteurs de recherche ;<br>Organismes de presse ;<br>Les annuaires en ligne peuvent \u00e9tablir des liens vers notre site Web de la m\u00eame mani\u00e8re qu&rsquo;ils \u00e9tablissent des liens hypertextes vers les sites Web d&rsquo;autres entreprises r\u00e9pertori\u00e9es ; et<br>Les entreprises accr\u00e9dit\u00e9es \u00e0 l&rsquo;\u00e9chelle du syst\u00e8me, \u00e0 l&rsquo;exception des organisations \u00e0 but non lucratif, des centres commerciaux de charit\u00e9 et des groupes de collecte de fonds de bienfaisance, qui ne peuvent pas \u00e9tablir de liens hypertextes vers notre site Web.<br>Ces organisations peuvent \u00e9tablir des liens vers notre page d&rsquo;accueil, vers des publications ou vers d&rsquo;autres informations du site Web, \u00e0 condition que le lien : (a) ne soit pas trompeur ; (b) n&rsquo;implique pas de mani\u00e8re erron\u00e9e un parrainage, une approbation ou une approbation de la partie \u00e9tablissant le lien et de ses produits et\/ou services ; et (c) s&rsquo;inscrit dans le contexte du site de la partie \u00e9tablissant le lien.<\/p>\n\n\n\n<p>Nous pouvons envisager et approuver d&rsquo;autres demandes de liens de la part des types d&rsquo;organisations suivants :<\/p>\n\n\n\n<p>Sources d&rsquo;information grand public et\/ou d&rsquo;entreprise connues ;<br>Sites communautaires point-com ;<br>Associations ou autres groupes repr\u00e9sentant des \u0153uvres de bienfaisance ;<br>Annuaires en ligne ;<br>Portails Internet ;<br>Cabinets de comptabilit\u00e9, de droit et de conseil ; et<br>\u00c9tablissements d&rsquo;enseignement et associations professionnelles.<br>Nous approuverons les demandes de liens de ces organisations si nous d\u00e9cidons que : (a) le lien ne nous ferait pas para\u00eetre d\u00e9favorablement \u00e0 nous-m\u00eames ou \u00e0 nos entreprises accr\u00e9dit\u00e9es ; (b) l&rsquo;organisation n&rsquo;a pas d&rsquo;ant\u00e9c\u00e9dents n\u00e9gatifs avec nous ; (c) les avantages que nous tirons de la visibilit\u00e9 du lien hypertexte compensent l&rsquo;absence de la Clinique Estherian ; et (d) le lien s&rsquo;inscrit dans le contexte des informations g\u00e9n\u00e9rales sur les ressources.<\/p>\n\n\n\n<p>Ces organisations peuvent \u00e9tablir des liens vers notre page d&rsquo;accueil \u00e0 condition que le lien : (a) ne soit pas trompeur ; (b) n&rsquo;implique pas de mani\u00e8re erron\u00e9e un parrainage, une approbation ou une approbation de la partie \u00e9tablissant le lien et de ses produits ou services ; et (c) s&rsquo;inscrit dans le contexte du site de la partie \u00e9tablissant le lien.<\/p>\n\n\n\n<p>Si vous \u00eates l&rsquo;une des organisations mentionn\u00e9es au paragraphe 2 ci-dessus et que vous souhaitez \u00e9tablir un lien vers notre site Web, vous devez nous en informer en envoyant un e-mail \u00e0 la Clinique Estherian. Veuillez inclure votre nom, le nom de votre organisation, vos coordonn\u00e9es ainsi que l&rsquo;URL de votre site, une liste des URL \u00e0 partir desquelles vous avez l&rsquo;intention d&rsquo;\u00e9tablir un lien vers notre site Web, et une liste des URL de notre site vers lesquelles vous souhaitez \u00e9tablir un lien. Attendez 2 \u00e0 3 semaines pour obtenir une r\u00e9ponse.<\/p>\n\n\n\n<p>Les organisations approuv\u00e9es peuvent \u00e9tablir des liens hypertextes vers notre site Web comme suit :<\/p>\n\n\n\n<p>Par l&rsquo;utilisation de notre nom d&rsquo;entreprise ; ou<br>Par l&rsquo;utilisation de l&rsquo;URL uniforme faisant l&rsquo;objet du lien ; ou<br>Par l&rsquo;utilisation de toute autre description de notre site Web faisant l&rsquo;objet du lien qui a du sens dans le contexte et le format du contenu sur le site de la partie \u00e9tablissant le lien.<br>Aucune utilisation du logo ou de toute autre \u0153uvre artistique de la Clinique Estherian ne sera autoris\u00e9e pour l&rsquo;\u00e9tablissement de liens sans un accord de licence de marque d\u00e9pos\u00e9e.<\/p>\n\n\n\n<p>Iframes<br>Sans approbation pr\u00e9alable et autorisation \u00e9crite, vous ne pouvez pas cr\u00e9er de cadres autour de nos pages Web qui modifieraient de quelque mani\u00e8re que ce soit la pr\u00e9sentation visuelle ou l&rsquo;apparence de notre site Web.<\/p>\n\n\n\n<p>Responsabilit\u00e9 du contenu<br>Nous ne serons pas tenus responsables du contenu qui appara\u00eet sur votre site Web. Vous acceptez de nous prot\u00e9ger et de nous d\u00e9fendre contre toutes les r\u00e9clamations qui surgissent sur votre site Web. Aucun lien(s) ne doit appara\u00eetre sur un site Web qui pourrait \u00eatre interpr\u00e9t\u00e9 comme diffamatoire, obsc\u00e8ne ou criminel, ou qui enfreint, viole ou pr\u00f4ne l&rsquo;infraction ou toute autre violation des droits d&rsquo;un tiers.<\/p>\n\n\n\n<p>Votre confidentialit\u00e9<br>Veuillez lire la politique de confidentialit\u00e9<\/p>\n\n\n\n<p>R\u00e9servation des droits<br>Nous nous r\u00e9servons le droit de vous demander de supprimer tous les liens ou tout lien particulier vers notre site Web. Vous acceptez de supprimer imm\u00e9diatement tous les liens vers notre site Web sur simple demande. Nous nous r\u00e9servons \u00e9galement le droit de modifier \u00e0 tout moment ces conditions d&rsquo;utilisation et notre politique de liens. En continuant \u00e0 \u00e9tablir des liens vers notre site Web, vous acceptez d&rsquo;\u00eatre li\u00e9 et de suivre ces conditions d&rsquo;utilisation des liens.<\/p>\n\n\n\n<p>Suppression des liens de notre site Web<br>Si vous trouvez un lien sur notre site Web qui vous semble offensant pour quelque raison que ce soit, vous \u00eates libre de nous en informer \u00e0 tout moment. Nous examinerons les demandes de suppression de liens, mais nous ne sommes pas oblig\u00e9s de le faire ou de vous r\u00e9pondre directement.<\/p>\n\n\n\n<p>Nous ne garantissons pas que les informations de ce site Web sont correctes, nous ne garantissons pas leur exhaustivit\u00e9 ou leur exactitude ; nous ne promettons pas non plus de garantir que le site Web restera accessible ou que le contenu du site Web sera mis \u00e0 jour.<\/p>\n\n\n\n<p>Clause de non-responsabilit\u00e9<br>Dans la mesure maximale autoris\u00e9e par la loi applicable, nous excluons toutes les d\u00e9clarations, garanties et conditions relatives \u00e0 notre site Web et \u00e0 l&rsquo;utilisation de ce site Web. Rien dans cette clause de non-responsabilit\u00e9 ne :<\/p>\n\n\n\n<p>limiter ou exclure notre responsabilit\u00e9 ou la v\u00f4tre pour d\u00e9c\u00e8s ou dommages corporels ;<br>limiter ou exclure notre responsabilit\u00e9 ou la v\u00f4tre pour fraude ou fausse d\u00e9claration frauduleuse ;<br>limiter l&rsquo;une de nos responsabilit\u00e9s ou de vos responsabilit\u00e9s de quelque mani\u00e8re que ce soit qui ne soit pas autoris\u00e9e par la loi applicable ; ou<br>exclure l&rsquo;une de nos responsabilit\u00e9s ou de vos responsabilit\u00e9s qui peuvent ne pas \u00eatre exclues en vertu de la loi applicable.<br>Les limitations et interdictions de responsabilit\u00e9 \u00e9nonc\u00e9es dans cette section et ailleurs dans cette clause de non-responsabilit\u00e9 : (a) sont soumises au paragraphe pr\u00e9c\u00e9dent ; et (b) r\u00e9gissent toutes les responsabilit\u00e9s d\u00e9coulant de la clause de non-responsabilit\u00e9, y compris les responsabilit\u00e9s d\u00e9coulant du contrat, du d\u00e9lit et de la violation d&rsquo;obligations l\u00e9gales.<\/p>\n\n\n\n<p>Tant que le site Web et les informations et services sur le site Web sont fournis gratuitement, nous ne serons pas responsables de toute perte ou dommage de quelque nature que ce soit.<\/p>\n","protected":false},"excerpt":{"rendered":"<p>Bienvenue sur estherian.com ! Ces conditions d&rsquo;utilisation d\u00e9finissent les r\u00e8gles et r\u00e9glementations pour l&rsquo;utilisation du site Web de la Clinique Estherian, situ\u00e9 sur https:\/\/www.estherian.com. En acc\u00e9dant \u00e0 ce site Web, nous supposons que vous acceptez ces conditions d&rsquo;utilisation. Ne continuez pas \u00e0 utiliser estherian.com si vous n&rsquo;acceptez pas l&rsquo;ensemble des conditions \u00e9nonc\u00e9es sur cette page.&hellip;<\/p>\n","protected":false},"author":1,"featured_media":0,"parent":0,"menu_order":0,"comment_status":"closed","ping_status":"closed","template":"","meta":{"footnotes":""},"class_list":["post-31","page","type-page","status-publish","hentry","description-off"],"yoast_head":"<!-- This site is optimized with the Yoast SEO Premium plugin v27.3 (Yoast SEO v27.3) - https:\/\/yoast.com\/product\/yoast-seo-premium-wordpress\/ -->\n<title>Termes et conditions | Estherian Clinic<\/title>\n<meta name=\"robots\" content=\"index, follow, max-snippet:-1, max-image-preview:large, max-video-preview:-1\" \/>\n<link rel=\"canonical\" href=\"https:\/\/estherian.com\/fr\/termes-et-conditions\/\" \/>\n<meta property=\"og:locale\" content=\"fr_FR\" \/>\n<meta property=\"og:type\" content=\"article\" \/>\n<meta property=\"og:title\" content=\"Termes et conditions\" \/>\n<meta property=\"og:description\" content=\"Looks better with Estherian Clinic. Plastic Surgery, Dental treatments and more beautiful services!\" \/>\n<meta property=\"og:url\" content=\"https:\/\/estherian.com\/fr\/termes-et-conditions\/\" \/>\n<meta property=\"og:site_name\" content=\"Estherian Clinic\" \/>\n<meta property=\"article:publisher\" content=\"https:\/\/www.facebook.com\/estherianclinic.en\" \/>\n<meta property=\"article:modified_time\" content=\"2024-10-10T06:28:58+00:00\" \/>\n<meta property=\"og:image\" content=\"https:\/\/estherian.com\/wp-content\/uploads\/2025\/06\/youtube-elis-cover-v2.webp\" \/>\n\t<meta property=\"og:image:width\" content=\"1000\" \/>\n\t<meta property=\"og:image:height\" content=\"563\" \/>\n\t<meta property=\"og:image:type\" content=\"image\/webp\" \/>\n<meta name=\"twitter:card\" content=\"summary_large_image\" \/>\n<meta name=\"twitter:site\" content=\"@EstherianTr\" \/>\n<meta name=\"twitter:label1\" content=\"Dur\u00e9e de lecture estim\u00e9e\" \/>\n\t<meta name=\"twitter:data1\" content=\"9 minutes\" \/>\n<script type=\"application\/ld+json\" class=\"yoast-schema-graph\">{\"@context\":\"https:\\\/\\\/schema.org\",\"@graph\":[{\"@type\":\"Article\",\"@id\":\"https:\\\/\\\/estherian.com\\\/fr\\\/termes-et-conditions\\\/#article\",\"isPartOf\":{\"@id\":\"https:\\\/\\\/estherian.com\\\/fr\\\/termes-et-conditions\\\/\"},\"author\":{\"name\":\"ferhatk\",\"@id\":\"https:\\\/\\\/estherian.com\\\/fr\\\/#\\\/schema\\\/person\\\/0b1452799c3700afbfcfd3a0f5e64732\"},\"headline\":\"Termes et conditions\",\"datePublished\":\"2024-10-08T06:38:13+00:00\",\"dateModified\":\"2024-10-10T06:28:58+00:00\",\"mainEntityOfPage\":{\"@id\":\"https:\\\/\\\/estherian.com\\\/fr\\\/termes-et-conditions\\\/\"},\"wordCount\":1888,\"publisher\":{\"@id\":\"https:\\\/\\\/estherian.com\\\/fr\\\/#organization\"},\"inLanguage\":\"fr-FR\"},{\"@type\":\"WebPage\",\"@id\":\"https:\\\/\\\/estherian.com\\\/fr\\\/termes-et-conditions\\\/\",\"url\":\"https:\\\/\\\/estherian.com\\\/fr\\\/termes-et-conditions\\\/\",\"name\":\"Termes et conditions | Estherian Clinic\",\"isPartOf\":{\"@id\":\"https:\\\/\\\/estherian.com\\\/fr\\\/#website\"},\"datePublished\":\"2024-10-08T06:38:13+00:00\",\"dateModified\":\"2024-10-10T06:28:58+00:00\",\"breadcrumb\":{\"@id\":\"https:\\\/\\\/estherian.com\\\/fr\\\/termes-et-conditions\\\/#breadcrumb\"},\"inLanguage\":\"fr-FR\",\"potentialAction\":[{\"@type\":\"ReadAction\",\"target\":[\"https:\\\/\\\/estherian.com\\\/fr\\\/termes-et-conditions\\\/\"]}]},{\"@type\":\"BreadcrumbList\",\"@id\":\"https:\\\/\\\/estherian.com\\\/fr\\\/termes-et-conditions\\\/#breadcrumb\",\"itemListElement\":[{\"@type\":\"ListItem\",\"position\":1,\"name\":\"Home\",\"item\":\"https:\\\/\\\/estherian.com\\\/fr\\\/\"},{\"@type\":\"ListItem\",\"position\":2,\"name\":\"Termes et conditions\"}]},{\"@type\":\"WebSite\",\"@id\":\"https:\\\/\\\/estherian.com\\\/fr\\\/#website\",\"url\":\"https:\\\/\\\/estherian.com\\\/fr\\\/\",\"name\":\"Estherian Clinic\",\"description\":\"Plastic Surgery | Dental | Hair Transplant in Turkey\",\"publisher\":{\"@id\":\"https:\\\/\\\/estherian.com\\\/fr\\\/#organization\"},\"potentialAction\":[{\"@type\":\"SearchAction\",\"target\":{\"@type\":\"EntryPoint\",\"urlTemplate\":\"https:\\\/\\\/estherian.com\\\/fr\\\/?s={search_term_string}\"},\"query-input\":{\"@type\":\"PropertyValueSpecification\",\"valueRequired\":true,\"valueName\":\"search_term_string\"}}],\"inLanguage\":\"fr-FR\"},{\"@type\":\"Organization\",\"@id\":\"https:\\\/\\\/estherian.com\\\/fr\\\/#organization\",\"name\":\"Estherian Clinic\",\"alternateName\":\"Estherian\",\"url\":\"https:\\\/\\\/estherian.com\\\/fr\\\/\",\"logo\":{\"@type\":\"ImageObject\",\"inLanguage\":\"fr-FR\",\"@id\":\"https:\\\/\\\/estherian.com\\\/fr\\\/#\\\/schema\\\/logo\\\/image\\\/\",\"url\":\"https:\\\/\\\/estherian.com\\\/wp-content\\\/uploads\\\/2024\\\/10\\\/EstherianLogo.png\",\"contentUrl\":\"https:\\\/\\\/estherian.com\\\/wp-content\\\/uploads\\\/2024\\\/10\\\/EstherianLogo.png\",\"width\":882,\"height\":934,\"caption\":\"Estherian Clinic\"},\"image\":{\"@id\":\"https:\\\/\\\/estherian.com\\\/fr\\\/#\\\/schema\\\/logo\\\/image\\\/\"},\"sameAs\":[\"https:\\\/\\\/www.facebook.com\\\/estherianclinic.en\",\"https:\\\/\\\/x.com\\\/EstherianTr\",\"https:\\\/\\\/www.instagram.com\\\/estherianclinic\\\/\",\"https:\\\/\\\/www.tiktok.com\\\/@estherian.clinic\",\"https:\\\/\\\/www.youtube.com\\\/estherianclinic\"],\"email\":\"hi@estherian.com\",\"telephone\":\"+90-544-169-9000\",\"legalName\":\"ESTHERIAN CLINIC SA\u011eLIK H\u0130ZMETLER\u0130 SAN. T\u0130C. LTD. \u015eT\u0130.\",\"foundingDate\":\"2020-03-09\",\"vatID\":\"TR1601485625\",\"taxID\":\"1601485625\",\"numberOfEmployees\":{\"@type\":\"QuantitativeValue\",\"minValue\":\"51\",\"maxValue\":\"200\"},\"publishingPrinciples\":\"https:\\\/\\\/estherian.com\\\/tr\\\/sartlar-ve-kosullar\\\/\",\"actionableFeedbackPolicy\":\"https:\\\/\\\/estherian.com\\\/tr\\\/gizlilik-politikasi\\\/\",\"correctionsPolicy\":\"https:\\\/\\\/estherian.com\\\/tr\\\/gizlilik-politikasi\\\/\",\"ethicsPolicy\":\"https:\\\/\\\/estherian.com\\\/tr\\\/gizlilik-politikasi\\\/\",\"diversityPolicy\":\"https:\\\/\\\/estherian.com\\\/tr\\\/gizlilik-politikasi\\\/\",\"diversityStaffingReport\":\"https:\\\/\\\/estherian.com\\\/tr\\\/gizlilik-politikasi\\\/\"},{\"@type\":\"Person\",\"@id\":\"https:\\\/\\\/estherian.com\\\/fr\\\/#\\\/schema\\\/person\\\/0b1452799c3700afbfcfd3a0f5e64732\",\"name\":\"ferhatk\",\"image\":{\"@type\":\"ImageObject\",\"inLanguage\":\"fr-FR\",\"@id\":\"https:\\\/\\\/secure.gravatar.com\\\/avatar\\\/5192156a410fa37c70ea8d4f0d01782533c470a75971ae114e5cd116be51ca05?s=96&d=mm&r=g\",\"url\":\"https:\\\/\\\/secure.gravatar.com\\\/avatar\\\/5192156a410fa37c70ea8d4f0d01782533c470a75971ae114e5cd116be51ca05?s=96&d=mm&r=g\",\"contentUrl\":\"https:\\\/\\\/secure.gravatar.com\\\/avatar\\\/5192156a410fa37c70ea8d4f0d01782533c470a75971ae114e5cd116be51ca05?s=96&d=mm&r=g\",\"caption\":\"ferhatk\"},\"sameAs\":[\"https:\\\/\\\/v2.estherian.com\"]}]}<\/script>\n<!-- \/ Yoast SEO Premium plugin. -->","yoast_head_json":{"title":"Termes et conditions | Estherian Clinic","robots":{"index":"index","follow":"follow","max-snippet":"max-snippet:-1","max-image-preview":"max-image-preview:large","max-video-preview":"max-video-preview:-1"},"canonical":"https:\/\/estherian.com\/fr\/termes-et-conditions\/","og_locale":"fr_FR","og_type":"article","og_title":"Termes et conditions","og_description":"Looks better with Estherian Clinic. Plastic Surgery, Dental treatments and more beautiful services!","og_url":"https:\/\/estherian.com\/fr\/termes-et-conditions\/","og_site_name":"Estherian Clinic","article_publisher":"https:\/\/www.facebook.com\/estherianclinic.en","article_modified_time":"2024-10-10T06:28:58+00:00","og_image":[{"width":1000,"height":563,"url":"https:\/\/estherian.com\/wp-content\/uploads\/2025\/06\/youtube-elis-cover-v2.webp","type":"image\/webp"}],"twitter_card":"summary_large_image","twitter_site":"@EstherianTr","twitter_misc":{"Dur\u00e9e de lecture estim\u00e9e":"9 minutes"},"schema":{"@context":"https:\/\/schema.org","@graph":[{"@type":"Article","@id":"https:\/\/estherian.com\/fr\/termes-et-conditions\/#article","isPartOf":{"@id":"https:\/\/estherian.com\/fr\/termes-et-conditions\/"},"author":{"name":"ferhatk","@id":"https:\/\/estherian.com\/fr\/#\/schema\/person\/0b1452799c3700afbfcfd3a0f5e64732"},"headline":"Termes et conditions","datePublished":"2024-10-08T06:38:13+00:00","dateModified":"2024-10-10T06:28:58+00:00","mainEntityOfPage":{"@id":"https:\/\/estherian.com\/fr\/termes-et-conditions\/"},"wordCount":1888,"publisher":{"@id":"https:\/\/estherian.com\/fr\/#organization"},"inLanguage":"fr-FR"},{"@type":"WebPage","@id":"https:\/\/estherian.com\/fr\/termes-et-conditions\/","url":"https:\/\/estherian.com\/fr\/termes-et-conditions\/","name":"Termes et conditions | Estherian Clinic","isPartOf":{"@id":"https:\/\/estherian.com\/fr\/#website"},"datePublished":"2024-10-08T06:38:13+00:00","dateModified":"2024-10-10T06:28:58+00:00","breadcrumb":{"@id":"https:\/\/estherian.com\/fr\/termes-et-conditions\/#breadcrumb"},"inLanguage":"fr-FR","potentialAction":[{"@type":"ReadAction","target":["https:\/\/estherian.com\/fr\/termes-et-conditions\/"]}]},{"@type":"BreadcrumbList","@id":"https:\/\/estherian.com\/fr\/termes-et-conditions\/#breadcrumb","itemListElement":[{"@type":"ListItem","position":1,"name":"Home","item":"https:\/\/estherian.com\/fr\/"},{"@type":"ListItem","position":2,"name":"Termes et conditions"}]},{"@type":"WebSite","@id":"https:\/\/estherian.com\/fr\/#website","url":"https:\/\/estherian.com\/fr\/","name":"Estherian Clinic","description":"Plastic Surgery | Dental | Hair Transplant in Turkey","publisher":{"@id":"https:\/\/estherian.com\/fr\/#organization"},"potentialAction":[{"@type":"SearchAction","target":{"@type":"EntryPoint","urlTemplate":"https:\/\/estherian.com\/fr\/?s={search_term_string}"},"query-input":{"@type":"PropertyValueSpecification","valueRequired":true,"valueName":"search_term_string"}}],"inLanguage":"fr-FR"},{"@type":"Organization","@id":"https:\/\/estherian.com\/fr\/#organization","name":"Estherian Clinic","alternateName":"Estherian","url":"https:\/\/estherian.com\/fr\/","logo":{"@type":"ImageObject","inLanguage":"fr-FR","@id":"https:\/\/estherian.com\/fr\/#\/schema\/logo\/image\/","url":"https:\/\/estherian.com\/wp-content\/uploads\/2024\/10\/EstherianLogo.png","contentUrl":"https:\/\/estherian.com\/wp-content\/uploads\/2024\/10\/EstherianLogo.png","width":882,"height":934,"caption":"Estherian Clinic"},"image":{"@id":"https:\/\/estherian.com\/fr\/#\/schema\/logo\/image\/"},"sameAs":["https:\/\/www.facebook.com\/estherianclinic.en","https:\/\/x.com\/EstherianTr","https:\/\/www.instagram.com\/estherianclinic\/","https:\/\/www.tiktok.com\/@estherian.clinic","https:\/\/www.youtube.com\/estherianclinic"],"email":"hi@estherian.com","telephone":"+90-544-169-9000","legalName":"ESTHERIAN CLINIC SA\u011eLIK H\u0130ZMETLER\u0130 SAN. T\u0130C. LTD. \u015eT\u0130.","foundingDate":"2020-03-09","vatID":"TR1601485625","taxID":"1601485625","numberOfEmployees":{"@type":"QuantitativeValue","minValue":"51","maxValue":"200"},"publishingPrinciples":"https:\/\/estherian.com\/tr\/sartlar-ve-kosullar\/","actionableFeedbackPolicy":"https:\/\/estherian.com\/tr\/gizlilik-politikasi\/","correctionsPolicy":"https:\/\/estherian.com\/tr\/gizlilik-politikasi\/","ethicsPolicy":"https:\/\/estherian.com\/tr\/gizlilik-politikasi\/","diversityPolicy":"https:\/\/estherian.com\/tr\/gizlilik-politikasi\/","diversityStaffingReport":"https:\/\/estherian.com\/tr\/gizlilik-politikasi\/"},{"@type":"Person","@id":"https:\/\/estherian.com\/fr\/#\/schema\/person\/0b1452799c3700afbfcfd3a0f5e64732","name":"ferhatk","image":{"@type":"ImageObject","inLanguage":"fr-FR","@id":"https:\/\/secure.gravatar.com\/avatar\/5192156a410fa37c70ea8d4f0d01782533c470a75971ae114e5cd116be51ca05?s=96&d=mm&r=g","url":"https:\/\/secure.gravatar.com\/avatar\/5192156a410fa37c70ea8d4f0d01782533c470a75971ae114e5cd116be51ca05?s=96&d=mm&r=g","contentUrl":"https:\/\/secure.gravatar.com\/avatar\/5192156a410fa37c70ea8d4f0d01782533c470a75971ae114e5cd116be51ca05?s=96&d=mm&r=g","caption":"ferhatk"},"sameAs":["https:\/\/v2.estherian.com"]}]}},"_links":{"self":[{"href":"https:\/\/estherian.com\/fr\/wp-json\/wp\/v2\/pages\/31","targetHints":{"allow":["GET"]}}],"collection":[{"href":"https:\/\/estherian.com\/fr\/wp-json\/wp\/v2\/pages"}],"about":[{"href":"https:\/\/estherian.com\/fr\/wp-json\/wp\/v2\/types\/page"}],"author":[{"embeddable":true,"href":"https:\/\/estherian.com\/fr\/wp-json\/wp\/v2\/users\/1"}],"replies":[{"embeddable":true,"href":"https:\/\/estherian.com\/fr\/wp-json\/wp\/v2\/comments?post=31"}],"version-history":[{"count":0,"href":"https:\/\/estherian.com\/fr\/wp-json\/wp\/v2\/pages\/31\/revisions"}],"wp:attachment":[{"href":"https:\/\/estherian.com\/fr\/wp-json\/wp\/v2\/media?parent=31"}],"curies":[{"name":"wp","href":"https:\/\/api.w.org\/{rel}","templated":true}]}}