{"id":21672,"date":"2024-11-22T09:16:57","date_gmt":"2024-11-22T06:16:57","guid":{"rendered":"https:\/\/v2.estherian.com\/?page_id=21672"},"modified":"2026-03-12T14:29:07","modified_gmt":"2026-03-12T11:29:07","slug":"yuz-germe","status":"publish","type":"page","link":"https:\/\/estherian.com\/tr\/yuz-germe\/","title":{"rendered":"Y\u00fcz Germe Operasyonu"},"content":{"rendered":"\n<h2 class=\"wp-block-heading\" id=\"h-yuz-germe-operasyonu-nedir\">Y\u00fcz Germe Operasyonu Nedir?<\/h2>\n\n\n\n<p><strong>Y\u00fcz germe ameliyat\u0131,<\/strong> sarkan y\u00fcz dokular\u0131n\u0131 kald\u0131rarak ve s\u0131k\u0131la\u015ft\u0131rarak daha gen\u00e7 ve do\u011fal bir y\u00fcz ifadesi elde etmeyi sa\u011flayan cerrahi bir i\u015flemdir. Fazla, sarkan deri \u00e7\u0131kar\u0131larak, derin k\u0131r\u0131\u015f\u0131kl\u0131klar d\u00fczeltilir ve y\u00fcz\u00fcn derin dokular\u0131 gerilir ve s\u0131k\u0131la\u015ft\u0131r\u0131l\u0131r. Y\u00fcz germe ameliyat\u0131, daha gen\u00e7 g\u00f6r\u00fcnmenize yard\u0131mc\u0131 olabilir.<\/p>\n\n\n\n<p>Y\u00fcz germe, ya\u015flanma belirtilerinden, derin k\u0131r\u0131\u015f\u0131kl\u0131klardan ve boyundaki sarkmalardan kurtulman\u0131n en etkili y\u00f6ntemidir. Bu i\u015flemle daha sa\u011fl\u0131kl\u0131 ve canl\u0131 bir g\u00f6r\u00fcn\u00fcm kazanarak, ya\u015flanman\u0131n ya\u015fam\u0131n\u0131z\u0131 ve ki\u015fisel ili\u015fkilerinizi olumsuz etkilemesinin \u00f6n\u00fcne ge\u00e7ebilirsiniz.<\/p>\n\n\n\n<div class=\"wp-block-estherian-youtube-player\"><div style=\"max-width:850px;width:100%;margin:50px auto\"><div class=\"estherian-youtube-player\" data-video-id=\"nGByjYLnaoc\" data-no-lazy=\"1\" style=\"position:relative;cursor:pointer;max-width:100%;overflow:hidden\"><img decoding=\"async\" src=\"https:\/\/estherian.com\/wp-content\/uploads\/youtube-thumbnail-nGByjYLnaoc-6.jpg\" alt=\"YouTube Thumbnail\" data-no-lazy=\"1\" loading=\"eager\" style=\"width:100%;height:auto;display:block\"\/><div class=\"estherian-youtube-play-button\" style=\"position:absolute;top:50%;left:50%;transform:translate(-50%, -50%);width:68px;height:48px;z-index:5\"><svg xmlns=\"http:\/\/www.w3.org\/2000\/svg\" viewBox=\"0 0 68 48\" style=\"width:100%;height:100%\"><path d=\"M66.52,7.74c-0.78-2.93-2.49-5.41-5.42-6.19C55.79,.13,34,0,34,0S12.21,.13,6.9,1.55 C3.97,2.33,2.27,4.81,1.48,7.74C0.06,13.05,0,24,0,24s0.06,10.95,1.48,16.26c0.78,2.93,2.49,5.41,5.42,6.19 C12.21,47.87,34,48,34,48s21.79-0.13,27.1-1.55c2.93-0.78,4.64-3.26,5.42-6.19C67.94,34.95,68,24,68,24S67.94,13.05,66.52,7.74z\" fill=\"#b3863d\"><\/path><path d=\"M 45,24 27,14 27,34\" fill=\"#fff\"><\/path><\/svg><\/div><\/div><\/div><\/div>\n\n<script type=\"application\/ld+json\">{\"@context\":\"https:\/\/schema.org\",\"@type\":\"VideoObject\",\"name\":\"Y\u00fcz Germe Operasyonu\",\"description\":\"Y\u00fcz Germe Operasyonu\",\"embedUrl\":\"https:\/\/www.youtube-nocookie.com\/embed\/nGByjYLnaoc\",\"contentUrl\":\"https:\/\/www.youtube.com\/watch?v=nGByjYLnaoc\",\"thumbnailUrl\":\"https:\/\/estherian.com\/wp-content\/uploads\/youtube-thumbnail-nGByjYLnaoc-6.jpg\",\"uploadDate\":\"2024-11-22T09:16:57+03:00\",\"creditText\":\"Estherian Clinic\",\"copyrightNotice\":\"\u00a9 2026 Estherian Clinic\"}<\/script>\n\n\n<div class=\"wp-block-columns is-layout-flex wp-container-core-columns-is-layout-9d6595d7 wp-block-columns-is-layout-flex\">\n<div class=\"wp-block-column is-layout-flow wp-block-column-is-layout-flow\">\n<h2 class=\"wp-block-heading\" id=\"h-yuz-germe-ameliyati-proseduru\">Y\u00fcz Germe Ameliyat\u0131 Prosed\u00fcr\u00fc<\/h2>\n\n\n\n<h3 class=\"wp-block-heading\" id=\"h-ameliyat-oncesi-hazirlik\">Ameliyat \u00d6ncesi Haz\u0131rl\u0131k<\/h3>\n\n\n\n<p>Y\u00fcz germe ameliyat\u0131 \u00f6ncesinde, cerrah\u0131n\u0131z size belirli talimatlar verecek ve sigara kullanmaman\u0131z\u0131, t\u0131bbi bir muayene olman\u0131z\u0131, aspirin almay\u0131 kesmenizi ve mevcut ila\u00e7lar\u0131n\u0131zda d\u00fczenlemeler yapman\u0131z\u0131 isteyecektir.<\/p>\n<\/div>\n\n\n\n<div class=\"wp-block-column is-layout-flow wp-block-column-is-layout-flow\">\n<figure class=\"wp-block-image size-full\"><img decoding=\"async\" src=\"https:\/\/estherian.com\/wp-content\/uploads\/face-lift-01-1.png\" alt=\"\" class=\"wp-image-23643\" title=\"face-lift-01\"\/><\/figure>\n<\/div>\n<\/div>\n\n\n\n<h3 class=\"wp-block-heading\" id=\"h-ameliyat-sirasinda\">Ameliyat S\u0131ras\u0131nda<\/h3>\n\n\n\n<p>G\u00f6rmek istedi\u011finiz de\u011fi\u015fikliklerin derecesine ba\u011fl\u0131 olarak, y\u00fcz germe se\u00e7enekleriniz aras\u0131nda geleneksel y\u00fcz germe, s\u0131n\u0131rl\u0131 kesi y\u00fcz germe veya boyun germe yer alabilir.<\/p>\n\n\n\n<p>Geleneksel y\u00fcz germe ameliyat\u0131nda, sa\u00e7l\u0131 deriye yak\u0131n bir b\u00f6lgede ba\u015flayan kesi, kulak \u00e7evresinden ge\u00e7erek kafan\u0131n alt k\u0131sm\u0131na kadar uzan\u0131r. Y\u00fcz, \u00e7ene ve boyun b\u00f6lgelerinden fazla ya\u011flar al\u0131narak \u015fekillendirilir. Ard\u0131ndan, y\u00fcz\u00fcn alt\u0131ndaki dokular yeniden yerle\u015ftirilir ve genellikle y\u00fcz\u00fcn derin katmanlar\u0131 ve kaslar kald\u0131r\u0131l\u0131r. Deri, yeni hatlar \u00fczerinde yeniden yerle\u015ftirilir ve fazla deri \u00e7\u0131kar\u0131l\u0131r.<\/p>\n\n\n\n<h3 class=\"wp-block-heading\" id=\"h-ameliyat-sonrasi-iyilesme\">Ameliyat Sonras\u0131 \u0130yile\u015fme<\/h3>\n\n\n\n<p>Y\u00fcz germe ameliyat\u0131 tamamland\u0131ktan sonra, \u015fi\u015flik ve morluklar\u0131 azaltmak amac\u0131yla y\u00fcz\u00fcn\u00fcz\u00fc saracak bir bandaj yerle\u015ftirilir. \u015ei\u015flik ve morluklar genellikle 4 g\u00fcn i\u00e7inde azal\u0131r.<\/p>\n\n\n\n<p>Ameliyat sonras\u0131, cerrah\u0131n\u0131z size iyile\u015fme s\u00fcreci i\u00e7in bak\u0131m talimatlar\u0131 verecek ve kullanman\u0131z gereken ila\u00e7lar hakk\u0131nda bilgi sa\u011flayacakt\u0131r. Cerrah\u0131n\u0131z\u0131n talimatlar\u0131na uyarak, iyile\u015fme s\u00fcreciniz h\u0131zlan\u0131r. Ameliyat\u0131n final sonucu genellikle bir ay sonra ortaya \u00e7\u0131kar ve bu d\u00f6nemde y\u00fcz\u00fcn\u00fcz daha s\u0131k\u0131 ve gen\u00e7 g\u00f6r\u00fcnecektir.<\/p>\n\n\n\n<div class=\"wp-block-columns is-layout-flex wp-container-core-columns-is-layout-9d6595d7 wp-block-columns-is-layout-flex\">\n<div class=\"wp-block-column is-layout-flow wp-block-column-is-layout-flow\">\n<figure class=\"wp-block-image size-large\"><img decoding=\"async\" width=\"1024\" height=\"592\" src=\"https:\/\/estherian.com\/wp-content\/uploads\/facelift-estherian-1024x592.png\" alt=\"\" class=\"wp-image-23647\" title=\"facelift-estherian\" srcset=\"https:\/\/estherian.com\/wp-content\/uploads\/facelift-estherian-1024x592.png 1024w, https:\/\/estherian.com\/wp-content\/uploads\/facelift-estherian-386x223.png 386w, https:\/\/estherian.com\/wp-content\/uploads\/facelift-estherian-768x444.png 768w, https:\/\/estherian.com\/wp-content\/uploads\/facelift-estherian-1536x888.png 1536w, https:\/\/estherian.com\/wp-content\/uploads\/facelift-estherian.png 1576w\" sizes=\"(max-width: 1024px) 100vw, 1024px\" \/><\/figure>\n<\/div>\n\n\n\n<div class=\"wp-block-column is-layout-flow wp-block-column-is-layout-flow\">\n<h2 class=\"wp-block-heading\" id=\"h-kimler-yuz-germe-ameliyati-icin-uygun-adaydir\">Kimler Y\u00fcz Germe Ameliyat\u0131 \u0130\u00e7in Uygun Adayd\u0131r?<\/h2>\n\n\n\n<ul class=\"wp-block-list\">\n<li>\u0130yile\u015fmeyi engelleyecek t\u0131bbi bir durumu olmayan sa\u011fl\u0131kl\u0131 bireyler<\/li>\n\n\n\n<li>Sigara i\u00e7meyenler<\/li>\n\n\n\n<li>Ger\u00e7ek\u00e7i beklentilere sahip ve pozitif bir bak\u0131\u015f a\u00e7\u0131s\u0131na sahip ki\u015filer<\/li>\n<\/ul>\n<\/div>\n<\/div>\n\n\n\n<h2 class=\"wp-block-heading\" id=\"h-yuz-germe-ameliyatinin-riskleri-nelerdir\">Y\u00fcz Germe Ameliyat\u0131n\u0131n Riskleri Nelerdir?<\/h2>\n\n\n\n<p>Y\u00fcz germe ameliyat\u0131n\u0131n riskleri, di\u011fer cerrahi i\u015flemler gibi \u00e7e\u015fitli komplikasyonlar i\u00e7erebilir. Bunlar aras\u0131nda:<\/p>\n\n\n\n<ul class=\"wp-block-list\">\n<li>Anestezi ile ilgili riskler<\/li>\n\n\n\n<li>Kanama<\/li>\n\n\n\n<li>Enfeksiyon<\/li>\n\n\n\n<li>S\u00fcrekli a\u011fr\u0131<\/li>\n\n\n\n<li>Kesi yerlerinde ge\u00e7ici veya kal\u0131c\u0131 sa\u00e7 kayb\u0131<\/li>\n\n\n\n<li>\u0130stenmeyen izler<\/li>\n<\/ul>\n\n\n\n<h2 class=\"wp-block-heading\" id=\"h-yuz-germe-ameliyati-fiyatlari\">Y\u00fcz Germe Ameliyat\u0131 Fiyatlar\u0131<\/h2>\n\n\n\n<p>Y\u00fcz germe ameliyat\u0131n\u0131n maliyeti, kullan\u0131lan teknikler ve d\u00fczeltilecek alanlara g\u00f6re farkl\u0131l\u0131k g\u00f6sterebilir. Ameliyat, di\u011fer estetik operasyonlarla birle\u015ftirildi\u011finde fiyat de\u011fi\u015febilir. Daha do\u011fru bir maliyet bilgisi i\u00e7in, bir uzman cerrah ile g\u00f6r\u00fc\u015fmeniz tavsiye edilir.<\/p>\n\n\n\n<h2 class=\"wp-block-heading\" id=\"h-sikca-sorulan-sorular-sss\">S\u0131k\u00e7a Sorulan Sorular (SSS)<\/h2>\n\n\n\n<h3 class=\"wp-block-heading\" id=\"h-yuz-germe-sonrasi-iyilesme-sureci-nasil-gecer\">Y\u00fcz Germe Sonras\u0131 \u0130yile\u015fme S\u00fcreci Nas\u0131l Ge\u00e7er?<\/h3>\n\n\n\n<p>\u0130yile\u015fme s\u00fcreci ki\u015fiden ki\u015fiye de\u011fi\u015febilir ancak genellikle ilk birka\u00e7 hafta i\u00e7inde \u015fi\u015flik ve morluklar g\u00f6r\u00fclebilir. Ba\u015f\u0131n yukar\u0131da tutulmas\u0131, dinlenme, d\u00fczenli pansumanlar ve doktorun \u00f6nerdi\u011fi talimatlara uyulmas\u0131 \u00f6nemlidir.<\/p>\n\n\n\n<h3 class=\"wp-block-heading\" id=\"h-ameliyat-sonrasi-yuz-germe-sonuclari-ne-zaman-gorulebilir\">Ameliyat Sonras\u0131 Y\u00fcz Germe Sonu\u00e7lar\u0131 Ne Zaman G\u00f6r\u00fclebilir?<\/h3>\n\n\n\n<p>\u0130lk sonu\u00e7lar hemen fark edilir ancak \u015fi\u015flik ve morluklar nedeniyle tam sonu\u00e7lar birka\u00e7 hafta s\u00fcrebilir. Sonu\u00e7lar zamanla daha belirgin hale gelir ve genellikle birka\u00e7 ay i\u00e7inde tam olarak ortaya \u00e7\u0131kar.<\/p>\n\n\n\n<h3 class=\"wp-block-heading\" id=\"h-yuz-gerdirme-operasyonu-aci-verir-mi\">Y\u00fcz Gerdirme Operasyonu Ac\u0131 Verir Mi?<\/h3>\n\n\n\n<p>Operasyon <strong>anestezi <\/strong>alt\u0131nda yap\u0131l\u0131r, <strong>ilk hafta<\/strong> kanama, \u015fi\u015flik ve biraz a\u011fr\u0131 olacakr\u0131, ikinci hafta giderek azalmaya ba\u015flayacakt\u0131r.<\/p>\n\n\n\n<h3 class=\"wp-block-heading\" id=\"h-yuz-gerdirme-icin-en-uygun-yas-nedir\">Y\u00fcz Gerdirme \u0130\u00e7in En Uygun Ya\u015f Nedir?<\/h3>\n\n\n\n<p>Genellikle 40-60 ya\u015flarda, ya\u015flanma s\u00fcre\u00e7lerinin ortaya \u00e7\u0131kmaya ve yay\u0131lmaya ba\u015flad\u0131\u011f\u0131 zaman m\u00fcracaat edilmektedir.<\/p>\n\n\n\n<p><\/p>\n","protected":false},"excerpt":{"rendered":"<p>Y\u00fcz Germe Operasyonu Nedir? Y\u00fcz germe ameliyat\u0131, sarkan y\u00fcz dokular\u0131n\u0131 kald\u0131rarak ve s\u0131k\u0131la\u015ft\u0131rarak daha gen\u00e7 ve do\u011fal bir y\u00fcz ifadesi elde etmeyi sa\u011flayan cerrahi bir i\u015flemdir. Fazla, sarkan deri \u00e7\u0131kar\u0131larak, derin k\u0131r\u0131\u015f\u0131kl\u0131klar d\u00fczeltilir ve y\u00fcz\u00fcn derin dokular\u0131 gerilir ve s\u0131k\u0131la\u015ft\u0131r\u0131l\u0131r. Y\u00fcz germe ameliyat\u0131, daha gen\u00e7 g\u00f6r\u00fcnmenize yard\u0131mc\u0131 olabilir. Y\u00fcz germe, ya\u015flanma belirtilerinden, derin k\u0131r\u0131\u015f\u0131kl\u0131klardan ve&hellip;<\/p>\n","protected":false},"author":1,"featured_media":28049,"parent":0,"menu_order":50,"comment_status":"closed","ping_status":"closed","template":"","meta":{"footnotes":""},"class_list":["post-21672","page","type-page","status-publish","has-post-thumbnail","hentry","description-off"],"yoast_head":"<!-- This site is optimized with the Yoast SEO Premium plugin v27.3 (Yoast SEO v27.3) - https:\/\/yoast.com\/product\/yoast-seo-premium-wordpress\/ -->\n<title>Y\u00fcz Germe Operasyonu | Estherian Clinic<\/title>\n<meta name=\"robots\" content=\"index, follow, max-snippet:-1, max-image-preview:large, max-video-preview:-1\" \/>\n<link rel=\"canonical\" href=\"https:\/\/estherian.com\/tr\/yuz-germe\/\" \/>\n<meta property=\"og:locale\" content=\"tr_TR\" \/>\n<meta property=\"og:type\" content=\"article\" \/>\n<meta property=\"og:title\" content=\"Y\u00fcz Germe Operasyonu\" \/>\n<meta property=\"og:description\" content=\"Looks better with Estherian Clinic. Plastic Surgery, Dental treatments and more beautiful services!\" \/>\n<meta property=\"og:url\" content=\"https:\/\/estherian.com\/tr\/yuz-germe\/\" \/>\n<meta property=\"og:site_name\" content=\"Estherian Clinic\" \/>\n<meta property=\"article:publisher\" content=\"https:\/\/www.facebook.com\/estherianclinic.en\" \/>\n<meta property=\"article:modified_time\" content=\"2026-03-12T11:29:07+00:00\" \/>\n<meta property=\"og:image\" content=\"https:\/\/estherian.com\/wp-content\/uploads\/2024\/10\/aging-concept-young-and-old-face-comparision-2023-11-27-05-33-41-utc-copy.jpg\" \/>\n\t<meta property=\"og:image:width\" content=\"1920\" \/>\n\t<meta property=\"og:image:height\" content=\"1080\" \/>\n\t<meta property=\"og:image:type\" content=\"image\/jpeg\" \/>\n<meta name=\"twitter:card\" content=\"summary_large_image\" \/>\n<meta name=\"twitter:site\" content=\"@EstherianTr\" \/>\n<meta name=\"twitter:label1\" content=\"Tahmini okuma s\u00fcresi\" \/>\n\t<meta name=\"twitter:data1\" content=\"3 dakika\" \/>\n<script type=\"application\/ld+json\" class=\"yoast-schema-graph\">{\"@context\":\"https:\\\/\\\/schema.org\",\"@graph\":[{\"@type\":\"Article\",\"@id\":\"https:\\\/\\\/estherian.com\\\/tr\\\/yuz-germe\\\/#article\",\"isPartOf\":{\"@id\":\"https:\\\/\\\/estherian.com\\\/tr\\\/yuz-germe\\\/\"},\"author\":{\"name\":\"ferhatk\",\"@id\":\"https:\\\/\\\/estherian.com\\\/tr\\\/#\\\/schema\\\/person\\\/0b1452799c3700afbfcfd3a0f5e64732\"},\"headline\":\"Y\u00fcz Germe Operasyonu\",\"datePublished\":\"2024-11-22T06:16:57+00:00\",\"dateModified\":\"2026-03-12T11:29:07+00:00\",\"mainEntityOfPage\":{\"@id\":\"https:\\\/\\\/estherian.com\\\/tr\\\/yuz-germe\\\/\"},\"wordCount\":716,\"publisher\":{\"@id\":\"https:\\\/\\\/estherian.com\\\/tr\\\/#organization\"},\"image\":{\"@id\":\"https:\\\/\\\/estherian.com\\\/tr\\\/yuz-germe\\\/#primaryimage\"},\"thumbnailUrl\":\"https:\\\/\\\/estherian.com\\\/wp-content\\\/uploads\\\/2024\\\/10\\\/aging-concept-young-and-old-face-comparision-2023-11-27-05-33-41-utc-copy.jpg\",\"inLanguage\":\"tr\"},{\"@type\":\"WebPage\",\"@id\":\"https:\\\/\\\/estherian.com\\\/tr\\\/yuz-germe\\\/\",\"url\":\"https:\\\/\\\/estherian.com\\\/tr\\\/yuz-germe\\\/\",\"name\":\"Y\u00fcz Germe Operasyonu | Estherian Clinic\",\"isPartOf\":{\"@id\":\"https:\\\/\\\/estherian.com\\\/tr\\\/#website\"},\"primaryImageOfPage\":{\"@id\":\"https:\\\/\\\/estherian.com\\\/tr\\\/yuz-germe\\\/#primaryimage\"},\"image\":{\"@id\":\"https:\\\/\\\/estherian.com\\\/tr\\\/yuz-germe\\\/#primaryimage\"},\"thumbnailUrl\":\"https:\\\/\\\/estherian.com\\\/wp-content\\\/uploads\\\/2024\\\/10\\\/aging-concept-young-and-old-face-comparision-2023-11-27-05-33-41-utc-copy.jpg\",\"datePublished\":\"2024-11-22T06:16:57+00:00\",\"dateModified\":\"2026-03-12T11:29:07+00:00\",\"breadcrumb\":{\"@id\":\"https:\\\/\\\/estherian.com\\\/tr\\\/yuz-germe\\\/#breadcrumb\"},\"inLanguage\":\"tr\",\"potentialAction\":[{\"@type\":\"ReadAction\",\"target\":[\"https:\\\/\\\/estherian.com\\\/tr\\\/yuz-germe\\\/\"]}]},{\"@type\":\"ImageObject\",\"inLanguage\":\"tr\",\"@id\":\"https:\\\/\\\/estherian.com\\\/tr\\\/yuz-germe\\\/#primaryimage\",\"url\":\"https:\\\/\\\/estherian.com\\\/wp-content\\\/uploads\\\/2024\\\/10\\\/aging-concept-young-and-old-face-comparision-2023-11-27-05-33-41-utc-copy.jpg\",\"contentUrl\":\"https:\\\/\\\/estherian.com\\\/wp-content\\\/uploads\\\/2024\\\/10\\\/aging-concept-young-and-old-face-comparision-2023-11-27-05-33-41-utc-copy.jpg\",\"width\":1920,\"height\":1080,\"caption\":\"Aging concept. Comparison of young and old. Real result achieved with work of professional makeup artist. Not CGI.\"},{\"@type\":\"BreadcrumbList\",\"@id\":\"https:\\\/\\\/estherian.com\\\/tr\\\/yuz-germe\\\/#breadcrumb\",\"itemListElement\":[{\"@type\":\"ListItem\",\"position\":1,\"name\":\"Home\",\"item\":\"https:\\\/\\\/estherian.com\\\/tr\\\/\"},{\"@type\":\"ListItem\",\"position\":2,\"name\":\"Y\u00fcz Germe Operasyonu\"}]},{\"@type\":\"WebSite\",\"@id\":\"https:\\\/\\\/estherian.com\\\/tr\\\/#website\",\"url\":\"https:\\\/\\\/estherian.com\\\/tr\\\/\",\"name\":\"Estherian Clinic\",\"description\":\"Plastic Surgery | Dental | Hair Transplant in Turkey\",\"publisher\":{\"@id\":\"https:\\\/\\\/estherian.com\\\/tr\\\/#organization\"},\"potentialAction\":[{\"@type\":\"SearchAction\",\"target\":{\"@type\":\"EntryPoint\",\"urlTemplate\":\"https:\\\/\\\/estherian.com\\\/tr\\\/?s={search_term_string}\"},\"query-input\":{\"@type\":\"PropertyValueSpecification\",\"valueRequired\":true,\"valueName\":\"search_term_string\"}}],\"inLanguage\":\"tr\"},{\"@type\":\"Organization\",\"@id\":\"https:\\\/\\\/estherian.com\\\/tr\\\/#organization\",\"name\":\"Estherian Clinic\",\"alternateName\":\"Estherian\",\"url\":\"https:\\\/\\\/estherian.com\\\/tr\\\/\",\"logo\":{\"@type\":\"ImageObject\",\"inLanguage\":\"tr\",\"@id\":\"https:\\\/\\\/estherian.com\\\/tr\\\/#\\\/schema\\\/logo\\\/image\\\/\",\"url\":\"https:\\\/\\\/estherian.com\\\/wp-content\\\/uploads\\\/2024\\\/10\\\/EstherianLogo.png\",\"contentUrl\":\"https:\\\/\\\/estherian.com\\\/wp-content\\\/uploads\\\/2024\\\/10\\\/EstherianLogo.png\",\"width\":882,\"height\":934,\"caption\":\"Estherian Clinic\"},\"image\":{\"@id\":\"https:\\\/\\\/estherian.com\\\/tr\\\/#\\\/schema\\\/logo\\\/image\\\/\"},\"sameAs\":[\"https:\\\/\\\/www.facebook.com\\\/estherianclinic.en\",\"https:\\\/\\\/x.com\\\/EstherianTr\",\"https:\\\/\\\/www.instagram.com\\\/estherianclinic\\\/\",\"https:\\\/\\\/www.tiktok.com\\\/@estherian.clinic\",\"https:\\\/\\\/www.youtube.com\\\/estherianclinic\"],\"email\":\"hi@estherian.com\",\"telephone\":\"+90-544-169-9000\",\"legalName\":\"ESTHERIAN CLINIC SA\u011eLIK H\u0130ZMETLER\u0130 SAN. T\u0130C. LTD. \u015eT\u0130.\",\"foundingDate\":\"2020-03-09\",\"vatID\":\"TR1601485625\",\"taxID\":\"1601485625\",\"numberOfEmployees\":{\"@type\":\"QuantitativeValue\",\"minValue\":\"51\",\"maxValue\":\"200\"},\"publishingPrinciples\":\"https:\\\/\\\/estherian.com\\\/tr\\\/sartlar-ve-kosullar\\\/\",\"actionableFeedbackPolicy\":\"https:\\\/\\\/estherian.com\\\/tr\\\/gizlilik-politikasi\\\/\",\"correctionsPolicy\":\"https:\\\/\\\/estherian.com\\\/tr\\\/gizlilik-politikasi\\\/\",\"ethicsPolicy\":\"https:\\\/\\\/estherian.com\\\/tr\\\/gizlilik-politikasi\\\/\",\"diversityPolicy\":\"https:\\\/\\\/estherian.com\\\/tr\\\/gizlilik-politikasi\\\/\",\"diversityStaffingReport\":\"https:\\\/\\\/estherian.com\\\/tr\\\/gizlilik-politikasi\\\/\"},{\"@type\":\"Person\",\"@id\":\"https:\\\/\\\/estherian.com\\\/tr\\\/#\\\/schema\\\/person\\\/0b1452799c3700afbfcfd3a0f5e64732\",\"name\":\"ferhatk\",\"image\":{\"@type\":\"ImageObject\",\"inLanguage\":\"tr\",\"@id\":\"https:\\\/\\\/secure.gravatar.com\\\/avatar\\\/5192156a410fa37c70ea8d4f0d01782533c470a75971ae114e5cd116be51ca05?s=96&d=mm&r=g\",\"url\":\"https:\\\/\\\/secure.gravatar.com\\\/avatar\\\/5192156a410fa37c70ea8d4f0d01782533c470a75971ae114e5cd116be51ca05?s=96&d=mm&r=g\",\"contentUrl\":\"https:\\\/\\\/secure.gravatar.com\\\/avatar\\\/5192156a410fa37c70ea8d4f0d01782533c470a75971ae114e5cd116be51ca05?s=96&d=mm&r=g\",\"caption\":\"ferhatk\"},\"sameAs\":[\"https:\\\/\\\/v2.estherian.com\"]}]}<\/script>\n<!-- \/ Yoast SEO Premium plugin. -->","yoast_head_json":{"title":"Y\u00fcz Germe Operasyonu | Estherian Clinic","robots":{"index":"index","follow":"follow","max-snippet":"max-snippet:-1","max-image-preview":"max-image-preview:large","max-video-preview":"max-video-preview:-1"},"canonical":"https:\/\/estherian.com\/tr\/yuz-germe\/","og_locale":"tr_TR","og_type":"article","og_title":"Y\u00fcz Germe Operasyonu","og_description":"Looks better with Estherian Clinic. Plastic Surgery, Dental treatments and more beautiful services!","og_url":"https:\/\/estherian.com\/tr\/yuz-germe\/","og_site_name":"Estherian Clinic","article_publisher":"https:\/\/www.facebook.com\/estherianclinic.en","article_modified_time":"2026-03-12T11:29:07+00:00","og_image":[{"width":1920,"height":1080,"url":"https:\/\/estherian.com\/wp-content\/uploads\/2024\/10\/aging-concept-young-and-old-face-comparision-2023-11-27-05-33-41-utc-copy.jpg","type":"image\/jpeg"}],"twitter_card":"summary_large_image","twitter_site":"@EstherianTr","twitter_misc":{"Tahmini okuma s\u00fcresi":"3 dakika"},"schema":{"@context":"https:\/\/schema.org","@graph":[{"@type":"Article","@id":"https:\/\/estherian.com\/tr\/yuz-germe\/#article","isPartOf":{"@id":"https:\/\/estherian.com\/tr\/yuz-germe\/"},"author":{"name":"ferhatk","@id":"https:\/\/estherian.com\/tr\/#\/schema\/person\/0b1452799c3700afbfcfd3a0f5e64732"},"headline":"Y\u00fcz Germe Operasyonu","datePublished":"2024-11-22T06:16:57+00:00","dateModified":"2026-03-12T11:29:07+00:00","mainEntityOfPage":{"@id":"https:\/\/estherian.com\/tr\/yuz-germe\/"},"wordCount":716,"publisher":{"@id":"https:\/\/estherian.com\/tr\/#organization"},"image":{"@id":"https:\/\/estherian.com\/tr\/yuz-germe\/#primaryimage"},"thumbnailUrl":"https:\/\/estherian.com\/wp-content\/uploads\/2024\/10\/aging-concept-young-and-old-face-comparision-2023-11-27-05-33-41-utc-copy.jpg","inLanguage":"tr"},{"@type":"WebPage","@id":"https:\/\/estherian.com\/tr\/yuz-germe\/","url":"https:\/\/estherian.com\/tr\/yuz-germe\/","name":"Y\u00fcz Germe Operasyonu | Estherian Clinic","isPartOf":{"@id":"https:\/\/estherian.com\/tr\/#website"},"primaryImageOfPage":{"@id":"https:\/\/estherian.com\/tr\/yuz-germe\/#primaryimage"},"image":{"@id":"https:\/\/estherian.com\/tr\/yuz-germe\/#primaryimage"},"thumbnailUrl":"https:\/\/estherian.com\/wp-content\/uploads\/2024\/10\/aging-concept-young-and-old-face-comparision-2023-11-27-05-33-41-utc-copy.jpg","datePublished":"2024-11-22T06:16:57+00:00","dateModified":"2026-03-12T11:29:07+00:00","breadcrumb":{"@id":"https:\/\/estherian.com\/tr\/yuz-germe\/#breadcrumb"},"inLanguage":"tr","potentialAction":[{"@type":"ReadAction","target":["https:\/\/estherian.com\/tr\/yuz-germe\/"]}]},{"@type":"ImageObject","inLanguage":"tr","@id":"https:\/\/estherian.com\/tr\/yuz-germe\/#primaryimage","url":"https:\/\/estherian.com\/wp-content\/uploads\/2024\/10\/aging-concept-young-and-old-face-comparision-2023-11-27-05-33-41-utc-copy.jpg","contentUrl":"https:\/\/estherian.com\/wp-content\/uploads\/2024\/10\/aging-concept-young-and-old-face-comparision-2023-11-27-05-33-41-utc-copy.jpg","width":1920,"height":1080,"caption":"Aging concept. Comparison of young and old. Real result achieved with work of professional makeup artist. Not CGI."},{"@type":"BreadcrumbList","@id":"https:\/\/estherian.com\/tr\/yuz-germe\/#breadcrumb","itemListElement":[{"@type":"ListItem","position":1,"name":"Home","item":"https:\/\/estherian.com\/tr\/"},{"@type":"ListItem","position":2,"name":"Y\u00fcz Germe Operasyonu"}]},{"@type":"WebSite","@id":"https:\/\/estherian.com\/tr\/#website","url":"https:\/\/estherian.com\/tr\/","name":"Estherian Clinic","description":"Plastic Surgery | Dental | Hair Transplant in Turkey","publisher":{"@id":"https:\/\/estherian.com\/tr\/#organization"},"potentialAction":[{"@type":"SearchAction","target":{"@type":"EntryPoint","urlTemplate":"https:\/\/estherian.com\/tr\/?s={search_term_string}"},"query-input":{"@type":"PropertyValueSpecification","valueRequired":true,"valueName":"search_term_string"}}],"inLanguage":"tr"},{"@type":"Organization","@id":"https:\/\/estherian.com\/tr\/#organization","name":"Estherian Clinic","alternateName":"Estherian","url":"https:\/\/estherian.com\/tr\/","logo":{"@type":"ImageObject","inLanguage":"tr","@id":"https:\/\/estherian.com\/tr\/#\/schema\/logo\/image\/","url":"https:\/\/estherian.com\/wp-content\/uploads\/2024\/10\/EstherianLogo.png","contentUrl":"https:\/\/estherian.com\/wp-content\/uploads\/2024\/10\/EstherianLogo.png","width":882,"height":934,"caption":"Estherian Clinic"},"image":{"@id":"https:\/\/estherian.com\/tr\/#\/schema\/logo\/image\/"},"sameAs":["https:\/\/www.facebook.com\/estherianclinic.en","https:\/\/x.com\/EstherianTr","https:\/\/www.instagram.com\/estherianclinic\/","https:\/\/www.tiktok.com\/@estherian.clinic","https:\/\/www.youtube.com\/estherianclinic"],"email":"hi@estherian.com","telephone":"+90-544-169-9000","legalName":"ESTHERIAN CLINIC SA\u011eLIK H\u0130ZMETLER\u0130 SAN. T\u0130C. LTD. \u015eT\u0130.","foundingDate":"2020-03-09","vatID":"TR1601485625","taxID":"1601485625","numberOfEmployees":{"@type":"QuantitativeValue","minValue":"51","maxValue":"200"},"publishingPrinciples":"https:\/\/estherian.com\/tr\/sartlar-ve-kosullar\/","actionableFeedbackPolicy":"https:\/\/estherian.com\/tr\/gizlilik-politikasi\/","correctionsPolicy":"https:\/\/estherian.com\/tr\/gizlilik-politikasi\/","ethicsPolicy":"https:\/\/estherian.com\/tr\/gizlilik-politikasi\/","diversityPolicy":"https:\/\/estherian.com\/tr\/gizlilik-politikasi\/","diversityStaffingReport":"https:\/\/estherian.com\/tr\/gizlilik-politikasi\/"},{"@type":"Person","@id":"https:\/\/estherian.com\/tr\/#\/schema\/person\/0b1452799c3700afbfcfd3a0f5e64732","name":"ferhatk","image":{"@type":"ImageObject","inLanguage":"tr","@id":"https:\/\/secure.gravatar.com\/avatar\/5192156a410fa37c70ea8d4f0d01782533c470a75971ae114e5cd116be51ca05?s=96&d=mm&r=g","url":"https:\/\/secure.gravatar.com\/avatar\/5192156a410fa37c70ea8d4f0d01782533c470a75971ae114e5cd116be51ca05?s=96&d=mm&r=g","contentUrl":"https:\/\/secure.gravatar.com\/avatar\/5192156a410fa37c70ea8d4f0d01782533c470a75971ae114e5cd116be51ca05?s=96&d=mm&r=g","caption":"ferhatk"},"sameAs":["https:\/\/v2.estherian.com"]}]}},"_links":{"self":[{"href":"https:\/\/estherian.com\/tr\/wp-json\/wp\/v2\/pages\/21672","targetHints":{"allow":["GET"]}}],"collection":[{"href":"https:\/\/estherian.com\/tr\/wp-json\/wp\/v2\/pages"}],"about":[{"href":"https:\/\/estherian.com\/tr\/wp-json\/wp\/v2\/types\/page"}],"author":[{"embeddable":true,"href":"https:\/\/estherian.com\/tr\/wp-json\/wp\/v2\/users\/1"}],"replies":[{"embeddable":true,"href":"https:\/\/estherian.com\/tr\/wp-json\/wp\/v2\/comments?post=21672"}],"version-history":[{"count":0,"href":"https:\/\/estherian.com\/tr\/wp-json\/wp\/v2\/pages\/21672\/revisions"}],"wp:featuredmedia":[{"embeddable":true,"href":"https:\/\/estherian.com\/tr\/wp-json\/wp\/v2\/media\/28049"}],"wp:attachment":[{"href":"https:\/\/estherian.com\/tr\/wp-json\/wp\/v2\/media?parent=21672"}],"curies":[{"name":"wp","href":"https:\/\/api.w.org\/{rel}","templated":true}]}}