{"id":21684,"date":"2024-11-22T11:16:32","date_gmt":"2024-11-22T08:16:32","guid":{"rendered":"https:\/\/v2.estherian.com\/?page_id=21684"},"modified":"2025-01-02T07:49:01","modified_gmt":"2025-01-02T07:49:01","slug":"kas-kaldirma","status":"publish","type":"page","link":"https:\/\/estherian.com\/tr\/kas-kaldirma\/","title":{"rendered":"Ka\u015f Kald\u0131rma"},"content":{"rendered":"\n<div class=\"wp-block-columns is-layout-flex wp-container-core-columns-is-layout-9d6595d7 wp-block-columns-is-layout-flex\">\n<div class=\"wp-block-column is-layout-flow wp-block-column-is-layout-flow\">\n<h2 class=\"wp-block-heading\">Ka\u015f Kald\u0131rma Ameliyat\u0131 Nedir?<\/h2>\n\n\n\n<p>Ka\u015f kald\u0131rma, ya da al\u0131n germe, ka\u015flar\u0131 yukar\u0131ya kald\u0131rmak amac\u0131yla yap\u0131lan bir i\u015flemdir. Ya\u015fland\u0131k\u00e7a, g\u00f6z \u00e7evresindeki kaslar ve deri gev\u015fer ve bu da \u00fczg\u00fcn ve yorgun bir g\u00f6r\u00fcn\u00fcme yol a\u00e7ar. Ka\u015f kald\u0131rma, al\u0131n ve ka\u015f b\u00f6lgesindeki yumu\u015fak dokuyu ve cildi kald\u0131rarak al\u0131n, ka\u015f ve g\u00f6z \u00e7evresinin g\u00f6r\u00fcn\u00fcm\u00fcn\u00fc iyile\u015ftirir. D\u00fc\u015f\u00fck veya sarkm\u0131\u015f ka\u015flar, ka\u015flar aras\u0131ndaki k\u0131r\u0131\u015f\u0131kl\u0131klar ya da \u00fczg\u00fcn bir ifade veren ka\u015f asimetrisi gibi sorunlar varsa, ka\u015f kald\u0131rma i\u015flemi tercih edilebilir. Ayr\u0131ca, ka\u015f kald\u0131rma, g\u00f6z kapa\u011f\u0131 ameliyat\u0131 ya da y\u00fcz germe gibi di\u011fer y\u00fcz estetik i\u015flemleriyle birlikte yap\u0131labilir. Ka\u015f kald\u0131rma i\u015flemi ile daha taze ve ho\u015f bir g\u00f6r\u00fcn\u00fcme sahip olabilirsiniz.<\/p>\n<\/div>\n<\/div>\n\n\n\n<div class=\"wp-block-columns is-layout-flex wp-container-core-columns-is-layout-9d6595d7 wp-block-columns-is-layout-flex\">\n<div class=\"wp-block-column is-layout-flow wp-block-column-is-layout-flow\">\n<figure class=\"wp-block-image size-full\"><img decoding=\"async\" width=\"391\" height=\"300\" src=\"https:\/\/estherian.com\/wp-content\/uploads\/eyebrow-before-1.png\" alt=\"\" class=\"wp-image-21988\" srcset=\"https:\/\/estherian.com\/wp-content\/uploads\/eyebrow-before-1.png 391w, https:\/\/estherian.com\/wp-content\/uploads\/eyebrow-before-1-386x296.png 386w\" sizes=\"(max-width: 391px) 100vw, 391px\" \/><\/figure>\n\n\n\n<figure class=\"wp-block-image size-full\"><img decoding=\"async\" width=\"391\" height=\"300\" src=\"https:\/\/estherian.com\/wp-content\/uploads\/eyelid-surgery1-01-4.png\" alt=\"\" class=\"wp-image-21992\" srcset=\"https:\/\/estherian.com\/wp-content\/uploads\/eyelid-surgery1-01-4.png 391w, https:\/\/estherian.com\/wp-content\/uploads\/eyelid-surgery1-01-4-386x296.png 386w\" sizes=\"(max-width: 391px) 100vw, 391px\" \/><\/figure>\n<\/div>\n\n\n\n<div class=\"wp-block-column is-layout-flow wp-block-column-is-layout-flow\">\n<h2 class=\"wp-block-heading\">Ka\u015f Kald\u0131rma Ameliyat\u0131 Prosed\u00fcr\u00fc<\/h2>\n\n\n\n<h3 class=\"wp-block-heading\">Ameliyat \u00d6ncesi<\/h3>\n\n\n\n<p>Ameliyat \u00f6ncesinde, cerrah\u0131n\u0131z size \u00f6zel talimatlar verecek ve sigaray\u0131 b\u0131rakman\u0131z\u0131, t\u0131bbi bir muayene olman\u0131z\u0131, aspirin almay\u0131 b\u0131rakman\u0131z\u0131 ve mevcut ila\u00e7lar\u0131n\u0131z\u0131 d\u00fczenlemenizi isteyecektir.<\/p>\n\n\n\n<h3 class=\"wp-block-heading\">Ameliyat Sonras\u0131<\/h3>\n\n\n\n<p>G\u00f6z kapa\u011f\u0131 ameliyat\u0131 sonras\u0131 iyile\u015fme s\u00fcrecinde, nemlendirici merhem ve so\u011fuk kompres uygulamas\u0131 yapabilirsiniz. Ayr\u0131ca, g\u00f6zlerinizi nas\u0131l koruyaca\u011f\u0131n\u0131z ve hangi ila\u00e7lar\u0131 kullanman\u0131z gerekti\u011fi ile ilgili \u00f6zel talimatlar al\u0131rs\u0131n\u0131z.<\/p>\n<\/div>\n<\/div>\n\n\n\n<h2 class=\"wp-block-heading\"><\/h2>\n\n\n\n<p>Ameliyat sonras\u0131 \u015fi\u015flik, morarma ve kuru g\u00f6zler olu\u015fabilir. Bu durum normaldir ve zamanla azalacakt\u0131r.<\/p>\n\n\n\n<h2 class=\"wp-block-heading\">Kimler Ka\u015f Kald\u0131rma Ameliyat\u0131 \u0130\u00e7in Uygun Adayd\u0131r?<\/h2>\n\n\n\n<p>Ka\u015f kald\u0131rma ameliyat\u0131 i\u00e7in uygun adaylar genellikle:<\/p>\n\n\n\n<ul class=\"wp-block-list\">\n<li>Sa\u011fl\u0131kl\u0131 bireyler<\/li>\n\n\n\n<li>Sigara i\u00e7meyenler<\/li>\n\n\n\n<li>Ger\u00e7ek\u00e7i beklentilere sahip olanlar<\/li>\n\n\n\n<li>Ciddi g\u00f6z rahats\u0131zl\u0131klar\u0131 olmayan ki\u015filer<\/li>\n<\/ul>\n\n\n\n<h2 class=\"wp-block-heading\">Ka\u015f Kald\u0131rma Ameliyat\u0131n\u0131n Maliyeti<\/h2>\n\n\n\n<p>Ka\u015f kald\u0131rma ameliyat\u0131 fiyatlar\u0131, kullan\u0131lan teknik ve i\u015flem yap\u0131lacak alanlar\u0131n b\u00fcy\u00fckl\u00fc\u011f\u00fc gibi fakt\u00f6rlere ba\u011fl\u0131 olarak de\u011fi\u015fir. Ayr\u0131ca, ameliyat\u0131n ba\u015fka bir i\u015flemle kombin edilmesi durumunda fiyatlar farkl\u0131l\u0131k g\u00f6sterebilir.<\/p>\n\n\n\n<h2 class=\"wp-block-heading\">S\u0131k\u00e7a Sorulan Sorular (S.S.S)<\/h2>\n\n\n\n<h3 class=\"wp-block-heading\">Ka\u015f Kald\u0131rma Sonras\u0131nda \u0130z Kal\u0131r M\u0131?<\/h3>\n\n\n\n<p>Ka\u015f kald\u0131rma i\u015fleminde kullan\u0131lan tekniklere ba\u011fl\u0131 olarak, baz\u0131 k\u00fc\u00e7\u00fck izler kalabilir. Endoskopik ka\u015f kald\u0131rma gibi teknikler, sa\u00e7 \u00e7izgisine yap\u0131lan kesilerle izleri daha az belirgin hale getirebilir. Ancak, izler genellikle zamanla solukla\u015f\u0131r ve dikkatlice saklan\u0131r.<\/p>\n\n\n\n<h3 class=\"wp-block-heading\">Ka\u015f Kald\u0131rma Ameliyat\u0131 Ne Kadar S\u00fcrede Yap\u0131l\u0131r?<\/h3>\n\n\n\n<p>Ka\u015f kald\u0131rma ameliyat\u0131, se\u00e7ilen tekni\u011fe ba\u011fl\u0131 olarak genellikle 1-2 saat s\u00fcrer. Endoskopik y\u00f6ntemle yap\u0131lan ka\u015f kald\u0131rma i\u015flemleri genellikle daha k\u0131sa s\u00fcrede tamamlan\u0131r, ancak koronal ka\u015f kald\u0131rma i\u015flemi biraz daha uzun s\u00fcrebilir.<\/p>\n\n\n\n<h3 class=\"wp-block-heading\">Ka\u015f Kald\u0131rma Ameliyat\u0131 Ac\u0131 Verir Mi?<\/h3>\n\n\n\n<p> Ka\u015f kald\u0131rma ameliyat\u0131 s\u0131ras\u0131nda anestezi kullan\u0131ld\u0131\u011f\u0131 i\u00e7in a\u011fr\u0131 hissedilmez. Ameliyat sonras\u0131nda ise genellikle hafif bir rahats\u0131zl\u0131k veya \u015fi\u015flik olabilir. Cerrah\u0131n\u0131z, iyile\u015fme s\u00fcrecinde a\u011fr\u0131y\u0131 y\u00f6netmek i\u00e7in uygun ila\u00e7lar verecektir.<\/p>\n\n\n\n<p><\/p>\n","protected":false},"excerpt":{"rendered":"<p>Ka\u015f Kald\u0131rma Ameliyat\u0131 Nedir? Ka\u015f kald\u0131rma, ya da al\u0131n germe, ka\u015flar\u0131 yukar\u0131ya kald\u0131rmak amac\u0131yla yap\u0131lan bir i\u015flemdir. Ya\u015fland\u0131k\u00e7a, g\u00f6z \u00e7evresindeki kaslar ve deri gev\u015fer ve bu da \u00fczg\u00fcn ve yorgun bir g\u00f6r\u00fcn\u00fcme yol a\u00e7ar. Ka\u015f kald\u0131rma, al\u0131n ve ka\u015f b\u00f6lgesindeki yumu\u015fak dokuyu ve cildi kald\u0131rarak al\u0131n, ka\u015f ve g\u00f6z \u00e7evresinin g\u00f6r\u00fcn\u00fcm\u00fcn\u00fc iyile\u015ftirir. D\u00fc\u015f\u00fck veya sarkm\u0131\u015f&hellip;<\/p>\n","protected":false},"author":1,"featured_media":26774,"parent":0,"menu_order":10,"comment_status":"closed","ping_status":"closed","template":"","meta":{"footnotes":""},"class_list":["post-21684","page","type-page","status-publish","has-post-thumbnail","hentry","description-off"],"yoast_head":"<!-- This site is optimized with the Yoast SEO Premium plugin v27.3 (Yoast SEO v27.3) - https:\/\/yoast.com\/product\/yoast-seo-premium-wordpress\/ -->\n<title>Ka\u015f Kald\u0131rma | Estherian Clinic<\/title>\n<meta name=\"robots\" content=\"index, follow, max-snippet:-1, max-image-preview:large, max-video-preview:-1\" \/>\n<link rel=\"canonical\" href=\"https:\/\/estherian.com\/tr\/kas-kaldirma\/\" \/>\n<meta property=\"og:locale\" content=\"tr_TR\" \/>\n<meta property=\"og:type\" content=\"article\" \/>\n<meta property=\"og:title\" content=\"Ka\u015f Kald\u0131rma\" \/>\n<meta property=\"og:description\" content=\"Looks better with Estherian Clinic. Plastic Surgery, Dental treatments and more beautiful services!\" \/>\n<meta property=\"og:url\" content=\"https:\/\/estherian.com\/tr\/kas-kaldirma\/\" \/>\n<meta property=\"og:site_name\" content=\"Estherian Clinic\" \/>\n<meta property=\"article:publisher\" content=\"https:\/\/www.facebook.com\/estherianclinic.en\" \/>\n<meta property=\"article:modified_time\" content=\"2025-01-02T07:49:01+00:00\" \/>\n<meta property=\"og:image\" content=\"https:\/\/estherian.com\/wp-content\/uploads\/eyebrow_lift_turkey_v2_1920x1080.jpg\" \/>\n\t<meta property=\"og:image:width\" content=\"1920\" \/>\n\t<meta property=\"og:image:height\" content=\"1080\" \/>\n\t<meta property=\"og:image:type\" content=\"image\/jpeg\" \/>\n<meta name=\"twitter:card\" content=\"summary_large_image\" \/>\n<meta name=\"twitter:site\" content=\"@EstherianTr\" \/>\n<meta name=\"twitter:label1\" content=\"Tahmini okuma s\u00fcresi\" \/>\n\t<meta name=\"twitter:data1\" content=\"3 dakika\" \/>\n<script type=\"application\/ld+json\" class=\"yoast-schema-graph\">{\"@context\":\"https:\\\/\\\/schema.org\",\"@graph\":[{\"@type\":\"Article\",\"@id\":\"https:\\\/\\\/estherian.com\\\/tr\\\/kas-kaldirma\\\/#article\",\"isPartOf\":{\"@id\":\"https:\\\/\\\/estherian.com\\\/tr\\\/kas-kaldirma\\\/\"},\"author\":{\"name\":\"ferhatk\",\"@id\":\"https:\\\/\\\/estherian.com\\\/tr\\\/#\\\/schema\\\/person\\\/0b1452799c3700afbfcfd3a0f5e64732\"},\"headline\":\"Ka\u015f Kald\u0131rma\",\"datePublished\":\"2024-11-22T08:16:32+00:00\",\"dateModified\":\"2025-01-02T07:49:01+00:00\",\"mainEntityOfPage\":{\"@id\":\"https:\\\/\\\/estherian.com\\\/tr\\\/kas-kaldirma\\\/\"},\"wordCount\":528,\"publisher\":{\"@id\":\"https:\\\/\\\/estherian.com\\\/tr\\\/#organization\"},\"image\":{\"@id\":\"https:\\\/\\\/estherian.com\\\/tr\\\/kas-kaldirma\\\/#primaryimage\"},\"thumbnailUrl\":\"https:\\\/\\\/estherian.com\\\/wp-content\\\/uploads\\\/eyebrow_lift_turkey_v2_1920x1080.jpg\",\"inLanguage\":\"tr\"},{\"@type\":\"WebPage\",\"@id\":\"https:\\\/\\\/estherian.com\\\/tr\\\/kas-kaldirma\\\/\",\"url\":\"https:\\\/\\\/estherian.com\\\/tr\\\/kas-kaldirma\\\/\",\"name\":\"Ka\u015f Kald\u0131rma | Estherian Clinic\",\"isPartOf\":{\"@id\":\"https:\\\/\\\/estherian.com\\\/tr\\\/#website\"},\"primaryImageOfPage\":{\"@id\":\"https:\\\/\\\/estherian.com\\\/tr\\\/kas-kaldirma\\\/#primaryimage\"},\"image\":{\"@id\":\"https:\\\/\\\/estherian.com\\\/tr\\\/kas-kaldirma\\\/#primaryimage\"},\"thumbnailUrl\":\"https:\\\/\\\/estherian.com\\\/wp-content\\\/uploads\\\/eyebrow_lift_turkey_v2_1920x1080.jpg\",\"datePublished\":\"2024-11-22T08:16:32+00:00\",\"dateModified\":\"2025-01-02T07:49:01+00:00\",\"breadcrumb\":{\"@id\":\"https:\\\/\\\/estherian.com\\\/tr\\\/kas-kaldirma\\\/#breadcrumb\"},\"inLanguage\":\"tr\",\"potentialAction\":[{\"@type\":\"ReadAction\",\"target\":[\"https:\\\/\\\/estherian.com\\\/tr\\\/kas-kaldirma\\\/\"]}]},{\"@type\":\"ImageObject\",\"inLanguage\":\"tr\",\"@id\":\"https:\\\/\\\/estherian.com\\\/tr\\\/kas-kaldirma\\\/#primaryimage\",\"url\":\"https:\\\/\\\/estherian.com\\\/wp-content\\\/uploads\\\/eyebrow_lift_turkey_v2_1920x1080.jpg\",\"contentUrl\":\"https:\\\/\\\/estherian.com\\\/wp-content\\\/uploads\\\/eyebrow_lift_turkey_v2_1920x1080.jpg\",\"width\":1920,\"height\":1080},{\"@type\":\"BreadcrumbList\",\"@id\":\"https:\\\/\\\/estherian.com\\\/tr\\\/kas-kaldirma\\\/#breadcrumb\",\"itemListElement\":[{\"@type\":\"ListItem\",\"position\":1,\"name\":\"Home\",\"item\":\"https:\\\/\\\/estherian.com\\\/tr\\\/\"},{\"@type\":\"ListItem\",\"position\":2,\"name\":\"Ka\u015f Kald\u0131rma\"}]},{\"@type\":\"WebSite\",\"@id\":\"https:\\\/\\\/estherian.com\\\/tr\\\/#website\",\"url\":\"https:\\\/\\\/estherian.com\\\/tr\\\/\",\"name\":\"Estherian Clinic\",\"description\":\"Plastic Surgery | Dental | Hair Transplant in Turkey\",\"publisher\":{\"@id\":\"https:\\\/\\\/estherian.com\\\/tr\\\/#organization\"},\"potentialAction\":[{\"@type\":\"SearchAction\",\"target\":{\"@type\":\"EntryPoint\",\"urlTemplate\":\"https:\\\/\\\/estherian.com\\\/tr\\\/?s={search_term_string}\"},\"query-input\":{\"@type\":\"PropertyValueSpecification\",\"valueRequired\":true,\"valueName\":\"search_term_string\"}}],\"inLanguage\":\"tr\"},{\"@type\":\"Organization\",\"@id\":\"https:\\\/\\\/estherian.com\\\/tr\\\/#organization\",\"name\":\"Estherian Clinic\",\"alternateName\":\"Estherian\",\"url\":\"https:\\\/\\\/estherian.com\\\/tr\\\/\",\"logo\":{\"@type\":\"ImageObject\",\"inLanguage\":\"tr\",\"@id\":\"https:\\\/\\\/estherian.com\\\/tr\\\/#\\\/schema\\\/logo\\\/image\\\/\",\"url\":\"https:\\\/\\\/estherian.com\\\/wp-content\\\/uploads\\\/2024\\\/10\\\/EstherianLogo.png\",\"contentUrl\":\"https:\\\/\\\/estherian.com\\\/wp-content\\\/uploads\\\/2024\\\/10\\\/EstherianLogo.png\",\"width\":882,\"height\":934,\"caption\":\"Estherian Clinic\"},\"image\":{\"@id\":\"https:\\\/\\\/estherian.com\\\/tr\\\/#\\\/schema\\\/logo\\\/image\\\/\"},\"sameAs\":[\"https:\\\/\\\/www.facebook.com\\\/estherianclinic.en\",\"https:\\\/\\\/x.com\\\/EstherianTr\",\"https:\\\/\\\/www.instagram.com\\\/estherianclinic\\\/\",\"https:\\\/\\\/www.tiktok.com\\\/@estherian.clinic\",\"https:\\\/\\\/www.youtube.com\\\/estherianclinic\"],\"email\":\"hi@estherian.com\",\"telephone\":\"+90-544-169-9000\",\"legalName\":\"ESTHERIAN CLINIC SA\u011eLIK H\u0130ZMETLER\u0130 SAN. T\u0130C. LTD. \u015eT\u0130.\",\"foundingDate\":\"2020-03-09\",\"vatID\":\"TR1601485625\",\"taxID\":\"1601485625\",\"numberOfEmployees\":{\"@type\":\"QuantitativeValue\",\"minValue\":\"51\",\"maxValue\":\"200\"},\"publishingPrinciples\":\"https:\\\/\\\/estherian.com\\\/tr\\\/sartlar-ve-kosullar\\\/\",\"actionableFeedbackPolicy\":\"https:\\\/\\\/estherian.com\\\/tr\\\/gizlilik-politikasi\\\/\",\"correctionsPolicy\":\"https:\\\/\\\/estherian.com\\\/tr\\\/gizlilik-politikasi\\\/\",\"ethicsPolicy\":\"https:\\\/\\\/estherian.com\\\/tr\\\/gizlilik-politikasi\\\/\",\"diversityPolicy\":\"https:\\\/\\\/estherian.com\\\/tr\\\/gizlilik-politikasi\\\/\",\"diversityStaffingReport\":\"https:\\\/\\\/estherian.com\\\/tr\\\/gizlilik-politikasi\\\/\"},{\"@type\":\"Person\",\"@id\":\"https:\\\/\\\/estherian.com\\\/tr\\\/#\\\/schema\\\/person\\\/0b1452799c3700afbfcfd3a0f5e64732\",\"name\":\"ferhatk\",\"image\":{\"@type\":\"ImageObject\",\"inLanguage\":\"tr\",\"@id\":\"https:\\\/\\\/secure.gravatar.com\\\/avatar\\\/5192156a410fa37c70ea8d4f0d01782533c470a75971ae114e5cd116be51ca05?s=96&d=mm&r=g\",\"url\":\"https:\\\/\\\/secure.gravatar.com\\\/avatar\\\/5192156a410fa37c70ea8d4f0d01782533c470a75971ae114e5cd116be51ca05?s=96&d=mm&r=g\",\"contentUrl\":\"https:\\\/\\\/secure.gravatar.com\\\/avatar\\\/5192156a410fa37c70ea8d4f0d01782533c470a75971ae114e5cd116be51ca05?s=96&d=mm&r=g\",\"caption\":\"ferhatk\"},\"sameAs\":[\"https:\\\/\\\/v2.estherian.com\"]}]}<\/script>\n<!-- \/ Yoast SEO Premium plugin. -->","yoast_head_json":{"title":"Ka\u015f Kald\u0131rma | Estherian Clinic","robots":{"index":"index","follow":"follow","max-snippet":"max-snippet:-1","max-image-preview":"max-image-preview:large","max-video-preview":"max-video-preview:-1"},"canonical":"https:\/\/estherian.com\/tr\/kas-kaldirma\/","og_locale":"tr_TR","og_type":"article","og_title":"Ka\u015f Kald\u0131rma","og_description":"Looks better with Estherian Clinic. Plastic Surgery, Dental treatments and more beautiful services!","og_url":"https:\/\/estherian.com\/tr\/kas-kaldirma\/","og_site_name":"Estherian Clinic","article_publisher":"https:\/\/www.facebook.com\/estherianclinic.en","article_modified_time":"2025-01-02T07:49:01+00:00","og_image":[{"width":1920,"height":1080,"url":"https:\/\/estherian.com\/wp-content\/uploads\/eyebrow_lift_turkey_v2_1920x1080.jpg","type":"image\/jpeg"}],"twitter_card":"summary_large_image","twitter_site":"@EstherianTr","twitter_misc":{"Tahmini okuma s\u00fcresi":"3 dakika"},"schema":{"@context":"https:\/\/schema.org","@graph":[{"@type":"Article","@id":"https:\/\/estherian.com\/tr\/kas-kaldirma\/#article","isPartOf":{"@id":"https:\/\/estherian.com\/tr\/kas-kaldirma\/"},"author":{"name":"ferhatk","@id":"https:\/\/estherian.com\/tr\/#\/schema\/person\/0b1452799c3700afbfcfd3a0f5e64732"},"headline":"Ka\u015f Kald\u0131rma","datePublished":"2024-11-22T08:16:32+00:00","dateModified":"2025-01-02T07:49:01+00:00","mainEntityOfPage":{"@id":"https:\/\/estherian.com\/tr\/kas-kaldirma\/"},"wordCount":528,"publisher":{"@id":"https:\/\/estherian.com\/tr\/#organization"},"image":{"@id":"https:\/\/estherian.com\/tr\/kas-kaldirma\/#primaryimage"},"thumbnailUrl":"https:\/\/estherian.com\/wp-content\/uploads\/eyebrow_lift_turkey_v2_1920x1080.jpg","inLanguage":"tr"},{"@type":"WebPage","@id":"https:\/\/estherian.com\/tr\/kas-kaldirma\/","url":"https:\/\/estherian.com\/tr\/kas-kaldirma\/","name":"Ka\u015f Kald\u0131rma | Estherian Clinic","isPartOf":{"@id":"https:\/\/estherian.com\/tr\/#website"},"primaryImageOfPage":{"@id":"https:\/\/estherian.com\/tr\/kas-kaldirma\/#primaryimage"},"image":{"@id":"https:\/\/estherian.com\/tr\/kas-kaldirma\/#primaryimage"},"thumbnailUrl":"https:\/\/estherian.com\/wp-content\/uploads\/eyebrow_lift_turkey_v2_1920x1080.jpg","datePublished":"2024-11-22T08:16:32+00:00","dateModified":"2025-01-02T07:49:01+00:00","breadcrumb":{"@id":"https:\/\/estherian.com\/tr\/kas-kaldirma\/#breadcrumb"},"inLanguage":"tr","potentialAction":[{"@type":"ReadAction","target":["https:\/\/estherian.com\/tr\/kas-kaldirma\/"]}]},{"@type":"ImageObject","inLanguage":"tr","@id":"https:\/\/estherian.com\/tr\/kas-kaldirma\/#primaryimage","url":"https:\/\/estherian.com\/wp-content\/uploads\/eyebrow_lift_turkey_v2_1920x1080.jpg","contentUrl":"https:\/\/estherian.com\/wp-content\/uploads\/eyebrow_lift_turkey_v2_1920x1080.jpg","width":1920,"height":1080},{"@type":"BreadcrumbList","@id":"https:\/\/estherian.com\/tr\/kas-kaldirma\/#breadcrumb","itemListElement":[{"@type":"ListItem","position":1,"name":"Home","item":"https:\/\/estherian.com\/tr\/"},{"@type":"ListItem","position":2,"name":"Ka\u015f Kald\u0131rma"}]},{"@type":"WebSite","@id":"https:\/\/estherian.com\/tr\/#website","url":"https:\/\/estherian.com\/tr\/","name":"Estherian Clinic","description":"Plastic Surgery | Dental | Hair Transplant in Turkey","publisher":{"@id":"https:\/\/estherian.com\/tr\/#organization"},"potentialAction":[{"@type":"SearchAction","target":{"@type":"EntryPoint","urlTemplate":"https:\/\/estherian.com\/tr\/?s={search_term_string}"},"query-input":{"@type":"PropertyValueSpecification","valueRequired":true,"valueName":"search_term_string"}}],"inLanguage":"tr"},{"@type":"Organization","@id":"https:\/\/estherian.com\/tr\/#organization","name":"Estherian Clinic","alternateName":"Estherian","url":"https:\/\/estherian.com\/tr\/","logo":{"@type":"ImageObject","inLanguage":"tr","@id":"https:\/\/estherian.com\/tr\/#\/schema\/logo\/image\/","url":"https:\/\/estherian.com\/wp-content\/uploads\/2024\/10\/EstherianLogo.png","contentUrl":"https:\/\/estherian.com\/wp-content\/uploads\/2024\/10\/EstherianLogo.png","width":882,"height":934,"caption":"Estherian Clinic"},"image":{"@id":"https:\/\/estherian.com\/tr\/#\/schema\/logo\/image\/"},"sameAs":["https:\/\/www.facebook.com\/estherianclinic.en","https:\/\/x.com\/EstherianTr","https:\/\/www.instagram.com\/estherianclinic\/","https:\/\/www.tiktok.com\/@estherian.clinic","https:\/\/www.youtube.com\/estherianclinic"],"email":"hi@estherian.com","telephone":"+90-544-169-9000","legalName":"ESTHERIAN CLINIC SA\u011eLIK H\u0130ZMETLER\u0130 SAN. T\u0130C. LTD. \u015eT\u0130.","foundingDate":"2020-03-09","vatID":"TR1601485625","taxID":"1601485625","numberOfEmployees":{"@type":"QuantitativeValue","minValue":"51","maxValue":"200"},"publishingPrinciples":"https:\/\/estherian.com\/tr\/sartlar-ve-kosullar\/","actionableFeedbackPolicy":"https:\/\/estherian.com\/tr\/gizlilik-politikasi\/","correctionsPolicy":"https:\/\/estherian.com\/tr\/gizlilik-politikasi\/","ethicsPolicy":"https:\/\/estherian.com\/tr\/gizlilik-politikasi\/","diversityPolicy":"https:\/\/estherian.com\/tr\/gizlilik-politikasi\/","diversityStaffingReport":"https:\/\/estherian.com\/tr\/gizlilik-politikasi\/"},{"@type":"Person","@id":"https:\/\/estherian.com\/tr\/#\/schema\/person\/0b1452799c3700afbfcfd3a0f5e64732","name":"ferhatk","image":{"@type":"ImageObject","inLanguage":"tr","@id":"https:\/\/secure.gravatar.com\/avatar\/5192156a410fa37c70ea8d4f0d01782533c470a75971ae114e5cd116be51ca05?s=96&d=mm&r=g","url":"https:\/\/secure.gravatar.com\/avatar\/5192156a410fa37c70ea8d4f0d01782533c470a75971ae114e5cd116be51ca05?s=96&d=mm&r=g","contentUrl":"https:\/\/secure.gravatar.com\/avatar\/5192156a410fa37c70ea8d4f0d01782533c470a75971ae114e5cd116be51ca05?s=96&d=mm&r=g","caption":"ferhatk"},"sameAs":["https:\/\/v2.estherian.com"]}]}},"_links":{"self":[{"href":"https:\/\/estherian.com\/tr\/wp-json\/wp\/v2\/pages\/21684","targetHints":{"allow":["GET"]}}],"collection":[{"href":"https:\/\/estherian.com\/tr\/wp-json\/wp\/v2\/pages"}],"about":[{"href":"https:\/\/estherian.com\/tr\/wp-json\/wp\/v2\/types\/page"}],"author":[{"embeddable":true,"href":"https:\/\/estherian.com\/tr\/wp-json\/wp\/v2\/users\/1"}],"replies":[{"embeddable":true,"href":"https:\/\/estherian.com\/tr\/wp-json\/wp\/v2\/comments?post=21684"}],"version-history":[{"count":0,"href":"https:\/\/estherian.com\/tr\/wp-json\/wp\/v2\/pages\/21684\/revisions"}],"wp:featuredmedia":[{"embeddable":true,"href":"https:\/\/estherian.com\/tr\/wp-json\/wp\/v2\/media\/26774"}],"wp:attachment":[{"href":"https:\/\/estherian.com\/tr\/wp-json\/wp\/v2\/media?parent=21684"}],"curies":[{"name":"wp","href":"https:\/\/api.w.org\/{rel}","templated":true}]}}