{"id":21700,"date":"2024-11-22T12:21:16","date_gmt":"2024-11-22T09:21:16","guid":{"rendered":"https:\/\/v2.estherian.com\/?page_id=21700"},"modified":"2025-10-20T10:46:09","modified_gmt":"2025-10-20T07:46:09","slug":"gidi-liposuction","status":"publish","type":"page","link":"https:\/\/estherian.com\/tr\/gidi-liposuction\/","title":{"rendered":"G\u0131d\u0131 Liposuction"},"content":{"rendered":"\n<h2 class=\"wp-block-heading\" id=\"h-gidi-liposuction-nedir\"><strong>G\u0131d\u0131 Liposuction Nedir?<\/strong><\/h2>\n\n\n\n<p>Submental lipo olarak da bilinen <strong>Vaser liposuction<\/strong> ile g\u0131d\u0131 esteti\u011fi, g\u0131d\u0131 reformu i\u00e7in en etkili y\u00f6ntemdir. Vaser, <strong>ya\u011f h\u00fccrelerini ultrason enerjisi<\/strong> kullanarak yumu\u015fak bir \u015fekilde par\u00e7alad\u0131\u011f\u0131 i\u00e7in, bu b\u00f6lgedeki ya\u011f h\u00fccrelerini tamamen yok eder. G\u0131d\u0131 esteti\u011fi, g\u0131d\u0131 b\u00f6lgesindeki fazla ya\u011flar\u0131 kald\u0131rarak daha d\u00fczg\u00fcn ve gen\u00e7 bir y\u00fcz hatlar\u0131 sa\u011flar.G\u0131d\u0131 Liposuction Prosed\u00fcr\u00fc<\/p>\n\n\n\n<p>Cerrah, hastan\u0131n durumunu de\u011ferlendirir ve <strong>ameliyattan \u00f6nce gerekli t\u0131bbi testleri<\/strong> yapar. Bazen <strong>r\u00f6ntgen<\/strong> \u00e7ekimi yap\u0131labilir. Cerrah, ayr\u0131ca sizden baz\u0131 ila\u00e7lar\u0131 almay\u0131 b\u0131rakman\u0131z\u0131 isteyecektir. \u00d6zellikle, <strong>aspirin kullan\u0131m\u0131 ve sigara i\u00e7me<\/strong> durumu iyile\u015fmeyi etkileyebilir, bu y\u00fczden bunlara dikkat edilmesi \u00f6nemlidir.<\/p>\n\n\n\n<div class=\"wp-block-columns is-layout-flex wp-container-core-columns-is-layout-9d6595d7 wp-block-columns-is-layout-flex\">\n<div class=\"wp-block-column is-layout-flow wp-block-column-is-layout-flow\">\n<figure class=\"wp-block-image size-full\"><img decoding=\"async\" src=\"https:\/\/estherian.com\/wp-content\/uploads\/chin-lipo-01-1.png\" alt=\"\" class=\"wp-image-23424\" title=\"chin-lipo-01\"\/><\/figure>\n<\/div>\n\n\n\n<div class=\"wp-block-column is-layout-flow wp-block-column-is-layout-flow\">\n<h2 class=\"wp-block-heading\" id=\"h-gidi-liposuction-proseduru\">G\u0131d\u0131 Liposuction Prosed\u00fcr\u00fc<\/h2>\n\n\n\n<h3 class=\"wp-block-heading\" id=\"h-ameliyat-oncesi\">Ameliyat \u00d6ncesi<\/h3>\n\n\n\n<p>Cerrah, hastan\u0131n durumunu de\u011ferlendirir ve <strong>ameliyattan \u00f6nce gerekli t\u0131bbi testleri<\/strong> yapar. Bazen <strong>r\u00f6ntgen<\/strong> \u00e7ekimi yap\u0131labilir. Cerrah, ayr\u0131ca sizden baz\u0131 ila\u00e7lar\u0131 almay\u0131 b\u0131rakman\u0131z\u0131 isteyecektir. \u00d6zellikle, <strong>aspirin kullan\u0131m\u0131 ve sigara i\u00e7me<\/strong> durumu iyile\u015fmeyi etkileyebilir, bu y\u00fczden bunlara dikkat edilmesi \u00f6nemlidir.<\/p>\n\n\n\n<h3 class=\"wp-block-heading\" id=\"h-ameliyat-sirasinda\">Ameliyat S\u0131ras\u0131nda<\/h3>\n\n\n\n<p>G\u0131d\u0131 liposuction genellikle <strong>lokal anestezi<\/strong> alt\u0131nda yap\u0131l\u0131r ve i\u015flem yakla\u015f\u0131k bir saat s\u00fcrer. Cerrah, \u00e7ene alt\u0131ndaki k\u00fc\u00e7\u00fck bir kesiden <strong>Liposuction y\u00f6ntemiyle<\/strong> ya\u011flar\u0131 \u00e7\u00f6zer ve ard\u0131ndan bu ya\u011flar emilip v\u00fccuttan at\u0131l\u0131r. Bu i\u015flem s\u0131ras\u0131nda <strong>deri alt\u0131ndaki ya\u011f h\u00fccreleri<\/strong> tamamen yok edilir. Ameliyat sonras\u0131, <strong>\u00e7ene alt\u0131na bandaj<\/strong> yerle\u015ftirilir.<\/p>\n\n\n\n<h3 class=\"wp-block-heading\" id=\"h-ameliyat-sonrasi\">Ameliyat Sonras\u0131<\/h3>\n\n\n\n<p>G\u0131d\u0131 liposuction i\u015flemi sonras\u0131nda hasta <strong>ayn\u0131 g\u00fcn hastaneden taburcu olabilir<\/strong>. \u0130yile\u015fme s\u00fcreci olduk\u00e7a h\u0131zl\u0131d\u0131r ve <strong>bir hafta i\u00e7inde normal ya\u015fant\u0131n\u0131za d\u00f6nebilirsiniz<\/strong>. Ameliyat\u0131n ard\u0131ndan 1 hafta sonra <strong>diki\u015fler al\u0131nabilir<\/strong> ve iyile\u015fme s\u00fcreci genellikle sorunsuz ilerler.<\/p>\n<\/div>\n<\/div>\n\n\n\n<div class=\"wp-block-columns is-layout-flex wp-container-core-columns-is-layout-9d6595d7 wp-block-columns-is-layout-flex\">\n<div class=\"wp-block-column is-layout-flow wp-block-column-is-layout-flow\">\n<h2 class=\"wp-block-heading\" id=\"h-gidi-liposuction-ameliyati-turleri\">G\u0131d\u0131 Liposuction Ameliyat\u0131 T\u00fcrleri<\/h2>\n\n\n\n<p><strong>\u00c7ene Liposuction:<\/strong> Deri alt\u0131ndaki fazla ya\u011f al\u0131n\u0131r.<br><strong>Submentoplasti:<\/strong> \u00c7ene alt\u0131 ya\u011flar\u0131 emilir ve kaslar\u0131 s\u0131k\u0131la\u015ft\u0131rmak amac\u0131yla k\u00fc\u00e7\u00fck kesiler yap\u0131l\u0131r.<br><strong>Boyun Germe:<\/strong> Alt k\u0131r\u0131\u015f\u0131kl\u0131klar \u00e7\u0131kar\u0131l\u0131r, fazla deri al\u0131n\u0131r ve kaslar s\u0131k\u0131la\u015ft\u0131r\u0131larak daha estetik bir g\u00f6r\u00fcn\u00fcm elde edilir. Bu i\u015flem, daha gen\u00e7 bir y\u00fcz hatlar\u0131 sa\u011flar.<\/p>\n\n\n\n<h2 class=\"wp-block-heading\" id=\"h-gidi-liposuction-ameliyati-icin-kimler-iyi-bir-adaydir\">G\u0131d\u0131 Liposuction Ameliyat\u0131 \u0130\u00e7in Kimler \u0130yi Bir Adayd\u0131r?<\/h2>\n\n\n\n<p>\u0130deal adaylar <strong>sa\u011fl\u0131kl\u0131<\/strong> bireylerdir, sigara i\u00e7meyen ve <strong>ger\u00e7ek\u00e7i beklentilere sahip<\/strong> ki\u015filerdir. E\u011fer \u00e7ene alt\u0131n\u0131zda <strong>fazla ya\u011f<\/strong> varsa ve bu durumdan rahats\u0131zsan\u0131z, bu ameliyat sizin i\u00e7in uygun olabilir.<\/p>\n\n\n\n<h2 class=\"wp-block-heading\" id=\"h-gidi-liposuction-riskleri\">G\u0131d\u0131 Liposuction Riskleri<\/h2>\n\n\n\n<p>G\u0131d\u0131 liposuction i\u015flemi genellikle g\u00fcvenli olsa da baz\u0131 <strong>riskler<\/strong> bulunmaktad\u0131r. Bu riskler aras\u0131nda <strong>nadir g\u00f6r\u00fclen sinir yaralanmalar\u0131<\/strong>, <strong>anestezi riskleri<\/strong>, <strong>kanama<\/strong>, <strong>y\u00fcz asimetrisi<\/strong>, <strong>enfeksiyon<\/strong> ve <strong>kal\u0131c\u0131 a\u011fr\u0131<\/strong> yer alabilir. Ayr\u0131ca, <strong>olumsuz yara izleri<\/strong> olu\u015fabilir, ancak bunlar genellikle k\u00fc\u00e7\u00fck ve gizlidir.<\/p>\n<\/div>\n\n\n\n<div class=\"wp-block-column is-layout-flow wp-block-column-is-layout-flow\">\n<figure class=\"wp-block-image size-full\"><img decoding=\"async\" src=\"https:\/\/estherian.com\/wp-content\/uploads\/chin-aesthetics.png\" alt=\"\" class=\"wp-image-23444\" title=\"chin-aesthetics\"\/><\/figure>\n<\/div>\n<\/div>\n\n\n\n<div class=\"wp-block-columns is-layout-flex wp-container-core-columns-is-layout-9d6595d7 wp-block-columns-is-layout-flex\">\n<div class=\"wp-block-column is-layout-flow wp-block-column-is-layout-flow\">\n<figure class=\"wp-block-image size-full\"><img decoding=\"async\" src=\"https:\/\/estherian.com\/wp-content\/uploads\/chin.png\" alt=\"\" class=\"wp-image-23449\" title=\"chin\"\/><\/figure>\n<\/div>\n\n\n\n<div class=\"wp-block-column is-layout-flow wp-block-column-is-layout-flow\">\n<h2 class=\"wp-block-heading\" id=\"h-gidi-liposuction-ameliyati-icin-plastik-cerrahi-nasil-secerim\">G\u0131d\u0131 Liposuction Ameliyat\u0131 \u0130\u00e7in Plastik Cerrah\u0131 Nas\u0131l Se\u00e7erim?<\/h2>\n\n\n\n<p>Cerrah\u0131n\u0131z\u0131n, <strong>t\u0131p fak\u00fcltesinden sonra en az 6 y\u0131l deneyime sahip<\/strong> oldu\u011fundan emin olmal\u0131s\u0131n\u0131z. Ayr\u0131ca, <strong>akredite bir t\u0131p fak\u00fcltesi<\/strong> mezunu olmas\u0131 \u00f6nemlidir. <\/p>\n<\/div>\n<\/div>\n\n\n\n<h2 class=\"wp-block-heading\" id=\"h-gidi-liposuction-ameliyati-ne-kadara-mal-olur\">G\u0131d\u0131 Liposuction Ameliyat\u0131 Ne Kadara Mal Olur?<\/h2>\n\n\n\n<p><br>G\u0131d\u0131 liposuction fiyatlar\u0131, kullan\u0131lan teknik ve <strong>aspire edilecek alanlar\u0131n<\/strong> b\u00fcy\u00fckl\u00fc\u011f\u00fcne g\u00f6re de\u011fi\u015fkenlik g\u00f6sterir. Ayr\u0131ca, bu i\u015flem ba\u015fka bir cerrahi i\u015flemle birle\u015ftirildi\u011finde <strong>fiyatlar<\/strong> de\u011fi\u015febilir. Detayl\u0131 bilgi ve fiyatland\u0131rma i\u00e7in cerrah\u0131n\u0131zla g\u00f6r\u00fc\u015fmeniz \u00f6nerilir.<\/p>\n\n\n\n<h2 class=\"wp-block-heading\" id=\"h-sikca-sorulan-sorular-sss\">S\u0131k\u00e7a Sorulan Sorular (SSS)<\/h2>\n\n\n\n<h3 class=\"wp-block-heading\" id=\"h-gidi-liposuction-islemi-ne-kadar-surer\">G\u0131d\u0131 Liposuction \u0130\u015flemi Ne Kadar S\u00fcrer?<\/h3>\n\n\n\n<p>G\u0131d\u0131 liposuction i\u015flemi, genellikle <strong>1 saat<\/strong> s\u00fcren bir prosed\u00fcrd\u00fcr. \u0130\u015flem s\u00fcresi, kullan\u0131lacak tekni\u011fe ve b\u00f6lgedeki ya\u011f miktar\u0131na ba\u011fl\u0131 olarak de\u011fi\u015febilir.<\/p>\n\n\n\n<h3 class=\"wp-block-heading\" id=\"h-gidi-liposuction-sonrasi-dikkat-edilmesi-gerekenler-nelerdir\">G\u0131d\u0131 Liposuction Sonras\u0131 Dikkat Edilmesi Gerekenler Nelerdir?<\/h3>\n\n\n\n<p>Ameliyat sonras\u0131 <strong>sigara i\u00e7mekten ka\u00e7\u0131n\u0131lmal\u0131<\/strong>, <strong>a\u011f\u0131r egzersizlerden ve yorucu aktivitelerden<\/strong> uzak durulmal\u0131d\u0131r. Ayr\u0131ca, cerrah\u0131n \u00f6nerdi\u011fi <strong>diki\u015f bak\u0131m\u0131 ve so\u011fuk kompres uygulamalar\u0131<\/strong> gibi iyile\u015fme s\u00fcrecini h\u0131zland\u0131r\u0131c\u0131 ad\u0131mlar takip edilmelidir.<\/p>\n\n\n\n<h3 class=\"wp-block-heading\" id=\"h-gidi-liposuction-ameliyati-nasil-yapilir\">G\u0131d\u0131 Liposuction Ameliyat\u0131 Nas\u0131l Yap\u0131l\u0131r?<\/h3>\n\n\n\n<p>G\u0131d\u0131 liposuction i\u015flemi, genellikle <strong>lokal anestezi<\/strong> alt\u0131nda yap\u0131l\u0131r. Cerrah, \u00e7ene alt\u0131na k\u00fc\u00e7\u00fck bir kesi yaparak, <strong>Vaser teknolojisiyle<\/strong> ya\u011f h\u00fccrelerini \u00e7\u00f6zer ve bu ya\u011flar\u0131 emerek v\u00fccuttan atar. \u0130\u015flem yakla\u015f\u0131k 1 saat s\u00fcrer ve iyile\u015fme s\u00fcreci h\u0131zl\u0131d\u0131r.<\/p>\n\n\n\n<p><\/p>\n","protected":false},"excerpt":{"rendered":"<p>G\u0131d\u0131 Liposuction Nedir? Submental lipo olarak da bilinen Vaser liposuction ile g\u0131d\u0131 esteti\u011fi, g\u0131d\u0131 reformu i\u00e7in en etkili y\u00f6ntemdir. Vaser, ya\u011f h\u00fccrelerini ultrason enerjisi kullanarak yumu\u015fak bir \u015fekilde par\u00e7alad\u0131\u011f\u0131 i\u00e7in, bu b\u00f6lgedeki ya\u011f h\u00fccrelerini tamamen yok eder. G\u0131d\u0131 esteti\u011fi, g\u0131d\u0131 b\u00f6lgesindeki fazla ya\u011flar\u0131 kald\u0131rarak daha d\u00fczg\u00fcn ve gen\u00e7 bir y\u00fcz hatlar\u0131 sa\u011flar.G\u0131d\u0131 Liposuction Prosed\u00fcr\u00fc Cerrah,&hellip;<\/p>\n","protected":false},"author":1,"featured_media":26832,"parent":0,"menu_order":10,"comment_status":"closed","ping_status":"closed","template":"","meta":{"footnotes":""},"class_list":["post-21700","page","type-page","status-publish","has-post-thumbnail","hentry","description-off"],"yoast_head":"<!-- This site is optimized with the Yoast SEO Premium plugin v27.3 (Yoast SEO v27.3) - https:\/\/yoast.com\/product\/yoast-seo-premium-wordpress\/ -->\n<title>G\u0131d\u0131 Liposuction | Estherian Clinic<\/title>\n<meta name=\"description\" content=\"G\u0131d\u0131 liposuction genellikle lokal anestezi alt\u0131nda yap\u0131l\u0131r. 1 saat s\u00fcrer. Cerrah, \u00e7ene alt\u0131ndaki k\u00fc\u00e7\u00fck bir kesiden Liposuction y\u00f6ntemiyle ya\u011flar\u0131 \u00e7\u00f6zer ve ard\u0131ndan bu ya\u011flar emilip v\u00fccuttan at\u0131l\u0131r.\" \/>\n<meta name=\"robots\" content=\"index, follow, max-snippet:-1, max-image-preview:large, max-video-preview:-1\" \/>\n<link rel=\"canonical\" href=\"https:\/\/estherian.com\/tr\/gidi-liposuction\/\" \/>\n<meta property=\"og:locale\" content=\"tr_TR\" \/>\n<meta property=\"og:type\" content=\"article\" \/>\n<meta property=\"og:title\" content=\"G\u0131d\u0131 Liposuction\" \/>\n<meta property=\"og:description\" content=\"Looks better with Estherian Clinic. Plastic Surgery, Dental treatments and more beautiful services!\" \/>\n<meta property=\"og:url\" content=\"https:\/\/estherian.com\/tr\/gidi-liposuction\/\" \/>\n<meta property=\"og:site_name\" content=\"Estherian Clinic\" \/>\n<meta property=\"article:publisher\" content=\"https:\/\/www.facebook.com\/estherianclinic.en\" \/>\n<meta property=\"article:modified_time\" content=\"2025-10-20T07:46:09+00:00\" \/>\n<meta property=\"og:image\" content=\"https:\/\/estherian.com\/wp-content\/uploads\/chin_neck_liposuction_1920x1080.jpg\" \/>\n\t<meta property=\"og:image:width\" content=\"1920\" \/>\n\t<meta property=\"og:image:height\" content=\"1080\" \/>\n\t<meta property=\"og:image:type\" content=\"image\/jpeg\" \/>\n<meta name=\"twitter:card\" content=\"summary_large_image\" \/>\n<meta name=\"twitter:site\" content=\"@EstherianTr\" \/>\n<meta name=\"twitter:label1\" content=\"Tahmini okuma s\u00fcresi\" \/>\n\t<meta name=\"twitter:data1\" content=\"4 dakika\" \/>\n<script type=\"application\/ld+json\" class=\"yoast-schema-graph\">{\"@context\":\"https:\\\/\\\/schema.org\",\"@graph\":[{\"@type\":\"Article\",\"@id\":\"https:\\\/\\\/estherian.com\\\/tr\\\/gidi-liposuction\\\/#article\",\"isPartOf\":{\"@id\":\"https:\\\/\\\/estherian.com\\\/tr\\\/gidi-liposuction\\\/\"},\"author\":{\"name\":\"ferhatk\",\"@id\":\"https:\\\/\\\/estherian.com\\\/tr\\\/#\\\/schema\\\/person\\\/0b1452799c3700afbfcfd3a0f5e64732\"},\"headline\":\"G\u0131d\u0131 Liposuction\",\"datePublished\":\"2024-11-22T09:21:16+00:00\",\"dateModified\":\"2025-10-20T07:46:09+00:00\",\"mainEntityOfPage\":{\"@id\":\"https:\\\/\\\/estherian.com\\\/tr\\\/gidi-liposuction\\\/\"},\"wordCount\":771,\"publisher\":{\"@id\":\"https:\\\/\\\/estherian.com\\\/tr\\\/#organization\"},\"image\":{\"@id\":\"https:\\\/\\\/estherian.com\\\/tr\\\/gidi-liposuction\\\/#primaryimage\"},\"thumbnailUrl\":\"https:\\\/\\\/estherian.com\\\/wp-content\\\/uploads\\\/chin_neck_liposuction_1920x1080.jpg\",\"inLanguage\":\"tr\"},{\"@type\":\"WebPage\",\"@id\":\"https:\\\/\\\/estherian.com\\\/tr\\\/gidi-liposuction\\\/\",\"url\":\"https:\\\/\\\/estherian.com\\\/tr\\\/gidi-liposuction\\\/\",\"name\":\"G\u0131d\u0131 Liposuction | Estherian Clinic\",\"isPartOf\":{\"@id\":\"https:\\\/\\\/estherian.com\\\/tr\\\/#website\"},\"primaryImageOfPage\":{\"@id\":\"https:\\\/\\\/estherian.com\\\/tr\\\/gidi-liposuction\\\/#primaryimage\"},\"image\":{\"@id\":\"https:\\\/\\\/estherian.com\\\/tr\\\/gidi-liposuction\\\/#primaryimage\"},\"thumbnailUrl\":\"https:\\\/\\\/estherian.com\\\/wp-content\\\/uploads\\\/chin_neck_liposuction_1920x1080.jpg\",\"datePublished\":\"2024-11-22T09:21:16+00:00\",\"dateModified\":\"2025-10-20T07:46:09+00:00\",\"description\":\"G\u0131d\u0131 liposuction genellikle lokal anestezi alt\u0131nda yap\u0131l\u0131r. 1 saat s\u00fcrer. Cerrah, \u00e7ene alt\u0131ndaki k\u00fc\u00e7\u00fck bir kesiden Liposuction y\u00f6ntemiyle ya\u011flar\u0131 \u00e7\u00f6zer ve ard\u0131ndan bu ya\u011flar emilip v\u00fccuttan at\u0131l\u0131r.\",\"breadcrumb\":{\"@id\":\"https:\\\/\\\/estherian.com\\\/tr\\\/gidi-liposuction\\\/#breadcrumb\"},\"inLanguage\":\"tr\",\"potentialAction\":[{\"@type\":\"ReadAction\",\"target\":[\"https:\\\/\\\/estherian.com\\\/tr\\\/gidi-liposuction\\\/\"]}]},{\"@type\":\"ImageObject\",\"inLanguage\":\"tr\",\"@id\":\"https:\\\/\\\/estherian.com\\\/tr\\\/gidi-liposuction\\\/#primaryimage\",\"url\":\"https:\\\/\\\/estherian.com\\\/wp-content\\\/uploads\\\/chin_neck_liposuction_1920x1080.jpg\",\"contentUrl\":\"https:\\\/\\\/estherian.com\\\/wp-content\\\/uploads\\\/chin_neck_liposuction_1920x1080.jpg\",\"width\":1920,\"height\":1080},{\"@type\":\"BreadcrumbList\",\"@id\":\"https:\\\/\\\/estherian.com\\\/tr\\\/gidi-liposuction\\\/#breadcrumb\",\"itemListElement\":[{\"@type\":\"ListItem\",\"position\":1,\"name\":\"Home\",\"item\":\"https:\\\/\\\/estherian.com\\\/tr\\\/\"},{\"@type\":\"ListItem\",\"position\":2,\"name\":\"G\u0131d\u0131 Liposuction\"}]},{\"@type\":\"WebSite\",\"@id\":\"https:\\\/\\\/estherian.com\\\/tr\\\/#website\",\"url\":\"https:\\\/\\\/estherian.com\\\/tr\\\/\",\"name\":\"Estherian Clinic\",\"description\":\"Plastic Surgery | Dental | Hair Transplant in Turkey\",\"publisher\":{\"@id\":\"https:\\\/\\\/estherian.com\\\/tr\\\/#organization\"},\"potentialAction\":[{\"@type\":\"SearchAction\",\"target\":{\"@type\":\"EntryPoint\",\"urlTemplate\":\"https:\\\/\\\/estherian.com\\\/tr\\\/?s={search_term_string}\"},\"query-input\":{\"@type\":\"PropertyValueSpecification\",\"valueRequired\":true,\"valueName\":\"search_term_string\"}}],\"inLanguage\":\"tr\"},{\"@type\":\"Organization\",\"@id\":\"https:\\\/\\\/estherian.com\\\/tr\\\/#organization\",\"name\":\"Estherian Clinic\",\"alternateName\":\"Estherian\",\"url\":\"https:\\\/\\\/estherian.com\\\/tr\\\/\",\"logo\":{\"@type\":\"ImageObject\",\"inLanguage\":\"tr\",\"@id\":\"https:\\\/\\\/estherian.com\\\/tr\\\/#\\\/schema\\\/logo\\\/image\\\/\",\"url\":\"https:\\\/\\\/estherian.com\\\/wp-content\\\/uploads\\\/2024\\\/10\\\/EstherianLogo.png\",\"contentUrl\":\"https:\\\/\\\/estherian.com\\\/wp-content\\\/uploads\\\/2024\\\/10\\\/EstherianLogo.png\",\"width\":882,\"height\":934,\"caption\":\"Estherian Clinic\"},\"image\":{\"@id\":\"https:\\\/\\\/estherian.com\\\/tr\\\/#\\\/schema\\\/logo\\\/image\\\/\"},\"sameAs\":[\"https:\\\/\\\/www.facebook.com\\\/estherianclinic.en\",\"https:\\\/\\\/x.com\\\/EstherianTr\",\"https:\\\/\\\/www.instagram.com\\\/estherianclinic\\\/\",\"https:\\\/\\\/www.tiktok.com\\\/@estherian.clinic\",\"https:\\\/\\\/www.youtube.com\\\/estherianclinic\"],\"email\":\"hi@estherian.com\",\"telephone\":\"+90-544-169-9000\",\"legalName\":\"ESTHERIAN CLINIC SA\u011eLIK H\u0130ZMETLER\u0130 SAN. T\u0130C. LTD. \u015eT\u0130.\",\"foundingDate\":\"2020-03-09\",\"vatID\":\"TR1601485625\",\"taxID\":\"1601485625\",\"numberOfEmployees\":{\"@type\":\"QuantitativeValue\",\"minValue\":\"51\",\"maxValue\":\"200\"},\"publishingPrinciples\":\"https:\\\/\\\/estherian.com\\\/tr\\\/sartlar-ve-kosullar\\\/\",\"actionableFeedbackPolicy\":\"https:\\\/\\\/estherian.com\\\/tr\\\/gizlilik-politikasi\\\/\",\"correctionsPolicy\":\"https:\\\/\\\/estherian.com\\\/tr\\\/gizlilik-politikasi\\\/\",\"ethicsPolicy\":\"https:\\\/\\\/estherian.com\\\/tr\\\/gizlilik-politikasi\\\/\",\"diversityPolicy\":\"https:\\\/\\\/estherian.com\\\/tr\\\/gizlilik-politikasi\\\/\",\"diversityStaffingReport\":\"https:\\\/\\\/estherian.com\\\/tr\\\/gizlilik-politikasi\\\/\"},{\"@type\":\"Person\",\"@id\":\"https:\\\/\\\/estherian.com\\\/tr\\\/#\\\/schema\\\/person\\\/0b1452799c3700afbfcfd3a0f5e64732\",\"name\":\"ferhatk\",\"image\":{\"@type\":\"ImageObject\",\"inLanguage\":\"tr\",\"@id\":\"https:\\\/\\\/secure.gravatar.com\\\/avatar\\\/5192156a410fa37c70ea8d4f0d01782533c470a75971ae114e5cd116be51ca05?s=96&d=mm&r=g\",\"url\":\"https:\\\/\\\/secure.gravatar.com\\\/avatar\\\/5192156a410fa37c70ea8d4f0d01782533c470a75971ae114e5cd116be51ca05?s=96&d=mm&r=g\",\"contentUrl\":\"https:\\\/\\\/secure.gravatar.com\\\/avatar\\\/5192156a410fa37c70ea8d4f0d01782533c470a75971ae114e5cd116be51ca05?s=96&d=mm&r=g\",\"caption\":\"ferhatk\"},\"sameAs\":[\"https:\\\/\\\/v2.estherian.com\"]}]}<\/script>\n<!-- \/ Yoast SEO Premium plugin. -->","yoast_head_json":{"title":"G\u0131d\u0131 Liposuction | Estherian Clinic","description":"G\u0131d\u0131 liposuction genellikle lokal anestezi alt\u0131nda yap\u0131l\u0131r. 1 saat s\u00fcrer. Cerrah, \u00e7ene alt\u0131ndaki k\u00fc\u00e7\u00fck bir kesiden Liposuction y\u00f6ntemiyle ya\u011flar\u0131 \u00e7\u00f6zer ve ard\u0131ndan bu ya\u011flar emilip v\u00fccuttan at\u0131l\u0131r.","robots":{"index":"index","follow":"follow","max-snippet":"max-snippet:-1","max-image-preview":"max-image-preview:large","max-video-preview":"max-video-preview:-1"},"canonical":"https:\/\/estherian.com\/tr\/gidi-liposuction\/","og_locale":"tr_TR","og_type":"article","og_title":"G\u0131d\u0131 Liposuction","og_description":"Looks better with Estherian Clinic. Plastic Surgery, Dental treatments and more beautiful services!","og_url":"https:\/\/estherian.com\/tr\/gidi-liposuction\/","og_site_name":"Estherian Clinic","article_publisher":"https:\/\/www.facebook.com\/estherianclinic.en","article_modified_time":"2025-10-20T07:46:09+00:00","og_image":[{"width":1920,"height":1080,"url":"https:\/\/estherian.com\/wp-content\/uploads\/chin_neck_liposuction_1920x1080.jpg","type":"image\/jpeg"}],"twitter_card":"summary_large_image","twitter_site":"@EstherianTr","twitter_misc":{"Tahmini okuma s\u00fcresi":"4 dakika"},"schema":{"@context":"https:\/\/schema.org","@graph":[{"@type":"Article","@id":"https:\/\/estherian.com\/tr\/gidi-liposuction\/#article","isPartOf":{"@id":"https:\/\/estherian.com\/tr\/gidi-liposuction\/"},"author":{"name":"ferhatk","@id":"https:\/\/estherian.com\/tr\/#\/schema\/person\/0b1452799c3700afbfcfd3a0f5e64732"},"headline":"G\u0131d\u0131 Liposuction","datePublished":"2024-11-22T09:21:16+00:00","dateModified":"2025-10-20T07:46:09+00:00","mainEntityOfPage":{"@id":"https:\/\/estherian.com\/tr\/gidi-liposuction\/"},"wordCount":771,"publisher":{"@id":"https:\/\/estherian.com\/tr\/#organization"},"image":{"@id":"https:\/\/estherian.com\/tr\/gidi-liposuction\/#primaryimage"},"thumbnailUrl":"https:\/\/estherian.com\/wp-content\/uploads\/chin_neck_liposuction_1920x1080.jpg","inLanguage":"tr"},{"@type":"WebPage","@id":"https:\/\/estherian.com\/tr\/gidi-liposuction\/","url":"https:\/\/estherian.com\/tr\/gidi-liposuction\/","name":"G\u0131d\u0131 Liposuction | Estherian Clinic","isPartOf":{"@id":"https:\/\/estherian.com\/tr\/#website"},"primaryImageOfPage":{"@id":"https:\/\/estherian.com\/tr\/gidi-liposuction\/#primaryimage"},"image":{"@id":"https:\/\/estherian.com\/tr\/gidi-liposuction\/#primaryimage"},"thumbnailUrl":"https:\/\/estherian.com\/wp-content\/uploads\/chin_neck_liposuction_1920x1080.jpg","datePublished":"2024-11-22T09:21:16+00:00","dateModified":"2025-10-20T07:46:09+00:00","description":"G\u0131d\u0131 liposuction genellikle lokal anestezi alt\u0131nda yap\u0131l\u0131r. 1 saat s\u00fcrer. Cerrah, \u00e7ene alt\u0131ndaki k\u00fc\u00e7\u00fck bir kesiden Liposuction y\u00f6ntemiyle ya\u011flar\u0131 \u00e7\u00f6zer ve ard\u0131ndan bu ya\u011flar emilip v\u00fccuttan at\u0131l\u0131r.","breadcrumb":{"@id":"https:\/\/estherian.com\/tr\/gidi-liposuction\/#breadcrumb"},"inLanguage":"tr","potentialAction":[{"@type":"ReadAction","target":["https:\/\/estherian.com\/tr\/gidi-liposuction\/"]}]},{"@type":"ImageObject","inLanguage":"tr","@id":"https:\/\/estherian.com\/tr\/gidi-liposuction\/#primaryimage","url":"https:\/\/estherian.com\/wp-content\/uploads\/chin_neck_liposuction_1920x1080.jpg","contentUrl":"https:\/\/estherian.com\/wp-content\/uploads\/chin_neck_liposuction_1920x1080.jpg","width":1920,"height":1080},{"@type":"BreadcrumbList","@id":"https:\/\/estherian.com\/tr\/gidi-liposuction\/#breadcrumb","itemListElement":[{"@type":"ListItem","position":1,"name":"Home","item":"https:\/\/estherian.com\/tr\/"},{"@type":"ListItem","position":2,"name":"G\u0131d\u0131 Liposuction"}]},{"@type":"WebSite","@id":"https:\/\/estherian.com\/tr\/#website","url":"https:\/\/estherian.com\/tr\/","name":"Estherian Clinic","description":"Plastic Surgery | Dental | Hair Transplant in Turkey","publisher":{"@id":"https:\/\/estherian.com\/tr\/#organization"},"potentialAction":[{"@type":"SearchAction","target":{"@type":"EntryPoint","urlTemplate":"https:\/\/estherian.com\/tr\/?s={search_term_string}"},"query-input":{"@type":"PropertyValueSpecification","valueRequired":true,"valueName":"search_term_string"}}],"inLanguage":"tr"},{"@type":"Organization","@id":"https:\/\/estherian.com\/tr\/#organization","name":"Estherian Clinic","alternateName":"Estherian","url":"https:\/\/estherian.com\/tr\/","logo":{"@type":"ImageObject","inLanguage":"tr","@id":"https:\/\/estherian.com\/tr\/#\/schema\/logo\/image\/","url":"https:\/\/estherian.com\/wp-content\/uploads\/2024\/10\/EstherianLogo.png","contentUrl":"https:\/\/estherian.com\/wp-content\/uploads\/2024\/10\/EstherianLogo.png","width":882,"height":934,"caption":"Estherian Clinic"},"image":{"@id":"https:\/\/estherian.com\/tr\/#\/schema\/logo\/image\/"},"sameAs":["https:\/\/www.facebook.com\/estherianclinic.en","https:\/\/x.com\/EstherianTr","https:\/\/www.instagram.com\/estherianclinic\/","https:\/\/www.tiktok.com\/@estherian.clinic","https:\/\/www.youtube.com\/estherianclinic"],"email":"hi@estherian.com","telephone":"+90-544-169-9000","legalName":"ESTHERIAN CLINIC SA\u011eLIK H\u0130ZMETLER\u0130 SAN. T\u0130C. LTD. \u015eT\u0130.","foundingDate":"2020-03-09","vatID":"TR1601485625","taxID":"1601485625","numberOfEmployees":{"@type":"QuantitativeValue","minValue":"51","maxValue":"200"},"publishingPrinciples":"https:\/\/estherian.com\/tr\/sartlar-ve-kosullar\/","actionableFeedbackPolicy":"https:\/\/estherian.com\/tr\/gizlilik-politikasi\/","correctionsPolicy":"https:\/\/estherian.com\/tr\/gizlilik-politikasi\/","ethicsPolicy":"https:\/\/estherian.com\/tr\/gizlilik-politikasi\/","diversityPolicy":"https:\/\/estherian.com\/tr\/gizlilik-politikasi\/","diversityStaffingReport":"https:\/\/estherian.com\/tr\/gizlilik-politikasi\/"},{"@type":"Person","@id":"https:\/\/estherian.com\/tr\/#\/schema\/person\/0b1452799c3700afbfcfd3a0f5e64732","name":"ferhatk","image":{"@type":"ImageObject","inLanguage":"tr","@id":"https:\/\/secure.gravatar.com\/avatar\/5192156a410fa37c70ea8d4f0d01782533c470a75971ae114e5cd116be51ca05?s=96&d=mm&r=g","url":"https:\/\/secure.gravatar.com\/avatar\/5192156a410fa37c70ea8d4f0d01782533c470a75971ae114e5cd116be51ca05?s=96&d=mm&r=g","contentUrl":"https:\/\/secure.gravatar.com\/avatar\/5192156a410fa37c70ea8d4f0d01782533c470a75971ae114e5cd116be51ca05?s=96&d=mm&r=g","caption":"ferhatk"},"sameAs":["https:\/\/v2.estherian.com"]}]}},"_links":{"self":[{"href":"https:\/\/estherian.com\/tr\/wp-json\/wp\/v2\/pages\/21700","targetHints":{"allow":["GET"]}}],"collection":[{"href":"https:\/\/estherian.com\/tr\/wp-json\/wp\/v2\/pages"}],"about":[{"href":"https:\/\/estherian.com\/tr\/wp-json\/wp\/v2\/types\/page"}],"author":[{"embeddable":true,"href":"https:\/\/estherian.com\/tr\/wp-json\/wp\/v2\/users\/1"}],"replies":[{"embeddable":true,"href":"https:\/\/estherian.com\/tr\/wp-json\/wp\/v2\/comments?post=21700"}],"version-history":[{"count":0,"href":"https:\/\/estherian.com\/tr\/wp-json\/wp\/v2\/pages\/21700\/revisions"}],"wp:featuredmedia":[{"embeddable":true,"href":"https:\/\/estherian.com\/tr\/wp-json\/wp\/v2\/media\/26832"}],"wp:attachment":[{"href":"https:\/\/estherian.com\/tr\/wp-json\/wp\/v2\/media?parent=21700"}],"curies":[{"name":"wp","href":"https:\/\/api.w.org\/{rel}","templated":true}]}}