{"id":21717,"date":"2024-11-22T13:58:44","date_gmt":"2024-11-22T10:58:44","guid":{"rendered":"https:\/\/v2.estherian.com\/?page_id=21717"},"modified":"2024-12-26T06:50:26","modified_gmt":"2024-12-26T06:50:26","slug":"meme-kucultme","status":"publish","type":"page","link":"https:\/\/estherian.com\/tr\/meme-kucultme\/","title":{"rendered":"Meme K\u00fc\u00e7\u00fcltme"},"content":{"rendered":"\n<h2 class=\"wp-block-heading\">Meme K\u00fc\u00e7\u00fcltme Ameliyat\u0131 Nedir?<\/h2>\n\n\n\n<p><strong>Meme k\u00fc\u00e7\u00fcltme ameliyat\u0131<\/strong>, fazla ya\u011f, doku ve derinin \u00e7\u0131kar\u0131larak memelerin boyutunun k\u00fc\u00e7\u00fclt\u00fcld\u00fc\u011f\u00fc cerrahi bir i\u015flemdir. Bu i\u015flem, meme boyutundan rahats\u0131zl\u0131k duyan veya estetik ve fiziksel sorunlar ya\u015fayan hastalar i\u00e7in uygulan\u0131r.<\/p>\n\n\n\n<div class=\"wp-block-columns is-layout-flex wp-container-core-columns-is-layout-9d6595d7 wp-block-columns-is-layout-flex\">\n<div class=\"wp-block-column is-layout-flow wp-block-column-is-layout-flow\">\n<h2 class=\"wp-block-heading\">Meme K\u00fc\u00e7\u00fcltme Ameliyat\u0131 S\u00fcreci<\/h2>\n\n\n\n<p><strong>Ameliyat \u00d6ncesi<\/strong><\/p>\n\n\n\n<p>Ameliyattan \u00f6nce doktorunuz, t\u0131bbi ge\u00e7mi\u015finizi de\u011ferlendirecek ve memelerinizde daha \u00f6nce herhangi bir kitle \u00e7\u0131kar\u0131l\u0131p \u00e7\u0131kar\u0131lmad\u0131\u011f\u0131n\u0131 ya da memelerinizi etkileyen ba\u015fka bir sa\u011fl\u0131k sorununuzun olup olmad\u0131\u011f\u0131n\u0131 soracakt\u0131r. Ayr\u0131ca, aile ge\u00e7mi\u015finizi de g\u00f6zden ge\u00e7irecektir.<\/p>\n\n\n\n<p>Doktorunuz ameliyat \u00f6ncesinde memelerinizin r\u00f6ntgenini \u00e7ekebilir, \u00f6l\u00e7\u00fcmler yapabilir ve ameliyat sonras\u0131 beklentilerinizi sizinle ayr\u0131nt\u0131l\u0131 olarak tart\u0131\u015fabilir.<\/p>\n\n\n\n<p><strong>Ameliyattan \u00f6nce sigaray\u0131 b\u0131rakman\u0131z<\/strong> ve aspirin ya da antienflamatuar ila\u00e7lar gibi baz\u0131 ila\u00e7lar\u0131 kullanmay\u0131 kesmeniz istenebilir.<\/p>\n\n\n\n<h3 class=\"wp-block-heading\">Ameliyat S\u0131ras\u0131nda<\/h3>\n\n\n\n<p>Cerrah, \u00f6nce memelerdeki fazla ya\u011f\u0131 almak i\u00e7in ince bir t\u00fcp yerle\u015ftirerek k\u00fc\u00e7\u00fck kesiler yapar. Daha sonra, areola \u00e7evresinde ve memelerin ortas\u0131nda bir kesi a\u00e7ar. Bu durumda, <strong>areola ve meme ba\u015f\u0131 memeye ba\u011fl\u0131 kal\u0131r<\/strong> ve meme dokular\u0131 \u00e7\u0131kar\u0131ld\u0131ktan sonra yeni pozisyonlar\u0131na yerle\u015ftirilir.<\/p>\n\n\n\n<p>E\u011fer memeler \u00e7ok b\u00fcy\u00fckse, areola \u00e7\u0131kar\u0131l\u0131r ve deri grefti ile daha yukar\u0131ya yeniden yerle\u015ftirilir.<\/p>\n\n\n\n<p>Ameliyat s\u0131ras\u0131nda cerrah, s\u00fct kanallar\u0131na \u00f6zen g\u00f6sterir. Memelerin simetrik olmas\u0131n\u0131 sa\u011flad\u0131ktan sonra kesileri diker ve memeleri bandajlarla sararak bir destek s\u00fctyeni ile sabitler.<\/p>\n\n\n\n<h3 class=\"wp-block-heading\">Ameliyat Sonras\u0131<\/h3>\n\n\n\n<p>\u0130yile\u015fme s\u00fcreci yakla\u015f\u0131k iki hafta s\u00fcrebilir. Bu s\u00fcre boyunca a\u011f\u0131r kald\u0131rmaktan ka\u00e7\u0131n\u0131lmal\u0131d\u0131r.<\/p>\n\n\n\n<p>Ameliyattan sonra bir ay boyunca yo\u011fun egzersizlerden uzak durman\u0131z gereklidir. Doktorunuz, a\u011fr\u0131y\u0131 hafifletmek i\u00e7in a\u011fr\u0131 kesici ila\u00e7lar re\u00e7ete edecek ve enfeksiyon riskini azaltmak i\u00e7in \u00f6zel bak\u0131m talimatlar\u0131 verecektir.<\/p>\n<\/div>\n\n\n\n<div class=\"wp-block-column is-layout-flow wp-block-column-is-layout-flow\">\n<figure class=\"wp-block-image size-full\"><img decoding=\"async\" width=\"398\" height=\"398\" src=\"https:\/\/estherian.com\/wp-content\/uploads\/breast-reduction1-01.png\" alt=\"breast reduction\" class=\"wp-image-23363\" title=\"breast-reduction1-01\" srcset=\"https:\/\/estherian.com\/wp-content\/uploads\/breast-reduction1-01.png 398w, https:\/\/estherian.com\/wp-content\/uploads\/breast-reduction1-01-386x386.png 386w, https:\/\/estherian.com\/wp-content\/uploads\/breast-reduction1-01-275x275.png 275w\" sizes=\"(max-width: 398px) 100vw, 398px\" \/><\/figure>\n\n\n\n<figure class=\"wp-block-image size-full\"><img decoding=\"async\" width=\"398\" height=\"398\" src=\"https:\/\/estherian.com\/wp-content\/uploads\/breast-reduction2-01.png\" alt=\"\" class=\"wp-image-23367\" title=\"breast-reduction2-01\" srcset=\"https:\/\/estherian.com\/wp-content\/uploads\/breast-reduction2-01.png 398w, https:\/\/estherian.com\/wp-content\/uploads\/breast-reduction2-01-386x386.png 386w, https:\/\/estherian.com\/wp-content\/uploads\/breast-reduction2-01-275x275.png 275w\" sizes=\"(max-width: 398px) 100vw, 398px\" \/><\/figure>\n<\/div>\n<\/div>\n\n\n\n<div class=\"wp-block-columns is-layout-flex wp-container-core-columns-is-layout-9d6595d7 wp-block-columns-is-layout-flex\">\n<div class=\"wp-block-column is-layout-flow wp-block-column-is-layout-flow\">\n<h3 class=\"wp-block-heading\">How Painful Is\u00a0 Breast Reduction?<\/h3>\n\n\n\n<p>Breast reduction surgery is performed under general anesthesia and takes<strong>&nbsp;2-5 hours<\/strong><\/p>\n\n\n\n<h2 class=\"wp-block-heading\">Meme K\u00fc\u00e7\u00fcltme Riskleri<\/h2>\n\n\n\n<ul class=\"wp-block-list\">\n<li><strong>Meme asimetrisi<\/strong><\/li>\n\n\n\n<li>Meme \u015fekli ve \u00e7evresinde de\u011fi\u015fiklikler<\/li>\n\n\n\n<li>Sertlik<\/li>\n\n\n\n<li>S\u0131v\u0131 birikimi<\/li>\n\n\n\n<li>Emzirme yetisinde kay\u0131p<\/li>\n\n\n\n<li>Kal\u0131c\u0131 cilt renk de\u011fi\u015fikli\u011fi<\/li>\n<\/ul>\n<\/div>\n\n\n\n<div class=\"wp-block-column is-layout-flow wp-block-column-is-layout-flow\">\n<figure class=\"wp-block-image size-full\"><img decoding=\"async\" width=\"370\" height=\"277\" src=\"https:\/\/estherian.com\/wp-content\/uploads\/breast-reduction-surgery-370x277-1.png\" alt=\"\" class=\"wp-image-23372\" title=\"b1\"\/><\/figure>\n<\/div>\n<\/div>\n\n\n\n<h2 class=\"wp-block-heading\">Meme K\u00fc\u00e7\u00fcltme Ameliyat\u0131 Fiyat\u0131<\/h2>\n\n\n\n<p>Ameliyat fiyat\u0131, kullan\u0131lan tekniklere ve ki\u015finin ihtiya\u00e7lar\u0131na g\u00f6re de\u011fi\u015fiklik g\u00f6sterir. <strong>Kesin fiyat bilgisi ancak t\u0131bbi bir de\u011ferlendirme sonras\u0131 belirlenebilir.<\/strong> Daha fazla bilgi almak i\u00e7in bizimle ileti\u015fime ge\u00e7ebilirsiniz.<\/p>\n\n\n\n<h2 class=\"wp-block-heading\">S\u0131k\u00e7a Sorulan Sorular (S.S.S)<\/h2>\n\n\n\n<h3 class=\"wp-block-heading\">Meme K\u00fc\u00e7\u00fcltme Ameliyat\u0131 A\u011fr\u0131l\u0131 Bir \u0130\u015flem Midir?<\/h3>\n\n\n\n<p>Ameliyat s\u0131ras\u0131nda genel anestezi uyguland\u0131\u011f\u0131 i\u00e7in a\u011fr\u0131 hissedilmez. Ameliyat sonras\u0131nda hafif a\u011fr\u0131lar olabilir, ancak doktorunuz a\u011fr\u0131y\u0131 kontrol etmek i\u00e7in a\u011fr\u0131 kesiciler re\u00e7ete edecektir.<\/p>\n\n\n\n<h3 class=\"wp-block-heading\">Ameliyat Sonras\u0131 \u0130z Kal\u0131r M\u0131?<\/h3>\n\n\n\n<p>Cerrahi i\u015flemlerden sonra genellikle iz kalabilir, ancak izler zamanla ge\u00e7ecektir. Doktorunuz, minimum iz kalmas\u0131 i\u00e7in en uygun teknikleri kullanacakt\u0131r.<\/p>\n\n\n\n<h3 class=\"wp-block-heading\">Meme K\u00fc\u00e7\u00fcltme Ameliyat\u0131 Kimler \u0130\u00e7in Uygundur?<\/h3>\n\n\n\n<p>Bu ameliyat, memelerinin boyutundan rahats\u0131zl\u0131k duyan, s\u0131rt veya boyun a\u011fr\u0131s\u0131 ya\u015fayan, hareket k\u0131s\u0131tl\u0131l\u0131\u011f\u0131 olan ve sa\u011fl\u0131kl\u0131 bir birey olan ki\u015filer i\u00e7in uygundur.<\/p>\n\n\n\n<p><\/p>\n","protected":false},"excerpt":{"rendered":"<p>Meme K\u00fc\u00e7\u00fcltme Ameliyat\u0131 Nedir? Meme k\u00fc\u00e7\u00fcltme ameliyat\u0131, fazla ya\u011f, doku ve derinin \u00e7\u0131kar\u0131larak memelerin boyutunun k\u00fc\u00e7\u00fclt\u00fcld\u00fc\u011f\u00fc cerrahi bir i\u015flemdir. Bu i\u015flem, meme boyutundan rahats\u0131zl\u0131k duyan veya estetik ve fiziksel sorunlar ya\u015fayan hastalar i\u00e7in uygulan\u0131r. Meme K\u00fc\u00e7\u00fcltme Ameliyat\u0131 S\u00fcreci Ameliyat \u00d6ncesi Ameliyattan \u00f6nce doktorunuz, t\u0131bbi ge\u00e7mi\u015finizi de\u011ferlendirecek ve memelerinizde daha \u00f6nce herhangi bir kitle \u00e7\u0131kar\u0131l\u0131p \u00e7\u0131kar\u0131lmad\u0131\u011f\u0131n\u0131&hellip;<\/p>\n","protected":false},"author":1,"featured_media":27765,"parent":0,"menu_order":10,"comment_status":"closed","ping_status":"closed","template":"","meta":{"footnotes":""},"class_list":["post-21717","page","type-page","status-publish","has-post-thumbnail","hentry","description-off"],"yoast_head":"<!-- This site is optimized with the Yoast SEO Premium plugin v27.3 (Yoast SEO v27.3) - https:\/\/yoast.com\/product\/yoast-seo-premium-wordpress\/ -->\n<title>Meme K\u00fc\u00e7\u00fcltme | Estherian Clinic<\/title>\n<meta name=\"robots\" content=\"index, follow, max-snippet:-1, max-image-preview:large, max-video-preview:-1\" \/>\n<link rel=\"canonical\" href=\"https:\/\/estherian.com\/tr\/meme-kucultme\/\" \/>\n<meta property=\"og:locale\" content=\"tr_TR\" \/>\n<meta property=\"og:type\" content=\"article\" \/>\n<meta property=\"og:title\" content=\"Meme K\u00fc\u00e7\u00fcltme\" \/>\n<meta property=\"og:description\" content=\"Looks better with Estherian Clinic. Plastic Surgery, Dental treatments and more beautiful services!\" \/>\n<meta property=\"og:url\" content=\"https:\/\/estherian.com\/tr\/meme-kucultme\/\" \/>\n<meta property=\"og:site_name\" content=\"Estherian Clinic\" \/>\n<meta property=\"article:publisher\" content=\"https:\/\/www.facebook.com\/estherianclinic.en\" \/>\n<meta property=\"article:modified_time\" content=\"2024-12-26T06:50:26+00:00\" \/>\n<meta property=\"og:image\" content=\"https:\/\/estherian.com\/wp-content\/uploads\/breast-reduction1-01.png\" \/>\n\t<meta property=\"og:image:width\" content=\"398\" \/>\n\t<meta property=\"og:image:height\" content=\"398\" \/>\n\t<meta property=\"og:image:type\" content=\"image\/png\" \/>\n<meta name=\"twitter:card\" content=\"summary_large_image\" \/>\n<meta name=\"twitter:site\" content=\"@EstherianTr\" \/>\n<meta name=\"twitter:label1\" content=\"Tahmini okuma s\u00fcresi\" \/>\n\t<meta name=\"twitter:data1\" content=\"3 dakika\" \/>\n<script type=\"application\/ld+json\" class=\"yoast-schema-graph\">{\"@context\":\"https:\\\/\\\/schema.org\",\"@graph\":[{\"@type\":\"Article\",\"@id\":\"https:\\\/\\\/estherian.com\\\/tr\\\/meme-kucultme\\\/#article\",\"isPartOf\":{\"@id\":\"https:\\\/\\\/estherian.com\\\/tr\\\/meme-kucultme\\\/\"},\"author\":{\"name\":\"ferhatk\",\"@id\":\"https:\\\/\\\/estherian.com\\\/tr\\\/#\\\/schema\\\/person\\\/0b1452799c3700afbfcfd3a0f5e64732\"},\"headline\":\"Meme K\u00fc\u00e7\u00fcltme\",\"datePublished\":\"2024-11-22T10:58:44+00:00\",\"dateModified\":\"2024-12-26T06:50:26+00:00\",\"mainEntityOfPage\":{\"@id\":\"https:\\\/\\\/estherian.com\\\/tr\\\/meme-kucultme\\\/\"},\"wordCount\":537,\"publisher\":{\"@id\":\"https:\\\/\\\/estherian.com\\\/tr\\\/#organization\"},\"image\":{\"@id\":\"https:\\\/\\\/estherian.com\\\/tr\\\/meme-kucultme\\\/#primaryimage\"},\"thumbnailUrl\":\"https:\\\/\\\/estherian.com\\\/wp-content\\\/uploads\\\/breast_reduction_turkey_1920x1080.jpg\",\"inLanguage\":\"tr\"},{\"@type\":\"WebPage\",\"@id\":\"https:\\\/\\\/estherian.com\\\/tr\\\/meme-kucultme\\\/\",\"url\":\"https:\\\/\\\/estherian.com\\\/tr\\\/meme-kucultme\\\/\",\"name\":\"Meme K\u00fc\u00e7\u00fcltme | Estherian Clinic\",\"isPartOf\":{\"@id\":\"https:\\\/\\\/estherian.com\\\/tr\\\/#website\"},\"primaryImageOfPage\":{\"@id\":\"https:\\\/\\\/estherian.com\\\/tr\\\/meme-kucultme\\\/#primaryimage\"},\"image\":{\"@id\":\"https:\\\/\\\/estherian.com\\\/tr\\\/meme-kucultme\\\/#primaryimage\"},\"thumbnailUrl\":\"https:\\\/\\\/estherian.com\\\/wp-content\\\/uploads\\\/breast_reduction_turkey_1920x1080.jpg\",\"datePublished\":\"2024-11-22T10:58:44+00:00\",\"dateModified\":\"2024-12-26T06:50:26+00:00\",\"breadcrumb\":{\"@id\":\"https:\\\/\\\/estherian.com\\\/tr\\\/meme-kucultme\\\/#breadcrumb\"},\"inLanguage\":\"tr\",\"potentialAction\":[{\"@type\":\"ReadAction\",\"target\":[\"https:\\\/\\\/estherian.com\\\/tr\\\/meme-kucultme\\\/\"]}]},{\"@type\":\"ImageObject\",\"inLanguage\":\"tr\",\"@id\":\"https:\\\/\\\/estherian.com\\\/tr\\\/meme-kucultme\\\/#primaryimage\",\"url\":\"https:\\\/\\\/estherian.com\\\/wp-content\\\/uploads\\\/breast_reduction_turkey_1920x1080.jpg\",\"contentUrl\":\"https:\\\/\\\/estherian.com\\\/wp-content\\\/uploads\\\/breast_reduction_turkey_1920x1080.jpg\",\"width\":1920,\"height\":1080},{\"@type\":\"BreadcrumbList\",\"@id\":\"https:\\\/\\\/estherian.com\\\/tr\\\/meme-kucultme\\\/#breadcrumb\",\"itemListElement\":[{\"@type\":\"ListItem\",\"position\":1,\"name\":\"Home\",\"item\":\"https:\\\/\\\/estherian.com\\\/tr\\\/\"},{\"@type\":\"ListItem\",\"position\":2,\"name\":\"Meme K\u00fc\u00e7\u00fcltme\"}]},{\"@type\":\"WebSite\",\"@id\":\"https:\\\/\\\/estherian.com\\\/tr\\\/#website\",\"url\":\"https:\\\/\\\/estherian.com\\\/tr\\\/\",\"name\":\"Estherian Clinic\",\"description\":\"Plastic Surgery | Dental | Hair Transplant in Turkey\",\"publisher\":{\"@id\":\"https:\\\/\\\/estherian.com\\\/tr\\\/#organization\"},\"potentialAction\":[{\"@type\":\"SearchAction\",\"target\":{\"@type\":\"EntryPoint\",\"urlTemplate\":\"https:\\\/\\\/estherian.com\\\/tr\\\/?s={search_term_string}\"},\"query-input\":{\"@type\":\"PropertyValueSpecification\",\"valueRequired\":true,\"valueName\":\"search_term_string\"}}],\"inLanguage\":\"tr\"},{\"@type\":\"Organization\",\"@id\":\"https:\\\/\\\/estherian.com\\\/tr\\\/#organization\",\"name\":\"Estherian Clinic\",\"alternateName\":\"Estherian\",\"url\":\"https:\\\/\\\/estherian.com\\\/tr\\\/\",\"logo\":{\"@type\":\"ImageObject\",\"inLanguage\":\"tr\",\"@id\":\"https:\\\/\\\/estherian.com\\\/tr\\\/#\\\/schema\\\/logo\\\/image\\\/\",\"url\":\"https:\\\/\\\/estherian.com\\\/wp-content\\\/uploads\\\/2024\\\/10\\\/EstherianLogo.png\",\"contentUrl\":\"https:\\\/\\\/estherian.com\\\/wp-content\\\/uploads\\\/2024\\\/10\\\/EstherianLogo.png\",\"width\":882,\"height\":934,\"caption\":\"Estherian Clinic\"},\"image\":{\"@id\":\"https:\\\/\\\/estherian.com\\\/tr\\\/#\\\/schema\\\/logo\\\/image\\\/\"},\"sameAs\":[\"https:\\\/\\\/www.facebook.com\\\/estherianclinic.en\",\"https:\\\/\\\/x.com\\\/EstherianTr\",\"https:\\\/\\\/www.instagram.com\\\/estherianclinic\\\/\",\"https:\\\/\\\/www.tiktok.com\\\/@estherian.clinic\",\"https:\\\/\\\/www.youtube.com\\\/estherianclinic\"],\"email\":\"hi@estherian.com\",\"telephone\":\"+90-544-169-9000\",\"legalName\":\"ESTHERIAN CLINIC SA\u011eLIK H\u0130ZMETLER\u0130 SAN. T\u0130C. LTD. \u015eT\u0130.\",\"foundingDate\":\"2020-03-09\",\"vatID\":\"TR1601485625\",\"taxID\":\"1601485625\",\"numberOfEmployees\":{\"@type\":\"QuantitativeValue\",\"minValue\":\"51\",\"maxValue\":\"200\"},\"publishingPrinciples\":\"https:\\\/\\\/estherian.com\\\/tr\\\/sartlar-ve-kosullar\\\/\",\"actionableFeedbackPolicy\":\"https:\\\/\\\/estherian.com\\\/tr\\\/gizlilik-politikasi\\\/\",\"correctionsPolicy\":\"https:\\\/\\\/estherian.com\\\/tr\\\/gizlilik-politikasi\\\/\",\"ethicsPolicy\":\"https:\\\/\\\/estherian.com\\\/tr\\\/gizlilik-politikasi\\\/\",\"diversityPolicy\":\"https:\\\/\\\/estherian.com\\\/tr\\\/gizlilik-politikasi\\\/\",\"diversityStaffingReport\":\"https:\\\/\\\/estherian.com\\\/tr\\\/gizlilik-politikasi\\\/\"},{\"@type\":\"Person\",\"@id\":\"https:\\\/\\\/estherian.com\\\/tr\\\/#\\\/schema\\\/person\\\/0b1452799c3700afbfcfd3a0f5e64732\",\"name\":\"ferhatk\",\"image\":{\"@type\":\"ImageObject\",\"inLanguage\":\"tr\",\"@id\":\"https:\\\/\\\/secure.gravatar.com\\\/avatar\\\/5192156a410fa37c70ea8d4f0d01782533c470a75971ae114e5cd116be51ca05?s=96&d=mm&r=g\",\"url\":\"https:\\\/\\\/secure.gravatar.com\\\/avatar\\\/5192156a410fa37c70ea8d4f0d01782533c470a75971ae114e5cd116be51ca05?s=96&d=mm&r=g\",\"contentUrl\":\"https:\\\/\\\/secure.gravatar.com\\\/avatar\\\/5192156a410fa37c70ea8d4f0d01782533c470a75971ae114e5cd116be51ca05?s=96&d=mm&r=g\",\"caption\":\"ferhatk\"},\"sameAs\":[\"https:\\\/\\\/v2.estherian.com\"]}]}<\/script>\n<!-- \/ Yoast SEO Premium plugin. -->","yoast_head_json":{"title":"Meme K\u00fc\u00e7\u00fcltme | Estherian Clinic","robots":{"index":"index","follow":"follow","max-snippet":"max-snippet:-1","max-image-preview":"max-image-preview:large","max-video-preview":"max-video-preview:-1"},"canonical":"https:\/\/estherian.com\/tr\/meme-kucultme\/","og_locale":"tr_TR","og_type":"article","og_title":"Meme K\u00fc\u00e7\u00fcltme","og_description":"Looks better with Estherian Clinic. Plastic Surgery, Dental treatments and more beautiful services!","og_url":"https:\/\/estherian.com\/tr\/meme-kucultme\/","og_site_name":"Estherian Clinic","article_publisher":"https:\/\/www.facebook.com\/estherianclinic.en","article_modified_time":"2024-12-26T06:50:26+00:00","og_image":[{"width":398,"height":398,"url":"https:\/\/estherian.com\/wp-content\/uploads\/breast-reduction1-01.png","type":"image\/png"}],"twitter_card":"summary_large_image","twitter_site":"@EstherianTr","twitter_misc":{"Tahmini okuma s\u00fcresi":"3 dakika"},"schema":{"@context":"https:\/\/schema.org","@graph":[{"@type":"Article","@id":"https:\/\/estherian.com\/tr\/meme-kucultme\/#article","isPartOf":{"@id":"https:\/\/estherian.com\/tr\/meme-kucultme\/"},"author":{"name":"ferhatk","@id":"https:\/\/estherian.com\/tr\/#\/schema\/person\/0b1452799c3700afbfcfd3a0f5e64732"},"headline":"Meme K\u00fc\u00e7\u00fcltme","datePublished":"2024-11-22T10:58:44+00:00","dateModified":"2024-12-26T06:50:26+00:00","mainEntityOfPage":{"@id":"https:\/\/estherian.com\/tr\/meme-kucultme\/"},"wordCount":537,"publisher":{"@id":"https:\/\/estherian.com\/tr\/#organization"},"image":{"@id":"https:\/\/estherian.com\/tr\/meme-kucultme\/#primaryimage"},"thumbnailUrl":"https:\/\/estherian.com\/wp-content\/uploads\/breast_reduction_turkey_1920x1080.jpg","inLanguage":"tr"},{"@type":"WebPage","@id":"https:\/\/estherian.com\/tr\/meme-kucultme\/","url":"https:\/\/estherian.com\/tr\/meme-kucultme\/","name":"Meme K\u00fc\u00e7\u00fcltme | Estherian Clinic","isPartOf":{"@id":"https:\/\/estherian.com\/tr\/#website"},"primaryImageOfPage":{"@id":"https:\/\/estherian.com\/tr\/meme-kucultme\/#primaryimage"},"image":{"@id":"https:\/\/estherian.com\/tr\/meme-kucultme\/#primaryimage"},"thumbnailUrl":"https:\/\/estherian.com\/wp-content\/uploads\/breast_reduction_turkey_1920x1080.jpg","datePublished":"2024-11-22T10:58:44+00:00","dateModified":"2024-12-26T06:50:26+00:00","breadcrumb":{"@id":"https:\/\/estherian.com\/tr\/meme-kucultme\/#breadcrumb"},"inLanguage":"tr","potentialAction":[{"@type":"ReadAction","target":["https:\/\/estherian.com\/tr\/meme-kucultme\/"]}]},{"@type":"ImageObject","inLanguage":"tr","@id":"https:\/\/estherian.com\/tr\/meme-kucultme\/#primaryimage","url":"https:\/\/estherian.com\/wp-content\/uploads\/breast_reduction_turkey_1920x1080.jpg","contentUrl":"https:\/\/estherian.com\/wp-content\/uploads\/breast_reduction_turkey_1920x1080.jpg","width":1920,"height":1080},{"@type":"BreadcrumbList","@id":"https:\/\/estherian.com\/tr\/meme-kucultme\/#breadcrumb","itemListElement":[{"@type":"ListItem","position":1,"name":"Home","item":"https:\/\/estherian.com\/tr\/"},{"@type":"ListItem","position":2,"name":"Meme K\u00fc\u00e7\u00fcltme"}]},{"@type":"WebSite","@id":"https:\/\/estherian.com\/tr\/#website","url":"https:\/\/estherian.com\/tr\/","name":"Estherian Clinic","description":"Plastic Surgery | Dental | Hair Transplant in Turkey","publisher":{"@id":"https:\/\/estherian.com\/tr\/#organization"},"potentialAction":[{"@type":"SearchAction","target":{"@type":"EntryPoint","urlTemplate":"https:\/\/estherian.com\/tr\/?s={search_term_string}"},"query-input":{"@type":"PropertyValueSpecification","valueRequired":true,"valueName":"search_term_string"}}],"inLanguage":"tr"},{"@type":"Organization","@id":"https:\/\/estherian.com\/tr\/#organization","name":"Estherian Clinic","alternateName":"Estherian","url":"https:\/\/estherian.com\/tr\/","logo":{"@type":"ImageObject","inLanguage":"tr","@id":"https:\/\/estherian.com\/tr\/#\/schema\/logo\/image\/","url":"https:\/\/estherian.com\/wp-content\/uploads\/2024\/10\/EstherianLogo.png","contentUrl":"https:\/\/estherian.com\/wp-content\/uploads\/2024\/10\/EstherianLogo.png","width":882,"height":934,"caption":"Estherian Clinic"},"image":{"@id":"https:\/\/estherian.com\/tr\/#\/schema\/logo\/image\/"},"sameAs":["https:\/\/www.facebook.com\/estherianclinic.en","https:\/\/x.com\/EstherianTr","https:\/\/www.instagram.com\/estherianclinic\/","https:\/\/www.tiktok.com\/@estherian.clinic","https:\/\/www.youtube.com\/estherianclinic"],"email":"hi@estherian.com","telephone":"+90-544-169-9000","legalName":"ESTHERIAN CLINIC SA\u011eLIK H\u0130ZMETLER\u0130 SAN. T\u0130C. LTD. \u015eT\u0130.","foundingDate":"2020-03-09","vatID":"TR1601485625","taxID":"1601485625","numberOfEmployees":{"@type":"QuantitativeValue","minValue":"51","maxValue":"200"},"publishingPrinciples":"https:\/\/estherian.com\/tr\/sartlar-ve-kosullar\/","actionableFeedbackPolicy":"https:\/\/estherian.com\/tr\/gizlilik-politikasi\/","correctionsPolicy":"https:\/\/estherian.com\/tr\/gizlilik-politikasi\/","ethicsPolicy":"https:\/\/estherian.com\/tr\/gizlilik-politikasi\/","diversityPolicy":"https:\/\/estherian.com\/tr\/gizlilik-politikasi\/","diversityStaffingReport":"https:\/\/estherian.com\/tr\/gizlilik-politikasi\/"},{"@type":"Person","@id":"https:\/\/estherian.com\/tr\/#\/schema\/person\/0b1452799c3700afbfcfd3a0f5e64732","name":"ferhatk","image":{"@type":"ImageObject","inLanguage":"tr","@id":"https:\/\/secure.gravatar.com\/avatar\/5192156a410fa37c70ea8d4f0d01782533c470a75971ae114e5cd116be51ca05?s=96&d=mm&r=g","url":"https:\/\/secure.gravatar.com\/avatar\/5192156a410fa37c70ea8d4f0d01782533c470a75971ae114e5cd116be51ca05?s=96&d=mm&r=g","contentUrl":"https:\/\/secure.gravatar.com\/avatar\/5192156a410fa37c70ea8d4f0d01782533c470a75971ae114e5cd116be51ca05?s=96&d=mm&r=g","caption":"ferhatk"},"sameAs":["https:\/\/v2.estherian.com"]}]}},"_links":{"self":[{"href":"https:\/\/estherian.com\/tr\/wp-json\/wp\/v2\/pages\/21717","targetHints":{"allow":["GET"]}}],"collection":[{"href":"https:\/\/estherian.com\/tr\/wp-json\/wp\/v2\/pages"}],"about":[{"href":"https:\/\/estherian.com\/tr\/wp-json\/wp\/v2\/types\/page"}],"author":[{"embeddable":true,"href":"https:\/\/estherian.com\/tr\/wp-json\/wp\/v2\/users\/1"}],"replies":[{"embeddable":true,"href":"https:\/\/estherian.com\/tr\/wp-json\/wp\/v2\/comments?post=21717"}],"version-history":[{"count":0,"href":"https:\/\/estherian.com\/tr\/wp-json\/wp\/v2\/pages\/21717\/revisions"}],"wp:featuredmedia":[{"embeddable":true,"href":"https:\/\/estherian.com\/tr\/wp-json\/wp\/v2\/media\/27765"}],"wp:attachment":[{"href":"https:\/\/estherian.com\/tr\/wp-json\/wp\/v2\/media?parent=21717"}],"curies":[{"name":"wp","href":"https:\/\/api.w.org\/{rel}","templated":true}]}}