{"id":21944,"date":"2024-11-25T09:53:04","date_gmt":"2024-11-25T06:53:04","guid":{"rendered":"https:\/\/v2.estherian.com\/?page_id=21944"},"modified":"2025-10-20T10:48:27","modified_gmt":"2025-10-20T07:48:27","slug":"six-pack-ameliyati","status":"publish","type":"page","link":"https:\/\/estherian.com\/tr\/six-pack-ameliyati\/","title":{"rendered":"Six-Pack Ameliyat\u0131"},"content":{"rendered":"\n<p><strong>Six-pack<\/strong> ameliyat\u0131, fazla ya\u011flar\u0131n al\u0131nd\u0131\u011f\u0131, kar\u0131n b\u00f6lgesinin \u015fekillendirildi\u011fi ve kar\u0131n kaslar\u0131n\u0131n g\u00fc\u00e7lendirildi\u011fi bir s\u00fcre\u00e7tir. Bu sonu\u00e7lar, yaln\u0131zca diyet ve egzersizle elde edilmesi olduk\u00e7a zor olan bir durumdur.<\/p>\n\n\n\n<div class=\"wp-block-columns is-layout-flex wp-container-core-columns-is-layout-9d6595d7 wp-block-columns-is-layout-flex\">\n<div class=\"wp-block-column is-layout-flow wp-block-column-is-layout-flow\">\n<h2 class=\"wp-block-heading\" id=\"h-six-pack-ameliyati-sureci\">Six-Pack Ameliyat\u0131 S\u00fcreci<\/h2>\n\n\n\n<h3 class=\"wp-block-heading\" id=\"h-ameliyat-oncesi\">AMEL\u0130YAT \u00d6NCES\u0130<\/h3>\n\n\n\n<p>Ameliyat \u00f6ncesinde, doktor hastan\u0131n bu ameliyata uygun olup olmad\u0131\u011f\u0131n\u0131 belirlemek i\u00e7in testler yapar. Cerrah, hastaya talimatlar verir ve t\u00fcm sorular\u0131n\u0131 yan\u0131tlar. <strong>Ameliyat \u00f6ncesinde en az 2 hafta sigara i\u00e7memeniz gerekir<\/strong>. Ayr\u0131ca, aspirin gibi <strong>kan suland\u0131r\u0131c\u0131 ila\u00e7lar\u0131n kullan\u0131lmamas\u0131 gerekti\u011fi<\/strong> de \u00f6nemlidir.<\/p>\n<\/div>\n\n\n\n<div class=\"wp-block-column is-layout-flow wp-block-column-is-layout-flow\">\n<figure class=\"wp-block-image size-full\"><img decoding=\"async\" width=\"480\" height=\"486\" src=\"https:\/\/estherian.com\/wp-content\/uploads\/six-pack-procedure-01-1.png\" alt=\"\" class=\"wp-image-22003\" srcset=\"https:\/\/estherian.com\/wp-content\/uploads\/six-pack-procedure-01-1.png 480w, https:\/\/estherian.com\/wp-content\/uploads\/six-pack-procedure-01-1-381x386.png 381w\" sizes=\"(max-width: 480px) 100vw, 480px\" \/><\/figure>\n<\/div>\n<\/div>\n\n\n\n<h3 class=\"wp-block-heading\" id=\"h-ameliyat-sirasinda\">AMEL\u0130YAT SIRASINDA<\/h3>\n\n\n\n<p>Six-pack ameliyat\u0131, <strong>genel anestezi<\/strong> alt\u0131nda yap\u0131l\u0131r ve yakla\u015f\u0131k <strong>1 saat<\/strong> s\u00fcrer. Kar\u0131n \u015fekillendirmesi, \u00f6zel bir <strong>tumescent liposuction<\/strong> tekni\u011fi ile yap\u0131l\u0131r. Bu prosed\u00fcr, derinin alt\u0131ndaki ya\u011f dokusunu al\u0131r ve \u015fekillendirir. Ameliyat \u00f6ncesinde, hastan\u0131n kaslar\u0131n\u0131n belirginle\u015fmesini sa\u011flamak amac\u0131yla kar\u0131n kaslar\u0131n\u0131n detayl\u0131 i\u015faretlemeleri yap\u0131l\u0131r. Ameliyat s\u0131ras\u0131nda, <strong>kar\u0131n b\u00f6lgesinin do\u011fal hatlar\u0131na<\/strong> uygun k\u00fc\u00e7\u00fck kesiler yap\u0131l\u0131r. Bu, <strong>izlerin minimize edilmesine yard\u0131mc\u0131 olur<\/strong>. Bu kesiler arac\u0131l\u0131\u011f\u0131yla, ya\u011f baz\u0131 b\u00f6lgelerden al\u0131n\u0131r, baz\u0131 b\u00f6lgelerde inceltilir ve kar\u0131n kaslar\u0131n\u0131 (rectus) ve kar\u0131n ortas\u0131nda yer alan <strong>linea alba<\/strong> hatt\u0131n\u0131 vurgulamak amac\u0131yla yeniden \u015fekillendirilir. <strong>Mikro delikler nedeniyle iyile\u015fme s\u00fcreci olduk\u00e7a rahat ge\u00e7er.<\/strong><\/p>\n\n\n\n<h3 class=\"wp-block-heading\" id=\"h-ameliyat-sonrasi\">AMEL\u0130YAT SONRASI<\/h3>\n\n\n\n<p>Ameliyat sonras\u0131, kar\u0131n b\u00f6lgesinde <strong>\u015fi\u015flik ve morarma<\/strong> olabilir, bu nedenle hastan\u0131n <strong>3-6 hafta boyunca kompresyon giysisi<\/strong> giymesi gerekmektedir. <strong>G\u00fcnl\u00fck ya\u015fant\u0131n\u0131za bir hafta sonra d\u00f6nebilirsiniz<\/strong>, ancak <strong>egzersiz yapmaya 3 hafta sonra<\/strong> ba\u015flayabilirsiniz. <strong>Sonu\u00e7lar 6 ayda netle\u015fir<\/strong>.<\/p>\n\n\n\n<div class=\"wp-block-columns is-layout-flex wp-container-core-columns-is-layout-9d6595d7 wp-block-columns-is-layout-flex\">\n<div class=\"wp-block-column is-layout-flow wp-block-column-is-layout-flow\">\n<div class=\"wp-block-columns is-layout-flex wp-container-core-columns-is-layout-9d6595d7 wp-block-columns-is-layout-flex\">\n<div class=\"wp-block-column is-layout-flow wp-block-column-is-layout-flow\">\n<h2 class=\"wp-block-heading\" id=\"h-six-pack-ameliyati-icin-kimler-uygun-adaydir\">Six-Pack Ameliyat\u0131 \u0130\u00e7in Kimler Uygun Adayd\u0131r?<\/h2>\n\n\n\n<ul class=\"wp-block-list\">\n<li>Fazla ya\u011f dokusundan kurtulmakta zorlan\u0131yorsan\u0131z<\/li>\n\n\n\n<li><strong>Ger\u00e7ek\u00e7i beklentileriniz<\/strong> varsa<\/li>\n\n\n\n<li><strong>Sa\u011fl\u0131kl\u0131<\/strong>ysan\u0131z<\/li>\n\n\n\n<li><strong>Sigara i\u00e7miyorsan\u0131z<\/strong><\/li>\n\n\n\n<li><strong>V\u00fccut Kitle \u0130ndeksiniz (BMI) %30 veya daha y\u00fcksekse<\/strong><\/li>\n<\/ul>\n\n\n\n<hr class=\"wp-block-separator has-alpha-channel-opacity\"\/>\n\n\n\n<h2 class=\"wp-block-heading\" id=\"h-six-pack-liposuction-ameliyatinin-riskleri-nelerdir\">Six-Pack Liposuction Ameliyat\u0131n\u0131n Riskleri Nelerdir?<\/h2>\n\n\n\n<ul class=\"wp-block-list\">\n<li><strong>Anestezi riskleri<\/strong><\/li>\n\n\n\n<li><strong>Morarma<\/strong><\/li>\n\n\n\n<li><strong>S\u0131v\u0131 birikintisi<\/strong><\/li>\n\n\n\n<li><strong>Enfeksiyon<\/strong><\/li>\n\n\n\n<li><strong>\u015ei\u015flik<\/strong><\/li>\n\n\n\n<li><strong>Yaralar\u0131n iyile\u015fmesinde zay\u0131fl\u0131k<\/strong><\/li>\n\n\n\n<li><strong>Cilt hassasiyeti<\/strong><\/li>\n<\/ul>\n<\/div>\n\n\n\n<div class=\"wp-block-column is-layout-flow wp-block-column-is-layout-flow\">\n<figure class=\"wp-block-image size-full\"><img decoding=\"async\" width=\"768\" height=\"734\" src=\"https:\/\/estherian.com\/wp-content\/uploads\/six-pack-estherian-768x734-1-1.png\" alt=\"\" class=\"wp-image-21947\" srcset=\"https:\/\/estherian.com\/wp-content\/uploads\/six-pack-estherian-768x734-1-1.png 768w, https:\/\/estherian.com\/wp-content\/uploads\/six-pack-estherian-768x734-1-1-386x369.png 386w\" sizes=\"(max-width: 768px) 100vw, 768px\" \/><\/figure>\n<\/div>\n<\/div>\n<\/div>\n<\/div>\n\n\n\n<h2 class=\"wp-block-heading\" id=\"h-six-pack-liposuction-ameliyati-icin-plastik-cerrah-secimi-nasil-yapilir\">Six-Pack Liposuction Ameliyat\u0131 \u0130\u00e7in Plastik Cerrah Se\u00e7imi Nas\u0131l Yap\u0131l\u0131r?<\/h2>\n\n\n\n<ul class=\"wp-block-list\">\n<li>Cerrah\u0131n, t\u0131p fak\u00fcltesinden mezun olduktan sonra en az <strong>6 y\u0131l deneyimi<\/strong> oldu\u011fundan emin olun.<\/li>\n\n\n\n<li>Cerrah\u0131n, <strong>akredite bir t\u0131p fak\u00fcltesinden<\/strong> mezun olmas\u0131na dikkat edin.<\/li>\n<\/ul>\n\n\n\n<h2 class=\"wp-block-heading\" id=\"h-six-pack-liposuction-ameliyati-ne-kadar-sure-surer\">Six-Pack Liposuction Ameliyat\u0131 Ne Kadar S\u00fcre S\u00fcrer?<\/h2>\n\n\n\n<p>Six-pack liposuction ameliyat\u0131, yakla\u015f\u0131k <strong>1 saat<\/strong> s\u00fcrer.<\/p>\n\n\n\n<h2 class=\"wp-block-heading\" id=\"h-sikca-sorulan-sorular-s-s-s\">S\u0131k\u00e7a Sorulan Sorular (S.S.S)<\/h2>\n\n\n\n<h3 class=\"wp-block-heading\" id=\"h-six-pack-liposuction-surgery-nedir\">Six-Pack Liposuction Surgery Nedir?<\/h3>\n\n\n\n<p><strong>Six-Pack liposuction surgery<\/strong>, fazla ya\u011f\u0131n al\u0131nmas\u0131, kar\u0131n b\u00f6lgesinin yeniden \u015fekillendirilmesi ve kar\u0131n kaslar\u0131n\u0131n belirginle\u015ftirilmesi i\u00e7in yap\u0131lan bir i\u015flemdir. <strong>Bu, sadece diyet ve egzersizle \u015fekillendirilemeyen bir kar\u0131n g\u00f6r\u00fcn\u00fcm\u00fcne ula\u015fmak isteyen bireyler i\u00e7in idealdir.<\/strong><\/p>\n\n\n\n<h3 class=\"wp-block-heading\" id=\"h-six-pack-liposuction-icin-nasil-hazirlanmaliyim\">Six-Pack Liposuction \u0130\u00e7in Nas\u0131l Haz\u0131rlanmal\u0131y\u0131m?<\/h3>\n\n\n\n<ul class=\"wp-block-list\">\n<li>Ameliyat \u00f6ncesinde en az <strong>2 hafta sigara i\u00e7memelisiniz<\/strong>.<\/li>\n\n\n\n<li><strong>Kan suland\u0131r\u0131c\u0131 ila\u00e7lardan<\/strong> (\u00f6rne\u011fin aspirin) ka\u00e7\u0131n\u0131n.<\/li>\n\n\n\n<li><strong>Doktorunuz, ameliyat \u00f6ncesi testler yaparak sizin ameliyata uygun olup olmad\u0131\u011f\u0131n\u0131z\u0131 belirleyecektir.<\/strong><\/li>\n<\/ul>\n\n\n\n<h3 class=\"wp-block-heading\" id=\"h-iyilesme-sureci-ne-kadar-surer\">\u0130yile\u015fme S\u00fcreci Ne Kadar S\u00fcrer?<\/h3>\n\n\n\n<p>Ameliyat sonras\u0131 kar\u0131n b\u00f6lgesinde <strong>\u015fi\u015flik ve morarma<\/strong> olacakt\u0131r.<\/p>\n\n\n\n<ul class=\"wp-block-list\">\n<li><strong>3-6 hafta boyunca kompresyon giysisi<\/strong> giymelisiniz.<\/li>\n\n\n\n<li><strong>Bir hafta sonra rutin i\u015flerinize d\u00f6nebilirsiniz<\/strong>, ancak <strong>egzersize 3 hafta sonra ba\u015flayabilirsiniz.<\/strong><\/li>\n\n\n\n<li><strong>Sonu\u00e7lar yakla\u015f\u0131k 6 ay sonra<\/strong> belirginle\u015fir.<\/li>\n<\/ul>\n\n\n\n<p><\/p>\n","protected":false},"excerpt":{"rendered":"<p>Six-pack ameliyat\u0131, fazla ya\u011flar\u0131n al\u0131nd\u0131\u011f\u0131, kar\u0131n b\u00f6lgesinin \u015fekillendirildi\u011fi ve kar\u0131n kaslar\u0131n\u0131n g\u00fc\u00e7lendirildi\u011fi bir s\u00fcre\u00e7tir. Bu sonu\u00e7lar, yaln\u0131zca diyet ve egzersizle elde edilmesi olduk\u00e7a zor olan bir durumdur. Six-Pack Ameliyat\u0131 S\u00fcreci AMEL\u0130YAT \u00d6NCES\u0130 Ameliyat \u00f6ncesinde, doktor hastan\u0131n bu ameliyata uygun olup olmad\u0131\u011f\u0131n\u0131 belirlemek i\u00e7in testler yapar. Cerrah, hastaya talimatlar verir ve t\u00fcm sorular\u0131n\u0131 yan\u0131tlar. Ameliyat \u00f6ncesinde&hellip;<\/p>\n","protected":false},"author":1,"featured_media":28581,"parent":0,"menu_order":10,"comment_status":"closed","ping_status":"closed","template":"","meta":{"footnotes":""},"class_list":["post-21944","page","type-page","status-publish","has-post-thumbnail","hentry","description-off"],"yoast_head":"<!-- This site is optimized with the Yoast SEO Premium plugin v27.3 (Yoast SEO v27.3) - https:\/\/yoast.com\/product\/yoast-seo-premium-wordpress\/ -->\n<title>Six-Pack Ameliyat\u0131 | Estherian Clinic<\/title>\n<meta name=\"robots\" content=\"index, follow, max-snippet:-1, max-image-preview:large, max-video-preview:-1\" \/>\n<link rel=\"canonical\" href=\"https:\/\/estherian.com\/tr\/six-pack-ameliyati\/\" \/>\n<meta property=\"og:locale\" content=\"tr_TR\" \/>\n<meta property=\"og:type\" content=\"article\" \/>\n<meta property=\"og:title\" content=\"Six-Pack Ameliyat\u0131\" \/>\n<meta property=\"og:description\" content=\"Looks better with Estherian Clinic. Plastic Surgery, Dental treatments and more beautiful services!\" \/>\n<meta property=\"og:url\" content=\"https:\/\/estherian.com\/tr\/six-pack-ameliyati\/\" \/>\n<meta property=\"og:site_name\" content=\"Estherian Clinic\" \/>\n<meta property=\"article:publisher\" content=\"https:\/\/www.facebook.com\/estherianclinic.en\" \/>\n<meta property=\"article:modified_time\" content=\"2025-10-20T07:48:27+00:00\" \/>\n<meta property=\"og:image\" content=\"https:\/\/estherian.com\/wp-content\/uploads\/six_pack_in_turkey_1920x1080-1.jpg\" \/>\n\t<meta property=\"og:image:width\" content=\"1920\" \/>\n\t<meta property=\"og:image:height\" content=\"1080\" \/>\n\t<meta property=\"og:image:type\" content=\"image\/jpeg\" \/>\n<meta name=\"twitter:card\" content=\"summary_large_image\" \/>\n<meta name=\"twitter:site\" content=\"@EstherianTr\" \/>\n<meta name=\"twitter:label1\" content=\"Tahmini okuma s\u00fcresi\" \/>\n\t<meta name=\"twitter:data1\" content=\"3 dakika\" \/>\n<script type=\"application\/ld+json\" class=\"yoast-schema-graph\">{\"@context\":\"https:\\\/\\\/schema.org\",\"@graph\":[{\"@type\":\"Article\",\"@id\":\"https:\\\/\\\/estherian.com\\\/tr\\\/six-pack-ameliyati\\\/#article\",\"isPartOf\":{\"@id\":\"https:\\\/\\\/estherian.com\\\/tr\\\/six-pack-ameliyati\\\/\"},\"author\":{\"name\":\"ferhatk\",\"@id\":\"https:\\\/\\\/estherian.com\\\/tr\\\/#\\\/schema\\\/person\\\/0b1452799c3700afbfcfd3a0f5e64732\"},\"headline\":\"Six-Pack Ameliyat\u0131\",\"datePublished\":\"2024-11-25T06:53:04+00:00\",\"dateModified\":\"2025-10-20T07:48:27+00:00\",\"mainEntityOfPage\":{\"@id\":\"https:\\\/\\\/estherian.com\\\/tr\\\/six-pack-ameliyati\\\/\"},\"wordCount\":572,\"publisher\":{\"@id\":\"https:\\\/\\\/estherian.com\\\/tr\\\/#organization\"},\"image\":{\"@id\":\"https:\\\/\\\/estherian.com\\\/tr\\\/six-pack-ameliyati\\\/#primaryimage\"},\"thumbnailUrl\":\"https:\\\/\\\/estherian.com\\\/wp-content\\\/uploads\\\/six_pack_in_turkey_1920x1080-1.jpg\",\"inLanguage\":\"tr\"},{\"@type\":\"WebPage\",\"@id\":\"https:\\\/\\\/estherian.com\\\/tr\\\/six-pack-ameliyati\\\/\",\"url\":\"https:\\\/\\\/estherian.com\\\/tr\\\/six-pack-ameliyati\\\/\",\"name\":\"Six-Pack Ameliyat\u0131 | Estherian Clinic\",\"isPartOf\":{\"@id\":\"https:\\\/\\\/estherian.com\\\/tr\\\/#website\"},\"primaryImageOfPage\":{\"@id\":\"https:\\\/\\\/estherian.com\\\/tr\\\/six-pack-ameliyati\\\/#primaryimage\"},\"image\":{\"@id\":\"https:\\\/\\\/estherian.com\\\/tr\\\/six-pack-ameliyati\\\/#primaryimage\"},\"thumbnailUrl\":\"https:\\\/\\\/estherian.com\\\/wp-content\\\/uploads\\\/six_pack_in_turkey_1920x1080-1.jpg\",\"datePublished\":\"2024-11-25T06:53:04+00:00\",\"dateModified\":\"2025-10-20T07:48:27+00:00\",\"breadcrumb\":{\"@id\":\"https:\\\/\\\/estherian.com\\\/tr\\\/six-pack-ameliyati\\\/#breadcrumb\"},\"inLanguage\":\"tr\",\"potentialAction\":[{\"@type\":\"ReadAction\",\"target\":[\"https:\\\/\\\/estherian.com\\\/tr\\\/six-pack-ameliyati\\\/\"]}]},{\"@type\":\"ImageObject\",\"inLanguage\":\"tr\",\"@id\":\"https:\\\/\\\/estherian.com\\\/tr\\\/six-pack-ameliyati\\\/#primaryimage\",\"url\":\"https:\\\/\\\/estherian.com\\\/wp-content\\\/uploads\\\/six_pack_in_turkey_1920x1080-1.jpg\",\"contentUrl\":\"https:\\\/\\\/estherian.com\\\/wp-content\\\/uploads\\\/six_pack_in_turkey_1920x1080-1.jpg\",\"width\":1920,\"height\":1080},{\"@type\":\"BreadcrumbList\",\"@id\":\"https:\\\/\\\/estherian.com\\\/tr\\\/six-pack-ameliyati\\\/#breadcrumb\",\"itemListElement\":[{\"@type\":\"ListItem\",\"position\":1,\"name\":\"Home\",\"item\":\"https:\\\/\\\/estherian.com\\\/tr\\\/\"},{\"@type\":\"ListItem\",\"position\":2,\"name\":\"Six-Pack Ameliyat\u0131\"}]},{\"@type\":\"WebSite\",\"@id\":\"https:\\\/\\\/estherian.com\\\/tr\\\/#website\",\"url\":\"https:\\\/\\\/estherian.com\\\/tr\\\/\",\"name\":\"Estherian Clinic\",\"description\":\"Plastic Surgery | Dental | Hair Transplant in Turkey\",\"publisher\":{\"@id\":\"https:\\\/\\\/estherian.com\\\/tr\\\/#organization\"},\"potentialAction\":[{\"@type\":\"SearchAction\",\"target\":{\"@type\":\"EntryPoint\",\"urlTemplate\":\"https:\\\/\\\/estherian.com\\\/tr\\\/?s={search_term_string}\"},\"query-input\":{\"@type\":\"PropertyValueSpecification\",\"valueRequired\":true,\"valueName\":\"search_term_string\"}}],\"inLanguage\":\"tr\"},{\"@type\":\"Organization\",\"@id\":\"https:\\\/\\\/estherian.com\\\/tr\\\/#organization\",\"name\":\"Estherian Clinic\",\"alternateName\":\"Estherian\",\"url\":\"https:\\\/\\\/estherian.com\\\/tr\\\/\",\"logo\":{\"@type\":\"ImageObject\",\"inLanguage\":\"tr\",\"@id\":\"https:\\\/\\\/estherian.com\\\/tr\\\/#\\\/schema\\\/logo\\\/image\\\/\",\"url\":\"https:\\\/\\\/estherian.com\\\/wp-content\\\/uploads\\\/2024\\\/10\\\/EstherianLogo.png\",\"contentUrl\":\"https:\\\/\\\/estherian.com\\\/wp-content\\\/uploads\\\/2024\\\/10\\\/EstherianLogo.png\",\"width\":882,\"height\":934,\"caption\":\"Estherian Clinic\"},\"image\":{\"@id\":\"https:\\\/\\\/estherian.com\\\/tr\\\/#\\\/schema\\\/logo\\\/image\\\/\"},\"sameAs\":[\"https:\\\/\\\/www.facebook.com\\\/estherianclinic.en\",\"https:\\\/\\\/x.com\\\/EstherianTr\",\"https:\\\/\\\/www.instagram.com\\\/estherianclinic\\\/\",\"https:\\\/\\\/www.tiktok.com\\\/@estherian.clinic\",\"https:\\\/\\\/www.youtube.com\\\/estherianclinic\"],\"email\":\"hi@estherian.com\",\"telephone\":\"+90-544-169-9000\",\"legalName\":\"ESTHERIAN CLINIC SA\u011eLIK H\u0130ZMETLER\u0130 SAN. T\u0130C. LTD. \u015eT\u0130.\",\"foundingDate\":\"2020-03-09\",\"vatID\":\"TR1601485625\",\"taxID\":\"1601485625\",\"numberOfEmployees\":{\"@type\":\"QuantitativeValue\",\"minValue\":\"51\",\"maxValue\":\"200\"},\"publishingPrinciples\":\"https:\\\/\\\/estherian.com\\\/tr\\\/sartlar-ve-kosullar\\\/\",\"actionableFeedbackPolicy\":\"https:\\\/\\\/estherian.com\\\/tr\\\/gizlilik-politikasi\\\/\",\"correctionsPolicy\":\"https:\\\/\\\/estherian.com\\\/tr\\\/gizlilik-politikasi\\\/\",\"ethicsPolicy\":\"https:\\\/\\\/estherian.com\\\/tr\\\/gizlilik-politikasi\\\/\",\"diversityPolicy\":\"https:\\\/\\\/estherian.com\\\/tr\\\/gizlilik-politikasi\\\/\",\"diversityStaffingReport\":\"https:\\\/\\\/estherian.com\\\/tr\\\/gizlilik-politikasi\\\/\"},{\"@type\":\"Person\",\"@id\":\"https:\\\/\\\/estherian.com\\\/tr\\\/#\\\/schema\\\/person\\\/0b1452799c3700afbfcfd3a0f5e64732\",\"name\":\"ferhatk\",\"image\":{\"@type\":\"ImageObject\",\"inLanguage\":\"tr\",\"@id\":\"https:\\\/\\\/secure.gravatar.com\\\/avatar\\\/5192156a410fa37c70ea8d4f0d01782533c470a75971ae114e5cd116be51ca05?s=96&d=mm&r=g\",\"url\":\"https:\\\/\\\/secure.gravatar.com\\\/avatar\\\/5192156a410fa37c70ea8d4f0d01782533c470a75971ae114e5cd116be51ca05?s=96&d=mm&r=g\",\"contentUrl\":\"https:\\\/\\\/secure.gravatar.com\\\/avatar\\\/5192156a410fa37c70ea8d4f0d01782533c470a75971ae114e5cd116be51ca05?s=96&d=mm&r=g\",\"caption\":\"ferhatk\"},\"sameAs\":[\"https:\\\/\\\/v2.estherian.com\"]}]}<\/script>\n<!-- \/ Yoast SEO Premium plugin. -->","yoast_head_json":{"title":"Six-Pack Ameliyat\u0131 | Estherian Clinic","robots":{"index":"index","follow":"follow","max-snippet":"max-snippet:-1","max-image-preview":"max-image-preview:large","max-video-preview":"max-video-preview:-1"},"canonical":"https:\/\/estherian.com\/tr\/six-pack-ameliyati\/","og_locale":"tr_TR","og_type":"article","og_title":"Six-Pack Ameliyat\u0131","og_description":"Looks better with Estherian Clinic. Plastic Surgery, Dental treatments and more beautiful services!","og_url":"https:\/\/estherian.com\/tr\/six-pack-ameliyati\/","og_site_name":"Estherian Clinic","article_publisher":"https:\/\/www.facebook.com\/estherianclinic.en","article_modified_time":"2025-10-20T07:48:27+00:00","og_image":[{"width":1920,"height":1080,"url":"https:\/\/estherian.com\/wp-content\/uploads\/six_pack_in_turkey_1920x1080-1.jpg","type":"image\/jpeg"}],"twitter_card":"summary_large_image","twitter_site":"@EstherianTr","twitter_misc":{"Tahmini okuma s\u00fcresi":"3 dakika"},"schema":{"@context":"https:\/\/schema.org","@graph":[{"@type":"Article","@id":"https:\/\/estherian.com\/tr\/six-pack-ameliyati\/#article","isPartOf":{"@id":"https:\/\/estherian.com\/tr\/six-pack-ameliyati\/"},"author":{"name":"ferhatk","@id":"https:\/\/estherian.com\/tr\/#\/schema\/person\/0b1452799c3700afbfcfd3a0f5e64732"},"headline":"Six-Pack Ameliyat\u0131","datePublished":"2024-11-25T06:53:04+00:00","dateModified":"2025-10-20T07:48:27+00:00","mainEntityOfPage":{"@id":"https:\/\/estherian.com\/tr\/six-pack-ameliyati\/"},"wordCount":572,"publisher":{"@id":"https:\/\/estherian.com\/tr\/#organization"},"image":{"@id":"https:\/\/estherian.com\/tr\/six-pack-ameliyati\/#primaryimage"},"thumbnailUrl":"https:\/\/estherian.com\/wp-content\/uploads\/six_pack_in_turkey_1920x1080-1.jpg","inLanguage":"tr"},{"@type":"WebPage","@id":"https:\/\/estherian.com\/tr\/six-pack-ameliyati\/","url":"https:\/\/estherian.com\/tr\/six-pack-ameliyati\/","name":"Six-Pack Ameliyat\u0131 | Estherian Clinic","isPartOf":{"@id":"https:\/\/estherian.com\/tr\/#website"},"primaryImageOfPage":{"@id":"https:\/\/estherian.com\/tr\/six-pack-ameliyati\/#primaryimage"},"image":{"@id":"https:\/\/estherian.com\/tr\/six-pack-ameliyati\/#primaryimage"},"thumbnailUrl":"https:\/\/estherian.com\/wp-content\/uploads\/six_pack_in_turkey_1920x1080-1.jpg","datePublished":"2024-11-25T06:53:04+00:00","dateModified":"2025-10-20T07:48:27+00:00","breadcrumb":{"@id":"https:\/\/estherian.com\/tr\/six-pack-ameliyati\/#breadcrumb"},"inLanguage":"tr","potentialAction":[{"@type":"ReadAction","target":["https:\/\/estherian.com\/tr\/six-pack-ameliyati\/"]}]},{"@type":"ImageObject","inLanguage":"tr","@id":"https:\/\/estherian.com\/tr\/six-pack-ameliyati\/#primaryimage","url":"https:\/\/estherian.com\/wp-content\/uploads\/six_pack_in_turkey_1920x1080-1.jpg","contentUrl":"https:\/\/estherian.com\/wp-content\/uploads\/six_pack_in_turkey_1920x1080-1.jpg","width":1920,"height":1080},{"@type":"BreadcrumbList","@id":"https:\/\/estherian.com\/tr\/six-pack-ameliyati\/#breadcrumb","itemListElement":[{"@type":"ListItem","position":1,"name":"Home","item":"https:\/\/estherian.com\/tr\/"},{"@type":"ListItem","position":2,"name":"Six-Pack Ameliyat\u0131"}]},{"@type":"WebSite","@id":"https:\/\/estherian.com\/tr\/#website","url":"https:\/\/estherian.com\/tr\/","name":"Estherian Clinic","description":"Plastic Surgery | Dental | Hair Transplant in Turkey","publisher":{"@id":"https:\/\/estherian.com\/tr\/#organization"},"potentialAction":[{"@type":"SearchAction","target":{"@type":"EntryPoint","urlTemplate":"https:\/\/estherian.com\/tr\/?s={search_term_string}"},"query-input":{"@type":"PropertyValueSpecification","valueRequired":true,"valueName":"search_term_string"}}],"inLanguage":"tr"},{"@type":"Organization","@id":"https:\/\/estherian.com\/tr\/#organization","name":"Estherian Clinic","alternateName":"Estherian","url":"https:\/\/estherian.com\/tr\/","logo":{"@type":"ImageObject","inLanguage":"tr","@id":"https:\/\/estherian.com\/tr\/#\/schema\/logo\/image\/","url":"https:\/\/estherian.com\/wp-content\/uploads\/2024\/10\/EstherianLogo.png","contentUrl":"https:\/\/estherian.com\/wp-content\/uploads\/2024\/10\/EstherianLogo.png","width":882,"height":934,"caption":"Estherian Clinic"},"image":{"@id":"https:\/\/estherian.com\/tr\/#\/schema\/logo\/image\/"},"sameAs":["https:\/\/www.facebook.com\/estherianclinic.en","https:\/\/x.com\/EstherianTr","https:\/\/www.instagram.com\/estherianclinic\/","https:\/\/www.tiktok.com\/@estherian.clinic","https:\/\/www.youtube.com\/estherianclinic"],"email":"hi@estherian.com","telephone":"+90-544-169-9000","legalName":"ESTHERIAN CLINIC SA\u011eLIK H\u0130ZMETLER\u0130 SAN. T\u0130C. LTD. \u015eT\u0130.","foundingDate":"2020-03-09","vatID":"TR1601485625","taxID":"1601485625","numberOfEmployees":{"@type":"QuantitativeValue","minValue":"51","maxValue":"200"},"publishingPrinciples":"https:\/\/estherian.com\/tr\/sartlar-ve-kosullar\/","actionableFeedbackPolicy":"https:\/\/estherian.com\/tr\/gizlilik-politikasi\/","correctionsPolicy":"https:\/\/estherian.com\/tr\/gizlilik-politikasi\/","ethicsPolicy":"https:\/\/estherian.com\/tr\/gizlilik-politikasi\/","diversityPolicy":"https:\/\/estherian.com\/tr\/gizlilik-politikasi\/","diversityStaffingReport":"https:\/\/estherian.com\/tr\/gizlilik-politikasi\/"},{"@type":"Person","@id":"https:\/\/estherian.com\/tr\/#\/schema\/person\/0b1452799c3700afbfcfd3a0f5e64732","name":"ferhatk","image":{"@type":"ImageObject","inLanguage":"tr","@id":"https:\/\/secure.gravatar.com\/avatar\/5192156a410fa37c70ea8d4f0d01782533c470a75971ae114e5cd116be51ca05?s=96&d=mm&r=g","url":"https:\/\/secure.gravatar.com\/avatar\/5192156a410fa37c70ea8d4f0d01782533c470a75971ae114e5cd116be51ca05?s=96&d=mm&r=g","contentUrl":"https:\/\/secure.gravatar.com\/avatar\/5192156a410fa37c70ea8d4f0d01782533c470a75971ae114e5cd116be51ca05?s=96&d=mm&r=g","caption":"ferhatk"},"sameAs":["https:\/\/v2.estherian.com"]}]}},"_links":{"self":[{"href":"https:\/\/estherian.com\/tr\/wp-json\/wp\/v2\/pages\/21944","targetHints":{"allow":["GET"]}}],"collection":[{"href":"https:\/\/estherian.com\/tr\/wp-json\/wp\/v2\/pages"}],"about":[{"href":"https:\/\/estherian.com\/tr\/wp-json\/wp\/v2\/types\/page"}],"author":[{"embeddable":true,"href":"https:\/\/estherian.com\/tr\/wp-json\/wp\/v2\/users\/1"}],"replies":[{"embeddable":true,"href":"https:\/\/estherian.com\/tr\/wp-json\/wp\/v2\/comments?post=21944"}],"version-history":[{"count":0,"href":"https:\/\/estherian.com\/tr\/wp-json\/wp\/v2\/pages\/21944\/revisions"}],"wp:featuredmedia":[{"embeddable":true,"href":"https:\/\/estherian.com\/tr\/wp-json\/wp\/v2\/media\/28581"}],"wp:attachment":[{"href":"https:\/\/estherian.com\/tr\/wp-json\/wp\/v2\/media?parent=21944"}],"curies":[{"name":"wp","href":"https:\/\/api.w.org\/{rel}","templated":true}]}}