{"id":22027,"date":"2024-11-25T13:15:01","date_gmt":"2024-11-25T10:15:01","guid":{"rendered":"https:\/\/v2.estherian.com\/?page_id=22027"},"modified":"2025-10-20T10:43:07","modified_gmt":"2025-10-20T07:43:07","slug":"uyluk-germe-ameliyati","status":"publish","type":"page","link":"https:\/\/estherian.com\/tr\/uyluk-germe-ameliyati\/","title":{"rendered":"Uyluk Germe Ameliyat\u0131"},"content":{"rendered":"\n<h2 class=\"wp-block-heading\" id=\"h-uyluk-germe-thigh-lift-nedir\">Uyluk Germe (Thigh Lift) Nedir?<\/h2>\n\n\n\n<p><strong>Uyluk germe<\/strong>, i\u00e7 veya d\u0131\u015f uyluklardan fazla deri ve ya\u011f\u0131n al\u0131nmas\u0131n\u0131 i\u00e7eren bir i\u015flemdir. <strong>Ya\u015flanma, a\u015f\u0131r\u0131 kilo kayb\u0131<\/strong> ve a\u011f\u0131r uyluklar nedeniyle k\u0131yafetlerin i\u00e7ine rahat\u00e7a s\u0131\u011famama gibi nedenler, bu ameliyat\u0131 d\u00fc\u015f\u00fcnmeniz i\u00e7in yayg\u0131n nedenlerdir.<\/p>\n\n\n\n<div class=\"wp-block-columns is-layout-flex wp-container-core-columns-is-layout-9d6595d7 wp-block-columns-is-layout-flex\">\n<div class=\"wp-block-column is-layout-flow wp-block-column-is-layout-flow\">\n<figure class=\"wp-block-image size-full\"><img decoding=\"async\" width=\"410\" height=\"415\" src=\"https:\/\/estherian.com\/wp-content\/uploads\/icon-thigh-lift-01-1.png\" alt=\"\" class=\"wp-image-22028\" srcset=\"https:\/\/estherian.com\/wp-content\/uploads\/icon-thigh-lift-01-1.png 410w, https:\/\/estherian.com\/wp-content\/uploads\/icon-thigh-lift-01-1-381x386.png 381w\" sizes=\"(max-width: 410px) 100vw, 410px\" \/><\/figure>\n\n\n\n<figure class=\"wp-block-image size-full\"><img decoding=\"async\" width=\"429\" height=\"496\" src=\"https:\/\/estherian.com\/wp-content\/uploads\/icon-thigh-lift-front-1.png\" alt=\"\" class=\"wp-image-22032\" srcset=\"https:\/\/estherian.com\/wp-content\/uploads\/icon-thigh-lift-front-1.png 429w, https:\/\/estherian.com\/wp-content\/uploads\/icon-thigh-lift-front-1-334x386.png 334w\" sizes=\"(max-width: 429px) 100vw, 429px\" \/><\/figure>\n<\/div>\n\n\n\n<div class=\"wp-block-column is-layout-flow wp-block-column-is-layout-flow\">\n<h2 class=\"wp-block-heading\" id=\"h-uyluk-germe-ameliyati-sureci\">Uyluk Germe Ameliyat\u0131 S\u00fcreci<\/h2>\n\n\n\n<h4 class=\"wp-block-heading\" id=\"h-ameliyat-oncesi\">AMEL\u0130YAT \u00d6NCES\u0130<\/h4>\n\n\n\n<ul class=\"wp-block-list\">\n<li>Ameliyat \u00f6ncesinde, doktor hastan\u0131n ameliyat i\u00e7in uygun olup olmad\u0131\u011f\u0131n\u0131 belirlemek amac\u0131yla <strong>testler<\/strong> yapar.<\/li>\n\n\n\n<li>Cerrah, ameliyat s\u00fcreciyle ilgili talimatlar verir ve t\u00fcm sorular\u0131n\u0131z\u0131 yan\u0131tlar.<\/li>\n<\/ul>\n\n\n\n<h4 class=\"wp-block-heading\" id=\"h-ameliyat-sirasinda\">AMEL\u0130YAT SIRASINDA<\/h4>\n\n\n\n<ol class=\"wp-block-list\">\n<li>Cerrah, \u00f6ncelikle <strong>fazla ya\u011f varsa bu ya\u011flar\u0131 al\u0131r<\/strong>.<\/li>\n\n\n\n<li>Daha sonra, <strong>sarkm\u0131\u015f deri alanlar\u0131 belirlenir<\/strong> ve fazla derinin al\u0131nmas\u0131 i\u00e7in kesiler yap\u0131l\u0131r.<\/li>\n\n\n\n<li>Son olarak, deri iki tarafl\u0131 olarak dikilir ve ameliyat tamamlan\u0131r.<\/li>\n<\/ol>\n\n\n\n<h4 class=\"wp-block-heading\" id=\"h-ameliyat-sonrasi\">AMEL\u0130YAT SONRASI<\/h4>\n\n\n\n<ul class=\"wp-block-list\">\n<li>\u0130yile\u015fme s\u00fcresi yakla\u015f\u0131k <strong>iki veya \u00fc\u00e7 hafta<\/strong> s\u00fcrer ve <strong>sonu\u00e7lar an\u0131nda fark edilir<\/strong>.<\/li>\n\n\n\n<li>Bacak \u00e7evresinde belirgin bir de\u011fi\u015fiklik g\u00f6r\u00fcl\u00fcr.<\/li>\n\n\n\n<li>Sonu\u00e7lar, \u015fi\u015flik tamamen azald\u0131\u011f\u0131nda netle\u015fir.<\/li>\n<\/ul>\n<\/div>\n<\/div>\n\n\n\n<div class=\"wp-block-columns is-layout-flex wp-container-core-columns-is-layout-9d6595d7 wp-block-columns-is-layout-flex\">\n<div class=\"wp-block-column is-layout-flow wp-block-column-is-layout-flow\">\n<h2 class=\"wp-block-heading\" id=\"h-kimler-uyluk-germe-ameliyati-icin-iyi-bir-adaydir\">Kimler Uyluk Germe Ameliyat\u0131 \u0130\u00e7in \u0130yi Bir Adayd\u0131r?<\/h2>\n\n\n\n<ul class=\"wp-block-list\">\n<li><strong>V\u00fccut Kitle \u0130ndeksi (BMI)<\/strong> 30 veya daha fazlaysa<\/li>\n\n\n\n<li><strong>Sa\u011fl\u0131kl\u0131<\/strong>ysan\u0131z<\/li>\n\n\n\n<li><strong>Sigara i\u00e7miyorsan\u0131z<\/strong><\/li>\n\n\n\n<li>\u0130\u00e7, orta veya d\u0131\u015f uyluk b\u00f6lgelerinde fazla ya\u011f dokusuna sahipseniz<\/li>\n<\/ul>\n\n\n\n<h2 class=\"wp-block-heading\" id=\"h-uyluk-germe-ameliyati-icin-plastik-cerrah-secimi\">Uyluk Germe Ameliyat\u0131 \u0130\u00e7in Plastik Cerrah Se\u00e7imi<\/h2>\n\n\n\n<ul class=\"wp-block-list\">\n<li>Cerrah\u0131n, t\u0131p fak\u00fcltesinden mezun olduktan sonra en az <strong>6 y\u0131l deneyimi<\/strong> oldu\u011fundan emin olun.<\/li>\n\n\n\n<li>Cerrah\u0131n, <strong>akredite bir t\u0131p fak\u00fcltesinden mezun<\/strong> olmas\u0131na dikkat edin.<\/li>\n<\/ul>\n<\/div>\n<\/div>\n\n\n\n<div class=\"wp-block-columns is-layout-flex wp-container-core-columns-is-layout-9d6595d7 wp-block-columns-is-layout-flex\">\n<div class=\"wp-block-column is-layout-flow wp-block-column-is-layout-flow\">\n<h2 class=\"wp-block-heading\" id=\"h-uyluk-germe-iyilesme-suresi\">Uyluk Germe \u0130yile\u015fme S\u00fcresi<\/h2>\n\n\n\n<ul class=\"wp-block-list\">\n<li>Size a\u015fa\u011f\u0131daki bilgileri i\u00e7eren \u00f6zel talimatlar verilecektir:\n<ul class=\"wp-block-list\">\n<li><strong>Ameliyat b\u00f6lgesine nas\u0131l bak\u0131m yap\u0131laca\u011f\u0131<\/strong><\/li>\n\n\n\n<li><strong>A\u011f\u0131zdan alman\u0131z gereken ila\u00e7lar<\/strong><\/li>\n\n\n\n<li>Ameliyat b\u00f6lgesinde veya genel sa\u011fl\u0131\u011f\u0131n\u0131zda dikkat etmeniz gereken belirli konular<\/li>\n\n\n\n<li>Plastik cerrah\u0131n\u0131zla <strong>ne zaman kontrol randevusu yapman\u0131z gerekti\u011fi<\/strong><\/li>\n<\/ul>\n<\/li>\n<\/ul>\n<\/div>\n\n\n\n<div class=\"wp-block-column is-layout-flow wp-block-column-is-layout-flow\">\n<figure class=\"wp-block-image size-full\"><img decoding=\"async\" src=\"https:\/\/estherian.com\/wp-content\/uploads\/thigh-lift-1.png\" alt=\"\" class=\"wp-image-23636\"\/><\/figure>\n<\/div>\n<\/div>\n\n\n\n<h2 class=\"wp-block-heading\" id=\"h-uyluk-germe-ameliyati-maliyeti\">Uyluk Germe Ameliyat\u0131 Maliyeti<\/h2>\n\n\n\n<p><strong>Uyluk germe ameliyat\u0131n\u0131n maliyeti<\/strong>, kullan\u0131lan teknik ve hedeflenen b\u00f6lgeler gibi fakt\u00f6rlere ba\u011fl\u0131 olarak hastadan hastaya de\u011fi\u015fiklik g\u00f6sterir. Ayr\u0131ca, ameliyat ba\u015fka i\u015flemlerle birle\u015ftirildi\u011finde fiyatlar farkl\u0131l\u0131k g\u00f6sterebilir.<\/p>\n\n\n\n<h2 class=\"wp-block-heading\" id=\"h-uyluk-germe-ameliyati-ile-ilgili-sikca-sorulan-sorular\">Uyluk Germe Ameliyat\u0131 ile \u0130lgili S\u0131k\u00e7a Sorulan Sorular<\/h2>\n\n\n\n<h3 class=\"wp-block-heading\" id=\"h-uyluk-germe-ameliyati-nedir\">Uyluk Germe Ameliyat\u0131 Nedir?<\/h3>\n\n\n\n<p>Uyluk germe ameliyat\u0131, i\u00e7 veya d\u0131\u015f uyluklardaki fazla deri ve ya\u011f\u0131n al\u0131narak bacaklar\u0131n daha s\u0131k\u0131 ve \u015fekilli bir g\u00f6r\u00fcn\u00fcme kavu\u015fmas\u0131n\u0131 sa\u011flayan bir estetik operasyondur. \u00d6zellikle kilo kayb\u0131 sonras\u0131 olu\u015fan sarkmalar\u0131 gidermek i\u00e7in tercih edilir.<\/p>\n\n\n\n<h3 class=\"wp-block-heading\" id=\"h-ameliyat-oncesi-nasil-hazirlik-yapilmalidir\">Ameliyat \u00d6ncesi Nas\u0131l Haz\u0131rl\u0131k Yap\u0131lmal\u0131d\u0131r?<\/h3>\n\n\n\n<ul class=\"wp-block-list\">\n<li>Ameliyattan <strong>en az iki hafta \u00f6nce sigara b\u0131rak\u0131lmal\u0131d\u0131r<\/strong>.<\/li>\n\n\n\n<li><strong>Kan suland\u0131r\u0131c\u0131 ila\u00e7lar<\/strong> (\u00f6rne\u011fin aspirin) kullan\u0131lmamal\u0131d\u0131r.<\/li>\n\n\n\n<li>Doktor taraf\u0131ndan yap\u0131lacak testler ve de\u011ferlendirmeler tamamlanmal\u0131d\u0131r.<\/li>\n<\/ul>\n\n\n\n<h3 class=\"wp-block-heading\" id=\"h-uyluk-germe-ameliyati-ne-kadar-surer\">Uyluk Germe Ameliyat\u0131 Ne Kadar S\u00fcrer?<\/h3>\n\n\n\n<p>Ameliyat, genellikle <strong>2-4 saat<\/strong> aras\u0131nda s\u00fcrer. Ameliyat s\u00fcresi, i\u015flem yap\u0131lacak b\u00f6lgenin b\u00fcy\u00fckl\u00fc\u011f\u00fcne ve kapsam\u0131na ba\u011fl\u0131d\u0131r.<\/p>\n\n\n\n<h3 class=\"wp-block-heading\" id=\"h-iyilesme-sureci-ne-kadar-surer\">\u0130yile\u015fme S\u00fcreci Ne Kadar S\u00fcrer?<\/h3>\n\n\n\n<ul class=\"wp-block-list\">\n<li>\u0130lk iyile\u015fme s\u00fcreci genellikle <strong>2-3 hafta<\/strong> i\u00e7inde tamamlan\u0131r.<\/li>\n\n\n\n<li>\u015ei\u015fliklerin tamamen ge\u00e7mesi ve nihai sonu\u00e7lar\u0131n g\u00f6r\u00fclmesi yakla\u015f\u0131k <strong>3-6 ay<\/strong> s\u00fcrebilir.<\/li>\n\n\n\n<li><strong>Kompresyon giysisi<\/strong> kullan\u0131m\u0131 3-6 hafta boyunca \u00f6nerilir.<\/li>\n<\/ul>\n\n\n\n<p><\/p>\n","protected":false},"excerpt":{"rendered":"<p>Uyluk Germe (Thigh Lift) Nedir? Uyluk germe, i\u00e7 veya d\u0131\u015f uyluklardan fazla deri ve ya\u011f\u0131n al\u0131nmas\u0131n\u0131 i\u00e7eren bir i\u015flemdir. Ya\u015flanma, a\u015f\u0131r\u0131 kilo kayb\u0131 ve a\u011f\u0131r uyluklar nedeniyle k\u0131yafetlerin i\u00e7ine rahat\u00e7a s\u0131\u011famama gibi nedenler, bu ameliyat\u0131 d\u00fc\u015f\u00fcnmeniz i\u00e7in yayg\u0131n nedenlerdir. Uyluk Germe Ameliyat\u0131 S\u00fcreci AMEL\u0130YAT \u00d6NCES\u0130 AMEL\u0130YAT SIRASINDA AMEL\u0130YAT SONRASI Kimler Uyluk Germe Ameliyat\u0131 \u0130\u00e7in \u0130yi&hellip;<\/p>\n","protected":false},"author":1,"featured_media":29207,"parent":0,"menu_order":10,"comment_status":"closed","ping_status":"closed","template":"","meta":{"footnotes":""},"class_list":["post-22027","page","type-page","status-publish","has-post-thumbnail","hentry","description-off"],"yoast_head":"<!-- This site is optimized with the Yoast SEO Premium plugin v27.3 (Yoast SEO v27.3) - https:\/\/yoast.com\/product\/yoast-seo-premium-wordpress\/ -->\n<title>Uyluk Germe Ameliyat\u0131 | Estherian Clinic<\/title>\n<meta name=\"description\" content=\"Uyluk germe ameliyat\u0131 (thigh lift), i\u00e7 ve d\u0131\u015f bacaklardaki fazla deri ve ya\u011f dokusunu alarak s\u0131k\u0131 g\u00f6r\u00fcn\u00fcm kazand\u0131r\u0131r. Ameliyat s\u00fcreci, iyile\u015fme ve maliyet hakk\u0131nda detayl\u0131 bilgi al\u0131n.\" \/>\n<meta name=\"robots\" content=\"index, follow, max-snippet:-1, max-image-preview:large, max-video-preview:-1\" \/>\n<link rel=\"canonical\" href=\"https:\/\/estherian.com\/tr\/uyluk-germe-ameliyati\/\" \/>\n<meta property=\"og:locale\" content=\"tr_TR\" \/>\n<meta property=\"og:type\" content=\"article\" \/>\n<meta property=\"og:title\" content=\"Uyluk Germe Ameliyat\u0131\" \/>\n<meta property=\"og:description\" content=\"Looks better with Estherian Clinic. Plastic Surgery, Dental treatments and more beautiful services!\" \/>\n<meta property=\"og:url\" content=\"https:\/\/estherian.com\/tr\/uyluk-germe-ameliyati\/\" \/>\n<meta property=\"og:site_name\" content=\"Estherian Clinic\" \/>\n<meta property=\"article:publisher\" content=\"https:\/\/www.facebook.com\/estherianclinic.en\" \/>\n<meta property=\"article:modified_time\" content=\"2025-10-20T07:43:07+00:00\" \/>\n<meta property=\"og:image\" content=\"https:\/\/estherian.com\/wp-content\/uploads\/thigh_lift_turkey_1920x1080.jpg\" \/>\n\t<meta property=\"og:image:width\" content=\"1920\" \/>\n\t<meta property=\"og:image:height\" content=\"1080\" \/>\n\t<meta property=\"og:image:type\" content=\"image\/jpeg\" \/>\n<meta name=\"twitter:card\" content=\"summary_large_image\" \/>\n<meta name=\"twitter:site\" content=\"@EstherianTr\" \/>\n<meta name=\"twitter:label1\" content=\"Tahmini okuma s\u00fcresi\" \/>\n\t<meta name=\"twitter:data1\" content=\"3 dakika\" \/>\n<script type=\"application\/ld+json\" class=\"yoast-schema-graph\">{\"@context\":\"https:\\\/\\\/schema.org\",\"@graph\":[{\"@type\":\"Article\",\"@id\":\"https:\\\/\\\/estherian.com\\\/tr\\\/uyluk-germe-ameliyati\\\/#article\",\"isPartOf\":{\"@id\":\"https:\\\/\\\/estherian.com\\\/tr\\\/uyluk-germe-ameliyati\\\/\"},\"author\":{\"name\":\"ferhatk\",\"@id\":\"https:\\\/\\\/estherian.com\\\/tr\\\/#\\\/schema\\\/person\\\/0b1452799c3700afbfcfd3a0f5e64732\"},\"headline\":\"Uyluk Germe Ameliyat\u0131\",\"datePublished\":\"2024-11-25T10:15:01+00:00\",\"dateModified\":\"2025-10-20T07:43:07+00:00\",\"mainEntityOfPage\":{\"@id\":\"https:\\\/\\\/estherian.com\\\/tr\\\/uyluk-germe-ameliyati\\\/\"},\"wordCount\":548,\"publisher\":{\"@id\":\"https:\\\/\\\/estherian.com\\\/tr\\\/#organization\"},\"image\":{\"@id\":\"https:\\\/\\\/estherian.com\\\/tr\\\/uyluk-germe-ameliyati\\\/#primaryimage\"},\"thumbnailUrl\":\"https:\\\/\\\/estherian.com\\\/wp-content\\\/uploads\\\/thigh_lift_turkey_1920x1080.jpg\",\"inLanguage\":\"tr\"},{\"@type\":\"WebPage\",\"@id\":\"https:\\\/\\\/estherian.com\\\/tr\\\/uyluk-germe-ameliyati\\\/\",\"url\":\"https:\\\/\\\/estherian.com\\\/tr\\\/uyluk-germe-ameliyati\\\/\",\"name\":\"Uyluk Germe Ameliyat\u0131 | Estherian Clinic\",\"isPartOf\":{\"@id\":\"https:\\\/\\\/estherian.com\\\/tr\\\/#website\"},\"primaryImageOfPage\":{\"@id\":\"https:\\\/\\\/estherian.com\\\/tr\\\/uyluk-germe-ameliyati\\\/#primaryimage\"},\"image\":{\"@id\":\"https:\\\/\\\/estherian.com\\\/tr\\\/uyluk-germe-ameliyati\\\/#primaryimage\"},\"thumbnailUrl\":\"https:\\\/\\\/estherian.com\\\/wp-content\\\/uploads\\\/thigh_lift_turkey_1920x1080.jpg\",\"datePublished\":\"2024-11-25T10:15:01+00:00\",\"dateModified\":\"2025-10-20T07:43:07+00:00\",\"description\":\"Uyluk germe ameliyat\u0131 (thigh lift), i\u00e7 ve d\u0131\u015f bacaklardaki fazla deri ve ya\u011f dokusunu alarak s\u0131k\u0131 g\u00f6r\u00fcn\u00fcm kazand\u0131r\u0131r. Ameliyat s\u00fcreci, iyile\u015fme ve maliyet hakk\u0131nda detayl\u0131 bilgi al\u0131n.\",\"breadcrumb\":{\"@id\":\"https:\\\/\\\/estherian.com\\\/tr\\\/uyluk-germe-ameliyati\\\/#breadcrumb\"},\"inLanguage\":\"tr\",\"potentialAction\":[{\"@type\":\"ReadAction\",\"target\":[\"https:\\\/\\\/estherian.com\\\/tr\\\/uyluk-germe-ameliyati\\\/\"]}]},{\"@type\":\"ImageObject\",\"inLanguage\":\"tr\",\"@id\":\"https:\\\/\\\/estherian.com\\\/tr\\\/uyluk-germe-ameliyati\\\/#primaryimage\",\"url\":\"https:\\\/\\\/estherian.com\\\/wp-content\\\/uploads\\\/thigh_lift_turkey_1920x1080.jpg\",\"contentUrl\":\"https:\\\/\\\/estherian.com\\\/wp-content\\\/uploads\\\/thigh_lift_turkey_1920x1080.jpg\",\"width\":1920,\"height\":1080},{\"@type\":\"BreadcrumbList\",\"@id\":\"https:\\\/\\\/estherian.com\\\/tr\\\/uyluk-germe-ameliyati\\\/#breadcrumb\",\"itemListElement\":[{\"@type\":\"ListItem\",\"position\":1,\"name\":\"Home\",\"item\":\"https:\\\/\\\/estherian.com\\\/tr\\\/\"},{\"@type\":\"ListItem\",\"position\":2,\"name\":\"Uyluk Germe Ameliyat\u0131\"}]},{\"@type\":\"WebSite\",\"@id\":\"https:\\\/\\\/estherian.com\\\/tr\\\/#website\",\"url\":\"https:\\\/\\\/estherian.com\\\/tr\\\/\",\"name\":\"Estherian Clinic\",\"description\":\"Plastic Surgery | Dental | Hair Transplant in Turkey\",\"publisher\":{\"@id\":\"https:\\\/\\\/estherian.com\\\/tr\\\/#organization\"},\"potentialAction\":[{\"@type\":\"SearchAction\",\"target\":{\"@type\":\"EntryPoint\",\"urlTemplate\":\"https:\\\/\\\/estherian.com\\\/tr\\\/?s={search_term_string}\"},\"query-input\":{\"@type\":\"PropertyValueSpecification\",\"valueRequired\":true,\"valueName\":\"search_term_string\"}}],\"inLanguage\":\"tr\"},{\"@type\":\"Organization\",\"@id\":\"https:\\\/\\\/estherian.com\\\/tr\\\/#organization\",\"name\":\"Estherian Clinic\",\"alternateName\":\"Estherian\",\"url\":\"https:\\\/\\\/estherian.com\\\/tr\\\/\",\"logo\":{\"@type\":\"ImageObject\",\"inLanguage\":\"tr\",\"@id\":\"https:\\\/\\\/estherian.com\\\/tr\\\/#\\\/schema\\\/logo\\\/image\\\/\",\"url\":\"https:\\\/\\\/estherian.com\\\/wp-content\\\/uploads\\\/2024\\\/10\\\/EstherianLogo.png\",\"contentUrl\":\"https:\\\/\\\/estherian.com\\\/wp-content\\\/uploads\\\/2024\\\/10\\\/EstherianLogo.png\",\"width\":882,\"height\":934,\"caption\":\"Estherian Clinic\"},\"image\":{\"@id\":\"https:\\\/\\\/estherian.com\\\/tr\\\/#\\\/schema\\\/logo\\\/image\\\/\"},\"sameAs\":[\"https:\\\/\\\/www.facebook.com\\\/estherianclinic.en\",\"https:\\\/\\\/x.com\\\/EstherianTr\",\"https:\\\/\\\/www.instagram.com\\\/estherianclinic\\\/\",\"https:\\\/\\\/www.tiktok.com\\\/@estherian.clinic\",\"https:\\\/\\\/www.youtube.com\\\/estherianclinic\"],\"email\":\"hi@estherian.com\",\"telephone\":\"+90-544-169-9000\",\"legalName\":\"ESTHERIAN CLINIC SA\u011eLIK H\u0130ZMETLER\u0130 SAN. T\u0130C. LTD. \u015eT\u0130.\",\"foundingDate\":\"2020-03-09\",\"vatID\":\"TR1601485625\",\"taxID\":\"1601485625\",\"numberOfEmployees\":{\"@type\":\"QuantitativeValue\",\"minValue\":\"51\",\"maxValue\":\"200\"},\"publishingPrinciples\":\"https:\\\/\\\/estherian.com\\\/tr\\\/sartlar-ve-kosullar\\\/\",\"actionableFeedbackPolicy\":\"https:\\\/\\\/estherian.com\\\/tr\\\/gizlilik-politikasi\\\/\",\"correctionsPolicy\":\"https:\\\/\\\/estherian.com\\\/tr\\\/gizlilik-politikasi\\\/\",\"ethicsPolicy\":\"https:\\\/\\\/estherian.com\\\/tr\\\/gizlilik-politikasi\\\/\",\"diversityPolicy\":\"https:\\\/\\\/estherian.com\\\/tr\\\/gizlilik-politikasi\\\/\",\"diversityStaffingReport\":\"https:\\\/\\\/estherian.com\\\/tr\\\/gizlilik-politikasi\\\/\"},{\"@type\":\"Person\",\"@id\":\"https:\\\/\\\/estherian.com\\\/tr\\\/#\\\/schema\\\/person\\\/0b1452799c3700afbfcfd3a0f5e64732\",\"name\":\"ferhatk\",\"image\":{\"@type\":\"ImageObject\",\"inLanguage\":\"tr\",\"@id\":\"https:\\\/\\\/secure.gravatar.com\\\/avatar\\\/5192156a410fa37c70ea8d4f0d01782533c470a75971ae114e5cd116be51ca05?s=96&d=mm&r=g\",\"url\":\"https:\\\/\\\/secure.gravatar.com\\\/avatar\\\/5192156a410fa37c70ea8d4f0d01782533c470a75971ae114e5cd116be51ca05?s=96&d=mm&r=g\",\"contentUrl\":\"https:\\\/\\\/secure.gravatar.com\\\/avatar\\\/5192156a410fa37c70ea8d4f0d01782533c470a75971ae114e5cd116be51ca05?s=96&d=mm&r=g\",\"caption\":\"ferhatk\"},\"sameAs\":[\"https:\\\/\\\/v2.estherian.com\"]}]}<\/script>\n<!-- \/ Yoast SEO Premium plugin. -->","yoast_head_json":{"title":"Uyluk Germe Ameliyat\u0131 | Estherian Clinic","description":"Uyluk germe ameliyat\u0131 (thigh lift), i\u00e7 ve d\u0131\u015f bacaklardaki fazla deri ve ya\u011f dokusunu alarak s\u0131k\u0131 g\u00f6r\u00fcn\u00fcm kazand\u0131r\u0131r. Ameliyat s\u00fcreci, iyile\u015fme ve maliyet hakk\u0131nda detayl\u0131 bilgi al\u0131n.","robots":{"index":"index","follow":"follow","max-snippet":"max-snippet:-1","max-image-preview":"max-image-preview:large","max-video-preview":"max-video-preview:-1"},"canonical":"https:\/\/estherian.com\/tr\/uyluk-germe-ameliyati\/","og_locale":"tr_TR","og_type":"article","og_title":"Uyluk Germe Ameliyat\u0131","og_description":"Looks better with Estherian Clinic. Plastic Surgery, Dental treatments and more beautiful services!","og_url":"https:\/\/estherian.com\/tr\/uyluk-germe-ameliyati\/","og_site_name":"Estherian Clinic","article_publisher":"https:\/\/www.facebook.com\/estherianclinic.en","article_modified_time":"2025-10-20T07:43:07+00:00","og_image":[{"width":1920,"height":1080,"url":"https:\/\/estherian.com\/wp-content\/uploads\/thigh_lift_turkey_1920x1080.jpg","type":"image\/jpeg"}],"twitter_card":"summary_large_image","twitter_site":"@EstherianTr","twitter_misc":{"Tahmini okuma s\u00fcresi":"3 dakika"},"schema":{"@context":"https:\/\/schema.org","@graph":[{"@type":"Article","@id":"https:\/\/estherian.com\/tr\/uyluk-germe-ameliyati\/#article","isPartOf":{"@id":"https:\/\/estherian.com\/tr\/uyluk-germe-ameliyati\/"},"author":{"name":"ferhatk","@id":"https:\/\/estherian.com\/tr\/#\/schema\/person\/0b1452799c3700afbfcfd3a0f5e64732"},"headline":"Uyluk Germe Ameliyat\u0131","datePublished":"2024-11-25T10:15:01+00:00","dateModified":"2025-10-20T07:43:07+00:00","mainEntityOfPage":{"@id":"https:\/\/estherian.com\/tr\/uyluk-germe-ameliyati\/"},"wordCount":548,"publisher":{"@id":"https:\/\/estherian.com\/tr\/#organization"},"image":{"@id":"https:\/\/estherian.com\/tr\/uyluk-germe-ameliyati\/#primaryimage"},"thumbnailUrl":"https:\/\/estherian.com\/wp-content\/uploads\/thigh_lift_turkey_1920x1080.jpg","inLanguage":"tr"},{"@type":"WebPage","@id":"https:\/\/estherian.com\/tr\/uyluk-germe-ameliyati\/","url":"https:\/\/estherian.com\/tr\/uyluk-germe-ameliyati\/","name":"Uyluk Germe Ameliyat\u0131 | Estherian Clinic","isPartOf":{"@id":"https:\/\/estherian.com\/tr\/#website"},"primaryImageOfPage":{"@id":"https:\/\/estherian.com\/tr\/uyluk-germe-ameliyati\/#primaryimage"},"image":{"@id":"https:\/\/estherian.com\/tr\/uyluk-germe-ameliyati\/#primaryimage"},"thumbnailUrl":"https:\/\/estherian.com\/wp-content\/uploads\/thigh_lift_turkey_1920x1080.jpg","datePublished":"2024-11-25T10:15:01+00:00","dateModified":"2025-10-20T07:43:07+00:00","description":"Uyluk germe ameliyat\u0131 (thigh lift), i\u00e7 ve d\u0131\u015f bacaklardaki fazla deri ve ya\u011f dokusunu alarak s\u0131k\u0131 g\u00f6r\u00fcn\u00fcm kazand\u0131r\u0131r. Ameliyat s\u00fcreci, iyile\u015fme ve maliyet hakk\u0131nda detayl\u0131 bilgi al\u0131n.","breadcrumb":{"@id":"https:\/\/estherian.com\/tr\/uyluk-germe-ameliyati\/#breadcrumb"},"inLanguage":"tr","potentialAction":[{"@type":"ReadAction","target":["https:\/\/estherian.com\/tr\/uyluk-germe-ameliyati\/"]}]},{"@type":"ImageObject","inLanguage":"tr","@id":"https:\/\/estherian.com\/tr\/uyluk-germe-ameliyati\/#primaryimage","url":"https:\/\/estherian.com\/wp-content\/uploads\/thigh_lift_turkey_1920x1080.jpg","contentUrl":"https:\/\/estherian.com\/wp-content\/uploads\/thigh_lift_turkey_1920x1080.jpg","width":1920,"height":1080},{"@type":"BreadcrumbList","@id":"https:\/\/estherian.com\/tr\/uyluk-germe-ameliyati\/#breadcrumb","itemListElement":[{"@type":"ListItem","position":1,"name":"Home","item":"https:\/\/estherian.com\/tr\/"},{"@type":"ListItem","position":2,"name":"Uyluk Germe Ameliyat\u0131"}]},{"@type":"WebSite","@id":"https:\/\/estherian.com\/tr\/#website","url":"https:\/\/estherian.com\/tr\/","name":"Estherian Clinic","description":"Plastic Surgery | Dental | Hair Transplant in Turkey","publisher":{"@id":"https:\/\/estherian.com\/tr\/#organization"},"potentialAction":[{"@type":"SearchAction","target":{"@type":"EntryPoint","urlTemplate":"https:\/\/estherian.com\/tr\/?s={search_term_string}"},"query-input":{"@type":"PropertyValueSpecification","valueRequired":true,"valueName":"search_term_string"}}],"inLanguage":"tr"},{"@type":"Organization","@id":"https:\/\/estherian.com\/tr\/#organization","name":"Estherian Clinic","alternateName":"Estherian","url":"https:\/\/estherian.com\/tr\/","logo":{"@type":"ImageObject","inLanguage":"tr","@id":"https:\/\/estherian.com\/tr\/#\/schema\/logo\/image\/","url":"https:\/\/estherian.com\/wp-content\/uploads\/2024\/10\/EstherianLogo.png","contentUrl":"https:\/\/estherian.com\/wp-content\/uploads\/2024\/10\/EstherianLogo.png","width":882,"height":934,"caption":"Estherian Clinic"},"image":{"@id":"https:\/\/estherian.com\/tr\/#\/schema\/logo\/image\/"},"sameAs":["https:\/\/www.facebook.com\/estherianclinic.en","https:\/\/x.com\/EstherianTr","https:\/\/www.instagram.com\/estherianclinic\/","https:\/\/www.tiktok.com\/@estherian.clinic","https:\/\/www.youtube.com\/estherianclinic"],"email":"hi@estherian.com","telephone":"+90-544-169-9000","legalName":"ESTHERIAN CLINIC SA\u011eLIK H\u0130ZMETLER\u0130 SAN. T\u0130C. LTD. \u015eT\u0130.","foundingDate":"2020-03-09","vatID":"TR1601485625","taxID":"1601485625","numberOfEmployees":{"@type":"QuantitativeValue","minValue":"51","maxValue":"200"},"publishingPrinciples":"https:\/\/estherian.com\/tr\/sartlar-ve-kosullar\/","actionableFeedbackPolicy":"https:\/\/estherian.com\/tr\/gizlilik-politikasi\/","correctionsPolicy":"https:\/\/estherian.com\/tr\/gizlilik-politikasi\/","ethicsPolicy":"https:\/\/estherian.com\/tr\/gizlilik-politikasi\/","diversityPolicy":"https:\/\/estherian.com\/tr\/gizlilik-politikasi\/","diversityStaffingReport":"https:\/\/estherian.com\/tr\/gizlilik-politikasi\/"},{"@type":"Person","@id":"https:\/\/estherian.com\/tr\/#\/schema\/person\/0b1452799c3700afbfcfd3a0f5e64732","name":"ferhatk","image":{"@type":"ImageObject","inLanguage":"tr","@id":"https:\/\/secure.gravatar.com\/avatar\/5192156a410fa37c70ea8d4f0d01782533c470a75971ae114e5cd116be51ca05?s=96&d=mm&r=g","url":"https:\/\/secure.gravatar.com\/avatar\/5192156a410fa37c70ea8d4f0d01782533c470a75971ae114e5cd116be51ca05?s=96&d=mm&r=g","contentUrl":"https:\/\/secure.gravatar.com\/avatar\/5192156a410fa37c70ea8d4f0d01782533c470a75971ae114e5cd116be51ca05?s=96&d=mm&r=g","caption":"ferhatk"},"sameAs":["https:\/\/v2.estherian.com"]}]}},"_links":{"self":[{"href":"https:\/\/estherian.com\/tr\/wp-json\/wp\/v2\/pages\/22027","targetHints":{"allow":["GET"]}}],"collection":[{"href":"https:\/\/estherian.com\/tr\/wp-json\/wp\/v2\/pages"}],"about":[{"href":"https:\/\/estherian.com\/tr\/wp-json\/wp\/v2\/types\/page"}],"author":[{"embeddable":true,"href":"https:\/\/estherian.com\/tr\/wp-json\/wp\/v2\/users\/1"}],"replies":[{"embeddable":true,"href":"https:\/\/estherian.com\/tr\/wp-json\/wp\/v2\/comments?post=22027"}],"version-history":[{"count":0,"href":"https:\/\/estherian.com\/tr\/wp-json\/wp\/v2\/pages\/22027\/revisions"}],"wp:featuredmedia":[{"embeddable":true,"href":"https:\/\/estherian.com\/tr\/wp-json\/wp\/v2\/media\/29207"}],"wp:attachment":[{"href":"https:\/\/estherian.com\/tr\/wp-json\/wp\/v2\/media?parent=22027"}],"curies":[{"name":"wp","href":"https:\/\/api.w.org\/{rel}","templated":true}]}}