{"id":22059,"date":"2024-11-25T13:42:21","date_gmt":"2024-11-25T10:42:21","guid":{"rendered":"https:\/\/v2.estherian.com\/?page_id=22059"},"modified":"2025-01-30T20:28:22","modified_gmt":"2025-01-30T20:28:22","slug":"kol-germe","status":"publish","type":"page","link":"https:\/\/estherian.com\/tr\/kol-germe\/","title":{"rendered":"Kol Germe"},"content":{"rendered":"\n<div class=\"wp-block-columns is-layout-flex wp-container-core-columns-is-layout-9d6595d7 wp-block-columns-is-layout-flex\">\n<div class=\"wp-block-column is-layout-flow wp-block-column-is-layout-flow\">\n<figure class=\"wp-block-image size-full\"><img decoding=\"async\" width=\"1000\" height=\"994\" src=\"https:\/\/estherian.com\/wp-content\/uploads\/arm-1.png\" alt=\"\" class=\"wp-image-23271\" srcset=\"https:\/\/estherian.com\/wp-content\/uploads\/arm-1.png 1000w, https:\/\/estherian.com\/wp-content\/uploads\/arm-1-386x384.png 386w, https:\/\/estherian.com\/wp-content\/uploads\/arm-1-768x763.png 768w\" sizes=\"(max-width: 1000px) 100vw, 1000px\" \/><\/figure>\n<\/div>\n\n\n\n<div class=\"wp-block-column is-layout-flow wp-block-column-is-layout-flow\">\n<h2 class=\"wp-block-heading\" id=\"h-kol-germe-ameliyati-nedir\">Kol Germe Ameliyat\u0131 Nedir?<\/h2>\n\n\n\n<p>Kol germe ameliyat\u0131, \u00fcst kolda <strong>sarkm\u0131\u015f ve gev\u015femi\u015f deriyi<\/strong> s\u0131k\u0131la\u015ft\u0131rmak ve toparlamak amac\u0131yla <strong>hem erkekler hem de kad\u0131nlar i\u00e7in<\/strong> yap\u0131lan bir prosed\u00fcrd\u00fcr.<\/p>\n<\/div>\n<\/div>\n\n\n\n<div class=\"wp-block-columns is-layout-flex wp-container-core-columns-is-layout-9d6595d7 wp-block-columns-is-layout-flex\">\n<div class=\"wp-block-column is-layout-flow wp-block-column-is-layout-flow\">\n<h2 class=\"wp-block-heading\" id=\"h-kol-germe-ameliyati-asamalari\">Kol Germe Ameliyat\u0131 A\u015famalar\u0131<\/h2>\n\n\n\n<h3 class=\"wp-block-heading\" id=\"h-ameliyat-oncesi\">Ameliyat \u00d6ncesi<\/h3>\n\n\n\n<ul class=\"wp-block-list\">\n<li>Cerrah, ameliyat \u00f6ncesinde gerekli testleri yaparak hastan\u0131n operasyon i\u00e7in uygun olup olmad\u0131\u011f\u0131n\u0131 kontrol eder.<\/li>\n\n\n\n<li>Sizinle mevcut se\u00e7enekleri tart\u0131\u015f\u0131r ve en iyi karar\u0131 vermenize yard\u0131mc\u0131 olur.<\/li>\n\n\n\n<li><strong>Kan testi yap\u0131l\u0131r<\/strong> ve genel sa\u011fl\u0131k durumunuz de\u011ferlendirilir.<\/li>\n\n\n\n<li><strong>Aspirin<\/strong> ve anti-inflamatuar ila\u00e7lar gibi kan suland\u0131r\u0131c\u0131 ila\u00e7lardan ka\u00e7\u0131nman\u0131z gerekti\u011fi s\u00f6ylenir.<\/li>\n\n\n\n<li><strong>Sigara kullan\u0131yorsan\u0131z, ameliyattan \u00f6nce b\u0131rakman\u0131z istenir.<\/strong><\/li>\n<\/ul>\n\n\n\n<hr class=\"wp-block-separator has-alpha-channel-opacity\"\/>\n\n\n\n<h3 class=\"wp-block-heading\" id=\"h-ameliyat-sonrasi\">Ameliyat Sonras\u0131<\/h3>\n\n\n\n<ul class=\"wp-block-list\">\n<li>Ameliyat sonras\u0131 olu\u015fabilecek \u015fi\u015fli\u011fi kontrol alt\u0131na almak i\u00e7in hastan\u0131n <strong>kompresyon giysisi giymesi<\/strong> gerekir.<\/li>\n\n\n\n<li>Cerrah, ameliyat sonras\u0131 olu\u015fan kan ve s\u0131v\u0131y\u0131 d\u0131\u015far\u0131 atmak i\u00e7in hastan\u0131n koluna ge\u00e7ici bir <strong><a href=\"https:\/\/estherian.com\/tr\/drenli-ameliyat-vs-drensiz-ameliyat\/\">drenaj t\u00fcp\u00fc<\/a><\/strong> yerle\u015ftirir.<\/li>\n\n\n\n<li>Son olarak, hastaya yaraya nas\u0131l bak\u0131m yap\u0131laca\u011f\u0131 ve daha iyi sonu\u00e7lar almak i\u00e7in uyulmas\u0131 gereken talimatlar verilir.<\/li>\n<\/ul>\n<\/div>\n\n\n\n<div class=\"wp-block-column is-layout-flow wp-block-column-is-layout-flow\">\n<figure class=\"wp-block-image size-full\"><img decoding=\"async\" width=\"391\" height=\"434\" src=\"https:\/\/estherian.com\/wp-content\/uploads\/armlift-1.png\" alt=\"\" class=\"wp-image-22073\" srcset=\"https:\/\/estherian.com\/wp-content\/uploads\/armlift-1.png 391w, https:\/\/estherian.com\/wp-content\/uploads\/armlift-1-348x386.png 348w\" sizes=\"(max-width: 391px) 100vw, 391px\" \/><\/figure>\n\n\n\n<figure class=\"wp-block-image size-full\"><img decoding=\"async\" width=\"391\" height=\"434\" src=\"https:\/\/estherian.com\/wp-content\/uploads\/armlift-2-1.png\" alt=\"\" class=\"wp-image-22064\" srcset=\"https:\/\/estherian.com\/wp-content\/uploads\/armlift-2-1.png 391w, https:\/\/estherian.com\/wp-content\/uploads\/armlift-2-1-348x386.png 348w\" sizes=\"(max-width: 391px) 100vw, 391px\" \/><\/figure>\n<\/div>\n<\/div>\n\n\n\n<div class=\"wp-block-columns is-layout-flex wp-container-core-columns-is-layout-9d6595d7 wp-block-columns-is-layout-flex\">\n<div class=\"wp-block-column is-layout-flow wp-block-column-is-layout-flow\">\n<hr class=\"wp-block-separator has-alpha-channel-opacity\"\/>\n\n\n\n<figure class=\"wp-block-gallery has-nested-images columns-default is-cropped wp-block-gallery-1 is-layout-flex wp-block-gallery-is-layout-flex\">\n<figure class=\"wp-block-image size-large\"><img decoding=\"async\" width=\"600\" height=\"617\" data-id=\"23269\" src=\"https:\/\/estherian.com\/wp-content\/uploads\/arm-lift-estherian-1.png\" alt=\"arm lift\" class=\"wp-image-23269\" title=\"arm-lift-estherian\" srcset=\"https:\/\/estherian.com\/wp-content\/uploads\/arm-lift-estherian-1.png 600w, https:\/\/estherian.com\/wp-content\/uploads\/arm-lift-estherian-1-375x386.png 375w\" sizes=\"(max-width: 600px) 100vw, 600px\" \/><\/figure>\n<\/figure>\n<\/div>\n\n\n\n<div class=\"wp-block-column is-layout-flow wp-block-column-is-layout-flow\">\n<h2 class=\"wp-block-heading\" id=\"h-kol-germe-ameliyati-riskleri\">Kol Germe Ameliyat\u0131 Riskleri<\/h2>\n\n\n\n<p>Her t\u0131bbi i\u015flem gibi, kol germe ameliyat\u0131n\u0131n da baz\u0131 komplikasyonlar\u0131 olabilir. Bunlar \u015funlard\u0131r:<\/p>\n\n\n\n<ul class=\"wp-block-list\">\n<li><strong>Anestezi alerjisi.<\/strong><\/li>\n\n\n\n<li>Morluklar.<\/li>\n\n\n\n<li>Kal\u0131c\u0131 olabilen cilt duyarl\u0131l\u0131\u011f\u0131 de\u011fi\u015fiklikleri.<\/li>\n\n\n\n<li>S\u0131v\u0131 birikimi.<\/li>\n\n\n\n<li>Yara iyile\u015fmesinde zay\u0131fl\u0131k.<\/li>\n\n\n\n<li>Deri sarkmas\u0131.<\/li>\n\n\n\n<li>\u015ei\u015flik.<\/li>\n\n\n\n<li>Asimetrik pigmentasyon.<\/li>\n\n\n\n<li>Kan damarlar\u0131, sinirler, akci\u011ferler ve kar\u0131n organlar\u0131nda komplikasyonlar.<\/li>\n\n\n\n<li>Kan p\u0131ht\u0131lar\u0131.<\/li>\n\n\n\n<li>Kardiyovask\u00fcler ve solunum problemleri.<\/li>\n<\/ul>\n<\/div>\n<\/div>\n\n\n\n<h2 class=\"wp-block-heading\" id=\"h-kimler-kol-germe-icin-uygundur\">Kimler Kol Germe \u0130\u00e7in Uygundur?<\/h2>\n\n\n\n<ul class=\"wp-block-list\">\n<li>\u00dcst kollar\u0131nda sarkm\u0131\u015f deriye sahip yeti\u015fkinler.<\/li>\n\n\n\n<li><strong>Herhangi bir sa\u011fl\u0131k sorunu olmayan bireyler.<\/strong><\/li>\n\n\n\n<li><strong>Sigara kullanmayanlar.<\/strong><\/li>\n\n\n\n<li>Ameliyat sonu\u00e7lar\u0131 hakk\u0131nda <strong>ger\u00e7ek\u00e7i beklentilere<\/strong> sahip olan ki\u015filer.<\/li>\n<\/ul>\n\n\n\n<h2 class=\"wp-block-heading\" id=\"h-kol-germe-fiyatlari\">Kol Germe Fiyatlar\u0131<\/h2>\n\n\n\n<p>Kol germe ameliyat\u0131n\u0131n fiyat\u0131, kullan\u0131lan tekniklere ve i\u015flem yap\u0131lacak alanlara ba\u011fl\u0131 olarak hastadan hastaya de\u011fi\u015fiklik g\u00f6sterir. Ayr\u0131ca, ameliyat ba\u015fka cerrahi i\u015flemlerle birle\u015ftirilirse fiyatlar de\u011fi\u015febilir. Kesin bir fiyat bilgisi almak i\u00e7in <strong>t\u0131bbi bir dan\u0131\u015fma gereklidir.<\/strong> \u00dccretsiz doktor kons\u00fcltasyonu i\u00e7in <a href=\"https:\/\/estherian.com\/tr\/contact\/\">bizimle ileti\u015fime ge\u00e7ebilirsiniz.<\/a><\/p>\n\n\n\n<h2 class=\"wp-block-heading\" id=\"h-kol-germe-ile-ilgili-sikca-sorulan-sorular\">Kol Germe ile \u0130lgili S\u0131k\u00e7a Sorulan Sorular<\/h2>\n\n\n\n<h3 class=\"wp-block-heading\" id=\"h-kol-germe-ameliyatindan-ne-kadar-surede-iyilesirim\">Kol Germe Ameliyat\u0131ndan Ne Kadar S\u00fcrede \u0130yile\u015firim?<\/h3>\n\n\n\n<p>Hastalar\u0131n \u00e7o\u011fu, ameliyattan <strong>1-2 hafta sonra<\/strong> hafif aktivitelere d\u00f6nebilir. Ancak, tam iyile\u015fme ve do\u011fru sonu\u00e7lar i\u00e7in yo\u011fun fiziksel aktivitelerden <strong>4-6 hafta boyunca ka\u00e7\u0131n\u0131lmal\u0131d\u0131r.<\/strong><\/p>\n\n\n\n<h3 class=\"wp-block-heading\" id=\"h-ameliyat-sirasinda-neler-yapilir\">Ameliyat S\u0131ras\u0131nda Neler Yap\u0131l\u0131r?<\/h3>\n\n\n\n<p>Kol germe ameliyat\u0131nda:<\/p>\n\n\n\n<ul class=\"wp-block-list\">\n<li>\u00dcst koldaki fazla ya\u011f ve deri al\u0131n\u0131r.<\/li>\n\n\n\n<li>Kesiler, deri ve ya\u011f miktar\u0131na ba\u011fl\u0131 olarak kolun i\u00e7 veya arka k\u0131sm\u0131na yap\u0131l\u0131r.<\/li>\n\n\n\n<li>Kalan deri s\u0131k\u0131la\u015ft\u0131r\u0131l\u0131r ve daha p\u00fcr\u00fczs\u00fcz bir kol hatt\u0131 olu\u015fturmak i\u00e7in dikilir.<\/li>\n<\/ul>\n\n\n\n<h3 class=\"wp-block-heading\" id=\"h-kol-germe-kalici-sonuclar-saglar-mi\">Kol Germe Kal\u0131c\u0131 Sonu\u00e7lar Sa\u011flar m\u0131?<\/h3>\n\n\n\n<p>Evet, bu ameliyat genellikle kal\u0131c\u0131 sonu\u00e7lar sa\u011flar. Ancak sa\u011fl\u0131kl\u0131 bir ya\u015fam tarz\u0131 benimsemek ve kilo al\u0131m\u0131n\u0131 \u00f6nlemek \u00f6nemlidir.<\/p>\n\n\n\n<h2 class=\"wp-block-heading\" id=\"h-kaynaklar\">Kaynaklar:<\/h2>\n\n\n\n<p>Ko\u00e7 \u00dcniversitesi (Mayo Clinic T\u00fcrkiye) makalesi <a href=\"https:\/\/www.kuh.ku.edu.tr\/merkezlerimiz\/estetik-cerrahi-ve-kozmetik-dermatoloji\/estetik-plastik-cerrahi-uygulamalari\">link<\/a><\/p>\n","protected":false},"excerpt":{"rendered":"<p>Kol Germe Ameliyat\u0131 Nedir? Kol germe ameliyat\u0131, \u00fcst kolda sarkm\u0131\u015f ve gev\u015femi\u015f deriyi s\u0131k\u0131la\u015ft\u0131rmak ve toparlamak amac\u0131yla hem erkekler hem de kad\u0131nlar i\u00e7in yap\u0131lan bir prosed\u00fcrd\u00fcr. Kol Germe Ameliyat\u0131 A\u015famalar\u0131 Ameliyat \u00d6ncesi Ameliyat Sonras\u0131 Kol Germe Ameliyat\u0131 Riskleri Her t\u0131bbi i\u015flem gibi, kol germe ameliyat\u0131n\u0131n da baz\u0131 komplikasyonlar\u0131 olabilir. Bunlar \u015funlard\u0131r: Kimler Kol Germe \u0130\u00e7in&hellip;<\/p>\n","protected":false},"author":1,"featured_media":25265,"parent":0,"menu_order":10,"comment_status":"closed","ping_status":"closed","template":"","meta":{"footnotes":""},"class_list":["post-22059","page","type-page","status-publish","has-post-thumbnail","hentry","description-off"],"yoast_head":"<!-- This site is optimized with the Yoast SEO Premium plugin v27.3 (Yoast SEO v27.3) - https:\/\/yoast.com\/product\/yoast-seo-premium-wordpress\/ -->\n<title>Kol Germe | Estherian Clinic<\/title>\n<meta name=\"description\" content=\"Kol germe ameliyat\u0131, \u00fcst koldaki sark\u0131k deriyi s\u0131k\u0131la\u015ft\u0131rmak amac\u0131yla hem erkeklere hem de kad\u0131nlara uygulanabilen bir prosed\u00fcrd\u00fcr.\" \/>\n<meta name=\"robots\" content=\"index, follow, max-snippet:-1, max-image-preview:large, max-video-preview:-1\" \/>\n<link rel=\"canonical\" href=\"https:\/\/estherian.com\/tr\/kol-germe\/\" \/>\n<meta property=\"og:locale\" content=\"tr_TR\" \/>\n<meta property=\"og:type\" content=\"article\" \/>\n<meta property=\"og:title\" content=\"Kol Germe\" \/>\n<meta property=\"og:description\" content=\"Looks better with Estherian Clinic. Plastic Surgery, Dental treatments and more beautiful services!\" \/>\n<meta property=\"og:url\" content=\"https:\/\/estherian.com\/tr\/kol-germe\/\" \/>\n<meta property=\"og:site_name\" content=\"Estherian Clinic\" \/>\n<meta property=\"article:publisher\" content=\"https:\/\/www.facebook.com\/estherianclinic.en\" \/>\n<meta property=\"article:modified_time\" content=\"2025-01-30T20:28:22+00:00\" \/>\n<meta property=\"og:image\" content=\"https:\/\/estherian.com\/wp-content\/uploads\/armlift_turkey1920x1080.jpg\" \/>\n\t<meta property=\"og:image:width\" content=\"1920\" \/>\n\t<meta property=\"og:image:height\" content=\"1080\" \/>\n\t<meta property=\"og:image:type\" content=\"image\/jpeg\" \/>\n<meta name=\"twitter:card\" content=\"summary_large_image\" \/>\n<meta name=\"twitter:site\" content=\"@EstherianTr\" \/>\n<meta name=\"twitter:label1\" content=\"Tahmini okuma s\u00fcresi\" \/>\n\t<meta name=\"twitter:data1\" content=\"3 dakika\" \/>\n<script type=\"application\/ld+json\" class=\"yoast-schema-graph\">{\"@context\":\"https:\\\/\\\/schema.org\",\"@graph\":[{\"@type\":\"Article\",\"@id\":\"https:\\\/\\\/estherian.com\\\/tr\\\/kol-germe\\\/#article\",\"isPartOf\":{\"@id\":\"https:\\\/\\\/estherian.com\\\/tr\\\/kol-germe\\\/\"},\"author\":{\"name\":\"ferhatk\",\"@id\":\"https:\\\/\\\/estherian.com\\\/tr\\\/#\\\/schema\\\/person\\\/0b1452799c3700afbfcfd3a0f5e64732\"},\"headline\":\"Kol Germe\",\"datePublished\":\"2024-11-25T10:42:21+00:00\",\"dateModified\":\"2025-01-30T20:28:22+00:00\",\"mainEntityOfPage\":{\"@id\":\"https:\\\/\\\/estherian.com\\\/tr\\\/kol-germe\\\/\"},\"wordCount\":520,\"publisher\":{\"@id\":\"https:\\\/\\\/estherian.com\\\/tr\\\/#organization\"},\"image\":{\"@id\":\"https:\\\/\\\/estherian.com\\\/tr\\\/kol-germe\\\/#primaryimage\"},\"thumbnailUrl\":\"https:\\\/\\\/estherian.com\\\/wp-content\\\/uploads\\\/armlift_turkey1920x1080.jpg\",\"inLanguage\":\"tr\"},{\"@type\":\"WebPage\",\"@id\":\"https:\\\/\\\/estherian.com\\\/tr\\\/kol-germe\\\/\",\"url\":\"https:\\\/\\\/estherian.com\\\/tr\\\/kol-germe\\\/\",\"name\":\"Kol Germe | Estherian Clinic\",\"isPartOf\":{\"@id\":\"https:\\\/\\\/estherian.com\\\/tr\\\/#website\"},\"primaryImageOfPage\":{\"@id\":\"https:\\\/\\\/estherian.com\\\/tr\\\/kol-germe\\\/#primaryimage\"},\"image\":{\"@id\":\"https:\\\/\\\/estherian.com\\\/tr\\\/kol-germe\\\/#primaryimage\"},\"thumbnailUrl\":\"https:\\\/\\\/estherian.com\\\/wp-content\\\/uploads\\\/armlift_turkey1920x1080.jpg\",\"datePublished\":\"2024-11-25T10:42:21+00:00\",\"dateModified\":\"2025-01-30T20:28:22+00:00\",\"description\":\"Kol germe ameliyat\u0131, \u00fcst koldaki sark\u0131k deriyi s\u0131k\u0131la\u015ft\u0131rmak amac\u0131yla hem erkeklere hem de kad\u0131nlara uygulanabilen bir prosed\u00fcrd\u00fcr.\",\"breadcrumb\":{\"@id\":\"https:\\\/\\\/estherian.com\\\/tr\\\/kol-germe\\\/#breadcrumb\"},\"inLanguage\":\"tr\",\"potentialAction\":[{\"@type\":\"ReadAction\",\"target\":[\"https:\\\/\\\/estherian.com\\\/tr\\\/kol-germe\\\/\"]}]},{\"@type\":\"ImageObject\",\"inLanguage\":\"tr\",\"@id\":\"https:\\\/\\\/estherian.com\\\/tr\\\/kol-germe\\\/#primaryimage\",\"url\":\"https:\\\/\\\/estherian.com\\\/wp-content\\\/uploads\\\/armlift_turkey1920x1080.jpg\",\"contentUrl\":\"https:\\\/\\\/estherian.com\\\/wp-content\\\/uploads\\\/armlift_turkey1920x1080.jpg\",\"width\":1920,\"height\":1080},{\"@type\":\"BreadcrumbList\",\"@id\":\"https:\\\/\\\/estherian.com\\\/tr\\\/kol-germe\\\/#breadcrumb\",\"itemListElement\":[{\"@type\":\"ListItem\",\"position\":1,\"name\":\"Home\",\"item\":\"https:\\\/\\\/estherian.com\\\/tr\\\/\"},{\"@type\":\"ListItem\",\"position\":2,\"name\":\"Kol Germe\"}]},{\"@type\":\"WebSite\",\"@id\":\"https:\\\/\\\/estherian.com\\\/tr\\\/#website\",\"url\":\"https:\\\/\\\/estherian.com\\\/tr\\\/\",\"name\":\"Estherian Clinic\",\"description\":\"Plastic Surgery | Dental | Hair Transplant in Turkey\",\"publisher\":{\"@id\":\"https:\\\/\\\/estherian.com\\\/tr\\\/#organization\"},\"potentialAction\":[{\"@type\":\"SearchAction\",\"target\":{\"@type\":\"EntryPoint\",\"urlTemplate\":\"https:\\\/\\\/estherian.com\\\/tr\\\/?s={search_term_string}\"},\"query-input\":{\"@type\":\"PropertyValueSpecification\",\"valueRequired\":true,\"valueName\":\"search_term_string\"}}],\"inLanguage\":\"tr\"},{\"@type\":\"Organization\",\"@id\":\"https:\\\/\\\/estherian.com\\\/tr\\\/#organization\",\"name\":\"Estherian Clinic\",\"alternateName\":\"Estherian\",\"url\":\"https:\\\/\\\/estherian.com\\\/tr\\\/\",\"logo\":{\"@type\":\"ImageObject\",\"inLanguage\":\"tr\",\"@id\":\"https:\\\/\\\/estherian.com\\\/tr\\\/#\\\/schema\\\/logo\\\/image\\\/\",\"url\":\"https:\\\/\\\/estherian.com\\\/wp-content\\\/uploads\\\/2024\\\/10\\\/EstherianLogo.png\",\"contentUrl\":\"https:\\\/\\\/estherian.com\\\/wp-content\\\/uploads\\\/2024\\\/10\\\/EstherianLogo.png\",\"width\":882,\"height\":934,\"caption\":\"Estherian Clinic\"},\"image\":{\"@id\":\"https:\\\/\\\/estherian.com\\\/tr\\\/#\\\/schema\\\/logo\\\/image\\\/\"},\"sameAs\":[\"https:\\\/\\\/www.facebook.com\\\/estherianclinic.en\",\"https:\\\/\\\/x.com\\\/EstherianTr\",\"https:\\\/\\\/www.instagram.com\\\/estherianclinic\\\/\",\"https:\\\/\\\/www.tiktok.com\\\/@estherian.clinic\",\"https:\\\/\\\/www.youtube.com\\\/estherianclinic\"],\"email\":\"hi@estherian.com\",\"telephone\":\"+90-544-169-9000\",\"legalName\":\"ESTHERIAN CLINIC SA\u011eLIK H\u0130ZMETLER\u0130 SAN. T\u0130C. LTD. \u015eT\u0130.\",\"foundingDate\":\"2020-03-09\",\"vatID\":\"TR1601485625\",\"taxID\":\"1601485625\",\"numberOfEmployees\":{\"@type\":\"QuantitativeValue\",\"minValue\":\"51\",\"maxValue\":\"200\"},\"publishingPrinciples\":\"https:\\\/\\\/estherian.com\\\/tr\\\/sartlar-ve-kosullar\\\/\",\"actionableFeedbackPolicy\":\"https:\\\/\\\/estherian.com\\\/tr\\\/gizlilik-politikasi\\\/\",\"correctionsPolicy\":\"https:\\\/\\\/estherian.com\\\/tr\\\/gizlilik-politikasi\\\/\",\"ethicsPolicy\":\"https:\\\/\\\/estherian.com\\\/tr\\\/gizlilik-politikasi\\\/\",\"diversityPolicy\":\"https:\\\/\\\/estherian.com\\\/tr\\\/gizlilik-politikasi\\\/\",\"diversityStaffingReport\":\"https:\\\/\\\/estherian.com\\\/tr\\\/gizlilik-politikasi\\\/\"},{\"@type\":\"Person\",\"@id\":\"https:\\\/\\\/estherian.com\\\/tr\\\/#\\\/schema\\\/person\\\/0b1452799c3700afbfcfd3a0f5e64732\",\"name\":\"ferhatk\",\"image\":{\"@type\":\"ImageObject\",\"inLanguage\":\"tr\",\"@id\":\"https:\\\/\\\/secure.gravatar.com\\\/avatar\\\/5192156a410fa37c70ea8d4f0d01782533c470a75971ae114e5cd116be51ca05?s=96&d=mm&r=g\",\"url\":\"https:\\\/\\\/secure.gravatar.com\\\/avatar\\\/5192156a410fa37c70ea8d4f0d01782533c470a75971ae114e5cd116be51ca05?s=96&d=mm&r=g\",\"contentUrl\":\"https:\\\/\\\/secure.gravatar.com\\\/avatar\\\/5192156a410fa37c70ea8d4f0d01782533c470a75971ae114e5cd116be51ca05?s=96&d=mm&r=g\",\"caption\":\"ferhatk\"},\"sameAs\":[\"https:\\\/\\\/v2.estherian.com\"]}]}<\/script>\n<!-- \/ Yoast SEO Premium plugin. -->","yoast_head_json":{"title":"Kol Germe | Estherian Clinic","description":"Kol germe ameliyat\u0131, \u00fcst koldaki sark\u0131k deriyi s\u0131k\u0131la\u015ft\u0131rmak amac\u0131yla hem erkeklere hem de kad\u0131nlara uygulanabilen bir prosed\u00fcrd\u00fcr.","robots":{"index":"index","follow":"follow","max-snippet":"max-snippet:-1","max-image-preview":"max-image-preview:large","max-video-preview":"max-video-preview:-1"},"canonical":"https:\/\/estherian.com\/tr\/kol-germe\/","og_locale":"tr_TR","og_type":"article","og_title":"Kol Germe","og_description":"Looks better with Estherian Clinic. Plastic Surgery, Dental treatments and more beautiful services!","og_url":"https:\/\/estherian.com\/tr\/kol-germe\/","og_site_name":"Estherian Clinic","article_publisher":"https:\/\/www.facebook.com\/estherianclinic.en","article_modified_time":"2025-01-30T20:28:22+00:00","og_image":[{"width":1920,"height":1080,"url":"https:\/\/estherian.com\/wp-content\/uploads\/armlift_turkey1920x1080.jpg","type":"image\/jpeg"}],"twitter_card":"summary_large_image","twitter_site":"@EstherianTr","twitter_misc":{"Tahmini okuma s\u00fcresi":"3 dakika"},"schema":{"@context":"https:\/\/schema.org","@graph":[{"@type":"Article","@id":"https:\/\/estherian.com\/tr\/kol-germe\/#article","isPartOf":{"@id":"https:\/\/estherian.com\/tr\/kol-germe\/"},"author":{"name":"ferhatk","@id":"https:\/\/estherian.com\/tr\/#\/schema\/person\/0b1452799c3700afbfcfd3a0f5e64732"},"headline":"Kol Germe","datePublished":"2024-11-25T10:42:21+00:00","dateModified":"2025-01-30T20:28:22+00:00","mainEntityOfPage":{"@id":"https:\/\/estherian.com\/tr\/kol-germe\/"},"wordCount":520,"publisher":{"@id":"https:\/\/estherian.com\/tr\/#organization"},"image":{"@id":"https:\/\/estherian.com\/tr\/kol-germe\/#primaryimage"},"thumbnailUrl":"https:\/\/estherian.com\/wp-content\/uploads\/armlift_turkey1920x1080.jpg","inLanguage":"tr"},{"@type":"WebPage","@id":"https:\/\/estherian.com\/tr\/kol-germe\/","url":"https:\/\/estherian.com\/tr\/kol-germe\/","name":"Kol Germe | Estherian Clinic","isPartOf":{"@id":"https:\/\/estherian.com\/tr\/#website"},"primaryImageOfPage":{"@id":"https:\/\/estherian.com\/tr\/kol-germe\/#primaryimage"},"image":{"@id":"https:\/\/estherian.com\/tr\/kol-germe\/#primaryimage"},"thumbnailUrl":"https:\/\/estherian.com\/wp-content\/uploads\/armlift_turkey1920x1080.jpg","datePublished":"2024-11-25T10:42:21+00:00","dateModified":"2025-01-30T20:28:22+00:00","description":"Kol germe ameliyat\u0131, \u00fcst koldaki sark\u0131k deriyi s\u0131k\u0131la\u015ft\u0131rmak amac\u0131yla hem erkeklere hem de kad\u0131nlara uygulanabilen bir prosed\u00fcrd\u00fcr.","breadcrumb":{"@id":"https:\/\/estherian.com\/tr\/kol-germe\/#breadcrumb"},"inLanguage":"tr","potentialAction":[{"@type":"ReadAction","target":["https:\/\/estherian.com\/tr\/kol-germe\/"]}]},{"@type":"ImageObject","inLanguage":"tr","@id":"https:\/\/estherian.com\/tr\/kol-germe\/#primaryimage","url":"https:\/\/estherian.com\/wp-content\/uploads\/armlift_turkey1920x1080.jpg","contentUrl":"https:\/\/estherian.com\/wp-content\/uploads\/armlift_turkey1920x1080.jpg","width":1920,"height":1080},{"@type":"BreadcrumbList","@id":"https:\/\/estherian.com\/tr\/kol-germe\/#breadcrumb","itemListElement":[{"@type":"ListItem","position":1,"name":"Home","item":"https:\/\/estherian.com\/tr\/"},{"@type":"ListItem","position":2,"name":"Kol Germe"}]},{"@type":"WebSite","@id":"https:\/\/estherian.com\/tr\/#website","url":"https:\/\/estherian.com\/tr\/","name":"Estherian Clinic","description":"Plastic Surgery | Dental | Hair Transplant in Turkey","publisher":{"@id":"https:\/\/estherian.com\/tr\/#organization"},"potentialAction":[{"@type":"SearchAction","target":{"@type":"EntryPoint","urlTemplate":"https:\/\/estherian.com\/tr\/?s={search_term_string}"},"query-input":{"@type":"PropertyValueSpecification","valueRequired":true,"valueName":"search_term_string"}}],"inLanguage":"tr"},{"@type":"Organization","@id":"https:\/\/estherian.com\/tr\/#organization","name":"Estherian Clinic","alternateName":"Estherian","url":"https:\/\/estherian.com\/tr\/","logo":{"@type":"ImageObject","inLanguage":"tr","@id":"https:\/\/estherian.com\/tr\/#\/schema\/logo\/image\/","url":"https:\/\/estherian.com\/wp-content\/uploads\/2024\/10\/EstherianLogo.png","contentUrl":"https:\/\/estherian.com\/wp-content\/uploads\/2024\/10\/EstherianLogo.png","width":882,"height":934,"caption":"Estherian Clinic"},"image":{"@id":"https:\/\/estherian.com\/tr\/#\/schema\/logo\/image\/"},"sameAs":["https:\/\/www.facebook.com\/estherianclinic.en","https:\/\/x.com\/EstherianTr","https:\/\/www.instagram.com\/estherianclinic\/","https:\/\/www.tiktok.com\/@estherian.clinic","https:\/\/www.youtube.com\/estherianclinic"],"email":"hi@estherian.com","telephone":"+90-544-169-9000","legalName":"ESTHERIAN CLINIC SA\u011eLIK H\u0130ZMETLER\u0130 SAN. T\u0130C. LTD. \u015eT\u0130.","foundingDate":"2020-03-09","vatID":"TR1601485625","taxID":"1601485625","numberOfEmployees":{"@type":"QuantitativeValue","minValue":"51","maxValue":"200"},"publishingPrinciples":"https:\/\/estherian.com\/tr\/sartlar-ve-kosullar\/","actionableFeedbackPolicy":"https:\/\/estherian.com\/tr\/gizlilik-politikasi\/","correctionsPolicy":"https:\/\/estherian.com\/tr\/gizlilik-politikasi\/","ethicsPolicy":"https:\/\/estherian.com\/tr\/gizlilik-politikasi\/","diversityPolicy":"https:\/\/estherian.com\/tr\/gizlilik-politikasi\/","diversityStaffingReport":"https:\/\/estherian.com\/tr\/gizlilik-politikasi\/"},{"@type":"Person","@id":"https:\/\/estherian.com\/tr\/#\/schema\/person\/0b1452799c3700afbfcfd3a0f5e64732","name":"ferhatk","image":{"@type":"ImageObject","inLanguage":"tr","@id":"https:\/\/secure.gravatar.com\/avatar\/5192156a410fa37c70ea8d4f0d01782533c470a75971ae114e5cd116be51ca05?s=96&d=mm&r=g","url":"https:\/\/secure.gravatar.com\/avatar\/5192156a410fa37c70ea8d4f0d01782533c470a75971ae114e5cd116be51ca05?s=96&d=mm&r=g","contentUrl":"https:\/\/secure.gravatar.com\/avatar\/5192156a410fa37c70ea8d4f0d01782533c470a75971ae114e5cd116be51ca05?s=96&d=mm&r=g","caption":"ferhatk"},"sameAs":["https:\/\/v2.estherian.com"]}]}},"_links":{"self":[{"href":"https:\/\/estherian.com\/tr\/wp-json\/wp\/v2\/pages\/22059","targetHints":{"allow":["GET"]}}],"collection":[{"href":"https:\/\/estherian.com\/tr\/wp-json\/wp\/v2\/pages"}],"about":[{"href":"https:\/\/estherian.com\/tr\/wp-json\/wp\/v2\/types\/page"}],"author":[{"embeddable":true,"href":"https:\/\/estherian.com\/tr\/wp-json\/wp\/v2\/users\/1"}],"replies":[{"embeddable":true,"href":"https:\/\/estherian.com\/tr\/wp-json\/wp\/v2\/comments?post=22059"}],"version-history":[{"count":0,"href":"https:\/\/estherian.com\/tr\/wp-json\/wp\/v2\/pages\/22059\/revisions"}],"wp:featuredmedia":[{"embeddable":true,"href":"https:\/\/estherian.com\/tr\/wp-json\/wp\/v2\/media\/25265"}],"wp:attachment":[{"href":"https:\/\/estherian.com\/tr\/wp-json\/wp\/v2\/media?parent=22059"}],"curies":[{"name":"wp","href":"https:\/\/api.w.org\/{rel}","templated":true}]}}