{"id":22086,"date":"2024-11-25T14:13:04","date_gmt":"2024-11-25T11:13:04","guid":{"rendered":"https:\/\/v2.estherian.com\/?page_id=22086"},"modified":"2025-10-20T10:52:34","modified_gmt":"2025-10-20T07:52:34","slug":"kalca-buyutme","status":"publish","type":"page","link":"https:\/\/estherian.com\/tr\/kalca-buyutme\/","title":{"rendered":"Kal\u00e7a B\u00fcy\u00fctme"},"content":{"rendered":"\n<h2 class=\"wp-block-heading\" id=\"h-kalca-buyutme-butt-lift-ameliyati-nedir\"><strong>Kal\u00e7a B\u00fcy\u00fctme (Butt Lift) Ameliyat\u0131 Nedir?<\/strong><\/h2>\n\n\n\n<p>Kal\u00e7a silikon implantlar\u0131, kal\u00e7aya hacim kazand\u0131rmak ve \u015feklini geli\u015ftirmek amac\u0131yla cerrahi olarak yerle\u015ftirilen yapay cihazlard\u0131r.<\/p>\n\n\n\n<div class=\"wp-block-columns is-layout-flex wp-container-core-columns-is-layout-9d6595d7 wp-block-columns-is-layout-flex\">\n<div class=\"wp-block-column is-layout-flow wp-block-column-is-layout-flow\">\n<figure class=\"wp-block-image size-full\"><img decoding=\"async\" width=\"677\" height=\"658\" src=\"https:\/\/estherian.com\/wp-content\/uploads\/butt-implant-677x658-1.png\" alt=\"\" class=\"wp-image-23381\" srcset=\"https:\/\/estherian.com\/wp-content\/uploads\/butt-implant-677x658-1.png 677w, https:\/\/estherian.com\/wp-content\/uploads\/butt-implant-677x658-1-386x375.png 386w\" sizes=\"(max-width: 677px) 100vw, 677px\" \/><\/figure>\n<\/div>\n\n\n\n<div class=\"wp-block-column is-layout-flow wp-block-column-is-layout-flow\">\n<h2 class=\"wp-block-heading\" id=\"h-kalca-implanti-prosedurleri\"><strong>Kal\u00e7a \u0130mplant\u0131 Prosed\u00fcrleri<\/strong><\/h2>\n\n\n\n<h3 class=\"wp-block-heading\" id=\"h-ameliyat-oncesi\">Ameliyat \u00d6ncesi<\/h3>\n\n\n\n<p>Ameliyattan \u00f6nce cerrah, size mevcut se\u00e7enekleri tart\u0131\u015facak, gerekli testleri yapacak ve tavsiyelerde bulunacakt\u0131r.<\/p>\n\n\n\n<ul class=\"wp-block-list\">\n<li><strong>Aspirin<\/strong> veya anti-inflamatuar ila\u00e7lar gibi kanama riskini art\u0131ran ila\u00e7lar\u0131 b\u0131rakman\u0131z istenecektir.<\/li>\n\n\n\n<li><strong>Sigara i\u00e7iyorsan\u0131z<\/strong>, ameliyat \u00f6ncesinde b\u0131rakman\u0131z \u00f6nerilir.<\/li>\n<\/ul>\n<\/div>\n<\/div>\n\n\n\n<div class=\"wp-block-columns is-layout-flex wp-container-core-columns-is-layout-9d6595d7 wp-block-columns-is-layout-flex\">\n<div class=\"wp-block-column is-layout-flow wp-block-column-is-layout-flow\"><\/div>\n\n\n\n<div class=\"wp-block-column is-layout-flow wp-block-column-is-layout-flow\">\n<h3 class=\"wp-block-heading\" id=\"h-ameliyat-sonrasi\"><strong>Ameliyat Sonras\u0131<\/strong><\/h3>\n\n\n\n<ul class=\"wp-block-list\">\n<li>Cerrah, ameliyat sonras\u0131 <strong>kal\u00e7an\u0131z\u0131n \u00fczerine do\u011frudan oturmaman\u0131z<\/strong> ve s\u0131rt \u00fcst\u00fc yatmaktan ka\u00e7\u0131nman\u0131z gerekti\u011fini belirtecektir. Bunun yerine <strong>yan yatmak<\/strong> veya <strong>y\u00fcz\u00fcst\u00fc uyumak<\/strong> \u00f6nerilir.<\/li>\n\n\n\n<li>E\u011fer kal\u00e7an\u0131z\u0131n \u00fczerine oturman\u0131z gerekiyorsa, <strong>\u015fi\u015fme bir yast\u0131k<\/strong> veya <strong>donut yast\u0131k<\/strong> kullanman\u0131z gerekir.<\/li>\n\n\n\n<li><strong>Yo\u011fun spor aktivitelerinden<\/strong> ve a\u011f\u0131r darbeli hareketlerden ka\u00e7\u0131nmal\u0131s\u0131n\u0131z.<\/li>\n\n\n\n<li>\u0130mplant yerle\u015ftirme ve liposuction sonras\u0131nda olu\u015fan \u015fi\u015flikler tamamen normaldir.<\/li>\n<\/ul>\n\n\n\n<p>Ameliyattan hemen sonra daha yuvarlak ve dolgun bir kal\u00e7a ile iyile\u015ftirilmi\u015f bir g\u00f6vde g\u00f6r\u00fcn\u00fcm\u00fc fark edebilirsiniz. \u015ei\u015flikler azald\u0131k\u00e7a, <strong>saat cam\u0131 fig\u00fcr\u00fcn\u00fcz daha da belirginle\u015fecektir.<\/strong><\/p>\n<\/div>\n<\/div>\n\n\n\n<div class=\"wp-block-columns is-layout-flex wp-container-core-columns-is-layout-9d6595d7 wp-block-columns-is-layout-flex\">\n<div class=\"wp-block-column is-layout-flow wp-block-column-is-layout-flow\">\n<h2 class=\"wp-block-heading\" id=\"h-kimler-kalca-implanti-icin-uygundur\"><strong>Kimler Kal\u00e7a \u0130mplant\u0131 \u0130\u00e7in Uygundur?<\/strong><\/h2>\n\n\n\n<ul class=\"wp-block-list\">\n<li><strong>Genel sa\u011fl\u0131k durumu iyi olan bireyler.<\/strong><\/li>\n\n\n\n<li><strong>Ger\u00e7ek\u00e7i beklentilere sahip olanlar.<\/strong><\/li>\n\n\n\n<li>Kal\u00e7alar\u0131n\u0131n <strong>k\u00fc\u00e7\u00fck<\/strong> oldu\u011funu d\u00fc\u015f\u00fcnen ve bundan rahats\u0131zl\u0131k duyan ki\u015filer.<\/li>\n\n\n\n<li><strong>Asimetrik<\/strong> kal\u00e7a yap\u0131s\u0131na sahip olanlar.<\/li>\n<\/ul>\n\n\n\n<h3 class=\"wp-block-heading\" id=\"h-kalca-implanti-riskleri\"><strong>Kal\u00e7a \u0130mplant\u0131 Riskleri<\/strong><\/h3>\n\n\n\n<p>Her cerrahi i\u015flemde oldu\u011fu gibi, kal\u00e7a implant\u0131nda da baz\u0131 riskler bulunmaktad\u0131r:<\/p>\n\n\n\n<ul class=\"wp-block-list\">\n<li>Anestezi riskleri.<\/li>\n\n\n\n<li>Morluklar.<\/li>\n\n\n\n<li>Kal\u0131c\u0131 olabilecek cilt duyarl\u0131l\u0131\u011f\u0131 de\u011fi\u015fiklikleri.<\/li>\n\n\n\n<li>S\u0131v\u0131 birikimi.<\/li>\n\n\n\n<li>Yara iyile\u015fmesinde zay\u0131fl\u0131k.<\/li>\n\n\n\n<li>Deri sarkmas\u0131.<\/li>\n\n\n\n<li>\u015ei\u015flik.<\/li>\n\n\n\n<li>Asimetrik pigmentasyon.<\/li>\n\n\n\n<li>Kan damarlar\u0131, sinirler, akci\u011ferler ve kar\u0131n organlar\u0131nda komplikasyonlar.<\/li>\n\n\n\n<li>Kan p\u0131ht\u0131lar\u0131.<\/li>\n\n\n\n<li>Kardiyovask\u00fcler ve solunum problemleri.<\/li>\n<\/ul>\n<\/div>\n\n\n\n<div class=\"wp-block-column is-layout-flow wp-block-column-is-layout-flow\">\n<figure class=\"wp-block-image size-full\"><img decoding=\"async\" width=\"558\" height=\"800\" src=\"https:\/\/estherian.com\/wp-content\/uploads\/butt-implant-estherian-1.png\" alt=\"\" class=\"wp-image-23394\" title=\"butt-implant-estherian\" srcset=\"https:\/\/estherian.com\/wp-content\/uploads\/butt-implant-estherian-1.png 558w, https:\/\/estherian.com\/wp-content\/uploads\/butt-implant-estherian-1-269x386.png 269w\" sizes=\"(max-width: 558px) 100vw, 558px\" \/><\/figure>\n<\/div>\n<\/div>\n\n\n\n<h2 class=\"wp-block-heading\" id=\"h-kalca-implanti-icin-plastik-cerrah-secimi-nasil-yapilmalidir\"><strong>Kal\u00e7a \u0130mplant\u0131 \u0130\u00e7in Plastik Cerrah Se\u00e7imi Nas\u0131l Yap\u0131lmal\u0131d\u0131r?<\/strong><\/h2>\n\n\n\n<p>Cerrah\u0131n t\u0131p fak\u00fcltesinden mezun olduktan sonra <strong>en az 6 y\u0131ll\u0131k deneyime<\/strong> sahip oldu\u011fundan emin olun. Ayr\u0131ca, <strong>akredite bir t\u0131p fak\u00fcltesinden mezun<\/strong> olmal\u0131d\u0131r.<\/p>\n\n\n\n<h2 class=\"wp-block-heading\" id=\"h-kalca-implanti-ameliyati-fiyatlari\">Kal\u00e7a \u0130mplant\u0131 Ameliyat\u0131 Fiyatlar\u0131<\/h2>\n\n\n\n<p>Kal\u00e7a implant\u0131 ameliyat\u0131n\u0131n fiyat\u0131, kullan\u0131lan tekni\u011fe ve ya\u011f al\u0131m\u0131 yap\u0131lacak alanlara g\u00f6re hastadan hastaya farkl\u0131l\u0131k g\u00f6sterir. Ameliyat ba\u015fka i\u015flemlerle birle\u015ftirildi\u011finde de fiyat de\u011fi\u015febilir. <strong>Net bir fiyat bilgisi<\/strong> almak i\u00e7in t\u0131bbi dan\u0131\u015fma gereklidir. \u00dccretsiz dan\u0131\u015fma i\u00e7in bizimle ileti\u015fime ge\u00e7ebilirsiniz.<\/p>\n\n\n\n<h2 class=\"wp-block-heading\" id=\"h-kalca-implanti-ile-ilgili-sikca-sorulan-sorular\">Kal\u00e7a \u0130mplant\u0131 ile \u0130lgili S\u0131k\u00e7a Sorulan Sorular<\/h2>\n\n\n\n<h3 class=\"wp-block-heading\" id=\"h-kalca-implanti-ameliyatindan-sonra-gunluk-aktivitelerime-ne-zaman-donebilirim\">Kal\u00e7a implant\u0131 ameliyat\u0131ndan sonra g\u00fcnl\u00fck aktivitelerime ne zaman d\u00f6nebilirim?<\/h3>\n\n\n\n<p>Ameliyattan sonraki ilk 2-4 hafta i\u00e7erisinde hafif aktiviteler yapabilirsiniz. Ancak, a\u011f\u0131r egzersiz ve yo\u011fun fiziksel aktiviteler i\u00e7in genellikle 6-8 hafta beklemeniz \u00f6nerilir.<\/p>\n\n\n\n<h3 class=\"wp-block-heading\" id=\"h-kalca-implantlarinin-dayanikliligi-ne-kadardir\">Kal\u00e7a implantlar\u0131n\u0131n dayan\u0131kl\u0131l\u0131\u011f\u0131 ne kadard\u0131r?<\/h3>\n\n\n\n<p>Kal\u00e7a implantlar\u0131 genellikle uzun \u00f6m\u00fcrl\u00fcd\u00fcr ve y\u0131llarca dayanabilir. Ancak, zamanla do\u011fal ya\u015flanma s\u00fcreci veya di\u011fer fakt\u00f6rlere ba\u011fl\u0131 olarak de\u011fi\u015fiklikler meydana gelebilir. D\u00fczenli kontroller \u00f6nerilir.<\/p>\n\n\n\n<h3 class=\"wp-block-heading\" id=\"h-ameliyat-sonrasi-agri-hisseder-miyim\">Ameliyat sonras\u0131 a\u011fr\u0131 hisseder miyim?<\/h3>\n\n\n\n<p>Ameliyat sonras\u0131 ilk birka\u00e7 g\u00fcn hafif ila orta derecede a\u011fr\u0131 hissedebilirsiniz. Bu a\u011fr\u0131 genellikle re\u00e7ete edilen a\u011fr\u0131 kesicilerle kontrol alt\u0131na al\u0131nabilir.<\/p>\n\n\n\n<h2 class=\"wp-block-heading\" id=\"h-kalca-protezi-oncesi-ve-sonrasi-sonuclari-gluteal-buyutme-galerisi\">Kal\u00e7a Protezi \u00d6ncesi ve Sonras\u0131 Sonu\u00e7lar\u0131 | Gluteal B\u00fcy\u00fctme Galerisi<\/h2>\n\n\n\n<div class=\"wp-block-estherian-gallery\"><div id=\"estherian-gallery-wcd21lg\" class=\"estherian-gallery elastic-width\" data-slides-to-show=\"3\" data-mobile-slides-to-show=\"1\" data-autoplay=\"false\" data-autoplay-speed=\"3000\" data-show-arrows=\"true\" data-show-dots=\"true\" data-border-radius=\"20\" data-elastic-width=\"true\" data-fixed-height=\"300\" data-bottom-crop=\"0\"><div class=\"gallery-container\"><div class=\"gallery-slide\"><img decoding=\"async\" src=\"https:\/\/estherian.com\/wp-content\/uploads\/2025\/09\/BUTT-IMPLANT-Butt-implant-v2-double1-1.jpg\" alt=\"\" style=\"border-radius:20px;height:300px;width:auto\"\/><\/div><div class=\"gallery-slide\"><img decoding=\"async\" src=\"https:\/\/estherian.com\/wp-content\/uploads\/2025\/09\/BUTT-IMPLANT-Butt-implant-double1-1.jpg\" alt=\"\" style=\"border-radius:20px;height:300px;width:auto\"\/><\/div><div class=\"gallery-slide\"><img decoding=\"async\" src=\"https:\/\/estherian.com\/wp-content\/uploads\/2025\/09\/BUTT-IMPLANT-3-1.jpg\" alt=\"\" style=\"border-radius:20px;height:300px;width:auto\"\/><\/div><div class=\"gallery-slide\"><img decoding=\"async\" src=\"https:\/\/estherian.com\/wp-content\/uploads\/2025\/09\/BUTT-IMPLANT-F4-1.jpg\" alt=\"\" style=\"border-radius:20px;height:300px;width:auto\"\/><\/div><div class=\"gallery-slide\"><img decoding=\"async\" src=\"https:\/\/estherian.com\/wp-content\/uploads\/2025\/09\/TAMARA-MAHMOOD-ALI-Ec-Logo-1.jpg\" alt=\"\" style=\"border-radius:20px;height:300px;width:auto\"\/><\/div><div class=\"gallery-slide\"><img decoding=\"async\" src=\"https:\/\/estherian.com\/wp-content\/uploads\/2025\/09\/TAMARA-MAHMOOD-ALI2-Ec-Logo-1.jpg\" alt=\"\" style=\"border-radius:20px;height:300px;width:auto\"\/><\/div><div class=\"gallery-slide\"><img decoding=\"async\" src=\"https:\/\/estherian.com\/wp-content\/uploads\/2025\/09\/BUTT-IMPLANT-F3-1.jpg\" alt=\"\" style=\"border-radius:20px;height:300px;width:auto\"\/><\/div><div class=\"gallery-slide\"><img decoding=\"async\" src=\"https:\/\/estherian.com\/wp-content\/uploads\/2025\/09\/BUTT-IMPLANT-F2-1.jpg\" alt=\"\" style=\"border-radius:20px;height:300px;width:auto\"\/><\/div><div class=\"gallery-slide\"><img decoding=\"async\" src=\"https:\/\/estherian.com\/wp-content\/uploads\/2025\/09\/BUTT-IMPLANT-F1-1.jpg\" alt=\"\" style=\"border-radius:20px;height:300px;width:auto\"\/><\/div><div class=\"gallery-slide\"><img decoding=\"async\" src=\"https:\/\/estherian.com\/wp-content\/uploads\/2025\/09\/BUTT-IMPLANT-4.jpg\" alt=\"\" style=\"border-radius:20px;height:300px;width:auto\"\/><\/div><div class=\"gallery-slide\"><img decoding=\"async\" src=\"https:\/\/estherian.com\/wp-content\/uploads\/2025\/09\/BUTT-IMPLANT-1.jpg\" alt=\"\" style=\"border-radius:20px;height:300px;width:auto\"\/><\/div><\/div><div class=\"gallery-nav\"><button class=\"prev\" aria-label=\"Previous\">\u276e<\/button><button class=\"next\" aria-label=\"Next\">\u276f<\/button><\/div><div class=\"gallery-dots\"><span class=\"dot active\"><\/span><span class=\"dot\"><\/span><span class=\"dot\"><\/span><span class=\"dot\"><\/span><span class=\"dot\"><\/span><span class=\"dot\"><\/span><span class=\"dot\"><\/span><span class=\"dot\"><\/span><span class=\"dot\"><\/span><span class=\"dot\"><\/span><span class=\"dot\"><\/span><\/div><\/div><\/div>\n","protected":false},"excerpt":{"rendered":"<p>Kal\u00e7a B\u00fcy\u00fctme (Butt Lift) Ameliyat\u0131 Nedir? Kal\u00e7a silikon implantlar\u0131, kal\u00e7aya hacim kazand\u0131rmak ve \u015feklini geli\u015ftirmek amac\u0131yla cerrahi olarak yerle\u015ftirilen yapay cihazlard\u0131r. Kal\u00e7a \u0130mplant\u0131 Prosed\u00fcrleri Ameliyat \u00d6ncesi Ameliyattan \u00f6nce cerrah, size mevcut se\u00e7enekleri tart\u0131\u015facak, gerekli testleri yapacak ve tavsiyelerde bulunacakt\u0131r. Ameliyat Sonras\u0131 Ameliyattan hemen sonra daha yuvarlak ve dolgun bir kal\u00e7a ile iyile\u015ftirilmi\u015f bir g\u00f6vde g\u00f6r\u00fcn\u00fcm\u00fc&hellip;<\/p>\n","protected":false},"author":1,"featured_media":28586,"parent":0,"menu_order":10,"comment_status":"closed","ping_status":"closed","template":"","meta":{"footnotes":""},"class_list":["post-22086","page","type-page","status-publish","has-post-thumbnail","hentry","description-off"],"yoast_head":"<!-- This site is optimized with the Yoast SEO Premium plugin v27.3 (Yoast SEO v27.3) - https:\/\/yoast.com\/product\/yoast-seo-premium-wordpress\/ -->\n<title>Kal\u00e7a B\u00fcy\u00fctme | Estherian Clinic<\/title>\n<meta name=\"robots\" content=\"index, follow, max-snippet:-1, max-image-preview:large, max-video-preview:-1\" \/>\n<link rel=\"canonical\" href=\"https:\/\/estherian.com\/tr\/kalca-buyutme\/\" \/>\n<meta property=\"og:locale\" content=\"tr_TR\" \/>\n<meta property=\"og:type\" content=\"article\" \/>\n<meta property=\"og:title\" content=\"Kal\u00e7a B\u00fcy\u00fctme\" \/>\n<meta property=\"og:description\" content=\"Looks better with Estherian Clinic. Plastic Surgery, Dental treatments and more beautiful services!\" \/>\n<meta property=\"og:url\" content=\"https:\/\/estherian.com\/tr\/kalca-buyutme\/\" \/>\n<meta property=\"og:site_name\" content=\"Estherian Clinic\" \/>\n<meta property=\"article:publisher\" content=\"https:\/\/www.facebook.com\/estherianclinic.en\" \/>\n<meta property=\"article:modified_time\" content=\"2025-10-20T07:52:34+00:00\" \/>\n<meta property=\"og:image\" content=\"https:\/\/estherian.com\/wp-content\/uploads\/skinny_bbl_in_turkey_1920x1080-1.jpg\" \/>\n\t<meta property=\"og:image:width\" content=\"1920\" \/>\n\t<meta property=\"og:image:height\" content=\"1080\" \/>\n\t<meta property=\"og:image:type\" content=\"image\/jpeg\" \/>\n<meta name=\"twitter:card\" content=\"summary_large_image\" \/>\n<meta name=\"twitter:site\" content=\"@EstherianTr\" \/>\n<meta name=\"twitter:label1\" content=\"Tahmini okuma s\u00fcresi\" \/>\n\t<meta name=\"twitter:data1\" content=\"5 dakika\" \/>\n<script type=\"application\/ld+json\" class=\"yoast-schema-graph\">{\"@context\":\"https:\\\/\\\/schema.org\",\"@graph\":[{\"@type\":\"Article\",\"@id\":\"https:\\\/\\\/estherian.com\\\/tr\\\/kalca-buyutme\\\/#article\",\"isPartOf\":{\"@id\":\"https:\\\/\\\/estherian.com\\\/tr\\\/kalca-buyutme\\\/\"},\"author\":{\"name\":\"ferhatk\",\"@id\":\"https:\\\/\\\/estherian.com\\\/tr\\\/#\\\/schema\\\/person\\\/0b1452799c3700afbfcfd3a0f5e64732\"},\"headline\":\"Kal\u00e7a B\u00fcy\u00fctme\",\"datePublished\":\"2024-11-25T11:13:04+00:00\",\"dateModified\":\"2025-10-20T07:52:34+00:00\",\"mainEntityOfPage\":{\"@id\":\"https:\\\/\\\/estherian.com\\\/tr\\\/kalca-buyutme\\\/\"},\"wordCount\":578,\"publisher\":{\"@id\":\"https:\\\/\\\/estherian.com\\\/tr\\\/#organization\"},\"image\":{\"@id\":\"https:\\\/\\\/estherian.com\\\/tr\\\/kalca-buyutme\\\/#primaryimage\"},\"thumbnailUrl\":\"https:\\\/\\\/estherian.com\\\/wp-content\\\/uploads\\\/skinny_bbl_in_turkey_1920x1080-1.jpg\",\"inLanguage\":\"tr\"},{\"@type\":\"WebPage\",\"@id\":\"https:\\\/\\\/estherian.com\\\/tr\\\/kalca-buyutme\\\/\",\"url\":\"https:\\\/\\\/estherian.com\\\/tr\\\/kalca-buyutme\\\/\",\"name\":\"Kal\u00e7a B\u00fcy\u00fctme | Estherian Clinic\",\"isPartOf\":{\"@id\":\"https:\\\/\\\/estherian.com\\\/tr\\\/#website\"},\"primaryImageOfPage\":{\"@id\":\"https:\\\/\\\/estherian.com\\\/tr\\\/kalca-buyutme\\\/#primaryimage\"},\"image\":{\"@id\":\"https:\\\/\\\/estherian.com\\\/tr\\\/kalca-buyutme\\\/#primaryimage\"},\"thumbnailUrl\":\"https:\\\/\\\/estherian.com\\\/wp-content\\\/uploads\\\/skinny_bbl_in_turkey_1920x1080-1.jpg\",\"datePublished\":\"2024-11-25T11:13:04+00:00\",\"dateModified\":\"2025-10-20T07:52:34+00:00\",\"breadcrumb\":{\"@id\":\"https:\\\/\\\/estherian.com\\\/tr\\\/kalca-buyutme\\\/#breadcrumb\"},\"inLanguage\":\"tr\",\"potentialAction\":[{\"@type\":\"ReadAction\",\"target\":[\"https:\\\/\\\/estherian.com\\\/tr\\\/kalca-buyutme\\\/\"]}]},{\"@type\":\"ImageObject\",\"inLanguage\":\"tr\",\"@id\":\"https:\\\/\\\/estherian.com\\\/tr\\\/kalca-buyutme\\\/#primaryimage\",\"url\":\"https:\\\/\\\/estherian.com\\\/wp-content\\\/uploads\\\/skinny_bbl_in_turkey_1920x1080-1.jpg\",\"contentUrl\":\"https:\\\/\\\/estherian.com\\\/wp-content\\\/uploads\\\/skinny_bbl_in_turkey_1920x1080-1.jpg\",\"width\":1920,\"height\":1080},{\"@type\":\"BreadcrumbList\",\"@id\":\"https:\\\/\\\/estherian.com\\\/tr\\\/kalca-buyutme\\\/#breadcrumb\",\"itemListElement\":[{\"@type\":\"ListItem\",\"position\":1,\"name\":\"Home\",\"item\":\"https:\\\/\\\/estherian.com\\\/tr\\\/\"},{\"@type\":\"ListItem\",\"position\":2,\"name\":\"Kal\u00e7a B\u00fcy\u00fctme\"}]},{\"@type\":\"WebSite\",\"@id\":\"https:\\\/\\\/estherian.com\\\/tr\\\/#website\",\"url\":\"https:\\\/\\\/estherian.com\\\/tr\\\/\",\"name\":\"Estherian Clinic\",\"description\":\"Plastic Surgery | Dental | Hair Transplant in Turkey\",\"publisher\":{\"@id\":\"https:\\\/\\\/estherian.com\\\/tr\\\/#organization\"},\"potentialAction\":[{\"@type\":\"SearchAction\",\"target\":{\"@type\":\"EntryPoint\",\"urlTemplate\":\"https:\\\/\\\/estherian.com\\\/tr\\\/?s={search_term_string}\"},\"query-input\":{\"@type\":\"PropertyValueSpecification\",\"valueRequired\":true,\"valueName\":\"search_term_string\"}}],\"inLanguage\":\"tr\"},{\"@type\":\"Organization\",\"@id\":\"https:\\\/\\\/estherian.com\\\/tr\\\/#organization\",\"name\":\"Estherian Clinic\",\"alternateName\":\"Estherian\",\"url\":\"https:\\\/\\\/estherian.com\\\/tr\\\/\",\"logo\":{\"@type\":\"ImageObject\",\"inLanguage\":\"tr\",\"@id\":\"https:\\\/\\\/estherian.com\\\/tr\\\/#\\\/schema\\\/logo\\\/image\\\/\",\"url\":\"https:\\\/\\\/estherian.com\\\/wp-content\\\/uploads\\\/2024\\\/10\\\/EstherianLogo.png\",\"contentUrl\":\"https:\\\/\\\/estherian.com\\\/wp-content\\\/uploads\\\/2024\\\/10\\\/EstherianLogo.png\",\"width\":882,\"height\":934,\"caption\":\"Estherian Clinic\"},\"image\":{\"@id\":\"https:\\\/\\\/estherian.com\\\/tr\\\/#\\\/schema\\\/logo\\\/image\\\/\"},\"sameAs\":[\"https:\\\/\\\/www.facebook.com\\\/estherianclinic.en\",\"https:\\\/\\\/x.com\\\/EstherianTr\",\"https:\\\/\\\/www.instagram.com\\\/estherianclinic\\\/\",\"https:\\\/\\\/www.tiktok.com\\\/@estherian.clinic\",\"https:\\\/\\\/www.youtube.com\\\/estherianclinic\"],\"email\":\"hi@estherian.com\",\"telephone\":\"+90-544-169-9000\",\"legalName\":\"ESTHERIAN CLINIC SA\u011eLIK H\u0130ZMETLER\u0130 SAN. T\u0130C. LTD. \u015eT\u0130.\",\"foundingDate\":\"2020-03-09\",\"vatID\":\"TR1601485625\",\"taxID\":\"1601485625\",\"numberOfEmployees\":{\"@type\":\"QuantitativeValue\",\"minValue\":\"51\",\"maxValue\":\"200\"},\"publishingPrinciples\":\"https:\\\/\\\/estherian.com\\\/tr\\\/sartlar-ve-kosullar\\\/\",\"actionableFeedbackPolicy\":\"https:\\\/\\\/estherian.com\\\/tr\\\/gizlilik-politikasi\\\/\",\"correctionsPolicy\":\"https:\\\/\\\/estherian.com\\\/tr\\\/gizlilik-politikasi\\\/\",\"ethicsPolicy\":\"https:\\\/\\\/estherian.com\\\/tr\\\/gizlilik-politikasi\\\/\",\"diversityPolicy\":\"https:\\\/\\\/estherian.com\\\/tr\\\/gizlilik-politikasi\\\/\",\"diversityStaffingReport\":\"https:\\\/\\\/estherian.com\\\/tr\\\/gizlilik-politikasi\\\/\"},{\"@type\":\"Person\",\"@id\":\"https:\\\/\\\/estherian.com\\\/tr\\\/#\\\/schema\\\/person\\\/0b1452799c3700afbfcfd3a0f5e64732\",\"name\":\"ferhatk\",\"image\":{\"@type\":\"ImageObject\",\"inLanguage\":\"tr\",\"@id\":\"https:\\\/\\\/secure.gravatar.com\\\/avatar\\\/5192156a410fa37c70ea8d4f0d01782533c470a75971ae114e5cd116be51ca05?s=96&d=mm&r=g\",\"url\":\"https:\\\/\\\/secure.gravatar.com\\\/avatar\\\/5192156a410fa37c70ea8d4f0d01782533c470a75971ae114e5cd116be51ca05?s=96&d=mm&r=g\",\"contentUrl\":\"https:\\\/\\\/secure.gravatar.com\\\/avatar\\\/5192156a410fa37c70ea8d4f0d01782533c470a75971ae114e5cd116be51ca05?s=96&d=mm&r=g\",\"caption\":\"ferhatk\"},\"sameAs\":[\"https:\\\/\\\/v2.estherian.com\"]}]}<\/script>\n<!-- \/ Yoast SEO Premium plugin. -->","yoast_head_json":{"title":"Kal\u00e7a B\u00fcy\u00fctme | Estherian Clinic","robots":{"index":"index","follow":"follow","max-snippet":"max-snippet:-1","max-image-preview":"max-image-preview:large","max-video-preview":"max-video-preview:-1"},"canonical":"https:\/\/estherian.com\/tr\/kalca-buyutme\/","og_locale":"tr_TR","og_type":"article","og_title":"Kal\u00e7a B\u00fcy\u00fctme","og_description":"Looks better with Estherian Clinic. Plastic Surgery, Dental treatments and more beautiful services!","og_url":"https:\/\/estherian.com\/tr\/kalca-buyutme\/","og_site_name":"Estherian Clinic","article_publisher":"https:\/\/www.facebook.com\/estherianclinic.en","article_modified_time":"2025-10-20T07:52:34+00:00","og_image":[{"width":1920,"height":1080,"url":"https:\/\/estherian.com\/wp-content\/uploads\/skinny_bbl_in_turkey_1920x1080-1.jpg","type":"image\/jpeg"}],"twitter_card":"summary_large_image","twitter_site":"@EstherianTr","twitter_misc":{"Tahmini okuma s\u00fcresi":"5 dakika"},"schema":{"@context":"https:\/\/schema.org","@graph":[{"@type":"Article","@id":"https:\/\/estherian.com\/tr\/kalca-buyutme\/#article","isPartOf":{"@id":"https:\/\/estherian.com\/tr\/kalca-buyutme\/"},"author":{"name":"ferhatk","@id":"https:\/\/estherian.com\/tr\/#\/schema\/person\/0b1452799c3700afbfcfd3a0f5e64732"},"headline":"Kal\u00e7a B\u00fcy\u00fctme","datePublished":"2024-11-25T11:13:04+00:00","dateModified":"2025-10-20T07:52:34+00:00","mainEntityOfPage":{"@id":"https:\/\/estherian.com\/tr\/kalca-buyutme\/"},"wordCount":578,"publisher":{"@id":"https:\/\/estherian.com\/tr\/#organization"},"image":{"@id":"https:\/\/estherian.com\/tr\/kalca-buyutme\/#primaryimage"},"thumbnailUrl":"https:\/\/estherian.com\/wp-content\/uploads\/skinny_bbl_in_turkey_1920x1080-1.jpg","inLanguage":"tr"},{"@type":"WebPage","@id":"https:\/\/estherian.com\/tr\/kalca-buyutme\/","url":"https:\/\/estherian.com\/tr\/kalca-buyutme\/","name":"Kal\u00e7a B\u00fcy\u00fctme | Estherian Clinic","isPartOf":{"@id":"https:\/\/estherian.com\/tr\/#website"},"primaryImageOfPage":{"@id":"https:\/\/estherian.com\/tr\/kalca-buyutme\/#primaryimage"},"image":{"@id":"https:\/\/estherian.com\/tr\/kalca-buyutme\/#primaryimage"},"thumbnailUrl":"https:\/\/estherian.com\/wp-content\/uploads\/skinny_bbl_in_turkey_1920x1080-1.jpg","datePublished":"2024-11-25T11:13:04+00:00","dateModified":"2025-10-20T07:52:34+00:00","breadcrumb":{"@id":"https:\/\/estherian.com\/tr\/kalca-buyutme\/#breadcrumb"},"inLanguage":"tr","potentialAction":[{"@type":"ReadAction","target":["https:\/\/estherian.com\/tr\/kalca-buyutme\/"]}]},{"@type":"ImageObject","inLanguage":"tr","@id":"https:\/\/estherian.com\/tr\/kalca-buyutme\/#primaryimage","url":"https:\/\/estherian.com\/wp-content\/uploads\/skinny_bbl_in_turkey_1920x1080-1.jpg","contentUrl":"https:\/\/estherian.com\/wp-content\/uploads\/skinny_bbl_in_turkey_1920x1080-1.jpg","width":1920,"height":1080},{"@type":"BreadcrumbList","@id":"https:\/\/estherian.com\/tr\/kalca-buyutme\/#breadcrumb","itemListElement":[{"@type":"ListItem","position":1,"name":"Home","item":"https:\/\/estherian.com\/tr\/"},{"@type":"ListItem","position":2,"name":"Kal\u00e7a B\u00fcy\u00fctme"}]},{"@type":"WebSite","@id":"https:\/\/estherian.com\/tr\/#website","url":"https:\/\/estherian.com\/tr\/","name":"Estherian Clinic","description":"Plastic Surgery | Dental | Hair Transplant in Turkey","publisher":{"@id":"https:\/\/estherian.com\/tr\/#organization"},"potentialAction":[{"@type":"SearchAction","target":{"@type":"EntryPoint","urlTemplate":"https:\/\/estherian.com\/tr\/?s={search_term_string}"},"query-input":{"@type":"PropertyValueSpecification","valueRequired":true,"valueName":"search_term_string"}}],"inLanguage":"tr"},{"@type":"Organization","@id":"https:\/\/estherian.com\/tr\/#organization","name":"Estherian Clinic","alternateName":"Estherian","url":"https:\/\/estherian.com\/tr\/","logo":{"@type":"ImageObject","inLanguage":"tr","@id":"https:\/\/estherian.com\/tr\/#\/schema\/logo\/image\/","url":"https:\/\/estherian.com\/wp-content\/uploads\/2024\/10\/EstherianLogo.png","contentUrl":"https:\/\/estherian.com\/wp-content\/uploads\/2024\/10\/EstherianLogo.png","width":882,"height":934,"caption":"Estherian Clinic"},"image":{"@id":"https:\/\/estherian.com\/tr\/#\/schema\/logo\/image\/"},"sameAs":["https:\/\/www.facebook.com\/estherianclinic.en","https:\/\/x.com\/EstherianTr","https:\/\/www.instagram.com\/estherianclinic\/","https:\/\/www.tiktok.com\/@estherian.clinic","https:\/\/www.youtube.com\/estherianclinic"],"email":"hi@estherian.com","telephone":"+90-544-169-9000","legalName":"ESTHERIAN CLINIC SA\u011eLIK H\u0130ZMETLER\u0130 SAN. T\u0130C. LTD. \u015eT\u0130.","foundingDate":"2020-03-09","vatID":"TR1601485625","taxID":"1601485625","numberOfEmployees":{"@type":"QuantitativeValue","minValue":"51","maxValue":"200"},"publishingPrinciples":"https:\/\/estherian.com\/tr\/sartlar-ve-kosullar\/","actionableFeedbackPolicy":"https:\/\/estherian.com\/tr\/gizlilik-politikasi\/","correctionsPolicy":"https:\/\/estherian.com\/tr\/gizlilik-politikasi\/","ethicsPolicy":"https:\/\/estherian.com\/tr\/gizlilik-politikasi\/","diversityPolicy":"https:\/\/estherian.com\/tr\/gizlilik-politikasi\/","diversityStaffingReport":"https:\/\/estherian.com\/tr\/gizlilik-politikasi\/"},{"@type":"Person","@id":"https:\/\/estherian.com\/tr\/#\/schema\/person\/0b1452799c3700afbfcfd3a0f5e64732","name":"ferhatk","image":{"@type":"ImageObject","inLanguage":"tr","@id":"https:\/\/secure.gravatar.com\/avatar\/5192156a410fa37c70ea8d4f0d01782533c470a75971ae114e5cd116be51ca05?s=96&d=mm&r=g","url":"https:\/\/secure.gravatar.com\/avatar\/5192156a410fa37c70ea8d4f0d01782533c470a75971ae114e5cd116be51ca05?s=96&d=mm&r=g","contentUrl":"https:\/\/secure.gravatar.com\/avatar\/5192156a410fa37c70ea8d4f0d01782533c470a75971ae114e5cd116be51ca05?s=96&d=mm&r=g","caption":"ferhatk"},"sameAs":["https:\/\/v2.estherian.com"]}]}},"_links":{"self":[{"href":"https:\/\/estherian.com\/tr\/wp-json\/wp\/v2\/pages\/22086","targetHints":{"allow":["GET"]}}],"collection":[{"href":"https:\/\/estherian.com\/tr\/wp-json\/wp\/v2\/pages"}],"about":[{"href":"https:\/\/estherian.com\/tr\/wp-json\/wp\/v2\/types\/page"}],"author":[{"embeddable":true,"href":"https:\/\/estherian.com\/tr\/wp-json\/wp\/v2\/users\/1"}],"replies":[{"embeddable":true,"href":"https:\/\/estherian.com\/tr\/wp-json\/wp\/v2\/comments?post=22086"}],"version-history":[{"count":0,"href":"https:\/\/estherian.com\/tr\/wp-json\/wp\/v2\/pages\/22086\/revisions"}],"wp:featuredmedia":[{"embeddable":true,"href":"https:\/\/estherian.com\/tr\/wp-json\/wp\/v2\/media\/28586"}],"wp:attachment":[{"href":"https:\/\/estherian.com\/tr\/wp-json\/wp\/v2\/media?parent=22086"}],"curies":[{"name":"wp","href":"https:\/\/api.w.org\/{rel}","templated":true}]}}