{"id":22118,"date":"2024-11-27T06:56:32","date_gmt":"2024-11-27T03:56:32","guid":{"rendered":"https:\/\/v2.estherian.com\/?page_id=22118"},"modified":"2026-04-03T12:17:37","modified_gmt":"2026-04-03T09:17:37","slug":"dis-implantlari","status":"publish","type":"page","link":"https:\/\/estherian.com\/tr\/dis-implantlari\/","title":{"rendered":"Di\u015f \u0130mplantlar\u0131"},"content":{"rendered":"\n<h2 class=\"wp-block-heading\" id=\"h-\"><br><\/h2>\n\n\n\n<div class=\"wp-block-columns is-layout-flex wp-container-core-columns-is-layout-9d6595d7 wp-block-columns-is-layout-flex\">\n<div class=\"wp-block-column is-layout-flow wp-block-column-is-layout-flow\">\n<figure class=\"wp-block-image size-large\"><img decoding=\"async\" width=\"949\" height=\"1024\" src=\"https:\/\/estherian.com\/wp-content\/uploads\/dental-implant-estherian-2-949x1024.png\" alt=\"\" class=\"wp-image-22119\" srcset=\"https:\/\/estherian.com\/wp-content\/uploads\/dental-implant-estherian-2-949x1024.png 949w, https:\/\/estherian.com\/wp-content\/uploads\/dental-implant-estherian-2-358x386.png 358w, https:\/\/estherian.com\/wp-content\/uploads\/dental-implant-estherian-2-768x828.png 768w, https:\/\/estherian.com\/wp-content\/uploads\/dental-implant-estherian-2.png 993w\" sizes=\"(max-width: 949px) 100vw, 949px\" \/><\/figure>\n<\/div>\n\n\n\n<div class=\"wp-block-column is-layout-flow wp-block-column-is-layout-flow\">\n<h2 class=\"wp-block-heading\" id=\"h-dis-implanti-nedir\">Di\u015f \u0130mplant\u0131 Nedir?<\/h2>\n\n\n\n<p>Di\u015f implant\u0131 ameliyat\u0131, di\u015f k\u00f6klerinin metal, vida benzeri yap\u0131larla de\u011fi\u015ftirilmesi ve hasarl\u0131 ya da eksik di\u015flerin, do\u011fal di\u015fler gibi g\u00f6r\u00fcnen ve i\u015flev g\u00f6ren yapay di\u015flerle yer de\u011fi\u015ftirilmesi i\u015flemidir.<\/p>\n<\/div>\n<\/div>\n\n\n\n<div class=\"wp-block-columns is-layout-flex wp-container-core-columns-is-layout-9d6595d7 wp-block-columns-is-layout-flex\">\n<div class=\"wp-block-column is-layout-flow wp-block-column-is-layout-flow\">\n<h2 class=\"wp-block-heading\" id=\"h-dis-implanti-sureci\">Di\u015f \u0130mplant\u0131 S\u00fcreci<\/h2>\n\n\n\n<h3 class=\"wp-block-heading\" id=\"h-tedavi-oncesi\"><br>Tedavi \u00d6ncesi<\/h3>\n\n\n\n<p>Tedaviye ba\u015flamadan \u00f6nce detayl\u0131 bir planlama s\u00fcreci ger\u00e7ekle\u015ftirilir:<\/p>\n\n\n\n<ul class=\"wp-block-list\">\n<li><strong>Kapsaml\u0131 Di\u015f Muayenesi:<\/strong>&nbsp;Di\u015f r\u00f6ntgenleri ve 3D g\u00f6r\u00fcnt\u00fcler al\u0131n\u0131r. Di\u015flerinizin ve \u00e7enenizin modelleri haz\u0131rlan\u0131r.<\/li>\n\n\n\n<li><strong>T\u0131bbi Ge\u00e7mi\u015fin De\u011ferlendirilmesi:<\/strong>&nbsp;Doktorunuza t\u00fcm sa\u011fl\u0131k durumlar\u0131n\u0131z\u0131 ve kulland\u0131\u011f\u0131n\u0131z ila\u00e7lar\u0131 (re\u00e7eteli ya da re\u00e7etesiz) mutlaka bildirin. Baz\u0131 kalp rahats\u0131zl\u0131klar\u0131 ya da ortopedik implantlar\u0131n\u0131z varsa, enfeksiyon riskini \u00f6nlemek i\u00e7in ameliyat \u00f6ncesinde antibiyotik re\u00e7ete edilebilir.<\/li>\n\n\n\n<li><strong>Ki\u015fiselle\u015ftirilmi\u015f Tedavi Plan\u0131:<\/strong>&nbsp;Tedavi plan\u0131, eksik di\u015f say\u0131s\u0131, \u00e7ene kemi\u011finin durumu ve kalan di\u015flerin yap\u0131s\u0131 gibi fakt\u00f6rler g\u00f6z \u00f6n\u00fcnde bulundurularak \u00f6zel olarak haz\u0131rlan\u0131r.<\/li>\n<\/ul>\n<\/div>\n\n\n\n<div class=\"wp-block-column is-layout-flow wp-block-column-is-layout-flow\">\n<figure class=\"wp-block-image size-full\"><img decoding=\"async\" src=\"https:\/\/estherian.com\/wp-content\/uploads\/dental-implant1-01.png\" alt=\"\" class=\"wp-image-22112\" title=\"dental-implant1-01\"\/><\/figure>\n<\/div>\n<\/div>\n\n\n\n<div class=\"wp-block-columns is-layout-flex wp-container-core-columns-is-layout-9d6595d7 wp-block-columns-is-layout-flex\">\n<div class=\"wp-block-column is-layout-flow wp-block-column-is-layout-flow\">\n<h2 class=\"wp-block-heading\" id=\"h-tedavi-esnasinda\">Tedavi Esnas\u0131nda<\/h2>\n\n\n\n<p><strong>1. Ad\u0131m: Titanyum K\u00f6k\u00fcn Yerle\u015ftirilmesi<\/strong><br>Di\u015f hekiminiz \u00e7ene kemi\u011finde bir delik a\u00e7arak titanyum k\u00f6k\u00fc yerle\u015ftirir. Bu k\u00f6k, yapay di\u015fin sabit temeli olarak i\u015flev g\u00f6r\u00fcr. Ge\u00e7ici bir di\u015f, bu k\u00f6k\u00fcn \u00fczerine yerle\u015ftirilerek ge\u00e7ici olarak bo\u015flu\u011fu doldurur.<\/p>\n\n\n\n<p><strong>2. Ad\u0131m: Kemik Dokusu B\u00fcy\u00fcmesi<\/strong><br>Titanyum k\u00f6k \u00e7ene kemi\u011fine yerle\u015ftirildikten sonra kemik dokusu bu k\u00f6k\u00fcn etraf\u0131nda b\u00fcy\u00fcmeye ba\u015flar. \u00c7ene kemi\u011fi, k\u00f6k ile kayna\u015farak do\u011fal di\u015f k\u00f6klerinin dayan\u0131kl\u0131l\u0131\u011f\u0131na sahip g\u00fc\u00e7l\u00fc bir temel olu\u015fturur. Bu s\u00fcre\u00e7 birka\u00e7 ay s\u00fcrebilir.<\/p>\n\n\n\n<p><strong>3. Ad\u0131m: Abutmentin Yerle\u015ftirilmesi<\/strong><br>Kemik iyile\u015ftikten sonra bir sonraki a\u015famada abutment ad\u0131 verilen par\u00e7a yerle\u015ftirilir. Bu par\u00e7a, yapay di\u015fin (kuron) sabitlenece\u011fi ba\u011flant\u0131 noktas\u0131d\u0131r. Lokal anestezi alt\u0131nda ger\u00e7ekle\u015ftirilen bu i\u015flem basittir.<\/p>\n<\/div>\n\n\n\n<div class=\"wp-block-column is-layout-flow wp-block-column-is-layout-flow\">\n<figure class=\"wp-block-image size-full\"><img decoding=\"async\" src=\"https:\/\/estherian.com\/wp-content\/uploads\/dental-implant2-01.png\" alt=\"\" class=\"wp-image-22116\" title=\"dental-implant2-01\"\/><\/figure>\n<\/div>\n<\/div>\n\n\n\n<div class=\"wp-block-columns is-layout-flex wp-container-core-columns-is-layout-9d6595d7 wp-block-columns-is-layout-flex\">\n<div class=\"wp-block-column is-layout-flow wp-block-column-is-layout-flow\">\n<h2 class=\"wp-block-heading\" id=\"h-kullanilan-malzemeler\">Kullan\u0131lan Malzemeler<\/h2>\n\n\n\n<p>Di\u015f kuronlar\u0131 genellikle porselenden yap\u0131l\u0131r. Porselen, \u00e7i\u011fneme s\u0131ras\u0131nda di\u015flerin maruz kald\u0131\u011f\u0131 yo\u011fun bas\u0131nca dayanabilecek kadar sa\u011flamd\u0131r. Baz\u0131 durumlarda metal malzemelerle g\u00fc\u00e7lendirilerek daha y\u00fcksek diren\u00e7 sa\u011flanabilir.<\/p>\n\n\n\n<h3 class=\"wp-block-heading\" id=\"h-riskler-ve-komplikasyonlar\">Riskler ve Komplikasyonlar<\/h3>\n\n\n\n<p>Her cerrahi i\u015flemde oldu\u011fu gibi, di\u015f implant\u0131 ameliyat\u0131nda da nadir de olsa baz\u0131 riskler olabilir. Ancak bu durumlar genellikle kolayl\u0131kla tedavi edilebilir. Olas\u0131 riskler \u015funlard\u0131r:<\/p>\n\n\n\n<ul class=\"wp-block-list\">\n<li>\u00c7evre dokular\u0131n enfeksiyonu<\/li>\n\n\n\n<li>Kom\u015fu yap\u0131lara zarar<\/li>\n\n\n\n<li>Sinir hasar\u0131<\/li>\n\n\n\n<li>\u00dcst \u00e7enede sin\u00fcs sorunlar\u0131<\/li>\n<\/ul>\n<\/div>\n<\/div>\n\n\n\n<h2 class=\"wp-block-heading\" id=\"h-dis-implanti-ameliyati-sonrasi-dikkat-edilmesi-gerekenler\">Di\u015f \u0130mplant\u0131 Ameliyat\u0131 Sonras\u0131 Dikkat Edilmesi Gerekenler<\/h2>\n\n\n\n<p>Komplikasyonlar\u0131 \u00f6nlemek i\u00e7in ameliyat sonras\u0131 bak\u0131m olduk\u00e7a \u00f6nemlidir:<\/p>\n\n\n\n<ul class=\"wp-block-list\">\n<li><strong>A\u011f\u0131z Hijyenine Dikkat Edin:<\/strong>&nbsp;Di\u015flerinizi d\u00fczenli olarak f\u0131r\u00e7alay\u0131n ve di\u015f ipi kullan\u0131n.<\/li>\n\n\n\n<li><strong>A\u011f\u0131z \u00c7alkalama Suyu Kullan\u0131n:<\/strong>&nbsp;Enfeksiyon riskini azaltmak i\u00e7in d\u00fczenli olarak gargara yap\u0131n.<\/li>\n\n\n\n<li><strong>Sigara ve Alkolden Ka\u00e7\u0131n\u0131n:<\/strong>&nbsp;\u0130yile\u015fme s\u00fcrecini olumsuz etkileyebilir.<\/li>\n\n\n\n<li><strong>\u015eekerli Yiyecek ve \u0130\u00e7eceklerden Uzak Durun:<\/strong>&nbsp;\u00c7\u00fcr\u00fck olu\u015fumunu \u00f6nlemek i\u00e7in bu t\u00fcr g\u0131dalardan ka\u00e7\u0131n\u0131n.<\/li>\n<\/ul>\n\n\n\n<h2 class=\"wp-block-heading\" id=\"h-dis-implantlari-ile-ilgili-sikca-sorulan-sorular\">Di\u015f \u0130mplantlar\u0131 ile \u0130lgili S\u0131k\u00e7a Sorulan Sorular<\/h2>\n\n\n\n<h3 class=\"wp-block-heading\" id=\"h-dis-implanti-agrili-bir-islem-midir\">Di\u015f \u0130mplant\u0131 A\u011fr\u0131l\u0131 Bir \u0130\u015flem Midir?<\/h3>\n\n\n\n<p>Di\u015f implant\u0131 i\u015flemi, lokal anestezi alt\u0131nda yap\u0131ld\u0131\u011f\u0131 i\u00e7in i\u015flem s\u0131ras\u0131nda a\u011fr\u0131 hissedilmez. \u0130\u015flem sonras\u0131nda hafif bir rahats\u0131zl\u0131k olabilir, ancak bu durum a\u011fr\u0131 kesicilerle kolayca kontrol alt\u0131na al\u0131nabilir.<\/p>\n\n\n\n<h3 class=\"wp-block-heading\" id=\"h-implant-sonrasi-beslenme-duzeni-nasil-olmalidir\">\u0130mplant Sonras\u0131 Beslenme D\u00fczeni Nas\u0131l Olmal\u0131d\u0131r?<\/h3>\n\n\n\n<p>\u0130lk birka\u00e7 g\u00fcn yumu\u015fak g\u0131dalar t\u00fcketilmesi \u00f6nerilir. Sert, s\u0131cak ya da yap\u0131\u015fkan yiyeceklerden ka\u00e7\u0131n\u0131lmal\u0131d\u0131r. \u0130yile\u015fme s\u00fcrecine uygun bir beslenme plan\u0131 di\u015f hekiminiz taraf\u0131ndan \u00f6nerilir.<\/p>\n\n\n\n<h3 class=\"wp-block-heading\" id=\"h-implantlar-dogal-disler-gibi-gorunur-mu\">\u0130mplantlar Do\u011fal Di\u015fler Gibi G\u00f6r\u00fcn\u00fcr m\u00fc?<\/h3>\n\n\n\n<p>Evet, di\u015f implantlar\u0131 do\u011fal di\u015flere \u00e7ok benzer \u015fekilde tasarlan\u0131r. Porselen ya da zirkonyum kuronlar, do\u011fal di\u015flerin rengine ve yap\u0131s\u0131na uygun olarak se\u00e7ilir.<\/p>\n\n\n\n<p><strong>Geleneksel implantlar i\u00e7in kemik kayb\u0131 nedeniyle uygun de\u011filseniz, elmac\u0131k kemi\u011fine g\u00fcvenli bir \u015fekilde sabitlenen<a href=\"https:\/\/estherian.com\/tr\/elmacik-kemigi-vs-geleneksel-implantlar\/\"> Zigomatik implantlar\u0131<\/a> da sunuyoruz. <a href=\"https:\/\/estherian.com\/tr\/elmacik-kemigi-vs-geleneksel-implantlar\/\">Bu \u00f6zel implantlar\u0131n sabit bir g\u00fcl\u00fc\u015fe kavu\u015fman\u0131za nas\u0131l yard\u0131mc\u0131 olabilece\u011fi hakk\u0131nda daha fazla bilgiyi buradan okuyabilirsiniz.<\/a><br><\/strong><\/p>\n\n\n\n<p><\/p>\n","protected":false},"excerpt":{"rendered":"<p>Di\u015f \u0130mplant\u0131 Nedir? Di\u015f implant\u0131 ameliyat\u0131, di\u015f k\u00f6klerinin metal, vida benzeri yap\u0131larla de\u011fi\u015ftirilmesi ve hasarl\u0131 ya da eksik di\u015flerin, do\u011fal di\u015fler gibi g\u00f6r\u00fcnen ve i\u015flev g\u00f6ren yapay di\u015flerle yer de\u011fi\u015ftirilmesi i\u015flemidir. Di\u015f \u0130mplant\u0131 S\u00fcreci Tedavi \u00d6ncesi Tedaviye ba\u015flamadan \u00f6nce detayl\u0131 bir planlama s\u00fcreci ger\u00e7ekle\u015ftirilir: Tedavi Esnas\u0131nda 1. Ad\u0131m: Titanyum K\u00f6k\u00fcn Yerle\u015ftirilmesiDi\u015f hekiminiz \u00e7ene kemi\u011finde bir&hellip;<\/p>\n","protected":false},"author":1,"featured_media":26592,"parent":0,"menu_order":10,"comment_status":"closed","ping_status":"closed","template":"","meta":{"footnotes":""},"class_list":["post-22118","page","type-page","status-publish","has-post-thumbnail","hentry","description-off"],"yoast_head":"<!-- This site is optimized with the Yoast SEO Premium plugin v27.3 (Yoast SEO v27.3) - https:\/\/yoast.com\/product\/yoast-seo-premium-wordpress\/ -->\n<title>Di\u015f \u0130mplantlar\u0131 | Estherian Clinic<\/title>\n<meta name=\"robots\" content=\"index, follow, max-snippet:-1, max-image-preview:large, max-video-preview:-1\" \/>\n<link rel=\"canonical\" href=\"https:\/\/estherian.com\/tr\/dis-implantlari\/\" \/>\n<meta property=\"og:locale\" content=\"tr_TR\" \/>\n<meta property=\"og:type\" content=\"article\" \/>\n<meta property=\"og:title\" content=\"Di\u015f \u0130mplantlar\u0131\" \/>\n<meta property=\"og:description\" content=\"Looks better with Estherian Clinic. Plastic Surgery, Dental treatments and more beautiful services!\" \/>\n<meta property=\"og:url\" content=\"https:\/\/estherian.com\/tr\/dis-implantlari\/\" \/>\n<meta property=\"og:site_name\" content=\"Estherian Clinic\" \/>\n<meta property=\"article:publisher\" content=\"https:\/\/www.facebook.com\/estherianclinic.en\" \/>\n<meta property=\"article:modified_time\" content=\"2026-04-03T09:17:37+00:00\" \/>\n<meta property=\"og:image\" content=\"https:\/\/estherian.com\/wp-content\/uploads\/dental_implant_turkey_1920x1080.jpg\" \/>\n\t<meta property=\"og:image:width\" content=\"1920\" \/>\n\t<meta property=\"og:image:height\" content=\"1080\" \/>\n\t<meta property=\"og:image:type\" content=\"image\/jpeg\" \/>\n<meta name=\"twitter:card\" content=\"summary_large_image\" \/>\n<meta name=\"twitter:site\" content=\"@EstherianTr\" \/>\n<meta name=\"twitter:label1\" content=\"Tahmini okuma s\u00fcresi\" \/>\n\t<meta name=\"twitter:data1\" content=\"4 dakika\" \/>\n<script type=\"application\/ld+json\" class=\"yoast-schema-graph\">{\"@context\":\"https:\\\/\\\/schema.org\",\"@graph\":[{\"@type\":\"Article\",\"@id\":\"https:\\\/\\\/estherian.com\\\/tr\\\/dis-implantlari\\\/#article\",\"isPartOf\":{\"@id\":\"https:\\\/\\\/estherian.com\\\/tr\\\/dis-implantlari\\\/\"},\"author\":{\"name\":\"ferhatk\",\"@id\":\"https:\\\/\\\/estherian.com\\\/tr\\\/#\\\/schema\\\/person\\\/0b1452799c3700afbfcfd3a0f5e64732\"},\"headline\":\"Di\u015f \u0130mplantlar\u0131\",\"datePublished\":\"2024-11-27T03:56:32+00:00\",\"dateModified\":\"2026-04-03T09:17:37+00:00\",\"mainEntityOfPage\":{\"@id\":\"https:\\\/\\\/estherian.com\\\/tr\\\/dis-implantlari\\\/\"},\"wordCount\":716,\"publisher\":{\"@id\":\"https:\\\/\\\/estherian.com\\\/tr\\\/#organization\"},\"image\":{\"@id\":\"https:\\\/\\\/estherian.com\\\/tr\\\/dis-implantlari\\\/#primaryimage\"},\"thumbnailUrl\":\"https:\\\/\\\/estherian.com\\\/wp-content\\\/uploads\\\/dental_implant_turkey_1920x1080.jpg\",\"inLanguage\":\"tr\"},{\"@type\":\"WebPage\",\"@id\":\"https:\\\/\\\/estherian.com\\\/tr\\\/dis-implantlari\\\/\",\"url\":\"https:\\\/\\\/estherian.com\\\/tr\\\/dis-implantlari\\\/\",\"name\":\"Di\u015f \u0130mplantlar\u0131 | Estherian Clinic\",\"isPartOf\":{\"@id\":\"https:\\\/\\\/estherian.com\\\/tr\\\/#website\"},\"primaryImageOfPage\":{\"@id\":\"https:\\\/\\\/estherian.com\\\/tr\\\/dis-implantlari\\\/#primaryimage\"},\"image\":{\"@id\":\"https:\\\/\\\/estherian.com\\\/tr\\\/dis-implantlari\\\/#primaryimage\"},\"thumbnailUrl\":\"https:\\\/\\\/estherian.com\\\/wp-content\\\/uploads\\\/dental_implant_turkey_1920x1080.jpg\",\"datePublished\":\"2024-11-27T03:56:32+00:00\",\"dateModified\":\"2026-04-03T09:17:37+00:00\",\"breadcrumb\":{\"@id\":\"https:\\\/\\\/estherian.com\\\/tr\\\/dis-implantlari\\\/#breadcrumb\"},\"inLanguage\":\"tr\",\"potentialAction\":[{\"@type\":\"ReadAction\",\"target\":[\"https:\\\/\\\/estherian.com\\\/tr\\\/dis-implantlari\\\/\"]}]},{\"@type\":\"ImageObject\",\"inLanguage\":\"tr\",\"@id\":\"https:\\\/\\\/estherian.com\\\/tr\\\/dis-implantlari\\\/#primaryimage\",\"url\":\"https:\\\/\\\/estherian.com\\\/wp-content\\\/uploads\\\/dental_implant_turkey_1920x1080.jpg\",\"contentUrl\":\"https:\\\/\\\/estherian.com\\\/wp-content\\\/uploads\\\/dental_implant_turkey_1920x1080.jpg\",\"width\":1920,\"height\":1080},{\"@type\":\"BreadcrumbList\",\"@id\":\"https:\\\/\\\/estherian.com\\\/tr\\\/dis-implantlari\\\/#breadcrumb\",\"itemListElement\":[{\"@type\":\"ListItem\",\"position\":1,\"name\":\"Home\",\"item\":\"https:\\\/\\\/estherian.com\\\/tr\\\/\"},{\"@type\":\"ListItem\",\"position\":2,\"name\":\"Di\u015f \u0130mplantlar\u0131\"}]},{\"@type\":\"WebSite\",\"@id\":\"https:\\\/\\\/estherian.com\\\/tr\\\/#website\",\"url\":\"https:\\\/\\\/estherian.com\\\/tr\\\/\",\"name\":\"Estherian Clinic\",\"description\":\"Plastic Surgery | Dental | Hair Transplant in Turkey\",\"publisher\":{\"@id\":\"https:\\\/\\\/estherian.com\\\/tr\\\/#organization\"},\"potentialAction\":[{\"@type\":\"SearchAction\",\"target\":{\"@type\":\"EntryPoint\",\"urlTemplate\":\"https:\\\/\\\/estherian.com\\\/tr\\\/?s={search_term_string}\"},\"query-input\":{\"@type\":\"PropertyValueSpecification\",\"valueRequired\":true,\"valueName\":\"search_term_string\"}}],\"inLanguage\":\"tr\"},{\"@type\":\"Organization\",\"@id\":\"https:\\\/\\\/estherian.com\\\/tr\\\/#organization\",\"name\":\"Estherian Clinic\",\"alternateName\":\"Estherian\",\"url\":\"https:\\\/\\\/estherian.com\\\/tr\\\/\",\"logo\":{\"@type\":\"ImageObject\",\"inLanguage\":\"tr\",\"@id\":\"https:\\\/\\\/estherian.com\\\/tr\\\/#\\\/schema\\\/logo\\\/image\\\/\",\"url\":\"https:\\\/\\\/estherian.com\\\/wp-content\\\/uploads\\\/2024\\\/10\\\/EstherianLogo.png\",\"contentUrl\":\"https:\\\/\\\/estherian.com\\\/wp-content\\\/uploads\\\/2024\\\/10\\\/EstherianLogo.png\",\"width\":882,\"height\":934,\"caption\":\"Estherian Clinic\"},\"image\":{\"@id\":\"https:\\\/\\\/estherian.com\\\/tr\\\/#\\\/schema\\\/logo\\\/image\\\/\"},\"sameAs\":[\"https:\\\/\\\/www.facebook.com\\\/estherianclinic.en\",\"https:\\\/\\\/x.com\\\/EstherianTr\",\"https:\\\/\\\/www.instagram.com\\\/estherianclinic\\\/\",\"https:\\\/\\\/www.tiktok.com\\\/@estherian.clinic\",\"https:\\\/\\\/www.youtube.com\\\/estherianclinic\"],\"email\":\"hi@estherian.com\",\"telephone\":\"+90-544-169-9000\",\"legalName\":\"ESTHERIAN CLINIC SA\u011eLIK H\u0130ZMETLER\u0130 SAN. T\u0130C. LTD. \u015eT\u0130.\",\"foundingDate\":\"2020-03-09\",\"vatID\":\"TR1601485625\",\"taxID\":\"1601485625\",\"numberOfEmployees\":{\"@type\":\"QuantitativeValue\",\"minValue\":\"51\",\"maxValue\":\"200\"},\"publishingPrinciples\":\"https:\\\/\\\/estherian.com\\\/tr\\\/sartlar-ve-kosullar\\\/\",\"actionableFeedbackPolicy\":\"https:\\\/\\\/estherian.com\\\/tr\\\/gizlilik-politikasi\\\/\",\"correctionsPolicy\":\"https:\\\/\\\/estherian.com\\\/tr\\\/gizlilik-politikasi\\\/\",\"ethicsPolicy\":\"https:\\\/\\\/estherian.com\\\/tr\\\/gizlilik-politikasi\\\/\",\"diversityPolicy\":\"https:\\\/\\\/estherian.com\\\/tr\\\/gizlilik-politikasi\\\/\",\"diversityStaffingReport\":\"https:\\\/\\\/estherian.com\\\/tr\\\/gizlilik-politikasi\\\/\"},{\"@type\":\"Person\",\"@id\":\"https:\\\/\\\/estherian.com\\\/tr\\\/#\\\/schema\\\/person\\\/0b1452799c3700afbfcfd3a0f5e64732\",\"name\":\"ferhatk\",\"image\":{\"@type\":\"ImageObject\",\"inLanguage\":\"tr\",\"@id\":\"https:\\\/\\\/secure.gravatar.com\\\/avatar\\\/5192156a410fa37c70ea8d4f0d01782533c470a75971ae114e5cd116be51ca05?s=96&d=mm&r=g\",\"url\":\"https:\\\/\\\/secure.gravatar.com\\\/avatar\\\/5192156a410fa37c70ea8d4f0d01782533c470a75971ae114e5cd116be51ca05?s=96&d=mm&r=g\",\"contentUrl\":\"https:\\\/\\\/secure.gravatar.com\\\/avatar\\\/5192156a410fa37c70ea8d4f0d01782533c470a75971ae114e5cd116be51ca05?s=96&d=mm&r=g\",\"caption\":\"ferhatk\"},\"sameAs\":[\"https:\\\/\\\/v2.estherian.com\"]}]}<\/script>\n<!-- \/ Yoast SEO Premium plugin. -->","yoast_head_json":{"title":"Di\u015f \u0130mplantlar\u0131 | Estherian Clinic","robots":{"index":"index","follow":"follow","max-snippet":"max-snippet:-1","max-image-preview":"max-image-preview:large","max-video-preview":"max-video-preview:-1"},"canonical":"https:\/\/estherian.com\/tr\/dis-implantlari\/","og_locale":"tr_TR","og_type":"article","og_title":"Di\u015f \u0130mplantlar\u0131","og_description":"Looks better with Estherian Clinic. Plastic Surgery, Dental treatments and more beautiful services!","og_url":"https:\/\/estherian.com\/tr\/dis-implantlari\/","og_site_name":"Estherian Clinic","article_publisher":"https:\/\/www.facebook.com\/estherianclinic.en","article_modified_time":"2026-04-03T09:17:37+00:00","og_image":[{"width":1920,"height":1080,"url":"https:\/\/estherian.com\/wp-content\/uploads\/dental_implant_turkey_1920x1080.jpg","type":"image\/jpeg"}],"twitter_card":"summary_large_image","twitter_site":"@EstherianTr","twitter_misc":{"Tahmini okuma s\u00fcresi":"4 dakika"},"schema":{"@context":"https:\/\/schema.org","@graph":[{"@type":"Article","@id":"https:\/\/estherian.com\/tr\/dis-implantlari\/#article","isPartOf":{"@id":"https:\/\/estherian.com\/tr\/dis-implantlari\/"},"author":{"name":"ferhatk","@id":"https:\/\/estherian.com\/tr\/#\/schema\/person\/0b1452799c3700afbfcfd3a0f5e64732"},"headline":"Di\u015f \u0130mplantlar\u0131","datePublished":"2024-11-27T03:56:32+00:00","dateModified":"2026-04-03T09:17:37+00:00","mainEntityOfPage":{"@id":"https:\/\/estherian.com\/tr\/dis-implantlari\/"},"wordCount":716,"publisher":{"@id":"https:\/\/estherian.com\/tr\/#organization"},"image":{"@id":"https:\/\/estherian.com\/tr\/dis-implantlari\/#primaryimage"},"thumbnailUrl":"https:\/\/estherian.com\/wp-content\/uploads\/dental_implant_turkey_1920x1080.jpg","inLanguage":"tr"},{"@type":"WebPage","@id":"https:\/\/estherian.com\/tr\/dis-implantlari\/","url":"https:\/\/estherian.com\/tr\/dis-implantlari\/","name":"Di\u015f \u0130mplantlar\u0131 | Estherian Clinic","isPartOf":{"@id":"https:\/\/estherian.com\/tr\/#website"},"primaryImageOfPage":{"@id":"https:\/\/estherian.com\/tr\/dis-implantlari\/#primaryimage"},"image":{"@id":"https:\/\/estherian.com\/tr\/dis-implantlari\/#primaryimage"},"thumbnailUrl":"https:\/\/estherian.com\/wp-content\/uploads\/dental_implant_turkey_1920x1080.jpg","datePublished":"2024-11-27T03:56:32+00:00","dateModified":"2026-04-03T09:17:37+00:00","breadcrumb":{"@id":"https:\/\/estherian.com\/tr\/dis-implantlari\/#breadcrumb"},"inLanguage":"tr","potentialAction":[{"@type":"ReadAction","target":["https:\/\/estherian.com\/tr\/dis-implantlari\/"]}]},{"@type":"ImageObject","inLanguage":"tr","@id":"https:\/\/estherian.com\/tr\/dis-implantlari\/#primaryimage","url":"https:\/\/estherian.com\/wp-content\/uploads\/dental_implant_turkey_1920x1080.jpg","contentUrl":"https:\/\/estherian.com\/wp-content\/uploads\/dental_implant_turkey_1920x1080.jpg","width":1920,"height":1080},{"@type":"BreadcrumbList","@id":"https:\/\/estherian.com\/tr\/dis-implantlari\/#breadcrumb","itemListElement":[{"@type":"ListItem","position":1,"name":"Home","item":"https:\/\/estherian.com\/tr\/"},{"@type":"ListItem","position":2,"name":"Di\u015f \u0130mplantlar\u0131"}]},{"@type":"WebSite","@id":"https:\/\/estherian.com\/tr\/#website","url":"https:\/\/estherian.com\/tr\/","name":"Estherian Clinic","description":"Plastic Surgery | Dental | Hair Transplant in Turkey","publisher":{"@id":"https:\/\/estherian.com\/tr\/#organization"},"potentialAction":[{"@type":"SearchAction","target":{"@type":"EntryPoint","urlTemplate":"https:\/\/estherian.com\/tr\/?s={search_term_string}"},"query-input":{"@type":"PropertyValueSpecification","valueRequired":true,"valueName":"search_term_string"}}],"inLanguage":"tr"},{"@type":"Organization","@id":"https:\/\/estherian.com\/tr\/#organization","name":"Estherian Clinic","alternateName":"Estherian","url":"https:\/\/estherian.com\/tr\/","logo":{"@type":"ImageObject","inLanguage":"tr","@id":"https:\/\/estherian.com\/tr\/#\/schema\/logo\/image\/","url":"https:\/\/estherian.com\/wp-content\/uploads\/2024\/10\/EstherianLogo.png","contentUrl":"https:\/\/estherian.com\/wp-content\/uploads\/2024\/10\/EstherianLogo.png","width":882,"height":934,"caption":"Estherian Clinic"},"image":{"@id":"https:\/\/estherian.com\/tr\/#\/schema\/logo\/image\/"},"sameAs":["https:\/\/www.facebook.com\/estherianclinic.en","https:\/\/x.com\/EstherianTr","https:\/\/www.instagram.com\/estherianclinic\/","https:\/\/www.tiktok.com\/@estherian.clinic","https:\/\/www.youtube.com\/estherianclinic"],"email":"hi@estherian.com","telephone":"+90-544-169-9000","legalName":"ESTHERIAN CLINIC SA\u011eLIK H\u0130ZMETLER\u0130 SAN. T\u0130C. LTD. \u015eT\u0130.","foundingDate":"2020-03-09","vatID":"TR1601485625","taxID":"1601485625","numberOfEmployees":{"@type":"QuantitativeValue","minValue":"51","maxValue":"200"},"publishingPrinciples":"https:\/\/estherian.com\/tr\/sartlar-ve-kosullar\/","actionableFeedbackPolicy":"https:\/\/estherian.com\/tr\/gizlilik-politikasi\/","correctionsPolicy":"https:\/\/estherian.com\/tr\/gizlilik-politikasi\/","ethicsPolicy":"https:\/\/estherian.com\/tr\/gizlilik-politikasi\/","diversityPolicy":"https:\/\/estherian.com\/tr\/gizlilik-politikasi\/","diversityStaffingReport":"https:\/\/estherian.com\/tr\/gizlilik-politikasi\/"},{"@type":"Person","@id":"https:\/\/estherian.com\/tr\/#\/schema\/person\/0b1452799c3700afbfcfd3a0f5e64732","name":"ferhatk","image":{"@type":"ImageObject","inLanguage":"tr","@id":"https:\/\/secure.gravatar.com\/avatar\/5192156a410fa37c70ea8d4f0d01782533c470a75971ae114e5cd116be51ca05?s=96&d=mm&r=g","url":"https:\/\/secure.gravatar.com\/avatar\/5192156a410fa37c70ea8d4f0d01782533c470a75971ae114e5cd116be51ca05?s=96&d=mm&r=g","contentUrl":"https:\/\/secure.gravatar.com\/avatar\/5192156a410fa37c70ea8d4f0d01782533c470a75971ae114e5cd116be51ca05?s=96&d=mm&r=g","caption":"ferhatk"},"sameAs":["https:\/\/v2.estherian.com"]}]}},"_links":{"self":[{"href":"https:\/\/estherian.com\/tr\/wp-json\/wp\/v2\/pages\/22118","targetHints":{"allow":["GET"]}}],"collection":[{"href":"https:\/\/estherian.com\/tr\/wp-json\/wp\/v2\/pages"}],"about":[{"href":"https:\/\/estherian.com\/tr\/wp-json\/wp\/v2\/types\/page"}],"author":[{"embeddable":true,"href":"https:\/\/estherian.com\/tr\/wp-json\/wp\/v2\/users\/1"}],"replies":[{"embeddable":true,"href":"https:\/\/estherian.com\/tr\/wp-json\/wp\/v2\/comments?post=22118"}],"version-history":[{"count":2,"href":"https:\/\/estherian.com\/tr\/wp-json\/wp\/v2\/pages\/22118\/revisions"}],"predecessor-version":[{"id":43426,"href":"https:\/\/estherian.com\/tr\/wp-json\/wp\/v2\/pages\/22118\/revisions\/43426"}],"wp:featuredmedia":[{"embeddable":true,"href":"https:\/\/estherian.com\/tr\/wp-json\/wp\/v2\/media\/26592"}],"wp:attachment":[{"href":"https:\/\/estherian.com\/tr\/wp-json\/wp\/v2\/media?parent=22118"}],"curies":[{"name":"wp","href":"https:\/\/api.w.org\/{rel}","templated":true}]}}