{"id":22125,"date":"2024-11-27T07:33:13","date_gmt":"2024-11-27T07:33:13","guid":{"rendered":"https:\/\/v2.estherian.com\/?page_id=22125"},"modified":"2025-09-12T12:10:48","modified_gmt":"2025-09-12T09:10:48","slug":"sac-ekimi","status":"publish","type":"page","link":"https:\/\/estherian.com\/tr\/sac-ekimi\/","title":{"rendered":"Sa\u00e7 Ekimi"},"content":{"rendered":"\n<div class=\"wp-block-columns is-layout-flex wp-container-core-columns-is-layout-9d6595d7 wp-block-columns-is-layout-flex\">\n<div class=\"wp-block-column is-layout-flow wp-block-column-is-layout-flow\">\n<figure class=\"wp-block-image size-large is-resized\"><img decoding=\"async\" src=\"https:\/\/estherian.com\/wp-content\/uploads\/hair-transplant-procedure-225x1024.png\" alt=\"\" class=\"wp-image-23528\" style=\"width:221px;height:auto\" title=\"hair-transplant-procedure\"\/><\/figure>\n<\/div>\n\n\n\n<div class=\"wp-block-column is-layout-flow wp-block-column-is-layout-flow\">\n<h2 class=\"wp-block-heading\" id=\"h-sac-ekimi-teknikleri\">Sa\u00e7 Ekimi Teknikleri<\/h2>\n\n\n\n<figure class=\"wp-block-embed is-type-video is-provider-youtube wp-block-embed-youtube wp-embed-aspect-16-9 wp-has-aspect-ratio\"><div class=\"wp-block-embed__wrapper\">\n<iframe title=\"See how we transplant hair with DHI Techique and benefits of the DHI| ESTHERIAN CLINIC\" width=\"1200\" height=\"675\" src=\"https:\/\/www.youtube.com\/embed\/U0C9jHushsY?feature=oembed\" frameborder=\"0\" allow=\"accelerometer; autoplay; clipboard-write; encrypted-media; gyroscope; picture-in-picture; web-share\" referrerpolicy=\"strict-origin-when-cross-origin\" allowfullscreen><\/iframe>\n<\/div><\/figure>\n\n\n\n<h3 class=\"wp-block-heading\" id=\"h-fue-teknigi\">FUE Tekni\u011fi<\/h3>\n\n\n\n<p>Folik\u00fcler \u00fcnite ekstraksiyonu (FUE), sa\u011fl\u0131kl\u0131 ve daha dayan\u0131kl\u0131 sa\u00e7 folik\u00fcllerinin b\u00fcy\u00fcd\u00fckleri kafa derisi b\u00f6l\u00fcmlerinden \u00e7\u0131kar\u0131lmas\u0131 ve sa\u00e7\u0131n daha ince oldu\u011fu veya olmad\u0131\u011f\u0131 ba\u015fka bir b\u00f6l\u00fcme ta\u015f\u0131nmas\u0131yla yap\u0131lan bir sa\u00e7 ekimi t\u00fcr\u00fcd\u00fcr.<\/p>\n\n\n\n<p>Cerrah bu folik\u00fclleri kafa derisinde \u00f6nceden a\u00e7\u0131lm\u0131\u015f kanallara veya kesilere yerle\u015ftirir. Bu teknik, hem \u00e7\u0131karma hem de nakil s\u0131ras\u0131nda g\u00f6r\u00fcn\u00fcr bir yara izi b\u0131rakmaz.<\/p>\n\n\n\n<h3 class=\"wp-block-heading\" id=\"h-dhi-teknigi\">DHI Tekni\u011fi<\/h3>\n\n\n\n<p>DHI y\u00f6ntemi FUE Tekni\u011finden farkl\u0131d\u0131r Kafatas\u0131 t\u0131ra\u015f edilmeden yap\u0131labilir, sadece don\u00f6r alan ekstraksiyon i\u015flemi i\u00e7in kesilecektir. Mikro Motor Aleti ve ikinci olarak \u0130mplantasyon kullan\u0131larak, her greftin y\u00f6n\u00fcn\u00fcn a\u00e7\u0131s\u0131n\u0131 kontrol etmek i\u00e7in \u00f6nceden kanolalar olu\u015fturulmadan her grefti do\u011frudan implante etmek i\u00e7in kullan\u0131lan Choi kalemleri ile.<\/p>\n\n\n\n<p>Choi kalemleri daha do\u011frudur ve daha do\u011fal bir g\u00f6r\u00fcn\u00fcm i\u00e7in \u00e7e\u015fitli boyutlarda gelirler. Sa\u00e7 yo\u011funlu\u011fu, kafa derisindeki her santimetre karede b\u00fcy\u00fcyen sa\u00e7lar\u0131n say\u0131lmas\u0131yla hesaplan\u0131r.<\/p>\n\n\n\n<h3 class=\"wp-block-heading\" id=\"h-fue-s-teknigi\">FUE \/ S Tekni\u011fi<\/h3>\n\n\n\n<p>Bu teknik FUE&#8217;ye benzer ancak prosed\u00fcrde kullan\u0131lan b\u0131\u00e7ak bak\u0131m\u0131ndan farkl\u0131l\u0131k g\u00f6sterir.Safir FUE aleti, dayan\u0131kl\u0131 ve de\u011ferli bir de\u011ferli ta\u015f olan safirden yap\u0131lm\u0131\u015f b\u0131\u00e7aklar kullan\u0131r. V \u015feklindeki pim, sa\u00e7 ekimi prosed\u00fcr\u00fc i\u00e7in kesiler yapmak i\u00e7in \u00e7elik b\u0131\u00e7aklar\u0131n normal U \u015feklindeki pimine g\u00f6re daha fazla komplikasyonlar sunar.<\/p>\n<\/div>\n<\/div>\n\n\n\n<div class=\"wp-block-columns is-layout-flex wp-container-core-columns-is-layout-9d6595d7 wp-block-columns-is-layout-flex\">\n<div class=\"wp-block-column is-layout-flow wp-block-column-is-layout-flow\">\n<h2 class=\"wp-block-heading\" id=\"h-sac-ekimi-icin-kimler-iyi-bir-adaydir\">Sa\u00e7 Ekimi \u0130\u00e7in Kimler \u0130yi Bir Adayd\u0131r?<\/h2>\n\n\n\n<p>Be\u015f y\u0131ldan uzun s\u00fcredir erkek tipi kellik nedeniyle <strong>sa\u00e7lar\u0131 d\u00f6k\u00fclen veya Norwood Skalas\u0131nda s\u0131n\u0131f 3 veya \u00fczerine ilerleyen erkekler.<\/strong><\/p>\n\n\n\n<h2 class=\"wp-block-heading\" id=\"h-sac-ekimi-icin-nasil-hazirlanmaliyim\">Sa\u00e7 Ekimi \u0130\u00e7in Nas\u0131l Haz\u0131rlanmal\u0131y\u0131m?<\/h2>\n\n\n\n<p>Hastan\u0131n sa\u00e7lar\u0131 tamamen t\u0131ra\u015f edilir ve bazen operasyon t\u0131ra\u015f edilmeden de ger\u00e7ekle\u015ftirilebilir, ard\u0131ndan kafa derisi steril bir sol\u00fcsyonla y\u0131kan\u0131r ve kafa derisine lokal anestezi enjekte edilir.<\/p>\n\n\n\n<h2 class=\"wp-block-heading\" id=\"h-sac-ekimi-ne-kadar-surer\">Sa\u00e7 Ekimi Ne Kadar S\u00fcrer?<\/h2>\n\n\n\n<p>Sa\u00e7 ekimi genellikle<strong> 3 ila 6 saat aras\u0131nda s\u00fcrer<\/strong>, bu s\u00fcre aras\u0131nda hasta i\u00e7in bir dinlenme vard\u0131r ve sa\u00e7 i\u00e7in gerekli alan\u0131 kaplamak i\u00e7in birden fazla seans gerekebilir.<\/p>\n<\/div>\n\n\n\n<div class=\"wp-block-column is-layout-flow wp-block-column-is-layout-flow\">\n<figure class=\"wp-block-image size-large\"><img decoding=\"async\" src=\"https:\/\/estherian.com\/wp-content\/uploads\/estherian-hair-transplant-944x1024.png\" alt=\"\" class=\"wp-image-23532\" title=\"estherian-hair-transplant\"\/><\/figure>\n<\/div>\n<\/div>\n\n\n\n<p>Hair transplantation usually takes&nbsp;<strong>between 3 to 6 hours<\/strong>, between which there is a rest for the patient, and it may require more than one session to cover the area required for hair<\/p>\n\n\n\n<h2 class=\"wp-block-heading\" id=\"h-sac-ekimi-teknikleri-hakkinda-sikca-sorulan-sorular\"><strong>Sa\u00e7 Ekimi Teknikleri Hakk\u0131nda S\u0131k\u00e7a Sorulan Sorular<\/strong><\/h2>\n\n\n\n<h3 class=\"wp-block-heading\" id=\"h-kadinlara-sac-ekimi-yapilabilir-mi\">Kad\u0131nlara Sa\u00e7 Ekimi Yap\u0131labilir mi?<\/h3>\n\n\n\n<p>Evet, sa\u00e7 ekimi sa\u00e7 seyrelmesi veya belirli sa\u00e7 d\u00f6k\u00fclmesi modelleri ya\u015fayan kad\u0131nlar i\u00e7in uygundur. DHI gibi tam kafa t\u0131ra\u015f\u0131 gerektirmeyen teknikler \u00f6zellikle kad\u0131nlar aras\u0131nda pop\u00fclerdir.<\/p>\n\n\n\n<h3 class=\"wp-block-heading\" id=\"h-sac-ekimi-sonrasi-egzersiz-yapabilir-miyim\">Sa\u00e7 Ekimi Sonras\u0131 Egzersiz Yapabilir miyim?<\/h3>\n\n\n\n<p>Hafif aktiviteler bir hafta i\u00e7inde yeniden ba\u015flayabilir, ancak komplikasyonlar\u0131 \u00f6nlemek i\u00e7in yo\u011fun egzersiz ve terlemeye neden olan aktivitelerden iki hafta boyunca ka\u00e7\u0131n\u0131lmal\u0131d\u0131r.<\/p>\n\n\n\n<h3 class=\"wp-block-heading\" id=\"h-can-hair-transplants-fail\">Can Hair Transplants Fail?<\/h3>\n\n\n\n<p>Ba\u015far\u0131 oranlar\u0131 y\u00fcksek olsa da, k\u00f6t\u00fc bak\u0131m sonras\u0131 veya belirli sa\u011fl\u0131k ko\u015fullar\u0131 sonu\u00e7lar\u0131 etkileyebilir. \u0130\u015flem sonras\u0131 y\u00f6nergelere uymak ba\u015far\u0131 i\u00e7in \u00e7ok \u00f6nemlidir.<\/p>\n\n\n\n<h3 class=\"wp-block-heading\" id=\"h-sac-ekimi-sonrasi-sik-gorulen-yan-etkiler-nelerdir\">Sa\u00e7 Ekimi Sonras\u0131 S\u0131k G\u00f6r\u00fclen Yan Etkiler Nelerdir?<\/h3>\n\n\n\n<p>Don\u00f6r ve al\u0131c\u0131 b\u00f6lgelerde hafif \u015fi\u015flik, k\u0131zar\u0131kl\u0131k, ka\u015f\u0131nt\u0131 veya kabuklanma meydana gelebilir, ancak bu yan etkiler genellikle bir hafta i\u00e7inde azal\u0131r.<\/p>\n\n\n\n<h3 class=\"wp-block-heading\" id=\"h-islemden-once-ve-sonra-nelerden-kacinmaliyim\">\u0130\u015flemden \u00d6nce ve Sonra Nelerden Ka\u00e7\u0131nmal\u0131y\u0131m?<\/h3>\n\n\n\n<p>\u0130\u015flemden \u00f6nce sigara, alkol ve kan inceltici ila\u00e7lardan ka\u00e7\u0131n\u0131lmal\u0131d\u0131r. \u0130\u015flem sonras\u0131nda g\u00fcne\u015fe maruz kalma s\u0131n\u0131rland\u0131r\u0131lmal\u0131, y\u00fczme havuzlar\u0131ndan ka\u00e7\u0131n\u0131lmal\u0131 ve bir ay boyunca saunadan uzak durulmal\u0131d\u0131r.<\/p>\n\n\n\n<h2 class=\"wp-block-heading\" id=\"h-sac-ekimi-oncesi-ve-sonrasi-fotograflar\">Sa\u00e7 Ekimi \u00d6ncesi ve Sonras\u0131 Foto\u011fraflar<\/h2>\n\n\n\n<p><\/p>\n\n\n\n<div class=\"wp-block-estherian-gallery\"><div id=\"estherian-gallery-0ujdfvj\" class=\"estherian-gallery elastic-width\" data-slides-to-show=\"3\" data-mobile-slides-to-show=\"1\" data-autoplay=\"false\" data-autoplay-speed=\"3000\" data-show-arrows=\"true\" data-show-dots=\"true\" data-border-radius=\"20\" data-elastic-width=\"true\" data-fixed-height=\"362\" data-bottom-crop=\"0\"><div class=\"gallery-container\"><div class=\"gallery-slide\"><img decoding=\"async\" src=\"https:\/\/estherian.com\/wp-content\/uploads\/2025\/09\/ALY-RAGY-RAMZY-.jpg\" alt=\"\" style=\"border-radius:20px;height:362px;width:auto\"\/><\/div><div class=\"gallery-slide\"><img decoding=\"async\" src=\"https:\/\/estherian.com\/wp-content\/uploads\/2025\/09\/EBRAHIM-EHRAHIMI.jpg\" alt=\"\" style=\"border-radius:20px;height:362px;width:auto\"\/><\/div><div class=\"gallery-slide\"><img decoding=\"async\" src=\"https:\/\/estherian.com\/wp-content\/uploads\/2025\/09\/Photo-13.06.2025-22-01-00.png\" alt=\"\" style=\"border-radius:20px;height:362px;width:auto\"\/><\/div><div class=\"gallery-slide\"><img decoding=\"async\" src=\"https:\/\/estherian.com\/wp-content\/uploads\/2025\/09\/Photo-13.06.2025-22-01-00-8.jpg\" alt=\"\" style=\"border-radius:20px;height:362px;width:auto\"\/><\/div><div class=\"gallery-slide\"><img decoding=\"async\" src=\"https:\/\/estherian.com\/wp-content\/uploads\/2025\/09\/Photo-13.06.2025-22-01-00-3.jpg\" alt=\"\" style=\"border-radius:20px;height:362px;width:auto\"\/><\/div><\/div><div class=\"gallery-nav\"><button class=\"prev\" aria-label=\"Previous\">\u276e<\/button><button class=\"next\" aria-label=\"Next\">\u276f<\/button><\/div><div class=\"gallery-dots\"><span class=\"dot active\"><\/span><span class=\"dot\"><\/span><span class=\"dot\"><\/span><span class=\"dot\"><\/span><span class=\"dot\"><\/span><\/div><\/div><\/div>\n","protected":false},"excerpt":{"rendered":"<p>Sa\u00e7 Ekimi Teknikleri FUE Tekni\u011fi Folik\u00fcler \u00fcnite ekstraksiyonu (FUE), sa\u011fl\u0131kl\u0131 ve daha dayan\u0131kl\u0131 sa\u00e7 folik\u00fcllerinin b\u00fcy\u00fcd\u00fckleri kafa derisi b\u00f6l\u00fcmlerinden \u00e7\u0131kar\u0131lmas\u0131 ve sa\u00e7\u0131n daha ince oldu\u011fu veya olmad\u0131\u011f\u0131 ba\u015fka bir b\u00f6l\u00fcme ta\u015f\u0131nmas\u0131yla yap\u0131lan bir sa\u00e7 ekimi t\u00fcr\u00fcd\u00fcr. Cerrah bu folik\u00fclleri kafa derisinde \u00f6nceden a\u00e7\u0131lm\u0131\u015f kanallara veya kesilere yerle\u015ftirir. Bu teknik, hem \u00e7\u0131karma hem de nakil s\u0131ras\u0131nda&hellip;<\/p>\n","protected":false},"author":1,"featured_media":26716,"parent":0,"menu_order":10,"comment_status":"closed","ping_status":"closed","template":"","meta":{"footnotes":""},"class_list":["post-22125","page","type-page","status-publish","has-post-thumbnail","hentry","description-off"],"yoast_head":"<!-- This site is optimized with the Yoast SEO Premium plugin v27.3 (Yoast SEO v27.3) - https:\/\/yoast.com\/product\/yoast-seo-premium-wordpress\/ -->\n<title>Sa\u00e7 Ekimi | Estherian Clinic<\/title>\n<meta name=\"robots\" content=\"index, follow, max-snippet:-1, max-image-preview:large, max-video-preview:-1\" \/>\n<link rel=\"canonical\" href=\"https:\/\/estherian.com\/tr\/sac-ekimi\/\" \/>\n<meta property=\"og:locale\" content=\"tr_TR\" \/>\n<meta property=\"og:type\" content=\"article\" \/>\n<meta property=\"og:title\" content=\"Sa\u00e7 Ekimi\" \/>\n<meta property=\"og:description\" content=\"Looks better with Estherian Clinic. Plastic Surgery, Dental treatments and more beautiful services!\" \/>\n<meta property=\"og:url\" content=\"https:\/\/estherian.com\/tr\/sac-ekimi\/\" \/>\n<meta property=\"og:site_name\" content=\"Estherian Clinic\" \/>\n<meta property=\"article:publisher\" content=\"https:\/\/www.facebook.com\/estherianclinic.en\" \/>\n<meta property=\"article:modified_time\" content=\"2025-09-12T09:10:48+00:00\" \/>\n<meta property=\"og:image\" content=\"https:\/\/estherian.com\/wp-content\/uploads\/hair_transplant_2nd_1920x1080.jpg\" \/>\n\t<meta property=\"og:image:width\" content=\"1920\" \/>\n\t<meta property=\"og:image:height\" content=\"1080\" \/>\n\t<meta property=\"og:image:type\" content=\"image\/jpeg\" \/>\n<meta name=\"twitter:card\" content=\"summary_large_image\" \/>\n<meta name=\"twitter:site\" content=\"@EstherianTr\" \/>\n<meta name=\"twitter:label1\" content=\"Tahmini okuma s\u00fcresi\" \/>\n\t<meta name=\"twitter:data1\" content=\"4 dakika\" \/>\n<script type=\"application\/ld+json\" class=\"yoast-schema-graph\">{\"@context\":\"https:\\\/\\\/schema.org\",\"@graph\":[{\"@type\":\"Article\",\"@id\":\"https:\\\/\\\/estherian.com\\\/tr\\\/sac-ekimi\\\/#article\",\"isPartOf\":{\"@id\":\"https:\\\/\\\/estherian.com\\\/tr\\\/sac-ekimi\\\/\"},\"author\":{\"name\":\"ferhatk\",\"@id\":\"https:\\\/\\\/estherian.com\\\/tr\\\/#\\\/schema\\\/person\\\/0b1452799c3700afbfcfd3a0f5e64732\"},\"headline\":\"Sa\u00e7 Ekimi\",\"datePublished\":\"2024-11-27T07:33:13+00:00\",\"dateModified\":\"2025-09-12T09:10:48+00:00\",\"mainEntityOfPage\":{\"@id\":\"https:\\\/\\\/estherian.com\\\/tr\\\/sac-ekimi\\\/\"},\"wordCount\":657,\"publisher\":{\"@id\":\"https:\\\/\\\/estherian.com\\\/tr\\\/#organization\"},\"image\":{\"@id\":\"https:\\\/\\\/estherian.com\\\/tr\\\/sac-ekimi\\\/#primaryimage\"},\"thumbnailUrl\":\"https:\\\/\\\/estherian.com\\\/wp-content\\\/uploads\\\/hair_transplant_2nd_1920x1080.jpg\",\"inLanguage\":\"tr\"},{\"@type\":\"WebPage\",\"@id\":\"https:\\\/\\\/estherian.com\\\/tr\\\/sac-ekimi\\\/\",\"url\":\"https:\\\/\\\/estherian.com\\\/tr\\\/sac-ekimi\\\/\",\"name\":\"Sa\u00e7 Ekimi | Estherian Clinic\",\"isPartOf\":{\"@id\":\"https:\\\/\\\/estherian.com\\\/tr\\\/#website\"},\"primaryImageOfPage\":{\"@id\":\"https:\\\/\\\/estherian.com\\\/tr\\\/sac-ekimi\\\/#primaryimage\"},\"image\":{\"@id\":\"https:\\\/\\\/estherian.com\\\/tr\\\/sac-ekimi\\\/#primaryimage\"},\"thumbnailUrl\":\"https:\\\/\\\/estherian.com\\\/wp-content\\\/uploads\\\/hair_transplant_2nd_1920x1080.jpg\",\"datePublished\":\"2024-11-27T07:33:13+00:00\",\"dateModified\":\"2025-09-12T09:10:48+00:00\",\"breadcrumb\":{\"@id\":\"https:\\\/\\\/estherian.com\\\/tr\\\/sac-ekimi\\\/#breadcrumb\"},\"inLanguage\":\"tr\",\"potentialAction\":[{\"@type\":\"ReadAction\",\"target\":[\"https:\\\/\\\/estherian.com\\\/tr\\\/sac-ekimi\\\/\"]}]},{\"@type\":\"ImageObject\",\"inLanguage\":\"tr\",\"@id\":\"https:\\\/\\\/estherian.com\\\/tr\\\/sac-ekimi\\\/#primaryimage\",\"url\":\"https:\\\/\\\/estherian.com\\\/wp-content\\\/uploads\\\/hair_transplant_2nd_1920x1080.jpg\",\"contentUrl\":\"https:\\\/\\\/estherian.com\\\/wp-content\\\/uploads\\\/hair_transplant_2nd_1920x1080.jpg\",\"width\":1920,\"height\":1080},{\"@type\":\"BreadcrumbList\",\"@id\":\"https:\\\/\\\/estherian.com\\\/tr\\\/sac-ekimi\\\/#breadcrumb\",\"itemListElement\":[{\"@type\":\"ListItem\",\"position\":1,\"name\":\"Home\",\"item\":\"https:\\\/\\\/estherian.com\\\/tr\\\/\"},{\"@type\":\"ListItem\",\"position\":2,\"name\":\"Sa\u00e7 Ekimi\"}]},{\"@type\":\"WebSite\",\"@id\":\"https:\\\/\\\/estherian.com\\\/tr\\\/#website\",\"url\":\"https:\\\/\\\/estherian.com\\\/tr\\\/\",\"name\":\"Estherian Clinic\",\"description\":\"Plastic Surgery | Dental | Hair Transplant in Turkey\",\"publisher\":{\"@id\":\"https:\\\/\\\/estherian.com\\\/tr\\\/#organization\"},\"potentialAction\":[{\"@type\":\"SearchAction\",\"target\":{\"@type\":\"EntryPoint\",\"urlTemplate\":\"https:\\\/\\\/estherian.com\\\/tr\\\/?s={search_term_string}\"},\"query-input\":{\"@type\":\"PropertyValueSpecification\",\"valueRequired\":true,\"valueName\":\"search_term_string\"}}],\"inLanguage\":\"tr\"},{\"@type\":\"Organization\",\"@id\":\"https:\\\/\\\/estherian.com\\\/tr\\\/#organization\",\"name\":\"Estherian Clinic\",\"alternateName\":\"Estherian\",\"url\":\"https:\\\/\\\/estherian.com\\\/tr\\\/\",\"logo\":{\"@type\":\"ImageObject\",\"inLanguage\":\"tr\",\"@id\":\"https:\\\/\\\/estherian.com\\\/tr\\\/#\\\/schema\\\/logo\\\/image\\\/\",\"url\":\"https:\\\/\\\/estherian.com\\\/wp-content\\\/uploads\\\/2024\\\/10\\\/EstherianLogo.png\",\"contentUrl\":\"https:\\\/\\\/estherian.com\\\/wp-content\\\/uploads\\\/2024\\\/10\\\/EstherianLogo.png\",\"width\":882,\"height\":934,\"caption\":\"Estherian Clinic\"},\"image\":{\"@id\":\"https:\\\/\\\/estherian.com\\\/tr\\\/#\\\/schema\\\/logo\\\/image\\\/\"},\"sameAs\":[\"https:\\\/\\\/www.facebook.com\\\/estherianclinic.en\",\"https:\\\/\\\/x.com\\\/EstherianTr\",\"https:\\\/\\\/www.instagram.com\\\/estherianclinic\\\/\",\"https:\\\/\\\/www.tiktok.com\\\/@estherian.clinic\",\"https:\\\/\\\/www.youtube.com\\\/estherianclinic\"],\"email\":\"hi@estherian.com\",\"telephone\":\"+90-544-169-9000\",\"legalName\":\"ESTHERIAN CLINIC SA\u011eLIK H\u0130ZMETLER\u0130 SAN. T\u0130C. LTD. \u015eT\u0130.\",\"foundingDate\":\"2020-03-09\",\"vatID\":\"TR1601485625\",\"taxID\":\"1601485625\",\"numberOfEmployees\":{\"@type\":\"QuantitativeValue\",\"minValue\":\"51\",\"maxValue\":\"200\"},\"publishingPrinciples\":\"https:\\\/\\\/estherian.com\\\/tr\\\/sartlar-ve-kosullar\\\/\",\"actionableFeedbackPolicy\":\"https:\\\/\\\/estherian.com\\\/tr\\\/gizlilik-politikasi\\\/\",\"correctionsPolicy\":\"https:\\\/\\\/estherian.com\\\/tr\\\/gizlilik-politikasi\\\/\",\"ethicsPolicy\":\"https:\\\/\\\/estherian.com\\\/tr\\\/gizlilik-politikasi\\\/\",\"diversityPolicy\":\"https:\\\/\\\/estherian.com\\\/tr\\\/gizlilik-politikasi\\\/\",\"diversityStaffingReport\":\"https:\\\/\\\/estherian.com\\\/tr\\\/gizlilik-politikasi\\\/\"},{\"@type\":\"Person\",\"@id\":\"https:\\\/\\\/estherian.com\\\/tr\\\/#\\\/schema\\\/person\\\/0b1452799c3700afbfcfd3a0f5e64732\",\"name\":\"ferhatk\",\"image\":{\"@type\":\"ImageObject\",\"inLanguage\":\"tr\",\"@id\":\"https:\\\/\\\/secure.gravatar.com\\\/avatar\\\/5192156a410fa37c70ea8d4f0d01782533c470a75971ae114e5cd116be51ca05?s=96&d=mm&r=g\",\"url\":\"https:\\\/\\\/secure.gravatar.com\\\/avatar\\\/5192156a410fa37c70ea8d4f0d01782533c470a75971ae114e5cd116be51ca05?s=96&d=mm&r=g\",\"contentUrl\":\"https:\\\/\\\/secure.gravatar.com\\\/avatar\\\/5192156a410fa37c70ea8d4f0d01782533c470a75971ae114e5cd116be51ca05?s=96&d=mm&r=g\",\"caption\":\"ferhatk\"},\"sameAs\":[\"https:\\\/\\\/v2.estherian.com\"]}]}<\/script>\n<!-- \/ Yoast SEO Premium plugin. -->","yoast_head_json":{"title":"Sa\u00e7 Ekimi | Estherian Clinic","robots":{"index":"index","follow":"follow","max-snippet":"max-snippet:-1","max-image-preview":"max-image-preview:large","max-video-preview":"max-video-preview:-1"},"canonical":"https:\/\/estherian.com\/tr\/sac-ekimi\/","og_locale":"tr_TR","og_type":"article","og_title":"Sa\u00e7 Ekimi","og_description":"Looks better with Estherian Clinic. Plastic Surgery, Dental treatments and more beautiful services!","og_url":"https:\/\/estherian.com\/tr\/sac-ekimi\/","og_site_name":"Estherian Clinic","article_publisher":"https:\/\/www.facebook.com\/estherianclinic.en","article_modified_time":"2025-09-12T09:10:48+00:00","og_image":[{"width":1920,"height":1080,"url":"https:\/\/estherian.com\/wp-content\/uploads\/hair_transplant_2nd_1920x1080.jpg","type":"image\/jpeg"}],"twitter_card":"summary_large_image","twitter_site":"@EstherianTr","twitter_misc":{"Tahmini okuma s\u00fcresi":"4 dakika"},"schema":{"@context":"https:\/\/schema.org","@graph":[{"@type":"Article","@id":"https:\/\/estherian.com\/tr\/sac-ekimi\/#article","isPartOf":{"@id":"https:\/\/estherian.com\/tr\/sac-ekimi\/"},"author":{"name":"ferhatk","@id":"https:\/\/estherian.com\/tr\/#\/schema\/person\/0b1452799c3700afbfcfd3a0f5e64732"},"headline":"Sa\u00e7 Ekimi","datePublished":"2024-11-27T07:33:13+00:00","dateModified":"2025-09-12T09:10:48+00:00","mainEntityOfPage":{"@id":"https:\/\/estherian.com\/tr\/sac-ekimi\/"},"wordCount":657,"publisher":{"@id":"https:\/\/estherian.com\/tr\/#organization"},"image":{"@id":"https:\/\/estherian.com\/tr\/sac-ekimi\/#primaryimage"},"thumbnailUrl":"https:\/\/estherian.com\/wp-content\/uploads\/hair_transplant_2nd_1920x1080.jpg","inLanguage":"tr"},{"@type":"WebPage","@id":"https:\/\/estherian.com\/tr\/sac-ekimi\/","url":"https:\/\/estherian.com\/tr\/sac-ekimi\/","name":"Sa\u00e7 Ekimi | Estherian Clinic","isPartOf":{"@id":"https:\/\/estherian.com\/tr\/#website"},"primaryImageOfPage":{"@id":"https:\/\/estherian.com\/tr\/sac-ekimi\/#primaryimage"},"image":{"@id":"https:\/\/estherian.com\/tr\/sac-ekimi\/#primaryimage"},"thumbnailUrl":"https:\/\/estherian.com\/wp-content\/uploads\/hair_transplant_2nd_1920x1080.jpg","datePublished":"2024-11-27T07:33:13+00:00","dateModified":"2025-09-12T09:10:48+00:00","breadcrumb":{"@id":"https:\/\/estherian.com\/tr\/sac-ekimi\/#breadcrumb"},"inLanguage":"tr","potentialAction":[{"@type":"ReadAction","target":["https:\/\/estherian.com\/tr\/sac-ekimi\/"]}]},{"@type":"ImageObject","inLanguage":"tr","@id":"https:\/\/estherian.com\/tr\/sac-ekimi\/#primaryimage","url":"https:\/\/estherian.com\/wp-content\/uploads\/hair_transplant_2nd_1920x1080.jpg","contentUrl":"https:\/\/estherian.com\/wp-content\/uploads\/hair_transplant_2nd_1920x1080.jpg","width":1920,"height":1080},{"@type":"BreadcrumbList","@id":"https:\/\/estherian.com\/tr\/sac-ekimi\/#breadcrumb","itemListElement":[{"@type":"ListItem","position":1,"name":"Home","item":"https:\/\/estherian.com\/tr\/"},{"@type":"ListItem","position":2,"name":"Sa\u00e7 Ekimi"}]},{"@type":"WebSite","@id":"https:\/\/estherian.com\/tr\/#website","url":"https:\/\/estherian.com\/tr\/","name":"Estherian Clinic","description":"Plastic Surgery | Dental | Hair Transplant in Turkey","publisher":{"@id":"https:\/\/estherian.com\/tr\/#organization"},"potentialAction":[{"@type":"SearchAction","target":{"@type":"EntryPoint","urlTemplate":"https:\/\/estherian.com\/tr\/?s={search_term_string}"},"query-input":{"@type":"PropertyValueSpecification","valueRequired":true,"valueName":"search_term_string"}}],"inLanguage":"tr"},{"@type":"Organization","@id":"https:\/\/estherian.com\/tr\/#organization","name":"Estherian Clinic","alternateName":"Estherian","url":"https:\/\/estherian.com\/tr\/","logo":{"@type":"ImageObject","inLanguage":"tr","@id":"https:\/\/estherian.com\/tr\/#\/schema\/logo\/image\/","url":"https:\/\/estherian.com\/wp-content\/uploads\/2024\/10\/EstherianLogo.png","contentUrl":"https:\/\/estherian.com\/wp-content\/uploads\/2024\/10\/EstherianLogo.png","width":882,"height":934,"caption":"Estherian Clinic"},"image":{"@id":"https:\/\/estherian.com\/tr\/#\/schema\/logo\/image\/"},"sameAs":["https:\/\/www.facebook.com\/estherianclinic.en","https:\/\/x.com\/EstherianTr","https:\/\/www.instagram.com\/estherianclinic\/","https:\/\/www.tiktok.com\/@estherian.clinic","https:\/\/www.youtube.com\/estherianclinic"],"email":"hi@estherian.com","telephone":"+90-544-169-9000","legalName":"ESTHERIAN CLINIC SA\u011eLIK H\u0130ZMETLER\u0130 SAN. T\u0130C. LTD. \u015eT\u0130.","foundingDate":"2020-03-09","vatID":"TR1601485625","taxID":"1601485625","numberOfEmployees":{"@type":"QuantitativeValue","minValue":"51","maxValue":"200"},"publishingPrinciples":"https:\/\/estherian.com\/tr\/sartlar-ve-kosullar\/","actionableFeedbackPolicy":"https:\/\/estherian.com\/tr\/gizlilik-politikasi\/","correctionsPolicy":"https:\/\/estherian.com\/tr\/gizlilik-politikasi\/","ethicsPolicy":"https:\/\/estherian.com\/tr\/gizlilik-politikasi\/","diversityPolicy":"https:\/\/estherian.com\/tr\/gizlilik-politikasi\/","diversityStaffingReport":"https:\/\/estherian.com\/tr\/gizlilik-politikasi\/"},{"@type":"Person","@id":"https:\/\/estherian.com\/tr\/#\/schema\/person\/0b1452799c3700afbfcfd3a0f5e64732","name":"ferhatk","image":{"@type":"ImageObject","inLanguage":"tr","@id":"https:\/\/secure.gravatar.com\/avatar\/5192156a410fa37c70ea8d4f0d01782533c470a75971ae114e5cd116be51ca05?s=96&d=mm&r=g","url":"https:\/\/secure.gravatar.com\/avatar\/5192156a410fa37c70ea8d4f0d01782533c470a75971ae114e5cd116be51ca05?s=96&d=mm&r=g","contentUrl":"https:\/\/secure.gravatar.com\/avatar\/5192156a410fa37c70ea8d4f0d01782533c470a75971ae114e5cd116be51ca05?s=96&d=mm&r=g","caption":"ferhatk"},"sameAs":["https:\/\/v2.estherian.com"]}]}},"_links":{"self":[{"href":"https:\/\/estherian.com\/tr\/wp-json\/wp\/v2\/pages\/22125","targetHints":{"allow":["GET"]}}],"collection":[{"href":"https:\/\/estherian.com\/tr\/wp-json\/wp\/v2\/pages"}],"about":[{"href":"https:\/\/estherian.com\/tr\/wp-json\/wp\/v2\/types\/page"}],"author":[{"embeddable":true,"href":"https:\/\/estherian.com\/tr\/wp-json\/wp\/v2\/users\/1"}],"replies":[{"embeddable":true,"href":"https:\/\/estherian.com\/tr\/wp-json\/wp\/v2\/comments?post=22125"}],"version-history":[{"count":0,"href":"https:\/\/estherian.com\/tr\/wp-json\/wp\/v2\/pages\/22125\/revisions"}],"wp:featuredmedia":[{"embeddable":true,"href":"https:\/\/estherian.com\/tr\/wp-json\/wp\/v2\/media\/26716"}],"wp:attachment":[{"href":"https:\/\/estherian.com\/tr\/wp-json\/wp\/v2\/media?parent=22125"}],"curies":[{"name":"wp","href":"https:\/\/api.w.org\/{rel}","templated":true}]}}