{"id":22138,"date":"2024-11-27T08:27:29","date_gmt":"2024-11-27T08:27:29","guid":{"rendered":"https:\/\/v2.estherian.com\/?page_id=22138"},"modified":"2024-12-31T09:44:10","modified_gmt":"2024-12-31T09:44:10","slug":"sakal-ekimi","status":"publish","type":"page","link":"https:\/\/estherian.com\/tr\/sakal-ekimi\/","title":{"rendered":"Sakal Ekimi"},"content":{"rendered":"\n<p><\/p>\n\n\n\n<p>Sakal ekimi, v\u00fccudun bir b\u00f6lgesinden al\u0131nan sa\u00e7lar\u0131n \u00e7ene hatt\u0131na, sakal\u0131n b\u00fcy\u00fcmesini istedi\u011finiz alana ekilmesi i\u015flemidir.&nbsp;<strong>Basit gibi g\u00f6r\u00fcnse de karma\u015f\u0131k bir s\u00fcre\u00e7tir.<\/strong><\/p>\n\n\n\n<div class=\"wp-block-columns is-layout-flex wp-container-core-columns-is-layout-9d6595d7 wp-block-columns-is-layout-flex\">\n<div class=\"wp-block-column is-layout-flow wp-block-column-is-layout-flow\">\n<h2 class=\"wp-block-heading\">Sakal Ekimi Teknikleri<\/h2>\n\n\n\n<h3 class=\"wp-block-heading\">FUE Tekni\u011fi<\/h3>\n\n\n\n<p>Follik\u00fcler \u00fcnite ekstraksiyonu (FUE), sa\u00e7lar\u0131n sa\u011fl\u0131kl\u0131 ve daha dayan\u0131kl\u0131 oldu\u011fu b\u00f6lgelerden al\u0131narak sakal\u0131n seyrek ya da olmayan b\u00f6lgelerine ta\u015f\u0131nd\u0131\u011f\u0131 bir sa\u00e7 ekim y\u00f6ntemidir.&nbsp;<strong>Bu teknikle sa\u00e7 k\u00f6kleri, \u00f6nceden a\u00e7\u0131lm\u0131\u015f kanallara veya kesilere yerle\u015ftirilir.<\/strong>&nbsp;Hem sa\u00e7 k\u00f6klerinin al\u0131nmas\u0131 hem de ekim i\u015flemi s\u0131ras\u0131nda g\u00f6zle g\u00f6r\u00fcl\u00fcr bir iz olu\u015fmaz.<\/p>\n\n\n\n<h3 class=\"wp-block-heading\">DHI Tekni\u011fi<\/h3>\n\n\n\n<p>DHI y\u00f6ntemi, FUE tekni\u011finden farkl\u0131d\u0131r. Bu y\u00f6ntem, kafan\u0131n tamamen t\u0131ra\u015f edilmesini gerektirmez; sadece don\u00f6r b\u00f6lgedeki sa\u00e7lar k\u0131salt\u0131l\u0131r.&nbsp;<strong>Mikro Motor arac\u0131 kullan\u0131larak k\u00f6kler al\u0131n\u0131r ve Choi kalemleriyle do\u011frudan kanallar a\u00e7\u0131lmadan, her bir greftin a\u00e7\u0131s\u0131 ve y\u00f6n\u00fc kontrol edilerek ekim yap\u0131l\u0131r.<\/strong>&nbsp;Choi kalemleri daha hassast\u0131r ve do\u011fal bir g\u00f6r\u00fcn\u00fcm i\u00e7in \u00e7e\u015fitli boyutlarda kullan\u0131labilir.&nbsp;<strong>Bu teknik, daha h\u0131zl\u0131 iyile\u015fme s\u00fcrelerini destekler ve di\u011fer tekniklere k\u0131yasla minimal iyile\u015fme s\u00fcresi gerektirir.<\/strong><\/p>\n<\/div>\n\n\n\n<div class=\"wp-block-column is-layout-flow wp-block-column-is-layout-flow\">\n<figure class=\"wp-block-image size-full\"><img decoding=\"async\" width=\"300\" height=\"700\" src=\"https:\/\/estherian.com\/wp-content\/uploads\/beard-transplant-1-1.png\" alt=\"\" class=\"wp-image-23290\" title=\"beard-transplant\" srcset=\"https:\/\/estherian.com\/wp-content\/uploads\/beard-transplant-1-1.png 300w, https:\/\/estherian.com\/wp-content\/uploads\/beard-transplant-1-1-165x386.png 165w\" sizes=\"(max-width: 300px) 100vw, 300px\" \/><\/figure>\n<\/div>\n<\/div>\n\n\n\n<div class=\"wp-block-columns is-layout-flex wp-container-core-columns-is-layout-9d6595d7 wp-block-columns-is-layout-flex\">\n<div class=\"wp-block-column is-layout-flow wp-block-column-is-layout-flow\">\n<figure class=\"wp-block-image size-full\"><img decoding=\"async\" width=\"579\" height=\"800\" src=\"https:\/\/estherian.com\/wp-content\/uploads\/beard-transplant-men-1.png\" alt=\"beard transplant in turkey\" class=\"wp-image-23286\" title=\"beard-transplant-men\" srcset=\"https:\/\/estherian.com\/wp-content\/uploads\/beard-transplant-men-1.png 579w, https:\/\/estherian.com\/wp-content\/uploads\/beard-transplant-men-1-279x386.png 279w\" sizes=\"(max-width: 579px) 100vw, 579px\" \/><\/figure>\n<\/div>\n\n\n\n<div class=\"wp-block-column is-layout-flow wp-block-column-is-layout-flow\">\n<h2 class=\"wp-block-heading\">Sakal ve B\u0131y\u0131k Ekimi Nas\u0131l Yap\u0131l\u0131r?<\/h2>\n\n\n\n<h3 class=\"wp-block-heading\">OPERASYON \u00d6NCES\u0130-<\/h3>\n\n\n\n<p>Doktor, hastan\u0131n operasyona uygun olup olmad\u0131\u011f\u0131n\u0131 belirlemek i\u00e7in hastay\u0131 muayene eder.<\/p>\n\n\n\n<p>Doktorun sakal\u0131n\u0131z\u0131n do\u011fal b\u00fcy\u00fcmesini g\u00f6rmesi gerekir, bu nedenle muayeneden \u00f6nce t\u0131ra\u015f olmamal\u0131s\u0131n\u0131z.<\/p>\n\n\n\n<p>Doktorunuzun talimatlar\u0131na dikkatle uyman\u0131z en iyi sonu\u00e7lar\u0131 alman\u0131z\u0131 sa\u011flayacakt\u0131r.<\/p>\n\n\n\n<h3 class=\"wp-block-heading\">OPERASYON SIRASINDA<\/h3>\n\n\n\n<p>Sakal ekimi cerrahi prosed\u00fcr\u00fc, kullan\u0131lan teknikler a\u00e7\u0131s\u0131ndan sa\u00e7 ekimi prosed\u00fcr\u00fcne benzerdir.<\/p>\n\n\n\n<p><strong>Uzman cerrah, hasta i\u00e7in en uygun y\u00f6ntemi belirler.<\/strong><\/p>\n\n\n\n<h3 class=\"wp-block-heading\">OPERASYON SONRASI<\/h3>\n\n\n\n<p>Hastan\u0131n cerrah\u0131n talimatlar\u0131n\u0131 titizlikle ve dikkatle takip etmesi, sakal ekiminde istenen sonucu elde etmesine f\u0131rsat verir.<\/p>\n<\/div>\n<\/div>\n\n\n\n<h2 class=\"wp-block-heading\">Sakal Ekim Hakk\u0131nda S\u0131k\u00e7a Sorulan Sorular<\/h2>\n\n\n\n<h3 class=\"wp-block-heading\">Sakal Ekimi Kal\u0131c\u0131 m\u0131d\u0131r?<\/h3>\n\n\n\n<p>Sakal ekimi kal\u0131c\u0131 olarak kabul edilir \u00e7\u00fcnk\u00fc ekilen sa\u00e7 k\u00f6kleri yeni b\u00f6lgede \u00f6m\u00fcr boyu b\u00fcy\u00fcmeye devam eder.<\/p>\n\n\n\n<h3 class=\"wp-block-heading\">Sakal Ekimi Do\u011fal G\u00f6r\u00fcn\u00fcyor mu?<\/h3>\n\n\n\n<p>DHI ve FUE gibi modern teknikler, her bir folik\u00fcl\u00fc do\u011fru a\u00e7\u0131 ve yo\u011funlukta dikkatlice yerle\u015ftirerek do\u011fal bir g\u00f6r\u00fcn\u00fcm sa\u011flar.<\/p>\n\n\n\n<h3 class=\"wp-block-heading\">Sakal Ekimi \u0130\u00e7in \u0130yile\u015fme S\u00fcresi Nedir?<\/h3>\n\n\n\n<p>\u00c7o\u011fu hasta 2-3 g\u00fcn i\u00e7inde normal faaliyetlerine devam edebilir, ancak tedavi edilen b\u00f6lgedeki hafif k\u0131zar\u0131kl\u0131k ve \u015fi\u015fli\u011fin inmesi bir hafta kadar s\u00fcrebilir.<\/p>\n\n\n\n<h3 class=\"wp-block-heading\">Sakal\u0131m\u0131n \u015eeklini Se\u00e7ebilir miyim?<\/h3>\n\n\n\n<p>Evet, cerrah istedi\u011finiz sakal \u015feklini tasarlamak, y\u00fcz\u00fcn\u00fcze ve tercihlerinize g\u00f6re uyarlamak i\u00e7in sizinle birlikte \u00e7al\u0131\u015f\u0131r.<\/p>\n\n\n\n<h3 class=\"wp-block-heading\">Sakal Ekimi Di\u011fer Prosed\u00fcrlerle Kombine Edilebilir mi?<\/h3>\n\n\n\n<p>Evet, sakal ekimi, kapsaml\u0131 bir y\u00fcz k\u0131l restorasyonu i\u00e7in sa\u00e7 ekimi gibi di\u011fer prosed\u00fcrlerle birle\u015ftirilebilir.<\/p>\n\n\n\n<p><br><\/p>\n","protected":false},"excerpt":{"rendered":"<p>Sakal ekimi, v\u00fccudun bir b\u00f6lgesinden al\u0131nan sa\u00e7lar\u0131n \u00e7ene hatt\u0131na, sakal\u0131n b\u00fcy\u00fcmesini istedi\u011finiz alana ekilmesi i\u015flemidir.&nbsp;Basit gibi g\u00f6r\u00fcnse de karma\u015f\u0131k bir s\u00fcre\u00e7tir. Sakal Ekimi Teknikleri FUE Tekni\u011fi Follik\u00fcler \u00fcnite ekstraksiyonu (FUE), sa\u00e7lar\u0131n sa\u011fl\u0131kl\u0131 ve daha dayan\u0131kl\u0131 oldu\u011fu b\u00f6lgelerden al\u0131narak sakal\u0131n seyrek ya da olmayan b\u00f6lgelerine ta\u015f\u0131nd\u0131\u011f\u0131 bir sa\u00e7 ekim y\u00f6ntemidir.&nbsp;Bu teknikle sa\u00e7 k\u00f6kleri, \u00f6nceden a\u00e7\u0131lm\u0131\u015f kanallara&hellip;<\/p>\n","protected":false},"author":1,"featured_media":26619,"parent":0,"menu_order":10,"comment_status":"closed","ping_status":"closed","template":"","meta":{"footnotes":""},"class_list":["post-22138","page","type-page","status-publish","has-post-thumbnail","hentry","description-off"],"yoast_head":"<!-- This site is optimized with the Yoast SEO Premium plugin v27.3 (Yoast SEO v27.3) - https:\/\/yoast.com\/product\/yoast-seo-premium-wordpress\/ -->\n<title>Sakal Ekimi | Estherian Clinic<\/title>\n<meta name=\"robots\" content=\"index, follow, max-snippet:-1, max-image-preview:large, max-video-preview:-1\" \/>\n<link rel=\"canonical\" href=\"https:\/\/estherian.com\/tr\/sakal-ekimi\/\" \/>\n<meta property=\"og:locale\" content=\"tr_TR\" \/>\n<meta property=\"og:type\" content=\"article\" \/>\n<meta property=\"og:title\" content=\"Sakal Ekimi\" \/>\n<meta property=\"og:description\" content=\"Looks better with Estherian Clinic. Plastic Surgery, Dental treatments and more beautiful services!\" \/>\n<meta property=\"og:url\" content=\"https:\/\/estherian.com\/tr\/sakal-ekimi\/\" \/>\n<meta property=\"og:site_name\" content=\"Estherian Clinic\" \/>\n<meta property=\"article:publisher\" content=\"https:\/\/www.facebook.com\/estherianclinic.en\" \/>\n<meta property=\"article:modified_time\" content=\"2024-12-31T09:44:10+00:00\" \/>\n<meta property=\"og:image\" content=\"https:\/\/estherian.com\/wp-content\/uploads\/beard_transplant_in_turkey_1920x1080.jpg\" \/>\n\t<meta property=\"og:image:width\" content=\"1920\" \/>\n\t<meta property=\"og:image:height\" content=\"1080\" \/>\n\t<meta property=\"og:image:type\" content=\"image\/jpeg\" \/>\n<meta name=\"twitter:card\" content=\"summary_large_image\" \/>\n<meta name=\"twitter:site\" content=\"@EstherianTr\" \/>\n<meta name=\"twitter:label1\" content=\"Tahmini okuma s\u00fcresi\" \/>\n\t<meta name=\"twitter:data1\" content=\"2 dakika\" \/>\n<script type=\"application\/ld+json\" class=\"yoast-schema-graph\">{\"@context\":\"https:\\\/\\\/schema.org\",\"@graph\":[{\"@type\":\"Article\",\"@id\":\"https:\\\/\\\/estherian.com\\\/tr\\\/sakal-ekimi\\\/#article\",\"isPartOf\":{\"@id\":\"https:\\\/\\\/estherian.com\\\/tr\\\/sakal-ekimi\\\/\"},\"author\":{\"name\":\"ferhatk\",\"@id\":\"https:\\\/\\\/estherian.com\\\/tr\\\/#\\\/schema\\\/person\\\/0b1452799c3700afbfcfd3a0f5e64732\"},\"headline\":\"Sakal Ekimi\",\"datePublished\":\"2024-11-27T08:27:29+00:00\",\"dateModified\":\"2024-12-31T09:44:10+00:00\",\"mainEntityOfPage\":{\"@id\":\"https:\\\/\\\/estherian.com\\\/tr\\\/sakal-ekimi\\\/\"},\"wordCount\":524,\"publisher\":{\"@id\":\"https:\\\/\\\/estherian.com\\\/tr\\\/#organization\"},\"image\":{\"@id\":\"https:\\\/\\\/estherian.com\\\/tr\\\/sakal-ekimi\\\/#primaryimage\"},\"thumbnailUrl\":\"https:\\\/\\\/estherian.com\\\/wp-content\\\/uploads\\\/beard_transplant_in_turkey_1920x1080.jpg\",\"inLanguage\":\"tr\"},{\"@type\":\"WebPage\",\"@id\":\"https:\\\/\\\/estherian.com\\\/tr\\\/sakal-ekimi\\\/\",\"url\":\"https:\\\/\\\/estherian.com\\\/tr\\\/sakal-ekimi\\\/\",\"name\":\"Sakal Ekimi | Estherian Clinic\",\"isPartOf\":{\"@id\":\"https:\\\/\\\/estherian.com\\\/tr\\\/#website\"},\"primaryImageOfPage\":{\"@id\":\"https:\\\/\\\/estherian.com\\\/tr\\\/sakal-ekimi\\\/#primaryimage\"},\"image\":{\"@id\":\"https:\\\/\\\/estherian.com\\\/tr\\\/sakal-ekimi\\\/#primaryimage\"},\"thumbnailUrl\":\"https:\\\/\\\/estherian.com\\\/wp-content\\\/uploads\\\/beard_transplant_in_turkey_1920x1080.jpg\",\"datePublished\":\"2024-11-27T08:27:29+00:00\",\"dateModified\":\"2024-12-31T09:44:10+00:00\",\"breadcrumb\":{\"@id\":\"https:\\\/\\\/estherian.com\\\/tr\\\/sakal-ekimi\\\/#breadcrumb\"},\"inLanguage\":\"tr\",\"potentialAction\":[{\"@type\":\"ReadAction\",\"target\":[\"https:\\\/\\\/estherian.com\\\/tr\\\/sakal-ekimi\\\/\"]}]},{\"@type\":\"ImageObject\",\"inLanguage\":\"tr\",\"@id\":\"https:\\\/\\\/estherian.com\\\/tr\\\/sakal-ekimi\\\/#primaryimage\",\"url\":\"https:\\\/\\\/estherian.com\\\/wp-content\\\/uploads\\\/beard_transplant_in_turkey_1920x1080.jpg\",\"contentUrl\":\"https:\\\/\\\/estherian.com\\\/wp-content\\\/uploads\\\/beard_transplant_in_turkey_1920x1080.jpg\",\"width\":1920,\"height\":1080},{\"@type\":\"BreadcrumbList\",\"@id\":\"https:\\\/\\\/estherian.com\\\/tr\\\/sakal-ekimi\\\/#breadcrumb\",\"itemListElement\":[{\"@type\":\"ListItem\",\"position\":1,\"name\":\"Home\",\"item\":\"https:\\\/\\\/estherian.com\\\/tr\\\/\"},{\"@type\":\"ListItem\",\"position\":2,\"name\":\"Sakal Ekimi\"}]},{\"@type\":\"WebSite\",\"@id\":\"https:\\\/\\\/estherian.com\\\/tr\\\/#website\",\"url\":\"https:\\\/\\\/estherian.com\\\/tr\\\/\",\"name\":\"Estherian Clinic\",\"description\":\"Plastic Surgery | Dental | Hair Transplant in Turkey\",\"publisher\":{\"@id\":\"https:\\\/\\\/estherian.com\\\/tr\\\/#organization\"},\"potentialAction\":[{\"@type\":\"SearchAction\",\"target\":{\"@type\":\"EntryPoint\",\"urlTemplate\":\"https:\\\/\\\/estherian.com\\\/tr\\\/?s={search_term_string}\"},\"query-input\":{\"@type\":\"PropertyValueSpecification\",\"valueRequired\":true,\"valueName\":\"search_term_string\"}}],\"inLanguage\":\"tr\"},{\"@type\":\"Organization\",\"@id\":\"https:\\\/\\\/estherian.com\\\/tr\\\/#organization\",\"name\":\"Estherian Clinic\",\"alternateName\":\"Estherian\",\"url\":\"https:\\\/\\\/estherian.com\\\/tr\\\/\",\"logo\":{\"@type\":\"ImageObject\",\"inLanguage\":\"tr\",\"@id\":\"https:\\\/\\\/estherian.com\\\/tr\\\/#\\\/schema\\\/logo\\\/image\\\/\",\"url\":\"https:\\\/\\\/estherian.com\\\/wp-content\\\/uploads\\\/2024\\\/10\\\/EstherianLogo.png\",\"contentUrl\":\"https:\\\/\\\/estherian.com\\\/wp-content\\\/uploads\\\/2024\\\/10\\\/EstherianLogo.png\",\"width\":882,\"height\":934,\"caption\":\"Estherian Clinic\"},\"image\":{\"@id\":\"https:\\\/\\\/estherian.com\\\/tr\\\/#\\\/schema\\\/logo\\\/image\\\/\"},\"sameAs\":[\"https:\\\/\\\/www.facebook.com\\\/estherianclinic.en\",\"https:\\\/\\\/x.com\\\/EstherianTr\",\"https:\\\/\\\/www.instagram.com\\\/estherianclinic\\\/\",\"https:\\\/\\\/www.tiktok.com\\\/@estherian.clinic\",\"https:\\\/\\\/www.youtube.com\\\/estherianclinic\"],\"email\":\"hi@estherian.com\",\"telephone\":\"+90-544-169-9000\",\"legalName\":\"ESTHERIAN CLINIC SA\u011eLIK H\u0130ZMETLER\u0130 SAN. T\u0130C. LTD. \u015eT\u0130.\",\"foundingDate\":\"2020-03-09\",\"vatID\":\"TR1601485625\",\"taxID\":\"1601485625\",\"numberOfEmployees\":{\"@type\":\"QuantitativeValue\",\"minValue\":\"51\",\"maxValue\":\"200\"},\"publishingPrinciples\":\"https:\\\/\\\/estherian.com\\\/tr\\\/sartlar-ve-kosullar\\\/\",\"actionableFeedbackPolicy\":\"https:\\\/\\\/estherian.com\\\/tr\\\/gizlilik-politikasi\\\/\",\"correctionsPolicy\":\"https:\\\/\\\/estherian.com\\\/tr\\\/gizlilik-politikasi\\\/\",\"ethicsPolicy\":\"https:\\\/\\\/estherian.com\\\/tr\\\/gizlilik-politikasi\\\/\",\"diversityPolicy\":\"https:\\\/\\\/estherian.com\\\/tr\\\/gizlilik-politikasi\\\/\",\"diversityStaffingReport\":\"https:\\\/\\\/estherian.com\\\/tr\\\/gizlilik-politikasi\\\/\"},{\"@type\":\"Person\",\"@id\":\"https:\\\/\\\/estherian.com\\\/tr\\\/#\\\/schema\\\/person\\\/0b1452799c3700afbfcfd3a0f5e64732\",\"name\":\"ferhatk\",\"image\":{\"@type\":\"ImageObject\",\"inLanguage\":\"tr\",\"@id\":\"https:\\\/\\\/secure.gravatar.com\\\/avatar\\\/5192156a410fa37c70ea8d4f0d01782533c470a75971ae114e5cd116be51ca05?s=96&d=mm&r=g\",\"url\":\"https:\\\/\\\/secure.gravatar.com\\\/avatar\\\/5192156a410fa37c70ea8d4f0d01782533c470a75971ae114e5cd116be51ca05?s=96&d=mm&r=g\",\"contentUrl\":\"https:\\\/\\\/secure.gravatar.com\\\/avatar\\\/5192156a410fa37c70ea8d4f0d01782533c470a75971ae114e5cd116be51ca05?s=96&d=mm&r=g\",\"caption\":\"ferhatk\"},\"sameAs\":[\"https:\\\/\\\/v2.estherian.com\"]}]}<\/script>\n<!-- \/ Yoast SEO Premium plugin. -->","yoast_head_json":{"title":"Sakal Ekimi | Estherian Clinic","robots":{"index":"index","follow":"follow","max-snippet":"max-snippet:-1","max-image-preview":"max-image-preview:large","max-video-preview":"max-video-preview:-1"},"canonical":"https:\/\/estherian.com\/tr\/sakal-ekimi\/","og_locale":"tr_TR","og_type":"article","og_title":"Sakal Ekimi","og_description":"Looks better with Estherian Clinic. Plastic Surgery, Dental treatments and more beautiful services!","og_url":"https:\/\/estherian.com\/tr\/sakal-ekimi\/","og_site_name":"Estherian Clinic","article_publisher":"https:\/\/www.facebook.com\/estherianclinic.en","article_modified_time":"2024-12-31T09:44:10+00:00","og_image":[{"width":1920,"height":1080,"url":"https:\/\/estherian.com\/wp-content\/uploads\/beard_transplant_in_turkey_1920x1080.jpg","type":"image\/jpeg"}],"twitter_card":"summary_large_image","twitter_site":"@EstherianTr","twitter_misc":{"Tahmini okuma s\u00fcresi":"2 dakika"},"schema":{"@context":"https:\/\/schema.org","@graph":[{"@type":"Article","@id":"https:\/\/estherian.com\/tr\/sakal-ekimi\/#article","isPartOf":{"@id":"https:\/\/estherian.com\/tr\/sakal-ekimi\/"},"author":{"name":"ferhatk","@id":"https:\/\/estherian.com\/tr\/#\/schema\/person\/0b1452799c3700afbfcfd3a0f5e64732"},"headline":"Sakal Ekimi","datePublished":"2024-11-27T08:27:29+00:00","dateModified":"2024-12-31T09:44:10+00:00","mainEntityOfPage":{"@id":"https:\/\/estherian.com\/tr\/sakal-ekimi\/"},"wordCount":524,"publisher":{"@id":"https:\/\/estherian.com\/tr\/#organization"},"image":{"@id":"https:\/\/estherian.com\/tr\/sakal-ekimi\/#primaryimage"},"thumbnailUrl":"https:\/\/estherian.com\/wp-content\/uploads\/beard_transplant_in_turkey_1920x1080.jpg","inLanguage":"tr"},{"@type":"WebPage","@id":"https:\/\/estherian.com\/tr\/sakal-ekimi\/","url":"https:\/\/estherian.com\/tr\/sakal-ekimi\/","name":"Sakal Ekimi | Estherian Clinic","isPartOf":{"@id":"https:\/\/estherian.com\/tr\/#website"},"primaryImageOfPage":{"@id":"https:\/\/estherian.com\/tr\/sakal-ekimi\/#primaryimage"},"image":{"@id":"https:\/\/estherian.com\/tr\/sakal-ekimi\/#primaryimage"},"thumbnailUrl":"https:\/\/estherian.com\/wp-content\/uploads\/beard_transplant_in_turkey_1920x1080.jpg","datePublished":"2024-11-27T08:27:29+00:00","dateModified":"2024-12-31T09:44:10+00:00","breadcrumb":{"@id":"https:\/\/estherian.com\/tr\/sakal-ekimi\/#breadcrumb"},"inLanguage":"tr","potentialAction":[{"@type":"ReadAction","target":["https:\/\/estherian.com\/tr\/sakal-ekimi\/"]}]},{"@type":"ImageObject","inLanguage":"tr","@id":"https:\/\/estherian.com\/tr\/sakal-ekimi\/#primaryimage","url":"https:\/\/estherian.com\/wp-content\/uploads\/beard_transplant_in_turkey_1920x1080.jpg","contentUrl":"https:\/\/estherian.com\/wp-content\/uploads\/beard_transplant_in_turkey_1920x1080.jpg","width":1920,"height":1080},{"@type":"BreadcrumbList","@id":"https:\/\/estherian.com\/tr\/sakal-ekimi\/#breadcrumb","itemListElement":[{"@type":"ListItem","position":1,"name":"Home","item":"https:\/\/estherian.com\/tr\/"},{"@type":"ListItem","position":2,"name":"Sakal Ekimi"}]},{"@type":"WebSite","@id":"https:\/\/estherian.com\/tr\/#website","url":"https:\/\/estherian.com\/tr\/","name":"Estherian Clinic","description":"Plastic Surgery | Dental | Hair Transplant in Turkey","publisher":{"@id":"https:\/\/estherian.com\/tr\/#organization"},"potentialAction":[{"@type":"SearchAction","target":{"@type":"EntryPoint","urlTemplate":"https:\/\/estherian.com\/tr\/?s={search_term_string}"},"query-input":{"@type":"PropertyValueSpecification","valueRequired":true,"valueName":"search_term_string"}}],"inLanguage":"tr"},{"@type":"Organization","@id":"https:\/\/estherian.com\/tr\/#organization","name":"Estherian Clinic","alternateName":"Estherian","url":"https:\/\/estherian.com\/tr\/","logo":{"@type":"ImageObject","inLanguage":"tr","@id":"https:\/\/estherian.com\/tr\/#\/schema\/logo\/image\/","url":"https:\/\/estherian.com\/wp-content\/uploads\/2024\/10\/EstherianLogo.png","contentUrl":"https:\/\/estherian.com\/wp-content\/uploads\/2024\/10\/EstherianLogo.png","width":882,"height":934,"caption":"Estherian Clinic"},"image":{"@id":"https:\/\/estherian.com\/tr\/#\/schema\/logo\/image\/"},"sameAs":["https:\/\/www.facebook.com\/estherianclinic.en","https:\/\/x.com\/EstherianTr","https:\/\/www.instagram.com\/estherianclinic\/","https:\/\/www.tiktok.com\/@estherian.clinic","https:\/\/www.youtube.com\/estherianclinic"],"email":"hi@estherian.com","telephone":"+90-544-169-9000","legalName":"ESTHERIAN CLINIC SA\u011eLIK H\u0130ZMETLER\u0130 SAN. T\u0130C. LTD. \u015eT\u0130.","foundingDate":"2020-03-09","vatID":"TR1601485625","taxID":"1601485625","numberOfEmployees":{"@type":"QuantitativeValue","minValue":"51","maxValue":"200"},"publishingPrinciples":"https:\/\/estherian.com\/tr\/sartlar-ve-kosullar\/","actionableFeedbackPolicy":"https:\/\/estherian.com\/tr\/gizlilik-politikasi\/","correctionsPolicy":"https:\/\/estherian.com\/tr\/gizlilik-politikasi\/","ethicsPolicy":"https:\/\/estherian.com\/tr\/gizlilik-politikasi\/","diversityPolicy":"https:\/\/estherian.com\/tr\/gizlilik-politikasi\/","diversityStaffingReport":"https:\/\/estherian.com\/tr\/gizlilik-politikasi\/"},{"@type":"Person","@id":"https:\/\/estherian.com\/tr\/#\/schema\/person\/0b1452799c3700afbfcfd3a0f5e64732","name":"ferhatk","image":{"@type":"ImageObject","inLanguage":"tr","@id":"https:\/\/secure.gravatar.com\/avatar\/5192156a410fa37c70ea8d4f0d01782533c470a75971ae114e5cd116be51ca05?s=96&d=mm&r=g","url":"https:\/\/secure.gravatar.com\/avatar\/5192156a410fa37c70ea8d4f0d01782533c470a75971ae114e5cd116be51ca05?s=96&d=mm&r=g","contentUrl":"https:\/\/secure.gravatar.com\/avatar\/5192156a410fa37c70ea8d4f0d01782533c470a75971ae114e5cd116be51ca05?s=96&d=mm&r=g","caption":"ferhatk"},"sameAs":["https:\/\/v2.estherian.com"]}]}},"_links":{"self":[{"href":"https:\/\/estherian.com\/tr\/wp-json\/wp\/v2\/pages\/22138","targetHints":{"allow":["GET"]}}],"collection":[{"href":"https:\/\/estherian.com\/tr\/wp-json\/wp\/v2\/pages"}],"about":[{"href":"https:\/\/estherian.com\/tr\/wp-json\/wp\/v2\/types\/page"}],"author":[{"embeddable":true,"href":"https:\/\/estherian.com\/tr\/wp-json\/wp\/v2\/users\/1"}],"replies":[{"embeddable":true,"href":"https:\/\/estherian.com\/tr\/wp-json\/wp\/v2\/comments?post=22138"}],"version-history":[{"count":0,"href":"https:\/\/estherian.com\/tr\/wp-json\/wp\/v2\/pages\/22138\/revisions"}],"wp:featuredmedia":[{"embeddable":true,"href":"https:\/\/estherian.com\/tr\/wp-json\/wp\/v2\/media\/26619"}],"wp:attachment":[{"href":"https:\/\/estherian.com\/tr\/wp-json\/wp\/v2\/media?parent=22138"}],"curies":[{"name":"wp","href":"https:\/\/api.w.org\/{rel}","templated":true}]}}