{"id":22186,"date":"2024-11-22T11:49:20","date_gmt":"2024-11-22T08:49:20","guid":{"rendered":"https:\/\/v2.estherian.com\/?page_id=22186"},"modified":"2024-12-05T08:08:27","modified_gmt":"2024-12-05T08:08:27","slug":"yuz-yag-enjeksiyonu","status":"publish","type":"page","link":"https:\/\/estherian.com\/tr\/yuz-yag-enjeksiyonu\/","title":{"rendered":"Y\u00fcz Ya\u011f Enjeksiyonu"},"content":{"rendered":"\n<div class=\"wp-block-columns is-layout-flex wp-container-core-columns-is-layout-9d6595d7 wp-block-columns-is-layout-flex\">\n<div class=\"wp-block-column is-layout-flow wp-block-column-is-layout-flow\">\n<h2 class=\"wp-block-heading\">Y\u00fcze Ya\u011f Enjeksiyonu Nedir?<\/h2>\n\n\n\n<p>Y\u00fcze ya\u011f enjeksiyonu, y\u00fcz\u00fcn g\u00f6r\u00fcn\u00fcm\u00fcn\u00fc iyile\u015ftirmek i\u00e7in ya\u011f\u0131 do\u011fal bir dolgu maddesi olarak kullanan bir prosed\u00fcrd\u00fcr. Plastik cerrahide en pop\u00fcler prosed\u00fcrlerden biridir \u00e7\u00fcnk\u00fc geleneksel dolgu maddelerine g\u00f6re do\u011fal, daha g\u00fcvenli, daha etkili ve uzun vadeli bir alternatif olarak kabul edilir. Her 6-13 ayda bir tekrarlanmas\u0131 gereken dolgu enjeksiyonlar\u0131n\u0131n aksine, ya\u011f enjeksiyonlar\u0131 y\u0131llarca s\u00fcrebilir.<\/p>\n<\/div>\n\n\n\n<div class=\"wp-block-column is-layout-flow wp-block-column-is-layout-flow\">\n<figure class=\"wp-block-image size-full\"><img decoding=\"async\" width=\"602\" height=\"670\" src=\"https:\/\/estherian.com\/wp-content\/uploads\/face-fat-estherian-1.png\" alt=\"\" class=\"wp-image-23457\" title=\"face-fat-estherian\" srcset=\"https:\/\/estherian.com\/wp-content\/uploads\/face-fat-estherian-1.png 602w, https:\/\/estherian.com\/wp-content\/uploads\/face-fat-estherian-1-347x386.png 347w\" sizes=\"(max-width: 602px) 100vw, 602px\" \/><\/figure>\n<\/div>\n<\/div>\n\n\n\n<p>Ya\u015fland\u0131k\u00e7a y\u00fczdeki de\u011fi\u015fikliklerin birincil nedeni ya\u011f dokusu kayb\u0131d\u0131r, bu da ya\u011f enjeksiyonlar\u0131n\u0131 \u00f6zellikle \u015fakaklar, g\u00f6zler, g\u00f6z kapaklar\u0131, burun \u00e7izgisi, a\u011f\u0131z, yanaklar ve \u00e7ene \u00e7izgisi gibi b\u00f6lgelerde kaybedilen hacmi yenilemek ve dolgunlu\u011fu geri kazand\u0131rmak i\u00e7in ideal bir se\u00e7enek haline getirir.<\/p>\n\n\n\n<p>Y\u00fcz ya\u011f enjeksiyonlar\u0131 genel g\u00f6r\u00fcn\u00fcm\u00fcn\u00fcz\u00fc iyile\u015ftirerek daha yuvarlak, daha gen\u00e7 g\u00f6r\u00fcnen bir y\u00fcz ve daha p\u00fcr\u00fczs\u00fcz bir cilt sunar. Ayr\u0131ca, kuru cildi nemlendirmeye, ince k\u0131r\u0131\u015f\u0131kl\u0131klar\u0131 azaltmaya ve y\u00fczdeki pigmentasyon sorunlar\u0131n\u0131 azaltmaya yard\u0131mc\u0131 olurlar.<\/p>\n\n\n\n<div class=\"wp-block-columns is-layout-flex wp-container-core-columns-is-layout-9d6595d7 wp-block-columns-is-layout-flex\">\n<div class=\"wp-block-column is-layout-flow wp-block-column-is-layout-flow\">\n<figure class=\"wp-block-image size-full is-resized\"><img decoding=\"async\" width=\"398\" height=\"398\" src=\"https:\/\/estherian.com\/wp-content\/uploads\/injection-fat1-01.png\" alt=\"\" class=\"wp-image-23462\" style=\"width:399px;height:auto\" title=\"injection-fat1-01\" srcset=\"https:\/\/estherian.com\/wp-content\/uploads\/injection-fat1-01.png 398w, https:\/\/estherian.com\/wp-content\/uploads\/injection-fat1-01-386x386.png 386w, https:\/\/estherian.com\/wp-content\/uploads\/injection-fat1-01-275x275.png 275w\" sizes=\"(max-width: 398px) 100vw, 398px\" \/><\/figure>\n\n\n\n<figure class=\"wp-block-image size-full is-resized\"><img decoding=\"async\" width=\"398\" height=\"398\" src=\"https:\/\/estherian.com\/wp-content\/uploads\/injection-fat2-01.png\" alt=\"\" class=\"wp-image-23466\" style=\"width:447px;height:auto\" title=\"injection-fat2-01\" srcset=\"https:\/\/estherian.com\/wp-content\/uploads\/injection-fat2-01.png 398w, https:\/\/estherian.com\/wp-content\/uploads\/injection-fat2-01-386x386.png 386w, https:\/\/estherian.com\/wp-content\/uploads\/injection-fat2-01-275x275.png 275w\" sizes=\"(max-width: 398px) 100vw, 398px\" \/><\/figure>\n<\/div>\n\n\n\n<div class=\"wp-block-column is-layout-flow wp-block-column-is-layout-flow\">\n<h2 class=\"wp-block-heading\">Y\u00fcze Ya\u011f Enjeksiyonu \u0130\u015flemleri<\/h2>\n\n\n\n<h3 class=\"wp-block-heading\">Operasyon \u00d6ncesi<\/h3>\n\n\n\n<p>Ameliyattan \u00f6nce cerrah, sa\u011fl\u0131\u011f\u0131n\u0131z\u0131n iyi oldu\u011fundan emin olmak i\u00e7in kapsaml\u0131 bir t\u0131bbi muayene yapacakt\u0131r. Ayr\u0131ca ameliyattan \u00e7ok \u00f6nce sigaray\u0131 b\u0131rakman\u0131z istenecektir. Kanama riskini art\u0131rabilece\u011finden aspirin veya baz\u0131 anti-enflamatuar ila\u00e7lar almaktan ka\u00e7\u0131n\u0131n.<\/p>\n\n\n\n<h3 class=\"wp-block-heading\">Operasyon S\u0131ras\u0131nda<\/h3>\n\n\n\n<p>Prosed\u00fcr s\u0131ras\u0131nda tipik olarak lokal anestezi kullan\u0131l\u0131r ve ameliyat genellikle yakla\u015f\u0131k bir saat s\u00fcrer. Ya\u011f, bir kan\u00fcl kullan\u0131larak v\u00fccudun kal\u00e7a ve uyluk gibi belirli b\u00f6lgelerinden emilir. Bu ya\u011f daha sonra ince i\u011fneler kullan\u0131larak y\u00fcze yeniden enjekte edilmeden \u00f6nce safla\u015ft\u0131r\u0131l\u0131r. Prosed\u00fcr minimal invazivdir ve \u00e7o\u011fu hasta operasyondan sonraki g\u00fcn hastaneden ayr\u0131labilir.<\/p>\n<\/div>\n<\/div>\n\n\n\n<h3 class=\"wp-block-heading\">Operasyon Sonras\u0131<\/h3>\n\n\n\n<p>\u015ei\u015flik ve morarmay\u0131 azaltmak i\u00e7in ameliyat\u0131 takip eden ilk iki g\u00fcn boyunca buz paketleri uygulanmal\u0131d\u0131r. \u015ei\u015flik tipik olarak \u00fc\u00e7\u00fcnc\u00fc g\u00fcnden itibaren azal\u0131r ve sonraki hafta boyunca iyile\u015fmeye devam eder. Yan etkilerin \u00e7o\u011fu i\u015flemden sonraki \u00fc\u00e7 hafta i\u00e7inde tamamen ge\u00e7melidir.<\/p>\n\n\n\n<div class=\"wp-block-columns is-layout-flex wp-container-core-columns-is-layout-9d6595d7 wp-block-columns-is-layout-flex\">\n<div class=\"wp-block-column is-layout-flow wp-block-column-is-layout-flow\">\n<h2 class=\"wp-block-heading\">Y\u00fcze Ya\u011f Enjeksiyonu \u0130\u00e7in Kimler \u0130yi Bir Adayd\u0131r?<\/h2>\n\n\n\n<p>Y\u00fcze ya\u011f enjeksiyonu i\u00e7in ideal adaylar aras\u0131nda sa\u011fl\u0131kl\u0131, sigara i\u00e7meyen ve cilt sa\u011fl\u0131\u011f\u0131n\u0131 korumaya kararl\u0131 ki\u015filer yer almaktad\u0131r. Ayr\u0131ca, adaylar prosed\u00fcr\u00fcn sonu\u00e7lar\u0131na ili\u015fkin ger\u00e7ek\u00e7i beklentilere sahip olmal\u0131d\u0131r.<\/p>\n<\/div>\n\n\n\n<div class=\"wp-block-column is-layout-flow wp-block-column-is-layout-flow\">\n<figure class=\"wp-block-image size-full is-resized\"><img decoding=\"async\" width=\"712\" height=\"658\" src=\"https:\/\/estherian.com\/wp-content\/uploads\/face-fat-injection-estherian-712x658-1.png\" alt=\"\" class=\"wp-image-23474\" style=\"width:506px;height:auto\" title=\"face-fat-injection-estherian\" srcset=\"https:\/\/estherian.com\/wp-content\/uploads\/face-fat-injection-estherian-712x658-1.png 712w, https:\/\/estherian.com\/wp-content\/uploads\/face-fat-injection-estherian-712x658-1-386x357.png 386w\" sizes=\"(max-width: 712px) 100vw, 712px\" \/><\/figure>\n<\/div>\n<\/div>\n\n\n\n<h2 class=\"wp-block-heading\">Y\u00fcze Ya\u011f Enjeksiyonunun Riskleri Nelerdir?<\/h2>\n\n\n\n<p>Her prosed\u00fcrde oldu\u011fu gibi, y\u00fcz ya\u011f enjeksiyonlar\u0131 da a\u015fa\u011f\u0131dakiler dahil olmak \u00fczere belirli risklerle birlikte gelir:<\/p>\n\n\n\n<ul class=\"wp-block-list\">\n<li>Ka\u015f\u0131nt\u0131 ile birlikte deri d\u00f6k\u00fcnt\u00fcs\u00fc<\/li>\n\n\n\n<li>Cilt k\u0131zar\u0131kl\u0131\u011f\u0131<\/li>\n\n\n\n<li>\u015ei\u015fme<\/li>\n\n\n\n<li>Anestezi riskleri<\/li>\n<\/ul>\n\n\n\n<p>Komplikasyonlar nadir g\u00f6r\u00fclse de, endi\u015felerinizi \u00f6nceden cerrah\u0131n\u0131zla g\u00f6r\u00fc\u015fmeniz \u00f6nemlidir.<\/p>\n\n\n\n<h2 class=\"wp-block-heading\">Y\u00fcze Ya\u011f Enjeksiyonlar\u0131n\u0131n Maliyeti Ne Kadard\u0131r?<\/h2>\n\n\n\n<p>Y\u00fcz ya\u011f enjeksiyonlar\u0131n\u0131n maliyeti, kullan\u0131lan teknik, ya\u011f emilen alanlar ve ameliyat\u0131n di\u011fer prosed\u00fcrlerle birlikte yap\u0131l\u0131p yap\u0131lmad\u0131\u011f\u0131 dahil olmak \u00fczere \u00e7e\u015fitli fakt\u00f6rlere ba\u011fl\u0131 olarak b\u00fcy\u00fck \u00f6l\u00e7\u00fcde de\u011fi\u015febilir. Fiyatlar tipik olarak bir hastadan di\u011ferine farkl\u0131l\u0131k g\u00f6sterir ve birden fazla ameliyat\u0131n birle\u015ftirilmesi genel maliyeti etkileyebilir.<\/p>\n\n\n\n<h2 class=\"wp-block-heading\">S\u0131k\u00e7a Sorulan Sorular<\/h2>\n\n\n\n<h3 class=\"wp-block-heading\">Y\u00fcze Ya\u011f Enjeksiyonu Nedir?<\/h3>\n\n\n\n<p>Y\u00fcze ya\u011f enjeksiyonu, hacim kazand\u0131rmak ve y\u00fcz\u00fcn g\u00f6r\u00fcn\u00fcm\u00fcn\u00fc iyile\u015ftirmek i\u00e7in v\u00fccudun di\u011fer b\u00f6lgelerinden (kal\u00e7a veya uyluk gibi) al\u0131nan ya\u011f\u0131n kullan\u0131lmas\u0131n\u0131 i\u00e7eren kozmetik bir prosed\u00fcrd\u00fcr. Ya\u011f safla\u015ft\u0131r\u0131l\u0131r ve daha sonra y\u00fcz\u00fcn ya\u015flanma veya di\u011fer fakt\u00f6rler nedeniyle dolgunlu\u011funu kaybetmi\u015f b\u00f6lgelerine enjekte edilir.<\/p>\n\n\n\n<h3 class=\"wp-block-heading\">Y\u00fcze Ya\u011f Enjeksiyonlar\u0131 Ne Kadar S\u00fcrer?<\/h3>\n\n\n\n<p>Y\u00fcze ya\u011f enjeksiyonlar\u0131 uzun y\u0131llar s\u00fcrebilir. Her 6-13 ayda bir tekrarlanmas\u0131 gereken geleneksel dolgu maddelerinin aksine, ya\u011f enjeksiyonlar\u0131 daha uzun vadeli sonu\u00e7lar sa\u011flayabilir. Ancak sonu\u00e7lar\u0131n uzun \u00f6m\u00fcrl\u00fcl\u00fc\u011f\u00fc hastadan hastaya de\u011fi\u015febilir.<\/p>\n\n\n\n<h3 class=\"wp-block-heading\">\u0130yile\u015fme s\u00fcrecinde neler beklemeliyim?<\/h3>\n\n\n\n<p>\u0130\u015flemden sonra, birka\u00e7 g\u00fcn i\u00e7inde azalmaya ba\u015flamas\u0131 gereken \u015fi\u015flik ve morarma bekleyebilirsiniz. \u015ei\u015fli\u011fi azaltmak i\u00e7in ilk iki g\u00fcn boyunca buz paketleri kullan\u0131lmas\u0131 \u00f6nerilir. \u00dc\u00e7\u00fcnc\u00fc g\u00fcnden itibaren \u015fi\u015flik azalmaya ba\u015flayacak ve yan etkilerin \u00e7o\u011fu \u00fc\u00e7 hafta i\u00e7inde ge\u00e7ecektir.<\/p>\n\n\n\n<p><\/p>\n","protected":false},"excerpt":{"rendered":"<p>Y\u00fcze Ya\u011f Enjeksiyonu Nedir? Y\u00fcze ya\u011f enjeksiyonu, y\u00fcz\u00fcn g\u00f6r\u00fcn\u00fcm\u00fcn\u00fc iyile\u015ftirmek i\u00e7in ya\u011f\u0131 do\u011fal bir dolgu maddesi olarak kullanan bir prosed\u00fcrd\u00fcr. Plastik cerrahide en pop\u00fcler prosed\u00fcrlerden biridir \u00e7\u00fcnk\u00fc geleneksel dolgu maddelerine g\u00f6re do\u011fal, daha g\u00fcvenli, daha etkili ve uzun vadeli bir alternatif olarak kabul edilir. Her 6-13 ayda bir tekrarlanmas\u0131 gereken dolgu enjeksiyonlar\u0131n\u0131n aksine, ya\u011f enjeksiyonlar\u0131&hellip;<\/p>\n","protected":false},"author":1,"featured_media":0,"parent":0,"menu_order":10,"comment_status":"closed","ping_status":"closed","template":"","meta":{"footnotes":""},"class_list":["post-22186","page","type-page","status-publish","hentry","description-off"],"yoast_head":"<!-- This site is optimized with the Yoast SEO Premium plugin v27.3 (Yoast SEO v27.3) - https:\/\/yoast.com\/product\/yoast-seo-premium-wordpress\/ -->\n<title>Y\u00fcz Ya\u011f Enjeksiyonu | Estherian Clinic<\/title>\n<meta name=\"robots\" content=\"index, follow, max-snippet:-1, max-image-preview:large, max-video-preview:-1\" \/>\n<link rel=\"canonical\" href=\"https:\/\/estherian.com\/tr\/yuz-yag-enjeksiyonu\/\" \/>\n<meta property=\"og:locale\" content=\"tr_TR\" \/>\n<meta property=\"og:type\" content=\"article\" \/>\n<meta property=\"og:title\" content=\"Y\u00fcz Ya\u011f Enjeksiyonu\" \/>\n<meta property=\"og:description\" content=\"Looks better with Estherian Clinic. Plastic Surgery, Dental treatments and more beautiful services!\" \/>\n<meta property=\"og:url\" content=\"https:\/\/estherian.com\/tr\/yuz-yag-enjeksiyonu\/\" \/>\n<meta property=\"og:site_name\" content=\"Estherian Clinic\" \/>\n<meta property=\"article:publisher\" content=\"https:\/\/www.facebook.com\/estherianclinic.en\" \/>\n<meta property=\"article:modified_time\" content=\"2024-12-05T08:08:27+00:00\" \/>\n<meta property=\"og:image\" content=\"https:\/\/estherian.com\/wp-content\/uploads\/face-fat-estherian-1.png\" \/>\n\t<meta property=\"og:image:width\" content=\"602\" \/>\n\t<meta property=\"og:image:height\" content=\"670\" \/>\n\t<meta property=\"og:image:type\" content=\"image\/png\" \/>\n<meta name=\"twitter:card\" content=\"summary_large_image\" \/>\n<meta name=\"twitter:site\" content=\"@EstherianTr\" \/>\n<meta name=\"twitter:label1\" content=\"Tahmini okuma s\u00fcresi\" \/>\n\t<meta name=\"twitter:data1\" content=\"4 dakika\" \/>\n<script type=\"application\/ld+json\" class=\"yoast-schema-graph\">{\"@context\":\"https:\\\/\\\/schema.org\",\"@graph\":[{\"@type\":\"Article\",\"@id\":\"https:\\\/\\\/estherian.com\\\/tr\\\/yuz-yag-enjeksiyonu\\\/#article\",\"isPartOf\":{\"@id\":\"https:\\\/\\\/estherian.com\\\/tr\\\/yuz-yag-enjeksiyonu\\\/\"},\"author\":{\"name\":\"ferhatk\",\"@id\":\"https:\\\/\\\/estherian.com\\\/tr\\\/#\\\/schema\\\/person\\\/0b1452799c3700afbfcfd3a0f5e64732\"},\"headline\":\"Y\u00fcz Ya\u011f Enjeksiyonu\",\"datePublished\":\"2024-11-22T08:49:20+00:00\",\"dateModified\":\"2024-12-05T08:08:27+00:00\",\"mainEntityOfPage\":{\"@id\":\"https:\\\/\\\/estherian.com\\\/tr\\\/yuz-yag-enjeksiyonu\\\/\"},\"wordCount\":757,\"publisher\":{\"@id\":\"https:\\\/\\\/estherian.com\\\/tr\\\/#organization\"},\"image\":{\"@id\":\"https:\\\/\\\/estherian.com\\\/tr\\\/yuz-yag-enjeksiyonu\\\/#primaryimage\"},\"thumbnailUrl\":\"https:\\\/\\\/estherian.com\\\/wp-content\\\/uploads\\\/face-fat-estherian-1.png\",\"inLanguage\":\"tr\"},{\"@type\":\"WebPage\",\"@id\":\"https:\\\/\\\/estherian.com\\\/tr\\\/yuz-yag-enjeksiyonu\\\/\",\"url\":\"https:\\\/\\\/estherian.com\\\/tr\\\/yuz-yag-enjeksiyonu\\\/\",\"name\":\"Y\u00fcz Ya\u011f Enjeksiyonu | Estherian Clinic\",\"isPartOf\":{\"@id\":\"https:\\\/\\\/estherian.com\\\/tr\\\/#website\"},\"primaryImageOfPage\":{\"@id\":\"https:\\\/\\\/estherian.com\\\/tr\\\/yuz-yag-enjeksiyonu\\\/#primaryimage\"},\"image\":{\"@id\":\"https:\\\/\\\/estherian.com\\\/tr\\\/yuz-yag-enjeksiyonu\\\/#primaryimage\"},\"thumbnailUrl\":\"https:\\\/\\\/estherian.com\\\/wp-content\\\/uploads\\\/face-fat-estherian-1.png\",\"datePublished\":\"2024-11-22T08:49:20+00:00\",\"dateModified\":\"2024-12-05T08:08:27+00:00\",\"breadcrumb\":{\"@id\":\"https:\\\/\\\/estherian.com\\\/tr\\\/yuz-yag-enjeksiyonu\\\/#breadcrumb\"},\"inLanguage\":\"tr\",\"potentialAction\":[{\"@type\":\"ReadAction\",\"target\":[\"https:\\\/\\\/estherian.com\\\/tr\\\/yuz-yag-enjeksiyonu\\\/\"]}]},{\"@type\":\"ImageObject\",\"inLanguage\":\"tr\",\"@id\":\"https:\\\/\\\/estherian.com\\\/tr\\\/yuz-yag-enjeksiyonu\\\/#primaryimage\",\"url\":\"https:\\\/\\\/estherian.com\\\/wp-content\\\/uploads\\\/face-fat-estherian-1.png\",\"contentUrl\":\"https:\\\/\\\/estherian.com\\\/wp-content\\\/uploads\\\/face-fat-estherian-1.png\"},{\"@type\":\"BreadcrumbList\",\"@id\":\"https:\\\/\\\/estherian.com\\\/tr\\\/yuz-yag-enjeksiyonu\\\/#breadcrumb\",\"itemListElement\":[{\"@type\":\"ListItem\",\"position\":1,\"name\":\"Home\",\"item\":\"https:\\\/\\\/estherian.com\\\/tr\\\/\"},{\"@type\":\"ListItem\",\"position\":2,\"name\":\"Y\u00fcz Ya\u011f Enjeksiyonu\"}]},{\"@type\":\"WebSite\",\"@id\":\"https:\\\/\\\/estherian.com\\\/tr\\\/#website\",\"url\":\"https:\\\/\\\/estherian.com\\\/tr\\\/\",\"name\":\"Estherian Clinic\",\"description\":\"Plastic Surgery | Dental | Hair Transplant in Turkey\",\"publisher\":{\"@id\":\"https:\\\/\\\/estherian.com\\\/tr\\\/#organization\"},\"potentialAction\":[{\"@type\":\"SearchAction\",\"target\":{\"@type\":\"EntryPoint\",\"urlTemplate\":\"https:\\\/\\\/estherian.com\\\/tr\\\/?s={search_term_string}\"},\"query-input\":{\"@type\":\"PropertyValueSpecification\",\"valueRequired\":true,\"valueName\":\"search_term_string\"}}],\"inLanguage\":\"tr\"},{\"@type\":\"Organization\",\"@id\":\"https:\\\/\\\/estherian.com\\\/tr\\\/#organization\",\"name\":\"Estherian Clinic\",\"alternateName\":\"Estherian\",\"url\":\"https:\\\/\\\/estherian.com\\\/tr\\\/\",\"logo\":{\"@type\":\"ImageObject\",\"inLanguage\":\"tr\",\"@id\":\"https:\\\/\\\/estherian.com\\\/tr\\\/#\\\/schema\\\/logo\\\/image\\\/\",\"url\":\"https:\\\/\\\/estherian.com\\\/wp-content\\\/uploads\\\/2024\\\/10\\\/EstherianLogo.png\",\"contentUrl\":\"https:\\\/\\\/estherian.com\\\/wp-content\\\/uploads\\\/2024\\\/10\\\/EstherianLogo.png\",\"width\":882,\"height\":934,\"caption\":\"Estherian Clinic\"},\"image\":{\"@id\":\"https:\\\/\\\/estherian.com\\\/tr\\\/#\\\/schema\\\/logo\\\/image\\\/\"},\"sameAs\":[\"https:\\\/\\\/www.facebook.com\\\/estherianclinic.en\",\"https:\\\/\\\/x.com\\\/EstherianTr\",\"https:\\\/\\\/www.instagram.com\\\/estherianclinic\\\/\",\"https:\\\/\\\/www.tiktok.com\\\/@estherian.clinic\",\"https:\\\/\\\/www.youtube.com\\\/estherianclinic\"],\"email\":\"hi@estherian.com\",\"telephone\":\"+90-544-169-9000\",\"legalName\":\"ESTHERIAN CLINIC SA\u011eLIK H\u0130ZMETLER\u0130 SAN. T\u0130C. LTD. \u015eT\u0130.\",\"foundingDate\":\"2020-03-09\",\"vatID\":\"TR1601485625\",\"taxID\":\"1601485625\",\"numberOfEmployees\":{\"@type\":\"QuantitativeValue\",\"minValue\":\"51\",\"maxValue\":\"200\"},\"publishingPrinciples\":\"https:\\\/\\\/estherian.com\\\/tr\\\/sartlar-ve-kosullar\\\/\",\"actionableFeedbackPolicy\":\"https:\\\/\\\/estherian.com\\\/tr\\\/gizlilik-politikasi\\\/\",\"correctionsPolicy\":\"https:\\\/\\\/estherian.com\\\/tr\\\/gizlilik-politikasi\\\/\",\"ethicsPolicy\":\"https:\\\/\\\/estherian.com\\\/tr\\\/gizlilik-politikasi\\\/\",\"diversityPolicy\":\"https:\\\/\\\/estherian.com\\\/tr\\\/gizlilik-politikasi\\\/\",\"diversityStaffingReport\":\"https:\\\/\\\/estherian.com\\\/tr\\\/gizlilik-politikasi\\\/\"},{\"@type\":\"Person\",\"@id\":\"https:\\\/\\\/estherian.com\\\/tr\\\/#\\\/schema\\\/person\\\/0b1452799c3700afbfcfd3a0f5e64732\",\"name\":\"ferhatk\",\"image\":{\"@type\":\"ImageObject\",\"inLanguage\":\"tr\",\"@id\":\"https:\\\/\\\/secure.gravatar.com\\\/avatar\\\/5192156a410fa37c70ea8d4f0d01782533c470a75971ae114e5cd116be51ca05?s=96&d=mm&r=g\",\"url\":\"https:\\\/\\\/secure.gravatar.com\\\/avatar\\\/5192156a410fa37c70ea8d4f0d01782533c470a75971ae114e5cd116be51ca05?s=96&d=mm&r=g\",\"contentUrl\":\"https:\\\/\\\/secure.gravatar.com\\\/avatar\\\/5192156a410fa37c70ea8d4f0d01782533c470a75971ae114e5cd116be51ca05?s=96&d=mm&r=g\",\"caption\":\"ferhatk\"},\"sameAs\":[\"https:\\\/\\\/v2.estherian.com\"]}]}<\/script>\n<!-- \/ Yoast SEO Premium plugin. -->","yoast_head_json":{"title":"Y\u00fcz Ya\u011f Enjeksiyonu | Estherian Clinic","robots":{"index":"index","follow":"follow","max-snippet":"max-snippet:-1","max-image-preview":"max-image-preview:large","max-video-preview":"max-video-preview:-1"},"canonical":"https:\/\/estherian.com\/tr\/yuz-yag-enjeksiyonu\/","og_locale":"tr_TR","og_type":"article","og_title":"Y\u00fcz Ya\u011f Enjeksiyonu","og_description":"Looks better with Estherian Clinic. Plastic Surgery, Dental treatments and more beautiful services!","og_url":"https:\/\/estherian.com\/tr\/yuz-yag-enjeksiyonu\/","og_site_name":"Estherian Clinic","article_publisher":"https:\/\/www.facebook.com\/estherianclinic.en","article_modified_time":"2024-12-05T08:08:27+00:00","og_image":[{"width":602,"height":670,"url":"https:\/\/estherian.com\/wp-content\/uploads\/face-fat-estherian-1.png","type":"image\/png"}],"twitter_card":"summary_large_image","twitter_site":"@EstherianTr","twitter_misc":{"Tahmini okuma s\u00fcresi":"4 dakika"},"schema":{"@context":"https:\/\/schema.org","@graph":[{"@type":"Article","@id":"https:\/\/estherian.com\/tr\/yuz-yag-enjeksiyonu\/#article","isPartOf":{"@id":"https:\/\/estherian.com\/tr\/yuz-yag-enjeksiyonu\/"},"author":{"name":"ferhatk","@id":"https:\/\/estherian.com\/tr\/#\/schema\/person\/0b1452799c3700afbfcfd3a0f5e64732"},"headline":"Y\u00fcz Ya\u011f Enjeksiyonu","datePublished":"2024-11-22T08:49:20+00:00","dateModified":"2024-12-05T08:08:27+00:00","mainEntityOfPage":{"@id":"https:\/\/estherian.com\/tr\/yuz-yag-enjeksiyonu\/"},"wordCount":757,"publisher":{"@id":"https:\/\/estherian.com\/tr\/#organization"},"image":{"@id":"https:\/\/estherian.com\/tr\/yuz-yag-enjeksiyonu\/#primaryimage"},"thumbnailUrl":"https:\/\/estherian.com\/wp-content\/uploads\/face-fat-estherian-1.png","inLanguage":"tr"},{"@type":"WebPage","@id":"https:\/\/estherian.com\/tr\/yuz-yag-enjeksiyonu\/","url":"https:\/\/estherian.com\/tr\/yuz-yag-enjeksiyonu\/","name":"Y\u00fcz Ya\u011f Enjeksiyonu | Estherian Clinic","isPartOf":{"@id":"https:\/\/estherian.com\/tr\/#website"},"primaryImageOfPage":{"@id":"https:\/\/estherian.com\/tr\/yuz-yag-enjeksiyonu\/#primaryimage"},"image":{"@id":"https:\/\/estherian.com\/tr\/yuz-yag-enjeksiyonu\/#primaryimage"},"thumbnailUrl":"https:\/\/estherian.com\/wp-content\/uploads\/face-fat-estherian-1.png","datePublished":"2024-11-22T08:49:20+00:00","dateModified":"2024-12-05T08:08:27+00:00","breadcrumb":{"@id":"https:\/\/estherian.com\/tr\/yuz-yag-enjeksiyonu\/#breadcrumb"},"inLanguage":"tr","potentialAction":[{"@type":"ReadAction","target":["https:\/\/estherian.com\/tr\/yuz-yag-enjeksiyonu\/"]}]},{"@type":"ImageObject","inLanguage":"tr","@id":"https:\/\/estherian.com\/tr\/yuz-yag-enjeksiyonu\/#primaryimage","url":"https:\/\/estherian.com\/wp-content\/uploads\/face-fat-estherian-1.png","contentUrl":"https:\/\/estherian.com\/wp-content\/uploads\/face-fat-estherian-1.png"},{"@type":"BreadcrumbList","@id":"https:\/\/estherian.com\/tr\/yuz-yag-enjeksiyonu\/#breadcrumb","itemListElement":[{"@type":"ListItem","position":1,"name":"Home","item":"https:\/\/estherian.com\/tr\/"},{"@type":"ListItem","position":2,"name":"Y\u00fcz Ya\u011f Enjeksiyonu"}]},{"@type":"WebSite","@id":"https:\/\/estherian.com\/tr\/#website","url":"https:\/\/estherian.com\/tr\/","name":"Estherian Clinic","description":"Plastic Surgery | Dental | Hair Transplant in Turkey","publisher":{"@id":"https:\/\/estherian.com\/tr\/#organization"},"potentialAction":[{"@type":"SearchAction","target":{"@type":"EntryPoint","urlTemplate":"https:\/\/estherian.com\/tr\/?s={search_term_string}"},"query-input":{"@type":"PropertyValueSpecification","valueRequired":true,"valueName":"search_term_string"}}],"inLanguage":"tr"},{"@type":"Organization","@id":"https:\/\/estherian.com\/tr\/#organization","name":"Estherian Clinic","alternateName":"Estherian","url":"https:\/\/estherian.com\/tr\/","logo":{"@type":"ImageObject","inLanguage":"tr","@id":"https:\/\/estherian.com\/tr\/#\/schema\/logo\/image\/","url":"https:\/\/estherian.com\/wp-content\/uploads\/2024\/10\/EstherianLogo.png","contentUrl":"https:\/\/estherian.com\/wp-content\/uploads\/2024\/10\/EstherianLogo.png","width":882,"height":934,"caption":"Estherian Clinic"},"image":{"@id":"https:\/\/estherian.com\/tr\/#\/schema\/logo\/image\/"},"sameAs":["https:\/\/www.facebook.com\/estherianclinic.en","https:\/\/x.com\/EstherianTr","https:\/\/www.instagram.com\/estherianclinic\/","https:\/\/www.tiktok.com\/@estherian.clinic","https:\/\/www.youtube.com\/estherianclinic"],"email":"hi@estherian.com","telephone":"+90-544-169-9000","legalName":"ESTHERIAN CLINIC SA\u011eLIK H\u0130ZMETLER\u0130 SAN. T\u0130C. LTD. \u015eT\u0130.","foundingDate":"2020-03-09","vatID":"TR1601485625","taxID":"1601485625","numberOfEmployees":{"@type":"QuantitativeValue","minValue":"51","maxValue":"200"},"publishingPrinciples":"https:\/\/estherian.com\/tr\/sartlar-ve-kosullar\/","actionableFeedbackPolicy":"https:\/\/estherian.com\/tr\/gizlilik-politikasi\/","correctionsPolicy":"https:\/\/estherian.com\/tr\/gizlilik-politikasi\/","ethicsPolicy":"https:\/\/estherian.com\/tr\/gizlilik-politikasi\/","diversityPolicy":"https:\/\/estherian.com\/tr\/gizlilik-politikasi\/","diversityStaffingReport":"https:\/\/estherian.com\/tr\/gizlilik-politikasi\/"},{"@type":"Person","@id":"https:\/\/estherian.com\/tr\/#\/schema\/person\/0b1452799c3700afbfcfd3a0f5e64732","name":"ferhatk","image":{"@type":"ImageObject","inLanguage":"tr","@id":"https:\/\/secure.gravatar.com\/avatar\/5192156a410fa37c70ea8d4f0d01782533c470a75971ae114e5cd116be51ca05?s=96&d=mm&r=g","url":"https:\/\/secure.gravatar.com\/avatar\/5192156a410fa37c70ea8d4f0d01782533c470a75971ae114e5cd116be51ca05?s=96&d=mm&r=g","contentUrl":"https:\/\/secure.gravatar.com\/avatar\/5192156a410fa37c70ea8d4f0d01782533c470a75971ae114e5cd116be51ca05?s=96&d=mm&r=g","caption":"ferhatk"},"sameAs":["https:\/\/v2.estherian.com"]}]}},"_links":{"self":[{"href":"https:\/\/estherian.com\/tr\/wp-json\/wp\/v2\/pages\/22186","targetHints":{"allow":["GET"]}}],"collection":[{"href":"https:\/\/estherian.com\/tr\/wp-json\/wp\/v2\/pages"}],"about":[{"href":"https:\/\/estherian.com\/tr\/wp-json\/wp\/v2\/types\/page"}],"author":[{"embeddable":true,"href":"https:\/\/estherian.com\/tr\/wp-json\/wp\/v2\/users\/1"}],"replies":[{"embeddable":true,"href":"https:\/\/estherian.com\/tr\/wp-json\/wp\/v2\/comments?post=22186"}],"version-history":[{"count":0,"href":"https:\/\/estherian.com\/tr\/wp-json\/wp\/v2\/pages\/22186\/revisions"}],"wp:attachment":[{"href":"https:\/\/estherian.com\/tr\/wp-json\/wp\/v2\/media?parent=22186"}],"curies":[{"name":"wp","href":"https:\/\/api.w.org\/{rel}","templated":true}]}}