{"id":22347,"date":"2024-11-28T13:38:58","date_gmt":"2024-11-28T10:38:58","guid":{"rendered":"https:\/\/v2.estherian.com\/?page_id=22347"},"modified":"2026-03-12T14:29:07","modified_gmt":"2026-03-12T11:29:07","slug":"jinekomasti","status":"publish","type":"page","link":"https:\/\/estherian.com\/tr\/jinekomasti\/","title":{"rendered":"Jinekomasti"},"content":{"rendered":"\n<div class=\"wp-block-estherian-youtube-player\"><div style=\"max-width:850px;width:100%;margin:50px auto\"><div class=\"estherian-youtube-player\" data-video-id=\"BBDwyeT851E\" data-no-lazy=\"1\" style=\"position:relative;cursor:pointer;max-width:100%;overflow:hidden\"><img decoding=\"async\" src=\"https:\/\/estherian.com\/wp-content\/uploads\/2025\/06\/youtube-thumbnail-BBDwyeT851E.jpg\" alt=\"YouTube Thumbnail\" data-no-lazy=\"1\" loading=\"eager\" style=\"width:100%;height:auto;display:block\"\/><div class=\"estherian-youtube-play-button\" style=\"position:absolute;top:50%;left:50%;transform:translate(-50%, -50%);width:68px;height:48px;z-index:5\"><svg xmlns=\"http:\/\/www.w3.org\/2000\/svg\" viewBox=\"0 0 68 48\" style=\"width:100%;height:100%\"><path d=\"M66.52,7.74c-0.78-2.93-2.49-5.41-5.42-6.19C55.79,.13,34,0,34,0S12.21,.13,6.9,1.55 C3.97,2.33,2.27,4.81,1.48,7.74C0.06,13.05,0,24,0,24s0.06,10.95,1.48,16.26c0.78,2.93,2.49,5.41,5.42,6.19 C12.21,47.87,34,48,34,48s21.79-0.13,27.1-1.55c2.93-0.78,4.64-3.26,5.42-6.19C67.94,34.95,68,24,68,24S67.94,13.05,66.52,7.74z\" fill=\"#b3863d\"><\/path><path d=\"M 45,24 27,14 27,34\" fill=\"#fff\"><\/path><\/svg><\/div><\/div><\/div><\/div>\n\n<script type=\"application\/ld+json\">{\"@context\":\"https:\/\/schema.org\",\"@type\":\"VideoObject\",\"name\":\"Jinekomasti\",\"description\":\"Jinekomasti\",\"embedUrl\":\"https:\/\/www.youtube-nocookie.com\/embed\/BBDwyeT851E\",\"contentUrl\":\"https:\/\/www.youtube.com\/watch?v=BBDwyeT851E\",\"thumbnailUrl\":\"https:\/\/estherian.com\/wp-content\/uploads\/2025\/06\/youtube-thumbnail-BBDwyeT851E.jpg\",\"uploadDate\":\"2024-11-28T13:38:58+03:00\",\"creditText\":\"Estherian Clinic\",\"copyrightNotice\":\"\u00a9 2026 Estherian Clinic\"}<\/script>\n\n\n<div class=\"wp-block-columns is-layout-flex wp-container-core-columns-is-layout-9d6595d7 wp-block-columns-is-layout-flex\">\n<div class=\"wp-block-column is-layout-flow wp-block-column-is-layout-flow\">\n<h2 class=\"wp-block-heading\" id=\"h-jinekomasti-nedir\">Jinekomasti Nedir?<\/h2>\n\n\n\n<p><br><strong>Jinekomasti<\/strong>, erkeklerde g\u00f6\u011f\u00fcs dokusunun b\u00fcy\u00fcmesi anlam\u0131na gelir ve ya\u015fam\u0131n herhangi bir d\u00f6neminde ortaya \u00e7\u0131kabilir.<\/p>\n\n\n\n<p>Bu durum genellikle hormonal de\u011fi\u015fiklikler, genetik, obezite veya baz\u0131 ila\u00e7lar\u0131n kullan\u0131m\u0131 sonucu meydana gelir.<\/p>\n\n\n\n<p>Ergenlik d\u00f6neminde hormon seviyelerindeki de\u011fi\u015fikliklere ba\u011fl\u0131 olarak,&nbsp;<strong>g\u00f6\u011f\u00fcs b\u00fcy\u00fcmesi genellikle birka\u00e7 ay ile iki y\u0131l aras\u0131nda kendili\u011finden kaybolabilir.<\/strong><\/p>\n\n\n\n<p><strong>Jinekomasti ameliyat\u0131, fazla deri ve ya\u011f dokusunu \u00e7\u0131kararak ideal erkek g\u00f6\u011f\u00fcs hatlar\u0131n\u0131 elde etmeyi ama\u00e7lar.<\/strong><\/p>\n<\/div>\n\n\n\n<div class=\"wp-block-column is-layout-flow wp-block-column-is-layout-flow\">\n<figure class=\"wp-block-image size-full\"><img decoding=\"async\" src=\"https:\/\/estherian.com\/wp-content\/uploads\/gynecomastia-estherian.png\" alt=\"\" class=\"wp-image-23501\" title=\"gynecomastia-estherian\"\/><\/figure>\n<\/div>\n<\/div>\n\n\n\n<h2 class=\"wp-block-heading\" id=\"h-jinekomasti-ameliyatinin-sureci\">Jinekomasti Ameliyat\u0131n\u0131n S\u00fcreci<br><\/h2>\n\n\n\n<div class=\"wp-block-columns is-layout-flex wp-container-core-columns-is-layout-9d6595d7 wp-block-columns-is-layout-flex\">\n<div class=\"wp-block-column is-layout-flow wp-block-column-is-layout-flow\">\n<figure class=\"wp-block-image size-full is-resized\"><img decoding=\"async\" src=\"https:\/\/estherian.com\/wp-content\/uploads\/gynecomestia1-01.png\" alt=\"\" class=\"wp-image-23506\" style=\"aspect-ratio:1;width:410px;height:auto\" title=\"gynecomestia1-01\"\/><\/figure>\n<\/div>\n\n\n\n<div class=\"wp-block-column is-layout-flow wp-block-column-is-layout-flow\">\n<h3 class=\"wp-block-heading\" id=\"h-before-the-surgery\">Before The Surgery<\/h3>\n\n\n\n<h3 class=\"wp-block-heading\" id=\"h-ameliyat-oncesi\">Ameliyat \u00d6ncesi<\/h3>\n\n\n\n<p>Doktorunuz, ameliyattan \u00f6nce aspirin i\u00e7eren ila\u00e7lar\u0131 b\u0131rakman\u0131z\u0131 ve sigara i\u00e7iyorsan\u0131z b\u0131rakman\u0131z\u0131 tavsiye eder.<\/p>\n\n\n\n<p>Ameliyat \u00f6ncesinde doktor, hastan\u0131n operasyona uygun oldu\u011fundan emin olmak i\u00e7in bir dizi test yapar.<\/p>\n\n\n\n<p><strong>Jinekomasti, \u00e7o\u011funlukla fazla ya\u011f dokusundan kaynaklan\u0131yorsa, baz\u0131 durumlarda liposuction (ya\u011f alma) y\u00f6ntemi kullan\u0131labilir.<\/strong><\/p>\n\n\n\n<p>Tedavi, liposuction ya da eksizyon (doku \u00e7\u0131karma) y\u00f6ntemleriyle yap\u0131l\u0131r.<\/p>\n<\/div>\n<\/div>\n\n\n\n<div class=\"wp-block-columns is-layout-flex wp-container-core-columns-is-layout-9d6595d7 wp-block-columns-is-layout-flex\">\n<div class=\"wp-block-column is-layout-flow wp-block-column-is-layout-flow\">\n<figure class=\"wp-block-image size-full is-resized\"><img decoding=\"async\" src=\"https:\/\/estherian.com\/wp-content\/uploads\/gynecomestia2-01.png\" alt=\"\" class=\"wp-image-23510\" style=\"width:410px;height:auto\" title=\"gynecomestia2-01\"\/><\/figure>\n<\/div>\n\n\n\n<div class=\"wp-block-column is-layout-flow wp-block-column-is-layout-flow\">\n<h3 class=\"wp-block-heading\" id=\"h-ameliyat-sirasinda\">Ameliyat S\u0131ras\u0131nda<\/h3>\n\n\n\n<p>Ameliyat genel anestezi alt\u0131nda ger\u00e7ekle\u015ftirilir.<\/p>\n\n\n\n<p><strong>Jinekomasti ameliyat\u0131, g\u00f6\u011f\u00fcsteki fazla ya\u011f ve dokunun \u00e7\u0131kar\u0131lmas\u0131yla yap\u0131l\u0131r.<\/strong><\/p>\n\n\n\n<p>Cerrah, k\u00fc\u00e7\u00fck kesiler a\u00e7arak liposuction t\u00fcp\u00fcn\u00fc g\u00f6\u011f\u00fcs i\u00e7ine yerle\u015ftirir ve ya\u011f h\u00fccrelerini al\u0131r.<\/p>\n\n\n\n<h3 class=\"wp-block-heading\" id=\"h-ameliyat-sonrasi\">Ameliyat Sonras\u0131<\/h3>\n\n\n\n<p>\u0130zler zamanla solarken, hasta ideal bir g\u00f6\u011f\u00fcs yap\u0131s\u0131 i\u00e7in&nbsp;<strong>dengeli bir kilo korumal\u0131 ve d\u00fczenli egzersiz yapmal\u0131d\u0131r.<\/strong><\/p>\n\n\n\n<p>Ameliyat sonras\u0131 hasta hemen evine d\u00f6nebilir ve g\u00f6\u011fs\u00fc \u00f6rtmek i\u00e7in bir kompresyon bandaj\u0131 takar. Bu bandaj, \u015fi\u015fli\u011fi azaltmaya yard\u0131mc\u0131 olur.<\/p>\n\n\n\n<p><strong>Hasta, ameliyattan iki hafta sonra g\u00fcnl\u00fck aktivitelerine d\u00f6nebilir ve alt\u0131 haftal\u0131k bir iyile\u015fme s\u00fcresi boyunca yo\u011fun fiziksel aktivitelerden ka\u00e7\u0131nmal\u0131d\u0131r.<\/strong><\/p>\n\n\n\n<p><strong>Sonu\u00e7lar hem an\u0131nda hem de kal\u0131c\u0131d\u0131r.<\/strong>&nbsp;G\u00f6\u011f\u00fcs, birka\u00e7 hafta i\u00e7inde yeni \u015feklini al\u0131r.<\/p>\n<\/div>\n<\/div>\n\n\n\n<div class=\"wp-block-columns is-layout-flex wp-container-core-columns-is-layout-9d6595d7 wp-block-columns-is-layout-flex\">\n<div class=\"wp-block-column is-layout-flow wp-block-column-is-layout-flow\">\n<h2 class=\"wp-block-heading\" id=\"h-jinekomasti-ameliyati-icin-kimler-uygun\">Jinekomasti Ameliyat\u0131 \u0130\u00e7in Kimler Uygun?<\/h2>\n\n\n\n<ul class=\"wp-block-list\">\n<li>G\u00f6\u011f\u00fcslerinin b\u00fcy\u00fckl\u00fc\u011f\u00fcnden rahats\u0131zl\u0131k duyan erkekler<\/li>\n\n\n\n<li><strong>Sa\u011fl\u0131kl\u0131 bir v\u00fccuda ve nispeten normal bir kiloya sahip olmak<\/strong><\/li>\n\n\n\n<li>Ger\u00e7ek\u00e7i beklentilere sahip olmak<\/li>\n\n\n\n<li>Sigara i\u00e7memek<\/li>\n<\/ul>\n\n\n\n<h2 class=\"wp-block-heading\" id=\"h-jinekomasti-ameliyatinin-riskleri\">Jinekomasti Ameliyat\u0131n\u0131n Riskleri<\/h2>\n\n\n\n<ul class=\"wp-block-list\">\n<li>Anesteziye ba\u011fl\u0131 riskler<\/li>\n\n\n\n<li><strong>G\u00f6\u011f\u00fcs asimetrisi<\/strong><\/li>\n\n\n\n<li>Enfeksiyon<\/li>\n\n\n\n<li>S\u00fcrekli a\u011fr\u0131<\/li>\n\n\n\n<li>\u0130stenmeyen yara izi<\/li>\n\n\n\n<li>S\u0131v\u0131 birikimi (seroma)<\/li>\n<\/ul>\n<\/div>\n\n\n\n<div class=\"wp-block-column is-layout-flow wp-block-column-is-layout-flow\">\n<figure class=\"wp-block-image size-full\"><img decoding=\"async\" src=\"https:\/\/estherian.com\/wp-content\/uploads\/gyneco-surgery.png\" alt=\"\" class=\"wp-image-23514\" title=\"gyneco-surgery\"\/><\/figure>\n<\/div>\n<\/div>\n\n\n\n<div class=\"wp-block-columns is-layout-flex wp-container-core-columns-is-layout-9d6595d7 wp-block-columns-is-layout-flex\">\n<div class=\"wp-block-column is-layout-flow wp-block-column-is-layout-flow\">\n<figure class=\"wp-block-image size-full\"><img decoding=\"async\" src=\"https:\/\/estherian.com\/wp-content\/uploads\/portrait-gyn.png\" alt=\"\" class=\"wp-image-23518\" title=\"portrait-gyn\"\/><\/figure>\n<\/div>\n\n\n\n<div class=\"wp-block-column is-layout-flow wp-block-column-is-layout-flow\">\n<h2 class=\"wp-block-heading\" id=\"h-jinekomasti-ameliyati-icin-plastik-cerrah-nasil-secilir\">Jinekomasti Ameliyat\u0131 \u0130\u00e7in Plastik Cerrah Nas\u0131l Se\u00e7ilir?<\/h2>\n\n\n\n<p><strong>Cerrah\u0131n, t\u0131p fak\u00fcltesinden mezun olduktan sonra en az 6 y\u0131l deneyimi oldu\u011fundan ve akredite bir t\u0131p fak\u00fcltesinden mezun oldu\u011fundan emin olun.<\/strong><\/p>\n<\/div>\n<\/div>\n\n\n\n<h2 class=\"wp-block-heading\" id=\"h-jinekomasti-ameliyatinin-maliyeti\">Jinekomasti Ameliyat\u0131n\u0131n Maliyeti<br><\/h2>\n\n\n\n<p>Jinekomasti ameliyat\u0131n\u0131n fiyatlar\u0131 hastadan hastaya de\u011fi\u015fiklik g\u00f6sterebilir.&nbsp;<strong>Kullan\u0131lan teknik ve i\u015flem yap\u0131lacak alanlar fiyat \u00fczerinde b\u00fcy\u00fck rol oynar.<\/strong>&nbsp;Ayr\u0131ca, ameliyat\u0131n ba\u015fka operasyonlarla birle\u015ftirilmesi de maliyeti etkileyebilir.<\/p>\n\n\n\n<h2 class=\"wp-block-heading\" id=\"h-jinekomasti-ameliyati-hakkinda-sikca-sorulan-sorular\"><br>Jinekomasti Ameliyat\u0131 Hakk\u0131nda S\u0131k\u00e7a Sorulan Sorular<\/h2>\n\n\n\n<h3 class=\"wp-block-heading\" id=\"h-jinekomastiye-ne-sebep-olur\">Jinekomastiye Ne Sebep Olur?<\/h3>\n\n\n\n<p>Jinekomasti tipik olarak hormonal dengesizlikler, genetik, obezite veya baz\u0131 ila\u00e7lar\u0131n kullan\u0131m\u0131ndan kaynaklan\u0131r. Ergenlik d\u00f6neminde do\u011fal olarak da ortaya \u00e7\u0131kabilir.<\/p>\n\n\n\n<h3 class=\"wp-block-heading\" id=\"h-jinekomasti-ameliyatsiz-cozulebilir-mi\">Jinekomasti Ameliyats\u0131z \u00c7\u00f6z\u00fclebilir mi?<\/h3>\n\n\n\n<p>Evet, baz\u0131 durumlarda, \u00f6zellikle ergenlik d\u00f6neminde, jinekomasti birka\u00e7 ay ila iki y\u0131l i\u00e7inde kendili\u011finden d\u00fczelebilir. Ancak inat\u00e7\u0131 vakalar genellikle cerrahi m\u00fcdahale gerektirir.<\/p>\n\n\n\n<h3 class=\"wp-block-heading\" id=\"h-ameliyat-ne-kadar-surer\">Ameliyat Ne Kadar S\u00fcrer?<\/h3>\n\n\n\n<p>Jinekomasti ameliyat\u0131, karma\u015f\u0131kl\u0131\u011f\u0131na ve kullan\u0131lan tekni\u011fe ba\u011fl\u0131 olarak tipik olarak 1 ila 2 saat s\u00fcrer.<\/p>\n\n\n\n<h3 class=\"wp-block-heading\" id=\"h-ameliyat-icin-genel-anesteziye-ihtiyacim-olacak-mi\">Ameliyat i\u00e7in Genel Anesteziye \u0130htiyac\u0131m Olacak m\u0131?<\/h3>\n\n\n\n<p>Evet, jinekomasti ameliyat\u0131 genellikle hasta konforu ve g\u00fcvenli\u011fini sa\u011flamak i\u00e7in genel anestezi alt\u0131nda yap\u0131l\u0131r.<\/p>\n\n\n\n<h3 class=\"wp-block-heading\" id=\"h-sonuclar-kalici-mi\">Sonu\u00e7lar Kal\u0131c\u0131 m\u0131?<\/h3>\n\n\n\n<p>Evet, jinekomasti ameliyat\u0131n\u0131n sonu\u00e7lar\u0131 kal\u0131c\u0131d\u0131r. Bununla birlikte, \u00f6nemli kilo al\u0131m\u0131, hormonal dengesizlikler veya baz\u0131 ila\u00e7lar potansiyel olarak meme dokusunun yeniden b\u00fcy\u00fcmesine neden olabilir.<\/p>\n\n\n\n<h3 class=\"wp-block-heading\" id=\"h-iyilesme-zaman-cizelgesi-nedir\">\u0130yile\u015fme Zaman \u00c7izelgesi Nedir?<\/h3>\n\n\n\n<ul class=\"wp-block-list\">\n<li>\u0130lk Birka\u00e7 G\u00fcn:\u015ei\u015flik ve hafif rahats\u0131zl\u0131k, ila\u00e7la idare edilir.<\/li>\n\n\n\n<li>\u0130lk \u0130ki Hafta:G\u00fcnl\u00fck aktivitelere devam edin ancak yo\u011fun fiziksel efordan ka\u00e7\u0131n\u0131n.<\/li>\n\n\n\n<li>6 Hafta:Yorucu aktivitelere d\u00f6n\u00fc\u015f de dahil olmak \u00fczere tam iyile\u015fme.<\/li>\n<\/ul>\n\n\n\n<p><\/p>\n","protected":false},"excerpt":{"rendered":"<p>Jinekomasti Nedir? Jinekomasti, erkeklerde g\u00f6\u011f\u00fcs dokusunun b\u00fcy\u00fcmesi anlam\u0131na gelir ve ya\u015fam\u0131n herhangi bir d\u00f6neminde ortaya \u00e7\u0131kabilir. Bu durum genellikle hormonal de\u011fi\u015fiklikler, genetik, obezite veya baz\u0131 ila\u00e7lar\u0131n kullan\u0131m\u0131 sonucu meydana gelir. Ergenlik d\u00f6neminde hormon seviyelerindeki de\u011fi\u015fikliklere ba\u011fl\u0131 olarak,&nbsp;g\u00f6\u011f\u00fcs b\u00fcy\u00fcmesi genellikle birka\u00e7 ay ile iki y\u0131l aras\u0131nda kendili\u011finden kaybolabilir. Jinekomasti ameliyat\u0131, fazla deri ve ya\u011f dokusunu \u00e7\u0131kararak&hellip;<\/p>\n","protected":false},"author":1,"featured_media":27810,"parent":0,"menu_order":10,"comment_status":"closed","ping_status":"closed","template":"","meta":{"footnotes":""},"class_list":["post-22347","page","type-page","status-publish","has-post-thumbnail","hentry","description-off"],"yoast_head":"<!-- This site is optimized with the Yoast SEO Premium plugin v27.3 (Yoast SEO v27.3) - https:\/\/yoast.com\/product\/yoast-seo-premium-wordpress\/ -->\n<title>Jinekomasti | Estherian Clinic<\/title>\n<meta name=\"robots\" content=\"index, follow, max-snippet:-1, max-image-preview:large, max-video-preview:-1\" \/>\n<link rel=\"canonical\" href=\"https:\/\/estherian.com\/tr\/jinekomasti\/\" \/>\n<meta property=\"og:locale\" content=\"tr_TR\" \/>\n<meta property=\"og:type\" content=\"article\" \/>\n<meta property=\"og:title\" content=\"Jinekomasti\" \/>\n<meta property=\"og:description\" content=\"Looks better with Estherian Clinic. Plastic Surgery, Dental treatments and more beautiful services!\" \/>\n<meta property=\"og:url\" content=\"https:\/\/estherian.com\/tr\/jinekomasti\/\" \/>\n<meta property=\"og:site_name\" content=\"Estherian Clinic\" \/>\n<meta property=\"article:publisher\" content=\"https:\/\/www.facebook.com\/estherianclinic.en\" \/>\n<meta property=\"article:modified_time\" content=\"2026-03-12T11:29:07+00:00\" \/>\n<meta property=\"og:image\" content=\"https:\/\/estherian.com\/wp-content\/uploads\/male_breast_reduction_turkey_1920x1080.jpg\" \/>\n\t<meta property=\"og:image:width\" content=\"1920\" \/>\n\t<meta property=\"og:image:height\" content=\"1080\" \/>\n\t<meta property=\"og:image:type\" content=\"image\/jpeg\" \/>\n<meta name=\"twitter:card\" content=\"summary_large_image\" \/>\n<meta name=\"twitter:site\" content=\"@EstherianTr\" \/>\n<meta name=\"twitter:label1\" content=\"Tahmini okuma s\u00fcresi\" \/>\n\t<meta name=\"twitter:data1\" content=\"4 dakika\" \/>\n<script type=\"application\/ld+json\" class=\"yoast-schema-graph\">{\"@context\":\"https:\\\/\\\/schema.org\",\"@graph\":[{\"@type\":\"Article\",\"@id\":\"https:\\\/\\\/estherian.com\\\/tr\\\/jinekomasti\\\/#article\",\"isPartOf\":{\"@id\":\"https:\\\/\\\/estherian.com\\\/tr\\\/jinekomasti\\\/\"},\"author\":{\"name\":\"ferhatk\",\"@id\":\"https:\\\/\\\/estherian.com\\\/tr\\\/#\\\/schema\\\/person\\\/0b1452799c3700afbfcfd3a0f5e64732\"},\"headline\":\"Jinekomasti\",\"datePublished\":\"2024-11-28T10:38:58+00:00\",\"dateModified\":\"2026-03-12T11:29:07+00:00\",\"mainEntityOfPage\":{\"@id\":\"https:\\\/\\\/estherian.com\\\/tr\\\/jinekomasti\\\/\"},\"wordCount\":679,\"publisher\":{\"@id\":\"https:\\\/\\\/estherian.com\\\/tr\\\/#organization\"},\"image\":{\"@id\":\"https:\\\/\\\/estherian.com\\\/tr\\\/jinekomasti\\\/#primaryimage\"},\"thumbnailUrl\":\"https:\\\/\\\/estherian.com\\\/wp-content\\\/uploads\\\/male_breast_reduction_turkey_1920x1080.jpg\",\"inLanguage\":\"tr\"},{\"@type\":\"WebPage\",\"@id\":\"https:\\\/\\\/estherian.com\\\/tr\\\/jinekomasti\\\/\",\"url\":\"https:\\\/\\\/estherian.com\\\/tr\\\/jinekomasti\\\/\",\"name\":\"Jinekomasti | Estherian Clinic\",\"isPartOf\":{\"@id\":\"https:\\\/\\\/estherian.com\\\/tr\\\/#website\"},\"primaryImageOfPage\":{\"@id\":\"https:\\\/\\\/estherian.com\\\/tr\\\/jinekomasti\\\/#primaryimage\"},\"image\":{\"@id\":\"https:\\\/\\\/estherian.com\\\/tr\\\/jinekomasti\\\/#primaryimage\"},\"thumbnailUrl\":\"https:\\\/\\\/estherian.com\\\/wp-content\\\/uploads\\\/male_breast_reduction_turkey_1920x1080.jpg\",\"datePublished\":\"2024-11-28T10:38:58+00:00\",\"dateModified\":\"2026-03-12T11:29:07+00:00\",\"breadcrumb\":{\"@id\":\"https:\\\/\\\/estherian.com\\\/tr\\\/jinekomasti\\\/#breadcrumb\"},\"inLanguage\":\"tr\",\"potentialAction\":[{\"@type\":\"ReadAction\",\"target\":[\"https:\\\/\\\/estherian.com\\\/tr\\\/jinekomasti\\\/\"]}]},{\"@type\":\"ImageObject\",\"inLanguage\":\"tr\",\"@id\":\"https:\\\/\\\/estherian.com\\\/tr\\\/jinekomasti\\\/#primaryimage\",\"url\":\"https:\\\/\\\/estherian.com\\\/wp-content\\\/uploads\\\/male_breast_reduction_turkey_1920x1080.jpg\",\"contentUrl\":\"https:\\\/\\\/estherian.com\\\/wp-content\\\/uploads\\\/male_breast_reduction_turkey_1920x1080.jpg\",\"width\":1920,\"height\":1080},{\"@type\":\"BreadcrumbList\",\"@id\":\"https:\\\/\\\/estherian.com\\\/tr\\\/jinekomasti\\\/#breadcrumb\",\"itemListElement\":[{\"@type\":\"ListItem\",\"position\":1,\"name\":\"Home\",\"item\":\"https:\\\/\\\/estherian.com\\\/tr\\\/\"},{\"@type\":\"ListItem\",\"position\":2,\"name\":\"Jinekomasti\"}]},{\"@type\":\"WebSite\",\"@id\":\"https:\\\/\\\/estherian.com\\\/tr\\\/#website\",\"url\":\"https:\\\/\\\/estherian.com\\\/tr\\\/\",\"name\":\"Estherian Clinic\",\"description\":\"Plastic Surgery | Dental | Hair Transplant in Turkey\",\"publisher\":{\"@id\":\"https:\\\/\\\/estherian.com\\\/tr\\\/#organization\"},\"potentialAction\":[{\"@type\":\"SearchAction\",\"target\":{\"@type\":\"EntryPoint\",\"urlTemplate\":\"https:\\\/\\\/estherian.com\\\/tr\\\/?s={search_term_string}\"},\"query-input\":{\"@type\":\"PropertyValueSpecification\",\"valueRequired\":true,\"valueName\":\"search_term_string\"}}],\"inLanguage\":\"tr\"},{\"@type\":\"Organization\",\"@id\":\"https:\\\/\\\/estherian.com\\\/tr\\\/#organization\",\"name\":\"Estherian Clinic\",\"alternateName\":\"Estherian\",\"url\":\"https:\\\/\\\/estherian.com\\\/tr\\\/\",\"logo\":{\"@type\":\"ImageObject\",\"inLanguage\":\"tr\",\"@id\":\"https:\\\/\\\/estherian.com\\\/tr\\\/#\\\/schema\\\/logo\\\/image\\\/\",\"url\":\"https:\\\/\\\/estherian.com\\\/wp-content\\\/uploads\\\/2024\\\/10\\\/EstherianLogo.png\",\"contentUrl\":\"https:\\\/\\\/estherian.com\\\/wp-content\\\/uploads\\\/2024\\\/10\\\/EstherianLogo.png\",\"width\":882,\"height\":934,\"caption\":\"Estherian Clinic\"},\"image\":{\"@id\":\"https:\\\/\\\/estherian.com\\\/tr\\\/#\\\/schema\\\/logo\\\/image\\\/\"},\"sameAs\":[\"https:\\\/\\\/www.facebook.com\\\/estherianclinic.en\",\"https:\\\/\\\/x.com\\\/EstherianTr\",\"https:\\\/\\\/www.instagram.com\\\/estherianclinic\\\/\",\"https:\\\/\\\/www.tiktok.com\\\/@estherian.clinic\",\"https:\\\/\\\/www.youtube.com\\\/estherianclinic\"],\"email\":\"hi@estherian.com\",\"telephone\":\"+90-544-169-9000\",\"legalName\":\"ESTHERIAN CLINIC SA\u011eLIK H\u0130ZMETLER\u0130 SAN. T\u0130C. LTD. \u015eT\u0130.\",\"foundingDate\":\"2020-03-09\",\"vatID\":\"TR1601485625\",\"taxID\":\"1601485625\",\"numberOfEmployees\":{\"@type\":\"QuantitativeValue\",\"minValue\":\"51\",\"maxValue\":\"200\"},\"publishingPrinciples\":\"https:\\\/\\\/estherian.com\\\/tr\\\/sartlar-ve-kosullar\\\/\",\"actionableFeedbackPolicy\":\"https:\\\/\\\/estherian.com\\\/tr\\\/gizlilik-politikasi\\\/\",\"correctionsPolicy\":\"https:\\\/\\\/estherian.com\\\/tr\\\/gizlilik-politikasi\\\/\",\"ethicsPolicy\":\"https:\\\/\\\/estherian.com\\\/tr\\\/gizlilik-politikasi\\\/\",\"diversityPolicy\":\"https:\\\/\\\/estherian.com\\\/tr\\\/gizlilik-politikasi\\\/\",\"diversityStaffingReport\":\"https:\\\/\\\/estherian.com\\\/tr\\\/gizlilik-politikasi\\\/\"},{\"@type\":\"Person\",\"@id\":\"https:\\\/\\\/estherian.com\\\/tr\\\/#\\\/schema\\\/person\\\/0b1452799c3700afbfcfd3a0f5e64732\",\"name\":\"ferhatk\",\"image\":{\"@type\":\"ImageObject\",\"inLanguage\":\"tr\",\"@id\":\"https:\\\/\\\/secure.gravatar.com\\\/avatar\\\/5192156a410fa37c70ea8d4f0d01782533c470a75971ae114e5cd116be51ca05?s=96&d=mm&r=g\",\"url\":\"https:\\\/\\\/secure.gravatar.com\\\/avatar\\\/5192156a410fa37c70ea8d4f0d01782533c470a75971ae114e5cd116be51ca05?s=96&d=mm&r=g\",\"contentUrl\":\"https:\\\/\\\/secure.gravatar.com\\\/avatar\\\/5192156a410fa37c70ea8d4f0d01782533c470a75971ae114e5cd116be51ca05?s=96&d=mm&r=g\",\"caption\":\"ferhatk\"},\"sameAs\":[\"https:\\\/\\\/v2.estherian.com\"]}]}<\/script>\n<!-- \/ Yoast SEO Premium plugin. -->","yoast_head_json":{"title":"Jinekomasti | Estherian Clinic","robots":{"index":"index","follow":"follow","max-snippet":"max-snippet:-1","max-image-preview":"max-image-preview:large","max-video-preview":"max-video-preview:-1"},"canonical":"https:\/\/estherian.com\/tr\/jinekomasti\/","og_locale":"tr_TR","og_type":"article","og_title":"Jinekomasti","og_description":"Looks better with Estherian Clinic. Plastic Surgery, Dental treatments and more beautiful services!","og_url":"https:\/\/estherian.com\/tr\/jinekomasti\/","og_site_name":"Estherian Clinic","article_publisher":"https:\/\/www.facebook.com\/estherianclinic.en","article_modified_time":"2026-03-12T11:29:07+00:00","og_image":[{"width":1920,"height":1080,"url":"https:\/\/estherian.com\/wp-content\/uploads\/male_breast_reduction_turkey_1920x1080.jpg","type":"image\/jpeg"}],"twitter_card":"summary_large_image","twitter_site":"@EstherianTr","twitter_misc":{"Tahmini okuma s\u00fcresi":"4 dakika"},"schema":{"@context":"https:\/\/schema.org","@graph":[{"@type":"Article","@id":"https:\/\/estherian.com\/tr\/jinekomasti\/#article","isPartOf":{"@id":"https:\/\/estherian.com\/tr\/jinekomasti\/"},"author":{"name":"ferhatk","@id":"https:\/\/estherian.com\/tr\/#\/schema\/person\/0b1452799c3700afbfcfd3a0f5e64732"},"headline":"Jinekomasti","datePublished":"2024-11-28T10:38:58+00:00","dateModified":"2026-03-12T11:29:07+00:00","mainEntityOfPage":{"@id":"https:\/\/estherian.com\/tr\/jinekomasti\/"},"wordCount":679,"publisher":{"@id":"https:\/\/estherian.com\/tr\/#organization"},"image":{"@id":"https:\/\/estherian.com\/tr\/jinekomasti\/#primaryimage"},"thumbnailUrl":"https:\/\/estherian.com\/wp-content\/uploads\/male_breast_reduction_turkey_1920x1080.jpg","inLanguage":"tr"},{"@type":"WebPage","@id":"https:\/\/estherian.com\/tr\/jinekomasti\/","url":"https:\/\/estherian.com\/tr\/jinekomasti\/","name":"Jinekomasti | Estherian Clinic","isPartOf":{"@id":"https:\/\/estherian.com\/tr\/#website"},"primaryImageOfPage":{"@id":"https:\/\/estherian.com\/tr\/jinekomasti\/#primaryimage"},"image":{"@id":"https:\/\/estherian.com\/tr\/jinekomasti\/#primaryimage"},"thumbnailUrl":"https:\/\/estherian.com\/wp-content\/uploads\/male_breast_reduction_turkey_1920x1080.jpg","datePublished":"2024-11-28T10:38:58+00:00","dateModified":"2026-03-12T11:29:07+00:00","breadcrumb":{"@id":"https:\/\/estherian.com\/tr\/jinekomasti\/#breadcrumb"},"inLanguage":"tr","potentialAction":[{"@type":"ReadAction","target":["https:\/\/estherian.com\/tr\/jinekomasti\/"]}]},{"@type":"ImageObject","inLanguage":"tr","@id":"https:\/\/estherian.com\/tr\/jinekomasti\/#primaryimage","url":"https:\/\/estherian.com\/wp-content\/uploads\/male_breast_reduction_turkey_1920x1080.jpg","contentUrl":"https:\/\/estherian.com\/wp-content\/uploads\/male_breast_reduction_turkey_1920x1080.jpg","width":1920,"height":1080},{"@type":"BreadcrumbList","@id":"https:\/\/estherian.com\/tr\/jinekomasti\/#breadcrumb","itemListElement":[{"@type":"ListItem","position":1,"name":"Home","item":"https:\/\/estherian.com\/tr\/"},{"@type":"ListItem","position":2,"name":"Jinekomasti"}]},{"@type":"WebSite","@id":"https:\/\/estherian.com\/tr\/#website","url":"https:\/\/estherian.com\/tr\/","name":"Estherian Clinic","description":"Plastic Surgery | Dental | Hair Transplant in Turkey","publisher":{"@id":"https:\/\/estherian.com\/tr\/#organization"},"potentialAction":[{"@type":"SearchAction","target":{"@type":"EntryPoint","urlTemplate":"https:\/\/estherian.com\/tr\/?s={search_term_string}"},"query-input":{"@type":"PropertyValueSpecification","valueRequired":true,"valueName":"search_term_string"}}],"inLanguage":"tr"},{"@type":"Organization","@id":"https:\/\/estherian.com\/tr\/#organization","name":"Estherian Clinic","alternateName":"Estherian","url":"https:\/\/estherian.com\/tr\/","logo":{"@type":"ImageObject","inLanguage":"tr","@id":"https:\/\/estherian.com\/tr\/#\/schema\/logo\/image\/","url":"https:\/\/estherian.com\/wp-content\/uploads\/2024\/10\/EstherianLogo.png","contentUrl":"https:\/\/estherian.com\/wp-content\/uploads\/2024\/10\/EstherianLogo.png","width":882,"height":934,"caption":"Estherian Clinic"},"image":{"@id":"https:\/\/estherian.com\/tr\/#\/schema\/logo\/image\/"},"sameAs":["https:\/\/www.facebook.com\/estherianclinic.en","https:\/\/x.com\/EstherianTr","https:\/\/www.instagram.com\/estherianclinic\/","https:\/\/www.tiktok.com\/@estherian.clinic","https:\/\/www.youtube.com\/estherianclinic"],"email":"hi@estherian.com","telephone":"+90-544-169-9000","legalName":"ESTHERIAN CLINIC SA\u011eLIK H\u0130ZMETLER\u0130 SAN. T\u0130C. LTD. \u015eT\u0130.","foundingDate":"2020-03-09","vatID":"TR1601485625","taxID":"1601485625","numberOfEmployees":{"@type":"QuantitativeValue","minValue":"51","maxValue":"200"},"publishingPrinciples":"https:\/\/estherian.com\/tr\/sartlar-ve-kosullar\/","actionableFeedbackPolicy":"https:\/\/estherian.com\/tr\/gizlilik-politikasi\/","correctionsPolicy":"https:\/\/estherian.com\/tr\/gizlilik-politikasi\/","ethicsPolicy":"https:\/\/estherian.com\/tr\/gizlilik-politikasi\/","diversityPolicy":"https:\/\/estherian.com\/tr\/gizlilik-politikasi\/","diversityStaffingReport":"https:\/\/estherian.com\/tr\/gizlilik-politikasi\/"},{"@type":"Person","@id":"https:\/\/estherian.com\/tr\/#\/schema\/person\/0b1452799c3700afbfcfd3a0f5e64732","name":"ferhatk","image":{"@type":"ImageObject","inLanguage":"tr","@id":"https:\/\/secure.gravatar.com\/avatar\/5192156a410fa37c70ea8d4f0d01782533c470a75971ae114e5cd116be51ca05?s=96&d=mm&r=g","url":"https:\/\/secure.gravatar.com\/avatar\/5192156a410fa37c70ea8d4f0d01782533c470a75971ae114e5cd116be51ca05?s=96&d=mm&r=g","contentUrl":"https:\/\/secure.gravatar.com\/avatar\/5192156a410fa37c70ea8d4f0d01782533c470a75971ae114e5cd116be51ca05?s=96&d=mm&r=g","caption":"ferhatk"},"sameAs":["https:\/\/v2.estherian.com"]}]}},"_links":{"self":[{"href":"https:\/\/estherian.com\/tr\/wp-json\/wp\/v2\/pages\/22347","targetHints":{"allow":["GET"]}}],"collection":[{"href":"https:\/\/estherian.com\/tr\/wp-json\/wp\/v2\/pages"}],"about":[{"href":"https:\/\/estherian.com\/tr\/wp-json\/wp\/v2\/types\/page"}],"author":[{"embeddable":true,"href":"https:\/\/estherian.com\/tr\/wp-json\/wp\/v2\/users\/1"}],"replies":[{"embeddable":true,"href":"https:\/\/estherian.com\/tr\/wp-json\/wp\/v2\/comments?post=22347"}],"version-history":[{"count":0,"href":"https:\/\/estherian.com\/tr\/wp-json\/wp\/v2\/pages\/22347\/revisions"}],"wp:featuredmedia":[{"embeddable":true,"href":"https:\/\/estherian.com\/tr\/wp-json\/wp\/v2\/media\/27810"}],"wp:attachment":[{"href":"https:\/\/estherian.com\/tr\/wp-json\/wp\/v2\/media?parent=22347"}],"curies":[{"name":"wp","href":"https:\/\/api.w.org\/{rel}","templated":true}]}}