{"id":22356,"date":"2024-11-29T07:09:58","date_gmt":"2024-11-29T04:09:58","guid":{"rendered":"https:\/\/v2.estherian.com\/?page_id=22356"},"modified":"2026-04-17T14:25:12","modified_gmt":"2026-04-17T11:25:12","slug":"otoplasti","status":"publish","type":"page","link":"https:\/\/estherian.com\/tr\/otoplasti\/","title":{"rendered":"Otoplasti"},"content":{"rendered":"\n<h2 class=\"wp-block-heading\" id=\"h-otoplasti-nedir\">Otoplasti Nedir?<\/h2>\n\n\n\n<p>Otoplasti, d\u0131\u015f kula\u011f\u0131n konumunu, boyutunu veya \u015feklini d\u00fczelterek g\u00f6r\u00fcn\u00fcm\u00fcn\u00fc iyile\u015ftirmek i\u00e7in tasarlanm\u0131\u015f cerrahi bir prosed\u00fcrd\u00fcr. Bu operasyon genellikle kep\u00e7e, asimetrik veya \u015fekilsiz kulaklar konusunda kendini bilin\u00e7li hisseden bireyler taraf\u0131ndan talep edilir. Kulak k\u0131k\u0131rda\u011f\u0131n\u0131 yeniden \u015fekillendirerek, otoplasti daha dengeli ve estetik olarak ho\u015f bir g\u00f6r\u00fcn\u00fcm sa\u011flayabilir ve hastan\u0131n g\u00fcvenini \u00f6nemli \u00f6l\u00e7\u00fcde art\u0131rabilir.<\/p>\n\n\n\n<div class=\"wp-block-columns is-layout-flex wp-container-core-columns-is-layout-9d6595d7 wp-block-columns-is-layout-flex\">\n<div class=\"wp-block-column is-layout-flow wp-block-column-is-layout-flow\">\n<h2 class=\"wp-block-heading\" id=\"h-otoplasti-proseduru\">Otoplasti Prosed\u00fcr\u00fc<\/h2>\n\n\n\n<h3 class=\"wp-block-heading\" id=\"h-ameliyattan-once\">Ameliyattan \u00d6nce<\/h3>\n\n\n\n<p>Ameliyattan \u00f6nce cerrah, hastan\u0131n sa\u011fl\u0131k durumunun iyi oldu\u011fundan ve g\u00fcvenli bir \u015fekilde ameliyata girebilece\u011finden emin olmak i\u00e7in kapsaml\u0131 bir t\u0131bbi muayene yapar. \u0130yile\u015fmeyi engelleyebilece\u011finden, i\u015flemden \u00f6nce sigara i\u00e7ilmesi kesinlikle \u00f6nerilmez. Hastalara ayr\u0131ca ameliyat s\u0131ras\u0131nda ve sonras\u0131nda kanamay\u0131 art\u0131rabilecek aspirin ve anti-enflamatuar ila\u00e7lardan ka\u00e7\u0131nmalar\u0131 tavsiye edilir.<\/p>\n<\/div>\n\n\n\n<div class=\"wp-block-column is-layout-flow wp-block-column-is-layout-flow\">\n<figure class=\"wp-block-image size-full\"><img decoding=\"async\" width=\"398\" height=\"398\" src=\"https:\/\/estherian.com\/wp-content\/uploads\/otoplasty1-01.png\" alt=\"\" class=\"wp-image-23624\" title=\"otoplasty1-01\" srcset=\"https:\/\/estherian.com\/wp-content\/uploads\/otoplasty1-01.png 398w, https:\/\/estherian.com\/wp-content\/uploads\/otoplasty1-01-386x386.png 386w, https:\/\/estherian.com\/wp-content\/uploads\/otoplasty1-01-275x275.png 275w\" sizes=\"(max-width: 398px) 100vw, 398px\" \/><\/figure>\n<\/div>\n<\/div>\n\n\n\n<h3 class=\"wp-block-heading\" id=\"h-operasyon-sirasinda\">Operasyon S\u0131ras\u0131nda<\/h3>\n\n\n\n<p>Ameliyat s\u0131ras\u0131nda hastan\u0131n ihtiya\u00e7lar\u0131na g\u00f6re anestezi uygulan\u0131r. Se\u00e7enekler aras\u0131nda lokal, intraven\u00f6z sedasyon veya genel anestezi bulunur ve cerrah hastaya en uygun se\u00e7ene\u011fi se\u00e7mesi i\u00e7in rehberlik eder. G\u00f6r\u00fcn\u00fcr yara izini en aza indirmek i\u00e7in kesiler tipik olarak kula\u011f\u0131n arka y\u00fczeyinde yap\u0131l\u0131r. Kula\u011f\u0131n \u00f6n taraf\u0131nda kesiler gerekli oldu\u011funda, gizli kalmalar\u0131 i\u00e7in do\u011fal k\u0131vr\u0131mlar\u0131n i\u00e7ine dikkatlice yerle\u015ftirilirler. Kulak k\u0131k\u0131rda\u011f\u0131 yeniden \u015fekillendirilir ve i\u00e7ten, \u00e7\u0131kar\u0131lamayan diki\u015flerle sabitlenerek do\u011fal ve simetrik bir kontur olu\u015fturulur.<\/p>\n\n\n\n<h3 class=\"wp-block-heading\" id=\"h-ameliyat-sonrasi\">Ameliyat Sonras\u0131<\/h3>\n\n\n\n<p>sorunsuz bir iyile\u015fme sa\u011flamak i\u00e7in bak\u0131m \u015fartt\u0131r. Hastalara \u015fi\u015flik ve \u00f6demi azaltmak i\u00e7in ba\u015flar\u0131 yukar\u0131da olacak \u015fekilde dinlenmeleri tavsiye edilir. \u0130yile\u015fme s\u00fcrecinde yeni \u015fekli korumak ve kulaklar\u0131 korumak i\u00e7in genellikle koruyucu bir bandaj uygulan\u0131r.<\/p>\n\n\n\n<div class=\"wp-block-columns is-layout-flex wp-container-core-columns-is-layout-9d6595d7 wp-block-columns-is-layout-flex\">\n<div class=\"wp-block-column is-layout-flow wp-block-column-is-layout-flow\">\n<figure class=\"wp-block-image size-full\"><img decoding=\"async\" width=\"850\" height=\"702\" src=\"https:\/\/estherian.com\/wp-content\/uploads\/child-otoplasty.png\" alt=\"\" class=\"wp-image-23628\" title=\"child-otoplasty\" srcset=\"https:\/\/estherian.com\/wp-content\/uploads\/child-otoplasty.png 850w, https:\/\/estherian.com\/wp-content\/uploads\/child-otoplasty-386x319.png 386w, https:\/\/estherian.com\/wp-content\/uploads\/child-otoplasty-768x634.png 768w\" sizes=\"(max-width: 850px) 100vw, 850px\" \/><\/figure>\n<\/div>\n\n\n\n<div class=\"wp-block-column is-layout-flow wp-block-column-is-layout-flow\">\n<h2 class=\"wp-block-heading\" id=\"h-otoplasti-icin-ideal-adaylar\">Otoplasti i\u00e7in \u0130deal Adaylar<\/h2>\n\n\n\n<p>Herkes otoplasti i\u00e7in uygun bir aday de\u011fildir. Bu prosed\u00fcr, genel sa\u011fl\u0131k durumu iyi olan ve sonu\u00e7 hakk\u0131nda ger\u00e7ek\u00e7i beklentileri olan bireyler i\u00e7in en etkilidir. Be\u015f ya\u015f\u0131ndan k\u00fc\u00e7\u00fck \u00e7ocuklara otoplasti uygulanabilir, \u00e7\u00fcnk\u00fc kulak k\u0131k\u0131rdaklar\u0131 tipik olarak o ya\u015fa kadar d\u00fczeltme i\u00e7in yeterince stabildir. Sigara i\u00e7meyenler daha iyi iyile\u015fme sonu\u00e7lar\u0131na sahip olma e\u011filimindedir ve bu da onlar\u0131 ameliyat i\u00e7in daha uygun hale getirir. Ayr\u0131ca, adaylar prosed\u00fcrle ilgili duygular\u0131n\u0131 a\u00e7\u0131k\u00e7a ifade edebilmeli ve operasyona girmeye istekli olduklar\u0131n\u0131 g\u00f6stermelidir.<\/p>\n<\/div>\n<\/div>\n\n\n\n<h2 class=\"wp-block-heading\" id=\"h-otoplastinin-potansiyel-riskleri\">Otoplastinin Potansiyel Riskleri<\/h2>\n\n\n\n<p>Her cerrahi prosed\u00fcrde oldu\u011fu gibi otoplasti de baz\u0131 riskler ta\u015f\u0131r. Bunlar aras\u0131nda anestezi ile ilgili komplikasyonlar, kulaklar aras\u0131nda asimetri, kanama ve kan p\u0131ht\u0131s\u0131 olu\u015fumu yer al\u0131r. Baz\u0131 hastalar iyile\u015fme d\u00f6neminde cilt hissinde de\u011fi\u015fiklikler ya\u015fayabilir veya enfeksiyon geli\u015ftirebilir. Kulak \u00e7evresinde ge\u00e7ici cilt renk de\u011fi\u015fikli\u011fi veya \u015fi\u015flik de m\u00fcmk\u00fcnd\u00fcr. Nadir durumlarda, olumsuz yara izi veya arzu edilenden daha az estetik sonu\u00e7 ortaya \u00e7\u0131kabilir. Ancak, nitelikli ve deneyimli bir cerrah se\u00e7ilerek bu riskler en aza indirilebilir.<\/p>\n\n\n\n<h2 class=\"wp-block-heading\" id=\"h-otoplasti-maliyeti\">Otoplasti Maliyeti<\/h2>\n\n\n\n<p>Otoplastinin maliyeti, prosed\u00fcr\u00fcn karma\u015f\u0131kl\u0131\u011f\u0131na, kullan\u0131lan tekni\u011fe ve cerrah\u0131n uzmanl\u0131\u011f\u0131na ba\u011fl\u0131 olarak b\u00fcy\u00fck \u00f6l\u00e7\u00fcde de\u011fi\u015fir. Otoplasti ile birle\u015ftirildi\u011finde ek prosed\u00fcrlerin dahil edilmesi de toplam maliyeti etkileyebilir. Fiyatlar dalgalanma g\u00f6sterse de, yap\u0131lan yat\u0131r\u0131m, \u00f6zellikle kulaklar\u0131 konusunda uzun s\u00fcredir \u00f6z-bilin\u00e7 sahibi olan bireyler i\u00e7in genellikle \u00f6nemli psikolojik ve duygusal faydalar sa\u011flar.<\/p>\n\n\n\n<h2 class=\"wp-block-heading\" id=\"h-otoplasti-hakkinda-sikca-sorulan-sorular-sss\">Otoplasti Hakk\u0131nda S\u0131k\u00e7a Sorulan Sorular (SSS)<\/h2>\n\n\n\n<h3 class=\"wp-block-heading\" id=\"h-otoplasti-proseduru-ne-kadar-surer\">Otoplasti prosed\u00fcr\u00fc ne kadar s\u00fcrer?<\/h3>\n\n\n\n<p>Ameliyat s\u00fcresi, ihtiya\u00e7 duyulan d\u00fczeltmelerin karma\u015f\u0131kl\u0131\u011f\u0131na ba\u011fl\u0131 olarak tipik olarak 1 ila 3 saat aras\u0131nda de\u011fi\u015fmektedir.<\/p>\n\n\n\n<h3 class=\"wp-block-heading\" id=\"h-ameliyat-sirasinda-veya-sonrasinda-agri-hissedecek-miyim\">Ameliyat s\u0131ras\u0131nda veya sonras\u0131nda a\u011fr\u0131 hissedecek miyim?<\/h3>\n\n\n\n<p>\u0130\u015flem s\u0131ras\u0131nda anestezi herhangi bir ac\u0131 hissetmemenizi sa\u011flar. Ameliyat sonras\u0131 kulak \u00e7evresinde hafif rahats\u0131zl\u0131k veya a\u011fr\u0131 normaldir, ancak re\u00e7ete edilen a\u011fr\u0131 kesici ila\u00e7larla etkili bir \u015fekilde y\u00f6netilebilir.<\/p>\n\n\n\n<h3 class=\"wp-block-heading\" id=\"h-otoplasti-sonrasi-iyilesme-ne-kadar-surer\">Otoplasti sonras\u0131 iyile\u015fme ne kadar s\u00fcrer?<\/h3>\n\n\n\n<p>\u00c7o\u011fu hasta bir hafta i\u00e7inde normal g\u00fcnl\u00fck aktivitelerine d\u00f6ner. Bununla birlikte, \u015fi\u015flik ve morluklar\u0131n azalmas\u0131 da dahil olmak \u00fczere tam iyile\u015fme 4-6 hafta kadar s\u00fcrebilir.<\/p>\n\n\n\n<h3 class=\"wp-block-heading\" id=\"h-otoplasti-cocuklar-icin-hangi-yasta-onerilir\">Otoplasti \u00e7ocuklar i\u00e7in hangi ya\u015fta \u00f6nerilir?<\/h3>\n\n\n\n<p>Otoplasti, kulak k\u0131k\u0131rda\u011f\u0131 tipik olarak bu ya\u015fa kadar yeterince olgunla\u015ft\u0131\u011f\u0131 i\u00e7in be\u015f ya\u015f\u0131ndan k\u00fc\u00e7\u00fck \u00e7ocuklarda yap\u0131labilir.<\/p>\n\n\n\n<h3 class=\"wp-block-heading\" id=\"h-sonuclardan-memnun-kalmazsam-ne-olur\">Sonu\u00e7lardan memnun kalmazsam ne olur?<\/h3>\n\n\n\n<p>Nadir durumlarda, sonu\u00e7lar beklentilerinizi kar\u015f\u0131lamazsa revizyon ameliyat\u0131 bir se\u00e7enek olabilir. En iyi hareket tarz\u0131n\u0131 belirlemek i\u00e7in endi\u015felerinizi cerrah\u0131n\u0131zla g\u00f6r\u00fc\u015f\u00fcn.<\/p>\n\n\n\n<h2 class=\"wp-block-heading\" id=\"h-gercek-kepce-kulak-ameliyati-donusumleri-oncesi-ve-sonrasi\">Ger\u00e7ek Kep\u00e7e Kulak Ameliyat\u0131 D\u00f6n\u00fc\u015f\u00fcmleri \u2013 \u00d6ncesi ve Sonras\u0131<\/h2>\n\n\n\n<div class=\"wp-block-estherian-gallery\"><div id=\"estherian-gallery-clfzkfz\" class=\"estherian-gallery elastic-width\" data-slides-to-show=\"3\" data-mobile-slides-to-show=\"1\" data-autoplay=\"false\" data-autoplay-speed=\"3000\" data-show-arrows=\"true\" data-show-dots=\"true\" data-border-radius=\"20\" data-elastic-width=\"true\" data-fixed-height=\"359\" data-bottom-crop=\"0\"><div class=\"gallery-container\"><div class=\"gallery-slide\"><img decoding=\"async\" src=\"https:\/\/estherian.com\/wp-content\/uploads\/2025\/09\/OTOPLASTY-otoplasty-5.jpg\" alt=\"Kulak esteti\u011fi \u00f6ncesi ve sonras\u0131 sonu\u00e7lar\" style=\"border-radius:20px;height:359px;width:auto\"\/><\/div><div class=\"gallery-slide\"><img decoding=\"async\" src=\"https:\/\/estherian.com\/wp-content\/uploads\/2025\/09\/OTOPLASTY-otoplasty-6.jpg\" alt=\"\" style=\"border-radius:20px;height:359px;width:auto\"\/><\/div><div class=\"gallery-slide\"><img decoding=\"async\" src=\"https:\/\/estherian.com\/wp-content\/uploads\/2025\/09\/OTOPLASTY-otoplasty-7.jpg\" alt=\"\" style=\"border-radius:20px;height:359px;width:auto\"\/><\/div><div class=\"gallery-slide\"><img decoding=\"async\" src=\"https:\/\/estherian.com\/wp-content\/uploads\/2025\/09\/OTOPLASTY-otoplasty-8.jpg\" alt=\"\" style=\"border-radius:20px;height:359px;width:auto\"\/><\/div><div class=\"gallery-slide\"><img decoding=\"async\" src=\"https:\/\/estherian.com\/wp-content\/uploads\/2025\/09\/OTOPLASTY-otoplasty-9.jpg\" alt=\"\" style=\"border-radius:20px;height:359px;width:auto\"\/><\/div><div class=\"gallery-slide\"><img decoding=\"async\" src=\"https:\/\/estherian.com\/wp-content\/uploads\/2025\/09\/OTOPLASTY-otoplasty-1.jpg\" alt=\"\" style=\"border-radius:20px;height:359px;width:auto\"\/><\/div><div class=\"gallery-slide\"><img decoding=\"async\" src=\"https:\/\/estherian.com\/wp-content\/uploads\/2025\/09\/OTOPLASTY-Otoplasty-2.jpg\" alt=\"\" style=\"border-radius:20px;height:359px;width:auto\"\/><\/div><\/div><div class=\"gallery-nav\"><button class=\"prev\" aria-label=\"Previous\">\u276e<\/button><button class=\"next\" aria-label=\"Next\">\u276f<\/button><\/div><div class=\"gallery-dots\"><span class=\"dot active\"><\/span><span class=\"dot\"><\/span><span class=\"dot\"><\/span><span class=\"dot\"><\/span><span class=\"dot\"><\/span><span class=\"dot\"><\/span><span class=\"dot\"><\/span><\/div><\/div><\/div>\n","protected":false},"excerpt":{"rendered":"<p>Otoplasti Nedir? Otoplasti, d\u0131\u015f kula\u011f\u0131n konumunu, boyutunu veya \u015feklini d\u00fczelterek g\u00f6r\u00fcn\u00fcm\u00fcn\u00fc iyile\u015ftirmek i\u00e7in tasarlanm\u0131\u015f cerrahi bir prosed\u00fcrd\u00fcr. Bu operasyon genellikle kep\u00e7e, asimetrik veya \u015fekilsiz kulaklar konusunda kendini bilin\u00e7li hisseden bireyler taraf\u0131ndan talep edilir. Kulak k\u0131k\u0131rda\u011f\u0131n\u0131 yeniden \u015fekillendirerek, otoplasti daha dengeli ve estetik olarak ho\u015f bir g\u00f6r\u00fcn\u00fcm sa\u011flayabilir ve hastan\u0131n g\u00fcvenini \u00f6nemli \u00f6l\u00e7\u00fcde art\u0131rabilir. Otoplasti Prosed\u00fcr\u00fc&hellip;<\/p>\n","protected":false},"author":1,"featured_media":27760,"parent":0,"menu_order":10,"comment_status":"closed","ping_status":"closed","template":"","meta":{"footnotes":""},"class_list":["post-22356","page","type-page","status-publish","has-post-thumbnail","hentry","description-off"],"yoast_head":"<!-- This site is optimized with the Yoast SEO Premium plugin v27.3 (Yoast SEO v27.3) - https:\/\/yoast.com\/product\/yoast-seo-premium-wordpress\/ -->\n<title>Otoplasti | Estherian Clinic<\/title>\n<meta name=\"robots\" content=\"index, follow, max-snippet:-1, max-image-preview:large, max-video-preview:-1\" \/>\n<link rel=\"canonical\" href=\"https:\/\/estherian.com\/tr\/otoplasti\/\" \/>\n<meta property=\"og:locale\" content=\"tr_TR\" \/>\n<meta property=\"og:type\" content=\"article\" \/>\n<meta property=\"og:title\" content=\"Otoplasti\" \/>\n<meta property=\"og:description\" content=\"Looks better with Estherian Clinic. Plastic Surgery, Dental treatments and more beautiful services!\" \/>\n<meta property=\"og:url\" content=\"https:\/\/estherian.com\/tr\/otoplasti\/\" \/>\n<meta property=\"og:site_name\" content=\"Estherian Clinic\" \/>\n<meta property=\"article:publisher\" content=\"https:\/\/www.facebook.com\/estherianclinic.en\" \/>\n<meta property=\"article:modified_time\" content=\"2026-04-17T11:25:12+00:00\" \/>\n<meta property=\"og:image\" content=\"https:\/\/estherian.com\/wp-content\/uploads\/otoplasty_turkey_1920x1080.jpg\" \/>\n\t<meta property=\"og:image:width\" content=\"1920\" \/>\n\t<meta property=\"og:image:height\" content=\"1080\" \/>\n\t<meta property=\"og:image:type\" content=\"image\/jpeg\" \/>\n<meta name=\"twitter:card\" content=\"summary_large_image\" \/>\n<meta name=\"twitter:site\" content=\"@EstherianTr\" \/>\n<meta name=\"twitter:label1\" content=\"Tahmini okuma s\u00fcresi\" \/>\n\t<meta name=\"twitter:data1\" content=\"5 dakika\" \/>\n<script type=\"application\/ld+json\" class=\"yoast-schema-graph\">{\"@context\":\"https:\\\/\\\/schema.org\",\"@graph\":[{\"@type\":\"Article\",\"@id\":\"https:\\\/\\\/estherian.com\\\/tr\\\/otoplasti\\\/#article\",\"isPartOf\":{\"@id\":\"https:\\\/\\\/estherian.com\\\/tr\\\/otoplasti\\\/\"},\"author\":{\"name\":\"ferhatk\",\"@id\":\"https:\\\/\\\/estherian.com\\\/tr\\\/#\\\/schema\\\/person\\\/0b1452799c3700afbfcfd3a0f5e64732\"},\"headline\":\"Otoplasti\",\"datePublished\":\"2024-11-29T04:09:58+00:00\",\"dateModified\":\"2026-04-17T11:25:12+00:00\",\"mainEntityOfPage\":{\"@id\":\"https:\\\/\\\/estherian.com\\\/tr\\\/otoplasti\\\/\"},\"wordCount\":798,\"publisher\":{\"@id\":\"https:\\\/\\\/estherian.com\\\/tr\\\/#organization\"},\"image\":{\"@id\":\"https:\\\/\\\/estherian.com\\\/tr\\\/otoplasti\\\/#primaryimage\"},\"thumbnailUrl\":\"https:\\\/\\\/estherian.com\\\/wp-content\\\/uploads\\\/otoplasty_turkey_1920x1080.jpg\",\"inLanguage\":\"tr\"},{\"@type\":\"WebPage\",\"@id\":\"https:\\\/\\\/estherian.com\\\/tr\\\/otoplasti\\\/\",\"url\":\"https:\\\/\\\/estherian.com\\\/tr\\\/otoplasti\\\/\",\"name\":\"Otoplasti | Estherian Clinic\",\"isPartOf\":{\"@id\":\"https:\\\/\\\/estherian.com\\\/tr\\\/#website\"},\"primaryImageOfPage\":{\"@id\":\"https:\\\/\\\/estherian.com\\\/tr\\\/otoplasti\\\/#primaryimage\"},\"image\":{\"@id\":\"https:\\\/\\\/estherian.com\\\/tr\\\/otoplasti\\\/#primaryimage\"},\"thumbnailUrl\":\"https:\\\/\\\/estherian.com\\\/wp-content\\\/uploads\\\/otoplasty_turkey_1920x1080.jpg\",\"datePublished\":\"2024-11-29T04:09:58+00:00\",\"dateModified\":\"2026-04-17T11:25:12+00:00\",\"breadcrumb\":{\"@id\":\"https:\\\/\\\/estherian.com\\\/tr\\\/otoplasti\\\/#breadcrumb\"},\"inLanguage\":\"tr\",\"potentialAction\":[{\"@type\":\"ReadAction\",\"target\":[\"https:\\\/\\\/estherian.com\\\/tr\\\/otoplasti\\\/\"]}]},{\"@type\":\"ImageObject\",\"inLanguage\":\"tr\",\"@id\":\"https:\\\/\\\/estherian.com\\\/tr\\\/otoplasti\\\/#primaryimage\",\"url\":\"https:\\\/\\\/estherian.com\\\/wp-content\\\/uploads\\\/otoplasty_turkey_1920x1080.jpg\",\"contentUrl\":\"https:\\\/\\\/estherian.com\\\/wp-content\\\/uploads\\\/otoplasty_turkey_1920x1080.jpg\",\"width\":1920,\"height\":1080},{\"@type\":\"BreadcrumbList\",\"@id\":\"https:\\\/\\\/estherian.com\\\/tr\\\/otoplasti\\\/#breadcrumb\",\"itemListElement\":[{\"@type\":\"ListItem\",\"position\":1,\"name\":\"Home\",\"item\":\"https:\\\/\\\/estherian.com\\\/tr\\\/\"},{\"@type\":\"ListItem\",\"position\":2,\"name\":\"Otoplasti\"}]},{\"@type\":\"WebSite\",\"@id\":\"https:\\\/\\\/estherian.com\\\/tr\\\/#website\",\"url\":\"https:\\\/\\\/estherian.com\\\/tr\\\/\",\"name\":\"Estherian Clinic\",\"description\":\"Plastic Surgery | Dental | Hair Transplant in Turkey\",\"publisher\":{\"@id\":\"https:\\\/\\\/estherian.com\\\/tr\\\/#organization\"},\"potentialAction\":[{\"@type\":\"SearchAction\",\"target\":{\"@type\":\"EntryPoint\",\"urlTemplate\":\"https:\\\/\\\/estherian.com\\\/tr\\\/?s={search_term_string}\"},\"query-input\":{\"@type\":\"PropertyValueSpecification\",\"valueRequired\":true,\"valueName\":\"search_term_string\"}}],\"inLanguage\":\"tr\"},{\"@type\":\"Organization\",\"@id\":\"https:\\\/\\\/estherian.com\\\/tr\\\/#organization\",\"name\":\"Estherian Clinic\",\"alternateName\":\"Estherian\",\"url\":\"https:\\\/\\\/estherian.com\\\/tr\\\/\",\"logo\":{\"@type\":\"ImageObject\",\"inLanguage\":\"tr\",\"@id\":\"https:\\\/\\\/estherian.com\\\/tr\\\/#\\\/schema\\\/logo\\\/image\\\/\",\"url\":\"https:\\\/\\\/estherian.com\\\/wp-content\\\/uploads\\\/2024\\\/10\\\/EstherianLogo.png\",\"contentUrl\":\"https:\\\/\\\/estherian.com\\\/wp-content\\\/uploads\\\/2024\\\/10\\\/EstherianLogo.png\",\"width\":882,\"height\":934,\"caption\":\"Estherian Clinic\"},\"image\":{\"@id\":\"https:\\\/\\\/estherian.com\\\/tr\\\/#\\\/schema\\\/logo\\\/image\\\/\"},\"sameAs\":[\"https:\\\/\\\/www.facebook.com\\\/estherianclinic.en\",\"https:\\\/\\\/x.com\\\/EstherianTr\",\"https:\\\/\\\/www.instagram.com\\\/estherianclinic\\\/\",\"https:\\\/\\\/www.tiktok.com\\\/@estherian.clinic\",\"https:\\\/\\\/www.youtube.com\\\/estherianclinic\"],\"email\":\"hi@estherian.com\",\"telephone\":\"+90-544-169-9000\",\"legalName\":\"ESTHERIAN CLINIC SA\u011eLIK H\u0130ZMETLER\u0130 SAN. T\u0130C. LTD. \u015eT\u0130.\",\"foundingDate\":\"2020-03-09\",\"vatID\":\"TR1601485625\",\"taxID\":\"1601485625\",\"numberOfEmployees\":{\"@type\":\"QuantitativeValue\",\"minValue\":\"51\",\"maxValue\":\"200\"},\"publishingPrinciples\":\"https:\\\/\\\/estherian.com\\\/tr\\\/sartlar-ve-kosullar\\\/\",\"actionableFeedbackPolicy\":\"https:\\\/\\\/estherian.com\\\/tr\\\/gizlilik-politikasi\\\/\",\"correctionsPolicy\":\"https:\\\/\\\/estherian.com\\\/tr\\\/gizlilik-politikasi\\\/\",\"ethicsPolicy\":\"https:\\\/\\\/estherian.com\\\/tr\\\/gizlilik-politikasi\\\/\",\"diversityPolicy\":\"https:\\\/\\\/estherian.com\\\/tr\\\/gizlilik-politikasi\\\/\",\"diversityStaffingReport\":\"https:\\\/\\\/estherian.com\\\/tr\\\/gizlilik-politikasi\\\/\"},{\"@type\":\"Person\",\"@id\":\"https:\\\/\\\/estherian.com\\\/tr\\\/#\\\/schema\\\/person\\\/0b1452799c3700afbfcfd3a0f5e64732\",\"name\":\"ferhatk\",\"image\":{\"@type\":\"ImageObject\",\"inLanguage\":\"tr\",\"@id\":\"https:\\\/\\\/secure.gravatar.com\\\/avatar\\\/5192156a410fa37c70ea8d4f0d01782533c470a75971ae114e5cd116be51ca05?s=96&d=mm&r=g\",\"url\":\"https:\\\/\\\/secure.gravatar.com\\\/avatar\\\/5192156a410fa37c70ea8d4f0d01782533c470a75971ae114e5cd116be51ca05?s=96&d=mm&r=g\",\"contentUrl\":\"https:\\\/\\\/secure.gravatar.com\\\/avatar\\\/5192156a410fa37c70ea8d4f0d01782533c470a75971ae114e5cd116be51ca05?s=96&d=mm&r=g\",\"caption\":\"ferhatk\"},\"sameAs\":[\"https:\\\/\\\/v2.estherian.com\"]}]}<\/script>\n<!-- \/ Yoast SEO Premium plugin. -->","yoast_head_json":{"title":"Otoplasti | Estherian Clinic","robots":{"index":"index","follow":"follow","max-snippet":"max-snippet:-1","max-image-preview":"max-image-preview:large","max-video-preview":"max-video-preview:-1"},"canonical":"https:\/\/estherian.com\/tr\/otoplasti\/","og_locale":"tr_TR","og_type":"article","og_title":"Otoplasti","og_description":"Looks better with Estherian Clinic. Plastic Surgery, Dental treatments and more beautiful services!","og_url":"https:\/\/estherian.com\/tr\/otoplasti\/","og_site_name":"Estherian Clinic","article_publisher":"https:\/\/www.facebook.com\/estherianclinic.en","article_modified_time":"2026-04-17T11:25:12+00:00","og_image":[{"width":1920,"height":1080,"url":"https:\/\/estherian.com\/wp-content\/uploads\/otoplasty_turkey_1920x1080.jpg","type":"image\/jpeg"}],"twitter_card":"summary_large_image","twitter_site":"@EstherianTr","twitter_misc":{"Tahmini okuma s\u00fcresi":"5 dakika"},"schema":{"@context":"https:\/\/schema.org","@graph":[{"@type":"Article","@id":"https:\/\/estherian.com\/tr\/otoplasti\/#article","isPartOf":{"@id":"https:\/\/estherian.com\/tr\/otoplasti\/"},"author":{"name":"ferhatk","@id":"https:\/\/estherian.com\/tr\/#\/schema\/person\/0b1452799c3700afbfcfd3a0f5e64732"},"headline":"Otoplasti","datePublished":"2024-11-29T04:09:58+00:00","dateModified":"2026-04-17T11:25:12+00:00","mainEntityOfPage":{"@id":"https:\/\/estherian.com\/tr\/otoplasti\/"},"wordCount":798,"publisher":{"@id":"https:\/\/estherian.com\/tr\/#organization"},"image":{"@id":"https:\/\/estherian.com\/tr\/otoplasti\/#primaryimage"},"thumbnailUrl":"https:\/\/estherian.com\/wp-content\/uploads\/otoplasty_turkey_1920x1080.jpg","inLanguage":"tr"},{"@type":"WebPage","@id":"https:\/\/estherian.com\/tr\/otoplasti\/","url":"https:\/\/estherian.com\/tr\/otoplasti\/","name":"Otoplasti | Estherian Clinic","isPartOf":{"@id":"https:\/\/estherian.com\/tr\/#website"},"primaryImageOfPage":{"@id":"https:\/\/estherian.com\/tr\/otoplasti\/#primaryimage"},"image":{"@id":"https:\/\/estherian.com\/tr\/otoplasti\/#primaryimage"},"thumbnailUrl":"https:\/\/estherian.com\/wp-content\/uploads\/otoplasty_turkey_1920x1080.jpg","datePublished":"2024-11-29T04:09:58+00:00","dateModified":"2026-04-17T11:25:12+00:00","breadcrumb":{"@id":"https:\/\/estherian.com\/tr\/otoplasti\/#breadcrumb"},"inLanguage":"tr","potentialAction":[{"@type":"ReadAction","target":["https:\/\/estherian.com\/tr\/otoplasti\/"]}]},{"@type":"ImageObject","inLanguage":"tr","@id":"https:\/\/estherian.com\/tr\/otoplasti\/#primaryimage","url":"https:\/\/estherian.com\/wp-content\/uploads\/otoplasty_turkey_1920x1080.jpg","contentUrl":"https:\/\/estherian.com\/wp-content\/uploads\/otoplasty_turkey_1920x1080.jpg","width":1920,"height":1080},{"@type":"BreadcrumbList","@id":"https:\/\/estherian.com\/tr\/otoplasti\/#breadcrumb","itemListElement":[{"@type":"ListItem","position":1,"name":"Home","item":"https:\/\/estherian.com\/tr\/"},{"@type":"ListItem","position":2,"name":"Otoplasti"}]},{"@type":"WebSite","@id":"https:\/\/estherian.com\/tr\/#website","url":"https:\/\/estherian.com\/tr\/","name":"Estherian Clinic","description":"Plastic Surgery | Dental | Hair Transplant in Turkey","publisher":{"@id":"https:\/\/estherian.com\/tr\/#organization"},"potentialAction":[{"@type":"SearchAction","target":{"@type":"EntryPoint","urlTemplate":"https:\/\/estherian.com\/tr\/?s={search_term_string}"},"query-input":{"@type":"PropertyValueSpecification","valueRequired":true,"valueName":"search_term_string"}}],"inLanguage":"tr"},{"@type":"Organization","@id":"https:\/\/estherian.com\/tr\/#organization","name":"Estherian Clinic","alternateName":"Estherian","url":"https:\/\/estherian.com\/tr\/","logo":{"@type":"ImageObject","inLanguage":"tr","@id":"https:\/\/estherian.com\/tr\/#\/schema\/logo\/image\/","url":"https:\/\/estherian.com\/wp-content\/uploads\/2024\/10\/EstherianLogo.png","contentUrl":"https:\/\/estherian.com\/wp-content\/uploads\/2024\/10\/EstherianLogo.png","width":882,"height":934,"caption":"Estherian Clinic"},"image":{"@id":"https:\/\/estherian.com\/tr\/#\/schema\/logo\/image\/"},"sameAs":["https:\/\/www.facebook.com\/estherianclinic.en","https:\/\/x.com\/EstherianTr","https:\/\/www.instagram.com\/estherianclinic\/","https:\/\/www.tiktok.com\/@estherian.clinic","https:\/\/www.youtube.com\/estherianclinic"],"email":"hi@estherian.com","telephone":"+90-544-169-9000","legalName":"ESTHERIAN CLINIC SA\u011eLIK H\u0130ZMETLER\u0130 SAN. T\u0130C. LTD. \u015eT\u0130.","foundingDate":"2020-03-09","vatID":"TR1601485625","taxID":"1601485625","numberOfEmployees":{"@type":"QuantitativeValue","minValue":"51","maxValue":"200"},"publishingPrinciples":"https:\/\/estherian.com\/tr\/sartlar-ve-kosullar\/","actionableFeedbackPolicy":"https:\/\/estherian.com\/tr\/gizlilik-politikasi\/","correctionsPolicy":"https:\/\/estherian.com\/tr\/gizlilik-politikasi\/","ethicsPolicy":"https:\/\/estherian.com\/tr\/gizlilik-politikasi\/","diversityPolicy":"https:\/\/estherian.com\/tr\/gizlilik-politikasi\/","diversityStaffingReport":"https:\/\/estherian.com\/tr\/gizlilik-politikasi\/"},{"@type":"Person","@id":"https:\/\/estherian.com\/tr\/#\/schema\/person\/0b1452799c3700afbfcfd3a0f5e64732","name":"ferhatk","image":{"@type":"ImageObject","inLanguage":"tr","@id":"https:\/\/secure.gravatar.com\/avatar\/5192156a410fa37c70ea8d4f0d01782533c470a75971ae114e5cd116be51ca05?s=96&d=mm&r=g","url":"https:\/\/secure.gravatar.com\/avatar\/5192156a410fa37c70ea8d4f0d01782533c470a75971ae114e5cd116be51ca05?s=96&d=mm&r=g","contentUrl":"https:\/\/secure.gravatar.com\/avatar\/5192156a410fa37c70ea8d4f0d01782533c470a75971ae114e5cd116be51ca05?s=96&d=mm&r=g","caption":"ferhatk"},"sameAs":["https:\/\/v2.estherian.com"]}]}},"_links":{"self":[{"href":"https:\/\/estherian.com\/tr\/wp-json\/wp\/v2\/pages\/22356","targetHints":{"allow":["GET"]}}],"collection":[{"href":"https:\/\/estherian.com\/tr\/wp-json\/wp\/v2\/pages"}],"about":[{"href":"https:\/\/estherian.com\/tr\/wp-json\/wp\/v2\/types\/page"}],"author":[{"embeddable":true,"href":"https:\/\/estherian.com\/tr\/wp-json\/wp\/v2\/users\/1"}],"replies":[{"embeddable":true,"href":"https:\/\/estherian.com\/tr\/wp-json\/wp\/v2\/comments?post=22356"}],"version-history":[{"count":2,"href":"https:\/\/estherian.com\/tr\/wp-json\/wp\/v2\/pages\/22356\/revisions"}],"predecessor-version":[{"id":44043,"href":"https:\/\/estherian.com\/tr\/wp-json\/wp\/v2\/pages\/22356\/revisions\/44043"}],"wp:featuredmedia":[{"embeddable":true,"href":"https:\/\/estherian.com\/tr\/wp-json\/wp\/v2\/media\/27760"}],"wp:attachment":[{"href":"https:\/\/estherian.com\/tr\/wp-json\/wp\/v2\/media?parent=22356"}],"curies":[{"name":"wp","href":"https:\/\/api.w.org\/{rel}","templated":true}]}}