{"id":22393,"date":"2024-11-29T07:38:59","date_gmt":"2024-11-29T04:38:59","guid":{"rendered":"https:\/\/v2.estherian.com\/?page_id=22393"},"modified":"2024-12-05T13:04:30","modified_gmt":"2024-12-05T13:04:30","slug":"kas-ekimi","status":"publish","type":"page","link":"https:\/\/estherian.com\/tr\/kas-ekimi\/","title":{"rendered":"Ka\u015f Ekimi"},"content":{"rendered":"\n<div class=\"wp-block-columns is-layout-flex wp-container-core-columns-is-layout-9d6595d7 wp-block-columns-is-layout-flex\">\n<div class=\"wp-block-column is-layout-flow wp-block-column-is-layout-flow\">\n<h2 class=\"wp-block-heading\">Ka\u015f Ekimi Nedir?<\/h2>\n\n\n\n<p>Ka\u015flar y\u00fcz\u00fcn en etkileyici \u00f6zellikleri aras\u0131nda yer al\u0131r, g\u00f6zlere e\u015fsiz bir g\u00fczellik katar ve genel g\u00f6r\u00fcn\u00fcmde \u00f6nemli bir rol oynar. Ka\u015flar\u0131n d\u00f6k\u00fclmesi, incelmesi veya d\u00fczensizli\u011fi, \u00f6zellikle kad\u0131nlar i\u00e7in bir memnuniyetsizlik ve endi\u015fe kayna\u011f\u0131 olabilir. Seyrek ka\u015flar, y\u00fcz esteti\u011fini \u00f6nemli \u00f6l\u00e7\u00fcde etkiledi\u011fi i\u00e7in genellikle \u00f6z sayg\u0131y\u0131 etkiler.<\/p>\n<\/div>\n\n\n\n<div class=\"wp-block-column is-layout-flow wp-block-column-is-layout-flow\">\n<figure class=\"wp-block-image\"><img decoding=\"async\" src=\"https:\/\/estherian.com\/wp-content\/uploads\/4-2-1080x1080.jpg\" alt=\"\" title=\"eyebrow-transplant\"\/><\/figure>\n<\/div>\n<\/div>\n\n\n\n<h2 class=\"wp-block-heading\">Ka\u015f D\u00f6k\u00fclmesinin Nedenleri<\/h2>\n\n\n\n<p>Ka\u015f incelmesi veya d\u00f6k\u00fclmesi, ka\u015f alopesi, otoimm\u00fcn bozukluklar, kemoterapi, dermatolojik durumlar, psikolojik stres veya do\u011fal ya\u015flanma gibi \u00e7e\u015fitli nedenlerle ortaya \u00e7\u0131kabilir. Bu fakt\u00f6rlerin her biri ka\u015f k\u0131llar\u0131n\u0131n yo\u011funlu\u011funu ve sa\u011fl\u0131\u011f\u0131n\u0131 etkileyebilir. Di\u011fer tedaviler ba\u015far\u0131s\u0131z oldu\u011funda, ka\u015f ekimi en g\u00fcvenilir ve etkili \u00e7\u00f6z\u00fcm\u00fc sunar.<\/p>\n\n\n\n<div class=\"wp-block-columns is-layout-flex wp-container-core-columns-is-layout-9d6595d7 wp-block-columns-is-layout-flex\">\n<div class=\"wp-block-column is-layout-flow wp-block-column-is-layout-flow\">\n<figure class=\"wp-block-image size-full\"><img decoding=\"async\" width=\"328\" height=\"371\" src=\"https:\/\/estherian.com\/wp-content\/uploads\/s3-1.png\" alt=\"\" class=\"wp-image-22388\"\/><\/figure>\n<\/div>\n\n\n\n<div class=\"wp-block-column is-layout-flow wp-block-column-is-layout-flow\">\n<h2 class=\"wp-block-heading\">Ka\u015f Ekimi S\u00fcreci<\/h2>\n\n\n\n<h2 class=\"wp-block-heading\">Ameliyattan \u00d6nce<\/h2>\n\n\n\n<p>Doktor, hastan\u0131n prosed\u00fcr hakk\u0131nda iyi bilgilendirilmesini sa\u011flar, her t\u00fcrl\u00fc soruyu yan\u0131tlar ve beklentileri ana hatlar\u0131yla belirtir. Ka\u015flar, hastan\u0131n y\u00fcz hatlar\u0131na uyacak \u015fekilde dikkatlice tasarlanarak do\u011fal ve estetik a\u00e7\u0131dan ho\u015f bir sonu\u00e7 elde edilir. Lokal anestezi uygulanarak i\u015flem a\u011fr\u0131s\u0131z hale getirilir ve operasyon tek bir seansta tamamlan\u0131r. Ka\u015f b\u00f6lgesinin hassas yap\u0131s\u0131 ekstra \u00f6zen gerektirdi\u011finden, hastalar cerrah\u0131n ameliyat \u00f6ncesi talimatlar\u0131na uymal\u0131d\u0131r.<\/p>\n<\/div>\n<\/div>\n\n\n\n<div class=\"wp-block-columns is-layout-flex wp-container-core-columns-is-layout-9d6595d7 wp-block-columns-is-layout-flex\">\n<div class=\"wp-block-column is-layout-flow wp-block-column-is-layout-flow\">\n<figure class=\"wp-block-image size-full\"><img decoding=\"async\" width=\"272\" height=\"329\" src=\"https:\/\/estherian.com\/wp-content\/uploads\/s2.png\" alt=\"\" class=\"wp-image-22374\"\/><\/figure>\n<\/div>\n\n\n\n<div class=\"wp-block-column is-layout-flow wp-block-column-is-layout-flow\">\n<h2 class=\"wp-block-heading\">Prosed\u00fcr S\u0131ras\u0131nda<\/h2>\n\n\n\n<p>Cerrah, don\u00f6r b\u00f6lgede ve ka\u015flardaki nakil b\u00f6lgelerinde k\u00fc\u00e7\u00fck kesikler olu\u015fturur. Sa\u00e7 k\u00f6kleri, k\u00f6klerin y\u00f6n\u00fcne ve a\u00e7\u0131s\u0131na titizlikle dikkat edilerek tek tek \u00e7\u0131kar\u0131l\u0131r ve implante edilir. Bu hassasiyet, yeni ekilen k\u0131llar\u0131n do\u011fal ka\u015f k\u0131llar\u0131yla sorunsuz bir \u015fekilde kar\u0131\u015fmas\u0131n\u0131 sa\u011flar. \u0130\u015flemin kendisi yakla\u015f\u0131k iki ila \u00fc\u00e7 saat s\u00fcrer.<\/p>\n<\/div>\n<\/div>\n\n\n\n<div class=\"wp-block-columns is-layout-flex wp-container-core-columns-is-layout-9d6595d7 wp-block-columns-is-layout-flex\">\n<div class=\"wp-block-column is-layout-flow wp-block-column-is-layout-flow\">\n<figure class=\"wp-block-image size-full\"><img decoding=\"async\" width=\"328\" height=\"371\" src=\"https:\/\/estherian.com\/wp-content\/uploads\/s1-1.png\" alt=\"\" class=\"wp-image-22384\"\/><\/figure>\n<\/div>\n\n\n\n<div class=\"wp-block-column is-layout-flow wp-block-column-is-layout-flow\">\n<h2 class=\"wp-block-heading\">Ameliyat Sonras\u0131<\/h2>\n\n\n\n<p>Hastalar 48 saat i\u00e7inde g\u00fcnl\u00fck rutinlerine d\u00f6nebilirler. Ekilen alan\u0131n etraf\u0131nda hafif bir rahats\u0131zl\u0131k ve hafif kabuklanma normaldir ancak h\u0131zla d\u00fczelir. Ekilen sa\u00e7lar tipik olarak do\u011fal b\u00fcy\u00fcme d\u00f6ng\u00fcs\u00fcn\u00fcn bir par\u00e7as\u0131 olan \u00fc\u00e7 ila be\u015f hafta i\u00e7inde d\u00f6k\u00fcl\u00fcr ve iki ay sonra yeniden \u00e7\u0131kmaya ba\u015flar. \u0130stenen sonu\u00e7lara ula\u015fmak i\u00e7in cerrah\u0131n bak\u0131m sonras\u0131 talimatlar\u0131na s\u0131k\u0131 s\u0131k\u0131ya ba\u011fl\u0131 kalmak \u015fartt\u0131r.<\/p>\n<\/div>\n<\/div>\n\n\n\n<h2 class=\"wp-block-heading\">Do\u011fal ve Uzun \u00d6m\u00fcrl\u00fc Sonu\u00e7lar Elde Etmek<\/h2>\n\n\n\n<p>Ka\u015f ekimi sadece d\u00f6k\u00fclen sa\u00e7lar\u0131 geri kazand\u0131rmakla ilgili de\u011fildir; ayn\u0131 zamanda \u00f6zg\u00fcven ve ki\u015fisel imaj\u0131 geli\u015ftirmekle de ilgilidir. Uygun bak\u0131m ile sonu\u00e7lar do\u011fal, kal\u0131c\u0131 ve d\u00f6n\u00fc\u015ft\u00fcr\u00fcc\u00fcd\u00fcr. Ustal\u0131kla tasarlanan ve nakledilen ka\u015flar hastan\u0131n y\u00fcz\u00fcyle kusursuz bir uyum sa\u011flayarak dengeli ve gen\u00e7 bir g\u00f6r\u00fcn\u00fcm yarat\u0131r. Y\u00fcz esteti\u011finizi daha da geli\u015ftirmek i\u00e7in, yeni g\u00f6r\u00fcn\u00fcm\u00fcn\u00fcz\u00fc tamamlayacak g\u00f6z kapa\u011f\u0131 ameliyat\u0131 gibi di\u011fer prosed\u00fcrler hakk\u0131nda daha fazla bilgi edinin.<\/p>\n\n\n\n<h2 class=\"wp-block-heading\">Ka\u015f Ekimi Hakk\u0131nda S\u0131k\u00e7a Sorulan Sorular (SSS)<\/h2>\n\n\n\n<h3 class=\"wp-block-heading\">Ka\u015f ekimi i\u00e7in ideal aday kimdir?<\/h3>\n\n\n\n<p>Genetik fakt\u00f6rler, t\u0131bbi tedaviler veya ya\u015flanma nedeniyle ka\u015f incelmesi, sa\u00e7 d\u00f6k\u00fclmesi veya d\u00fczensiz b\u00fcy\u00fcme ya\u015fayan herkes aday olabilir. Genel sa\u011fl\u0131k durumunun iyi olmas\u0131 ve sonu\u00e7lar hakk\u0131nda ger\u00e7ek\u00e7i beklentilere sahip olunmas\u0131 \u00f6nemlidir.<\/p>\n\n\n\n<h3 class=\"wp-block-heading\">\u0130\u015flem yara izi b\u0131rak\u0131yor mu?<\/h3>\n\n\n\n<p>Geli\u015fmi\u015f mikro cerrahi aletlerin kullan\u0131lmas\u0131, g\u00f6r\u00fcn\u00fcr yara izi riskini en aza indirir. Don\u00f6r veya nakil b\u00f6lgelerinde kalan k\u00fc\u00e7\u00fck izler genellikle iyile\u015ftikten sonra fark edilmez.<\/p>\n\n\n\n<h3 class=\"wp-block-heading\">Ameliyattan sonra ne kadar kesinti gerekiyor?<\/h3>\n\n\n\n<p>\u00c7o\u011fu hasta 48 saat i\u00e7inde normal aktivitelerine geri d\u00f6ner. Ancak en az iki hafta boyunca yorucu aktivitelerden, y\u00fczmekten ve do\u011frudan g\u00fcne\u015fe maruz kalmaktan ka\u00e7\u0131n\u0131lmal\u0131d\u0131r.<\/p>\n\n\n\n<h3 class=\"wp-block-heading\">Yeni ka\u015flar\u0131m\u0131n \u015feklini ve kal\u0131nl\u0131\u011f\u0131n\u0131 se\u00e7ebilir miyim?<\/h3>\n\n\n\n<p>Evet, cerrah y\u00fcz\u00fcn\u00fcze ve estetik tercihlerinize en uygun \u015fekli ve kal\u0131nl\u0131\u011f\u0131 tasarlamak i\u00e7in sizinle i\u015fbirli\u011fi yapar. Ama\u00e7 do\u011fal ve uyumlu bir g\u00f6r\u00fcn\u00fcm elde etmektir.<\/p>\n\n\n\n<p><\/p>\n","protected":false},"excerpt":{"rendered":"<p>Ka\u015f Ekimi Nedir? Ka\u015flar y\u00fcz\u00fcn en etkileyici \u00f6zellikleri aras\u0131nda yer al\u0131r, g\u00f6zlere e\u015fsiz bir g\u00fczellik katar ve genel g\u00f6r\u00fcn\u00fcmde \u00f6nemli bir rol oynar. Ka\u015flar\u0131n d\u00f6k\u00fclmesi, incelmesi veya d\u00fczensizli\u011fi, \u00f6zellikle kad\u0131nlar i\u00e7in bir memnuniyetsizlik ve endi\u015fe kayna\u011f\u0131 olabilir. Seyrek ka\u015flar, y\u00fcz esteti\u011fini \u00f6nemli \u00f6l\u00e7\u00fcde etkiledi\u011fi i\u00e7in genellikle \u00f6z sayg\u0131y\u0131 etkiler. Ka\u015f D\u00f6k\u00fclmesinin Nedenleri Ka\u015f incelmesi veya&hellip;<\/p>\n","protected":false},"author":1,"featured_media":0,"parent":0,"menu_order":10,"comment_status":"closed","ping_status":"closed","template":"","meta":{"footnotes":""},"class_list":["post-22393","page","type-page","status-publish","hentry","description-off"],"yoast_head":"<!-- This site is optimized with the Yoast SEO Premium plugin v27.3 (Yoast SEO v27.3) - https:\/\/yoast.com\/product\/yoast-seo-premium-wordpress\/ -->\n<title>Ka\u015f Ekimi | Estherian Clinic<\/title>\n<meta name=\"robots\" content=\"index, follow, max-snippet:-1, max-image-preview:large, max-video-preview:-1\" \/>\n<link rel=\"canonical\" href=\"https:\/\/estherian.com\/tr\/kas-ekimi\/\" \/>\n<meta property=\"og:locale\" content=\"tr_TR\" \/>\n<meta property=\"og:type\" content=\"article\" \/>\n<meta property=\"og:title\" content=\"Ka\u015f Ekimi\" \/>\n<meta property=\"og:description\" content=\"Looks better with Estherian Clinic. Plastic Surgery, Dental treatments and more beautiful services!\" \/>\n<meta property=\"og:url\" content=\"https:\/\/estherian.com\/tr\/kas-ekimi\/\" \/>\n<meta property=\"og:site_name\" content=\"Estherian Clinic\" \/>\n<meta property=\"article:publisher\" content=\"https:\/\/www.facebook.com\/estherianclinic.en\" \/>\n<meta property=\"article:modified_time\" content=\"2024-12-05T13:04:30+00:00\" \/>\n<meta property=\"og:image\" content=\"https:\/\/estherian.com\/wp-content\/uploads\/4-2-1080x1080.jpg\" \/>\n<meta name=\"twitter:card\" content=\"summary_large_image\" \/>\n<meta name=\"twitter:site\" content=\"@EstherianTr\" \/>\n<meta name=\"twitter:label1\" content=\"Tahmini okuma s\u00fcresi\" \/>\n\t<meta name=\"twitter:data1\" content=\"4 dakika\" \/>\n<script type=\"application\/ld+json\" class=\"yoast-schema-graph\">{\"@context\":\"https:\\\/\\\/schema.org\",\"@graph\":[{\"@type\":\"Article\",\"@id\":\"https:\\\/\\\/estherian.com\\\/tr\\\/kas-ekimi\\\/#article\",\"isPartOf\":{\"@id\":\"https:\\\/\\\/estherian.com\\\/tr\\\/kas-ekimi\\\/\"},\"author\":{\"name\":\"ferhatk\",\"@id\":\"https:\\\/\\\/estherian.com\\\/tr\\\/#\\\/schema\\\/person\\\/0b1452799c3700afbfcfd3a0f5e64732\"},\"headline\":\"Ka\u015f Ekimi\",\"datePublished\":\"2024-11-29T04:38:59+00:00\",\"dateModified\":\"2024-12-05T13:04:30+00:00\",\"mainEntityOfPage\":{\"@id\":\"https:\\\/\\\/estherian.com\\\/tr\\\/kas-ekimi\\\/\"},\"wordCount\":707,\"publisher\":{\"@id\":\"https:\\\/\\\/estherian.com\\\/tr\\\/#organization\"},\"image\":{\"@id\":\"https:\\\/\\\/estherian.com\\\/tr\\\/kas-ekimi\\\/#primaryimage\"},\"thumbnailUrl\":\"https:\\\/\\\/estherian.com\\\/wp-content\\\/uploads\\\/4-2-1080x1080.jpg\",\"inLanguage\":\"tr\"},{\"@type\":\"WebPage\",\"@id\":\"https:\\\/\\\/estherian.com\\\/tr\\\/kas-ekimi\\\/\",\"url\":\"https:\\\/\\\/estherian.com\\\/tr\\\/kas-ekimi\\\/\",\"name\":\"Ka\u015f Ekimi | Estherian Clinic\",\"isPartOf\":{\"@id\":\"https:\\\/\\\/estherian.com\\\/tr\\\/#website\"},\"primaryImageOfPage\":{\"@id\":\"https:\\\/\\\/estherian.com\\\/tr\\\/kas-ekimi\\\/#primaryimage\"},\"image\":{\"@id\":\"https:\\\/\\\/estherian.com\\\/tr\\\/kas-ekimi\\\/#primaryimage\"},\"thumbnailUrl\":\"https:\\\/\\\/estherian.com\\\/wp-content\\\/uploads\\\/4-2-1080x1080.jpg\",\"datePublished\":\"2024-11-29T04:38:59+00:00\",\"dateModified\":\"2024-12-05T13:04:30+00:00\",\"breadcrumb\":{\"@id\":\"https:\\\/\\\/estherian.com\\\/tr\\\/kas-ekimi\\\/#breadcrumb\"},\"inLanguage\":\"tr\",\"potentialAction\":[{\"@type\":\"ReadAction\",\"target\":[\"https:\\\/\\\/estherian.com\\\/tr\\\/kas-ekimi\\\/\"]}]},{\"@type\":\"ImageObject\",\"inLanguage\":\"tr\",\"@id\":\"https:\\\/\\\/estherian.com\\\/tr\\\/kas-ekimi\\\/#primaryimage\",\"url\":\"https:\\\/\\\/estherian.com\\\/wp-content\\\/uploads\\\/4-2-1080x1080.jpg\",\"contentUrl\":\"https:\\\/\\\/estherian.com\\\/wp-content\\\/uploads\\\/4-2-1080x1080.jpg\"},{\"@type\":\"BreadcrumbList\",\"@id\":\"https:\\\/\\\/estherian.com\\\/tr\\\/kas-ekimi\\\/#breadcrumb\",\"itemListElement\":[{\"@type\":\"ListItem\",\"position\":1,\"name\":\"Home\",\"item\":\"https:\\\/\\\/estherian.com\\\/tr\\\/\"},{\"@type\":\"ListItem\",\"position\":2,\"name\":\"Ka\u015f Ekimi\"}]},{\"@type\":\"WebSite\",\"@id\":\"https:\\\/\\\/estherian.com\\\/tr\\\/#website\",\"url\":\"https:\\\/\\\/estherian.com\\\/tr\\\/\",\"name\":\"Estherian Clinic\",\"description\":\"Plastic Surgery | Dental | Hair Transplant in Turkey\",\"publisher\":{\"@id\":\"https:\\\/\\\/estherian.com\\\/tr\\\/#organization\"},\"potentialAction\":[{\"@type\":\"SearchAction\",\"target\":{\"@type\":\"EntryPoint\",\"urlTemplate\":\"https:\\\/\\\/estherian.com\\\/tr\\\/?s={search_term_string}\"},\"query-input\":{\"@type\":\"PropertyValueSpecification\",\"valueRequired\":true,\"valueName\":\"search_term_string\"}}],\"inLanguage\":\"tr\"},{\"@type\":\"Organization\",\"@id\":\"https:\\\/\\\/estherian.com\\\/tr\\\/#organization\",\"name\":\"Estherian Clinic\",\"alternateName\":\"Estherian\",\"url\":\"https:\\\/\\\/estherian.com\\\/tr\\\/\",\"logo\":{\"@type\":\"ImageObject\",\"inLanguage\":\"tr\",\"@id\":\"https:\\\/\\\/estherian.com\\\/tr\\\/#\\\/schema\\\/logo\\\/image\\\/\",\"url\":\"https:\\\/\\\/estherian.com\\\/wp-content\\\/uploads\\\/2024\\\/10\\\/EstherianLogo.png\",\"contentUrl\":\"https:\\\/\\\/estherian.com\\\/wp-content\\\/uploads\\\/2024\\\/10\\\/EstherianLogo.png\",\"width\":882,\"height\":934,\"caption\":\"Estherian Clinic\"},\"image\":{\"@id\":\"https:\\\/\\\/estherian.com\\\/tr\\\/#\\\/schema\\\/logo\\\/image\\\/\"},\"sameAs\":[\"https:\\\/\\\/www.facebook.com\\\/estherianclinic.en\",\"https:\\\/\\\/x.com\\\/EstherianTr\",\"https:\\\/\\\/www.instagram.com\\\/estherianclinic\\\/\",\"https:\\\/\\\/www.tiktok.com\\\/@estherian.clinic\",\"https:\\\/\\\/www.youtube.com\\\/estherianclinic\"],\"email\":\"hi@estherian.com\",\"telephone\":\"+90-544-169-9000\",\"legalName\":\"ESTHERIAN CLINIC SA\u011eLIK H\u0130ZMETLER\u0130 SAN. T\u0130C. LTD. \u015eT\u0130.\",\"foundingDate\":\"2020-03-09\",\"vatID\":\"TR1601485625\",\"taxID\":\"1601485625\",\"numberOfEmployees\":{\"@type\":\"QuantitativeValue\",\"minValue\":\"51\",\"maxValue\":\"200\"},\"publishingPrinciples\":\"https:\\\/\\\/estherian.com\\\/tr\\\/sartlar-ve-kosullar\\\/\",\"actionableFeedbackPolicy\":\"https:\\\/\\\/estherian.com\\\/tr\\\/gizlilik-politikasi\\\/\",\"correctionsPolicy\":\"https:\\\/\\\/estherian.com\\\/tr\\\/gizlilik-politikasi\\\/\",\"ethicsPolicy\":\"https:\\\/\\\/estherian.com\\\/tr\\\/gizlilik-politikasi\\\/\",\"diversityPolicy\":\"https:\\\/\\\/estherian.com\\\/tr\\\/gizlilik-politikasi\\\/\",\"diversityStaffingReport\":\"https:\\\/\\\/estherian.com\\\/tr\\\/gizlilik-politikasi\\\/\"},{\"@type\":\"Person\",\"@id\":\"https:\\\/\\\/estherian.com\\\/tr\\\/#\\\/schema\\\/person\\\/0b1452799c3700afbfcfd3a0f5e64732\",\"name\":\"ferhatk\",\"image\":{\"@type\":\"ImageObject\",\"inLanguage\":\"tr\",\"@id\":\"https:\\\/\\\/secure.gravatar.com\\\/avatar\\\/5192156a410fa37c70ea8d4f0d01782533c470a75971ae114e5cd116be51ca05?s=96&d=mm&r=g\",\"url\":\"https:\\\/\\\/secure.gravatar.com\\\/avatar\\\/5192156a410fa37c70ea8d4f0d01782533c470a75971ae114e5cd116be51ca05?s=96&d=mm&r=g\",\"contentUrl\":\"https:\\\/\\\/secure.gravatar.com\\\/avatar\\\/5192156a410fa37c70ea8d4f0d01782533c470a75971ae114e5cd116be51ca05?s=96&d=mm&r=g\",\"caption\":\"ferhatk\"},\"sameAs\":[\"https:\\\/\\\/v2.estherian.com\"]}]}<\/script>\n<!-- \/ Yoast SEO Premium plugin. -->","yoast_head_json":{"title":"Ka\u015f Ekimi | Estherian Clinic","robots":{"index":"index","follow":"follow","max-snippet":"max-snippet:-1","max-image-preview":"max-image-preview:large","max-video-preview":"max-video-preview:-1"},"canonical":"https:\/\/estherian.com\/tr\/kas-ekimi\/","og_locale":"tr_TR","og_type":"article","og_title":"Ka\u015f Ekimi","og_description":"Looks better with Estherian Clinic. Plastic Surgery, Dental treatments and more beautiful services!","og_url":"https:\/\/estherian.com\/tr\/kas-ekimi\/","og_site_name":"Estherian Clinic","article_publisher":"https:\/\/www.facebook.com\/estherianclinic.en","article_modified_time":"2024-12-05T13:04:30+00:00","og_image":[{"url":"https:\/\/estherian.com\/wp-content\/uploads\/4-2-1080x1080.jpg","type":"","width":"","height":""}],"twitter_card":"summary_large_image","twitter_site":"@EstherianTr","twitter_misc":{"Tahmini okuma s\u00fcresi":"4 dakika"},"schema":{"@context":"https:\/\/schema.org","@graph":[{"@type":"Article","@id":"https:\/\/estherian.com\/tr\/kas-ekimi\/#article","isPartOf":{"@id":"https:\/\/estherian.com\/tr\/kas-ekimi\/"},"author":{"name":"ferhatk","@id":"https:\/\/estherian.com\/tr\/#\/schema\/person\/0b1452799c3700afbfcfd3a0f5e64732"},"headline":"Ka\u015f Ekimi","datePublished":"2024-11-29T04:38:59+00:00","dateModified":"2024-12-05T13:04:30+00:00","mainEntityOfPage":{"@id":"https:\/\/estherian.com\/tr\/kas-ekimi\/"},"wordCount":707,"publisher":{"@id":"https:\/\/estherian.com\/tr\/#organization"},"image":{"@id":"https:\/\/estherian.com\/tr\/kas-ekimi\/#primaryimage"},"thumbnailUrl":"https:\/\/estherian.com\/wp-content\/uploads\/4-2-1080x1080.jpg","inLanguage":"tr"},{"@type":"WebPage","@id":"https:\/\/estherian.com\/tr\/kas-ekimi\/","url":"https:\/\/estherian.com\/tr\/kas-ekimi\/","name":"Ka\u015f Ekimi | Estherian Clinic","isPartOf":{"@id":"https:\/\/estherian.com\/tr\/#website"},"primaryImageOfPage":{"@id":"https:\/\/estherian.com\/tr\/kas-ekimi\/#primaryimage"},"image":{"@id":"https:\/\/estherian.com\/tr\/kas-ekimi\/#primaryimage"},"thumbnailUrl":"https:\/\/estherian.com\/wp-content\/uploads\/4-2-1080x1080.jpg","datePublished":"2024-11-29T04:38:59+00:00","dateModified":"2024-12-05T13:04:30+00:00","breadcrumb":{"@id":"https:\/\/estherian.com\/tr\/kas-ekimi\/#breadcrumb"},"inLanguage":"tr","potentialAction":[{"@type":"ReadAction","target":["https:\/\/estherian.com\/tr\/kas-ekimi\/"]}]},{"@type":"ImageObject","inLanguage":"tr","@id":"https:\/\/estherian.com\/tr\/kas-ekimi\/#primaryimage","url":"https:\/\/estherian.com\/wp-content\/uploads\/4-2-1080x1080.jpg","contentUrl":"https:\/\/estherian.com\/wp-content\/uploads\/4-2-1080x1080.jpg"},{"@type":"BreadcrumbList","@id":"https:\/\/estherian.com\/tr\/kas-ekimi\/#breadcrumb","itemListElement":[{"@type":"ListItem","position":1,"name":"Home","item":"https:\/\/estherian.com\/tr\/"},{"@type":"ListItem","position":2,"name":"Ka\u015f Ekimi"}]},{"@type":"WebSite","@id":"https:\/\/estherian.com\/tr\/#website","url":"https:\/\/estherian.com\/tr\/","name":"Estherian Clinic","description":"Plastic Surgery | Dental | Hair Transplant in Turkey","publisher":{"@id":"https:\/\/estherian.com\/tr\/#organization"},"potentialAction":[{"@type":"SearchAction","target":{"@type":"EntryPoint","urlTemplate":"https:\/\/estherian.com\/tr\/?s={search_term_string}"},"query-input":{"@type":"PropertyValueSpecification","valueRequired":true,"valueName":"search_term_string"}}],"inLanguage":"tr"},{"@type":"Organization","@id":"https:\/\/estherian.com\/tr\/#organization","name":"Estherian Clinic","alternateName":"Estherian","url":"https:\/\/estherian.com\/tr\/","logo":{"@type":"ImageObject","inLanguage":"tr","@id":"https:\/\/estherian.com\/tr\/#\/schema\/logo\/image\/","url":"https:\/\/estherian.com\/wp-content\/uploads\/2024\/10\/EstherianLogo.png","contentUrl":"https:\/\/estherian.com\/wp-content\/uploads\/2024\/10\/EstherianLogo.png","width":882,"height":934,"caption":"Estherian Clinic"},"image":{"@id":"https:\/\/estherian.com\/tr\/#\/schema\/logo\/image\/"},"sameAs":["https:\/\/www.facebook.com\/estherianclinic.en","https:\/\/x.com\/EstherianTr","https:\/\/www.instagram.com\/estherianclinic\/","https:\/\/www.tiktok.com\/@estherian.clinic","https:\/\/www.youtube.com\/estherianclinic"],"email":"hi@estherian.com","telephone":"+90-544-169-9000","legalName":"ESTHERIAN CLINIC SA\u011eLIK H\u0130ZMETLER\u0130 SAN. T\u0130C. LTD. \u015eT\u0130.","foundingDate":"2020-03-09","vatID":"TR1601485625","taxID":"1601485625","numberOfEmployees":{"@type":"QuantitativeValue","minValue":"51","maxValue":"200"},"publishingPrinciples":"https:\/\/estherian.com\/tr\/sartlar-ve-kosullar\/","actionableFeedbackPolicy":"https:\/\/estherian.com\/tr\/gizlilik-politikasi\/","correctionsPolicy":"https:\/\/estherian.com\/tr\/gizlilik-politikasi\/","ethicsPolicy":"https:\/\/estherian.com\/tr\/gizlilik-politikasi\/","diversityPolicy":"https:\/\/estherian.com\/tr\/gizlilik-politikasi\/","diversityStaffingReport":"https:\/\/estherian.com\/tr\/gizlilik-politikasi\/"},{"@type":"Person","@id":"https:\/\/estherian.com\/tr\/#\/schema\/person\/0b1452799c3700afbfcfd3a0f5e64732","name":"ferhatk","image":{"@type":"ImageObject","inLanguage":"tr","@id":"https:\/\/secure.gravatar.com\/avatar\/5192156a410fa37c70ea8d4f0d01782533c470a75971ae114e5cd116be51ca05?s=96&d=mm&r=g","url":"https:\/\/secure.gravatar.com\/avatar\/5192156a410fa37c70ea8d4f0d01782533c470a75971ae114e5cd116be51ca05?s=96&d=mm&r=g","contentUrl":"https:\/\/secure.gravatar.com\/avatar\/5192156a410fa37c70ea8d4f0d01782533c470a75971ae114e5cd116be51ca05?s=96&d=mm&r=g","caption":"ferhatk"},"sameAs":["https:\/\/v2.estherian.com"]}]}},"_links":{"self":[{"href":"https:\/\/estherian.com\/tr\/wp-json\/wp\/v2\/pages\/22393","targetHints":{"allow":["GET"]}}],"collection":[{"href":"https:\/\/estherian.com\/tr\/wp-json\/wp\/v2\/pages"}],"about":[{"href":"https:\/\/estherian.com\/tr\/wp-json\/wp\/v2\/types\/page"}],"author":[{"embeddable":true,"href":"https:\/\/estherian.com\/tr\/wp-json\/wp\/v2\/users\/1"}],"replies":[{"embeddable":true,"href":"https:\/\/estherian.com\/tr\/wp-json\/wp\/v2\/comments?post=22393"}],"version-history":[{"count":0,"href":"https:\/\/estherian.com\/tr\/wp-json\/wp\/v2\/pages\/22393\/revisions"}],"wp:attachment":[{"href":"https:\/\/estherian.com\/tr\/wp-json\/wp\/v2\/media?parent=22393"}],"curies":[{"name":"wp","href":"https:\/\/api.w.org\/{rel}","templated":true}]}}