{"id":22401,"date":"2024-11-29T08:10:37","date_gmt":"2024-11-29T05:10:37","guid":{"rendered":"https:\/\/v2.estherian.com\/?page_id=22401"},"modified":"2024-12-31T09:35:29","modified_gmt":"2024-12-31T09:35:29","slug":"fue-sac-ekimi","status":"publish","type":"page","link":"https:\/\/estherian.com\/tr\/fue-sac-ekimi\/","title":{"rendered":"FUE Sa\u00e7 Ekimi"},"content":{"rendered":"\n<h2 class=\"wp-block-heading\">FUE Sa\u00e7 Ekimi Nedir<\/h2>\n\n\n\n<p>Sa\u00e7 ekimi son derece ba\u015far\u0131l\u0131 bir i\u015flemdir. Sa\u00e7 ekimi teknolojisi ilk uyguland\u0131\u011f\u0131 g\u00fcnden bu yana uzun bir yol kat etmi\u015f ve FUE sa\u00e7 ekimi ile sanat\u0131n en son noktas\u0131na ula\u015fm\u0131\u015ft\u0131r, \u00e7\u00fcnk\u00fc bu teknik kellik sorununa kal\u0131c\u0131 bir \u00e7\u00f6z\u00fcm sa\u011flar. Ekilen sa\u00e7lar, hastan\u0131n kendi sa\u00e7 k\u00f6k\u00fcd\u00fcr, don\u00f6r b\u00f6lgeden \u00e7\u0131kar\u0131l\u0131r ve al\u0131c\u0131 b\u00f6lgeye yerle\u015ftirilir.<\/p>\n\n\n\n<div class=\"wp-block-columns is-layout-flex wp-container-core-columns-is-layout-9d6595d7 wp-block-columns-is-layout-flex\">\n<div class=\"wp-block-column is-layout-flow wp-block-column-is-layout-flow\">\n<p>Folik\u00fcler Transfer (FT) olarak da bilinen Folik\u00fcler \u00dcnite Ekstraksiyonu (FUE), g\u00fcn\u00fcm\u00fcz\u00fcn \u00f6nde gelen yeni nesil tekniklerinden biridir. Bu teknikle tedavinin ba\u015far\u0131 oran\u0131 \u00e7ok y\u00fcksektir ve iyile\u015fme s\u00fcresi de ayn\u0131 derecede k\u0131sad\u0131r. Son y\u0131llarda hem doktorlar hem de hastalar taraf\u0131ndan tercih edilen bir tekniktir.<\/p>\n\n\n\n<p>Genellikle don\u00f6r alan olan ense b\u00f6lgesinden tek tek folik\u00fcler \u00fcnitelerin \u00e7\u0131kar\u0131lmas\u0131n\u0131 ve al\u0131c\u0131 alan\u0131n (sa\u00e7s\u0131z alan) a\u00e7\u0131k mikro kanallar\u0131na yerle\u015ftirilmesini i\u00e7erir.<\/p>\n<\/div>\n\n\n\n<div class=\"wp-block-column is-layout-flow wp-block-column-is-layout-flow\">\n<figure class=\"wp-block-image size-full\"><img decoding=\"async\" width=\"1000\" height=\"667\" src=\"https:\/\/estherian.com\/wp-content\/uploads\/fue-procedure.png\" alt=\"\" class=\"wp-image-23484\" title=\"fue-procedure\" srcset=\"https:\/\/estherian.com\/wp-content\/uploads\/fue-procedure.png 1000w, https:\/\/estherian.com\/wp-content\/uploads\/fue-procedure-386x257.png 386w, https:\/\/estherian.com\/wp-content\/uploads\/fue-procedure-768x512.png 768w\" sizes=\"(max-width: 1000px) 100vw, 1000px\" \/><\/figure>\n<\/div>\n<\/div>\n\n\n\n<div class=\"wp-block-columns is-layout-flex wp-container-core-columns-is-layout-9d6595d7 wp-block-columns-is-layout-flex\">\n<div class=\"wp-block-column is-layout-flow wp-block-column-is-layout-flow\">\n<figure class=\"wp-block-image size-full\"><img decoding=\"async\" width=\"801\" height=\"801\" src=\"https:\/\/estherian.com\/wp-content\/uploads\/hair4-01.png\" alt=\"\" class=\"wp-image-23489\" title=\"hair4-01\" srcset=\"https:\/\/estherian.com\/wp-content\/uploads\/hair4-01.png 801w, https:\/\/estherian.com\/wp-content\/uploads\/hair4-01-386x386.png 386w, https:\/\/estherian.com\/wp-content\/uploads\/hair4-01-275x275.png 275w, https:\/\/estherian.com\/wp-content\/uploads\/hair4-01-768x768.png 768w\" sizes=\"(max-width: 801px) 100vw, 801px\" \/><\/figure>\n<\/div>\n\n\n\n<div class=\"wp-block-column is-layout-flow wp-block-column-is-layout-flow\">\n<h2 class=\"wp-block-heading\">Sa\u00e7 Ekiminin A\u015famalar\u0131<\/h2>\n\n\n\n<h3 class=\"wp-block-heading\">S\u00fcre\u00e7 \u00fc\u00e7 b\u00f6l\u00fcmden olu\u015fmaktad\u0131r:<\/h3>\n\n\n\n<ul class=\"wp-block-list\">\n<li>Doktorun bir sa\u00e7 \u00e7izgisi \u00e7izdi\u011fi ve lokal anestezi enjekte etti\u011fi al\u0131c\u0131 ve don\u00f6r alanlar\u0131n analizi.Doktor folik\u00fclleri tek tek \u00e7\u0131karacakt\u0131r.<\/li>\n\n\n\n<li>Doktor folik\u00fcler \u00fcniteleri al\u0131c\u0131 b\u00f6lgeye nakleder.<\/li>\n\n\n\n<li>T\u00fcm s\u00fcre\u00e7 yakla\u015f\u0131k 5\/7 saat s\u00fcrer.<\/li>\n<\/ul>\n<\/div>\n<\/div>\n\n\n\n<div class=\"wp-block-columns is-layout-flex wp-container-core-columns-is-layout-9d6595d7 wp-block-columns-is-layout-flex\">\n<div class=\"wp-block-column is-layout-flow wp-block-column-is-layout-flow\">\n<h2 class=\"wp-block-heading\">FUE Sa\u00e7 Ekimi \u0130\u00e7in Kimler \u0130yi Bir Adayd\u0131r?<\/h2>\n\n\n\n<ol class=\"wp-block-list\">\n<li>sa\u011fl\u0131kl\u0131<\/li>\n\n\n\n<li><strong>androgenetik alopesi veya yan\u0131klardan muzdarip de\u011filseniz<\/strong><\/li>\n\n\n\n<li>don\u00f6r alan\u0131n uygun ve yo\u011fun olmas\u0131<\/li>\n<\/ol>\n<\/div>\n\n\n\n<div class=\"wp-block-column is-layout-flow wp-block-column-is-layout-flow\">\n<figure class=\"wp-block-image size-full\"><img decoding=\"async\" width=\"750\" height=\"499\" src=\"https:\/\/estherian.com\/wp-content\/uploads\/portrait-sexy-goodlooking-attractive-stylish-bearded-man-brown-1.png\" alt=\"\" class=\"wp-image-23493\" title=\"portrait-sexy-goodlooking-attractive-stylish-bearded-man-brown\" srcset=\"https:\/\/estherian.com\/wp-content\/uploads\/portrait-sexy-goodlooking-attractive-stylish-bearded-man-brown-1.png 750w, https:\/\/estherian.com\/wp-content\/uploads\/portrait-sexy-goodlooking-attractive-stylish-bearded-man-brown-1-386x257.png 386w\" sizes=\"(max-width: 750px) 100vw, 750px\" \/><\/figure>\n<\/div>\n<\/div>\n\n\n\n<h2 class=\"wp-block-heading\">FUE Sa\u00e7 Ekiminin Avantajlar\u0131 Nelerdir?<\/h2>\n\n\n\n<p>FUE sa\u00e7 ekimi tekni\u011fi bir\u00e7ok avantaj sunar. Don\u00f6r b\u00f6lgeden al\u0131nan folik\u00fcller hemen kel b\u00f6lgeye nakledildi\u011fi i\u00e7in herhangi bir yara izi olmayacakt\u0131r. Operasyondan sonra iyile\u015fme s\u00fcreci di\u011fer y\u00f6ntemlere g\u00f6re \u00e7ok daha h\u0131zl\u0131 olacakt\u0131r.<\/p>\n\n\n\n<p>6 ay sonra ekilen sa\u00e7lar %90&#8217;\u0131n \u00fczerinde bir b\u00fcy\u00fcme oran\u0131yla uzamaya ba\u015flar ve bu da FUE sa\u00e7 ekiminin en b\u00fcy\u00fck avantajlar\u0131ndan biridir.<\/p>\n\n\n\n<h2 class=\"wp-block-heading\"><strong>FUE sa\u00e7 ekimi ameliyat\u0131n\u0131n riskleri nelerdir?<\/strong><\/h2>\n\n\n\n<p>Di\u011fer t\u00fcm cerrahi prosed\u00fcrlerde oldu\u011fu gibi, g\u00f6z \u00f6n\u00fcnde bulundurman\u0131z gereken riskler vard\u0131r.<\/p>\n\n\n\n<ul class=\"wp-block-list\">\n<li>Rahats\u0131zl\u0131k<\/li>\n\n\n\n<li>Tahri\u015f<\/li>\n\n\n\n<li>Enfeksiyonlar<\/li>\n\n\n\n<li>H\u0131\u00e7k\u0131r\u0131k<\/li>\n\n\n\n<li>Zay\u0131fl\u0131k<\/li>\n\n\n\n<li>\u015ei\u015fme<\/li>\n\n\n\n<li>A\u015f\u0131r\u0131 kan kayb\u0131<\/li>\n\n\n\n<li>Kay\u0131p greftler<\/li>\n<\/ul>\n\n\n\n<h2 class=\"wp-block-heading\"><strong>Ac\u0131 veriyor mu?<\/strong><\/h2>\n\n\n\n<p>FUE sa\u00e7 ekimi lokal anestezi alt\u0131nda yap\u0131l\u0131r, yani kafa derisi uyu\u015fur ve hi\u00e7bir \u015fey hissetmezsiniz. Genel anestezi kullan\u0131labilir, ancak ilgili riskler ve yan etkiler nedeniyle \u00f6nerilmez.<\/p>\n\n\n\n<p><\/p>\n","protected":false},"excerpt":{"rendered":"<p>FUE Sa\u00e7 Ekimi Nedir Sa\u00e7 ekimi son derece ba\u015far\u0131l\u0131 bir i\u015flemdir. Sa\u00e7 ekimi teknolojisi ilk uyguland\u0131\u011f\u0131 g\u00fcnden bu yana uzun bir yol kat etmi\u015f ve FUE sa\u00e7 ekimi ile sanat\u0131n en son noktas\u0131na ula\u015fm\u0131\u015ft\u0131r, \u00e7\u00fcnk\u00fc bu teknik kellik sorununa kal\u0131c\u0131 bir \u00e7\u00f6z\u00fcm sa\u011flar. Ekilen sa\u00e7lar, hastan\u0131n kendi sa\u00e7 k\u00f6k\u00fcd\u00fcr, don\u00f6r b\u00f6lgeden \u00e7\u0131kar\u0131l\u0131r ve al\u0131c\u0131 b\u00f6lgeye&hellip;<\/p>\n","protected":false},"author":1,"featured_media":26614,"parent":0,"menu_order":10,"comment_status":"closed","ping_status":"closed","template":"","meta":{"footnotes":""},"class_list":["post-22401","page","type-page","status-publish","has-post-thumbnail","hentry","description-off"],"yoast_head":"<!-- This site is optimized with the Yoast SEO Premium plugin v27.3 (Yoast SEO v27.3) - https:\/\/yoast.com\/product\/yoast-seo-premium-wordpress\/ -->\n<title>FUE Sa\u00e7 Ekimi | Estherian Clinic<\/title>\n<meta name=\"robots\" content=\"index, follow, max-snippet:-1, max-image-preview:large, max-video-preview:-1\" \/>\n<link rel=\"canonical\" href=\"https:\/\/estherian.com\/tr\/fue-sac-ekimi\/\" \/>\n<meta property=\"og:locale\" content=\"tr_TR\" \/>\n<meta property=\"og:type\" content=\"article\" \/>\n<meta property=\"og:title\" content=\"FUE Sa\u00e7 Ekimi\" \/>\n<meta property=\"og:description\" content=\"Looks better with Estherian Clinic. Plastic Surgery, Dental treatments and more beautiful services!\" \/>\n<meta property=\"og:url\" content=\"https:\/\/estherian.com\/tr\/fue-sac-ekimi\/\" \/>\n<meta property=\"og:site_name\" content=\"Estherian Clinic\" \/>\n<meta property=\"article:publisher\" content=\"https:\/\/www.facebook.com\/estherianclinic.en\" \/>\n<meta property=\"article:modified_time\" content=\"2024-12-31T09:35:29+00:00\" \/>\n<meta property=\"og:image\" content=\"https:\/\/estherian.com\/wp-content\/uploads\/fue_hair_transplant_1920x1080.jpg\" \/>\n\t<meta property=\"og:image:width\" content=\"1920\" \/>\n\t<meta property=\"og:image:height\" content=\"1080\" \/>\n\t<meta property=\"og:image:type\" content=\"image\/jpeg\" \/>\n<meta name=\"twitter:card\" content=\"summary_large_image\" \/>\n<meta name=\"twitter:site\" content=\"@EstherianTr\" \/>\n<meta name=\"twitter:label1\" content=\"Tahmini okuma s\u00fcresi\" \/>\n\t<meta name=\"twitter:data1\" content=\"3 dakika\" \/>\n<script type=\"application\/ld+json\" class=\"yoast-schema-graph\">{\"@context\":\"https:\\\/\\\/schema.org\",\"@graph\":[{\"@type\":\"Article\",\"@id\":\"https:\\\/\\\/estherian.com\\\/tr\\\/fue-sac-ekimi\\\/#article\",\"isPartOf\":{\"@id\":\"https:\\\/\\\/estherian.com\\\/tr\\\/fue-sac-ekimi\\\/\"},\"author\":{\"name\":\"ferhatk\",\"@id\":\"https:\\\/\\\/estherian.com\\\/tr\\\/#\\\/schema\\\/person\\\/0b1452799c3700afbfcfd3a0f5e64732\"},\"headline\":\"FUE Sa\u00e7 Ekimi\",\"datePublished\":\"2024-11-29T05:10:37+00:00\",\"dateModified\":\"2024-12-31T09:35:29+00:00\",\"mainEntityOfPage\":{\"@id\":\"https:\\\/\\\/estherian.com\\\/tr\\\/fue-sac-ekimi\\\/\"},\"wordCount\":427,\"publisher\":{\"@id\":\"https:\\\/\\\/estherian.com\\\/tr\\\/#organization\"},\"image\":{\"@id\":\"https:\\\/\\\/estherian.com\\\/tr\\\/fue-sac-ekimi\\\/#primaryimage\"},\"thumbnailUrl\":\"https:\\\/\\\/estherian.com\\\/wp-content\\\/uploads\\\/fue_hair_transplant_1920x1080.jpg\",\"inLanguage\":\"tr\"},{\"@type\":\"WebPage\",\"@id\":\"https:\\\/\\\/estherian.com\\\/tr\\\/fue-sac-ekimi\\\/\",\"url\":\"https:\\\/\\\/estherian.com\\\/tr\\\/fue-sac-ekimi\\\/\",\"name\":\"FUE Sa\u00e7 Ekimi | Estherian Clinic\",\"isPartOf\":{\"@id\":\"https:\\\/\\\/estherian.com\\\/tr\\\/#website\"},\"primaryImageOfPage\":{\"@id\":\"https:\\\/\\\/estherian.com\\\/tr\\\/fue-sac-ekimi\\\/#primaryimage\"},\"image\":{\"@id\":\"https:\\\/\\\/estherian.com\\\/tr\\\/fue-sac-ekimi\\\/#primaryimage\"},\"thumbnailUrl\":\"https:\\\/\\\/estherian.com\\\/wp-content\\\/uploads\\\/fue_hair_transplant_1920x1080.jpg\",\"datePublished\":\"2024-11-29T05:10:37+00:00\",\"dateModified\":\"2024-12-31T09:35:29+00:00\",\"breadcrumb\":{\"@id\":\"https:\\\/\\\/estherian.com\\\/tr\\\/fue-sac-ekimi\\\/#breadcrumb\"},\"inLanguage\":\"tr\",\"potentialAction\":[{\"@type\":\"ReadAction\",\"target\":[\"https:\\\/\\\/estherian.com\\\/tr\\\/fue-sac-ekimi\\\/\"]}]},{\"@type\":\"ImageObject\",\"inLanguage\":\"tr\",\"@id\":\"https:\\\/\\\/estherian.com\\\/tr\\\/fue-sac-ekimi\\\/#primaryimage\",\"url\":\"https:\\\/\\\/estherian.com\\\/wp-content\\\/uploads\\\/fue_hair_transplant_1920x1080.jpg\",\"contentUrl\":\"https:\\\/\\\/estherian.com\\\/wp-content\\\/uploads\\\/fue_hair_transplant_1920x1080.jpg\",\"width\":1920,\"height\":1080},{\"@type\":\"BreadcrumbList\",\"@id\":\"https:\\\/\\\/estherian.com\\\/tr\\\/fue-sac-ekimi\\\/#breadcrumb\",\"itemListElement\":[{\"@type\":\"ListItem\",\"position\":1,\"name\":\"Home\",\"item\":\"https:\\\/\\\/estherian.com\\\/tr\\\/\"},{\"@type\":\"ListItem\",\"position\":2,\"name\":\"FUE Sa\u00e7 Ekimi\"}]},{\"@type\":\"WebSite\",\"@id\":\"https:\\\/\\\/estherian.com\\\/tr\\\/#website\",\"url\":\"https:\\\/\\\/estherian.com\\\/tr\\\/\",\"name\":\"Estherian Clinic\",\"description\":\"Plastic Surgery | Dental | Hair Transplant in Turkey\",\"publisher\":{\"@id\":\"https:\\\/\\\/estherian.com\\\/tr\\\/#organization\"},\"potentialAction\":[{\"@type\":\"SearchAction\",\"target\":{\"@type\":\"EntryPoint\",\"urlTemplate\":\"https:\\\/\\\/estherian.com\\\/tr\\\/?s={search_term_string}\"},\"query-input\":{\"@type\":\"PropertyValueSpecification\",\"valueRequired\":true,\"valueName\":\"search_term_string\"}}],\"inLanguage\":\"tr\"},{\"@type\":\"Organization\",\"@id\":\"https:\\\/\\\/estherian.com\\\/tr\\\/#organization\",\"name\":\"Estherian Clinic\",\"alternateName\":\"Estherian\",\"url\":\"https:\\\/\\\/estherian.com\\\/tr\\\/\",\"logo\":{\"@type\":\"ImageObject\",\"inLanguage\":\"tr\",\"@id\":\"https:\\\/\\\/estherian.com\\\/tr\\\/#\\\/schema\\\/logo\\\/image\\\/\",\"url\":\"https:\\\/\\\/estherian.com\\\/wp-content\\\/uploads\\\/2024\\\/10\\\/EstherianLogo.png\",\"contentUrl\":\"https:\\\/\\\/estherian.com\\\/wp-content\\\/uploads\\\/2024\\\/10\\\/EstherianLogo.png\",\"width\":882,\"height\":934,\"caption\":\"Estherian Clinic\"},\"image\":{\"@id\":\"https:\\\/\\\/estherian.com\\\/tr\\\/#\\\/schema\\\/logo\\\/image\\\/\"},\"sameAs\":[\"https:\\\/\\\/www.facebook.com\\\/estherianclinic.en\",\"https:\\\/\\\/x.com\\\/EstherianTr\",\"https:\\\/\\\/www.instagram.com\\\/estherianclinic\\\/\",\"https:\\\/\\\/www.tiktok.com\\\/@estherian.clinic\",\"https:\\\/\\\/www.youtube.com\\\/estherianclinic\"],\"email\":\"hi@estherian.com\",\"telephone\":\"+90-544-169-9000\",\"legalName\":\"ESTHERIAN CLINIC SA\u011eLIK H\u0130ZMETLER\u0130 SAN. T\u0130C. LTD. \u015eT\u0130.\",\"foundingDate\":\"2020-03-09\",\"vatID\":\"TR1601485625\",\"taxID\":\"1601485625\",\"numberOfEmployees\":{\"@type\":\"QuantitativeValue\",\"minValue\":\"51\",\"maxValue\":\"200\"},\"publishingPrinciples\":\"https:\\\/\\\/estherian.com\\\/tr\\\/sartlar-ve-kosullar\\\/\",\"actionableFeedbackPolicy\":\"https:\\\/\\\/estherian.com\\\/tr\\\/gizlilik-politikasi\\\/\",\"correctionsPolicy\":\"https:\\\/\\\/estherian.com\\\/tr\\\/gizlilik-politikasi\\\/\",\"ethicsPolicy\":\"https:\\\/\\\/estherian.com\\\/tr\\\/gizlilik-politikasi\\\/\",\"diversityPolicy\":\"https:\\\/\\\/estherian.com\\\/tr\\\/gizlilik-politikasi\\\/\",\"diversityStaffingReport\":\"https:\\\/\\\/estherian.com\\\/tr\\\/gizlilik-politikasi\\\/\"},{\"@type\":\"Person\",\"@id\":\"https:\\\/\\\/estherian.com\\\/tr\\\/#\\\/schema\\\/person\\\/0b1452799c3700afbfcfd3a0f5e64732\",\"name\":\"ferhatk\",\"image\":{\"@type\":\"ImageObject\",\"inLanguage\":\"tr\",\"@id\":\"https:\\\/\\\/secure.gravatar.com\\\/avatar\\\/5192156a410fa37c70ea8d4f0d01782533c470a75971ae114e5cd116be51ca05?s=96&d=mm&r=g\",\"url\":\"https:\\\/\\\/secure.gravatar.com\\\/avatar\\\/5192156a410fa37c70ea8d4f0d01782533c470a75971ae114e5cd116be51ca05?s=96&d=mm&r=g\",\"contentUrl\":\"https:\\\/\\\/secure.gravatar.com\\\/avatar\\\/5192156a410fa37c70ea8d4f0d01782533c470a75971ae114e5cd116be51ca05?s=96&d=mm&r=g\",\"caption\":\"ferhatk\"},\"sameAs\":[\"https:\\\/\\\/v2.estherian.com\"]}]}<\/script>\n<!-- \/ Yoast SEO Premium plugin. -->","yoast_head_json":{"title":"FUE Sa\u00e7 Ekimi | Estherian Clinic","robots":{"index":"index","follow":"follow","max-snippet":"max-snippet:-1","max-image-preview":"max-image-preview:large","max-video-preview":"max-video-preview:-1"},"canonical":"https:\/\/estherian.com\/tr\/fue-sac-ekimi\/","og_locale":"tr_TR","og_type":"article","og_title":"FUE Sa\u00e7 Ekimi","og_description":"Looks better with Estherian Clinic. Plastic Surgery, Dental treatments and more beautiful services!","og_url":"https:\/\/estherian.com\/tr\/fue-sac-ekimi\/","og_site_name":"Estherian Clinic","article_publisher":"https:\/\/www.facebook.com\/estherianclinic.en","article_modified_time":"2024-12-31T09:35:29+00:00","og_image":[{"width":1920,"height":1080,"url":"https:\/\/estherian.com\/wp-content\/uploads\/fue_hair_transplant_1920x1080.jpg","type":"image\/jpeg"}],"twitter_card":"summary_large_image","twitter_site":"@EstherianTr","twitter_misc":{"Tahmini okuma s\u00fcresi":"3 dakika"},"schema":{"@context":"https:\/\/schema.org","@graph":[{"@type":"Article","@id":"https:\/\/estherian.com\/tr\/fue-sac-ekimi\/#article","isPartOf":{"@id":"https:\/\/estherian.com\/tr\/fue-sac-ekimi\/"},"author":{"name":"ferhatk","@id":"https:\/\/estherian.com\/tr\/#\/schema\/person\/0b1452799c3700afbfcfd3a0f5e64732"},"headline":"FUE Sa\u00e7 Ekimi","datePublished":"2024-11-29T05:10:37+00:00","dateModified":"2024-12-31T09:35:29+00:00","mainEntityOfPage":{"@id":"https:\/\/estherian.com\/tr\/fue-sac-ekimi\/"},"wordCount":427,"publisher":{"@id":"https:\/\/estherian.com\/tr\/#organization"},"image":{"@id":"https:\/\/estherian.com\/tr\/fue-sac-ekimi\/#primaryimage"},"thumbnailUrl":"https:\/\/estherian.com\/wp-content\/uploads\/fue_hair_transplant_1920x1080.jpg","inLanguage":"tr"},{"@type":"WebPage","@id":"https:\/\/estherian.com\/tr\/fue-sac-ekimi\/","url":"https:\/\/estherian.com\/tr\/fue-sac-ekimi\/","name":"FUE Sa\u00e7 Ekimi | Estherian Clinic","isPartOf":{"@id":"https:\/\/estherian.com\/tr\/#website"},"primaryImageOfPage":{"@id":"https:\/\/estherian.com\/tr\/fue-sac-ekimi\/#primaryimage"},"image":{"@id":"https:\/\/estherian.com\/tr\/fue-sac-ekimi\/#primaryimage"},"thumbnailUrl":"https:\/\/estherian.com\/wp-content\/uploads\/fue_hair_transplant_1920x1080.jpg","datePublished":"2024-11-29T05:10:37+00:00","dateModified":"2024-12-31T09:35:29+00:00","breadcrumb":{"@id":"https:\/\/estherian.com\/tr\/fue-sac-ekimi\/#breadcrumb"},"inLanguage":"tr","potentialAction":[{"@type":"ReadAction","target":["https:\/\/estherian.com\/tr\/fue-sac-ekimi\/"]}]},{"@type":"ImageObject","inLanguage":"tr","@id":"https:\/\/estherian.com\/tr\/fue-sac-ekimi\/#primaryimage","url":"https:\/\/estherian.com\/wp-content\/uploads\/fue_hair_transplant_1920x1080.jpg","contentUrl":"https:\/\/estherian.com\/wp-content\/uploads\/fue_hair_transplant_1920x1080.jpg","width":1920,"height":1080},{"@type":"BreadcrumbList","@id":"https:\/\/estherian.com\/tr\/fue-sac-ekimi\/#breadcrumb","itemListElement":[{"@type":"ListItem","position":1,"name":"Home","item":"https:\/\/estherian.com\/tr\/"},{"@type":"ListItem","position":2,"name":"FUE Sa\u00e7 Ekimi"}]},{"@type":"WebSite","@id":"https:\/\/estherian.com\/tr\/#website","url":"https:\/\/estherian.com\/tr\/","name":"Estherian Clinic","description":"Plastic Surgery | Dental | Hair Transplant in Turkey","publisher":{"@id":"https:\/\/estherian.com\/tr\/#organization"},"potentialAction":[{"@type":"SearchAction","target":{"@type":"EntryPoint","urlTemplate":"https:\/\/estherian.com\/tr\/?s={search_term_string}"},"query-input":{"@type":"PropertyValueSpecification","valueRequired":true,"valueName":"search_term_string"}}],"inLanguage":"tr"},{"@type":"Organization","@id":"https:\/\/estherian.com\/tr\/#organization","name":"Estherian Clinic","alternateName":"Estherian","url":"https:\/\/estherian.com\/tr\/","logo":{"@type":"ImageObject","inLanguage":"tr","@id":"https:\/\/estherian.com\/tr\/#\/schema\/logo\/image\/","url":"https:\/\/estherian.com\/wp-content\/uploads\/2024\/10\/EstherianLogo.png","contentUrl":"https:\/\/estherian.com\/wp-content\/uploads\/2024\/10\/EstherianLogo.png","width":882,"height":934,"caption":"Estherian Clinic"},"image":{"@id":"https:\/\/estherian.com\/tr\/#\/schema\/logo\/image\/"},"sameAs":["https:\/\/www.facebook.com\/estherianclinic.en","https:\/\/x.com\/EstherianTr","https:\/\/www.instagram.com\/estherianclinic\/","https:\/\/www.tiktok.com\/@estherian.clinic","https:\/\/www.youtube.com\/estherianclinic"],"email":"hi@estherian.com","telephone":"+90-544-169-9000","legalName":"ESTHERIAN CLINIC SA\u011eLIK H\u0130ZMETLER\u0130 SAN. T\u0130C. LTD. \u015eT\u0130.","foundingDate":"2020-03-09","vatID":"TR1601485625","taxID":"1601485625","numberOfEmployees":{"@type":"QuantitativeValue","minValue":"51","maxValue":"200"},"publishingPrinciples":"https:\/\/estherian.com\/tr\/sartlar-ve-kosullar\/","actionableFeedbackPolicy":"https:\/\/estherian.com\/tr\/gizlilik-politikasi\/","correctionsPolicy":"https:\/\/estherian.com\/tr\/gizlilik-politikasi\/","ethicsPolicy":"https:\/\/estherian.com\/tr\/gizlilik-politikasi\/","diversityPolicy":"https:\/\/estherian.com\/tr\/gizlilik-politikasi\/","diversityStaffingReport":"https:\/\/estherian.com\/tr\/gizlilik-politikasi\/"},{"@type":"Person","@id":"https:\/\/estherian.com\/tr\/#\/schema\/person\/0b1452799c3700afbfcfd3a0f5e64732","name":"ferhatk","image":{"@type":"ImageObject","inLanguage":"tr","@id":"https:\/\/secure.gravatar.com\/avatar\/5192156a410fa37c70ea8d4f0d01782533c470a75971ae114e5cd116be51ca05?s=96&d=mm&r=g","url":"https:\/\/secure.gravatar.com\/avatar\/5192156a410fa37c70ea8d4f0d01782533c470a75971ae114e5cd116be51ca05?s=96&d=mm&r=g","contentUrl":"https:\/\/secure.gravatar.com\/avatar\/5192156a410fa37c70ea8d4f0d01782533c470a75971ae114e5cd116be51ca05?s=96&d=mm&r=g","caption":"ferhatk"},"sameAs":["https:\/\/v2.estherian.com"]}]}},"_links":{"self":[{"href":"https:\/\/estherian.com\/tr\/wp-json\/wp\/v2\/pages\/22401","targetHints":{"allow":["GET"]}}],"collection":[{"href":"https:\/\/estherian.com\/tr\/wp-json\/wp\/v2\/pages"}],"about":[{"href":"https:\/\/estherian.com\/tr\/wp-json\/wp\/v2\/types\/page"}],"author":[{"embeddable":true,"href":"https:\/\/estherian.com\/tr\/wp-json\/wp\/v2\/users\/1"}],"replies":[{"embeddable":true,"href":"https:\/\/estherian.com\/tr\/wp-json\/wp\/v2\/comments?post=22401"}],"version-history":[{"count":0,"href":"https:\/\/estherian.com\/tr\/wp-json\/wp\/v2\/pages\/22401\/revisions"}],"wp:featuredmedia":[{"embeddable":true,"href":"https:\/\/estherian.com\/tr\/wp-json\/wp\/v2\/media\/26614"}],"wp:attachment":[{"href":"https:\/\/estherian.com\/tr\/wp-json\/wp\/v2\/media?parent=22401"}],"curies":[{"name":"wp","href":"https:\/\/api.w.org\/{rel}","templated":true}]}}