{"id":24096,"date":"2024-12-09T14:00:49","date_gmt":"2024-12-09T11:00:49","guid":{"rendered":"https:\/\/estherian.com\/?page_id=24096"},"modified":"2024-12-09T14:33:37","modified_gmt":"2024-12-09T14:33:37","slug":"revizyon-meme-ameliyati","status":"publish","type":"page","link":"https:\/\/estherian.com\/tr\/revizyon-meme-ameliyati\/","title":{"rendered":"Revizyon Meme Ameliyat\u0131"},"content":{"rendered":"\n<p><strong>G\u00f6\u011f\u00fcs b\u00fcy\u00fctme<\/strong>, etkileyici bir d\u00f6n\u00fc\u015f\u00fcm sunar ancak bazen ilk sonu\u00e7lar beklentileri kar\u015f\u0131lamayabilir veya komplikasyonlar ortaya \u00e7\u0131kabilir. Ki\u015fisel tercihler ya da beklenmedik sorunlar nedeniyle, bir <strong>revizyon g\u00f6\u011f\u00fcs b\u00fcy\u00fctme<\/strong> i\u015flemi hayalinizdeki sonu\u00e7lara ula\u015fman\u0131za yard\u0131mc\u0131 olabilir. T\u00fcrkiye\u2019de <strong>Estherian Clinic<\/strong>, uzmanl\u0131k, geli\u015fmi\u015f teknikler ve uygun fiyatlarla g\u00fcvenilir bir adres haline gelmi\u015ftir.<\/p>\n\n\n\n<h2 class=\"wp-block-heading\"><strong>Revizyon G\u00f6\u011f\u00fcs B\u00fcy\u00fctme Nedir?<\/strong><\/h2>\n\n\n\n<p><strong>Revizyon g\u00f6\u011f\u00fcs b\u00fcy\u00fctme<\/strong>, \u00f6nceki bir g\u00f6\u011f\u00fcs ameliyat\u0131n\u0131n sonu\u00e7lar\u0131n\u0131 iyile\u015ftirmek veya d\u00fczeltmek i\u00e7in uygulanan cerrahi bir i\u015flemdir. Yayg\u0131n nedenler \u015funlard\u0131r:<\/p>\n\n\n\n<ul class=\"wp-block-list\">\n<li><strong>\u0130mplant Sorunlar\u0131:<\/strong> \u0130mplantlar\u0131n y\u0131rt\u0131lmas\u0131, s\u00f6nmesi veya dalgalanmas\u0131.<\/li>\n\n\n\n<li><strong>Estetik Sorunlar:<\/strong> Boyut, \u015fekil veya simetri ile ilgili memnuniyetsizlik.<\/li>\n\n\n\n<li><strong>Kaps\u00fcl Kontrakt\u00fcr\u00fc:<\/strong> \u0130mplant \u00e7evresindeki skar dokusunun sertle\u015fmesi.<\/li>\n\n\n\n<li><strong>\u0130mplant Kaymas\u0131:<\/strong> \u0130mplantlar\u0131n hareket etmesi veya hizas\u0131zl\u0131k.<\/li>\n\n\n\n<li><strong>Ya\u015flanma Etkileri:<\/strong> Zamanla g\u00f6\u011f\u00fcslerdeki do\u011fal de\u011fi\u015fiklikler.<\/li>\n<\/ul>\n\n\n\n<h2 class=\"wp-block-heading\"><strong>Neden T\u00fcrkiye\u2019yi Se\u00e7melisiniz?<\/strong><\/h2>\n\n\n\n<p>T\u00fcrkiye, <strong>sa\u011fl\u0131k turizmi<\/strong> a\u00e7\u0131s\u0131ndan lider bir merkez haline gelmi\u015ftir.<\/p>\n\n\n\n<ul class=\"wp-block-list\">\n<li><strong>Uygun Fiyatlar:<\/strong> Kaliteden \u00f6d\u00fcn vermeden uygun maliyet.<\/li>\n\n\n\n<li><strong>Uzman Cerrahlar:<\/strong> Estetik cerrahide tan\u0131nm\u0131\u015f uzmanl\u0131k.<\/li>\n\n\n\n<li><strong>Modern Tesisler:<\/strong> En son teknoloji ile donat\u0131lm\u0131\u015f.<\/li>\n\n\n\n<li><strong>Her \u015eey Dahil Paketler:<\/strong> Ameliyat, konaklama, ula\u015f\u0131m ve sonras\u0131 bak\u0131m.<\/li>\n<\/ul>\n\n\n\n<h2 class=\"wp-block-heading\"><strong>Estherian Clinic\u2019i Neden Se\u00e7melisiniz?<\/strong><\/h2>\n\n\n\n<p><strong>Estherian Clinic<\/strong> olarak, revizyon g\u00f6\u011f\u00fcs b\u00fcy\u00fctmenin duygusal ve fiziksel etkilerini anl\u0131yoruz:<\/p>\n\n\n\n<ul class=\"wp-block-list\">\n<li><strong>Deneyimli Cerrahlar:<\/strong> Revizyon ameliyatlar\u0131nda uzman.<\/li>\n\n\n\n<li><strong>Kapsaml\u0131 Dan\u0131\u015fmanl\u0131k:<\/strong> Ki\u015fiselle\u015ftirilmi\u015f cerrahi planlar.<\/li>\n\n\n\n<li><strong>\u0130leri Teknikler:<\/strong> \u0130mplant de\u011fi\u015fimi, ya\u011f transferi ve daha fazlas\u0131.<\/li>\n\n\n\n<li><strong>Hasta Odakl\u0131 Bak\u0131m:<\/strong> \u00d6zel transferler, l\u00fcks konaklama, 7\/24 destek.<\/li>\n<\/ul>\n\n\n\n<p><\/p>\n","protected":false},"excerpt":{"rendered":"<p>G\u00f6\u011f\u00fcs b\u00fcy\u00fctme, etkileyici bir d\u00f6n\u00fc\u015f\u00fcm sunar ancak bazen ilk sonu\u00e7lar beklentileri kar\u015f\u0131lamayabilir veya komplikasyonlar ortaya \u00e7\u0131kabilir. Ki\u015fisel tercihler ya da beklenmedik sorunlar nedeniyle, bir revizyon g\u00f6\u011f\u00fcs b\u00fcy\u00fctme i\u015flemi hayalinizdeki sonu\u00e7lara ula\u015fman\u0131za yard\u0131mc\u0131 olabilir. T\u00fcrkiye\u2019de Estherian Clinic, uzmanl\u0131k, geli\u015fmi\u015f teknikler ve uygun fiyatlarla g\u00fcvenilir bir adres haline gelmi\u015ftir. Revizyon G\u00f6\u011f\u00fcs B\u00fcy\u00fctme Nedir? Revizyon g\u00f6\u011f\u00fcs b\u00fcy\u00fctme, \u00f6nceki&hellip;<\/p>\n","protected":false},"author":1,"featured_media":24105,"parent":0,"menu_order":0,"comment_status":"closed","ping_status":"closed","template":"","meta":{"footnotes":""},"class_list":["post-24096","page","type-page","status-publish","has-post-thumbnail","hentry","description-off"],"yoast_head":"<!-- This site is optimized with the Yoast SEO Premium plugin v27.3 (Yoast SEO v27.3) - https:\/\/yoast.com\/product\/yoast-seo-premium-wordpress\/ -->\n<title>Revizyon Meme Ameliyat\u0131 | Estherian Clinic<\/title>\n<meta name=\"description\" content=\"T\u00fcrkiye\u2019de revizyon g\u00f6\u011f\u00fcs b\u00fcy\u00fctme mi ar\u0131yorsunuz? Estherian Clinic, uzman cerrahlar, ileri teknikler ve uygun fiyatlarla m\u00fckemmel sonu\u00e7lar sunuyor.\" \/>\n<meta name=\"robots\" content=\"index, follow, max-snippet:-1, max-image-preview:large, max-video-preview:-1\" \/>\n<link rel=\"canonical\" href=\"https:\/\/estherian.com\/tr\/revizyon-meme-ameliyati\/\" \/>\n<meta property=\"og:locale\" content=\"tr_TR\" \/>\n<meta property=\"og:type\" content=\"article\" \/>\n<meta property=\"og:title\" content=\"Revizyon Meme Ameliyat\u0131\" \/>\n<meta property=\"og:description\" content=\"Looks better with Estherian Clinic. Plastic Surgery, Dental treatments and more beautiful services!\" \/>\n<meta property=\"og:url\" content=\"https:\/\/estherian.com\/tr\/revizyon-meme-ameliyati\/\" \/>\n<meta property=\"og:site_name\" content=\"Estherian Clinic\" \/>\n<meta property=\"article:publisher\" content=\"https:\/\/www.facebook.com\/estherianclinic.en\" \/>\n<meta property=\"article:modified_time\" content=\"2024-12-09T14:33:37+00:00\" \/>\n<meta property=\"og:image\" content=\"https:\/\/estherian.com\/wp-content\/uploads\/revision_breast_augmentation_1920x1080.jpg\" \/>\n\t<meta property=\"og:image:width\" content=\"1920\" \/>\n\t<meta property=\"og:image:height\" content=\"1080\" \/>\n\t<meta property=\"og:image:type\" content=\"image\/jpeg\" \/>\n<meta name=\"twitter:card\" content=\"summary_large_image\" \/>\n<meta name=\"twitter:site\" content=\"@EstherianTr\" \/>\n<meta name=\"twitter:label1\" content=\"Tahmini okuma s\u00fcresi\" \/>\n\t<meta name=\"twitter:data1\" content=\"2 dakika\" \/>\n<script type=\"application\/ld+json\" class=\"yoast-schema-graph\">{\"@context\":\"https:\\\/\\\/schema.org\",\"@graph\":[{\"@type\":\"Article\",\"@id\":\"https:\\\/\\\/estherian.com\\\/tr\\\/revizyon-meme-ameliyati\\\/#article\",\"isPartOf\":{\"@id\":\"https:\\\/\\\/estherian.com\\\/tr\\\/revizyon-meme-ameliyati\\\/\"},\"author\":{\"name\":\"ferhatk\",\"@id\":\"https:\\\/\\\/estherian.com\\\/tr\\\/#\\\/schema\\\/person\\\/0b1452799c3700afbfcfd3a0f5e64732\"},\"headline\":\"Revizyon Meme Ameliyat\u0131\",\"datePublished\":\"2024-12-09T11:00:49+00:00\",\"dateModified\":\"2024-12-09T14:33:37+00:00\",\"mainEntityOfPage\":{\"@id\":\"https:\\\/\\\/estherian.com\\\/tr\\\/revizyon-meme-ameliyati\\\/\"},\"wordCount\":277,\"publisher\":{\"@id\":\"https:\\\/\\\/estherian.com\\\/tr\\\/#organization\"},\"image\":{\"@id\":\"https:\\\/\\\/estherian.com\\\/tr\\\/revizyon-meme-ameliyati\\\/#primaryimage\"},\"thumbnailUrl\":\"https:\\\/\\\/estherian.com\\\/wp-content\\\/uploads\\\/revision_breast_augmentation_1920x1080.jpg\",\"inLanguage\":\"tr\"},{\"@type\":\"WebPage\",\"@id\":\"https:\\\/\\\/estherian.com\\\/tr\\\/revizyon-meme-ameliyati\\\/\",\"url\":\"https:\\\/\\\/estherian.com\\\/tr\\\/revizyon-meme-ameliyati\\\/\",\"name\":\"Revizyon Meme Ameliyat\u0131 | Estherian Clinic\",\"isPartOf\":{\"@id\":\"https:\\\/\\\/estherian.com\\\/tr\\\/#website\"},\"primaryImageOfPage\":{\"@id\":\"https:\\\/\\\/estherian.com\\\/tr\\\/revizyon-meme-ameliyati\\\/#primaryimage\"},\"image\":{\"@id\":\"https:\\\/\\\/estherian.com\\\/tr\\\/revizyon-meme-ameliyati\\\/#primaryimage\"},\"thumbnailUrl\":\"https:\\\/\\\/estherian.com\\\/wp-content\\\/uploads\\\/revision_breast_augmentation_1920x1080.jpg\",\"datePublished\":\"2024-12-09T11:00:49+00:00\",\"dateModified\":\"2024-12-09T14:33:37+00:00\",\"description\":\"T\u00fcrkiye\u2019de revizyon g\u00f6\u011f\u00fcs b\u00fcy\u00fctme mi ar\u0131yorsunuz? Estherian Clinic, uzman cerrahlar, ileri teknikler ve uygun fiyatlarla m\u00fckemmel sonu\u00e7lar sunuyor.\",\"breadcrumb\":{\"@id\":\"https:\\\/\\\/estherian.com\\\/tr\\\/revizyon-meme-ameliyati\\\/#breadcrumb\"},\"inLanguage\":\"tr\",\"potentialAction\":[{\"@type\":\"ReadAction\",\"target\":[\"https:\\\/\\\/estherian.com\\\/tr\\\/revizyon-meme-ameliyati\\\/\"]}]},{\"@type\":\"ImageObject\",\"inLanguage\":\"tr\",\"@id\":\"https:\\\/\\\/estherian.com\\\/tr\\\/revizyon-meme-ameliyati\\\/#primaryimage\",\"url\":\"https:\\\/\\\/estherian.com\\\/wp-content\\\/uploads\\\/revision_breast_augmentation_1920x1080.jpg\",\"contentUrl\":\"https:\\\/\\\/estherian.com\\\/wp-content\\\/uploads\\\/revision_breast_augmentation_1920x1080.jpg\",\"width\":1920,\"height\":1080},{\"@type\":\"BreadcrumbList\",\"@id\":\"https:\\\/\\\/estherian.com\\\/tr\\\/revizyon-meme-ameliyati\\\/#breadcrumb\",\"itemListElement\":[{\"@type\":\"ListItem\",\"position\":1,\"name\":\"Home\",\"item\":\"https:\\\/\\\/estherian.com\\\/tr\\\/\"},{\"@type\":\"ListItem\",\"position\":2,\"name\":\"Revizyon Meme Ameliyat\u0131\"}]},{\"@type\":\"WebSite\",\"@id\":\"https:\\\/\\\/estherian.com\\\/tr\\\/#website\",\"url\":\"https:\\\/\\\/estherian.com\\\/tr\\\/\",\"name\":\"Estherian Clinic\",\"description\":\"Plastic Surgery | Dental | Hair Transplant in Turkey\",\"publisher\":{\"@id\":\"https:\\\/\\\/estherian.com\\\/tr\\\/#organization\"},\"potentialAction\":[{\"@type\":\"SearchAction\",\"target\":{\"@type\":\"EntryPoint\",\"urlTemplate\":\"https:\\\/\\\/estherian.com\\\/tr\\\/?s={search_term_string}\"},\"query-input\":{\"@type\":\"PropertyValueSpecification\",\"valueRequired\":true,\"valueName\":\"search_term_string\"}}],\"inLanguage\":\"tr\"},{\"@type\":\"Organization\",\"@id\":\"https:\\\/\\\/estherian.com\\\/tr\\\/#organization\",\"name\":\"Estherian Clinic\",\"alternateName\":\"Estherian\",\"url\":\"https:\\\/\\\/estherian.com\\\/tr\\\/\",\"logo\":{\"@type\":\"ImageObject\",\"inLanguage\":\"tr\",\"@id\":\"https:\\\/\\\/estherian.com\\\/tr\\\/#\\\/schema\\\/logo\\\/image\\\/\",\"url\":\"https:\\\/\\\/estherian.com\\\/wp-content\\\/uploads\\\/2024\\\/10\\\/EstherianLogo.png\",\"contentUrl\":\"https:\\\/\\\/estherian.com\\\/wp-content\\\/uploads\\\/2024\\\/10\\\/EstherianLogo.png\",\"width\":882,\"height\":934,\"caption\":\"Estherian Clinic\"},\"image\":{\"@id\":\"https:\\\/\\\/estherian.com\\\/tr\\\/#\\\/schema\\\/logo\\\/image\\\/\"},\"sameAs\":[\"https:\\\/\\\/www.facebook.com\\\/estherianclinic.en\",\"https:\\\/\\\/x.com\\\/EstherianTr\",\"https:\\\/\\\/www.instagram.com\\\/estherianclinic\\\/\",\"https:\\\/\\\/www.tiktok.com\\\/@estherian.clinic\",\"https:\\\/\\\/www.youtube.com\\\/estherianclinic\"],\"email\":\"hi@estherian.com\",\"telephone\":\"+90-544-169-9000\",\"legalName\":\"ESTHERIAN CLINIC SA\u011eLIK H\u0130ZMETLER\u0130 SAN. T\u0130C. LTD. \u015eT\u0130.\",\"foundingDate\":\"2020-03-09\",\"vatID\":\"TR1601485625\",\"taxID\":\"1601485625\",\"numberOfEmployees\":{\"@type\":\"QuantitativeValue\",\"minValue\":\"51\",\"maxValue\":\"200\"},\"publishingPrinciples\":\"https:\\\/\\\/estherian.com\\\/tr\\\/sartlar-ve-kosullar\\\/\",\"actionableFeedbackPolicy\":\"https:\\\/\\\/estherian.com\\\/tr\\\/gizlilik-politikasi\\\/\",\"correctionsPolicy\":\"https:\\\/\\\/estherian.com\\\/tr\\\/gizlilik-politikasi\\\/\",\"ethicsPolicy\":\"https:\\\/\\\/estherian.com\\\/tr\\\/gizlilik-politikasi\\\/\",\"diversityPolicy\":\"https:\\\/\\\/estherian.com\\\/tr\\\/gizlilik-politikasi\\\/\",\"diversityStaffingReport\":\"https:\\\/\\\/estherian.com\\\/tr\\\/gizlilik-politikasi\\\/\"},{\"@type\":\"Person\",\"@id\":\"https:\\\/\\\/estherian.com\\\/tr\\\/#\\\/schema\\\/person\\\/0b1452799c3700afbfcfd3a0f5e64732\",\"name\":\"ferhatk\",\"image\":{\"@type\":\"ImageObject\",\"inLanguage\":\"tr\",\"@id\":\"https:\\\/\\\/secure.gravatar.com\\\/avatar\\\/5192156a410fa37c70ea8d4f0d01782533c470a75971ae114e5cd116be51ca05?s=96&d=mm&r=g\",\"url\":\"https:\\\/\\\/secure.gravatar.com\\\/avatar\\\/5192156a410fa37c70ea8d4f0d01782533c470a75971ae114e5cd116be51ca05?s=96&d=mm&r=g\",\"contentUrl\":\"https:\\\/\\\/secure.gravatar.com\\\/avatar\\\/5192156a410fa37c70ea8d4f0d01782533c470a75971ae114e5cd116be51ca05?s=96&d=mm&r=g\",\"caption\":\"ferhatk\"},\"sameAs\":[\"https:\\\/\\\/v2.estherian.com\"]}]}<\/script>\n<!-- \/ Yoast SEO Premium plugin. -->","yoast_head_json":{"title":"Revizyon Meme Ameliyat\u0131 | Estherian Clinic","description":"T\u00fcrkiye\u2019de revizyon g\u00f6\u011f\u00fcs b\u00fcy\u00fctme mi ar\u0131yorsunuz? Estherian Clinic, uzman cerrahlar, ileri teknikler ve uygun fiyatlarla m\u00fckemmel sonu\u00e7lar sunuyor.","robots":{"index":"index","follow":"follow","max-snippet":"max-snippet:-1","max-image-preview":"max-image-preview:large","max-video-preview":"max-video-preview:-1"},"canonical":"https:\/\/estherian.com\/tr\/revizyon-meme-ameliyati\/","og_locale":"tr_TR","og_type":"article","og_title":"Revizyon Meme Ameliyat\u0131","og_description":"Looks better with Estherian Clinic. Plastic Surgery, Dental treatments and more beautiful services!","og_url":"https:\/\/estherian.com\/tr\/revizyon-meme-ameliyati\/","og_site_name":"Estherian Clinic","article_publisher":"https:\/\/www.facebook.com\/estherianclinic.en","article_modified_time":"2024-12-09T14:33:37+00:00","og_image":[{"width":1920,"height":1080,"url":"https:\/\/estherian.com\/wp-content\/uploads\/revision_breast_augmentation_1920x1080.jpg","type":"image\/jpeg"}],"twitter_card":"summary_large_image","twitter_site":"@EstherianTr","twitter_misc":{"Tahmini okuma s\u00fcresi":"2 dakika"},"schema":{"@context":"https:\/\/schema.org","@graph":[{"@type":"Article","@id":"https:\/\/estherian.com\/tr\/revizyon-meme-ameliyati\/#article","isPartOf":{"@id":"https:\/\/estherian.com\/tr\/revizyon-meme-ameliyati\/"},"author":{"name":"ferhatk","@id":"https:\/\/estherian.com\/tr\/#\/schema\/person\/0b1452799c3700afbfcfd3a0f5e64732"},"headline":"Revizyon Meme Ameliyat\u0131","datePublished":"2024-12-09T11:00:49+00:00","dateModified":"2024-12-09T14:33:37+00:00","mainEntityOfPage":{"@id":"https:\/\/estherian.com\/tr\/revizyon-meme-ameliyati\/"},"wordCount":277,"publisher":{"@id":"https:\/\/estherian.com\/tr\/#organization"},"image":{"@id":"https:\/\/estherian.com\/tr\/revizyon-meme-ameliyati\/#primaryimage"},"thumbnailUrl":"https:\/\/estherian.com\/wp-content\/uploads\/revision_breast_augmentation_1920x1080.jpg","inLanguage":"tr"},{"@type":"WebPage","@id":"https:\/\/estherian.com\/tr\/revizyon-meme-ameliyati\/","url":"https:\/\/estherian.com\/tr\/revizyon-meme-ameliyati\/","name":"Revizyon Meme Ameliyat\u0131 | Estherian Clinic","isPartOf":{"@id":"https:\/\/estherian.com\/tr\/#website"},"primaryImageOfPage":{"@id":"https:\/\/estherian.com\/tr\/revizyon-meme-ameliyati\/#primaryimage"},"image":{"@id":"https:\/\/estherian.com\/tr\/revizyon-meme-ameliyati\/#primaryimage"},"thumbnailUrl":"https:\/\/estherian.com\/wp-content\/uploads\/revision_breast_augmentation_1920x1080.jpg","datePublished":"2024-12-09T11:00:49+00:00","dateModified":"2024-12-09T14:33:37+00:00","description":"T\u00fcrkiye\u2019de revizyon g\u00f6\u011f\u00fcs b\u00fcy\u00fctme mi ar\u0131yorsunuz? Estherian Clinic, uzman cerrahlar, ileri teknikler ve uygun fiyatlarla m\u00fckemmel sonu\u00e7lar sunuyor.","breadcrumb":{"@id":"https:\/\/estherian.com\/tr\/revizyon-meme-ameliyati\/#breadcrumb"},"inLanguage":"tr","potentialAction":[{"@type":"ReadAction","target":["https:\/\/estherian.com\/tr\/revizyon-meme-ameliyati\/"]}]},{"@type":"ImageObject","inLanguage":"tr","@id":"https:\/\/estherian.com\/tr\/revizyon-meme-ameliyati\/#primaryimage","url":"https:\/\/estherian.com\/wp-content\/uploads\/revision_breast_augmentation_1920x1080.jpg","contentUrl":"https:\/\/estherian.com\/wp-content\/uploads\/revision_breast_augmentation_1920x1080.jpg","width":1920,"height":1080},{"@type":"BreadcrumbList","@id":"https:\/\/estherian.com\/tr\/revizyon-meme-ameliyati\/#breadcrumb","itemListElement":[{"@type":"ListItem","position":1,"name":"Home","item":"https:\/\/estherian.com\/tr\/"},{"@type":"ListItem","position":2,"name":"Revizyon Meme Ameliyat\u0131"}]},{"@type":"WebSite","@id":"https:\/\/estherian.com\/tr\/#website","url":"https:\/\/estherian.com\/tr\/","name":"Estherian Clinic","description":"Plastic Surgery | Dental | Hair Transplant in Turkey","publisher":{"@id":"https:\/\/estherian.com\/tr\/#organization"},"potentialAction":[{"@type":"SearchAction","target":{"@type":"EntryPoint","urlTemplate":"https:\/\/estherian.com\/tr\/?s={search_term_string}"},"query-input":{"@type":"PropertyValueSpecification","valueRequired":true,"valueName":"search_term_string"}}],"inLanguage":"tr"},{"@type":"Organization","@id":"https:\/\/estherian.com\/tr\/#organization","name":"Estherian Clinic","alternateName":"Estherian","url":"https:\/\/estherian.com\/tr\/","logo":{"@type":"ImageObject","inLanguage":"tr","@id":"https:\/\/estherian.com\/tr\/#\/schema\/logo\/image\/","url":"https:\/\/estherian.com\/wp-content\/uploads\/2024\/10\/EstherianLogo.png","contentUrl":"https:\/\/estherian.com\/wp-content\/uploads\/2024\/10\/EstherianLogo.png","width":882,"height":934,"caption":"Estherian Clinic"},"image":{"@id":"https:\/\/estherian.com\/tr\/#\/schema\/logo\/image\/"},"sameAs":["https:\/\/www.facebook.com\/estherianclinic.en","https:\/\/x.com\/EstherianTr","https:\/\/www.instagram.com\/estherianclinic\/","https:\/\/www.tiktok.com\/@estherian.clinic","https:\/\/www.youtube.com\/estherianclinic"],"email":"hi@estherian.com","telephone":"+90-544-169-9000","legalName":"ESTHERIAN CLINIC SA\u011eLIK H\u0130ZMETLER\u0130 SAN. T\u0130C. LTD. \u015eT\u0130.","foundingDate":"2020-03-09","vatID":"TR1601485625","taxID":"1601485625","numberOfEmployees":{"@type":"QuantitativeValue","minValue":"51","maxValue":"200"},"publishingPrinciples":"https:\/\/estherian.com\/tr\/sartlar-ve-kosullar\/","actionableFeedbackPolicy":"https:\/\/estherian.com\/tr\/gizlilik-politikasi\/","correctionsPolicy":"https:\/\/estherian.com\/tr\/gizlilik-politikasi\/","ethicsPolicy":"https:\/\/estherian.com\/tr\/gizlilik-politikasi\/","diversityPolicy":"https:\/\/estherian.com\/tr\/gizlilik-politikasi\/","diversityStaffingReport":"https:\/\/estherian.com\/tr\/gizlilik-politikasi\/"},{"@type":"Person","@id":"https:\/\/estherian.com\/tr\/#\/schema\/person\/0b1452799c3700afbfcfd3a0f5e64732","name":"ferhatk","image":{"@type":"ImageObject","inLanguage":"tr","@id":"https:\/\/secure.gravatar.com\/avatar\/5192156a410fa37c70ea8d4f0d01782533c470a75971ae114e5cd116be51ca05?s=96&d=mm&r=g","url":"https:\/\/secure.gravatar.com\/avatar\/5192156a410fa37c70ea8d4f0d01782533c470a75971ae114e5cd116be51ca05?s=96&d=mm&r=g","contentUrl":"https:\/\/secure.gravatar.com\/avatar\/5192156a410fa37c70ea8d4f0d01782533c470a75971ae114e5cd116be51ca05?s=96&d=mm&r=g","caption":"ferhatk"},"sameAs":["https:\/\/v2.estherian.com"]}]}},"_links":{"self":[{"href":"https:\/\/estherian.com\/tr\/wp-json\/wp\/v2\/pages\/24096","targetHints":{"allow":["GET"]}}],"collection":[{"href":"https:\/\/estherian.com\/tr\/wp-json\/wp\/v2\/pages"}],"about":[{"href":"https:\/\/estherian.com\/tr\/wp-json\/wp\/v2\/types\/page"}],"author":[{"embeddable":true,"href":"https:\/\/estherian.com\/tr\/wp-json\/wp\/v2\/users\/1"}],"replies":[{"embeddable":true,"href":"https:\/\/estherian.com\/tr\/wp-json\/wp\/v2\/comments?post=24096"}],"version-history":[{"count":0,"href":"https:\/\/estherian.com\/tr\/wp-json\/wp\/v2\/pages\/24096\/revisions"}],"wp:featuredmedia":[{"embeddable":true,"href":"https:\/\/estherian.com\/tr\/wp-json\/wp\/v2\/media\/24105"}],"wp:attachment":[{"href":"https:\/\/estherian.com\/tr\/wp-json\/wp\/v2\/media?parent=24096"}],"curies":[{"name":"wp","href":"https:\/\/api.w.org\/{rel}","templated":true}]}}